{"id":9863,"date":"2019-10-18T08:55:17","date_gmt":"2019-10-18T07:55:17","guid":{"rendered":"https:\/\/sunnyshop211.com\/?post_type=product&#038;p=9863"},"modified":"2026-01-03T22:18:04","modified_gmt":"2026-01-03T21:18:04","slug":"barre-danse-miniature1-8-bjd-pukifee-lati-yellow","status":"publish","type":"product","link":"https:\/\/www.sunnyshop211.com\/en\/product\/barre-danse-miniature1-8-bjd-pukifee-lati-yellow\/","title":{"rendered":"Miniature dance bar 1\/8 bjd pukifee, lati yellow"},"content":{"rendered":"<div id='gallery-1' class='gallery galleryid-9863 gallery-columns-3 gallery-size-thumbnail'><figure class='gallery-item'>\n\t\t\t<div class='gallery-icon landscape'>\n\t\t\t\t<a href='https:\/\/www.sunnyshop211.com\/en\/?attachment_id=9777'><img decoding=\"async\" width=\"150\" height=\"150\" src=\"https:\/\/www.sunnyshop211.com\/wp-content\/uploads\/2019\/10\/20191010_091441-150x150.jpg\" class=\"attachment-thumbnail size-thumbnail\" alt=\"Barre danse miniature 1\/8\" srcset=\"https:\/\/www.sunnyshop211.com\/wp-content\/uploads\/2019\/10\/20191010_091441-150x150.jpg 150w, https:\/\/www.sunnyshop211.com\/wp-content\/uploads\/2019\/10\/20191010_091441-scaled-500x500.jpg 500w, https:\/\/www.sunnyshop211.com\/wp-content\/uploads\/2019\/10\/20191010_091441-100x100.jpg 100w\" sizes=\"(max-width: 150px) 100vw, 150px\" \/><\/a>\n\t\t\t<\/div><\/figure><figure class='gallery-item'>\n\t\t\t<div class='gallery-icon portrait'>\n\t\t\t\t<a href='https:\/\/www.sunnyshop211.com\/en\/?attachment_id=9779'><img decoding=\"async\" width=\"150\" height=\"150\" src=\"https:\/\/www.sunnyshop211.com\/wp-content\/uploads\/2019\/10\/20191010_091421-150x150.jpg\" class=\"attachment-thumbnail size-thumbnail\" alt=\"\" srcset=\"https:\/\/www.sunnyshop211.com\/wp-content\/uploads\/2019\/10\/20191010_091421-150x150.jpg 150w, https:\/\/www.sunnyshop211.com\/wp-content\/uploads\/2019\/10\/20191010_091421-500x500.jpg 500w, https:\/\/www.sunnyshop211.com\/wp-content\/uploads\/2019\/10\/20191010_091421-100x100.jpg 100w\" sizes=\"(max-width: 150px) 100vw, 150px\" \/><\/a>\n\t\t\t<\/div><\/figure><figure class='gallery-item'>\n\t\t\t<div class='gallery-icon landscape'>\n\t\t\t\t<a href='https:\/\/www.sunnyshop211.com\/en\/?attachment_id=9775'><img decoding=\"async\" width=\"150\" height=\"150\" src=\"https:\/\/www.sunnyshop211.com\/wp-content\/uploads\/2019\/10\/20191010_091450-150x150.jpg\" class=\"attachment-thumbnail size-thumbnail\" alt=\"Barre danse miniature 1\/8\" srcset=\"https:\/\/www.sunnyshop211.com\/wp-content\/uploads\/2019\/10\/20191010_091450-150x150.jpg 150w, https:\/\/www.sunnyshop211.com\/wp-content\/uploads\/2019\/10\/20191010_091450-scaled-500x500.jpg 500w, https:\/\/www.sunnyshop211.com\/wp-content\/uploads\/2019\/10\/20191010_091450-100x100.jpg 100w\" sizes=\"(max-width: 150px) 100vw, 150px\" \/><\/a>\n\t\t\t<\/div><\/figure><figure class='gallery-item'>\n\t\t\t<div class='gallery-icon landscape'>\n\t\t\t\t<a href='https:\/\/www.sunnyshop211.com\/en\/?attachment_id=9773'><img loading=\"lazy\" decoding=\"async\" width=\"150\" height=\"150\" src=\"https:\/\/www.sunnyshop211.com\/wp-content\/uploads\/2019\/10\/20191010_091458-150x150.jpg\" class=\"attachment-thumbnail size-thumbnail\" alt=\"\" srcset=\"https:\/\/www.sunnyshop211.com\/wp-content\/uploads\/2019\/10\/20191010_091458-150x150.jpg 150w, https:\/\/www.sunnyshop211.com\/wp-content\/uploads\/2019\/10\/20191010_091458-scaled-500x500.jpg 500w, https:\/\/www.sunnyshop211.com\/wp-content\/uploads\/2019\/10\/20191010_091458-100x100.jpg 100w\" sizes=\"(max-width: 150px) 100vw, 150px\" \/><\/a>\n\t\t\t<\/div><\/figure><figure class='gallery-item'>\n\t\t\t<div class='gallery-icon portrait'>\n\t\t\t\t<a href='https:\/\/www.sunnyshop211.com\/en\/?attachment_id=9765'><img loading=\"lazy\" decoding=\"async\" width=\"150\" height=\"150\" src=\"https:\/\/www.sunnyshop211.com\/wp-content\/uploads\/2019\/10\/20191010_091506-150x150.jpg\" class=\"attachment-thumbnail size-thumbnail\" alt=\"Barre danse miniature 1\/8\" srcset=\"https:\/\/www.sunnyshop211.com\/wp-content\/uploads\/2019\/10\/20191010_091506-150x150.jpg 150w, https:\/\/www.sunnyshop211.com\/wp-content\/uploads\/2019\/10\/20191010_091506-scaled-500x500.jpg 500w, https:\/\/www.sunnyshop211.com\/wp-content\/uploads\/2019\/10\/20191010_091506-100x100.jpg 100w\" sizes=\"(max-width: 150px) 100vw, 150px\" \/><\/a>\n\t\t\t<\/div><\/figure><figure class='gallery-item'>\n\t\t\t<div class='gallery-icon portrait'>\n\t\t\t\t<a href='https:\/\/www.sunnyshop211.com\/en\/?attachment_id=9757'><img loading=\"lazy\" decoding=\"async\" width=\"150\" height=\"150\" src=\"https:\/\/www.sunnyshop211.com\/wp-content\/uploads\/2019\/10\/20191010_091524-150x150.jpg\" class=\"attachment-thumbnail size-thumbnail\" alt=\"Barre danse miniature 1\/8\" srcset=\"https:\/\/www.sunnyshop211.com\/wp-content\/uploads\/2019\/10\/20191010_091524-150x150.jpg 150w, https:\/\/www.sunnyshop211.com\/wp-content\/uploads\/2019\/10\/20191010_091524-scaled-500x500.jpg 500w, https:\/\/www.sunnyshop211.com\/wp-content\/uploads\/2019\/10\/20191010_091524-100x100.jpg 100w\" sizes=\"(max-width: 150px) 100vw, 150px\" \/><\/a>\n\t\t\t<\/div><\/figure>\n\t\t<\/div>\n\n<h2 data-start=\"167\" data-end=\"238\">Miniature dance bar 1\/8 - diorama - bjd - pukifee - lati yellow<\/h2>\n<p data-start=\"240\" data-end=\"260\">\u2500\u2500\u2500\u2500\u2500\u2500\u2500\u2500\u2500\u2500\u2500\u2500\u2500\u2500\u2500\u2500\u2500\u2500\u2500\u2500<\/p>\n<p data-start=\"262\" data-end=\"279\">\u2728 <strong data-start=\"264\" data-end=\"279\">Description<\/strong><\/p>\n<p data-start=\"281\" data-end=\"564\">This miniature dance bar <strong data-start=\"312\" data-end=\"319\">1\/8<\/strong> is ideal for creating elegant, artistic scenes in your dioramas.<br data-start=\"396\" data-end=\"399\" \/>Perfect for representing a <strong data-start=\"428\" data-end=\"447\">dance studio<\/strong>, Whether for a training corner or a creative scene, it adds a realistic and original touch to your miniature worlds.<\/p>\n<p data-start=\"566\" data-end=\"628\">A unique accessory to enhance your staging <strong data-start=\"620\" data-end=\"627\">1\/8<\/strong>.<\/p>\n<p data-start=\"630\" data-end=\"650\">\u2500\u2500\u2500\u2500\u2500\u2500\u2500\u2500\u2500\u2500\u2500\u2500\u2500\u2500\u2500\u2500\u2500\u2500\u2500\u2500<\/p>\n<p data-start=\"652\" data-end=\"672\">\ud83e\uddf8 <strong data-start=\"655\" data-end=\"672\">Compatibility<\/strong><\/p>\n<p data-start=\"674\" data-end=\"724\">Suitable for dolls and miniature worlds <strong data-start=\"715\" data-end=\"722\">1\/8<\/strong> :<\/p>\n<p data-start=\"726\" data-end=\"792\">- Pukifee<br data-start=\"735\" data-end=\"738\" \/>- Lati Yellow<br data-start=\"751\" data-end=\"754\" \/>- Other dolls of equivalent size<\/p>\n<p data-start=\"794\" data-end=\"889\">Compatible with furniture and accessories sold separately in the store <strong data-start=\"872\" data-end=\"888\">sunnyshop211<\/strong>.<\/p>\n<p data-start=\"891\" data-end=\"911\">\u2500\u2500\u2500\u2500\u2500\u2500\u2500\u2500\u2500\u2500\u2500\u2500\u2500\u2500\u2500\u2500\u2500\u2500\u2500\u2500<\/p>\n<p data-start=\"913\" data-end=\"936\">\ud83e\ude70 <strong data-start=\"916\" data-end=\"936\">Features<\/strong><\/p>\n<p data-start=\"938\" data-end=\"1098\">- Miniature dance bar <strong data-start=\"965\" data-end=\"972\">1\/8<\/strong><br data-start=\"972\" data-end=\"975\" \/>- Sold <strong data-start=\"984\" data-end=\"1003\">in kit form<\/strong><br data-start=\"1003\" data-end=\"1006\" \/>- Simple, lightweight structure<br data-start=\"1034\" data-end=\"1037\" \/>- Ideal for customizing or painting as you wish<\/p>\n<p data-start=\"1100\" data-end=\"1167\">\ud83d\udc49 It's up to you to modulate and integrate this accessory into your d\u00e9cor.<\/p>\n<p data-start=\"1169\" data-end=\"1189\">\u2500\u2500\u2500\u2500\u2500\u2500\u2500\u2500\u2500\u2500\u2500\u2500\u2500\u2500\u2500\u2500\u2500\u2500\u2500\u2500<\/p>\n<p data-start=\"1191\" data-end=\"1208\">\ud83d\udccf <strong data-start=\"1194\" data-end=\"1208\">Dimensions<\/strong><\/p>\n<p data-start=\"1210\" data-end=\"1283\">- Width : <strong data-start=\"1222\" data-end=\"1230\">8 cm<\/strong><br data-start=\"1230\" data-end=\"1233\" \/>- Overall height : <strong data-start=\"1252\" data-end=\"1260\">8 cm<\/strong><br data-start=\"1260\" data-end=\"1263\" \/>(3.14 x 3.14 inches)<\/p>\n<p data-start=\"1285\" data-end=\"1305\">\u2500\u2500\u2500\u2500\u2500\u2500\u2500\u2500\u2500\u2500\u2500\u2500\u2500\u2500\u2500\u2500\u2500\u2500\u2500\u2500<\/p>\n<p data-start=\"1307\" data-end=\"1341\">\ud83c\udfac <strong data-start=\"1310\" data-end=\"1341\">Use &amp; staging<\/strong><\/p>\n<p data-start=\"1343\" data-end=\"1356\">Ideal for :<\/p>\n<p data-start=\"1358\" data-end=\"1491\">- miniature dance studios<br data-start=\"1387\" data-end=\"1390\" \/>- artistic dioramas<br data-start=\"1412\" data-end=\"1415\" \/>- training or rehearsal scenes<br data-start=\"1455\" data-end=\"1458\" \/>- creative and realistic worlds<\/p>\n<p data-start=\"1493\" data-end=\"1630\">The decorative elements shown in the photos are <strong data-start=\"1546\" data-end=\"1567\">sold separately<\/strong>.<br data-start=\"1568\" data-end=\"1571\" \/>Only the <strong data-start=\"1580\" data-end=\"1598\">dance bar<\/strong> is included in this ad.<\/p>\n<p data-start=\"1632\" data-end=\"1652\">\u2500\u2500\u2500\u2500\u2500\u2500\u2500\u2500\u2500\u2500\u2500\u2500\u2500\u2500\u2500\u2500\u2500\u2500\u2500\u2500<\/p>\n<h3 data-start=\"1654\" data-end=\"1684\">\ud83d\udd90\ufe0f <strong data-start=\"1658\" data-end=\"1684\">Handcrafted products<\/strong><\/h3>\n<p data-start=\"1686\" data-end=\"1735\">- Handmade accessories<br data-start=\"1708\" data-end=\"1711\" \/>- Made to order<\/p>\n<p data-start=\"1737\" data-end=\"1891\">Because of its artisanal character :<br data-start=\"1771\" data-end=\"1774\" \/>- slight variations in shape or color may occur<br data-start=\"1839\" data-end=\"1842\" \/>- some minor imperfections are possible<\/p>\n<p data-start=\"1893\" data-end=\"1917\">Each piece is unique.<\/p>\n<p data-start=\"1919\" data-end=\"1939\">\u2500\u2500\u2500\u2500\u2500\u2500\u2500\u2500\u2500\u2500\u2500\u2500\u2500\u2500\u2500\u2500\u2500\u2500\u2500\u2500<\/p>\n<p data-start=\"1941\" data-end=\"1972\">\ud83d\udce6 <strong data-start=\"1944\" data-end=\"1972\">Important information<\/strong><\/p>\n<p data-start=\"1974\" data-end=\"2238\">- Article made to order<br data-start=\"2004\" data-end=\"2007\" \/>- Please allow for manufacturing and delivery times.<br data-start=\"2072\" data-end=\"2075\" \/>(see General Sales Conditions and delivery times)<br data-start=\"2135\" data-end=\"2138\" \/>- The photos are examples of staging<br data-start=\"2185\" data-end=\"2188\" \/>- Other decorations sold separately<\/p>\n<p data-start=\"2240\" data-end=\"2320\">More inspiration on Instagram :<br data-start=\"2275\" data-end=\"2278\" \/>\ud83d\udc49 <a class=\"decorated-link\" href=\"https:\/\/www.instagram.com\/sunnyshop211\/\" target=\"_new\" rel=\"noopener\" data-start=\"2281\" data-end=\"2320\">https:\/\/www.instagram.com\/sunnyshop211\/<\/a><\/p>\n<p data-start=\"2322\" data-end=\"2342\">\u2500\u2500\u2500\u2500\u2500\u2500\u2500\u2500\u2500\u2500\u2500\u2500\u2500\u2500\u2500\u2500\u2500\u2500\u2500\u2500<\/p>\n<p data-start=\"2344\" data-end=\"2367\">\u26a0\ufe0f <strong data-start=\"2347\" data-end=\"2367\">Terms of use<\/strong><\/p>\n<p data-start=\"2369\" data-end=\"2509\">!!!! This is not a toy, this article is intended for adults.<br data-start=\"2440\" data-end=\"2443\" \/>I am not responsible for any damage in transit.<\/p>\n<p data-start=\"2511\" data-end=\"2531\">\u2500\u2500\u2500\u2500\u2500\u2500\u2500\u2500\u2500\u2500\u2500\u2500\u2500\u2500\u2500\u2500\u2500\u2500\u2500\u2500<\/p>\n<p data-start=\"2533\" data-end=\"2636\">\ud83e\ude84 <em data-start=\"2536\" data-end=\"2636\">A miniature 1\/8 dance bar to bring artistic, movement-filled scenes to life.<\/em><\/p>","protected":false},"excerpt":{"rendered":"<p>Barre de danse miniature 1\/8 \u2013 diorama \u00b7 bjd \u00b7 pukifee \u00b7 lati yellow \u2500\u2500\u2500\u2500\u2500\u2500\u2500\u2500\u2500\u2500\u2500\u2500\u2500\u2500\u2500\u2500\u2500\u2500\u2500\u2500 \u2728 Description Cette barre de danse miniature 1\/8 est id\u00e9ale pour cr\u00e9er des sc\u00e8nes artistiques et \u00e9l\u00e9gantes dans vos dioramas.Parfaite pour repr\u00e9senter un studio de danse, un coin entra\u00eenement ou une sc\u00e8ne cr\u00e9ative, elle apporte une touche r\u00e9aliste et originale [&hellip;]<\/p>\n","protected":false},"featured_media":9779,"comment_status":"open","ping_status":"closed","template":"","meta":{"_crdt_document":"","jetpack_post_was_ever_published":false,"jetpack_publicize_message":"","jetpack_publicize_feature_enabled":true,"jetpack_social_post_already_shared":true,"jetpack_social_options":{"image_generator_settings":{"template":"highway","default_image_id":0,"font":"","enabled":false},"version":2}},"product_brand":[],"product_cat":[667687088],"product_tag":[667682803,667682807,667681136,667682809,667682805,667681234,667681226,667681233,667681239,667681225,667681241,667681139,667681236,667681261,667681232,667681173,667681237,667681141,667681140,667681260],"class_list":{"0":"post-9863","1":"product","2":"type-product","3":"status-publish","4":"has-post-thumbnail","6":"product_cat-jeux-loisirs-1-8","7":"product_tag-barre-de-danse","8":"product_tag-bars","9":"product_tag-bjd","10":"product_tag-dance","11":"product_tag-danse","12":"product_tag-diorama","13":"product_tag-doll","14":"product_tag-dollhouse","15":"product_tag-fairyland","16":"product_tag-furniture","17":"product_tag-iplehouse","18":"product_tag-lati-yellow","19":"product_tag-maison-de-poupee","20":"product_tag-meuble","21":"product_tag-miniature","22":"product_tag-minifee","23":"product_tag-msd","24":"product_tag-nappy-choo","25":"product_tag-pukifee","26":"product_tag-tonner","27":"product_shipping_class-lettre-suivie","28":"pa_couleur-blanc","29":"pa_couleur-shabby-blanc","31":"first","32":"instock","33":"taxable","34":"shipping-taxable","35":"purchasable","36":"product-type-simple"},"yoast_head":"<!-- This site is optimized with the Yoast SEO plugin v27.5 - https:\/\/yoast.com\/product\/yoast-seo-wordpress\/ -->\n<title>Barre danse miniature 1\/8 bjd pukifee, lati yellow -<\/title>\n<meta name=\"description\" content=\"Barre danse miniature 1\/8 bjd pukifee, lati yellow ou autres de m\u00eame tailles. Id\u00e9al pour vos dioramas et mises en sc\u00e8nes.\" \/>\n<meta name=\"robots\" content=\"index, follow, max-snippet:-1, max-image-preview:large, max-video-preview:-1\" \/>\n<link rel=\"canonical\" href=\"https:\/\/www.sunnyshop211.com\/en\/product\/barre-danse-miniature1-8-bjd-pukifee-lati-yellow\/\" \/>\n<meta property=\"og:locale\" content=\"en_US\" \/>\n<meta property=\"og:type\" content=\"article\" \/>\n<meta property=\"og:title\" content=\"Barre danse miniature 1\/8 bjd pukifee, lati yellow -\" \/>\n<meta property=\"og:description\" content=\"Barre danse miniature 1\/8 bjd pukifee, lati yellow ou autres de m\u00eame tailles. Id\u00e9al pour vos dioramas et mises en sc\u00e8nes.\" \/>\n<meta property=\"og:url\" content=\"https:\/\/www.sunnyshop211.com\/en\/product\/barre-danse-miniature1-8-bjd-pukifee-lati-yellow\/\" \/>\n<meta property=\"og:site_name\" content=\"Sunnyshop211 -Vente de dioramas, meubles, miniatures , bjd poup\u00e9es 1\/12 1\/8 1\/6 1\/4 1\/3\" \/>\n<meta property=\"article:publisher\" content=\"https:\/\/www.facebook.com\/sunnyshop211\/?ref=bookmarks\" \/>\n<meta property=\"article:modified_time\" content=\"2026-01-03T21:18:04+00:00\" \/>\n<meta property=\"og:image\" content=\"https:\/\/www.sunnyshop211.com\/wp-content\/uploads\/2019\/10\/20191010_091421.jpg\" \/>\n\t<meta property=\"og:image:width\" content=\"1978\" \/>\n\t<meta property=\"og:image:height\" content=\"2560\" \/>\n\t<meta property=\"og:image:type\" content=\"image\/jpeg\" \/>\n<meta name=\"twitter:card\" content=\"summary_large_image\" \/>\n<meta name=\"twitter:site\" content=\"@sunnyshop211\" \/>\n<meta name=\"twitter:label1\" content=\"Est. reading time\" \/>\n\t<meta name=\"twitter:data1\" content=\"2 minutes\" \/>\n<script type=\"application\/ld+json\" class=\"yoast-schema-graph\">{\"@context\":\"https:\\\/\\\/schema.org\",\"@graph\":[{\"@type\":\"WebPage\",\"@id\":\"https:\\\/\\\/www.sunnyshop211.com\\\/produit\\\/barre-danse-miniature1-8-bjd-pukifee-lati-yellow\\\/\",\"url\":\"https:\\\/\\\/www.sunnyshop211.com\\\/produit\\\/barre-danse-miniature1-8-bjd-pukifee-lati-yellow\\\/\",\"name\":\"Barre danse miniature 1\\\/8 bjd pukifee, lati yellow -\",\"isPartOf\":{\"@id\":\"https:\\\/\\\/www.sunnyshop211.com\\\/#website\"},\"primaryImageOfPage\":{\"@id\":\"https:\\\/\\\/www.sunnyshop211.com\\\/produit\\\/barre-danse-miniature1-8-bjd-pukifee-lati-yellow\\\/#primaryimage\"},\"image\":{\"@id\":\"https:\\\/\\\/www.sunnyshop211.com\\\/produit\\\/barre-danse-miniature1-8-bjd-pukifee-lati-yellow\\\/#primaryimage\"},\"thumbnailUrl\":\"https:\\\/\\\/www.sunnyshop211.com\\\/wp-content\\\/uploads\\\/2019\\\/10\\\/20191010_091421.jpg\",\"datePublished\":\"2019-10-18T07:55:17+00:00\",\"dateModified\":\"2026-01-03T21:18:04+00:00\",\"description\":\"Barre danse miniature 1\\\/8 bjd pukifee, lati yellow ou autres de m\u00eame tailles. Id\u00e9al pour vos dioramas et mises en sc\u00e8nes.\",\"breadcrumb\":{\"@id\":\"https:\\\/\\\/www.sunnyshop211.com\\\/produit\\\/barre-danse-miniature1-8-bjd-pukifee-lati-yellow\\\/#breadcrumb\"},\"inLanguage\":\"en-US\",\"potentialAction\":[{\"@type\":\"ReadAction\",\"target\":[\"https:\\\/\\\/www.sunnyshop211.com\\\/produit\\\/barre-danse-miniature1-8-bjd-pukifee-lati-yellow\\\/\"]}]},{\"@type\":\"ImageObject\",\"inLanguage\":\"en-US\",\"@id\":\"https:\\\/\\\/www.sunnyshop211.com\\\/produit\\\/barre-danse-miniature1-8-bjd-pukifee-lati-yellow\\\/#primaryimage\",\"url\":\"https:\\\/\\\/www.sunnyshop211.com\\\/wp-content\\\/uploads\\\/2019\\\/10\\\/20191010_091421.jpg\",\"contentUrl\":\"https:\\\/\\\/www.sunnyshop211.com\\\/wp-content\\\/uploads\\\/2019\\\/10\\\/20191010_091421.jpg\",\"width\":1978,\"height\":2560},{\"@type\":\"BreadcrumbList\",\"@id\":\"https:\\\/\\\/www.sunnyshop211.com\\\/produit\\\/barre-danse-miniature1-8-bjd-pukifee-lati-yellow\\\/#breadcrumb\",\"itemListElement\":[{\"@type\":\"ListItem\",\"position\":1,\"name\":\"Accueil\",\"item\":\"https:\\\/\\\/www.sunnyshop211.com\\\/\"},{\"@type\":\"ListItem\",\"position\":2,\"name\":\"Boutique\",\"item\":\"https:\\\/\\\/www.sunnyshop211.com\\\/boutique-miniature-bjd-dolls\\\/\"},{\"@type\":\"ListItem\",\"position\":3,\"name\":\"Barre danse miniature 1\\\/8 bjd pukifee, lati yellow\"}]},{\"@type\":\"WebSite\",\"@id\":\"https:\\\/\\\/www.sunnyshop211.com\\\/#website\",\"url\":\"https:\\\/\\\/www.sunnyshop211.com\\\/\",\"name\":\"Vente de dioramas, meubles, miniatures , bjd poup\u00e9es 1\\\/12 1\\\/8 1\\\/6 1\\\/4 1\\\/3\",\"description\":\"Sunnyshop211 - Votre univers miniature pour poup\u00e9es et BJD, dioramas et meubles sur mesure !\",\"publisher\":{\"@id\":\"https:\\\/\\\/www.sunnyshop211.com\\\/#organization\"},\"alternateName\":\"sunnyshop211\",\"potentialAction\":[{\"@type\":\"SearchAction\",\"target\":{\"@type\":\"EntryPoint\",\"urlTemplate\":\"https:\\\/\\\/www.sunnyshop211.com\\\/?s={search_term_string}\"},\"query-input\":{\"@type\":\"PropertyValueSpecification\",\"valueRequired\":true,\"valueName\":\"search_term_string\"}}],\"inLanguage\":\"en-US\"},{\"@type\":\"Organization\",\"@id\":\"https:\\\/\\\/www.sunnyshop211.com\\\/#organization\",\"name\":\"sunnyshop211\",\"alternateName\":\"sunnyshop211 diorama bjd meuble miniature\",\"url\":\"https:\\\/\\\/www.sunnyshop211.com\\\/\",\"logo\":{\"@type\":\"ImageObject\",\"inLanguage\":\"en-US\",\"@id\":\"https:\\\/\\\/www.sunnyshop211.com\\\/#\\\/schema\\\/logo\\\/image\\\/\",\"url\":\"https:\\\/\\\/www.sunnyshop211.com\\\/wp-content\\\/uploads\\\/2022\\\/08\\\/cropped-cropped-cropped-Sunnyshop211-1.png\",\"contentUrl\":\"https:\\\/\\\/www.sunnyshop211.com\\\/wp-content\\\/uploads\\\/2022\\\/08\\\/cropped-cropped-cropped-Sunnyshop211-1.png\",\"width\":339,\"height\":339,\"caption\":\"sunnyshop211\"},\"image\":{\"@id\":\"https:\\\/\\\/www.sunnyshop211.com\\\/#\\\/schema\\\/logo\\\/image\\\/\"},\"sameAs\":[\"https:\\\/\\\/www.facebook.com\\\/sunnyshop211\\\/?ref=bookmarks\",\"https:\\\/\\\/x.com\\\/sunnyshop211\",\"https:\\\/\\\/www.instagram.com\\\/sunnyshop211\\\/\",\"https:\\\/\\\/www.tumblr.com\\\/blog\\\/sunnyshop211\",\"https:\\\/\\\/www.youtube.com\\\/channel\\\/UCtYY18OGGDKrTSzgcf7fCBg\",\"https:\\\/\\\/www.tiktok.com\\\/@sunnydollshop211?is_from_webapp=1&sender_device=pc\"]}]}<\/script>\n<!-- \/ Yoast SEO plugin. -->","yoast_head_json":{"title":"Miniature dance bar 1\/8 bjd pukifee, lati yellow -","description":"Miniature dance bar 1\/8 bjd pukifee, lati yellow or other sizes. Ideal for dioramas and staging.","robots":{"index":"index","follow":"follow","max-snippet":"max-snippet:-1","max-image-preview":"max-image-preview:large","max-video-preview":"max-video-preview:-1"},"canonical":"https:\/\/www.sunnyshop211.com\/en\/product\/barre-danse-miniature1-8-bjd-pukifee-lati-yellow\/","og_locale":"en_US","og_type":"article","og_title":"Barre danse miniature 1\/8 bjd pukifee, lati yellow -","og_description":"Barre danse miniature 1\/8 bjd pukifee, lati yellow ou autres de m\u00eame tailles. Id\u00e9al pour vos dioramas et mises en sc\u00e8nes.","og_url":"https:\/\/www.sunnyshop211.com\/en\/product\/barre-danse-miniature1-8-bjd-pukifee-lati-yellow\/","og_site_name":"Sunnyshop211 -Vente de dioramas, meubles, miniatures , bjd poup\u00e9es 1\/12 1\/8 1\/6 1\/4 1\/3","article_publisher":"https:\/\/www.facebook.com\/sunnyshop211\/?ref=bookmarks","article_modified_time":"2026-01-03T21:18:04+00:00","og_image":[{"width":1978,"height":2560,"url":"https:\/\/www.sunnyshop211.com\/wp-content\/uploads\/2019\/10\/20191010_091421.jpg","type":"image\/jpeg"}],"twitter_card":"summary_large_image","twitter_site":"@sunnyshop211","twitter_misc":{"Est. reading time":"2 minutes"},"schema":{"@context":"https:\/\/schema.org","@graph":[{"@type":"WebPage","@id":"https:\/\/www.sunnyshop211.com\/produit\/barre-danse-miniature1-8-bjd-pukifee-lati-yellow\/","url":"https:\/\/www.sunnyshop211.com\/produit\/barre-danse-miniature1-8-bjd-pukifee-lati-yellow\/","name":"Miniature dance bar 1\/8 bjd pukifee, lati yellow -","isPartOf":{"@id":"https:\/\/www.sunnyshop211.com\/#website"},"primaryImageOfPage":{"@id":"https:\/\/www.sunnyshop211.com\/produit\/barre-danse-miniature1-8-bjd-pukifee-lati-yellow\/#primaryimage"},"image":{"@id":"https:\/\/www.sunnyshop211.com\/produit\/barre-danse-miniature1-8-bjd-pukifee-lati-yellow\/#primaryimage"},"thumbnailUrl":"https:\/\/www.sunnyshop211.com\/wp-content\/uploads\/2019\/10\/20191010_091421.jpg","datePublished":"2019-10-18T07:55:17+00:00","dateModified":"2026-01-03T21:18:04+00:00","description":"Miniature dance bar 1\/8 bjd pukifee, lati yellow or other sizes. Ideal for dioramas and staging.","breadcrumb":{"@id":"https:\/\/www.sunnyshop211.com\/produit\/barre-danse-miniature1-8-bjd-pukifee-lati-yellow\/#breadcrumb"},"inLanguage":"en-US","potentialAction":[{"@type":"ReadAction","target":["https:\/\/www.sunnyshop211.com\/produit\/barre-danse-miniature1-8-bjd-pukifee-lati-yellow\/"]}]},{"@type":"ImageObject","inLanguage":"en-US","@id":"https:\/\/www.sunnyshop211.com\/produit\/barre-danse-miniature1-8-bjd-pukifee-lati-yellow\/#primaryimage","url":"https:\/\/www.sunnyshop211.com\/wp-content\/uploads\/2019\/10\/20191010_091421.jpg","contentUrl":"https:\/\/www.sunnyshop211.com\/wp-content\/uploads\/2019\/10\/20191010_091421.jpg","width":1978,"height":2560},{"@type":"BreadcrumbList","@id":"https:\/\/www.sunnyshop211.com\/produit\/barre-danse-miniature1-8-bjd-pukifee-lati-yellow\/#breadcrumb","itemListElement":[{"@type":"ListItem","position":1,"name":"Accueil","item":"https:\/\/www.sunnyshop211.com\/"},{"@type":"ListItem","position":2,"name":"Boutique","item":"https:\/\/www.sunnyshop211.com\/boutique-miniature-bjd-dolls\/"},{"@type":"ListItem","position":3,"name":"Barre danse miniature 1\/8 bjd pukifee, lati yellow"}]},{"@type":"WebSite","@id":"https:\/\/www.sunnyshop211.com\/#website","url":"https:\/\/www.sunnyshop211.com\/","name":"Sale of dioramas, furniture, miniatures, bjd dolls 1\/12 1\/8 1\/6 1\/4 1\/3","description":"Sunnyshop211 - Your miniature world for dolls and BJDs, dioramas and custom-made furniture!","publisher":{"@id":"https:\/\/www.sunnyshop211.com\/#organization"},"alternateName":"sunnyshop211","potentialAction":[{"@type":"SearchAction","target":{"@type":"EntryPoint","urlTemplate":"https:\/\/www.sunnyshop211.com\/?s={search_term_string}"},"query-input":{"@type":"PropertyValueSpecification","valueRequired":true,"valueName":"search_term_string"}}],"inLanguage":"en-US"},{"@type":"Organization","@id":"https:\/\/www.sunnyshop211.com\/#organization","name":"sunnyshop211","alternateName":"sunnyshop211 diorama bjd meuble miniature","url":"https:\/\/www.sunnyshop211.com\/","logo":{"@type":"ImageObject","inLanguage":"en-US","@id":"https:\/\/www.sunnyshop211.com\/#\/schema\/logo\/image\/","url":"https:\/\/www.sunnyshop211.com\/wp-content\/uploads\/2022\/08\/cropped-cropped-cropped-Sunnyshop211-1.png","contentUrl":"https:\/\/www.sunnyshop211.com\/wp-content\/uploads\/2022\/08\/cropped-cropped-cropped-Sunnyshop211-1.png","width":339,"height":339,"caption":"sunnyshop211"},"image":{"@id":"https:\/\/www.sunnyshop211.com\/#\/schema\/logo\/image\/"},"sameAs":["https:\/\/www.facebook.com\/sunnyshop211\/?ref=bookmarks","https:\/\/x.com\/sunnyshop211","https:\/\/www.instagram.com\/sunnyshop211\/","https:\/\/www.tumblr.com\/blog\/sunnyshop211","https:\/\/www.youtube.com\/channel\/UCtYY18OGGDKrTSzgcf7fCBg","https:\/\/www.tiktok.com\/@sunnydollshop211?is_from_webapp=1&sender_device=pc"]}]}},"jetpack_publicize_connections":[],"jetpack_sharing_enabled":true,"_links":{"self":[{"href":"https:\/\/www.sunnyshop211.com\/en\/wp-json\/wp\/v2\/product\/9863","targetHints":{"allow":["GET"]}}],"collection":[{"href":"https:\/\/www.sunnyshop211.com\/en\/wp-json\/wp\/v2\/product"}],"about":[{"href":"https:\/\/www.sunnyshop211.com\/en\/wp-json\/wp\/v2\/types\/product"}],"replies":[{"embeddable":true,"href":"https:\/\/www.sunnyshop211.com\/en\/wp-json\/wp\/v2\/comments?post=9863"}],"version-history":[{"count":6,"href":"https:\/\/www.sunnyshop211.com\/en\/wp-json\/wp\/v2\/product\/9863\/revisions"}],"predecessor-version":[{"id":33496,"href":"https:\/\/www.sunnyshop211.com\/en\/wp-json\/wp\/v2\/product\/9863\/revisions\/33496"}],"wp:featuredmedia":[{"embeddable":true,"href":"https:\/\/www.sunnyshop211.com\/en\/wp-json\/wp\/v2\/media\/9779"}],"wp:attachment":[{"href":"https:\/\/www.sunnyshop211.com\/en\/wp-json\/wp\/v2\/media?parent=9863"}],"wp:term":[{"taxonomy":"product_brand","embeddable":true,"href":"https:\/\/www.sunnyshop211.com\/en\/wp-json\/wp\/v2\/product_brand?post=9863"},{"taxonomy":"product_cat","embeddable":true,"href":"https:\/\/www.sunnyshop211.com\/en\/wp-json\/wp\/v2\/product_cat?post=9863"},{"taxonomy":"product_tag","embeddable":true,"href":"https:\/\/www.sunnyshop211.com\/en\/wp-json\/wp\/v2\/product_tag?post=9863"}],"curies":[{"name":"wp","href":"https:\/\/api.w.org\/{rel}","templated":true}]}}