{"id":945,"date":"2019-01-04T20:19:49","date_gmt":"2019-01-04T19:19:49","guid":{"rendered":"https:\/\/sunnyshop211.com\/?post_type=product&#038;p=945"},"modified":"2025-12-30T14:47:37","modified_gmt":"2025-12-30T13:47:37","slug":"commode-miniature-1-4-diorama-bjd-minifee-msd-dolls-2","status":"publish","type":"product","link":"https:\/\/www.sunnyshop211.com\/en\/product\/commode-miniature-1-4-diorama-bjd-minifee-msd-dolls-2\/","title":{"rendered":"Miniature dresser 1\/4 diorama bjd minifee MSD dolls"},"content":{"rendered":"<div id='gallery-1' class='gallery galleryid-945 gallery-columns-3 gallery-size-thumbnail'><figure class='gallery-item'>\n\t\t\t<div class='gallery-icon portrait'>\n\t\t\t\t<a href='https:\/\/www.sunnyshop211.com\/en\/?attachment_id=24043'><img decoding=\"async\" width=\"150\" height=\"150\" src=\"https:\/\/www.sunnyshop211.com\/wp-content\/uploads\/2022\/07\/wp-1659291696555-150x150.jpg\" class=\"attachment-thumbnail size-thumbnail\" alt=\"Commode miniature 1\/4\" srcset=\"https:\/\/www.sunnyshop211.com\/wp-content\/uploads\/2022\/07\/wp-1659291696555-150x150.jpg 150w, https:\/\/www.sunnyshop211.com\/wp-content\/uploads\/2022\/07\/wp-1659291696555-500x500.jpg 500w, https:\/\/www.sunnyshop211.com\/wp-content\/uploads\/2022\/07\/wp-1659291696555-100x100.jpg 100w, https:\/\/www.sunnyshop211.com\/wp-content\/uploads\/2022\/07\/wp-1659291696555-300x300.jpg 300w\" sizes=\"(max-width: 150px) 100vw, 150px\" \/><\/a>\n\t\t\t<\/div><\/figure><figure class='gallery-item'>\n\t\t\t<div class='gallery-icon landscape'>\n\t\t\t\t<a href='https:\/\/www.sunnyshop211.com\/en\/?attachment_id=29583'><img decoding=\"async\" width=\"150\" height=\"150\" src=\"https:\/\/www.sunnyshop211.com\/wp-content\/uploads\/2019\/01\/lune-18-150x150.jpg\" class=\"attachment-thumbnail size-thumbnail\" alt=\"\" srcset=\"https:\/\/www.sunnyshop211.com\/wp-content\/uploads\/2019\/01\/lune-18-150x150.jpg 150w, https:\/\/www.sunnyshop211.com\/wp-content\/uploads\/2019\/01\/lune-18-scaled-500x500.jpg 500w, https:\/\/www.sunnyshop211.com\/wp-content\/uploads\/2019\/01\/lune-18-scaled-100x100.jpg 100w\" sizes=\"(max-width: 150px) 100vw, 150px\" \/><\/a>\n\t\t\t<\/div><\/figure><figure class='gallery-item'>\n\t\t\t<div class='gallery-icon portrait'>\n\t\t\t\t<a href='https:\/\/www.sunnyshop211.com\/en\/?attachment_id=29580'><img decoding=\"async\" width=\"150\" height=\"150\" src=\"https:\/\/www.sunnyshop211.com\/wp-content\/uploads\/2019\/01\/lune-14-150x150.jpg\" class=\"attachment-thumbnail size-thumbnail\" alt=\"Commode miniature 1\/4\" srcset=\"https:\/\/www.sunnyshop211.com\/wp-content\/uploads\/2019\/01\/lune-14-150x150.jpg 150w, https:\/\/www.sunnyshop211.com\/wp-content\/uploads\/2019\/01\/lune-14-scaled-500x500.jpg 500w, https:\/\/www.sunnyshop211.com\/wp-content\/uploads\/2019\/01\/lune-14-scaled-100x100.jpg 100w\" sizes=\"(max-width: 150px) 100vw, 150px\" \/><\/a>\n\t\t\t<\/div><\/figure><figure class='gallery-item'>\n\t\t\t<div class='gallery-icon landscape'>\n\t\t\t\t<a href='https:\/\/www.sunnyshop211.com\/en\/?attachment_id=29587'><img loading=\"lazy\" decoding=\"async\" width=\"150\" height=\"150\" src=\"https:\/\/www.sunnyshop211.com\/wp-content\/uploads\/2019\/05\/lune-7-150x150.jpg\" class=\"attachment-thumbnail size-thumbnail\" alt=\"\" srcset=\"https:\/\/www.sunnyshop211.com\/wp-content\/uploads\/2019\/05\/lune-7-150x150.jpg 150w, https:\/\/www.sunnyshop211.com\/wp-content\/uploads\/2019\/05\/lune-7-500x500.jpg 500w, https:\/\/www.sunnyshop211.com\/wp-content\/uploads\/2019\/05\/lune-7-100x100.jpg 100w\" sizes=\"(max-width: 150px) 100vw, 150px\" \/><\/a>\n\t\t\t<\/div><\/figure><figure class='gallery-item'>\n\t\t\t<div class='gallery-icon portrait'>\n\t\t\t\t<a href='https:\/\/www.sunnyshop211.com\/en\/?attachment_id=29594'><img loading=\"lazy\" decoding=\"async\" width=\"150\" height=\"150\" src=\"https:\/\/www.sunnyshop211.com\/wp-content\/uploads\/2019\/05\/lune-14-150x150.jpg\" class=\"attachment-thumbnail size-thumbnail\" alt=\"Commode miniature 1\/4\" srcset=\"https:\/\/www.sunnyshop211.com\/wp-content\/uploads\/2019\/05\/lune-14-150x150.jpg 150w, https:\/\/www.sunnyshop211.com\/wp-content\/uploads\/2019\/05\/lune-14-scaled-500x500.jpg 500w, https:\/\/www.sunnyshop211.com\/wp-content\/uploads\/2019\/05\/lune-14-scaled-100x100.jpg 100w\" sizes=\"(max-width: 150px) 100vw, 150px\" \/><\/a>\n\t\t\t<\/div><\/figure><figure class='gallery-item'>\n\t\t\t<div class='gallery-icon portrait'>\n\t\t\t\t<a href='https:\/\/www.sunnyshop211.com\/en\/?attachment_id=5779'><img loading=\"lazy\" decoding=\"async\" width=\"150\" height=\"150\" src=\"https:\/\/www.sunnyshop211.com\/wp-content\/uploads\/2019\/05\/20190529_105426-scaled-150x150.jpg\" class=\"attachment-thumbnail size-thumbnail\" alt=\"Lanternes bougie miniature\" srcset=\"https:\/\/www.sunnyshop211.com\/wp-content\/uploads\/2019\/05\/20190529_105426-scaled-150x150.jpg 150w, https:\/\/www.sunnyshop211.com\/wp-content\/uploads\/2019\/05\/20190529_105426-scaled-500x500.jpg 500w, https:\/\/www.sunnyshop211.com\/wp-content\/uploads\/2019\/05\/20190529_105426-100x100.jpg 100w\" sizes=\"(max-width: 150px) 100vw, 150px\" \/><\/a>\n\t\t\t<\/div><\/figure>\n\t\t<\/div>\n\n<p>&nbsp;<\/p>\n<h2 data-start=\"176\" data-end=\"216\">Miniature chest of drawers 1\/4 - diorama BJD<\/h2>\n<p data-start=\"218\" data-end=\"278\">Minifee - MSD - Ellowyne Wilde - Tonner - similar sizes<\/p>\n<hr data-start=\"280\" data-end=\"283\" \/>\n<h3 data-start=\"285\" data-end=\"304\">\ud83d\uddc4\ufe0f Description<\/h3>\n<p data-start=\"306\" data-end=\"563\">This modern miniature chest of drawers <strong data-start=\"341\" data-end=\"348\">1\/4<\/strong> is ideal for creating a bedroom, living room or nursery in your dioramas.<br data-start=\"429\" data-end=\"432\" \/>Sober and elegant, it adds a contemporary touch to your staging, while offering a beautiful decorative storage space.<\/p>\n<hr data-start=\"565\" data-end=\"568\" \/>\n<h3 data-start=\"570\" data-end=\"590\">\ud83d\udc57 Compatibility<\/h3>\n<p data-start=\"592\" data-end=\"718\">Suitable for dolls at <strong data-start=\"614\" data-end=\"621\">1\/4<\/strong> :<br data-start=\"623\" data-end=\"626\" \/>- BJD Minifee<br data-start=\"639\" data-end=\"642\" \/>- MSD<br data-start=\"647\" data-end=\"650\" \/>- Ellowyne Wilde<br data-start=\"666\" data-end=\"669\" \/>- Tonner<br data-start=\"677\" data-end=\"680\" \/>- Other dolls of equivalent size<\/p>\n<hr data-start=\"720\" data-end=\"723\" \/>\n<h3 data-start=\"725\" data-end=\"742\">\ud83d\udccf Dimensions<\/h3>\n<p data-start=\"744\" data-end=\"814\">Width : <strong data-start=\"754\" data-end=\"762\">9 cm<\/strong><br data-start=\"762\" data-end=\"765\" \/>Length : <strong data-start=\"776\" data-end=\"785\">21 cm<\/strong><br data-start=\"785\" data-end=\"788\" \/>Overall height : <strong data-start=\"805\" data-end=\"814\">21 cm<\/strong><\/p>\n<hr data-start=\"816\" data-end=\"819\" \/>\n<h3 data-start=\"821\" data-end=\"844\">\ud83c\udfa8 Customization<\/h3>\n<p data-start=\"846\" data-end=\"863\">You choose :<\/p>\n<p data-start=\"865\" data-end=\"893\"><strong data-start=\"865\" data-end=\"893\">The color of the chest<\/strong><\/p>\n<p data-start=\"895\" data-end=\"969\"><strong data-start=\"895\" data-end=\"921\">Button style :<\/strong><br data-start=\"921\" data-end=\"924\" \/>- Rabbits<br data-start=\"932\" data-end=\"935\" \/>- Crowns<br data-start=\"946\" data-end=\"949\" \/>- White with glitter<\/p>\n<p data-start=\"971\" data-end=\"1008\">\ud83d\udc49 Modulate as you wish<\/p>\n<hr data-start=\"1010\" data-end=\"1013\" \/>\n<h3 data-start=\"1015\" data-end=\"1043\">\ud83e\udeb5 Details &amp; fabrication<\/h3>\n<p data-start=\"1045\" data-end=\"1148\">- Chest of drawers <strong data-start=\"1055\" data-end=\"1082\">delivered assembled and painted<\/strong><br data-start=\"1082\" data-end=\"1085\" \/>\u2022 <strong data-start=\"1087\" data-end=\"1104\">Fixed drawers<\/strong> (non-removable)<br data-start=\"1120\" data-end=\"1123\" \/>- Made to order<\/p>\n<p data-start=\"1150\" data-end=\"1341\">Handcrafted :<br data-start=\"1174\" data-end=\"1177\" \/>slight variations in shape, color or finish may occur<br data-start=\"1253\" data-end=\"1256\" \/>Minor imperfections are part of the charm of handmade products.<\/p>\n<hr data-start=\"1343\" data-end=\"1346\" \/>\n<h3 data-start=\"1348\" data-end=\"1373\">\ud83d\udd27 Customized options<\/h3>\n<p data-start=\"1375\" data-end=\"1533\">- This piece of furniture can be made :<br data-start=\"1412\" data-end=\"1415\" \/>- With <strong data-start=\"1424\" data-end=\"1442\">another reason<\/strong><br data-start=\"1442\" data-end=\"1445\" \/>- \u00c0 <strong data-start=\"1451\" data-end=\"1472\">another scale<\/strong><br data-start=\"1472\" data-end=\"1475\" \/>- In coordination with other furniture in the store<\/p>\n<p data-start=\"1535\" data-end=\"1601\">\ud83d\udc49 For any specific request, <strong data-start=\"1569\" data-end=\"1601\">contact me before ordering<\/strong><\/p>\n<hr data-start=\"1603\" data-end=\"1606\" \/>\n<h3 data-start=\"1608\" data-end=\"1639\">\u2139\ufe0f Important information<\/h3>\n<p data-start=\"1641\" data-end=\"2150\">- The photos are examples of staging<br data-start=\"1688\" data-end=\"1691\" \/>\u2022 <strong data-start=\"1693\" data-end=\"1724\">Only the chest of drawers is sold<\/strong> (dolls and accessories not included)<br data-start=\"1760\" data-end=\"1763\" \/>- Compatible with my furniture sold separately in the store<br data-start=\"1827\" data-end=\"1830\" \/>- Other decorations are available in the store<br data-start=\"1888\" data-end=\"1891\" \/>- Please take into account manufacturing and delivery times (see General Sales Conditions).<br data-start=\"1993\" data-end=\"1996\" \/>\u2022 <strong data-start=\"1998\" data-end=\"2062\">This is not a toy - intended for an adult audience<\/strong><br data-start=\"2062\" data-end=\"2065\" \/>- I am not responsible for any damage in transit or during shipping.<\/p>\n<hr data-start=\"2152\" data-end=\"2155\" \/>\n<h3 data-start=\"2157\" data-end=\"2193\">\ud83d\udcf8 More photos &amp; inspiration<\/h3>\n<p data-start=\"2195\" data-end=\"2237\">\ud83d\udc49 <a class=\"decorated-link\" href=\"https:\/\/www.instagram.com\/sunnyshop211\/\" target=\"_new\" rel=\"noopener\" data-start=\"2198\" data-end=\"2237\">https:\/\/www.instagram.com\/sunnyshop211\/<\/a><\/p>\n<hr data-start=\"2239\" data-end=\"2242\" \/>\n<p data-start=\"2244\" data-end=\"2332\">\u2728 An elegant, customizable miniature chest of drawers for structuring your 1\/4-scale dioramas.<\/p>","protected":false},"excerpt":{"rendered":"<p>&nbsp; Commode miniature 1\/4 \u2013 diorama BJD Minifee \u2013 MSD \u2013 Ellowyne Wilde \u2013 Tonner \u2013 tailles similaires \ud83d\uddc4\ufe0f Description Cette commode miniature moderne au 1\/4 est id\u00e9ale pour am\u00e9nager une chambre, un salon ou une nursery dans vos dioramas.Sobre et \u00e9l\u00e9gante, elle apporte une touche contemporaine \u00e0 vos mises en sc\u00e8ne tout en offrant [&hellip;]<\/p>\n","protected":false},"featured_media":29594,"comment_status":"open","ping_status":"closed","template":"","meta":{"_crdt_document":"","jetpack_post_was_ever_published":false,"jetpack_publicize_message":"","jetpack_publicize_feature_enabled":true,"jetpack_social_post_already_shared":true,"jetpack_social_options":{"image_generator_settings":{"template":"highway","default_image_id":0,"font":"","enabled":false},"version":2}},"product_brand":[],"product_cat":[667687013,667686980],"product_tag":[667681145,667681143,667681136,667681142,667681411,667681234,667681226,667681233,667681412,667681272,667681239,667681225,667681241,667681242,667681236,667681261,667681232,667681173,667681237,667681177,667681235,667681260],"class_list":{"0":"post-945","1":"product","2":"type-product","3":"status-publish","4":"has-post-thumbnail","6":"product_cat-chambre-meubles-miniature-1-4","7":"product_cat-meubles","8":"product_tag-bed","9":"product_tag-bedroom","10":"product_tag-bjd","11":"product_tag-chambre","12":"product_tag-chest-of-drawers","13":"product_tag-diorama","14":"product_tag-doll","15":"product_tag-dollhouse","16":"product_tag-dressers","17":"product_tag-elowynn-wilde","18":"product_tag-fairyland","19":"product_tag-furniture","20":"product_tag-iplehouse","21":"product_tag-jid","22":"product_tag-maison-de-poupee","23":"product_tag-meuble","24":"product_tag-miniature","25":"product_tag-minifee","26":"product_tag-msd","27":"product_tag-poupee","28":"product_tag-roombox","29":"product_tag-tonner","30":"product_shipping_class-colissimo-5","31":"pa_couleur-beige","32":"pa_couleur-blanc","33":"pa_couleur-bleu","34":"pa_couleur-gris","35":"pa_couleur-noir","36":"pa_couleur-non-peint","37":"pa_couleur-rose","38":"pa_couleur-rouge","39":"pa_couleur-shabby-blanc","40":"pa_couleur-vert","41":"pa_couleur-violet","43":"first","44":"instock","45":"taxable","46":"shipping-taxable","47":"purchasable","48":"product-type-variable"},"yoast_head":"<!-- This site is optimized with the Yoast SEO plugin v27.4 - https:\/\/yoast.com\/product\/yoast-seo-wordpress\/ -->\n<title>Commode miniature 1\/4 diorama bjd minifee MSD dolls -<\/title>\n<meta name=\"description\" content=\"Commode miniature 1\/4 diorama bjd minifee MSD dolls. cette commode moderne est munie de tiroirs amovibles parfait pour vos mises en sc\u00e8nes.\" \/>\n<meta name=\"robots\" content=\"index, follow, max-snippet:-1, max-image-preview:large, max-video-preview:-1\" \/>\n<link rel=\"canonical\" href=\"https:\/\/www.sunnyshop211.com\/en\/product\/commode-miniature-1-4-diorama-bjd-minifee-msd-dolls-2\/\" \/>\n<meta property=\"og:locale\" content=\"en_US\" \/>\n<meta property=\"og:type\" content=\"article\" \/>\n<meta property=\"og:title\" content=\"Commode miniature 1\/4 diorama bjd minifee MSD dolls -\" \/>\n<meta property=\"og:description\" content=\"Commode miniature 1\/4 diorama bjd minifee MSD dolls. cette commode moderne est munie de tiroirs amovibles parfait pour vos mises en sc\u00e8nes.\" \/>\n<meta property=\"og:url\" content=\"https:\/\/www.sunnyshop211.com\/en\/product\/commode-miniature-1-4-diorama-bjd-minifee-msd-dolls-2\/\" \/>\n<meta property=\"og:site_name\" content=\"Sunnyshop211 -Vente de dioramas, meubles, miniatures , bjd poup\u00e9es 1\/12 1\/8 1\/6 1\/4 1\/3\" \/>\n<meta property=\"article:publisher\" content=\"https:\/\/www.facebook.com\/sunnyshop211\/?ref=bookmarks\" \/>\n<meta property=\"article:modified_time\" content=\"2025-12-30T13:47:37+00:00\" \/>\n<meta property=\"og:image\" content=\"https:\/\/www.sunnyshop211.com\/wp-content\/uploads\/2019\/05\/lune-14-scaled.jpg\" \/>\n\t<meta property=\"og:image:width\" content=\"1754\" \/>\n\t<meta property=\"og:image:height\" content=\"2560\" \/>\n\t<meta property=\"og:image:type\" content=\"image\/jpeg\" \/>\n<meta name=\"twitter:card\" content=\"summary_large_image\" \/>\n<meta name=\"twitter:site\" content=\"@sunnyshop211\" \/>\n<meta name=\"twitter:label1\" content=\"Est. reading time\" \/>\n\t<meta name=\"twitter:data1\" content=\"2 minutes\" \/>\n<script type=\"application\/ld+json\" class=\"yoast-schema-graph\">{\"@context\":\"https:\\\/\\\/schema.org\",\"@graph\":[{\"@type\":\"WebPage\",\"@id\":\"https:\\\/\\\/www.sunnyshop211.com\\\/produit\\\/commode-miniature-1-4-diorama-bjd-minifee-msd-dolls-2\\\/\",\"url\":\"https:\\\/\\\/www.sunnyshop211.com\\\/produit\\\/commode-miniature-1-4-diorama-bjd-minifee-msd-dolls-2\\\/\",\"name\":\"Commode miniature 1\\\/4 diorama bjd minifee MSD dolls -\",\"isPartOf\":{\"@id\":\"https:\\\/\\\/www.sunnyshop211.com\\\/#website\"},\"primaryImageOfPage\":{\"@id\":\"https:\\\/\\\/www.sunnyshop211.com\\\/produit\\\/commode-miniature-1-4-diorama-bjd-minifee-msd-dolls-2\\\/#primaryimage\"},\"image\":{\"@id\":\"https:\\\/\\\/www.sunnyshop211.com\\\/produit\\\/commode-miniature-1-4-diorama-bjd-minifee-msd-dolls-2\\\/#primaryimage\"},\"thumbnailUrl\":\"https:\\\/\\\/www.sunnyshop211.com\\\/wp-content\\\/uploads\\\/2019\\\/05\\\/lune-14-scaled.jpg\",\"datePublished\":\"2019-01-04T19:19:49+00:00\",\"dateModified\":\"2025-12-30T13:47:37+00:00\",\"description\":\"Commode miniature 1\\\/4 diorama bjd minifee MSD dolls. cette commode moderne est munie de tiroirs amovibles parfait pour vos mises en sc\u00e8nes.\",\"breadcrumb\":{\"@id\":\"https:\\\/\\\/www.sunnyshop211.com\\\/produit\\\/commode-miniature-1-4-diorama-bjd-minifee-msd-dolls-2\\\/#breadcrumb\"},\"inLanguage\":\"en-US\",\"potentialAction\":[{\"@type\":\"ReadAction\",\"target\":[\"https:\\\/\\\/www.sunnyshop211.com\\\/produit\\\/commode-miniature-1-4-diorama-bjd-minifee-msd-dolls-2\\\/\"]}]},{\"@type\":\"ImageObject\",\"inLanguage\":\"en-US\",\"@id\":\"https:\\\/\\\/www.sunnyshop211.com\\\/produit\\\/commode-miniature-1-4-diorama-bjd-minifee-msd-dolls-2\\\/#primaryimage\",\"url\":\"https:\\\/\\\/www.sunnyshop211.com\\\/wp-content\\\/uploads\\\/2019\\\/05\\\/lune-14-scaled.jpg\",\"contentUrl\":\"https:\\\/\\\/www.sunnyshop211.com\\\/wp-content\\\/uploads\\\/2019\\\/05\\\/lune-14-scaled.jpg\",\"width\":1754,\"height\":2560,\"caption\":\"Commode miniature 1\\\/4\"},{\"@type\":\"BreadcrumbList\",\"@id\":\"https:\\\/\\\/www.sunnyshop211.com\\\/produit\\\/commode-miniature-1-4-diorama-bjd-minifee-msd-dolls-2\\\/#breadcrumb\",\"itemListElement\":[{\"@type\":\"ListItem\",\"position\":1,\"name\":\"Accueil\",\"item\":\"https:\\\/\\\/www.sunnyshop211.com\\\/\"},{\"@type\":\"ListItem\",\"position\":2,\"name\":\"Boutique\",\"item\":\"https:\\\/\\\/www.sunnyshop211.com\\\/boutique-miniature-bjd-dolls\\\/\"},{\"@type\":\"ListItem\",\"position\":3,\"name\":\"Commode miniature 1\\\/4 diorama bjd minifee MSD dolls\"}]},{\"@type\":\"WebSite\",\"@id\":\"https:\\\/\\\/www.sunnyshop211.com\\\/#website\",\"url\":\"https:\\\/\\\/www.sunnyshop211.com\\\/\",\"name\":\"Vente de dioramas, meubles, miniatures , bjd poup\u00e9es 1\\\/12 1\\\/8 1\\\/6 1\\\/4 1\\\/3\",\"description\":\"Sunnyshop211 - Votre univers miniature pour poup\u00e9es et BJD, dioramas et meubles sur mesure !\",\"publisher\":{\"@id\":\"https:\\\/\\\/www.sunnyshop211.com\\\/#organization\"},\"alternateName\":\"sunnyshop211\",\"potentialAction\":[{\"@type\":\"SearchAction\",\"target\":{\"@type\":\"EntryPoint\",\"urlTemplate\":\"https:\\\/\\\/www.sunnyshop211.com\\\/?s={search_term_string}\"},\"query-input\":{\"@type\":\"PropertyValueSpecification\",\"valueRequired\":true,\"valueName\":\"search_term_string\"}}],\"inLanguage\":\"en-US\"},{\"@type\":\"Organization\",\"@id\":\"https:\\\/\\\/www.sunnyshop211.com\\\/#organization\",\"name\":\"sunnyshop211\",\"alternateName\":\"sunnyshop211 diorama bjd meuble miniature\",\"url\":\"https:\\\/\\\/www.sunnyshop211.com\\\/\",\"logo\":{\"@type\":\"ImageObject\",\"inLanguage\":\"en-US\",\"@id\":\"https:\\\/\\\/www.sunnyshop211.com\\\/#\\\/schema\\\/logo\\\/image\\\/\",\"url\":\"https:\\\/\\\/www.sunnyshop211.com\\\/wp-content\\\/uploads\\\/2022\\\/08\\\/cropped-cropped-cropped-Sunnyshop211-1.png\",\"contentUrl\":\"https:\\\/\\\/www.sunnyshop211.com\\\/wp-content\\\/uploads\\\/2022\\\/08\\\/cropped-cropped-cropped-Sunnyshop211-1.png\",\"width\":339,\"height\":339,\"caption\":\"sunnyshop211\"},\"image\":{\"@id\":\"https:\\\/\\\/www.sunnyshop211.com\\\/#\\\/schema\\\/logo\\\/image\\\/\"},\"sameAs\":[\"https:\\\/\\\/www.facebook.com\\\/sunnyshop211\\\/?ref=bookmarks\",\"https:\\\/\\\/x.com\\\/sunnyshop211\",\"https:\\\/\\\/www.instagram.com\\\/sunnyshop211\\\/\",\"https:\\\/\\\/www.tumblr.com\\\/blog\\\/sunnyshop211\",\"https:\\\/\\\/www.youtube.com\\\/channel\\\/UCtYY18OGGDKrTSzgcf7fCBg\",\"https:\\\/\\\/www.tiktok.com\\\/@sunnydollshop211?is_from_webapp=1&sender_device=pc\"]}]}<\/script>\n<!-- \/ Yoast SEO plugin. -->","yoast_head_json":{"title":"Miniature chest of drawers 1\/4 diorama bjd minifee MSD dolls -","description":"Miniature 1\/4 diorama chest bjd minifee MSD dolls. This modern chest features removable drawers perfect for staging.","robots":{"index":"index","follow":"follow","max-snippet":"max-snippet:-1","max-image-preview":"max-image-preview:large","max-video-preview":"max-video-preview:-1"},"canonical":"https:\/\/www.sunnyshop211.com\/en\/product\/commode-miniature-1-4-diorama-bjd-minifee-msd-dolls-2\/","og_locale":"en_US","og_type":"article","og_title":"Commode miniature 1\/4 diorama bjd minifee MSD dolls -","og_description":"Commode miniature 1\/4 diorama bjd minifee MSD dolls. cette commode moderne est munie de tiroirs amovibles parfait pour vos mises en sc\u00e8nes.","og_url":"https:\/\/www.sunnyshop211.com\/en\/product\/commode-miniature-1-4-diorama-bjd-minifee-msd-dolls-2\/","og_site_name":"Sunnyshop211 -Vente de dioramas, meubles, miniatures , bjd poup\u00e9es 1\/12 1\/8 1\/6 1\/4 1\/3","article_publisher":"https:\/\/www.facebook.com\/sunnyshop211\/?ref=bookmarks","article_modified_time":"2025-12-30T13:47:37+00:00","og_image":[{"width":1754,"height":2560,"url":"https:\/\/www.sunnyshop211.com\/wp-content\/uploads\/2019\/05\/lune-14-scaled.jpg","type":"image\/jpeg"}],"twitter_card":"summary_large_image","twitter_site":"@sunnyshop211","twitter_misc":{"Est. reading time":"2 minutes"},"schema":{"@context":"https:\/\/schema.org","@graph":[{"@type":"WebPage","@id":"https:\/\/www.sunnyshop211.com\/produit\/commode-miniature-1-4-diorama-bjd-minifee-msd-dolls-2\/","url":"https:\/\/www.sunnyshop211.com\/produit\/commode-miniature-1-4-diorama-bjd-minifee-msd-dolls-2\/","name":"Miniature chest of drawers 1\/4 diorama bjd minifee MSD dolls -","isPartOf":{"@id":"https:\/\/www.sunnyshop211.com\/#website"},"primaryImageOfPage":{"@id":"https:\/\/www.sunnyshop211.com\/produit\/commode-miniature-1-4-diorama-bjd-minifee-msd-dolls-2\/#primaryimage"},"image":{"@id":"https:\/\/www.sunnyshop211.com\/produit\/commode-miniature-1-4-diorama-bjd-minifee-msd-dolls-2\/#primaryimage"},"thumbnailUrl":"https:\/\/www.sunnyshop211.com\/wp-content\/uploads\/2019\/05\/lune-14-scaled.jpg","datePublished":"2019-01-04T19:19:49+00:00","dateModified":"2025-12-30T13:47:37+00:00","description":"Miniature 1\/4 diorama chest bjd minifee MSD dolls. This modern chest features removable drawers perfect for staging.","breadcrumb":{"@id":"https:\/\/www.sunnyshop211.com\/produit\/commode-miniature-1-4-diorama-bjd-minifee-msd-dolls-2\/#breadcrumb"},"inLanguage":"en-US","potentialAction":[{"@type":"ReadAction","target":["https:\/\/www.sunnyshop211.com\/produit\/commode-miniature-1-4-diorama-bjd-minifee-msd-dolls-2\/"]}]},{"@type":"ImageObject","inLanguage":"en-US","@id":"https:\/\/www.sunnyshop211.com\/produit\/commode-miniature-1-4-diorama-bjd-minifee-msd-dolls-2\/#primaryimage","url":"https:\/\/www.sunnyshop211.com\/wp-content\/uploads\/2019\/05\/lune-14-scaled.jpg","contentUrl":"https:\/\/www.sunnyshop211.com\/wp-content\/uploads\/2019\/05\/lune-14-scaled.jpg","width":1754,"height":2560,"caption":"Commode miniature 1\/4"},{"@type":"BreadcrumbList","@id":"https:\/\/www.sunnyshop211.com\/produit\/commode-miniature-1-4-diorama-bjd-minifee-msd-dolls-2\/#breadcrumb","itemListElement":[{"@type":"ListItem","position":1,"name":"Accueil","item":"https:\/\/www.sunnyshop211.com\/"},{"@type":"ListItem","position":2,"name":"Boutique","item":"https:\/\/www.sunnyshop211.com\/boutique-miniature-bjd-dolls\/"},{"@type":"ListItem","position":3,"name":"Commode miniature 1\/4 diorama bjd minifee MSD dolls"}]},{"@type":"WebSite","@id":"https:\/\/www.sunnyshop211.com\/#website","url":"https:\/\/www.sunnyshop211.com\/","name":"Sale of dioramas, furniture, miniatures, bjd dolls 1\/12 1\/8 1\/6 1\/4 1\/3","description":"Sunnyshop211 - Your miniature world for dolls and BJDs, dioramas and custom-made furniture!","publisher":{"@id":"https:\/\/www.sunnyshop211.com\/#organization"},"alternateName":"sunnyshop211","potentialAction":[{"@type":"SearchAction","target":{"@type":"EntryPoint","urlTemplate":"https:\/\/www.sunnyshop211.com\/?s={search_term_string}"},"query-input":{"@type":"PropertyValueSpecification","valueRequired":true,"valueName":"search_term_string"}}],"inLanguage":"en-US"},{"@type":"Organization","@id":"https:\/\/www.sunnyshop211.com\/#organization","name":"sunnyshop211","alternateName":"sunnyshop211 diorama bjd meuble miniature","url":"https:\/\/www.sunnyshop211.com\/","logo":{"@type":"ImageObject","inLanguage":"en-US","@id":"https:\/\/www.sunnyshop211.com\/#\/schema\/logo\/image\/","url":"https:\/\/www.sunnyshop211.com\/wp-content\/uploads\/2022\/08\/cropped-cropped-cropped-Sunnyshop211-1.png","contentUrl":"https:\/\/www.sunnyshop211.com\/wp-content\/uploads\/2022\/08\/cropped-cropped-cropped-Sunnyshop211-1.png","width":339,"height":339,"caption":"sunnyshop211"},"image":{"@id":"https:\/\/www.sunnyshop211.com\/#\/schema\/logo\/image\/"},"sameAs":["https:\/\/www.facebook.com\/sunnyshop211\/?ref=bookmarks","https:\/\/x.com\/sunnyshop211","https:\/\/www.instagram.com\/sunnyshop211\/","https:\/\/www.tumblr.com\/blog\/sunnyshop211","https:\/\/www.youtube.com\/channel\/UCtYY18OGGDKrTSzgcf7fCBg","https:\/\/www.tiktok.com\/@sunnydollshop211?is_from_webapp=1&sender_device=pc"]}]}},"jetpack_publicize_connections":[],"jetpack_sharing_enabled":true,"_links":{"self":[{"href":"https:\/\/www.sunnyshop211.com\/en\/wp-json\/wp\/v2\/product\/945","targetHints":{"allow":["GET"]}}],"collection":[{"href":"https:\/\/www.sunnyshop211.com\/en\/wp-json\/wp\/v2\/product"}],"about":[{"href":"https:\/\/www.sunnyshop211.com\/en\/wp-json\/wp\/v2\/types\/product"}],"replies":[{"embeddable":true,"href":"https:\/\/www.sunnyshop211.com\/en\/wp-json\/wp\/v2\/comments?post=945"}],"version-history":[{"count":11,"href":"https:\/\/www.sunnyshop211.com\/en\/wp-json\/wp\/v2\/product\/945\/revisions"}],"predecessor-version":[{"id":53082,"href":"https:\/\/www.sunnyshop211.com\/en\/wp-json\/wp\/v2\/product\/945\/revisions\/53082"}],"wp:featuredmedia":[{"embeddable":true,"href":"https:\/\/www.sunnyshop211.com\/en\/wp-json\/wp\/v2\/media\/29594"}],"wp:attachment":[{"href":"https:\/\/www.sunnyshop211.com\/en\/wp-json\/wp\/v2\/media?parent=945"}],"wp:term":[{"taxonomy":"product_brand","embeddable":true,"href":"https:\/\/www.sunnyshop211.com\/en\/wp-json\/wp\/v2\/product_brand?post=945"},{"taxonomy":"product_cat","embeddable":true,"href":"https:\/\/www.sunnyshop211.com\/en\/wp-json\/wp\/v2\/product_cat?post=945"},{"taxonomy":"product_tag","embeddable":true,"href":"https:\/\/www.sunnyshop211.com\/en\/wp-json\/wp\/v2\/product_tag?post=945"}],"curies":[{"name":"wp","href":"https:\/\/api.w.org\/{rel}","templated":true}]}}