{"id":878,"date":"2019-01-04T19:04:34","date_gmt":"2019-01-04T18:04:34","guid":{"rendered":"https:\/\/sunnyshop211.com\/?post_type=product&#038;p=878"},"modified":"2026-01-03T19:42:47","modified_gmt":"2026-01-03T18:42:47","slug":"table-basse-miniature-1-4-minifee-bjd-msd","status":"publish","type":"product","link":"https:\/\/www.sunnyshop211.com\/en\/product\/table-basse-miniature-1-4-minifee-bjd-msd\/","title":{"rendered":"Miniature coffee table 1\/4 minifee bjd MSD"},"content":{"rendered":"<div id='gallery-1' class='gallery galleryid-878 gallery-columns-3 gallery-size-thumbnail'><figure class='gallery-item'>\n\t\t\t<div class='gallery-icon landscape'>\n\t\t\t\t<a href='https:\/\/www.sunnyshop211.com\/en\/?attachment_id=42166'><img decoding=\"async\" width=\"150\" height=\"150\" src=\"https:\/\/www.sunnyshop211.com\/wp-content\/uploads\/2019\/01\/24-1-150x150.jpg\" class=\"attachment-thumbnail size-thumbnail\" alt=\"Table basse miniature 1\/4 minifee\u00a0bjd MSD\" srcset=\"https:\/\/www.sunnyshop211.com\/wp-content\/uploads\/2019\/01\/24-1-150x150.jpg 150w, https:\/\/www.sunnyshop211.com\/wp-content\/uploads\/2019\/01\/24-1-500x500.jpg 500w, https:\/\/www.sunnyshop211.com\/wp-content\/uploads\/2019\/01\/24-1-100x100.jpg 100w\" sizes=\"(max-width: 150px) 100vw, 150px\" \/><\/a>\n\t\t\t<\/div><\/figure><figure class='gallery-item'>\n\t\t\t<div class='gallery-icon landscape'>\n\t\t\t\t<a href='https:\/\/www.sunnyshop211.com\/en\/?attachment_id=42165'><img decoding=\"async\" width=\"150\" height=\"150\" src=\"https:\/\/www.sunnyshop211.com\/wp-content\/uploads\/2019\/01\/20-2-150x150.jpg\" class=\"attachment-thumbnail size-thumbnail\" alt=\"canap\u00e9 \/sofa 1\/4 diorama bjd minifee MSD.\" srcset=\"https:\/\/www.sunnyshop211.com\/wp-content\/uploads\/2019\/01\/20-2-150x150.jpg 150w, https:\/\/www.sunnyshop211.com\/wp-content\/uploads\/2019\/01\/20-2-500x500.jpg 500w, https:\/\/www.sunnyshop211.com\/wp-content\/uploads\/2019\/01\/20-2-100x100.jpg 100w\" sizes=\"(max-width: 150px) 100vw, 150px\" \/><\/a>\n\t\t\t<\/div><\/figure><figure class='gallery-item'>\n\t\t\t<div class='gallery-icon landscape'>\n\t\t\t\t<a href='https:\/\/www.sunnyshop211.com\/en\/?attachment_id=13391'><img decoding=\"async\" width=\"150\" height=\"150\" src=\"https:\/\/www.sunnyshop211.com\/wp-content\/uploads\/2020\/02\/hocobox-4-150x150.jpg\" class=\"attachment-thumbnail size-thumbnail\" alt=\"Table basse miniature 1\/4\" srcset=\"https:\/\/www.sunnyshop211.com\/wp-content\/uploads\/2020\/02\/hocobox-4-150x150.jpg 150w, https:\/\/www.sunnyshop211.com\/wp-content\/uploads\/2020\/02\/hocobox-4-scaled-500x500.jpg 500w, https:\/\/www.sunnyshop211.com\/wp-content\/uploads\/2020\/02\/hocobox-4-100x100.jpg 100w\" sizes=\"(max-width: 150px) 100vw, 150px\" \/><\/a>\n\t\t\t<\/div><\/figure><figure class='gallery-item'>\n\t\t\t<div class='gallery-icon landscape'>\n\t\t\t\t<a href='https:\/\/www.sunnyshop211.com\/en\/?attachment_id=13310'><img loading=\"lazy\" decoding=\"async\" width=\"150\" height=\"150\" src=\"https:\/\/www.sunnyshop211.com\/wp-content\/uploads\/2020\/02\/sm2-15-scaled-150x150.jpg\" class=\"attachment-thumbnail size-thumbnail\" alt=\"Table basse miniature 1\/4\" srcset=\"https:\/\/www.sunnyshop211.com\/wp-content\/uploads\/2020\/02\/sm2-15-scaled-150x150.jpg 150w, https:\/\/www.sunnyshop211.com\/wp-content\/uploads\/2020\/02\/sm2-15-scaled-500x500.jpg 500w, https:\/\/www.sunnyshop211.com\/wp-content\/uploads\/2020\/02\/sm2-15-100x100.jpg 100w\" sizes=\"(max-width: 150px) 100vw, 150px\" \/><\/a>\n\t\t\t<\/div><\/figure>\n\t\t<\/div>\n\n<h2 data-start=\"179\" data-end=\"249\"><strong data-start=\"179\" data-end=\"249\">Coffee table - Miniature 1\/4 - Diorama - BJD - MSD - Minifee - Unoa<\/strong><\/h2>\n<p data-start=\"251\" data-end=\"271\">\u2500\u2500\u2500\u2500\u2500\u2500\u2500\u2500\u2500\u2500\u2500\u2500\u2500\u2500\u2500\u2500\u2500\u2500\u2500\u2500<\/p>\n<p data-start=\"273\" data-end=\"290\">\u2728 <strong data-start=\"275\" data-end=\"290\">Description<\/strong><\/p>\n<p data-start=\"292\" data-end=\"562\">This miniature 1\/4 coffee table is ideal for completing your dioramas and creating realistic, harmonious settings.<br \/>\nWith its proportions adapted to 1\/4\" dolls, it fits perfectly into living-room scenes, cosy interiors or contemporary decor.<\/p>\n<p data-start=\"564\" data-end=\"634\">\u2714 Fictitious element<br data-start=\"580\" data-end=\"583\" \/>\u2714 Non-functional decoration<br data-start=\"613\" data-end=\"616\" \/>\u2714 Sold by unit<\/p>\n<p data-start=\"636\" data-end=\"656\">\u2500\u2500\u2500\u2500\u2500\u2500\u2500\u2500\u2500\u2500\u2500\u2500\u2500\u2500\u2500\u2500\u2500\u2500\u2500\u2500<\/p>\n<p data-start=\"658\" data-end=\"678\">\ud83e\uddf8 <strong data-start=\"661\" data-end=\"678\">Compatibility<\/strong><\/p>\n<p data-start=\"680\" data-end=\"722\">Suitable for dolls and miniature worlds:<\/p>\n<p data-start=\"724\" data-end=\"796\">- 1\/4: BJD, MSD, Minifee, Unoa<br data-start=\"755\" data-end=\"758\" \/>- Other dolls of equivalent size<\/p>\n<p data-start=\"798\" data-end=\"893\">Compatible with furniture and accessories sold separately in the store <strong data-start=\"876\" data-end=\"892\">sunnyshop211<\/strong>.<\/p>\n<p data-start=\"895\" data-end=\"915\">\u2500\u2500\u2500\u2500\u2500\u2500\u2500\u2500\u2500\u2500\u2500\u2500\u2500\u2500\u2500\u2500\u2500\u2500\u2500\u2500<\/p>\n<p data-start=\"917\" data-end=\"940\">\ud83e\ude91 <strong data-start=\"920\" data-end=\"940\">Features<\/strong><\/p>\n<p data-start=\"942\" data-end=\"1019\">- Miniature coffee table 1\/4<br data-start=\"969\" data-end=\"972\" \/>- Delivered furniture <strong data-start=\"987\" data-end=\"996\">mounted<\/strong><br data-start=\"996\" data-end=\"999\" \/>- Choice of color<\/p>\n<p data-start=\"1021\" data-end=\"1071\">\ud83d\udc49 The price corresponds to <strong data-start=\"1045\" data-end=\"1070\">a single coffee table<\/strong>.<\/p>\n<p data-start=\"1073\" data-end=\"1093\">\u2500\u2500\u2500\u2500\u2500\u2500\u2500\u2500\u2500\u2500\u2500\u2500\u2500\u2500\u2500\u2500\u2500\u2500\u2500\u2500<\/p>\n<p data-start=\"1095\" data-end=\"1112\">\ud83d\udccf <strong data-start=\"1098\" data-end=\"1112\">Dimensions<\/strong><\/p>\n<p data-start=\"1114\" data-end=\"1205\">- Width: 9.5 cm<br data-start=\"1132\" data-end=\"1135\" \/>- Length: 18.5 cm<br data-start=\"1155\" data-end=\"1158\" \/>- Height: 10 cm<br data-start=\"1175\" data-end=\"1178\" \/>(3.74 \u00d7 7.28 \u00d7 3.93 inches)<\/p>\n<p data-start=\"1207\" data-end=\"1227\">\u2500\u2500\u2500\u2500\u2500\u2500\u2500\u2500\u2500\u2500\u2500\u2500\u2500\u2500\u2500\u2500\u2500\u2500\u2500\u2500<\/p>\n<p data-start=\"1229\" data-end=\"1252\">\ud83c\udfa8 <strong data-start=\"1232\" data-end=\"1252\">Personalization<\/strong><\/p>\n<p data-start=\"1254\" data-end=\"1301\">- Choice of <strong data-start=\"1268\" data-end=\"1279\">color<\/strong> when ordering<\/p>\n<p data-start=\"1303\" data-end=\"1377\">\ud83d\udc49 It's up to you to modulate your d\u00e9cor to suit your mood.<\/p>\n<p data-start=\"1379\" data-end=\"1399\">\u2500\u2500\u2500\u2500\u2500\u2500\u2500\u2500\u2500\u2500\u2500\u2500\u2500\u2500\u2500\u2500\u2500\u2500\u2500\u2500<\/p>\n<p data-start=\"1401\" data-end=\"1435\">\ud83c\udfac <strong data-start=\"1404\" data-end=\"1435\">Use &amp; staging<\/strong><\/p>\n<p data-start=\"1437\" data-end=\"1557\">Ideal for :<br \/>\n- salon scenes<br data-start=\"1468\" data-end=\"1471\" \/>- interior dioramas<br data-start=\"1493\" data-end=\"1496\" \/>- cosy or modern settings<br data-start=\"1521\" data-end=\"1524\" \/>- realistic 1\/4\" staging<\/p>\n<p data-start=\"1559\" data-end=\"1636\">Accessories shown on some sets are sold separately.<\/p>\n<p data-start=\"1638\" data-end=\"1658\">\u2500\u2500\u2500\u2500\u2500\u2500\u2500\u2500\u2500\u2500\u2500\u2500\u2500\u2500\u2500\u2500\u2500\u2500\u2500\u2500<\/p>\n<h3 data-start=\"1660\" data-end=\"1690\">\ud83d\udd90\ufe0f <strong data-start=\"1664\" data-end=\"1690\">Handcrafted products<\/strong><\/h3>\n<p data-start=\"1692\" data-end=\"1746\">Each coffee table is handcrafted.<\/p>\n<p data-start=\"1748\" data-end=\"1971\">Because of its handmade character:<br \/>\n- slight differences from photos may appear<br data-start=\"1849\" data-end=\"1852\" \/>- slight variations in shape or color are possible<br data-start=\"1913\" data-end=\"1916\" \/>- some minor imperfections may be present<\/p>\n<p data-start=\"1973\" data-end=\"1993\">\u2500\u2500\u2500\u2500\u2500\u2500\u2500\u2500\u2500\u2500\u2500\u2500\u2500\u2500\u2500\u2500\u2500\u2500\u2500\u2500<\/p>\n<p data-start=\"1995\" data-end=\"2026\">\ud83d\udce6 <strong data-start=\"1998\" data-end=\"2026\">Important information<\/strong><\/p>\n<p data-start=\"2028\" data-end=\"2339\">- Sold individually (1 miniature coffee table)<br data-start=\"2071\" data-end=\"2074\" \/>- Article made to order<br data-start=\"2104\" data-end=\"2107\" \/>- Please allow for manufacturing and delivery times.<br data-start=\"2172\" data-end=\"2175\" \/>(see General Sales Conditions and delivery times)<br data-start=\"2236\" data-end=\"2239\" \/>- The photos are examples of staging<br data-start=\"2286\" data-end=\"2289\" \/>- Other decorations sold separately<\/p>\n<p data-start=\"2341\" data-end=\"2421\">More inspiration on Instagram :<br data-start=\"2376\" data-end=\"2379\" \/>\ud83d\udc49 <a class=\"decorated-link\" href=\"https:\/\/www.instagram.com\/sunnyshop211\/\" target=\"_new\" rel=\"noopener\" data-start=\"2382\" data-end=\"2421\">https:\/\/www.instagram.com\/sunnyshop211\/<\/a><\/p>\n<p data-start=\"2423\" data-end=\"2443\">\u2500\u2500\u2500\u2500\u2500\u2500\u2500\u2500\u2500\u2500\u2500\u2500\u2500\u2500\u2500\u2500\u2500\u2500\u2500\u2500<\/p>\n<p data-start=\"2445\" data-end=\"2468\">\u26a0\ufe0f <strong data-start=\"2448\" data-end=\"2468\">Terms of use<\/strong><\/p>\n<p data-start=\"2470\" data-end=\"2610\">!!!! This is not a toy, this article is intended for adults.<br data-start=\"2541\" data-end=\"2544\" \/>I am not responsible for any damage in transit.<\/p>\n<p data-start=\"2612\" data-end=\"2700\">\ud83e\ude91\u2728 An elegantly proportioned miniature coffee table to sublimate your scenes at 1\/4.<\/p>","protected":false},"excerpt":{"rendered":"<p>&nbsp;<\/p>\n<p>&nbsp;<\/p>","protected":false},"featured_media":42165,"comment_status":"open","ping_status":"closed","template":"","meta":{"_crdt_document":"","jetpack_post_was_ever_published":false,"jetpack_publicize_message":"","jetpack_publicize_feature_enabled":true,"jetpack_social_post_already_shared":true,"jetpack_social_options":{"image_generator_settings":{"template":"highway","default_image_id":0,"font":"","enabled":false},"version":2}},"product_brand":[],"product_cat":[667687014],"product_tag":[667681136,667681234,667681226,667681233,667681239,667681225,667681241,667681236,667681261,667681232,667681173,667681237,667681304,667681260],"class_list":{"0":"post-878","1":"product","2":"type-product","3":"status-publish","4":"has-post-thumbnail","6":"product_cat-salon","7":"product_tag-bjd","8":"product_tag-diorama","9":"product_tag-doll","10":"product_tag-dollhouse","11":"product_tag-fairyland","12":"product_tag-furniture","13":"product_tag-iplehouse","14":"product_tag-maison-de-poupee","15":"product_tag-meuble","16":"product_tag-miniature","17":"product_tag-minifee","18":"product_tag-msd","19":"product_tag-table","20":"product_tag-tonner","21":"product_shipping_class-colissimo-5","22":"pa_couleur-beige","23":"pa_couleur-blanc","24":"pa_couleur-bleu","25":"pa_couleur-gris","26":"pa_couleur-noir","27":"pa_couleur-non-peint","28":"pa_couleur-rose","29":"pa_couleur-rouge","30":"pa_couleur-shabby-blanc","31":"pa_couleur-vert","32":"pa_couleur-violet","34":"first","35":"instock","36":"taxable","37":"shipping-taxable","38":"purchasable","39":"product-type-variable"},"yoast_head":"<!-- This site is optimized with the Yoast SEO plugin v27.5 - https:\/\/yoast.com\/product\/yoast-seo-wordpress\/ -->\n<title>Table basse miniature 1\/4 minifee\u00a0bjd MSD -<\/title>\n<meta name=\"description\" content=\"Table basse miniature 1\/4 minifee\u00a0 pour poup\u00e9es bjd MSD, unoa ou autres de m\u00eame tailles. Id\u00e9al pour vos mises en sc\u00e8nes et vos dioramas.\" \/>\n<meta name=\"robots\" content=\"index, follow, max-snippet:-1, max-image-preview:large, max-video-preview:-1\" \/>\n<link rel=\"canonical\" href=\"https:\/\/www.sunnyshop211.com\/en\/product\/table-basse-miniature-1-4-minifee-bjd-msd\/\" \/>\n<meta property=\"og:locale\" content=\"en_US\" \/>\n<meta property=\"og:type\" content=\"article\" \/>\n<meta property=\"og:title\" content=\"Table basse miniature 1\/4 minifee\u00a0bjd MSD -\" \/>\n<meta property=\"og:description\" content=\"Table basse miniature 1\/4 minifee\u00a0 pour poup\u00e9es bjd MSD, unoa ou autres de m\u00eame tailles. Id\u00e9al pour vos mises en sc\u00e8nes et vos dioramas.\" \/>\n<meta property=\"og:url\" content=\"https:\/\/www.sunnyshop211.com\/en\/product\/table-basse-miniature-1-4-minifee-bjd-msd\/\" \/>\n<meta property=\"og:site_name\" content=\"Sunnyshop211 -Vente de dioramas, meubles, miniatures , bjd poup\u00e9es 1\/12 1\/8 1\/6 1\/4 1\/3\" \/>\n<meta property=\"article:publisher\" content=\"https:\/\/www.facebook.com\/sunnyshop211\/?ref=bookmarks\" \/>\n<meta property=\"article:modified_time\" content=\"2026-01-03T18:42:47+00:00\" \/>\n<meta property=\"og:image\" content=\"https:\/\/www.sunnyshop211.com\/wp-content\/uploads\/2019\/01\/20-2-scaled.jpg\" \/>\n\t<meta property=\"og:image:width\" content=\"2560\" \/>\n\t<meta property=\"og:image:height\" content=\"1816\" \/>\n\t<meta property=\"og:image:type\" content=\"image\/jpeg\" \/>\n<meta name=\"twitter:card\" content=\"summary_large_image\" \/>\n<meta name=\"twitter:site\" content=\"@sunnyshop211\" \/>\n<meta name=\"twitter:label1\" content=\"Est. reading time\" \/>\n\t<meta name=\"twitter:data1\" content=\"3 minutes\" \/>\n<script type=\"application\/ld+json\" class=\"yoast-schema-graph\">{\"@context\":\"https:\\\/\\\/schema.org\",\"@graph\":[{\"@type\":\"WebPage\",\"@id\":\"https:\\\/\\\/www.sunnyshop211.com\\\/produit\\\/table-basse-miniature-1-4-minifee-bjd-msd\\\/\",\"url\":\"https:\\\/\\\/www.sunnyshop211.com\\\/produit\\\/table-basse-miniature-1-4-minifee-bjd-msd\\\/\",\"name\":\"Table basse miniature 1\\\/4 minifee\u00a0bjd MSD -\",\"isPartOf\":{\"@id\":\"https:\\\/\\\/www.sunnyshop211.com\\\/#website\"},\"primaryImageOfPage\":{\"@id\":\"https:\\\/\\\/www.sunnyshop211.com\\\/produit\\\/table-basse-miniature-1-4-minifee-bjd-msd\\\/#primaryimage\"},\"image\":{\"@id\":\"https:\\\/\\\/www.sunnyshop211.com\\\/produit\\\/table-basse-miniature-1-4-minifee-bjd-msd\\\/#primaryimage\"},\"thumbnailUrl\":\"https:\\\/\\\/www.sunnyshop211.com\\\/wp-content\\\/uploads\\\/2019\\\/01\\\/20-2-scaled.jpg\",\"datePublished\":\"2019-01-04T18:04:34+00:00\",\"dateModified\":\"2026-01-03T18:42:47+00:00\",\"description\":\"Table basse miniature 1\\\/4 minifee\u00a0 pour poup\u00e9es bjd MSD, unoa ou autres de m\u00eame tailles. Id\u00e9al pour vos mises en sc\u00e8nes et vos dioramas.\",\"breadcrumb\":{\"@id\":\"https:\\\/\\\/www.sunnyshop211.com\\\/produit\\\/table-basse-miniature-1-4-minifee-bjd-msd\\\/#breadcrumb\"},\"inLanguage\":\"en-US\",\"potentialAction\":[{\"@type\":\"ReadAction\",\"target\":[\"https:\\\/\\\/www.sunnyshop211.com\\\/produit\\\/table-basse-miniature-1-4-minifee-bjd-msd\\\/\"]}]},{\"@type\":\"ImageObject\",\"inLanguage\":\"en-US\",\"@id\":\"https:\\\/\\\/www.sunnyshop211.com\\\/produit\\\/table-basse-miniature-1-4-minifee-bjd-msd\\\/#primaryimage\",\"url\":\"https:\\\/\\\/www.sunnyshop211.com\\\/wp-content\\\/uploads\\\/2019\\\/01\\\/20-2-scaled.jpg\",\"contentUrl\":\"https:\\\/\\\/www.sunnyshop211.com\\\/wp-content\\\/uploads\\\/2019\\\/01\\\/20-2-scaled.jpg\",\"width\":2560,\"height\":1816,\"caption\":\"canap\u00e9 \\\/sofa 1\\\/4 diorama bjd minifee MSD.\"},{\"@type\":\"BreadcrumbList\",\"@id\":\"https:\\\/\\\/www.sunnyshop211.com\\\/produit\\\/table-basse-miniature-1-4-minifee-bjd-msd\\\/#breadcrumb\",\"itemListElement\":[{\"@type\":\"ListItem\",\"position\":1,\"name\":\"Accueil\",\"item\":\"https:\\\/\\\/www.sunnyshop211.com\\\/\"},{\"@type\":\"ListItem\",\"position\":2,\"name\":\"Boutique\",\"item\":\"https:\\\/\\\/www.sunnyshop211.com\\\/boutique-miniature-bjd-dolls\\\/\"},{\"@type\":\"ListItem\",\"position\":3,\"name\":\"Table basse miniature 1\\\/4 minifee\u00a0bjd MSD\"}]},{\"@type\":\"WebSite\",\"@id\":\"https:\\\/\\\/www.sunnyshop211.com\\\/#website\",\"url\":\"https:\\\/\\\/www.sunnyshop211.com\\\/\",\"name\":\"Vente de dioramas, meubles, miniatures , bjd poup\u00e9es 1\\\/12 1\\\/8 1\\\/6 1\\\/4 1\\\/3\",\"description\":\"Sunnyshop211 - Votre univers miniature pour poup\u00e9es et BJD, dioramas et meubles sur mesure !\",\"publisher\":{\"@id\":\"https:\\\/\\\/www.sunnyshop211.com\\\/#organization\"},\"alternateName\":\"sunnyshop211\",\"potentialAction\":[{\"@type\":\"SearchAction\",\"target\":{\"@type\":\"EntryPoint\",\"urlTemplate\":\"https:\\\/\\\/www.sunnyshop211.com\\\/?s={search_term_string}\"},\"query-input\":{\"@type\":\"PropertyValueSpecification\",\"valueRequired\":true,\"valueName\":\"search_term_string\"}}],\"inLanguage\":\"en-US\"},{\"@type\":\"Organization\",\"@id\":\"https:\\\/\\\/www.sunnyshop211.com\\\/#organization\",\"name\":\"sunnyshop211\",\"alternateName\":\"sunnyshop211 diorama bjd meuble miniature\",\"url\":\"https:\\\/\\\/www.sunnyshop211.com\\\/\",\"logo\":{\"@type\":\"ImageObject\",\"inLanguage\":\"en-US\",\"@id\":\"https:\\\/\\\/www.sunnyshop211.com\\\/#\\\/schema\\\/logo\\\/image\\\/\",\"url\":\"https:\\\/\\\/www.sunnyshop211.com\\\/wp-content\\\/uploads\\\/2022\\\/08\\\/cropped-cropped-cropped-Sunnyshop211-1.png\",\"contentUrl\":\"https:\\\/\\\/www.sunnyshop211.com\\\/wp-content\\\/uploads\\\/2022\\\/08\\\/cropped-cropped-cropped-Sunnyshop211-1.png\",\"width\":339,\"height\":339,\"caption\":\"sunnyshop211\"},\"image\":{\"@id\":\"https:\\\/\\\/www.sunnyshop211.com\\\/#\\\/schema\\\/logo\\\/image\\\/\"},\"sameAs\":[\"https:\\\/\\\/www.facebook.com\\\/sunnyshop211\\\/?ref=bookmarks\",\"https:\\\/\\\/x.com\\\/sunnyshop211\",\"https:\\\/\\\/www.instagram.com\\\/sunnyshop211\\\/\",\"https:\\\/\\\/www.tumblr.com\\\/blog\\\/sunnyshop211\",\"https:\\\/\\\/www.youtube.com\\\/channel\\\/UCtYY18OGGDKrTSzgcf7fCBg\",\"https:\\\/\\\/www.tiktok.com\\\/@sunnydollshop211?is_from_webapp=1&sender_device=pc\"]}]}<\/script>\n<!-- \/ Yoast SEO plugin. -->","yoast_head_json":{"title":"Miniature coffee table 1\/4 minifee bjd MSD -","description":"Miniature 1\/4 minifee coffee table for bjd MSD, unoa or similar dolls. Ideal for staging and dioramas.","robots":{"index":"index","follow":"follow","max-snippet":"max-snippet:-1","max-image-preview":"max-image-preview:large","max-video-preview":"max-video-preview:-1"},"canonical":"https:\/\/www.sunnyshop211.com\/en\/product\/table-basse-miniature-1-4-minifee-bjd-msd\/","og_locale":"en_US","og_type":"article","og_title":"Table basse miniature 1\/4 minifee\u00a0bjd MSD -","og_description":"Table basse miniature 1\/4 minifee\u00a0 pour poup\u00e9es bjd MSD, unoa ou autres de m\u00eame tailles. Id\u00e9al pour vos mises en sc\u00e8nes et vos dioramas.","og_url":"https:\/\/www.sunnyshop211.com\/en\/product\/table-basse-miniature-1-4-minifee-bjd-msd\/","og_site_name":"Sunnyshop211 -Vente de dioramas, meubles, miniatures , bjd poup\u00e9es 1\/12 1\/8 1\/6 1\/4 1\/3","article_publisher":"https:\/\/www.facebook.com\/sunnyshop211\/?ref=bookmarks","article_modified_time":"2026-01-03T18:42:47+00:00","og_image":[{"width":2560,"height":1816,"url":"https:\/\/www.sunnyshop211.com\/wp-content\/uploads\/2019\/01\/20-2-scaled.jpg","type":"image\/jpeg"}],"twitter_card":"summary_large_image","twitter_site":"@sunnyshop211","twitter_misc":{"Est. reading time":"3 minutes"},"schema":{"@context":"https:\/\/schema.org","@graph":[{"@type":"WebPage","@id":"https:\/\/www.sunnyshop211.com\/produit\/table-basse-miniature-1-4-minifee-bjd-msd\/","url":"https:\/\/www.sunnyshop211.com\/produit\/table-basse-miniature-1-4-minifee-bjd-msd\/","name":"Miniature coffee table 1\/4 minifee bjd MSD -","isPartOf":{"@id":"https:\/\/www.sunnyshop211.com\/#website"},"primaryImageOfPage":{"@id":"https:\/\/www.sunnyshop211.com\/produit\/table-basse-miniature-1-4-minifee-bjd-msd\/#primaryimage"},"image":{"@id":"https:\/\/www.sunnyshop211.com\/produit\/table-basse-miniature-1-4-minifee-bjd-msd\/#primaryimage"},"thumbnailUrl":"https:\/\/www.sunnyshop211.com\/wp-content\/uploads\/2019\/01\/20-2-scaled.jpg","datePublished":"2019-01-04T18:04:34+00:00","dateModified":"2026-01-03T18:42:47+00:00","description":"Miniature 1\/4 minifee coffee table for bjd MSD, unoa or similar dolls. Ideal for staging and dioramas.","breadcrumb":{"@id":"https:\/\/www.sunnyshop211.com\/produit\/table-basse-miniature-1-4-minifee-bjd-msd\/#breadcrumb"},"inLanguage":"en-US","potentialAction":[{"@type":"ReadAction","target":["https:\/\/www.sunnyshop211.com\/produit\/table-basse-miniature-1-4-minifee-bjd-msd\/"]}]},{"@type":"ImageObject","inLanguage":"en-US","@id":"https:\/\/www.sunnyshop211.com\/produit\/table-basse-miniature-1-4-minifee-bjd-msd\/#primaryimage","url":"https:\/\/www.sunnyshop211.com\/wp-content\/uploads\/2019\/01\/20-2-scaled.jpg","contentUrl":"https:\/\/www.sunnyshop211.com\/wp-content\/uploads\/2019\/01\/20-2-scaled.jpg","width":2560,"height":1816,"caption":"canap\u00e9 \/sofa 1\/4 diorama bjd minifee MSD."},{"@type":"BreadcrumbList","@id":"https:\/\/www.sunnyshop211.com\/produit\/table-basse-miniature-1-4-minifee-bjd-msd\/#breadcrumb","itemListElement":[{"@type":"ListItem","position":1,"name":"Accueil","item":"https:\/\/www.sunnyshop211.com\/"},{"@type":"ListItem","position":2,"name":"Boutique","item":"https:\/\/www.sunnyshop211.com\/boutique-miniature-bjd-dolls\/"},{"@type":"ListItem","position":3,"name":"Table basse miniature 1\/4 minifee\u00a0bjd MSD"}]},{"@type":"WebSite","@id":"https:\/\/www.sunnyshop211.com\/#website","url":"https:\/\/www.sunnyshop211.com\/","name":"Sale of dioramas, furniture, miniatures, bjd dolls 1\/12 1\/8 1\/6 1\/4 1\/3","description":"Sunnyshop211 - Your miniature world for dolls and BJDs, dioramas and custom-made furniture!","publisher":{"@id":"https:\/\/www.sunnyshop211.com\/#organization"},"alternateName":"sunnyshop211","potentialAction":[{"@type":"SearchAction","target":{"@type":"EntryPoint","urlTemplate":"https:\/\/www.sunnyshop211.com\/?s={search_term_string}"},"query-input":{"@type":"PropertyValueSpecification","valueRequired":true,"valueName":"search_term_string"}}],"inLanguage":"en-US"},{"@type":"Organization","@id":"https:\/\/www.sunnyshop211.com\/#organization","name":"sunnyshop211","alternateName":"sunnyshop211 diorama bjd meuble miniature","url":"https:\/\/www.sunnyshop211.com\/","logo":{"@type":"ImageObject","inLanguage":"en-US","@id":"https:\/\/www.sunnyshop211.com\/#\/schema\/logo\/image\/","url":"https:\/\/www.sunnyshop211.com\/wp-content\/uploads\/2022\/08\/cropped-cropped-cropped-Sunnyshop211-1.png","contentUrl":"https:\/\/www.sunnyshop211.com\/wp-content\/uploads\/2022\/08\/cropped-cropped-cropped-Sunnyshop211-1.png","width":339,"height":339,"caption":"sunnyshop211"},"image":{"@id":"https:\/\/www.sunnyshop211.com\/#\/schema\/logo\/image\/"},"sameAs":["https:\/\/www.facebook.com\/sunnyshop211\/?ref=bookmarks","https:\/\/x.com\/sunnyshop211","https:\/\/www.instagram.com\/sunnyshop211\/","https:\/\/www.tumblr.com\/blog\/sunnyshop211","https:\/\/www.youtube.com\/channel\/UCtYY18OGGDKrTSzgcf7fCBg","https:\/\/www.tiktok.com\/@sunnydollshop211?is_from_webapp=1&sender_device=pc"]}]}},"jetpack_publicize_connections":[],"jetpack_sharing_enabled":true,"_links":{"self":[{"href":"https:\/\/www.sunnyshop211.com\/en\/wp-json\/wp\/v2\/product\/878","targetHints":{"allow":["GET"]}}],"collection":[{"href":"https:\/\/www.sunnyshop211.com\/en\/wp-json\/wp\/v2\/product"}],"about":[{"href":"https:\/\/www.sunnyshop211.com\/en\/wp-json\/wp\/v2\/types\/product"}],"replies":[{"embeddable":true,"href":"https:\/\/www.sunnyshop211.com\/en\/wp-json\/wp\/v2\/comments?post=878"}],"version-history":[{"count":7,"href":"https:\/\/www.sunnyshop211.com\/en\/wp-json\/wp\/v2\/product\/878\/revisions"}],"predecessor-version":[{"id":54167,"href":"https:\/\/www.sunnyshop211.com\/en\/wp-json\/wp\/v2\/product\/878\/revisions\/54167"}],"wp:featuredmedia":[{"embeddable":true,"href":"https:\/\/www.sunnyshop211.com\/en\/wp-json\/wp\/v2\/media\/42165"}],"wp:attachment":[{"href":"https:\/\/www.sunnyshop211.com\/en\/wp-json\/wp\/v2\/media?parent=878"}],"wp:term":[{"taxonomy":"product_brand","embeddable":true,"href":"https:\/\/www.sunnyshop211.com\/en\/wp-json\/wp\/v2\/product_brand?post=878"},{"taxonomy":"product_cat","embeddable":true,"href":"https:\/\/www.sunnyshop211.com\/en\/wp-json\/wp\/v2\/product_cat?post=878"},{"taxonomy":"product_tag","embeddable":true,"href":"https:\/\/www.sunnyshop211.com\/en\/wp-json\/wp\/v2\/product_tag?post=878"}],"curies":[{"name":"wp","href":"https:\/\/api.w.org\/{rel}","templated":true}]}}