{"id":874,"date":"2019-01-04T18:32:24","date_gmt":"2019-01-04T17:32:24","guid":{"rendered":"https:\/\/sunnyshop211.com\/?post_type=product&#038;p=874"},"modified":"2025-12-31T13:39:00","modified_gmt":"2025-12-31T12:39:00","slug":"grille-pain-miniature-1-4-bjd-minifee-msd-ou-autre-de-meme-taille","status":"publish","type":"product","link":"https:\/\/www.sunnyshop211.com\/en\/product\/grille-pain-miniature-1-4-bjd-minifee-msd-ou-autre-de-meme-taille\/","title":{"rendered":"1\/4 bjd minifee MSD toaster or other similar size."},"content":{"rendered":"<div id='gallery-1' class='gallery galleryid-874 gallery-columns-3 gallery-size-thumbnail'><figure class='gallery-item'>\n\t\t\t<div class='gallery-icon landscape'>\n\t\t\t\t<a href='https:\/\/www.sunnyshop211.com\/en\/?attachment_id=44450'><img decoding=\"async\" width=\"150\" height=\"150\" src=\"https:\/\/www.sunnyshop211.com\/wp-content\/uploads\/2022\/09\/17-150x150.jpg\" class=\"attachment-thumbnail size-thumbnail\" alt=\"grille-pain miniature 1\/4 bjd minifee MSD ou autre de m\u00eame taille.\" srcset=\"https:\/\/www.sunnyshop211.com\/wp-content\/uploads\/2022\/09\/17-150x150.jpg 150w, https:\/\/www.sunnyshop211.com\/wp-content\/uploads\/2022\/09\/17-500x500.jpg 500w, https:\/\/www.sunnyshop211.com\/wp-content\/uploads\/2022\/09\/17-100x100.jpg 100w\" sizes=\"(max-width: 150px) 100vw, 150px\" \/><\/a>\n\t\t\t<\/div><\/figure><figure class='gallery-item'>\n\t\t\t<div class='gallery-icon landscape'>\n\t\t\t\t<a href='https:\/\/www.sunnyshop211.com\/en\/?attachment_id=8935'><img decoding=\"async\" width=\"150\" height=\"150\" src=\"https:\/\/www.sunnyshop211.com\/wp-content\/uploads\/2019\/08\/1565965163916-599-scaled-150x150.jpg\" class=\"attachment-thumbnail size-thumbnail\" alt=\"\" srcset=\"https:\/\/www.sunnyshop211.com\/wp-content\/uploads\/2019\/08\/1565965163916-599-scaled-150x150.jpg 150w, https:\/\/www.sunnyshop211.com\/wp-content\/uploads\/2019\/08\/1565965163916-599-scaled-500x500.jpg 500w, https:\/\/www.sunnyshop211.com\/wp-content\/uploads\/2019\/08\/1565965163916-599-100x100.jpg 100w, https:\/\/www.sunnyshop211.com\/wp-content\/uploads\/2019\/08\/1565965163916-599-300x300.jpg 300w\" sizes=\"(max-width: 150px) 100vw, 150px\" \/><\/a>\n\t\t\t<\/div><\/figure><figure class='gallery-item'>\n\t\t\t<div class='gallery-icon landscape'>\n\t\t\t\t<a href='https:\/\/www.sunnyshop211.com\/en\/?attachment_id=8919'><img decoding=\"async\" width=\"150\" height=\"150\" src=\"https:\/\/www.sunnyshop211.com\/wp-content\/uploads\/2019\/08\/1565965163914-155-scaled-150x150.jpg\" class=\"attachment-thumbnail size-thumbnail\" alt=\"grille-pain miniature 1\/4 bjd minifee MSD ou autre de m\u00eame taille.\" srcset=\"https:\/\/www.sunnyshop211.com\/wp-content\/uploads\/2019\/08\/1565965163914-155-scaled-150x150.jpg 150w, https:\/\/www.sunnyshop211.com\/wp-content\/uploads\/2019\/08\/1565965163914-155-scaled-500x500.jpg 500w, https:\/\/www.sunnyshop211.com\/wp-content\/uploads\/2019\/08\/1565965163914-155-100x100.jpg 100w\" sizes=\"(max-width: 150px) 100vw, 150px\" \/><\/a>\n\t\t\t<\/div><\/figure><figure class='gallery-item'>\n\t\t\t<div class='gallery-icon landscape'>\n\t\t\t\t<a href='https:\/\/www.sunnyshop211.com\/en\/?attachment_id=44449'><img loading=\"lazy\" decoding=\"async\" width=\"150\" height=\"150\" src=\"https:\/\/www.sunnyshop211.com\/wp-content\/uploads\/2022\/09\/16-150x150.jpg\" class=\"attachment-thumbnail size-thumbnail\" alt=\"Cuisine 1\/4 minifee, MSD, bimong\" srcset=\"https:\/\/www.sunnyshop211.com\/wp-content\/uploads\/2022\/09\/16-150x150.jpg 150w, https:\/\/www.sunnyshop211.com\/wp-content\/uploads\/2022\/09\/16-500x500.jpg 500w, https:\/\/www.sunnyshop211.com\/wp-content\/uploads\/2022\/09\/16-100x100.jpg 100w\" sizes=\"(max-width: 150px) 100vw, 150px\" \/><\/a>\n\t\t\t<\/div><\/figure>\n\t\t<\/div>\n\n<h2 data-start=\"136\" data-end=\"166\">Miniature toaster - 1\/4<\/h2>\n<p data-start=\"168\" data-end=\"188\">\u2500\u2500\u2500\u2500\u2500\u2500\u2500\u2500\u2500\u2500\u2500\u2500\u2500\u2500\u2500\u2500\u2500\u2500\u2500\u2500<\/p>\n<h3 data-start=\"190\" data-end=\"207\">\u2728 Description<\/h3>\n<p data-start=\"209\" data-end=\"333\">This miniature 1\/4-scale toaster is ideal for completing your kitchen scenes and customizing your 1\/4-scale dioramas.<\/p>\n<p data-start=\"335\" data-end=\"393\">It adds a realistic touch to your miniature worlds.<\/p>\n<p data-start=\"395\" data-end=\"444\">\u2714 Fictional article.<br data-start=\"412\" data-end=\"415\" \/>\u2714 Sold with two slices of toast.<\/p>\n<p data-start=\"446\" data-end=\"466\">\u2500\u2500\u2500\u2500\u2500\u2500\u2500\u2500\u2500\u2500\u2500\u2500\u2500\u2500\u2500\u2500\u2500\u2500\u2500\u2500<\/p>\n<h3 data-start=\"468\" data-end=\"485\">\ud83d\udccf Dimensions<\/h3>\n<p data-start=\"487\" data-end=\"527\">- Height: 2 cm.<br data-start=\"504\" data-end=\"507\" \/>- Length: 5 cm.<\/p>\n<p data-start=\"529\" data-end=\"549\">\u2500\u2500\u2500\u2500\u2500\u2500\u2500\u2500\u2500\u2500\u2500\u2500\u2500\u2500\u2500\u2500\u2500\u2500\u2500\u2500<\/p>\n<h3 data-start=\"551\" data-end=\"566\">\ud83c\udfa8 Finish<\/h3>\n<p data-start=\"568\" data-end=\"729\">- 1\/4\" miniature toaster.<br data-start=\"599\" data-end=\"602\" \/>- Sold with two slices of bread, all painted.<br data-start=\"644\" data-end=\"647\" \/>- Your choice of color.<br data-start=\"684\" data-end=\"687\" \/>- It's up to you to adapt to your world.<\/p>\n<p data-start=\"731\" data-end=\"751\">\u2500\u2500\u2500\u2500\u2500\u2500\u2500\u2500\u2500\u2500\u2500\u2500\u2500\u2500\u2500\u2500\u2500\u2500\u2500\u2500<\/p>\n<h3 data-start=\"753\" data-end=\"773\">\ud83e\uddf8 Compatibility<\/h3>\n<p data-start=\"775\" data-end=\"830\">Compatible with 1\/4-size dolls, such as :<\/p>\n<p data-start=\"832\" data-end=\"909\">- BJD.<br data-start=\"838\" data-end=\"841\" \/>- Minifee.<br data-start=\"851\" data-end=\"854\" \/>- MSD.<br data-start=\"860\" data-end=\"863\" \/>- Or any other doll of equivalent size.<\/p>\n<p data-start=\"911\" data-end=\"1107\">Works perfectly with the Kitchenaid mixer of the same size.<br data-start=\"982\" data-end=\"985\" \/>Compatible with my miniature furniture sold separately in the store.<br data-start=\"1059\" data-end=\"1062\" \/>Ideal for staging and dioramas.<\/p>\n<p data-start=\"1109\" data-end=\"1129\">\u2500\u2500\u2500\u2500\u2500\u2500\u2500\u2500\u2500\u2500\u2500\u2500\u2500\u2500\u2500\u2500\u2500\u2500\u2500\u2500<\/p>\n<h3 data-start=\"1131\" data-end=\"1161\">\ud83d\udd90\ufe0f Craft manufacturing<\/h3>\n<p data-start=\"1163\" data-end=\"1213\">Each piece is handcrafted.<\/p>\n<p data-start=\"1215\" data-end=\"1357\">Because of its handmade character:<br data-start=\"1249\" data-end=\"1252\" \/>- slight variations in shape may occur.<br data-start=\"1304\" data-end=\"1307\" \/>- a few minor imperfections are possible.<\/p>\n<p data-start=\"1359\" data-end=\"1379\">\u2500\u2500\u2500\u2500\u2500\u2500\u2500\u2500\u2500\u2500\u2500\u2500\u2500\u2500\u2500\u2500\u2500\u2500\u2500\u2500<\/p>\n<h3 data-start=\"1381\" data-end=\"1412\">\ud83d\udce6 Important information<\/h3>\n<p data-start=\"1414\" data-end=\"1726\">- Made to order.<br data-start=\"1445\" data-end=\"1448\" \/>- The photos are examples of staging.<br data-start=\"1496\" data-end=\"1499\" \/>- Only the toaster and its two slices of toast are sold.<br data-start=\"1554\" data-end=\"1557\" \/>- Other visible decorations are sold separately in the store.<br data-start=\"1632\" data-end=\"1635\" \/>- More photos available on Instagram :<br data-start=\"1679\" data-end=\"1682\" \/>\ud83d\udc49 <a class=\"decorated-link\" href=\"https:\/\/www.instagram.com\/sunnyshop211\/\" target=\"_new\" rel=\"noopener\" data-start=\"1685\" data-end=\"1724\">https:\/\/www.instagram.com\/sunnyshop211\/<\/a><\/p>\n<p data-start=\"1728\" data-end=\"1748\">\u2500\u2500\u2500\u2500\u2500\u2500\u2500\u2500\u2500\u2500\u2500\u2500\u2500\u2500\u2500\u2500\u2500\u2500\u2500\u2500<\/p>\n<h3 data-start=\"1750\" data-end=\"1773\">\u26a0\ufe0f Imprint<\/h3>\n<p data-start=\"1775\" data-end=\"1917\">!!!! This is not a toy, this article is intended for adults.<br data-start=\"1846\" data-end=\"1849\" \/>I am not responsible for any damage in transit.<\/p>\n<p>&nbsp;<\/p>\n<p>&nbsp;<\/p>","protected":false},"excerpt":{"rendered":"<p>Grille-pain miniature \u2013 1\/4 \u2500\u2500\u2500\u2500\u2500\u2500\u2500\u2500\u2500\u2500\u2500\u2500\u2500\u2500\u2500\u2500\u2500\u2500\u2500\u2500 \u2728 Description Ce grille-pain miniature au 1\/4 est id\u00e9al pour compl\u00e9ter vos mises en sc\u00e8nes de cuisine et customiser vos dioramas au 1\/4. Il apporte une touche r\u00e9aliste \u00e0 vos univers miniatures. \u2714 Article fictif.\u2714 Vendu avec deux tartines. \u2500\u2500\u2500\u2500\u2500\u2500\u2500\u2500\u2500\u2500\u2500\u2500\u2500\u2500\u2500\u2500\u2500\u2500\u2500\u2500 \ud83d\udccf Dimensions \u2022 Hauteur : 2 cm.\u2022 Longueur : 5 [&hellip;]<\/p>\n","protected":false},"featured_media":44450,"comment_status":"open","ping_status":"closed","template":"","meta":{"_crdt_document":"","jetpack_post_was_ever_published":false,"jetpack_publicize_message":"","jetpack_publicize_feature_enabled":true,"jetpack_social_post_already_shared":true,"jetpack_social_options":{"image_generator_settings":{"template":"highway","default_image_id":0,"font":"","enabled":false},"version":2}},"product_brand":[],"product_cat":[667687019],"product_tag":[667681226,667681294,667681272,667681296,667681292,667681295,667681236,667681173,667681237,667681297,667681177,667681293,667681260],"class_list":{"0":"post-874","1":"product","2":"type-product","3":"status-publish","4":"has-post-thumbnail","6":"product_cat-meubles-electromenager","7":"product_tag-doll","8":"product_tag-dollho","9":"product_tag-elowynn-wilde","10":"product_tag-food","11":"product_tag-grille-pain","12":"product_tag-kitchen","13":"product_tag-maison-de-poupee","14":"product_tag-minifee","15":"product_tag-msd","16":"product_tag-nourriture","17":"product_tag-poupee","18":"product_tag-toaster","19":"product_tag-tonner","20":"product_shipping_class-colissimo-5","22":"first","23":"instock","24":"taxable","25":"shipping-taxable","26":"purchasable","27":"product-type-variable"},"yoast_head":"<!-- This site is optimized with the Yoast SEO plugin v27.5 - https:\/\/yoast.com\/product\/yoast-seo-wordpress\/ -->\n<title>grille-pain miniature 1\/4 bjd minifee MSD ou autre de m\u00eame taille. -<\/title>\n<meta name=\"description\" content=\"grille-pain miniature 1\/4 bjd minifee MSD ou autre de m\u00eame taille. id\u00e9al pour vos mises en sc\u00e8nes et pour customiser vos diorama au 1\/4.\" \/>\n<meta name=\"robots\" content=\"index, follow, max-snippet:-1, max-image-preview:large, max-video-preview:-1\" \/>\n<link rel=\"canonical\" href=\"https:\/\/www.sunnyshop211.com\/en\/product\/grille-pain-miniature-1-4-bjd-minifee-msd-ou-autre-de-meme-taille\/\" \/>\n<meta property=\"og:locale\" content=\"en_US\" \/>\n<meta property=\"og:type\" content=\"article\" \/>\n<meta property=\"og:title\" content=\"grille-pain miniature 1\/4 bjd minifee MSD ou autre de m\u00eame taille. -\" \/>\n<meta property=\"og:description\" content=\"grille-pain miniature 1\/4 bjd minifee MSD ou autre de m\u00eame taille. id\u00e9al pour vos mises en sc\u00e8nes et pour customiser vos diorama au 1\/4.\" \/>\n<meta property=\"og:url\" content=\"https:\/\/www.sunnyshop211.com\/en\/product\/grille-pain-miniature-1-4-bjd-minifee-msd-ou-autre-de-meme-taille\/\" \/>\n<meta property=\"og:site_name\" content=\"Sunnyshop211 -Vente de dioramas, meubles, miniatures , bjd poup\u00e9es 1\/12 1\/8 1\/6 1\/4 1\/3\" \/>\n<meta property=\"article:publisher\" content=\"https:\/\/www.facebook.com\/sunnyshop211\/?ref=bookmarks\" \/>\n<meta property=\"article:modified_time\" content=\"2025-12-31T12:39:00+00:00\" \/>\n<meta property=\"og:image\" content=\"https:\/\/www.sunnyshop211.com\/wp-content\/uploads\/2022\/09\/17-scaled.jpg\" \/>\n\t<meta property=\"og:image:width\" content=\"2560\" \/>\n\t<meta property=\"og:image:height\" content=\"1707\" \/>\n\t<meta property=\"og:image:type\" content=\"image\/jpeg\" \/>\n<meta name=\"twitter:card\" content=\"summary_large_image\" \/>\n<meta name=\"twitter:site\" content=\"@sunnyshop211\" \/>\n<meta name=\"twitter:label1\" content=\"Est. reading time\" \/>\n\t<meta name=\"twitter:data1\" content=\"2 minutes\" \/>\n<script type=\"application\/ld+json\" class=\"yoast-schema-graph\">{\"@context\":\"https:\\\/\\\/schema.org\",\"@graph\":[{\"@type\":\"WebPage\",\"@id\":\"https:\\\/\\\/www.sunnyshop211.com\\\/produit\\\/grille-pain-miniature-1-4-bjd-minifee-msd-ou-autre-de-meme-taille\\\/\",\"url\":\"https:\\\/\\\/www.sunnyshop211.com\\\/produit\\\/grille-pain-miniature-1-4-bjd-minifee-msd-ou-autre-de-meme-taille\\\/\",\"name\":\"grille-pain miniature 1\\\/4 bjd minifee MSD ou autre de m\u00eame taille. -\",\"isPartOf\":{\"@id\":\"https:\\\/\\\/www.sunnyshop211.com\\\/#website\"},\"primaryImageOfPage\":{\"@id\":\"https:\\\/\\\/www.sunnyshop211.com\\\/produit\\\/grille-pain-miniature-1-4-bjd-minifee-msd-ou-autre-de-meme-taille\\\/#primaryimage\"},\"image\":{\"@id\":\"https:\\\/\\\/www.sunnyshop211.com\\\/produit\\\/grille-pain-miniature-1-4-bjd-minifee-msd-ou-autre-de-meme-taille\\\/#primaryimage\"},\"thumbnailUrl\":\"https:\\\/\\\/www.sunnyshop211.com\\\/wp-content\\\/uploads\\\/2022\\\/09\\\/17-scaled.jpg\",\"datePublished\":\"2019-01-04T17:32:24+00:00\",\"dateModified\":\"2025-12-31T12:39:00+00:00\",\"description\":\"grille-pain miniature 1\\\/4 bjd minifee MSD ou autre de m\u00eame taille. id\u00e9al pour vos mises en sc\u00e8nes et pour customiser vos diorama au 1\\\/4.\",\"breadcrumb\":{\"@id\":\"https:\\\/\\\/www.sunnyshop211.com\\\/produit\\\/grille-pain-miniature-1-4-bjd-minifee-msd-ou-autre-de-meme-taille\\\/#breadcrumb\"},\"inLanguage\":\"en-US\",\"potentialAction\":[{\"@type\":\"ReadAction\",\"target\":[\"https:\\\/\\\/www.sunnyshop211.com\\\/produit\\\/grille-pain-miniature-1-4-bjd-minifee-msd-ou-autre-de-meme-taille\\\/\"]}]},{\"@type\":\"ImageObject\",\"inLanguage\":\"en-US\",\"@id\":\"https:\\\/\\\/www.sunnyshop211.com\\\/produit\\\/grille-pain-miniature-1-4-bjd-minifee-msd-ou-autre-de-meme-taille\\\/#primaryimage\",\"url\":\"https:\\\/\\\/www.sunnyshop211.com\\\/wp-content\\\/uploads\\\/2022\\\/09\\\/17-scaled.jpg\",\"contentUrl\":\"https:\\\/\\\/www.sunnyshop211.com\\\/wp-content\\\/uploads\\\/2022\\\/09\\\/17-scaled.jpg\",\"width\":2560,\"height\":1707,\"caption\":\"grille-pain miniature 1\\\/4 bjd minifee MSD ou autre de m\u00eame taille.\"},{\"@type\":\"BreadcrumbList\",\"@id\":\"https:\\\/\\\/www.sunnyshop211.com\\\/produit\\\/grille-pain-miniature-1-4-bjd-minifee-msd-ou-autre-de-meme-taille\\\/#breadcrumb\",\"itemListElement\":[{\"@type\":\"ListItem\",\"position\":1,\"name\":\"Accueil\",\"item\":\"https:\\\/\\\/www.sunnyshop211.com\\\/\"},{\"@type\":\"ListItem\",\"position\":2,\"name\":\"Boutique\",\"item\":\"https:\\\/\\\/www.sunnyshop211.com\\\/boutique-miniature-bjd-dolls\\\/\"},{\"@type\":\"ListItem\",\"position\":3,\"name\":\"grille-pain miniature 1\\\/4 bjd minifee MSD ou autre de m\u00eame taille.\"}]},{\"@type\":\"WebSite\",\"@id\":\"https:\\\/\\\/www.sunnyshop211.com\\\/#website\",\"url\":\"https:\\\/\\\/www.sunnyshop211.com\\\/\",\"name\":\"Vente de dioramas, meubles, miniatures , bjd poup\u00e9es 1\\\/12 1\\\/8 1\\\/6 1\\\/4 1\\\/3\",\"description\":\"Sunnyshop211 - Votre univers miniature pour poup\u00e9es et BJD, dioramas et meubles sur mesure !\",\"publisher\":{\"@id\":\"https:\\\/\\\/www.sunnyshop211.com\\\/#organization\"},\"alternateName\":\"sunnyshop211\",\"potentialAction\":[{\"@type\":\"SearchAction\",\"target\":{\"@type\":\"EntryPoint\",\"urlTemplate\":\"https:\\\/\\\/www.sunnyshop211.com\\\/?s={search_term_string}\"},\"query-input\":{\"@type\":\"PropertyValueSpecification\",\"valueRequired\":true,\"valueName\":\"search_term_string\"}}],\"inLanguage\":\"en-US\"},{\"@type\":\"Organization\",\"@id\":\"https:\\\/\\\/www.sunnyshop211.com\\\/#organization\",\"name\":\"sunnyshop211\",\"alternateName\":\"sunnyshop211 diorama bjd meuble miniature\",\"url\":\"https:\\\/\\\/www.sunnyshop211.com\\\/\",\"logo\":{\"@type\":\"ImageObject\",\"inLanguage\":\"en-US\",\"@id\":\"https:\\\/\\\/www.sunnyshop211.com\\\/#\\\/schema\\\/logo\\\/image\\\/\",\"url\":\"https:\\\/\\\/www.sunnyshop211.com\\\/wp-content\\\/uploads\\\/2022\\\/08\\\/cropped-cropped-cropped-Sunnyshop211-1.png\",\"contentUrl\":\"https:\\\/\\\/www.sunnyshop211.com\\\/wp-content\\\/uploads\\\/2022\\\/08\\\/cropped-cropped-cropped-Sunnyshop211-1.png\",\"width\":339,\"height\":339,\"caption\":\"sunnyshop211\"},\"image\":{\"@id\":\"https:\\\/\\\/www.sunnyshop211.com\\\/#\\\/schema\\\/logo\\\/image\\\/\"},\"sameAs\":[\"https:\\\/\\\/www.facebook.com\\\/sunnyshop211\\\/?ref=bookmarks\",\"https:\\\/\\\/x.com\\\/sunnyshop211\",\"https:\\\/\\\/www.instagram.com\\\/sunnyshop211\\\/\",\"https:\\\/\\\/www.tumblr.com\\\/blog\\\/sunnyshop211\",\"https:\\\/\\\/www.youtube.com\\\/channel\\\/UCtYY18OGGDKrTSzgcf7fCBg\",\"https:\\\/\\\/www.tiktok.com\\\/@sunnydollshop211?is_from_webapp=1&sender_device=pc\"]}]}<\/script>\n<!-- \/ Yoast SEO plugin. -->","yoast_head_json":{"title":"1\/4 bjd minifee MSD miniature toaster or other toaster of similar size. -","description":"miniature 1\/4 bjd minifee MSD toaster or other toaster in the same size. ideal for staging and customizing your 1\/4 diorama.","robots":{"index":"index","follow":"follow","max-snippet":"max-snippet:-1","max-image-preview":"max-image-preview:large","max-video-preview":"max-video-preview:-1"},"canonical":"https:\/\/www.sunnyshop211.com\/en\/product\/grille-pain-miniature-1-4-bjd-minifee-msd-ou-autre-de-meme-taille\/","og_locale":"en_US","og_type":"article","og_title":"grille-pain miniature 1\/4 bjd minifee MSD ou autre de m\u00eame taille. -","og_description":"grille-pain miniature 1\/4 bjd minifee MSD ou autre de m\u00eame taille. id\u00e9al pour vos mises en sc\u00e8nes et pour customiser vos diorama au 1\/4.","og_url":"https:\/\/www.sunnyshop211.com\/en\/product\/grille-pain-miniature-1-4-bjd-minifee-msd-ou-autre-de-meme-taille\/","og_site_name":"Sunnyshop211 -Vente de dioramas, meubles, miniatures , bjd poup\u00e9es 1\/12 1\/8 1\/6 1\/4 1\/3","article_publisher":"https:\/\/www.facebook.com\/sunnyshop211\/?ref=bookmarks","article_modified_time":"2025-12-31T12:39:00+00:00","og_image":[{"width":2560,"height":1707,"url":"https:\/\/www.sunnyshop211.com\/wp-content\/uploads\/2022\/09\/17-scaled.jpg","type":"image\/jpeg"}],"twitter_card":"summary_large_image","twitter_site":"@sunnyshop211","twitter_misc":{"Est. reading time":"2 minutes"},"schema":{"@context":"https:\/\/schema.org","@graph":[{"@type":"WebPage","@id":"https:\/\/www.sunnyshop211.com\/produit\/grille-pain-miniature-1-4-bjd-minifee-msd-ou-autre-de-meme-taille\/","url":"https:\/\/www.sunnyshop211.com\/produit\/grille-pain-miniature-1-4-bjd-minifee-msd-ou-autre-de-meme-taille\/","name":"1\/4 bjd minifee MSD miniature toaster or other toaster of similar size. -","isPartOf":{"@id":"https:\/\/www.sunnyshop211.com\/#website"},"primaryImageOfPage":{"@id":"https:\/\/www.sunnyshop211.com\/produit\/grille-pain-miniature-1-4-bjd-minifee-msd-ou-autre-de-meme-taille\/#primaryimage"},"image":{"@id":"https:\/\/www.sunnyshop211.com\/produit\/grille-pain-miniature-1-4-bjd-minifee-msd-ou-autre-de-meme-taille\/#primaryimage"},"thumbnailUrl":"https:\/\/www.sunnyshop211.com\/wp-content\/uploads\/2022\/09\/17-scaled.jpg","datePublished":"2019-01-04T17:32:24+00:00","dateModified":"2025-12-31T12:39:00+00:00","description":"miniature 1\/4 bjd minifee MSD toaster or other toaster in the same size. ideal for staging and customizing your 1\/4 diorama.","breadcrumb":{"@id":"https:\/\/www.sunnyshop211.com\/produit\/grille-pain-miniature-1-4-bjd-minifee-msd-ou-autre-de-meme-taille\/#breadcrumb"},"inLanguage":"en-US","potentialAction":[{"@type":"ReadAction","target":["https:\/\/www.sunnyshop211.com\/produit\/grille-pain-miniature-1-4-bjd-minifee-msd-ou-autre-de-meme-taille\/"]}]},{"@type":"ImageObject","inLanguage":"en-US","@id":"https:\/\/www.sunnyshop211.com\/produit\/grille-pain-miniature-1-4-bjd-minifee-msd-ou-autre-de-meme-taille\/#primaryimage","url":"https:\/\/www.sunnyshop211.com\/wp-content\/uploads\/2022\/09\/17-scaled.jpg","contentUrl":"https:\/\/www.sunnyshop211.com\/wp-content\/uploads\/2022\/09\/17-scaled.jpg","width":2560,"height":1707,"caption":"grille-pain miniature 1\/4 bjd minifee MSD ou autre de m\u00eame taille."},{"@type":"BreadcrumbList","@id":"https:\/\/www.sunnyshop211.com\/produit\/grille-pain-miniature-1-4-bjd-minifee-msd-ou-autre-de-meme-taille\/#breadcrumb","itemListElement":[{"@type":"ListItem","position":1,"name":"Accueil","item":"https:\/\/www.sunnyshop211.com\/"},{"@type":"ListItem","position":2,"name":"Boutique","item":"https:\/\/www.sunnyshop211.com\/boutique-miniature-bjd-dolls\/"},{"@type":"ListItem","position":3,"name":"grille-pain miniature 1\/4 bjd minifee MSD ou autre de m\u00eame taille."}]},{"@type":"WebSite","@id":"https:\/\/www.sunnyshop211.com\/#website","url":"https:\/\/www.sunnyshop211.com\/","name":"Sale of dioramas, furniture, miniatures, bjd dolls 1\/12 1\/8 1\/6 1\/4 1\/3","description":"Sunnyshop211 - Your miniature world for dolls and BJDs, dioramas and custom-made furniture!","publisher":{"@id":"https:\/\/www.sunnyshop211.com\/#organization"},"alternateName":"sunnyshop211","potentialAction":[{"@type":"SearchAction","target":{"@type":"EntryPoint","urlTemplate":"https:\/\/www.sunnyshop211.com\/?s={search_term_string}"},"query-input":{"@type":"PropertyValueSpecification","valueRequired":true,"valueName":"search_term_string"}}],"inLanguage":"en-US"},{"@type":"Organization","@id":"https:\/\/www.sunnyshop211.com\/#organization","name":"sunnyshop211","alternateName":"sunnyshop211 diorama bjd meuble miniature","url":"https:\/\/www.sunnyshop211.com\/","logo":{"@type":"ImageObject","inLanguage":"en-US","@id":"https:\/\/www.sunnyshop211.com\/#\/schema\/logo\/image\/","url":"https:\/\/www.sunnyshop211.com\/wp-content\/uploads\/2022\/08\/cropped-cropped-cropped-Sunnyshop211-1.png","contentUrl":"https:\/\/www.sunnyshop211.com\/wp-content\/uploads\/2022\/08\/cropped-cropped-cropped-Sunnyshop211-1.png","width":339,"height":339,"caption":"sunnyshop211"},"image":{"@id":"https:\/\/www.sunnyshop211.com\/#\/schema\/logo\/image\/"},"sameAs":["https:\/\/www.facebook.com\/sunnyshop211\/?ref=bookmarks","https:\/\/x.com\/sunnyshop211","https:\/\/www.instagram.com\/sunnyshop211\/","https:\/\/www.tumblr.com\/blog\/sunnyshop211","https:\/\/www.youtube.com\/channel\/UCtYY18OGGDKrTSzgcf7fCBg","https:\/\/www.tiktok.com\/@sunnydollshop211?is_from_webapp=1&sender_device=pc"]}]}},"jetpack_publicize_connections":[],"jetpack_sharing_enabled":true,"_links":{"self":[{"href":"https:\/\/www.sunnyshop211.com\/en\/wp-json\/wp\/v2\/product\/874","targetHints":{"allow":["GET"]}}],"collection":[{"href":"https:\/\/www.sunnyshop211.com\/en\/wp-json\/wp\/v2\/product"}],"about":[{"href":"https:\/\/www.sunnyshop211.com\/en\/wp-json\/wp\/v2\/types\/product"}],"replies":[{"embeddable":true,"href":"https:\/\/www.sunnyshop211.com\/en\/wp-json\/wp\/v2\/comments?post=874"}],"version-history":[{"count":6,"href":"https:\/\/www.sunnyshop211.com\/en\/wp-json\/wp\/v2\/product\/874\/revisions"}],"predecessor-version":[{"id":53743,"href":"https:\/\/www.sunnyshop211.com\/en\/wp-json\/wp\/v2\/product\/874\/revisions\/53743"}],"wp:featuredmedia":[{"embeddable":true,"href":"https:\/\/www.sunnyshop211.com\/en\/wp-json\/wp\/v2\/media\/44450"}],"wp:attachment":[{"href":"https:\/\/www.sunnyshop211.com\/en\/wp-json\/wp\/v2\/media?parent=874"}],"wp:term":[{"taxonomy":"product_brand","embeddable":true,"href":"https:\/\/www.sunnyshop211.com\/en\/wp-json\/wp\/v2\/product_brand?post=874"},{"taxonomy":"product_cat","embeddable":true,"href":"https:\/\/www.sunnyshop211.com\/en\/wp-json\/wp\/v2\/product_cat?post=874"},{"taxonomy":"product_tag","embeddable":true,"href":"https:\/\/www.sunnyshop211.com\/en\/wp-json\/wp\/v2\/product_tag?post=874"}],"curies":[{"name":"wp","href":"https:\/\/api.w.org\/{rel}","templated":true}]}}