{"id":8244,"date":"2019-08-02T14:26:28","date_gmt":"2019-08-02T13:26:28","guid":{"rendered":"https:\/\/sunnyshop211.com\/?post_type=product&#038;p=8244"},"modified":"2026-01-03T19:47:56","modified_gmt":"2026-01-03T18:47:56","slug":"lot-de-cintres-silhouette-1-4-minifee-msd-youpladolls-unoa","status":"publish","type":"product","link":"https:\/\/www.sunnyshop211.com\/en\/product\/lot-de-cintres-silhouette-1-4-minifee-msd-youpladolls-unoa\/","title":{"rendered":"Silhouette 1\/4 hanger set Minifee, MSD, youpladolls, unoa"},"content":{"rendered":"<div id='gallery-1' class='gallery galleryid-8244 gallery-columns-3 gallery-size-thumbnail'><figure class='gallery-item'>\n\t\t\t<div class='gallery-icon portrait'>\n\t\t\t\t<a href='https:\/\/www.sunnyshop211.com\/en\/?attachment_id=15124'><img decoding=\"async\" width=\"150\" height=\"150\" src=\"https:\/\/www.sunnyshop211.com\/wp-content\/uploads\/2020\/04\/21-6-scaled-150x150.jpg\" class=\"attachment-thumbnail size-thumbnail\" alt=\"Dressing 1\/6 Barbie\" srcset=\"https:\/\/www.sunnyshop211.com\/wp-content\/uploads\/2020\/04\/21-6-scaled-150x150.jpg 150w, https:\/\/www.sunnyshop211.com\/wp-content\/uploads\/2020\/04\/21-6-scaled-500x500.jpg 500w, https:\/\/www.sunnyshop211.com\/wp-content\/uploads\/2020\/04\/21-6-100x100.jpg 100w\" sizes=\"(max-width: 150px) 100vw, 150px\" \/><\/a>\n\t\t\t<\/div><\/figure><figure class='gallery-item'>\n\t\t\t<div class='gallery-icon portrait'>\n\t\t\t\t<a href='https:\/\/www.sunnyshop211.com\/en\/?attachment_id=15145'><img decoding=\"async\" width=\"150\" height=\"150\" src=\"https:\/\/www.sunnyshop211.com\/wp-content\/uploads\/2020\/04\/14-7-150x150.jpg\" class=\"attachment-thumbnail size-thumbnail\" alt=\"Lot de cintres 1\/4 Minifee\" srcset=\"https:\/\/www.sunnyshop211.com\/wp-content\/uploads\/2020\/04\/14-7-150x150.jpg 150w, https:\/\/www.sunnyshop211.com\/wp-content\/uploads\/2020\/04\/14-7-scaled-500x500.jpg 500w, https:\/\/www.sunnyshop211.com\/wp-content\/uploads\/2020\/04\/14-7-100x100.jpg 100w\" sizes=\"(max-width: 150px) 100vw, 150px\" \/><\/a>\n\t\t\t<\/div><\/figure><figure class='gallery-item'>\n\t\t\t<div class='gallery-icon portrait'>\n\t\t\t\t<a href='https:\/\/www.sunnyshop211.com\/en\/?attachment_id=15146'><img decoding=\"async\" width=\"150\" height=\"150\" src=\"https:\/\/www.sunnyshop211.com\/wp-content\/uploads\/2020\/04\/15-7-scaled-150x150.jpg\" class=\"attachment-thumbnail size-thumbnail\" alt=\"\" srcset=\"https:\/\/www.sunnyshop211.com\/wp-content\/uploads\/2020\/04\/15-7-scaled-150x150.jpg 150w, https:\/\/www.sunnyshop211.com\/wp-content\/uploads\/2020\/04\/15-7-scaled-500x500.jpg 500w, https:\/\/www.sunnyshop211.com\/wp-content\/uploads\/2020\/04\/15-7-100x100.jpg 100w\" sizes=\"(max-width: 150px) 100vw, 150px\" \/><\/a>\n\t\t\t<\/div><\/figure><figure class='gallery-item'>\n\t\t\t<div class='gallery-icon portrait'>\n\t\t\t\t<a href='https:\/\/www.sunnyshop211.com\/en\/?attachment_id=15147'><img loading=\"lazy\" decoding=\"async\" width=\"150\" height=\"150\" src=\"https:\/\/www.sunnyshop211.com\/wp-content\/uploads\/2020\/04\/16-6-scaled-150x150.jpg\" class=\"attachment-thumbnail size-thumbnail\" alt=\"Lot de cintres 1\/4 Minifee\" srcset=\"https:\/\/www.sunnyshop211.com\/wp-content\/uploads\/2020\/04\/16-6-scaled-150x150.jpg 150w, https:\/\/www.sunnyshop211.com\/wp-content\/uploads\/2020\/04\/16-6-scaled-500x500.jpg 500w, https:\/\/www.sunnyshop211.com\/wp-content\/uploads\/2020\/04\/16-6-100x100.jpg 100w\" sizes=\"(max-width: 150px) 100vw, 150px\" \/><\/a>\n\t\t\t<\/div><\/figure><figure class='gallery-item'>\n\t\t\t<div class='gallery-icon portrait'>\n\t\t\t\t<a href='https:\/\/www.sunnyshop211.com\/en\/?attachment_id=15148'><img loading=\"lazy\" decoding=\"async\" width=\"150\" height=\"150\" src=\"https:\/\/www.sunnyshop211.com\/wp-content\/uploads\/2020\/04\/17-5-150x150.jpg\" class=\"attachment-thumbnail size-thumbnail\" alt=\"Lot de cintres 1\/4 Minifee\" srcset=\"https:\/\/www.sunnyshop211.com\/wp-content\/uploads\/2020\/04\/17-5-150x150.jpg 150w, https:\/\/www.sunnyshop211.com\/wp-content\/uploads\/2020\/04\/17-5-scaled-500x500.jpg 500w, https:\/\/www.sunnyshop211.com\/wp-content\/uploads\/2020\/04\/17-5-100x100.jpg 100w\" sizes=\"(max-width: 150px) 100vw, 150px\" \/><\/a>\n\t\t\t<\/div><\/figure>\n\t\t<\/div>\n\n<h2 data-start=\"172\" data-end=\"264\"><strong data-start=\"172\" data-end=\"264\">Set of silhouette hangers - Miniature 1\/4 - Diorama - Minifee - MSD - Unoa - YouplaDolls<\/strong><\/h2>\n<p data-start=\"266\" data-end=\"286\">\u2500\u2500\u2500\u2500\u2500\u2500\u2500\u2500\u2500\u2500\u2500\u2500\u2500\u2500\u2500\u2500\u2500\u2500\u2500\u2500<\/p>\n<p data-start=\"288\" data-end=\"305\">\u2728 <strong data-start=\"290\" data-end=\"305\">Description<\/strong><\/p>\n<p data-start=\"307\" data-end=\"586\">This set of 1\/4\" miniature silhouette hangers is ideal for hanging and showcasing your dolls' clothes.<br \/>\nDesigned for dresses, blouses and underwear, these hangers add an elegant, realistic touch to your dressing room, showroom or miniature bedroom scenes.<\/p>\n<p data-start=\"588\" data-end=\"654\">\u2714 Fictitious element<br data-start=\"604\" data-end=\"607\" \/>\u2714 Non-functional decoration<br data-start=\"637\" data-end=\"640\" \/>\u2714 Sold in sets<\/p>\n<p data-start=\"656\" data-end=\"676\">\u2500\u2500\u2500\u2500\u2500\u2500\u2500\u2500\u2500\u2500\u2500\u2500\u2500\u2500\u2500\u2500\u2500\u2500\u2500\u2500<\/p>\n<p data-start=\"678\" data-end=\"698\">\ud83e\uddf8 <strong data-start=\"681\" data-end=\"698\">Compatibility<\/strong><\/p>\n<p data-start=\"700\" data-end=\"742\">Suitable for dolls and miniature worlds:<\/p>\n<p data-start=\"744\" data-end=\"824\">- 1\/4: Minifee, MSD, Unoa, YouplaDolls<br data-start=\"783\" data-end=\"786\" \/>- Other dolls of equivalent size<\/p>\n<p data-start=\"826\" data-end=\"883\">Designed to fit <strong data-start=\"852\" data-end=\"882\">Minifee \/ MSD measurements<\/strong>.<\/p>\n<p data-start=\"885\" data-end=\"979\">Compatible with closets and showrooms sold separately in the store <strong data-start=\"962\" data-end=\"978\">sunnyshop211<\/strong>.<\/p>\n<p data-start=\"981\" data-end=\"1001\">\u2500\u2500\u2500\u2500\u2500\u2500\u2500\u2500\u2500\u2500\u2500\u2500\u2500\u2500\u2500\u2500\u2500\u2500\u2500\u2500<\/p>\n<p data-start=\"1003\" data-end=\"1028\">\ud83d\udc5a <strong data-start=\"1006\" data-end=\"1028\">Batch composition<\/strong><\/p>\n<p data-start=\"1030\" data-end=\"1047\">The lot includes :<\/p>\n<p data-start=\"1049\" data-end=\"1089\">- 2 hangers in the shape of <strong data-start=\"1073\" data-end=\"1087\">silhouette<\/strong><\/p>\n<p data-start=\"1091\" data-end=\"1139\">\ud83d\udc49 The price corresponds to <strong data-start=\"1115\" data-end=\"1138\">a set of 2 hangers<\/strong>.<\/p>\n<p data-start=\"1141\" data-end=\"1161\">\u2500\u2500\u2500\u2500\u2500\u2500\u2500\u2500\u2500\u2500\u2500\u2500\u2500\u2500\u2500\u2500\u2500\u2500\u2500\u2500<\/p>\n<p data-start=\"1163\" data-end=\"1186\">\ud83c\udfa8 <strong data-start=\"1166\" data-end=\"1186\">Personalization<\/strong><\/p>\n<p data-start=\"1188\" data-end=\"1235\">- Choice of <strong data-start=\"1202\" data-end=\"1213\">color<\/strong> when ordering<\/p>\n<p data-start=\"1237\" data-end=\"1300\">\ud83d\udc49 It's up to you to modulate your miniature dressing room according to your desires.<\/p>\n<p data-start=\"1302\" data-end=\"1322\">\u2500\u2500\u2500\u2500\u2500\u2500\u2500\u2500\u2500\u2500\u2500\u2500\u2500\u2500\u2500\u2500\u2500\u2500\u2500\u2500<\/p>\n<p data-start=\"1324\" data-end=\"1358\">\ud83c\udfac <strong data-start=\"1327\" data-end=\"1358\">Use &amp; staging<\/strong><\/p>\n<p data-start=\"1360\" data-end=\"1481\">Ideal for :<br \/>\n- miniature dressing room<br data-start=\"1393\" data-end=\"1396\" \/>- clothing showroom<br data-start=\"1419\" data-end=\"1422\" \/>- fashion scenes<br data-start=\"1438\" data-end=\"1441\" \/>- realistic, organized staging<\/p>\n<p data-start=\"1483\" data-end=\"1580\">The closets, furniture and garments shown in some scenes are sold separately.<\/p>\n<p data-start=\"1582\" data-end=\"1602\">\u2500\u2500\u2500\u2500\u2500\u2500\u2500\u2500\u2500\u2500\u2500\u2500\u2500\u2500\u2500\u2500\u2500\u2500\u2500\u2500<\/p>\n<h3 data-start=\"1604\" data-end=\"1634\">\ud83d\udd90\ufe0f <strong data-start=\"1608\" data-end=\"1634\">Handcrafted products<\/strong><\/h3>\n<p data-start=\"1636\" data-end=\"1681\">Each batch is handcrafted.<\/p>\n<p data-start=\"1683\" data-end=\"1833\">Because of its handmade character:<br \/>\n- slight variations in shape or color may occur<br data-start=\"1783\" data-end=\"1786\" \/>- some minor imperfections are possible<\/p>\n<p data-start=\"1835\" data-end=\"1855\">\u2500\u2500\u2500\u2500\u2500\u2500\u2500\u2500\u2500\u2500\u2500\u2500\u2500\u2500\u2500\u2500\u2500\u2500\u2500\u2500<\/p>\n<p data-start=\"1857\" data-end=\"1888\">\ud83d\udce6 <strong data-start=\"1860\" data-end=\"1888\">Important information<\/strong><\/p>\n<p data-start=\"1890\" data-end=\"2195\">- Sold as a set (2 silhouette hangers)<br data-start=\"1927\" data-end=\"1930\" \/>- Article made to order<br data-start=\"1960\" data-end=\"1963\" \/>- Please allow for manufacturing and delivery times.<br data-start=\"2028\" data-end=\"2031\" \/>(see General Sales Conditions and delivery times)<br data-start=\"2092\" data-end=\"2095\" \/>- The photos are examples of staging<br data-start=\"2142\" data-end=\"2145\" \/>- Other decorations sold separately<\/p>\n<p data-start=\"2197\" data-end=\"2277\">More inspiration on Instagram :<br data-start=\"2232\" data-end=\"2235\" \/>\ud83d\udc49 <a class=\"decorated-link\" href=\"https:\/\/www.instagram.com\/sunnyshop211\/\" target=\"_new\" rel=\"noopener\" data-start=\"2238\" data-end=\"2277\">https:\/\/www.instagram.com\/sunnyshop211\/<\/a><\/p>\n<p data-start=\"2279\" data-end=\"2299\">\u2500\u2500\u2500\u2500\u2500\u2500\u2500\u2500\u2500\u2500\u2500\u2500\u2500\u2500\u2500\u2500\u2500\u2500\u2500\u2500<\/p>\n<p data-start=\"2301\" data-end=\"2324\">\u26a0\ufe0f <strong data-start=\"2304\" data-end=\"2324\">Terms of use<\/strong><\/p>\n<p data-start=\"2326\" data-end=\"2466\">!!!! This is not a toy, this article is intended for adults.<br data-start=\"2397\" data-end=\"2400\" \/>I am not responsible for any damage in transit.<\/p>\n<p data-start=\"2468\" data-end=\"2563\">\ud83d\udc57\u2728 Elegant miniature silhouette hangers to sublimate your dolls' clothes at 1\/4.<\/p>","protected":false},"excerpt":{"rendered":"<p>Lot de cintres silhouette \u2013 Miniature 1\/4 \u00b7 Diorama \u00b7 Minifee \u00b7 MSD \u00b7 Unoa \u00b7 YouplaDolls \u2500\u2500\u2500\u2500\u2500\u2500\u2500\u2500\u2500\u2500\u2500\u2500\u2500\u2500\u2500\u2500\u2500\u2500\u2500\u2500 \u2728 Description Ce lot de cintres silhouette miniature 1\/4 est id\u00e9al pour suspendre et mettre en valeur les v\u00eatements de vos dolls. Pens\u00e9s pour les robes, chemisiers et sous-v\u00eatements, ces cintres apportent une touche \u00e9l\u00e9gante et r\u00e9aliste [&hellip;]<\/p>\n","protected":false},"featured_media":15147,"comment_status":"open","ping_status":"closed","template":"","meta":{"_crdt_document":"","jetpack_post_was_ever_published":false,"jetpack_publicize_message":"","jetpack_publicize_feature_enabled":true,"jetpack_social_post_already_shared":true,"jetpack_social_options":{"image_generator_settings":{"template":"highway","default_image_id":0,"font":"","enabled":false},"version":2}},"product_brand":[],"product_cat":[667687027],"product_tag":[667681145,667681143,667681136,667681142,667681399,667681234,667681226,667681233,667681272,667681225,667681400,667681241,667681242,667681236,667681261,667681281,667681232,667681173,667681177,667681235,667681260],"class_list":{"0":"post-8244","1":"product","2":"type-product","3":"status-publish","4":"has-post-thumbnail","6":"product_cat-showroom","7":"product_tag-bed","8":"product_tag-bedroom","9":"product_tag-bjd","10":"product_tag-chambre","11":"product_tag-cintres","12":"product_tag-diorama","13":"product_tag-doll","14":"product_tag-dollhouse","15":"product_tag-elowynn-wilde","16":"product_tag-furniture","17":"product_tag-hangers","18":"product_tag-iplehouse","19":"product_tag-jid","20":"product_tag-maison-de-poupee","21":"product_tag-meuble","22":"product_tag-meubles","23":"product_tag-miniature","24":"product_tag-minifee","25":"product_tag-poupee","26":"product_tag-roombox","27":"product_tag-tonner","28":"product_shipping_class-lettre-suivie-3","29":"pa_couleur-blanc","30":"pa_couleur-dore-golden","31":"pa_couleur-noir","32":"pa_couleur-non-peint","33":"pa_couleur-rose","35":"first","36":"instock","37":"taxable","38":"shipping-taxable","39":"purchasable","40":"product-type-variable"},"yoast_head":"<!-- This site is optimized with the Yoast SEO plugin v27.5 - https:\/\/yoast.com\/product\/yoast-seo-wordpress\/ -->\n<title>Lot de cintres silhouette 1\/4 Minifee, MSD, youpladolls, unoa -<\/title>\n<meta name=\"description\" content=\"Lot de cintres silhouette 1\/4 Minifee, MSD, youpladolls, unoa. Ils seront parfait pour suspendre les robes et sous-v\u00eatements de vos dolls.\" \/>\n<meta name=\"robots\" content=\"index, follow, max-snippet:-1, max-image-preview:large, max-video-preview:-1\" \/>\n<link rel=\"canonical\" href=\"https:\/\/www.sunnyshop211.com\/en\/product\/lot-de-cintres-silhouette-1-4-minifee-msd-youpladolls-unoa\/\" \/>\n<meta property=\"og:locale\" content=\"en_US\" \/>\n<meta property=\"og:type\" content=\"article\" \/>\n<meta property=\"og:title\" content=\"Lot de cintres silhouette 1\/4 Minifee, MSD, youpladolls, unoa -\" \/>\n<meta property=\"og:description\" content=\"Lot de cintres silhouette 1\/4 Minifee, MSD, youpladolls, unoa. Ils seront parfait pour suspendre les robes et sous-v\u00eatements de vos dolls.\" \/>\n<meta property=\"og:url\" content=\"https:\/\/www.sunnyshop211.com\/en\/product\/lot-de-cintres-silhouette-1-4-minifee-msd-youpladolls-unoa\/\" \/>\n<meta property=\"og:site_name\" content=\"Sunnyshop211 -Vente de dioramas, meubles, miniatures , bjd poup\u00e9es 1\/12 1\/8 1\/6 1\/4 1\/3\" \/>\n<meta property=\"article:publisher\" content=\"https:\/\/www.facebook.com\/sunnyshop211\/?ref=bookmarks\" \/>\n<meta property=\"article:modified_time\" content=\"2026-01-03T18:47:56+00:00\" \/>\n<meta property=\"og:image\" content=\"https:\/\/www.sunnyshop211.com\/wp-content\/uploads\/2020\/04\/16-6-scaled.jpg\" \/>\n\t<meta property=\"og:image:width\" content=\"1888\" \/>\n\t<meta property=\"og:image:height\" content=\"2560\" \/>\n\t<meta property=\"og:image:type\" content=\"image\/jpeg\" \/>\n<meta name=\"twitter:card\" content=\"summary_large_image\" \/>\n<meta name=\"twitter:site\" content=\"@sunnyshop211\" \/>\n<meta name=\"twitter:label1\" content=\"Est. reading time\" \/>\n\t<meta name=\"twitter:data1\" content=\"2 minutes\" \/>\n<script type=\"application\/ld+json\" class=\"yoast-schema-graph\">{\"@context\":\"https:\\\/\\\/schema.org\",\"@graph\":[{\"@type\":\"WebPage\",\"@id\":\"https:\\\/\\\/www.sunnyshop211.com\\\/produit\\\/lot-de-cintres-silhouette-1-4-minifee-msd-youpladolls-unoa\\\/\",\"url\":\"https:\\\/\\\/www.sunnyshop211.com\\\/produit\\\/lot-de-cintres-silhouette-1-4-minifee-msd-youpladolls-unoa\\\/\",\"name\":\"Lot de cintres silhouette 1\\\/4 Minifee, MSD, youpladolls, unoa -\",\"isPartOf\":{\"@id\":\"https:\\\/\\\/www.sunnyshop211.com\\\/#website\"},\"primaryImageOfPage\":{\"@id\":\"https:\\\/\\\/www.sunnyshop211.com\\\/produit\\\/lot-de-cintres-silhouette-1-4-minifee-msd-youpladolls-unoa\\\/#primaryimage\"},\"image\":{\"@id\":\"https:\\\/\\\/www.sunnyshop211.com\\\/produit\\\/lot-de-cintres-silhouette-1-4-minifee-msd-youpladolls-unoa\\\/#primaryimage\"},\"thumbnailUrl\":\"https:\\\/\\\/www.sunnyshop211.com\\\/wp-content\\\/uploads\\\/2020\\\/04\\\/16-6-scaled.jpg\",\"datePublished\":\"2019-08-02T13:26:28+00:00\",\"dateModified\":\"2026-01-03T18:47:56+00:00\",\"description\":\"Lot de cintres silhouette 1\\\/4 Minifee, MSD, youpladolls, unoa. Ils seront parfait pour suspendre les robes et sous-v\u00eatements de vos dolls.\",\"breadcrumb\":{\"@id\":\"https:\\\/\\\/www.sunnyshop211.com\\\/produit\\\/lot-de-cintres-silhouette-1-4-minifee-msd-youpladolls-unoa\\\/#breadcrumb\"},\"inLanguage\":\"en-US\",\"potentialAction\":[{\"@type\":\"ReadAction\",\"target\":[\"https:\\\/\\\/www.sunnyshop211.com\\\/produit\\\/lot-de-cintres-silhouette-1-4-minifee-msd-youpladolls-unoa\\\/\"]}]},{\"@type\":\"ImageObject\",\"inLanguage\":\"en-US\",\"@id\":\"https:\\\/\\\/www.sunnyshop211.com\\\/produit\\\/lot-de-cintres-silhouette-1-4-minifee-msd-youpladolls-unoa\\\/#primaryimage\",\"url\":\"https:\\\/\\\/www.sunnyshop211.com\\\/wp-content\\\/uploads\\\/2020\\\/04\\\/16-6-scaled.jpg\",\"contentUrl\":\"https:\\\/\\\/www.sunnyshop211.com\\\/wp-content\\\/uploads\\\/2020\\\/04\\\/16-6-scaled.jpg\",\"width\":1888,\"height\":2560,\"caption\":\"Lot de cintres 1\\\/4 Minifee\"},{\"@type\":\"BreadcrumbList\",\"@id\":\"https:\\\/\\\/www.sunnyshop211.com\\\/produit\\\/lot-de-cintres-silhouette-1-4-minifee-msd-youpladolls-unoa\\\/#breadcrumb\",\"itemListElement\":[{\"@type\":\"ListItem\",\"position\":1,\"name\":\"Accueil\",\"item\":\"https:\\\/\\\/www.sunnyshop211.com\\\/\"},{\"@type\":\"ListItem\",\"position\":2,\"name\":\"Boutique\",\"item\":\"https:\\\/\\\/www.sunnyshop211.com\\\/boutique-miniature-bjd-dolls\\\/\"},{\"@type\":\"ListItem\",\"position\":3,\"name\":\"Lot de cintres silhouette 1\\\/4 Minifee, MSD, youpladolls, unoa\"}]},{\"@type\":\"WebSite\",\"@id\":\"https:\\\/\\\/www.sunnyshop211.com\\\/#website\",\"url\":\"https:\\\/\\\/www.sunnyshop211.com\\\/\",\"name\":\"Vente de dioramas, meubles, miniatures , bjd poup\u00e9es 1\\\/12 1\\\/8 1\\\/6 1\\\/4 1\\\/3\",\"description\":\"Sunnyshop211 - Votre univers miniature pour poup\u00e9es et BJD, dioramas et meubles sur mesure !\",\"publisher\":{\"@id\":\"https:\\\/\\\/www.sunnyshop211.com\\\/#organization\"},\"alternateName\":\"sunnyshop211\",\"potentialAction\":[{\"@type\":\"SearchAction\",\"target\":{\"@type\":\"EntryPoint\",\"urlTemplate\":\"https:\\\/\\\/www.sunnyshop211.com\\\/?s={search_term_string}\"},\"query-input\":{\"@type\":\"PropertyValueSpecification\",\"valueRequired\":true,\"valueName\":\"search_term_string\"}}],\"inLanguage\":\"en-US\"},{\"@type\":\"Organization\",\"@id\":\"https:\\\/\\\/www.sunnyshop211.com\\\/#organization\",\"name\":\"sunnyshop211\",\"alternateName\":\"sunnyshop211 diorama bjd meuble miniature\",\"url\":\"https:\\\/\\\/www.sunnyshop211.com\\\/\",\"logo\":{\"@type\":\"ImageObject\",\"inLanguage\":\"en-US\",\"@id\":\"https:\\\/\\\/www.sunnyshop211.com\\\/#\\\/schema\\\/logo\\\/image\\\/\",\"url\":\"https:\\\/\\\/www.sunnyshop211.com\\\/wp-content\\\/uploads\\\/2022\\\/08\\\/cropped-cropped-cropped-Sunnyshop211-1.png\",\"contentUrl\":\"https:\\\/\\\/www.sunnyshop211.com\\\/wp-content\\\/uploads\\\/2022\\\/08\\\/cropped-cropped-cropped-Sunnyshop211-1.png\",\"width\":339,\"height\":339,\"caption\":\"sunnyshop211\"},\"image\":{\"@id\":\"https:\\\/\\\/www.sunnyshop211.com\\\/#\\\/schema\\\/logo\\\/image\\\/\"},\"sameAs\":[\"https:\\\/\\\/www.facebook.com\\\/sunnyshop211\\\/?ref=bookmarks\",\"https:\\\/\\\/x.com\\\/sunnyshop211\",\"https:\\\/\\\/www.instagram.com\\\/sunnyshop211\\\/\",\"https:\\\/\\\/www.tumblr.com\\\/blog\\\/sunnyshop211\",\"https:\\\/\\\/www.youtube.com\\\/channel\\\/UCtYY18OGGDKrTSzgcf7fCBg\",\"https:\\\/\\\/www.tiktok.com\\\/@sunnydollshop211?is_from_webapp=1&sender_device=pc\"]}]}<\/script>\n<!-- \/ Yoast SEO plugin. -->","yoast_head_json":{"title":"Set of silhouette hangers 1\/4 Minifee, MSD, youpladolls, unoa -","description":"Set of 1\/4 silhouette hangers Minifee, MSD, youpladolls, unoa. Perfect for hanging your dolls' dresses and underwear.","robots":{"index":"index","follow":"follow","max-snippet":"max-snippet:-1","max-image-preview":"max-image-preview:large","max-video-preview":"max-video-preview:-1"},"canonical":"https:\/\/www.sunnyshop211.com\/en\/product\/lot-de-cintres-silhouette-1-4-minifee-msd-youpladolls-unoa\/","og_locale":"en_US","og_type":"article","og_title":"Lot de cintres silhouette 1\/4 Minifee, MSD, youpladolls, unoa -","og_description":"Lot de cintres silhouette 1\/4 Minifee, MSD, youpladolls, unoa. Ils seront parfait pour suspendre les robes et sous-v\u00eatements de vos dolls.","og_url":"https:\/\/www.sunnyshop211.com\/en\/product\/lot-de-cintres-silhouette-1-4-minifee-msd-youpladolls-unoa\/","og_site_name":"Sunnyshop211 -Vente de dioramas, meubles, miniatures , bjd poup\u00e9es 1\/12 1\/8 1\/6 1\/4 1\/3","article_publisher":"https:\/\/www.facebook.com\/sunnyshop211\/?ref=bookmarks","article_modified_time":"2026-01-03T18:47:56+00:00","og_image":[{"width":1888,"height":2560,"url":"https:\/\/www.sunnyshop211.com\/wp-content\/uploads\/2020\/04\/16-6-scaled.jpg","type":"image\/jpeg"}],"twitter_card":"summary_large_image","twitter_site":"@sunnyshop211","twitter_misc":{"Est. reading time":"2 minutes"},"schema":{"@context":"https:\/\/schema.org","@graph":[{"@type":"WebPage","@id":"https:\/\/www.sunnyshop211.com\/produit\/lot-de-cintres-silhouette-1-4-minifee-msd-youpladolls-unoa\/","url":"https:\/\/www.sunnyshop211.com\/produit\/lot-de-cintres-silhouette-1-4-minifee-msd-youpladolls-unoa\/","name":"Set of silhouette hangers 1\/4 Minifee, MSD, youpladolls, unoa -","isPartOf":{"@id":"https:\/\/www.sunnyshop211.com\/#website"},"primaryImageOfPage":{"@id":"https:\/\/www.sunnyshop211.com\/produit\/lot-de-cintres-silhouette-1-4-minifee-msd-youpladolls-unoa\/#primaryimage"},"image":{"@id":"https:\/\/www.sunnyshop211.com\/produit\/lot-de-cintres-silhouette-1-4-minifee-msd-youpladolls-unoa\/#primaryimage"},"thumbnailUrl":"https:\/\/www.sunnyshop211.com\/wp-content\/uploads\/2020\/04\/16-6-scaled.jpg","datePublished":"2019-08-02T13:26:28+00:00","dateModified":"2026-01-03T18:47:56+00:00","description":"Set of 1\/4 silhouette hangers Minifee, MSD, youpladolls, unoa. Perfect for hanging your dolls' dresses and underwear.","breadcrumb":{"@id":"https:\/\/www.sunnyshop211.com\/produit\/lot-de-cintres-silhouette-1-4-minifee-msd-youpladolls-unoa\/#breadcrumb"},"inLanguage":"en-US","potentialAction":[{"@type":"ReadAction","target":["https:\/\/www.sunnyshop211.com\/produit\/lot-de-cintres-silhouette-1-4-minifee-msd-youpladolls-unoa\/"]}]},{"@type":"ImageObject","inLanguage":"en-US","@id":"https:\/\/www.sunnyshop211.com\/produit\/lot-de-cintres-silhouette-1-4-minifee-msd-youpladolls-unoa\/#primaryimage","url":"https:\/\/www.sunnyshop211.com\/wp-content\/uploads\/2020\/04\/16-6-scaled.jpg","contentUrl":"https:\/\/www.sunnyshop211.com\/wp-content\/uploads\/2020\/04\/16-6-scaled.jpg","width":1888,"height":2560,"caption":"Lot de cintres 1\/4 Minifee"},{"@type":"BreadcrumbList","@id":"https:\/\/www.sunnyshop211.com\/produit\/lot-de-cintres-silhouette-1-4-minifee-msd-youpladolls-unoa\/#breadcrumb","itemListElement":[{"@type":"ListItem","position":1,"name":"Accueil","item":"https:\/\/www.sunnyshop211.com\/"},{"@type":"ListItem","position":2,"name":"Boutique","item":"https:\/\/www.sunnyshop211.com\/boutique-miniature-bjd-dolls\/"},{"@type":"ListItem","position":3,"name":"Lot de cintres silhouette 1\/4 Minifee, MSD, youpladolls, unoa"}]},{"@type":"WebSite","@id":"https:\/\/www.sunnyshop211.com\/#website","url":"https:\/\/www.sunnyshop211.com\/","name":"Sale of dioramas, furniture, miniatures, bjd dolls 1\/12 1\/8 1\/6 1\/4 1\/3","description":"Sunnyshop211 - Your miniature world for dolls and BJDs, dioramas and custom-made furniture!","publisher":{"@id":"https:\/\/www.sunnyshop211.com\/#organization"},"alternateName":"sunnyshop211","potentialAction":[{"@type":"SearchAction","target":{"@type":"EntryPoint","urlTemplate":"https:\/\/www.sunnyshop211.com\/?s={search_term_string}"},"query-input":{"@type":"PropertyValueSpecification","valueRequired":true,"valueName":"search_term_string"}}],"inLanguage":"en-US"},{"@type":"Organization","@id":"https:\/\/www.sunnyshop211.com\/#organization","name":"sunnyshop211","alternateName":"sunnyshop211 diorama bjd meuble miniature","url":"https:\/\/www.sunnyshop211.com\/","logo":{"@type":"ImageObject","inLanguage":"en-US","@id":"https:\/\/www.sunnyshop211.com\/#\/schema\/logo\/image\/","url":"https:\/\/www.sunnyshop211.com\/wp-content\/uploads\/2022\/08\/cropped-cropped-cropped-Sunnyshop211-1.png","contentUrl":"https:\/\/www.sunnyshop211.com\/wp-content\/uploads\/2022\/08\/cropped-cropped-cropped-Sunnyshop211-1.png","width":339,"height":339,"caption":"sunnyshop211"},"image":{"@id":"https:\/\/www.sunnyshop211.com\/#\/schema\/logo\/image\/"},"sameAs":["https:\/\/www.facebook.com\/sunnyshop211\/?ref=bookmarks","https:\/\/x.com\/sunnyshop211","https:\/\/www.instagram.com\/sunnyshop211\/","https:\/\/www.tumblr.com\/blog\/sunnyshop211","https:\/\/www.youtube.com\/channel\/UCtYY18OGGDKrTSzgcf7fCBg","https:\/\/www.tiktok.com\/@sunnydollshop211?is_from_webapp=1&sender_device=pc"]}]}},"jetpack_publicize_connections":[],"jetpack_sharing_enabled":true,"_links":{"self":[{"href":"https:\/\/www.sunnyshop211.com\/en\/wp-json\/wp\/v2\/product\/8244","targetHints":{"allow":["GET"]}}],"collection":[{"href":"https:\/\/www.sunnyshop211.com\/en\/wp-json\/wp\/v2\/product"}],"about":[{"href":"https:\/\/www.sunnyshop211.com\/en\/wp-json\/wp\/v2\/types\/product"}],"replies":[{"embeddable":true,"href":"https:\/\/www.sunnyshop211.com\/en\/wp-json\/wp\/v2\/comments?post=8244"}],"version-history":[{"count":11,"href":"https:\/\/www.sunnyshop211.com\/en\/wp-json\/wp\/v2\/product\/8244\/revisions"}],"predecessor-version":[{"id":54172,"href":"https:\/\/www.sunnyshop211.com\/en\/wp-json\/wp\/v2\/product\/8244\/revisions\/54172"}],"wp:featuredmedia":[{"embeddable":true,"href":"https:\/\/www.sunnyshop211.com\/en\/wp-json\/wp\/v2\/media\/15147"}],"wp:attachment":[{"href":"https:\/\/www.sunnyshop211.com\/en\/wp-json\/wp\/v2\/media?parent=8244"}],"wp:term":[{"taxonomy":"product_brand","embeddable":true,"href":"https:\/\/www.sunnyshop211.com\/en\/wp-json\/wp\/v2\/product_brand?post=8244"},{"taxonomy":"product_cat","embeddable":true,"href":"https:\/\/www.sunnyshop211.com\/en\/wp-json\/wp\/v2\/product_cat?post=8244"},{"taxonomy":"product_tag","embeddable":true,"href":"https:\/\/www.sunnyshop211.com\/en\/wp-json\/wp\/v2\/product_tag?post=8244"}],"curies":[{"name":"wp","href":"https:\/\/api.w.org\/{rel}","templated":true}]}}