{"id":8192,"date":"2019-08-02T14:10:26","date_gmt":"2019-08-02T13:10:26","guid":{"rendered":"https:\/\/sunnyshop211.com\/?post_type=product&#038;p=8192"},"modified":"2025-12-27T12:05:30","modified_gmt":"2025-12-27T11:05:30","slug":"puzzle-animaux-bois-miniature-1-8-bjd-baby-pukifee-nappy-choo","status":"publish","type":"product","link":"https:\/\/www.sunnyshop211.com\/en\/product\/puzzle-animaux-bois-miniature-1-8-bjd-baby-pukifee-nappy-choo\/","title":{"rendered":"Miniature wooden jigsaw puzzle animals 1\/8 bjd baby pukifee, Nappy choo"},"content":{"rendered":"<div id='gallery-1' class='gallery galleryid-8192 gallery-columns-3 gallery-size-thumbnail'><figure class='gallery-item'>\n\t\t\t<div class='gallery-icon landscape'>\n\t\t\t\t<a href='https:\/\/www.sunnyshop211.com\/en\/?attachment_id=8085'><img decoding=\"async\" width=\"150\" height=\"150\" src=\"https:\/\/www.sunnyshop211.com\/wp-content\/uploads\/2019\/08\/litjum-52-scaled-150x150.jpg\" class=\"attachment-thumbnail size-thumbnail\" alt=\"Puzzle animaux miniature 1\/8\" srcset=\"https:\/\/www.sunnyshop211.com\/wp-content\/uploads\/2019\/08\/litjum-52-scaled-150x150.jpg 150w, https:\/\/www.sunnyshop211.com\/wp-content\/uploads\/2019\/08\/litjum-52-scaled-500x500.jpg 500w, https:\/\/www.sunnyshop211.com\/wp-content\/uploads\/2019\/08\/litjum-52-100x100.jpg 100w\" sizes=\"(max-width: 150px) 100vw, 150px\" \/><\/a>\n\t\t\t<\/div><\/figure><figure class='gallery-item'>\n\t\t\t<div class='gallery-icon landscape'>\n\t\t\t\t<a href='https:\/\/www.sunnyshop211.com\/en\/?attachment_id=8146'><img decoding=\"async\" width=\"150\" height=\"150\" src=\"https:\/\/www.sunnyshop211.com\/wp-content\/uploads\/2019\/08\/litjum-51-1-scaled-150x150.jpg\" class=\"attachment-thumbnail size-thumbnail\" alt=\"\" srcset=\"https:\/\/www.sunnyshop211.com\/wp-content\/uploads\/2019\/08\/litjum-51-1-scaled-150x150.jpg 150w, https:\/\/www.sunnyshop211.com\/wp-content\/uploads\/2019\/08\/litjum-51-1-scaled-500x500.jpg 500w, https:\/\/www.sunnyshop211.com\/wp-content\/uploads\/2019\/08\/litjum-51-1-100x100.jpg 100w\" sizes=\"(max-width: 150px) 100vw, 150px\" \/><\/a>\n\t\t\t<\/div><\/figure><figure class='gallery-item'>\n\t\t\t<div class='gallery-icon landscape'>\n\t\t\t\t<a href='https:\/\/www.sunnyshop211.com\/en\/?attachment_id=8072'><img decoding=\"async\" width=\"150\" height=\"150\" src=\"https:\/\/www.sunnyshop211.com\/wp-content\/uploads\/2019\/08\/20190801_185443-scaled-150x150.jpg\" class=\"attachment-thumbnail size-thumbnail\" alt=\"\" srcset=\"https:\/\/www.sunnyshop211.com\/wp-content\/uploads\/2019\/08\/20190801_185443-scaled-150x150.jpg 150w, https:\/\/www.sunnyshop211.com\/wp-content\/uploads\/2019\/08\/20190801_185443-scaled-500x500.jpg 500w, https:\/\/www.sunnyshop211.com\/wp-content\/uploads\/2019\/08\/20190801_185443-100x100.jpg 100w, https:\/\/www.sunnyshop211.com\/wp-content\/uploads\/2019\/08\/20190801_185443-300x300.jpg 300w\" sizes=\"(max-width: 150px) 100vw, 150px\" \/><\/a>\n\t\t\t<\/div><\/figure><figure class='gallery-item'>\n\t\t\t<div class='gallery-icon landscape'>\n\t\t\t\t<a href='https:\/\/www.sunnyshop211.com\/en\/?attachment_id=8132'><img loading=\"lazy\" decoding=\"async\" width=\"150\" height=\"150\" src=\"https:\/\/www.sunnyshop211.com\/wp-content\/uploads\/2019\/08\/litjum-44-1-scaled-150x150.jpg\" class=\"attachment-thumbnail size-thumbnail\" alt=\"Puzzle animaux miniature 1\/8\" srcset=\"https:\/\/www.sunnyshop211.com\/wp-content\/uploads\/2019\/08\/litjum-44-1-scaled-150x150.jpg 150w, https:\/\/www.sunnyshop211.com\/wp-content\/uploads\/2019\/08\/litjum-44-1-scaled-500x500.jpg 500w, https:\/\/www.sunnyshop211.com\/wp-content\/uploads\/2019\/08\/litjum-44-1-100x100.jpg 100w\" sizes=\"(max-width: 150px) 100vw, 150px\" \/><\/a>\n\t\t\t<\/div><\/figure>\n\t\t<\/div>\n\n<h2 data-start=\"184\" data-end=\"225\">Miniature wooden animal puzzle 1\/8<\/h2>\n<p data-start=\"227\" data-end=\"293\">BJD baby - Pukifee - Lati Yellow - Nappy Choo - similar sizes<\/p>\n<hr data-start=\"295\" data-end=\"298\" \/>\n<h3 data-start=\"300\" data-end=\"318\">\ud83d\udc3e Description<\/h3>\n<p data-start=\"320\" data-end=\"556\">This 1\/8-scale miniature animal puzzle is an adorable decorative toy to complement BJD babies' play and learning scenes.<br data-start=\"445\" data-end=\"448\" \/>Made in <strong data-start=\"459\" data-end=\"477\">genuine wood<\/strong>, It adds a natural, realistic touch to your dioramas and stagings.<\/p>\n<hr data-start=\"558\" data-end=\"561\" \/>\n<h3 data-start=\"563\" data-end=\"583\">\ud83d\udc76 Compatibility<\/h3>\n<p data-start=\"585\" data-end=\"713\">Suitable for 1\/8\" baby dolls:<br data-start=\"618\" data-end=\"621\" \/>- BJD baby<br data-start=\"631\" data-end=\"634\" \/>- Pukifee<br data-start=\"643\" data-end=\"646\" \/>- Lati Yellow<br data-start=\"659\" data-end=\"662\" \/>- Nappy Choo<br data-start=\"674\" data-end=\"677\" \/>- Other dolls of equivalent size<\/p>\n<hr data-start=\"715\" data-end=\"718\" \/>\n<h3 data-start=\"720\" data-end=\"741\">\ud83e\udde9 Pattern selection<\/h3>\n<p data-start=\"743\" data-end=\"861\">You choose <strong data-start=\"759\" data-end=\"781\">the shape of the puzzle<\/strong> among <strong data-start=\"788\" data-end=\"808\">5 animal motifs<\/strong> available.<br data-start=\"821\" data-end=\"824\" \/>\ud83d\udc49 Modulate as you wish<\/p>\n<hr data-start=\"863\" data-end=\"866\" \/>\n<h3 data-start=\"868\" data-end=\"883\">\ud83c\udf33 Material<\/h3>\n<p data-start=\"885\" data-end=\"939\">\u2022 <strong data-start=\"887\" data-end=\"905\">Real wood<\/strong><br data-start=\"905\" data-end=\"908\" \/>- Natural, authentic look<\/p>\n<hr data-start=\"941\" data-end=\"944\" \/>\n<h3 data-start=\"946\" data-end=\"975\">\ud83e\udeb5 Handcrafted<\/h3>\n<p data-start=\"977\" data-end=\"1191\">Made to order<br data-start=\"997\" data-end=\"1000\" \/>Handcrafted :<br data-start=\"1024\" data-end=\"1027\" \/>slight variations in shape, color or finish may occur<br data-start=\"1103\" data-end=\"1106\" \/>Minor imperfections are part of the charm of handmade products.<\/p>\n<hr data-start=\"1193\" data-end=\"1196\" \/>\n<h3 data-start=\"1198\" data-end=\"1229\">\u2139\ufe0f Important information<\/h3>\n<p data-start=\"1231\" data-end=\"1719\">- The photos are examples of staging<br data-start=\"1278\" data-end=\"1281\" \/>- Only the animal puzzle is sold (dolls and accessories not included).<br data-start=\"1351\" data-end=\"1354\" \/>- Compatible with my furniture sold separately in the store<br data-start=\"1418\" data-end=\"1421\" \/>- Other decorations are available in the store<br data-start=\"1479\" data-end=\"1482\" \/>- Please take into account manufacturing and delivery times (see General Sales Conditions).<br data-start=\"1584\" data-end=\"1587\" \/>- This is not a toy - intended for an adult audience<br data-start=\"1649\" data-end=\"1652\" \/>- I am not responsible for any damage incurred in transit.<\/p>\n<hr data-start=\"1721\" data-end=\"1724\" \/>\n<h3 data-start=\"1726\" data-end=\"1762\">\ud83d\udcf8 More photos &amp; inspiration<\/h3>\n<p data-start=\"1764\" data-end=\"1806\">\ud83d\udc49 <a class=\"decorated-link\" href=\"https:\/\/www.instagram.com\/sunnyshop211\/\" target=\"_new\" rel=\"noopener\" data-start=\"1767\" data-end=\"1806\">https:\/\/www.instagram.com\/sunnyshop211\/<\/a><\/p>\n<hr data-start=\"1808\" data-end=\"1811\" \/>\n<p data-start=\"1813\" data-end=\"1911\">\u2728 A small wooden puzzle full of charm to enrich miniature baby awakening scenes in 1\/8 scale.<\/p>","protected":false},"excerpt":{"rendered":"<p>Puzzle animaux en bois miniature 1\/8 BJD baby \u2013 Pukifee \u2013 Lati Yellow \u2013 Nappy Choo \u2013 tailles similaires \ud83d\udc3e Description Ce puzzle animaux miniature au 1\/8 est un adorable jouet d\u00e9coratif pour compl\u00e9ter les sc\u00e8nes de jeu et d\u2019\u00e9veil des b\u00e9b\u00e9s BJD.R\u00e9alis\u00e9 en v\u00e9ritable bois, il apporte une touche naturelle et r\u00e9aliste \u00e0 vos [&hellip;]<\/p>\n","protected":false},"featured_media":8143,"comment_status":"open","ping_status":"closed","template":"","meta":{"_crdt_document":"","jetpack_post_was_ever_published":false,"jetpack_publicize_message":"","jetpack_publicize_feature_enabled":true,"jetpack_social_post_already_shared":true,"jetpack_social_options":{"image_generator_settings":{"template":"highway","default_image_id":0,"font":"","enabled":false},"version":2}},"product_brand":[],"product_cat":[667686968],"product_tag":[667682339,667683237,667681137,667681138,667681224,667681136,667681226,667682343,667681225,667681139,667681144,667681173,667681141,667682341,667681177,667681140,667683235,667681223],"class_list":{"0":"post-8192","1":"product","2":"type-product","3":"status-publish","4":"has-post-thumbnail","6":"product_cat-doudous-jouets","7":"product_tag-angel-nest","8":"product_tag-anneau-dentition","9":"product_tag-baby","10":"product_tag-bebe","11":"product_tag-bed-crib","12":"product_tag-bjd","13":"product_tag-doll","14":"product_tag-douillette","15":"product_tag-furniture","16":"product_tag-lati-yellow","17":"product_tag-lit","18":"product_tag-minifee","19":"product_tag-nappy-choo","20":"product_tag-nid-dange","21":"product_tag-poupee","22":"product_tag-pukifee","23":"product_tag-teether","24":"product_tag-tour-de-lit","25":"product_shipping_class-lettre-suivie","27":"first","28":"instock","29":"taxable","30":"shipping-taxable","31":"purchasable","32":"product-type-variable"},"yoast_head":"<!-- This site is optimized with the Yoast SEO plugin v27.4 - https:\/\/yoast.com\/product\/yoast-seo-wordpress\/ -->\n<title>Puzzle animaux bois miniature 1\/8 bjd baby pukifee, Nappy choo -<\/title>\n<meta name=\"description\" content=\"Puzzle animaux bois miniature 1\/8 bjd baby pukifee, lati Yellow, Nappy choo ou similaire. Petits jouets id\u00e9al pour vos mises en sc\u00e8nes au 1\/8.\" \/>\n<meta name=\"robots\" content=\"index, follow, max-snippet:-1, max-image-preview:large, max-video-preview:-1\" \/>\n<link rel=\"canonical\" href=\"https:\/\/www.sunnyshop211.com\/en\/product\/puzzle-animaux-bois-miniature-1-8-bjd-baby-pukifee-nappy-choo\/\" \/>\n<meta property=\"og:locale\" content=\"en_US\" \/>\n<meta property=\"og:type\" content=\"article\" \/>\n<meta property=\"og:title\" content=\"Puzzle animaux bois miniature 1\/8 bjd baby pukifee, Nappy choo -\" \/>\n<meta property=\"og:description\" content=\"Puzzle animaux bois miniature 1\/8 bjd baby pukifee, lati Yellow, Nappy choo ou similaire. Petits jouets id\u00e9al pour vos mises en sc\u00e8nes au 1\/8.\" \/>\n<meta property=\"og:url\" content=\"https:\/\/www.sunnyshop211.com\/en\/product\/puzzle-animaux-bois-miniature-1-8-bjd-baby-pukifee-nappy-choo\/\" \/>\n<meta property=\"og:site_name\" content=\"Sunnyshop211 -Vente de dioramas, meubles, miniatures , bjd poup\u00e9es 1\/12 1\/8 1\/6 1\/4 1\/3\" \/>\n<meta property=\"article:publisher\" content=\"https:\/\/www.facebook.com\/sunnyshop211\/?ref=bookmarks\" \/>\n<meta property=\"article:modified_time\" content=\"2025-12-27T11:05:30+00:00\" \/>\n<meta property=\"og:image\" content=\"https:\/\/www.sunnyshop211.com\/wp-content\/uploads\/2019\/08\/litjum-52-1-scaled.jpg\" \/>\n\t<meta property=\"og:image:width\" content=\"2560\" \/>\n\t<meta property=\"og:image:height\" content=\"1702\" \/>\n\t<meta property=\"og:image:type\" content=\"image\/jpeg\" \/>\n<meta name=\"twitter:card\" content=\"summary_large_image\" \/>\n<meta name=\"twitter:site\" content=\"@sunnyshop211\" \/>\n<meta name=\"twitter:label1\" content=\"Est. reading time\" \/>\n\t<meta name=\"twitter:data1\" content=\"2 minutes\" \/>\n<script type=\"application\/ld+json\" class=\"yoast-schema-graph\">{\"@context\":\"https:\\\/\\\/schema.org\",\"@graph\":[{\"@type\":\"WebPage\",\"@id\":\"https:\\\/\\\/www.sunnyshop211.com\\\/produit\\\/puzzle-animaux-bois-miniature-1-8-bjd-baby-pukifee-nappy-choo\\\/\",\"url\":\"https:\\\/\\\/www.sunnyshop211.com\\\/produit\\\/puzzle-animaux-bois-miniature-1-8-bjd-baby-pukifee-nappy-choo\\\/\",\"name\":\"Puzzle animaux bois miniature 1\\\/8 bjd baby pukifee, Nappy choo -\",\"isPartOf\":{\"@id\":\"https:\\\/\\\/www.sunnyshop211.com\\\/#website\"},\"primaryImageOfPage\":{\"@id\":\"https:\\\/\\\/www.sunnyshop211.com\\\/produit\\\/puzzle-animaux-bois-miniature-1-8-bjd-baby-pukifee-nappy-choo\\\/#primaryimage\"},\"image\":{\"@id\":\"https:\\\/\\\/www.sunnyshop211.com\\\/produit\\\/puzzle-animaux-bois-miniature-1-8-bjd-baby-pukifee-nappy-choo\\\/#primaryimage\"},\"thumbnailUrl\":\"https:\\\/\\\/www.sunnyshop211.com\\\/wp-content\\\/uploads\\\/2019\\\/08\\\/litjum-52-1-scaled.jpg\",\"datePublished\":\"2019-08-02T13:10:26+00:00\",\"dateModified\":\"2025-12-27T11:05:30+00:00\",\"description\":\"Puzzle animaux bois miniature 1\\\/8 bjd baby pukifee, lati Yellow, Nappy choo ou similaire. Petits jouets id\u00e9al pour vos mises en sc\u00e8nes au 1\\\/8.\",\"breadcrumb\":{\"@id\":\"https:\\\/\\\/www.sunnyshop211.com\\\/produit\\\/puzzle-animaux-bois-miniature-1-8-bjd-baby-pukifee-nappy-choo\\\/#breadcrumb\"},\"inLanguage\":\"en-US\",\"potentialAction\":[{\"@type\":\"ReadAction\",\"target\":[\"https:\\\/\\\/www.sunnyshop211.com\\\/produit\\\/puzzle-animaux-bois-miniature-1-8-bjd-baby-pukifee-nappy-choo\\\/\"]}]},{\"@type\":\"ImageObject\",\"inLanguage\":\"en-US\",\"@id\":\"https:\\\/\\\/www.sunnyshop211.com\\\/produit\\\/puzzle-animaux-bois-miniature-1-8-bjd-baby-pukifee-nappy-choo\\\/#primaryimage\",\"url\":\"https:\\\/\\\/www.sunnyshop211.com\\\/wp-content\\\/uploads\\\/2019\\\/08\\\/litjum-52-1-scaled.jpg\",\"contentUrl\":\"https:\\\/\\\/www.sunnyshop211.com\\\/wp-content\\\/uploads\\\/2019\\\/08\\\/litjum-52-1-scaled.jpg\",\"width\":2560,\"height\":1702},{\"@type\":\"BreadcrumbList\",\"@id\":\"https:\\\/\\\/www.sunnyshop211.com\\\/produit\\\/puzzle-animaux-bois-miniature-1-8-bjd-baby-pukifee-nappy-choo\\\/#breadcrumb\",\"itemListElement\":[{\"@type\":\"ListItem\",\"position\":1,\"name\":\"Accueil\",\"item\":\"https:\\\/\\\/www.sunnyshop211.com\\\/\"},{\"@type\":\"ListItem\",\"position\":2,\"name\":\"Boutique\",\"item\":\"https:\\\/\\\/www.sunnyshop211.com\\\/boutique-miniature-bjd-dolls\\\/\"},{\"@type\":\"ListItem\",\"position\":3,\"name\":\"Puzzle animaux bois miniature 1\\\/8 bjd baby pukifee, Nappy choo\"}]},{\"@type\":\"WebSite\",\"@id\":\"https:\\\/\\\/www.sunnyshop211.com\\\/#website\",\"url\":\"https:\\\/\\\/www.sunnyshop211.com\\\/\",\"name\":\"Vente de dioramas, meubles, miniatures , bjd poup\u00e9es 1\\\/12 1\\\/8 1\\\/6 1\\\/4 1\\\/3\",\"description\":\"Sunnyshop211 - Votre univers miniature pour poup\u00e9es et BJD, dioramas et meubles sur mesure !\",\"publisher\":{\"@id\":\"https:\\\/\\\/www.sunnyshop211.com\\\/#organization\"},\"alternateName\":\"sunnyshop211\",\"potentialAction\":[{\"@type\":\"SearchAction\",\"target\":{\"@type\":\"EntryPoint\",\"urlTemplate\":\"https:\\\/\\\/www.sunnyshop211.com\\\/?s={search_term_string}\"},\"query-input\":{\"@type\":\"PropertyValueSpecification\",\"valueRequired\":true,\"valueName\":\"search_term_string\"}}],\"inLanguage\":\"en-US\"},{\"@type\":\"Organization\",\"@id\":\"https:\\\/\\\/www.sunnyshop211.com\\\/#organization\",\"name\":\"sunnyshop211\",\"alternateName\":\"sunnyshop211 diorama bjd meuble miniature\",\"url\":\"https:\\\/\\\/www.sunnyshop211.com\\\/\",\"logo\":{\"@type\":\"ImageObject\",\"inLanguage\":\"en-US\",\"@id\":\"https:\\\/\\\/www.sunnyshop211.com\\\/#\\\/schema\\\/logo\\\/image\\\/\",\"url\":\"https:\\\/\\\/www.sunnyshop211.com\\\/wp-content\\\/uploads\\\/2022\\\/08\\\/cropped-cropped-cropped-Sunnyshop211-1.png\",\"contentUrl\":\"https:\\\/\\\/www.sunnyshop211.com\\\/wp-content\\\/uploads\\\/2022\\\/08\\\/cropped-cropped-cropped-Sunnyshop211-1.png\",\"width\":339,\"height\":339,\"caption\":\"sunnyshop211\"},\"image\":{\"@id\":\"https:\\\/\\\/www.sunnyshop211.com\\\/#\\\/schema\\\/logo\\\/image\\\/\"},\"sameAs\":[\"https:\\\/\\\/www.facebook.com\\\/sunnyshop211\\\/?ref=bookmarks\",\"https:\\\/\\\/x.com\\\/sunnyshop211\",\"https:\\\/\\\/www.instagram.com\\\/sunnyshop211\\\/\",\"https:\\\/\\\/www.tumblr.com\\\/blog\\\/sunnyshop211\",\"https:\\\/\\\/www.youtube.com\\\/channel\\\/UCtYY18OGGDKrTSzgcf7fCBg\",\"https:\\\/\\\/www.tiktok.com\\\/@sunnydollshop211?is_from_webapp=1&sender_device=pc\"]}]}<\/script>\n<!-- \/ Yoast SEO plugin. -->","yoast_head_json":{"title":"Puzzle animals wood miniature 1\/8 bjd baby pukifee, Nappy choo -","description":"Miniature wooden animal puzzle 1\/8 bjd baby pukifee, lati Yellow, Nappy choo or similar. Ideal little toys for your 1\/8 scenes.","robots":{"index":"index","follow":"follow","max-snippet":"max-snippet:-1","max-image-preview":"max-image-preview:large","max-video-preview":"max-video-preview:-1"},"canonical":"https:\/\/www.sunnyshop211.com\/en\/product\/puzzle-animaux-bois-miniature-1-8-bjd-baby-pukifee-nappy-choo\/","og_locale":"en_US","og_type":"article","og_title":"Puzzle animaux bois miniature 1\/8 bjd baby pukifee, Nappy choo -","og_description":"Puzzle animaux bois miniature 1\/8 bjd baby pukifee, lati Yellow, Nappy choo ou similaire. Petits jouets id\u00e9al pour vos mises en sc\u00e8nes au 1\/8.","og_url":"https:\/\/www.sunnyshop211.com\/en\/product\/puzzle-animaux-bois-miniature-1-8-bjd-baby-pukifee-nappy-choo\/","og_site_name":"Sunnyshop211 -Vente de dioramas, meubles, miniatures , bjd poup\u00e9es 1\/12 1\/8 1\/6 1\/4 1\/3","article_publisher":"https:\/\/www.facebook.com\/sunnyshop211\/?ref=bookmarks","article_modified_time":"2025-12-27T11:05:30+00:00","og_image":[{"width":2560,"height":1702,"url":"https:\/\/www.sunnyshop211.com\/wp-content\/uploads\/2019\/08\/litjum-52-1-scaled.jpg","type":"image\/jpeg"}],"twitter_card":"summary_large_image","twitter_site":"@sunnyshop211","twitter_misc":{"Est. reading time":"2 minutes"},"schema":{"@context":"https:\/\/schema.org","@graph":[{"@type":"WebPage","@id":"https:\/\/www.sunnyshop211.com\/produit\/puzzle-animaux-bois-miniature-1-8-bjd-baby-pukifee-nappy-choo\/","url":"https:\/\/www.sunnyshop211.com\/produit\/puzzle-animaux-bois-miniature-1-8-bjd-baby-pukifee-nappy-choo\/","name":"Puzzle animals wood miniature 1\/8 bjd baby pukifee, Nappy choo -","isPartOf":{"@id":"https:\/\/www.sunnyshop211.com\/#website"},"primaryImageOfPage":{"@id":"https:\/\/www.sunnyshop211.com\/produit\/puzzle-animaux-bois-miniature-1-8-bjd-baby-pukifee-nappy-choo\/#primaryimage"},"image":{"@id":"https:\/\/www.sunnyshop211.com\/produit\/puzzle-animaux-bois-miniature-1-8-bjd-baby-pukifee-nappy-choo\/#primaryimage"},"thumbnailUrl":"https:\/\/www.sunnyshop211.com\/wp-content\/uploads\/2019\/08\/litjum-52-1-scaled.jpg","datePublished":"2019-08-02T13:10:26+00:00","dateModified":"2025-12-27T11:05:30+00:00","description":"Miniature wooden animal puzzle 1\/8 bjd baby pukifee, lati Yellow, Nappy choo or similar. Ideal little toys for your 1\/8 scenes.","breadcrumb":{"@id":"https:\/\/www.sunnyshop211.com\/produit\/puzzle-animaux-bois-miniature-1-8-bjd-baby-pukifee-nappy-choo\/#breadcrumb"},"inLanguage":"en-US","potentialAction":[{"@type":"ReadAction","target":["https:\/\/www.sunnyshop211.com\/produit\/puzzle-animaux-bois-miniature-1-8-bjd-baby-pukifee-nappy-choo\/"]}]},{"@type":"ImageObject","inLanguage":"en-US","@id":"https:\/\/www.sunnyshop211.com\/produit\/puzzle-animaux-bois-miniature-1-8-bjd-baby-pukifee-nappy-choo\/#primaryimage","url":"https:\/\/www.sunnyshop211.com\/wp-content\/uploads\/2019\/08\/litjum-52-1-scaled.jpg","contentUrl":"https:\/\/www.sunnyshop211.com\/wp-content\/uploads\/2019\/08\/litjum-52-1-scaled.jpg","width":2560,"height":1702},{"@type":"BreadcrumbList","@id":"https:\/\/www.sunnyshop211.com\/produit\/puzzle-animaux-bois-miniature-1-8-bjd-baby-pukifee-nappy-choo\/#breadcrumb","itemListElement":[{"@type":"ListItem","position":1,"name":"Accueil","item":"https:\/\/www.sunnyshop211.com\/"},{"@type":"ListItem","position":2,"name":"Boutique","item":"https:\/\/www.sunnyshop211.com\/boutique-miniature-bjd-dolls\/"},{"@type":"ListItem","position":3,"name":"Puzzle animaux bois miniature 1\/8 bjd baby pukifee, Nappy choo"}]},{"@type":"WebSite","@id":"https:\/\/www.sunnyshop211.com\/#website","url":"https:\/\/www.sunnyshop211.com\/","name":"Sale of dioramas, furniture, miniatures, bjd dolls 1\/12 1\/8 1\/6 1\/4 1\/3","description":"Sunnyshop211 - Your miniature world for dolls and BJDs, dioramas and custom-made furniture!","publisher":{"@id":"https:\/\/www.sunnyshop211.com\/#organization"},"alternateName":"sunnyshop211","potentialAction":[{"@type":"SearchAction","target":{"@type":"EntryPoint","urlTemplate":"https:\/\/www.sunnyshop211.com\/?s={search_term_string}"},"query-input":{"@type":"PropertyValueSpecification","valueRequired":true,"valueName":"search_term_string"}}],"inLanguage":"en-US"},{"@type":"Organization","@id":"https:\/\/www.sunnyshop211.com\/#organization","name":"sunnyshop211","alternateName":"sunnyshop211 diorama bjd meuble miniature","url":"https:\/\/www.sunnyshop211.com\/","logo":{"@type":"ImageObject","inLanguage":"en-US","@id":"https:\/\/www.sunnyshop211.com\/#\/schema\/logo\/image\/","url":"https:\/\/www.sunnyshop211.com\/wp-content\/uploads\/2022\/08\/cropped-cropped-cropped-Sunnyshop211-1.png","contentUrl":"https:\/\/www.sunnyshop211.com\/wp-content\/uploads\/2022\/08\/cropped-cropped-cropped-Sunnyshop211-1.png","width":339,"height":339,"caption":"sunnyshop211"},"image":{"@id":"https:\/\/www.sunnyshop211.com\/#\/schema\/logo\/image\/"},"sameAs":["https:\/\/www.facebook.com\/sunnyshop211\/?ref=bookmarks","https:\/\/x.com\/sunnyshop211","https:\/\/www.instagram.com\/sunnyshop211\/","https:\/\/www.tumblr.com\/blog\/sunnyshop211","https:\/\/www.youtube.com\/channel\/UCtYY18OGGDKrTSzgcf7fCBg","https:\/\/www.tiktok.com\/@sunnydollshop211?is_from_webapp=1&sender_device=pc"]}]}},"jetpack_publicize_connections":[],"jetpack_sharing_enabled":true,"_links":{"self":[{"href":"https:\/\/www.sunnyshop211.com\/en\/wp-json\/wp\/v2\/product\/8192","targetHints":{"allow":["GET"]}}],"collection":[{"href":"https:\/\/www.sunnyshop211.com\/en\/wp-json\/wp\/v2\/product"}],"about":[{"href":"https:\/\/www.sunnyshop211.com\/en\/wp-json\/wp\/v2\/types\/product"}],"replies":[{"embeddable":true,"href":"https:\/\/www.sunnyshop211.com\/en\/wp-json\/wp\/v2\/comments?post=8192"}],"version-history":[{"count":10,"href":"https:\/\/www.sunnyshop211.com\/en\/wp-json\/wp\/v2\/product\/8192\/revisions"}],"predecessor-version":[{"id":53058,"href":"https:\/\/www.sunnyshop211.com\/en\/wp-json\/wp\/v2\/product\/8192\/revisions\/53058"}],"wp:featuredmedia":[{"embeddable":true,"href":"https:\/\/www.sunnyshop211.com\/en\/wp-json\/wp\/v2\/media\/8143"}],"wp:attachment":[{"href":"https:\/\/www.sunnyshop211.com\/en\/wp-json\/wp\/v2\/media?parent=8192"}],"wp:term":[{"taxonomy":"product_brand","embeddable":true,"href":"https:\/\/www.sunnyshop211.com\/en\/wp-json\/wp\/v2\/product_brand?post=8192"},{"taxonomy":"product_cat","embeddable":true,"href":"https:\/\/www.sunnyshop211.com\/en\/wp-json\/wp\/v2\/product_cat?post=8192"},{"taxonomy":"product_tag","embeddable":true,"href":"https:\/\/www.sunnyshop211.com\/en\/wp-json\/wp\/v2\/product_tag?post=8192"}],"curies":[{"name":"wp","href":"https:\/\/api.w.org\/{rel}","templated":true}]}}