{"id":7703,"date":"2019-07-29T18:38:57","date_gmt":"2019-07-29T17:38:57","guid":{"rendered":"https:\/\/sunnyshop211.com\/?post_type=product&#038;p=7703"},"modified":"2025-12-25T16:23:56","modified_gmt":"2025-12-25T15:23:56","slug":"rack-de-vetements-miniature-1-12-lati-white-obitsu-11-stodoll","status":"publish","type":"product","link":"https:\/\/www.sunnyshop211.com\/en\/product\/rack-de-vetements-miniature-1-12-lati-white-obitsu-11-stodoll\/","title":{"rendered":"Miniature clothes rack - 1\/12, Lati White, Obitsu 11 &amp; Stodoll"},"content":{"rendered":"<div id='gallery-1' class='gallery galleryid-7703 gallery-columns-3 gallery-size-thumbnail'><figure class='gallery-item'>\n\t\t\t<div class='gallery-icon portrait'>\n\t\t\t\t<a href='https:\/\/www.sunnyshop211.com\/en\/?attachment_id=7555'><img decoding=\"async\" width=\"150\" height=\"150\" src=\"https:\/\/www.sunnyshop211.com\/wp-content\/uploads\/2019\/07\/chateau-48-150x150.jpg\" class=\"attachment-thumbnail size-thumbnail\" alt=\"Rack de v\u00eatements miniature\" srcset=\"https:\/\/www.sunnyshop211.com\/wp-content\/uploads\/2019\/07\/chateau-48-150x150.jpg 150w, https:\/\/www.sunnyshop211.com\/wp-content\/uploads\/2019\/07\/chateau-48-500x500.jpg 500w, https:\/\/www.sunnyshop211.com\/wp-content\/uploads\/2019\/07\/chateau-48-100x100.jpg 100w\" sizes=\"(max-width: 150px) 100vw, 150px\" \/><\/a>\n\t\t\t<\/div><\/figure><figure class='gallery-item'>\n\t\t\t<div class='gallery-icon landscape'>\n\t\t\t\t<a href='https:\/\/www.sunnyshop211.com\/en\/?attachment_id=15721'><img decoding=\"async\" width=\"150\" height=\"150\" src=\"https:\/\/www.sunnyshop211.com\/wp-content\/uploads\/2020\/05\/penderiepuki-17-1-150x150.jpg\" class=\"attachment-thumbnail size-thumbnail\" alt=\"\" srcset=\"https:\/\/www.sunnyshop211.com\/wp-content\/uploads\/2020\/05\/penderiepuki-17-1-150x150.jpg 150w, https:\/\/www.sunnyshop211.com\/wp-content\/uploads\/2020\/05\/penderiepuki-17-1-scaled-500x500.jpg 500w, https:\/\/www.sunnyshop211.com\/wp-content\/uploads\/2020\/05\/penderiepuki-17-1-100x100.jpg 100w\" sizes=\"(max-width: 150px) 100vw, 150px\" \/><\/a>\n\t\t\t<\/div><\/figure>\n\t\t<\/div>\n\n<h2 data-start=\"191\" data-end=\"265\"><strong data-start=\"194\" data-end=\"265\">Miniature clothes rack - 1\/12, Lati White, Obitsu 11 &amp; Stodoll<\/strong><\/h2>\n<p data-start=\"267\" data-end=\"424\">This miniature clothes rack is ideal for completing your dioramas and creating realistic settings around the world of dressing rooms and dolls' bedrooms.<\/p>\n<hr data-start=\"426\" data-end=\"429\" \/>\n<p data-start=\"431\" data-end=\"455\">\u2728 <strong data-start=\"433\" data-end=\"455\">Product details<\/strong><\/p>\n<ul data-start=\"457\" data-end=\"593\">\n<li data-start=\"457\" data-end=\"501\">\n<p data-start=\"459\" data-end=\"501\">Type: rack \/ miniature open closet<\/p>\n<\/li>\n<li data-start=\"502\" data-end=\"535\">\n<p data-start=\"504\" data-end=\"535\">Finish : <strong data-start=\"515\" data-end=\"535\">choice of color<\/strong><\/p>\n<\/li>\n<li data-start=\"536\" data-end=\"593\">\n<p data-start=\"538\" data-end=\"593\">Sold individually (doll, clothes and decor not included)<\/p>\n<\/li>\n<\/ul>\n<hr data-start=\"595\" data-end=\"598\" \/>\n<p data-start=\"600\" data-end=\"617\">\ud83d\udccf <strong data-start=\"603\" data-end=\"617\">Dimensions<\/strong><\/p>\n<ul data-start=\"619\" data-end=\"660\">\n<li data-start=\"619\" data-end=\"660\">\n<p data-start=\"621\" data-end=\"660\"><strong data-start=\"621\" data-end=\"660\">8.5 cm (length) \u00d7 11 cm (height)<\/strong><\/p>\n<\/li>\n<\/ul>\n<hr data-start=\"662\" data-end=\"665\" \/>\n<p data-start=\"667\" data-end=\"687\">\ud83e\uddf8 <strong data-start=\"670\" data-end=\"687\">Compatibility<\/strong><\/p>\n<p data-start=\"689\" data-end=\"743\">Suitable for scale dolls <strong data-start=\"722\" data-end=\"730\">1\/12<\/strong>, including :<\/p>\n<ul data-start=\"744\" data-end=\"829\">\n<li data-start=\"744\" data-end=\"758\">\n<p data-start=\"746\" data-end=\"758\">Lati White<\/p>\n<\/li>\n<li data-start=\"759\" data-end=\"772\">\n<p data-start=\"761\" data-end=\"772\">Obitsu 11<\/p>\n<\/li>\n<li data-start=\"773\" data-end=\"784\">\n<p data-start=\"775\" data-end=\"784\">Stodoll<\/p>\n<\/li>\n<li data-start=\"785\" data-end=\"829\">\n<p data-start=\"787\" data-end=\"829\">and other dolls of equivalent dimensions<\/p>\n<\/li>\n<\/ul>\n<hr data-start=\"831\" data-end=\"834\" \/>\n<p data-start=\"836\" data-end=\"875\">\ud83c\udfa8 <strong data-start=\"839\" data-end=\"875\">Customization &amp; staging<\/strong><\/p>\n<ul data-start=\"877\" data-end=\"1087\">\n<li data-start=\"877\" data-end=\"917\">\n<p data-start=\"879\" data-end=\"917\">Choice of color to suit your needs<\/p>\n<\/li>\n<li data-start=\"918\" data-end=\"981\">\n<p data-start=\"920\" data-end=\"981\">Perfect for dressing rooms, bedrooms or miniature boutiques<\/p>\n<\/li>\n<li data-start=\"982\" data-end=\"1048\">\n<p data-start=\"984\" data-end=\"1048\">Compatible with furniture <strong data-start=\"1012\" data-end=\"1028\">sunnyshop211<\/strong> sold separately<\/p>\n<\/li>\n<li data-start=\"1049\" data-end=\"1087\">\n<p data-start=\"1051\" data-end=\"1087\">The choice is yours \u2728<\/p>\n<\/li>\n<\/ul>\n<hr data-start=\"1089\" data-end=\"1092\" \/>\n<p data-start=\"1094\" data-end=\"1124\">\ud83d\udee0\ufe0f <strong data-start=\"1098\" data-end=\"1124\">Handcrafted products<\/strong><\/p>\n<ul data-start=\"1126\" data-end=\"1293\">\n<li data-start=\"1126\" data-end=\"1150\">\n<p data-start=\"1128\" data-end=\"1150\">Made to order<\/p>\n<\/li>\n<li data-start=\"1151\" data-end=\"1293\">\n<p data-start=\"1153\" data-end=\"1293\">Slight variations in shape, color and imperfections may occur, reflecting the handcrafted nature of the creation.<\/p>\n<\/li>\n<\/ul>\n<hr data-start=\"1295\" data-end=\"1298\" \/>\n<p data-start=\"1300\" data-end=\"1331\">\ud83d\udce6 <strong data-start=\"1303\" data-end=\"1331\">Important information<\/strong><\/p>\n<ul data-start=\"1333\" data-end=\"1622\">\n<li data-start=\"1333\" data-end=\"1387\">\n<p data-start=\"1335\" data-end=\"1387\">Collector's item - <strong data-start=\"1359\" data-end=\"1387\">adult audience only<\/strong><\/p>\n<\/li>\n<li data-start=\"1388\" data-end=\"1417\">\n<p data-start=\"1390\" data-end=\"1417\"><strong data-start=\"1390\" data-end=\"1417\">This is not a toy<\/strong><\/p>\n<\/li>\n<li data-start=\"1418\" data-end=\"1498\">\n<p data-start=\"1420\" data-end=\"1498\">Please take into account the manufacturing and delivery times (see <a href=\"https:\/\/www.sunnyshop211.com\/en\/conditions-generales-de-ventes-et-delais-de-livraisons\/\"><strong data-start=\"1490\" data-end=\"1497\">GTC<\/strong><\/a>)<\/p>\n<\/li>\n<li data-start=\"1499\" data-end=\"1546\">\n<p data-start=\"1501\" data-end=\"1546\">The photos are examples of staging<\/p>\n<\/li>\n<li data-start=\"1547\" data-end=\"1622\">\n<p data-start=\"1549\" data-end=\"1622\">Other visible decorations are sold separately in the store.<\/p>\n<\/li>\n<\/ul>\n<hr data-start=\"1624\" data-end=\"1627\" \/>\n<p data-start=\"1629\" data-end=\"1645\">\ud83d\ude9a <strong data-start=\"1632\" data-end=\"1645\">Transport<\/strong><\/p>\n<p data-start=\"1647\" data-end=\"1713\">I am not responsible for any damage in transit.<\/p>\n<hr data-start=\"1715\" data-end=\"1718\" \/>\n<p data-start=\"1720\" data-end=\"1802\">\ud83d\udcf8 <strong data-start=\"1723\" data-end=\"1757\">More photos and inspiration<\/strong><br data-start=\"1757\" data-end=\"1760\" \/>\ud83d\udc49 <a class=\"decorated-link\" href=\"https:\/\/www.instagram.com\/sunnyshop211\/\" target=\"_new\" rel=\"noopener\" data-start=\"1763\" data-end=\"1802\">https:\/\/www.instagram.com\/sunnyshop211\/<\/a><\/p>","protected":false},"excerpt":{"rendered":"<p>Rack de v\u00eatements miniature \u2013 1\/12, Lati White, Obitsu 11 &amp; Stodoll Ce rack de v\u00eatements miniature est id\u00e9al pour compl\u00e9ter vos dioramas et cr\u00e9er des mises en sc\u00e8ne r\u00e9alistes autour de l\u2019univers dressing et chambre de poup\u00e9e. \u2728 D\u00e9tails du produit Type : rack \/ penderie ouverte miniature Finition : couleur au choix Vendu [&hellip;]<\/p>\n","protected":false},"featured_media":7608,"comment_status":"open","ping_status":"closed","template":"","meta":{"_crdt_document":"","jetpack_post_was_ever_published":false,"jetpack_publicize_message":"","jetpack_publicize_feature_enabled":true,"jetpack_social_post_already_shared":true,"jetpack_social_options":{"image_generator_settings":{"template":"highway","default_image_id":0,"font":"","enabled":false},"version":2}},"product_brand":[],"product_cat":[667686988],"product_tag":[667681138,667681143,667681136,667681142,667681234,667681226,667681233,667684470,667681261,667681232,667686352,667686353,667686351],"class_list":{"0":"post-7703","1":"product","2":"type-product","3":"status-publish","4":"has-post-thumbnail","6":"product_cat-meubles-lati-white-obitsu-11-stodoll","7":"product_tag-bebe","8":"product_tag-bedroom","9":"product_tag-bjd","10":"product_tag-chambre","11":"product_tag-diorama","12":"product_tag-doll","13":"product_tag-dollhouse","14":"product_tag-lati-white","15":"product_tag-meuble","16":"product_tag-miniature","17":"product_tag-obitsu-11","18":"product_tag-rack-vetement","19":"product_tag-stodoll","20":"product_shipping_class-colissimo-5","21":"pa_couleur-blanc","22":"pa_couleur-bleu","23":"pa_couleur-non-peint","24":"pa_couleur-rose","25":"pa_couleur-vert","26":"pa_couleur-violet","28":"first","29":"instock","30":"taxable","31":"shipping-taxable","32":"purchasable","33":"product-type-variable"},"yoast_head":"<!-- This site is optimized with the Yoast SEO plugin v27.4 - https:\/\/yoast.com\/product\/yoast-seo-wordpress\/ -->\n<title>Rack de v\u00eatements miniature \u2013 1\/12, Lati White, Obitsu 11 &amp; Stodoll -<\/title>\n<meta name=\"description\" content=\"Rack de v\u00eatements miniature \u2013 1\/12, Lati White, Obitsu 11 &amp; Stodoll ou autres . Id\u00e9al pour vos dioramas et mises en sc\u00e8nes et d\u00e9corer vos chambres\" \/>\n<meta name=\"robots\" content=\"index, follow, max-snippet:-1, max-image-preview:large, max-video-preview:-1\" \/>\n<link rel=\"canonical\" href=\"https:\/\/www.sunnyshop211.com\/en\/product\/rack-de-vetements-miniature-1-12-lati-white-obitsu-11-stodoll\/\" \/>\n<meta property=\"og:locale\" content=\"en_US\" \/>\n<meta property=\"og:type\" content=\"article\" \/>\n<meta property=\"og:title\" content=\"Rack de v\u00eatements miniature \u2013 1\/12, Lati White, Obitsu 11 &amp; Stodoll -\" \/>\n<meta property=\"og:description\" content=\"Rack de v\u00eatements miniature \u2013 1\/12, Lati White, Obitsu 11 &amp; Stodoll ou autres . Id\u00e9al pour vos dioramas et mises en sc\u00e8nes et d\u00e9corer vos chambres\" \/>\n<meta property=\"og:url\" content=\"https:\/\/www.sunnyshop211.com\/en\/product\/rack-de-vetements-miniature-1-12-lati-white-obitsu-11-stodoll\/\" \/>\n<meta property=\"og:site_name\" content=\"Sunnyshop211 -Vente de dioramas, meubles, miniatures , bjd poup\u00e9es 1\/12 1\/8 1\/6 1\/4 1\/3\" \/>\n<meta property=\"article:publisher\" content=\"https:\/\/www.facebook.com\/sunnyshop211\/?ref=bookmarks\" \/>\n<meta property=\"article:modified_time\" content=\"2025-12-25T15:23:56+00:00\" \/>\n<meta property=\"og:image\" content=\"https:\/\/www.sunnyshop211.com\/wp-content\/uploads\/2019\/07\/20190726_173345.jpg\" \/>\n\t<meta property=\"og:image:width\" content=\"1732\" \/>\n\t<meta property=\"og:image:height\" content=\"2320\" \/>\n\t<meta property=\"og:image:type\" content=\"image\/jpeg\" \/>\n<meta name=\"twitter:card\" content=\"summary_large_image\" \/>\n<meta name=\"twitter:site\" content=\"@sunnyshop211\" \/>\n<meta name=\"twitter:label1\" content=\"Est. reading time\" \/>\n\t<meta name=\"twitter:data1\" content=\"2 minutes\" \/>\n<script type=\"application\/ld+json\" class=\"yoast-schema-graph\">{\"@context\":\"https:\\\/\\\/schema.org\",\"@graph\":[{\"@type\":\"WebPage\",\"@id\":\"https:\\\/\\\/www.sunnyshop211.com\\\/produit\\\/rack-de-vetements-miniature-1-12-lati-white-obitsu-11-stodoll\\\/\",\"url\":\"https:\\\/\\\/www.sunnyshop211.com\\\/produit\\\/rack-de-vetements-miniature-1-12-lati-white-obitsu-11-stodoll\\\/\",\"name\":\"Rack de v\u00eatements miniature \u2013 1\\\/12, Lati White, Obitsu 11 & Stodoll -\",\"isPartOf\":{\"@id\":\"https:\\\/\\\/www.sunnyshop211.com\\\/#website\"},\"primaryImageOfPage\":{\"@id\":\"https:\\\/\\\/www.sunnyshop211.com\\\/produit\\\/rack-de-vetements-miniature-1-12-lati-white-obitsu-11-stodoll\\\/#primaryimage\"},\"image\":{\"@id\":\"https:\\\/\\\/www.sunnyshop211.com\\\/produit\\\/rack-de-vetements-miniature-1-12-lati-white-obitsu-11-stodoll\\\/#primaryimage\"},\"thumbnailUrl\":\"https:\\\/\\\/www.sunnyshop211.com\\\/wp-content\\\/uploads\\\/2019\\\/07\\\/20190726_173345.jpg\",\"datePublished\":\"2019-07-29T17:38:57+00:00\",\"dateModified\":\"2025-12-25T15:23:56+00:00\",\"description\":\"Rack de v\u00eatements miniature \u2013 1\\\/12, Lati White, Obitsu 11 & Stodoll ou autres . Id\u00e9al pour vos dioramas et mises en sc\u00e8nes et d\u00e9corer vos chambres\",\"breadcrumb\":{\"@id\":\"https:\\\/\\\/www.sunnyshop211.com\\\/produit\\\/rack-de-vetements-miniature-1-12-lati-white-obitsu-11-stodoll\\\/#breadcrumb\"},\"inLanguage\":\"en-US\",\"potentialAction\":[{\"@type\":\"ReadAction\",\"target\":[\"https:\\\/\\\/www.sunnyshop211.com\\\/produit\\\/rack-de-vetements-miniature-1-12-lati-white-obitsu-11-stodoll\\\/\"]}]},{\"@type\":\"ImageObject\",\"inLanguage\":\"en-US\",\"@id\":\"https:\\\/\\\/www.sunnyshop211.com\\\/produit\\\/rack-de-vetements-miniature-1-12-lati-white-obitsu-11-stodoll\\\/#primaryimage\",\"url\":\"https:\\\/\\\/www.sunnyshop211.com\\\/wp-content\\\/uploads\\\/2019\\\/07\\\/20190726_173345.jpg\",\"contentUrl\":\"https:\\\/\\\/www.sunnyshop211.com\\\/wp-content\\\/uploads\\\/2019\\\/07\\\/20190726_173345.jpg\",\"width\":1732,\"height\":2320},{\"@type\":\"BreadcrumbList\",\"@id\":\"https:\\\/\\\/www.sunnyshop211.com\\\/produit\\\/rack-de-vetements-miniature-1-12-lati-white-obitsu-11-stodoll\\\/#breadcrumb\",\"itemListElement\":[{\"@type\":\"ListItem\",\"position\":1,\"name\":\"Accueil\",\"item\":\"https:\\\/\\\/www.sunnyshop211.com\\\/\"},{\"@type\":\"ListItem\",\"position\":2,\"name\":\"Boutique\",\"item\":\"https:\\\/\\\/www.sunnyshop211.com\\\/boutique-miniature-bjd-dolls\\\/\"},{\"@type\":\"ListItem\",\"position\":3,\"name\":\"Rack de v\u00eatements miniature \u2013 1\\\/12, Lati White, Obitsu 11 &#038; Stodoll\"}]},{\"@type\":\"WebSite\",\"@id\":\"https:\\\/\\\/www.sunnyshop211.com\\\/#website\",\"url\":\"https:\\\/\\\/www.sunnyshop211.com\\\/\",\"name\":\"Vente de dioramas, meubles, miniatures , bjd poup\u00e9es 1\\\/12 1\\\/8 1\\\/6 1\\\/4 1\\\/3\",\"description\":\"Sunnyshop211 - Votre univers miniature pour poup\u00e9es et BJD, dioramas et meubles sur mesure !\",\"publisher\":{\"@id\":\"https:\\\/\\\/www.sunnyshop211.com\\\/#organization\"},\"alternateName\":\"sunnyshop211\",\"potentialAction\":[{\"@type\":\"SearchAction\",\"target\":{\"@type\":\"EntryPoint\",\"urlTemplate\":\"https:\\\/\\\/www.sunnyshop211.com\\\/?s={search_term_string}\"},\"query-input\":{\"@type\":\"PropertyValueSpecification\",\"valueRequired\":true,\"valueName\":\"search_term_string\"}}],\"inLanguage\":\"en-US\"},{\"@type\":\"Organization\",\"@id\":\"https:\\\/\\\/www.sunnyshop211.com\\\/#organization\",\"name\":\"sunnyshop211\",\"alternateName\":\"sunnyshop211 diorama bjd meuble miniature\",\"url\":\"https:\\\/\\\/www.sunnyshop211.com\\\/\",\"logo\":{\"@type\":\"ImageObject\",\"inLanguage\":\"en-US\",\"@id\":\"https:\\\/\\\/www.sunnyshop211.com\\\/#\\\/schema\\\/logo\\\/image\\\/\",\"url\":\"https:\\\/\\\/www.sunnyshop211.com\\\/wp-content\\\/uploads\\\/2022\\\/08\\\/cropped-cropped-cropped-Sunnyshop211-1.png\",\"contentUrl\":\"https:\\\/\\\/www.sunnyshop211.com\\\/wp-content\\\/uploads\\\/2022\\\/08\\\/cropped-cropped-cropped-Sunnyshop211-1.png\",\"width\":339,\"height\":339,\"caption\":\"sunnyshop211\"},\"image\":{\"@id\":\"https:\\\/\\\/www.sunnyshop211.com\\\/#\\\/schema\\\/logo\\\/image\\\/\"},\"sameAs\":[\"https:\\\/\\\/www.facebook.com\\\/sunnyshop211\\\/?ref=bookmarks\",\"https:\\\/\\\/x.com\\\/sunnyshop211\",\"https:\\\/\\\/www.instagram.com\\\/sunnyshop211\\\/\",\"https:\\\/\\\/www.tumblr.com\\\/blog\\\/sunnyshop211\",\"https:\\\/\\\/www.youtube.com\\\/channel\\\/UCtYY18OGGDKrTSzgcf7fCBg\",\"https:\\\/\\\/www.tiktok.com\\\/@sunnydollshop211?is_from_webapp=1&sender_device=pc\"]}]}<\/script>\n<!-- \/ Yoast SEO plugin. -->","yoast_head_json":{"title":"Miniature clothing rack - 1\/12, Lati White, Obitsu 11 &amp; Stodoll -","description":"Miniature clothing rack - 1\/12, Lati White, Obitsu 11 &amp; Stodoll or others. Ideal for dioramas and room decorations.","robots":{"index":"index","follow":"follow","max-snippet":"max-snippet:-1","max-image-preview":"max-image-preview:large","max-video-preview":"max-video-preview:-1"},"canonical":"https:\/\/www.sunnyshop211.com\/en\/product\/rack-de-vetements-miniature-1-12-lati-white-obitsu-11-stodoll\/","og_locale":"en_US","og_type":"article","og_title":"Rack de v\u00eatements miniature \u2013 1\/12, Lati White, Obitsu 11 & Stodoll -","og_description":"Rack de v\u00eatements miniature \u2013 1\/12, Lati White, Obitsu 11 & Stodoll ou autres . Id\u00e9al pour vos dioramas et mises en sc\u00e8nes et d\u00e9corer vos chambres","og_url":"https:\/\/www.sunnyshop211.com\/en\/product\/rack-de-vetements-miniature-1-12-lati-white-obitsu-11-stodoll\/","og_site_name":"Sunnyshop211 -Vente de dioramas, meubles, miniatures , bjd poup\u00e9es 1\/12 1\/8 1\/6 1\/4 1\/3","article_publisher":"https:\/\/www.facebook.com\/sunnyshop211\/?ref=bookmarks","article_modified_time":"2025-12-25T15:23:56+00:00","og_image":[{"width":1732,"height":2320,"url":"https:\/\/www.sunnyshop211.com\/wp-content\/uploads\/2019\/07\/20190726_173345.jpg","type":"image\/jpeg"}],"twitter_card":"summary_large_image","twitter_site":"@sunnyshop211","twitter_misc":{"Est. reading time":"2 minutes"},"schema":{"@context":"https:\/\/schema.org","@graph":[{"@type":"WebPage","@id":"https:\/\/www.sunnyshop211.com\/produit\/rack-de-vetements-miniature-1-12-lati-white-obitsu-11-stodoll\/","url":"https:\/\/www.sunnyshop211.com\/produit\/rack-de-vetements-miniature-1-12-lati-white-obitsu-11-stodoll\/","name":"Miniature clothing rack - 1\/12, Lati White, Obitsu 11 &amp; Stodoll -","isPartOf":{"@id":"https:\/\/www.sunnyshop211.com\/#website"},"primaryImageOfPage":{"@id":"https:\/\/www.sunnyshop211.com\/produit\/rack-de-vetements-miniature-1-12-lati-white-obitsu-11-stodoll\/#primaryimage"},"image":{"@id":"https:\/\/www.sunnyshop211.com\/produit\/rack-de-vetements-miniature-1-12-lati-white-obitsu-11-stodoll\/#primaryimage"},"thumbnailUrl":"https:\/\/www.sunnyshop211.com\/wp-content\/uploads\/2019\/07\/20190726_173345.jpg","datePublished":"2019-07-29T17:38:57+00:00","dateModified":"2025-12-25T15:23:56+00:00","description":"Miniature clothing rack - 1\/12, Lati White, Obitsu 11 &amp; Stodoll or others. Ideal for dioramas and room decorations.","breadcrumb":{"@id":"https:\/\/www.sunnyshop211.com\/produit\/rack-de-vetements-miniature-1-12-lati-white-obitsu-11-stodoll\/#breadcrumb"},"inLanguage":"en-US","potentialAction":[{"@type":"ReadAction","target":["https:\/\/www.sunnyshop211.com\/produit\/rack-de-vetements-miniature-1-12-lati-white-obitsu-11-stodoll\/"]}]},{"@type":"ImageObject","inLanguage":"en-US","@id":"https:\/\/www.sunnyshop211.com\/produit\/rack-de-vetements-miniature-1-12-lati-white-obitsu-11-stodoll\/#primaryimage","url":"https:\/\/www.sunnyshop211.com\/wp-content\/uploads\/2019\/07\/20190726_173345.jpg","contentUrl":"https:\/\/www.sunnyshop211.com\/wp-content\/uploads\/2019\/07\/20190726_173345.jpg","width":1732,"height":2320},{"@type":"BreadcrumbList","@id":"https:\/\/www.sunnyshop211.com\/produit\/rack-de-vetements-miniature-1-12-lati-white-obitsu-11-stodoll\/#breadcrumb","itemListElement":[{"@type":"ListItem","position":1,"name":"Accueil","item":"https:\/\/www.sunnyshop211.com\/"},{"@type":"ListItem","position":2,"name":"Boutique","item":"https:\/\/www.sunnyshop211.com\/boutique-miniature-bjd-dolls\/"},{"@type":"ListItem","position":3,"name":"Rack de v\u00eatements miniature \u2013 1\/12, Lati White, Obitsu 11 &#038; Stodoll"}]},{"@type":"WebSite","@id":"https:\/\/www.sunnyshop211.com\/#website","url":"https:\/\/www.sunnyshop211.com\/","name":"Sale of dioramas, furniture, miniatures, bjd dolls 1\/12 1\/8 1\/6 1\/4 1\/3","description":"Sunnyshop211 - Your miniature world for dolls and BJDs, dioramas and custom-made furniture!","publisher":{"@id":"https:\/\/www.sunnyshop211.com\/#organization"},"alternateName":"sunnyshop211","potentialAction":[{"@type":"SearchAction","target":{"@type":"EntryPoint","urlTemplate":"https:\/\/www.sunnyshop211.com\/?s={search_term_string}"},"query-input":{"@type":"PropertyValueSpecification","valueRequired":true,"valueName":"search_term_string"}}],"inLanguage":"en-US"},{"@type":"Organization","@id":"https:\/\/www.sunnyshop211.com\/#organization","name":"sunnyshop211","alternateName":"sunnyshop211 diorama bjd meuble miniature","url":"https:\/\/www.sunnyshop211.com\/","logo":{"@type":"ImageObject","inLanguage":"en-US","@id":"https:\/\/www.sunnyshop211.com\/#\/schema\/logo\/image\/","url":"https:\/\/www.sunnyshop211.com\/wp-content\/uploads\/2022\/08\/cropped-cropped-cropped-Sunnyshop211-1.png","contentUrl":"https:\/\/www.sunnyshop211.com\/wp-content\/uploads\/2022\/08\/cropped-cropped-cropped-Sunnyshop211-1.png","width":339,"height":339,"caption":"sunnyshop211"},"image":{"@id":"https:\/\/www.sunnyshop211.com\/#\/schema\/logo\/image\/"},"sameAs":["https:\/\/www.facebook.com\/sunnyshop211\/?ref=bookmarks","https:\/\/x.com\/sunnyshop211","https:\/\/www.instagram.com\/sunnyshop211\/","https:\/\/www.tumblr.com\/blog\/sunnyshop211","https:\/\/www.youtube.com\/channel\/UCtYY18OGGDKrTSzgcf7fCBg","https:\/\/www.tiktok.com\/@sunnydollshop211?is_from_webapp=1&sender_device=pc"]}]}},"jetpack_publicize_connections":[],"jetpack_sharing_enabled":true,"_links":{"self":[{"href":"https:\/\/www.sunnyshop211.com\/en\/wp-json\/wp\/v2\/product\/7703","targetHints":{"allow":["GET"]}}],"collection":[{"href":"https:\/\/www.sunnyshop211.com\/en\/wp-json\/wp\/v2\/product"}],"about":[{"href":"https:\/\/www.sunnyshop211.com\/en\/wp-json\/wp\/v2\/types\/product"}],"replies":[{"embeddable":true,"href":"https:\/\/www.sunnyshop211.com\/en\/wp-json\/wp\/v2\/comments?post=7703"}],"version-history":[{"count":14,"href":"https:\/\/www.sunnyshop211.com\/en\/wp-json\/wp\/v2\/product\/7703\/revisions"}],"predecessor-version":[{"id":52716,"href":"https:\/\/www.sunnyshop211.com\/en\/wp-json\/wp\/v2\/product\/7703\/revisions\/52716"}],"wp:featuredmedia":[{"embeddable":true,"href":"https:\/\/www.sunnyshop211.com\/en\/wp-json\/wp\/v2\/media\/7608"}],"wp:attachment":[{"href":"https:\/\/www.sunnyshop211.com\/en\/wp-json\/wp\/v2\/media?parent=7703"}],"wp:term":[{"taxonomy":"product_brand","embeddable":true,"href":"https:\/\/www.sunnyshop211.com\/en\/wp-json\/wp\/v2\/product_brand?post=7703"},{"taxonomy":"product_cat","embeddable":true,"href":"https:\/\/www.sunnyshop211.com\/en\/wp-json\/wp\/v2\/product_cat?post=7703"},{"taxonomy":"product_tag","embeddable":true,"href":"https:\/\/www.sunnyshop211.com\/en\/wp-json\/wp\/v2\/product_tag?post=7703"}],"curies":[{"name":"wp","href":"https:\/\/api.w.org\/{rel}","templated":true}]}}