{"id":7147,"date":"2019-07-02T16:31:11","date_gmt":"2019-07-02T15:31:11","guid":{"rendered":"https:\/\/sunnyshop211.com\/?post_type=product&#038;p=7147"},"modified":"2025-12-31T13:35:20","modified_gmt":"2025-12-31T12:35:20","slug":"sous-verre-miniature-1-4-bjd-minifee-msd","status":"publish","type":"product","link":"https:\/\/www.sunnyshop211.com\/en\/product\/sous-verre-miniature-1-4-bjd-minifee-msd\/","title":{"rendered":"Miniature coaster 1\/4 bjd minifee MSD"},"content":{"rendered":"<p><img fetchpriority=\"high\" decoding=\"async\" class=\"alignnone wp-image-7144 size-medium\" src=\"https:\/\/www.sunnyshop211.com\/wp-content\/uploads\/2019\/07\/20190702_172326-500x332.jpg\" alt=\"Sous verre miniature 1\/4\" width=\"500\" height=\"332\" \/> <img decoding=\"async\" class=\"alignnone wp-image-7143 size-medium\" src=\"https:\/\/www.sunnyshop211.com\/wp-content\/uploads\/2019\/07\/20190702_172408-500x474.jpg\" alt=\"Sous verre miniature 1\/4\" width=\"500\" height=\"474\" srcset=\"https:\/\/www.sunnyshop211.com\/wp-content\/uploads\/2019\/07\/20190702_172408-500x474.jpg 500w, https:\/\/www.sunnyshop211.com\/wp-content\/uploads\/2019\/07\/20190702_172408-1024x970.jpg 1024w, https:\/\/www.sunnyshop211.com\/wp-content\/uploads\/2019\/07\/20190702_172408-768x728.jpg 768w, https:\/\/www.sunnyshop211.com\/wp-content\/uploads\/2019\/07\/20190702_172408-1536x1455.jpg 1536w, https:\/\/www.sunnyshop211.com\/wp-content\/uploads\/2019\/07\/20190702_172408-63x60.jpg 63w, https:\/\/www.sunnyshop211.com\/wp-content\/uploads\/2019\/07\/20190702_172408-600x569.jpg 600w, https:\/\/www.sunnyshop211.com\/wp-content\/uploads\/2019\/07\/20190702_172408-300x284.jpg 300w, https:\/\/www.sunnyshop211.com\/wp-content\/uploads\/2019\/07\/20190702_172408.jpg 1943w\" sizes=\"(max-width: 500px) 100vw, 500px\" \/><\/p>\n<p>&nbsp;<\/p>\n<h2 data-start=\"209\" data-end=\"265\">Miniature coaster \/ cup stand - 1\/4 scale<\/h2>\n<h3 data-start=\"266\" data-end=\"304\">Diorama BJD - Minifee - MSD - Unoa<\/h3>\n<p data-start=\"306\" data-end=\"577\">Add a <strong data-start=\"318\" data-end=\"350\">a refined, natural touch<\/strong> to your miniature scenes with these <strong data-start=\"384\" data-end=\"426\">miniature coasters \/ cup-rests<\/strong>, perfect to accompany your cups, mugs and breakfast or lounge scenes \u2615\u2728<br data-start=\"513\" data-end=\"516\" \/>A small detail that makes all the difference in a diorama.<\/p>\n<hr data-start=\"579\" data-end=\"582\" \/>\n<h2 data-start=\"584\" data-end=\"615\">\u2728 General features<\/h2>\n<p data-start=\"617\" data-end=\"775\">- Scale : <strong data-start=\"629\" data-end=\"636\">1\/4<\/strong><br data-start=\"636\" data-end=\"639\" \/>- Compatible with : BJD, Minifee, MSD, Unoa and equivalent dolls<br data-start=\"713\" data-end=\"716\" \/>- Accessories <strong data-start=\"729\" data-end=\"751\">fictitious - decorative<\/strong><br data-start=\"751\" data-end=\"754\" \/>- Sold <strong data-start=\"762\" data-end=\"775\">per unit<\/strong><\/p>\n<hr data-start=\"777\" data-end=\"780\" \/>\n<h2 data-start=\"782\" data-end=\"818\">\ud83c\udf43 Available models (to choose from)<\/h2>\n<p data-start=\"820\" data-end=\"876\">You choose <strong data-start=\"836\" data-end=\"854\">1 cup rest<\/strong> among <strong data-start=\"861\" data-end=\"874\">2 designs<\/strong> :<\/p>\n<p data-start=\"878\" data-end=\"919\">\u2022 <strong data-start=\"880\" data-end=\"898\">Sheet model<\/strong><br data-start=\"898\" data-end=\"901\" \/>\u2022 <strong data-start=\"903\" data-end=\"919\">Feather model<\/strong><\/p>\n<p data-start=\"921\" data-end=\"1019\">These delicate shapes create an atmosphere <strong data-start=\"965\" data-end=\"997\">nature, poetry and elegance<\/strong> to your staging.<\/p>\n<hr data-start=\"1021\" data-end=\"1024\" \/>\n<h2 data-start=\"1026\" data-end=\"1040\">\ud83c\udfa8 Finish<\/h2>\n<p data-start=\"1042\" data-end=\"1139\">- Coasters <strong data-start=\"1056\" data-end=\"1067\">stained<\/strong><br data-start=\"1067\" data-end=\"1070\" \/>- You choose the <strong data-start=\"1091\" data-end=\"1103\">finish<\/strong><br data-start=\"1103\" data-end=\"1106\" \/>- Delicate, realistic wood appearance<\/p>\n<hr data-start=\"1141\" data-end=\"1144\" \/>\n<h2 data-start=\"1146\" data-end=\"1175\">\ud83d\udd90\ufe0f Craft manufacturing<\/h2>\n<p data-start=\"1177\" data-end=\"1362\">Each piece is <strong data-start=\"1194\" data-end=\"1216\">hand-made<\/strong>, which implies :<br data-start=\"1235\" data-end=\"1238\" \/>- slight variations in shape or color<br data-start=\"1284\" data-end=\"1287\" \/>- a few minor imperfections<br data-start=\"1329\" data-end=\"1332\" \/>- each model is <strong data-start=\"1352\" data-end=\"1362\">unique<\/strong><\/p>\n<hr data-start=\"1364\" data-end=\"1367\" \/>\n<h2 data-start=\"1369\" data-end=\"1402\">\ud83c\udfe1 Use &amp; compatibility<\/h2>\n<p data-start=\"1404\" data-end=\"1620\">- Ideal for your <strong data-start=\"1421\" data-end=\"1488\">dioramas, lounge scenes, kitchen, breakfast or tea break<\/strong><br data-start=\"1488\" data-end=\"1491\" \/>- Compatible with my <strong data-start=\"1513\" data-end=\"1534\">miniature cups<\/strong> sold separately<br data-start=\"1553\" data-end=\"1556\" \/>- Goes perfectly with my <strong data-start=\"1590\" data-end=\"1620\">furniture and accessories 1\/4<\/strong><\/p>\n<hr data-start=\"1622\" data-end=\"1625\" \/>\n<h2 data-start=\"1627\" data-end=\"1657\">\ud83d\udcf8 Important information<\/h2>\n<p data-start=\"1659\" data-end=\"1818\">- The prize is for <strong data-start=\"1678\" data-end=\"1696\">1 cup rest<\/strong><br data-start=\"1696\" data-end=\"1699\" \/>- The photos are <strong data-start=\"1721\" data-end=\"1747\">decoration examples<\/strong><br data-start=\"1747\" data-end=\"1750\" \/>- Cups and other visible accessories are sold separately<\/p>\n<p data-start=\"1820\" data-end=\"1902\">\ud83d\udcf8 More photos and inspiration :<br data-start=\"1857\" data-end=\"1860\" \/>\ud83d\udc49 <a class=\"decorated-link\" href=\"https:\/\/www.instagram.com\/sunnyshop211\/\" target=\"_new\" rel=\"noopener\" data-start=\"1863\" data-end=\"1902\">https:\/\/www.instagram.com\/sunnyshop211\/<\/a><\/p>\n<hr data-start=\"1904\" data-end=\"1907\" \/>\n<h2 data-start=\"1909\" data-end=\"1931\">\u26a0\ufe0f Imprint<\/h2>\n<p data-start=\"1933\" data-end=\"2196\">\u2022 <strong data-start=\"1935\" data-end=\"1962\">This is not a toy<\/strong><br data-start=\"1962\" data-end=\"1965\" \/>- Article for a <strong data-start=\"1988\" data-end=\"2023\">adult and collector audiences<\/strong><br data-start=\"2023\" data-end=\"2026\" \/>- Made to order - please allow for normal manufacturing and delivery times.<br data-start=\"2124\" data-end=\"2127\" \/>- I am not responsible for any damage incurred in transit.<\/p>\n<hr data-start=\"2198\" data-end=\"2201\" \/>\n<p data-start=\"2203\" data-end=\"2323\">\ud83c\udf3f <strong data-start=\"2206\" data-end=\"2323\">A small, discreet and elegant accessory, perfect for enhancing your miniature scenes over coffee or tea.<\/strong><\/p>","protected":false},"excerpt":{"rendered":"<p>&nbsp; Sous-verre \/ Repose-tasse miniature \u2013 \u00c9chelle 1\/4 Diorama BJD \u00b7 Minifee \u00b7 MSD \u00b7 Unoa Ajoutez une touche raffin\u00e9e et naturelle \u00e0 vos sc\u00e8nes miniatures avec ces sous-verres \/ repose-tasses miniatures, parfaits pour accompagner vos tasses, mugs et sc\u00e8nes de petit d\u00e9jeuner ou de salon \u2615\u2728Un petit d\u00e9tail qui fait toute la diff\u00e9rence dans [&hellip;]<\/p>\n","protected":false},"featured_media":7153,"comment_status":"open","ping_status":"closed","template":"","meta":{"_crdt_document":"","jetpack_post_was_ever_published":false,"jetpack_publicize_message":"","jetpack_publicize_feature_enabled":true,"jetpack_social_post_already_shared":true,"jetpack_social_options":{"image_generator_settings":{"template":"highway","default_image_id":0,"font":"","enabled":false},"version":2}},"product_brand":[],"product_cat":[667687022],"product_tag":[667681299,667682864,667682866,667681234,667683278,667683276,667683282,667681173,667681237,667682870,667683280,667683274,667682868],"class_list":{"0":"post-7147","1":"product","2":"type-product","3":"status-publish","4":"has-post-thumbnail","6":"product_cat-decoration-de-cuisine","7":"product_tag-coffee","8":"product_tag-cup","9":"product_tag-cup-of-tea","10":"product_tag-diorama","11":"product_tag-either-leaf","12":"product_tag-feather","13":"product_tag-feuille","14":"product_tag-minifee","15":"product_tag-msd","16":"product_tag-mug","17":"product_tag-plume","18":"product_tag-sous-verre","19":"product_tag-tasse","20":"product_shipping_class-lettre-suivie","22":"first","23":"instock","24":"taxable","25":"shipping-taxable","26":"purchasable","27":"product-type-variable"},"yoast_head":"<!-- This site is optimized with the Yoast SEO plugin v27.5 - https:\/\/yoast.com\/product\/yoast-seo-wordpress\/ -->\n<title>Sous verre miniature 1\/4 bjd minifee MSD -<\/title>\n<meta name=\"description\" content=\"Sous verre miniature 1\/4 bjd minifee MSD 2 model pour 1\/4 accessoire diorama pour poup\u00e9es BJD minifee MSD ou autres de m\u00eame tailles\" \/>\n<meta name=\"robots\" content=\"index, follow, max-snippet:-1, max-image-preview:large, max-video-preview:-1\" \/>\n<link rel=\"canonical\" href=\"https:\/\/www.sunnyshop211.com\/en\/product\/sous-verre-miniature-1-4-bjd-minifee-msd\/\" \/>\n<meta property=\"og:locale\" content=\"en_US\" \/>\n<meta property=\"og:type\" content=\"article\" \/>\n<meta property=\"og:title\" content=\"Sous verre miniature 1\/4 bjd minifee MSD -\" \/>\n<meta property=\"og:description\" content=\"Sous verre miniature 1\/4 bjd minifee MSD 2 model pour 1\/4 accessoire diorama pour poup\u00e9es BJD minifee MSD ou autres de m\u00eame tailles\" \/>\n<meta property=\"og:url\" content=\"https:\/\/www.sunnyshop211.com\/en\/product\/sous-verre-miniature-1-4-bjd-minifee-msd\/\" \/>\n<meta property=\"og:site_name\" content=\"Sunnyshop211 -Vente de dioramas, meubles, miniatures , bjd poup\u00e9es 1\/12 1\/8 1\/6 1\/4 1\/3\" \/>\n<meta property=\"article:publisher\" content=\"https:\/\/www.facebook.com\/sunnyshop211\/?ref=bookmarks\" \/>\n<meta property=\"article:modified_time\" content=\"2025-12-31T12:35:20+00:00\" \/>\n<meta property=\"og:image\" content=\"https:\/\/www.sunnyshop211.com\/wp-content\/uploads\/2019\/07\/20190702_172748-scaled.jpg\" \/>\n\t<meta property=\"og:image:width\" content=\"2560\" \/>\n\t<meta property=\"og:image:height\" content=\"1702\" \/>\n\t<meta property=\"og:image:type\" content=\"image\/jpeg\" \/>\n<meta name=\"twitter:card\" content=\"summary_large_image\" \/>\n<meta name=\"twitter:site\" content=\"@sunnyshop211\" \/>\n<meta name=\"twitter:label1\" content=\"Est. reading time\" \/>\n\t<meta name=\"twitter:data1\" content=\"3 minutes\" \/>\n<script type=\"application\/ld+json\" class=\"yoast-schema-graph\">{\"@context\":\"https:\\\/\\\/schema.org\",\"@graph\":[{\"@type\":\"WebPage\",\"@id\":\"https:\\\/\\\/www.sunnyshop211.com\\\/produit\\\/sous-verre-miniature-1-4-bjd-minifee-msd\\\/\",\"url\":\"https:\\\/\\\/www.sunnyshop211.com\\\/produit\\\/sous-verre-miniature-1-4-bjd-minifee-msd\\\/\",\"name\":\"Sous verre miniature 1\\\/4 bjd minifee MSD -\",\"isPartOf\":{\"@id\":\"https:\\\/\\\/www.sunnyshop211.com\\\/#website\"},\"primaryImageOfPage\":{\"@id\":\"https:\\\/\\\/www.sunnyshop211.com\\\/produit\\\/sous-verre-miniature-1-4-bjd-minifee-msd\\\/#primaryimage\"},\"image\":{\"@id\":\"https:\\\/\\\/www.sunnyshop211.com\\\/produit\\\/sous-verre-miniature-1-4-bjd-minifee-msd\\\/#primaryimage\"},\"thumbnailUrl\":\"https:\\\/\\\/www.sunnyshop211.com\\\/wp-content\\\/uploads\\\/2019\\\/07\\\/20190702_172748-scaled.jpg\",\"datePublished\":\"2019-07-02T15:31:11+00:00\",\"dateModified\":\"2025-12-31T12:35:20+00:00\",\"description\":\"Sous verre miniature 1\\\/4 bjd minifee MSD 2 model pour 1\\\/4 accessoire diorama pour poup\u00e9es BJD minifee MSD ou autres de m\u00eame tailles\",\"breadcrumb\":{\"@id\":\"https:\\\/\\\/www.sunnyshop211.com\\\/produit\\\/sous-verre-miniature-1-4-bjd-minifee-msd\\\/#breadcrumb\"},\"inLanguage\":\"en-US\",\"potentialAction\":[{\"@type\":\"ReadAction\",\"target\":[\"https:\\\/\\\/www.sunnyshop211.com\\\/produit\\\/sous-verre-miniature-1-4-bjd-minifee-msd\\\/\"]}]},{\"@type\":\"ImageObject\",\"inLanguage\":\"en-US\",\"@id\":\"https:\\\/\\\/www.sunnyshop211.com\\\/produit\\\/sous-verre-miniature-1-4-bjd-minifee-msd\\\/#primaryimage\",\"url\":\"https:\\\/\\\/www.sunnyshop211.com\\\/wp-content\\\/uploads\\\/2019\\\/07\\\/20190702_172748-scaled.jpg\",\"contentUrl\":\"https:\\\/\\\/www.sunnyshop211.com\\\/wp-content\\\/uploads\\\/2019\\\/07\\\/20190702_172748-scaled.jpg\",\"width\":2560,\"height\":1702},{\"@type\":\"BreadcrumbList\",\"@id\":\"https:\\\/\\\/www.sunnyshop211.com\\\/produit\\\/sous-verre-miniature-1-4-bjd-minifee-msd\\\/#breadcrumb\",\"itemListElement\":[{\"@type\":\"ListItem\",\"position\":1,\"name\":\"Accueil\",\"item\":\"https:\\\/\\\/www.sunnyshop211.com\\\/\"},{\"@type\":\"ListItem\",\"position\":2,\"name\":\"Boutique\",\"item\":\"https:\\\/\\\/www.sunnyshop211.com\\\/boutique-miniature-bjd-dolls\\\/\"},{\"@type\":\"ListItem\",\"position\":3,\"name\":\"Sous verre miniature 1\\\/4 bjd minifee MSD\"}]},{\"@type\":\"WebSite\",\"@id\":\"https:\\\/\\\/www.sunnyshop211.com\\\/#website\",\"url\":\"https:\\\/\\\/www.sunnyshop211.com\\\/\",\"name\":\"Vente de dioramas, meubles, miniatures , bjd poup\u00e9es 1\\\/12 1\\\/8 1\\\/6 1\\\/4 1\\\/3\",\"description\":\"Sunnyshop211 - Votre univers miniature pour poup\u00e9es et BJD, dioramas et meubles sur mesure !\",\"publisher\":{\"@id\":\"https:\\\/\\\/www.sunnyshop211.com\\\/#organization\"},\"alternateName\":\"sunnyshop211\",\"potentialAction\":[{\"@type\":\"SearchAction\",\"target\":{\"@type\":\"EntryPoint\",\"urlTemplate\":\"https:\\\/\\\/www.sunnyshop211.com\\\/?s={search_term_string}\"},\"query-input\":{\"@type\":\"PropertyValueSpecification\",\"valueRequired\":true,\"valueName\":\"search_term_string\"}}],\"inLanguage\":\"en-US\"},{\"@type\":\"Organization\",\"@id\":\"https:\\\/\\\/www.sunnyshop211.com\\\/#organization\",\"name\":\"sunnyshop211\",\"alternateName\":\"sunnyshop211 diorama bjd meuble miniature\",\"url\":\"https:\\\/\\\/www.sunnyshop211.com\\\/\",\"logo\":{\"@type\":\"ImageObject\",\"inLanguage\":\"en-US\",\"@id\":\"https:\\\/\\\/www.sunnyshop211.com\\\/#\\\/schema\\\/logo\\\/image\\\/\",\"url\":\"https:\\\/\\\/www.sunnyshop211.com\\\/wp-content\\\/uploads\\\/2022\\\/08\\\/cropped-cropped-cropped-Sunnyshop211-1.png\",\"contentUrl\":\"https:\\\/\\\/www.sunnyshop211.com\\\/wp-content\\\/uploads\\\/2022\\\/08\\\/cropped-cropped-cropped-Sunnyshop211-1.png\",\"width\":339,\"height\":339,\"caption\":\"sunnyshop211\"},\"image\":{\"@id\":\"https:\\\/\\\/www.sunnyshop211.com\\\/#\\\/schema\\\/logo\\\/image\\\/\"},\"sameAs\":[\"https:\\\/\\\/www.facebook.com\\\/sunnyshop211\\\/?ref=bookmarks\",\"https:\\\/\\\/x.com\\\/sunnyshop211\",\"https:\\\/\\\/www.instagram.com\\\/sunnyshop211\\\/\",\"https:\\\/\\\/www.tumblr.com\\\/blog\\\/sunnyshop211\",\"https:\\\/\\\/www.youtube.com\\\/channel\\\/UCtYY18OGGDKrTSzgcf7fCBg\",\"https:\\\/\\\/www.tiktok.com\\\/@sunnydollshop211?is_from_webapp=1&sender_device=pc\"]}]}<\/script>\n<!-- \/ Yoast SEO plugin. -->","yoast_head_json":{"title":"Miniature coaster 1\/4 bjd minifee MSD -","description":"Miniature coaster 1\/4 bjd minifee MSD 2 model for 1\/4 diorama accessory for BJD minifee MSD dolls or others of the same size","robots":{"index":"index","follow":"follow","max-snippet":"max-snippet:-1","max-image-preview":"max-image-preview:large","max-video-preview":"max-video-preview:-1"},"canonical":"https:\/\/www.sunnyshop211.com\/en\/product\/sous-verre-miniature-1-4-bjd-minifee-msd\/","og_locale":"en_US","og_type":"article","og_title":"Sous verre miniature 1\/4 bjd minifee MSD -","og_description":"Sous verre miniature 1\/4 bjd minifee MSD 2 model pour 1\/4 accessoire diorama pour poup\u00e9es BJD minifee MSD ou autres de m\u00eame tailles","og_url":"https:\/\/www.sunnyshop211.com\/en\/product\/sous-verre-miniature-1-4-bjd-minifee-msd\/","og_site_name":"Sunnyshop211 -Vente de dioramas, meubles, miniatures , bjd poup\u00e9es 1\/12 1\/8 1\/6 1\/4 1\/3","article_publisher":"https:\/\/www.facebook.com\/sunnyshop211\/?ref=bookmarks","article_modified_time":"2025-12-31T12:35:20+00:00","og_image":[{"width":2560,"height":1702,"url":"https:\/\/www.sunnyshop211.com\/wp-content\/uploads\/2019\/07\/20190702_172748-scaled.jpg","type":"image\/jpeg"}],"twitter_card":"summary_large_image","twitter_site":"@sunnyshop211","twitter_misc":{"Est. reading time":"3 minutes"},"schema":{"@context":"https:\/\/schema.org","@graph":[{"@type":"WebPage","@id":"https:\/\/www.sunnyshop211.com\/produit\/sous-verre-miniature-1-4-bjd-minifee-msd\/","url":"https:\/\/www.sunnyshop211.com\/produit\/sous-verre-miniature-1-4-bjd-minifee-msd\/","name":"Miniature coaster 1\/4 bjd minifee MSD -","isPartOf":{"@id":"https:\/\/www.sunnyshop211.com\/#website"},"primaryImageOfPage":{"@id":"https:\/\/www.sunnyshop211.com\/produit\/sous-verre-miniature-1-4-bjd-minifee-msd\/#primaryimage"},"image":{"@id":"https:\/\/www.sunnyshop211.com\/produit\/sous-verre-miniature-1-4-bjd-minifee-msd\/#primaryimage"},"thumbnailUrl":"https:\/\/www.sunnyshop211.com\/wp-content\/uploads\/2019\/07\/20190702_172748-scaled.jpg","datePublished":"2019-07-02T15:31:11+00:00","dateModified":"2025-12-31T12:35:20+00:00","description":"Miniature coaster 1\/4 bjd minifee MSD 2 model for 1\/4 diorama accessory for BJD minifee MSD dolls or others of the same size","breadcrumb":{"@id":"https:\/\/www.sunnyshop211.com\/produit\/sous-verre-miniature-1-4-bjd-minifee-msd\/#breadcrumb"},"inLanguage":"en-US","potentialAction":[{"@type":"ReadAction","target":["https:\/\/www.sunnyshop211.com\/produit\/sous-verre-miniature-1-4-bjd-minifee-msd\/"]}]},{"@type":"ImageObject","inLanguage":"en-US","@id":"https:\/\/www.sunnyshop211.com\/produit\/sous-verre-miniature-1-4-bjd-minifee-msd\/#primaryimage","url":"https:\/\/www.sunnyshop211.com\/wp-content\/uploads\/2019\/07\/20190702_172748-scaled.jpg","contentUrl":"https:\/\/www.sunnyshop211.com\/wp-content\/uploads\/2019\/07\/20190702_172748-scaled.jpg","width":2560,"height":1702},{"@type":"BreadcrumbList","@id":"https:\/\/www.sunnyshop211.com\/produit\/sous-verre-miniature-1-4-bjd-minifee-msd\/#breadcrumb","itemListElement":[{"@type":"ListItem","position":1,"name":"Accueil","item":"https:\/\/www.sunnyshop211.com\/"},{"@type":"ListItem","position":2,"name":"Boutique","item":"https:\/\/www.sunnyshop211.com\/boutique-miniature-bjd-dolls\/"},{"@type":"ListItem","position":3,"name":"Sous verre miniature 1\/4 bjd minifee MSD"}]},{"@type":"WebSite","@id":"https:\/\/www.sunnyshop211.com\/#website","url":"https:\/\/www.sunnyshop211.com\/","name":"Sale of dioramas, furniture, miniatures, bjd dolls 1\/12 1\/8 1\/6 1\/4 1\/3","description":"Sunnyshop211 - Your miniature world for dolls and BJDs, dioramas and custom-made furniture!","publisher":{"@id":"https:\/\/www.sunnyshop211.com\/#organization"},"alternateName":"sunnyshop211","potentialAction":[{"@type":"SearchAction","target":{"@type":"EntryPoint","urlTemplate":"https:\/\/www.sunnyshop211.com\/?s={search_term_string}"},"query-input":{"@type":"PropertyValueSpecification","valueRequired":true,"valueName":"search_term_string"}}],"inLanguage":"en-US"},{"@type":"Organization","@id":"https:\/\/www.sunnyshop211.com\/#organization","name":"sunnyshop211","alternateName":"sunnyshop211 diorama bjd meuble miniature","url":"https:\/\/www.sunnyshop211.com\/","logo":{"@type":"ImageObject","inLanguage":"en-US","@id":"https:\/\/www.sunnyshop211.com\/#\/schema\/logo\/image\/","url":"https:\/\/www.sunnyshop211.com\/wp-content\/uploads\/2022\/08\/cropped-cropped-cropped-Sunnyshop211-1.png","contentUrl":"https:\/\/www.sunnyshop211.com\/wp-content\/uploads\/2022\/08\/cropped-cropped-cropped-Sunnyshop211-1.png","width":339,"height":339,"caption":"sunnyshop211"},"image":{"@id":"https:\/\/www.sunnyshop211.com\/#\/schema\/logo\/image\/"},"sameAs":["https:\/\/www.facebook.com\/sunnyshop211\/?ref=bookmarks","https:\/\/x.com\/sunnyshop211","https:\/\/www.instagram.com\/sunnyshop211\/","https:\/\/www.tumblr.com\/blog\/sunnyshop211","https:\/\/www.youtube.com\/channel\/UCtYY18OGGDKrTSzgcf7fCBg","https:\/\/www.tiktok.com\/@sunnydollshop211?is_from_webapp=1&sender_device=pc"]}]}},"jetpack_publicize_connections":[],"jetpack_sharing_enabled":true,"_links":{"self":[{"href":"https:\/\/www.sunnyshop211.com\/en\/wp-json\/wp\/v2\/product\/7147","targetHints":{"allow":["GET"]}}],"collection":[{"href":"https:\/\/www.sunnyshop211.com\/en\/wp-json\/wp\/v2\/product"}],"about":[{"href":"https:\/\/www.sunnyshop211.com\/en\/wp-json\/wp\/v2\/types\/product"}],"replies":[{"embeddable":true,"href":"https:\/\/www.sunnyshop211.com\/en\/wp-json\/wp\/v2\/comments?post=7147"}],"version-history":[{"count":11,"href":"https:\/\/www.sunnyshop211.com\/en\/wp-json\/wp\/v2\/product\/7147\/revisions"}],"predecessor-version":[{"id":33360,"href":"https:\/\/www.sunnyshop211.com\/en\/wp-json\/wp\/v2\/product\/7147\/revisions\/33360"}],"wp:featuredmedia":[{"embeddable":true,"href":"https:\/\/www.sunnyshop211.com\/en\/wp-json\/wp\/v2\/media\/7153"}],"wp:attachment":[{"href":"https:\/\/www.sunnyshop211.com\/en\/wp-json\/wp\/v2\/media?parent=7147"}],"wp:term":[{"taxonomy":"product_brand","embeddable":true,"href":"https:\/\/www.sunnyshop211.com\/en\/wp-json\/wp\/v2\/product_brand?post=7147"},{"taxonomy":"product_cat","embeddable":true,"href":"https:\/\/www.sunnyshop211.com\/en\/wp-json\/wp\/v2\/product_cat?post=7147"},{"taxonomy":"product_tag","embeddable":true,"href":"https:\/\/www.sunnyshop211.com\/en\/wp-json\/wp\/v2\/product_tag?post=7147"}],"curies":[{"name":"wp","href":"https:\/\/api.w.org\/{rel}","templated":true}]}}