{"id":6644,"date":"2019-06-14T17:56:00","date_gmt":"2019-06-14T16:56:00","guid":{"rendered":"https:\/\/sunnyshop211.com\/?post_type=product&#038;p=6644"},"modified":"2026-01-03T22:23:45","modified_gmt":"2026-01-03T21:23:45","slug":"lot-de-cintres-miniature-1-8-1-12-pukifee-lati-yellow-obitsu-11","status":"publish","type":"product","link":"https:\/\/www.sunnyshop211.com\/en\/product\/lot-de-cintres-miniature-1-8-1-12-pukifee-lati-yellow-obitsu-11\/","title":{"rendered":"Set of miniature hangers - 1\/8 &amp; 1\/12, Pukifee, Lati Yellow, Obitsu 11"},"content":{"rendered":"<div id='gallery-1' class='gallery galleryid-6644 gallery-columns-3 gallery-size-thumbnail'><figure class='gallery-item'>\n\t\t\t<div class='gallery-icon landscape'>\n\t\t\t\t<a href='https:\/\/www.sunnyshop211.com\/en\/?attachment_id=6670'><img decoding=\"async\" width=\"150\" height=\"150\" src=\"https:\/\/www.sunnyshop211.com\/wp-content\/uploads\/2019\/06\/20190614_130709-scaled-150x150.jpg\" class=\"attachment-thumbnail size-thumbnail\" alt=\"Lot de cintres miniature 1\/8\" srcset=\"https:\/\/www.sunnyshop211.com\/wp-content\/uploads\/2019\/06\/20190614_130709-scaled-150x150.jpg 150w, https:\/\/www.sunnyshop211.com\/wp-content\/uploads\/2019\/06\/20190614_130709-scaled-500x500.jpg 500w, https:\/\/www.sunnyshop211.com\/wp-content\/uploads\/2019\/06\/20190614_130709-100x100.jpg 100w, https:\/\/www.sunnyshop211.com\/wp-content\/uploads\/2019\/06\/20190614_130709-300x300.jpg 300w\" sizes=\"(max-width: 150px) 100vw, 150px\" \/><\/a>\n\t\t\t<\/div><\/figure><figure class='gallery-item'>\n\t\t\t<div class='gallery-icon landscape'>\n\t\t\t\t<a href='https:\/\/www.sunnyshop211.com\/en\/?attachment_id=6585'><img decoding=\"async\" width=\"150\" height=\"150\" src=\"https:\/\/www.sunnyshop211.com\/wp-content\/uploads\/2019\/06\/20190614_130030-scaled-150x150.jpg\" class=\"attachment-thumbnail size-thumbnail\" alt=\"\" srcset=\"https:\/\/www.sunnyshop211.com\/wp-content\/uploads\/2019\/06\/20190614_130030-scaled-150x150.jpg 150w, https:\/\/www.sunnyshop211.com\/wp-content\/uploads\/2019\/06\/20190614_130030-scaled-500x500.jpg 500w, https:\/\/www.sunnyshop211.com\/wp-content\/uploads\/2019\/06\/20190614_130030-100x100.jpg 100w\" sizes=\"(max-width: 150px) 100vw, 150px\" \/><\/a>\n\t\t\t<\/div><\/figure><figure class='gallery-item'>\n\t\t\t<div class='gallery-icon landscape'>\n\t\t\t\t<a href='https:\/\/www.sunnyshop211.com\/en\/?attachment_id=6590'><img decoding=\"async\" width=\"150\" height=\"150\" src=\"https:\/\/www.sunnyshop211.com\/wp-content\/uploads\/2019\/06\/20190614_130030-1-scaled-150x150.jpg\" class=\"attachment-thumbnail size-thumbnail\" alt=\"Lot de cintres miniature 1\/8\" srcset=\"https:\/\/www.sunnyshop211.com\/wp-content\/uploads\/2019\/06\/20190614_130030-1-scaled-150x150.jpg 150w, https:\/\/www.sunnyshop211.com\/wp-content\/uploads\/2019\/06\/20190614_130030-1-scaled-500x500.jpg 500w, https:\/\/www.sunnyshop211.com\/wp-content\/uploads\/2019\/06\/20190614_130030-1-100x100.jpg 100w, https:\/\/www.sunnyshop211.com\/wp-content\/uploads\/2019\/06\/20190614_130030-1-300x300.jpg 300w\" sizes=\"(max-width: 150px) 100vw, 150px\" \/><\/a>\n\t\t\t<\/div><\/figure><figure class='gallery-item'>\n\t\t\t<div class='gallery-icon landscape'>\n\t\t\t\t<a href='https:\/\/www.sunnyshop211.com\/en\/?attachment_id=6591'><img loading=\"lazy\" decoding=\"async\" width=\"150\" height=\"150\" src=\"https:\/\/www.sunnyshop211.com\/wp-content\/uploads\/2019\/06\/20190614_130130-scaled-150x150.jpg\" class=\"attachment-thumbnail size-thumbnail\" alt=\"\" srcset=\"https:\/\/www.sunnyshop211.com\/wp-content\/uploads\/2019\/06\/20190614_130130-scaled-150x150.jpg 150w, https:\/\/www.sunnyshop211.com\/wp-content\/uploads\/2019\/06\/20190614_130130-scaled-500x500.jpg 500w, https:\/\/www.sunnyshop211.com\/wp-content\/uploads\/2019\/06\/20190614_130130-100x100.jpg 100w, https:\/\/www.sunnyshop211.com\/wp-content\/uploads\/2019\/06\/20190614_130130-300x300.jpg 300w\" sizes=\"(max-width: 150px) 100vw, 150px\" \/><\/a>\n\t\t\t<\/div><\/figure><figure class='gallery-item'>\n\t\t\t<div class='gallery-icon landscape'>\n\t\t\t\t<a href='https:\/\/www.sunnyshop211.com\/en\/?attachment_id=6669'><img loading=\"lazy\" decoding=\"async\" width=\"150\" height=\"150\" src=\"https:\/\/www.sunnyshop211.com\/wp-content\/uploads\/2019\/06\/20190614_130719-scaled-150x150.jpg\" class=\"attachment-thumbnail size-thumbnail\" alt=\"Lot de cintres miniature 1\/8\" srcset=\"https:\/\/www.sunnyshop211.com\/wp-content\/uploads\/2019\/06\/20190614_130719-scaled-150x150.jpg 150w, https:\/\/www.sunnyshop211.com\/wp-content\/uploads\/2019\/06\/20190614_130719-scaled-500x500.jpg 500w, https:\/\/www.sunnyshop211.com\/wp-content\/uploads\/2019\/06\/20190614_130719-100x100.jpg 100w, https:\/\/www.sunnyshop211.com\/wp-content\/uploads\/2019\/06\/20190614_130719-300x300.jpg 300w\" sizes=\"(max-width: 150px) 100vw, 150px\" \/><\/a>\n\t\t\t<\/div><\/figure>\n\t\t<\/div>\n\n<p>&nbsp;<\/p>\n<h2 data-start=\"191\" data-end=\"296\"><strong data-start=\"194\" data-end=\"296\">Lot of miniature hangers - 1\/8 &amp; 1\/12, Pukifee, Lati Yellow, Obitsu 11 &amp; dolls of similar size<\/strong><\/h2>\n<p data-start=\"298\" data-end=\"438\">This set of miniature hangers is ideal for completing your dressing-room worlds and adding a realistic touch to your dioramas and stagings.<\/p>\n<hr data-start=\"440\" data-end=\"443\" \/>\n<p data-start=\"445\" data-end=\"469\">\u2728 <strong data-start=\"447\" data-end=\"469\">Product details<\/strong><\/p>\n<ul data-start=\"471\" data-end=\"683\">\n<li data-start=\"471\" data-end=\"516\">\n<p data-start=\"473\" data-end=\"516\">Type: set of miniature \u00abbaby\u00bb hangers\u00bb<\/p>\n<\/li>\n<li data-start=\"517\" data-end=\"543\">\n<p data-start=\"519\" data-end=\"543\">Scale : <strong data-start=\"529\" data-end=\"543\">1\/8 - 1\/12<\/strong><\/p>\n<\/li>\n<li data-start=\"544\" data-end=\"570\">\n<p data-start=\"546\" data-end=\"570\">Quantity : <strong data-start=\"557\" data-end=\"570\">8 hangers<\/strong><\/p>\n<\/li>\n<li data-start=\"571\" data-end=\"613\">\n<p data-start=\"573\" data-end=\"613\">Finish : <strong data-start=\"584\" data-end=\"594\">painted<\/strong> (choice of color)<\/p>\n<\/li>\n<li data-start=\"614\" data-end=\"639\">\n<p data-start=\"616\" data-end=\"639\">Delivered item <strong data-start=\"630\" data-end=\"639\">mounted<\/strong><\/p>\n<\/li>\n<li data-start=\"640\" data-end=\"683\">\n<p data-start=\"642\" data-end=\"683\">Sold as a set (doll and set not included)<\/p>\n<\/li>\n<\/ul>\n<hr data-start=\"685\" data-end=\"688\" \/>\n<p data-start=\"690\" data-end=\"707\">\ud83d\udccf <strong data-start=\"693\" data-end=\"707\">Dimensions<\/strong><\/p>\n<ul data-start=\"709\" data-end=\"762\">\n<li data-start=\"709\" data-end=\"762\">\n<p data-start=\"711\" data-end=\"762\"><strong data-start=\"711\" data-end=\"751\">4.5 cm (length) \u00d7 2.5 cm (height)<\/strong> per hanger<\/p>\n<\/li>\n<\/ul>\n<hr data-start=\"764\" data-end=\"767\" \/>\n<p data-start=\"769\" data-end=\"789\">\ud83e\uddf8 <strong data-start=\"772\" data-end=\"789\">Compatibility<\/strong><\/p>\n<p data-start=\"791\" data-end=\"833\">Suitable for the following dolls :<\/p>\n<ul data-start=\"834\" data-end=\"950\">\n<li data-start=\"834\" data-end=\"845\">\n<p data-start=\"836\" data-end=\"845\">Pukifee<\/p>\n<\/li>\n<li data-start=\"846\" data-end=\"861\">\n<p data-start=\"848\" data-end=\"861\">Lati Yellow<\/p>\n<\/li>\n<li data-start=\"862\" data-end=\"876\">\n<p data-start=\"864\" data-end=\"876\">Lati White<\/p>\n<\/li>\n<li data-start=\"877\" data-end=\"891\">\n<p data-start=\"879\" data-end=\"891\">Nappy Choo<\/p>\n<\/li>\n<li data-start=\"892\" data-end=\"905\">\n<p data-start=\"894\" data-end=\"905\">Obitsu 11<\/p>\n<\/li>\n<li data-start=\"906\" data-end=\"950\">\n<p data-start=\"908\" data-end=\"950\">and other dolls of equivalent dimensions<\/p>\n<\/li>\n<\/ul>\n<hr data-start=\"952\" data-end=\"955\" \/>\n<p data-start=\"957\" data-end=\"996\">\ud83c\udfa8 <strong data-start=\"960\" data-end=\"996\">Customization &amp; staging<\/strong><\/p>\n<ul data-start=\"998\" data-end=\"1204\">\n<li data-start=\"998\" data-end=\"1033\">\n<p data-start=\"1000\" data-end=\"1033\">Choice of hanger color<\/p>\n<\/li>\n<li data-start=\"1034\" data-end=\"1098\">\n<p data-start=\"1036\" data-end=\"1098\">Perfect for closets, dressing rooms and miniature life scenes<\/p>\n<\/li>\n<li data-start=\"1099\" data-end=\"1165\">\n<p data-start=\"1101\" data-end=\"1165\">Compatible with furniture <strong data-start=\"1129\" data-end=\"1145\">sunnyshop211<\/strong> sold separately<\/p>\n<\/li>\n<li data-start=\"1166\" data-end=\"1204\">\n<p data-start=\"1168\" data-end=\"1204\">Modulate as you wish \u2728<\/p>\n<\/li>\n<\/ul>\n<hr data-start=\"1206\" data-end=\"1209\" \/>\n<p data-start=\"1211\" data-end=\"1241\">\ud83d\udee0\ufe0f <strong data-start=\"1215\" data-end=\"1241\">Handcrafted products<\/strong><\/p>\n<ul data-start=\"1243\" data-end=\"1410\">\n<li data-start=\"1243\" data-end=\"1267\">\n<p data-start=\"1245\" data-end=\"1267\">Made to order<\/p>\n<\/li>\n<li data-start=\"1268\" data-end=\"1410\">\n<p data-start=\"1270\" data-end=\"1410\">Slight variations in shape, color and imperfections may occur, reflecting the handcrafted nature of the creation.<\/p>\n<\/li>\n<\/ul>\n<hr data-start=\"1412\" data-end=\"1415\" \/>\n<p data-start=\"1417\" data-end=\"1448\">\ud83d\udce6 <strong data-start=\"1420\" data-end=\"1448\">Important information<\/strong><\/p>\n<ul data-start=\"1450\" data-end=\"1739\">\n<li data-start=\"1450\" data-end=\"1504\">\n<p data-start=\"1452\" data-end=\"1504\">Collector's item - <strong data-start=\"1476\" data-end=\"1504\">adult audience only<\/strong><\/p>\n<\/li>\n<li data-start=\"1505\" data-end=\"1534\">\n<p data-start=\"1507\" data-end=\"1534\"><strong data-start=\"1507\" data-end=\"1534\">This is not a toy<\/strong><\/p>\n<\/li>\n<li data-start=\"1535\" data-end=\"1615\">\n<p data-start=\"1537\" data-end=\"1615\">Please take into account the manufacturing and delivery times (see <a href=\"https:\/\/www.sunnyshop211.com\/en\/conditions-generales-de-ventes-et-delais-de-livraisons\/\"><strong data-start=\"1607\" data-end=\"1614\">GTC<\/strong><\/a>)<\/p>\n<\/li>\n<li data-start=\"1616\" data-end=\"1663\">\n<p data-start=\"1618\" data-end=\"1663\">The photos are examples of staging<\/p>\n<\/li>\n<li data-start=\"1664\" data-end=\"1739\">\n<p data-start=\"1666\" data-end=\"1739\">Other visible decorations are sold separately in the store.<\/p>\n<\/li>\n<\/ul>\n<hr data-start=\"1741\" data-end=\"1744\" \/>\n<p data-start=\"1746\" data-end=\"1762\">\ud83d\ude9a <strong data-start=\"1749\" data-end=\"1762\">Transport<\/strong><\/p>\n<p data-start=\"1764\" data-end=\"1830\">I am not responsible for any damage in transit.<\/p>\n<hr data-start=\"1832\" data-end=\"1835\" \/>\n<p data-start=\"1837\" data-end=\"1919\">\ud83d\udcf8 <strong data-start=\"1840\" data-end=\"1874\">More photos and inspiration<\/strong><br data-start=\"1874\" data-end=\"1877\" \/>\ud83d\udc49 <a class=\"decorated-link\" href=\"https:\/\/www.instagram.com\/sunnyshop211\/\" target=\"_new\" rel=\"noopener\" data-start=\"1880\" data-end=\"1919\">https:\/\/www.instagram.com\/sunnyshop211\/<\/a><\/p>","protected":false},"excerpt":{"rendered":"<p>&nbsp; Lot de cintres miniature \u2013 1\/8 &amp; 1\/12, Pukifee, Lati Yellow, Obitsu 11 &amp; dolls de taille similaire Ce lot de cintres miniatures est id\u00e9al pour compl\u00e9ter vos univers dressing et apporter une touche r\u00e9aliste \u00e0 vos dioramas et mises en sc\u00e8ne. \u2728 D\u00e9tails du produit Type : lot de cintres miniatures \u00ab baby [&hellip;]<\/p>\n","protected":false},"featured_media":6670,"comment_status":"open","ping_status":"closed","template":"","meta":{"_crdt_document":"","jetpack_post_was_ever_published":false,"jetpack_publicize_message":"","jetpack_publicize_feature_enabled":true,"jetpack_social_post_already_shared":true,"jetpack_social_options":{"image_generator_settings":{"template":"highway","default_image_id":0,"font":"","enabled":false},"version":2}},"product_brand":[],"product_cat":[667687085,667686988],"product_tag":[667683115,667681145,667681143,667681136,667681142,667681399,667681234,667681226,667681233,667681272,667681225,667681400,667681241,667681242,667681139,667681236,667681261,667681281,667681232,667681173,667681141,667681177,667681140,667681235,667681260],"class_list":{"0":"post-6644","1":"product","2":"type-product","3":"status-publish","4":"has-post-thumbnail","6":"product_cat-chambre-meubles-miniature-1-8","7":"product_cat-meubles-lati-white-obitsu-11-stodoll","8":"product_tag-baby-bjd","9":"product_tag-bed","10":"product_tag-bedroom","11":"product_tag-bjd","12":"product_tag-chambre","13":"product_tag-cintres","14":"product_tag-diorama","15":"product_tag-doll","16":"product_tag-dollhouse","17":"product_tag-elowynn-wilde","18":"product_tag-furniture","19":"product_tag-hangers","20":"product_tag-iplehouse","21":"product_tag-jid","22":"product_tag-lati-yellow","23":"product_tag-maison-de-poupee","24":"product_tag-meuble","25":"product_tag-meubles","26":"product_tag-miniature","27":"product_tag-minifee","28":"product_tag-nappy-choo","29":"product_tag-poupee","30":"product_tag-pukifee","31":"product_tag-roombox","32":"product_tag-tonner","33":"product_shipping_class-lettre-suivie-3","34":"pa_couleur-beige","35":"pa_couleur-blanc","36":"pa_couleur-bleu","37":"pa_couleur-marron","38":"pa_couleur-noir","39":"pa_couleur-non-peint","40":"pa_couleur-rose","41":"pa_couleur-rouge","42":"pa_couleur-shabby-blanc","43":"pa_couleur-vert","44":"pa_couleur-violet","46":"first","47":"instock","48":"taxable","49":"shipping-taxable","50":"purchasable","51":"product-type-variable"},"yoast_head":"<!-- This site is optimized with the Yoast SEO plugin v27.5 - https:\/\/yoast.com\/product\/yoast-seo-wordpress\/ -->\n<title>Lot de cintres miniature \u2013 1\/8 &amp; 1\/12, Pukifee, Lati Yellow, Obitsu 11 -<\/title>\n<meta name=\"description\" content=\"Lot de cintres miniature \u2013 1\/8 &amp; 1\/12, Pukifee, Lati Yellow, Obitsu 11 nappy choo, lati white , obitsu 11 ou autres de m\u00eame tailles.\" \/>\n<meta name=\"robots\" content=\"index, follow, max-snippet:-1, max-image-preview:large, max-video-preview:-1\" \/>\n<link rel=\"canonical\" href=\"https:\/\/www.sunnyshop211.com\/en\/product\/lot-de-cintres-miniature-1-8-1-12-pukifee-lati-yellow-obitsu-11\/\" \/>\n<meta property=\"og:locale\" content=\"en_US\" \/>\n<meta property=\"og:type\" content=\"article\" \/>\n<meta property=\"og:title\" content=\"Lot de cintres miniature \u2013 1\/8 &amp; 1\/12, Pukifee, Lati Yellow, Obitsu 11 -\" \/>\n<meta property=\"og:description\" content=\"Lot de cintres miniature 1\/8 pour poup\u00e9es pukifee, lati yellow, nappy choo, lati white , obitsu 11 ou autres de m\u00eame tailles. Lot de cintres &quot;baby&quot; 1\/8.\" \/>\n<meta property=\"og:url\" content=\"https:\/\/www.sunnyshop211.com\/en\/product\/lot-de-cintres-miniature-1-8-1-12-pukifee-lati-yellow-obitsu-11\/\" \/>\n<meta property=\"og:site_name\" content=\"Sunnyshop211 -Vente de dioramas, meubles, miniatures , bjd poup\u00e9es 1\/12 1\/8 1\/6 1\/4 1\/3\" \/>\n<meta property=\"article:publisher\" content=\"https:\/\/www.facebook.com\/sunnyshop211\/?ref=bookmarks\" \/>\n<meta property=\"article:modified_time\" content=\"2026-01-03T21:23:45+00:00\" \/>\n<meta property=\"og:image\" content=\"https:\/\/www.sunnyshop211.com\/wp-content\/uploads\/2019\/06\/20190614_130709-scaled.jpg\" \/>\n\t<meta property=\"og:image:width\" content=\"2560\" \/>\n\t<meta property=\"og:image:height\" content=\"1694\" \/>\n\t<meta property=\"og:image:type\" content=\"image\/jpeg\" \/>\n<meta name=\"twitter:card\" content=\"summary_large_image\" \/>\n<meta name=\"twitter:site\" content=\"@sunnyshop211\" \/>\n<meta name=\"twitter:label1\" content=\"Est. reading time\" \/>\n\t<meta name=\"twitter:data1\" content=\"2 minutes\" \/>\n<script type=\"application\/ld+json\" class=\"yoast-schema-graph\">{\"@context\":\"https:\\\/\\\/schema.org\",\"@graph\":[{\"@type\":\"WebPage\",\"@id\":\"https:\\\/\\\/www.sunnyshop211.com\\\/produit\\\/lot-de-cintres-miniature-1-8-1-12-pukifee-lati-yellow-obitsu-11\\\/\",\"url\":\"https:\\\/\\\/www.sunnyshop211.com\\\/produit\\\/lot-de-cintres-miniature-1-8-1-12-pukifee-lati-yellow-obitsu-11\\\/\",\"name\":\"Lot de cintres miniature \u2013 1\\\/8 & 1\\\/12, Pukifee, Lati Yellow, Obitsu 11 -\",\"isPartOf\":{\"@id\":\"https:\\\/\\\/www.sunnyshop211.com\\\/#website\"},\"primaryImageOfPage\":{\"@id\":\"https:\\\/\\\/www.sunnyshop211.com\\\/produit\\\/lot-de-cintres-miniature-1-8-1-12-pukifee-lati-yellow-obitsu-11\\\/#primaryimage\"},\"image\":{\"@id\":\"https:\\\/\\\/www.sunnyshop211.com\\\/produit\\\/lot-de-cintres-miniature-1-8-1-12-pukifee-lati-yellow-obitsu-11\\\/#primaryimage\"},\"thumbnailUrl\":\"https:\\\/\\\/www.sunnyshop211.com\\\/wp-content\\\/uploads\\\/2019\\\/06\\\/20190614_130709-scaled.jpg\",\"datePublished\":\"2019-06-14T16:56:00+00:00\",\"dateModified\":\"2026-01-03T21:23:45+00:00\",\"description\":\"Lot de cintres miniature \u2013 1\\\/8 & 1\\\/12, Pukifee, Lati Yellow, Obitsu 11 nappy choo, lati white , obitsu 11 ou autres de m\u00eame tailles.\",\"breadcrumb\":{\"@id\":\"https:\\\/\\\/www.sunnyshop211.com\\\/produit\\\/lot-de-cintres-miniature-1-8-1-12-pukifee-lati-yellow-obitsu-11\\\/#breadcrumb\"},\"inLanguage\":\"en-US\",\"potentialAction\":[{\"@type\":\"ReadAction\",\"target\":[\"https:\\\/\\\/www.sunnyshop211.com\\\/produit\\\/lot-de-cintres-miniature-1-8-1-12-pukifee-lati-yellow-obitsu-11\\\/\"]}]},{\"@type\":\"ImageObject\",\"inLanguage\":\"en-US\",\"@id\":\"https:\\\/\\\/www.sunnyshop211.com\\\/produit\\\/lot-de-cintres-miniature-1-8-1-12-pukifee-lati-yellow-obitsu-11\\\/#primaryimage\",\"url\":\"https:\\\/\\\/www.sunnyshop211.com\\\/wp-content\\\/uploads\\\/2019\\\/06\\\/20190614_130709-scaled.jpg\",\"contentUrl\":\"https:\\\/\\\/www.sunnyshop211.com\\\/wp-content\\\/uploads\\\/2019\\\/06\\\/20190614_130709-scaled.jpg\",\"width\":2560,\"height\":1694,\"caption\":\"Lot de cintres miniature 1\\\/8\"},{\"@type\":\"BreadcrumbList\",\"@id\":\"https:\\\/\\\/www.sunnyshop211.com\\\/produit\\\/lot-de-cintres-miniature-1-8-1-12-pukifee-lati-yellow-obitsu-11\\\/#breadcrumb\",\"itemListElement\":[{\"@type\":\"ListItem\",\"position\":1,\"name\":\"Accueil\",\"item\":\"https:\\\/\\\/www.sunnyshop211.com\\\/\"},{\"@type\":\"ListItem\",\"position\":2,\"name\":\"Boutique\",\"item\":\"https:\\\/\\\/www.sunnyshop211.com\\\/boutique-miniature-bjd-dolls\\\/\"},{\"@type\":\"ListItem\",\"position\":3,\"name\":\"Lot de cintres miniature \u2013 1\\\/8 &#038; 1\\\/12, Pukifee, Lati Yellow, Obitsu 11\"}]},{\"@type\":\"WebSite\",\"@id\":\"https:\\\/\\\/www.sunnyshop211.com\\\/#website\",\"url\":\"https:\\\/\\\/www.sunnyshop211.com\\\/\",\"name\":\"Vente de dioramas, meubles, miniatures , bjd poup\u00e9es 1\\\/12 1\\\/8 1\\\/6 1\\\/4 1\\\/3\",\"description\":\"Sunnyshop211 - Votre univers miniature pour poup\u00e9es et BJD, dioramas et meubles sur mesure !\",\"publisher\":{\"@id\":\"https:\\\/\\\/www.sunnyshop211.com\\\/#organization\"},\"alternateName\":\"sunnyshop211\",\"potentialAction\":[{\"@type\":\"SearchAction\",\"target\":{\"@type\":\"EntryPoint\",\"urlTemplate\":\"https:\\\/\\\/www.sunnyshop211.com\\\/?s={search_term_string}\"},\"query-input\":{\"@type\":\"PropertyValueSpecification\",\"valueRequired\":true,\"valueName\":\"search_term_string\"}}],\"inLanguage\":\"en-US\"},{\"@type\":\"Organization\",\"@id\":\"https:\\\/\\\/www.sunnyshop211.com\\\/#organization\",\"name\":\"sunnyshop211\",\"alternateName\":\"sunnyshop211 diorama bjd meuble miniature\",\"url\":\"https:\\\/\\\/www.sunnyshop211.com\\\/\",\"logo\":{\"@type\":\"ImageObject\",\"inLanguage\":\"en-US\",\"@id\":\"https:\\\/\\\/www.sunnyshop211.com\\\/#\\\/schema\\\/logo\\\/image\\\/\",\"url\":\"https:\\\/\\\/www.sunnyshop211.com\\\/wp-content\\\/uploads\\\/2022\\\/08\\\/cropped-cropped-cropped-Sunnyshop211-1.png\",\"contentUrl\":\"https:\\\/\\\/www.sunnyshop211.com\\\/wp-content\\\/uploads\\\/2022\\\/08\\\/cropped-cropped-cropped-Sunnyshop211-1.png\",\"width\":339,\"height\":339,\"caption\":\"sunnyshop211\"},\"image\":{\"@id\":\"https:\\\/\\\/www.sunnyshop211.com\\\/#\\\/schema\\\/logo\\\/image\\\/\"},\"sameAs\":[\"https:\\\/\\\/www.facebook.com\\\/sunnyshop211\\\/?ref=bookmarks\",\"https:\\\/\\\/x.com\\\/sunnyshop211\",\"https:\\\/\\\/www.instagram.com\\\/sunnyshop211\\\/\",\"https:\\\/\\\/www.tumblr.com\\\/blog\\\/sunnyshop211\",\"https:\\\/\\\/www.youtube.com\\\/channel\\\/UCtYY18OGGDKrTSzgcf7fCBg\",\"https:\\\/\\\/www.tiktok.com\\\/@sunnydollshop211?is_from_webapp=1&sender_device=pc\"]}]}<\/script>\n<!-- \/ Yoast SEO plugin. -->","yoast_head_json":{"title":"Set of miniature hangers - 1\/8 &amp; 1\/12, Pukifee, Lati Yellow, Obitsu 11 -","description":"Lot of miniature hangers - 1\/8 &amp; 1\/12, Pukifee, Lati Yellow, Obitsu 11 nappy choo, lati white , obitsu 11 or other sizes.","robots":{"index":"index","follow":"follow","max-snippet":"max-snippet:-1","max-image-preview":"max-image-preview:large","max-video-preview":"max-video-preview:-1"},"canonical":"https:\/\/www.sunnyshop211.com\/en\/product\/lot-de-cintres-miniature-1-8-1-12-pukifee-lati-yellow-obitsu-11\/","og_locale":"en_US","og_type":"article","og_title":"Lot de cintres miniature \u2013 1\/8 & 1\/12, Pukifee, Lati Yellow, Obitsu 11 -","og_description":"Lot de cintres miniature 1\/8 pour poup\u00e9es pukifee, lati yellow, nappy choo, lati white , obitsu 11 ou autres de m\u00eame tailles. Lot de cintres \"baby\" 1\/8.","og_url":"https:\/\/www.sunnyshop211.com\/en\/product\/lot-de-cintres-miniature-1-8-1-12-pukifee-lati-yellow-obitsu-11\/","og_site_name":"Sunnyshop211 -Vente de dioramas, meubles, miniatures , bjd poup\u00e9es 1\/12 1\/8 1\/6 1\/4 1\/3","article_publisher":"https:\/\/www.facebook.com\/sunnyshop211\/?ref=bookmarks","article_modified_time":"2026-01-03T21:23:45+00:00","og_image":[{"width":2560,"height":1694,"url":"https:\/\/www.sunnyshop211.com\/wp-content\/uploads\/2019\/06\/20190614_130709-scaled.jpg","type":"image\/jpeg"}],"twitter_card":"summary_large_image","twitter_site":"@sunnyshop211","twitter_misc":{"Est. reading time":"2 minutes"},"schema":{"@context":"https:\/\/schema.org","@graph":[{"@type":"WebPage","@id":"https:\/\/www.sunnyshop211.com\/produit\/lot-de-cintres-miniature-1-8-1-12-pukifee-lati-yellow-obitsu-11\/","url":"https:\/\/www.sunnyshop211.com\/produit\/lot-de-cintres-miniature-1-8-1-12-pukifee-lati-yellow-obitsu-11\/","name":"Set of miniature hangers - 1\/8 &amp; 1\/12, Pukifee, Lati Yellow, Obitsu 11 -","isPartOf":{"@id":"https:\/\/www.sunnyshop211.com\/#website"},"primaryImageOfPage":{"@id":"https:\/\/www.sunnyshop211.com\/produit\/lot-de-cintres-miniature-1-8-1-12-pukifee-lati-yellow-obitsu-11\/#primaryimage"},"image":{"@id":"https:\/\/www.sunnyshop211.com\/produit\/lot-de-cintres-miniature-1-8-1-12-pukifee-lati-yellow-obitsu-11\/#primaryimage"},"thumbnailUrl":"https:\/\/www.sunnyshop211.com\/wp-content\/uploads\/2019\/06\/20190614_130709-scaled.jpg","datePublished":"2019-06-14T16:56:00+00:00","dateModified":"2026-01-03T21:23:45+00:00","description":"Lot of miniature hangers - 1\/8 &amp; 1\/12, Pukifee, Lati Yellow, Obitsu 11 nappy choo, lati white , obitsu 11 or other sizes.","breadcrumb":{"@id":"https:\/\/www.sunnyshop211.com\/produit\/lot-de-cintres-miniature-1-8-1-12-pukifee-lati-yellow-obitsu-11\/#breadcrumb"},"inLanguage":"en-US","potentialAction":[{"@type":"ReadAction","target":["https:\/\/www.sunnyshop211.com\/produit\/lot-de-cintres-miniature-1-8-1-12-pukifee-lati-yellow-obitsu-11\/"]}]},{"@type":"ImageObject","inLanguage":"en-US","@id":"https:\/\/www.sunnyshop211.com\/produit\/lot-de-cintres-miniature-1-8-1-12-pukifee-lati-yellow-obitsu-11\/#primaryimage","url":"https:\/\/www.sunnyshop211.com\/wp-content\/uploads\/2019\/06\/20190614_130709-scaled.jpg","contentUrl":"https:\/\/www.sunnyshop211.com\/wp-content\/uploads\/2019\/06\/20190614_130709-scaled.jpg","width":2560,"height":1694,"caption":"Lot de cintres miniature 1\/8"},{"@type":"BreadcrumbList","@id":"https:\/\/www.sunnyshop211.com\/produit\/lot-de-cintres-miniature-1-8-1-12-pukifee-lati-yellow-obitsu-11\/#breadcrumb","itemListElement":[{"@type":"ListItem","position":1,"name":"Accueil","item":"https:\/\/www.sunnyshop211.com\/"},{"@type":"ListItem","position":2,"name":"Boutique","item":"https:\/\/www.sunnyshop211.com\/boutique-miniature-bjd-dolls\/"},{"@type":"ListItem","position":3,"name":"Lot de cintres miniature \u2013 1\/8 &#038; 1\/12, Pukifee, Lati Yellow, Obitsu 11"}]},{"@type":"WebSite","@id":"https:\/\/www.sunnyshop211.com\/#website","url":"https:\/\/www.sunnyshop211.com\/","name":"Sale of dioramas, furniture, miniatures, bjd dolls 1\/12 1\/8 1\/6 1\/4 1\/3","description":"Sunnyshop211 - Your miniature world for dolls and BJDs, dioramas and custom-made furniture!","publisher":{"@id":"https:\/\/www.sunnyshop211.com\/#organization"},"alternateName":"sunnyshop211","potentialAction":[{"@type":"SearchAction","target":{"@type":"EntryPoint","urlTemplate":"https:\/\/www.sunnyshop211.com\/?s={search_term_string}"},"query-input":{"@type":"PropertyValueSpecification","valueRequired":true,"valueName":"search_term_string"}}],"inLanguage":"en-US"},{"@type":"Organization","@id":"https:\/\/www.sunnyshop211.com\/#organization","name":"sunnyshop211","alternateName":"sunnyshop211 diorama bjd meuble miniature","url":"https:\/\/www.sunnyshop211.com\/","logo":{"@type":"ImageObject","inLanguage":"en-US","@id":"https:\/\/www.sunnyshop211.com\/#\/schema\/logo\/image\/","url":"https:\/\/www.sunnyshop211.com\/wp-content\/uploads\/2022\/08\/cropped-cropped-cropped-Sunnyshop211-1.png","contentUrl":"https:\/\/www.sunnyshop211.com\/wp-content\/uploads\/2022\/08\/cropped-cropped-cropped-Sunnyshop211-1.png","width":339,"height":339,"caption":"sunnyshop211"},"image":{"@id":"https:\/\/www.sunnyshop211.com\/#\/schema\/logo\/image\/"},"sameAs":["https:\/\/www.facebook.com\/sunnyshop211\/?ref=bookmarks","https:\/\/x.com\/sunnyshop211","https:\/\/www.instagram.com\/sunnyshop211\/","https:\/\/www.tumblr.com\/blog\/sunnyshop211","https:\/\/www.youtube.com\/channel\/UCtYY18OGGDKrTSzgcf7fCBg","https:\/\/www.tiktok.com\/@sunnydollshop211?is_from_webapp=1&sender_device=pc"]}]}},"jetpack_publicize_connections":[],"jetpack_sharing_enabled":true,"_links":{"self":[{"href":"https:\/\/www.sunnyshop211.com\/en\/wp-json\/wp\/v2\/product\/6644","targetHints":{"allow":["GET"]}}],"collection":[{"href":"https:\/\/www.sunnyshop211.com\/en\/wp-json\/wp\/v2\/product"}],"about":[{"href":"https:\/\/www.sunnyshop211.com\/en\/wp-json\/wp\/v2\/types\/product"}],"replies":[{"embeddable":true,"href":"https:\/\/www.sunnyshop211.com\/en\/wp-json\/wp\/v2\/comments?post=6644"}],"version-history":[{"count":10,"href":"https:\/\/www.sunnyshop211.com\/en\/wp-json\/wp\/v2\/product\/6644\/revisions"}],"predecessor-version":[{"id":52714,"href":"https:\/\/www.sunnyshop211.com\/en\/wp-json\/wp\/v2\/product\/6644\/revisions\/52714"}],"wp:featuredmedia":[{"embeddable":true,"href":"https:\/\/www.sunnyshop211.com\/en\/wp-json\/wp\/v2\/media\/6670"}],"wp:attachment":[{"href":"https:\/\/www.sunnyshop211.com\/en\/wp-json\/wp\/v2\/media?parent=6644"}],"wp:term":[{"taxonomy":"product_brand","embeddable":true,"href":"https:\/\/www.sunnyshop211.com\/en\/wp-json\/wp\/v2\/product_brand?post=6644"},{"taxonomy":"product_cat","embeddable":true,"href":"https:\/\/www.sunnyshop211.com\/en\/wp-json\/wp\/v2\/product_cat?post=6644"},{"taxonomy":"product_tag","embeddable":true,"href":"https:\/\/www.sunnyshop211.com\/en\/wp-json\/wp\/v2\/product_tag?post=6644"}],"curies":[{"name":"wp","href":"https:\/\/api.w.org\/{rel}","templated":true}]}}