{"id":649,"date":"2019-01-04T10:51:32","date_gmt":"2019-01-04T09:51:32","guid":{"rendered":"https:\/\/sunnyshop211.com\/?post_type=product&#038;p=649"},"modified":"2025-12-24T13:42:11","modified_gmt":"2025-12-24T12:42:11","slug":"%e2%9d%84%ef%b8%8f%f0%9f%a7%9a-lit-fee-hiver-diorama-1-4-minifee-msd-unoa","status":"publish","type":"product","link":"https:\/\/www.sunnyshop211.com\/en\/product\/%e2%9d%84%ef%b8%8f%f0%9f%a7%9a-lit-fee-hiver-diorama-1-4-minifee-msd-unoa\/","title":{"rendered":"\u2744\ufe0f\ud83e\uddda Winter fairy bed - Diorama 1\/4 | Minifee, MSD, Unoa,\u00a0"},"content":{"rendered":"<div id='gallery-1' class='gallery galleryid-649 gallery-columns-3 gallery-size-thumbnail'><figure class='gallery-item'>\n\t\t\t<div class='gallery-icon portrait'>\n\t\t\t\t<a href='https:\/\/www.sunnyshop211.com\/en\/?attachment_id=22318'><img decoding=\"async\" width=\"150\" height=\"150\" src=\"https:\/\/www.sunnyshop211.com\/wp-content\/uploads\/2022\/03\/fee22810629-scaled-150x150.jpg\" class=\"attachment-thumbnail size-thumbnail\" alt=\"\" srcset=\"https:\/\/www.sunnyshop211.com\/wp-content\/uploads\/2022\/03\/fee22810629-scaled-150x150.jpg 150w, https:\/\/www.sunnyshop211.com\/wp-content\/uploads\/2022\/03\/fee22810629-scaled-500x500.jpg 500w, https:\/\/www.sunnyshop211.com\/wp-content\/uploads\/2022\/03\/fee22810629-100x100.jpg 100w, https:\/\/www.sunnyshop211.com\/wp-content\/uploads\/2022\/03\/fee22810629-300x300.jpg 300w\" sizes=\"(max-width: 150px) 100vw, 150px\" \/><\/a>\n\t\t\t<\/div><\/figure><figure class='gallery-item'>\n\t\t\t<div class='gallery-icon portrait'>\n\t\t\t\t<a href='https:\/\/www.sunnyshop211.com\/en\/?attachment_id=319'><img decoding=\"async\" width=\"150\" height=\"150\" src=\"https:\/\/www.sunnyshop211.com\/wp-content\/uploads\/2019\/01\/15446897513358-e1551888083409-150x150.jpg\" class=\"attachment-thumbnail size-thumbnail\" alt=\"Lit f\u00e9e hiver 1\/4 minifee\" srcset=\"https:\/\/www.sunnyshop211.com\/wp-content\/uploads\/2019\/01\/15446897513358-e1551888083409-150x150.jpg 150w, https:\/\/www.sunnyshop211.com\/wp-content\/uploads\/2019\/01\/15446897513358-e1551888083409-500x500.jpg 500w, https:\/\/www.sunnyshop211.com\/wp-content\/uploads\/2019\/01\/15446897513358-e1551888083409-100x100.jpg 100w\" sizes=\"(max-width: 150px) 100vw, 150px\" \/><\/a>\n\t\t\t<\/div><\/figure><figure class='gallery-item'>\n\t\t\t<div class='gallery-icon landscape'>\n\t\t\t\t<a href='https:\/\/www.sunnyshop211.com\/en\/?attachment_id=316'><img decoding=\"async\" width=\"150\" height=\"150\" src=\"https:\/\/www.sunnyshop211.com\/wp-content\/uploads\/2019\/01\/fee-2110-scaled-150x150.jpg\" class=\"attachment-thumbnail size-thumbnail\" alt=\"Lit f\u00e9e hiver 1\/4 minifee\" srcset=\"https:\/\/www.sunnyshop211.com\/wp-content\/uploads\/2019\/01\/fee-2110-scaled-150x150.jpg 150w, https:\/\/www.sunnyshop211.com\/wp-content\/uploads\/2019\/01\/fee-2110-scaled-500x500.jpg 500w, https:\/\/www.sunnyshop211.com\/wp-content\/uploads\/2019\/01\/fee-2110-100x100.jpg 100w\" sizes=\"(max-width: 150px) 100vw, 150px\" \/><\/a>\n\t\t\t<\/div><\/figure>\n\t\t<\/div>\n\n<h2 data-start=\"42\" data-end=\"130\">\u2744\ufe0f\ud83e\uddda <strong data-start=\"47\" data-end=\"128\">Winter fairy bed - Diorama 1\/4 | Minifee, MSD, Unoa,\u00a0<\/strong><\/h2>\n<hr data-start=\"132\" data-end=\"135\" \/>\n<p data-start=\"137\" data-end=\"154\">\u2728 <strong data-start=\"139\" data-end=\"154\">Description<\/strong><\/p>\n<p data-start=\"156\" data-end=\"399\">Immerse your dolls in a <strong data-start=\"183\" data-end=\"216\">enchanting winter atmosphere<\/strong>, soft and enveloping.<br data-start=\"240\" data-end=\"243\" \/>This <strong data-start=\"246\" data-end=\"267\">winter fairy bed 1\/4<\/strong> is ideal for creating <strong data-start=\"293\" data-end=\"320\">magical staging<\/strong>, inspired by the cold season, snowy forests and the world of fairies.<\/p>\n<hr data-start=\"401\" data-end=\"404\" \/>\n<p data-start=\"406\" data-end=\"441\">\ud83d\udecf\ufe0f <strong data-start=\"410\" data-end=\"441\">Bed composition (included)<\/strong><\/p>\n<p data-start=\"443\" data-end=\"742\">Visit <strong data-start=\"446\" data-end=\"475\">winter fairy bed 1\/4 Minifee<\/strong> is sold <strong data-start=\"486\" data-end=\"497\">complete<\/strong>, as shown in the photos, and includes :<br data-start=\"534\" data-end=\"537\" \/>- \u2744\ufe0f <strong data-start=\"542\" data-end=\"579\">A faux fur blanket<\/strong>, cocooning effect<br data-start=\"596\" data-end=\"599\" \/>- \ud83c\udf32 <strong data-start=\"604\" data-end=\"628\">A wet mattress<\/strong>, covered in brown fabric<br data-start=\"655\" data-end=\"658\" \/>- \ud83e\udd0d <strong data-start=\"663\" data-end=\"686\">A matching pillow<\/strong><br data-start=\"686\" data-end=\"689\" \/>- \u2728 <strong data-start=\"693\" data-end=\"740\">Bed decorations visible on the picture<\/strong><\/p>\n<p data-start=\"744\" data-end=\"820\">All my beds come with a <strong data-start=\"779\" data-end=\"819\">fabric-covered foam mattress<\/strong>.<\/p>\n<hr data-start=\"822\" data-end=\"825\" \/>\n<p data-start=\"827\" data-end=\"844\">\ud83d\udcd0 <strong data-start=\"830\" data-end=\"844\">Dimensions<\/strong><\/p>\n<p data-start=\"846\" data-end=\"962\">- Width : <strong data-start=\"858\" data-end=\"867\">17 cm<\/strong><br data-start=\"867\" data-end=\"870\" \/>- Length : <strong data-start=\"883\" data-end=\"892\">50 cm<\/strong><br data-start=\"892\" data-end=\"895\" \/>- Overall height : <strong data-start=\"914\" data-end=\"923\">40 cm<\/strong><br data-start=\"923\" data-end=\"926\" \/>- Format: <strong data-start=\"937\" data-end=\"962\">1 place - 1\/4 scale<\/strong><\/p>\n<p data-start=\"964\" data-end=\"1063\">Compatible with :<br data-start=\"981\" data-end=\"984\" \/>Minifee, MSD, Unoa, Iplehouse JID \/ FID and dolls of equivalent size.<\/p>\n<hr data-start=\"1065\" data-end=\"1068\" \/>\n<p data-start=\"1070\" data-end=\"1094\">\ud83d\udca1 <strong data-start=\"1073\" data-end=\"1094\">Option (your choice)<\/strong><\/p>\n<p data-start=\"1096\" data-end=\"1248\">- <strong data-start=\"1098\" data-end=\"1115\">LED Garland<\/strong> with on\/off button<br data-start=\"1142\" data-end=\"1145\" \/>\u26a0\ufe0f Batteries <strong data-start=\"1154\" data-end=\"1170\">NOT supplied<\/strong><br data-start=\"1170\" data-end=\"1173\" \/>\u26a0\ufe0f Do not get in contact with water.<br data-start=\"1211\" data-end=\"1214\" \/>\u26a0\ufe0f Not suitable for children<\/p>\n<hr data-start=\"1250\" data-end=\"1253\" \/>\n<p data-start=\"1255\" data-end=\"1284\">\ud83c\udfa8 <strong data-start=\"1258\" data-end=\"1284\">Handcrafted products<\/strong><\/p>\n<p data-start=\"1286\" data-end=\"1526\">- Article <strong data-start=\"1296\" data-end=\"1320\">made to order<\/strong><br data-start=\"1320\" data-end=\"1323\" \/>- Each piece is handmade:<br data-start=\"1359\" data-end=\"1362\" \/>- slight variations in shape and color may occur<br data-start=\"1429\" data-end=\"1432\" \/>- minor imperfections are possible<br data-start=\"1475\" data-end=\"1478\" \/>\ud83d\udc49 It's all part of the <strong data-start=\"1501\" data-end=\"1526\">the charm of craftsmanship<\/strong><\/p>\n<hr data-start=\"1528\" data-end=\"1531\" \/>\n<p data-start=\"1533\" data-end=\"1551\">\ud83e\uddf8 <strong data-start=\"1536\" data-end=\"1551\">Use<\/strong><\/p>\n<p data-start=\"1553\" data-end=\"1750\">- Perfect for :<br data-start=\"1569\" data-end=\"1572\" \/>- magical winter dioramas<br data-start=\"1602\" data-end=\"1605\" \/>- fantasy world, fairies, elves<br data-start=\"1637\" data-end=\"1640\" \/>- cocooning and poetic scenes<br data-start=\"1673\" data-end=\"1676\" \/>- Compatible with my furniture and decors sold separately in the store<\/p>\n<hr data-start=\"1752\" data-end=\"1755\" \/>\n<p data-start=\"1757\" data-end=\"1788\">\ud83d\udcf8 <strong data-start=\"1760\" data-end=\"1788\">Important information<\/strong><\/p>\n<p data-start=\"1790\" data-end=\"1931\">- The photos are <strong data-start=\"1812\" data-end=\"1838\">decoration examples<\/strong><br data-start=\"1838\" data-end=\"1841\" \/>- <strong data-start=\"1843\" data-end=\"1872\">Only the fairy bed is sold<\/strong><br data-start=\"1872\" data-end=\"1875\" \/>- Dolls and visible accessories not included<\/p>\n<hr data-start=\"1933\" data-end=\"1936\" \/>\n<p data-start=\"1938\" data-end=\"1950\">\u23f3 <strong data-start=\"1940\" data-end=\"1950\">Deadlines<\/strong><\/p>\n<p data-start=\"1952\" data-end=\"2060\">- Creation <strong data-start=\"1963\" data-end=\"1979\">to order<\/strong><br data-start=\"1979\" data-end=\"1982\" \/>- Please note <a href=\"https:\/\/www.sunnyshop211.com\/en\/conditions-generales-de-ventes-et-delais-de-livraisons\/\"><strong data-start=\"2010\" data-end=\"2034\">processing times<\/strong><\/a> indicated in the store<\/p>\n<hr data-start=\"2062\" data-end=\"2065\" \/>\n<p data-start=\"2067\" data-end=\"2088\">\u26a0\ufe0f <strong data-start=\"2070\" data-end=\"2088\">Warnings<\/strong><\/p>\n<p data-start=\"2090\" data-end=\"2251\">- <strong data-start=\"2092\" data-end=\"2119\">This is not a toy<\/strong><br data-start=\"2119\" data-end=\"2122\" \/>- Article for a <strong data-start=\"2145\" data-end=\"2179\">adult audience \/ collector<\/strong><br data-start=\"2179\" data-end=\"2182\" \/>- I am not responsible for any damage in transit.<\/p>\n<hr data-start=\"2253\" data-end=\"2256\" \/>\n<p data-start=\"2258\" data-end=\"2294\">\ud83d\udcf7 <strong data-start=\"2261\" data-end=\"2294\">More photos &amp; inspiration<\/strong><\/p>\n<p data-start=\"2296\" data-end=\"2338\">\ud83d\udc49 <a class=\"decorated-link\" href=\"https:\/\/www.instagram.com\/sunnyshop211\/\" target=\"_new\" rel=\"noopener\" data-start=\"2299\" data-end=\"2338\">https:\/\/www.instagram.com\/sunnyshop211\/<\/a><\/p>\n<p>&nbsp;<\/p>","protected":false},"excerpt":{"rendered":"<p>\u2744\ufe0f\ud83e\uddda Lit f\u00e9e hiver \u2013 Diorama 1\/4 | Minifee, MSD, Unoa,\u00a0 \u2728 Description Plongez vos dolls dans une atmosph\u00e8re f\u00e9erique hivernale, douce et enveloppante.Ce lit f\u00e9e hiver 1\/4 est id\u00e9al pour cr\u00e9er des mises en sc\u00e8ne magiques, inspir\u00e9es de la saison froide, des for\u00eats enneig\u00e9es et de l\u2019univers des f\u00e9es. \ud83d\udecf\ufe0f Composition du lit (inclus) [&hellip;]<\/p>\n","protected":false},"featured_media":52587,"comment_status":"open","ping_status":"closed","template":"","meta":{"_crdt_document":"","jetpack_post_was_ever_published":false,"jetpack_publicize_message":"","jetpack_publicize_feature_enabled":true,"jetpack_social_post_already_shared":true,"jetpack_social_options":{"image_generator_settings":{"template":"highway","default_image_id":0,"font":"","enabled":false},"version":2}},"product_brand":[],"product_cat":[667686982],"product_tag":[667681145,667681136,667681226,667681233,667681238,667681239,667681225,667681241,667681242,667681236,667681173,667681177,667681262],"class_list":{"0":"post-649","1":"product","2":"type-product","3":"status-publish","4":"has-post-thumbnail","6":"product_cat-meuble","7":"product_tag-bed","8":"product_tag-bjd","9":"product_tag-doll","10":"product_tag-dollhouse","11":"product_tag-fairy","12":"product_tag-fairyland","13":"product_tag-furniture","14":"product_tag-iplehouse","15":"product_tag-jid","16":"product_tag-maison-de-poupee","17":"product_tag-minifee","18":"product_tag-poupee","19":"product_tag-wing","20":"product_shipping_class-colissimo-7","22":"first","23":"instock","24":"taxable","25":"shipping-taxable","26":"purchasable","27":"product-type-variable"},"yoast_head":"<!-- This site is optimized with the Yoast SEO plugin v27.4 - https:\/\/yoast.com\/product\/yoast-seo-wordpress\/ -->\n<title>\u2744\ufe0f\ud83e\uddda Lit f\u00e9e hiver \u2013 Diorama 1\/4 | Minifee, MSD, Unoa,\u00a0 -<\/title>\n<meta name=\"description\" content=\"\u2744\ufe0f\ud83e\uddda Lit f\u00e9e hiver \u2013 Diorama 1\/4 | Minifee, MSD, Unoa. Plongez vos dolls dans une atmosph\u00e8re f\u00e9erique hivernale, douce et enveloppante.\" \/>\n<meta name=\"robots\" content=\"index, follow, max-snippet:-1, max-image-preview:large, max-video-preview:-1\" \/>\n<link rel=\"canonical\" href=\"https:\/\/www.sunnyshop211.com\/en\/product\/\u2744\ufe0f\ud83e\uddda-lit-fee-hiver-diorama-1-4-minifee-msd-unoa\/\" \/>\n<meta property=\"og:locale\" content=\"en_US\" \/>\n<meta property=\"og:type\" content=\"article\" \/>\n<meta property=\"og:title\" content=\"\u2744\ufe0f\ud83e\uddda Lit f\u00e9e hiver \u2013 Diorama 1\/4 | Minifee, MSD, Unoa,\u00a0 -\" \/>\n<meta property=\"og:description\" content=\"\u2744\ufe0f\ud83e\uddda Lit f\u00e9e hiver \u2013 Diorama 1\/4 | Minifee, MSD, Unoa. Plongez vos dolls dans une atmosph\u00e8re f\u00e9erique hivernale, douce et enveloppante.\" \/>\n<meta property=\"og:url\" content=\"https:\/\/www.sunnyshop211.com\/en\/product\/\u2744\ufe0f\ud83e\uddda-lit-fee-hiver-diorama-1-4-minifee-msd-unoa\/\" \/>\n<meta property=\"og:site_name\" content=\"Sunnyshop211 -Vente de dioramas, meubles, miniatures , bjd poup\u00e9es 1\/12 1\/8 1\/6 1\/4 1\/3\" \/>\n<meta property=\"article:publisher\" content=\"https:\/\/www.facebook.com\/sunnyshop211\/?ref=bookmarks\" \/>\n<meta property=\"article:modified_time\" content=\"2025-12-24T12:42:11+00:00\" \/>\n<meta property=\"og:image\" content=\"https:\/\/www.sunnyshop211.com\/wp-content\/uploads\/2019\/01\/14-1.jpg\" \/>\n\t<meta property=\"og:image:width\" content=\"2406\" \/>\n\t<meta property=\"og:image:height\" content=\"2000\" \/>\n\t<meta property=\"og:image:type\" content=\"image\/jpeg\" \/>\n<meta name=\"twitter:card\" content=\"summary_large_image\" \/>\n<meta name=\"twitter:site\" content=\"@sunnyshop211\" \/>\n<meta name=\"twitter:label1\" content=\"Est. reading time\" \/>\n\t<meta name=\"twitter:data1\" content=\"2 minutes\" \/>\n<script type=\"application\/ld+json\" class=\"yoast-schema-graph\">{\"@context\":\"https:\\\/\\\/schema.org\",\"@graph\":[{\"@type\":\"WebPage\",\"@id\":\"https:\\\/\\\/www.sunnyshop211.com\\\/produit\\\/%e2%9d%84%ef%b8%8f%f0%9f%a7%9a-lit-fee-hiver-diorama-1-4-minifee-msd-unoa\\\/\",\"url\":\"https:\\\/\\\/www.sunnyshop211.com\\\/produit\\\/%e2%9d%84%ef%b8%8f%f0%9f%a7%9a-lit-fee-hiver-diorama-1-4-minifee-msd-unoa\\\/\",\"name\":\"\u2744\ufe0f\ud83e\uddda Lit f\u00e9e hiver \u2013 Diorama 1\\\/4 | Minifee, MSD, Unoa,\u00a0 -\",\"isPartOf\":{\"@id\":\"https:\\\/\\\/www.sunnyshop211.com\\\/#website\"},\"primaryImageOfPage\":{\"@id\":\"https:\\\/\\\/www.sunnyshop211.com\\\/produit\\\/%e2%9d%84%ef%b8%8f%f0%9f%a7%9a-lit-fee-hiver-diorama-1-4-minifee-msd-unoa\\\/#primaryimage\"},\"image\":{\"@id\":\"https:\\\/\\\/www.sunnyshop211.com\\\/produit\\\/%e2%9d%84%ef%b8%8f%f0%9f%a7%9a-lit-fee-hiver-diorama-1-4-minifee-msd-unoa\\\/#primaryimage\"},\"thumbnailUrl\":\"https:\\\/\\\/www.sunnyshop211.com\\\/wp-content\\\/uploads\\\/2019\\\/01\\\/14-1.jpg\",\"datePublished\":\"2019-01-04T09:51:32+00:00\",\"dateModified\":\"2025-12-24T12:42:11+00:00\",\"description\":\"\u2744\ufe0f\ud83e\uddda Lit f\u00e9e hiver \u2013 Diorama 1\\\/4 | Minifee, MSD, Unoa. Plongez vos dolls dans une atmosph\u00e8re f\u00e9erique hivernale, douce et enveloppante.\",\"breadcrumb\":{\"@id\":\"https:\\\/\\\/www.sunnyshop211.com\\\/produit\\\/%e2%9d%84%ef%b8%8f%f0%9f%a7%9a-lit-fee-hiver-diorama-1-4-minifee-msd-unoa\\\/#breadcrumb\"},\"inLanguage\":\"en-US\",\"potentialAction\":[{\"@type\":\"ReadAction\",\"target\":[\"https:\\\/\\\/www.sunnyshop211.com\\\/produit\\\/%e2%9d%84%ef%b8%8f%f0%9f%a7%9a-lit-fee-hiver-diorama-1-4-minifee-msd-unoa\\\/\"]}]},{\"@type\":\"ImageObject\",\"inLanguage\":\"en-US\",\"@id\":\"https:\\\/\\\/www.sunnyshop211.com\\\/produit\\\/%e2%9d%84%ef%b8%8f%f0%9f%a7%9a-lit-fee-hiver-diorama-1-4-minifee-msd-unoa\\\/#primaryimage\",\"url\":\"https:\\\/\\\/www.sunnyshop211.com\\\/wp-content\\\/uploads\\\/2019\\\/01\\\/14-1.jpg\",\"contentUrl\":\"https:\\\/\\\/www.sunnyshop211.com\\\/wp-content\\\/uploads\\\/2019\\\/01\\\/14-1.jpg\",\"width\":2406,\"height\":2000},{\"@type\":\"BreadcrumbList\",\"@id\":\"https:\\\/\\\/www.sunnyshop211.com\\\/produit\\\/%e2%9d%84%ef%b8%8f%f0%9f%a7%9a-lit-fee-hiver-diorama-1-4-minifee-msd-unoa\\\/#breadcrumb\",\"itemListElement\":[{\"@type\":\"ListItem\",\"position\":1,\"name\":\"Accueil\",\"item\":\"https:\\\/\\\/www.sunnyshop211.com\\\/\"},{\"@type\":\"ListItem\",\"position\":2,\"name\":\"Boutique\",\"item\":\"https:\\\/\\\/www.sunnyshop211.com\\\/boutique-miniature-bjd-dolls\\\/\"},{\"@type\":\"ListItem\",\"position\":3,\"name\":\"\u2744\ufe0f\ud83e\uddda Lit f\u00e9e hiver \u2013 Diorama 1\\\/4 | Minifee, MSD, Unoa,\u00a0\"}]},{\"@type\":\"WebSite\",\"@id\":\"https:\\\/\\\/www.sunnyshop211.com\\\/#website\",\"url\":\"https:\\\/\\\/www.sunnyshop211.com\\\/\",\"name\":\"Vente de dioramas, meubles, miniatures , bjd poup\u00e9es 1\\\/12 1\\\/8 1\\\/6 1\\\/4 1\\\/3\",\"description\":\"Sunnyshop211 - Votre univers miniature pour poup\u00e9es et BJD, dioramas et meubles sur mesure !\",\"publisher\":{\"@id\":\"https:\\\/\\\/www.sunnyshop211.com\\\/#organization\"},\"alternateName\":\"sunnyshop211\",\"potentialAction\":[{\"@type\":\"SearchAction\",\"target\":{\"@type\":\"EntryPoint\",\"urlTemplate\":\"https:\\\/\\\/www.sunnyshop211.com\\\/?s={search_term_string}\"},\"query-input\":{\"@type\":\"PropertyValueSpecification\",\"valueRequired\":true,\"valueName\":\"search_term_string\"}}],\"inLanguage\":\"en-US\"},{\"@type\":\"Organization\",\"@id\":\"https:\\\/\\\/www.sunnyshop211.com\\\/#organization\",\"name\":\"sunnyshop211\",\"alternateName\":\"sunnyshop211 diorama bjd meuble miniature\",\"url\":\"https:\\\/\\\/www.sunnyshop211.com\\\/\",\"logo\":{\"@type\":\"ImageObject\",\"inLanguage\":\"en-US\",\"@id\":\"https:\\\/\\\/www.sunnyshop211.com\\\/#\\\/schema\\\/logo\\\/image\\\/\",\"url\":\"https:\\\/\\\/www.sunnyshop211.com\\\/wp-content\\\/uploads\\\/2022\\\/08\\\/cropped-cropped-cropped-Sunnyshop211-1.png\",\"contentUrl\":\"https:\\\/\\\/www.sunnyshop211.com\\\/wp-content\\\/uploads\\\/2022\\\/08\\\/cropped-cropped-cropped-Sunnyshop211-1.png\",\"width\":339,\"height\":339,\"caption\":\"sunnyshop211\"},\"image\":{\"@id\":\"https:\\\/\\\/www.sunnyshop211.com\\\/#\\\/schema\\\/logo\\\/image\\\/\"},\"sameAs\":[\"https:\\\/\\\/www.facebook.com\\\/sunnyshop211\\\/?ref=bookmarks\",\"https:\\\/\\\/x.com\\\/sunnyshop211\",\"https:\\\/\\\/www.instagram.com\\\/sunnyshop211\\\/\",\"https:\\\/\\\/www.tumblr.com\\\/blog\\\/sunnyshop211\",\"https:\\\/\\\/www.youtube.com\\\/channel\\\/UCtYY18OGGDKrTSzgcf7fCBg\",\"https:\\\/\\\/www.tiktok.com\\\/@sunnydollshop211?is_from_webapp=1&sender_device=pc\"]}]}<\/script>\n<!-- \/ Yoast SEO plugin. -->","yoast_head_json":{"title":"\u2744\ufe0f\ud83e\uddda Winter fairy bed - Diorama 1\/4 | Minifee, MSD, Unoa, -","description":"\u2744\ufe0f\ud83e\uddda Winter fairy bed - Diorama 1\/4 | Minifee, MSD, Unoa. Immerse your dolls in a soft, enveloping winter fairy atmosphere.","robots":{"index":"index","follow":"follow","max-snippet":"max-snippet:-1","max-image-preview":"max-image-preview:large","max-video-preview":"max-video-preview:-1"},"canonical":"https:\/\/www.sunnyshop211.com\/en\/product\/\u2744\ufe0f\ud83e\uddda-lit-fee-hiver-diorama-1-4-minifee-msd-unoa\/","og_locale":"en_US","og_type":"article","og_title":"\u2744\ufe0f\ud83e\uddda Lit f\u00e9e hiver \u2013 Diorama 1\/4 | Minifee, MSD, Unoa,\u00a0 -","og_description":"\u2744\ufe0f\ud83e\uddda Lit f\u00e9e hiver \u2013 Diorama 1\/4 | Minifee, MSD, Unoa. Plongez vos dolls dans une atmosph\u00e8re f\u00e9erique hivernale, douce et enveloppante.","og_url":"https:\/\/www.sunnyshop211.com\/en\/product\/\u2744\ufe0f\ud83e\uddda-lit-fee-hiver-diorama-1-4-minifee-msd-unoa\/","og_site_name":"Sunnyshop211 -Vente de dioramas, meubles, miniatures , bjd poup\u00e9es 1\/12 1\/8 1\/6 1\/4 1\/3","article_publisher":"https:\/\/www.facebook.com\/sunnyshop211\/?ref=bookmarks","article_modified_time":"2025-12-24T12:42:11+00:00","og_image":[{"width":2406,"height":2000,"url":"https:\/\/www.sunnyshop211.com\/wp-content\/uploads\/2019\/01\/14-1.jpg","type":"image\/jpeg"}],"twitter_card":"summary_large_image","twitter_site":"@sunnyshop211","twitter_misc":{"Est. reading time":"2 minutes"},"schema":{"@context":"https:\/\/schema.org","@graph":[{"@type":"WebPage","@id":"https:\/\/www.sunnyshop211.com\/produit\/%e2%9d%84%ef%b8%8f%f0%9f%a7%9a-lit-fee-hiver-diorama-1-4-minifee-msd-unoa\/","url":"https:\/\/www.sunnyshop211.com\/produit\/%e2%9d%84%ef%b8%8f%f0%9f%a7%9a-lit-fee-hiver-diorama-1-4-minifee-msd-unoa\/","name":"\u2744\ufe0f\ud83e\uddda Winter fairy bed - Diorama 1\/4 | Minifee, MSD, Unoa, -","isPartOf":{"@id":"https:\/\/www.sunnyshop211.com\/#website"},"primaryImageOfPage":{"@id":"https:\/\/www.sunnyshop211.com\/produit\/%e2%9d%84%ef%b8%8f%f0%9f%a7%9a-lit-fee-hiver-diorama-1-4-minifee-msd-unoa\/#primaryimage"},"image":{"@id":"https:\/\/www.sunnyshop211.com\/produit\/%e2%9d%84%ef%b8%8f%f0%9f%a7%9a-lit-fee-hiver-diorama-1-4-minifee-msd-unoa\/#primaryimage"},"thumbnailUrl":"https:\/\/www.sunnyshop211.com\/wp-content\/uploads\/2019\/01\/14-1.jpg","datePublished":"2019-01-04T09:51:32+00:00","dateModified":"2025-12-24T12:42:11+00:00","description":"\u2744\ufe0f\ud83e\uddda Winter fairy bed - Diorama 1\/4 | Minifee, MSD, Unoa. Immerse your dolls in a soft, enveloping winter fairy atmosphere.","breadcrumb":{"@id":"https:\/\/www.sunnyshop211.com\/produit\/%e2%9d%84%ef%b8%8f%f0%9f%a7%9a-lit-fee-hiver-diorama-1-4-minifee-msd-unoa\/#breadcrumb"},"inLanguage":"en-US","potentialAction":[{"@type":"ReadAction","target":["https:\/\/www.sunnyshop211.com\/produit\/%e2%9d%84%ef%b8%8f%f0%9f%a7%9a-lit-fee-hiver-diorama-1-4-minifee-msd-unoa\/"]}]},{"@type":"ImageObject","inLanguage":"en-US","@id":"https:\/\/www.sunnyshop211.com\/produit\/%e2%9d%84%ef%b8%8f%f0%9f%a7%9a-lit-fee-hiver-diorama-1-4-minifee-msd-unoa\/#primaryimage","url":"https:\/\/www.sunnyshop211.com\/wp-content\/uploads\/2019\/01\/14-1.jpg","contentUrl":"https:\/\/www.sunnyshop211.com\/wp-content\/uploads\/2019\/01\/14-1.jpg","width":2406,"height":2000},{"@type":"BreadcrumbList","@id":"https:\/\/www.sunnyshop211.com\/produit\/%e2%9d%84%ef%b8%8f%f0%9f%a7%9a-lit-fee-hiver-diorama-1-4-minifee-msd-unoa\/#breadcrumb","itemListElement":[{"@type":"ListItem","position":1,"name":"Accueil","item":"https:\/\/www.sunnyshop211.com\/"},{"@type":"ListItem","position":2,"name":"Boutique","item":"https:\/\/www.sunnyshop211.com\/boutique-miniature-bjd-dolls\/"},{"@type":"ListItem","position":3,"name":"\u2744\ufe0f\ud83e\uddda Lit f\u00e9e hiver \u2013 Diorama 1\/4 | Minifee, MSD, Unoa,\u00a0"}]},{"@type":"WebSite","@id":"https:\/\/www.sunnyshop211.com\/#website","url":"https:\/\/www.sunnyshop211.com\/","name":"Sale of dioramas, furniture, miniatures, bjd dolls 1\/12 1\/8 1\/6 1\/4 1\/3","description":"Sunnyshop211 - Your miniature world for dolls and BJDs, dioramas and custom-made furniture!","publisher":{"@id":"https:\/\/www.sunnyshop211.com\/#organization"},"alternateName":"sunnyshop211","potentialAction":[{"@type":"SearchAction","target":{"@type":"EntryPoint","urlTemplate":"https:\/\/www.sunnyshop211.com\/?s={search_term_string}"},"query-input":{"@type":"PropertyValueSpecification","valueRequired":true,"valueName":"search_term_string"}}],"inLanguage":"en-US"},{"@type":"Organization","@id":"https:\/\/www.sunnyshop211.com\/#organization","name":"sunnyshop211","alternateName":"sunnyshop211 diorama bjd meuble miniature","url":"https:\/\/www.sunnyshop211.com\/","logo":{"@type":"ImageObject","inLanguage":"en-US","@id":"https:\/\/www.sunnyshop211.com\/#\/schema\/logo\/image\/","url":"https:\/\/www.sunnyshop211.com\/wp-content\/uploads\/2022\/08\/cropped-cropped-cropped-Sunnyshop211-1.png","contentUrl":"https:\/\/www.sunnyshop211.com\/wp-content\/uploads\/2022\/08\/cropped-cropped-cropped-Sunnyshop211-1.png","width":339,"height":339,"caption":"sunnyshop211"},"image":{"@id":"https:\/\/www.sunnyshop211.com\/#\/schema\/logo\/image\/"},"sameAs":["https:\/\/www.facebook.com\/sunnyshop211\/?ref=bookmarks","https:\/\/x.com\/sunnyshop211","https:\/\/www.instagram.com\/sunnyshop211\/","https:\/\/www.tumblr.com\/blog\/sunnyshop211","https:\/\/www.youtube.com\/channel\/UCtYY18OGGDKrTSzgcf7fCBg","https:\/\/www.tiktok.com\/@sunnydollshop211?is_from_webapp=1&sender_device=pc"]}]}},"jetpack_publicize_connections":[],"jetpack_sharing_enabled":true,"_links":{"self":[{"href":"https:\/\/www.sunnyshop211.com\/en\/wp-json\/wp\/v2\/product\/649","targetHints":{"allow":["GET"]}}],"collection":[{"href":"https:\/\/www.sunnyshop211.com\/en\/wp-json\/wp\/v2\/product"}],"about":[{"href":"https:\/\/www.sunnyshop211.com\/en\/wp-json\/wp\/v2\/types\/product"}],"replies":[{"embeddable":true,"href":"https:\/\/www.sunnyshop211.com\/en\/wp-json\/wp\/v2\/comments?post=649"}],"version-history":[{"count":9,"href":"https:\/\/www.sunnyshop211.com\/en\/wp-json\/wp\/v2\/product\/649\/revisions"}],"predecessor-version":[{"id":52588,"href":"https:\/\/www.sunnyshop211.com\/en\/wp-json\/wp\/v2\/product\/649\/revisions\/52588"}],"wp:featuredmedia":[{"embeddable":true,"href":"https:\/\/www.sunnyshop211.com\/en\/wp-json\/wp\/v2\/media\/52587"}],"wp:attachment":[{"href":"https:\/\/www.sunnyshop211.com\/en\/wp-json\/wp\/v2\/media?parent=649"}],"wp:term":[{"taxonomy":"product_brand","embeddable":true,"href":"https:\/\/www.sunnyshop211.com\/en\/wp-json\/wp\/v2\/product_brand?post=649"},{"taxonomy":"product_cat","embeddable":true,"href":"https:\/\/www.sunnyshop211.com\/en\/wp-json\/wp\/v2\/product_cat?post=649"},{"taxonomy":"product_tag","embeddable":true,"href":"https:\/\/www.sunnyshop211.com\/en\/wp-json\/wp\/v2\/product_tag?post=649"}],"curies":[{"name":"wp","href":"https:\/\/api.w.org\/{rel}","templated":true}]}}