{"id":646,"date":"2019-01-03T19:29:50","date_gmt":"2019-01-03T18:29:50","guid":{"rendered":"https:\/\/sunnyshop211.com\/?post_type=product&#038;p=646"},"modified":"2025-12-24T13:39:39","modified_gmt":"2025-12-24T12:39:39","slug":"%f0%9f%8c%b8%f0%9f%a7%9a-lit-fee-printemps-diorama-1-4-minifee-msd-unoa","status":"publish","type":"product","link":"https:\/\/www.sunnyshop211.com\/en\/product\/%f0%9f%8c%b8%f0%9f%a7%9a-lit-fee-printemps-diorama-1-4-minifee-msd-unoa\/","title":{"rendered":"\ud83c\udf38\ud83e\uddda Spring fairy bed - Diorama 1\/4 | Minifee, MSD, Unoa,\u00a0"},"content":{"rendered":"<div id='gallery-1' class='gallery galleryid-646 gallery-columns-3 gallery-size-thumbnail'><figure class='gallery-item'>\n\t\t\t<div class='gallery-icon portrait'>\n\t\t\t\t<a href='https:\/\/www.sunnyshop211.com\/en\/?attachment_id=22317'><img decoding=\"async\" width=\"150\" height=\"150\" src=\"https:\/\/www.sunnyshop211.com\/wp-content\/uploads\/2022\/03\/fee2287329-150x150.jpg\" class=\"attachment-thumbnail size-thumbnail\" alt=\"Lit f\u00e9e printemps 1\/4\" srcset=\"https:\/\/www.sunnyshop211.com\/wp-content\/uploads\/2022\/03\/fee2287329-150x150.jpg 150w, https:\/\/www.sunnyshop211.com\/wp-content\/uploads\/2022\/03\/fee2287329-scaled-500x500.jpg 500w, https:\/\/www.sunnyshop211.com\/wp-content\/uploads\/2022\/03\/fee2287329-100x100.jpg 100w, https:\/\/www.sunnyshop211.com\/wp-content\/uploads\/2022\/03\/fee2287329-300x300.jpg 300w\" sizes=\"(max-width: 150px) 100vw, 150px\" \/><\/a>\n\t\t\t<\/div><\/figure><figure class='gallery-item'>\n\t\t\t<div class='gallery-icon portrait'>\n\t\t\t\t<a href='https:\/\/www.sunnyshop211.com\/en\/?attachment_id=22314'><img decoding=\"async\" width=\"150\" height=\"150\" src=\"https:\/\/www.sunnyshop211.com\/wp-content\/uploads\/2022\/03\/20181214_115317-150x150.jpg\" class=\"attachment-thumbnail size-thumbnail\" alt=\"\" srcset=\"https:\/\/www.sunnyshop211.com\/wp-content\/uploads\/2022\/03\/20181214_115317-150x150.jpg 150w, https:\/\/www.sunnyshop211.com\/wp-content\/uploads\/2022\/03\/20181214_115317-scaled-500x500.jpg 500w, https:\/\/www.sunnyshop211.com\/wp-content\/uploads\/2022\/03\/20181214_115317-100x100.jpg 100w, https:\/\/www.sunnyshop211.com\/wp-content\/uploads\/2022\/03\/20181214_115317-300x300.jpg 300w\" sizes=\"(max-width: 150px) 100vw, 150px\" \/><\/a>\n\t\t\t<\/div><\/figure><figure class='gallery-item'>\n\t\t\t<div class='gallery-icon portrait'>\n\t\t\t\t<a href='https:\/\/www.sunnyshop211.com\/en\/?attachment_id=22316'><img decoding=\"async\" width=\"150\" height=\"150\" src=\"https:\/\/www.sunnyshop211.com\/wp-content\/uploads\/2022\/03\/20210329_151245-scaled-150x150.jpg\" class=\"attachment-thumbnail size-thumbnail\" alt=\"Lit f\u00e9e printemps 1\/4\" srcset=\"https:\/\/www.sunnyshop211.com\/wp-content\/uploads\/2022\/03\/20210329_151245-scaled-150x150.jpg 150w, https:\/\/www.sunnyshop211.com\/wp-content\/uploads\/2022\/03\/20210329_151245-scaled-500x500.jpg 500w, https:\/\/www.sunnyshop211.com\/wp-content\/uploads\/2022\/03\/20210329_151245-100x100.jpg 100w, https:\/\/www.sunnyshop211.com\/wp-content\/uploads\/2022\/03\/20210329_151245-300x300.jpg 300w\" sizes=\"(max-width: 150px) 100vw, 150px\" \/><\/a>\n\t\t\t<\/div><\/figure>\n\t\t<\/div>\n\n<h2 data-start=\"42\" data-end=\"134\">\ud83c\udf38\ud83e\uddda <strong data-start=\"47\" data-end=\"132\">Spring fairy bed - Diorama 1\/4 | Minifee, MSD, Unoa,\u00a0<\/strong><\/h2>\n<hr data-start=\"136\" data-end=\"139\" \/>\n<p data-start=\"141\" data-end=\"158\">\u2728 <strong data-start=\"143\" data-end=\"158\">Description<\/strong><\/p>\n<p data-start=\"160\" data-end=\"420\">This <strong data-start=\"163\" data-end=\"187\">spring fairy bed<\/strong> has been designed to create an ambience <strong data-start=\"226\" data-end=\"260\">fresh, bright and enchanting<\/strong>, inspired by the rebirth of nature.<br data-start=\"302\" data-end=\"305\" \/>Perfect for your dolls <strong data-start=\"328\" data-end=\"335\">1\/4<\/strong>, It will add a touch of floral poetry to your dioramas and fantasy settings.<\/p>\n<hr data-start=\"422\" data-end=\"425\" \/>\n<p data-start=\"427\" data-end=\"462\">\ud83d\udecf\ufe0f <strong data-start=\"431\" data-end=\"462\">Bed composition (included)<\/strong><\/p>\n<p data-start=\"464\" data-end=\"828\">Visit <strong data-start=\"467\" data-end=\"490\">1\/4 Minifee fairy bed<\/strong> is sold <strong data-start=\"501\" data-end=\"512\">complete<\/strong>, as shown in the photos, and includes :<br data-start=\"549\" data-end=\"552\" \/>- \ud83c\udf3f <strong data-start=\"557\" data-end=\"594\">A blanket of green leaves<\/strong><br data-start=\"594\" data-end=\"597\" \/>- \ud83c\udf43 <strong data-start=\"602\" data-end=\"626\">A foam-colored mattress<\/strong>, covered in green fabric<br data-start=\"651\" data-end=\"654\" \/>- \ud83c\udf38 <strong data-start=\"659\" data-end=\"682\">A matching pillow<\/strong><br data-start=\"682\" data-end=\"685\" \/>- \ud83c\udf3c <strong data-start=\"690\" data-end=\"737\">Bed decorations visible on the picture<\/strong><br data-start=\"737\" data-end=\"740\" \/>\u26a0\ufe0f Flowers can <strong data-start=\"762\" data-end=\"783\">vary slightly<\/strong> from photo (subject to availability)<\/p>\n<p data-start=\"830\" data-end=\"905\">All my beds are sold with a <strong data-start=\"864\" data-end=\"904\">fabric-covered foam mattress<\/strong>.<\/p>\n<hr data-start=\"907\" data-end=\"910\" \/>\n<p data-start=\"912\" data-end=\"929\">\ud83d\udcd0 <strong data-start=\"915\" data-end=\"929\">Dimensions<\/strong><\/p>\n<p data-start=\"931\" data-end=\"1047\">- Width : <strong data-start=\"943\" data-end=\"952\">17 cm<\/strong><br data-start=\"952\" data-end=\"955\" \/>- Length : <strong data-start=\"968\" data-end=\"977\">50 cm<\/strong><br data-start=\"977\" data-end=\"980\" \/>- Overall height : <strong data-start=\"999\" data-end=\"1008\">40 cm<\/strong><br data-start=\"1008\" data-end=\"1011\" \/>- Format: <strong data-start=\"1022\" data-end=\"1047\">1 place - 1\/4 scale<\/strong><\/p>\n<p data-start=\"1049\" data-end=\"1155\">Compatible with :<br data-start=\"1066\" data-end=\"1069\" \/>Minifee, MSD, Unoa, Iplehouse JID \/ FID and other dolls of equivalent size.<\/p>\n<hr data-start=\"1157\" data-end=\"1160\" \/>\n<p data-start=\"1162\" data-end=\"1186\">\ud83d\udca1 <strong data-start=\"1165\" data-end=\"1186\">Option (your choice)<\/strong><\/p>\n<p data-start=\"1188\" data-end=\"1340\">- <strong data-start=\"1190\" data-end=\"1207\">LED Garland<\/strong> with on\/off button<br data-start=\"1234\" data-end=\"1237\" \/>\u26a0\ufe0f Batteries <strong data-start=\"1246\" data-end=\"1262\">NOT supplied<\/strong><br data-start=\"1262\" data-end=\"1265\" \/>\u26a0\ufe0f Do not get in contact with water.<br data-start=\"1303\" data-end=\"1306\" \/>\u26a0\ufe0f Not suitable for children<\/p>\n<hr data-start=\"1342\" data-end=\"1345\" \/>\n<h3 data-start=\"1347\" data-end=\"1376\">\ud83c\udfa8 <strong data-start=\"1350\" data-end=\"1376\">Handcrafted products<\/strong><\/h3>\n<p data-start=\"1378\" data-end=\"1593\">- Article <strong data-start=\"1388\" data-end=\"1412\">made to order<\/strong><br data-start=\"1412\" data-end=\"1415\" \/>- Handcrafted :<br data-start=\"1441\" data-end=\"1444\" \/>- slight variations in shape and color may occur<br data-start=\"1511\" data-end=\"1514\" \/>- minor imperfections are possible<br data-start=\"1557\" data-end=\"1560\" \/>\ud83d\udc49 every creation is <strong data-start=\"1583\" data-end=\"1593\">unique<\/strong><\/p>\n<hr data-start=\"1595\" data-end=\"1598\" \/>\n<p data-start=\"1600\" data-end=\"1618\">\ud83e\uddf8 <strong data-start=\"1603\" data-end=\"1618\">Use<\/strong><\/p>\n<p data-start=\"1620\" data-end=\"1803\">- Ideal for :<br data-start=\"1634\" data-end=\"1637\" \/>- fairy-tale dioramas<br data-start=\"1659\" data-end=\"1662\" \/>- nature &amp; spring universe<br data-start=\"1692\" data-end=\"1695\" \/>- fantasy scenes, elves, fairies<br data-start=\"1726\" data-end=\"1729\" \/>- Compatible with my furniture and decors sold separately in the store<\/p>\n<hr data-start=\"1805\" data-end=\"1808\" \/>\n<p data-start=\"1810\" data-end=\"1841\">\ud83d\udcf8 <strong data-start=\"1813\" data-end=\"1841\">Important information<\/strong><\/p>\n<p data-start=\"1843\" data-end=\"1984\">- The photos are <strong data-start=\"1865\" data-end=\"1891\">decoration examples<\/strong><br data-start=\"1891\" data-end=\"1894\" \/>- <strong data-start=\"1896\" data-end=\"1925\">Only the fairy bed is sold<\/strong><br data-start=\"1925\" data-end=\"1928\" \/>- Dolls and visible accessories not included<\/p>\n<hr data-start=\"1986\" data-end=\"1989\" \/>\n<p data-start=\"1991\" data-end=\"2003\">\u23f3 <strong data-start=\"1993\" data-end=\"2003\">Deadlines<\/strong><\/p>\n<p data-start=\"2005\" data-end=\"2109\">- Creation to order<br data-start=\"2028\" data-end=\"2031\" \/>- Please note <a href=\"https:\/\/www.sunnyshop211.com\/en\/conditions-generales-de-ventes-et-delais-de-livraisons\/\"><strong data-start=\"2059\" data-end=\"2083\">processing times<\/strong><\/a> indicated in the store<\/p>\n<hr data-start=\"2111\" data-end=\"2114\" \/>\n<p data-start=\"2116\" data-end=\"2137\">\u26a0\ufe0f <strong data-start=\"2119\" data-end=\"2137\">Warnings<\/strong><\/p>\n<p data-start=\"2139\" data-end=\"2300\">- <strong data-start=\"2141\" data-end=\"2168\">This is not a toy<\/strong><br data-start=\"2168\" data-end=\"2171\" \/>- Article for a <strong data-start=\"2194\" data-end=\"2228\">adult audience \/ collector<\/strong><br data-start=\"2228\" data-end=\"2231\" \/>- I am not responsible for any damage in transit.<\/p>\n<hr data-start=\"2302\" data-end=\"2305\" \/>\n<p data-start=\"2307\" data-end=\"2343\">\ud83d\udcf7 <strong data-start=\"2310\" data-end=\"2343\">More photos &amp; inspiration<\/strong><\/p>\n<p data-start=\"2345\" data-end=\"2387\">\ud83d\udc49 <a class=\"decorated-link\" href=\"https:\/\/www.instagram.com\/sunnyshop211\/\" target=\"_new\" rel=\"noopener\" data-start=\"2348\" data-end=\"2387\">https:\/\/www.instagram.com\/sunnyshop211\/<\/a><\/p>\n<p>&nbsp;<\/p>","protected":false},"excerpt":{"rendered":"<p>\ud83c\udf38\ud83e\uddda Lit f\u00e9e printemps \u2013 Diorama 1\/4 | Minifee, MSD, Unoa,\u00a0 \u2728 Description Ce lit f\u00e9e de printemps a \u00e9t\u00e9 imagin\u00e9 pour cr\u00e9er une ambiance fra\u00eeche, lumineuse et f\u00e9erique, inspir\u00e9e de la renaissance de la nature.Parfait pour vos dolls 1\/4, il apportera une touche de po\u00e9sie florale \u00e0 vos dioramas et mises en sc\u00e8ne fantasy. [&hellip;]<\/p>\n","protected":false},"featured_media":52585,"comment_status":"open","ping_status":"closed","template":"","meta":{"_crdt_document":"","jetpack_post_was_ever_published":false,"jetpack_publicize_message":"","jetpack_publicize_feature_enabled":true,"jetpack_social_post_already_shared":true,"jetpack_social_options":{"image_generator_settings":{"template":"highway","default_image_id":0,"font":"","enabled":false},"version":2}},"product_brand":[],"product_cat":[667686982],"product_tag":[667681145,667681136,667681226,667681238,667681239,667681240,667681241,667681242,667681144,667681173,667681237,667681177,667681257,667681243],"class_list":{"0":"post-646","1":"product","2":"type-product","3":"status-publish","4":"has-post-thumbnail","6":"product_cat-meuble","7":"product_tag-bed","8":"product_tag-bjd","9":"product_tag-doll","10":"product_tag-fairy","11":"product_tag-fairyland","12":"product_tag-fee","13":"product_tag-iplehouse","14":"product_tag-jid","15":"product_tag-lit","16":"product_tag-minifee","17":"product_tag-msd","18":"product_tag-poupee","19":"product_tag-spring","20":"product_tag-wings","21":"product_shipping_class-colissimo-7","23":"first","24":"instock","25":"taxable","26":"shipping-taxable","27":"purchasable","28":"product-type-variable"},"yoast_head":"<!-- This site is optimized with the Yoast SEO plugin v27.4 - https:\/\/yoast.com\/product\/yoast-seo-wordpress\/ -->\n<title>\ud83c\udf38\ud83e\uddda Lit f\u00e9e printemps \u2013 Diorama 1\/4 | Minifee, MSD, Unoa,\u00a0 -<\/title>\n<meta name=\"description\" content=\"\ud83c\udf38\ud83e\uddda Lit f\u00e9e printemps \u2013 Diorama 1\/4 | Minifee, MSD, Unoa. Ce lit f\u00e9e de printemps a \u00e9t\u00e9 imagin\u00e9 pour cr\u00e9er une ambiance fra\u00eeche, lumineuse et f\u00e9erique\" \/>\n<meta name=\"robots\" content=\"index, follow, max-snippet:-1, max-image-preview:large, max-video-preview:-1\" \/>\n<link rel=\"canonical\" href=\"https:\/\/www.sunnyshop211.com\/en\/product\/\ud83c\udf38\ud83e\uddda-lit-fee-printemps-diorama-1-4-minifee-msd-unoa\/\" \/>\n<meta property=\"og:locale\" content=\"en_US\" \/>\n<meta property=\"og:type\" content=\"article\" \/>\n<meta property=\"og:title\" content=\"\ud83c\udf38\ud83e\uddda Lit f\u00e9e printemps \u2013 Diorama 1\/4 | Minifee, MSD, Unoa,\u00a0 -\" \/>\n<meta property=\"og:description\" content=\"\ud83c\udf38\ud83e\uddda Lit f\u00e9e printemps \u2013 Diorama 1\/4 | Minifee, MSD, Unoa. Ce lit f\u00e9e de printemps a \u00e9t\u00e9 imagin\u00e9 pour cr\u00e9er une ambiance fra\u00eeche, lumineuse et f\u00e9erique\" \/>\n<meta property=\"og:url\" content=\"https:\/\/www.sunnyshop211.com\/en\/product\/\ud83c\udf38\ud83e\uddda-lit-fee-printemps-diorama-1-4-minifee-msd-unoa\/\" \/>\n<meta property=\"og:site_name\" content=\"Sunnyshop211 -Vente de dioramas, meubles, miniatures , bjd poup\u00e9es 1\/12 1\/8 1\/6 1\/4 1\/3\" \/>\n<meta property=\"article:publisher\" content=\"https:\/\/www.facebook.com\/sunnyshop211\/?ref=bookmarks\" \/>\n<meta property=\"article:modified_time\" content=\"2025-12-24T12:39:39+00:00\" \/>\n<meta property=\"og:image\" content=\"https:\/\/www.sunnyshop211.com\/wp-content\/uploads\/2019\/01\/13-3-scaled.jpg\" \/>\n\t<meta property=\"og:image:width\" content=\"1702\" \/>\n\t<meta property=\"og:image:height\" content=\"2560\" \/>\n\t<meta property=\"og:image:type\" content=\"image\/jpeg\" \/>\n<meta name=\"twitter:card\" content=\"summary_large_image\" \/>\n<meta name=\"twitter:site\" content=\"@sunnyshop211\" \/>\n<meta name=\"twitter:label1\" content=\"Est. reading time\" \/>\n\t<meta name=\"twitter:data1\" content=\"2 minutes\" \/>\n<script type=\"application\/ld+json\" class=\"yoast-schema-graph\">{\"@context\":\"https:\\\/\\\/schema.org\",\"@graph\":[{\"@type\":\"WebPage\",\"@id\":\"https:\\\/\\\/www.sunnyshop211.com\\\/produit\\\/%f0%9f%8c%b8%f0%9f%a7%9a-lit-fee-printemps-diorama-1-4-minifee-msd-unoa\\\/\",\"url\":\"https:\\\/\\\/www.sunnyshop211.com\\\/produit\\\/%f0%9f%8c%b8%f0%9f%a7%9a-lit-fee-printemps-diorama-1-4-minifee-msd-unoa\\\/\",\"name\":\"\ud83c\udf38\ud83e\uddda Lit f\u00e9e printemps \u2013 Diorama 1\\\/4 | Minifee, MSD, Unoa,\u00a0 -\",\"isPartOf\":{\"@id\":\"https:\\\/\\\/www.sunnyshop211.com\\\/#website\"},\"primaryImageOfPage\":{\"@id\":\"https:\\\/\\\/www.sunnyshop211.com\\\/produit\\\/%f0%9f%8c%b8%f0%9f%a7%9a-lit-fee-printemps-diorama-1-4-minifee-msd-unoa\\\/#primaryimage\"},\"image\":{\"@id\":\"https:\\\/\\\/www.sunnyshop211.com\\\/produit\\\/%f0%9f%8c%b8%f0%9f%a7%9a-lit-fee-printemps-diorama-1-4-minifee-msd-unoa\\\/#primaryimage\"},\"thumbnailUrl\":\"https:\\\/\\\/www.sunnyshop211.com\\\/wp-content\\\/uploads\\\/2019\\\/01\\\/13-3-scaled.jpg\",\"datePublished\":\"2019-01-03T18:29:50+00:00\",\"dateModified\":\"2025-12-24T12:39:39+00:00\",\"description\":\"\ud83c\udf38\ud83e\uddda Lit f\u00e9e printemps \u2013 Diorama 1\\\/4 | Minifee, MSD, Unoa. Ce lit f\u00e9e de printemps a \u00e9t\u00e9 imagin\u00e9 pour cr\u00e9er une ambiance fra\u00eeche, lumineuse et f\u00e9erique\",\"breadcrumb\":{\"@id\":\"https:\\\/\\\/www.sunnyshop211.com\\\/produit\\\/%f0%9f%8c%b8%f0%9f%a7%9a-lit-fee-printemps-diorama-1-4-minifee-msd-unoa\\\/#breadcrumb\"},\"inLanguage\":\"en-US\",\"potentialAction\":[{\"@type\":\"ReadAction\",\"target\":[\"https:\\\/\\\/www.sunnyshop211.com\\\/produit\\\/%f0%9f%8c%b8%f0%9f%a7%9a-lit-fee-printemps-diorama-1-4-minifee-msd-unoa\\\/\"]}]},{\"@type\":\"ImageObject\",\"inLanguage\":\"en-US\",\"@id\":\"https:\\\/\\\/www.sunnyshop211.com\\\/produit\\\/%f0%9f%8c%b8%f0%9f%a7%9a-lit-fee-printemps-diorama-1-4-minifee-msd-unoa\\\/#primaryimage\",\"url\":\"https:\\\/\\\/www.sunnyshop211.com\\\/wp-content\\\/uploads\\\/2019\\\/01\\\/13-3-scaled.jpg\",\"contentUrl\":\"https:\\\/\\\/www.sunnyshop211.com\\\/wp-content\\\/uploads\\\/2019\\\/01\\\/13-3-scaled.jpg\",\"width\":1702,\"height\":2560},{\"@type\":\"BreadcrumbList\",\"@id\":\"https:\\\/\\\/www.sunnyshop211.com\\\/produit\\\/%f0%9f%8c%b8%f0%9f%a7%9a-lit-fee-printemps-diorama-1-4-minifee-msd-unoa\\\/#breadcrumb\",\"itemListElement\":[{\"@type\":\"ListItem\",\"position\":1,\"name\":\"Accueil\",\"item\":\"https:\\\/\\\/www.sunnyshop211.com\\\/\"},{\"@type\":\"ListItem\",\"position\":2,\"name\":\"Boutique\",\"item\":\"https:\\\/\\\/www.sunnyshop211.com\\\/boutique-miniature-bjd-dolls\\\/\"},{\"@type\":\"ListItem\",\"position\":3,\"name\":\"\ud83c\udf38\ud83e\uddda Lit f\u00e9e printemps \u2013 Diorama 1\\\/4 | Minifee, MSD, Unoa,\u00a0\"}]},{\"@type\":\"WebSite\",\"@id\":\"https:\\\/\\\/www.sunnyshop211.com\\\/#website\",\"url\":\"https:\\\/\\\/www.sunnyshop211.com\\\/\",\"name\":\"Vente de dioramas, meubles, miniatures , bjd poup\u00e9es 1\\\/12 1\\\/8 1\\\/6 1\\\/4 1\\\/3\",\"description\":\"Sunnyshop211 - Votre univers miniature pour poup\u00e9es et BJD, dioramas et meubles sur mesure !\",\"publisher\":{\"@id\":\"https:\\\/\\\/www.sunnyshop211.com\\\/#organization\"},\"alternateName\":\"sunnyshop211\",\"potentialAction\":[{\"@type\":\"SearchAction\",\"target\":{\"@type\":\"EntryPoint\",\"urlTemplate\":\"https:\\\/\\\/www.sunnyshop211.com\\\/?s={search_term_string}\"},\"query-input\":{\"@type\":\"PropertyValueSpecification\",\"valueRequired\":true,\"valueName\":\"search_term_string\"}}],\"inLanguage\":\"en-US\"},{\"@type\":\"Organization\",\"@id\":\"https:\\\/\\\/www.sunnyshop211.com\\\/#organization\",\"name\":\"sunnyshop211\",\"alternateName\":\"sunnyshop211 diorama bjd meuble miniature\",\"url\":\"https:\\\/\\\/www.sunnyshop211.com\\\/\",\"logo\":{\"@type\":\"ImageObject\",\"inLanguage\":\"en-US\",\"@id\":\"https:\\\/\\\/www.sunnyshop211.com\\\/#\\\/schema\\\/logo\\\/image\\\/\",\"url\":\"https:\\\/\\\/www.sunnyshop211.com\\\/wp-content\\\/uploads\\\/2022\\\/08\\\/cropped-cropped-cropped-Sunnyshop211-1.png\",\"contentUrl\":\"https:\\\/\\\/www.sunnyshop211.com\\\/wp-content\\\/uploads\\\/2022\\\/08\\\/cropped-cropped-cropped-Sunnyshop211-1.png\",\"width\":339,\"height\":339,\"caption\":\"sunnyshop211\"},\"image\":{\"@id\":\"https:\\\/\\\/www.sunnyshop211.com\\\/#\\\/schema\\\/logo\\\/image\\\/\"},\"sameAs\":[\"https:\\\/\\\/www.facebook.com\\\/sunnyshop211\\\/?ref=bookmarks\",\"https:\\\/\\\/x.com\\\/sunnyshop211\",\"https:\\\/\\\/www.instagram.com\\\/sunnyshop211\\\/\",\"https:\\\/\\\/www.tumblr.com\\\/blog\\\/sunnyshop211\",\"https:\\\/\\\/www.youtube.com\\\/channel\\\/UCtYY18OGGDKrTSzgcf7fCBg\",\"https:\\\/\\\/www.tiktok.com\\\/@sunnydollshop211?is_from_webapp=1&sender_device=pc\"]}]}<\/script>\n<!-- \/ Yoast SEO plugin. -->","yoast_head_json":{"title":"\ud83c\udf38\ud83e\uddda Spring fairy bed - Diorama 1\/4 | Minifee, MSD, Unoa, -","description":"\ud83c\udf38\ud83e\uddda Spring fairy bed - Diorama 1\/4 | Minifee, MSD, Unoa. This spring fairy bed has been designed to create a fresh, luminous and enchanting atmosphere.","robots":{"index":"index","follow":"follow","max-snippet":"max-snippet:-1","max-image-preview":"max-image-preview:large","max-video-preview":"max-video-preview:-1"},"canonical":"https:\/\/www.sunnyshop211.com\/en\/product\/\ud83c\udf38\ud83e\uddda-lit-fee-printemps-diorama-1-4-minifee-msd-unoa\/","og_locale":"en_US","og_type":"article","og_title":"\ud83c\udf38\ud83e\uddda Lit f\u00e9e printemps \u2013 Diorama 1\/4 | Minifee, MSD, Unoa,\u00a0 -","og_description":"\ud83c\udf38\ud83e\uddda Lit f\u00e9e printemps \u2013 Diorama 1\/4 | Minifee, MSD, Unoa. Ce lit f\u00e9e de printemps a \u00e9t\u00e9 imagin\u00e9 pour cr\u00e9er une ambiance fra\u00eeche, lumineuse et f\u00e9erique","og_url":"https:\/\/www.sunnyshop211.com\/en\/product\/\ud83c\udf38\ud83e\uddda-lit-fee-printemps-diorama-1-4-minifee-msd-unoa\/","og_site_name":"Sunnyshop211 -Vente de dioramas, meubles, miniatures , bjd poup\u00e9es 1\/12 1\/8 1\/6 1\/4 1\/3","article_publisher":"https:\/\/www.facebook.com\/sunnyshop211\/?ref=bookmarks","article_modified_time":"2025-12-24T12:39:39+00:00","og_image":[{"width":1702,"height":2560,"url":"https:\/\/www.sunnyshop211.com\/wp-content\/uploads\/2019\/01\/13-3-scaled.jpg","type":"image\/jpeg"}],"twitter_card":"summary_large_image","twitter_site":"@sunnyshop211","twitter_misc":{"Est. reading time":"2 minutes"},"schema":{"@context":"https:\/\/schema.org","@graph":[{"@type":"WebPage","@id":"https:\/\/www.sunnyshop211.com\/produit\/%f0%9f%8c%b8%f0%9f%a7%9a-lit-fee-printemps-diorama-1-4-minifee-msd-unoa\/","url":"https:\/\/www.sunnyshop211.com\/produit\/%f0%9f%8c%b8%f0%9f%a7%9a-lit-fee-printemps-diorama-1-4-minifee-msd-unoa\/","name":"\ud83c\udf38\ud83e\uddda Spring fairy bed - Diorama 1\/4 | Minifee, MSD, Unoa, -","isPartOf":{"@id":"https:\/\/www.sunnyshop211.com\/#website"},"primaryImageOfPage":{"@id":"https:\/\/www.sunnyshop211.com\/produit\/%f0%9f%8c%b8%f0%9f%a7%9a-lit-fee-printemps-diorama-1-4-minifee-msd-unoa\/#primaryimage"},"image":{"@id":"https:\/\/www.sunnyshop211.com\/produit\/%f0%9f%8c%b8%f0%9f%a7%9a-lit-fee-printemps-diorama-1-4-minifee-msd-unoa\/#primaryimage"},"thumbnailUrl":"https:\/\/www.sunnyshop211.com\/wp-content\/uploads\/2019\/01\/13-3-scaled.jpg","datePublished":"2019-01-03T18:29:50+00:00","dateModified":"2025-12-24T12:39:39+00:00","description":"\ud83c\udf38\ud83e\uddda Spring fairy bed - Diorama 1\/4 | Minifee, MSD, Unoa. This spring fairy bed has been designed to create a fresh, luminous and enchanting atmosphere.","breadcrumb":{"@id":"https:\/\/www.sunnyshop211.com\/produit\/%f0%9f%8c%b8%f0%9f%a7%9a-lit-fee-printemps-diorama-1-4-minifee-msd-unoa\/#breadcrumb"},"inLanguage":"en-US","potentialAction":[{"@type":"ReadAction","target":["https:\/\/www.sunnyshop211.com\/produit\/%f0%9f%8c%b8%f0%9f%a7%9a-lit-fee-printemps-diorama-1-4-minifee-msd-unoa\/"]}]},{"@type":"ImageObject","inLanguage":"en-US","@id":"https:\/\/www.sunnyshop211.com\/produit\/%f0%9f%8c%b8%f0%9f%a7%9a-lit-fee-printemps-diorama-1-4-minifee-msd-unoa\/#primaryimage","url":"https:\/\/www.sunnyshop211.com\/wp-content\/uploads\/2019\/01\/13-3-scaled.jpg","contentUrl":"https:\/\/www.sunnyshop211.com\/wp-content\/uploads\/2019\/01\/13-3-scaled.jpg","width":1702,"height":2560},{"@type":"BreadcrumbList","@id":"https:\/\/www.sunnyshop211.com\/produit\/%f0%9f%8c%b8%f0%9f%a7%9a-lit-fee-printemps-diorama-1-4-minifee-msd-unoa\/#breadcrumb","itemListElement":[{"@type":"ListItem","position":1,"name":"Accueil","item":"https:\/\/www.sunnyshop211.com\/"},{"@type":"ListItem","position":2,"name":"Boutique","item":"https:\/\/www.sunnyshop211.com\/boutique-miniature-bjd-dolls\/"},{"@type":"ListItem","position":3,"name":"\ud83c\udf38\ud83e\uddda Lit f\u00e9e printemps \u2013 Diorama 1\/4 | Minifee, MSD, Unoa,\u00a0"}]},{"@type":"WebSite","@id":"https:\/\/www.sunnyshop211.com\/#website","url":"https:\/\/www.sunnyshop211.com\/","name":"Sale of dioramas, furniture, miniatures, bjd dolls 1\/12 1\/8 1\/6 1\/4 1\/3","description":"Sunnyshop211 - Your miniature world for dolls and BJDs, dioramas and custom-made furniture!","publisher":{"@id":"https:\/\/www.sunnyshop211.com\/#organization"},"alternateName":"sunnyshop211","potentialAction":[{"@type":"SearchAction","target":{"@type":"EntryPoint","urlTemplate":"https:\/\/www.sunnyshop211.com\/?s={search_term_string}"},"query-input":{"@type":"PropertyValueSpecification","valueRequired":true,"valueName":"search_term_string"}}],"inLanguage":"en-US"},{"@type":"Organization","@id":"https:\/\/www.sunnyshop211.com\/#organization","name":"sunnyshop211","alternateName":"sunnyshop211 diorama bjd meuble miniature","url":"https:\/\/www.sunnyshop211.com\/","logo":{"@type":"ImageObject","inLanguage":"en-US","@id":"https:\/\/www.sunnyshop211.com\/#\/schema\/logo\/image\/","url":"https:\/\/www.sunnyshop211.com\/wp-content\/uploads\/2022\/08\/cropped-cropped-cropped-Sunnyshop211-1.png","contentUrl":"https:\/\/www.sunnyshop211.com\/wp-content\/uploads\/2022\/08\/cropped-cropped-cropped-Sunnyshop211-1.png","width":339,"height":339,"caption":"sunnyshop211"},"image":{"@id":"https:\/\/www.sunnyshop211.com\/#\/schema\/logo\/image\/"},"sameAs":["https:\/\/www.facebook.com\/sunnyshop211\/?ref=bookmarks","https:\/\/x.com\/sunnyshop211","https:\/\/www.instagram.com\/sunnyshop211\/","https:\/\/www.tumblr.com\/blog\/sunnyshop211","https:\/\/www.youtube.com\/channel\/UCtYY18OGGDKrTSzgcf7fCBg","https:\/\/www.tiktok.com\/@sunnydollshop211?is_from_webapp=1&sender_device=pc"]}]}},"jetpack_publicize_connections":[],"jetpack_sharing_enabled":true,"_links":{"self":[{"href":"https:\/\/www.sunnyshop211.com\/en\/wp-json\/wp\/v2\/product\/646","targetHints":{"allow":["GET"]}}],"collection":[{"href":"https:\/\/www.sunnyshop211.com\/en\/wp-json\/wp\/v2\/product"}],"about":[{"href":"https:\/\/www.sunnyshop211.com\/en\/wp-json\/wp\/v2\/types\/product"}],"replies":[{"embeddable":true,"href":"https:\/\/www.sunnyshop211.com\/en\/wp-json\/wp\/v2\/comments?post=646"}],"version-history":[{"count":7,"href":"https:\/\/www.sunnyshop211.com\/en\/wp-json\/wp\/v2\/product\/646\/revisions"}],"predecessor-version":[{"id":52586,"href":"https:\/\/www.sunnyshop211.com\/en\/wp-json\/wp\/v2\/product\/646\/revisions\/52586"}],"wp:featuredmedia":[{"embeddable":true,"href":"https:\/\/www.sunnyshop211.com\/en\/wp-json\/wp\/v2\/media\/52585"}],"wp:attachment":[{"href":"https:\/\/www.sunnyshop211.com\/en\/wp-json\/wp\/v2\/media?parent=646"}],"wp:term":[{"taxonomy":"product_brand","embeddable":true,"href":"https:\/\/www.sunnyshop211.com\/en\/wp-json\/wp\/v2\/product_brand?post=646"},{"taxonomy":"product_cat","embeddable":true,"href":"https:\/\/www.sunnyshop211.com\/en\/wp-json\/wp\/v2\/product_cat?post=646"},{"taxonomy":"product_tag","embeddable":true,"href":"https:\/\/www.sunnyshop211.com\/en\/wp-json\/wp\/v2\/product_tag?post=646"}],"curies":[{"name":"wp","href":"https:\/\/api.w.org\/{rel}","templated":true}]}}