{"id":644,"date":"2019-01-03T18:44:36","date_gmt":"2019-01-03T17:44:36","guid":{"rendered":"https:\/\/sunnyshop211.com\/?post_type=product&#038;p=644"},"modified":"2025-12-24T13:35:24","modified_gmt":"2025-12-24T12:35:24","slug":"%f0%9f%8d%81%f0%9f%a7%9a-lit-fee-dautomne-diorama-1-4-minifee-msd-unoa","status":"publish","type":"product","link":"https:\/\/www.sunnyshop211.com\/en\/product\/%f0%9f%8d%81%f0%9f%a7%9a-lit-fee-dautomne-diorama-1-4-minifee-msd-unoa\/","title":{"rendered":"\ud83c\udf41\ud83e\uddda Autumn fairy bed - Diorama 1\/4 | Minifee, MSD, Unoa,"},"content":{"rendered":"<div id='gallery-1' class='gallery galleryid-644 gallery-columns-3 gallery-size-thumbnail'><figure class='gallery-item'>\n\t\t\t<div class='gallery-icon portrait'>\n\t\t\t\t<a href='https:\/\/www.sunnyshop211.com\/en\/?attachment_id=22321'><img decoding=\"async\" width=\"150\" height=\"150\" src=\"https:\/\/www.sunnyshop211.com\/wp-content\/uploads\/2022\/03\/fee287129-scaled-150x150.jpg\" class=\"attachment-thumbnail size-thumbnail\" alt=\"Lit f\u00e9e 1\/4 minifee\" srcset=\"https:\/\/www.sunnyshop211.com\/wp-content\/uploads\/2022\/03\/fee287129-scaled-150x150.jpg 150w, https:\/\/www.sunnyshop211.com\/wp-content\/uploads\/2022\/03\/fee287129-scaled-500x500.jpg 500w, https:\/\/www.sunnyshop211.com\/wp-content\/uploads\/2022\/03\/fee287129-100x100.jpg 100w, https:\/\/www.sunnyshop211.com\/wp-content\/uploads\/2022\/03\/fee287129-300x300.jpg 300w\" sizes=\"(max-width: 150px) 100vw, 150px\" \/><\/a>\n\t\t\t<\/div><\/figure><figure class='gallery-item'>\n\t\t\t<div class='gallery-icon landscape'>\n\t\t\t\t<a href='https:\/\/www.sunnyshop211.com\/en\/?attachment_id=22319'><img decoding=\"async\" width=\"150\" height=\"150\" src=\"https:\/\/www.sunnyshop211.com\/wp-content\/uploads\/2022\/03\/fee288729-150x150.jpg\" class=\"attachment-thumbnail size-thumbnail\" alt=\"\" srcset=\"https:\/\/www.sunnyshop211.com\/wp-content\/uploads\/2022\/03\/fee288729-150x150.jpg 150w, https:\/\/www.sunnyshop211.com\/wp-content\/uploads\/2022\/03\/fee288729-scaled-500x500.jpg 500w, https:\/\/www.sunnyshop211.com\/wp-content\/uploads\/2022\/03\/fee288729-100x100.jpg 100w, https:\/\/www.sunnyshop211.com\/wp-content\/uploads\/2022\/03\/fee288729-300x300.jpg 300w\" sizes=\"(max-width: 150px) 100vw, 150px\" \/><\/a>\n\t\t\t<\/div><\/figure><figure class='gallery-item'>\n\t\t\t<div class='gallery-icon landscape'>\n\t\t\t\t<a href='https:\/\/www.sunnyshop211.com\/en\/?attachment_id=22320'><img decoding=\"async\" width=\"150\" height=\"150\" src=\"https:\/\/www.sunnyshop211.com\/wp-content\/uploads\/2022\/03\/20181206_115353-150x150.jpg\" class=\"attachment-thumbnail size-thumbnail\" alt=\"Lit f\u00e9e 1\/4 minifee\" srcset=\"https:\/\/www.sunnyshop211.com\/wp-content\/uploads\/2022\/03\/20181206_115353-150x150.jpg 150w, https:\/\/www.sunnyshop211.com\/wp-content\/uploads\/2022\/03\/20181206_115353-500x500.jpg 500w, https:\/\/www.sunnyshop211.com\/wp-content\/uploads\/2022\/03\/20181206_115353-100x100.jpg 100w, https:\/\/www.sunnyshop211.com\/wp-content\/uploads\/2022\/03\/20181206_115353-300x300.jpg 300w\" sizes=\"(max-width: 150px) 100vw, 150px\" \/><\/a>\n\t\t\t<\/div><\/figure><figure class='gallery-item'>\n\t\t\t<div class='gallery-icon landscape'>\n\t\t\t\t<a href='https:\/\/www.sunnyshop211.com\/en\/?attachment_id=315'><img loading=\"lazy\" decoding=\"async\" width=\"150\" height=\"150\" src=\"https:\/\/www.sunnyshop211.com\/wp-content\/uploads\/2019\/01\/20181206_120652-scaled-150x150.jpg\" class=\"attachment-thumbnail size-thumbnail\" alt=\"Lit f\u00e9e 1\/4 minifee\" srcset=\"https:\/\/www.sunnyshop211.com\/wp-content\/uploads\/2019\/01\/20181206_120652-scaled-150x150.jpg 150w, https:\/\/www.sunnyshop211.com\/wp-content\/uploads\/2019\/01\/20181206_120652-scaled-500x500.jpg 500w, https:\/\/www.sunnyshop211.com\/wp-content\/uploads\/2019\/01\/20181206_120652-100x100.jpg 100w\" sizes=\"(max-width: 150px) 100vw, 150px\" \/><\/a>\n\t\t\t<\/div><\/figure>\n\t\t<\/div>\n\n<h2 data-start=\"42\" data-end=\"134\">\ud83c\udf41\ud83e\uddda <strong data-start=\"47\" data-end=\"132\">Autumn fairy bed - Diorama 1\/4 | Minifee, MSD, Unoa,\u00a0<\/strong><\/h2>\n<hr data-start=\"136\" data-end=\"139\" \/>\n<p data-start=\"141\" data-end=\"158\">\u2728 <strong data-start=\"143\" data-end=\"158\">Description<\/strong><\/p>\n<p data-start=\"160\" data-end=\"409\">This <strong data-start=\"163\" data-end=\"184\">autumn fairy bed<\/strong> has been designed to create an atmosphere <strong data-start=\"225\" data-end=\"262\">magical, warm and poetic<\/strong>, perfect for your dolls <strong data-start=\"288\" data-end=\"295\">1\/4<\/strong>.<br data-start=\"296\" data-end=\"299\" \/>Inspired by the autumn forest, it will add a magical, natural touch to your dioramas and stagings.<\/p>\n<hr data-start=\"411\" data-end=\"414\" \/>\n<p data-start=\"416\" data-end=\"451\">\ud83d\udecf\ufe0f <strong data-start=\"420\" data-end=\"451\">Bed composition (included)<\/strong><\/p>\n<p data-start=\"453\" data-end=\"725\">Visit <strong data-start=\"456\" data-end=\"471\">fairy bed 1\/4<\/strong> is sold <strong data-start=\"482\" data-end=\"493\">complete<\/strong>, as shown in the photos, and includes :<br data-start=\"530\" data-end=\"533\" \/>- \ud83c\udf42 <strong data-start=\"538\" data-end=\"578\">A blanket of autumn leaves<\/strong><br data-start=\"578\" data-end=\"581\" \/>- \ud83c\udf3f <strong data-start=\"586\" data-end=\"610\">A foam mattress<\/strong>, covered in green fabric<br data-start=\"635\" data-end=\"638\" \/>- \ud83c\udf41 <strong data-start=\"643\" data-end=\"666\">A matching pillow<\/strong><br data-start=\"666\" data-end=\"669\" \/>- \u2728 <strong data-start=\"673\" data-end=\"699\">Bed decorations<\/strong> visible on the images<\/p>\n<p data-start=\"727\" data-end=\"802\">All my beds are sold with a <strong data-start=\"761\" data-end=\"801\">fabric-covered foam mattress<\/strong>.<\/p>\n<hr data-start=\"804\" data-end=\"807\" \/>\n<p data-start=\"809\" data-end=\"826\">\ud83d\udcd0 <strong data-start=\"812\" data-end=\"826\">Dimensions<\/strong><\/p>\n<p data-start=\"828\" data-end=\"944\">- Width : <strong data-start=\"840\" data-end=\"849\">17 cm<\/strong><br data-start=\"849\" data-end=\"852\" \/>- Length : <strong data-start=\"865\" data-end=\"874\">50 cm<\/strong><br data-start=\"874\" data-end=\"877\" \/>- Overall height : <strong data-start=\"896\" data-end=\"905\">40 cm<\/strong><br data-start=\"905\" data-end=\"908\" \/>- Format: <strong data-start=\"919\" data-end=\"944\">1 place - 1\/4 scale<\/strong><\/p>\n<p data-start=\"946\" data-end=\"1052\">Compatible with :<br data-start=\"963\" data-end=\"966\" \/>Minifee, MSD, Unoa, Tonner, Iplehouse JID \/ FID and other dolls of equivalent size.<\/p>\n<hr data-start=\"1054\" data-end=\"1057\" \/>\n<p data-start=\"1059\" data-end=\"1083\">\ud83d\udca1 <strong data-start=\"1062\" data-end=\"1083\">Option (your choice)<\/strong><\/p>\n<p data-start=\"1085\" data-end=\"1237\">- <strong data-start=\"1087\" data-end=\"1104\">LED Garland<\/strong> with on\/off button<br data-start=\"1131\" data-end=\"1134\" \/>\u26a0\ufe0f Batteries <strong data-start=\"1143\" data-end=\"1159\">not supplied<\/strong><br data-start=\"1159\" data-end=\"1162\" \/>\u26a0\ufe0f Do not get in contact with water.<br data-start=\"1200\" data-end=\"1203\" \/>\u26a0\ufe0f Not suitable for children<\/p>\n<hr data-start=\"1239\" data-end=\"1242\" \/>\n<p data-start=\"1244\" data-end=\"1273\">\ud83c\udfa8 <strong data-start=\"1247\" data-end=\"1273\">Handcrafted products<\/strong><\/p>\n<p data-start=\"1275\" data-end=\"1487\">- Article <strong data-start=\"1285\" data-end=\"1309\">made to order<\/strong><br data-start=\"1309\" data-end=\"1312\" \/>- Handcrafted :<br data-start=\"1338\" data-end=\"1341\" \/>- slight variations in shape or color may occur<br data-start=\"1408\" data-end=\"1411\" \/>- minor imperfections are possible<br data-start=\"1454\" data-end=\"1457\" \/>\ud83d\udc49 each piece is <strong data-start=\"1477\" data-end=\"1487\">unique<\/strong><\/p>\n<hr data-start=\"1489\" data-end=\"1492\" \/>\n<p data-start=\"1494\" data-end=\"1512\">\ud83e\uddf8 <strong data-start=\"1497\" data-end=\"1512\">Use<\/strong><\/p>\n<p data-start=\"1514\" data-end=\"1696\">- Ideal for :<br data-start=\"1528\" data-end=\"1531\" \/>- fairy-tale dioramas<br data-start=\"1553\" data-end=\"1556\" \/>- forest world \/ autumn<br data-start=\"1583\" data-end=\"1586\" \/>- fantasy and poetic scenes<br data-start=\"1617\" data-end=\"1620\" \/>- Compatible with furniture and decors sold separately in the store<\/p>\n<hr data-start=\"1698\" data-end=\"1701\" \/>\n<p data-start=\"1703\" data-end=\"1734\">\ud83d\udcf8 <strong data-start=\"1706\" data-end=\"1734\">Important information<\/strong><\/p>\n<p data-start=\"1736\" data-end=\"1877\">- The photos are <strong data-start=\"1758\" data-end=\"1784\">decoration examples<\/strong><br data-start=\"1784\" data-end=\"1787\" \/>- <strong data-start=\"1789\" data-end=\"1818\">Only the fairy bed is sold<\/strong><br data-start=\"1818\" data-end=\"1821\" \/>- Dolls and visible accessories not included<\/p>\n<hr data-start=\"1879\" data-end=\"1882\" \/>\n<p data-start=\"1884\" data-end=\"1896\">\u23f3 <strong data-start=\"1886\" data-end=\"1896\">Deadlines<\/strong><\/p>\n<p data-start=\"1898\" data-end=\"2002\">- Creation to order<br data-start=\"1921\" data-end=\"1924\" \/>- Please note <a href=\"https:\/\/www.sunnyshop211.com\/en\/conditions-generales-de-ventes-et-delais-de-livraisons\/\"><strong data-start=\"1952\" data-end=\"1976\">processing times<\/strong> <\/a>indicated in the store<\/p>\n<hr data-start=\"2004\" data-end=\"2007\" \/>\n<p data-start=\"2009\" data-end=\"2030\">\u26a0\ufe0f <strong data-start=\"2012\" data-end=\"2030\">Warnings<\/strong><\/p>\n<p data-start=\"2032\" data-end=\"2193\">- <strong data-start=\"2034\" data-end=\"2061\">This is not a toy<\/strong><br data-start=\"2061\" data-end=\"2064\" \/>- Article for a <strong data-start=\"2087\" data-end=\"2121\">adult audience \/ collector<\/strong><br data-start=\"2121\" data-end=\"2124\" \/>- I am not responsible for any damage in transit.<\/p>\n<hr data-start=\"2195\" data-end=\"2198\" \/>\n<p data-start=\"2200\" data-end=\"2236\">\ud83d\udcf7 <strong data-start=\"2203\" data-end=\"2236\">More photos &amp; inspiration<\/strong><\/p>\n<p data-start=\"2238\" data-end=\"2280\">\ud83d\udc49 <a class=\"decorated-link\" href=\"https:\/\/www.instagram.com\/sunnyshop211\/\" target=\"_new\" rel=\"noopener\" data-start=\"2241\" data-end=\"2280\">https:\/\/www.instagram.com\/sunnyshop211\/<\/a><\/p>\n<p>&nbsp;<\/p>","protected":false},"excerpt":{"rendered":"<p>\ud83c\udf41\ud83e\uddda Lit f\u00e9e d\u2019automne \u2013 Diorama 1\/4 | Minifee, MSD, Unoa,\u00a0 \u2728 Description Ce lit f\u00e9e d\u2019automne a \u00e9t\u00e9 imagin\u00e9 pour cr\u00e9er une atmosph\u00e8re f\u00e9\u00e9rique, chaleureuse et po\u00e9tique, parfaite pour vos dolls 1\/4.Inspir\u00e9 par la for\u00eat automnale, il apportera une touche magique et naturelle \u00e0 vos dioramas et mises en sc\u00e8ne. \ud83d\udecf\ufe0f Composition du lit [&hellip;]<\/p>\n","protected":false},"featured_media":52583,"comment_status":"open","ping_status":"closed","template":"","meta":{"_crdt_document":"","jetpack_post_was_ever_published":false,"jetpack_publicize_message":"","jetpack_publicize_feature_enabled":true,"jetpack_social_post_already_shared":true,"jetpack_social_options":{"image_generator_settings":{"template":"highway","default_image_id":0,"font":"","enabled":false},"version":2}},"product_brand":[],"product_cat":[667686982],"product_tag":[667681145,667681136,667681238,667681239,667681240,667681241,667681242,667681144,667681173,667681237,667681243],"class_list":{"0":"post-644","1":"product","2":"type-product","3":"status-publish","4":"has-post-thumbnail","6":"product_cat-meuble","7":"product_tag-bed","8":"product_tag-bjd","9":"product_tag-fairy","10":"product_tag-fairyland","11":"product_tag-fee","12":"product_tag-iplehouse","13":"product_tag-jid","14":"product_tag-lit","15":"product_tag-minifee","16":"product_tag-msd","17":"product_tag-wings","18":"product_shipping_class-colissimo-7","20":"first","21":"outofstock","22":"taxable","23":"shipping-taxable","24":"purchasable","25":"product-type-simple"},"yoast_head":"<!-- This site is optimized with the Yoast SEO plugin v27.4 - https:\/\/yoast.com\/product\/yoast-seo-wordpress\/ -->\n<title>\ud83c\udf41\ud83e\uddda Lit f\u00e9e d\u2019automne \u2013 Diorama 1\/4 | Minifee, MSD, Unoa, -<\/title>\n<meta name=\"description\" content=\"\ud83c\udf41\ud83e\uddda Lit f\u00e9e d\u2019automne \u2013 Diorama 1\/4 | Minifee, MSD, Unoa. Ce lit f\u00e9e d\u2019automne a \u00e9t\u00e9 imagin\u00e9 pour cr\u00e9er une atmosph\u00e8re f\u00e9\u00e9rique,\" \/>\n<meta name=\"robots\" content=\"index, follow, max-snippet:-1, max-image-preview:large, max-video-preview:-1\" \/>\n<link rel=\"canonical\" href=\"https:\/\/www.sunnyshop211.com\/en\/product\/\ud83c\udf41\ud83e\uddda-lit-fee-dautomne-diorama-1-4-minifee-msd-unoa\/\" \/>\n<meta property=\"og:locale\" content=\"en_US\" \/>\n<meta property=\"og:type\" content=\"article\" \/>\n<meta property=\"og:title\" content=\"\ud83c\udf41\ud83e\uddda Lit f\u00e9e d\u2019automne \u2013 Diorama 1\/4 | Minifee, MSD, Unoa, -\" \/>\n<meta property=\"og:description\" content=\"\ud83c\udf41\ud83e\uddda Lit f\u00e9e d\u2019automne \u2013 Diorama 1\/4 | Minifee, MSD, Unoa. Ce lit f\u00e9e d\u2019automne a \u00e9t\u00e9 imagin\u00e9 pour cr\u00e9er une atmosph\u00e8re f\u00e9\u00e9rique,\" \/>\n<meta property=\"og:url\" content=\"https:\/\/www.sunnyshop211.com\/en\/product\/\ud83c\udf41\ud83e\uddda-lit-fee-dautomne-diorama-1-4-minifee-msd-unoa\/\" \/>\n<meta property=\"og:site_name\" content=\"Sunnyshop211 -Vente de dioramas, meubles, miniatures , bjd poup\u00e9es 1\/12 1\/8 1\/6 1\/4 1\/3\" \/>\n<meta property=\"article:publisher\" content=\"https:\/\/www.facebook.com\/sunnyshop211\/?ref=bookmarks\" \/>\n<meta property=\"article:modified_time\" content=\"2025-12-24T12:35:24+00:00\" \/>\n<meta property=\"og:image\" content=\"https:\/\/www.sunnyshop211.com\/wp-content\/uploads\/2019\/01\/11-2-scaled.jpg\" \/>\n\t<meta property=\"og:image:width\" content=\"1702\" \/>\n\t<meta property=\"og:image:height\" content=\"2560\" \/>\n\t<meta property=\"og:image:type\" content=\"image\/jpeg\" \/>\n<meta name=\"twitter:card\" content=\"summary_large_image\" \/>\n<meta name=\"twitter:site\" content=\"@sunnyshop211\" \/>\n<meta name=\"twitter:label1\" content=\"Est. reading time\" \/>\n\t<meta name=\"twitter:data1\" content=\"2 minutes\" \/>\n<script type=\"application\/ld+json\" class=\"yoast-schema-graph\">{\"@context\":\"https:\\\/\\\/schema.org\",\"@graph\":[{\"@type\":\"WebPage\",\"@id\":\"https:\\\/\\\/www.sunnyshop211.com\\\/produit\\\/%f0%9f%8d%81%f0%9f%a7%9a-lit-fee-dautomne-diorama-1-4-minifee-msd-unoa\\\/\",\"url\":\"https:\\\/\\\/www.sunnyshop211.com\\\/produit\\\/%f0%9f%8d%81%f0%9f%a7%9a-lit-fee-dautomne-diorama-1-4-minifee-msd-unoa\\\/\",\"name\":\"\ud83c\udf41\ud83e\uddda Lit f\u00e9e d\u2019automne \u2013 Diorama 1\\\/4 | Minifee, MSD, Unoa, -\",\"isPartOf\":{\"@id\":\"https:\\\/\\\/www.sunnyshop211.com\\\/#website\"},\"primaryImageOfPage\":{\"@id\":\"https:\\\/\\\/www.sunnyshop211.com\\\/produit\\\/%f0%9f%8d%81%f0%9f%a7%9a-lit-fee-dautomne-diorama-1-4-minifee-msd-unoa\\\/#primaryimage\"},\"image\":{\"@id\":\"https:\\\/\\\/www.sunnyshop211.com\\\/produit\\\/%f0%9f%8d%81%f0%9f%a7%9a-lit-fee-dautomne-diorama-1-4-minifee-msd-unoa\\\/#primaryimage\"},\"thumbnailUrl\":\"https:\\\/\\\/www.sunnyshop211.com\\\/wp-content\\\/uploads\\\/2019\\\/01\\\/11-2-scaled.jpg\",\"datePublished\":\"2019-01-03T17:44:36+00:00\",\"dateModified\":\"2025-12-24T12:35:24+00:00\",\"description\":\"\ud83c\udf41\ud83e\uddda Lit f\u00e9e d\u2019automne \u2013 Diorama 1\\\/4 | Minifee, MSD, Unoa. Ce lit f\u00e9e d\u2019automne a \u00e9t\u00e9 imagin\u00e9 pour cr\u00e9er une atmosph\u00e8re f\u00e9\u00e9rique,\",\"breadcrumb\":{\"@id\":\"https:\\\/\\\/www.sunnyshop211.com\\\/produit\\\/%f0%9f%8d%81%f0%9f%a7%9a-lit-fee-dautomne-diorama-1-4-minifee-msd-unoa\\\/#breadcrumb\"},\"inLanguage\":\"en-US\",\"potentialAction\":[{\"@type\":\"ReadAction\",\"target\":[\"https:\\\/\\\/www.sunnyshop211.com\\\/produit\\\/%f0%9f%8d%81%f0%9f%a7%9a-lit-fee-dautomne-diorama-1-4-minifee-msd-unoa\\\/\"]}]},{\"@type\":\"ImageObject\",\"inLanguage\":\"en-US\",\"@id\":\"https:\\\/\\\/www.sunnyshop211.com\\\/produit\\\/%f0%9f%8d%81%f0%9f%a7%9a-lit-fee-dautomne-diorama-1-4-minifee-msd-unoa\\\/#primaryimage\",\"url\":\"https:\\\/\\\/www.sunnyshop211.com\\\/wp-content\\\/uploads\\\/2019\\\/01\\\/11-2-scaled.jpg\",\"contentUrl\":\"https:\\\/\\\/www.sunnyshop211.com\\\/wp-content\\\/uploads\\\/2019\\\/01\\\/11-2-scaled.jpg\",\"width\":1702,\"height\":2560},{\"@type\":\"BreadcrumbList\",\"@id\":\"https:\\\/\\\/www.sunnyshop211.com\\\/produit\\\/%f0%9f%8d%81%f0%9f%a7%9a-lit-fee-dautomne-diorama-1-4-minifee-msd-unoa\\\/#breadcrumb\",\"itemListElement\":[{\"@type\":\"ListItem\",\"position\":1,\"name\":\"Accueil\",\"item\":\"https:\\\/\\\/www.sunnyshop211.com\\\/\"},{\"@type\":\"ListItem\",\"position\":2,\"name\":\"Boutique\",\"item\":\"https:\\\/\\\/www.sunnyshop211.com\\\/boutique-miniature-bjd-dolls\\\/\"},{\"@type\":\"ListItem\",\"position\":3,\"name\":\"\ud83c\udf41\ud83e\uddda Lit f\u00e9e d\u2019automne \u2013 Diorama 1\\\/4 | Minifee, MSD, Unoa,\"}]},{\"@type\":\"WebSite\",\"@id\":\"https:\\\/\\\/www.sunnyshop211.com\\\/#website\",\"url\":\"https:\\\/\\\/www.sunnyshop211.com\\\/\",\"name\":\"Vente de dioramas, meubles, miniatures , bjd poup\u00e9es 1\\\/12 1\\\/8 1\\\/6 1\\\/4 1\\\/3\",\"description\":\"Sunnyshop211 - Votre univers miniature pour poup\u00e9es et BJD, dioramas et meubles sur mesure !\",\"publisher\":{\"@id\":\"https:\\\/\\\/www.sunnyshop211.com\\\/#organization\"},\"alternateName\":\"sunnyshop211\",\"potentialAction\":[{\"@type\":\"SearchAction\",\"target\":{\"@type\":\"EntryPoint\",\"urlTemplate\":\"https:\\\/\\\/www.sunnyshop211.com\\\/?s={search_term_string}\"},\"query-input\":{\"@type\":\"PropertyValueSpecification\",\"valueRequired\":true,\"valueName\":\"search_term_string\"}}],\"inLanguage\":\"en-US\"},{\"@type\":\"Organization\",\"@id\":\"https:\\\/\\\/www.sunnyshop211.com\\\/#organization\",\"name\":\"sunnyshop211\",\"alternateName\":\"sunnyshop211 diorama bjd meuble miniature\",\"url\":\"https:\\\/\\\/www.sunnyshop211.com\\\/\",\"logo\":{\"@type\":\"ImageObject\",\"inLanguage\":\"en-US\",\"@id\":\"https:\\\/\\\/www.sunnyshop211.com\\\/#\\\/schema\\\/logo\\\/image\\\/\",\"url\":\"https:\\\/\\\/www.sunnyshop211.com\\\/wp-content\\\/uploads\\\/2022\\\/08\\\/cropped-cropped-cropped-Sunnyshop211-1.png\",\"contentUrl\":\"https:\\\/\\\/www.sunnyshop211.com\\\/wp-content\\\/uploads\\\/2022\\\/08\\\/cropped-cropped-cropped-Sunnyshop211-1.png\",\"width\":339,\"height\":339,\"caption\":\"sunnyshop211\"},\"image\":{\"@id\":\"https:\\\/\\\/www.sunnyshop211.com\\\/#\\\/schema\\\/logo\\\/image\\\/\"},\"sameAs\":[\"https:\\\/\\\/www.facebook.com\\\/sunnyshop211\\\/?ref=bookmarks\",\"https:\\\/\\\/x.com\\\/sunnyshop211\",\"https:\\\/\\\/www.instagram.com\\\/sunnyshop211\\\/\",\"https:\\\/\\\/www.tumblr.com\\\/blog\\\/sunnyshop211\",\"https:\\\/\\\/www.youtube.com\\\/channel\\\/UCtYY18OGGDKrTSzgcf7fCBg\",\"https:\\\/\\\/www.tiktok.com\\\/@sunnydollshop211?is_from_webapp=1&sender_device=pc\"]}]}<\/script>\n<!-- \/ Yoast SEO plugin. -->","yoast_head_json":{"title":"\ud83c\udf41\ud83e\uddda Autumn fairy bed - Diorama 1\/4 | Minifee, MSD, Unoa, -","description":"\ud83c\udf41\ud83e\uddda Autumn fairy bed - Diorama 1\/4 | Minifee, MSD, Unoa. This autumn fairy bed has been imagined to create a fairytale atmosphere,","robots":{"index":"index","follow":"follow","max-snippet":"max-snippet:-1","max-image-preview":"max-image-preview:large","max-video-preview":"max-video-preview:-1"},"canonical":"https:\/\/www.sunnyshop211.com\/en\/product\/\ud83c\udf41\ud83e\uddda-lit-fee-dautomne-diorama-1-4-minifee-msd-unoa\/","og_locale":"en_US","og_type":"article","og_title":"\ud83c\udf41\ud83e\uddda Lit f\u00e9e d\u2019automne \u2013 Diorama 1\/4 | Minifee, MSD, Unoa, -","og_description":"\ud83c\udf41\ud83e\uddda Lit f\u00e9e d\u2019automne \u2013 Diorama 1\/4 | Minifee, MSD, Unoa. Ce lit f\u00e9e d\u2019automne a \u00e9t\u00e9 imagin\u00e9 pour cr\u00e9er une atmosph\u00e8re f\u00e9\u00e9rique,","og_url":"https:\/\/www.sunnyshop211.com\/en\/product\/\ud83c\udf41\ud83e\uddda-lit-fee-dautomne-diorama-1-4-minifee-msd-unoa\/","og_site_name":"Sunnyshop211 -Vente de dioramas, meubles, miniatures , bjd poup\u00e9es 1\/12 1\/8 1\/6 1\/4 1\/3","article_publisher":"https:\/\/www.facebook.com\/sunnyshop211\/?ref=bookmarks","article_modified_time":"2025-12-24T12:35:24+00:00","og_image":[{"width":1702,"height":2560,"url":"https:\/\/www.sunnyshop211.com\/wp-content\/uploads\/2019\/01\/11-2-scaled.jpg","type":"image\/jpeg"}],"twitter_card":"summary_large_image","twitter_site":"@sunnyshop211","twitter_misc":{"Est. reading time":"2 minutes"},"schema":{"@context":"https:\/\/schema.org","@graph":[{"@type":"WebPage","@id":"https:\/\/www.sunnyshop211.com\/produit\/%f0%9f%8d%81%f0%9f%a7%9a-lit-fee-dautomne-diorama-1-4-minifee-msd-unoa\/","url":"https:\/\/www.sunnyshop211.com\/produit\/%f0%9f%8d%81%f0%9f%a7%9a-lit-fee-dautomne-diorama-1-4-minifee-msd-unoa\/","name":"\ud83c\udf41\ud83e\uddda Autumn fairy bed - Diorama 1\/4 | Minifee, MSD, Unoa, -","isPartOf":{"@id":"https:\/\/www.sunnyshop211.com\/#website"},"primaryImageOfPage":{"@id":"https:\/\/www.sunnyshop211.com\/produit\/%f0%9f%8d%81%f0%9f%a7%9a-lit-fee-dautomne-diorama-1-4-minifee-msd-unoa\/#primaryimage"},"image":{"@id":"https:\/\/www.sunnyshop211.com\/produit\/%f0%9f%8d%81%f0%9f%a7%9a-lit-fee-dautomne-diorama-1-4-minifee-msd-unoa\/#primaryimage"},"thumbnailUrl":"https:\/\/www.sunnyshop211.com\/wp-content\/uploads\/2019\/01\/11-2-scaled.jpg","datePublished":"2019-01-03T17:44:36+00:00","dateModified":"2025-12-24T12:35:24+00:00","description":"\ud83c\udf41\ud83e\uddda Autumn fairy bed - Diorama 1\/4 | Minifee, MSD, Unoa. This autumn fairy bed has been imagined to create a fairytale atmosphere,","breadcrumb":{"@id":"https:\/\/www.sunnyshop211.com\/produit\/%f0%9f%8d%81%f0%9f%a7%9a-lit-fee-dautomne-diorama-1-4-minifee-msd-unoa\/#breadcrumb"},"inLanguage":"en-US","potentialAction":[{"@type":"ReadAction","target":["https:\/\/www.sunnyshop211.com\/produit\/%f0%9f%8d%81%f0%9f%a7%9a-lit-fee-dautomne-diorama-1-4-minifee-msd-unoa\/"]}]},{"@type":"ImageObject","inLanguage":"en-US","@id":"https:\/\/www.sunnyshop211.com\/produit\/%f0%9f%8d%81%f0%9f%a7%9a-lit-fee-dautomne-diorama-1-4-minifee-msd-unoa\/#primaryimage","url":"https:\/\/www.sunnyshop211.com\/wp-content\/uploads\/2019\/01\/11-2-scaled.jpg","contentUrl":"https:\/\/www.sunnyshop211.com\/wp-content\/uploads\/2019\/01\/11-2-scaled.jpg","width":1702,"height":2560},{"@type":"BreadcrumbList","@id":"https:\/\/www.sunnyshop211.com\/produit\/%f0%9f%8d%81%f0%9f%a7%9a-lit-fee-dautomne-diorama-1-4-minifee-msd-unoa\/#breadcrumb","itemListElement":[{"@type":"ListItem","position":1,"name":"Accueil","item":"https:\/\/www.sunnyshop211.com\/"},{"@type":"ListItem","position":2,"name":"Boutique","item":"https:\/\/www.sunnyshop211.com\/boutique-miniature-bjd-dolls\/"},{"@type":"ListItem","position":3,"name":"\ud83c\udf41\ud83e\uddda Lit f\u00e9e d\u2019automne \u2013 Diorama 1\/4 | Minifee, MSD, Unoa,"}]},{"@type":"WebSite","@id":"https:\/\/www.sunnyshop211.com\/#website","url":"https:\/\/www.sunnyshop211.com\/","name":"Sale of dioramas, furniture, miniatures, bjd dolls 1\/12 1\/8 1\/6 1\/4 1\/3","description":"Sunnyshop211 - Your miniature world for dolls and BJDs, dioramas and custom-made furniture!","publisher":{"@id":"https:\/\/www.sunnyshop211.com\/#organization"},"alternateName":"sunnyshop211","potentialAction":[{"@type":"SearchAction","target":{"@type":"EntryPoint","urlTemplate":"https:\/\/www.sunnyshop211.com\/?s={search_term_string}"},"query-input":{"@type":"PropertyValueSpecification","valueRequired":true,"valueName":"search_term_string"}}],"inLanguage":"en-US"},{"@type":"Organization","@id":"https:\/\/www.sunnyshop211.com\/#organization","name":"sunnyshop211","alternateName":"sunnyshop211 diorama bjd meuble miniature","url":"https:\/\/www.sunnyshop211.com\/","logo":{"@type":"ImageObject","inLanguage":"en-US","@id":"https:\/\/www.sunnyshop211.com\/#\/schema\/logo\/image\/","url":"https:\/\/www.sunnyshop211.com\/wp-content\/uploads\/2022\/08\/cropped-cropped-cropped-Sunnyshop211-1.png","contentUrl":"https:\/\/www.sunnyshop211.com\/wp-content\/uploads\/2022\/08\/cropped-cropped-cropped-Sunnyshop211-1.png","width":339,"height":339,"caption":"sunnyshop211"},"image":{"@id":"https:\/\/www.sunnyshop211.com\/#\/schema\/logo\/image\/"},"sameAs":["https:\/\/www.facebook.com\/sunnyshop211\/?ref=bookmarks","https:\/\/x.com\/sunnyshop211","https:\/\/www.instagram.com\/sunnyshop211\/","https:\/\/www.tumblr.com\/blog\/sunnyshop211","https:\/\/www.youtube.com\/channel\/UCtYY18OGGDKrTSzgcf7fCBg","https:\/\/www.tiktok.com\/@sunnydollshop211?is_from_webapp=1&sender_device=pc"]}]}},"jetpack_publicize_connections":[],"jetpack_sharing_enabled":true,"_links":{"self":[{"href":"https:\/\/www.sunnyshop211.com\/en\/wp-json\/wp\/v2\/product\/644","targetHints":{"allow":["GET"]}}],"collection":[{"href":"https:\/\/www.sunnyshop211.com\/en\/wp-json\/wp\/v2\/product"}],"about":[{"href":"https:\/\/www.sunnyshop211.com\/en\/wp-json\/wp\/v2\/types\/product"}],"replies":[{"embeddable":true,"href":"https:\/\/www.sunnyshop211.com\/en\/wp-json\/wp\/v2\/comments?post=644"}],"version-history":[{"count":8,"href":"https:\/\/www.sunnyshop211.com\/en\/wp-json\/wp\/v2\/product\/644\/revisions"}],"predecessor-version":[{"id":52584,"href":"https:\/\/www.sunnyshop211.com\/en\/wp-json\/wp\/v2\/product\/644\/revisions\/52584"}],"wp:featuredmedia":[{"embeddable":true,"href":"https:\/\/www.sunnyshop211.com\/en\/wp-json\/wp\/v2\/media\/52583"}],"wp:attachment":[{"href":"https:\/\/www.sunnyshop211.com\/en\/wp-json\/wp\/v2\/media?parent=644"}],"wp:term":[{"taxonomy":"product_brand","embeddable":true,"href":"https:\/\/www.sunnyshop211.com\/en\/wp-json\/wp\/v2\/product_brand?post=644"},{"taxonomy":"product_cat","embeddable":true,"href":"https:\/\/www.sunnyshop211.com\/en\/wp-json\/wp\/v2\/product_cat?post=644"},{"taxonomy":"product_tag","embeddable":true,"href":"https:\/\/www.sunnyshop211.com\/en\/wp-json\/wp\/v2\/product_tag?post=644"}],"curies":[{"name":"wp","href":"https:\/\/api.w.org\/{rel}","templated":true}]}}