{"id":6348,"date":"2019-06-10T13:23:25","date_gmt":"2019-06-10T12:23:25","guid":{"rendered":"https:\/\/sunnyshop211.com\/?post_type=product&#038;p=6348"},"modified":"2025-12-29T17:02:15","modified_gmt":"2025-12-29T16:02:15","slug":"porte-revues-miniature-1-4-bjd-minifee-unoa","status":"publish","type":"product","link":"https:\/\/www.sunnyshop211.com\/en\/product\/porte-revues-miniature-1-4-bjd-minifee-unoa\/","title":{"rendered":"miniature magazine rack 1\/4 bjd, minifee, unoa"},"content":{"rendered":"<p><img decoding=\"async\" class=\"alignnone size-medium wp-image-6209\" src=\"https:\/\/www.sunnyshop211.com\/wp-content\/uploads\/2019\/06\/20190610_120232-300x160.jpg\" alt=\"\" width=\"300\" height=\"160\" srcset=\"https:\/\/www.sunnyshop211.com\/wp-content\/uploads\/2019\/06\/20190610_120232-300x160.jpg 300w, https:\/\/www.sunnyshop211.com\/wp-content\/uploads\/2019\/06\/20190610_120232-500x267.jpg 500w, https:\/\/www.sunnyshop211.com\/wp-content\/uploads\/2019\/06\/20190610_120232-1024x547.jpg 1024w, https:\/\/www.sunnyshop211.com\/wp-content\/uploads\/2019\/06\/20190610_120232-768x411.jpg 768w, https:\/\/www.sunnyshop211.com\/wp-content\/uploads\/2019\/06\/20190610_120232-1536x821.jpg 1536w, https:\/\/www.sunnyshop211.com\/wp-content\/uploads\/2019\/06\/20190610_120232-2048x1095.jpg 2048w, https:\/\/www.sunnyshop211.com\/wp-content\/uploads\/2019\/06\/20190610_120232-112x60.jpg 112w, https:\/\/www.sunnyshop211.com\/wp-content\/uploads\/2019\/06\/20190610_120232-600x321.jpg 600w\" sizes=\"(max-width: 300px) 100vw, 300px\" \/><img decoding=\"async\" class=\"alignnone size-medium wp-image-6210\" src=\"https:\/\/www.sunnyshop211.com\/wp-content\/uploads\/2019\/06\/20190610_120218-300x133.jpg\" alt=\"\" width=\"300\" height=\"133\" srcset=\"https:\/\/www.sunnyshop211.com\/wp-content\/uploads\/2019\/06\/20190610_120218-300x133.jpg 300w, https:\/\/www.sunnyshop211.com\/wp-content\/uploads\/2019\/06\/20190610_120218-scaled-500x221.jpg 500w, https:\/\/www.sunnyshop211.com\/wp-content\/uploads\/2019\/06\/20190610_120218-scaled-1024x453.jpg 1024w, https:\/\/www.sunnyshop211.com\/wp-content\/uploads\/2019\/06\/20190610_120218-scaled-768x340.jpg 768w, https:\/\/www.sunnyshop211.com\/wp-content\/uploads\/2019\/06\/20190610_120218-scaled-1536x680.jpg 1536w, https:\/\/www.sunnyshop211.com\/wp-content\/uploads\/2019\/06\/20190610_120218-scaled-2048x906.jpg 2048w, https:\/\/www.sunnyshop211.com\/wp-content\/uploads\/2019\/06\/20190610_120218-scaled-136x60.jpg 136w, https:\/\/www.sunnyshop211.com\/wp-content\/uploads\/2019\/06\/20190610_120218-600x266.jpg 600w\" sizes=\"(max-width: 300px) 100vw, 300px\" \/><img fetchpriority=\"high\" decoding=\"async\" class=\"alignnone wp-image-6208 size-medium\" src=\"https:\/\/www.sunnyshop211.com\/wp-content\/uploads\/2019\/06\/20190610_120453-393x500.jpg\" alt=\"porte-revues miniature 1\/4\" width=\"393\" height=\"500\" srcset=\"https:\/\/www.sunnyshop211.com\/wp-content\/uploads\/2019\/06\/20190610_120453-393x500.jpg 393w, https:\/\/www.sunnyshop211.com\/wp-content\/uploads\/2019\/06\/20190610_120453-500x636.jpg 500w, https:\/\/www.sunnyshop211.com\/wp-content\/uploads\/2019\/06\/20190610_120453-806x1024.jpg 806w, https:\/\/www.sunnyshop211.com\/wp-content\/uploads\/2019\/06\/20190610_120453-768x976.jpg 768w, https:\/\/www.sunnyshop211.com\/wp-content\/uploads\/2019\/06\/20190610_120453-1208x1536.jpg 1208w, https:\/\/www.sunnyshop211.com\/wp-content\/uploads\/2019\/06\/20190610_120453-47x60.jpg 47w, https:\/\/www.sunnyshop211.com\/wp-content\/uploads\/2019\/06\/20190610_120453-236x300.jpg 236w, https:\/\/www.sunnyshop211.com\/wp-content\/uploads\/2019\/06\/20190610_120453-300x381.jpg 300w, https:\/\/www.sunnyshop211.com\/wp-content\/uploads\/2019\/06\/20190610_120453-600x763.jpg 600w, https:\/\/www.sunnyshop211.com\/wp-content\/uploads\/2019\/06\/20190610_120453.jpg 1379w\" sizes=\"(max-width: 393px) 100vw, 393px\" \/><\/p>\n<p>&nbsp;<\/p>\n<h2 data-start=\"149\" data-end=\"185\">Miniature magazine rack - 1\/4<\/h2>\n<h3 data-start=\"186\" data-end=\"232\">Diorama accessories - Interior decoration<\/h3>\n<p data-start=\"234\" data-end=\"428\">Miniature magazine rack specially designed to enhance your <strong data-start=\"294\" data-end=\"340\">dioramas and staging in 1\/4 scale<\/strong>, adding a touch of <strong data-start=\"363\" data-end=\"402\">realistic, elegant and functional<\/strong> to your miniature worlds.<\/p>\n<p data-start=\"430\" data-end=\"509\">Ideal for creating <strong data-start=\"461\" data-end=\"508\">living room, study, library or reading corner<\/strong>.<\/p>\n<hr data-start=\"511\" data-end=\"514\" \/>\n<h3 data-start=\"516\" data-end=\"551\">\u2728 Variations &amp; customization<\/h3>\n<p data-start=\"553\" data-end=\"624\">- Sold <strong data-start=\"561\" data-end=\"569\">vacuum<\/strong><br data-start=\"569\" data-end=\"572\" \/>- You choose the <strong data-start=\"593\" data-end=\"604\">color<\/strong> when ordering<\/p>\n<p data-start=\"626\" data-end=\"703\">Designed to blend in harmoniously with my <strong data-start=\"670\" data-end=\"702\">miniature furniture and sets<\/strong>.<\/p>\n<hr data-start=\"705\" data-end=\"708\" \/>\n<h3 data-start=\"710\" data-end=\"730\">\ud83d\udccf Scale - 1\/4<\/h3>\n<p data-start=\"732\" data-end=\"812\">Suitable for dioramas and dolls to scale <strong data-start=\"775\" data-end=\"782\">1\/4<\/strong>, compatible with :<\/p>\n<p data-start=\"814\" data-end=\"881\">- BJD<br data-start=\"819\" data-end=\"822\" \/>- Minifee<br data-start=\"831\" data-end=\"834\" \/>- Unoa<br data-start=\"840\" data-end=\"843\" \/>- Other dolls in similar sizes<\/p>\n<hr data-start=\"883\" data-end=\"886\" \/>\n<h3 data-start=\"888\" data-end=\"911\">\ud83e\uddf8 Features<\/h3>\n<p data-start=\"913\" data-end=\"1130\">- Miniature magazine rack sold <strong data-start=\"944\" data-end=\"957\">per unit<\/strong><br data-start=\"957\" data-end=\"960\" \/>- Resin<br data-start=\"968\" data-end=\"971\" \/>- Hand-painted and hand-finished<br data-start=\"996\" data-end=\"999\" \/>- Compatible with my furniture sold separately in the store<br data-start=\"1063\" data-end=\"1066\" \/>- Perfect for dioramas, miniature scenes &amp; photo shoots<\/p>\n<hr data-start=\"1132\" data-end=\"1135\" \/>\n<h3 data-start=\"1137\" data-end=\"1159\">\u26a0\ufe0f Note artisanale<\/h3>\n<p data-start=\"1161\" data-end=\"1344\">Entirely handmade.<br data-start=\"1199\" data-end=\"1202\" \/>Slight variations in shape, color or finish may occur, as well as minor imperfections due to the handcrafted nature of the product.<\/p>\n<hr data-start=\"1346\" data-end=\"1349\" \/>\n<h3 data-start=\"1351\" data-end=\"1364\">\ud83d\udcf8 Photos<\/h3>\n<p data-start=\"1366\" data-end=\"1569\">The photos show examples of the staging.<br data-start=\"1416\" data-end=\"1419\" \/>\u27a1\ufe0f <strong data-start=\"1422\" data-end=\"1467\">Only the miniature magazine rack is sold.<\/strong><br data-start=\"1467\" data-end=\"1470\" \/>Visible magazines, furniture, dolls and accessories are available separately in the store.<\/p>\n<hr data-start=\"1571\" data-end=\"1574\" \/>\n<h3 data-start=\"1576\" data-end=\"1607\">\u26a0\ufe0f Important information<\/h3>\n<p data-start=\"1609\" data-end=\"1918\">- Accessory intended for adults - this is not a toy<br data-start=\"1674\" data-end=\"1677\" \/>- Strictly decorative use<br data-start=\"1706\" data-end=\"1709\" \/>- Made to order: please allow for the usual lead times (GTC &amp; delivery).<br data-start=\"1795\" data-end=\"1798\" \/>- Non-contractual photos - dolls not included<br data-start=\"1846\" data-end=\"1849\" \/>- I am not responsible for any damage incurred in transit.<\/p>\n<p data-start=\"1920\" data-end=\"2004\">\ud83d\udcf8 More photos and inspiration :<br data-start=\"1955\" data-end=\"1958\" \/>\ud83d\udc49 <strong data-start=\"1961\" data-end=\"2004\"><a class=\"decorated-link\" href=\"https:\/\/www.instagram.com\/sunnyshop211\/\" target=\"_new\" rel=\"noopener\" data-start=\"1963\" data-end=\"2002\">https:\/\/www.instagram.com\/sunnyshop211\/<\/a><\/strong><\/p>\n<p data-start=\"2006\" data-end=\"2113\">\ud83e\udd0d <strong data-start=\"2009\" data-end=\"2113\">A miniature everyday accessory to give even more life and realism to your 1\/4 scenes.<\/strong><\/p>","protected":false},"excerpt":{"rendered":"<p>&nbsp; Porte-revues miniature \u2013 1\/4 Accessoire diorama \u2013 d\u00e9coration int\u00e9rieure Porte-revues miniature sp\u00e9cialement con\u00e7u pour enrichir vos dioramas et mises en sc\u00e8ne \u00e0 l\u2019\u00e9chelle 1\/4, apportant une touche r\u00e9aliste, \u00e9l\u00e9gante et fonctionnelle \u00e0 vos univers miniatures. Id\u00e9al pour cr\u00e9er des sc\u00e8nes de salon, bureau, biblioth\u00e8que ou coin lecture. \u2728 Variations &amp; personnalisation \u2022 Vendu vide\u2022 [&hellip;]<\/p>\n","protected":false},"featured_media":6209,"comment_status":"open","ping_status":"closed","template":"","meta":{"_crdt_document":"","jetpack_post_was_ever_published":false,"jetpack_publicize_message":"","jetpack_publicize_feature_enabled":true,"jetpack_social_post_already_shared":true,"jetpack_social_options":{"image_generator_settings":{"template":"highway","default_image_id":0,"font":"","enabled":false},"version":2}},"product_brand":[],"product_cat":[667687018],"product_tag":[667681299,667682864,667682866,667681234,667681173,667681237,667682870,667682868],"class_list":{"0":"post-6348","1":"product","2":"type-product","3":"status-publish","4":"has-post-thumbnail","6":"product_cat-livres-decoration-toutes-tailles","7":"product_tag-coffee","8":"product_tag-cup","9":"product_tag-cup-of-tea","10":"product_tag-diorama","11":"product_tag-minifee","12":"product_tag-msd","13":"product_tag-mug","14":"product_tag-tasse","15":"product_shipping_class-lettresuivie","16":"pa_couleur-blanc","17":"pa_couleur-gris","18":"pa_couleur-marron","19":"pa_couleur-noir","21":"first","22":"instock","23":"taxable","24":"shipping-taxable","25":"purchasable","26":"product-type-variable"},"yoast_head":"<!-- This site is optimized with the Yoast SEO plugin v27.5 - https:\/\/yoast.com\/product\/yoast-seo-wordpress\/ -->\n<title>porte-revues miniature 1\/4 bjd, minifee, unoa -<\/title>\n<meta name=\"description\" content=\"porte-revues miniature 1\/4 pour bjd, minifee, unoa ou autres de m\u00eame tailles. Id\u00e9al pour vos dioramas et mises en sc\u00e8nes au 1\/4.\" \/>\n<meta name=\"robots\" content=\"index, follow, max-snippet:-1, max-image-preview:large, max-video-preview:-1\" \/>\n<link rel=\"canonical\" href=\"https:\/\/www.sunnyshop211.com\/en\/product\/porte-revues-miniature-1-4-bjd-minifee-unoa\/\" \/>\n<meta property=\"og:locale\" content=\"en_US\" \/>\n<meta property=\"og:type\" content=\"article\" \/>\n<meta property=\"og:title\" content=\"porte-revues miniature 1\/4 bjd, minifee, unoa -\" \/>\n<meta property=\"og:description\" content=\"porte-revues miniature 1\/4 pour bjd, minifee, unoa ou autres de m\u00eame tailles. Id\u00e9al pour vos dioramas et mises en sc\u00e8nes au 1\/4.\" \/>\n<meta property=\"og:url\" content=\"https:\/\/www.sunnyshop211.com\/en\/product\/porte-revues-miniature-1-4-bjd-minifee-unoa\/\" \/>\n<meta property=\"og:site_name\" content=\"Sunnyshop211 -Vente de dioramas, meubles, miniatures , bjd poup\u00e9es 1\/12 1\/8 1\/6 1\/4 1\/3\" \/>\n<meta property=\"article:publisher\" content=\"https:\/\/www.facebook.com\/sunnyshop211\/?ref=bookmarks\" \/>\n<meta property=\"article:modified_time\" content=\"2025-12-29T16:02:15+00:00\" \/>\n<meta property=\"og:image\" content=\"https:\/\/www.sunnyshop211.com\/wp-content\/uploads\/2019\/06\/20190610_120232.jpg\" \/>\n\t<meta property=\"og:image:width\" content=\"2458\" \/>\n\t<meta property=\"og:image:height\" content=\"1314\" \/>\n\t<meta property=\"og:image:type\" content=\"image\/jpeg\" \/>\n<meta name=\"twitter:card\" content=\"summary_large_image\" \/>\n<meta name=\"twitter:site\" content=\"@sunnyshop211\" \/>\n<meta name=\"twitter:label1\" content=\"Est. reading time\" \/>\n\t<meta name=\"twitter:data1\" content=\"3 minutes\" \/>\n<script type=\"application\/ld+json\" class=\"yoast-schema-graph\">{\"@context\":\"https:\\\/\\\/schema.org\",\"@graph\":[{\"@type\":\"WebPage\",\"@id\":\"https:\\\/\\\/www.sunnyshop211.com\\\/produit\\\/porte-revues-miniature-1-4-bjd-minifee-unoa\\\/\",\"url\":\"https:\\\/\\\/www.sunnyshop211.com\\\/produit\\\/porte-revues-miniature-1-4-bjd-minifee-unoa\\\/\",\"name\":\"porte-revues miniature 1\\\/4 bjd, minifee, unoa -\",\"isPartOf\":{\"@id\":\"https:\\\/\\\/www.sunnyshop211.com\\\/#website\"},\"primaryImageOfPage\":{\"@id\":\"https:\\\/\\\/www.sunnyshop211.com\\\/produit\\\/porte-revues-miniature-1-4-bjd-minifee-unoa\\\/#primaryimage\"},\"image\":{\"@id\":\"https:\\\/\\\/www.sunnyshop211.com\\\/produit\\\/porte-revues-miniature-1-4-bjd-minifee-unoa\\\/#primaryimage\"},\"thumbnailUrl\":\"https:\\\/\\\/www.sunnyshop211.com\\\/wp-content\\\/uploads\\\/2019\\\/06\\\/20190610_120232.jpg\",\"datePublished\":\"2019-06-10T12:23:25+00:00\",\"dateModified\":\"2025-12-29T16:02:15+00:00\",\"description\":\"porte-revues miniature 1\\\/4 pour bjd, minifee, unoa ou autres de m\u00eame tailles. Id\u00e9al pour vos dioramas et mises en sc\u00e8nes au 1\\\/4.\",\"breadcrumb\":{\"@id\":\"https:\\\/\\\/www.sunnyshop211.com\\\/produit\\\/porte-revues-miniature-1-4-bjd-minifee-unoa\\\/#breadcrumb\"},\"inLanguage\":\"en-US\",\"potentialAction\":[{\"@type\":\"ReadAction\",\"target\":[\"https:\\\/\\\/www.sunnyshop211.com\\\/produit\\\/porte-revues-miniature-1-4-bjd-minifee-unoa\\\/\"]}]},{\"@type\":\"ImageObject\",\"inLanguage\":\"en-US\",\"@id\":\"https:\\\/\\\/www.sunnyshop211.com\\\/produit\\\/porte-revues-miniature-1-4-bjd-minifee-unoa\\\/#primaryimage\",\"url\":\"https:\\\/\\\/www.sunnyshop211.com\\\/wp-content\\\/uploads\\\/2019\\\/06\\\/20190610_120232.jpg\",\"contentUrl\":\"https:\\\/\\\/www.sunnyshop211.com\\\/wp-content\\\/uploads\\\/2019\\\/06\\\/20190610_120232.jpg\",\"width\":2458,\"height\":1314},{\"@type\":\"BreadcrumbList\",\"@id\":\"https:\\\/\\\/www.sunnyshop211.com\\\/produit\\\/porte-revues-miniature-1-4-bjd-minifee-unoa\\\/#breadcrumb\",\"itemListElement\":[{\"@type\":\"ListItem\",\"position\":1,\"name\":\"Accueil\",\"item\":\"https:\\\/\\\/www.sunnyshop211.com\\\/\"},{\"@type\":\"ListItem\",\"position\":2,\"name\":\"Boutique\",\"item\":\"https:\\\/\\\/www.sunnyshop211.com\\\/boutique-miniature-bjd-dolls\\\/\"},{\"@type\":\"ListItem\",\"position\":3,\"name\":\"porte-revues miniature 1\\\/4 bjd, minifee, unoa\"}]},{\"@type\":\"WebSite\",\"@id\":\"https:\\\/\\\/www.sunnyshop211.com\\\/#website\",\"url\":\"https:\\\/\\\/www.sunnyshop211.com\\\/\",\"name\":\"Vente de dioramas, meubles, miniatures , bjd poup\u00e9es 1\\\/12 1\\\/8 1\\\/6 1\\\/4 1\\\/3\",\"description\":\"Sunnyshop211 - Votre univers miniature pour poup\u00e9es et BJD, dioramas et meubles sur mesure !\",\"publisher\":{\"@id\":\"https:\\\/\\\/www.sunnyshop211.com\\\/#organization\"},\"alternateName\":\"sunnyshop211\",\"potentialAction\":[{\"@type\":\"SearchAction\",\"target\":{\"@type\":\"EntryPoint\",\"urlTemplate\":\"https:\\\/\\\/www.sunnyshop211.com\\\/?s={search_term_string}\"},\"query-input\":{\"@type\":\"PropertyValueSpecification\",\"valueRequired\":true,\"valueName\":\"search_term_string\"}}],\"inLanguage\":\"en-US\"},{\"@type\":\"Organization\",\"@id\":\"https:\\\/\\\/www.sunnyshop211.com\\\/#organization\",\"name\":\"sunnyshop211\",\"alternateName\":\"sunnyshop211 diorama bjd meuble miniature\",\"url\":\"https:\\\/\\\/www.sunnyshop211.com\\\/\",\"logo\":{\"@type\":\"ImageObject\",\"inLanguage\":\"en-US\",\"@id\":\"https:\\\/\\\/www.sunnyshop211.com\\\/#\\\/schema\\\/logo\\\/image\\\/\",\"url\":\"https:\\\/\\\/www.sunnyshop211.com\\\/wp-content\\\/uploads\\\/2022\\\/08\\\/cropped-cropped-cropped-Sunnyshop211-1.png\",\"contentUrl\":\"https:\\\/\\\/www.sunnyshop211.com\\\/wp-content\\\/uploads\\\/2022\\\/08\\\/cropped-cropped-cropped-Sunnyshop211-1.png\",\"width\":339,\"height\":339,\"caption\":\"sunnyshop211\"},\"image\":{\"@id\":\"https:\\\/\\\/www.sunnyshop211.com\\\/#\\\/schema\\\/logo\\\/image\\\/\"},\"sameAs\":[\"https:\\\/\\\/www.facebook.com\\\/sunnyshop211\\\/?ref=bookmarks\",\"https:\\\/\\\/x.com\\\/sunnyshop211\",\"https:\\\/\\\/www.instagram.com\\\/sunnyshop211\\\/\",\"https:\\\/\\\/www.tumblr.com\\\/blog\\\/sunnyshop211\",\"https:\\\/\\\/www.youtube.com\\\/channel\\\/UCtYY18OGGDKrTSzgcf7fCBg\",\"https:\\\/\\\/www.tiktok.com\\\/@sunnydollshop211?is_from_webapp=1&sender_device=pc\"]}]}<\/script>\n<!-- \/ Yoast SEO plugin. -->","yoast_head_json":{"title":"miniature magazine rack 1\/4 bjd, minifee, unoa -","description":"1\/4\" miniature magazine rack for bjd, minifee, unoa or similar. Ideal for dioramas and 1\/4-scale staging.","robots":{"index":"index","follow":"follow","max-snippet":"max-snippet:-1","max-image-preview":"max-image-preview:large","max-video-preview":"max-video-preview:-1"},"canonical":"https:\/\/www.sunnyshop211.com\/en\/product\/porte-revues-miniature-1-4-bjd-minifee-unoa\/","og_locale":"en_US","og_type":"article","og_title":"porte-revues miniature 1\/4 bjd, minifee, unoa -","og_description":"porte-revues miniature 1\/4 pour bjd, minifee, unoa ou autres de m\u00eame tailles. Id\u00e9al pour vos dioramas et mises en sc\u00e8nes au 1\/4.","og_url":"https:\/\/www.sunnyshop211.com\/en\/product\/porte-revues-miniature-1-4-bjd-minifee-unoa\/","og_site_name":"Sunnyshop211 -Vente de dioramas, meubles, miniatures , bjd poup\u00e9es 1\/12 1\/8 1\/6 1\/4 1\/3","article_publisher":"https:\/\/www.facebook.com\/sunnyshop211\/?ref=bookmarks","article_modified_time":"2025-12-29T16:02:15+00:00","og_image":[{"width":2458,"height":1314,"url":"https:\/\/www.sunnyshop211.com\/wp-content\/uploads\/2019\/06\/20190610_120232.jpg","type":"image\/jpeg"}],"twitter_card":"summary_large_image","twitter_site":"@sunnyshop211","twitter_misc":{"Est. reading time":"3 minutes"},"schema":{"@context":"https:\/\/schema.org","@graph":[{"@type":"WebPage","@id":"https:\/\/www.sunnyshop211.com\/produit\/porte-revues-miniature-1-4-bjd-minifee-unoa\/","url":"https:\/\/www.sunnyshop211.com\/produit\/porte-revues-miniature-1-4-bjd-minifee-unoa\/","name":"miniature magazine rack 1\/4 bjd, minifee, unoa -","isPartOf":{"@id":"https:\/\/www.sunnyshop211.com\/#website"},"primaryImageOfPage":{"@id":"https:\/\/www.sunnyshop211.com\/produit\/porte-revues-miniature-1-4-bjd-minifee-unoa\/#primaryimage"},"image":{"@id":"https:\/\/www.sunnyshop211.com\/produit\/porte-revues-miniature-1-4-bjd-minifee-unoa\/#primaryimage"},"thumbnailUrl":"https:\/\/www.sunnyshop211.com\/wp-content\/uploads\/2019\/06\/20190610_120232.jpg","datePublished":"2019-06-10T12:23:25+00:00","dateModified":"2025-12-29T16:02:15+00:00","description":"1\/4\" miniature magazine rack for bjd, minifee, unoa or similar. Ideal for dioramas and 1\/4-scale staging.","breadcrumb":{"@id":"https:\/\/www.sunnyshop211.com\/produit\/porte-revues-miniature-1-4-bjd-minifee-unoa\/#breadcrumb"},"inLanguage":"en-US","potentialAction":[{"@type":"ReadAction","target":["https:\/\/www.sunnyshop211.com\/produit\/porte-revues-miniature-1-4-bjd-minifee-unoa\/"]}]},{"@type":"ImageObject","inLanguage":"en-US","@id":"https:\/\/www.sunnyshop211.com\/produit\/porte-revues-miniature-1-4-bjd-minifee-unoa\/#primaryimage","url":"https:\/\/www.sunnyshop211.com\/wp-content\/uploads\/2019\/06\/20190610_120232.jpg","contentUrl":"https:\/\/www.sunnyshop211.com\/wp-content\/uploads\/2019\/06\/20190610_120232.jpg","width":2458,"height":1314},{"@type":"BreadcrumbList","@id":"https:\/\/www.sunnyshop211.com\/produit\/porte-revues-miniature-1-4-bjd-minifee-unoa\/#breadcrumb","itemListElement":[{"@type":"ListItem","position":1,"name":"Accueil","item":"https:\/\/www.sunnyshop211.com\/"},{"@type":"ListItem","position":2,"name":"Boutique","item":"https:\/\/www.sunnyshop211.com\/boutique-miniature-bjd-dolls\/"},{"@type":"ListItem","position":3,"name":"porte-revues miniature 1\/4 bjd, minifee, unoa"}]},{"@type":"WebSite","@id":"https:\/\/www.sunnyshop211.com\/#website","url":"https:\/\/www.sunnyshop211.com\/","name":"Sale of dioramas, furniture, miniatures, bjd dolls 1\/12 1\/8 1\/6 1\/4 1\/3","description":"Sunnyshop211 - Your miniature world for dolls and BJDs, dioramas and custom-made furniture!","publisher":{"@id":"https:\/\/www.sunnyshop211.com\/#organization"},"alternateName":"sunnyshop211","potentialAction":[{"@type":"SearchAction","target":{"@type":"EntryPoint","urlTemplate":"https:\/\/www.sunnyshop211.com\/?s={search_term_string}"},"query-input":{"@type":"PropertyValueSpecification","valueRequired":true,"valueName":"search_term_string"}}],"inLanguage":"en-US"},{"@type":"Organization","@id":"https:\/\/www.sunnyshop211.com\/#organization","name":"sunnyshop211","alternateName":"sunnyshop211 diorama bjd meuble miniature","url":"https:\/\/www.sunnyshop211.com\/","logo":{"@type":"ImageObject","inLanguage":"en-US","@id":"https:\/\/www.sunnyshop211.com\/#\/schema\/logo\/image\/","url":"https:\/\/www.sunnyshop211.com\/wp-content\/uploads\/2022\/08\/cropped-cropped-cropped-Sunnyshop211-1.png","contentUrl":"https:\/\/www.sunnyshop211.com\/wp-content\/uploads\/2022\/08\/cropped-cropped-cropped-Sunnyshop211-1.png","width":339,"height":339,"caption":"sunnyshop211"},"image":{"@id":"https:\/\/www.sunnyshop211.com\/#\/schema\/logo\/image\/"},"sameAs":["https:\/\/www.facebook.com\/sunnyshop211\/?ref=bookmarks","https:\/\/x.com\/sunnyshop211","https:\/\/www.instagram.com\/sunnyshop211\/","https:\/\/www.tumblr.com\/blog\/sunnyshop211","https:\/\/www.youtube.com\/channel\/UCtYY18OGGDKrTSzgcf7fCBg","https:\/\/www.tiktok.com\/@sunnydollshop211?is_from_webapp=1&sender_device=pc"]}]}},"jetpack_publicize_connections":[],"jetpack_sharing_enabled":true,"_links":{"self":[{"href":"https:\/\/www.sunnyshop211.com\/en\/wp-json\/wp\/v2\/product\/6348","targetHints":{"allow":["GET"]}}],"collection":[{"href":"https:\/\/www.sunnyshop211.com\/en\/wp-json\/wp\/v2\/product"}],"about":[{"href":"https:\/\/www.sunnyshop211.com\/en\/wp-json\/wp\/v2\/types\/product"}],"replies":[{"embeddable":true,"href":"https:\/\/www.sunnyshop211.com\/en\/wp-json\/wp\/v2\/comments?post=6348"}],"version-history":[{"count":7,"href":"https:\/\/www.sunnyshop211.com\/en\/wp-json\/wp\/v2\/product\/6348\/revisions"}],"predecessor-version":[{"id":53409,"href":"https:\/\/www.sunnyshop211.com\/en\/wp-json\/wp\/v2\/product\/6348\/revisions\/53409"}],"wp:featuredmedia":[{"embeddable":true,"href":"https:\/\/www.sunnyshop211.com\/en\/wp-json\/wp\/v2\/media\/6209"}],"wp:attachment":[{"href":"https:\/\/www.sunnyshop211.com\/en\/wp-json\/wp\/v2\/media?parent=6348"}],"wp:term":[{"taxonomy":"product_brand","embeddable":true,"href":"https:\/\/www.sunnyshop211.com\/en\/wp-json\/wp\/v2\/product_brand?post=6348"},{"taxonomy":"product_cat","embeddable":true,"href":"https:\/\/www.sunnyshop211.com\/en\/wp-json\/wp\/v2\/product_cat?post=6348"},{"taxonomy":"product_tag","embeddable":true,"href":"https:\/\/www.sunnyshop211.com\/en\/wp-json\/wp\/v2\/product_tag?post=6348"}],"curies":[{"name":"wp","href":"https:\/\/api.w.org\/{rel}","templated":true}]}}