{"id":6006,"date":"2019-06-03T09:01:33","date_gmt":"2019-06-03T08:01:33","guid":{"rendered":"https:\/\/sunnyshop211.com\/?post_type=product&#038;p=6006"},"modified":"2026-01-04T10:29:43","modified_gmt":"2026-01-04T09:29:43","slug":"lanterne-miniature-1-4-bjd-msd-minifee","status":"publish","type":"product","link":"https:\/\/www.sunnyshop211.com\/en\/product\/lanterne-miniature-1-4-bjd-msd-minifee\/","title":{"rendered":"Miniature lantern - 1\/4 bjd MSD, minifee"},"content":{"rendered":"<div id='gallery-1' class='gallery galleryid-6006 gallery-columns-3 gallery-size-thumbnail'><figure class='gallery-item'>\n\t\t\t<div class='gallery-icon landscape'>\n\t\t\t\t<a href='https:\/\/www.sunnyshop211.com\/en\/?attachment_id=5948'><img decoding=\"async\" width=\"150\" height=\"150\" src=\"https:\/\/www.sunnyshop211.com\/wp-content\/uploads\/2019\/06\/20190603_091401-150x150.jpg\" class=\"attachment-thumbnail size-thumbnail\" alt=\"Lampion chinois miniature 1\/6\" srcset=\"https:\/\/www.sunnyshop211.com\/wp-content\/uploads\/2019\/06\/20190603_091401-150x150.jpg 150w, https:\/\/www.sunnyshop211.com\/wp-content\/uploads\/2019\/06\/20190603_091401-500x500.jpg 500w, https:\/\/www.sunnyshop211.com\/wp-content\/uploads\/2019\/06\/20190603_091401-100x100.jpg 100w, https:\/\/www.sunnyshop211.com\/wp-content\/uploads\/2019\/06\/20190603_091401-1024x1024.jpg 1024w, https:\/\/www.sunnyshop211.com\/wp-content\/uploads\/2019\/06\/20190603_091401-768x768.jpg 768w, https:\/\/www.sunnyshop211.com\/wp-content\/uploads\/2019\/06\/20190603_091401-1536x1536.jpg 1536w, https:\/\/www.sunnyshop211.com\/wp-content\/uploads\/2019\/06\/20190603_091401-60x60.jpg 60w, https:\/\/www.sunnyshop211.com\/wp-content\/uploads\/2019\/06\/20190603_091401-300x300.jpg 300w, https:\/\/www.sunnyshop211.com\/wp-content\/uploads\/2019\/06\/20190603_091401-600x600.jpg 600w, https:\/\/www.sunnyshop211.com\/wp-content\/uploads\/2019\/06\/20190603_091401.jpg 1564w\" sizes=\"(max-width: 150px) 100vw, 150px\" \/><\/a>\n\t\t\t<\/div><\/figure><figure class='gallery-item'>\n\t\t\t<div class='gallery-icon portrait'>\n\t\t\t\t<a href='https:\/\/www.sunnyshop211.com\/en\/?attachment_id=5946'><img decoding=\"async\" width=\"150\" height=\"150\" src=\"https:\/\/www.sunnyshop211.com\/wp-content\/uploads\/2019\/06\/IMG_20190603_091742_711-150x150.jpg\" class=\"attachment-thumbnail size-thumbnail\" alt=\"Lanterne miniature 1\/4\" srcset=\"https:\/\/www.sunnyshop211.com\/wp-content\/uploads\/2019\/06\/IMG_20190603_091742_711-150x150.jpg 150w, https:\/\/www.sunnyshop211.com\/wp-content\/uploads\/2019\/06\/IMG_20190603_091742_711-500x500.jpg 500w, https:\/\/www.sunnyshop211.com\/wp-content\/uploads\/2019\/06\/IMG_20190603_091742_711-100x100.jpg 100w\" sizes=\"(max-width: 150px) 100vw, 150px\" \/><\/a>\n\t\t\t<\/div><\/figure><figure class='gallery-item'>\n\t\t\t<div class='gallery-icon portrait'>\n\t\t\t\t<a href='https:\/\/www.sunnyshop211.com\/en\/?attachment_id=5950'><img decoding=\"async\" width=\"150\" height=\"150\" src=\"https:\/\/www.sunnyshop211.com\/wp-content\/uploads\/2019\/06\/IMG_20190603_091953_653-150x150.jpg\" class=\"attachment-thumbnail size-thumbnail\" alt=\"Lanterne miniature 1\/4\" srcset=\"https:\/\/www.sunnyshop211.com\/wp-content\/uploads\/2019\/06\/IMG_20190603_091953_653-150x150.jpg 150w, https:\/\/www.sunnyshop211.com\/wp-content\/uploads\/2019\/06\/IMG_20190603_091953_653-500x500.jpg 500w, https:\/\/www.sunnyshop211.com\/wp-content\/uploads\/2019\/06\/IMG_20190603_091953_653-100x100.jpg 100w\" sizes=\"(max-width: 150px) 100vw, 150px\" \/><\/a>\n\t\t\t<\/div><\/figure><figure class='gallery-item'>\n\t\t\t<div class='gallery-icon portrait'>\n\t\t\t\t<a href='https:\/\/www.sunnyshop211.com\/en\/?attachment_id=5949'><img loading=\"lazy\" decoding=\"async\" width=\"150\" height=\"150\" src=\"https:\/\/www.sunnyshop211.com\/wp-content\/uploads\/2019\/06\/IMG_20190603_091854_687-150x150.jpg\" class=\"attachment-thumbnail size-thumbnail\" alt=\"Lampion chinois miniature 1\/6\" srcset=\"https:\/\/www.sunnyshop211.com\/wp-content\/uploads\/2019\/06\/IMG_20190603_091854_687-150x150.jpg 150w, https:\/\/www.sunnyshop211.com\/wp-content\/uploads\/2019\/06\/IMG_20190603_091854_687-500x500.jpg 500w, https:\/\/www.sunnyshop211.com\/wp-content\/uploads\/2019\/06\/IMG_20190603_091854_687-100x100.jpg 100w\" sizes=\"(max-width: 150px) 100vw, 150px\" \/><\/a>\n\t\t\t<\/div><\/figure>\n\t\t<\/div>\n\n<h2 data-start=\"119\" data-end=\"151\">Miniature lantern - 1\/4<\/h2>\n<p data-start=\"152\" data-end=\"214\">BJD MSD, Minifee, Unoa, Tonner &amp; equivalent-sized dolls<\/p>\n<h3 data-start=\"216\" data-end=\"234\">\ud83d\udcf8 Description<\/h3>\n<p data-start=\"236\" data-end=\"388\">This 1\/4\" miniature lantern is the ideal decorative accessory for creating warm, poetic or cinematic atmospheres in your dioramas.<\/p>\n<p data-start=\"390\" data-end=\"548\">Perfect for indoor, outdoor, evening or soft fantasy scenes, it will add a bright, elegant touch to your 1\/4\" staging.<\/p>\n<p data-start=\"550\" data-end=\"604\">\ud83d\udc49 Fictitious item, for decorative purposes only.<\/p>\n<hr data-start=\"606\" data-end=\"609\" \/>\n<h3 data-start=\"611\" data-end=\"641\">\ud83d\udc57 Compatibility &amp; scale<\/h3>\n<p data-start=\"643\" data-end=\"685\">Suitable for dolls at <strong data-start=\"665\" data-end=\"672\">1\/4<\/strong>, including :<\/p>\n<p data-start=\"687\" data-end=\"767\">- MSD<br data-start=\"692\" data-end=\"695\" \/>- Minifee<br data-start=\"704\" data-end=\"707\" \/>- Unoa<br data-start=\"713\" data-end=\"716\" \/>- Tonner<br data-start=\"724\" data-end=\"727\" \/>- Other dolls of equivalent size<\/p>\n<hr data-start=\"769\" data-end=\"772\" \/>\n<h3 data-start=\"774\" data-end=\"798\">\ud83c\udfa8 Patterns &amp; colors<\/h3>\n<p data-start=\"800\" data-end=\"881\">- More <strong data-start=\"810\" data-end=\"834\">21 different patterns<\/strong><br data-start=\"834\" data-end=\"837\" \/>- You choose <strong data-start=\"855\" data-end=\"869\">the color<\/strong> desired<\/p>\n<p data-start=\"883\" data-end=\"973\">The lanterns are sold <strong data-start=\"910\" data-end=\"936\">customized and painted<\/strong>, in accordance with the models shown.<\/p>\n<hr data-start=\"975\" data-end=\"978\" \/>\n<h3 data-start=\"980\" data-end=\"997\">\ud83d\udccf Dimensions<\/h3>\n<p data-start=\"999\" data-end=\"1034\">\u2022 <strong data-start=\"1001\" data-end=\"1034\">4.5 cm long x 7 cm high<\/strong><\/p>\n<hr data-start=\"1036\" data-end=\"1039\" \/>\n<h3 data-start=\"1041\" data-end=\"1055\">\ud83d\udce6 Contents<\/h3>\n<p data-start=\"1057\" data-end=\"1111\">- 1 1\/4\" miniature lantern (choice of motif and color)<\/p>\n<p data-start=\"1113\" data-end=\"1271\">\ud83d\udc49 The prize is for <strong data-start=\"1133\" data-end=\"1155\">a single lantern<\/strong><br data-start=\"1155\" data-end=\"1158\" \/>\ud83d\udc49 Other accessories shown in the photos are not included but are available separately in the store.<\/p>\n<hr data-start=\"1273\" data-end=\"1276\" \/>\n<h3 data-start=\"1278\" data-end=\"1307\">\ud83e\udeb5 Handcrafted<\/h3>\n<p data-start=\"1309\" data-end=\"1380\">- Hand-made and customised article<br data-start=\"1349\" data-end=\"1352\" \/>- Made to order<\/p>\n<p data-start=\"1382\" data-end=\"1533\">Due to the artisanal character, there may be :<br data-start=\"1433\" data-end=\"1436\" \/>- slight variations in shape or color<br data-start=\"1482\" data-end=\"1485\" \/>- minor imperfections, typical of handmade products<\/p>\n<hr data-start=\"1535\" data-end=\"1538\" \/>\n<h3 data-start=\"1540\" data-end=\"1558\">\ud83c\udfe1 Use<\/h3>\n<p data-start=\"1560\" data-end=\"1739\">- Dioramas &amp; staging<br data-start=\"1587\" data-end=\"1590\" \/>- Cinematographic scenes, ambience, indoor or outdoor<br data-start=\"1651\" data-end=\"1654\" \/>- Compatible with my furniture and 1\/4 accessories sold separately in the store<\/p>\n<hr data-start=\"1741\" data-end=\"1744\" \/>\n<h3 data-start=\"1746\" data-end=\"1777\">\u26a0\ufe0f Important information<\/h3>\n<p data-start=\"1779\" data-end=\"2017\">- Fictional article<br data-start=\"1795\" data-end=\"1798\" \/>- This is not a toy<br data-start=\"1823\" data-end=\"1826\" \/>- For adults only<br data-start=\"1865\" data-end=\"1868\" \/>- The photos are examples of decoration<br data-start=\"1912\" data-end=\"1915\" \/>- Only the lantern is sold<br data-start=\"1945\" data-end=\"1948\" \/>- I am not responsible for any damage incurred in transit.<\/p>\n<hr data-start=\"2019\" data-end=\"2022\" \/>\n<h3 data-start=\"2024\" data-end=\"2050\">\u23f3 Manufacturing &amp; lead times<\/h3>\n<p data-start=\"2052\" data-end=\"2215\">- Article made to order<br data-start=\"2082\" data-end=\"2085\" \/>- Please allow for manufacturing and delivery times.<br data-start=\"2150\" data-end=\"2153\" \/>\u27a1\ufe0f See Terms and Conditions and delivery times<\/p>\n<hr data-start=\"2217\" data-end=\"2220\" \/>\n<h3 data-start=\"2222\" data-end=\"2258\">\ud83d\udcf8 More photos &amp; inspiration<\/h3>\n<p data-start=\"2260\" data-end=\"2302\">\ud83d\udc49 <a class=\"decorated-link\" href=\"https:\/\/www.instagram.com\/sunnyshop211\/\" target=\"_new\" rel=\"noopener\" data-start=\"2263\" data-end=\"2302\">https:\/\/www.instagram.com\/sunnyshop211\/<\/a><\/p>\n<hr data-start=\"2304\" data-end=\"2307\" \/>\n<p data-start=\"2309\" data-end=\"2430\">\ud83c\udfee\u2728 <strong data-start=\"2313\" data-end=\"2430\">A must-have miniature accessory for creating warm, poetic and charming scenes at 1\/4.<\/strong><\/p>","protected":false},"excerpt":{"rendered":"<p>Lanterne miniature \u2013 1\/4 BJD MSD, Minifee, Unoa, Tonner &amp; poup\u00e9es de taille \u00e9quivalente \ud83d\udcf8 Description Cette lanterne miniature 1\/4 est un accessoire d\u00e9coratif id\u00e9al pour cr\u00e9er des ambiances chaleureuses, po\u00e9tiques ou cin\u00e9matographiques dans vos dioramas. Parfaite pour les sc\u00e8nes d\u2019int\u00e9rieur, d\u2019ext\u00e9rieur, de soir\u00e9e ou de fantasy douce, elle apportera une touche lumineuse et \u00e9l\u00e9gante [&hellip;]<\/p>\n","protected":false},"featured_media":5948,"comment_status":"open","ping_status":"closed","template":"","meta":{"_crdt_document":"","jetpack_post_was_ever_published":false,"jetpack_publicize_message":"","jetpack_publicize_feature_enabled":true,"jetpack_social_post_already_shared":true,"jetpack_social_options":{"image_generator_settings":{"template":"highway","default_image_id":0,"font":"","enabled":false},"version":2}},"product_brand":[],"product_cat":[667687098],"product_tag":[667681143,667681136,667681142,667681405,667681406,667681234,667681226,667681233,667681225,667681241,667681407,667681408,667681340,667681349,667681350,667681404,667681236,667681261,667681281,667681232,667681173,667681237,667681235],"class_list":{"0":"post-6006","1":"product","2":"type-product","3":"status-publish","4":"has-post-thumbnail","6":"product_cat-lampes-de-chevet","7":"product_tag-bedroom","8":"product_tag-bjd","9":"product_tag-chambre","10":"product_tag-chinese","11":"product_tag-chinois","12":"product_tag-diorama","13":"product_tag-doll","14":"product_tag-dollhouse","15":"product_tag-furniture","16":"product_tag-iplehouse","17":"product_tag-japanese","18":"product_tag-japonais","19":"product_tag-kid","20":"product_tag-lamp","21":"product_tag-lampe","22":"product_tag-lampion","23":"product_tag-maison-de-poupee","24":"product_tag-meuble","25":"product_tag-meubles","26":"product_tag-miniature","27":"product_tag-minifee","28":"product_tag-msd","29":"product_tag-roombox","30":"product_shipping_class-colissimo-5","31":"pa_couleur-blanc","32":"pa_couleur-gris","33":"pa_couleur-marron","34":"pa_couleur-noir","36":"first","37":"instock","38":"taxable","39":"shipping-taxable","40":"purchasable","41":"product-type-variable"},"yoast_head":"<!-- This site is optimized with the Yoast SEO plugin v27.4 - https:\/\/yoast.com\/product\/yoast-seo-wordpress\/ -->\n<title>Lanterne miniature \u2013 1\/4 bjd MSD, minifee -<\/title>\n<meta name=\"description\" content=\"Lanterne miniature 1\/4 bjd MSD, minifee, unoa, tonner ou autres de m\u00eame tailles. Id\u00e9al pour vos dioramas et vos mises en sc\u00e8nes.\" \/>\n<meta name=\"robots\" content=\"index, follow, max-snippet:-1, max-image-preview:large, max-video-preview:-1\" \/>\n<link rel=\"canonical\" href=\"https:\/\/www.sunnyshop211.com\/en\/product\/lanterne-miniature-1-4-bjd-msd-minifee\/\" \/>\n<meta property=\"og:locale\" content=\"en_US\" \/>\n<meta property=\"og:type\" content=\"article\" \/>\n<meta property=\"og:title\" content=\"Lanterne miniature \u2013 1\/4 bjd MSD, minifee -\" \/>\n<meta property=\"og:description\" content=\"Lanterne miniature 1\/4 bjd MSD, minifee, unoa, tonner ou autres de m\u00eame tailles. Id\u00e9al pour vos dioramas et vos mises en sc\u00e8nes.\" \/>\n<meta property=\"og:url\" content=\"https:\/\/www.sunnyshop211.com\/en\/product\/lanterne-miniature-1-4-bjd-msd-minifee\/\" \/>\n<meta property=\"og:site_name\" content=\"Sunnyshop211 -Vente de dioramas, meubles, miniatures , bjd poup\u00e9es 1\/12 1\/8 1\/6 1\/4 1\/3\" \/>\n<meta property=\"article:publisher\" content=\"https:\/\/www.facebook.com\/sunnyshop211\/?ref=bookmarks\" \/>\n<meta property=\"article:modified_time\" content=\"2026-01-04T09:29:43+00:00\" \/>\n<meta property=\"og:image\" content=\"https:\/\/www.sunnyshop211.com\/wp-content\/uploads\/2019\/06\/20190603_091401.jpg\" \/>\n\t<meta property=\"og:image:width\" content=\"1564\" \/>\n\t<meta property=\"og:image:height\" content=\"1564\" \/>\n\t<meta property=\"og:image:type\" content=\"image\/jpeg\" \/>\n<meta name=\"twitter:card\" content=\"summary_large_image\" \/>\n<meta name=\"twitter:site\" content=\"@sunnyshop211\" \/>\n<meta name=\"twitter:label1\" content=\"Est. reading time\" \/>\n\t<meta name=\"twitter:data1\" content=\"2 minutes\" \/>\n<script type=\"application\/ld+json\" class=\"yoast-schema-graph\">{\"@context\":\"https:\\\/\\\/schema.org\",\"@graph\":[{\"@type\":\"WebPage\",\"@id\":\"https:\\\/\\\/www.sunnyshop211.com\\\/produit\\\/lanterne-miniature-1-4-bjd-msd-minifee\\\/\",\"url\":\"https:\\\/\\\/www.sunnyshop211.com\\\/produit\\\/lanterne-miniature-1-4-bjd-msd-minifee\\\/\",\"name\":\"Lanterne miniature \u2013 1\\\/4 bjd MSD, minifee -\",\"isPartOf\":{\"@id\":\"https:\\\/\\\/www.sunnyshop211.com\\\/#website\"},\"primaryImageOfPage\":{\"@id\":\"https:\\\/\\\/www.sunnyshop211.com\\\/produit\\\/lanterne-miniature-1-4-bjd-msd-minifee\\\/#primaryimage\"},\"image\":{\"@id\":\"https:\\\/\\\/www.sunnyshop211.com\\\/produit\\\/lanterne-miniature-1-4-bjd-msd-minifee\\\/#primaryimage\"},\"thumbnailUrl\":\"https:\\\/\\\/www.sunnyshop211.com\\\/wp-content\\\/uploads\\\/2019\\\/06\\\/20190603_091401.jpg\",\"datePublished\":\"2019-06-03T08:01:33+00:00\",\"dateModified\":\"2026-01-04T09:29:43+00:00\",\"description\":\"Lanterne miniature 1\\\/4 bjd MSD, minifee, unoa, tonner ou autres de m\u00eame tailles. Id\u00e9al pour vos dioramas et vos mises en sc\u00e8nes.\",\"breadcrumb\":{\"@id\":\"https:\\\/\\\/www.sunnyshop211.com\\\/produit\\\/lanterne-miniature-1-4-bjd-msd-minifee\\\/#breadcrumb\"},\"inLanguage\":\"en-US\",\"potentialAction\":[{\"@type\":\"ReadAction\",\"target\":[\"https:\\\/\\\/www.sunnyshop211.com\\\/produit\\\/lanterne-miniature-1-4-bjd-msd-minifee\\\/\"]}]},{\"@type\":\"ImageObject\",\"inLanguage\":\"en-US\",\"@id\":\"https:\\\/\\\/www.sunnyshop211.com\\\/produit\\\/lanterne-miniature-1-4-bjd-msd-minifee\\\/#primaryimage\",\"url\":\"https:\\\/\\\/www.sunnyshop211.com\\\/wp-content\\\/uploads\\\/2019\\\/06\\\/20190603_091401.jpg\",\"contentUrl\":\"https:\\\/\\\/www.sunnyshop211.com\\\/wp-content\\\/uploads\\\/2019\\\/06\\\/20190603_091401.jpg\",\"width\":1564,\"height\":1564,\"caption\":\"Lampion chinois miniature 1\\\/6\"},{\"@type\":\"BreadcrumbList\",\"@id\":\"https:\\\/\\\/www.sunnyshop211.com\\\/produit\\\/lanterne-miniature-1-4-bjd-msd-minifee\\\/#breadcrumb\",\"itemListElement\":[{\"@type\":\"ListItem\",\"position\":1,\"name\":\"Accueil\",\"item\":\"https:\\\/\\\/www.sunnyshop211.com\\\/\"},{\"@type\":\"ListItem\",\"position\":2,\"name\":\"Boutique\",\"item\":\"https:\\\/\\\/www.sunnyshop211.com\\\/boutique-miniature-bjd-dolls\\\/\"},{\"@type\":\"ListItem\",\"position\":3,\"name\":\"Lanterne miniature \u2013 1\\\/4 bjd MSD, minifee\"}]},{\"@type\":\"WebSite\",\"@id\":\"https:\\\/\\\/www.sunnyshop211.com\\\/#website\",\"url\":\"https:\\\/\\\/www.sunnyshop211.com\\\/\",\"name\":\"Vente de dioramas, meubles, miniatures , bjd poup\u00e9es 1\\\/12 1\\\/8 1\\\/6 1\\\/4 1\\\/3\",\"description\":\"Sunnyshop211 - Votre univers miniature pour poup\u00e9es et BJD, dioramas et meubles sur mesure !\",\"publisher\":{\"@id\":\"https:\\\/\\\/www.sunnyshop211.com\\\/#organization\"},\"alternateName\":\"sunnyshop211\",\"potentialAction\":[{\"@type\":\"SearchAction\",\"target\":{\"@type\":\"EntryPoint\",\"urlTemplate\":\"https:\\\/\\\/www.sunnyshop211.com\\\/?s={search_term_string}\"},\"query-input\":{\"@type\":\"PropertyValueSpecification\",\"valueRequired\":true,\"valueName\":\"search_term_string\"}}],\"inLanguage\":\"en-US\"},{\"@type\":\"Organization\",\"@id\":\"https:\\\/\\\/www.sunnyshop211.com\\\/#organization\",\"name\":\"sunnyshop211\",\"alternateName\":\"sunnyshop211 diorama bjd meuble miniature\",\"url\":\"https:\\\/\\\/www.sunnyshop211.com\\\/\",\"logo\":{\"@type\":\"ImageObject\",\"inLanguage\":\"en-US\",\"@id\":\"https:\\\/\\\/www.sunnyshop211.com\\\/#\\\/schema\\\/logo\\\/image\\\/\",\"url\":\"https:\\\/\\\/www.sunnyshop211.com\\\/wp-content\\\/uploads\\\/2022\\\/08\\\/cropped-cropped-cropped-Sunnyshop211-1.png\",\"contentUrl\":\"https:\\\/\\\/www.sunnyshop211.com\\\/wp-content\\\/uploads\\\/2022\\\/08\\\/cropped-cropped-cropped-Sunnyshop211-1.png\",\"width\":339,\"height\":339,\"caption\":\"sunnyshop211\"},\"image\":{\"@id\":\"https:\\\/\\\/www.sunnyshop211.com\\\/#\\\/schema\\\/logo\\\/image\\\/\"},\"sameAs\":[\"https:\\\/\\\/www.facebook.com\\\/sunnyshop211\\\/?ref=bookmarks\",\"https:\\\/\\\/x.com\\\/sunnyshop211\",\"https:\\\/\\\/www.instagram.com\\\/sunnyshop211\\\/\",\"https:\\\/\\\/www.tumblr.com\\\/blog\\\/sunnyshop211\",\"https:\\\/\\\/www.youtube.com\\\/channel\\\/UCtYY18OGGDKrTSzgcf7fCBg\",\"https:\\\/\\\/www.tiktok.com\\\/@sunnydollshop211?is_from_webapp=1&sender_device=pc\"]}]}<\/script>\n<!-- \/ Yoast SEO plugin. -->","yoast_head_json":{"title":"Miniature lantern - 1\/4 bjd MSD, minifee -","description":"Miniature lantern 1\/4 bjd MSD, minifee, unoa, tonner or other sizes. Ideal for dioramas and staging.","robots":{"index":"index","follow":"follow","max-snippet":"max-snippet:-1","max-image-preview":"max-image-preview:large","max-video-preview":"max-video-preview:-1"},"canonical":"https:\/\/www.sunnyshop211.com\/en\/product\/lanterne-miniature-1-4-bjd-msd-minifee\/","og_locale":"en_US","og_type":"article","og_title":"Lanterne miniature \u2013 1\/4 bjd MSD, minifee -","og_description":"Lanterne miniature 1\/4 bjd MSD, minifee, unoa, tonner ou autres de m\u00eame tailles. Id\u00e9al pour vos dioramas et vos mises en sc\u00e8nes.","og_url":"https:\/\/www.sunnyshop211.com\/en\/product\/lanterne-miniature-1-4-bjd-msd-minifee\/","og_site_name":"Sunnyshop211 -Vente de dioramas, meubles, miniatures , bjd poup\u00e9es 1\/12 1\/8 1\/6 1\/4 1\/3","article_publisher":"https:\/\/www.facebook.com\/sunnyshop211\/?ref=bookmarks","article_modified_time":"2026-01-04T09:29:43+00:00","og_image":[{"width":1564,"height":1564,"url":"https:\/\/www.sunnyshop211.com\/wp-content\/uploads\/2019\/06\/20190603_091401.jpg","type":"image\/jpeg"}],"twitter_card":"summary_large_image","twitter_site":"@sunnyshop211","twitter_misc":{"Est. reading time":"2 minutes"},"schema":{"@context":"https:\/\/schema.org","@graph":[{"@type":"WebPage","@id":"https:\/\/www.sunnyshop211.com\/produit\/lanterne-miniature-1-4-bjd-msd-minifee\/","url":"https:\/\/www.sunnyshop211.com\/produit\/lanterne-miniature-1-4-bjd-msd-minifee\/","name":"Miniature lantern - 1\/4 bjd MSD, minifee -","isPartOf":{"@id":"https:\/\/www.sunnyshop211.com\/#website"},"primaryImageOfPage":{"@id":"https:\/\/www.sunnyshop211.com\/produit\/lanterne-miniature-1-4-bjd-msd-minifee\/#primaryimage"},"image":{"@id":"https:\/\/www.sunnyshop211.com\/produit\/lanterne-miniature-1-4-bjd-msd-minifee\/#primaryimage"},"thumbnailUrl":"https:\/\/www.sunnyshop211.com\/wp-content\/uploads\/2019\/06\/20190603_091401.jpg","datePublished":"2019-06-03T08:01:33+00:00","dateModified":"2026-01-04T09:29:43+00:00","description":"Miniature lantern 1\/4 bjd MSD, minifee, unoa, tonner or other sizes. Ideal for dioramas and staging.","breadcrumb":{"@id":"https:\/\/www.sunnyshop211.com\/produit\/lanterne-miniature-1-4-bjd-msd-minifee\/#breadcrumb"},"inLanguage":"en-US","potentialAction":[{"@type":"ReadAction","target":["https:\/\/www.sunnyshop211.com\/produit\/lanterne-miniature-1-4-bjd-msd-minifee\/"]}]},{"@type":"ImageObject","inLanguage":"en-US","@id":"https:\/\/www.sunnyshop211.com\/produit\/lanterne-miniature-1-4-bjd-msd-minifee\/#primaryimage","url":"https:\/\/www.sunnyshop211.com\/wp-content\/uploads\/2019\/06\/20190603_091401.jpg","contentUrl":"https:\/\/www.sunnyshop211.com\/wp-content\/uploads\/2019\/06\/20190603_091401.jpg","width":1564,"height":1564,"caption":"Lampion chinois miniature 1\/6"},{"@type":"BreadcrumbList","@id":"https:\/\/www.sunnyshop211.com\/produit\/lanterne-miniature-1-4-bjd-msd-minifee\/#breadcrumb","itemListElement":[{"@type":"ListItem","position":1,"name":"Accueil","item":"https:\/\/www.sunnyshop211.com\/"},{"@type":"ListItem","position":2,"name":"Boutique","item":"https:\/\/www.sunnyshop211.com\/boutique-miniature-bjd-dolls\/"},{"@type":"ListItem","position":3,"name":"Lanterne miniature \u2013 1\/4 bjd MSD, minifee"}]},{"@type":"WebSite","@id":"https:\/\/www.sunnyshop211.com\/#website","url":"https:\/\/www.sunnyshop211.com\/","name":"Sale of dioramas, furniture, miniatures, bjd dolls 1\/12 1\/8 1\/6 1\/4 1\/3","description":"Sunnyshop211 - Your miniature world for dolls and BJDs, dioramas and custom-made furniture!","publisher":{"@id":"https:\/\/www.sunnyshop211.com\/#organization"},"alternateName":"sunnyshop211","potentialAction":[{"@type":"SearchAction","target":{"@type":"EntryPoint","urlTemplate":"https:\/\/www.sunnyshop211.com\/?s={search_term_string}"},"query-input":{"@type":"PropertyValueSpecification","valueRequired":true,"valueName":"search_term_string"}}],"inLanguage":"en-US"},{"@type":"Organization","@id":"https:\/\/www.sunnyshop211.com\/#organization","name":"sunnyshop211","alternateName":"sunnyshop211 diorama bjd meuble miniature","url":"https:\/\/www.sunnyshop211.com\/","logo":{"@type":"ImageObject","inLanguage":"en-US","@id":"https:\/\/www.sunnyshop211.com\/#\/schema\/logo\/image\/","url":"https:\/\/www.sunnyshop211.com\/wp-content\/uploads\/2022\/08\/cropped-cropped-cropped-Sunnyshop211-1.png","contentUrl":"https:\/\/www.sunnyshop211.com\/wp-content\/uploads\/2022\/08\/cropped-cropped-cropped-Sunnyshop211-1.png","width":339,"height":339,"caption":"sunnyshop211"},"image":{"@id":"https:\/\/www.sunnyshop211.com\/#\/schema\/logo\/image\/"},"sameAs":["https:\/\/www.facebook.com\/sunnyshop211\/?ref=bookmarks","https:\/\/x.com\/sunnyshop211","https:\/\/www.instagram.com\/sunnyshop211\/","https:\/\/www.tumblr.com\/blog\/sunnyshop211","https:\/\/www.youtube.com\/channel\/UCtYY18OGGDKrTSzgcf7fCBg","https:\/\/www.tiktok.com\/@sunnydollshop211?is_from_webapp=1&sender_device=pc"]}]}},"jetpack_publicize_connections":[],"jetpack_sharing_enabled":true,"_links":{"self":[{"href":"https:\/\/www.sunnyshop211.com\/en\/wp-json\/wp\/v2\/product\/6006","targetHints":{"allow":["GET"]}}],"collection":[{"href":"https:\/\/www.sunnyshop211.com\/en\/wp-json\/wp\/v2\/product"}],"about":[{"href":"https:\/\/www.sunnyshop211.com\/en\/wp-json\/wp\/v2\/types\/product"}],"replies":[{"embeddable":true,"href":"https:\/\/www.sunnyshop211.com\/en\/wp-json\/wp\/v2\/comments?post=6006"}],"version-history":[{"count":11,"href":"https:\/\/www.sunnyshop211.com\/en\/wp-json\/wp\/v2\/product\/6006\/revisions"}],"predecessor-version":[{"id":53196,"href":"https:\/\/www.sunnyshop211.com\/en\/wp-json\/wp\/v2\/product\/6006\/revisions\/53196"}],"wp:featuredmedia":[{"embeddable":true,"href":"https:\/\/www.sunnyshop211.com\/en\/wp-json\/wp\/v2\/media\/5948"}],"wp:attachment":[{"href":"https:\/\/www.sunnyshop211.com\/en\/wp-json\/wp\/v2\/media?parent=6006"}],"wp:term":[{"taxonomy":"product_brand","embeddable":true,"href":"https:\/\/www.sunnyshop211.com\/en\/wp-json\/wp\/v2\/product_brand?post=6006"},{"taxonomy":"product_cat","embeddable":true,"href":"https:\/\/www.sunnyshop211.com\/en\/wp-json\/wp\/v2\/product_cat?post=6006"},{"taxonomy":"product_tag","embeddable":true,"href":"https:\/\/www.sunnyshop211.com\/en\/wp-json\/wp\/v2\/product_tag?post=6006"}],"curies":[{"name":"wp","href":"https:\/\/api.w.org\/{rel}","templated":true}]}}