{"id":579,"date":"2019-01-03T13:36:34","date_gmt":"2019-01-03T12:36:34","guid":{"rendered":"https:\/\/sunnyshop211.com\/?post_type=product&#038;p=579"},"modified":"2025-12-27T12:38:51","modified_gmt":"2025-12-27T11:38:51","slug":"jouet-pour-bebe-miniature-1-8-bjd-baby-pukifee-lati-yellow","status":"publish","type":"product","link":"https:\/\/www.sunnyshop211.com\/en\/product\/jouet-pour-bebe-miniature-1-8-bjd-baby-pukifee-lati-yellow\/","title":{"rendered":"miniature baby toy 1\/8 bjd baby pukifee, lati Yellow"},"content":{"rendered":"<p><img fetchpriority=\"high\" decoding=\"async\" class=\"alignnone wp-image-7614 size-medium\" src=\"https:\/\/www.sunnyshop211.com\/wp-content\/uploads\/2019\/07\/20190726_164050-scaled-500x222.jpg\" alt=\"jouet b\u00e9b\u00e9 miniature 1\/8\" width=\"500\" height=\"222\" srcset=\"https:\/\/www.sunnyshop211.com\/wp-content\/uploads\/2019\/07\/20190726_164050-scaled-500x222.jpg 500w, https:\/\/www.sunnyshop211.com\/wp-content\/uploads\/2019\/07\/20190726_164050-scaled-1024x456.jpg 1024w, https:\/\/www.sunnyshop211.com\/wp-content\/uploads\/2019\/07\/20190726_164050-scaled-768x342.jpg 768w, https:\/\/www.sunnyshop211.com\/wp-content\/uploads\/2019\/07\/20190726_164050-scaled-1536x683.jpg 1536w, https:\/\/www.sunnyshop211.com\/wp-content\/uploads\/2019\/07\/20190726_164050-scaled-2048x911.jpg 2048w, https:\/\/www.sunnyshop211.com\/wp-content\/uploads\/2019\/07\/20190726_164050-scaled-135x60.jpg 135w, https:\/\/www.sunnyshop211.com\/wp-content\/uploads\/2019\/07\/20190726_164050-300x134.jpg 300w, https:\/\/www.sunnyshop211.com\/wp-content\/uploads\/2019\/07\/20190726_164050-600x267.jpg 600w\" sizes=\"(max-width: 500px) 100vw, 500px\" \/> <img decoding=\"async\" class=\"alignnone size-medium wp-image-7620\" src=\"https:\/\/www.sunnyshop211.com\/wp-content\/uploads\/2019\/07\/20190726_162300-300x134.jpg\" alt=\"\" width=\"300\" height=\"134\" srcset=\"https:\/\/www.sunnyshop211.com\/wp-content\/uploads\/2019\/07\/20190726_162300-300x134.jpg 300w, https:\/\/www.sunnyshop211.com\/wp-content\/uploads\/2019\/07\/20190726_162300-scaled-500x224.jpg 500w, https:\/\/www.sunnyshop211.com\/wp-content\/uploads\/2019\/07\/20190726_162300-scaled-1024x458.jpg 1024w, https:\/\/www.sunnyshop211.com\/wp-content\/uploads\/2019\/07\/20190726_162300-scaled-768x344.jpg 768w, https:\/\/www.sunnyshop211.com\/wp-content\/uploads\/2019\/07\/20190726_162300-scaled-1536x688.jpg 1536w, https:\/\/www.sunnyshop211.com\/wp-content\/uploads\/2019\/07\/20190726_162300-scaled-2048x917.jpg 2048w, https:\/\/www.sunnyshop211.com\/wp-content\/uploads\/2019\/07\/20190726_162300-scaled-134x60.jpg 134w, https:\/\/www.sunnyshop211.com\/wp-content\/uploads\/2019\/07\/20190726_162300-600x269.jpg 600w\" sizes=\"(max-width: 300px) 100vw, 300px\" \/> <img decoding=\"async\" class=\"alignnone wp-image-7622 size-medium\" src=\"https:\/\/www.sunnyshop211.com\/wp-content\/uploads\/2019\/07\/20190726_162310-500x341.jpg\" alt=\"jouet b\u00e9b\u00e9 miniature 1\/8\" width=\"500\" height=\"341\" \/> <img loading=\"lazy\" decoding=\"async\" class=\"alignnone size-medium wp-image-7540\" src=\"https:\/\/www.sunnyshop211.com\/wp-content\/uploads\/2019\/07\/6-300x159.jpg\" alt=\"\" width=\"300\" height=\"159\" \/><\/p>\n<h2 data-start=\"210\" data-end=\"255\">Miniature baby toy 1\/8 - BJD baby<\/h2>\n<p data-start=\"257\" data-end=\"321\">Pukifee - Lati Yellow - Nappy Choo - Reborn - similar sizes<\/p>\n<hr data-start=\"323\" data-end=\"326\" \/>\n<h3 data-start=\"328\" data-end=\"346\">\ud83e\uddf8 Description<\/h3>\n<p data-start=\"348\" data-end=\"557\">This miniature baby toy with <strong data-start=\"380\" data-end=\"387\">1\/8<\/strong> is the perfect addition to your baby dolls' play and learning scenes.<br data-start=\"463\" data-end=\"466\" \/>Decorative and realistic, it blends in easily with your dioramas and nursery displays.<\/p>\n<hr data-start=\"559\" data-end=\"562\" \/>\n<h3 data-start=\"564\" data-end=\"584\">\ud83d\udc76 Compatibility<\/h3>\n<p data-start=\"586\" data-end=\"750\">Suitable for baby dolls at <strong data-start=\"614\" data-end=\"621\">1\/8<\/strong> (about 15 cm) :<br data-start=\"639\" data-end=\"642\" \/>- Pukifee<br data-start=\"651\" data-end=\"654\" \/>- Lati Yellow<br data-start=\"667\" data-end=\"670\" \/>- Nappy Choo<br data-start=\"682\" data-end=\"685\" \/>- BJD baby<br data-start=\"695\" data-end=\"698\" \/>- Mini reborn<br data-start=\"711\" data-end=\"714\" \/>- Other babies of equivalent size<\/p>\n<hr data-start=\"752\" data-end=\"755\" \/>\n<h3 data-start=\"757\" data-end=\"774\">\ud83d\udccf Dimensions<\/h3>\n<p data-start=\"776\" data-end=\"793\">\u2022 <strong data-start=\"778\" data-end=\"793\">4 cm x 3 cm<\/strong><\/p>\n<hr data-start=\"795\" data-end=\"798\" \/>\n<h3 data-start=\"800\" data-end=\"824\">\ud83c\udfa8 Choice of finishes<\/h3>\n<p data-start=\"826\" data-end=\"928\">You choose the finish that suits you best:<br data-start=\"873\" data-end=\"876\" \/>\u2022 <strong data-start=\"878\" data-end=\"887\">Painted<\/strong> (as shown in the photos)<br data-start=\"910\" data-end=\"913\" \/>\u2022 <strong data-start=\"915\" data-end=\"928\">Unpainted<\/strong><\/p>\n<p data-start=\"930\" data-end=\"967\">\ud83d\udc49 Modulate as you wish<\/p>\n<hr data-start=\"969\" data-end=\"972\" \/>\n<h3 data-start=\"974\" data-end=\"1003\">\ud83e\udeb5 Handcrafted<\/h3>\n<p data-start=\"1005\" data-end=\"1219\">Made to order<br data-start=\"1025\" data-end=\"1028\" \/>Handcrafted :<br data-start=\"1052\" data-end=\"1055\" \/>slight variations in shape, color or finish may occur<br data-start=\"1131\" data-end=\"1134\" \/>Minor imperfections are part of the charm of handmade products.<\/p>\n<hr data-start=\"1221\" data-end=\"1224\" \/>\n<h3 data-start=\"1226\" data-end=\"1257\">\u2139\ufe0f Important information<\/h3>\n<p data-start=\"1259\" data-end=\"1778\">- The photos are examples of staging<br data-start=\"1306\" data-end=\"1309\" \/>\u2022 <strong data-start=\"1311\" data-end=\"1338\">Only the toy is sold<\/strong> (doll and accessories not included)<br data-start=\"1373\" data-end=\"1376\" \/>- Compatible with my furniture sold separately in the store<br data-start=\"1440\" data-end=\"1443\" \/>- Other decorations and accessories are available in the store<br data-start=\"1516\" data-end=\"1519\" \/>- Please take into account manufacturing and delivery times (see General Sales Conditions).<br data-start=\"1621\" data-end=\"1624\" \/>\u2022 <strong data-start=\"1626\" data-end=\"1690\">This is not a toy - intended for an adult audience<\/strong><br data-start=\"1690\" data-end=\"1693\" \/>- I am not responsible for any damage in transit or during shipping.<\/p>\n<hr data-start=\"1780\" data-end=\"1783\" \/>\n<h3 data-start=\"1785\" data-end=\"1821\">\ud83d\udcf8 More photos &amp; inspiration<\/h3>\n<p data-start=\"1823\" data-end=\"1865\">\ud83d\udc49 <a class=\"decorated-link\" href=\"https:\/\/www.instagram.com\/sunnyshop211\/\" target=\"_new\" rel=\"noopener\" data-start=\"1826\" data-end=\"1865\">https:\/\/www.instagram.com\/sunnyshop211\/<\/a><\/p>\n<hr data-start=\"1867\" data-end=\"1870\" \/>\n<p data-start=\"1872\" data-end=\"1955\">\u2728 A simple yet effective miniature toy to enhance your 1\/8 baby scenes.<\/p>","protected":false},"excerpt":{"rendered":"<p>Jouet pour b\u00e9b\u00e9 miniature 1\/8 \u2013 BJD baby Pukifee \u2013 Lati Yellow \u2013 Nappy Choo \u2013 Reborn \u2013 tailles similaires \ud83e\uddf8 Description Ce jouet pour b\u00e9b\u00e9 miniature au 1\/8 est parfait pour compl\u00e9ter les sc\u00e8nes d\u2019\u00e9veil et de jeu de vos b\u00e9b\u00e9s dolls.D\u00e9coratif et r\u00e9aliste, il s\u2019int\u00e8gre facilement dans vos dioramas et mises en sc\u00e8ne [&hellip;]<\/p>\n","protected":false},"featured_media":7614,"comment_status":"open","ping_status":"closed","template":"","meta":{"_crdt_document":"","jetpack_post_was_ever_published":false,"jetpack_publicize_message":"","jetpack_publicize_feature_enabled":true,"jetpack_social_post_already_shared":true,"jetpack_social_options":{"image_generator_settings":{"template":"highway","default_image_id":0,"font":"","enabled":false},"version":2}},"product_brand":[],"product_cat":[667686968],"product_tag":[667681137,667681138,667681136,667681220,667681139,667681173,667681141,667681140,667681219],"class_list":{"0":"post-579","1":"product","2":"type-product","3":"status-publish","4":"has-post-thumbnail","6":"product_cat-doudous-jouets","7":"product_tag-baby","8":"product_tag-bebe","9":"product_tag-bjd","10":"product_tag-jouet","11":"product_tag-lati-yellow","12":"product_tag-minifee","13":"product_tag-nappy-choo","14":"product_tag-pukifee","15":"product_tag-toys","16":"product_shipping_class-lettre-suivie","18":"first","19":"instock","20":"taxable","21":"shipping-taxable","22":"purchasable","23":"product-type-simple"},"yoast_head":"<!-- This site is optimized with the Yoast SEO plugin v27.4 - https:\/\/yoast.com\/product\/yoast-seo-wordpress\/ -->\n<title>jouet pour b\u00e9b\u00e9 miniature 1\/8 bjd baby pukifee, lati Yellow -<\/title>\n<meta name=\"description\" content=\"jouet pour b\u00e9b\u00e9 miniature 1\/8 bjd baby pukifee, lati Yellow, Nappy choo ou similaire. Id\u00e9al pour vos petits b\u00e9b\u00e9s 1\/8 ou reborn.\" \/>\n<meta name=\"robots\" content=\"index, follow, max-snippet:-1, max-image-preview:large, max-video-preview:-1\" \/>\n<link rel=\"canonical\" href=\"https:\/\/www.sunnyshop211.com\/en\/product\/jouet-pour-bebe-miniature-1-8-bjd-baby-pukifee-lati-yellow\/\" \/>\n<meta property=\"og:locale\" content=\"en_US\" \/>\n<meta property=\"og:type\" content=\"article\" \/>\n<meta property=\"og:title\" content=\"jouet pour b\u00e9b\u00e9 miniature 1\/8 bjd baby pukifee, lati Yellow -\" \/>\n<meta property=\"og:description\" content=\"jouet pour b\u00e9b\u00e9 miniature 1\/8 bjd baby pukifee, lati Yellow, Nappy choo ou similaire. Id\u00e9al pour vos petits b\u00e9b\u00e9s 1\/8 ou reborn.\" \/>\n<meta property=\"og:url\" content=\"https:\/\/www.sunnyshop211.com\/en\/product\/jouet-pour-bebe-miniature-1-8-bjd-baby-pukifee-lati-yellow\/\" \/>\n<meta property=\"og:site_name\" content=\"Sunnyshop211 -Vente de dioramas, meubles, miniatures , bjd poup\u00e9es 1\/12 1\/8 1\/6 1\/4 1\/3\" \/>\n<meta property=\"article:publisher\" content=\"https:\/\/www.facebook.com\/sunnyshop211\/?ref=bookmarks\" \/>\n<meta property=\"article:modified_time\" content=\"2025-12-27T11:38:51+00:00\" \/>\n<meta property=\"og:image\" content=\"https:\/\/www.sunnyshop211.com\/wp-content\/uploads\/2019\/07\/20190726_164050-scaled.jpg\" \/>\n\t<meta property=\"og:image:width\" content=\"2560\" \/>\n\t<meta property=\"og:image:height\" content=\"1139\" \/>\n\t<meta property=\"og:image:type\" content=\"image\/jpeg\" \/>\n<meta name=\"twitter:card\" content=\"summary_large_image\" \/>\n<meta name=\"twitter:site\" content=\"@sunnyshop211\" \/>\n<meta name=\"twitter:label1\" content=\"Est. reading time\" \/>\n\t<meta name=\"twitter:data1\" content=\"3 minutes\" \/>\n<script type=\"application\/ld+json\" class=\"yoast-schema-graph\">{\"@context\":\"https:\\\/\\\/schema.org\",\"@graph\":[{\"@type\":\"WebPage\",\"@id\":\"https:\\\/\\\/www.sunnyshop211.com\\\/produit\\\/jouet-pour-bebe-miniature-1-8-bjd-baby-pukifee-lati-yellow\\\/\",\"url\":\"https:\\\/\\\/www.sunnyshop211.com\\\/produit\\\/jouet-pour-bebe-miniature-1-8-bjd-baby-pukifee-lati-yellow\\\/\",\"name\":\"jouet pour b\u00e9b\u00e9 miniature 1\\\/8 bjd baby pukifee, lati Yellow -\",\"isPartOf\":{\"@id\":\"https:\\\/\\\/www.sunnyshop211.com\\\/#website\"},\"primaryImageOfPage\":{\"@id\":\"https:\\\/\\\/www.sunnyshop211.com\\\/produit\\\/jouet-pour-bebe-miniature-1-8-bjd-baby-pukifee-lati-yellow\\\/#primaryimage\"},\"image\":{\"@id\":\"https:\\\/\\\/www.sunnyshop211.com\\\/produit\\\/jouet-pour-bebe-miniature-1-8-bjd-baby-pukifee-lati-yellow\\\/#primaryimage\"},\"thumbnailUrl\":\"https:\\\/\\\/www.sunnyshop211.com\\\/wp-content\\\/uploads\\\/2019\\\/07\\\/20190726_164050-scaled.jpg\",\"datePublished\":\"2019-01-03T12:36:34+00:00\",\"dateModified\":\"2025-12-27T11:38:51+00:00\",\"description\":\"jouet pour b\u00e9b\u00e9 miniature 1\\\/8 bjd baby pukifee, lati Yellow, Nappy choo ou similaire. Id\u00e9al pour vos petits b\u00e9b\u00e9s 1\\\/8 ou reborn.\",\"breadcrumb\":{\"@id\":\"https:\\\/\\\/www.sunnyshop211.com\\\/produit\\\/jouet-pour-bebe-miniature-1-8-bjd-baby-pukifee-lati-yellow\\\/#breadcrumb\"},\"inLanguage\":\"en-US\",\"potentialAction\":[{\"@type\":\"ReadAction\",\"target\":[\"https:\\\/\\\/www.sunnyshop211.com\\\/produit\\\/jouet-pour-bebe-miniature-1-8-bjd-baby-pukifee-lati-yellow\\\/\"]}]},{\"@type\":\"ImageObject\",\"inLanguage\":\"en-US\",\"@id\":\"https:\\\/\\\/www.sunnyshop211.com\\\/produit\\\/jouet-pour-bebe-miniature-1-8-bjd-baby-pukifee-lati-yellow\\\/#primaryimage\",\"url\":\"https:\\\/\\\/www.sunnyshop211.com\\\/wp-content\\\/uploads\\\/2019\\\/07\\\/20190726_164050-scaled.jpg\",\"contentUrl\":\"https:\\\/\\\/www.sunnyshop211.com\\\/wp-content\\\/uploads\\\/2019\\\/07\\\/20190726_164050-scaled.jpg\",\"width\":2560,\"height\":1139},{\"@type\":\"BreadcrumbList\",\"@id\":\"https:\\\/\\\/www.sunnyshop211.com\\\/produit\\\/jouet-pour-bebe-miniature-1-8-bjd-baby-pukifee-lati-yellow\\\/#breadcrumb\",\"itemListElement\":[{\"@type\":\"ListItem\",\"position\":1,\"name\":\"Accueil\",\"item\":\"https:\\\/\\\/www.sunnyshop211.com\\\/\"},{\"@type\":\"ListItem\",\"position\":2,\"name\":\"Boutique\",\"item\":\"https:\\\/\\\/www.sunnyshop211.com\\\/boutique-miniature-bjd-dolls\\\/\"},{\"@type\":\"ListItem\",\"position\":3,\"name\":\"jouet pour b\u00e9b\u00e9 miniature 1\\\/8 bjd baby pukifee, lati Yellow\"}]},{\"@type\":\"WebSite\",\"@id\":\"https:\\\/\\\/www.sunnyshop211.com\\\/#website\",\"url\":\"https:\\\/\\\/www.sunnyshop211.com\\\/\",\"name\":\"Vente de dioramas, meubles, miniatures , bjd poup\u00e9es 1\\\/12 1\\\/8 1\\\/6 1\\\/4 1\\\/3\",\"description\":\"Sunnyshop211 - Votre univers miniature pour poup\u00e9es et BJD, dioramas et meubles sur mesure !\",\"publisher\":{\"@id\":\"https:\\\/\\\/www.sunnyshop211.com\\\/#organization\"},\"alternateName\":\"sunnyshop211\",\"potentialAction\":[{\"@type\":\"SearchAction\",\"target\":{\"@type\":\"EntryPoint\",\"urlTemplate\":\"https:\\\/\\\/www.sunnyshop211.com\\\/?s={search_term_string}\"},\"query-input\":{\"@type\":\"PropertyValueSpecification\",\"valueRequired\":true,\"valueName\":\"search_term_string\"}}],\"inLanguage\":\"en-US\"},{\"@type\":\"Organization\",\"@id\":\"https:\\\/\\\/www.sunnyshop211.com\\\/#organization\",\"name\":\"sunnyshop211\",\"alternateName\":\"sunnyshop211 diorama bjd meuble miniature\",\"url\":\"https:\\\/\\\/www.sunnyshop211.com\\\/\",\"logo\":{\"@type\":\"ImageObject\",\"inLanguage\":\"en-US\",\"@id\":\"https:\\\/\\\/www.sunnyshop211.com\\\/#\\\/schema\\\/logo\\\/image\\\/\",\"url\":\"https:\\\/\\\/www.sunnyshop211.com\\\/wp-content\\\/uploads\\\/2022\\\/08\\\/cropped-cropped-cropped-Sunnyshop211-1.png\",\"contentUrl\":\"https:\\\/\\\/www.sunnyshop211.com\\\/wp-content\\\/uploads\\\/2022\\\/08\\\/cropped-cropped-cropped-Sunnyshop211-1.png\",\"width\":339,\"height\":339,\"caption\":\"sunnyshop211\"},\"image\":{\"@id\":\"https:\\\/\\\/www.sunnyshop211.com\\\/#\\\/schema\\\/logo\\\/image\\\/\"},\"sameAs\":[\"https:\\\/\\\/www.facebook.com\\\/sunnyshop211\\\/?ref=bookmarks\",\"https:\\\/\\\/x.com\\\/sunnyshop211\",\"https:\\\/\\\/www.instagram.com\\\/sunnyshop211\\\/\",\"https:\\\/\\\/www.tumblr.com\\\/blog\\\/sunnyshop211\",\"https:\\\/\\\/www.youtube.com\\\/channel\\\/UCtYY18OGGDKrTSzgcf7fCBg\",\"https:\\\/\\\/www.tiktok.com\\\/@sunnydollshop211?is_from_webapp=1&sender_device=pc\"]}]}<\/script>\n<!-- \/ Yoast SEO plugin. -->","yoast_head_json":{"title":"miniature baby toy 1\/8 bjd baby pukifee, lati Yellow -","description":"miniature baby toy 1\/8 bjd baby pukifee, lati Yellow, Nappy choo or similar. Ideal for your little 1\/8 or reborn babies.","robots":{"index":"index","follow":"follow","max-snippet":"max-snippet:-1","max-image-preview":"max-image-preview:large","max-video-preview":"max-video-preview:-1"},"canonical":"https:\/\/www.sunnyshop211.com\/en\/product\/jouet-pour-bebe-miniature-1-8-bjd-baby-pukifee-lati-yellow\/","og_locale":"en_US","og_type":"article","og_title":"jouet pour b\u00e9b\u00e9 miniature 1\/8 bjd baby pukifee, lati Yellow -","og_description":"jouet pour b\u00e9b\u00e9 miniature 1\/8 bjd baby pukifee, lati Yellow, Nappy choo ou similaire. Id\u00e9al pour vos petits b\u00e9b\u00e9s 1\/8 ou reborn.","og_url":"https:\/\/www.sunnyshop211.com\/en\/product\/jouet-pour-bebe-miniature-1-8-bjd-baby-pukifee-lati-yellow\/","og_site_name":"Sunnyshop211 -Vente de dioramas, meubles, miniatures , bjd poup\u00e9es 1\/12 1\/8 1\/6 1\/4 1\/3","article_publisher":"https:\/\/www.facebook.com\/sunnyshop211\/?ref=bookmarks","article_modified_time":"2025-12-27T11:38:51+00:00","og_image":[{"width":2560,"height":1139,"url":"https:\/\/www.sunnyshop211.com\/wp-content\/uploads\/2019\/07\/20190726_164050-scaled.jpg","type":"image\/jpeg"}],"twitter_card":"summary_large_image","twitter_site":"@sunnyshop211","twitter_misc":{"Est. reading time":"3 minutes"},"schema":{"@context":"https:\/\/schema.org","@graph":[{"@type":"WebPage","@id":"https:\/\/www.sunnyshop211.com\/produit\/jouet-pour-bebe-miniature-1-8-bjd-baby-pukifee-lati-yellow\/","url":"https:\/\/www.sunnyshop211.com\/produit\/jouet-pour-bebe-miniature-1-8-bjd-baby-pukifee-lati-yellow\/","name":"miniature baby toy 1\/8 bjd baby pukifee, lati Yellow -","isPartOf":{"@id":"https:\/\/www.sunnyshop211.com\/#website"},"primaryImageOfPage":{"@id":"https:\/\/www.sunnyshop211.com\/produit\/jouet-pour-bebe-miniature-1-8-bjd-baby-pukifee-lati-yellow\/#primaryimage"},"image":{"@id":"https:\/\/www.sunnyshop211.com\/produit\/jouet-pour-bebe-miniature-1-8-bjd-baby-pukifee-lati-yellow\/#primaryimage"},"thumbnailUrl":"https:\/\/www.sunnyshop211.com\/wp-content\/uploads\/2019\/07\/20190726_164050-scaled.jpg","datePublished":"2019-01-03T12:36:34+00:00","dateModified":"2025-12-27T11:38:51+00:00","description":"miniature baby toy 1\/8 bjd baby pukifee, lati Yellow, Nappy choo or similar. Ideal for your little 1\/8 or reborn babies.","breadcrumb":{"@id":"https:\/\/www.sunnyshop211.com\/produit\/jouet-pour-bebe-miniature-1-8-bjd-baby-pukifee-lati-yellow\/#breadcrumb"},"inLanguage":"en-US","potentialAction":[{"@type":"ReadAction","target":["https:\/\/www.sunnyshop211.com\/produit\/jouet-pour-bebe-miniature-1-8-bjd-baby-pukifee-lati-yellow\/"]}]},{"@type":"ImageObject","inLanguage":"en-US","@id":"https:\/\/www.sunnyshop211.com\/produit\/jouet-pour-bebe-miniature-1-8-bjd-baby-pukifee-lati-yellow\/#primaryimage","url":"https:\/\/www.sunnyshop211.com\/wp-content\/uploads\/2019\/07\/20190726_164050-scaled.jpg","contentUrl":"https:\/\/www.sunnyshop211.com\/wp-content\/uploads\/2019\/07\/20190726_164050-scaled.jpg","width":2560,"height":1139},{"@type":"BreadcrumbList","@id":"https:\/\/www.sunnyshop211.com\/produit\/jouet-pour-bebe-miniature-1-8-bjd-baby-pukifee-lati-yellow\/#breadcrumb","itemListElement":[{"@type":"ListItem","position":1,"name":"Accueil","item":"https:\/\/www.sunnyshop211.com\/"},{"@type":"ListItem","position":2,"name":"Boutique","item":"https:\/\/www.sunnyshop211.com\/boutique-miniature-bjd-dolls\/"},{"@type":"ListItem","position":3,"name":"jouet pour b\u00e9b\u00e9 miniature 1\/8 bjd baby pukifee, lati Yellow"}]},{"@type":"WebSite","@id":"https:\/\/www.sunnyshop211.com\/#website","url":"https:\/\/www.sunnyshop211.com\/","name":"Sale of dioramas, furniture, miniatures, bjd dolls 1\/12 1\/8 1\/6 1\/4 1\/3","description":"Sunnyshop211 - Your miniature world for dolls and BJDs, dioramas and custom-made furniture!","publisher":{"@id":"https:\/\/www.sunnyshop211.com\/#organization"},"alternateName":"sunnyshop211","potentialAction":[{"@type":"SearchAction","target":{"@type":"EntryPoint","urlTemplate":"https:\/\/www.sunnyshop211.com\/?s={search_term_string}"},"query-input":{"@type":"PropertyValueSpecification","valueRequired":true,"valueName":"search_term_string"}}],"inLanguage":"en-US"},{"@type":"Organization","@id":"https:\/\/www.sunnyshop211.com\/#organization","name":"sunnyshop211","alternateName":"sunnyshop211 diorama bjd meuble miniature","url":"https:\/\/www.sunnyshop211.com\/","logo":{"@type":"ImageObject","inLanguage":"en-US","@id":"https:\/\/www.sunnyshop211.com\/#\/schema\/logo\/image\/","url":"https:\/\/www.sunnyshop211.com\/wp-content\/uploads\/2022\/08\/cropped-cropped-cropped-Sunnyshop211-1.png","contentUrl":"https:\/\/www.sunnyshop211.com\/wp-content\/uploads\/2022\/08\/cropped-cropped-cropped-Sunnyshop211-1.png","width":339,"height":339,"caption":"sunnyshop211"},"image":{"@id":"https:\/\/www.sunnyshop211.com\/#\/schema\/logo\/image\/"},"sameAs":["https:\/\/www.facebook.com\/sunnyshop211\/?ref=bookmarks","https:\/\/x.com\/sunnyshop211","https:\/\/www.instagram.com\/sunnyshop211\/","https:\/\/www.tumblr.com\/blog\/sunnyshop211","https:\/\/www.youtube.com\/channel\/UCtYY18OGGDKrTSzgcf7fCBg","https:\/\/www.tiktok.com\/@sunnydollshop211?is_from_webapp=1&sender_device=pc"]}]}},"jetpack_publicize_connections":[],"jetpack_sharing_enabled":true,"_links":{"self":[{"href":"https:\/\/www.sunnyshop211.com\/en\/wp-json\/wp\/v2\/product\/579","targetHints":{"allow":["GET"]}}],"collection":[{"href":"https:\/\/www.sunnyshop211.com\/en\/wp-json\/wp\/v2\/product"}],"about":[{"href":"https:\/\/www.sunnyshop211.com\/en\/wp-json\/wp\/v2\/types\/product"}],"replies":[{"embeddable":true,"href":"https:\/\/www.sunnyshop211.com\/en\/wp-json\/wp\/v2\/comments?post=579"}],"version-history":[{"count":9,"href":"https:\/\/www.sunnyshop211.com\/en\/wp-json\/wp\/v2\/product\/579\/revisions"}],"predecessor-version":[{"id":53085,"href":"https:\/\/www.sunnyshop211.com\/en\/wp-json\/wp\/v2\/product\/579\/revisions\/53085"}],"wp:featuredmedia":[{"embeddable":true,"href":"https:\/\/www.sunnyshop211.com\/en\/wp-json\/wp\/v2\/media\/7614"}],"wp:attachment":[{"href":"https:\/\/www.sunnyshop211.com\/en\/wp-json\/wp\/v2\/media?parent=579"}],"wp:term":[{"taxonomy":"product_brand","embeddable":true,"href":"https:\/\/www.sunnyshop211.com\/en\/wp-json\/wp\/v2\/product_brand?post=579"},{"taxonomy":"product_cat","embeddable":true,"href":"https:\/\/www.sunnyshop211.com\/en\/wp-json\/wp\/v2\/product_cat?post=579"},{"taxonomy":"product_tag","embeddable":true,"href":"https:\/\/www.sunnyshop211.com\/en\/wp-json\/wp\/v2\/product_tag?post=579"}],"curies":[{"name":"wp","href":"https:\/\/api.w.org\/{rel}","templated":true}]}}