{"id":56556,"date":"2026-04-23T13:38:39","date_gmt":"2026-04-23T12:38:39","guid":{"rendered":"https:\/\/www.sunnyshop211.com\/?post_type=product&#038;p=56556"},"modified":"2026-04-23T13:45:01","modified_gmt":"2026-04-23T12:45:01","slug":"%f0%9f%8c%bf-mini-plante-bisounours-1-12-%c2%b7-1-8-%c2%b7-1-6","status":"publish","type":"product","link":"https:\/\/www.sunnyshop211.com\/en\/product\/%f0%9f%8c%bf-mini-plante-bisounours-1-12-%c2%b7-1-8-%c2%b7-1-6\/","title":{"rendered":"Mini Care Bears plant 1\/12 - 1\/8 - 1\/6"},"content":{"rendered":"<div id='gallery-1' class='gallery galleryid-56556 gallery-columns-3 gallery-size-thumbnail'><figure class='gallery-item'>\n\t\t\t<div class='gallery-icon landscape'>\n\t\t\t\t<a href='https:\/\/www.sunnyshop211.com\/en\/?attachment_id=56347'><img decoding=\"async\" width=\"150\" height=\"150\" src=\"https:\/\/www.sunnyshop211.com\/wp-content\/uploads\/2025\/01\/26-1-150x150.jpg\" class=\"attachment-thumbnail size-thumbnail\" alt=\"\ud83c\udf3f Mini plante Bisounours 1\/12 \u00b7 1\/8 \u00b7 1\/6\" srcset=\"https:\/\/www.sunnyshop211.com\/wp-content\/uploads\/2025\/01\/26-1-150x150.jpg 150w, https:\/\/www.sunnyshop211.com\/wp-content\/uploads\/2025\/01\/26-1-500x500.jpg 500w, https:\/\/www.sunnyshop211.com\/wp-content\/uploads\/2025\/01\/26-1-100x100.jpg 100w\" sizes=\"(max-width: 150px) 100vw, 150px\" \/><\/a>\n\t\t\t<\/div><\/figure><figure class='gallery-item'>\n\t\t\t<div class='gallery-icon portrait'>\n\t\t\t\t<a href='https:\/\/www.sunnyshop211.com\/en\/?attachment_id=56346'><img decoding=\"async\" width=\"150\" height=\"150\" src=\"https:\/\/www.sunnyshop211.com\/wp-content\/uploads\/2025\/01\/25-1-150x150.jpg\" class=\"attachment-thumbnail size-thumbnail\" alt=\"\" srcset=\"https:\/\/www.sunnyshop211.com\/wp-content\/uploads\/2025\/01\/25-1-150x150.jpg 150w, https:\/\/www.sunnyshop211.com\/wp-content\/uploads\/2025\/01\/25-1-500x500.jpg 500w, https:\/\/www.sunnyshop211.com\/wp-content\/uploads\/2025\/01\/25-1-100x100.jpg 100w\" sizes=\"(max-width: 150px) 100vw, 150px\" \/><\/a>\n\t\t\t<\/div><\/figure><figure class='gallery-item'>\n\t\t\t<div class='gallery-icon landscape'>\n\t\t\t\t<a href='https:\/\/www.sunnyshop211.com\/en\/?attachment_id=56348'><img decoding=\"async\" width=\"150\" height=\"150\" src=\"https:\/\/www.sunnyshop211.com\/wp-content\/uploads\/2025\/01\/27-1-150x150.jpg\" class=\"attachment-thumbnail size-thumbnail\" alt=\"Pot \u00e0 crayons miniature Bisounours \u2013 2 cm \u2013 1\/12 \u00b7 1\/8 \u00b7 1\/6\" srcset=\"https:\/\/www.sunnyshop211.com\/wp-content\/uploads\/2025\/01\/27-1-150x150.jpg 150w, https:\/\/www.sunnyshop211.com\/wp-content\/uploads\/2025\/01\/27-1-500x500.jpg 500w, https:\/\/www.sunnyshop211.com\/wp-content\/uploads\/2025\/01\/27-1-100x100.jpg 100w\" sizes=\"(max-width: 150px) 100vw, 150px\" \/><\/a>\n\t\t\t<\/div><\/figure><figure class='gallery-item'>\n\t\t\t<div class='gallery-icon portrait'>\n\t\t\t\t<a href='https:\/\/www.sunnyshop211.com\/en\/?attachment_id=56364'><img loading=\"lazy\" decoding=\"async\" width=\"150\" height=\"150\" src=\"https:\/\/www.sunnyshop211.com\/wp-content\/uploads\/2025\/01\/43-1-150x150.jpg\" class=\"attachment-thumbnail size-thumbnail\" alt=\"\" srcset=\"https:\/\/www.sunnyshop211.com\/wp-content\/uploads\/2025\/01\/43-1-150x150.jpg 150w, https:\/\/www.sunnyshop211.com\/wp-content\/uploads\/2025\/01\/43-1-500x500.jpg 500w, https:\/\/www.sunnyshop211.com\/wp-content\/uploads\/2025\/01\/43-1-100x100.jpg 100w\" sizes=\"(max-width: 150px) 100vw, 150px\" \/><\/a>\n\t\t\t<\/div><\/figure>\n\t\t<\/div>\n\n<h1 data-section-id=\"1bx8pvu\" data-start=\"1453\" data-end=\"1527\"><span role=\"text\">\ud83c\udf3f <strong data-start=\"1458\" data-end=\"1527\">Mini Care Bears plant 1\/12 - 1\/8 - 1\/6<\/strong><\/span><\/h1>\n<p data-start=\"1529\" data-end=\"1549\">\u2500\u2500\u2500\u2500\u2500\u2500\u2500\u2500\u2500\u2500\u2500\u2500\u2500\u2500\u2500\u2500\u2500\u2500\u2500\u2500<\/p>\n<p data-start=\"1551\" data-end=\"1566\"><strong>\u2728 Description<\/strong><\/p>\n<p data-start=\"1568\" data-end=\"1688\">This miniature potted plant in the shape of a Care Bear's head adds a poetic, vegetal touch to your miniature scenes.<\/p>\n<p data-start=\"1690\" data-end=\"1820\">With its soft, colorful style, it fits perfectly into a nursery, bedroom or rainbow-themed play area.<\/p>\n<p data-start=\"1822\" data-end=\"1892\">A small detail that makes all the difference in your staging \u2728<\/p>\n<p data-start=\"1894\" data-end=\"1948\">\u2714 Decorative miniature accessory<br data-start=\"1926\" data-end=\"1929\" \/>\u2714 Sold by unit<\/p>\n<p data-start=\"1950\" data-end=\"1970\">\u2500\u2500\u2500\u2500\u2500\u2500\u2500\u2500\u2500\u2500\u2500\u2500\u2500\u2500\u2500\u2500\u2500\u2500\u2500\u2500<\/p>\n<p data-start=\"1972\" data-end=\"1990\"><strong>\ud83e\uddf8 Compatibility<\/strong><\/p>\n<p data-start=\"1992\" data-end=\"2035\">Perfect for the following dolls:<\/p>\n<p data-start=\"2037\" data-end=\"2154\">- 1\/12: Obitsu 11, Stodoll<br data-start=\"2064\" data-end=\"2067\" \/>- 1\/8: Pukifee, Lati Yellow<br data-start=\"2095\" data-end=\"2098\" \/>- 1\/6: Barbie, Blythe<br data-start=\"2120\" data-end=\"2123\" \/>- 1\/4: Minifee (decoration)<\/p>\n<p data-start=\"2156\" data-end=\"2176\">\u2500\u2500\u2500\u2500\u2500\u2500\u2500\u2500\u2500\u2500\u2500\u2500\u2500\u2500\u2500\u2500\u2500\u2500\u2500\u2500<\/p>\n<p data-start=\"2178\" data-end=\"2193\"><strong>\ud83d\udccf Dimensions<\/strong><\/p>\n<p data-start=\"2195\" data-end=\"2219\">Height: approx. 2 cm<\/p>\n<p data-start=\"2221\" data-end=\"2241\">\u2500\u2500\u2500\u2500\u2500\u2500\u2500\u2500\u2500\u2500\u2500\u2500\u2500\u2500\u2500\u2500\u2500\u2500\u2500\u2500<\/p>\n<p data-start=\"2243\" data-end=\"2268\"><strong>\ud83c\udfa8 Available colors<\/strong><\/p>\n<p data-start=\"2270\" data-end=\"2304\">Available in a rainbow version:<\/p>\n<p data-start=\"2306\" data-end=\"2364\">- Blue<br data-start=\"2312\" data-end=\"2315\" \/>- Green<br data-start=\"2321\" data-end=\"2324\" \/>- Yellow<br data-start=\"2331\" data-end=\"2334\" \/>- Rose<br data-start=\"2340\" data-end=\"2343\" \/>- Orange<br data-start=\"2351\" data-end=\"2354\" \/>- Violet<\/p>\n<p data-start=\"2366\" data-end=\"2386\">\u2500\u2500\u2500\u2500\u2500\u2500\u2500\u2500\u2500\u2500\u2500\u2500\u2500\u2500\u2500\u2500\u2500\u2500\u2500\u2500<\/p>\n<p data-start=\"2388\" data-end=\"2414\"><strong>\u2728 Craft manufacturing<\/strong><\/p>\n<p data-start=\"2416\" data-end=\"2589\">Each piece is made by hand.<br data-start=\"2452\" data-end=\"2455\" \/>Plant and pot form a unique decorative ensemble.<br data-start=\"2512\" data-end=\"2515\" \/>Slight variations may occur, making each model different.<\/p>\n<p data-start=\"2392\" data-end=\"2412\">\u2500\u2500\u2500\u2500\u2500\u2500\u2500\u2500\u2500\u2500\u2500\u2500\u2500\u2500\u2500\u2500\u2500\u2500\u2500\u2500<\/p>\n<p data-start=\"2414\" data-end=\"2443\"><strong>\u26a0\ufe0f Important information<\/strong><\/p>\n<p data-start=\"2445\" data-end=\"2684\">- Fictitious and decorative accessory<br data-start=\"2477\" data-end=\"2480\" \/>- This is not a toy<br data-start=\"2505\" data-end=\"2508\" \/>- Article intended for an adult, collector audience<br data-start=\"2562\" data-end=\"2565\" \/>- The photos are examples of staging<br data-start=\"2612\" data-end=\"2615\" \/>- I am not responsible for any damage incurred in transit.<\/p>\n<p data-start=\"2686\" data-end=\"2706\">\u2500\u2500\u2500\u2500\u2500\u2500\u2500\u2500\u2500\u2500\u2500\u2500\u2500\u2500\u2500\u2500\u2500\u2500\u2500\u2500<\/p>\n<p data-start=\"2549\" data-end=\"2616\">\ud83d\udcf8 More photos and inspiration on Instagram : <a href=\"https:\/\/www.instagram.com\/sunnyshop211\/\"><strong data-start=\"2599\" data-end=\"2616\">@sunnyshop211<\/strong><\/a><\/p>\n<p>&nbsp;<\/p>","protected":false},"excerpt":{"rendered":"<p>\ud83c\udf3f Mini plante Bisounours 1\/12 \u00b7 1\/8 \u00b7 1\/6 \u2500\u2500\u2500\u2500\u2500\u2500\u2500\u2500\u2500\u2500\u2500\u2500\u2500\u2500\u2500\u2500\u2500\u2500\u2500\u2500 \u2728 Description Cette mini plante en pot en forme de t\u00eate de Bisounours apporte une touche v\u00e9g\u00e9tale et po\u00e9tique \u00e0 vos sc\u00e8nes miniatures. Avec son style doux et color\u00e9, elle s\u2019int\u00e8gre parfaitement dans une nursery, une chambre ou un espace de jeu au th\u00e8me arc-en-ciel. [&hellip;]<\/p>\n","protected":false},"featured_media":56347,"comment_status":"open","ping_status":"closed","template":"","meta":{"_crdt_document":"","jetpack_post_was_ever_published":false,"jetpack_publicize_message":"","jetpack_publicize_feature_enabled":true,"jetpack_social_post_already_shared":true,"jetpack_social_options":{"image_generator_settings":{"template":"highway","default_image_id":0,"font":"","enabled":false},"version":2}},"product_brand":[],"product_cat":[667686969,667687053],"product_tag":[667681137,667681138,667681224,667681136,667681234,667681226,667681725,667681225,667681139,667681144,667681261,667681281,667681173,667681717,667681820,667681141,667681177,667681140,667681235,667681223],"class_list":{"0":"post-56556","1":"product","2":"type-product","3":"status-publish","4":"has-post-thumbnail","6":"product_cat-decoration","7":"product_cat-plantes","8":"product_tag-baby","9":"product_tag-bebe","10":"product_tag-bed-crib","11":"product_tag-bjd","12":"product_tag-diorama","13":"product_tag-doll","14":"product_tag-dolly","15":"product_tag-furniture","16":"product_tag-lati-yellow","17":"product_tag-lit","18":"product_tag-meuble","19":"product_tag-meubles","20":"product_tag-minifee","21":"product_tag-mobile","22":"product_tag-mobile-baby","23":"product_tag-nappy-choo","24":"product_tag-poupee","25":"product_tag-pukifee","26":"product_tag-roombox","27":"product_tag-tour-de-lit","28":"product_shipping_class-colissimo-5","29":"pa_couleur-bleu","30":"pa_couleur-jaune","31":"pa_couleur-orange","32":"pa_couleur-rose-pink","33":"pa_couleur-vert","34":"pa_couleur-violet-fr","36":"first","37":"instock","38":"taxable","39":"shipping-taxable","40":"purchasable","41":"product-type-variable"},"yoast_head":"<!-- This site is optimized with the Yoast SEO plugin v27.4 - https:\/\/yoast.com\/product\/yoast-seo-wordpress\/ -->\n<title>Mini plante Bisounours 1\/12 \u00b7 1\/8 \u00b7 1\/6 -<\/title>\n<meta name=\"description\" content=\"\ud83c\udf3f Mini plante Bisounours 1\/12 \u00b7 1\/8 \u00b7 1\/6\u2013 Accessoire nursery b\u00e9b\u00e9 BJD baby pukifee, lati yellow, Nappy choo, reborn, obitsu 11, reborn.\" \/>\n<meta name=\"robots\" content=\"index, follow, max-snippet:-1, max-image-preview:large, max-video-preview:-1\" \/>\n<link rel=\"canonical\" href=\"https:\/\/www.sunnyshop211.com\/en\/product\/\ud83c\udf3f-mini-plante-bisounours-1-12-\u00b7-1-8-\u00b7-1-6\/\" \/>\n<meta property=\"og:locale\" content=\"en_US\" \/>\n<meta property=\"og:type\" content=\"article\" \/>\n<meta property=\"og:title\" content=\"Mini plante Bisounours 1\/12 \u00b7 1\/8 \u00b7 1\/6 -\" \/>\n<meta property=\"og:description\" content=\"\ud83c\udf3f Mini plante Bisounours 1\/12 \u00b7 1\/8 \u00b7 1\/6\u2013 Accessoire nursery b\u00e9b\u00e9 BJD baby pukifee, lati yellow, Nappy choo, reborn, obitsu 11, reborn.\" \/>\n<meta property=\"og:url\" content=\"https:\/\/www.sunnyshop211.com\/en\/product\/\ud83c\udf3f-mini-plante-bisounours-1-12-\u00b7-1-8-\u00b7-1-6\/\" \/>\n<meta property=\"og:site_name\" content=\"Sunnyshop211 -Vente de dioramas, meubles, miniatures , bjd poup\u00e9es 1\/12 1\/8 1\/6 1\/4 1\/3\" \/>\n<meta property=\"article:publisher\" content=\"https:\/\/www.facebook.com\/sunnyshop211\/?ref=bookmarks\" \/>\n<meta property=\"article:modified_time\" content=\"2026-04-23T12:45:01+00:00\" \/>\n<meta property=\"og:image\" content=\"https:\/\/www.sunnyshop211.com\/wp-content\/uploads\/2025\/01\/26-1-scaled.jpg\" \/>\n\t<meta property=\"og:image:width\" content=\"2560\" \/>\n\t<meta property=\"og:image:height\" content=\"1707\" \/>\n\t<meta property=\"og:image:type\" content=\"image\/jpeg\" \/>\n<meta name=\"twitter:card\" content=\"summary_large_image\" \/>\n<meta name=\"twitter:site\" content=\"@sunnyshop211\" \/>\n<meta name=\"twitter:label1\" content=\"Est. reading time\" \/>\n\t<meta name=\"twitter:data1\" content=\"2 minutes\" \/>\n<script type=\"application\/ld+json\" class=\"yoast-schema-graph\">{\"@context\":\"https:\\\/\\\/schema.org\",\"@graph\":[{\"@type\":\"WebPage\",\"@id\":\"https:\\\/\\\/www.sunnyshop211.com\\\/produit\\\/%f0%9f%8c%bf-mini-plante-bisounours-1-12-%c2%b7-1-8-%c2%b7-1-6\\\/\",\"url\":\"https:\\\/\\\/www.sunnyshop211.com\\\/produit\\\/%f0%9f%8c%bf-mini-plante-bisounours-1-12-%c2%b7-1-8-%c2%b7-1-6\\\/\",\"name\":\"Mini plante Bisounours 1\\\/12 \u00b7 1\\\/8 \u00b7 1\\\/6 -\",\"isPartOf\":{\"@id\":\"https:\\\/\\\/www.sunnyshop211.com\\\/#website\"},\"primaryImageOfPage\":{\"@id\":\"https:\\\/\\\/www.sunnyshop211.com\\\/produit\\\/%f0%9f%8c%bf-mini-plante-bisounours-1-12-%c2%b7-1-8-%c2%b7-1-6\\\/#primaryimage\"},\"image\":{\"@id\":\"https:\\\/\\\/www.sunnyshop211.com\\\/produit\\\/%f0%9f%8c%bf-mini-plante-bisounours-1-12-%c2%b7-1-8-%c2%b7-1-6\\\/#primaryimage\"},\"thumbnailUrl\":\"https:\\\/\\\/www.sunnyshop211.com\\\/wp-content\\\/uploads\\\/2025\\\/01\\\/26-1-scaled.jpg\",\"datePublished\":\"2026-04-23T12:38:39+00:00\",\"dateModified\":\"2026-04-23T12:45:01+00:00\",\"description\":\"\ud83c\udf3f Mini plante Bisounours 1\\\/12 \u00b7 1\\\/8 \u00b7 1\\\/6\u2013 Accessoire nursery b\u00e9b\u00e9 BJD baby pukifee, lati yellow, Nappy choo, reborn, obitsu 11, reborn.\",\"breadcrumb\":{\"@id\":\"https:\\\/\\\/www.sunnyshop211.com\\\/produit\\\/%f0%9f%8c%bf-mini-plante-bisounours-1-12-%c2%b7-1-8-%c2%b7-1-6\\\/#breadcrumb\"},\"inLanguage\":\"en-US\",\"potentialAction\":[{\"@type\":\"ReadAction\",\"target\":[\"https:\\\/\\\/www.sunnyshop211.com\\\/produit\\\/%f0%9f%8c%bf-mini-plante-bisounours-1-12-%c2%b7-1-8-%c2%b7-1-6\\\/\"]}]},{\"@type\":\"ImageObject\",\"inLanguage\":\"en-US\",\"@id\":\"https:\\\/\\\/www.sunnyshop211.com\\\/produit\\\/%f0%9f%8c%bf-mini-plante-bisounours-1-12-%c2%b7-1-8-%c2%b7-1-6\\\/#primaryimage\",\"url\":\"https:\\\/\\\/www.sunnyshop211.com\\\/wp-content\\\/uploads\\\/2025\\\/01\\\/26-1-scaled.jpg\",\"contentUrl\":\"https:\\\/\\\/www.sunnyshop211.com\\\/wp-content\\\/uploads\\\/2025\\\/01\\\/26-1-scaled.jpg\",\"width\":2560,\"height\":1707,\"caption\":\"\ud83c\udf3f Mini plante Bisounours 1\\\/12 \u00b7 1\\\/8 \u00b7 1\\\/6\"},{\"@type\":\"BreadcrumbList\",\"@id\":\"https:\\\/\\\/www.sunnyshop211.com\\\/produit\\\/%f0%9f%8c%bf-mini-plante-bisounours-1-12-%c2%b7-1-8-%c2%b7-1-6\\\/#breadcrumb\",\"itemListElement\":[{\"@type\":\"ListItem\",\"position\":1,\"name\":\"Accueil\",\"item\":\"https:\\\/\\\/www.sunnyshop211.com\\\/\"},{\"@type\":\"ListItem\",\"position\":2,\"name\":\"Boutique\",\"item\":\"https:\\\/\\\/www.sunnyshop211.com\\\/boutique-miniature-bjd-dolls\\\/\"},{\"@type\":\"ListItem\",\"position\":3,\"name\":\"Mini plante Bisounours 1\\\/12 \u00b7 1\\\/8 \u00b7 1\\\/6\"}]},{\"@type\":\"WebSite\",\"@id\":\"https:\\\/\\\/www.sunnyshop211.com\\\/#website\",\"url\":\"https:\\\/\\\/www.sunnyshop211.com\\\/\",\"name\":\"Vente de dioramas, meubles, miniatures , bjd poup\u00e9es 1\\\/12 1\\\/8 1\\\/6 1\\\/4 1\\\/3\",\"description\":\"Sunnyshop211 - Votre univers miniature pour poup\u00e9es et BJD, dioramas et meubles sur mesure !\",\"publisher\":{\"@id\":\"https:\\\/\\\/www.sunnyshop211.com\\\/#organization\"},\"alternateName\":\"sunnyshop211\",\"potentialAction\":[{\"@type\":\"SearchAction\",\"target\":{\"@type\":\"EntryPoint\",\"urlTemplate\":\"https:\\\/\\\/www.sunnyshop211.com\\\/?s={search_term_string}\"},\"query-input\":{\"@type\":\"PropertyValueSpecification\",\"valueRequired\":true,\"valueName\":\"search_term_string\"}}],\"inLanguage\":\"en-US\"},{\"@type\":\"Organization\",\"@id\":\"https:\\\/\\\/www.sunnyshop211.com\\\/#organization\",\"name\":\"sunnyshop211\",\"alternateName\":\"sunnyshop211 diorama bjd meuble miniature\",\"url\":\"https:\\\/\\\/www.sunnyshop211.com\\\/\",\"logo\":{\"@type\":\"ImageObject\",\"inLanguage\":\"en-US\",\"@id\":\"https:\\\/\\\/www.sunnyshop211.com\\\/#\\\/schema\\\/logo\\\/image\\\/\",\"url\":\"https:\\\/\\\/www.sunnyshop211.com\\\/wp-content\\\/uploads\\\/2022\\\/08\\\/cropped-cropped-cropped-Sunnyshop211-1.png\",\"contentUrl\":\"https:\\\/\\\/www.sunnyshop211.com\\\/wp-content\\\/uploads\\\/2022\\\/08\\\/cropped-cropped-cropped-Sunnyshop211-1.png\",\"width\":339,\"height\":339,\"caption\":\"sunnyshop211\"},\"image\":{\"@id\":\"https:\\\/\\\/www.sunnyshop211.com\\\/#\\\/schema\\\/logo\\\/image\\\/\"},\"sameAs\":[\"https:\\\/\\\/www.facebook.com\\\/sunnyshop211\\\/?ref=bookmarks\",\"https:\\\/\\\/x.com\\\/sunnyshop211\",\"https:\\\/\\\/www.instagram.com\\\/sunnyshop211\\\/\",\"https:\\\/\\\/www.tumblr.com\\\/blog\\\/sunnyshop211\",\"https:\\\/\\\/www.youtube.com\\\/channel\\\/UCtYY18OGGDKrTSzgcf7fCBg\",\"https:\\\/\\\/www.tiktok.com\\\/@sunnydollshop211?is_from_webapp=1&sender_device=pc\"]}]}<\/script>\n<!-- \/ Yoast SEO plugin. -->","yoast_head_json":{"title":"Mini Care Bears plant 1\/12 - 1\/8 - 1\/6 -","description":"\ud83c\udf3f Mini Care Bears plant 1\/12 - 1\/8 - 1\/6- Baby nursery accessory BJD baby pukifee, lati yellow, Nappy choo, reborn, obitsu 11, reborn.","robots":{"index":"index","follow":"follow","max-snippet":"max-snippet:-1","max-image-preview":"max-image-preview:large","max-video-preview":"max-video-preview:-1"},"canonical":"https:\/\/www.sunnyshop211.com\/en\/product\/\ud83c\udf3f-mini-plante-bisounours-1-12-\u00b7-1-8-\u00b7-1-6\/","og_locale":"en_US","og_type":"article","og_title":"Mini plante Bisounours 1\/12 \u00b7 1\/8 \u00b7 1\/6 -","og_description":"\ud83c\udf3f Mini plante Bisounours 1\/12 \u00b7 1\/8 \u00b7 1\/6\u2013 Accessoire nursery b\u00e9b\u00e9 BJD baby pukifee, lati yellow, Nappy choo, reborn, obitsu 11, reborn.","og_url":"https:\/\/www.sunnyshop211.com\/en\/product\/\ud83c\udf3f-mini-plante-bisounours-1-12-\u00b7-1-8-\u00b7-1-6\/","og_site_name":"Sunnyshop211 -Vente de dioramas, meubles, miniatures , bjd poup\u00e9es 1\/12 1\/8 1\/6 1\/4 1\/3","article_publisher":"https:\/\/www.facebook.com\/sunnyshop211\/?ref=bookmarks","article_modified_time":"2026-04-23T12:45:01+00:00","og_image":[{"width":2560,"height":1707,"url":"https:\/\/www.sunnyshop211.com\/wp-content\/uploads\/2025\/01\/26-1-scaled.jpg","type":"image\/jpeg"}],"twitter_card":"summary_large_image","twitter_site":"@sunnyshop211","twitter_misc":{"Est. reading time":"2 minutes"},"schema":{"@context":"https:\/\/schema.org","@graph":[{"@type":"WebPage","@id":"https:\/\/www.sunnyshop211.com\/produit\/%f0%9f%8c%bf-mini-plante-bisounours-1-12-%c2%b7-1-8-%c2%b7-1-6\/","url":"https:\/\/www.sunnyshop211.com\/produit\/%f0%9f%8c%bf-mini-plante-bisounours-1-12-%c2%b7-1-8-%c2%b7-1-6\/","name":"Mini Care Bears plant 1\/12 - 1\/8 - 1\/6 -","isPartOf":{"@id":"https:\/\/www.sunnyshop211.com\/#website"},"primaryImageOfPage":{"@id":"https:\/\/www.sunnyshop211.com\/produit\/%f0%9f%8c%bf-mini-plante-bisounours-1-12-%c2%b7-1-8-%c2%b7-1-6\/#primaryimage"},"image":{"@id":"https:\/\/www.sunnyshop211.com\/produit\/%f0%9f%8c%bf-mini-plante-bisounours-1-12-%c2%b7-1-8-%c2%b7-1-6\/#primaryimage"},"thumbnailUrl":"https:\/\/www.sunnyshop211.com\/wp-content\/uploads\/2025\/01\/26-1-scaled.jpg","datePublished":"2026-04-23T12:38:39+00:00","dateModified":"2026-04-23T12:45:01+00:00","description":"\ud83c\udf3f Mini Care Bears plant 1\/12 - 1\/8 - 1\/6- Baby nursery accessory BJD baby pukifee, lati yellow, Nappy choo, reborn, obitsu 11, reborn.","breadcrumb":{"@id":"https:\/\/www.sunnyshop211.com\/produit\/%f0%9f%8c%bf-mini-plante-bisounours-1-12-%c2%b7-1-8-%c2%b7-1-6\/#breadcrumb"},"inLanguage":"en-US","potentialAction":[{"@type":"ReadAction","target":["https:\/\/www.sunnyshop211.com\/produit\/%f0%9f%8c%bf-mini-plante-bisounours-1-12-%c2%b7-1-8-%c2%b7-1-6\/"]}]},{"@type":"ImageObject","inLanguage":"en-US","@id":"https:\/\/www.sunnyshop211.com\/produit\/%f0%9f%8c%bf-mini-plante-bisounours-1-12-%c2%b7-1-8-%c2%b7-1-6\/#primaryimage","url":"https:\/\/www.sunnyshop211.com\/wp-content\/uploads\/2025\/01\/26-1-scaled.jpg","contentUrl":"https:\/\/www.sunnyshop211.com\/wp-content\/uploads\/2025\/01\/26-1-scaled.jpg","width":2560,"height":1707,"caption":"\ud83c\udf3f Mini plante Bisounours 1\/12 \u00b7 1\/8 \u00b7 1\/6"},{"@type":"BreadcrumbList","@id":"https:\/\/www.sunnyshop211.com\/produit\/%f0%9f%8c%bf-mini-plante-bisounours-1-12-%c2%b7-1-8-%c2%b7-1-6\/#breadcrumb","itemListElement":[{"@type":"ListItem","position":1,"name":"Accueil","item":"https:\/\/www.sunnyshop211.com\/"},{"@type":"ListItem","position":2,"name":"Boutique","item":"https:\/\/www.sunnyshop211.com\/boutique-miniature-bjd-dolls\/"},{"@type":"ListItem","position":3,"name":"Mini plante Bisounours 1\/12 \u00b7 1\/8 \u00b7 1\/6"}]},{"@type":"WebSite","@id":"https:\/\/www.sunnyshop211.com\/#website","url":"https:\/\/www.sunnyshop211.com\/","name":"Sale of dioramas, furniture, miniatures, bjd dolls 1\/12 1\/8 1\/6 1\/4 1\/3","description":"Sunnyshop211 - Your miniature world for dolls and BJDs, dioramas and custom-made furniture!","publisher":{"@id":"https:\/\/www.sunnyshop211.com\/#organization"},"alternateName":"sunnyshop211","potentialAction":[{"@type":"SearchAction","target":{"@type":"EntryPoint","urlTemplate":"https:\/\/www.sunnyshop211.com\/?s={search_term_string}"},"query-input":{"@type":"PropertyValueSpecification","valueRequired":true,"valueName":"search_term_string"}}],"inLanguage":"en-US"},{"@type":"Organization","@id":"https:\/\/www.sunnyshop211.com\/#organization","name":"sunnyshop211","alternateName":"sunnyshop211 diorama bjd meuble miniature","url":"https:\/\/www.sunnyshop211.com\/","logo":{"@type":"ImageObject","inLanguage":"en-US","@id":"https:\/\/www.sunnyshop211.com\/#\/schema\/logo\/image\/","url":"https:\/\/www.sunnyshop211.com\/wp-content\/uploads\/2022\/08\/cropped-cropped-cropped-Sunnyshop211-1.png","contentUrl":"https:\/\/www.sunnyshop211.com\/wp-content\/uploads\/2022\/08\/cropped-cropped-cropped-Sunnyshop211-1.png","width":339,"height":339,"caption":"sunnyshop211"},"image":{"@id":"https:\/\/www.sunnyshop211.com\/#\/schema\/logo\/image\/"},"sameAs":["https:\/\/www.facebook.com\/sunnyshop211\/?ref=bookmarks","https:\/\/x.com\/sunnyshop211","https:\/\/www.instagram.com\/sunnyshop211\/","https:\/\/www.tumblr.com\/blog\/sunnyshop211","https:\/\/www.youtube.com\/channel\/UCtYY18OGGDKrTSzgcf7fCBg","https:\/\/www.tiktok.com\/@sunnydollshop211?is_from_webapp=1&sender_device=pc"]}]}},"jetpack_publicize_connections":[],"jetpack_sharing_enabled":true,"_links":{"self":[{"href":"https:\/\/www.sunnyshop211.com\/en\/wp-json\/wp\/v2\/product\/56556","targetHints":{"allow":["GET"]}}],"collection":[{"href":"https:\/\/www.sunnyshop211.com\/en\/wp-json\/wp\/v2\/product"}],"about":[{"href":"https:\/\/www.sunnyshop211.com\/en\/wp-json\/wp\/v2\/types\/product"}],"replies":[{"embeddable":true,"href":"https:\/\/www.sunnyshop211.com\/en\/wp-json\/wp\/v2\/comments?post=56556"}],"version-history":[{"count":2,"href":"https:\/\/www.sunnyshop211.com\/en\/wp-json\/wp\/v2\/product\/56556\/revisions"}],"predecessor-version":[{"id":56573,"href":"https:\/\/www.sunnyshop211.com\/en\/wp-json\/wp\/v2\/product\/56556\/revisions\/56573"}],"wp:featuredmedia":[{"embeddable":true,"href":"https:\/\/www.sunnyshop211.com\/en\/wp-json\/wp\/v2\/media\/56347"}],"wp:attachment":[{"href":"https:\/\/www.sunnyshop211.com\/en\/wp-json\/wp\/v2\/media?parent=56556"}],"wp:term":[{"taxonomy":"product_brand","embeddable":true,"href":"https:\/\/www.sunnyshop211.com\/en\/wp-json\/wp\/v2\/product_brand?post=56556"},{"taxonomy":"product_cat","embeddable":true,"href":"https:\/\/www.sunnyshop211.com\/en\/wp-json\/wp\/v2\/product_cat?post=56556"},{"taxonomy":"product_tag","embeddable":true,"href":"https:\/\/www.sunnyshop211.com\/en\/wp-json\/wp\/v2\/product_tag?post=56556"}],"curies":[{"name":"wp","href":"https:\/\/api.w.org\/{rel}","templated":true}]}}