{"id":56546,"date":"2026-04-23T13:30:57","date_gmt":"2026-04-23T12:30:57","guid":{"rendered":"https:\/\/www.sunnyshop211.com\/?post_type=product&#038;p=56546"},"modified":"2026-04-23T13:43:12","modified_gmt":"2026-04-23T12:43:12","slug":"pot-a-crayons-miniature-bisounours-2-cm-1-12-%c2%b7-1-8-%c2%b7-1-6","status":"publish","type":"product","link":"https:\/\/www.sunnyshop211.com\/en\/product\/pot-a-crayons-miniature-bisounours-2-cm-1-12-%c2%b7-1-8-%c2%b7-1-6\/","title":{"rendered":"Miniature pencil cup Care Bears 1\/12 - 1\/8 - 1\/6"},"content":{"rendered":"<div id='gallery-1' class='gallery galleryid-56546 gallery-columns-3 gallery-size-thumbnail'><figure class='gallery-item'>\n\t\t\t<div class='gallery-icon landscape'>\n\t\t\t\t<a href='https:\/\/www.sunnyshop211.com\/en\/?attachment_id=56348'><img decoding=\"async\" width=\"150\" height=\"150\" src=\"https:\/\/www.sunnyshop211.com\/wp-content\/uploads\/2025\/01\/27-1-150x150.jpg\" class=\"attachment-thumbnail size-thumbnail\" alt=\"Pot \u00e0 crayons miniature Bisounours \u2013 2 cm \u2013 1\/12 \u00b7 1\/8 \u00b7 1\/6\" srcset=\"https:\/\/www.sunnyshop211.com\/wp-content\/uploads\/2025\/01\/27-1-150x150.jpg 150w, https:\/\/www.sunnyshop211.com\/wp-content\/uploads\/2025\/01\/27-1-500x500.jpg 500w, https:\/\/www.sunnyshop211.com\/wp-content\/uploads\/2025\/01\/27-1-100x100.jpg 100w\" sizes=\"(max-width: 150px) 100vw, 150px\" \/><\/a>\n\t\t\t<\/div><\/figure><figure class='gallery-item'>\n\t\t\t<div class='gallery-icon portrait'>\n\t\t\t\t<a href='https:\/\/www.sunnyshop211.com\/en\/?attachment_id=56364'><img decoding=\"async\" width=\"150\" height=\"150\" src=\"https:\/\/www.sunnyshop211.com\/wp-content\/uploads\/2025\/01\/43-1-150x150.jpg\" class=\"attachment-thumbnail size-thumbnail\" alt=\"\" srcset=\"https:\/\/www.sunnyshop211.com\/wp-content\/uploads\/2025\/01\/43-1-150x150.jpg 150w, https:\/\/www.sunnyshop211.com\/wp-content\/uploads\/2025\/01\/43-1-500x500.jpg 500w, https:\/\/www.sunnyshop211.com\/wp-content\/uploads\/2025\/01\/43-1-100x100.jpg 100w\" sizes=\"(max-width: 150px) 100vw, 150px\" \/><\/a>\n\t\t\t<\/div><\/figure>\n\t\t<\/div>\n\n<h1 data-section-id=\"1hlzaj2\" data-start=\"144\" data-end=\"213\"><span role=\"text\">\ud83c\udf08 <strong data-start=\"149\" data-end=\"213\">Miniature pencil cup Care Bears 1\/12 - 1\/8 - 1\/6<\/strong><\/span><\/h1>\n<p data-start=\"215\" data-end=\"235\">\u2500\u2500\u2500\u2500\u2500\u2500\u2500\u2500\u2500\u2500\u2500\u2500\u2500\u2500\u2500\u2500\u2500\u2500\u2500\u2500<\/p>\n<p data-start=\"237\" data-end=\"252\"><strong>\u2728 Description<\/strong><\/p>\n<p data-start=\"254\" data-end=\"376\">This miniature pencil cup in the shape of a Care Bears head adds a soft, colorful, nostalgic touch to your dioramas.<\/p>\n<p data-start=\"378\" data-end=\"595\">Delicately crafted, it's perfect to complete a child's bedroom, playroom or miniature creative corner.<br data-start=\"498\" data-end=\"501\" \/>Each piece is designed to blend harmoniously into a rainbow pastel universe.<\/p>\n<p data-start=\"597\" data-end=\"651\">\u2714 Decorative miniature accessory<br data-start=\"629\" data-end=\"632\" \/>\u2714 Sold individually and empty<\/p>\n<p data-start=\"653\" data-end=\"673\">\u2500\u2500\u2500\u2500\u2500\u2500\u2500\u2500\u2500\u2500\u2500\u2500\u2500\u2500\u2500\u2500\u2500\u2500\u2500\u2500<\/p>\n<p data-start=\"675\" data-end=\"693\"><strong>\ud83e\uddf8 Compatibility<\/strong><\/p>\n<p data-start=\"695\" data-end=\"738\">Perfect for the following dolls:<\/p>\n<p data-start=\"740\" data-end=\"868\">- 1\/12: Obitsu 11, Stodoll<br data-start=\"767\" data-end=\"770\" \/>- 1\/8: Pukifee, Lati Yellow<br data-start=\"798\" data-end=\"801\" \/>- 1\/6 : Barbie, Poppy Parker<br data-start=\"829\" data-end=\"832\" \/>- 1\/4 : Minifee (as a decorative accessory)<\/p>\n<p data-start=\"870\" data-end=\"890\">\u2500\u2500\u2500\u2500\u2500\u2500\u2500\u2500\u2500\u2500\u2500\u2500\u2500\u2500\u2500\u2500\u2500\u2500\u2500\u2500<\/p>\n<p data-start=\"892\" data-end=\"907\"><strong>\ud83d\udccf Dimensions<\/strong><\/p>\n<p data-start=\"909\" data-end=\"933\">Height: approx. 2 cm<\/p>\n<p data-start=\"935\" data-end=\"955\">\u2500\u2500\u2500\u2500\u2500\u2500\u2500\u2500\u2500\u2500\u2500\u2500\u2500\u2500\u2500\u2500\u2500\u2500\u2500\u2500<\/p>\n<p data-start=\"957\" data-end=\"982\"><strong>\ud83c\udfa8 Available colors<\/strong><\/p>\n<p data-start=\"984\" data-end=\"1018\">Available in a rainbow version:<\/p>\n<p data-start=\"1020\" data-end=\"1078\">- Blue<br data-start=\"1026\" data-end=\"1029\" \/>- Green<br data-start=\"1035\" data-end=\"1038\" \/>- Yellow<br data-start=\"1045\" data-end=\"1048\" \/>- Rose<br data-start=\"1054\" data-end=\"1057\" \/>- Orange<br data-start=\"1065\" data-end=\"1068\" \/>- Violet<\/p>\n<p data-start=\"1080\" data-end=\"1100\">\u2500\u2500\u2500\u2500\u2500\u2500\u2500\u2500\u2500\u2500\u2500\u2500\u2500\u2500\u2500\u2500\u2500\u2500\u2500\u2500<\/p>\n<p data-start=\"1102\" data-end=\"1128\"><strong>\u2728 Craft manufacturing<\/strong><\/p>\n<p data-start=\"1130\" data-end=\"1273\">Each piece is made by hand.<br data-start=\"1166\" data-end=\"1169\" \/>Slight variations may occur (shape, shade, finish), making each creation unique.<\/p>\n<p data-start=\"2216\" data-end=\"2240\"><strong>\u23f3 Manufacturing &amp; lead times<\/strong><\/p>\n<p data-start=\"2242\" data-end=\"2276\">\ud83d\udee0\ufe0f Made-to-order items<\/p>\n<p data-start=\"2278\" data-end=\"2390\">Please take into account the manufacturing and delivery times indicated in the General Sales Conditions.<\/p>\n<p data-start=\"2392\" data-end=\"2412\">\u2500\u2500\u2500\u2500\u2500\u2500\u2500\u2500\u2500\u2500\u2500\u2500\u2500\u2500\u2500\u2500\u2500\u2500\u2500\u2500<\/p>\n<p data-start=\"2414\" data-end=\"2443\"><strong>\u26a0\ufe0f Important information<\/strong><\/p>\n<p data-start=\"2445\" data-end=\"2684\">- Fictitious and decorative accessory<br data-start=\"2477\" data-end=\"2480\" \/>- This is not a toy<br data-start=\"2505\" data-end=\"2508\" \/>- Article intended for an adult, collector audience<br data-start=\"2562\" data-end=\"2565\" \/>- The photos are examples of staging<br data-start=\"2612\" data-end=\"2615\" \/>- I am not responsible for any damage incurred in transit.<\/p>\n<p data-start=\"2686\" data-end=\"2706\">\u2500\u2500\u2500\u2500\u2500\u2500\u2500\u2500\u2500\u2500\u2500\u2500\u2500\u2500\u2500\u2500\u2500\u2500\u2500\u2500<\/p>\n<p data-start=\"2549\" data-end=\"2616\">\ud83d\udcf8 More photos and inspiration on Instagram : <a href=\"https:\/\/www.instagram.com\/sunnyshop211\/\"><strong data-start=\"2599\" data-end=\"2616\">@sunnyshop211<\/strong><\/a><\/p>\n<p>&nbsp;<\/p>","protected":false},"excerpt":{"rendered":"<p>\ud83c\udf08 Pot \u00e0 crayons miniature Bisounours 1\/12 \u00b7 1\/8 \u00b7 1\/6 \u2500\u2500\u2500\u2500\u2500\u2500\u2500\u2500\u2500\u2500\u2500\u2500\u2500\u2500\u2500\u2500\u2500\u2500\u2500\u2500 \u2728 Description Ce pot \u00e0 crayons miniature en forme de t\u00eate de Bisounours apporte une touche douce, color\u00e9e et nostalgique \u00e0 vos dioramas. D\u00e9licatement r\u00e9alis\u00e9, il est parfait pour compl\u00e9ter une chambre d\u2019enfant, une salle de jeu ou un coin cr\u00e9atif miniature.Chaque pi\u00e8ce [&hellip;]<\/p>\n","protected":false},"featured_media":56348,"comment_status":"open","ping_status":"closed","template":"","meta":{"_crdt_document":"","jetpack_post_was_ever_published":false,"jetpack_publicize_message":"","jetpack_publicize_feature_enabled":true,"jetpack_social_post_already_shared":true,"jetpack_social_options":{"image_generator_settings":{"template":"highway","default_image_id":0,"font":"","enabled":false},"version":2}},"product_brand":[],"product_cat":[667687009,667686997,667686969,667686979],"product_tag":[667681137,667681138,667681224,667681136,667681234,667681226,667681725,667681225,667681139,667681144,667681261,667681281,667681173,667681717,667681820,667681141,667681177,667681140,667681235,667681223],"class_list":{"0":"post-56546","1":"product","2":"type-product","3":"status-publish","4":"has-post-thumbnail","6":"product_cat-bougies-ambiance","7":"product_cat-bureau-accessoires","8":"product_cat-decoration","9":"product_cat-doudous-jouets-lati-white-obitsu-11-stodoll","10":"product_tag-baby","11":"product_tag-bebe","12":"product_tag-bed-crib","13":"product_tag-bjd","14":"product_tag-diorama","15":"product_tag-doll","16":"product_tag-dolly","17":"product_tag-furniture","18":"product_tag-lati-yellow","19":"product_tag-lit","20":"product_tag-meuble","21":"product_tag-meubles","22":"product_tag-minifee","23":"product_tag-mobile","24":"product_tag-mobile-baby","25":"product_tag-nappy-choo","26":"product_tag-poupee","27":"product_tag-pukifee","28":"product_tag-roombox","29":"product_tag-tour-de-lit","30":"product_shipping_class-colissimo-5","31":"pa_couleur-bleu","32":"pa_couleur-jaune","33":"pa_couleur-orange","34":"pa_couleur-rose-pink","35":"pa_couleur-vert","36":"pa_couleur-violet-fr","38":"first","39":"instock","40":"taxable","41":"shipping-taxable","42":"purchasable","43":"product-type-variable"},"yoast_head":"<!-- This site is optimized with the Yoast SEO plugin v27.4 - https:\/\/yoast.com\/product\/yoast-seo-wordpress\/ -->\n<title>Pot \u00e0 crayons miniature Bisounours 1\/12 \u00b7 1\/8 \u00b7 1\/6 -<\/title>\n<meta name=\"description\" content=\"Pot \u00e0 crayons miniature Bisounours \u2013 2 cm \u2013 1\/12 \u00b7 1\/8 \u00b7 1\/6\u2013 Accessoire nursery b\u00e9b\u00e9 BJD baby pukifee, lati yellow, Nappy choo, reborn, obitsu 11, reborn.\" \/>\n<meta name=\"robots\" content=\"index, follow, max-snippet:-1, max-image-preview:large, max-video-preview:-1\" \/>\n<link rel=\"canonical\" href=\"https:\/\/www.sunnyshop211.com\/en\/product\/pot-a-crayons-miniature-bisounours-2-cm-1-12-\u00b7-1-8-\u00b7-1-6\/\" \/>\n<meta property=\"og:locale\" content=\"en_US\" \/>\n<meta property=\"og:type\" content=\"article\" \/>\n<meta property=\"og:title\" content=\"Pot \u00e0 crayons miniature Bisounours 1\/12 \u00b7 1\/8 \u00b7 1\/6 -\" \/>\n<meta property=\"og:description\" content=\"Pot \u00e0 crayons miniature Bisounours \u2013 2 cm \u2013 1\/12 \u00b7 1\/8 \u00b7 1\/6\u2013 Accessoire nursery b\u00e9b\u00e9 BJD baby pukifee, lati yellow, Nappy choo, reborn, obitsu 11, reborn.\" \/>\n<meta property=\"og:url\" content=\"https:\/\/www.sunnyshop211.com\/en\/product\/pot-a-crayons-miniature-bisounours-2-cm-1-12-\u00b7-1-8-\u00b7-1-6\/\" \/>\n<meta property=\"og:site_name\" content=\"Sunnyshop211 -Vente de dioramas, meubles, miniatures , bjd poup\u00e9es 1\/12 1\/8 1\/6 1\/4 1\/3\" \/>\n<meta property=\"article:publisher\" content=\"https:\/\/www.facebook.com\/sunnyshop211\/?ref=bookmarks\" \/>\n<meta property=\"article:modified_time\" content=\"2026-04-23T12:43:12+00:00\" \/>\n<meta property=\"og:image\" content=\"https:\/\/www.sunnyshop211.com\/wp-content\/uploads\/2025\/01\/27-1-scaled.jpg\" \/>\n\t<meta property=\"og:image:width\" content=\"2560\" \/>\n\t<meta property=\"og:image:height\" content=\"1707\" \/>\n\t<meta property=\"og:image:type\" content=\"image\/jpeg\" \/>\n<meta name=\"twitter:card\" content=\"summary_large_image\" \/>\n<meta name=\"twitter:site\" content=\"@sunnyshop211\" \/>\n<meta name=\"twitter:label1\" content=\"Est. reading time\" \/>\n\t<meta name=\"twitter:data1\" content=\"2 minutes\" \/>\n<script type=\"application\/ld+json\" class=\"yoast-schema-graph\">{\"@context\":\"https:\\\/\\\/schema.org\",\"@graph\":[{\"@type\":\"WebPage\",\"@id\":\"https:\\\/\\\/www.sunnyshop211.com\\\/produit\\\/pot-a-crayons-miniature-bisounours-2-cm-1-12-%c2%b7-1-8-%c2%b7-1-6\\\/\",\"url\":\"https:\\\/\\\/www.sunnyshop211.com\\\/produit\\\/pot-a-crayons-miniature-bisounours-2-cm-1-12-%c2%b7-1-8-%c2%b7-1-6\\\/\",\"name\":\"Pot \u00e0 crayons miniature Bisounours 1\\\/12 \u00b7 1\\\/8 \u00b7 1\\\/6 -\",\"isPartOf\":{\"@id\":\"https:\\\/\\\/www.sunnyshop211.com\\\/#website\"},\"primaryImageOfPage\":{\"@id\":\"https:\\\/\\\/www.sunnyshop211.com\\\/produit\\\/pot-a-crayons-miniature-bisounours-2-cm-1-12-%c2%b7-1-8-%c2%b7-1-6\\\/#primaryimage\"},\"image\":{\"@id\":\"https:\\\/\\\/www.sunnyshop211.com\\\/produit\\\/pot-a-crayons-miniature-bisounours-2-cm-1-12-%c2%b7-1-8-%c2%b7-1-6\\\/#primaryimage\"},\"thumbnailUrl\":\"https:\\\/\\\/www.sunnyshop211.com\\\/wp-content\\\/uploads\\\/2025\\\/01\\\/27-1-scaled.jpg\",\"datePublished\":\"2026-04-23T12:30:57+00:00\",\"dateModified\":\"2026-04-23T12:43:12+00:00\",\"description\":\"Pot \u00e0 crayons miniature Bisounours \u2013 2 cm \u2013 1\\\/12 \u00b7 1\\\/8 \u00b7 1\\\/6\u2013 Accessoire nursery b\u00e9b\u00e9 BJD baby pukifee, lati yellow, Nappy choo, reborn, obitsu 11, reborn.\",\"breadcrumb\":{\"@id\":\"https:\\\/\\\/www.sunnyshop211.com\\\/produit\\\/pot-a-crayons-miniature-bisounours-2-cm-1-12-%c2%b7-1-8-%c2%b7-1-6\\\/#breadcrumb\"},\"inLanguage\":\"en-US\",\"potentialAction\":[{\"@type\":\"ReadAction\",\"target\":[\"https:\\\/\\\/www.sunnyshop211.com\\\/produit\\\/pot-a-crayons-miniature-bisounours-2-cm-1-12-%c2%b7-1-8-%c2%b7-1-6\\\/\"]}]},{\"@type\":\"ImageObject\",\"inLanguage\":\"en-US\",\"@id\":\"https:\\\/\\\/www.sunnyshop211.com\\\/produit\\\/pot-a-crayons-miniature-bisounours-2-cm-1-12-%c2%b7-1-8-%c2%b7-1-6\\\/#primaryimage\",\"url\":\"https:\\\/\\\/www.sunnyshop211.com\\\/wp-content\\\/uploads\\\/2025\\\/01\\\/27-1-scaled.jpg\",\"contentUrl\":\"https:\\\/\\\/www.sunnyshop211.com\\\/wp-content\\\/uploads\\\/2025\\\/01\\\/27-1-scaled.jpg\",\"width\":2560,\"height\":1707,\"caption\":\"Pot \u00e0 crayons miniature Bisounours \u2013 2 cm \u2013 1\\\/12 \u00b7 1\\\/8 \u00b7 1\\\/6\"},{\"@type\":\"BreadcrumbList\",\"@id\":\"https:\\\/\\\/www.sunnyshop211.com\\\/produit\\\/pot-a-crayons-miniature-bisounours-2-cm-1-12-%c2%b7-1-8-%c2%b7-1-6\\\/#breadcrumb\",\"itemListElement\":[{\"@type\":\"ListItem\",\"position\":1,\"name\":\"Accueil\",\"item\":\"https:\\\/\\\/www.sunnyshop211.com\\\/\"},{\"@type\":\"ListItem\",\"position\":2,\"name\":\"Boutique\",\"item\":\"https:\\\/\\\/www.sunnyshop211.com\\\/boutique-miniature-bjd-dolls\\\/\"},{\"@type\":\"ListItem\",\"position\":3,\"name\":\"Pot \u00e0 crayons miniature Bisounours 1\\\/12 \u00b7 1\\\/8 \u00b7 1\\\/6\"}]},{\"@type\":\"WebSite\",\"@id\":\"https:\\\/\\\/www.sunnyshop211.com\\\/#website\",\"url\":\"https:\\\/\\\/www.sunnyshop211.com\\\/\",\"name\":\"Vente de dioramas, meubles, miniatures , bjd poup\u00e9es 1\\\/12 1\\\/8 1\\\/6 1\\\/4 1\\\/3\",\"description\":\"Sunnyshop211 - Votre univers miniature pour poup\u00e9es et BJD, dioramas et meubles sur mesure !\",\"publisher\":{\"@id\":\"https:\\\/\\\/www.sunnyshop211.com\\\/#organization\"},\"alternateName\":\"sunnyshop211\",\"potentialAction\":[{\"@type\":\"SearchAction\",\"target\":{\"@type\":\"EntryPoint\",\"urlTemplate\":\"https:\\\/\\\/www.sunnyshop211.com\\\/?s={search_term_string}\"},\"query-input\":{\"@type\":\"PropertyValueSpecification\",\"valueRequired\":true,\"valueName\":\"search_term_string\"}}],\"inLanguage\":\"en-US\"},{\"@type\":\"Organization\",\"@id\":\"https:\\\/\\\/www.sunnyshop211.com\\\/#organization\",\"name\":\"sunnyshop211\",\"alternateName\":\"sunnyshop211 diorama bjd meuble miniature\",\"url\":\"https:\\\/\\\/www.sunnyshop211.com\\\/\",\"logo\":{\"@type\":\"ImageObject\",\"inLanguage\":\"en-US\",\"@id\":\"https:\\\/\\\/www.sunnyshop211.com\\\/#\\\/schema\\\/logo\\\/image\\\/\",\"url\":\"https:\\\/\\\/www.sunnyshop211.com\\\/wp-content\\\/uploads\\\/2022\\\/08\\\/cropped-cropped-cropped-Sunnyshop211-1.png\",\"contentUrl\":\"https:\\\/\\\/www.sunnyshop211.com\\\/wp-content\\\/uploads\\\/2022\\\/08\\\/cropped-cropped-cropped-Sunnyshop211-1.png\",\"width\":339,\"height\":339,\"caption\":\"sunnyshop211\"},\"image\":{\"@id\":\"https:\\\/\\\/www.sunnyshop211.com\\\/#\\\/schema\\\/logo\\\/image\\\/\"},\"sameAs\":[\"https:\\\/\\\/www.facebook.com\\\/sunnyshop211\\\/?ref=bookmarks\",\"https:\\\/\\\/x.com\\\/sunnyshop211\",\"https:\\\/\\\/www.instagram.com\\\/sunnyshop211\\\/\",\"https:\\\/\\\/www.tumblr.com\\\/blog\\\/sunnyshop211\",\"https:\\\/\\\/www.youtube.com\\\/channel\\\/UCtYY18OGGDKrTSzgcf7fCBg\",\"https:\\\/\\\/www.tiktok.com\\\/@sunnydollshop211?is_from_webapp=1&sender_device=pc\"]}]}<\/script>\n<!-- \/ Yoast SEO plugin. -->","yoast_head_json":{"title":"Miniature pencil cup Care Bears 1\/12 - 1\/8 - 1\/6 -","description":"Miniature pencil pot Care Bears - 2 cm - 1\/12 - 1\/8 - 1\/6- Baby nursery accessory BJD baby pukifee, lati yellow, Nappy choo, reborn, obitsu 11, reborn.","robots":{"index":"index","follow":"follow","max-snippet":"max-snippet:-1","max-image-preview":"max-image-preview:large","max-video-preview":"max-video-preview:-1"},"canonical":"https:\/\/www.sunnyshop211.com\/en\/product\/pot-a-crayons-miniature-bisounours-2-cm-1-12-\u00b7-1-8-\u00b7-1-6\/","og_locale":"en_US","og_type":"article","og_title":"Pot \u00e0 crayons miniature Bisounours 1\/12 \u00b7 1\/8 \u00b7 1\/6 -","og_description":"Pot \u00e0 crayons miniature Bisounours \u2013 2 cm \u2013 1\/12 \u00b7 1\/8 \u00b7 1\/6\u2013 Accessoire nursery b\u00e9b\u00e9 BJD baby pukifee, lati yellow, Nappy choo, reborn, obitsu 11, reborn.","og_url":"https:\/\/www.sunnyshop211.com\/en\/product\/pot-a-crayons-miniature-bisounours-2-cm-1-12-\u00b7-1-8-\u00b7-1-6\/","og_site_name":"Sunnyshop211 -Vente de dioramas, meubles, miniatures , bjd poup\u00e9es 1\/12 1\/8 1\/6 1\/4 1\/3","article_publisher":"https:\/\/www.facebook.com\/sunnyshop211\/?ref=bookmarks","article_modified_time":"2026-04-23T12:43:12+00:00","og_image":[{"width":2560,"height":1707,"url":"https:\/\/www.sunnyshop211.com\/wp-content\/uploads\/2025\/01\/27-1-scaled.jpg","type":"image\/jpeg"}],"twitter_card":"summary_large_image","twitter_site":"@sunnyshop211","twitter_misc":{"Est. reading time":"2 minutes"},"schema":{"@context":"https:\/\/schema.org","@graph":[{"@type":"WebPage","@id":"https:\/\/www.sunnyshop211.com\/produit\/pot-a-crayons-miniature-bisounours-2-cm-1-12-%c2%b7-1-8-%c2%b7-1-6\/","url":"https:\/\/www.sunnyshop211.com\/produit\/pot-a-crayons-miniature-bisounours-2-cm-1-12-%c2%b7-1-8-%c2%b7-1-6\/","name":"Miniature pencil cup Care Bears 1\/12 - 1\/8 - 1\/6 -","isPartOf":{"@id":"https:\/\/www.sunnyshop211.com\/#website"},"primaryImageOfPage":{"@id":"https:\/\/www.sunnyshop211.com\/produit\/pot-a-crayons-miniature-bisounours-2-cm-1-12-%c2%b7-1-8-%c2%b7-1-6\/#primaryimage"},"image":{"@id":"https:\/\/www.sunnyshop211.com\/produit\/pot-a-crayons-miniature-bisounours-2-cm-1-12-%c2%b7-1-8-%c2%b7-1-6\/#primaryimage"},"thumbnailUrl":"https:\/\/www.sunnyshop211.com\/wp-content\/uploads\/2025\/01\/27-1-scaled.jpg","datePublished":"2026-04-23T12:30:57+00:00","dateModified":"2026-04-23T12:43:12+00:00","description":"Miniature pencil pot Care Bears - 2 cm - 1\/12 - 1\/8 - 1\/6- Baby nursery accessory BJD baby pukifee, lati yellow, Nappy choo, reborn, obitsu 11, reborn.","breadcrumb":{"@id":"https:\/\/www.sunnyshop211.com\/produit\/pot-a-crayons-miniature-bisounours-2-cm-1-12-%c2%b7-1-8-%c2%b7-1-6\/#breadcrumb"},"inLanguage":"en-US","potentialAction":[{"@type":"ReadAction","target":["https:\/\/www.sunnyshop211.com\/produit\/pot-a-crayons-miniature-bisounours-2-cm-1-12-%c2%b7-1-8-%c2%b7-1-6\/"]}]},{"@type":"ImageObject","inLanguage":"en-US","@id":"https:\/\/www.sunnyshop211.com\/produit\/pot-a-crayons-miniature-bisounours-2-cm-1-12-%c2%b7-1-8-%c2%b7-1-6\/#primaryimage","url":"https:\/\/www.sunnyshop211.com\/wp-content\/uploads\/2025\/01\/27-1-scaled.jpg","contentUrl":"https:\/\/www.sunnyshop211.com\/wp-content\/uploads\/2025\/01\/27-1-scaled.jpg","width":2560,"height":1707,"caption":"Pot \u00e0 crayons miniature Bisounours \u2013 2 cm \u2013 1\/12 \u00b7 1\/8 \u00b7 1\/6"},{"@type":"BreadcrumbList","@id":"https:\/\/www.sunnyshop211.com\/produit\/pot-a-crayons-miniature-bisounours-2-cm-1-12-%c2%b7-1-8-%c2%b7-1-6\/#breadcrumb","itemListElement":[{"@type":"ListItem","position":1,"name":"Accueil","item":"https:\/\/www.sunnyshop211.com\/"},{"@type":"ListItem","position":2,"name":"Boutique","item":"https:\/\/www.sunnyshop211.com\/boutique-miniature-bjd-dolls\/"},{"@type":"ListItem","position":3,"name":"Pot \u00e0 crayons miniature Bisounours 1\/12 \u00b7 1\/8 \u00b7 1\/6"}]},{"@type":"WebSite","@id":"https:\/\/www.sunnyshop211.com\/#website","url":"https:\/\/www.sunnyshop211.com\/","name":"Sale of dioramas, furniture, miniatures, bjd dolls 1\/12 1\/8 1\/6 1\/4 1\/3","description":"Sunnyshop211 - Your miniature world for dolls and BJDs, dioramas and custom-made furniture!","publisher":{"@id":"https:\/\/www.sunnyshop211.com\/#organization"},"alternateName":"sunnyshop211","potentialAction":[{"@type":"SearchAction","target":{"@type":"EntryPoint","urlTemplate":"https:\/\/www.sunnyshop211.com\/?s={search_term_string}"},"query-input":{"@type":"PropertyValueSpecification","valueRequired":true,"valueName":"search_term_string"}}],"inLanguage":"en-US"},{"@type":"Organization","@id":"https:\/\/www.sunnyshop211.com\/#organization","name":"sunnyshop211","alternateName":"sunnyshop211 diorama bjd meuble miniature","url":"https:\/\/www.sunnyshop211.com\/","logo":{"@type":"ImageObject","inLanguage":"en-US","@id":"https:\/\/www.sunnyshop211.com\/#\/schema\/logo\/image\/","url":"https:\/\/www.sunnyshop211.com\/wp-content\/uploads\/2022\/08\/cropped-cropped-cropped-Sunnyshop211-1.png","contentUrl":"https:\/\/www.sunnyshop211.com\/wp-content\/uploads\/2022\/08\/cropped-cropped-cropped-Sunnyshop211-1.png","width":339,"height":339,"caption":"sunnyshop211"},"image":{"@id":"https:\/\/www.sunnyshop211.com\/#\/schema\/logo\/image\/"},"sameAs":["https:\/\/www.facebook.com\/sunnyshop211\/?ref=bookmarks","https:\/\/x.com\/sunnyshop211","https:\/\/www.instagram.com\/sunnyshop211\/","https:\/\/www.tumblr.com\/blog\/sunnyshop211","https:\/\/www.youtube.com\/channel\/UCtYY18OGGDKrTSzgcf7fCBg","https:\/\/www.tiktok.com\/@sunnydollshop211?is_from_webapp=1&sender_device=pc"]}]}},"jetpack_publicize_connections":[],"jetpack_sharing_enabled":true,"_links":{"self":[{"href":"https:\/\/www.sunnyshop211.com\/en\/wp-json\/wp\/v2\/product\/56546","targetHints":{"allow":["GET"]}}],"collection":[{"href":"https:\/\/www.sunnyshop211.com\/en\/wp-json\/wp\/v2\/product"}],"about":[{"href":"https:\/\/www.sunnyshop211.com\/en\/wp-json\/wp\/v2\/types\/product"}],"replies":[{"embeddable":true,"href":"https:\/\/www.sunnyshop211.com\/en\/wp-json\/wp\/v2\/comments?post=56546"}],"version-history":[{"count":3,"href":"https:\/\/www.sunnyshop211.com\/en\/wp-json\/wp\/v2\/product\/56546\/revisions"}],"predecessor-version":[{"id":56564,"href":"https:\/\/www.sunnyshop211.com\/en\/wp-json\/wp\/v2\/product\/56546\/revisions\/56564"}],"wp:featuredmedia":[{"embeddable":true,"href":"https:\/\/www.sunnyshop211.com\/en\/wp-json\/wp\/v2\/media\/56348"}],"wp:attachment":[{"href":"https:\/\/www.sunnyshop211.com\/en\/wp-json\/wp\/v2\/media?parent=56546"}],"wp:term":[{"taxonomy":"product_brand","embeddable":true,"href":"https:\/\/www.sunnyshop211.com\/en\/wp-json\/wp\/v2\/product_brand?post=56546"},{"taxonomy":"product_cat","embeddable":true,"href":"https:\/\/www.sunnyshop211.com\/en\/wp-json\/wp\/v2\/product_cat?post=56546"},{"taxonomy":"product_tag","embeddable":true,"href":"https:\/\/www.sunnyshop211.com\/en\/wp-json\/wp\/v2\/product_tag?post=56546"}],"curies":[{"name":"wp","href":"https:\/\/api.w.org\/{rel}","templated":true}]}}