{"id":56246,"date":"2026-04-12T13:14:29","date_gmt":"2026-04-12T12:14:29","guid":{"rendered":"https:\/\/www.sunnyshop211.com\/?post_type=product&#038;p=56246"},"modified":"2026-04-12T13:24:57","modified_gmt":"2026-04-12T12:24:57","slug":"comptoir-de-patisserie-miniature-1-6-1-4","status":"publish","type":"product","link":"https:\/\/www.sunnyshop211.com\/en\/product\/comptoir-de-patisserie-miniature-1-6-1-4\/","title":{"rendered":"MINIATURE PASTRY COUNTER - 1\/6 &amp; 1\/4"},"content":{"rendered":"<div id='gallery-1' class='gallery galleryid-56246 gallery-columns-3 gallery-size-thumbnail'><figure class='gallery-item'>\n\t\t\t<div class='gallery-icon landscape'>\n\t\t\t\t<a href='https:\/\/www.sunnyshop211.com\/en\/?attachment_id=56098'><img decoding=\"async\" width=\"150\" height=\"150\" src=\"https:\/\/www.sunnyshop211.com\/wp-content\/uploads\/2026\/04\/19-1-150x150.jpg\" class=\"attachment-thumbnail size-thumbnail\" alt=\"Comptoir de p\u00e2tisserie miniature avec vitrine \u2013 1\/4 BJD \u2022 MSD \u2022 Minifee\" srcset=\"https:\/\/www.sunnyshop211.com\/wp-content\/uploads\/2026\/04\/19-1-150x150.jpg 150w, https:\/\/www.sunnyshop211.com\/wp-content\/uploads\/2026\/04\/19-1-500x500.jpg 500w, https:\/\/www.sunnyshop211.com\/wp-content\/uploads\/2026\/04\/19-1-100x100.jpg 100w\" sizes=\"(max-width: 150px) 100vw, 150px\" \/><\/a>\n\t\t\t<\/div><\/figure><figure class='gallery-item'>\n\t\t\t<div class='gallery-icon landscape'>\n\t\t\t\t<a href='https:\/\/www.sunnyshop211.com\/en\/?attachment_id=56114'><img decoding=\"async\" width=\"150\" height=\"150\" src=\"https:\/\/www.sunnyshop211.com\/wp-content\/uploads\/2026\/04\/35-150x150.jpg\" class=\"attachment-thumbnail size-thumbnail\" alt=\"\" srcset=\"https:\/\/www.sunnyshop211.com\/wp-content\/uploads\/2026\/04\/35-150x150.jpg 150w, https:\/\/www.sunnyshop211.com\/wp-content\/uploads\/2026\/04\/35-500x500.jpg 500w, https:\/\/www.sunnyshop211.com\/wp-content\/uploads\/2026\/04\/35-100x100.jpg 100w\" sizes=\"(max-width: 150px) 100vw, 150px\" \/><\/a>\n\t\t\t<\/div><\/figure><figure class='gallery-item'>\n\t\t\t<div class='gallery-icon landscape'>\n\t\t\t\t<a href='https:\/\/www.sunnyshop211.com\/en\/?attachment_id=56132'><img decoding=\"async\" width=\"150\" height=\"150\" src=\"https:\/\/www.sunnyshop211.com\/wp-content\/uploads\/2026\/04\/53-150x150.jpg\" class=\"attachment-thumbnail size-thumbnail\" alt=\"Comptoir de p\u00e2tisserie miniature avec vitrine \u2013 1\/4 BJD \u2022 MSD \u2022 Minifee\" srcset=\"https:\/\/www.sunnyshop211.com\/wp-content\/uploads\/2026\/04\/53-150x150.jpg 150w, https:\/\/www.sunnyshop211.com\/wp-content\/uploads\/2026\/04\/53-500x500.jpg 500w, https:\/\/www.sunnyshop211.com\/wp-content\/uploads\/2026\/04\/53-100x100.jpg 100w\" sizes=\"(max-width: 150px) 100vw, 150px\" \/><\/a>\n\t\t\t<\/div><\/figure><figure class='gallery-item'>\n\t\t\t<div class='gallery-icon landscape'>\n\t\t\t\t<a href='https:\/\/www.sunnyshop211.com\/en\/?attachment_id=56097'><img loading=\"lazy\" decoding=\"async\" width=\"150\" height=\"150\" src=\"https:\/\/www.sunnyshop211.com\/wp-content\/uploads\/2026\/04\/18-1-150x150.jpg\" class=\"attachment-thumbnail size-thumbnail\" alt=\"\" srcset=\"https:\/\/www.sunnyshop211.com\/wp-content\/uploads\/2026\/04\/18-1-150x150.jpg 150w, https:\/\/www.sunnyshop211.com\/wp-content\/uploads\/2026\/04\/18-1-500x500.jpg 500w, https:\/\/www.sunnyshop211.com\/wp-content\/uploads\/2026\/04\/18-1-100x100.jpg 100w\" sizes=\"(max-width: 150px) 100vw, 150px\" \/><\/a>\n\t\t\t<\/div><\/figure>\n\t\t<\/div>\n\n<h1 data-section-id=\"q69oz3\" data-start=\"2673\" data-end=\"2738\"><span style=\"font-size: 24px;\">\ud83c\udf70\u2728 MINIATURE PASTRY COUNTER WITH DISPLAY CASE - 1\/6 &amp; 1\/4<\/span><\/h1>\n<p data-start=\"2739\" data-end=\"2790\"><strong data-start=\"2739\" data-end=\"2790\">Barbie - BJD - MSD - Minifee - Diorama boutique<\/strong><\/p>\n<hr data-start=\"2792\" data-end=\"2795\" \/>\n<p data-start=\"2797\" data-end=\"2815\">\ud83c\udf3f <strong data-start=\"2800\" data-end=\"2815\">Description<\/strong><\/p>\n<p data-start=\"2817\" data-end=\"2945\">This miniature pastry counter with display case is the ideal centerpiece for creating a unique <strong data-start=\"2896\" data-end=\"2944\">a real boutique or miniature tea room<\/strong>.<\/p>\n<p data-start=\"2947\" data-end=\"3072\">Its Plexiglas display case showcases your creations while adding a realistic, professional touch to your scenes \ud83c\udf70\u2728<\/p>\n<hr data-start=\"3074\" data-end=\"3077\" \/>\n<p data-start=\"3079\" data-end=\"3103\">\u2728 <strong data-start=\"3081\" data-end=\"3103\">Product details<\/strong><\/p>\n<p data-start=\"3105\" data-end=\"3163\">- 2-part countertop :<br data-start=\"3130\" data-end=\"3133\" \/>\u2192 Base<br data-start=\"3139\" data-end=\"3142\" \/>\u2192 Plexiglas display case<\/p>\n<p data-start=\"3165\" data-end=\"3243\">- Solid front on customer side<br data-start=\"3192\" data-end=\"3195\" \/>- Open rear<br data-start=\"3211\" data-end=\"3214\" \/>- Small interior shelf<\/p>\n<p data-start=\"3245\" data-end=\"3258\">\ud83d\udc49 Sold alone<\/p>\n<hr data-start=\"3260\" data-end=\"3263\" \/>\n<p data-start=\"3265\" data-end=\"3291\">\ud83d\udccf <strong data-start=\"3268\" data-end=\"3291\">Available sizes<\/strong><\/p>\n<p data-start=\"3293\" data-end=\"3380\">\u2022 <strong data-start=\"3295\" data-end=\"3310\">1\/4 scale<\/strong><br data-start=\"3310\" data-end=\"3313\" \/>\u2192 Length: 37 cm<br data-start=\"3331\" data-end=\"3334\" \/>\u2192 Base height: 20 cm<br data-start=\"3356\" data-end=\"3359\" \/>\u2192 Display case: 17.8 cm<\/p>\n<p data-start=\"3382\" data-end=\"3469\">\u2022 <strong data-start=\"3384\" data-end=\"3399\">Scale 1\/6<\/strong><br data-start=\"3399\" data-end=\"3402\" \/>\u2192 Dimensions adapted to 1\/6 scale<br data-start=\"3439\" data-end=\"3442\" \/>\ud83d\udc49 (proportions respected)<\/p>\n<hr data-start=\"3471\" data-end=\"3474\" \/>\n<p data-start=\"3476\" data-end=\"3496\">\ud83e\uddf8 <strong data-start=\"3479\" data-end=\"3496\">Compatibility<\/strong><\/p>\n<p data-start=\"3498\" data-end=\"3572\">\u2022 <strong data-start=\"3500\" data-end=\"3507\">1\/6<\/strong> : Barbie, Pullip, Blythe<br data-start=\"3532\" data-end=\"3535\" \/>\u2022 <strong data-start=\"3537\" data-end=\"3544\">1\/4<\/strong> BJD, MSD, Minifee, Unoa<\/p>\n<p data-start=\"3574\" data-end=\"3623\">\ud83d\udc49 Please select size when ordering<\/p>\n<hr data-start=\"3625\" data-end=\"3628\" \/>\n<p data-start=\"3630\" data-end=\"3665\">\ud83c\udfad <strong data-start=\"3633\" data-end=\"3665\">Staging &amp; associations<\/strong><\/p>\n<p data-start=\"3667\" data-end=\"3681\">Perfect for :<\/p>\n<p data-start=\"3683\" data-end=\"3747\">- miniature patisserie<br data-start=\"3705\" data-end=\"3708\" \/>- tea room<br data-start=\"3722\" data-end=\"3725\" \/>- gourmet store<\/p>\n<p data-start=\"3749\" data-end=\"3769\">Ideal for displaying :<\/p>\n<p data-start=\"3771\" data-end=\"3810\">- cakes<br data-start=\"3780\" data-end=\"3783\" \/>- bells<br data-start=\"3792\" data-end=\"3795\" \/>- displays<\/p>\n<hr data-start=\"3812\" data-end=\"3815\" \/>\n<p data-start=\"3817\" data-end=\"3836\">\ud83d\udee0\ufe0f <strong data-start=\"3821\" data-end=\"3836\">Manufacturing<\/strong><\/p>\n<p data-start=\"3838\" data-end=\"3887\">- Handcrafted products<br data-start=\"3862\" data-end=\"3865\" \/>- Meticulous finishes<\/p>\n<p data-start=\"1740\" data-end=\"1771\">\ud83d\udce6 <strong data-start=\"1743\" data-end=\"1771\">Important information<\/strong><\/p>\n<p data-start=\"1773\" data-end=\"1951\">- This is not a toy<br data-start=\"1798\" data-end=\"1801\" \/>- Article intended for an adult audience<br data-start=\"1837\" data-end=\"1840\" \/>- Countertop sold alone<br data-start=\"1861\" data-end=\"1864\" \/>- Cakes, crockery and accessories not included<br data-start=\"1910\" data-end=\"1913\" \/>- Photos = examples of staging<\/p>\n<hr data-start=\"1953\" data-end=\"1956\" \/>\n<p data-start=\"1958\" data-end=\"1974\">\ud83d\ude9a <strong data-start=\"1961\" data-end=\"1974\">Transport<\/strong><\/p>\n<p data-start=\"1976\" data-end=\"2044\">I am not responsible for any damage in transit.<\/p>\n<hr data-start=\"2046\" data-end=\"2049\" \/>\n<p data-start=\"2051\" data-end=\"2077\">\ud83d\udcf8 <strong data-start=\"2054\" data-end=\"2077\">More inspirations<\/strong><\/p>\n<p data-start=\"2079\" data-end=\"2121\">\ud83d\udc49 <a class=\"decorated-link\" href=\"https:\/\/www.instagram.com\/sunnyshop211\/\" target=\"_new\" rel=\"noopener\" data-start=\"2082\" data-end=\"2121\">https:\/\/www.instagram.com\/sunnyshop211\/<\/a><\/p>\n<hr data-start=\"2123\" data-end=\"2126\" \/>\n<p data-start=\"2128\" data-end=\"2229\">\ud83d\udcab <strong data-start=\"2131\" data-end=\"2229\">A central room to create an elegant, gourmet miniature tea room.<\/strong><\/p>","protected":false},"excerpt":{"rendered":"<p>\ud83c\udf70\u2728 COMPTOIR DE P\u00c2TISSERIE MINIATURE AVEC VITRINE \u2013 1\/6 &amp; 1\/4 Barbie \u2022 BJD \u2022 MSD \u2022 Minifee \u2022 Diorama boutique \ud83c\udf3f Description Ce comptoir de p\u00e2tisserie miniature avec vitrine est la pi\u00e8ce centrale id\u00e9ale pour cr\u00e9er une v\u00e9ritable boutique ou salon de th\u00e9 miniature. Sa vitrine en plexiglas met en valeur vos cr\u00e9ations tout [&hellip;]<\/p>\n","protected":false},"featured_media":56098,"comment_status":"open","ping_status":"closed","template":"","meta":{"_crdt_document":"","jetpack_post_was_ever_published":false,"jetpack_publicize_message":"","jetpack_publicize_feature_enabled":true,"jetpack_social_post_already_shared":true,"jetpack_social_options":{"image_generator_settings":{"template":"highway","default_image_id":0,"font":"","enabled":false},"version":2}},"product_brand":[],"product_cat":[667687056],"product_tag":[667681278,667681145,667681143,667681341,667681284,667684372,667681142,667684395,667684370,667684381,667681234,667681226,667681233,667681343,667681225,667681279,667681241,667681340,667681144,667681236,667681261,667681281,667681173,667681280,667681177,667681277,667684397,667684379,667681338,667681260],"class_list":{"0":"post-56246","1":"product","2":"type-product","3":"status-publish","4":"has-post-thumbnail","6":"product_cat-mobilier-de-restaurant","7":"product_tag-barbie","8":"product_tag-bed","9":"product_tag-bedroom","10":"product_tag-bid","11":"product_tag-blythe","12":"product_tag-cerceuil","13":"product_tag-chambre","14":"product_tag-citrouille","15":"product_tag-coffin","16":"product_tag-corbeau","17":"product_tag-diorama","18":"product_tag-doll","19":"product_tag-dollhouse","20":"product_tag-etagere","21":"product_tag-furniture","22":"product_tag-hot-toys","23":"product_tag-iplehouse","24":"product_tag-kid","25":"product_tag-lit","26":"product_tag-maison-de-poupee","27":"product_tag-meuble","28":"product_tag-meubles","29":"product_tag-minifee","30":"product_tag-phicen","31":"product_tag-poupee","32":"product_tag-pullip","33":"product_tag-pumpkin","34":"product_tag-raven","35":"product_tag-table-de-nuit","36":"product_tag-tonner","37":"product_shipping_class-colissimo-6","39":"first","40":"instock","41":"taxable","42":"shipping-taxable","43":"purchasable","44":"product-type-variable"},"yoast_head":"<!-- This site is optimized with the Yoast SEO plugin v27.4 - https:\/\/yoast.com\/product\/yoast-seo-wordpress\/ -->\n<title>COMPTOIR DE P\u00c2TISSERIE MINIATURE \u2013 1\/6 &amp; 1\/4 -<\/title>\n<meta name=\"description\" content=\"COMPTOIR DE P\u00c2TISSERIE MINIATURE \u2013 1\/6 &amp; 1\/4 \u2022Barbie MSD \u2022 Minifee ,Id\u00e9al pour am\u00e9nager vos dioramas avec \u00e9l\u00e9gance et cr\u00e9er votre salon de th\u00e9\" \/>\n<meta name=\"robots\" content=\"index, follow, max-snippet:-1, max-image-preview:large, max-video-preview:-1\" \/>\n<link rel=\"canonical\" href=\"https:\/\/www.sunnyshop211.com\/en\/product\/comptoir-de-patisserie-miniature-1-6-1-4\/\" \/>\n<meta property=\"og:locale\" content=\"en_US\" \/>\n<meta property=\"og:type\" content=\"article\" \/>\n<meta property=\"og:title\" content=\"COMPTOIR DE P\u00c2TISSERIE MINIATURE \u2013 1\/6 &amp; 1\/4 -\" \/>\n<meta property=\"og:description\" content=\"COMPTOIR DE P\u00c2TISSERIE MINIATURE \u2013 1\/6 &amp; 1\/4 \u2022Barbie MSD \u2022 Minifee ,Id\u00e9al pour am\u00e9nager vos dioramas avec \u00e9l\u00e9gance et cr\u00e9er votre salon de th\u00e9\" \/>\n<meta property=\"og:url\" content=\"https:\/\/www.sunnyshop211.com\/en\/product\/comptoir-de-patisserie-miniature-1-6-1-4\/\" \/>\n<meta property=\"og:site_name\" content=\"Sunnyshop211 -Vente de dioramas, meubles, miniatures , bjd poup\u00e9es 1\/12 1\/8 1\/6 1\/4 1\/3\" \/>\n<meta property=\"article:publisher\" content=\"https:\/\/www.facebook.com\/sunnyshop211\/?ref=bookmarks\" \/>\n<meta property=\"article:modified_time\" content=\"2026-04-12T12:24:57+00:00\" \/>\n<meta property=\"og:image\" content=\"https:\/\/www.sunnyshop211.com\/wp-content\/uploads\/2026\/04\/19-1-scaled.jpg\" \/>\n\t<meta property=\"og:image:width\" content=\"2560\" \/>\n\t<meta property=\"og:image:height\" content=\"1707\" \/>\n\t<meta property=\"og:image:type\" content=\"image\/jpeg\" \/>\n<meta name=\"twitter:card\" content=\"summary_large_image\" \/>\n<meta name=\"twitter:site\" content=\"@sunnyshop211\" \/>\n<meta name=\"twitter:label1\" content=\"Est. reading time\" \/>\n\t<meta name=\"twitter:data1\" content=\"2 minutes\" \/>\n<script type=\"application\/ld+json\" class=\"yoast-schema-graph\">{\"@context\":\"https:\\\/\\\/schema.org\",\"@graph\":[{\"@type\":\"WebPage\",\"@id\":\"https:\\\/\\\/www.sunnyshop211.com\\\/produit\\\/comptoir-de-patisserie-miniature-1-6-1-4\\\/\",\"url\":\"https:\\\/\\\/www.sunnyshop211.com\\\/produit\\\/comptoir-de-patisserie-miniature-1-6-1-4\\\/\",\"name\":\"COMPTOIR DE P\u00c2TISSERIE MINIATURE \u2013 1\\\/6 & 1\\\/4 -\",\"isPartOf\":{\"@id\":\"https:\\\/\\\/www.sunnyshop211.com\\\/#website\"},\"primaryImageOfPage\":{\"@id\":\"https:\\\/\\\/www.sunnyshop211.com\\\/produit\\\/comptoir-de-patisserie-miniature-1-6-1-4\\\/#primaryimage\"},\"image\":{\"@id\":\"https:\\\/\\\/www.sunnyshop211.com\\\/produit\\\/comptoir-de-patisserie-miniature-1-6-1-4\\\/#primaryimage\"},\"thumbnailUrl\":\"https:\\\/\\\/www.sunnyshop211.com\\\/wp-content\\\/uploads\\\/2026\\\/04\\\/19-1-scaled.jpg\",\"datePublished\":\"2026-04-12T12:14:29+00:00\",\"dateModified\":\"2026-04-12T12:24:57+00:00\",\"description\":\"COMPTOIR DE P\u00c2TISSERIE MINIATURE \u2013 1\\\/6 & 1\\\/4 \u2022Barbie MSD \u2022 Minifee ,Id\u00e9al pour am\u00e9nager vos dioramas avec \u00e9l\u00e9gance et cr\u00e9er votre salon de th\u00e9\",\"breadcrumb\":{\"@id\":\"https:\\\/\\\/www.sunnyshop211.com\\\/produit\\\/comptoir-de-patisserie-miniature-1-6-1-4\\\/#breadcrumb\"},\"inLanguage\":\"en-US\",\"potentialAction\":[{\"@type\":\"ReadAction\",\"target\":[\"https:\\\/\\\/www.sunnyshop211.com\\\/produit\\\/comptoir-de-patisserie-miniature-1-6-1-4\\\/\"]}]},{\"@type\":\"ImageObject\",\"inLanguage\":\"en-US\",\"@id\":\"https:\\\/\\\/www.sunnyshop211.com\\\/produit\\\/comptoir-de-patisserie-miniature-1-6-1-4\\\/#primaryimage\",\"url\":\"https:\\\/\\\/www.sunnyshop211.com\\\/wp-content\\\/uploads\\\/2026\\\/04\\\/19-1-scaled.jpg\",\"contentUrl\":\"https:\\\/\\\/www.sunnyshop211.com\\\/wp-content\\\/uploads\\\/2026\\\/04\\\/19-1-scaled.jpg\",\"width\":2560,\"height\":1707,\"caption\":\"Comptoir de p\u00e2tisserie miniature avec vitrine \u2013 1\\\/4 BJD \u2022 MSD \u2022 Minifee\"},{\"@type\":\"BreadcrumbList\",\"@id\":\"https:\\\/\\\/www.sunnyshop211.com\\\/produit\\\/comptoir-de-patisserie-miniature-1-6-1-4\\\/#breadcrumb\",\"itemListElement\":[{\"@type\":\"ListItem\",\"position\":1,\"name\":\"Accueil\",\"item\":\"https:\\\/\\\/www.sunnyshop211.com\\\/\"},{\"@type\":\"ListItem\",\"position\":2,\"name\":\"Boutique\",\"item\":\"https:\\\/\\\/www.sunnyshop211.com\\\/boutique-miniature-bjd-dolls\\\/\"},{\"@type\":\"ListItem\",\"position\":3,\"name\":\"COMPTOIR DE P\u00c2TISSERIE MINIATURE \u2013 1\\\/6 &#038; 1\\\/4\"}]},{\"@type\":\"WebSite\",\"@id\":\"https:\\\/\\\/www.sunnyshop211.com\\\/#website\",\"url\":\"https:\\\/\\\/www.sunnyshop211.com\\\/\",\"name\":\"Vente de dioramas, meubles, miniatures , bjd poup\u00e9es 1\\\/12 1\\\/8 1\\\/6 1\\\/4 1\\\/3\",\"description\":\"Sunnyshop211 - Votre univers miniature pour poup\u00e9es et BJD, dioramas et meubles sur mesure !\",\"publisher\":{\"@id\":\"https:\\\/\\\/www.sunnyshop211.com\\\/#organization\"},\"alternateName\":\"sunnyshop211\",\"potentialAction\":[{\"@type\":\"SearchAction\",\"target\":{\"@type\":\"EntryPoint\",\"urlTemplate\":\"https:\\\/\\\/www.sunnyshop211.com\\\/?s={search_term_string}\"},\"query-input\":{\"@type\":\"PropertyValueSpecification\",\"valueRequired\":true,\"valueName\":\"search_term_string\"}}],\"inLanguage\":\"en-US\"},{\"@type\":\"Organization\",\"@id\":\"https:\\\/\\\/www.sunnyshop211.com\\\/#organization\",\"name\":\"sunnyshop211\",\"alternateName\":\"sunnyshop211 diorama bjd meuble miniature\",\"url\":\"https:\\\/\\\/www.sunnyshop211.com\\\/\",\"logo\":{\"@type\":\"ImageObject\",\"inLanguage\":\"en-US\",\"@id\":\"https:\\\/\\\/www.sunnyshop211.com\\\/#\\\/schema\\\/logo\\\/image\\\/\",\"url\":\"https:\\\/\\\/www.sunnyshop211.com\\\/wp-content\\\/uploads\\\/2022\\\/08\\\/cropped-cropped-cropped-Sunnyshop211-1.png\",\"contentUrl\":\"https:\\\/\\\/www.sunnyshop211.com\\\/wp-content\\\/uploads\\\/2022\\\/08\\\/cropped-cropped-cropped-Sunnyshop211-1.png\",\"width\":339,\"height\":339,\"caption\":\"sunnyshop211\"},\"image\":{\"@id\":\"https:\\\/\\\/www.sunnyshop211.com\\\/#\\\/schema\\\/logo\\\/image\\\/\"},\"sameAs\":[\"https:\\\/\\\/www.facebook.com\\\/sunnyshop211\\\/?ref=bookmarks\",\"https:\\\/\\\/x.com\\\/sunnyshop211\",\"https:\\\/\\\/www.instagram.com\\\/sunnyshop211\\\/\",\"https:\\\/\\\/www.tumblr.com\\\/blog\\\/sunnyshop211\",\"https:\\\/\\\/www.youtube.com\\\/channel\\\/UCtYY18OGGDKrTSzgcf7fCBg\",\"https:\\\/\\\/www.tiktok.com\\\/@sunnydollshop211?is_from_webapp=1&sender_device=pc\"]}]}<\/script>\n<!-- \/ Yoast SEO plugin. -->","yoast_head_json":{"title":"MINIATURE PASTRY COUNTERS - 1\/6 &amp; 1\/4 -","description":"COMPTOIR DE P\u00c2TISSERIE MINIATURE - 1\/6 &amp; 1\/4 -Barbie MSD - Minifee ,Ideal for elegant dioramas and tea rooms.","robots":{"index":"index","follow":"follow","max-snippet":"max-snippet:-1","max-image-preview":"max-image-preview:large","max-video-preview":"max-video-preview:-1"},"canonical":"https:\/\/www.sunnyshop211.com\/en\/product\/comptoir-de-patisserie-miniature-1-6-1-4\/","og_locale":"en_US","og_type":"article","og_title":"COMPTOIR DE P\u00c2TISSERIE MINIATURE \u2013 1\/6 & 1\/4 -","og_description":"COMPTOIR DE P\u00c2TISSERIE MINIATURE \u2013 1\/6 & 1\/4 \u2022Barbie MSD \u2022 Minifee ,Id\u00e9al pour am\u00e9nager vos dioramas avec \u00e9l\u00e9gance et cr\u00e9er votre salon de th\u00e9","og_url":"https:\/\/www.sunnyshop211.com\/en\/product\/comptoir-de-patisserie-miniature-1-6-1-4\/","og_site_name":"Sunnyshop211 -Vente de dioramas, meubles, miniatures , bjd poup\u00e9es 1\/12 1\/8 1\/6 1\/4 1\/3","article_publisher":"https:\/\/www.facebook.com\/sunnyshop211\/?ref=bookmarks","article_modified_time":"2026-04-12T12:24:57+00:00","og_image":[{"width":2560,"height":1707,"url":"https:\/\/www.sunnyshop211.com\/wp-content\/uploads\/2026\/04\/19-1-scaled.jpg","type":"image\/jpeg"}],"twitter_card":"summary_large_image","twitter_site":"@sunnyshop211","twitter_misc":{"Est. reading time":"2 minutes"},"schema":{"@context":"https:\/\/schema.org","@graph":[{"@type":"WebPage","@id":"https:\/\/www.sunnyshop211.com\/produit\/comptoir-de-patisserie-miniature-1-6-1-4\/","url":"https:\/\/www.sunnyshop211.com\/produit\/comptoir-de-patisserie-miniature-1-6-1-4\/","name":"MINIATURE PASTRY COUNTERS - 1\/6 &amp; 1\/4 -","isPartOf":{"@id":"https:\/\/www.sunnyshop211.com\/#website"},"primaryImageOfPage":{"@id":"https:\/\/www.sunnyshop211.com\/produit\/comptoir-de-patisserie-miniature-1-6-1-4\/#primaryimage"},"image":{"@id":"https:\/\/www.sunnyshop211.com\/produit\/comptoir-de-patisserie-miniature-1-6-1-4\/#primaryimage"},"thumbnailUrl":"https:\/\/www.sunnyshop211.com\/wp-content\/uploads\/2026\/04\/19-1-scaled.jpg","datePublished":"2026-04-12T12:14:29+00:00","dateModified":"2026-04-12T12:24:57+00:00","description":"COMPTOIR DE P\u00c2TISSERIE MINIATURE - 1\/6 &amp; 1\/4 -Barbie MSD - Minifee ,Ideal for elegant dioramas and tea rooms.","breadcrumb":{"@id":"https:\/\/www.sunnyshop211.com\/produit\/comptoir-de-patisserie-miniature-1-6-1-4\/#breadcrumb"},"inLanguage":"en-US","potentialAction":[{"@type":"ReadAction","target":["https:\/\/www.sunnyshop211.com\/produit\/comptoir-de-patisserie-miniature-1-6-1-4\/"]}]},{"@type":"ImageObject","inLanguage":"en-US","@id":"https:\/\/www.sunnyshop211.com\/produit\/comptoir-de-patisserie-miniature-1-6-1-4\/#primaryimage","url":"https:\/\/www.sunnyshop211.com\/wp-content\/uploads\/2026\/04\/19-1-scaled.jpg","contentUrl":"https:\/\/www.sunnyshop211.com\/wp-content\/uploads\/2026\/04\/19-1-scaled.jpg","width":2560,"height":1707,"caption":"Comptoir de p\u00e2tisserie miniature avec vitrine \u2013 1\/4 BJD \u2022 MSD \u2022 Minifee"},{"@type":"BreadcrumbList","@id":"https:\/\/www.sunnyshop211.com\/produit\/comptoir-de-patisserie-miniature-1-6-1-4\/#breadcrumb","itemListElement":[{"@type":"ListItem","position":1,"name":"Accueil","item":"https:\/\/www.sunnyshop211.com\/"},{"@type":"ListItem","position":2,"name":"Boutique","item":"https:\/\/www.sunnyshop211.com\/boutique-miniature-bjd-dolls\/"},{"@type":"ListItem","position":3,"name":"COMPTOIR DE P\u00c2TISSERIE MINIATURE \u2013 1\/6 &#038; 1\/4"}]},{"@type":"WebSite","@id":"https:\/\/www.sunnyshop211.com\/#website","url":"https:\/\/www.sunnyshop211.com\/","name":"Sale of dioramas, furniture, miniatures, bjd dolls 1\/12 1\/8 1\/6 1\/4 1\/3","description":"Sunnyshop211 - Your miniature world for dolls and BJDs, dioramas and custom-made furniture!","publisher":{"@id":"https:\/\/www.sunnyshop211.com\/#organization"},"alternateName":"sunnyshop211","potentialAction":[{"@type":"SearchAction","target":{"@type":"EntryPoint","urlTemplate":"https:\/\/www.sunnyshop211.com\/?s={search_term_string}"},"query-input":{"@type":"PropertyValueSpecification","valueRequired":true,"valueName":"search_term_string"}}],"inLanguage":"en-US"},{"@type":"Organization","@id":"https:\/\/www.sunnyshop211.com\/#organization","name":"sunnyshop211","alternateName":"sunnyshop211 diorama bjd meuble miniature","url":"https:\/\/www.sunnyshop211.com\/","logo":{"@type":"ImageObject","inLanguage":"en-US","@id":"https:\/\/www.sunnyshop211.com\/#\/schema\/logo\/image\/","url":"https:\/\/www.sunnyshop211.com\/wp-content\/uploads\/2022\/08\/cropped-cropped-cropped-Sunnyshop211-1.png","contentUrl":"https:\/\/www.sunnyshop211.com\/wp-content\/uploads\/2022\/08\/cropped-cropped-cropped-Sunnyshop211-1.png","width":339,"height":339,"caption":"sunnyshop211"},"image":{"@id":"https:\/\/www.sunnyshop211.com\/#\/schema\/logo\/image\/"},"sameAs":["https:\/\/www.facebook.com\/sunnyshop211\/?ref=bookmarks","https:\/\/x.com\/sunnyshop211","https:\/\/www.instagram.com\/sunnyshop211\/","https:\/\/www.tumblr.com\/blog\/sunnyshop211","https:\/\/www.youtube.com\/channel\/UCtYY18OGGDKrTSzgcf7fCBg","https:\/\/www.tiktok.com\/@sunnydollshop211?is_from_webapp=1&sender_device=pc"]}]}},"jetpack_publicize_connections":[],"jetpack_sharing_enabled":true,"_links":{"self":[{"href":"https:\/\/www.sunnyshop211.com\/en\/wp-json\/wp\/v2\/product\/56246","targetHints":{"allow":["GET"]}}],"collection":[{"href":"https:\/\/www.sunnyshop211.com\/en\/wp-json\/wp\/v2\/product"}],"about":[{"href":"https:\/\/www.sunnyshop211.com\/en\/wp-json\/wp\/v2\/types\/product"}],"replies":[{"embeddable":true,"href":"https:\/\/www.sunnyshop211.com\/en\/wp-json\/wp\/v2\/comments?post=56246"}],"version-history":[{"count":3,"href":"https:\/\/www.sunnyshop211.com\/en\/wp-json\/wp\/v2\/product\/56246\/revisions"}],"predecessor-version":[{"id":56251,"href":"https:\/\/www.sunnyshop211.com\/en\/wp-json\/wp\/v2\/product\/56246\/revisions\/56251"}],"wp:featuredmedia":[{"embeddable":true,"href":"https:\/\/www.sunnyshop211.com\/en\/wp-json\/wp\/v2\/media\/56098"}],"wp:attachment":[{"href":"https:\/\/www.sunnyshop211.com\/en\/wp-json\/wp\/v2\/media?parent=56246"}],"wp:term":[{"taxonomy":"product_brand","embeddable":true,"href":"https:\/\/www.sunnyshop211.com\/en\/wp-json\/wp\/v2\/product_brand?post=56246"},{"taxonomy":"product_cat","embeddable":true,"href":"https:\/\/www.sunnyshop211.com\/en\/wp-json\/wp\/v2\/product_cat?post=56246"},{"taxonomy":"product_tag","embeddable":true,"href":"https:\/\/www.sunnyshop211.com\/en\/wp-json\/wp\/v2\/product_tag?post=56246"}],"curies":[{"name":"wp","href":"https:\/\/api.w.org\/{rel}","templated":true}]}}