{"id":56241,"date":"2026-04-12T13:07:30","date_gmt":"2026-04-12T12:07:30","guid":{"rendered":"https:\/\/www.sunnyshop211.com\/?post_type=product&#038;p=56241"},"modified":"2026-04-12T13:28:23","modified_gmt":"2026-04-12T12:28:23","slug":"armoire-etagere-miniature-1-6-1-4","status":"publish","type":"product","link":"https:\/\/www.sunnyshop211.com\/en\/product\/armoire-etagere-miniature-1-6-1-4\/","title":{"rendered":"MINIATURE CABINET \/ SHELF - 1\/6 &amp; 1\/4"},"content":{"rendered":"<div id='gallery-1' class='gallery galleryid-56241 gallery-columns-3 gallery-size-thumbnail'><figure class='gallery-item'>\n\t\t\t<div class='gallery-icon portrait'>\n\t\t\t\t<a href='https:\/\/www.sunnyshop211.com\/en\/?attachment_id=56133'><img decoding=\"async\" width=\"150\" height=\"150\" src=\"https:\/\/www.sunnyshop211.com\/wp-content\/uploads\/2026\/04\/54-150x150.jpg\" class=\"attachment-thumbnail size-thumbnail\" alt=\"Armoire \/ \u00c9tag\u00e8re miniature \u2013 1\/4 BJD \u2022 MSD \u2022 Minifee\" srcset=\"https:\/\/www.sunnyshop211.com\/wp-content\/uploads\/2026\/04\/54-150x150.jpg 150w, https:\/\/www.sunnyshop211.com\/wp-content\/uploads\/2026\/04\/54-500x500.jpg 500w, https:\/\/www.sunnyshop211.com\/wp-content\/uploads\/2026\/04\/54-100x100.jpg 100w\" sizes=\"(max-width: 150px) 100vw, 150px\" \/><\/a>\n\t\t\t<\/div><\/figure><figure class='gallery-item'>\n\t\t\t<div class='gallery-icon landscape'>\n\t\t\t\t<a href='https:\/\/www.sunnyshop211.com\/en\/?attachment_id=56114'><img decoding=\"async\" width=\"150\" height=\"150\" src=\"https:\/\/www.sunnyshop211.com\/wp-content\/uploads\/2026\/04\/35-150x150.jpg\" class=\"attachment-thumbnail size-thumbnail\" alt=\"\" srcset=\"https:\/\/www.sunnyshop211.com\/wp-content\/uploads\/2026\/04\/35-150x150.jpg 150w, https:\/\/www.sunnyshop211.com\/wp-content\/uploads\/2026\/04\/35-500x500.jpg 500w, https:\/\/www.sunnyshop211.com\/wp-content\/uploads\/2026\/04\/35-100x100.jpg 100w\" sizes=\"(max-width: 150px) 100vw, 150px\" \/><\/a>\n\t\t\t<\/div><\/figure><figure class='gallery-item'>\n\t\t\t<div class='gallery-icon landscape'>\n\t\t\t\t<a href='https:\/\/www.sunnyshop211.com\/en\/?attachment_id=56099'><img decoding=\"async\" width=\"150\" height=\"150\" src=\"https:\/\/www.sunnyshop211.com\/wp-content\/uploads\/2026\/04\/20-1-150x150.jpg\" class=\"attachment-thumbnail size-thumbnail\" alt=\"Armoire \/ \u00c9tag\u00e8re miniature \u2013 1\/4 BJD \u2022 MSD \u2022 Minifee\" srcset=\"https:\/\/www.sunnyshop211.com\/wp-content\/uploads\/2026\/04\/20-1-150x150.jpg 150w, https:\/\/www.sunnyshop211.com\/wp-content\/uploads\/2026\/04\/20-1-500x500.jpg 500w, https:\/\/www.sunnyshop211.com\/wp-content\/uploads\/2026\/04\/20-1-100x100.jpg 100w\" sizes=\"(max-width: 150px) 100vw, 150px\" \/><\/a>\n\t\t\t<\/div><\/figure><figure class='gallery-item'>\n\t\t\t<div class='gallery-icon landscape'>\n\t\t\t\t<a href='https:\/\/www.sunnyshop211.com\/en\/?attachment_id=56097'><img loading=\"lazy\" decoding=\"async\" width=\"150\" height=\"150\" src=\"https:\/\/www.sunnyshop211.com\/wp-content\/uploads\/2026\/04\/18-1-150x150.jpg\" class=\"attachment-thumbnail size-thumbnail\" alt=\"\" srcset=\"https:\/\/www.sunnyshop211.com\/wp-content\/uploads\/2026\/04\/18-1-150x150.jpg 150w, https:\/\/www.sunnyshop211.com\/wp-content\/uploads\/2026\/04\/18-1-500x500.jpg 500w, https:\/\/www.sunnyshop211.com\/wp-content\/uploads\/2026\/04\/18-1-100x100.jpg 100w\" sizes=\"(max-width: 150px) 100vw, 150px\" \/><\/a>\n\t\t\t<\/div><\/figure><figure class='gallery-item'>\n\t\t\t<div class='gallery-icon landscape'>\n\t\t\t\t<a href='https:\/\/www.sunnyshop211.com\/en\/?attachment_id=56098'><img loading=\"lazy\" decoding=\"async\" width=\"150\" height=\"150\" src=\"https:\/\/www.sunnyshop211.com\/wp-content\/uploads\/2026\/04\/19-1-150x150.jpg\" class=\"attachment-thumbnail size-thumbnail\" alt=\"Comptoir de p\u00e2tisserie miniature avec vitrine \u2013 1\/4 BJD \u2022 MSD \u2022 Minifee\" srcset=\"https:\/\/www.sunnyshop211.com\/wp-content\/uploads\/2026\/04\/19-1-150x150.jpg 150w, https:\/\/www.sunnyshop211.com\/wp-content\/uploads\/2026\/04\/19-1-500x500.jpg 500w, https:\/\/www.sunnyshop211.com\/wp-content\/uploads\/2026\/04\/19-1-100x100.jpg 100w\" sizes=\"(max-width: 150px) 100vw, 150px\" \/><\/a>\n\t\t\t<\/div><\/figure>\n\t\t<\/div>\n\n<h1 data-section-id=\"175z3py\" data-start=\"1569\" data-end=\"1616\">\ud83e\uddc1\u2728 MINIATURE CABINET \/ SHELF - 1\/6 &amp; 1\/4<\/h1>\n<p data-start=\"1617\" data-end=\"1672\"><strong data-start=\"1617\" data-end=\"1672\">BJD - Barbie - MSD - Minifee - Diorama tea room<\/strong><\/p>\n<hr data-start=\"1674\" data-end=\"1677\" \/>\n<p data-start=\"1679\" data-end=\"1697\">\ud83c\udf3f <strong data-start=\"1682\" data-end=\"1697\">Description<\/strong><\/p>\n<p data-start=\"1699\" data-end=\"1802\">This miniature cabinet is perfect for creating a <strong data-start=\"1751\" data-end=\"1783\">an elegant and realistic showcase<\/strong> in your dioramas.<\/p>\n<p data-start=\"1804\" data-end=\"1936\">Its shelves make it easy to display your pastries, accessories or crockery for a look worthy of a real boutique \ud83c\udf70\ud83d\udc95<\/p>\n<hr data-start=\"1938\" data-end=\"1941\" \/>\n<p data-start=\"1943\" data-end=\"1967\">\u2728 <strong data-start=\"1945\" data-end=\"1967\">Product details<\/strong><\/p>\n<p data-start=\"1969\" data-end=\"2079\">- Miniature cabinet \/ shelf<br data-start=\"1998\" data-end=\"2001\" \/>- Multiple storage levels<br data-start=\"2033\" data-end=\"2036\" \/>- Decorative drawers<br data-start=\"2056\" data-end=\"2059\" \/>- Stable structure<\/p>\n<p data-start=\"2081\" data-end=\"2100\">\ud83d\udc49 Sold by unit<\/p>\n<hr data-start=\"2102\" data-end=\"2105\" \/>\n<p data-start=\"2107\" data-end=\"2133\">\ud83d\udccf <strong data-start=\"2110\" data-end=\"2133\">Available sizes<\/strong><\/p>\n<p data-start=\"2135\" data-end=\"2216\">\u2022 <strong data-start=\"2137\" data-end=\"2152\">1\/4 scale<\/strong><br data-start=\"2152\" data-end=\"2155\" \/>\u2192 Height: 48 cm<br data-start=\"2172\" data-end=\"2175\" \/>\u2192 Width: 16 cm<br data-start=\"2192\" data-end=\"2195\" \/>\u2192 Depth: 8 cm<\/p>\n<p data-start=\"2218\" data-end=\"2303\">\u2022 <strong data-start=\"2220\" data-end=\"2235\">Scale 1\/6<\/strong><br data-start=\"2235\" data-end=\"2238\" \/>\u2192 Dimensions adapted to 1\/6 scale<br data-start=\"2275\" data-end=\"2278\" \/>\ud83d\udc49 (proportional model)<\/p>\n<hr data-start=\"2305\" data-end=\"2308\" \/>\n<p data-start=\"2310\" data-end=\"2330\">\ud83e\uddf8 <strong data-start=\"2313\" data-end=\"2330\">Compatibility<\/strong><\/p>\n<p data-start=\"2332\" data-end=\"2406\">\u2022 <strong data-start=\"2334\" data-end=\"2341\">1\/6<\/strong> : Barbie, Pullip, Blythe<br data-start=\"2366\" data-end=\"2369\" \/>\u2022 <strong data-start=\"2371\" data-end=\"2378\">1\/4<\/strong> BJD, MSD, Minifee, Unoa<\/p>\n<hr data-start=\"2408\" data-end=\"2411\" \/>\n<p data-start=\"2448\" data-end=\"2524\">\n<p data-start=\"2552\" data-end=\"2593\">\n<p data-start=\"2618\" data-end=\"2661\">\n<p data-start=\"1208\" data-end=\"1243\">\ud83c\udfad <strong data-start=\"1211\" data-end=\"1243\">Staging &amp; associations<\/strong><\/p>\n<p data-start=\"1245\" data-end=\"1260\">Perfect for :<\/p>\n<p data-start=\"1262\" data-end=\"1366\">- miniature tea room \u2615<br data-start=\"1288\" data-end=\"1291\" \/>- patisserie \/ boutique \ud83c\udf70<br data-start=\"1317\" data-end=\"1320\" \/>- miniature kitchen<br data-start=\"1339\" data-end=\"1342\" \/>- decorative display cases<\/p>\n<p data-start=\"1368\" data-end=\"1389\">Ideal for displaying :<\/p>\n<p data-start=\"1391\" data-end=\"1454\">- miniature cakes<br data-start=\"1411\" data-end=\"1414\" \/>- tableware<br data-start=\"1425\" data-end=\"1428\" \/>- decorative accessories<\/p>\n<p data-start=\"1456\" data-end=\"1522\">Compatible with creations <strong data-start=\"1486\" data-end=\"1502\">sunnyshop211<\/strong> sold separately.<\/p>\n<hr data-start=\"1524\" data-end=\"1527\" \/>\n<h3 data-start=\"1529\" data-end=\"1548\">\ud83d\udee0\ufe0f <strong data-start=\"1533\" data-end=\"1548\">Manufacturing<\/strong><\/h3>\n<p data-start=\"1550\" data-end=\"1630\">- Handcrafted products<br data-start=\"1574\" data-end=\"1577\" \/>- Meticulous finish<br data-start=\"1595\" data-end=\"1598\" \/>- Slight variations possible<\/p>\n<hr data-start=\"1632\" data-end=\"1635\" \/>\n<p data-start=\"1637\" data-end=\"1668\">\ud83d\udce6 <strong data-start=\"1640\" data-end=\"1668\">Important information<\/strong><\/p>\n<p data-start=\"1670\" data-end=\"1843\">- This is not a toy<br data-start=\"1695\" data-end=\"1698\" \/>- Article intended for an adult audience<br data-start=\"1734\" data-end=\"1737\" \/>- Cabinet sold alone<br data-start=\"1759\" data-end=\"1762\" \/>- Accessories, dolls and decor not included<br data-start=\"1802\" data-end=\"1805\" \/>- Photos = examples of staging<\/p>\n<hr data-start=\"1845\" data-end=\"1848\" \/>\n<p data-start=\"1850\" data-end=\"1866\">\ud83d\ude9a <strong data-start=\"1853\" data-end=\"1866\">Transport<\/strong><\/p>\n<p data-start=\"1868\" data-end=\"1936\">I am not responsible for any damage in transit.<\/p>\n<hr data-start=\"1938\" data-end=\"1941\" \/>\n<p data-start=\"1943\" data-end=\"1969\">\ud83d\udcf8 <strong data-start=\"1946\" data-end=\"1969\">More inspirations<\/strong><\/p>\n<p data-start=\"1971\" data-end=\"2013\">\ud83d\udc49 <a class=\"decorated-link\" href=\"https:\/\/www.instagram.com\/sunnyshop211\/\" target=\"_new\" rel=\"noopener\" data-start=\"1974\" data-end=\"2013\">https:\/\/www.instagram.com\/sunnyshop211\/<\/a><\/p>\n<hr data-start=\"2015\" data-end=\"2018\" \/>\n<p data-start=\"2020\" data-end=\"2125\">\ud83d\udcab <strong data-start=\"2023\" data-end=\"2125\">An essential piece for structuring and enhancing your miniature decors with realism and elegance.<\/strong><\/p>","protected":false},"excerpt":{"rendered":"<p>\ud83e\uddc1\u2728 ARMOIRE \/ \u00c9TAG\u00c8RE MINIATURE \u2013 1\/6 &amp; 1\/4 BJD \u2022 Barbie \u2022 MSD \u2022 Minifee \u2022 Diorama salon de th\u00e9 \ud83c\udf3f Description Cette armoire miniature est parfaite pour cr\u00e9er une vitrine \u00e9l\u00e9gante et r\u00e9aliste dans vos dioramas. Ses \u00e9tag\u00e8res permettent d\u2019exposer facilement vos p\u00e2tisseries, accessoires ou vaisselle pour un rendu digne d\u2019une vraie boutique [&hellip;]<\/p>\n","protected":false},"featured_media":56099,"comment_status":"open","ping_status":"closed","template":"","meta":{"_crdt_document":"","jetpack_post_was_ever_published":false,"jetpack_publicize_message":"","jetpack_publicize_feature_enabled":true,"jetpack_social_post_already_shared":true,"jetpack_social_options":{"image_generator_settings":{"template":"highway","default_image_id":0,"font":"","enabled":false},"version":2}},"product_brand":[],"product_cat":[667687083,667687013,667687056,667687014,667687082],"product_tag":[667681278,667681145,667681143,667681341,667681284,667684372,667681142,667684395,667684370,667684381,667681234,667681226,667681233,667681343,667681225,667681279,667681241,667681340,667681144,667681236,667681261,667681281,667681173,667681280,667681177,667681277,667684397,667684379,667681338,667681260],"class_list":{"0":"post-56241","1":"product","2":"type-product","3":"status-publish","4":"has-post-thumbnail","6":"product_cat-chambre-meubles-miniature-1-6","7":"product_cat-chambre-meubles-miniature-1-4","8":"product_cat-mobilier-de-restaurant","9":"product_cat-salon","10":"product_cat-salon-meubles-miniature-1-6","11":"product_tag-barbie","12":"product_tag-bed","13":"product_tag-bedroom","14":"product_tag-bid","15":"product_tag-blythe","16":"product_tag-cerceuil","17":"product_tag-chambre","18":"product_tag-citrouille","19":"product_tag-coffin","20":"product_tag-corbeau","21":"product_tag-diorama","22":"product_tag-doll","23":"product_tag-dollhouse","24":"product_tag-etagere","25":"product_tag-furniture","26":"product_tag-hot-toys","27":"product_tag-iplehouse","28":"product_tag-kid","29":"product_tag-lit","30":"product_tag-maison-de-poupee","31":"product_tag-meuble","32":"product_tag-meubles","33":"product_tag-minifee","34":"product_tag-phicen","35":"product_tag-poupee","36":"product_tag-pullip","37":"product_tag-pumpkin","38":"product_tag-raven","39":"product_tag-table-de-nuit","40":"product_tag-tonner","41":"product_shipping_class-colissimo-6","43":"first","44":"instock","45":"taxable","46":"shipping-taxable","47":"purchasable","48":"product-type-variable"},"yoast_head":"<!-- This site is optimized with the Yoast SEO plugin v27.5 - https:\/\/yoast.com\/product\/yoast-seo-wordpress\/ -->\n<title>ARMOIRE \/ \u00c9TAG\u00c8RE MINIATURE \u2013 1\/6 &amp; 1\/4 -<\/title>\n<meta name=\"description\" content=\"ARMOIRE \/ \u00c9TAG\u00c8RE MINIATURE \u2013 1\/6 &amp; 1\/4 Barbie BJD \u2022 MSD \u2022 Minifee ,Id\u00e9al pour am\u00e9nager vos dioramas avec \u00e9l\u00e9gance et r\u00e9alisme et cr\u00e9er votre salon de th\u00e9\" \/>\n<meta name=\"robots\" content=\"index, follow, max-snippet:-1, max-image-preview:large, max-video-preview:-1\" \/>\n<link rel=\"canonical\" href=\"https:\/\/www.sunnyshop211.com\/en\/product\/armoire-etagere-miniature-1-6-1-4\/\" \/>\n<meta property=\"og:locale\" content=\"en_US\" \/>\n<meta property=\"og:type\" content=\"article\" \/>\n<meta property=\"og:title\" content=\"ARMOIRE \/ \u00c9TAG\u00c8RE MINIATURE \u2013 1\/6 &amp; 1\/4 -\" \/>\n<meta property=\"og:description\" content=\"ARMOIRE \/ \u00c9TAG\u00c8RE MINIATURE \u2013 1\/6 &amp; 1\/4 Barbie BJD \u2022 MSD \u2022 Minifee ,Id\u00e9al pour am\u00e9nager vos dioramas avec \u00e9l\u00e9gance et r\u00e9alisme et cr\u00e9er votre salon de th\u00e9\" \/>\n<meta property=\"og:url\" content=\"https:\/\/www.sunnyshop211.com\/en\/product\/armoire-etagere-miniature-1-6-1-4\/\" \/>\n<meta property=\"og:site_name\" content=\"Sunnyshop211 -Vente de dioramas, meubles, miniatures , bjd poup\u00e9es 1\/12 1\/8 1\/6 1\/4 1\/3\" \/>\n<meta property=\"article:publisher\" content=\"https:\/\/www.facebook.com\/sunnyshop211\/?ref=bookmarks\" \/>\n<meta property=\"article:modified_time\" content=\"2026-04-12T12:28:23+00:00\" \/>\n<meta property=\"og:image\" content=\"https:\/\/www.sunnyshop211.com\/wp-content\/uploads\/2026\/04\/20-1-scaled.jpg\" \/>\n\t<meta property=\"og:image:width\" content=\"2560\" \/>\n\t<meta property=\"og:image:height\" content=\"2201\" \/>\n\t<meta property=\"og:image:type\" content=\"image\/jpeg\" \/>\n<meta name=\"twitter:card\" content=\"summary_large_image\" \/>\n<meta name=\"twitter:site\" content=\"@sunnyshop211\" \/>\n<meta name=\"twitter:label1\" content=\"Est. reading time\" \/>\n\t<meta name=\"twitter:data1\" content=\"2 minutes\" \/>\n<script type=\"application\/ld+json\" class=\"yoast-schema-graph\">{\"@context\":\"https:\\\/\\\/schema.org\",\"@graph\":[{\"@type\":\"WebPage\",\"@id\":\"https:\\\/\\\/www.sunnyshop211.com\\\/produit\\\/armoire-etagere-miniature-1-6-1-4\\\/\",\"url\":\"https:\\\/\\\/www.sunnyshop211.com\\\/produit\\\/armoire-etagere-miniature-1-6-1-4\\\/\",\"name\":\"ARMOIRE \\\/ \u00c9TAG\u00c8RE MINIATURE \u2013 1\\\/6 & 1\\\/4 -\",\"isPartOf\":{\"@id\":\"https:\\\/\\\/www.sunnyshop211.com\\\/#website\"},\"primaryImageOfPage\":{\"@id\":\"https:\\\/\\\/www.sunnyshop211.com\\\/produit\\\/armoire-etagere-miniature-1-6-1-4\\\/#primaryimage\"},\"image\":{\"@id\":\"https:\\\/\\\/www.sunnyshop211.com\\\/produit\\\/armoire-etagere-miniature-1-6-1-4\\\/#primaryimage\"},\"thumbnailUrl\":\"https:\\\/\\\/www.sunnyshop211.com\\\/wp-content\\\/uploads\\\/2026\\\/04\\\/20-1-scaled.jpg\",\"datePublished\":\"2026-04-12T12:07:30+00:00\",\"dateModified\":\"2026-04-12T12:28:23+00:00\",\"description\":\"ARMOIRE \\\/ \u00c9TAG\u00c8RE MINIATURE \u2013 1\\\/6 & 1\\\/4 Barbie BJD \u2022 MSD \u2022 Minifee ,Id\u00e9al pour am\u00e9nager vos dioramas avec \u00e9l\u00e9gance et r\u00e9alisme et cr\u00e9er votre salon de th\u00e9\",\"breadcrumb\":{\"@id\":\"https:\\\/\\\/www.sunnyshop211.com\\\/produit\\\/armoire-etagere-miniature-1-6-1-4\\\/#breadcrumb\"},\"inLanguage\":\"en-US\",\"potentialAction\":[{\"@type\":\"ReadAction\",\"target\":[\"https:\\\/\\\/www.sunnyshop211.com\\\/produit\\\/armoire-etagere-miniature-1-6-1-4\\\/\"]}]},{\"@type\":\"ImageObject\",\"inLanguage\":\"en-US\",\"@id\":\"https:\\\/\\\/www.sunnyshop211.com\\\/produit\\\/armoire-etagere-miniature-1-6-1-4\\\/#primaryimage\",\"url\":\"https:\\\/\\\/www.sunnyshop211.com\\\/wp-content\\\/uploads\\\/2026\\\/04\\\/20-1-scaled.jpg\",\"contentUrl\":\"https:\\\/\\\/www.sunnyshop211.com\\\/wp-content\\\/uploads\\\/2026\\\/04\\\/20-1-scaled.jpg\",\"width\":2560,\"height\":2201,\"caption\":\"Armoire \\\/ \u00c9tag\u00e8re miniature \u2013 1\\\/4 BJD \u2022 MSD \u2022 Minifee\"},{\"@type\":\"BreadcrumbList\",\"@id\":\"https:\\\/\\\/www.sunnyshop211.com\\\/produit\\\/armoire-etagere-miniature-1-6-1-4\\\/#breadcrumb\",\"itemListElement\":[{\"@type\":\"ListItem\",\"position\":1,\"name\":\"Accueil\",\"item\":\"https:\\\/\\\/www.sunnyshop211.com\\\/\"},{\"@type\":\"ListItem\",\"position\":2,\"name\":\"Boutique\",\"item\":\"https:\\\/\\\/www.sunnyshop211.com\\\/boutique-miniature-bjd-dolls\\\/\"},{\"@type\":\"ListItem\",\"position\":3,\"name\":\"ARMOIRE \\\/ \u00c9TAG\u00c8RE MINIATURE \u2013 1\\\/6 &#038; 1\\\/4\"}]},{\"@type\":\"WebSite\",\"@id\":\"https:\\\/\\\/www.sunnyshop211.com\\\/#website\",\"url\":\"https:\\\/\\\/www.sunnyshop211.com\\\/\",\"name\":\"Vente de dioramas, meubles, miniatures , bjd poup\u00e9es 1\\\/12 1\\\/8 1\\\/6 1\\\/4 1\\\/3\",\"description\":\"Sunnyshop211 - Votre univers miniature pour poup\u00e9es et BJD, dioramas et meubles sur mesure !\",\"publisher\":{\"@id\":\"https:\\\/\\\/www.sunnyshop211.com\\\/#organization\"},\"alternateName\":\"sunnyshop211\",\"potentialAction\":[{\"@type\":\"SearchAction\",\"target\":{\"@type\":\"EntryPoint\",\"urlTemplate\":\"https:\\\/\\\/www.sunnyshop211.com\\\/?s={search_term_string}\"},\"query-input\":{\"@type\":\"PropertyValueSpecification\",\"valueRequired\":true,\"valueName\":\"search_term_string\"}}],\"inLanguage\":\"en-US\"},{\"@type\":\"Organization\",\"@id\":\"https:\\\/\\\/www.sunnyshop211.com\\\/#organization\",\"name\":\"sunnyshop211\",\"alternateName\":\"sunnyshop211 diorama bjd meuble miniature\",\"url\":\"https:\\\/\\\/www.sunnyshop211.com\\\/\",\"logo\":{\"@type\":\"ImageObject\",\"inLanguage\":\"en-US\",\"@id\":\"https:\\\/\\\/www.sunnyshop211.com\\\/#\\\/schema\\\/logo\\\/image\\\/\",\"url\":\"https:\\\/\\\/www.sunnyshop211.com\\\/wp-content\\\/uploads\\\/2022\\\/08\\\/cropped-cropped-cropped-Sunnyshop211-1.png\",\"contentUrl\":\"https:\\\/\\\/www.sunnyshop211.com\\\/wp-content\\\/uploads\\\/2022\\\/08\\\/cropped-cropped-cropped-Sunnyshop211-1.png\",\"width\":339,\"height\":339,\"caption\":\"sunnyshop211\"},\"image\":{\"@id\":\"https:\\\/\\\/www.sunnyshop211.com\\\/#\\\/schema\\\/logo\\\/image\\\/\"},\"sameAs\":[\"https:\\\/\\\/www.facebook.com\\\/sunnyshop211\\\/?ref=bookmarks\",\"https:\\\/\\\/x.com\\\/sunnyshop211\",\"https:\\\/\\\/www.instagram.com\\\/sunnyshop211\\\/\",\"https:\\\/\\\/www.tumblr.com\\\/blog\\\/sunnyshop211\",\"https:\\\/\\\/www.youtube.com\\\/channel\\\/UCtYY18OGGDKrTSzgcf7fCBg\",\"https:\\\/\\\/www.tiktok.com\\\/@sunnydollshop211?is_from_webapp=1&sender_device=pc\"]}]}<\/script>\n<!-- \/ Yoast SEO plugin. -->","yoast_head_json":{"title":"MINIATURE WARDROBE \/ SHELVING - 1\/6 &amp; 1\/4 -","description":"MINIATURE CABINET \/ SHELF - 1\/6 &amp; 1\/4 Barbie BJD - MSD - Minifee ,Ideal for setting up your dioramas with elegance and realism and creating your own tea room.","robots":{"index":"index","follow":"follow","max-snippet":"max-snippet:-1","max-image-preview":"max-image-preview:large","max-video-preview":"max-video-preview:-1"},"canonical":"https:\/\/www.sunnyshop211.com\/en\/product\/armoire-etagere-miniature-1-6-1-4\/","og_locale":"en_US","og_type":"article","og_title":"ARMOIRE \/ \u00c9TAG\u00c8RE MINIATURE \u2013 1\/6 & 1\/4 -","og_description":"ARMOIRE \/ \u00c9TAG\u00c8RE MINIATURE \u2013 1\/6 & 1\/4 Barbie BJD \u2022 MSD \u2022 Minifee ,Id\u00e9al pour am\u00e9nager vos dioramas avec \u00e9l\u00e9gance et r\u00e9alisme et cr\u00e9er votre salon de th\u00e9","og_url":"https:\/\/www.sunnyshop211.com\/en\/product\/armoire-etagere-miniature-1-6-1-4\/","og_site_name":"Sunnyshop211 -Vente de dioramas, meubles, miniatures , bjd poup\u00e9es 1\/12 1\/8 1\/6 1\/4 1\/3","article_publisher":"https:\/\/www.facebook.com\/sunnyshop211\/?ref=bookmarks","article_modified_time":"2026-04-12T12:28:23+00:00","og_image":[{"width":2560,"height":2201,"url":"https:\/\/www.sunnyshop211.com\/wp-content\/uploads\/2026\/04\/20-1-scaled.jpg","type":"image\/jpeg"}],"twitter_card":"summary_large_image","twitter_site":"@sunnyshop211","twitter_misc":{"Est. reading time":"2 minutes"},"schema":{"@context":"https:\/\/schema.org","@graph":[{"@type":"WebPage","@id":"https:\/\/www.sunnyshop211.com\/produit\/armoire-etagere-miniature-1-6-1-4\/","url":"https:\/\/www.sunnyshop211.com\/produit\/armoire-etagere-miniature-1-6-1-4\/","name":"MINIATURE WARDROBE \/ SHELVING - 1\/6 &amp; 1\/4 -","isPartOf":{"@id":"https:\/\/www.sunnyshop211.com\/#website"},"primaryImageOfPage":{"@id":"https:\/\/www.sunnyshop211.com\/produit\/armoire-etagere-miniature-1-6-1-4\/#primaryimage"},"image":{"@id":"https:\/\/www.sunnyshop211.com\/produit\/armoire-etagere-miniature-1-6-1-4\/#primaryimage"},"thumbnailUrl":"https:\/\/www.sunnyshop211.com\/wp-content\/uploads\/2026\/04\/20-1-scaled.jpg","datePublished":"2026-04-12T12:07:30+00:00","dateModified":"2026-04-12T12:28:23+00:00","description":"MINIATURE CABINET \/ SHELF - 1\/6 &amp; 1\/4 Barbie BJD - MSD - Minifee ,Ideal for setting up your dioramas with elegance and realism and creating your own tea room.","breadcrumb":{"@id":"https:\/\/www.sunnyshop211.com\/produit\/armoire-etagere-miniature-1-6-1-4\/#breadcrumb"},"inLanguage":"en-US","potentialAction":[{"@type":"ReadAction","target":["https:\/\/www.sunnyshop211.com\/produit\/armoire-etagere-miniature-1-6-1-4\/"]}]},{"@type":"ImageObject","inLanguage":"en-US","@id":"https:\/\/www.sunnyshop211.com\/produit\/armoire-etagere-miniature-1-6-1-4\/#primaryimage","url":"https:\/\/www.sunnyshop211.com\/wp-content\/uploads\/2026\/04\/20-1-scaled.jpg","contentUrl":"https:\/\/www.sunnyshop211.com\/wp-content\/uploads\/2026\/04\/20-1-scaled.jpg","width":2560,"height":2201,"caption":"Armoire \/ \u00c9tag\u00e8re miniature \u2013 1\/4 BJD \u2022 MSD \u2022 Minifee"},{"@type":"BreadcrumbList","@id":"https:\/\/www.sunnyshop211.com\/produit\/armoire-etagere-miniature-1-6-1-4\/#breadcrumb","itemListElement":[{"@type":"ListItem","position":1,"name":"Accueil","item":"https:\/\/www.sunnyshop211.com\/"},{"@type":"ListItem","position":2,"name":"Boutique","item":"https:\/\/www.sunnyshop211.com\/boutique-miniature-bjd-dolls\/"},{"@type":"ListItem","position":3,"name":"ARMOIRE \/ \u00c9TAG\u00c8RE MINIATURE \u2013 1\/6 &#038; 1\/4"}]},{"@type":"WebSite","@id":"https:\/\/www.sunnyshop211.com\/#website","url":"https:\/\/www.sunnyshop211.com\/","name":"Sale of dioramas, furniture, miniatures, bjd dolls 1\/12 1\/8 1\/6 1\/4 1\/3","description":"Sunnyshop211 - Your miniature world for dolls and BJDs, dioramas and custom-made furniture!","publisher":{"@id":"https:\/\/www.sunnyshop211.com\/#organization"},"alternateName":"sunnyshop211","potentialAction":[{"@type":"SearchAction","target":{"@type":"EntryPoint","urlTemplate":"https:\/\/www.sunnyshop211.com\/?s={search_term_string}"},"query-input":{"@type":"PropertyValueSpecification","valueRequired":true,"valueName":"search_term_string"}}],"inLanguage":"en-US"},{"@type":"Organization","@id":"https:\/\/www.sunnyshop211.com\/#organization","name":"sunnyshop211","alternateName":"sunnyshop211 diorama bjd meuble miniature","url":"https:\/\/www.sunnyshop211.com\/","logo":{"@type":"ImageObject","inLanguage":"en-US","@id":"https:\/\/www.sunnyshop211.com\/#\/schema\/logo\/image\/","url":"https:\/\/www.sunnyshop211.com\/wp-content\/uploads\/2022\/08\/cropped-cropped-cropped-Sunnyshop211-1.png","contentUrl":"https:\/\/www.sunnyshop211.com\/wp-content\/uploads\/2022\/08\/cropped-cropped-cropped-Sunnyshop211-1.png","width":339,"height":339,"caption":"sunnyshop211"},"image":{"@id":"https:\/\/www.sunnyshop211.com\/#\/schema\/logo\/image\/"},"sameAs":["https:\/\/www.facebook.com\/sunnyshop211\/?ref=bookmarks","https:\/\/x.com\/sunnyshop211","https:\/\/www.instagram.com\/sunnyshop211\/","https:\/\/www.tumblr.com\/blog\/sunnyshop211","https:\/\/www.youtube.com\/channel\/UCtYY18OGGDKrTSzgcf7fCBg","https:\/\/www.tiktok.com\/@sunnydollshop211?is_from_webapp=1&sender_device=pc"]}]}},"jetpack_publicize_connections":[],"jetpack_sharing_enabled":true,"_links":{"self":[{"href":"https:\/\/www.sunnyshop211.com\/en\/wp-json\/wp\/v2\/product\/56241","targetHints":{"allow":["GET"]}}],"collection":[{"href":"https:\/\/www.sunnyshop211.com\/en\/wp-json\/wp\/v2\/product"}],"about":[{"href":"https:\/\/www.sunnyshop211.com\/en\/wp-json\/wp\/v2\/types\/product"}],"replies":[{"embeddable":true,"href":"https:\/\/www.sunnyshop211.com\/en\/wp-json\/wp\/v2\/comments?post=56241"}],"version-history":[{"count":3,"href":"https:\/\/www.sunnyshop211.com\/en\/wp-json\/wp\/v2\/product\/56241\/revisions"}],"predecessor-version":[{"id":56256,"href":"https:\/\/www.sunnyshop211.com\/en\/wp-json\/wp\/v2\/product\/56241\/revisions\/56256"}],"wp:featuredmedia":[{"embeddable":true,"href":"https:\/\/www.sunnyshop211.com\/en\/wp-json\/wp\/v2\/media\/56099"}],"wp:attachment":[{"href":"https:\/\/www.sunnyshop211.com\/en\/wp-json\/wp\/v2\/media?parent=56241"}],"wp:term":[{"taxonomy":"product_brand","embeddable":true,"href":"https:\/\/www.sunnyshop211.com\/en\/wp-json\/wp\/v2\/product_brand?post=56241"},{"taxonomy":"product_cat","embeddable":true,"href":"https:\/\/www.sunnyshop211.com\/en\/wp-json\/wp\/v2\/product_cat?post=56241"},{"taxonomy":"product_tag","embeddable":true,"href":"https:\/\/www.sunnyshop211.com\/en\/wp-json\/wp\/v2\/product_tag?post=56241"}],"curies":[{"name":"wp","href":"https:\/\/api.w.org\/{rel}","templated":true}]}}