{"id":56221,"date":"2026-04-12T12:32:20","date_gmt":"2026-04-12T11:32:20","guid":{"rendered":"https:\/\/www.sunnyshop211.com\/?post_type=product&#038;p=56221"},"modified":"2026-04-12T12:35:09","modified_gmt":"2026-04-12T11:35:09","slug":"service-a-the-miniature-avec-oiseau-dore-1-4","status":"publish","type":"product","link":"https:\/\/www.sunnyshop211.com\/en\/product\/service-a-the-miniature-avec-oiseau-dore-1-4\/","title":{"rendered":"Miniature tea set with golden bird - 1\/4"},"content":{"rendered":"<div id='gallery-1' class='gallery galleryid-56221 gallery-columns-3 gallery-size-thumbnail'><figure class='gallery-item'>\n\t\t\t<div class='gallery-icon landscape'>\n\t\t\t\t<a href='https:\/\/www.sunnyshop211.com\/en\/?attachment_id=56126'><img decoding=\"async\" width=\"150\" height=\"150\" src=\"https:\/\/www.sunnyshop211.com\/wp-content\/uploads\/2026\/04\/47-150x150.jpg\" class=\"attachment-thumbnail size-thumbnail\" alt=\"Service \u00e0 th\u00e9 miniature avec oiseau dor\u00e9 \u2013 1\/4\" srcset=\"https:\/\/www.sunnyshop211.com\/wp-content\/uploads\/2026\/04\/47-150x150.jpg 150w, https:\/\/www.sunnyshop211.com\/wp-content\/uploads\/2026\/04\/47-500x500.jpg 500w, https:\/\/www.sunnyshop211.com\/wp-content\/uploads\/2026\/04\/47-100x100.jpg 100w\" sizes=\"(max-width: 150px) 100vw, 150px\" \/><\/a>\n\t\t\t<\/div><\/figure><figure class='gallery-item'>\n\t\t\t<div class='gallery-icon landscape'>\n\t\t\t\t<a href='https:\/\/www.sunnyshop211.com\/en\/?attachment_id=56099'><img decoding=\"async\" width=\"150\" height=\"150\" src=\"https:\/\/www.sunnyshop211.com\/wp-content\/uploads\/2026\/04\/20-1-150x150.jpg\" class=\"attachment-thumbnail size-thumbnail\" alt=\"Armoire \/ \u00c9tag\u00e8re miniature \u2013 1\/4 BJD \u2022 MSD \u2022 Minifee\" srcset=\"https:\/\/www.sunnyshop211.com\/wp-content\/uploads\/2026\/04\/20-1-150x150.jpg 150w, https:\/\/www.sunnyshop211.com\/wp-content\/uploads\/2026\/04\/20-1-500x500.jpg 500w, https:\/\/www.sunnyshop211.com\/wp-content\/uploads\/2026\/04\/20-1-100x100.jpg 100w\" sizes=\"(max-width: 150px) 100vw, 150px\" \/><\/a>\n\t\t\t<\/div><\/figure><figure class='gallery-item'>\n\t\t\t<div class='gallery-icon landscape'>\n\t\t\t\t<a href='https:\/\/www.sunnyshop211.com\/en\/?attachment_id=56125'><img decoding=\"async\" width=\"150\" height=\"150\" src=\"https:\/\/www.sunnyshop211.com\/wp-content\/uploads\/2026\/04\/46-150x150.jpg\" class=\"attachment-thumbnail size-thumbnail\" alt=\"Service \u00e0 th\u00e9 miniature avec oiseau dor\u00e9 \u2013 1\/4\" srcset=\"https:\/\/www.sunnyshop211.com\/wp-content\/uploads\/2026\/04\/46-150x150.jpg 150w, https:\/\/www.sunnyshop211.com\/wp-content\/uploads\/2026\/04\/46-500x500.jpg 500w, https:\/\/www.sunnyshop211.com\/wp-content\/uploads\/2026\/04\/46-100x100.jpg 100w\" sizes=\"(max-width: 150px) 100vw, 150px\" \/><\/a>\n\t\t\t<\/div><\/figure><figure class='gallery-item'>\n\t\t\t<div class='gallery-icon landscape'>\n\t\t\t\t<a href='https:\/\/www.sunnyshop211.com\/en\/?attachment_id=56127'><img loading=\"lazy\" decoding=\"async\" width=\"150\" height=\"150\" src=\"https:\/\/www.sunnyshop211.com\/wp-content\/uploads\/2026\/04\/48-150x150.jpg\" class=\"attachment-thumbnail size-thumbnail\" alt=\"\" srcset=\"https:\/\/www.sunnyshop211.com\/wp-content\/uploads\/2026\/04\/48-150x150.jpg 150w, https:\/\/www.sunnyshop211.com\/wp-content\/uploads\/2026\/04\/48-500x500.jpg 500w, https:\/\/www.sunnyshop211.com\/wp-content\/uploads\/2026\/04\/48-100x100.jpg 100w\" sizes=\"(max-width: 150px) 100vw, 150px\" \/><\/a>\n\t\t\t<\/div><\/figure><figure class='gallery-item'>\n\t\t\t<div class='gallery-icon landscape'>\n\t\t\t\t<a href='https:\/\/www.sunnyshop211.com\/en\/?attachment_id=56128'><img loading=\"lazy\" decoding=\"async\" width=\"150\" height=\"150\" src=\"https:\/\/www.sunnyshop211.com\/wp-content\/uploads\/2026\/04\/49-150x150.jpg\" class=\"attachment-thumbnail size-thumbnail\" alt=\"\" srcset=\"https:\/\/www.sunnyshop211.com\/wp-content\/uploads\/2026\/04\/49-150x150.jpg 150w, https:\/\/www.sunnyshop211.com\/wp-content\/uploads\/2026\/04\/49-500x500.jpg 500w, https:\/\/www.sunnyshop211.com\/wp-content\/uploads\/2026\/04\/49-100x100.jpg 100w\" sizes=\"(max-width: 150px) 100vw, 150px\" \/><\/a>\n\t\t\t<\/div><\/figure><figure class='gallery-item'>\n\t\t\t<div class='gallery-icon landscape'>\n\t\t\t\t<a href='https:\/\/www.sunnyshop211.com\/en\/?attachment_id=56111'><img loading=\"lazy\" decoding=\"async\" width=\"150\" height=\"150\" src=\"https:\/\/www.sunnyshop211.com\/wp-content\/uploads\/2026\/04\/32-1-150x150.jpg\" class=\"attachment-thumbnail size-thumbnail\" alt=\"\" srcset=\"https:\/\/www.sunnyshop211.com\/wp-content\/uploads\/2026\/04\/32-1-150x150.jpg 150w, https:\/\/www.sunnyshop211.com\/wp-content\/uploads\/2026\/04\/32-1-500x500.jpg 500w, https:\/\/www.sunnyshop211.com\/wp-content\/uploads\/2026\/04\/32-1-100x100.jpg 100w\" sizes=\"(max-width: 150px) 100vw, 150px\" \/><\/a>\n\t\t\t<\/div><\/figure><figure class='gallery-item'>\n\t\t\t<div class='gallery-icon landscape'>\n\t\t\t\t<a href='https:\/\/www.sunnyshop211.com\/en\/?attachment_id=56112'><img loading=\"lazy\" decoding=\"async\" width=\"150\" height=\"150\" src=\"https:\/\/www.sunnyshop211.com\/wp-content\/uploads\/2026\/04\/33-1-150x150.jpg\" class=\"attachment-thumbnail size-thumbnail\" alt=\"Service \u00e0 th\u00e9 miniature avec oiseau dor\u00e9 \u2013 1\/4\" srcset=\"https:\/\/www.sunnyshop211.com\/wp-content\/uploads\/2026\/04\/33-1-150x150.jpg 150w, https:\/\/www.sunnyshop211.com\/wp-content\/uploads\/2026\/04\/33-1-500x500.jpg 500w, https:\/\/www.sunnyshop211.com\/wp-content\/uploads\/2026\/04\/33-1-100x100.jpg 100w\" sizes=\"(max-width: 150px) 100vw, 150px\" \/><\/a>\n\t\t\t<\/div><\/figure>\n\t\t<\/div>\n\n<h2 data-section-id=\"17y5had\" data-start=\"158\" data-end=\"213\">\ud83e\uded6\u2728 Miniature tea set with golden bird - 1\/4<\/h2>\n<p data-start=\"214\" data-end=\"267\"><strong data-start=\"214\" data-end=\"267\">BJD - MSD - Minifee - Unoa - Diorama tea room<\/strong><\/p>\n<hr data-start=\"269\" data-end=\"272\" \/>\n<p data-start=\"274\" data-end=\"292\">\ud83c\udf3f <strong data-start=\"277\" data-end=\"292\">Description<\/strong><\/p>\n<p data-start=\"294\" data-end=\"390\">Add a soft, elegant touch to your dioramas with this delicate miniature tea set.<\/p>\n<p data-start=\"392\" data-end=\"563\">Its sleek finish, combined with <strong data-start=\"426\" data-end=\"470\">lovely golden bird on the teapot<\/strong>, This is a room full of charm, ideal for creating a warm, refined atmosphere.<\/p>\n<p data-start=\"565\" data-end=\"658\">Perfect for a <strong data-start=\"581\" data-end=\"603\">tea time miniature<\/strong>, a salon stage or a tea room window \u2615\ud83d\udc95<\/p>\n<hr data-start=\"660\" data-end=\"663\" \/>\n<p data-start=\"665\" data-end=\"689\">\u2728 <strong data-start=\"667\" data-end=\"689\">Product details<\/strong><\/p>\n<p data-start=\"691\" data-end=\"823\">- Decorative miniature tea set<br data-start=\"726\" data-end=\"729\" \/>- Smooth, elegant finish<br data-start=\"757\" data-end=\"760\" \/>- Golden bird detail on teapot<br data-start=\"795\" data-end=\"798\" \/>- Collector's item<\/p>\n<p data-start=\"825\" data-end=\"848\">\ud83d\udc49 Sold as a complete set<\/p>\n<hr data-start=\"850\" data-end=\"853\" \/>\n<p data-start=\"855\" data-end=\"883\">\ud83e\uded6 <strong data-start=\"858\" data-end=\"883\">Package contents<\/strong><\/p>\n<p data-start=\"885\" data-end=\"942\">- 2 cups<br data-start=\"895\" data-end=\"898\" \/>- 1 teapot with golden bird<br data-start=\"926\" data-end=\"929\" \/>- 1 sugar bowl<\/p>\n<p data-start=\"944\" data-end=\"986\">\ud83d\udc49 Matching set in the same color<\/p>\n<hr data-start=\"988\" data-end=\"991\" \/>\n<p data-start=\"993\" data-end=\"1020\">\ud83c\udfa8 <strong data-start=\"996\" data-end=\"1020\">Available colors<\/strong><\/p>\n<p data-start=\"1022\" data-end=\"1058\">- White<br data-start=\"1029\" data-end=\"1032\" \/>- Rose<br data-start=\"1038\" data-end=\"1041\" \/>- Blue<br data-start=\"1047\" data-end=\"1050\" \/>- Black<\/p>\n<p data-start=\"1060\" data-end=\"1106\">\ud83d\udc49 The bird remains golden on all versions<\/p>\n<hr data-start=\"1108\" data-end=\"1111\" \/>\n<p data-start=\"1113\" data-end=\"1144\">\ud83d\udccf <strong data-start=\"1116\" data-end=\"1144\">Dimensions (1\/4 scale)<\/strong><\/p>\n<p data-start=\"1146\" data-end=\"1227\">- Cups: approx. 2 cm<br data-start=\"1169\" data-end=\"1172\" \/>- Teapot: approx. 4 cm<br data-start=\"1196\" data-end=\"1199\" \/>- Sugar bowl: approx. 1.5 cm<\/p>\n<hr data-start=\"1229\" data-end=\"1232\" \/>\n<h2 data-start=\"1234\" data-end=\"1254\">\ud83e\uddf8 <strong data-start=\"1237\" data-end=\"1254\">Compatibility<\/strong><\/h2>\n<p data-start=\"1256\" data-end=\"1289\">Perfect for dolls:<\/p>\n<p data-start=\"1291\" data-end=\"1336\">\u2022 <strong data-start=\"1293\" data-end=\"1300\">1\/4<\/strong> BJD, MSD, Minifee, Unoa, Bimong<\/p>\n<p data-start=\"1338\" data-end=\"1428\">\ud83d\udc49 Ideal for :<br \/>\n- tea room<br data-start=\"1368\" data-end=\"1371\" \/>- miniature kitchen<br data-start=\"1390\" data-end=\"1393\" \/>- elegant or romantic scenes<\/p>\n<hr data-start=\"1430\" data-end=\"1433\" \/>\n<p data-start=\"1435\" data-end=\"1470\">\ud83c\udfad <strong data-start=\"1438\" data-end=\"1470\">Staging &amp; associations<\/strong><\/p>\n<p data-start=\"1472\" data-end=\"1498\">Perfect with :<\/p>\n<p data-start=\"1500\" data-end=\"1604\">- miniature tables and chairs<br data-start=\"1530\" data-end=\"1533\" \/>- pastry counters<br data-start=\"1558\" data-end=\"1561\" \/>- gourmet showcases<br data-start=\"1582\" data-end=\"1585\" \/>- tea time scenes<\/p>\n<p data-start=\"1606\" data-end=\"1653\">Compatible with creations <strong data-start=\"1636\" data-end=\"1652\">sunnyshop211<\/strong>.<\/p>\n<hr data-start=\"1655\" data-end=\"1658\" \/>\n<p data-start=\"1660\" data-end=\"1690\">\ud83d\udee0\ufe0f <strong data-start=\"1664\" data-end=\"1690\">Handcrafted products<\/strong><\/p>\n<p data-start=\"1692\" data-end=\"1738\">Each piece is hand-made and hand-painted.<\/p>\n<p data-start=\"1740\" data-end=\"1813\">Slight variations may occur, making each set unique.<\/p>\n<hr data-start=\"1815\" data-end=\"1818\" \/>\n<p data-start=\"1820\" data-end=\"1851\">\ud83d\udce6 <strong data-start=\"1823\" data-end=\"1851\">Important information<\/strong><\/p>\n<p data-start=\"1853\" data-end=\"1994\">- This is not a toy<br data-start=\"1878\" data-end=\"1881\" \/>- Article intended for an adult audience<br data-start=\"1917\" data-end=\"1920\" \/>- Set sold without accessories<br data-start=\"1953\" data-end=\"1956\" \/>- Photos = examples of staging<\/p>\n<hr data-start=\"1996\" data-end=\"1999\" \/>\n<p data-start=\"2001\" data-end=\"2017\">\ud83d\ude9a <strong data-start=\"2004\" data-end=\"2017\">Transport<\/strong><\/p>\n<p data-start=\"2019\" data-end=\"2087\">I am not responsible for any damage in transit.<\/p>\n<hr data-start=\"2089\" data-end=\"2092\" \/>\n<p data-start=\"2094\" data-end=\"2120\">\ud83d\udcf8 <strong data-start=\"2097\" data-end=\"2120\">More inspirations<\/strong><\/p>\n<p data-start=\"2122\" data-end=\"2164\">\ud83d\udc49 <a class=\"decorated-link\" href=\"https:\/\/www.instagram.com\/sunnyshop211\/\" target=\"_new\" rel=\"noopener\" data-start=\"2125\" data-end=\"2164\">https:\/\/www.instagram.com\/sunnyshop211\/<\/a><\/p>\n<hr data-start=\"2166\" data-end=\"2169\" \/>\n<p data-start=\"2171\" data-end=\"2264\">\ud83d\udcab <strong data-start=\"2174\" data-end=\"2264\">A little gold detail adds magic and finesse to your miniature scenes.<\/strong><\/p>","protected":false},"excerpt":{"rendered":"<p>\ud83e\uded6\u2728 Service \u00e0 th\u00e9 miniature avec oiseau dor\u00e9 \u2013 1\/4 BJD \u2022 MSD \u2022 Minifee \u2022 Unoa \u2022 Diorama salon de th\u00e9 \ud83c\udf3f Description Apportez une touche douce et \u00e9l\u00e9gante \u00e0 vos dioramas avec cet ensemble de th\u00e9 miniature d\u00e9licat. Sa finition \u00e9pur\u00e9e, associ\u00e9e \u00e0 un adorable oiseau dor\u00e9 pos\u00e9 sur la th\u00e9i\u00e8re, en fait [&hellip;]<\/p>\n","protected":false},"featured_media":56126,"comment_status":"open","ping_status":"closed","template":"","meta":{"_crdt_document":"","jetpack_post_was_ever_published":false,"jetpack_publicize_message":"","jetpack_publicize_feature_enabled":true,"jetpack_social_post_already_shared":true,"jetpack_social_options":{"image_generator_settings":{"template":"highway","default_image_id":0,"font":"","enabled":false},"version":2}},"product_brand":[],"product_cat":[667687057,667687021,667687075],"product_tag":[667681278,667681145,667681143,667681341,667681284,667684372,667681142,667684395,667684370,667684381,667681234,667681226,667681233,667681343,667681225,667681279,667681241,667681340,667681144,667681236,667681261,667681281,667681173,667681280,667681177,667681277,667684397,667684379,667681338,667681260],"class_list":{"0":"post-56221","1":"product","2":"type-product","3":"status-publish","4":"has-post-thumbnail","6":"product_cat-nourriture-vaisselle","7":"product_cat-vaisselle","8":"product_cat--nourriture-de-la-saint-valentin","9":"product_tag-barbie","10":"product_tag-bed","11":"product_tag-bedroom","12":"product_tag-bid","13":"product_tag-blythe","14":"product_tag-cerceuil","15":"product_tag-chambre","16":"product_tag-citrouille","17":"product_tag-coffin","18":"product_tag-corbeau","19":"product_tag-diorama","20":"product_tag-doll","21":"product_tag-dollhouse","22":"product_tag-etagere","23":"product_tag-furniture","24":"product_tag-hot-toys","25":"product_tag-iplehouse","26":"product_tag-kid","27":"product_tag-lit","28":"product_tag-maison-de-poupee","29":"product_tag-meuble","30":"product_tag-meubles","31":"product_tag-minifee","32":"product_tag-phicen","33":"product_tag-poupee","34":"product_tag-pullip","35":"product_tag-pumpkin","36":"product_tag-raven","37":"product_tag-table-de-nuit","38":"product_tag-tonner","39":"product_shipping_class-colissimo-5","40":"pa_couleur-blanc-2","41":"pa_couleur-bleu","42":"pa_couleur-noir","43":"pa_couleur-rose-pink","45":"first","46":"instock","47":"taxable","48":"shipping-taxable","49":"purchasable","50":"product-type-variable"},"yoast_head":"<!-- This site is optimized with the Yoast SEO plugin v27.5 - https:\/\/yoast.com\/product\/yoast-seo-wordpress\/ -->\n<title>Service \u00e0 th\u00e9 miniature avec oiseau dor\u00e9 \u2013 1\/4 -<\/title>\n<meta name=\"description\" content=\"Service \u00e0 th\u00e9 miniature avec oiseau dor\u00e9 \u2013 1\/4 Diorama \u00b7 BJD \u00b7 MSD \u00b7 Minifee \u00b7 Unoa . Apportez une touche romantique et d\u00e9licate \u00e0 vos mises en sc\u00e8ne\" \/>\n<meta name=\"robots\" content=\"index, follow, max-snippet:-1, max-image-preview:large, max-video-preview:-1\" \/>\n<link rel=\"canonical\" href=\"https:\/\/www.sunnyshop211.com\/en\/product\/service-a-the-miniature-avec-oiseau-dore-1-4\/\" \/>\n<meta property=\"og:locale\" content=\"en_US\" \/>\n<meta property=\"og:type\" content=\"article\" \/>\n<meta property=\"og:title\" content=\"Service \u00e0 th\u00e9 miniature avec oiseau dor\u00e9 \u2013 1\/4 -\" \/>\n<meta property=\"og:description\" content=\"Lot de bougies miniature diorama 1\/6, 1\/4 , Barbie, fashion royalty, BJD minifee MSD, unoa. Id\u00e9al pour customiser vos mises en sc\u00e8nes.\" \/>\n<meta property=\"og:url\" content=\"https:\/\/www.sunnyshop211.com\/en\/product\/service-a-the-miniature-avec-oiseau-dore-1-4\/\" \/>\n<meta property=\"og:site_name\" content=\"Sunnyshop211 -Vente de dioramas, meubles, miniatures , bjd poup\u00e9es 1\/12 1\/8 1\/6 1\/4 1\/3\" \/>\n<meta property=\"article:publisher\" content=\"https:\/\/www.facebook.com\/sunnyshop211\/?ref=bookmarks\" \/>\n<meta property=\"article:modified_time\" content=\"2026-04-12T11:35:09+00:00\" \/>\n<meta property=\"og:image\" content=\"https:\/\/www.sunnyshop211.com\/wp-content\/uploads\/2026\/04\/47-scaled.jpg\" \/>\n\t<meta property=\"og:image:width\" content=\"2560\" \/>\n\t<meta property=\"og:image:height\" content=\"1707\" \/>\n\t<meta property=\"og:image:type\" content=\"image\/jpeg\" \/>\n<meta name=\"twitter:card\" content=\"summary_large_image\" \/>\n<meta name=\"twitter:site\" content=\"@sunnyshop211\" \/>\n<meta name=\"twitter:label1\" content=\"Est. reading time\" \/>\n\t<meta name=\"twitter:data1\" content=\"2 minutes\" \/>\n<script type=\"application\/ld+json\" class=\"yoast-schema-graph\">{\"@context\":\"https:\\\/\\\/schema.org\",\"@graph\":[{\"@type\":\"WebPage\",\"@id\":\"https:\\\/\\\/www.sunnyshop211.com\\\/produit\\\/service-a-the-miniature-avec-oiseau-dore-1-4\\\/\",\"url\":\"https:\\\/\\\/www.sunnyshop211.com\\\/produit\\\/service-a-the-miniature-avec-oiseau-dore-1-4\\\/\",\"name\":\"Service \u00e0 th\u00e9 miniature avec oiseau dor\u00e9 \u2013 1\\\/4 -\",\"isPartOf\":{\"@id\":\"https:\\\/\\\/www.sunnyshop211.com\\\/#website\"},\"primaryImageOfPage\":{\"@id\":\"https:\\\/\\\/www.sunnyshop211.com\\\/produit\\\/service-a-the-miniature-avec-oiseau-dore-1-4\\\/#primaryimage\"},\"image\":{\"@id\":\"https:\\\/\\\/www.sunnyshop211.com\\\/produit\\\/service-a-the-miniature-avec-oiseau-dore-1-4\\\/#primaryimage\"},\"thumbnailUrl\":\"https:\\\/\\\/www.sunnyshop211.com\\\/wp-content\\\/uploads\\\/2026\\\/04\\\/47-scaled.jpg\",\"datePublished\":\"2026-04-12T11:32:20+00:00\",\"dateModified\":\"2026-04-12T11:35:09+00:00\",\"description\":\"Service \u00e0 th\u00e9 miniature avec oiseau dor\u00e9 \u2013 1\\\/4 Diorama \u00b7 BJD \u00b7 MSD \u00b7 Minifee \u00b7 Unoa . Apportez une touche romantique et d\u00e9licate \u00e0 vos mises en sc\u00e8ne\",\"breadcrumb\":{\"@id\":\"https:\\\/\\\/www.sunnyshop211.com\\\/produit\\\/service-a-the-miniature-avec-oiseau-dore-1-4\\\/#breadcrumb\"},\"inLanguage\":\"en-US\",\"potentialAction\":[{\"@type\":\"ReadAction\",\"target\":[\"https:\\\/\\\/www.sunnyshop211.com\\\/produit\\\/service-a-the-miniature-avec-oiseau-dore-1-4\\\/\"]}]},{\"@type\":\"ImageObject\",\"inLanguage\":\"en-US\",\"@id\":\"https:\\\/\\\/www.sunnyshop211.com\\\/produit\\\/service-a-the-miniature-avec-oiseau-dore-1-4\\\/#primaryimage\",\"url\":\"https:\\\/\\\/www.sunnyshop211.com\\\/wp-content\\\/uploads\\\/2026\\\/04\\\/47-scaled.jpg\",\"contentUrl\":\"https:\\\/\\\/www.sunnyshop211.com\\\/wp-content\\\/uploads\\\/2026\\\/04\\\/47-scaled.jpg\",\"width\":2560,\"height\":1707,\"caption\":\"Service \u00e0 th\u00e9 miniature avec oiseau dor\u00e9 \u2013 1\\\/4\"},{\"@type\":\"BreadcrumbList\",\"@id\":\"https:\\\/\\\/www.sunnyshop211.com\\\/produit\\\/service-a-the-miniature-avec-oiseau-dore-1-4\\\/#breadcrumb\",\"itemListElement\":[{\"@type\":\"ListItem\",\"position\":1,\"name\":\"Accueil\",\"item\":\"https:\\\/\\\/www.sunnyshop211.com\\\/\"},{\"@type\":\"ListItem\",\"position\":2,\"name\":\"Boutique\",\"item\":\"https:\\\/\\\/www.sunnyshop211.com\\\/boutique-miniature-bjd-dolls\\\/\"},{\"@type\":\"ListItem\",\"position\":3,\"name\":\"Service \u00e0 th\u00e9 miniature avec oiseau dor\u00e9 \u2013 1\\\/4\"}]},{\"@type\":\"WebSite\",\"@id\":\"https:\\\/\\\/www.sunnyshop211.com\\\/#website\",\"url\":\"https:\\\/\\\/www.sunnyshop211.com\\\/\",\"name\":\"Vente de dioramas, meubles, miniatures , bjd poup\u00e9es 1\\\/12 1\\\/8 1\\\/6 1\\\/4 1\\\/3\",\"description\":\"Sunnyshop211 - Votre univers miniature pour poup\u00e9es et BJD, dioramas et meubles sur mesure !\",\"publisher\":{\"@id\":\"https:\\\/\\\/www.sunnyshop211.com\\\/#organization\"},\"alternateName\":\"sunnyshop211\",\"potentialAction\":[{\"@type\":\"SearchAction\",\"target\":{\"@type\":\"EntryPoint\",\"urlTemplate\":\"https:\\\/\\\/www.sunnyshop211.com\\\/?s={search_term_string}\"},\"query-input\":{\"@type\":\"PropertyValueSpecification\",\"valueRequired\":true,\"valueName\":\"search_term_string\"}}],\"inLanguage\":\"en-US\"},{\"@type\":\"Organization\",\"@id\":\"https:\\\/\\\/www.sunnyshop211.com\\\/#organization\",\"name\":\"sunnyshop211\",\"alternateName\":\"sunnyshop211 diorama bjd meuble miniature\",\"url\":\"https:\\\/\\\/www.sunnyshop211.com\\\/\",\"logo\":{\"@type\":\"ImageObject\",\"inLanguage\":\"en-US\",\"@id\":\"https:\\\/\\\/www.sunnyshop211.com\\\/#\\\/schema\\\/logo\\\/image\\\/\",\"url\":\"https:\\\/\\\/www.sunnyshop211.com\\\/wp-content\\\/uploads\\\/2022\\\/08\\\/cropped-cropped-cropped-Sunnyshop211-1.png\",\"contentUrl\":\"https:\\\/\\\/www.sunnyshop211.com\\\/wp-content\\\/uploads\\\/2022\\\/08\\\/cropped-cropped-cropped-Sunnyshop211-1.png\",\"width\":339,\"height\":339,\"caption\":\"sunnyshop211\"},\"image\":{\"@id\":\"https:\\\/\\\/www.sunnyshop211.com\\\/#\\\/schema\\\/logo\\\/image\\\/\"},\"sameAs\":[\"https:\\\/\\\/www.facebook.com\\\/sunnyshop211\\\/?ref=bookmarks\",\"https:\\\/\\\/x.com\\\/sunnyshop211\",\"https:\\\/\\\/www.instagram.com\\\/sunnyshop211\\\/\",\"https:\\\/\\\/www.tumblr.com\\\/blog\\\/sunnyshop211\",\"https:\\\/\\\/www.youtube.com\\\/channel\\\/UCtYY18OGGDKrTSzgcf7fCBg\",\"https:\\\/\\\/www.tiktok.com\\\/@sunnydollshop211?is_from_webapp=1&sender_device=pc\"]}]}<\/script>\n<!-- \/ Yoast SEO plugin. -->","yoast_head_json":{"title":"Miniature tea set with golden bird - 1\/4 -","description":"Miniature tea set with golden bird - 1\/4 Diorama - BJD - MSD - Minifee - Unoa . Add a romantic and delicate touch to your settings","robots":{"index":"index","follow":"follow","max-snippet":"max-snippet:-1","max-image-preview":"max-image-preview:large","max-video-preview":"max-video-preview:-1"},"canonical":"https:\/\/www.sunnyshop211.com\/en\/product\/service-a-the-miniature-avec-oiseau-dore-1-4\/","og_locale":"en_US","og_type":"article","og_title":"Service \u00e0 th\u00e9 miniature avec oiseau dor\u00e9 \u2013 1\/4 -","og_description":"Lot de bougies miniature diorama 1\/6, 1\/4 , Barbie, fashion royalty, BJD minifee MSD, unoa. Id\u00e9al pour customiser vos mises en sc\u00e8nes.","og_url":"https:\/\/www.sunnyshop211.com\/en\/product\/service-a-the-miniature-avec-oiseau-dore-1-4\/","og_site_name":"Sunnyshop211 -Vente de dioramas, meubles, miniatures , bjd poup\u00e9es 1\/12 1\/8 1\/6 1\/4 1\/3","article_publisher":"https:\/\/www.facebook.com\/sunnyshop211\/?ref=bookmarks","article_modified_time":"2026-04-12T11:35:09+00:00","og_image":[{"width":2560,"height":1707,"url":"https:\/\/www.sunnyshop211.com\/wp-content\/uploads\/2026\/04\/47-scaled.jpg","type":"image\/jpeg"}],"twitter_card":"summary_large_image","twitter_site":"@sunnyshop211","twitter_misc":{"Est. reading time":"2 minutes"},"schema":{"@context":"https:\/\/schema.org","@graph":[{"@type":"WebPage","@id":"https:\/\/www.sunnyshop211.com\/produit\/service-a-the-miniature-avec-oiseau-dore-1-4\/","url":"https:\/\/www.sunnyshop211.com\/produit\/service-a-the-miniature-avec-oiseau-dore-1-4\/","name":"Miniature tea set with golden bird - 1\/4 -","isPartOf":{"@id":"https:\/\/www.sunnyshop211.com\/#website"},"primaryImageOfPage":{"@id":"https:\/\/www.sunnyshop211.com\/produit\/service-a-the-miniature-avec-oiseau-dore-1-4\/#primaryimage"},"image":{"@id":"https:\/\/www.sunnyshop211.com\/produit\/service-a-the-miniature-avec-oiseau-dore-1-4\/#primaryimage"},"thumbnailUrl":"https:\/\/www.sunnyshop211.com\/wp-content\/uploads\/2026\/04\/47-scaled.jpg","datePublished":"2026-04-12T11:32:20+00:00","dateModified":"2026-04-12T11:35:09+00:00","description":"Miniature tea set with golden bird - 1\/4 Diorama - BJD - MSD - Minifee - Unoa . Add a romantic and delicate touch to your settings","breadcrumb":{"@id":"https:\/\/www.sunnyshop211.com\/produit\/service-a-the-miniature-avec-oiseau-dore-1-4\/#breadcrumb"},"inLanguage":"en-US","potentialAction":[{"@type":"ReadAction","target":["https:\/\/www.sunnyshop211.com\/produit\/service-a-the-miniature-avec-oiseau-dore-1-4\/"]}]},{"@type":"ImageObject","inLanguage":"en-US","@id":"https:\/\/www.sunnyshop211.com\/produit\/service-a-the-miniature-avec-oiseau-dore-1-4\/#primaryimage","url":"https:\/\/www.sunnyshop211.com\/wp-content\/uploads\/2026\/04\/47-scaled.jpg","contentUrl":"https:\/\/www.sunnyshop211.com\/wp-content\/uploads\/2026\/04\/47-scaled.jpg","width":2560,"height":1707,"caption":"Service \u00e0 th\u00e9 miniature avec oiseau dor\u00e9 \u2013 1\/4"},{"@type":"BreadcrumbList","@id":"https:\/\/www.sunnyshop211.com\/produit\/service-a-the-miniature-avec-oiseau-dore-1-4\/#breadcrumb","itemListElement":[{"@type":"ListItem","position":1,"name":"Accueil","item":"https:\/\/www.sunnyshop211.com\/"},{"@type":"ListItem","position":2,"name":"Boutique","item":"https:\/\/www.sunnyshop211.com\/boutique-miniature-bjd-dolls\/"},{"@type":"ListItem","position":3,"name":"Service \u00e0 th\u00e9 miniature avec oiseau dor\u00e9 \u2013 1\/4"}]},{"@type":"WebSite","@id":"https:\/\/www.sunnyshop211.com\/#website","url":"https:\/\/www.sunnyshop211.com\/","name":"Sale of dioramas, furniture, miniatures, bjd dolls 1\/12 1\/8 1\/6 1\/4 1\/3","description":"Sunnyshop211 - Your miniature world for dolls and BJDs, dioramas and custom-made furniture!","publisher":{"@id":"https:\/\/www.sunnyshop211.com\/#organization"},"alternateName":"sunnyshop211","potentialAction":[{"@type":"SearchAction","target":{"@type":"EntryPoint","urlTemplate":"https:\/\/www.sunnyshop211.com\/?s={search_term_string}"},"query-input":{"@type":"PropertyValueSpecification","valueRequired":true,"valueName":"search_term_string"}}],"inLanguage":"en-US"},{"@type":"Organization","@id":"https:\/\/www.sunnyshop211.com\/#organization","name":"sunnyshop211","alternateName":"sunnyshop211 diorama bjd meuble miniature","url":"https:\/\/www.sunnyshop211.com\/","logo":{"@type":"ImageObject","inLanguage":"en-US","@id":"https:\/\/www.sunnyshop211.com\/#\/schema\/logo\/image\/","url":"https:\/\/www.sunnyshop211.com\/wp-content\/uploads\/2022\/08\/cropped-cropped-cropped-Sunnyshop211-1.png","contentUrl":"https:\/\/www.sunnyshop211.com\/wp-content\/uploads\/2022\/08\/cropped-cropped-cropped-Sunnyshop211-1.png","width":339,"height":339,"caption":"sunnyshop211"},"image":{"@id":"https:\/\/www.sunnyshop211.com\/#\/schema\/logo\/image\/"},"sameAs":["https:\/\/www.facebook.com\/sunnyshop211\/?ref=bookmarks","https:\/\/x.com\/sunnyshop211","https:\/\/www.instagram.com\/sunnyshop211\/","https:\/\/www.tumblr.com\/blog\/sunnyshop211","https:\/\/www.youtube.com\/channel\/UCtYY18OGGDKrTSzgcf7fCBg","https:\/\/www.tiktok.com\/@sunnydollshop211?is_from_webapp=1&sender_device=pc"]}]}},"jetpack_publicize_connections":[],"jetpack_sharing_enabled":true,"_links":{"self":[{"href":"https:\/\/www.sunnyshop211.com\/en\/wp-json\/wp\/v2\/product\/56221","targetHints":{"allow":["GET"]}}],"collection":[{"href":"https:\/\/www.sunnyshop211.com\/en\/wp-json\/wp\/v2\/product"}],"about":[{"href":"https:\/\/www.sunnyshop211.com\/en\/wp-json\/wp\/v2\/types\/product"}],"replies":[{"embeddable":true,"href":"https:\/\/www.sunnyshop211.com\/en\/wp-json\/wp\/v2\/comments?post=56221"}],"version-history":[{"count":1,"href":"https:\/\/www.sunnyshop211.com\/en\/wp-json\/wp\/v2\/product\/56221\/revisions"}],"predecessor-version":[{"id":56226,"href":"https:\/\/www.sunnyshop211.com\/en\/wp-json\/wp\/v2\/product\/56221\/revisions\/56226"}],"wp:featuredmedia":[{"embeddable":true,"href":"https:\/\/www.sunnyshop211.com\/en\/wp-json\/wp\/v2\/media\/56126"}],"wp:attachment":[{"href":"https:\/\/www.sunnyshop211.com\/en\/wp-json\/wp\/v2\/media?parent=56221"}],"wp:term":[{"taxonomy":"product_brand","embeddable":true,"href":"https:\/\/www.sunnyshop211.com\/en\/wp-json\/wp\/v2\/product_brand?post=56221"},{"taxonomy":"product_cat","embeddable":true,"href":"https:\/\/www.sunnyshop211.com\/en\/wp-json\/wp\/v2\/product_cat?post=56221"},{"taxonomy":"product_tag","embeddable":true,"href":"https:\/\/www.sunnyshop211.com\/en\/wp-json\/wp\/v2\/product_tag?post=56221"}],"curies":[{"name":"wp","href":"https:\/\/api.w.org\/{rel}","templated":true}]}}