{"id":56202,"date":"2026-04-12T12:26:20","date_gmt":"2026-04-12T11:26:20","guid":{"rendered":"https:\/\/www.sunnyshop211.com\/?post_type=product&#038;p=56202"},"modified":"2026-04-12T12:36:13","modified_gmt":"2026-04-12T11:36:13","slug":"service-a-the-baroque-miniature-1-4","status":"publish","type":"product","link":"https:\/\/www.sunnyshop211.com\/en\/product\/service-a-the-baroque-miniature-1-4\/","title":{"rendered":"Baroque miniature tea set - 1\/4"},"content":{"rendered":"<div id='gallery-1' class='gallery galleryid-56202 gallery-columns-3 gallery-size-thumbnail'><figure class='gallery-item'>\n\t\t\t<div class='gallery-icon landscape'>\n\t\t\t\t<a href='https:\/\/www.sunnyshop211.com\/en\/?attachment_id=56121'><img decoding=\"async\" width=\"150\" height=\"150\" src=\"https:\/\/www.sunnyshop211.com\/wp-content\/uploads\/2026\/04\/42-150x150.jpg\" class=\"attachment-thumbnail size-thumbnail\" alt=\"Service \u00e0 th\u00e9 baroque miniature \u2013 1\/4\" srcset=\"https:\/\/www.sunnyshop211.com\/wp-content\/uploads\/2026\/04\/42-150x150.jpg 150w, https:\/\/www.sunnyshop211.com\/wp-content\/uploads\/2026\/04\/42-500x500.jpg 500w, https:\/\/www.sunnyshop211.com\/wp-content\/uploads\/2026\/04\/42-100x100.jpg 100w\" sizes=\"(max-width: 150px) 100vw, 150px\" \/><\/a>\n\t\t\t<\/div><\/figure><figure class='gallery-item'>\n\t\t\t<div class='gallery-icon landscape'>\n\t\t\t\t<a href='https:\/\/www.sunnyshop211.com\/en\/?attachment_id=56122'><img decoding=\"async\" width=\"150\" height=\"150\" src=\"https:\/\/www.sunnyshop211.com\/wp-content\/uploads\/2026\/04\/43-150x150.jpg\" class=\"attachment-thumbnail size-thumbnail\" alt=\"Service \u00e0 th\u00e9 baroque miniature \u2013 1\/4\" srcset=\"https:\/\/www.sunnyshop211.com\/wp-content\/uploads\/2026\/04\/43-150x150.jpg 150w, https:\/\/www.sunnyshop211.com\/wp-content\/uploads\/2026\/04\/43-500x500.jpg 500w, https:\/\/www.sunnyshop211.com\/wp-content\/uploads\/2026\/04\/43-100x100.jpg 100w\" sizes=\"(max-width: 150px) 100vw, 150px\" \/><\/a>\n\t\t\t<\/div><\/figure><figure class='gallery-item'>\n\t\t\t<div class='gallery-icon landscape'>\n\t\t\t\t<a href='https:\/\/www.sunnyshop211.com\/en\/?attachment_id=56110'><img decoding=\"async\" width=\"150\" height=\"150\" src=\"https:\/\/www.sunnyshop211.com\/wp-content\/uploads\/2026\/04\/31-1-150x150.jpg\" class=\"attachment-thumbnail size-thumbnail\" alt=\"Service \u00e0 th\u00e9 baroque miniature \u2013 1\/4\" srcset=\"https:\/\/www.sunnyshop211.com\/wp-content\/uploads\/2026\/04\/31-1-150x150.jpg 150w, https:\/\/www.sunnyshop211.com\/wp-content\/uploads\/2026\/04\/31-1-500x500.jpg 500w, https:\/\/www.sunnyshop211.com\/wp-content\/uploads\/2026\/04\/31-1-100x100.jpg 100w\" sizes=\"(max-width: 150px) 100vw, 150px\" \/><\/a>\n\t\t\t<\/div><\/figure><figure class='gallery-item'>\n\t\t\t<div class='gallery-icon landscape'>\n\t\t\t\t<a href='https:\/\/www.sunnyshop211.com\/en\/?attachment_id=56124'><img loading=\"lazy\" decoding=\"async\" width=\"150\" height=\"150\" src=\"https:\/\/www.sunnyshop211.com\/wp-content\/uploads\/2026\/04\/45-150x150.jpg\" class=\"attachment-thumbnail size-thumbnail\" alt=\"\" srcset=\"https:\/\/www.sunnyshop211.com\/wp-content\/uploads\/2026\/04\/45-150x150.jpg 150w, https:\/\/www.sunnyshop211.com\/wp-content\/uploads\/2026\/04\/45-500x500.jpg 500w, https:\/\/www.sunnyshop211.com\/wp-content\/uploads\/2026\/04\/45-100x100.jpg 100w\" sizes=\"(max-width: 150px) 100vw, 150px\" \/><\/a>\n\t\t\t<\/div><\/figure><figure class='gallery-item'>\n\t\t\t<div class='gallery-icon landscape'>\n\t\t\t\t<a href='https:\/\/www.sunnyshop211.com\/en\/?attachment_id=56123'><img loading=\"lazy\" decoding=\"async\" width=\"150\" height=\"150\" src=\"https:\/\/www.sunnyshop211.com\/wp-content\/uploads\/2026\/04\/44-150x150.jpg\" class=\"attachment-thumbnail size-thumbnail\" alt=\"Service \u00e0 th\u00e9 baroque miniature \u2013 1\/4\" srcset=\"https:\/\/www.sunnyshop211.com\/wp-content\/uploads\/2026\/04\/44-150x150.jpg 150w, https:\/\/www.sunnyshop211.com\/wp-content\/uploads\/2026\/04\/44-500x500.jpg 500w, https:\/\/www.sunnyshop211.com\/wp-content\/uploads\/2026\/04\/44-100x100.jpg 100w\" sizes=\"(max-width: 150px) 100vw, 150px\" \/><\/a>\n\t\t\t<\/div><\/figure><figure class='gallery-item'>\n\t\t\t<div class='gallery-icon landscape'>\n\t\t\t\t<a href='https:\/\/www.sunnyshop211.com\/en\/?attachment_id=56115'><img loading=\"lazy\" decoding=\"async\" width=\"150\" height=\"150\" src=\"https:\/\/www.sunnyshop211.com\/wp-content\/uploads\/2026\/04\/36-150x150.jpg\" class=\"attachment-thumbnail size-thumbnail\" alt=\"\" srcset=\"https:\/\/www.sunnyshop211.com\/wp-content\/uploads\/2026\/04\/36-150x150.jpg 150w, https:\/\/www.sunnyshop211.com\/wp-content\/uploads\/2026\/04\/36-500x500.jpg 500w, https:\/\/www.sunnyshop211.com\/wp-content\/uploads\/2026\/04\/36-100x100.jpg 100w\" sizes=\"(max-width: 150px) 100vw, 150px\" \/><\/a>\n\t\t\t<\/div><\/figure><figure class='gallery-item'>\n\t\t\t<div class='gallery-icon landscape'>\n\t\t\t\t<a href='https:\/\/www.sunnyshop211.com\/en\/?attachment_id=56099'><img loading=\"lazy\" decoding=\"async\" width=\"150\" height=\"150\" src=\"https:\/\/www.sunnyshop211.com\/wp-content\/uploads\/2026\/04\/20-1-150x150.jpg\" class=\"attachment-thumbnail size-thumbnail\" alt=\"Armoire \/ \u00c9tag\u00e8re miniature \u2013 1\/4 BJD \u2022 MSD \u2022 Minifee\" srcset=\"https:\/\/www.sunnyshop211.com\/wp-content\/uploads\/2026\/04\/20-1-150x150.jpg 150w, https:\/\/www.sunnyshop211.com\/wp-content\/uploads\/2026\/04\/20-1-500x500.jpg 500w, https:\/\/www.sunnyshop211.com\/wp-content\/uploads\/2026\/04\/20-1-100x100.jpg 100w\" sizes=\"(max-width: 150px) 100vw, 150px\" \/><\/a>\n\t\t\t<\/div><\/figure>\n\t\t<\/div>\n\n<h2 data-section-id=\"koyg9r\" data-start=\"123\" data-end=\"169\">\ud83e\uded6\u2728 Baroque miniature tea set - 1\/4<\/h2>\n<p data-start=\"170\" data-end=\"223\"><strong data-start=\"170\" data-end=\"223\">BJD - MSD - Minifee - Unoa - Diorama tea room<\/strong><\/p>\n<hr data-start=\"225\" data-end=\"228\" \/>\n<p data-start=\"230\" data-end=\"248\">\ud83c\udf3f <strong data-start=\"233\" data-end=\"248\">Description<\/strong><\/p>\n<p data-start=\"250\" data-end=\"358\">Add an elegant, refined touch to your dioramas with this baroque-style miniature tea set.<\/p>\n<p data-start=\"360\" data-end=\"487\">Each room is decorated with <strong data-start=\"388\" data-end=\"417\">delicate relief patterns<\/strong>, inspired by classic ornaments, for a chic, timeless look.<\/p>\n<p data-start=\"489\" data-end=\"636\">Perfect for creating a <strong data-start=\"524\" data-end=\"576\">tea room, pastry shop or romantic interior<\/strong>, this set instantly enhances your settings \u2615\ud83d\udc95<\/p>\n<hr data-start=\"638\" data-end=\"641\" \/>\n<p data-start=\"643\" data-end=\"667\">\u2728 <strong data-start=\"645\" data-end=\"667\">Product details<\/strong><\/p>\n<p data-start=\"669\" data-end=\"785\">- Decorative miniature tea set<br data-start=\"704\" data-end=\"707\" \/>- Baroque motifs in relief<br data-start=\"734\" data-end=\"737\" \/>- Harmonized set<br data-start=\"757\" data-end=\"760\" \/>- Collector's item<\/p>\n<p data-start=\"787\" data-end=\"810\">\ud83d\udc49 Sold as a complete set<\/p>\n<hr data-start=\"812\" data-end=\"815\" \/>\n<p data-start=\"817\" data-end=\"845\">\ud83e\uded6 <strong data-start=\"820\" data-end=\"845\">Package contents<\/strong><\/p>\n<p data-start=\"847\" data-end=\"887\">- 2 cups<br data-start=\"857\" data-end=\"860\" \/>- 1 teapot<br data-start=\"871\" data-end=\"874\" \/>- 1 sugar bowl<\/p>\n<p data-start=\"889\" data-end=\"951\">\ud83d\udc49 All elements feature the same Baroque relief motif<\/p>\n<hr data-start=\"953\" data-end=\"956\" \/>\n<p data-start=\"958\" data-end=\"985\">\ud83c\udfa8 <strong data-start=\"961\" data-end=\"985\">Available colors<\/strong><\/p>\n<p data-start=\"987\" data-end=\"1023\">- White<br data-start=\"994\" data-end=\"997\" \/>- Rose<br data-start=\"1003\" data-end=\"1006\" \/>- Blue<br data-start=\"1012\" data-end=\"1015\" \/>- Black<\/p>\n<p data-start=\"1025\" data-end=\"1057\">\ud83d\udc49 Choose when ordering<\/p>\n<hr data-start=\"1059\" data-end=\"1062\" \/>\n<p data-start=\"1064\" data-end=\"1095\">\ud83d\udccf <strong data-start=\"1067\" data-end=\"1095\">Dimensions (1\/4 scale)<\/strong><\/p>\n<p data-start=\"1097\" data-end=\"1178\">- Cups: approx. 2 cm<br data-start=\"1120\" data-end=\"1123\" \/>- Teapot: approx. 4 cm<br data-start=\"1147\" data-end=\"1150\" \/>- Sugar bowl: approx. 1.5 cm<\/p>\n<p data-start=\"1180\" data-end=\"1231\">\ud83d\udc49 Ideal dimensions for realistic integration<\/p>\n<hr data-start=\"1233\" data-end=\"1236\" \/>\n<p data-start=\"1238\" data-end=\"1258\">\ud83e\uddf8 <strong data-start=\"1241\" data-end=\"1258\">Compatibility<\/strong><\/p>\n<p data-start=\"1260\" data-end=\"1293\">Perfect for dolls:<\/p>\n<p data-start=\"1295\" data-end=\"1340\">\u2022 <strong data-start=\"1297\" data-end=\"1304\">1\/4<\/strong> BJD, MSD, Minifee, Unoa, Bimong<\/p>\n<p data-start=\"1342\" data-end=\"1426\">\ud83d\udc49 Ideal for :<br \/>\n- tea room<br data-start=\"1372\" data-end=\"1375\" \/>- miniature kitchen<br data-start=\"1394\" data-end=\"1397\" \/>- elegant interior design<\/p>\n<hr data-start=\"1428\" data-end=\"1431\" \/>\n<h2 data-start=\"1433\" data-end=\"1468\">\ud83c\udfad <strong data-start=\"1436\" data-end=\"1468\">Staging &amp; associations<\/strong><\/h2>\n<p data-start=\"1470\" data-end=\"1496\">Perfect with :<\/p>\n<p data-start=\"1498\" data-end=\"1602\">- miniature tables and chairs<br data-start=\"1528\" data-end=\"1531\" \/>- pastry counters<br data-start=\"1556\" data-end=\"1559\" \/>- gourmet showcases<br data-start=\"1580\" data-end=\"1583\" \/>- tea time scenes<\/p>\n<p data-start=\"1604\" data-end=\"1682\">Compatible with furniture and accessories <strong data-start=\"1647\" data-end=\"1663\">sunnyshop211<\/strong> sold separately.<\/p>\n<hr data-start=\"1684\" data-end=\"1687\" \/>\n<p data-start=\"1689\" data-end=\"1719\">\ud83d\udee0\ufe0f <strong data-start=\"1693\" data-end=\"1719\">Handcrafted products<\/strong><\/p>\n<p data-start=\"1721\" data-end=\"1767\">Each piece is hand-made and hand-painted.<\/p>\n<p data-start=\"1769\" data-end=\"1873\">Slight variations in shape, color and finish are possible, making each set unique.<\/p>\n<hr data-start=\"1875\" data-end=\"1878\" \/>\n<p data-start=\"1880\" data-end=\"1911\">\ud83d\udce6 <strong data-start=\"1883\" data-end=\"1911\">Important information<\/strong><\/p>\n<p data-start=\"1913\" data-end=\"2054\">- This is not a toy<br data-start=\"1938\" data-end=\"1941\" \/>- Article intended for an adult audience<br data-start=\"1977\" data-end=\"1980\" \/>- Set sold without accessories<br data-start=\"2013\" data-end=\"2016\" \/>- Photos = examples of staging<\/p>\n<hr data-start=\"2056\" data-end=\"2059\" \/>\n<p data-start=\"2061\" data-end=\"2077\">\ud83d\ude9a <strong data-start=\"2064\" data-end=\"2077\">Transport<\/strong><\/p>\n<p data-start=\"2079\" data-end=\"2147\">I am not responsible for any damage in transit.<\/p>\n<hr data-start=\"2149\" data-end=\"2152\" \/>\n<p data-start=\"2154\" data-end=\"2180\">\ud83d\udcf8 <strong data-start=\"2157\" data-end=\"2180\">More inspirations<\/strong><\/p>\n<p data-start=\"2182\" data-end=\"2224\">\ud83d\udc49 <a class=\"decorated-link\" href=\"https:\/\/www.instagram.com\/sunnyshop211\/\" target=\"_new\" rel=\"noopener\" data-start=\"2185\" data-end=\"2224\">https:\/\/www.instagram.com\/sunnyshop211\/<\/a><\/p>\n<hr data-start=\"2226\" data-end=\"2229\" \/>\n<p data-start=\"2231\" data-end=\"2341\">\ud83d\udcab <strong data-start=\"2234\" data-end=\"2341\">A must-have for creating an elegant, soft and realistic ambience in your miniature tea rooms.<\/strong><\/p>","protected":false},"excerpt":{"rendered":"<p>\ud83e\uded6\u2728 Service \u00e0 th\u00e9 baroque miniature \u2013 1\/4 BJD \u2022 MSD \u2022 Minifee \u2022 Unoa \u2022 Diorama salon de th\u00e9 \ud83c\udf3f Description Apportez une touche \u00e9l\u00e9gante et raffin\u00e9e \u00e0 vos dioramas avec cet ensemble de th\u00e9 miniature au style baroque. Chaque pi\u00e8ce est d\u00e9cor\u00e9e de motifs en relief d\u00e9licats, inspir\u00e9s des ornements classiques, pour un [&hellip;]<\/p>\n","protected":false},"featured_media":56121,"comment_status":"open","ping_status":"closed","template":"","meta":{"_crdt_document":"","jetpack_post_was_ever_published":false,"jetpack_publicize_message":"","jetpack_publicize_feature_enabled":true,"jetpack_social_post_already_shared":true,"jetpack_social_options":{"image_generator_settings":{"template":"highway","default_image_id":0,"font":"","enabled":false},"version":2}},"product_brand":[],"product_cat":[667687057,667687021,667687075],"product_tag":[667681278,667681145,667681143,667681341,667681284,667684372,667681142,667684395,667684370,667684381,667681234,667681226,667681233,667681343,667681225,667681279,667681241,667681340,667681144,667681236,667681261,667681281,667681173,667681280,667681177,667681277,667684397,667684379,667681338,667681260],"class_list":{"0":"post-56202","1":"product","2":"type-product","3":"status-publish","4":"has-post-thumbnail","6":"product_cat-nourriture-vaisselle","7":"product_cat-vaisselle","8":"product_cat--nourriture-de-la-saint-valentin","9":"product_tag-barbie","10":"product_tag-bed","11":"product_tag-bedroom","12":"product_tag-bid","13":"product_tag-blythe","14":"product_tag-cerceuil","15":"product_tag-chambre","16":"product_tag-citrouille","17":"product_tag-coffin","18":"product_tag-corbeau","19":"product_tag-diorama","20":"product_tag-doll","21":"product_tag-dollhouse","22":"product_tag-etagere","23":"product_tag-furniture","24":"product_tag-hot-toys","25":"product_tag-iplehouse","26":"product_tag-kid","27":"product_tag-lit","28":"product_tag-maison-de-poupee","29":"product_tag-meuble","30":"product_tag-meubles","31":"product_tag-minifee","32":"product_tag-phicen","33":"product_tag-poupee","34":"product_tag-pullip","35":"product_tag-pumpkin","36":"product_tag-raven","37":"product_tag-table-de-nuit","38":"product_tag-tonner","39":"product_shipping_class-colissimo-5","40":"pa_couleur-blanc-2","41":"pa_couleur-bleu","42":"pa_couleur-noir","43":"pa_couleur-rose-pink","45":"first","46":"instock","47":"taxable","48":"shipping-taxable","49":"purchasable","50":"product-type-variable"},"yoast_head":"<!-- This site is optimized with the Yoast SEO plugin v27.5 - https:\/\/yoast.com\/product\/yoast-seo-wordpress\/ -->\n<title>Service \u00e0 th\u00e9 baroque miniature \u2013 1\/4 -<\/title>\n<meta name=\"description\" content=\"Service \u00e0 th\u00e9 baroque miniature \u2013 1\/4 Diorama \u00b7 BJD \u00b7 MSD \u00b7 Minifee \u00b7 Unoa . Apportez une touche romantique et d\u00e9licate \u00e0 vos mises en sc\u00e8ne\" \/>\n<meta name=\"robots\" content=\"index, follow, max-snippet:-1, max-image-preview:large, max-video-preview:-1\" \/>\n<link rel=\"canonical\" href=\"https:\/\/www.sunnyshop211.com\/en\/product\/service-a-the-baroque-miniature-1-4\/\" \/>\n<meta property=\"og:locale\" content=\"en_US\" \/>\n<meta property=\"og:type\" content=\"article\" \/>\n<meta property=\"og:title\" content=\"Service \u00e0 th\u00e9 baroque miniature \u2013 1\/4 -\" \/>\n<meta property=\"og:description\" content=\"Lot de bougies miniature diorama 1\/6, 1\/4 , Barbie, fashion royalty, BJD minifee MSD, unoa. Id\u00e9al pour customiser vos mises en sc\u00e8nes.\" \/>\n<meta property=\"og:url\" content=\"https:\/\/www.sunnyshop211.com\/en\/product\/service-a-the-baroque-miniature-1-4\/\" \/>\n<meta property=\"og:site_name\" content=\"Sunnyshop211 -Vente de dioramas, meubles, miniatures , bjd poup\u00e9es 1\/12 1\/8 1\/6 1\/4 1\/3\" \/>\n<meta property=\"article:publisher\" content=\"https:\/\/www.facebook.com\/sunnyshop211\/?ref=bookmarks\" \/>\n<meta property=\"article:modified_time\" content=\"2026-04-12T11:36:13+00:00\" \/>\n<meta property=\"og:image\" content=\"https:\/\/www.sunnyshop211.com\/wp-content\/uploads\/2026\/04\/42-scaled.jpg\" \/>\n\t<meta property=\"og:image:width\" content=\"2560\" \/>\n\t<meta property=\"og:image:height\" content=\"1707\" \/>\n\t<meta property=\"og:image:type\" content=\"image\/jpeg\" \/>\n<meta name=\"twitter:card\" content=\"summary_large_image\" \/>\n<meta name=\"twitter:site\" content=\"@sunnyshop211\" \/>\n<meta name=\"twitter:label1\" content=\"Est. reading time\" \/>\n\t<meta name=\"twitter:data1\" content=\"2 minutes\" \/>\n<script type=\"application\/ld+json\" class=\"yoast-schema-graph\">{\"@context\":\"https:\\\/\\\/schema.org\",\"@graph\":[{\"@type\":\"WebPage\",\"@id\":\"https:\\\/\\\/www.sunnyshop211.com\\\/produit\\\/service-a-the-baroque-miniature-1-4\\\/\",\"url\":\"https:\\\/\\\/www.sunnyshop211.com\\\/produit\\\/service-a-the-baroque-miniature-1-4\\\/\",\"name\":\"Service \u00e0 th\u00e9 baroque miniature \u2013 1\\\/4 -\",\"isPartOf\":{\"@id\":\"https:\\\/\\\/www.sunnyshop211.com\\\/#website\"},\"primaryImageOfPage\":{\"@id\":\"https:\\\/\\\/www.sunnyshop211.com\\\/produit\\\/service-a-the-baroque-miniature-1-4\\\/#primaryimage\"},\"image\":{\"@id\":\"https:\\\/\\\/www.sunnyshop211.com\\\/produit\\\/service-a-the-baroque-miniature-1-4\\\/#primaryimage\"},\"thumbnailUrl\":\"https:\\\/\\\/www.sunnyshop211.com\\\/wp-content\\\/uploads\\\/2026\\\/04\\\/42-scaled.jpg\",\"datePublished\":\"2026-04-12T11:26:20+00:00\",\"dateModified\":\"2026-04-12T11:36:13+00:00\",\"description\":\"Service \u00e0 th\u00e9 baroque miniature \u2013 1\\\/4 Diorama \u00b7 BJD \u00b7 MSD \u00b7 Minifee \u00b7 Unoa . Apportez une touche romantique et d\u00e9licate \u00e0 vos mises en sc\u00e8ne\",\"breadcrumb\":{\"@id\":\"https:\\\/\\\/www.sunnyshop211.com\\\/produit\\\/service-a-the-baroque-miniature-1-4\\\/#breadcrumb\"},\"inLanguage\":\"en-US\",\"potentialAction\":[{\"@type\":\"ReadAction\",\"target\":[\"https:\\\/\\\/www.sunnyshop211.com\\\/produit\\\/service-a-the-baroque-miniature-1-4\\\/\"]}]},{\"@type\":\"ImageObject\",\"inLanguage\":\"en-US\",\"@id\":\"https:\\\/\\\/www.sunnyshop211.com\\\/produit\\\/service-a-the-baroque-miniature-1-4\\\/#primaryimage\",\"url\":\"https:\\\/\\\/www.sunnyshop211.com\\\/wp-content\\\/uploads\\\/2026\\\/04\\\/42-scaled.jpg\",\"contentUrl\":\"https:\\\/\\\/www.sunnyshop211.com\\\/wp-content\\\/uploads\\\/2026\\\/04\\\/42-scaled.jpg\",\"width\":2560,\"height\":1707,\"caption\":\"Service \u00e0 th\u00e9 baroque miniature \u2013 1\\\/4\"},{\"@type\":\"BreadcrumbList\",\"@id\":\"https:\\\/\\\/www.sunnyshop211.com\\\/produit\\\/service-a-the-baroque-miniature-1-4\\\/#breadcrumb\",\"itemListElement\":[{\"@type\":\"ListItem\",\"position\":1,\"name\":\"Accueil\",\"item\":\"https:\\\/\\\/www.sunnyshop211.com\\\/\"},{\"@type\":\"ListItem\",\"position\":2,\"name\":\"Boutique\",\"item\":\"https:\\\/\\\/www.sunnyshop211.com\\\/boutique-miniature-bjd-dolls\\\/\"},{\"@type\":\"ListItem\",\"position\":3,\"name\":\"Service \u00e0 th\u00e9 baroque miniature \u2013 1\\\/4\"}]},{\"@type\":\"WebSite\",\"@id\":\"https:\\\/\\\/www.sunnyshop211.com\\\/#website\",\"url\":\"https:\\\/\\\/www.sunnyshop211.com\\\/\",\"name\":\"Vente de dioramas, meubles, miniatures , bjd poup\u00e9es 1\\\/12 1\\\/8 1\\\/6 1\\\/4 1\\\/3\",\"description\":\"Sunnyshop211 - Votre univers miniature pour poup\u00e9es et BJD, dioramas et meubles sur mesure !\",\"publisher\":{\"@id\":\"https:\\\/\\\/www.sunnyshop211.com\\\/#organization\"},\"alternateName\":\"sunnyshop211\",\"potentialAction\":[{\"@type\":\"SearchAction\",\"target\":{\"@type\":\"EntryPoint\",\"urlTemplate\":\"https:\\\/\\\/www.sunnyshop211.com\\\/?s={search_term_string}\"},\"query-input\":{\"@type\":\"PropertyValueSpecification\",\"valueRequired\":true,\"valueName\":\"search_term_string\"}}],\"inLanguage\":\"en-US\"},{\"@type\":\"Organization\",\"@id\":\"https:\\\/\\\/www.sunnyshop211.com\\\/#organization\",\"name\":\"sunnyshop211\",\"alternateName\":\"sunnyshop211 diorama bjd meuble miniature\",\"url\":\"https:\\\/\\\/www.sunnyshop211.com\\\/\",\"logo\":{\"@type\":\"ImageObject\",\"inLanguage\":\"en-US\",\"@id\":\"https:\\\/\\\/www.sunnyshop211.com\\\/#\\\/schema\\\/logo\\\/image\\\/\",\"url\":\"https:\\\/\\\/www.sunnyshop211.com\\\/wp-content\\\/uploads\\\/2022\\\/08\\\/cropped-cropped-cropped-Sunnyshop211-1.png\",\"contentUrl\":\"https:\\\/\\\/www.sunnyshop211.com\\\/wp-content\\\/uploads\\\/2022\\\/08\\\/cropped-cropped-cropped-Sunnyshop211-1.png\",\"width\":339,\"height\":339,\"caption\":\"sunnyshop211\"},\"image\":{\"@id\":\"https:\\\/\\\/www.sunnyshop211.com\\\/#\\\/schema\\\/logo\\\/image\\\/\"},\"sameAs\":[\"https:\\\/\\\/www.facebook.com\\\/sunnyshop211\\\/?ref=bookmarks\",\"https:\\\/\\\/x.com\\\/sunnyshop211\",\"https:\\\/\\\/www.instagram.com\\\/sunnyshop211\\\/\",\"https:\\\/\\\/www.tumblr.com\\\/blog\\\/sunnyshop211\",\"https:\\\/\\\/www.youtube.com\\\/channel\\\/UCtYY18OGGDKrTSzgcf7fCBg\",\"https:\\\/\\\/www.tiktok.com\\\/@sunnydollshop211?is_from_webapp=1&sender_device=pc\"]}]}<\/script>\n<!-- \/ Yoast SEO plugin. -->","yoast_head_json":{"title":"Miniature baroque tea service - 1\/4 -","description":"Miniature baroque tea set - 1\/4 Diorama - BJD - MSD - Minifee - Unoa . Bring a romantic and delicate touch to your settings","robots":{"index":"index","follow":"follow","max-snippet":"max-snippet:-1","max-image-preview":"max-image-preview:large","max-video-preview":"max-video-preview:-1"},"canonical":"https:\/\/www.sunnyshop211.com\/en\/product\/service-a-the-baroque-miniature-1-4\/","og_locale":"en_US","og_type":"article","og_title":"Service \u00e0 th\u00e9 baroque miniature \u2013 1\/4 -","og_description":"Lot de bougies miniature diorama 1\/6, 1\/4 , Barbie, fashion royalty, BJD minifee MSD, unoa. Id\u00e9al pour customiser vos mises en sc\u00e8nes.","og_url":"https:\/\/www.sunnyshop211.com\/en\/product\/service-a-the-baroque-miniature-1-4\/","og_site_name":"Sunnyshop211 -Vente de dioramas, meubles, miniatures , bjd poup\u00e9es 1\/12 1\/8 1\/6 1\/4 1\/3","article_publisher":"https:\/\/www.facebook.com\/sunnyshop211\/?ref=bookmarks","article_modified_time":"2026-04-12T11:36:13+00:00","og_image":[{"width":2560,"height":1707,"url":"https:\/\/www.sunnyshop211.com\/wp-content\/uploads\/2026\/04\/42-scaled.jpg","type":"image\/jpeg"}],"twitter_card":"summary_large_image","twitter_site":"@sunnyshop211","twitter_misc":{"Est. reading time":"2 minutes"},"schema":{"@context":"https:\/\/schema.org","@graph":[{"@type":"WebPage","@id":"https:\/\/www.sunnyshop211.com\/produit\/service-a-the-baroque-miniature-1-4\/","url":"https:\/\/www.sunnyshop211.com\/produit\/service-a-the-baroque-miniature-1-4\/","name":"Miniature baroque tea service - 1\/4 -","isPartOf":{"@id":"https:\/\/www.sunnyshop211.com\/#website"},"primaryImageOfPage":{"@id":"https:\/\/www.sunnyshop211.com\/produit\/service-a-the-baroque-miniature-1-4\/#primaryimage"},"image":{"@id":"https:\/\/www.sunnyshop211.com\/produit\/service-a-the-baroque-miniature-1-4\/#primaryimage"},"thumbnailUrl":"https:\/\/www.sunnyshop211.com\/wp-content\/uploads\/2026\/04\/42-scaled.jpg","datePublished":"2026-04-12T11:26:20+00:00","dateModified":"2026-04-12T11:36:13+00:00","description":"Miniature baroque tea set - 1\/4 Diorama - BJD - MSD - Minifee - Unoa . Bring a romantic and delicate touch to your settings","breadcrumb":{"@id":"https:\/\/www.sunnyshop211.com\/produit\/service-a-the-baroque-miniature-1-4\/#breadcrumb"},"inLanguage":"en-US","potentialAction":[{"@type":"ReadAction","target":["https:\/\/www.sunnyshop211.com\/produit\/service-a-the-baroque-miniature-1-4\/"]}]},{"@type":"ImageObject","inLanguage":"en-US","@id":"https:\/\/www.sunnyshop211.com\/produit\/service-a-the-baroque-miniature-1-4\/#primaryimage","url":"https:\/\/www.sunnyshop211.com\/wp-content\/uploads\/2026\/04\/42-scaled.jpg","contentUrl":"https:\/\/www.sunnyshop211.com\/wp-content\/uploads\/2026\/04\/42-scaled.jpg","width":2560,"height":1707,"caption":"Service \u00e0 th\u00e9 baroque miniature \u2013 1\/4"},{"@type":"BreadcrumbList","@id":"https:\/\/www.sunnyshop211.com\/produit\/service-a-the-baroque-miniature-1-4\/#breadcrumb","itemListElement":[{"@type":"ListItem","position":1,"name":"Accueil","item":"https:\/\/www.sunnyshop211.com\/"},{"@type":"ListItem","position":2,"name":"Boutique","item":"https:\/\/www.sunnyshop211.com\/boutique-miniature-bjd-dolls\/"},{"@type":"ListItem","position":3,"name":"Service \u00e0 th\u00e9 baroque miniature \u2013 1\/4"}]},{"@type":"WebSite","@id":"https:\/\/www.sunnyshop211.com\/#website","url":"https:\/\/www.sunnyshop211.com\/","name":"Sale of dioramas, furniture, miniatures, bjd dolls 1\/12 1\/8 1\/6 1\/4 1\/3","description":"Sunnyshop211 - Your miniature world for dolls and BJDs, dioramas and custom-made furniture!","publisher":{"@id":"https:\/\/www.sunnyshop211.com\/#organization"},"alternateName":"sunnyshop211","potentialAction":[{"@type":"SearchAction","target":{"@type":"EntryPoint","urlTemplate":"https:\/\/www.sunnyshop211.com\/?s={search_term_string}"},"query-input":{"@type":"PropertyValueSpecification","valueRequired":true,"valueName":"search_term_string"}}],"inLanguage":"en-US"},{"@type":"Organization","@id":"https:\/\/www.sunnyshop211.com\/#organization","name":"sunnyshop211","alternateName":"sunnyshop211 diorama bjd meuble miniature","url":"https:\/\/www.sunnyshop211.com\/","logo":{"@type":"ImageObject","inLanguage":"en-US","@id":"https:\/\/www.sunnyshop211.com\/#\/schema\/logo\/image\/","url":"https:\/\/www.sunnyshop211.com\/wp-content\/uploads\/2022\/08\/cropped-cropped-cropped-Sunnyshop211-1.png","contentUrl":"https:\/\/www.sunnyshop211.com\/wp-content\/uploads\/2022\/08\/cropped-cropped-cropped-Sunnyshop211-1.png","width":339,"height":339,"caption":"sunnyshop211"},"image":{"@id":"https:\/\/www.sunnyshop211.com\/#\/schema\/logo\/image\/"},"sameAs":["https:\/\/www.facebook.com\/sunnyshop211\/?ref=bookmarks","https:\/\/x.com\/sunnyshop211","https:\/\/www.instagram.com\/sunnyshop211\/","https:\/\/www.tumblr.com\/blog\/sunnyshop211","https:\/\/www.youtube.com\/channel\/UCtYY18OGGDKrTSzgcf7fCBg","https:\/\/www.tiktok.com\/@sunnydollshop211?is_from_webapp=1&sender_device=pc"]}]}},"jetpack_publicize_connections":[],"jetpack_sharing_enabled":true,"_links":{"self":[{"href":"https:\/\/www.sunnyshop211.com\/en\/wp-json\/wp\/v2\/product\/56202","targetHints":{"allow":["GET"]}}],"collection":[{"href":"https:\/\/www.sunnyshop211.com\/en\/wp-json\/wp\/v2\/product"}],"about":[{"href":"https:\/\/www.sunnyshop211.com\/en\/wp-json\/wp\/v2\/types\/product"}],"replies":[{"embeddable":true,"href":"https:\/\/www.sunnyshop211.com\/en\/wp-json\/wp\/v2\/comments?post=56202"}],"version-history":[{"count":1,"href":"https:\/\/www.sunnyshop211.com\/en\/wp-json\/wp\/v2\/product\/56202\/revisions"}],"predecessor-version":[{"id":56220,"href":"https:\/\/www.sunnyshop211.com\/en\/wp-json\/wp\/v2\/product\/56202\/revisions\/56220"}],"wp:featuredmedia":[{"embeddable":true,"href":"https:\/\/www.sunnyshop211.com\/en\/wp-json\/wp\/v2\/media\/56121"}],"wp:attachment":[{"href":"https:\/\/www.sunnyshop211.com\/en\/wp-json\/wp\/v2\/media?parent=56202"}],"wp:term":[{"taxonomy":"product_brand","embeddable":true,"href":"https:\/\/www.sunnyshop211.com\/en\/wp-json\/wp\/v2\/product_brand?post=56202"},{"taxonomy":"product_cat","embeddable":true,"href":"https:\/\/www.sunnyshop211.com\/en\/wp-json\/wp\/v2\/product_cat?post=56202"},{"taxonomy":"product_tag","embeddable":true,"href":"https:\/\/www.sunnyshop211.com\/en\/wp-json\/wp\/v2\/product_tag?post=56202"}],"curies":[{"name":"wp","href":"https:\/\/api.w.org\/{rel}","templated":true}]}}