{"id":56189,"date":"2026-04-12T12:14:20","date_gmt":"2026-04-12T11:14:20","guid":{"rendered":"https:\/\/www.sunnyshop211.com\/?post_type=product&#038;p=56189"},"modified":"2026-04-12T12:15:45","modified_gmt":"2026-04-12T11:15:45","slug":"gateau-licorne-miniature-1-6-%c2%b7-1-4-%c2%b7-1-3","status":"publish","type":"product","link":"https:\/\/www.sunnyshop211.com\/en\/product\/gateau-licorne-miniature-1-6-%c2%b7-1-4-%c2%b7-1-3\/","title":{"rendered":"Miniature unicorn cake - 1\/6 - 1\/4 - 1\/3"},"content":{"rendered":"<p>&nbsp;<\/p>\n<div id='gallery-1' class='gallery galleryid-56189 gallery-columns-3 gallery-size-thumbnail'><figure class='gallery-item'>\n\t\t\t<div class='gallery-icon landscape'>\n\t\t\t\t<a href='https:\/\/www.sunnyshop211.com\/en\/?attachment_id=56107'><img decoding=\"async\" width=\"150\" height=\"150\" src=\"https:\/\/www.sunnyshop211.com\/wp-content\/uploads\/2026\/04\/28-1-150x150.jpg\" class=\"attachment-thumbnail size-thumbnail\" alt=\"G\u00e2teau licorne miniature \u2013 1\/6 \u00b7 1\/4 \u00b7 1\/3\" srcset=\"https:\/\/www.sunnyshop211.com\/wp-content\/uploads\/2026\/04\/28-1-150x150.jpg 150w, https:\/\/www.sunnyshop211.com\/wp-content\/uploads\/2026\/04\/28-1-500x500.jpg 500w, https:\/\/www.sunnyshop211.com\/wp-content\/uploads\/2026\/04\/28-1-100x100.jpg 100w\" sizes=\"(max-width: 150px) 100vw, 150px\" \/><\/a>\n\t\t\t<\/div><\/figure><figure class='gallery-item'>\n\t\t\t<div class='gallery-icon landscape'>\n\t\t\t\t<a href='https:\/\/www.sunnyshop211.com\/en\/?attachment_id=56106'><img decoding=\"async\" width=\"150\" height=\"150\" src=\"https:\/\/www.sunnyshop211.com\/wp-content\/uploads\/2026\/04\/27-1-150x150.jpg\" class=\"attachment-thumbnail size-thumbnail\" alt=\"\" srcset=\"https:\/\/www.sunnyshop211.com\/wp-content\/uploads\/2026\/04\/27-1-150x150.jpg 150w, https:\/\/www.sunnyshop211.com\/wp-content\/uploads\/2026\/04\/27-1-500x500.jpg 500w, https:\/\/www.sunnyshop211.com\/wp-content\/uploads\/2026\/04\/27-1-100x100.jpg 100w\" sizes=\"(max-width: 150px) 100vw, 150px\" \/><\/a>\n\t\t\t<\/div><\/figure><figure class='gallery-item'>\n\t\t\t<div class='gallery-icon landscape'>\n\t\t\t\t<a href='https:\/\/www.sunnyshop211.com\/en\/?attachment_id=56105'><img decoding=\"async\" width=\"150\" height=\"150\" src=\"https:\/\/www.sunnyshop211.com\/wp-content\/uploads\/2026\/04\/26-1-150x150.jpg\" class=\"attachment-thumbnail size-thumbnail\" alt=\"Cupcake simulation rose miniature 1\/4 1\/3 bjd MSD minifee SD\" srcset=\"https:\/\/www.sunnyshop211.com\/wp-content\/uploads\/2026\/04\/26-1-150x150.jpg 150w, https:\/\/www.sunnyshop211.com\/wp-content\/uploads\/2026\/04\/26-1-500x500.jpg 500w, https:\/\/www.sunnyshop211.com\/wp-content\/uploads\/2026\/04\/26-1-100x100.jpg 100w\" sizes=\"(max-width: 150px) 100vw, 150px\" \/><\/a>\n\t\t\t<\/div><\/figure><figure class='gallery-item'>\n\t\t\t<div class='gallery-icon landscape'>\n\t\t\t\t<a href='https:\/\/www.sunnyshop211.com\/en\/?attachment_id=56097'><img loading=\"lazy\" decoding=\"async\" width=\"150\" height=\"150\" src=\"https:\/\/www.sunnyshop211.com\/wp-content\/uploads\/2026\/04\/18-1-150x150.jpg\" class=\"attachment-thumbnail size-thumbnail\" alt=\"\" srcset=\"https:\/\/www.sunnyshop211.com\/wp-content\/uploads\/2026\/04\/18-1-150x150.jpg 150w, https:\/\/www.sunnyshop211.com\/wp-content\/uploads\/2026\/04\/18-1-500x500.jpg 500w, https:\/\/www.sunnyshop211.com\/wp-content\/uploads\/2026\/04\/18-1-100x100.jpg 100w\" sizes=\"(max-width: 150px) 100vw, 150px\" \/><\/a>\n\t\t\t<\/div><\/figure>\n\t\t<\/div>\n\n<p>&nbsp;<\/p>\n<h2 data-section-id=\"nzmfdl\" data-start=\"154\" data-end=\"206\">\ud83e\udd84\ud83c\udf82 Miniature unicorn cake - 1\/6 - 1\/4 - 1\/3<\/h2>\n<p data-start=\"207\" data-end=\"275\"><strong data-start=\"207\" data-end=\"275\">Barbie - Pullip - Blythe - MSD - Minifee - SD - Fairy Diorama<\/strong><\/p>\n<hr data-start=\"277\" data-end=\"280\" \/>\n<p data-start=\"282\" data-end=\"299\">\u2728 <strong data-start=\"284\" data-end=\"299\">Description<\/strong><\/p>\n<p data-start=\"301\" data-end=\"390\">This miniature unicorn cake adds a sweet, magical touch to your dioramas.<\/p>\n<p data-start=\"392\" data-end=\"584\">With its <strong data-start=\"401\" data-end=\"444\">pink, blue and purple meringues<\/strong>his <strong data-start=\"449\" data-end=\"464\">golden horn<\/strong> and its <strong data-start=\"472\" data-end=\"500\">eyes delicately closed<\/strong>, It evokes an enchanting world worthy of the finest miniature tea rooms \ud83e\udd84\ud83d\udc95<\/p>\n<p data-start=\"586\" data-end=\"686\">Perfect for a birthday scene, a gourmet showcase or a romantic, poetic ambience.<\/p>\n<hr data-start=\"688\" data-end=\"691\" \/>\n<p data-start=\"693\" data-end=\"717\">\ud83c\udfa8 <strong data-start=\"696\" data-end=\"717\">Design details<\/strong><\/p>\n<p data-start=\"719\" data-end=\"854\">- White base<br data-start=\"733\" data-end=\"736\" \/>- Pink, blue &amp; purple meringue decoration<br data-start=\"772\" data-end=\"775\" \/>- Golden horn<br data-start=\"788\" data-end=\"791\" \/>- Hand-painted black eyes<br data-start=\"820\" data-end=\"823\" \/>- Presentation dish included<\/p>\n<p data-start=\"856\" data-end=\"882\">\ud83d\udc49 Each piece is unique<\/p>\n<hr data-start=\"884\" data-end=\"887\" \/>\n<p data-start=\"889\" data-end=\"913\">\u2728 <strong data-start=\"891\" data-end=\"913\">Product details<\/strong><\/p>\n<p data-start=\"915\" data-end=\"1037\">- Miniature simulation cake<br data-start=\"947\" data-end=\"950\" \/>- Made of resin<br data-start=\"969\" data-end=\"972\" \/>- Entirely hand-customized<br data-start=\"1005\" data-end=\"1008\" \/>- Sold with its small dish<\/p>\n<hr data-start=\"1039\" data-end=\"1042\" \/>\n<p data-start=\"1044\" data-end=\"1084\">\ud83d\udccf <strong data-start=\"1047\" data-end=\"1084\">Sizes, scales &amp; compatibility<\/strong><\/p>\n<p data-start=\"1086\" data-end=\"1116\">\ud83d\udcd0 Dimensions (with dish) :<\/p>\n<p data-start=\"1118\" data-end=\"1194\">- Small: about 3 cm<br data-start=\"1140\" data-end=\"1143\" \/>- Medium: approx. 3.5 cm<br data-start=\"1167\" data-end=\"1170\" \/>- Large: approx. 4 cm<\/p>\n<hr data-start=\"1196\" data-end=\"1199\" \/>\n<p data-start=\"1201\" data-end=\"1221\">\ud83e\uddf8 <strong data-start=\"1204\" data-end=\"1221\">Compatibility<\/strong><\/p>\n<p data-start=\"1223\" data-end=\"1306\">\ud83d\udd39 <strong data-start=\"1226\" data-end=\"1233\">1\/6<\/strong> : Barbie, Pullip, Blythe<br data-start=\"1258\" data-end=\"1261\" \/>\ud83d\udd39 <strong data-start=\"1264\" data-end=\"1271\">1\/4<\/strong> : MSD, Minifee<br data-start=\"1286\" data-end=\"1289\" \/>\ud83d\udd39 <strong data-start=\"1292\" data-end=\"1299\">1\/3<\/strong> : SD<\/p>\n<p data-start=\"1308\" data-end=\"1357\">\ud83d\udc49 Please select size when ordering<\/p>\n<hr data-start=\"1359\" data-end=\"1362\" \/>\n<p data-start=\"1364\" data-end=\"1378\">\ud83d\udce6 <strong data-start=\"1367\" data-end=\"1378\">Contents<\/strong><\/p>\n<p data-start=\"1380\" data-end=\"1428\">- 1 miniature unicorn cake<br data-start=\"1408\" data-end=\"1411\" \/>- 1 dish included<\/p>\n<p data-start=\"1430\" data-end=\"1475\">\ud83d\udc49 Sold alone (other accessories not included)<\/p>\n<hr data-start=\"1477\" data-end=\"1480\" \/>\n<p data-start=\"1482\" data-end=\"1517\">\ud83c\udfad <strong data-start=\"1485\" data-end=\"1517\">Staging &amp; associations<\/strong><\/p>\n<p data-start=\"1519\" data-end=\"1531\">Ideal for :<\/p>\n<p data-start=\"1533\" data-end=\"1655\">- miniature birthdays \ud83c\udf82<br data-start=\"1562\" data-end=\"1565\" \/>- magical tea rooms \u2615<br data-start=\"1592\" data-end=\"1595\" \/>- princess \/ fantasy world \ud83e\udd84<br data-start=\"1628\" data-end=\"1631\" \/>- decorative display cases<\/p>\n<p data-start=\"1657\" data-end=\"1728\">Goes perfectly with furniture and accessories <strong data-start=\"1711\" data-end=\"1727\">sunnyshop211<\/strong>.<\/p>\n<hr data-start=\"1730\" data-end=\"1733\" \/>\n<h2 data-start=\"1735\" data-end=\"1765\">\ud83d\udd90\ufe0f <strong data-start=\"1739\" data-end=\"1765\">Handcrafted products<\/strong><\/h2>\n<p data-start=\"1767\" data-end=\"1917\">- Handmade<br data-start=\"1778\" data-end=\"1781\" \/>- Each piece is unique<br data-start=\"1806\" data-end=\"1809\" \/>- Variations possible (shape, color, finish)<br data-start=\"1859\" data-end=\"1862\" \/>- Minor imperfections due to craftsmanship<\/p>\n<hr data-start=\"1919\" data-end=\"1922\" \/>\n<p data-start=\"1924\" data-end=\"1947\">\ud83c\udfa8 <strong data-start=\"1927\" data-end=\"1947\">Personalization<\/strong><\/p>\n<p data-start=\"1949\" data-end=\"2014\">Custom design possible<br data-start=\"1980\" data-end=\"1983\" \/>\ud83d\udc49 Don't hesitate to contact me<\/p>\n<hr data-start=\"2016\" data-end=\"2019\" \/>\n<p data-start=\"2021\" data-end=\"2052\">\ud83d\udcf8 <strong data-start=\"2024\" data-end=\"2052\">Important information<\/strong><\/p>\n<p data-start=\"2054\" data-end=\"2171\">- Photos = examples of staging<br data-start=\"2090\" data-end=\"2093\" \/>- Only the cake with its dish is sold<br data-start=\"2133\" data-end=\"2136\" \/>- Dolls and accessories not included<\/p>\n<hr data-start=\"2173\" data-end=\"2176\" \/>\n<p data-start=\"2178\" data-end=\"2204\">\ud83d\udcf8 <strong data-start=\"2181\" data-end=\"2204\">More inspirations<\/strong><\/p>\n<p data-start=\"2206\" data-end=\"2248\">\ud83d\udc49 <a class=\"decorated-link\" href=\"https:\/\/www.instagram.com\/sunnyshop211\/\" target=\"_new\" rel=\"noopener\" data-start=\"2209\" data-end=\"2248\">https:\/\/www.instagram.com\/sunnyshop211\/<\/a><\/p>\n<hr data-start=\"2250\" data-end=\"2253\" \/>\n<p data-start=\"2255\" data-end=\"2270\">\u26a0\ufe0f <strong data-start=\"2258\" data-end=\"2270\">Mentions<\/strong><\/p>\n<p data-start=\"2272\" data-end=\"2461\">- This is not a toy<br data-start=\"2297\" data-end=\"2300\" \/>- Article for adults \/ collectors<br data-start=\"2347\" data-end=\"2350\" \/>- Made to order<br data-start=\"2372\" data-end=\"2375\" \/>- Production lead times<br data-start=\"2408\" data-end=\"2411\" \/>- Not liable for transport damage<\/p>\n<hr data-start=\"2463\" data-end=\"2466\" \/>\n<p data-start=\"2468\" data-end=\"2559\">\ud83e\udd84 <strong data-start=\"2471\" data-end=\"2559\">A magical piece to transform your miniature scenes into real fairy tales.<\/strong><\/p>","protected":false},"excerpt":{"rendered":"<p>&nbsp; &nbsp; \ud83e\udd84\ud83c\udf82 G\u00e2teau licorne miniature \u2013 1\/6 \u00b7 1\/4 \u00b7 1\/3 Barbie \u2022 Pullip \u2022 Blythe \u2022 MSD \u2022 Minifee \u2022 SD \u2022 Diorama f\u00e9erique \u2728 Description Ce g\u00e2teau licorne miniature apporte une touche f\u00e9erique, douce et magique \u00e0 vos dioramas. Avec ses meringues color\u00e9es rose, bleu et violet, sa corne dor\u00e9e et ses [&hellip;]<\/p>\n","protected":false},"featured_media":56107,"comment_status":"open","ping_status":"closed","template":"","meta":{"_crdt_document":"","jetpack_post_was_ever_published":false,"jetpack_publicize_message":"","jetpack_publicize_feature_enabled":true,"jetpack_social_post_already_shared":true,"jetpack_social_options":{"image_generator_settings":{"template":"highway","default_image_id":0,"font":"","enabled":false},"version":2}},"product_brand":[],"product_cat":[667687025,667687057],"product_tag":[667686523,667681299,667682864,667682866,667681234,667685598,667681173,667681237,667682870,667682868],"class_list":{"0":"post-56189","1":"product","2":"type-product","3":"status-publish","4":"has-post-thumbnail","6":"product_cat-epicerie-sucree","7":"product_cat-nourriture-vaisselle","8":"product_tag-anniversaire","9":"product_tag-coffee","10":"product_tag-cup","11":"product_tag-cup-of-tea","12":"product_tag-diorama","13":"product_tag-gateau","14":"product_tag-minifee","15":"product_tag-msd","16":"product_tag-mug","17":"product_tag-tasse","18":"product_shipping_class-colissimo-5","20":"first","21":"instock","22":"taxable","23":"shipping-taxable","24":"purchasable","25":"product-type-variable"},"yoast_head":"<!-- This site is optimized with the Yoast SEO plugin v27.5 - https:\/\/yoast.com\/product\/yoast-seo-wordpress\/ -->\n<title>G\u00e2teau licorne miniature \u2013 1\/6 \u00b7 1\/4 \u00b7 1\/3 -<\/title>\n<meta name=\"description\" content=\"G\u00e2teaux miniatures \u2013 \u00c9chelles 1\/6 \u00b7 1\/4 \u00b7 1\/3 (\u00e0 l\u2019unit\u00e9) Barbie, pullip, blythe,\u00a0 bjd MSD minifee, SD.. Id\u00e9al pour f\u00eater un anniversaire .\" \/>\n<meta name=\"robots\" content=\"index, follow, max-snippet:-1, max-image-preview:large, max-video-preview:-1\" \/>\n<link rel=\"canonical\" href=\"https:\/\/www.sunnyshop211.com\/en\/product\/gateau-licorne-miniature-1-6-\u00b7-1-4-\u00b7-1-3\/\" \/>\n<meta property=\"og:locale\" content=\"en_US\" \/>\n<meta property=\"og:type\" content=\"article\" \/>\n<meta property=\"og:title\" content=\"G\u00e2teau licorne miniature \u2013 1\/6 \u00b7 1\/4 \u00b7 1\/3 -\" \/>\n<meta property=\"og:description\" content=\"G\u00e2teaux simulation miniature anniversaire 1\/6 1\/4 1\/3 Barbie, pullip, blythe,\u00a0 bjd MSD minifee, SD.. Id\u00e9al pour f\u00eater un anniversaire .\" \/>\n<meta property=\"og:url\" content=\"https:\/\/www.sunnyshop211.com\/en\/product\/gateau-licorne-miniature-1-6-\u00b7-1-4-\u00b7-1-3\/\" \/>\n<meta property=\"og:site_name\" content=\"Sunnyshop211 -Vente de dioramas, meubles, miniatures , bjd poup\u00e9es 1\/12 1\/8 1\/6 1\/4 1\/3\" \/>\n<meta property=\"article:publisher\" content=\"https:\/\/www.facebook.com\/sunnyshop211\/?ref=bookmarks\" \/>\n<meta property=\"article:modified_time\" content=\"2026-04-12T11:15:45+00:00\" \/>\n<meta property=\"og:image\" content=\"https:\/\/www.sunnyshop211.com\/wp-content\/uploads\/2026\/04\/28-1-scaled.jpg\" \/>\n\t<meta property=\"og:image:width\" content=\"2560\" \/>\n\t<meta property=\"og:image:height\" content=\"1707\" \/>\n\t<meta property=\"og:image:type\" content=\"image\/jpeg\" \/>\n<meta name=\"twitter:card\" content=\"summary_large_image\" \/>\n<meta name=\"twitter:site\" content=\"@sunnyshop211\" \/>\n<meta name=\"twitter:label1\" content=\"Est. reading time\" \/>\n\t<meta name=\"twitter:data1\" content=\"3 minutes\" \/>\n<script type=\"application\/ld+json\" class=\"yoast-schema-graph\">{\"@context\":\"https:\\\/\\\/schema.org\",\"@graph\":[{\"@type\":\"WebPage\",\"@id\":\"https:\\\/\\\/www.sunnyshop211.com\\\/produit\\\/gateau-licorne-miniature-1-6-%c2%b7-1-4-%c2%b7-1-3\\\/\",\"url\":\"https:\\\/\\\/www.sunnyshop211.com\\\/produit\\\/gateau-licorne-miniature-1-6-%c2%b7-1-4-%c2%b7-1-3\\\/\",\"name\":\"G\u00e2teau licorne miniature \u2013 1\\\/6 \u00b7 1\\\/4 \u00b7 1\\\/3 -\",\"isPartOf\":{\"@id\":\"https:\\\/\\\/www.sunnyshop211.com\\\/#website\"},\"primaryImageOfPage\":{\"@id\":\"https:\\\/\\\/www.sunnyshop211.com\\\/produit\\\/gateau-licorne-miniature-1-6-%c2%b7-1-4-%c2%b7-1-3\\\/#primaryimage\"},\"image\":{\"@id\":\"https:\\\/\\\/www.sunnyshop211.com\\\/produit\\\/gateau-licorne-miniature-1-6-%c2%b7-1-4-%c2%b7-1-3\\\/#primaryimage\"},\"thumbnailUrl\":\"https:\\\/\\\/www.sunnyshop211.com\\\/wp-content\\\/uploads\\\/2026\\\/04\\\/28-1-scaled.jpg\",\"datePublished\":\"2026-04-12T11:14:20+00:00\",\"dateModified\":\"2026-04-12T11:15:45+00:00\",\"description\":\"G\u00e2teaux miniatures \u2013 \u00c9chelles 1\\\/6 \u00b7 1\\\/4 \u00b7 1\\\/3 (\u00e0 l\u2019unit\u00e9) Barbie, pullip, blythe,\u00a0 bjd MSD minifee, SD.. Id\u00e9al pour f\u00eater un anniversaire .\",\"breadcrumb\":{\"@id\":\"https:\\\/\\\/www.sunnyshop211.com\\\/produit\\\/gateau-licorne-miniature-1-6-%c2%b7-1-4-%c2%b7-1-3\\\/#breadcrumb\"},\"inLanguage\":\"en-US\",\"potentialAction\":[{\"@type\":\"ReadAction\",\"target\":[\"https:\\\/\\\/www.sunnyshop211.com\\\/produit\\\/gateau-licorne-miniature-1-6-%c2%b7-1-4-%c2%b7-1-3\\\/\"]}]},{\"@type\":\"ImageObject\",\"inLanguage\":\"en-US\",\"@id\":\"https:\\\/\\\/www.sunnyshop211.com\\\/produit\\\/gateau-licorne-miniature-1-6-%c2%b7-1-4-%c2%b7-1-3\\\/#primaryimage\",\"url\":\"https:\\\/\\\/www.sunnyshop211.com\\\/wp-content\\\/uploads\\\/2026\\\/04\\\/28-1-scaled.jpg\",\"contentUrl\":\"https:\\\/\\\/www.sunnyshop211.com\\\/wp-content\\\/uploads\\\/2026\\\/04\\\/28-1-scaled.jpg\",\"width\":2560,\"height\":1707,\"caption\":\"G\u00e2teau licorne miniature \u2013 1\\\/6 \u00b7 1\\\/4 \u00b7 1\\\/3\"},{\"@type\":\"BreadcrumbList\",\"@id\":\"https:\\\/\\\/www.sunnyshop211.com\\\/produit\\\/gateau-licorne-miniature-1-6-%c2%b7-1-4-%c2%b7-1-3\\\/#breadcrumb\",\"itemListElement\":[{\"@type\":\"ListItem\",\"position\":1,\"name\":\"Accueil\",\"item\":\"https:\\\/\\\/www.sunnyshop211.com\\\/\"},{\"@type\":\"ListItem\",\"position\":2,\"name\":\"Boutique\",\"item\":\"https:\\\/\\\/www.sunnyshop211.com\\\/boutique-miniature-bjd-dolls\\\/\"},{\"@type\":\"ListItem\",\"position\":3,\"name\":\"G\u00e2teau licorne miniature \u2013 1\\\/6 \u00b7 1\\\/4 \u00b7 1\\\/3\"}]},{\"@type\":\"WebSite\",\"@id\":\"https:\\\/\\\/www.sunnyshop211.com\\\/#website\",\"url\":\"https:\\\/\\\/www.sunnyshop211.com\\\/\",\"name\":\"Vente de dioramas, meubles, miniatures , bjd poup\u00e9es 1\\\/12 1\\\/8 1\\\/6 1\\\/4 1\\\/3\",\"description\":\"Sunnyshop211 - Votre univers miniature pour poup\u00e9es et BJD, dioramas et meubles sur mesure !\",\"publisher\":{\"@id\":\"https:\\\/\\\/www.sunnyshop211.com\\\/#organization\"},\"alternateName\":\"sunnyshop211\",\"potentialAction\":[{\"@type\":\"SearchAction\",\"target\":{\"@type\":\"EntryPoint\",\"urlTemplate\":\"https:\\\/\\\/www.sunnyshop211.com\\\/?s={search_term_string}\"},\"query-input\":{\"@type\":\"PropertyValueSpecification\",\"valueRequired\":true,\"valueName\":\"search_term_string\"}}],\"inLanguage\":\"en-US\"},{\"@type\":\"Organization\",\"@id\":\"https:\\\/\\\/www.sunnyshop211.com\\\/#organization\",\"name\":\"sunnyshop211\",\"alternateName\":\"sunnyshop211 diorama bjd meuble miniature\",\"url\":\"https:\\\/\\\/www.sunnyshop211.com\\\/\",\"logo\":{\"@type\":\"ImageObject\",\"inLanguage\":\"en-US\",\"@id\":\"https:\\\/\\\/www.sunnyshop211.com\\\/#\\\/schema\\\/logo\\\/image\\\/\",\"url\":\"https:\\\/\\\/www.sunnyshop211.com\\\/wp-content\\\/uploads\\\/2022\\\/08\\\/cropped-cropped-cropped-Sunnyshop211-1.png\",\"contentUrl\":\"https:\\\/\\\/www.sunnyshop211.com\\\/wp-content\\\/uploads\\\/2022\\\/08\\\/cropped-cropped-cropped-Sunnyshop211-1.png\",\"width\":339,\"height\":339,\"caption\":\"sunnyshop211\"},\"image\":{\"@id\":\"https:\\\/\\\/www.sunnyshop211.com\\\/#\\\/schema\\\/logo\\\/image\\\/\"},\"sameAs\":[\"https:\\\/\\\/www.facebook.com\\\/sunnyshop211\\\/?ref=bookmarks\",\"https:\\\/\\\/x.com\\\/sunnyshop211\",\"https:\\\/\\\/www.instagram.com\\\/sunnyshop211\\\/\",\"https:\\\/\\\/www.tumblr.com\\\/blog\\\/sunnyshop211\",\"https:\\\/\\\/www.youtube.com\\\/channel\\\/UCtYY18OGGDKrTSzgcf7fCBg\",\"https:\\\/\\\/www.tiktok.com\\\/@sunnydollshop211?is_from_webapp=1&sender_device=pc\"]}]}<\/script>\n<!-- \/ Yoast SEO plugin. -->","yoast_head_json":{"title":"Miniature unicorn cake - 1\/6 - 1\/4 - 1\/3 -","description":"Miniature cakes - Scales 1\/6 - 1\/4 - 1\/3 (by unit) Barbie, pullip, blythe, bjd MSD minifee, SD... Ideal for birthday celebrations. .","robots":{"index":"index","follow":"follow","max-snippet":"max-snippet:-1","max-image-preview":"max-image-preview:large","max-video-preview":"max-video-preview:-1"},"canonical":"https:\/\/www.sunnyshop211.com\/en\/product\/gateau-licorne-miniature-1-6-\u00b7-1-4-\u00b7-1-3\/","og_locale":"en_US","og_type":"article","og_title":"G\u00e2teau licorne miniature \u2013 1\/6 \u00b7 1\/4 \u00b7 1\/3 -","og_description":"G\u00e2teaux simulation miniature anniversaire 1\/6 1\/4 1\/3 Barbie, pullip, blythe,\u00a0 bjd MSD minifee, SD.. Id\u00e9al pour f\u00eater un anniversaire .","og_url":"https:\/\/www.sunnyshop211.com\/en\/product\/gateau-licorne-miniature-1-6-\u00b7-1-4-\u00b7-1-3\/","og_site_name":"Sunnyshop211 -Vente de dioramas, meubles, miniatures , bjd poup\u00e9es 1\/12 1\/8 1\/6 1\/4 1\/3","article_publisher":"https:\/\/www.facebook.com\/sunnyshop211\/?ref=bookmarks","article_modified_time":"2026-04-12T11:15:45+00:00","og_image":[{"width":2560,"height":1707,"url":"https:\/\/www.sunnyshop211.com\/wp-content\/uploads\/2026\/04\/28-1-scaled.jpg","type":"image\/jpeg"}],"twitter_card":"summary_large_image","twitter_site":"@sunnyshop211","twitter_misc":{"Est. reading time":"3 minutes"},"schema":{"@context":"https:\/\/schema.org","@graph":[{"@type":"WebPage","@id":"https:\/\/www.sunnyshop211.com\/produit\/gateau-licorne-miniature-1-6-%c2%b7-1-4-%c2%b7-1-3\/","url":"https:\/\/www.sunnyshop211.com\/produit\/gateau-licorne-miniature-1-6-%c2%b7-1-4-%c2%b7-1-3\/","name":"Miniature unicorn cake - 1\/6 - 1\/4 - 1\/3 -","isPartOf":{"@id":"https:\/\/www.sunnyshop211.com\/#website"},"primaryImageOfPage":{"@id":"https:\/\/www.sunnyshop211.com\/produit\/gateau-licorne-miniature-1-6-%c2%b7-1-4-%c2%b7-1-3\/#primaryimage"},"image":{"@id":"https:\/\/www.sunnyshop211.com\/produit\/gateau-licorne-miniature-1-6-%c2%b7-1-4-%c2%b7-1-3\/#primaryimage"},"thumbnailUrl":"https:\/\/www.sunnyshop211.com\/wp-content\/uploads\/2026\/04\/28-1-scaled.jpg","datePublished":"2026-04-12T11:14:20+00:00","dateModified":"2026-04-12T11:15:45+00:00","description":"Miniature cakes - Scales 1\/6 - 1\/4 - 1\/3 (by unit) Barbie, pullip, blythe, bjd MSD minifee, SD... Ideal for birthday celebrations. .","breadcrumb":{"@id":"https:\/\/www.sunnyshop211.com\/produit\/gateau-licorne-miniature-1-6-%c2%b7-1-4-%c2%b7-1-3\/#breadcrumb"},"inLanguage":"en-US","potentialAction":[{"@type":"ReadAction","target":["https:\/\/www.sunnyshop211.com\/produit\/gateau-licorne-miniature-1-6-%c2%b7-1-4-%c2%b7-1-3\/"]}]},{"@type":"ImageObject","inLanguage":"en-US","@id":"https:\/\/www.sunnyshop211.com\/produit\/gateau-licorne-miniature-1-6-%c2%b7-1-4-%c2%b7-1-3\/#primaryimage","url":"https:\/\/www.sunnyshop211.com\/wp-content\/uploads\/2026\/04\/28-1-scaled.jpg","contentUrl":"https:\/\/www.sunnyshop211.com\/wp-content\/uploads\/2026\/04\/28-1-scaled.jpg","width":2560,"height":1707,"caption":"G\u00e2teau licorne miniature \u2013 1\/6 \u00b7 1\/4 \u00b7 1\/3"},{"@type":"BreadcrumbList","@id":"https:\/\/www.sunnyshop211.com\/produit\/gateau-licorne-miniature-1-6-%c2%b7-1-4-%c2%b7-1-3\/#breadcrumb","itemListElement":[{"@type":"ListItem","position":1,"name":"Accueil","item":"https:\/\/www.sunnyshop211.com\/"},{"@type":"ListItem","position":2,"name":"Boutique","item":"https:\/\/www.sunnyshop211.com\/boutique-miniature-bjd-dolls\/"},{"@type":"ListItem","position":3,"name":"G\u00e2teau licorne miniature \u2013 1\/6 \u00b7 1\/4 \u00b7 1\/3"}]},{"@type":"WebSite","@id":"https:\/\/www.sunnyshop211.com\/#website","url":"https:\/\/www.sunnyshop211.com\/","name":"Sale of dioramas, furniture, miniatures, bjd dolls 1\/12 1\/8 1\/6 1\/4 1\/3","description":"Sunnyshop211 - Your miniature world for dolls and BJDs, dioramas and custom-made furniture!","publisher":{"@id":"https:\/\/www.sunnyshop211.com\/#organization"},"alternateName":"sunnyshop211","potentialAction":[{"@type":"SearchAction","target":{"@type":"EntryPoint","urlTemplate":"https:\/\/www.sunnyshop211.com\/?s={search_term_string}"},"query-input":{"@type":"PropertyValueSpecification","valueRequired":true,"valueName":"search_term_string"}}],"inLanguage":"en-US"},{"@type":"Organization","@id":"https:\/\/www.sunnyshop211.com\/#organization","name":"sunnyshop211","alternateName":"sunnyshop211 diorama bjd meuble miniature","url":"https:\/\/www.sunnyshop211.com\/","logo":{"@type":"ImageObject","inLanguage":"en-US","@id":"https:\/\/www.sunnyshop211.com\/#\/schema\/logo\/image\/","url":"https:\/\/www.sunnyshop211.com\/wp-content\/uploads\/2022\/08\/cropped-cropped-cropped-Sunnyshop211-1.png","contentUrl":"https:\/\/www.sunnyshop211.com\/wp-content\/uploads\/2022\/08\/cropped-cropped-cropped-Sunnyshop211-1.png","width":339,"height":339,"caption":"sunnyshop211"},"image":{"@id":"https:\/\/www.sunnyshop211.com\/#\/schema\/logo\/image\/"},"sameAs":["https:\/\/www.facebook.com\/sunnyshop211\/?ref=bookmarks","https:\/\/x.com\/sunnyshop211","https:\/\/www.instagram.com\/sunnyshop211\/","https:\/\/www.tumblr.com\/blog\/sunnyshop211","https:\/\/www.youtube.com\/channel\/UCtYY18OGGDKrTSzgcf7fCBg","https:\/\/www.tiktok.com\/@sunnydollshop211?is_from_webapp=1&sender_device=pc"]}]}},"jetpack_publicize_connections":[],"jetpack_sharing_enabled":true,"_links":{"self":[{"href":"https:\/\/www.sunnyshop211.com\/en\/wp-json\/wp\/v2\/product\/56189","targetHints":{"allow":["GET"]}}],"collection":[{"href":"https:\/\/www.sunnyshop211.com\/en\/wp-json\/wp\/v2\/product"}],"about":[{"href":"https:\/\/www.sunnyshop211.com\/en\/wp-json\/wp\/v2\/types\/product"}],"replies":[{"embeddable":true,"href":"https:\/\/www.sunnyshop211.com\/en\/wp-json\/wp\/v2\/comments?post=56189"}],"version-history":[{"count":2,"href":"https:\/\/www.sunnyshop211.com\/en\/wp-json\/wp\/v2\/product\/56189\/revisions"}],"predecessor-version":[{"id":56198,"href":"https:\/\/www.sunnyshop211.com\/en\/wp-json\/wp\/v2\/product\/56189\/revisions\/56198"}],"wp:featuredmedia":[{"embeddable":true,"href":"https:\/\/www.sunnyshop211.com\/en\/wp-json\/wp\/v2\/media\/56107"}],"wp:attachment":[{"href":"https:\/\/www.sunnyshop211.com\/en\/wp-json\/wp\/v2\/media?parent=56189"}],"wp:term":[{"taxonomy":"product_brand","embeddable":true,"href":"https:\/\/www.sunnyshop211.com\/en\/wp-json\/wp\/v2\/product_brand?post=56189"},{"taxonomy":"product_cat","embeddable":true,"href":"https:\/\/www.sunnyshop211.com\/en\/wp-json\/wp\/v2\/product_cat?post=56189"},{"taxonomy":"product_tag","embeddable":true,"href":"https:\/\/www.sunnyshop211.com\/en\/wp-json\/wp\/v2\/product_tag?post=56189"}],"curies":[{"name":"wp","href":"https:\/\/api.w.org\/{rel}","templated":true}]}}