{"id":55970,"date":"2026-03-29T11:15:20","date_gmt":"2026-03-29T10:15:20","guid":{"rendered":"https:\/\/www.sunnyshop211.com\/?post_type=product&#038;p=55970"},"modified":"2026-04-06T14:58:22","modified_gmt":"2026-04-06T13:58:22","slug":"%f0%9f%90%b0-lapin-de-paques-dans-son-oeuf-miniature-1-8-%c2%b7-1-6-%c2%b7-1-4","status":"publish","type":"product","link":"https:\/\/www.sunnyshop211.com\/en\/product\/%f0%9f%90%b0-lapin-de-paques-dans-son-oeuf-miniature-1-8-%c2%b7-1-6-%c2%b7-1-4\/","title":{"rendered":"\ud83d\udc30 Easter Bunny in her egg - Miniature 1\/8 - 1\/6 - 1\/4"},"content":{"rendered":"<p>&nbsp;<\/p>\n<div id='gallery-1' class='gallery galleryid-55970 gallery-columns-3 gallery-size-thumbnail'><figure class='gallery-item'>\n\t\t\t<div class='gallery-icon landscape'>\n\t\t\t\t<a href='https:\/\/www.sunnyshop211.com\/en\/?attachment_id=55934'><img decoding=\"async\" width=\"150\" height=\"150\" src=\"https:\/\/www.sunnyshop211.com\/wp-content\/uploads\/2026\/03\/4-4-150x150.jpg\" class=\"attachment-thumbnail size-thumbnail\" alt=\"\ud83d\udc30 Lapin de P\u00e2ques dans son \u0153uf \u2013 Miniature 1\/8 \u00b7 1\/6 \u00b7 1\/4\" srcset=\"https:\/\/www.sunnyshop211.com\/wp-content\/uploads\/2026\/03\/4-4-150x150.jpg 150w, https:\/\/www.sunnyshop211.com\/wp-content\/uploads\/2026\/03\/4-4-500x500.jpg 500w, https:\/\/www.sunnyshop211.com\/wp-content\/uploads\/2026\/03\/4-4-100x100.jpg 100w\" sizes=\"(max-width: 150px) 100vw, 150px\" \/><\/a>\n\t\t\t<\/div><\/figure><figure class='gallery-item'>\n\t\t\t<div class='gallery-icon landscape'>\n\t\t\t\t<a href='https:\/\/www.sunnyshop211.com\/en\/?attachment_id=55933'><img decoding=\"async\" width=\"150\" height=\"150\" src=\"https:\/\/www.sunnyshop211.com\/wp-content\/uploads\/2026\/03\/3-4-150x150.jpg\" class=\"attachment-thumbnail size-thumbnail\" alt=\"\" srcset=\"https:\/\/www.sunnyshop211.com\/wp-content\/uploads\/2026\/03\/3-4-150x150.jpg 150w, https:\/\/www.sunnyshop211.com\/wp-content\/uploads\/2026\/03\/3-4-500x500.jpg 500w, https:\/\/www.sunnyshop211.com\/wp-content\/uploads\/2026\/03\/3-4-100x100.jpg 100w\" sizes=\"(max-width: 150px) 100vw, 150px\" \/><\/a>\n\t\t\t<\/div><\/figure><figure class='gallery-item'>\n\t\t\t<div class='gallery-icon landscape'>\n\t\t\t\t<a href='https:\/\/www.sunnyshop211.com\/en\/?attachment_id=55931'><img decoding=\"async\" width=\"150\" height=\"150\" src=\"https:\/\/www.sunnyshop211.com\/wp-content\/uploads\/2026\/03\/1-4-150x150.jpg\" class=\"attachment-thumbnail size-thumbnail\" alt=\"\" srcset=\"https:\/\/www.sunnyshop211.com\/wp-content\/uploads\/2026\/03\/1-4-150x150.jpg 150w, https:\/\/www.sunnyshop211.com\/wp-content\/uploads\/2026\/03\/1-4-500x500.jpg 500w, https:\/\/www.sunnyshop211.com\/wp-content\/uploads\/2026\/03\/1-4-100x100.jpg 100w\" sizes=\"(max-width: 150px) 100vw, 150px\" \/><\/a>\n\t\t\t<\/div><\/figure>\n\t\t<\/div>\n\n<h2 data-section-id=\"1yfe5bu\" data-start=\"1726\" data-end=\"1792\"><span role=\"text\">\ud83d\udc30 <strong data-start=\"1732\" data-end=\"1792\">Easter Bunny in its egg - Miniature 1\/8 - 1\/6 - 1\/4<\/strong><\/span><\/h2>\n<p data-start=\"1794\" data-end=\"1814\">\u2500\u2500\u2500\u2500\u2500\u2500\u2500\u2500\u2500\u2500\u2500\u2500\u2500\u2500\u2500\u2500\u2500\u2500\u2500\u2500<\/p>\n<p data-start=\"1816\" data-end=\"1833\">\u2728 <strong data-start=\"1818\" data-end=\"1833\">Description<\/strong><\/p>\n<p data-start=\"1835\" data-end=\"1932\">This little white rabbit sitting in its open egg is an adorable miniature Easter scene \ud83d\udc23\ud83d\udc97<\/p>\n<p data-start=\"1934\" data-end=\"2059\">Surrounded by its colorful eggs, it evokes an egg hunt full of magic and sweetness, ideal for your spring decorations.<\/p>\n<p data-start=\"2061\" data-end=\"2134\">\u2714 Fictitious article<br data-start=\"2077\" data-end=\"2080\" \/>\u2714 Easter miniature decoration<br data-start=\"2112\" data-end=\"2115\" \/>\u2714 Sold by unit<\/p>\n<p data-start=\"2136\" data-end=\"2156\">\u2500\u2500\u2500\u2500\u2500\u2500\u2500\u2500\u2500\u2500\u2500\u2500\u2500\u2500\u2500\u2500\u2500\u2500\u2500\u2500<\/p>\n<p data-start=\"2158\" data-end=\"2172\">\ud83e\udd5a <strong data-start=\"2161\" data-end=\"2172\">Details<\/strong><\/p>\n<p data-start=\"2174\" data-end=\"2277\">- Sitting white rabbit<br data-start=\"2193\" data-end=\"2196\" \/>- Set in half a pink egg<br data-start=\"2228\" data-end=\"2231\" \/>- Integrated multicolored eggs (non-removable)<\/p>\n<p data-start=\"2279\" data-end=\"2299\">\u2500\u2500\u2500\u2500\u2500\u2500\u2500\u2500\u2500\u2500\u2500\u2500\u2500\u2500\u2500\u2500\u2500\u2500\u2500\u2500<\/p>\n<p data-start=\"2301\" data-end=\"2318\">\ud83d\udccf <strong data-start=\"2304\" data-end=\"2318\">Dimensions<\/strong><\/p>\n<p data-start=\"2320\" data-end=\"2376\">- Height: approx. 3 cm<\/p>\n<p data-start=\"2378\" data-end=\"2398\">\u2500\u2500\u2500\u2500\u2500\u2500\u2500\u2500\u2500\u2500\u2500\u2500\u2500\u2500\u2500\u2500\u2500\u2500\u2500\u2500<\/p>\n<p data-start=\"2400\" data-end=\"2415\">\ud83c\udfa8 <strong data-start=\"2403\" data-end=\"2415\">Colors<\/strong><\/p>\n<p data-start=\"2417\" data-end=\"2481\">- Rabbit: white \ud83e\udd0d<br data-start=\"2435\" data-end=\"2438\" \/>- Egg: pink \ud83d\udc97<br data-start=\"2453\" data-end=\"2456\" \/>- Decors: multicolored<\/p>\n<p data-start=\"2483\" data-end=\"2503\">\u2500\u2500\u2500\u2500\u2500\u2500\u2500\u2500\u2500\u2500\u2500\u2500\u2500\u2500\u2500\u2500\u2500\u2500\u2500\u2500<\/p>\n<p data-start=\"2505\" data-end=\"2525\">\ud83e\uddf8 <strong data-start=\"2508\" data-end=\"2525\">Compatibility<\/strong><\/p>\n<p data-start=\"2527\" data-end=\"2557\">Suitable for the following dolls:<\/p>\n<p data-start=\"2559\" data-end=\"2671\">- 1\/8: Pukifee, Lati Yellow, Nappy Choo<br data-start=\"2599\" data-end=\"2602\" \/>- 1\/6: Barbie, Pullip, Blythe<br data-start=\"2632\" data-end=\"2635\" \/>- 1\/4: Minifee, MSD, Unoa, Bimong<\/p>\n<p data-start=\"2673\" data-end=\"2693\">\u2500\u2500\u2500\u2500\u2500\u2500\u2500\u2500\u2500\u2500\u2500\u2500\u2500\u2500\u2500\u2500\u2500\u2500\u2500\u2500<\/p>\n<p data-start=\"2695\" data-end=\"2722\">\ud83d\udc23 <strong data-start=\"2698\" data-end=\"2722\">Easter Collection<\/strong><\/p>\n<p data-start=\"2724\" data-end=\"2738\">Perfect with :<\/p>\n<p data-start=\"2740\" data-end=\"2846\">- Rabbits with basket<br data-start=\"2760\" data-end=\"2763\" \/>- Egg baskets<br data-start=\"2779\" data-end=\"2782\" \/>- Easter table decorations<br data-start=\"2814\" data-end=\"2817\" \/>- Kitchen and snack universe<\/p>\n<p data-start=\"2848\" data-end=\"2868\">\u2500\u2500\u2500\u2500\u2500\u2500\u2500\u2500\u2500\u2500\u2500\u2500\u2500\u2500\u2500\u2500\u2500\u2500\u2500\u2500<\/p>\n<p data-start=\"2870\" data-end=\"2900\">\ud83d\udd90\ufe0f <strong data-start=\"2874\" data-end=\"2900\">Handcrafted products<\/strong><\/p>\n<p data-start=\"2902\" data-end=\"2969\">Each piece is handmade \u2192 slight variations possible.<\/p>\n<p data-start=\"2971\" data-end=\"2991\">\u2500\u2500\u2500\u2500\u2500\u2500\u2500\u2500\u2500\u2500\u2500\u2500\u2500\u2500\u2500\u2500\u2500\u2500\u2500\u2500<\/p>\n<p data-start=\"2993\" data-end=\"3024\">\ud83d\udce6 <strong data-start=\"2996\" data-end=\"3024\">Important information<\/strong><\/p>\n<p data-start=\"3026\" data-end=\"3164\">- Article made to order<br data-start=\"3056\" data-end=\"3059\" \/>- The photos are examples of staging<br data-start=\"3106\" data-end=\"3109\" \/>- Instagram: <a class=\"decorated-link\" href=\"https:\/\/www.instagram.com\/sunnyshop211\/\" target=\"_new\" rel=\"noopener\" data-start=\"3123\" data-end=\"3162\">https:\/\/www.instagram.com\/sunnyshop211\/<\/a><\/p>\n<p data-start=\"3166\" data-end=\"3186\">\u2500\u2500\u2500\u2500\u2500\u2500\u2500\u2500\u2500\u2500\u2500\u2500\u2500\u2500\u2500\u2500\u2500\u2500\u2500\u2500<\/p>\n<p data-start=\"3188\" data-end=\"3203\">\u26a0\ufe0f <strong data-start=\"3191\" data-end=\"3203\">Mentions<\/strong><\/p>\n<p data-start=\"3205\" data-end=\"3272\">!!!! This is not a toy<br data-start=\"3233\" data-end=\"3236\" \/>Article intended for an adult audience<\/p>\n<p data-start=\"3274\" data-end=\"3294\">\u2500\u2500\u2500\u2500\u2500\u2500\u2500\u2500\u2500\u2500\u2500\u2500\u2500\u2500\u2500\u2500\u2500\u2500\u2500\u2500<\/p>\n<p data-start=\"3296\" data-end=\"3298\">\ud83d\udc95<\/p>","protected":false},"excerpt":{"rendered":"<p>&nbsp; \ud83d\udc30 Lapin de P\u00e2ques dans son \u0153uf \u2013 Miniature 1\/8 \u00b7 1\/6 \u00b7 1\/4 \u2500\u2500\u2500\u2500\u2500\u2500\u2500\u2500\u2500\u2500\u2500\u2500\u2500\u2500\u2500\u2500\u2500\u2500\u2500\u2500 \u2728 Description Ce petit lapin blanc install\u00e9 dans son \u0153uf ouvert est une adorable sc\u00e8ne de P\u00e2ques miniature \ud83d\udc23\ud83d\udc97 Entour\u00e9 de ses \u0153ufs color\u00e9s, il \u00e9voque une chasse aux \u0153ufs pleine de magie et de douceur, id\u00e9ale pour vos [&hellip;]<\/p>\n","protected":false},"featured_media":55934,"comment_status":"open","ping_status":"closed","template":"","meta":{"_crdt_document":"","jetpack_post_was_ever_published":false,"jetpack_publicize_message":"","jetpack_publicize_feature_enabled":true,"jetpack_social_post_already_shared":true,"jetpack_social_options":{"image_generator_settings":{"template":"highway","default_image_id":0,"font":"","enabled":false},"version":2}},"product_brand":[],"product_cat":[667687052],"product_tag":[667681278,667681143,667681341,667681136,667681284,667681142,667681234,667681226,667681233,667682270,667682272,667681272,667681239,667681348,667681225,667681241,667681242,667681340,667682274,667681426,667681236,667681261,667681232,667681173,667681237,667682276,667681280,667681177,667681277,667681235,667681260],"class_list":{"0":"post-55970","1":"product","2":"type-product","3":"status-publish","4":"has-post-thumbnail","6":"product_cat-decoration-de-paques","7":"product_tag-barbie","8":"product_tag-bedroom","9":"product_tag-bid","10":"product_tag-bjd","11":"product_tag-blythe","12":"product_tag-chambre","13":"product_tag-diorama","14":"product_tag-doll","15":"product_tag-dollhouse","16":"product_tag-easter","17":"product_tag-easter-bunny","18":"product_tag-elowynn-wilde","19":"product_tag-fairyland","20":"product_tag-fashion-royalty","21":"product_tag-furniture","22":"product_tag-iplehouse","23":"product_tag-jid","24":"product_tag-kid","25":"product_tag-lapin-de-paques","26":"product_tag-littlefee","27":"product_tag-maison-de-poupee","28":"product_tag-meuble","29":"product_tag-miniature","30":"product_tag-minifee","31":"product_tag-msd","32":"product_tag-paques","33":"product_tag-phicen","34":"product_tag-poupee","35":"product_tag-pullip","36":"product_tag-roombox","37":"product_tag-tonner","38":"product_shipping_class-colissimo-5","39":"pa_couleur-blanc","40":"pa_couleur-bleu","41":"pa_couleur-jaune","42":"pa_couleur-rose-pink","43":"pa_couleur-vert","44":"pa_couleur-violet-fr","46":"first","47":"instock","48":"taxable","49":"shipping-taxable","50":"purchasable","51":"product-type-simple"},"yoast_head":"<!-- This site is optimized with the Yoast SEO plugin v27.4 - https:\/\/yoast.com\/product\/yoast-seo-wordpress\/ -->\n<title>\ud83d\udc30 Lapin de P\u00e2ques dans son \u0153uf \u2013 Miniature 1\/8 \u00b7 1\/6 \u00b7 1\/4 -<\/title>\n<meta name=\"description\" content=\"\ud83d\udc30 Lapin de P\u00e2ques dans son \u0153uf \u2013 Miniature 1\/8 \u00b7 1\/6 \u00b7 1\/4. Id\u00e9al pour f\u00eater paques avec vos dolls comme pukifee, lati yellow, Barbie, pullip, minifee, MSD\" \/>\n<meta name=\"robots\" content=\"index, follow, max-snippet:-1, max-image-preview:large, max-video-preview:-1\" \/>\n<link rel=\"canonical\" href=\"https:\/\/www.sunnyshop211.com\/en\/product\/\ud83d\udc30-lapin-de-paques-dans-son-oeuf-miniature-1-8-\u00b7-1-6-\u00b7-1-4\/\" \/>\n<meta property=\"og:locale\" content=\"en_US\" \/>\n<meta property=\"og:type\" content=\"article\" \/>\n<meta property=\"og:title\" content=\"\ud83d\udc30 Lapin de P\u00e2ques dans son \u0153uf \u2013 Miniature 1\/8 \u00b7 1\/6 \u00b7 1\/4 -\" \/>\n<meta property=\"og:description\" content=\"\ud83d\udc30 Lapin de P\u00e2ques dans son \u0153uf \u2013 Miniature 1\/8 \u00b7 1\/6 \u00b7 1\/4. Id\u00e9al pour f\u00eater paques avec vos dolls comme pukifee, lati yellow, Barbie, pullip, minifee, MSD\" \/>\n<meta property=\"og:url\" content=\"https:\/\/www.sunnyshop211.com\/en\/product\/\ud83d\udc30-lapin-de-paques-dans-son-oeuf-miniature-1-8-\u00b7-1-6-\u00b7-1-4\/\" \/>\n<meta property=\"og:site_name\" content=\"Sunnyshop211 -Vente de dioramas, meubles, miniatures , bjd poup\u00e9es 1\/12 1\/8 1\/6 1\/4 1\/3\" \/>\n<meta property=\"article:publisher\" content=\"https:\/\/www.facebook.com\/sunnyshop211\/?ref=bookmarks\" \/>\n<meta property=\"article:modified_time\" content=\"2026-04-06T13:58:22+00:00\" \/>\n<meta property=\"og:image\" content=\"https:\/\/www.sunnyshop211.com\/wp-content\/uploads\/2026\/03\/4-4-scaled.jpg\" \/>\n\t<meta property=\"og:image:width\" content=\"2560\" \/>\n\t<meta property=\"og:image:height\" content=\"1707\" \/>\n\t<meta property=\"og:image:type\" content=\"image\/jpeg\" \/>\n<meta name=\"twitter:card\" content=\"summary_large_image\" \/>\n<meta name=\"twitter:site\" content=\"@sunnyshop211\" \/>\n<meta name=\"twitter:label1\" content=\"Est. reading time\" \/>\n\t<meta name=\"twitter:data1\" content=\"2 minutes\" \/>\n<script type=\"application\/ld+json\" class=\"yoast-schema-graph\">{\"@context\":\"https:\\\/\\\/schema.org\",\"@graph\":[{\"@type\":\"WebPage\",\"@id\":\"https:\\\/\\\/www.sunnyshop211.com\\\/produit\\\/%f0%9f%90%b0-lapin-de-paques-dans-son-oeuf-miniature-1-8-%c2%b7-1-6-%c2%b7-1-4\\\/\",\"url\":\"https:\\\/\\\/www.sunnyshop211.com\\\/produit\\\/%f0%9f%90%b0-lapin-de-paques-dans-son-oeuf-miniature-1-8-%c2%b7-1-6-%c2%b7-1-4\\\/\",\"name\":\"\ud83d\udc30 Lapin de P\u00e2ques dans son \u0153uf \u2013 Miniature 1\\\/8 \u00b7 1\\\/6 \u00b7 1\\\/4 -\",\"isPartOf\":{\"@id\":\"https:\\\/\\\/www.sunnyshop211.com\\\/#website\"},\"primaryImageOfPage\":{\"@id\":\"https:\\\/\\\/www.sunnyshop211.com\\\/produit\\\/%f0%9f%90%b0-lapin-de-paques-dans-son-oeuf-miniature-1-8-%c2%b7-1-6-%c2%b7-1-4\\\/#primaryimage\"},\"image\":{\"@id\":\"https:\\\/\\\/www.sunnyshop211.com\\\/produit\\\/%f0%9f%90%b0-lapin-de-paques-dans-son-oeuf-miniature-1-8-%c2%b7-1-6-%c2%b7-1-4\\\/#primaryimage\"},\"thumbnailUrl\":\"https:\\\/\\\/www.sunnyshop211.com\\\/wp-content\\\/uploads\\\/2026\\\/03\\\/4-4-scaled.jpg\",\"datePublished\":\"2026-03-29T10:15:20+00:00\",\"dateModified\":\"2026-04-06T13:58:22+00:00\",\"description\":\"\ud83d\udc30 Lapin de P\u00e2ques dans son \u0153uf \u2013 Miniature 1\\\/8 \u00b7 1\\\/6 \u00b7 1\\\/4. Id\u00e9al pour f\u00eater paques avec vos dolls comme pukifee, lati yellow, Barbie, pullip, minifee, MSD\",\"breadcrumb\":{\"@id\":\"https:\\\/\\\/www.sunnyshop211.com\\\/produit\\\/%f0%9f%90%b0-lapin-de-paques-dans-son-oeuf-miniature-1-8-%c2%b7-1-6-%c2%b7-1-4\\\/#breadcrumb\"},\"inLanguage\":\"en-US\",\"potentialAction\":[{\"@type\":\"ReadAction\",\"target\":[\"https:\\\/\\\/www.sunnyshop211.com\\\/produit\\\/%f0%9f%90%b0-lapin-de-paques-dans-son-oeuf-miniature-1-8-%c2%b7-1-6-%c2%b7-1-4\\\/\"]}]},{\"@type\":\"ImageObject\",\"inLanguage\":\"en-US\",\"@id\":\"https:\\\/\\\/www.sunnyshop211.com\\\/produit\\\/%f0%9f%90%b0-lapin-de-paques-dans-son-oeuf-miniature-1-8-%c2%b7-1-6-%c2%b7-1-4\\\/#primaryimage\",\"url\":\"https:\\\/\\\/www.sunnyshop211.com\\\/wp-content\\\/uploads\\\/2026\\\/03\\\/4-4-scaled.jpg\",\"contentUrl\":\"https:\\\/\\\/www.sunnyshop211.com\\\/wp-content\\\/uploads\\\/2026\\\/03\\\/4-4-scaled.jpg\",\"width\":2560,\"height\":1707,\"caption\":\"\ud83d\udc30 Lapin de P\u00e2ques dans son \u0153uf \u2013 Miniature 1\\\/8 \u00b7 1\\\/6 \u00b7 1\\\/4\"},{\"@type\":\"BreadcrumbList\",\"@id\":\"https:\\\/\\\/www.sunnyshop211.com\\\/produit\\\/%f0%9f%90%b0-lapin-de-paques-dans-son-oeuf-miniature-1-8-%c2%b7-1-6-%c2%b7-1-4\\\/#breadcrumb\",\"itemListElement\":[{\"@type\":\"ListItem\",\"position\":1,\"name\":\"Accueil\",\"item\":\"https:\\\/\\\/www.sunnyshop211.com\\\/\"},{\"@type\":\"ListItem\",\"position\":2,\"name\":\"Boutique\",\"item\":\"https:\\\/\\\/www.sunnyshop211.com\\\/boutique-miniature-bjd-dolls\\\/\"},{\"@type\":\"ListItem\",\"position\":3,\"name\":\"\ud83d\udc30 Lapin de P\u00e2ques dans son \u0153uf \u2013 Miniature 1\\\/8 \u00b7 1\\\/6 \u00b7 1\\\/4\"}]},{\"@type\":\"WebSite\",\"@id\":\"https:\\\/\\\/www.sunnyshop211.com\\\/#website\",\"url\":\"https:\\\/\\\/www.sunnyshop211.com\\\/\",\"name\":\"Vente de dioramas, meubles, miniatures , bjd poup\u00e9es 1\\\/12 1\\\/8 1\\\/6 1\\\/4 1\\\/3\",\"description\":\"Sunnyshop211 - Votre univers miniature pour poup\u00e9es et BJD, dioramas et meubles sur mesure !\",\"publisher\":{\"@id\":\"https:\\\/\\\/www.sunnyshop211.com\\\/#organization\"},\"alternateName\":\"sunnyshop211\",\"potentialAction\":[{\"@type\":\"SearchAction\",\"target\":{\"@type\":\"EntryPoint\",\"urlTemplate\":\"https:\\\/\\\/www.sunnyshop211.com\\\/?s={search_term_string}\"},\"query-input\":{\"@type\":\"PropertyValueSpecification\",\"valueRequired\":true,\"valueName\":\"search_term_string\"}}],\"inLanguage\":\"en-US\"},{\"@type\":\"Organization\",\"@id\":\"https:\\\/\\\/www.sunnyshop211.com\\\/#organization\",\"name\":\"sunnyshop211\",\"alternateName\":\"sunnyshop211 diorama bjd meuble miniature\",\"url\":\"https:\\\/\\\/www.sunnyshop211.com\\\/\",\"logo\":{\"@type\":\"ImageObject\",\"inLanguage\":\"en-US\",\"@id\":\"https:\\\/\\\/www.sunnyshop211.com\\\/#\\\/schema\\\/logo\\\/image\\\/\",\"url\":\"https:\\\/\\\/www.sunnyshop211.com\\\/wp-content\\\/uploads\\\/2022\\\/08\\\/cropped-cropped-cropped-Sunnyshop211-1.png\",\"contentUrl\":\"https:\\\/\\\/www.sunnyshop211.com\\\/wp-content\\\/uploads\\\/2022\\\/08\\\/cropped-cropped-cropped-Sunnyshop211-1.png\",\"width\":339,\"height\":339,\"caption\":\"sunnyshop211\"},\"image\":{\"@id\":\"https:\\\/\\\/www.sunnyshop211.com\\\/#\\\/schema\\\/logo\\\/image\\\/\"},\"sameAs\":[\"https:\\\/\\\/www.facebook.com\\\/sunnyshop211\\\/?ref=bookmarks\",\"https:\\\/\\\/x.com\\\/sunnyshop211\",\"https:\\\/\\\/www.instagram.com\\\/sunnyshop211\\\/\",\"https:\\\/\\\/www.tumblr.com\\\/blog\\\/sunnyshop211\",\"https:\\\/\\\/www.youtube.com\\\/channel\\\/UCtYY18OGGDKrTSzgcf7fCBg\",\"https:\\\/\\\/www.tiktok.com\\\/@sunnydollshop211?is_from_webapp=1&sender_device=pc\"]}]}<\/script>\n<!-- \/ Yoast SEO plugin. -->","yoast_head_json":{"title":"\ud83d\udc30 Easter Bunny in her egg - Miniature 1\/8 - 1\/6 - 1\/4 -","description":"\ud83d\udc30 Easter bunny in his egg - Miniature 1\/8 - 1\/6 - 1\/4. Ideal for celebrating Easter with your dolls like pukifee, lati yellow, Barbie, pullip, minifee, MSD.","robots":{"index":"index","follow":"follow","max-snippet":"max-snippet:-1","max-image-preview":"max-image-preview:large","max-video-preview":"max-video-preview:-1"},"canonical":"https:\/\/www.sunnyshop211.com\/en\/product\/\ud83d\udc30-lapin-de-paques-dans-son-oeuf-miniature-1-8-\u00b7-1-6-\u00b7-1-4\/","og_locale":"en_US","og_type":"article","og_title":"\ud83d\udc30 Lapin de P\u00e2ques dans son \u0153uf \u2013 Miniature 1\/8 \u00b7 1\/6 \u00b7 1\/4 -","og_description":"\ud83d\udc30 Lapin de P\u00e2ques dans son \u0153uf \u2013 Miniature 1\/8 \u00b7 1\/6 \u00b7 1\/4. Id\u00e9al pour f\u00eater paques avec vos dolls comme pukifee, lati yellow, Barbie, pullip, minifee, MSD","og_url":"https:\/\/www.sunnyshop211.com\/en\/product\/\ud83d\udc30-lapin-de-paques-dans-son-oeuf-miniature-1-8-\u00b7-1-6-\u00b7-1-4\/","og_site_name":"Sunnyshop211 -Vente de dioramas, meubles, miniatures , bjd poup\u00e9es 1\/12 1\/8 1\/6 1\/4 1\/3","article_publisher":"https:\/\/www.facebook.com\/sunnyshop211\/?ref=bookmarks","article_modified_time":"2026-04-06T13:58:22+00:00","og_image":[{"width":2560,"height":1707,"url":"https:\/\/www.sunnyshop211.com\/wp-content\/uploads\/2026\/03\/4-4-scaled.jpg","type":"image\/jpeg"}],"twitter_card":"summary_large_image","twitter_site":"@sunnyshop211","twitter_misc":{"Est. reading time":"2 minutes"},"schema":{"@context":"https:\/\/schema.org","@graph":[{"@type":"WebPage","@id":"https:\/\/www.sunnyshop211.com\/produit\/%f0%9f%90%b0-lapin-de-paques-dans-son-oeuf-miniature-1-8-%c2%b7-1-6-%c2%b7-1-4\/","url":"https:\/\/www.sunnyshop211.com\/produit\/%f0%9f%90%b0-lapin-de-paques-dans-son-oeuf-miniature-1-8-%c2%b7-1-6-%c2%b7-1-4\/","name":"\ud83d\udc30 Easter Bunny in her egg - Miniature 1\/8 - 1\/6 - 1\/4 -","isPartOf":{"@id":"https:\/\/www.sunnyshop211.com\/#website"},"primaryImageOfPage":{"@id":"https:\/\/www.sunnyshop211.com\/produit\/%f0%9f%90%b0-lapin-de-paques-dans-son-oeuf-miniature-1-8-%c2%b7-1-6-%c2%b7-1-4\/#primaryimage"},"image":{"@id":"https:\/\/www.sunnyshop211.com\/produit\/%f0%9f%90%b0-lapin-de-paques-dans-son-oeuf-miniature-1-8-%c2%b7-1-6-%c2%b7-1-4\/#primaryimage"},"thumbnailUrl":"https:\/\/www.sunnyshop211.com\/wp-content\/uploads\/2026\/03\/4-4-scaled.jpg","datePublished":"2026-03-29T10:15:20+00:00","dateModified":"2026-04-06T13:58:22+00:00","description":"\ud83d\udc30 Easter bunny in his egg - Miniature 1\/8 - 1\/6 - 1\/4. Ideal for celebrating Easter with your dolls like pukifee, lati yellow, Barbie, pullip, minifee, MSD.","breadcrumb":{"@id":"https:\/\/www.sunnyshop211.com\/produit\/%f0%9f%90%b0-lapin-de-paques-dans-son-oeuf-miniature-1-8-%c2%b7-1-6-%c2%b7-1-4\/#breadcrumb"},"inLanguage":"en-US","potentialAction":[{"@type":"ReadAction","target":["https:\/\/www.sunnyshop211.com\/produit\/%f0%9f%90%b0-lapin-de-paques-dans-son-oeuf-miniature-1-8-%c2%b7-1-6-%c2%b7-1-4\/"]}]},{"@type":"ImageObject","inLanguage":"en-US","@id":"https:\/\/www.sunnyshop211.com\/produit\/%f0%9f%90%b0-lapin-de-paques-dans-son-oeuf-miniature-1-8-%c2%b7-1-6-%c2%b7-1-4\/#primaryimage","url":"https:\/\/www.sunnyshop211.com\/wp-content\/uploads\/2026\/03\/4-4-scaled.jpg","contentUrl":"https:\/\/www.sunnyshop211.com\/wp-content\/uploads\/2026\/03\/4-4-scaled.jpg","width":2560,"height":1707,"caption":"\ud83d\udc30 Lapin de P\u00e2ques dans son \u0153uf \u2013 Miniature 1\/8 \u00b7 1\/6 \u00b7 1\/4"},{"@type":"BreadcrumbList","@id":"https:\/\/www.sunnyshop211.com\/produit\/%f0%9f%90%b0-lapin-de-paques-dans-son-oeuf-miniature-1-8-%c2%b7-1-6-%c2%b7-1-4\/#breadcrumb","itemListElement":[{"@type":"ListItem","position":1,"name":"Accueil","item":"https:\/\/www.sunnyshop211.com\/"},{"@type":"ListItem","position":2,"name":"Boutique","item":"https:\/\/www.sunnyshop211.com\/boutique-miniature-bjd-dolls\/"},{"@type":"ListItem","position":3,"name":"\ud83d\udc30 Lapin de P\u00e2ques dans son \u0153uf \u2013 Miniature 1\/8 \u00b7 1\/6 \u00b7 1\/4"}]},{"@type":"WebSite","@id":"https:\/\/www.sunnyshop211.com\/#website","url":"https:\/\/www.sunnyshop211.com\/","name":"Sale of dioramas, furniture, miniatures, bjd dolls 1\/12 1\/8 1\/6 1\/4 1\/3","description":"Sunnyshop211 - Your miniature world for dolls and BJDs, dioramas and custom-made furniture!","publisher":{"@id":"https:\/\/www.sunnyshop211.com\/#organization"},"alternateName":"sunnyshop211","potentialAction":[{"@type":"SearchAction","target":{"@type":"EntryPoint","urlTemplate":"https:\/\/www.sunnyshop211.com\/?s={search_term_string}"},"query-input":{"@type":"PropertyValueSpecification","valueRequired":true,"valueName":"search_term_string"}}],"inLanguage":"en-US"},{"@type":"Organization","@id":"https:\/\/www.sunnyshop211.com\/#organization","name":"sunnyshop211","alternateName":"sunnyshop211 diorama bjd meuble miniature","url":"https:\/\/www.sunnyshop211.com\/","logo":{"@type":"ImageObject","inLanguage":"en-US","@id":"https:\/\/www.sunnyshop211.com\/#\/schema\/logo\/image\/","url":"https:\/\/www.sunnyshop211.com\/wp-content\/uploads\/2022\/08\/cropped-cropped-cropped-Sunnyshop211-1.png","contentUrl":"https:\/\/www.sunnyshop211.com\/wp-content\/uploads\/2022\/08\/cropped-cropped-cropped-Sunnyshop211-1.png","width":339,"height":339,"caption":"sunnyshop211"},"image":{"@id":"https:\/\/www.sunnyshop211.com\/#\/schema\/logo\/image\/"},"sameAs":["https:\/\/www.facebook.com\/sunnyshop211\/?ref=bookmarks","https:\/\/x.com\/sunnyshop211","https:\/\/www.instagram.com\/sunnyshop211\/","https:\/\/www.tumblr.com\/blog\/sunnyshop211","https:\/\/www.youtube.com\/channel\/UCtYY18OGGDKrTSzgcf7fCBg","https:\/\/www.tiktok.com\/@sunnydollshop211?is_from_webapp=1&sender_device=pc"]}]}},"jetpack_publicize_connections":[],"jetpack_sharing_enabled":true,"_links":{"self":[{"href":"https:\/\/www.sunnyshop211.com\/en\/wp-json\/wp\/v2\/product\/55970","targetHints":{"allow":["GET"]}}],"collection":[{"href":"https:\/\/www.sunnyshop211.com\/en\/wp-json\/wp\/v2\/product"}],"about":[{"href":"https:\/\/www.sunnyshop211.com\/en\/wp-json\/wp\/v2\/types\/product"}],"replies":[{"embeddable":true,"href":"https:\/\/www.sunnyshop211.com\/en\/wp-json\/wp\/v2\/comments?post=55970"}],"version-history":[{"count":2,"href":"https:\/\/www.sunnyshop211.com\/en\/wp-json\/wp\/v2\/product\/55970\/revisions"}],"predecessor-version":[{"id":55978,"href":"https:\/\/www.sunnyshop211.com\/en\/wp-json\/wp\/v2\/product\/55970\/revisions\/55978"}],"wp:featuredmedia":[{"embeddable":true,"href":"https:\/\/www.sunnyshop211.com\/en\/wp-json\/wp\/v2\/media\/55934"}],"wp:attachment":[{"href":"https:\/\/www.sunnyshop211.com\/en\/wp-json\/wp\/v2\/media?parent=55970"}],"wp:term":[{"taxonomy":"product_brand","embeddable":true,"href":"https:\/\/www.sunnyshop211.com\/en\/wp-json\/wp\/v2\/product_brand?post=55970"},{"taxonomy":"product_cat","embeddable":true,"href":"https:\/\/www.sunnyshop211.com\/en\/wp-json\/wp\/v2\/product_cat?post=55970"},{"taxonomy":"product_tag","embeddable":true,"href":"https:\/\/www.sunnyshop211.com\/en\/wp-json\/wp\/v2\/product_tag?post=55970"}],"curies":[{"name":"wp","href":"https:\/\/api.w.org\/{rel}","templated":true}]}}