{"id":55707,"date":"2026-03-12T15:36:02","date_gmt":"2026-03-12T14:36:02","guid":{"rendered":"https:\/\/www.sunnyshop211.com\/?post_type=product&#038;p=55707"},"modified":"2026-03-12T15:40:43","modified_gmt":"2026-03-12T14:40:43","slug":"%f0%9f%a6%8a-renard-de-la-foret-miniature-articule-env-16-cm","status":"publish","type":"product","link":"https:\/\/www.sunnyshop211.com\/en\/product\/%f0%9f%a6%8a-renard-de-la-foret-miniature-articule-env-16-cm\/","title":{"rendered":"\ud83e\udd8a Articulated miniature forest fox (approx. 16 cm)"},"content":{"rendered":"<div id='gallery-1' class='gallery galleryid-55707 gallery-columns-3 gallery-size-thumbnail'><figure class='gallery-item'>\n\t\t\t<div class='gallery-icon portrait'>\n\t\t\t\t<a href='https:\/\/www.sunnyshop211.com\/en\/?attachment_id=55568'><img decoding=\"async\" width=\"150\" height=\"150\" src=\"https:\/\/www.sunnyshop211.com\/wp-content\/uploads\/2026\/03\/22-150x150.jpg\" class=\"attachment-thumbnail size-thumbnail\" alt=\"\ud83e\udd8a Renard de la for\u00eat miniature articul\u00e9 (env. 16 cm)\" srcset=\"https:\/\/www.sunnyshop211.com\/wp-content\/uploads\/2026\/03\/22-150x150.jpg 150w, https:\/\/www.sunnyshop211.com\/wp-content\/uploads\/2026\/03\/22-500x500.jpg 500w, https:\/\/www.sunnyshop211.com\/wp-content\/uploads\/2026\/03\/22-100x100.jpg 100w\" sizes=\"(max-width: 150px) 100vw, 150px\" \/><\/a>\n\t\t\t<\/div><\/figure><figure class='gallery-item'>\n\t\t\t<div class='gallery-icon landscape'>\n\t\t\t\t<a href='https:\/\/www.sunnyshop211.com\/en\/?attachment_id=55567'><img decoding=\"async\" width=\"150\" height=\"150\" src=\"https:\/\/www.sunnyshop211.com\/wp-content\/uploads\/2026\/03\/21-150x150.jpg\" class=\"attachment-thumbnail size-thumbnail\" alt=\"\" srcset=\"https:\/\/www.sunnyshop211.com\/wp-content\/uploads\/2026\/03\/21-150x150.jpg 150w, https:\/\/www.sunnyshop211.com\/wp-content\/uploads\/2026\/03\/21-500x500.jpg 500w, https:\/\/www.sunnyshop211.com\/wp-content\/uploads\/2026\/03\/21-100x100.jpg 100w\" sizes=\"(max-width: 150px) 100vw, 150px\" \/><\/a>\n\t\t\t<\/div><\/figure><figure class='gallery-item'>\n\t\t\t<div class='gallery-icon portrait'>\n\t\t\t\t<a href='https:\/\/www.sunnyshop211.com\/en\/?attachment_id=55570'><img decoding=\"async\" width=\"150\" height=\"150\" src=\"https:\/\/www.sunnyshop211.com\/wp-content\/uploads\/2026\/03\/24-150x150.jpg\" class=\"attachment-thumbnail size-thumbnail\" alt=\"\" srcset=\"https:\/\/www.sunnyshop211.com\/wp-content\/uploads\/2026\/03\/24-150x150.jpg 150w, https:\/\/www.sunnyshop211.com\/wp-content\/uploads\/2026\/03\/24-500x500.jpg 500w, https:\/\/www.sunnyshop211.com\/wp-content\/uploads\/2026\/03\/24-100x100.jpg 100w\" sizes=\"(max-width: 150px) 100vw, 150px\" \/><\/a>\n\t\t\t<\/div><\/figure><figure class='gallery-item'>\n\t\t\t<div class='gallery-icon portrait'>\n\t\t\t\t<a href='https:\/\/www.sunnyshop211.com\/en\/?attachment_id=55569'><img loading=\"lazy\" decoding=\"async\" width=\"150\" height=\"150\" src=\"https:\/\/www.sunnyshop211.com\/wp-content\/uploads\/2026\/03\/23-150x150.jpg\" class=\"attachment-thumbnail size-thumbnail\" alt=\"\ud83e\udd8a Renard de la for\u00eat miniature articul\u00e9 (env. 16 cm)\" srcset=\"https:\/\/www.sunnyshop211.com\/wp-content\/uploads\/2026\/03\/23-150x150.jpg 150w, https:\/\/www.sunnyshop211.com\/wp-content\/uploads\/2026\/03\/23-500x500.jpg 500w, https:\/\/www.sunnyshop211.com\/wp-content\/uploads\/2026\/03\/23-100x100.jpg 100w\" sizes=\"(max-width: 150px) 100vw, 150px\" \/><\/a>\n\t\t\t<\/div><\/figure>\n\t\t<\/div>\n\n<h2 data-start=\"162\" data-end=\"215\">\ud83e\udd8a Articulated miniature forest fox (approx. 16 cm)<\/h2>\n<p data-start=\"217\" data-end=\"263\">Cr\u00e9ation d'artiste - Miniature realistic animal<\/p>\n<p data-start=\"265\" data-end=\"279\">\ud83c\udf3f Description<\/p>\n<p data-start=\"281\" data-end=\"412\">This miniature fox has been designed as a discreet, elegant companion, a silent guardian of undergrowth and natural landscapes.<\/p>\n<p data-start=\"414\" data-end=\"612\">With its warm, forest fox-inspired hues and attentive gaze, it fits naturally into scenes of nature, glades, enchanted forests or alongside your dolls.<\/p>\n<p data-start=\"614\" data-end=\"722\">Its slender, expressive silhouette allows it to inhabit your dioramas like a real forest animal.<\/p>\n<p data-start=\"724\" data-end=\"883\">Fully articulated, it allows a wide range of natural poses: standing, moving, attentive or exploring its environment among branches and moss.<\/p>\n<p data-start=\"885\" data-end=\"905\">\u2500\u2500\u2500\u2500\u2500\u2500\u2500\u2500\u2500\u2500\u2500\u2500\u2500\u2500\u2500\u2500\u2500\u2500\u2500\u2500<\/p>\n<h3 data-start=\"907\" data-end=\"928\">\ud83d\udc95 Technical details<\/h3>\n<p data-start=\"930\" data-end=\"945\">\ud83d\udccf Dimensions<\/p>\n<p data-start=\"947\" data-end=\"994\">Length: approx. 16 cm (head to tail)<\/p>\n<p data-start=\"996\" data-end=\"1048\">Height: approx. 10 cm (from legs to ears)<\/p>\n<p data-start=\"1050\" data-end=\"1062\">\ud83d\udcd0 Scale<\/p>\n<p data-start=\"1064\" data-end=\"1112\">Perfect for staging <strong data-start=\"1105\" data-end=\"1112\">1\/4<\/strong><\/p>\n<p data-start=\"1114\" data-end=\"1186\">Compatible with store decors and universes (sold separately)<\/p>\n<p data-start=\"1188\" data-end=\"1208\">\u2500\u2500\u2500\u2500\u2500\u2500\u2500\u2500\u2500\u2500\u2500\u2500\u2500\u2500\u2500\u2500\u2500\u2500\u2500\u2500<\/p>\n<h3 data-start=\"1210\" data-end=\"1231\">\ud83c\udfa8 Version available<\/h3>\n<p data-start=\"1233\" data-end=\"1273\">\ud83c\udf3f Forest fox (standard version)<\/p>\n<p data-start=\"1275\" data-end=\"1398\">Natural shades inspired by red fox<br data-start=\"1318\" data-end=\"1321\" \/>Warm gradations on legs and tail<br data-start=\"1363\" data-end=\"1366\" \/>Lighter chest and muzzle<\/p>\n<p data-start=\"1400\" data-end=\"1466\">Palette designed for forest, natural and fairytale environments.<\/p>\n<p data-start=\"1468\" data-end=\"1575\">\ud83d\udc49 One version <strong data-start=\"1483\" data-end=\"1504\">Snow fox<\/strong> (cold and winter palette) is available in a separate ad.<\/p>\n<p data-start=\"1577\" data-end=\"1597\">\u2500\u2500\u2500\u2500\u2500\u2500\u2500\u2500\u2500\u2500\u2500\u2500\u2500\u2500\u2500\u2500\u2500\u2500\u2500\u2500<\/p>\n<h3 data-start=\"1599\" data-end=\"1623\">\u2728 Craft manufacturing<\/h3>\n<p data-start=\"1625\" data-end=\"1644\">Each fox is :<\/p>\n<p data-start=\"1646\" data-end=\"1762\">- made of resin<br data-start=\"1665\" data-end=\"1668\" \/>- assembled, fitted and painted entirely by hand<br data-start=\"1717\" data-end=\"1720\" \/>- unique in its shades and finishes<\/p>\n<p data-start=\"1764\" data-end=\"1972\">Slight irregularities may appear (micro-traces, color variations, molding lines).<br data-start=\"1864\" data-end=\"1867\" \/>They are an integral part of the craftsmanship and guarantee the uniqueness of each creation.<\/p>\n<p data-start=\"1974\" data-end=\"1994\">\u2500\u2500\u2500\u2500\u2500\u2500\u2500\u2500\u2500\u2500\u2500\u2500\u2500\u2500\u2500\u2500\u2500\u2500\u2500\u2500<\/p>\n<h3 data-start=\"1996\" data-end=\"2026\">\ud83c\udf81 Included with each creation<\/h3>\n<p data-start=\"2028\" data-end=\"2087\">- Presentation box<br data-start=\"2051\" data-end=\"2054\" \/>- Certificate of authenticity (COA)<\/p>\n<p data-start=\"2089\" data-end=\"2109\">\u2500\u2500\u2500\u2500\u2500\u2500\u2500\u2500\u2500\u2500\u2500\u2500\u2500\u2500\u2500\u2500\u2500\u2500\u2500\u2500<\/p>\n<h3 data-start=\"2111\" data-end=\"2130\">\u23f3 Creation time<\/h3>\n<p data-start=\"2132\" data-end=\"2167\">\ud83e\udd8a Creation made to order<\/p>\n<p data-start=\"2169\" data-end=\"2278\">Processing time : <strong data-start=\"2191\" data-end=\"2209\">about 2 months<\/strong>, necessary at every stage of the manufacturing and painting process.<\/p>\n<p data-start=\"2280\" data-end=\"2371\">Please consult the general terms of sale and delivery times before ordering.<\/p>\n<p data-start=\"2373\" data-end=\"2393\">\u2500\u2500\u2500\u2500\u2500\u2500\u2500\u2500\u2500\u2500\u2500\u2500\u2500\u2500\u2500\u2500\u2500\u2500\u2500\u2500<\/p>\n<h3 data-start=\"2395\" data-end=\"2423\">\u26a0\ufe0f Precautions for use<\/h3>\n<p data-start=\"2425\" data-end=\"2464\">The creatures are hand-painted:<\/p>\n<p data-start=\"2466\" data-end=\"2590\">- avoid prolonged friction between joints<br data-start=\"2524\" data-end=\"2527\" \/>- do not wet<br data-start=\"2544\" data-end=\"2547\" \/>- avoid prolonged exposure to the sun<\/p>\n<p data-start=\"2592\" data-end=\"2612\">\u2500\u2500\u2500\u2500\u2500\u2500\u2500\u2500\u2500\u2500\u2500\u2500\u2500\u2500\u2500\u2500\u2500\u2500\u2500\u2500<\/p>\n<h3 data-start=\"2614\" data-end=\"2640\">\ud83e\udeb6 Sets &amp; staging<\/h3>\n<p data-start=\"2642\" data-end=\"2689\">Photos are for illustrative purposes only.<\/p>\n<p data-start=\"2691\" data-end=\"2798\">Visible sets, accessories and dolls are not included, but are available separately in the store.<\/p>\n<p data-start=\"2800\" data-end=\"2867\">\ud83d\udcf8 More photos and stagings on Instagram : \u00a0<a href=\"https:\/\/www.instagram.com\/sunnyshop211\/\"><strong data-start=\"2846\" data-end=\"2863\">@sunnyshop211<\/strong><\/a><\/p>\n<p data-start=\"2869\" data-end=\"2889\">\u2500\u2500\u2500\u2500\u2500\u2500\u2500\u2500\u2500\u2500\u2500\u2500\u2500\u2500\u2500\u2500\u2500\u2500\u2500\u2500<\/p>\n<h3 data-start=\"2891\" data-end=\"2917\">\u2757 Important information<\/h3>\n<p data-start=\"2919\" data-end=\"3149\">- This is not a toy<br data-start=\"2944\" data-end=\"2947\" \/>- This article is intended for adult collectors<br data-start=\"2998\" data-end=\"3001\" \/>- As each piece is handmade, slight variations may occur.<br data-start=\"3079\" data-end=\"3082\" \/>- I am not responsible for any damage incurred in transit.<\/p>\n<p data-start=\"3151\" data-end=\"3171\">\u2500\u2500\u2500\u2500\u2500\u2500\u2500\u2500\u2500\u2500\u2500\u2500\u2500\u2500\u2500\u2500\u2500\u2500\u2500\u2500<\/p>\n<p data-start=\"3173\" data-end=\"3359\">\ud83e\udd8a A creature born of patience and passion, inspired by the discreet beauty of forest foxes, ready to join your worlds and bring your natural, fairytale scenes to life.<\/p>\n<p>&nbsp;<\/p>","protected":false},"excerpt":{"rendered":"<p>\ud83e\udd8a Renard de la for\u00eat miniature articul\u00e9 (env. 16 cm) Cr\u00e9ation d\u2019artiste \u2013 Animal r\u00e9aliste miniature \ud83c\udf3f Description Ce renard miniature a \u00e9t\u00e9 imagin\u00e9 comme un compagnon discret et \u00e9l\u00e9gant, gardien silencieux des sous-bois et des paysages naturels. Avec ses teintes chaudes inspir\u00e9es des renards des for\u00eats et son regard attentif, il s\u2019int\u00e8gre naturellement dans [&hellip;]<\/p>\n","protected":false},"featured_media":55567,"comment_status":"open","ping_status":"closed","template":"","meta":{"_crdt_document":"","jetpack_post_was_ever_published":false,"jetpack_publicize_message":"","jetpack_publicize_feature_enabled":true,"jetpack_social_post_already_shared":true,"jetpack_social_options":{"image_generator_settings":{"template":"highway","default_image_id":0,"font":"","enabled":false},"version":2}},"product_brand":[],"product_cat":[667686990,667687153],"product_tag":[667681368,667681136,667685109,667681364,667681142,667684814,667681367,667681362,667681234,667681366,667681226,667681233,667681272,667681225,667681241,667681242,667681369,667681236,667681261,667681232,667681173,667681237,667681175,667681177,667681365,667681235,667685107,667681260,667681361],"class_list":{"0":"post-55707","1":"product","2":"type-product","3":"status-publish","4":"has-post-thumbnail","6":"product_cat-creatures-feeriques","7":"product_cat--animaux-de-la-foret-nature","8":"product_tag-basket","9":"product_tag-bjd","10":"product_tag-bouldog","11":"product_tag-cat","12":"product_tag-chambre","13":"product_tag-chien-fr","14":"product_tag-chiot","15":"product_tag-couche","16":"product_tag-diorama","17":"product_tag-dog","18":"product_tag-doll","19":"product_tag-dollhouse","20":"product_tag-elowynn-wilde","21":"product_tag-furniture","22":"product_tag-iplehouse","23":"product_tag-jid","24":"product_tag-layer","25":"product_tag-maison-de-poupee","26":"product_tag-meuble","27":"product_tag-miniature","28":"product_tag-minifee","29":"product_tag-msd","30":"product_tag-panier","31":"product_tag-poupee","32":"product_tag-puppy","33":"product_tag-roombox","34":"product_tag-shar-pei","35":"product_tag-tonner","36":"product_tag-walloyamorring","37":"product_shipping_class-colissimo-5","38":"pa_couleur-beige-et-marron","39":"pa_couleur-gris","40":"pa_couleur-noir","41":"pa_couleur-noir-et-blanc-black-white","43":"first","44":"instock","45":"taxable","46":"shipping-taxable","47":"purchasable","48":"product-type-simple"},"yoast_head":"<!-- This site is optimized with the Yoast SEO plugin v27.5 - https:\/\/yoast.com\/product\/yoast-seo-wordpress\/ -->\n<title>\ud83e\udd8a Renard de la for\u00eat miniature articul\u00e9 (env. 16 cm) -<\/title>\n<meta name=\"description\" content=\"\ud83e\udd8a Renard de la for\u00eat miniature articul\u00e9 (env. 16 cm). Il sera le compagnon id\u00e9al de vos dolls. N&#039;h\u00e9sitez pas \u00e0 venir le d\u00e9couvrir...\" \/>\n<meta name=\"robots\" content=\"index, follow, max-snippet:-1, max-image-preview:large, max-video-preview:-1\" \/>\n<link rel=\"canonical\" href=\"https:\/\/www.sunnyshop211.com\/en\/product\/\ud83e\udd8a-renard-de-la-foret-miniature-articule-env-16-cm\/\" \/>\n<meta property=\"og:locale\" content=\"en_US\" \/>\n<meta property=\"og:type\" content=\"article\" \/>\n<meta property=\"og:title\" content=\"bjd chien &quot;Vanille&quot;\" \/>\n<meta property=\"og:description\" content=\"Voici petit nouveau, je vous pr\u00e9sente Vanille . Il sera le compagnon id\u00e9al de vos dolls. N&#039;h\u00e9sitez pas \u00e0 venir le d\u00e9couvrir...\" \/>\n<meta property=\"og:url\" content=\"https:\/\/www.sunnyshop211.com\/en\/product\/\ud83e\udd8a-renard-de-la-foret-miniature-articule-env-16-cm\/\" \/>\n<meta property=\"og:site_name\" content=\"Sunnyshop211 -Vente de dioramas, meubles, miniatures , bjd poup\u00e9es 1\/12 1\/8 1\/6 1\/4 1\/3\" \/>\n<meta property=\"article:publisher\" content=\"https:\/\/www.facebook.com\/sunnyshop211\/?ref=bookmarks\" \/>\n<meta property=\"article:modified_time\" content=\"2026-03-12T14:40:43+00:00\" \/>\n<meta property=\"og:image\" content=\"https:\/\/www.sunnyshop211.com\/wp-content\/uploads\/2022\/07\/piscine2-17-scaled.jpg\" \/>\n\t<meta property=\"og:image:width\" content=\"2560\" \/>\n\t<meta property=\"og:image:height\" content=\"1707\" \/>\n\t<meta property=\"og:image:type\" content=\"image\/jpeg\" \/>\n<meta name=\"twitter:card\" content=\"summary_large_image\" \/>\n<meta name=\"twitter:title\" content=\"My bjd dog Vanille\" \/>\n<meta name=\"twitter:description\" content=\"Here is a little new, I present to you Vanille. It will be the ideal companion for your dolls. Do not hesitate to come and discover it..\" \/>\n<meta name=\"twitter:image\" content=\"https:\/\/www.sunnyshop211.com\/wp-content\/uploads\/2022\/07\/piscine2-17-scaled.jpg\" \/>\n<meta name=\"twitter:site\" content=\"@sunnyshop211\" \/>\n<meta name=\"twitter:label1\" content=\"Est. reading time\" \/>\n\t<meta name=\"twitter:data1\" content=\"3 minutes\" \/>\n<script type=\"application\/ld+json\" class=\"yoast-schema-graph\">{\"@context\":\"https:\\\/\\\/schema.org\",\"@graph\":[{\"@type\":\"WebPage\",\"@id\":\"https:\\\/\\\/www.sunnyshop211.com\\\/produit\\\/%f0%9f%a6%8a-renard-de-la-foret-miniature-articule-env-16-cm\\\/\",\"url\":\"https:\\\/\\\/www.sunnyshop211.com\\\/produit\\\/%f0%9f%a6%8a-renard-de-la-foret-miniature-articule-env-16-cm\\\/\",\"name\":\"\ud83e\udd8a Renard de la for\u00eat miniature articul\u00e9 (env. 16 cm) -\",\"isPartOf\":{\"@id\":\"https:\\\/\\\/www.sunnyshop211.com\\\/#website\"},\"primaryImageOfPage\":{\"@id\":\"https:\\\/\\\/www.sunnyshop211.com\\\/produit\\\/%f0%9f%a6%8a-renard-de-la-foret-miniature-articule-env-16-cm\\\/#primaryimage\"},\"image\":{\"@id\":\"https:\\\/\\\/www.sunnyshop211.com\\\/produit\\\/%f0%9f%a6%8a-renard-de-la-foret-miniature-articule-env-16-cm\\\/#primaryimage\"},\"thumbnailUrl\":\"https:\\\/\\\/www.sunnyshop211.com\\\/wp-content\\\/uploads\\\/2026\\\/03\\\/21-scaled.jpg\",\"datePublished\":\"2026-03-12T14:36:02+00:00\",\"dateModified\":\"2026-03-12T14:40:43+00:00\",\"description\":\"\ud83e\udd8a Renard de la for\u00eat miniature articul\u00e9 (env. 16 cm). Il sera le compagnon id\u00e9al de vos dolls. N'h\u00e9sitez pas \u00e0 venir le d\u00e9couvrir...\",\"breadcrumb\":{\"@id\":\"https:\\\/\\\/www.sunnyshop211.com\\\/produit\\\/%f0%9f%a6%8a-renard-de-la-foret-miniature-articule-env-16-cm\\\/#breadcrumb\"},\"inLanguage\":\"en-US\",\"potentialAction\":[{\"@type\":\"ReadAction\",\"target\":[\"https:\\\/\\\/www.sunnyshop211.com\\\/produit\\\/%f0%9f%a6%8a-renard-de-la-foret-miniature-articule-env-16-cm\\\/\"]}]},{\"@type\":\"ImageObject\",\"inLanguage\":\"en-US\",\"@id\":\"https:\\\/\\\/www.sunnyshop211.com\\\/produit\\\/%f0%9f%a6%8a-renard-de-la-foret-miniature-articule-env-16-cm\\\/#primaryimage\",\"url\":\"https:\\\/\\\/www.sunnyshop211.com\\\/wp-content\\\/uploads\\\/2026\\\/03\\\/21-scaled.jpg\",\"contentUrl\":\"https:\\\/\\\/www.sunnyshop211.com\\\/wp-content\\\/uploads\\\/2026\\\/03\\\/21-scaled.jpg\",\"width\":2560,\"height\":1707},{\"@type\":\"BreadcrumbList\",\"@id\":\"https:\\\/\\\/www.sunnyshop211.com\\\/produit\\\/%f0%9f%a6%8a-renard-de-la-foret-miniature-articule-env-16-cm\\\/#breadcrumb\",\"itemListElement\":[{\"@type\":\"ListItem\",\"position\":1,\"name\":\"Accueil\",\"item\":\"https:\\\/\\\/www.sunnyshop211.com\\\/\"},{\"@type\":\"ListItem\",\"position\":2,\"name\":\"Boutique\",\"item\":\"https:\\\/\\\/www.sunnyshop211.com\\\/boutique-miniature-bjd-dolls\\\/\"},{\"@type\":\"ListItem\",\"position\":3,\"name\":\"\ud83e\udd8a Renard de la for\u00eat miniature articul\u00e9 (env. 16 cm)\"}]},{\"@type\":\"WebSite\",\"@id\":\"https:\\\/\\\/www.sunnyshop211.com\\\/#website\",\"url\":\"https:\\\/\\\/www.sunnyshop211.com\\\/\",\"name\":\"Vente de dioramas, meubles, miniatures , bjd poup\u00e9es 1\\\/12 1\\\/8 1\\\/6 1\\\/4 1\\\/3\",\"description\":\"Sunnyshop211 - Votre univers miniature pour poup\u00e9es et BJD, dioramas et meubles sur mesure !\",\"publisher\":{\"@id\":\"https:\\\/\\\/www.sunnyshop211.com\\\/#organization\"},\"alternateName\":\"sunnyshop211\",\"potentialAction\":[{\"@type\":\"SearchAction\",\"target\":{\"@type\":\"EntryPoint\",\"urlTemplate\":\"https:\\\/\\\/www.sunnyshop211.com\\\/?s={search_term_string}\"},\"query-input\":{\"@type\":\"PropertyValueSpecification\",\"valueRequired\":true,\"valueName\":\"search_term_string\"}}],\"inLanguage\":\"en-US\"},{\"@type\":\"Organization\",\"@id\":\"https:\\\/\\\/www.sunnyshop211.com\\\/#organization\",\"name\":\"sunnyshop211\",\"alternateName\":\"sunnyshop211 diorama bjd meuble miniature\",\"url\":\"https:\\\/\\\/www.sunnyshop211.com\\\/\",\"logo\":{\"@type\":\"ImageObject\",\"inLanguage\":\"en-US\",\"@id\":\"https:\\\/\\\/www.sunnyshop211.com\\\/#\\\/schema\\\/logo\\\/image\\\/\",\"url\":\"https:\\\/\\\/www.sunnyshop211.com\\\/wp-content\\\/uploads\\\/2022\\\/08\\\/cropped-cropped-cropped-Sunnyshop211-1.png\",\"contentUrl\":\"https:\\\/\\\/www.sunnyshop211.com\\\/wp-content\\\/uploads\\\/2022\\\/08\\\/cropped-cropped-cropped-Sunnyshop211-1.png\",\"width\":339,\"height\":339,\"caption\":\"sunnyshop211\"},\"image\":{\"@id\":\"https:\\\/\\\/www.sunnyshop211.com\\\/#\\\/schema\\\/logo\\\/image\\\/\"},\"sameAs\":[\"https:\\\/\\\/www.facebook.com\\\/sunnyshop211\\\/?ref=bookmarks\",\"https:\\\/\\\/x.com\\\/sunnyshop211\",\"https:\\\/\\\/www.instagram.com\\\/sunnyshop211\\\/\",\"https:\\\/\\\/www.tumblr.com\\\/blog\\\/sunnyshop211\",\"https:\\\/\\\/www.youtube.com\\\/channel\\\/UCtYY18OGGDKrTSzgcf7fCBg\",\"https:\\\/\\\/www.tiktok.com\\\/@sunnydollshop211?is_from_webapp=1&sender_device=pc\"]}]}<\/script>\n<!-- \/ Yoast SEO plugin. -->","yoast_head_json":{"title":"\ud83e\udd8a Miniature articulated forest fox (approx. 16 cm) -","description":"\ud83e\udd8a Articulated miniature forest fox (approx. 16 cm). The perfect companion for your dolls. Don't hesitate to come and discover him...","robots":{"index":"index","follow":"follow","max-snippet":"max-snippet:-1","max-image-preview":"max-image-preview:large","max-video-preview":"max-video-preview:-1"},"canonical":"https:\/\/www.sunnyshop211.com\/en\/product\/\ud83e\udd8a-renard-de-la-foret-miniature-articule-env-16-cm\/","og_locale":"en_US","og_type":"article","og_title":"bjd chien \"Vanille\"","og_description":"Voici petit nouveau, je vous pr\u00e9sente Vanille . Il sera le compagnon id\u00e9al de vos dolls. N'h\u00e9sitez pas \u00e0 venir le d\u00e9couvrir...","og_url":"https:\/\/www.sunnyshop211.com\/en\/product\/\ud83e\udd8a-renard-de-la-foret-miniature-articule-env-16-cm\/","og_site_name":"Sunnyshop211 -Vente de dioramas, meubles, miniatures , bjd poup\u00e9es 1\/12 1\/8 1\/6 1\/4 1\/3","article_publisher":"https:\/\/www.facebook.com\/sunnyshop211\/?ref=bookmarks","article_modified_time":"2026-03-12T14:40:43+00:00","og_image":[{"width":2560,"height":1707,"url":"https:\/\/www.sunnyshop211.com\/wp-content\/uploads\/2022\/07\/piscine2-17-scaled.jpg","type":"image\/jpeg"}],"twitter_card":"summary_large_image","twitter_title":"My bjd dog Vanille","twitter_description":"Here is a little new, I present to you Vanille. It will be the ideal companion for your dolls. Do not hesitate to come and discover it..","twitter_image":"https:\/\/www.sunnyshop211.com\/wp-content\/uploads\/2022\/07\/piscine2-17-scaled.jpg","twitter_site":"@sunnyshop211","twitter_misc":{"Est. reading time":"3 minutes"},"schema":{"@context":"https:\/\/schema.org","@graph":[{"@type":"WebPage","@id":"https:\/\/www.sunnyshop211.com\/produit\/%f0%9f%a6%8a-renard-de-la-foret-miniature-articule-env-16-cm\/","url":"https:\/\/www.sunnyshop211.com\/produit\/%f0%9f%a6%8a-renard-de-la-foret-miniature-articule-env-16-cm\/","name":"\ud83e\udd8a Miniature articulated forest fox (approx. 16 cm) -","isPartOf":{"@id":"https:\/\/www.sunnyshop211.com\/#website"},"primaryImageOfPage":{"@id":"https:\/\/www.sunnyshop211.com\/produit\/%f0%9f%a6%8a-renard-de-la-foret-miniature-articule-env-16-cm\/#primaryimage"},"image":{"@id":"https:\/\/www.sunnyshop211.com\/produit\/%f0%9f%a6%8a-renard-de-la-foret-miniature-articule-env-16-cm\/#primaryimage"},"thumbnailUrl":"https:\/\/www.sunnyshop211.com\/wp-content\/uploads\/2026\/03\/21-scaled.jpg","datePublished":"2026-03-12T14:36:02+00:00","dateModified":"2026-03-12T14:40:43+00:00","description":"\ud83e\udd8a Articulated miniature forest fox (approx. 16 cm). The perfect companion for your dolls. Don't hesitate to come and discover him...","breadcrumb":{"@id":"https:\/\/www.sunnyshop211.com\/produit\/%f0%9f%a6%8a-renard-de-la-foret-miniature-articule-env-16-cm\/#breadcrumb"},"inLanguage":"en-US","potentialAction":[{"@type":"ReadAction","target":["https:\/\/www.sunnyshop211.com\/produit\/%f0%9f%a6%8a-renard-de-la-foret-miniature-articule-env-16-cm\/"]}]},{"@type":"ImageObject","inLanguage":"en-US","@id":"https:\/\/www.sunnyshop211.com\/produit\/%f0%9f%a6%8a-renard-de-la-foret-miniature-articule-env-16-cm\/#primaryimage","url":"https:\/\/www.sunnyshop211.com\/wp-content\/uploads\/2026\/03\/21-scaled.jpg","contentUrl":"https:\/\/www.sunnyshop211.com\/wp-content\/uploads\/2026\/03\/21-scaled.jpg","width":2560,"height":1707},{"@type":"BreadcrumbList","@id":"https:\/\/www.sunnyshop211.com\/produit\/%f0%9f%a6%8a-renard-de-la-foret-miniature-articule-env-16-cm\/#breadcrumb","itemListElement":[{"@type":"ListItem","position":1,"name":"Accueil","item":"https:\/\/www.sunnyshop211.com\/"},{"@type":"ListItem","position":2,"name":"Boutique","item":"https:\/\/www.sunnyshop211.com\/boutique-miniature-bjd-dolls\/"},{"@type":"ListItem","position":3,"name":"\ud83e\udd8a Renard de la for\u00eat miniature articul\u00e9 (env. 16 cm)"}]},{"@type":"WebSite","@id":"https:\/\/www.sunnyshop211.com\/#website","url":"https:\/\/www.sunnyshop211.com\/","name":"Sale of dioramas, furniture, miniatures, bjd dolls 1\/12 1\/8 1\/6 1\/4 1\/3","description":"Sunnyshop211 - Your miniature world for dolls and BJDs, dioramas and custom-made furniture!","publisher":{"@id":"https:\/\/www.sunnyshop211.com\/#organization"},"alternateName":"sunnyshop211","potentialAction":[{"@type":"SearchAction","target":{"@type":"EntryPoint","urlTemplate":"https:\/\/www.sunnyshop211.com\/?s={search_term_string}"},"query-input":{"@type":"PropertyValueSpecification","valueRequired":true,"valueName":"search_term_string"}}],"inLanguage":"en-US"},{"@type":"Organization","@id":"https:\/\/www.sunnyshop211.com\/#organization","name":"sunnyshop211","alternateName":"sunnyshop211 diorama bjd meuble miniature","url":"https:\/\/www.sunnyshop211.com\/","logo":{"@type":"ImageObject","inLanguage":"en-US","@id":"https:\/\/www.sunnyshop211.com\/#\/schema\/logo\/image\/","url":"https:\/\/www.sunnyshop211.com\/wp-content\/uploads\/2022\/08\/cropped-cropped-cropped-Sunnyshop211-1.png","contentUrl":"https:\/\/www.sunnyshop211.com\/wp-content\/uploads\/2022\/08\/cropped-cropped-cropped-Sunnyshop211-1.png","width":339,"height":339,"caption":"sunnyshop211"},"image":{"@id":"https:\/\/www.sunnyshop211.com\/#\/schema\/logo\/image\/"},"sameAs":["https:\/\/www.facebook.com\/sunnyshop211\/?ref=bookmarks","https:\/\/x.com\/sunnyshop211","https:\/\/www.instagram.com\/sunnyshop211\/","https:\/\/www.tumblr.com\/blog\/sunnyshop211","https:\/\/www.youtube.com\/channel\/UCtYY18OGGDKrTSzgcf7fCBg","https:\/\/www.tiktok.com\/@sunnydollshop211?is_from_webapp=1&sender_device=pc"]}]}},"jetpack_publicize_connections":[],"jetpack_sharing_enabled":true,"_links":{"self":[{"href":"https:\/\/www.sunnyshop211.com\/en\/wp-json\/wp\/v2\/product\/55707","targetHints":{"allow":["GET"]}}],"collection":[{"href":"https:\/\/www.sunnyshop211.com\/en\/wp-json\/wp\/v2\/product"}],"about":[{"href":"https:\/\/www.sunnyshop211.com\/en\/wp-json\/wp\/v2\/types\/product"}],"replies":[{"embeddable":true,"href":"https:\/\/www.sunnyshop211.com\/en\/wp-json\/wp\/v2\/comments?post=55707"}],"version-history":[{"count":1,"href":"https:\/\/www.sunnyshop211.com\/en\/wp-json\/wp\/v2\/product\/55707\/revisions"}],"predecessor-version":[{"id":55708,"href":"https:\/\/www.sunnyshop211.com\/en\/wp-json\/wp\/v2\/product\/55707\/revisions\/55708"}],"wp:featuredmedia":[{"embeddable":true,"href":"https:\/\/www.sunnyshop211.com\/en\/wp-json\/wp\/v2\/media\/55567"}],"wp:attachment":[{"href":"https:\/\/www.sunnyshop211.com\/en\/wp-json\/wp\/v2\/media?parent=55707"}],"wp:term":[{"taxonomy":"product_brand","embeddable":true,"href":"https:\/\/www.sunnyshop211.com\/en\/wp-json\/wp\/v2\/product_brand?post=55707"},{"taxonomy":"product_cat","embeddable":true,"href":"https:\/\/www.sunnyshop211.com\/en\/wp-json\/wp\/v2\/product_cat?post=55707"},{"taxonomy":"product_tag","embeddable":true,"href":"https:\/\/www.sunnyshop211.com\/en\/wp-json\/wp\/v2\/product_tag?post=55707"}],"curies":[{"name":"wp","href":"https:\/\/api.w.org\/{rel}","templated":true}]}}