{"id":55659,"date":"2026-03-12T15:01:47","date_gmt":"2026-03-12T14:01:47","guid":{"rendered":"https:\/\/www.sunnyshop211.com\/?post_type=product&#038;p=55659"},"modified":"2026-04-07T08:31:15","modified_gmt":"2026-04-07T07:31:15","slug":"%f0%9f%90%a2-tortue-simulation-miniature-1-6-1-4-1-3","status":"publish","type":"product","link":"https:\/\/www.sunnyshop211.com\/en\/product\/%f0%9f%90%a2-tortue-simulation-miniature-1-6-1-4-1-3\/","title":{"rendered":"\ud83d\udc22 Miniature simulation turtle 1\/6 - 1\/4 - 1\/3"},"content":{"rendered":"<div id='gallery-1' class='gallery galleryid-55659 gallery-columns-3 gallery-size-thumbnail'><figure class='gallery-item'>\n\t\t\t<div class='gallery-icon landscape'>\n\t\t\t\t<a href='https:\/\/www.sunnyshop211.com\/en\/?attachment_id=55560'><img decoding=\"async\" width=\"150\" height=\"150\" src=\"https:\/\/www.sunnyshop211.com\/wp-content\/uploads\/2026\/03\/14-150x150.jpg\" class=\"attachment-thumbnail size-thumbnail\" alt=\"\ud83d\udc22 Tortue simulation miniature 1\/6 \u2022 1\/4 \u2022 1\/3\" srcset=\"https:\/\/www.sunnyshop211.com\/wp-content\/uploads\/2026\/03\/14-150x150.jpg 150w, https:\/\/www.sunnyshop211.com\/wp-content\/uploads\/2026\/03\/14-500x500.jpg 500w, https:\/\/www.sunnyshop211.com\/wp-content\/uploads\/2026\/03\/14-100x100.jpg 100w\" sizes=\"(max-width: 150px) 100vw, 150px\" \/><\/a>\n\t\t\t<\/div><\/figure>\n\t\t<\/div>\n\n<h2 data-start=\"203\" data-end=\"275\">\ud83d\udc22 Miniature simulation turtle 1\/6 - 1\/4 - 1\/3<\/h2>\n<p data-start=\"276\" data-end=\"370\"><strong data-start=\"276\" data-end=\"370\">Scales 1\/6 - 1\/4 - 1\/3 - Dolls BJD, Pullip, Barbie, Minifee, MSD, SD, Feeple, Smart Doll<\/strong><\/p>\n<p data-start=\"372\" data-end=\"422\"><strong data-start=\"372\" data-end=\"422\">Craft creation - Realistic miniature decor<\/strong><\/p>\n<hr data-start=\"424\" data-end=\"427\" \/>\n<h3 data-start=\"429\" data-end=\"447\">\ud83c\udf3f Description<\/h3>\n<p data-start=\"449\" data-end=\"716\">These <strong data-start=\"453\" data-end=\"478\">miniature turtles<\/strong> have been designed to enrich your settings with a touch of the wild and exotic.<br data-start=\"577\" data-end=\"580\" \/>Conceived as true companions, they fit perfectly into dolls' worlds, whether scenes from life, modern interiors or more atypical collections.<\/p>\n<hr data-start=\"906\" data-end=\"909\" \/>\n<h3 data-start=\"911\" data-end=\"937\">\ud83d\udccf Available sizes<\/h3>\n<p data-start=\"939\" data-end=\"1035\">Turtles are offered in <strong data-start=\"971\" data-end=\"984\">3 sizes<\/strong>, to adapt to different doll formats:<\/p>\n<p data-start=\"1037\" data-end=\"1049\">\ud83d\udc3e <strong data-start=\"1040\" data-end=\"1049\">Small<\/strong><\/p>\n<ul data-start=\"1050\" data-end=\"1114\">\n<li data-start=\"1050\" data-end=\"1114\">\n<p data-start=\"1052\" data-end=\"1114\"><strong data-start=\"1052\" data-end=\"1062\">3 cm<\/strong> long<\/p>\n<\/li>\n<li data-start=\"1050\" data-end=\"1114\">\n<p data-start=\"1052\" data-end=\"1114\"><strong data-start=\"1119\" data-end=\"1129\">or Medium<\/strong><\/p>\n<\/li>\n<\/ul>\n<ul data-start=\"1130\" data-end=\"1191\">\n<li data-start=\"1130\" data-end=\"1191\">\n<p data-start=\"1132\" data-end=\"1191\"><strong data-start=\"1132\" data-end=\"1141\">4 cm<\/strong> long<\/p>\n<\/li>\n<\/ul>\n<p data-start=\"1193\" data-end=\"1205\">\ud83d\udc3e <strong data-start=\"1196\" data-end=\"1205\">Grand<\/strong><\/p>\n<ul data-start=\"1206\" data-end=\"1268\">\n<li data-start=\"1206\" data-end=\"1268\">\n<p data-start=\"1208\" data-end=\"1268\"><strong data-start=\"1208\" data-end=\"1217\">5 cm<\/strong> long<\/p>\n<\/li>\n<\/ul>\n<hr data-start=\"1270\" data-end=\"1273\" \/>\n<p>\ud83d\udce6 Contents<\/p>\n<p data-start=\"1433\" data-end=\"1444\">\n<ul data-start=\"1497\" data-end=\"1703\">\n<li data-start=\"1497\" data-end=\"1543\">\n<p data-start=\"1499\" data-end=\"1543\"><strong data-start=\"1499\" data-end=\"1521\">1 miniature animal<\/strong><\/p>\n<\/li>\n<\/ul>\n<hr data-start=\"1705\" data-end=\"1708\" \/>\n<h3 data-start=\"1710\" data-end=\"1730\">\ud83d\udcd0 Compatibility<\/h3>\n<ul data-start=\"1732\" data-end=\"1972\">\n<li data-start=\"1732\" data-end=\"1779\">\n<p data-start=\"1734\" data-end=\"1779\">Compatible with dolls <strong data-start=\"1760\" data-end=\"1779\">1\/6, 1\/4 and 1\/3<\/strong><\/p>\n<\/li>\n<li data-start=\"1780\" data-end=\"1864\">\n<p data-start=\"1782\" data-end=\"1864\">Ideal for <strong data-start=\"1808\" data-end=\"1864\">Pullip, Barbie, Minifee, MSD, SD, Feeple, Smart Doll<\/strong><\/p>\n<\/li>\n<li data-start=\"1865\" data-end=\"1907\">\n<p data-start=\"1867\" data-end=\"1907\">Ideal for <strong data-start=\"1882\" data-end=\"1907\">staging at 1\/4<\/strong><\/p>\n<\/li>\n<li data-start=\"1908\" data-end=\"1972\">\n<p data-start=\"1910\" data-end=\"1972\">Compatible with furniture sold separately in the store<\/p>\n<\/li>\n<\/ul>\n<hr data-start=\"1974\" data-end=\"1977\" \/>\n<h3 data-start=\"1979\" data-end=\"2007\">\u2728 Craft manufacturing<\/h3>\n<p data-start=\"2009\" data-end=\"2031\">Each turtle is :<\/p>\n<ul data-start=\"2033\" data-end=\"2110\">\n<li data-start=\"2033\" data-end=\"2068\">\n<p data-start=\"2035\" data-end=\"2068\">Prepared and painted\u00a0 <strong data-start=\"2055\" data-end=\"2068\">by hand<\/strong><\/p>\n<\/li>\n<li data-start=\"2069\" data-end=\"2110\">\n<p data-start=\"2071\" data-end=\"2110\">Designed as a unique decorative piece<\/p>\n<\/li>\n<\/ul>\n<p data-start=\"2112\" data-end=\"2303\">Due to the artisanal nature of <strong data-start=\"2149\" data-end=\"2171\">slight variations<\/strong> shape, color or layout.<br data-start=\"2226\" data-end=\"2229\" \/>These details are part of the charm and authenticity of each creation.<\/p>\n<hr data-start=\"2305\" data-end=\"2308\" \/>\n<h3 data-start=\"2310\" data-end=\"2333\">\u23f3 Creation time<\/h3>\n<p data-start=\"2335\" data-end=\"2486\">\ud83d\udc3e <strong data-start=\"2338\" data-end=\"2366\">Made to order<\/strong><br data-start=\"2366\" data-end=\"2369\" \/>Please note <a href=\"https:\/\/www.sunnyshop211.com\/en\/conditions-generales-de-ventes-et-delais-de-livraisons\/\"><strong data-start=\"2395\" data-end=\"2436\">manufacturing and delivery times<\/strong>,<\/a> indicated in the general conditions of sale.<\/p>\n<hr data-start=\"2488\" data-end=\"2491\" \/>\n<h3 data-start=\"2493\" data-end=\"2523\">\ud83e\udeb4 Sets &amp; staging<\/h3>\n<p data-start=\"2525\" data-end=\"2698\">Photos are for illustrative purposes only.<br data-start=\"2570\" data-end=\"2573\" \/>Other visible furniture, accessories and decorations are not <strong data-start=\"2637\" data-end=\"2651\">not included<\/strong>, but available separately in the store.<\/p>\n<p data-start=\"2700\" data-end=\"2779\">\ud83d\udcf8 Find more photos and stagings on Instagram : <a href=\"https:\/\/www.instagram.com\/sunnyshop211\/\"><strong data-start=\"2762\" data-end=\"2779\">@sunnyshop211<\/strong><\/a><\/p>\n<hr data-start=\"2781\" data-end=\"2784\" \/>\n<h3 data-start=\"2786\" data-end=\"2816\">\u2757 Important information<\/h3>\n<ul data-start=\"2818\" data-end=\"3052\">\n<li data-start=\"2818\" data-end=\"2847\">\n<p data-start=\"2820\" data-end=\"2847\">This <strong data-start=\"2825\" data-end=\"2847\">is not a toy<\/strong><\/p>\n<\/li>\n<li data-start=\"2848\" data-end=\"2903\">\n<p data-start=\"2850\" data-end=\"2903\">Article for a <strong data-start=\"2871\" data-end=\"2903\">adult collector audience<\/strong><\/p>\n<\/li>\n<li data-start=\"2904\" data-end=\"2984\">\n<p data-start=\"2906\" data-end=\"2984\">Slight imperfections may be present due to the handcrafted nature of the work.<\/p>\n<\/li>\n<li data-start=\"2985\" data-end=\"3052\">\n<p data-start=\"2987\" data-end=\"3052\">I am not responsible for any damage during transport<\/p>\n<\/li>\n<\/ul>\n<hr data-start=\"3054\" data-end=\"3057\" \/>\n<p data-start=\"3059\" data-end=\"3204\">\ud83e\udd8b <strong data-start=\"3062\" data-end=\"3099\">A miniature turtle in its own right<\/strong>, designed to tell a story and bring your dolls' universe to life with a wild, refined touch.<\/p>\n<p>&nbsp;<\/p>","protected":false},"excerpt":{"rendered":"<p>\ud83d\udc22 Tortue simulation miniature 1\/6 \u2022 1\/4 \u2022 1\/3 \u00c9chelles 1\/6 \u2022 1\/4 \u2022 1\/3 \u2013 Dolls BJD, Pullip, Barbie, Minifee, MSD, SD, Feeple, Smart Doll Cr\u00e9ation artisanale \u2013 D\u00e9cor miniature r\u00e9aliste \ud83c\udf3f Description Ces tortues miniature ont \u00e9t\u00e9 imagin\u00e9es pour enrichir vos mises en sc\u00e8ne avec une touche de nature sauvage et d\u2019exotisme.Pens\u00e9es comme [&hellip;]<\/p>\n","protected":false},"featured_media":55560,"comment_status":"open","ping_status":"closed","template":"","meta":{"_crdt_document":"","jetpack_post_was_ever_published":false,"jetpack_publicize_message":"","jetpack_publicize_feature_enabled":true,"jetpack_social_post_already_shared":true,"jetpack_social_options":{"image_generator_settings":{"template":"highway","default_image_id":0,"font":"","enabled":false},"version":2}},"product_brand":[],"product_cat":[667686990,667687154],"product_tag":[667681136,667681234,667681226,667681233,667681225,667686288,667686289,667681241,667681242,667681261,667681232,667681173,667681237,667686286,667681235,667682553,667681629,667681260,667686287],"class_list":{"0":"post-55659","1":"product","2":"type-product","3":"status-publish","4":"has-post-thumbnail","6":"product_cat-creatures-feeriques","7":"product_cat--reptiles-nac","8":"product_tag-bjd","9":"product_tag-diorama","10":"product_tag-doll","11":"product_tag-dollhouse","12":"product_tag-furniture","13":"product_tag-gecko","14":"product_tag-iguane","15":"product_tag-iplehouse","16":"product_tag-jid","17":"product_tag-meuble","18":"product_tag-miniature","19":"product_tag-minifee","20":"product_tag-msd","21":"product_tag-mygale","22":"product_tag-roombox","23":"product_tag-serpent","24":"product_tag-terrarium","25":"product_tag-tonner","26":"product_tag-tortue","27":"product_shipping_class-colissimo-5","29":"first","30":"instock","31":"taxable","32":"shipping-taxable","33":"purchasable","34":"product-type-variable"},"yoast_head":"<!-- This site is optimized with the Yoast SEO plugin v27.4 - https:\/\/yoast.com\/product\/yoast-seo-wordpress\/ -->\n<title>\ud83d\udc22 Tortue simulation miniature 1\/6 \u2022 1\/4 \u2022 1\/3 -<\/title>\n<meta name=\"description\" content=\"\ud83d\udc22 Tortue simulation miniature 1\/6 \u2022 1\/4 \u2022 1\/3 Pullip, Barbie, minifee, MSD, SD, feeple, smart doll. Cr\u00e9ation artisanale \u2013 D\u00e9cor miniature r\u00e9aliste\" \/>\n<meta name=\"robots\" content=\"index, follow, max-snippet:-1, max-image-preview:large, max-video-preview:-1\" \/>\n<link rel=\"canonical\" href=\"https:\/\/www.sunnyshop211.com\/en\/product\/\ud83d\udc22-tortue-simulation-miniature-1-6-1-4-1-3\/\" \/>\n<meta property=\"og:locale\" content=\"en_US\" \/>\n<meta property=\"og:type\" content=\"article\" \/>\n<meta property=\"og:title\" content=\"\ud83d\udc22 Tortue simulation miniature 1\/6 \u2022 1\/4 \u2022 1\/3 -\" \/>\n<meta property=\"og:description\" content=\"\ud83d\udc22 Tortue simulation miniature 1\/6 \u2022 1\/4 \u2022 1\/3 Pullip, Barbie, minifee, MSD, SD, feeple, smart doll. Cr\u00e9ation artisanale \u2013 D\u00e9cor miniature r\u00e9aliste\" \/>\n<meta property=\"og:url\" content=\"https:\/\/www.sunnyshop211.com\/en\/product\/\ud83d\udc22-tortue-simulation-miniature-1-6-1-4-1-3\/\" \/>\n<meta property=\"og:site_name\" content=\"Sunnyshop211 -Vente de dioramas, meubles, miniatures , bjd poup\u00e9es 1\/12 1\/8 1\/6 1\/4 1\/3\" \/>\n<meta property=\"article:publisher\" content=\"https:\/\/www.facebook.com\/sunnyshop211\/?ref=bookmarks\" \/>\n<meta property=\"article:modified_time\" content=\"2026-04-07T07:31:15+00:00\" \/>\n<meta property=\"og:image\" content=\"https:\/\/www.sunnyshop211.com\/wp-content\/uploads\/2026\/03\/14-scaled.jpg\" \/>\n\t<meta property=\"og:image:width\" content=\"2560\" \/>\n\t<meta property=\"og:image:height\" content=\"1707\" \/>\n\t<meta property=\"og:image:type\" content=\"image\/jpeg\" \/>\n<meta name=\"twitter:card\" content=\"summary_large_image\" \/>\n<meta name=\"twitter:site\" content=\"@sunnyshop211\" \/>\n<meta name=\"twitter:label1\" content=\"Est. reading time\" \/>\n\t<meta name=\"twitter:data1\" content=\"2 minutes\" \/>\n<script type=\"application\/ld+json\" class=\"yoast-schema-graph\">{\"@context\":\"https:\\\/\\\/schema.org\",\"@graph\":[{\"@type\":\"WebPage\",\"@id\":\"https:\\\/\\\/www.sunnyshop211.com\\\/produit\\\/%f0%9f%90%a2-tortue-simulation-miniature-1-6-1-4-1-3\\\/\",\"url\":\"https:\\\/\\\/www.sunnyshop211.com\\\/produit\\\/%f0%9f%90%a2-tortue-simulation-miniature-1-6-1-4-1-3\\\/\",\"name\":\"\ud83d\udc22 Tortue simulation miniature 1\\\/6 \u2022 1\\\/4 \u2022 1\\\/3 -\",\"isPartOf\":{\"@id\":\"https:\\\/\\\/www.sunnyshop211.com\\\/#website\"},\"primaryImageOfPage\":{\"@id\":\"https:\\\/\\\/www.sunnyshop211.com\\\/produit\\\/%f0%9f%90%a2-tortue-simulation-miniature-1-6-1-4-1-3\\\/#primaryimage\"},\"image\":{\"@id\":\"https:\\\/\\\/www.sunnyshop211.com\\\/produit\\\/%f0%9f%90%a2-tortue-simulation-miniature-1-6-1-4-1-3\\\/#primaryimage\"},\"thumbnailUrl\":\"https:\\\/\\\/www.sunnyshop211.com\\\/wp-content\\\/uploads\\\/2026\\\/03\\\/14-scaled.jpg\",\"datePublished\":\"2026-03-12T14:01:47+00:00\",\"dateModified\":\"2026-04-07T07:31:15+00:00\",\"description\":\"\ud83d\udc22 Tortue simulation miniature 1\\\/6 \u2022 1\\\/4 \u2022 1\\\/3 Pullip, Barbie, minifee, MSD, SD, feeple, smart doll. Cr\u00e9ation artisanale \u2013 D\u00e9cor miniature r\u00e9aliste\",\"breadcrumb\":{\"@id\":\"https:\\\/\\\/www.sunnyshop211.com\\\/produit\\\/%f0%9f%90%a2-tortue-simulation-miniature-1-6-1-4-1-3\\\/#breadcrumb\"},\"inLanguage\":\"en-US\",\"potentialAction\":[{\"@type\":\"ReadAction\",\"target\":[\"https:\\\/\\\/www.sunnyshop211.com\\\/produit\\\/%f0%9f%90%a2-tortue-simulation-miniature-1-6-1-4-1-3\\\/\"]}]},{\"@type\":\"ImageObject\",\"inLanguage\":\"en-US\",\"@id\":\"https:\\\/\\\/www.sunnyshop211.com\\\/produit\\\/%f0%9f%90%a2-tortue-simulation-miniature-1-6-1-4-1-3\\\/#primaryimage\",\"url\":\"https:\\\/\\\/www.sunnyshop211.com\\\/wp-content\\\/uploads\\\/2026\\\/03\\\/14-scaled.jpg\",\"contentUrl\":\"https:\\\/\\\/www.sunnyshop211.com\\\/wp-content\\\/uploads\\\/2026\\\/03\\\/14-scaled.jpg\",\"width\":2560,\"height\":1707,\"caption\":\"\ud83d\udc22 Tortue simulation miniature 1\\\/6 \u2022 1\\\/4 \u2022 1\\\/3\"},{\"@type\":\"BreadcrumbList\",\"@id\":\"https:\\\/\\\/www.sunnyshop211.com\\\/produit\\\/%f0%9f%90%a2-tortue-simulation-miniature-1-6-1-4-1-3\\\/#breadcrumb\",\"itemListElement\":[{\"@type\":\"ListItem\",\"position\":1,\"name\":\"Accueil\",\"item\":\"https:\\\/\\\/www.sunnyshop211.com\\\/\"},{\"@type\":\"ListItem\",\"position\":2,\"name\":\"Boutique\",\"item\":\"https:\\\/\\\/www.sunnyshop211.com\\\/boutique-miniature-bjd-dolls\\\/\"},{\"@type\":\"ListItem\",\"position\":3,\"name\":\"\ud83d\udc22 Tortue simulation miniature 1\\\/6 \u2022 1\\\/4 \u2022 1\\\/3\"}]},{\"@type\":\"WebSite\",\"@id\":\"https:\\\/\\\/www.sunnyshop211.com\\\/#website\",\"url\":\"https:\\\/\\\/www.sunnyshop211.com\\\/\",\"name\":\"Vente de dioramas, meubles, miniatures , bjd poup\u00e9es 1\\\/12 1\\\/8 1\\\/6 1\\\/4 1\\\/3\",\"description\":\"Sunnyshop211 - Votre univers miniature pour poup\u00e9es et BJD, dioramas et meubles sur mesure !\",\"publisher\":{\"@id\":\"https:\\\/\\\/www.sunnyshop211.com\\\/#organization\"},\"alternateName\":\"sunnyshop211\",\"potentialAction\":[{\"@type\":\"SearchAction\",\"target\":{\"@type\":\"EntryPoint\",\"urlTemplate\":\"https:\\\/\\\/www.sunnyshop211.com\\\/?s={search_term_string}\"},\"query-input\":{\"@type\":\"PropertyValueSpecification\",\"valueRequired\":true,\"valueName\":\"search_term_string\"}}],\"inLanguage\":\"en-US\"},{\"@type\":\"Organization\",\"@id\":\"https:\\\/\\\/www.sunnyshop211.com\\\/#organization\",\"name\":\"sunnyshop211\",\"alternateName\":\"sunnyshop211 diorama bjd meuble miniature\",\"url\":\"https:\\\/\\\/www.sunnyshop211.com\\\/\",\"logo\":{\"@type\":\"ImageObject\",\"inLanguage\":\"en-US\",\"@id\":\"https:\\\/\\\/www.sunnyshop211.com\\\/#\\\/schema\\\/logo\\\/image\\\/\",\"url\":\"https:\\\/\\\/www.sunnyshop211.com\\\/wp-content\\\/uploads\\\/2022\\\/08\\\/cropped-cropped-cropped-Sunnyshop211-1.png\",\"contentUrl\":\"https:\\\/\\\/www.sunnyshop211.com\\\/wp-content\\\/uploads\\\/2022\\\/08\\\/cropped-cropped-cropped-Sunnyshop211-1.png\",\"width\":339,\"height\":339,\"caption\":\"sunnyshop211\"},\"image\":{\"@id\":\"https:\\\/\\\/www.sunnyshop211.com\\\/#\\\/schema\\\/logo\\\/image\\\/\"},\"sameAs\":[\"https:\\\/\\\/www.facebook.com\\\/sunnyshop211\\\/?ref=bookmarks\",\"https:\\\/\\\/x.com\\\/sunnyshop211\",\"https:\\\/\\\/www.instagram.com\\\/sunnyshop211\\\/\",\"https:\\\/\\\/www.tumblr.com\\\/blog\\\/sunnyshop211\",\"https:\\\/\\\/www.youtube.com\\\/channel\\\/UCtYY18OGGDKrTSzgcf7fCBg\",\"https:\\\/\\\/www.tiktok.com\\\/@sunnydollshop211?is_from_webapp=1&sender_device=pc\"]}]}<\/script>\n<!-- \/ Yoast SEO plugin. -->","yoast_head_json":{"title":"\ud83d\udc22 Miniature simulation turtle 1\/6 - 1\/4 - 1\/3 -","description":"\ud83d\udc22 Miniature simulation turtle 1\/6 - 1\/4 - 1\/3 Pullip, Barbie, minifee, MSD, SD, feeple, smart doll. Handcrafted creation - Realistic miniature decor","robots":{"index":"index","follow":"follow","max-snippet":"max-snippet:-1","max-image-preview":"max-image-preview:large","max-video-preview":"max-video-preview:-1"},"canonical":"https:\/\/www.sunnyshop211.com\/en\/product\/\ud83d\udc22-tortue-simulation-miniature-1-6-1-4-1-3\/","og_locale":"en_US","og_type":"article","og_title":"\ud83d\udc22 Tortue simulation miniature 1\/6 \u2022 1\/4 \u2022 1\/3 -","og_description":"\ud83d\udc22 Tortue simulation miniature 1\/6 \u2022 1\/4 \u2022 1\/3 Pullip, Barbie, minifee, MSD, SD, feeple, smart doll. Cr\u00e9ation artisanale \u2013 D\u00e9cor miniature r\u00e9aliste","og_url":"https:\/\/www.sunnyshop211.com\/en\/product\/\ud83d\udc22-tortue-simulation-miniature-1-6-1-4-1-3\/","og_site_name":"Sunnyshop211 -Vente de dioramas, meubles, miniatures , bjd poup\u00e9es 1\/12 1\/8 1\/6 1\/4 1\/3","article_publisher":"https:\/\/www.facebook.com\/sunnyshop211\/?ref=bookmarks","article_modified_time":"2026-04-07T07:31:15+00:00","og_image":[{"width":2560,"height":1707,"url":"https:\/\/www.sunnyshop211.com\/wp-content\/uploads\/2026\/03\/14-scaled.jpg","type":"image\/jpeg"}],"twitter_card":"summary_large_image","twitter_site":"@sunnyshop211","twitter_misc":{"Est. reading time":"2 minutes"},"schema":{"@context":"https:\/\/schema.org","@graph":[{"@type":"WebPage","@id":"https:\/\/www.sunnyshop211.com\/produit\/%f0%9f%90%a2-tortue-simulation-miniature-1-6-1-4-1-3\/","url":"https:\/\/www.sunnyshop211.com\/produit\/%f0%9f%90%a2-tortue-simulation-miniature-1-6-1-4-1-3\/","name":"\ud83d\udc22 Miniature simulation turtle 1\/6 - 1\/4 - 1\/3 -","isPartOf":{"@id":"https:\/\/www.sunnyshop211.com\/#website"},"primaryImageOfPage":{"@id":"https:\/\/www.sunnyshop211.com\/produit\/%f0%9f%90%a2-tortue-simulation-miniature-1-6-1-4-1-3\/#primaryimage"},"image":{"@id":"https:\/\/www.sunnyshop211.com\/produit\/%f0%9f%90%a2-tortue-simulation-miniature-1-6-1-4-1-3\/#primaryimage"},"thumbnailUrl":"https:\/\/www.sunnyshop211.com\/wp-content\/uploads\/2026\/03\/14-scaled.jpg","datePublished":"2026-03-12T14:01:47+00:00","dateModified":"2026-04-07T07:31:15+00:00","description":"\ud83d\udc22 Miniature simulation turtle 1\/6 - 1\/4 - 1\/3 Pullip, Barbie, minifee, MSD, SD, feeple, smart doll. Handcrafted creation - Realistic miniature decor","breadcrumb":{"@id":"https:\/\/www.sunnyshop211.com\/produit\/%f0%9f%90%a2-tortue-simulation-miniature-1-6-1-4-1-3\/#breadcrumb"},"inLanguage":"en-US","potentialAction":[{"@type":"ReadAction","target":["https:\/\/www.sunnyshop211.com\/produit\/%f0%9f%90%a2-tortue-simulation-miniature-1-6-1-4-1-3\/"]}]},{"@type":"ImageObject","inLanguage":"en-US","@id":"https:\/\/www.sunnyshop211.com\/produit\/%f0%9f%90%a2-tortue-simulation-miniature-1-6-1-4-1-3\/#primaryimage","url":"https:\/\/www.sunnyshop211.com\/wp-content\/uploads\/2026\/03\/14-scaled.jpg","contentUrl":"https:\/\/www.sunnyshop211.com\/wp-content\/uploads\/2026\/03\/14-scaled.jpg","width":2560,"height":1707,"caption":"\ud83d\udc22 Tortue simulation miniature 1\/6 \u2022 1\/4 \u2022 1\/3"},{"@type":"BreadcrumbList","@id":"https:\/\/www.sunnyshop211.com\/produit\/%f0%9f%90%a2-tortue-simulation-miniature-1-6-1-4-1-3\/#breadcrumb","itemListElement":[{"@type":"ListItem","position":1,"name":"Accueil","item":"https:\/\/www.sunnyshop211.com\/"},{"@type":"ListItem","position":2,"name":"Boutique","item":"https:\/\/www.sunnyshop211.com\/boutique-miniature-bjd-dolls\/"},{"@type":"ListItem","position":3,"name":"\ud83d\udc22 Tortue simulation miniature 1\/6 \u2022 1\/4 \u2022 1\/3"}]},{"@type":"WebSite","@id":"https:\/\/www.sunnyshop211.com\/#website","url":"https:\/\/www.sunnyshop211.com\/","name":"Sale of dioramas, furniture, miniatures, bjd dolls 1\/12 1\/8 1\/6 1\/4 1\/3","description":"Sunnyshop211 - Your miniature world for dolls and BJDs, dioramas and custom-made furniture!","publisher":{"@id":"https:\/\/www.sunnyshop211.com\/#organization"},"alternateName":"sunnyshop211","potentialAction":[{"@type":"SearchAction","target":{"@type":"EntryPoint","urlTemplate":"https:\/\/www.sunnyshop211.com\/?s={search_term_string}"},"query-input":{"@type":"PropertyValueSpecification","valueRequired":true,"valueName":"search_term_string"}}],"inLanguage":"en-US"},{"@type":"Organization","@id":"https:\/\/www.sunnyshop211.com\/#organization","name":"sunnyshop211","alternateName":"sunnyshop211 diorama bjd meuble miniature","url":"https:\/\/www.sunnyshop211.com\/","logo":{"@type":"ImageObject","inLanguage":"en-US","@id":"https:\/\/www.sunnyshop211.com\/#\/schema\/logo\/image\/","url":"https:\/\/www.sunnyshop211.com\/wp-content\/uploads\/2022\/08\/cropped-cropped-cropped-Sunnyshop211-1.png","contentUrl":"https:\/\/www.sunnyshop211.com\/wp-content\/uploads\/2022\/08\/cropped-cropped-cropped-Sunnyshop211-1.png","width":339,"height":339,"caption":"sunnyshop211"},"image":{"@id":"https:\/\/www.sunnyshop211.com\/#\/schema\/logo\/image\/"},"sameAs":["https:\/\/www.facebook.com\/sunnyshop211\/?ref=bookmarks","https:\/\/x.com\/sunnyshop211","https:\/\/www.instagram.com\/sunnyshop211\/","https:\/\/www.tumblr.com\/blog\/sunnyshop211","https:\/\/www.youtube.com\/channel\/UCtYY18OGGDKrTSzgcf7fCBg","https:\/\/www.tiktok.com\/@sunnydollshop211?is_from_webapp=1&sender_device=pc"]}]}},"jetpack_publicize_connections":[],"jetpack_sharing_enabled":true,"_links":{"self":[{"href":"https:\/\/www.sunnyshop211.com\/en\/wp-json\/wp\/v2\/product\/55659","targetHints":{"allow":["GET"]}}],"collection":[{"href":"https:\/\/www.sunnyshop211.com\/en\/wp-json\/wp\/v2\/product"}],"about":[{"href":"https:\/\/www.sunnyshop211.com\/en\/wp-json\/wp\/v2\/types\/product"}],"replies":[{"embeddable":true,"href":"https:\/\/www.sunnyshop211.com\/en\/wp-json\/wp\/v2\/comments?post=55659"}],"version-history":[{"count":2,"href":"https:\/\/www.sunnyshop211.com\/en\/wp-json\/wp\/v2\/product\/55659\/revisions"}],"predecessor-version":[{"id":55686,"href":"https:\/\/www.sunnyshop211.com\/en\/wp-json\/wp\/v2\/product\/55659\/revisions\/55686"}],"wp:featuredmedia":[{"embeddable":true,"href":"https:\/\/www.sunnyshop211.com\/en\/wp-json\/wp\/v2\/media\/55560"}],"wp:attachment":[{"href":"https:\/\/www.sunnyshop211.com\/en\/wp-json\/wp\/v2\/media?parent=55659"}],"wp:term":[{"taxonomy":"product_brand","embeddable":true,"href":"https:\/\/www.sunnyshop211.com\/en\/wp-json\/wp\/v2\/product_brand?post=55659"},{"taxonomy":"product_cat","embeddable":true,"href":"https:\/\/www.sunnyshop211.com\/en\/wp-json\/wp\/v2\/product_cat?post=55659"},{"taxonomy":"product_tag","embeddable":true,"href":"https:\/\/www.sunnyshop211.com\/en\/wp-json\/wp\/v2\/product_tag?post=55659"}],"curies":[{"name":"wp","href":"https:\/\/api.w.org\/{rel}","templated":true}]}}