{"id":55367,"date":"2026-02-22T15:47:36","date_gmt":"2026-02-22T14:47:36","guid":{"rendered":"https:\/\/www.sunnyshop211.com\/?post_type=product&#038;p=55367"},"modified":"2026-02-22T15:53:01","modified_gmt":"2026-02-22T14:53:01","slug":"lit-baroque-miniature-1-4","status":"publish","type":"product","link":"https:\/\/www.sunnyshop211.com\/en\/product\/lit-baroque-miniature-1-4\/","title":{"rendered":"Baroque miniature bed 1\/4"},"content":{"rendered":"<div id='gallery-1' class='gallery galleryid-55367 gallery-columns-3 gallery-size-thumbnail'><figure class='gallery-item'>\n\t\t\t<div class='gallery-icon landscape'>\n\t\t\t\t<a href='https:\/\/www.sunnyshop211.com\/en\/?attachment_id=55333'><img decoding=\"async\" width=\"150\" height=\"150\" src=\"https:\/\/www.sunnyshop211.com\/wp-content\/uploads\/2026\/02\/15-1-150x150.jpg\" class=\"attachment-thumbnail size-thumbnail\" alt=\"Lit baroque miniature 1\/4 \u2013 T\u00eate de lit amovible, BJD, Minifee, Unoa\" srcset=\"https:\/\/www.sunnyshop211.com\/wp-content\/uploads\/2026\/02\/15-1-150x150.jpg 150w, https:\/\/www.sunnyshop211.com\/wp-content\/uploads\/2026\/02\/15-1-500x500.jpg 500w, https:\/\/www.sunnyshop211.com\/wp-content\/uploads\/2026\/02\/15-1-100x100.jpg 100w\" sizes=\"(max-width: 150px) 100vw, 150px\" \/><\/a>\n\t\t\t<\/div><\/figure><figure class='gallery-item'>\n\t\t\t<div class='gallery-icon portrait'>\n\t\t\t\t<a href='https:\/\/www.sunnyshop211.com\/en\/?attachment_id=55340'><img decoding=\"async\" width=\"150\" height=\"150\" src=\"https:\/\/www.sunnyshop211.com\/wp-content\/uploads\/2026\/02\/22-1-150x150.jpg\" class=\"attachment-thumbnail size-thumbnail\" alt=\"Lit baroque miniature 1\/4 \u2013 T\u00eate de lit amovible, BJD, Minifee, Unoa\" srcset=\"https:\/\/www.sunnyshop211.com\/wp-content\/uploads\/2026\/02\/22-1-150x150.jpg 150w, https:\/\/www.sunnyshop211.com\/wp-content\/uploads\/2026\/02\/22-1-500x500.jpg 500w, https:\/\/www.sunnyshop211.com\/wp-content\/uploads\/2026\/02\/22-1-100x100.jpg 100w\" sizes=\"(max-width: 150px) 100vw, 150px\" \/><\/a>\n\t\t\t<\/div><\/figure><figure class='gallery-item'>\n\t\t\t<div class='gallery-icon landscape'>\n\t\t\t\t<a href='https:\/\/www.sunnyshop211.com\/en\/?attachment_id=55341'><img decoding=\"async\" width=\"150\" height=\"150\" src=\"https:\/\/www.sunnyshop211.com\/wp-content\/uploads\/2026\/02\/23-150x150.jpg\" class=\"attachment-thumbnail size-thumbnail\" alt=\"\" srcset=\"https:\/\/www.sunnyshop211.com\/wp-content\/uploads\/2026\/02\/23-150x150.jpg 150w, https:\/\/www.sunnyshop211.com\/wp-content\/uploads\/2026\/02\/23-500x500.jpg 500w, https:\/\/www.sunnyshop211.com\/wp-content\/uploads\/2026\/02\/23-100x100.jpg 100w\" sizes=\"(max-width: 150px) 100vw, 150px\" \/><\/a>\n\t\t\t<\/div><\/figure>\n\t\t<\/div>\n\n<h1 data-section-id=\"152d0v1\" data-start=\"168\" data-end=\"238\">Miniature baroque bed 1\/4 - Removable headboard, BJD, Minifee, Unoa<\/h1>\n<p data-start=\"240\" data-end=\"355\">This miniature 1\/4 baroque bed is an ideal centerpiece for an aristocratic, gothic or romantic bedroom.<\/p>\n<p data-start=\"357\" data-end=\"525\">Its richly embellished headboard brings a strong presence to your d\u00e9cor, while the upholstered center section in black suede creates an elegant, deep contrast.<\/p>\n<p data-start=\"527\" data-end=\"621\">The headboard is <strong data-start=\"546\" data-end=\"558\">removable<\/strong> and can be mounted directly on the wall for staging.<\/p>\n<p data-start=\"623\" data-end=\"641\">\u2501\u2501\u2501\u2501\u2501\u2501\u2501\u2501\u2501\u2501\u2501\u2501\u2501\u2501\u2501\u2501\u2501\u2501<\/p>\n<p data-start=\"643\" data-end=\"667\">\u2728 <strong data-start=\"645\" data-end=\"667\">Product details<\/strong><\/p>\n<p data-start=\"669\" data-end=\"708\">Type: miniature 2-seater baroque bed<\/p>\n<p data-start=\"710\" data-end=\"905\">Headboard :<br data-start=\"723\" data-end=\"726\" \/>- Rigid upper section with baroque scrolls in relief<br data-start=\"784\" data-end=\"787\" \/>- Padded center section in black suede<br data-start=\"832\" data-end=\"835\" \/>- Black frame with choice of brush finish :<br data-start=\"878\" data-end=\"881\" \/>- Dor\u00e9<br data-start=\"889\" data-end=\"892\" \/>- Silver<\/p>\n<p data-start=\"907\" data-end=\"958\">Removable headboard - can be hung on the wall<\/p>\n<p data-start=\"960\" data-end=\"1022\">Sold :<br data-start=\"967\" data-end=\"970\" \/>- Headboard alone<br data-start=\"989\" data-end=\"992\" \/>or<br data-start=\"994\" data-end=\"997\" \/>- Complete bed with base<\/p>\n<p data-start=\"1024\" data-end=\"1063\">(Dolls, cushions and decor not included)<\/p>\n<p data-start=\"1065\" data-end=\"1083\">\u2501\u2501\u2501\u2501\u2501\u2501\u2501\u2501\u2501\u2501\u2501\u2501\u2501\u2501\u2501\u2501\u2501\u2501<\/p>\n<p data-start=\"1085\" data-end=\"1112\">\ud83d\udccf <strong data-start=\"1088\" data-end=\"1112\">Dimensions &amp; scale<\/strong><\/p>\n<p data-start=\"1114\" data-end=\"1183\">Bed dimensions (base) :<br data-start=\"1140\" data-end=\"1143\" \/>- Width: 24 cm<br data-start=\"1160\" data-end=\"1163\" \/>- Length: 40 cm<\/p>\n<p data-start=\"1185\" data-end=\"1256\">Headboard dimensions :<br data-start=\"1215\" data-end=\"1218\" \/>- 13 cm high<br data-start=\"1233\" data-end=\"1236\" \/>- 25.5 cm wide<\/p>\n<p data-start=\"1258\" data-end=\"1297\">Compatible scale :<br data-start=\"1278\" data-end=\"1281\" \/>1\/4 only<\/p>\n<p data-start=\"1299\" data-end=\"1398\">Suitable for dolls :<br data-start=\"1331\" data-end=\"1334\" \/>Minifee<br data-start=\"1341\" data-end=\"1344\" \/>Unoa<br data-start=\"1348\" data-end=\"1351\" \/>BJD 1\/4<br data-start=\"1358\" data-end=\"1361\" \/>and other dolls of equivalent size<\/p>\n<p data-start=\"1400\" data-end=\"1418\">\u2501\u2501\u2501\u2501\u2501\u2501\u2501\u2501\u2501\u2501\u2501\u2501\u2501\u2501\u2501\u2501\u2501\u2501<\/p>\n<h3 data-start=\"1420\" data-end=\"1456\">\ud83c\udfad <strong data-start=\"1423\" data-end=\"1456\">Staging &amp; compatibility<\/strong><\/h3>\n<p data-start=\"1458\" data-end=\"1588\">Perfect for :<br data-start=\"1472\" data-end=\"1475\" \/>- baroque rooms<br data-start=\"1494\" data-end=\"1497\" \/>- gothic worlds<br data-start=\"1516\" data-end=\"1519\" \/>- aristocratic decor<br data-start=\"1543\" data-end=\"1546\" \/>- romantic scenes or House of Shadows<\/p>\n<p data-start=\"1590\" data-end=\"1680\">Compatible with sunnyshop211 nightstands, mirrors and chandeliers sold separately.<\/p>\n<p data-start=\"1682\" data-end=\"1713\">It's up to you to create your own universe \u2728<\/p>\n<p data-start=\"1715\" data-end=\"1733\">\u2501\u2501\u2501\u2501\u2501\u2501\u2501\u2501\u2501\u2501\u2501\u2501\u2501\u2501\u2501\u2501\u2501\u2501<\/p>\n<p data-start=\"1735\" data-end=\"1765\">\ud83d\udee0\ufe0f <strong data-start=\"1739\" data-end=\"1765\">Handcrafted products<\/strong><\/p>\n<p data-start=\"1767\" data-end=\"1788\">Made to order.<\/p>\n<p data-start=\"1790\" data-end=\"1957\">Each piece is hand-painted and hand-worked.<br data-start=\"1838\" data-end=\"1841\" \/>Slight variations or imperfections may appear, reflecting the handcrafted nature of the creation.<\/p>\n<p data-start=\"1959\" data-end=\"1977\">\u2501\u2501\u2501\u2501\u2501\u2501\u2501\u2501\u2501\u2501\u2501\u2501\u2501\u2501\u2501\u2501\u2501\u2501<\/p>\n<p data-start=\"1979\" data-end=\"2010\">\ud83d\udce6 <strong data-start=\"1982\" data-end=\"2010\">Important information<\/strong><\/p>\n<p data-start=\"2012\" data-end=\"2088\">Collector's item - adults only<br data-start=\"2060\" data-end=\"2063\" \/>This is not a toy<\/p>\n<p data-start=\"2090\" data-end=\"2167\">Please take into account the manufacturing and delivery times (see <a href=\"https:\/\/www.sunnyshop211.com\/en\/conditions-generales-de-ventes-et-delais-de-livraisons\/\">GTC<\/a>).<\/p>\n<p data-start=\"2169\" data-end=\"2270\">The photos are examples of staging.<br data-start=\"2215\" data-end=\"2218\" \/>Other visible components are sold separately.<\/p>\n<p data-start=\"2272\" data-end=\"2290\">\u2501\u2501\u2501\u2501\u2501\u2501\u2501\u2501\u2501\u2501\u2501\u2501\u2501\u2501\u2501\u2501\u2501\u2501<\/p>\n<p data-start=\"2292\" data-end=\"2308\">\ud83d\ude9a <strong data-start=\"2295\" data-end=\"2308\">Transport<\/strong><\/p>\n<p data-start=\"2310\" data-end=\"2376\">I am not responsible for any damage in transit.<\/p>\n<p data-start=\"2378\" data-end=\"2396\">\u2501\u2501\u2501\u2501\u2501\u2501\u2501\u2501\u2501\u2501\u2501\u2501\u2501\u2501\u2501\u2501\u2501\u2501<\/p>\n<p data-start=\"2398\" data-end=\"2480\">\ud83d\udcf8 <strong data-start=\"2401\" data-end=\"2435\">More photos and inspiration<\/strong><br data-start=\"2435\" data-end=\"2438\" \/>\ud83d\udc49 <a class=\"decorated-link\" href=\"https:\/\/www.instagram.com\/sunnyshop211\/\" target=\"_new\" rel=\"noopener\" data-start=\"2441\" data-end=\"2480\">https:\/\/www.instagram.com\/sunnyshop211\/<\/a><\/p>\n<p>&nbsp;<\/p>","protected":false},"excerpt":{"rendered":"<p>Lit baroque miniature 1\/4 \u2013 T\u00eate de lit amovible, BJD, Minifee, Unoa Ce lit baroque miniature 1\/4 est une pi\u00e8ce centrale id\u00e9ale pour une chambre aristocratique, gothique ou romantique. Sa t\u00eate de lit richement orn\u00e9e apporte une pr\u00e9sence forte \u00e0 votre d\u00e9cor, tandis que la partie centrale rembourr\u00e9e en su\u00e9dine noire cr\u00e9e un contraste \u00e9l\u00e9gant [&hellip;]<\/p>\n","protected":false},"featured_media":55333,"comment_status":"open","ping_status":"closed","template":"","meta":{"_crdt_document":"","jetpack_post_was_ever_published":false,"jetpack_publicize_message":"","jetpack_publicize_feature_enabled":true,"jetpack_social_post_already_shared":true,"jetpack_social_options":{"image_generator_settings":{"template":"highway","default_image_id":0,"font":"","enabled":false},"version":2}},"product_brand":[],"product_cat":[667687101],"product_tag":[667681278,667681143,667681136,667681284,667681649,667681142,667681234,667681226,667681233,667681272,667681348,667681621,667681225,667681241,667681242,667681426,667681359,667681236,667681261,667681281,667681232,667681173,667681647,667681630,667681648,667681277,667681235,667681629,667681260,667681620],"class_list":{"0":"post-55367","1":"product","2":"type-product","3":"status-publish","4":"has-post-thumbnail","6":"product_cat-meubles-gothiques","7":"product_tag-barbie","8":"product_tag-bedroom","9":"product_tag-bjd","10":"product_tag-blythe","11":"product_tag-butterfly","12":"product_tag-chambre","13":"product_tag-diorama","14":"product_tag-doll","15":"product_tag-dollhouse","16":"product_tag-elowynn-wilde","17":"product_tag-fashion-royalty","18":"product_tag-flower","19":"product_tag-furniture","20":"product_tag-iplehouse","21":"product_tag-jid","22":"product_tag-littlefee","23":"product_tag-living-room","24":"product_tag-maison-de-poupee","25":"product_tag-meuble","26":"product_tag-meubles","27":"product_tag-miniature","28":"product_tag-minifee","29":"product_tag-nature-mort","30":"product_tag-nature-morte","31":"product_tag-papillon","32":"product_tag-pullip","33":"product_tag-roombox","34":"product_tag-terrarium","35":"product_tag-tonner","36":"product_tag-vase","37":"product_shipping_class-colissimo-6","38":"pa_couleur-argent-silver","39":"pa_couleur-dore-golden","41":"first","42":"instock","43":"taxable","44":"shipping-taxable","45":"purchasable","46":"product-type-variable"},"yoast_head":"<!-- This site is optimized with the Yoast SEO plugin v27.4 - https:\/\/yoast.com\/product\/yoast-seo-wordpress\/ -->\n<title>Lit baroque miniature 1\/4 -<\/title>\n<meta name=\"description\" content=\"Lit baroque miniature 1\/4 \u2013 T\u00eate de lit amovible, BJD, Minifee, Unoa. Ce lit est une pi\u00e8ce id\u00e9ale pour une chambre aristocratique, gothique ou romantique.\" \/>\n<meta name=\"robots\" content=\"index, follow, max-snippet:-1, max-image-preview:large, max-video-preview:-1\" \/>\n<link rel=\"canonical\" href=\"https:\/\/www.sunnyshop211.com\/en\/product\/lit-baroque-miniature-1-4\/\" \/>\n<meta property=\"og:locale\" content=\"en_US\" \/>\n<meta property=\"og:type\" content=\"article\" \/>\n<meta property=\"og:title\" content=\"Lit baroque miniature 1\/4 -\" \/>\n<meta property=\"og:description\" content=\"Miroir baroque simulation miniature 1\/6, 1\/4 Barbie, pullip, fashion royalty, bjd, minifee, unoa ou autres de m\u00eame tailles.\" \/>\n<meta property=\"og:url\" content=\"https:\/\/www.sunnyshop211.com\/en\/product\/lit-baroque-miniature-1-4\/\" \/>\n<meta property=\"og:site_name\" content=\"Sunnyshop211 -Vente de dioramas, meubles, miniatures , bjd poup\u00e9es 1\/12 1\/8 1\/6 1\/4 1\/3\" \/>\n<meta property=\"article:publisher\" content=\"https:\/\/www.facebook.com\/sunnyshop211\/?ref=bookmarks\" \/>\n<meta property=\"article:modified_time\" content=\"2026-02-22T14:53:01+00:00\" \/>\n<meta property=\"og:image\" content=\"https:\/\/www.sunnyshop211.com\/wp-content\/uploads\/2026\/02\/15-1-scaled.jpg\" \/>\n\t<meta property=\"og:image:width\" content=\"2560\" \/>\n\t<meta property=\"og:image:height\" content=\"1707\" \/>\n\t<meta property=\"og:image:type\" content=\"image\/jpeg\" \/>\n<meta name=\"twitter:card\" content=\"summary_large_image\" \/>\n<meta name=\"twitter:site\" content=\"@sunnyshop211\" \/>\n<meta name=\"twitter:label1\" content=\"Est. reading time\" \/>\n\t<meta name=\"twitter:data1\" content=\"2 minutes\" \/>\n<script type=\"application\/ld+json\" class=\"yoast-schema-graph\">{\"@context\":\"https:\\\/\\\/schema.org\",\"@graph\":[{\"@type\":\"WebPage\",\"@id\":\"https:\\\/\\\/www.sunnyshop211.com\\\/produit\\\/lit-baroque-miniature-1-4\\\/\",\"url\":\"https:\\\/\\\/www.sunnyshop211.com\\\/produit\\\/lit-baroque-miniature-1-4\\\/\",\"name\":\"Lit baroque miniature 1\\\/4 -\",\"isPartOf\":{\"@id\":\"https:\\\/\\\/www.sunnyshop211.com\\\/#website\"},\"primaryImageOfPage\":{\"@id\":\"https:\\\/\\\/www.sunnyshop211.com\\\/produit\\\/lit-baroque-miniature-1-4\\\/#primaryimage\"},\"image\":{\"@id\":\"https:\\\/\\\/www.sunnyshop211.com\\\/produit\\\/lit-baroque-miniature-1-4\\\/#primaryimage\"},\"thumbnailUrl\":\"https:\\\/\\\/www.sunnyshop211.com\\\/wp-content\\\/uploads\\\/2026\\\/02\\\/15-1-scaled.jpg\",\"datePublished\":\"2026-02-22T14:47:36+00:00\",\"dateModified\":\"2026-02-22T14:53:01+00:00\",\"description\":\"Lit baroque miniature 1\\\/4 \u2013 T\u00eate de lit amovible, BJD, Minifee, Unoa. Ce lit est une pi\u00e8ce id\u00e9ale pour une chambre aristocratique, gothique ou romantique.\",\"breadcrumb\":{\"@id\":\"https:\\\/\\\/www.sunnyshop211.com\\\/produit\\\/lit-baroque-miniature-1-4\\\/#breadcrumb\"},\"inLanguage\":\"en-US\",\"potentialAction\":[{\"@type\":\"ReadAction\",\"target\":[\"https:\\\/\\\/www.sunnyshop211.com\\\/produit\\\/lit-baroque-miniature-1-4\\\/\"]}]},{\"@type\":\"ImageObject\",\"inLanguage\":\"en-US\",\"@id\":\"https:\\\/\\\/www.sunnyshop211.com\\\/produit\\\/lit-baroque-miniature-1-4\\\/#primaryimage\",\"url\":\"https:\\\/\\\/www.sunnyshop211.com\\\/wp-content\\\/uploads\\\/2026\\\/02\\\/15-1-scaled.jpg\",\"contentUrl\":\"https:\\\/\\\/www.sunnyshop211.com\\\/wp-content\\\/uploads\\\/2026\\\/02\\\/15-1-scaled.jpg\",\"width\":2560,\"height\":1707,\"caption\":\"Lit baroque miniature 1\\\/4 \u2013 T\u00eate de lit amovible, BJD, Minifee, Unoa\"},{\"@type\":\"BreadcrumbList\",\"@id\":\"https:\\\/\\\/www.sunnyshop211.com\\\/produit\\\/lit-baroque-miniature-1-4\\\/#breadcrumb\",\"itemListElement\":[{\"@type\":\"ListItem\",\"position\":1,\"name\":\"Accueil\",\"item\":\"https:\\\/\\\/www.sunnyshop211.com\\\/\"},{\"@type\":\"ListItem\",\"position\":2,\"name\":\"Boutique\",\"item\":\"https:\\\/\\\/www.sunnyshop211.com\\\/boutique-miniature-bjd-dolls\\\/\"},{\"@type\":\"ListItem\",\"position\":3,\"name\":\"Lit baroque miniature 1\\\/4\"}]},{\"@type\":\"WebSite\",\"@id\":\"https:\\\/\\\/www.sunnyshop211.com\\\/#website\",\"url\":\"https:\\\/\\\/www.sunnyshop211.com\\\/\",\"name\":\"Vente de dioramas, meubles, miniatures , bjd poup\u00e9es 1\\\/12 1\\\/8 1\\\/6 1\\\/4 1\\\/3\",\"description\":\"Sunnyshop211 - Votre univers miniature pour poup\u00e9es et BJD, dioramas et meubles sur mesure !\",\"publisher\":{\"@id\":\"https:\\\/\\\/www.sunnyshop211.com\\\/#organization\"},\"alternateName\":\"sunnyshop211\",\"potentialAction\":[{\"@type\":\"SearchAction\",\"target\":{\"@type\":\"EntryPoint\",\"urlTemplate\":\"https:\\\/\\\/www.sunnyshop211.com\\\/?s={search_term_string}\"},\"query-input\":{\"@type\":\"PropertyValueSpecification\",\"valueRequired\":true,\"valueName\":\"search_term_string\"}}],\"inLanguage\":\"en-US\"},{\"@type\":\"Organization\",\"@id\":\"https:\\\/\\\/www.sunnyshop211.com\\\/#organization\",\"name\":\"sunnyshop211\",\"alternateName\":\"sunnyshop211 diorama bjd meuble miniature\",\"url\":\"https:\\\/\\\/www.sunnyshop211.com\\\/\",\"logo\":{\"@type\":\"ImageObject\",\"inLanguage\":\"en-US\",\"@id\":\"https:\\\/\\\/www.sunnyshop211.com\\\/#\\\/schema\\\/logo\\\/image\\\/\",\"url\":\"https:\\\/\\\/www.sunnyshop211.com\\\/wp-content\\\/uploads\\\/2022\\\/08\\\/cropped-cropped-cropped-Sunnyshop211-1.png\",\"contentUrl\":\"https:\\\/\\\/www.sunnyshop211.com\\\/wp-content\\\/uploads\\\/2022\\\/08\\\/cropped-cropped-cropped-Sunnyshop211-1.png\",\"width\":339,\"height\":339,\"caption\":\"sunnyshop211\"},\"image\":{\"@id\":\"https:\\\/\\\/www.sunnyshop211.com\\\/#\\\/schema\\\/logo\\\/image\\\/\"},\"sameAs\":[\"https:\\\/\\\/www.facebook.com\\\/sunnyshop211\\\/?ref=bookmarks\",\"https:\\\/\\\/x.com\\\/sunnyshop211\",\"https:\\\/\\\/www.instagram.com\\\/sunnyshop211\\\/\",\"https:\\\/\\\/www.tumblr.com\\\/blog\\\/sunnyshop211\",\"https:\\\/\\\/www.youtube.com\\\/channel\\\/UCtYY18OGGDKrTSzgcf7fCBg\",\"https:\\\/\\\/www.tiktok.com\\\/@sunnydollshop211?is_from_webapp=1&sender_device=pc\"]}]}<\/script>\n<!-- \/ Yoast SEO plugin. -->","yoast_head_json":{"title":"Miniature baroque bed 1\/4 -","description":"Miniature baroque bed 1\/4 - Removable headboard, BJD, Minifee, Unoa. This bed is ideal for an aristocratic, gothic or romantic bedroom.","robots":{"index":"index","follow":"follow","max-snippet":"max-snippet:-1","max-image-preview":"max-image-preview:large","max-video-preview":"max-video-preview:-1"},"canonical":"https:\/\/www.sunnyshop211.com\/en\/product\/lit-baroque-miniature-1-4\/","og_locale":"en_US","og_type":"article","og_title":"Lit baroque miniature 1\/4 -","og_description":"Miroir baroque simulation miniature 1\/6, 1\/4 Barbie, pullip, fashion royalty, bjd, minifee, unoa ou autres de m\u00eame tailles.","og_url":"https:\/\/www.sunnyshop211.com\/en\/product\/lit-baroque-miniature-1-4\/","og_site_name":"Sunnyshop211 -Vente de dioramas, meubles, miniatures , bjd poup\u00e9es 1\/12 1\/8 1\/6 1\/4 1\/3","article_publisher":"https:\/\/www.facebook.com\/sunnyshop211\/?ref=bookmarks","article_modified_time":"2026-02-22T14:53:01+00:00","og_image":[{"width":2560,"height":1707,"url":"https:\/\/www.sunnyshop211.com\/wp-content\/uploads\/2026\/02\/15-1-scaled.jpg","type":"image\/jpeg"}],"twitter_card":"summary_large_image","twitter_site":"@sunnyshop211","twitter_misc":{"Est. reading time":"2 minutes"},"schema":{"@context":"https:\/\/schema.org","@graph":[{"@type":"WebPage","@id":"https:\/\/www.sunnyshop211.com\/produit\/lit-baroque-miniature-1-4\/","url":"https:\/\/www.sunnyshop211.com\/produit\/lit-baroque-miniature-1-4\/","name":"Miniature baroque bed 1\/4 -","isPartOf":{"@id":"https:\/\/www.sunnyshop211.com\/#website"},"primaryImageOfPage":{"@id":"https:\/\/www.sunnyshop211.com\/produit\/lit-baroque-miniature-1-4\/#primaryimage"},"image":{"@id":"https:\/\/www.sunnyshop211.com\/produit\/lit-baroque-miniature-1-4\/#primaryimage"},"thumbnailUrl":"https:\/\/www.sunnyshop211.com\/wp-content\/uploads\/2026\/02\/15-1-scaled.jpg","datePublished":"2026-02-22T14:47:36+00:00","dateModified":"2026-02-22T14:53:01+00:00","description":"Miniature baroque bed 1\/4 - Removable headboard, BJD, Minifee, Unoa. This bed is ideal for an aristocratic, gothic or romantic bedroom.","breadcrumb":{"@id":"https:\/\/www.sunnyshop211.com\/produit\/lit-baroque-miniature-1-4\/#breadcrumb"},"inLanguage":"en-US","potentialAction":[{"@type":"ReadAction","target":["https:\/\/www.sunnyshop211.com\/produit\/lit-baroque-miniature-1-4\/"]}]},{"@type":"ImageObject","inLanguage":"en-US","@id":"https:\/\/www.sunnyshop211.com\/produit\/lit-baroque-miniature-1-4\/#primaryimage","url":"https:\/\/www.sunnyshop211.com\/wp-content\/uploads\/2026\/02\/15-1-scaled.jpg","contentUrl":"https:\/\/www.sunnyshop211.com\/wp-content\/uploads\/2026\/02\/15-1-scaled.jpg","width":2560,"height":1707,"caption":"Lit baroque miniature 1\/4 \u2013 T\u00eate de lit amovible, BJD, Minifee, Unoa"},{"@type":"BreadcrumbList","@id":"https:\/\/www.sunnyshop211.com\/produit\/lit-baroque-miniature-1-4\/#breadcrumb","itemListElement":[{"@type":"ListItem","position":1,"name":"Accueil","item":"https:\/\/www.sunnyshop211.com\/"},{"@type":"ListItem","position":2,"name":"Boutique","item":"https:\/\/www.sunnyshop211.com\/boutique-miniature-bjd-dolls\/"},{"@type":"ListItem","position":3,"name":"Lit baroque miniature 1\/4"}]},{"@type":"WebSite","@id":"https:\/\/www.sunnyshop211.com\/#website","url":"https:\/\/www.sunnyshop211.com\/","name":"Sale of dioramas, furniture, miniatures, bjd dolls 1\/12 1\/8 1\/6 1\/4 1\/3","description":"Sunnyshop211 - Your miniature world for dolls and BJDs, dioramas and custom-made furniture!","publisher":{"@id":"https:\/\/www.sunnyshop211.com\/#organization"},"alternateName":"sunnyshop211","potentialAction":[{"@type":"SearchAction","target":{"@type":"EntryPoint","urlTemplate":"https:\/\/www.sunnyshop211.com\/?s={search_term_string}"},"query-input":{"@type":"PropertyValueSpecification","valueRequired":true,"valueName":"search_term_string"}}],"inLanguage":"en-US"},{"@type":"Organization","@id":"https:\/\/www.sunnyshop211.com\/#organization","name":"sunnyshop211","alternateName":"sunnyshop211 diorama bjd meuble miniature","url":"https:\/\/www.sunnyshop211.com\/","logo":{"@type":"ImageObject","inLanguage":"en-US","@id":"https:\/\/www.sunnyshop211.com\/#\/schema\/logo\/image\/","url":"https:\/\/www.sunnyshop211.com\/wp-content\/uploads\/2022\/08\/cropped-cropped-cropped-Sunnyshop211-1.png","contentUrl":"https:\/\/www.sunnyshop211.com\/wp-content\/uploads\/2022\/08\/cropped-cropped-cropped-Sunnyshop211-1.png","width":339,"height":339,"caption":"sunnyshop211"},"image":{"@id":"https:\/\/www.sunnyshop211.com\/#\/schema\/logo\/image\/"},"sameAs":["https:\/\/www.facebook.com\/sunnyshop211\/?ref=bookmarks","https:\/\/x.com\/sunnyshop211","https:\/\/www.instagram.com\/sunnyshop211\/","https:\/\/www.tumblr.com\/blog\/sunnyshop211","https:\/\/www.youtube.com\/channel\/UCtYY18OGGDKrTSzgcf7fCBg","https:\/\/www.tiktok.com\/@sunnydollshop211?is_from_webapp=1&sender_device=pc"]}]}},"jetpack_publicize_connections":[],"jetpack_sharing_enabled":true,"_links":{"self":[{"href":"https:\/\/www.sunnyshop211.com\/en\/wp-json\/wp\/v2\/product\/55367","targetHints":{"allow":["GET"]}}],"collection":[{"href":"https:\/\/www.sunnyshop211.com\/en\/wp-json\/wp\/v2\/product"}],"about":[{"href":"https:\/\/www.sunnyshop211.com\/en\/wp-json\/wp\/v2\/types\/product"}],"replies":[{"embeddable":true,"href":"https:\/\/www.sunnyshop211.com\/en\/wp-json\/wp\/v2\/comments?post=55367"}],"version-history":[{"count":1,"href":"https:\/\/www.sunnyshop211.com\/en\/wp-json\/wp\/v2\/product\/55367\/revisions"}],"predecessor-version":[{"id":55373,"href":"https:\/\/www.sunnyshop211.com\/en\/wp-json\/wp\/v2\/product\/55367\/revisions\/55373"}],"wp:featuredmedia":[{"embeddable":true,"href":"https:\/\/www.sunnyshop211.com\/en\/wp-json\/wp\/v2\/media\/55333"}],"wp:attachment":[{"href":"https:\/\/www.sunnyshop211.com\/en\/wp-json\/wp\/v2\/media?parent=55367"}],"wp:term":[{"taxonomy":"product_brand","embeddable":true,"href":"https:\/\/www.sunnyshop211.com\/en\/wp-json\/wp\/v2\/product_brand?post=55367"},{"taxonomy":"product_cat","embeddable":true,"href":"https:\/\/www.sunnyshop211.com\/en\/wp-json\/wp\/v2\/product_cat?post=55367"},{"taxonomy":"product_tag","embeddable":true,"href":"https:\/\/www.sunnyshop211.com\/en\/wp-json\/wp\/v2\/product_tag?post=55367"}],"curies":[{"name":"wp","href":"https:\/\/api.w.org\/{rel}","templated":true}]}}