{"id":54829,"date":"2026-01-20T10:49:52","date_gmt":"2026-01-20T09:49:52","guid":{"rendered":"https:\/\/www.sunnyshop211.com\/?post_type=product&#038;p=54829"},"modified":"2026-01-20T10:59:00","modified_gmt":"2026-01-20T09:59:00","slug":"coffre-miniature-motif-noeud-grave-diorama-chambre-bebe-1-4-bjd-minifee-msd","status":"publish","type":"product","link":"https:\/\/www.sunnyshop211.com\/en\/product\/coffre-miniature-motif-noeud-grave-diorama-chambre-bebe-1-4-bjd-minifee-msd\/","title":{"rendered":"Miniature engraved bow motif chest - Diorama baby room 1\/4 BJD Minifee, MSD"},"content":{"rendered":"<div id='gallery-1' class='gallery galleryid-54829 gallery-columns-3 gallery-size-thumbnail'><figure class='gallery-item'>\n\t\t\t<div class='gallery-icon landscape'>\n\t\t\t\t<a href='https:\/\/www.sunnyshop211.com\/en\/?attachment_id=54543'><img decoding=\"async\" width=\"150\" height=\"150\" src=\"https:\/\/www.sunnyshop211.com\/wp-content\/uploads\/2026\/01\/61-150x150.jpg\" class=\"attachment-thumbnail size-thumbnail\" alt=\"\" srcset=\"https:\/\/www.sunnyshop211.com\/wp-content\/uploads\/2026\/01\/61-150x150.jpg 150w, https:\/\/www.sunnyshop211.com\/wp-content\/uploads\/2026\/01\/61-500x500.jpg 500w, https:\/\/www.sunnyshop211.com\/wp-content\/uploads\/2026\/01\/61-100x100.jpg 100w\" sizes=\"(max-width: 150px) 100vw, 150px\" \/><\/a>\n\t\t\t<\/div><\/figure><figure class='gallery-item'>\n\t\t\t<div class='gallery-icon portrait'>\n\t\t\t\t<a href='https:\/\/www.sunnyshop211.com\/en\/?attachment_id=54538'><img decoding=\"async\" width=\"150\" height=\"150\" src=\"https:\/\/www.sunnyshop211.com\/wp-content\/uploads\/2026\/01\/56-150x150.jpg\" class=\"attachment-thumbnail size-thumbnail\" alt=\"\" srcset=\"https:\/\/www.sunnyshop211.com\/wp-content\/uploads\/2026\/01\/56-150x150.jpg 150w, https:\/\/www.sunnyshop211.com\/wp-content\/uploads\/2026\/01\/56-500x500.jpg 500w, https:\/\/www.sunnyshop211.com\/wp-content\/uploads\/2026\/01\/56-100x100.jpg 100w\" sizes=\"(max-width: 150px) 100vw, 150px\" \/><\/a>\n\t\t\t<\/div><\/figure><figure class='gallery-item'>\n\t\t\t<div class='gallery-icon landscape'>\n\t\t\t\t<a href='https:\/\/www.sunnyshop211.com\/en\/?attachment_id=54498'><img decoding=\"async\" width=\"150\" height=\"150\" src=\"https:\/\/www.sunnyshop211.com\/wp-content\/uploads\/2026\/01\/12-2-150x150.jpg\" class=\"attachment-thumbnail size-thumbnail\" alt=\"Coffre miniature motif n\u0153ud grav\u00e9 \u2013 Diorama chambre b\u00e9b\u00e9 1\/4 BJD Minifee, MSD\" srcset=\"https:\/\/www.sunnyshop211.com\/wp-content\/uploads\/2026\/01\/12-2-150x150.jpg 150w, https:\/\/www.sunnyshop211.com\/wp-content\/uploads\/2026\/01\/12-2-500x500.jpg 500w, https:\/\/www.sunnyshop211.com\/wp-content\/uploads\/2026\/01\/12-2-100x100.jpg 100w\" sizes=\"(max-width: 150px) 100vw, 150px\" \/><\/a>\n\t\t\t<\/div><\/figure>\n\t\t<\/div>\n\n<p>&nbsp;<\/p>\n<h2 data-start=\"227\" data-end=\"273\">\ud83c\udf7c Miniature engraved bow motif chest - Diorama baby room 1\/4 BJD Minifee, MSD<\/h2>\n<h3 data-start=\"274\" data-end=\"347\">Diorama BJD Baby - Minifee - MSD - Pukifee - Lati Yellow - Nappy Choo<\/h3>\n<p data-start=\"242\" data-end=\"443\">Bring a touch of softness and elegance to your <strong data-start=\"293\" data-end=\"338\">baby rooms and family scenes in 1\/4<\/strong> with this <strong data-start=\"347\" data-end=\"386\">miniature chest with engraved bow motif<\/strong>, perfectly matched to the tender, refined worlds \ud83e\udd0d<\/p>\n<p data-start=\"445\" data-end=\"595\">Ideal to complete a <strong data-start=\"470\" data-end=\"508\">coordinated nursery theme bow<\/strong>, for mom and baby dolls in <strong data-start=\"542\" data-end=\"594\">1\/4 (Minifee, MSD, Bimong or similar formats)<\/strong>.  \ud83d\udc76\u2728<\/p>\n<hr data-start=\"526\" data-end=\"529\" \/>\n<h2 data-start=\"531\" data-end=\"547\">\u2728 Description<\/h2>\n<p data-start=\"549\" data-end=\"749\">- Miniature chest <strong data-start=\"641\" data-end=\"663\">with engraved bow motif.<\/strong><br data-start=\"663\" data-end=\"666\" \/>- The <strong data-start=\"671\" data-end=\"704\">lid opens and closes.<\/strong><br data-start=\"704\" data-end=\"707\" \/>- Dimensions :<br data-start=\"721\" data-end=\"724\" \/>\u2003\u2013 <strong data-start=\"727\" data-end=\"746\">Height: 10 cm<\/strong><br data-start=\"746\" data-end=\"749\" \/>\u2003\u2013 <strong data-start=\"752\" data-end=\"772\">Length: 12 cm<\/strong><br data-start=\"772\" data-end=\"775\" \/>\u2003\u2013 <strong data-start=\"778\" data-end=\"799\">Depth: 8 cm<\/strong><\/p>\n<hr data-start=\"1550\" data-end=\"1553\" \/>\n<h3 data-start=\"803\" data-end=\"826\">\ud83c\udfa8 <strong data-start=\"806\" data-end=\"826\">Personalization<\/strong><\/h3>\n<p data-start=\"828\" data-end=\"989\">- You <strong data-start=\"835\" data-end=\"880\">choose the trunk top color<\/strong><br data-start=\"880\" data-end=\"883\" \/>- The rest of the chest is harmoniously painted to blend in with a soft, elegant nursery.<\/p>\n<h2 data-start=\"1555\" data-end=\"1574\">\ud83d\udccf Compatibility<\/h2>\n<p data-start=\"1576\" data-end=\"1732\">\u2714 Perfect for dolls and babies at the <strong data-start=\"1622\" data-end=\"1629\">1\/4<\/strong> :<br data-start=\"1631\" data-end=\"1634\" \/>- BJD Baby<br data-start=\"1644\" data-end=\"1647\" \/>- Minifee<br data-start=\"1656\" data-end=\"1659\" \/>- MSD<br data-start=\"1664\" data-end=\"1667\" \/>- Pukifee<br data-start=\"1676\" data-end=\"1679\" \/>- Lati Yellow<br data-start=\"1692\" data-end=\"1695\" \/>- Nappy Choo<br data-start=\"1707\" data-end=\"1710\" \/>- Similar models<\/p>\n<hr data-start=\"1734\" data-end=\"1737\" \/>\n<h2 data-start=\"1739\" data-end=\"1768\">\ud83d\udd90\ufe0f Craft manufacturing<\/h2>\n<p data-start=\"1770\" data-end=\"1968\">- Creation <strong data-start=\"1781\" data-end=\"1795\">handmade.<\/strong><br data-start=\"1795\" data-end=\"1798\" \/>- Each piece is unique.<br data-start=\"1823\" data-end=\"1826\" \/>- Slight variations in shape, color and finish may occur.<\/p>\n<p data-start=\"1770\" data-end=\"1968\"><br data-start=\"1895\" data-end=\"1898\" \/>- A few minor imperfections are possible, due to the craftsmanship involved.<\/p>\n<hr data-start=\"1970\" data-end=\"1973\" \/>\n<h2 data-start=\"991\" data-end=\"1012\">\ud83e\uddf8 <strong data-start=\"994\" data-end=\"1012\">Perfect for :<\/strong><\/h2>\n<p data-start=\"1014\" data-end=\"1150\">- 1\/4 baby rooms.<br data-start=\"1033\" data-end=\"1036\" \/>- Mom &amp; baby scenes.<br data-start=\"1057\" data-end=\"1060\" \/>- Storage for blankets, cuddly toys and miniature toys.<br data-start=\"1114\" data-end=\"1117\" \/>- Tender, realistic dioramas.<\/p>\n<h2 data-start=\"1152\" data-end=\"1176\">\ud83e\udd0d <strong data-start=\"1155\" data-end=\"1176\">Coordinated universe<\/strong><\/h2>\n<p data-start=\"1178\" data-end=\"1365\">This trunk is part of a <strong data-start=\"1205\" data-end=\"1235\">coordinated theme bow motif<\/strong>, also includes (sold separately in the store) :<br data-start=\"1296\" data-end=\"1299\" \/>- Matching lamp<br data-start=\"1315\" data-end=\"1318\" \/>- Crib set<br data-start=\"1340\" data-end=\"1343\" \/>- Coordinated chest of drawers<\/p>\n<hr data-start=\"2184\" data-end=\"2187\" \/>\n<h2 data-start=\"2189\" data-end=\"2219\">\ud83d\udcf8 Important information<\/h2>\n<p data-start=\"2221\" data-end=\"2385\">- The photos are <strong data-start=\"2243\" data-end=\"2272\">examples of staging.<\/strong><\/p>\n<p data-start=\"2221\" data-end=\"2385\"><br data-start=\"2272\" data-end=\"2275\" \/>\u2022 <strong data-start=\"2277\" data-end=\"2332\">Only the trunk is sold.<\/strong><br data-start=\"2332\" data-end=\"2335\" \/>- Dolls, accessories and decorations not included.<\/p>\n<p data-start=\"2387\" data-end=\"2469\">\ud83d\udcf8 More photos and inspiration :<br data-start=\"2424\" data-end=\"2427\" \/>\ud83d\udc49 <a class=\"decorated-link\" href=\"https:\/\/www.instagram.com\/sunnyshop211\/\" target=\"_new\" rel=\"noopener\" data-start=\"2430\" data-end=\"2469\">https:\/\/www.instagram.com\/sunnyshop211\/<\/a><\/p>\n<hr data-start=\"2471\" data-end=\"2474\" \/>\n<h2 data-start=\"2476\" data-end=\"2498\">\u26a0\ufe0f Imprint<\/h2>\n<p data-start=\"2500\" data-end=\"2763\">\u2022 <strong data-start=\"2502\" data-end=\"2529\">This is not a toy.<\/strong><br data-start=\"2529\" data-end=\"2532\" \/>- Article for a <strong data-start=\"2555\" data-end=\"2590\">adult and collector audiences.<\/strong><\/p>\n<p data-start=\"2500\" data-end=\"2763\">\n<p data-start=\"2500\" data-end=\"2763\"><br class=\"yoast-text-mark\" data-start=\"2691\" data-end=\"2694\" \/>I am not responsible for any damage in transit.<\/p>\n<hr data-start=\"2765\" data-end=\"2768\" \/>\n<p data-start=\"2770\" data-end=\"2861\">\ud83e\uddf8 <em data-start=\"2773\" data-end=\"2861\">An essential piece of furniture for a soft, realistic and tender miniature nursery.<\/em><\/p>","protected":false},"excerpt":{"rendered":"<p>&nbsp; \ud83c\udf7c Coffre miniature motif n\u0153ud grav\u00e9 \u2013 Diorama chambre b\u00e9b\u00e9 1\/4 BJD Minifee, MSD Diorama BJD Baby \u00b7 Minifee \u00b7 MSD \u00b7 Pukifee \u00b7 Lati Yellow \u00b7 Nappy Choo Apportez une touche de douceur et d\u2019\u00e9l\u00e9gance \u00e0 vos chambres b\u00e9b\u00e9 et sc\u00e8nes familiales au 1\/4 avec ce coffre miniature \u00e0 motif n\u0153ud grav\u00e9, parfaitement [&hellip;]<\/p>\n","protected":false},"featured_media":54498,"comment_status":"open","ping_status":"closed","template":"","meta":{"_crdt_document":"","jetpack_post_was_ever_published":false,"jetpack_publicize_message":"","jetpack_publicize_feature_enabled":true,"jetpack_social_post_already_shared":true,"jetpack_social_options":{"image_generator_settings":{"template":"highway","default_image_id":0,"font":"","enabled":false},"version":2}},"product_brand":[],"product_cat":[667686980],"product_tag":[667681137,667681138,667682464,667682460,667682444,667681226,667681272,667681236,667681173,667681237,667682442,667681177,667681800,667682462,667681260],"class_list":{"0":"post-54829","1":"product","2":"type-product","3":"status-publish","4":"has-post-thumbnail","6":"product_cat-meubles","7":"product_tag-baby","8":"product_tag-bebe","9":"product_tag-bjd-bebe","10":"product_tag-changing-mats","11":"product_tag-couches","12":"product_tag-doll","13":"product_tag-elowynn-wilde","14":"product_tag-maison-de-poupee","15":"product_tag-minifee","16":"product_tag-msd","17":"product_tag-nappies","18":"product_tag-poupee","19":"product_tag-storage-box","20":"product_tag-tapis-a-langer","21":"product_tag-tonner","22":"product_shipping_class-colissimo-5","23":"pa_couleur-blanc","24":"pa_couleur-rose-pink","26":"first","27":"instock","28":"taxable","29":"shipping-taxable","30":"purchasable","31":"product-type-variable"},"yoast_head":"<!-- This site is optimized with the Yoast SEO plugin v27.4 - https:\/\/yoast.com\/product\/yoast-seo-wordpress\/ -->\n<title>Coffre miniature motif n\u0153ud grav\u00e9 \u2013 Diorama chambre b\u00e9b\u00e9 1\/4 BJD Minifee, MSD -<\/title>\n<meta name=\"description\" content=\"Coffre miniature motif n\u0153ud grav\u00e9 \u2013 Diorama chambre b\u00e9b\u00e9 1\/4 BJD Minifee, MSD , pukifee, lati yellow , bjd baby ,nappy choo ou similaires.\" \/>\n<meta name=\"robots\" content=\"index, follow, max-snippet:-1, max-image-preview:large, max-video-preview:-1\" \/>\n<link rel=\"canonical\" href=\"https:\/\/www.sunnyshop211.com\/en\/product\/coffre-miniature-motif-noeud-grave-diorama-chambre-bebe-1-4-bjd-minifee-msd\/\" \/>\n<meta property=\"og:locale\" content=\"en_US\" \/>\n<meta property=\"og:type\" content=\"article\" \/>\n<meta property=\"og:title\" content=\"Coffre miniature motif n\u0153ud grav\u00e9 \u2013 Diorama chambre b\u00e9b\u00e9 1\/4 BJD Minifee, MSD -\" \/>\n<meta property=\"og:description\" content=\"Coffre miniature motif n\u0153ud grav\u00e9 \u2013 Diorama chambre b\u00e9b\u00e9 1\/4 BJD Minifee, MSD , pukifee, lati yellow , bjd baby ,nappy choo ou similaires.\" \/>\n<meta property=\"og:url\" content=\"https:\/\/www.sunnyshop211.com\/en\/product\/coffre-miniature-motif-noeud-grave-diorama-chambre-bebe-1-4-bjd-minifee-msd\/\" \/>\n<meta property=\"og:site_name\" content=\"Sunnyshop211 -Vente de dioramas, meubles, miniatures , bjd poup\u00e9es 1\/12 1\/8 1\/6 1\/4 1\/3\" \/>\n<meta property=\"article:publisher\" content=\"https:\/\/www.facebook.com\/sunnyshop211\/?ref=bookmarks\" \/>\n<meta property=\"article:modified_time\" content=\"2026-01-20T09:59:00+00:00\" \/>\n<meta property=\"og:image\" content=\"https:\/\/www.sunnyshop211.com\/wp-content\/uploads\/2026\/01\/12-2-scaled.jpg\" \/>\n\t<meta property=\"og:image:width\" content=\"2560\" \/>\n\t<meta property=\"og:image:height\" content=\"1707\" \/>\n\t<meta property=\"og:image:type\" content=\"image\/jpeg\" \/>\n<meta name=\"twitter:card\" content=\"summary_large_image\" \/>\n<meta name=\"twitter:site\" content=\"@sunnyshop211\" \/>\n<meta name=\"twitter:label1\" content=\"Est. reading time\" \/>\n\t<meta name=\"twitter:data1\" content=\"2 minutes\" \/>\n<script type=\"application\/ld+json\" class=\"yoast-schema-graph\">{\"@context\":\"https:\\\/\\\/schema.org\",\"@graph\":[{\"@type\":\"WebPage\",\"@id\":\"https:\\\/\\\/www.sunnyshop211.com\\\/produit\\\/coffre-miniature-motif-noeud-grave-diorama-chambre-bebe-1-4-bjd-minifee-msd\\\/\",\"url\":\"https:\\\/\\\/www.sunnyshop211.com\\\/produit\\\/coffre-miniature-motif-noeud-grave-diorama-chambre-bebe-1-4-bjd-minifee-msd\\\/\",\"name\":\"Coffre miniature motif n\u0153ud grav\u00e9 \u2013 Diorama chambre b\u00e9b\u00e9 1\\\/4 BJD Minifee, MSD -\",\"isPartOf\":{\"@id\":\"https:\\\/\\\/www.sunnyshop211.com\\\/#website\"},\"primaryImageOfPage\":{\"@id\":\"https:\\\/\\\/www.sunnyshop211.com\\\/produit\\\/coffre-miniature-motif-noeud-grave-diorama-chambre-bebe-1-4-bjd-minifee-msd\\\/#primaryimage\"},\"image\":{\"@id\":\"https:\\\/\\\/www.sunnyshop211.com\\\/produit\\\/coffre-miniature-motif-noeud-grave-diorama-chambre-bebe-1-4-bjd-minifee-msd\\\/#primaryimage\"},\"thumbnailUrl\":\"https:\\\/\\\/www.sunnyshop211.com\\\/wp-content\\\/uploads\\\/2026\\\/01\\\/12-2-scaled.jpg\",\"datePublished\":\"2026-01-20T09:49:52+00:00\",\"dateModified\":\"2026-01-20T09:59:00+00:00\",\"description\":\"Coffre miniature motif n\u0153ud grav\u00e9 \u2013 Diorama chambre b\u00e9b\u00e9 1\\\/4 BJD Minifee, MSD , pukifee, lati yellow , bjd baby ,nappy choo ou similaires.\",\"breadcrumb\":{\"@id\":\"https:\\\/\\\/www.sunnyshop211.com\\\/produit\\\/coffre-miniature-motif-noeud-grave-diorama-chambre-bebe-1-4-bjd-minifee-msd\\\/#breadcrumb\"},\"inLanguage\":\"en-US\",\"potentialAction\":[{\"@type\":\"ReadAction\",\"target\":[\"https:\\\/\\\/www.sunnyshop211.com\\\/produit\\\/coffre-miniature-motif-noeud-grave-diorama-chambre-bebe-1-4-bjd-minifee-msd\\\/\"]}]},{\"@type\":\"ImageObject\",\"inLanguage\":\"en-US\",\"@id\":\"https:\\\/\\\/www.sunnyshop211.com\\\/produit\\\/coffre-miniature-motif-noeud-grave-diorama-chambre-bebe-1-4-bjd-minifee-msd\\\/#primaryimage\",\"url\":\"https:\\\/\\\/www.sunnyshop211.com\\\/wp-content\\\/uploads\\\/2026\\\/01\\\/12-2-scaled.jpg\",\"contentUrl\":\"https:\\\/\\\/www.sunnyshop211.com\\\/wp-content\\\/uploads\\\/2026\\\/01\\\/12-2-scaled.jpg\",\"width\":2560,\"height\":1707,\"caption\":\"Coffre miniature motif n\u0153ud grav\u00e9 \u2013 Diorama chambre b\u00e9b\u00e9 1\\\/4 BJD Minifee, MSD\"},{\"@type\":\"BreadcrumbList\",\"@id\":\"https:\\\/\\\/www.sunnyshop211.com\\\/produit\\\/coffre-miniature-motif-noeud-grave-diorama-chambre-bebe-1-4-bjd-minifee-msd\\\/#breadcrumb\",\"itemListElement\":[{\"@type\":\"ListItem\",\"position\":1,\"name\":\"Accueil\",\"item\":\"https:\\\/\\\/www.sunnyshop211.com\\\/\"},{\"@type\":\"ListItem\",\"position\":2,\"name\":\"Boutique\",\"item\":\"https:\\\/\\\/www.sunnyshop211.com\\\/boutique-miniature-bjd-dolls\\\/\"},{\"@type\":\"ListItem\",\"position\":3,\"name\":\"Coffre miniature motif n\u0153ud grav\u00e9 \u2013 Diorama chambre b\u00e9b\u00e9 1\\\/4 BJD Minifee, MSD\"}]},{\"@type\":\"WebSite\",\"@id\":\"https:\\\/\\\/www.sunnyshop211.com\\\/#website\",\"url\":\"https:\\\/\\\/www.sunnyshop211.com\\\/\",\"name\":\"Vente de dioramas, meubles, miniatures , bjd poup\u00e9es 1\\\/12 1\\\/8 1\\\/6 1\\\/4 1\\\/3\",\"description\":\"Sunnyshop211 - Votre univers miniature pour poup\u00e9es et BJD, dioramas et meubles sur mesure !\",\"publisher\":{\"@id\":\"https:\\\/\\\/www.sunnyshop211.com\\\/#organization\"},\"alternateName\":\"sunnyshop211\",\"potentialAction\":[{\"@type\":\"SearchAction\",\"target\":{\"@type\":\"EntryPoint\",\"urlTemplate\":\"https:\\\/\\\/www.sunnyshop211.com\\\/?s={search_term_string}\"},\"query-input\":{\"@type\":\"PropertyValueSpecification\",\"valueRequired\":true,\"valueName\":\"search_term_string\"}}],\"inLanguage\":\"en-US\"},{\"@type\":\"Organization\",\"@id\":\"https:\\\/\\\/www.sunnyshop211.com\\\/#organization\",\"name\":\"sunnyshop211\",\"alternateName\":\"sunnyshop211 diorama bjd meuble miniature\",\"url\":\"https:\\\/\\\/www.sunnyshop211.com\\\/\",\"logo\":{\"@type\":\"ImageObject\",\"inLanguage\":\"en-US\",\"@id\":\"https:\\\/\\\/www.sunnyshop211.com\\\/#\\\/schema\\\/logo\\\/image\\\/\",\"url\":\"https:\\\/\\\/www.sunnyshop211.com\\\/wp-content\\\/uploads\\\/2022\\\/08\\\/cropped-cropped-cropped-Sunnyshop211-1.png\",\"contentUrl\":\"https:\\\/\\\/www.sunnyshop211.com\\\/wp-content\\\/uploads\\\/2022\\\/08\\\/cropped-cropped-cropped-Sunnyshop211-1.png\",\"width\":339,\"height\":339,\"caption\":\"sunnyshop211\"},\"image\":{\"@id\":\"https:\\\/\\\/www.sunnyshop211.com\\\/#\\\/schema\\\/logo\\\/image\\\/\"},\"sameAs\":[\"https:\\\/\\\/www.facebook.com\\\/sunnyshop211\\\/?ref=bookmarks\",\"https:\\\/\\\/x.com\\\/sunnyshop211\",\"https:\\\/\\\/www.instagram.com\\\/sunnyshop211\\\/\",\"https:\\\/\\\/www.tumblr.com\\\/blog\\\/sunnyshop211\",\"https:\\\/\\\/www.youtube.com\\\/channel\\\/UCtYY18OGGDKrTSzgcf7fCBg\",\"https:\\\/\\\/www.tiktok.com\\\/@sunnydollshop211?is_from_webapp=1&sender_device=pc\"]}]}<\/script>\n<!-- \/ Yoast SEO plugin. -->","yoast_head_json":{"title":"Miniature engraved bow motif chest - Diorama baby room 1\/4 BJD Minifee, MSD -","description":"Miniature engraved bow motif chest - Diorama baby room 1\/4 BJD Minifee, MSD , pukifee, lati yellow , bjd baby ,nappy choo or similar.","robots":{"index":"index","follow":"follow","max-snippet":"max-snippet:-1","max-image-preview":"max-image-preview:large","max-video-preview":"max-video-preview:-1"},"canonical":"https:\/\/www.sunnyshop211.com\/en\/product\/coffre-miniature-motif-noeud-grave-diorama-chambre-bebe-1-4-bjd-minifee-msd\/","og_locale":"en_US","og_type":"article","og_title":"Coffre miniature motif n\u0153ud grav\u00e9 \u2013 Diorama chambre b\u00e9b\u00e9 1\/4 BJD Minifee, MSD -","og_description":"Coffre miniature motif n\u0153ud grav\u00e9 \u2013 Diorama chambre b\u00e9b\u00e9 1\/4 BJD Minifee, MSD , pukifee, lati yellow , bjd baby ,nappy choo ou similaires.","og_url":"https:\/\/www.sunnyshop211.com\/en\/product\/coffre-miniature-motif-noeud-grave-diorama-chambre-bebe-1-4-bjd-minifee-msd\/","og_site_name":"Sunnyshop211 -Vente de dioramas, meubles, miniatures , bjd poup\u00e9es 1\/12 1\/8 1\/6 1\/4 1\/3","article_publisher":"https:\/\/www.facebook.com\/sunnyshop211\/?ref=bookmarks","article_modified_time":"2026-01-20T09:59:00+00:00","og_image":[{"width":2560,"height":1707,"url":"https:\/\/www.sunnyshop211.com\/wp-content\/uploads\/2026\/01\/12-2-scaled.jpg","type":"image\/jpeg"}],"twitter_card":"summary_large_image","twitter_site":"@sunnyshop211","twitter_misc":{"Est. reading time":"2 minutes"},"schema":{"@context":"https:\/\/schema.org","@graph":[{"@type":"WebPage","@id":"https:\/\/www.sunnyshop211.com\/produit\/coffre-miniature-motif-noeud-grave-diorama-chambre-bebe-1-4-bjd-minifee-msd\/","url":"https:\/\/www.sunnyshop211.com\/produit\/coffre-miniature-motif-noeud-grave-diorama-chambre-bebe-1-4-bjd-minifee-msd\/","name":"Miniature engraved bow motif chest - Diorama baby room 1\/4 BJD Minifee, MSD -","isPartOf":{"@id":"https:\/\/www.sunnyshop211.com\/#website"},"primaryImageOfPage":{"@id":"https:\/\/www.sunnyshop211.com\/produit\/coffre-miniature-motif-noeud-grave-diorama-chambre-bebe-1-4-bjd-minifee-msd\/#primaryimage"},"image":{"@id":"https:\/\/www.sunnyshop211.com\/produit\/coffre-miniature-motif-noeud-grave-diorama-chambre-bebe-1-4-bjd-minifee-msd\/#primaryimage"},"thumbnailUrl":"https:\/\/www.sunnyshop211.com\/wp-content\/uploads\/2026\/01\/12-2-scaled.jpg","datePublished":"2026-01-20T09:49:52+00:00","dateModified":"2026-01-20T09:59:00+00:00","description":"Miniature engraved bow motif chest - Diorama baby room 1\/4 BJD Minifee, MSD , pukifee, lati yellow , bjd baby ,nappy choo or similar.","breadcrumb":{"@id":"https:\/\/www.sunnyshop211.com\/produit\/coffre-miniature-motif-noeud-grave-diorama-chambre-bebe-1-4-bjd-minifee-msd\/#breadcrumb"},"inLanguage":"en-US","potentialAction":[{"@type":"ReadAction","target":["https:\/\/www.sunnyshop211.com\/produit\/coffre-miniature-motif-noeud-grave-diorama-chambre-bebe-1-4-bjd-minifee-msd\/"]}]},{"@type":"ImageObject","inLanguage":"en-US","@id":"https:\/\/www.sunnyshop211.com\/produit\/coffre-miniature-motif-noeud-grave-diorama-chambre-bebe-1-4-bjd-minifee-msd\/#primaryimage","url":"https:\/\/www.sunnyshop211.com\/wp-content\/uploads\/2026\/01\/12-2-scaled.jpg","contentUrl":"https:\/\/www.sunnyshop211.com\/wp-content\/uploads\/2026\/01\/12-2-scaled.jpg","width":2560,"height":1707,"caption":"Coffre miniature motif n\u0153ud grav\u00e9 \u2013 Diorama chambre b\u00e9b\u00e9 1\/4 BJD Minifee, MSD"},{"@type":"BreadcrumbList","@id":"https:\/\/www.sunnyshop211.com\/produit\/coffre-miniature-motif-noeud-grave-diorama-chambre-bebe-1-4-bjd-minifee-msd\/#breadcrumb","itemListElement":[{"@type":"ListItem","position":1,"name":"Accueil","item":"https:\/\/www.sunnyshop211.com\/"},{"@type":"ListItem","position":2,"name":"Boutique","item":"https:\/\/www.sunnyshop211.com\/boutique-miniature-bjd-dolls\/"},{"@type":"ListItem","position":3,"name":"Coffre miniature motif n\u0153ud grav\u00e9 \u2013 Diorama chambre b\u00e9b\u00e9 1\/4 BJD Minifee, MSD"}]},{"@type":"WebSite","@id":"https:\/\/www.sunnyshop211.com\/#website","url":"https:\/\/www.sunnyshop211.com\/","name":"Sale of dioramas, furniture, miniatures, bjd dolls 1\/12 1\/8 1\/6 1\/4 1\/3","description":"Sunnyshop211 - Your miniature world for dolls and BJDs, dioramas and custom-made furniture!","publisher":{"@id":"https:\/\/www.sunnyshop211.com\/#organization"},"alternateName":"sunnyshop211","potentialAction":[{"@type":"SearchAction","target":{"@type":"EntryPoint","urlTemplate":"https:\/\/www.sunnyshop211.com\/?s={search_term_string}"},"query-input":{"@type":"PropertyValueSpecification","valueRequired":true,"valueName":"search_term_string"}}],"inLanguage":"en-US"},{"@type":"Organization","@id":"https:\/\/www.sunnyshop211.com\/#organization","name":"sunnyshop211","alternateName":"sunnyshop211 diorama bjd meuble miniature","url":"https:\/\/www.sunnyshop211.com\/","logo":{"@type":"ImageObject","inLanguage":"en-US","@id":"https:\/\/www.sunnyshop211.com\/#\/schema\/logo\/image\/","url":"https:\/\/www.sunnyshop211.com\/wp-content\/uploads\/2022\/08\/cropped-cropped-cropped-Sunnyshop211-1.png","contentUrl":"https:\/\/www.sunnyshop211.com\/wp-content\/uploads\/2022\/08\/cropped-cropped-cropped-Sunnyshop211-1.png","width":339,"height":339,"caption":"sunnyshop211"},"image":{"@id":"https:\/\/www.sunnyshop211.com\/#\/schema\/logo\/image\/"},"sameAs":["https:\/\/www.facebook.com\/sunnyshop211\/?ref=bookmarks","https:\/\/x.com\/sunnyshop211","https:\/\/www.instagram.com\/sunnyshop211\/","https:\/\/www.tumblr.com\/blog\/sunnyshop211","https:\/\/www.youtube.com\/channel\/UCtYY18OGGDKrTSzgcf7fCBg","https:\/\/www.tiktok.com\/@sunnydollshop211?is_from_webapp=1&sender_device=pc"]}]}},"jetpack_publicize_connections":[],"jetpack_sharing_enabled":true,"_links":{"self":[{"href":"https:\/\/www.sunnyshop211.com\/en\/wp-json\/wp\/v2\/product\/54829","targetHints":{"allow":["GET"]}}],"collection":[{"href":"https:\/\/www.sunnyshop211.com\/en\/wp-json\/wp\/v2\/product"}],"about":[{"href":"https:\/\/www.sunnyshop211.com\/en\/wp-json\/wp\/v2\/types\/product"}],"replies":[{"embeddable":true,"href":"https:\/\/www.sunnyshop211.com\/en\/wp-json\/wp\/v2\/comments?post=54829"}],"version-history":[{"count":1,"href":"https:\/\/www.sunnyshop211.com\/en\/wp-json\/wp\/v2\/product\/54829\/revisions"}],"predecessor-version":[{"id":54842,"href":"https:\/\/www.sunnyshop211.com\/en\/wp-json\/wp\/v2\/product\/54829\/revisions\/54842"}],"wp:featuredmedia":[{"embeddable":true,"href":"https:\/\/www.sunnyshop211.com\/en\/wp-json\/wp\/v2\/media\/54498"}],"wp:attachment":[{"href":"https:\/\/www.sunnyshop211.com\/en\/wp-json\/wp\/v2\/media?parent=54829"}],"wp:term":[{"taxonomy":"product_brand","embeddable":true,"href":"https:\/\/www.sunnyshop211.com\/en\/wp-json\/wp\/v2\/product_brand?post=54829"},{"taxonomy":"product_cat","embeddable":true,"href":"https:\/\/www.sunnyshop211.com\/en\/wp-json\/wp\/v2\/product_cat?post=54829"},{"taxonomy":"product_tag","embeddable":true,"href":"https:\/\/www.sunnyshop211.com\/en\/wp-json\/wp\/v2\/product_tag?post=54829"}],"curies":[{"name":"wp","href":"https:\/\/api.w.org\/{rel}","templated":true}]}}