{"id":54786,"date":"2026-01-20T10:40:04","date_gmt":"2026-01-20T09:40:04","guid":{"rendered":"https:\/\/www.sunnyshop211.com\/?post_type=product&#038;p=54786"},"modified":"2026-01-20T10:49:31","modified_gmt":"2026-01-20T09:49:31","slug":"%f0%9f%8d%bc-commode-table-a-langer-miniature-1-4","status":"publish","type":"product","link":"https:\/\/www.sunnyshop211.com\/en\/product\/%f0%9f%8d%bc-commode-table-a-langer-miniature-1-4\/","title":{"rendered":"Miniature changing unit 1\/4 bjd minifee, pukifee, bjd baby"},"content":{"rendered":"<div id='gallery-1' class='gallery galleryid-54786 gallery-columns-3 gallery-size-thumbnail'><figure class='gallery-item'>\n\t\t\t<div class='gallery-icon portrait'>\n\t\t\t\t<a href='https:\/\/www.sunnyshop211.com\/en\/?attachment_id=54502'><img decoding=\"async\" width=\"150\" height=\"150\" src=\"https:\/\/www.sunnyshop211.com\/wp-content\/uploads\/2026\/01\/16-150x150.jpg\" class=\"attachment-thumbnail size-thumbnail\" alt=\"Commode \u00e0 langer miniature 1\/4 bjd minifee, pukifee, bjd baby\" srcset=\"https:\/\/www.sunnyshop211.com\/wp-content\/uploads\/2026\/01\/16-150x150.jpg 150w, https:\/\/www.sunnyshop211.com\/wp-content\/uploads\/2026\/01\/16-500x500.jpg 500w, https:\/\/www.sunnyshop211.com\/wp-content\/uploads\/2026\/01\/16-100x100.jpg 100w\" sizes=\"(max-width: 150px) 100vw, 150px\" \/><\/a>\n\t\t\t<\/div><\/figure><figure class='gallery-item'>\n\t\t\t<div class='gallery-icon portrait'>\n\t\t\t\t<a href='https:\/\/www.sunnyshop211.com\/en\/?attachment_id=54500'><img decoding=\"async\" width=\"150\" height=\"150\" src=\"https:\/\/www.sunnyshop211.com\/wp-content\/uploads\/2026\/01\/14-1-150x150.jpg\" class=\"attachment-thumbnail size-thumbnail\" alt=\"\" srcset=\"https:\/\/www.sunnyshop211.com\/wp-content\/uploads\/2026\/01\/14-1-150x150.jpg 150w, https:\/\/www.sunnyshop211.com\/wp-content\/uploads\/2026\/01\/14-1-11x12.jpg 11w, https:\/\/www.sunnyshop211.com\/wp-content\/uploads\/2026\/01\/14-1-500x500.jpg 500w, https:\/\/www.sunnyshop211.com\/wp-content\/uploads\/2026\/01\/14-1-100x100.jpg 100w\" sizes=\"(max-width: 150px) 100vw, 150px\" \/><\/a>\n\t\t\t<\/div><\/figure><figure class='gallery-item'>\n\t\t\t<div class='gallery-icon landscape'>\n\t\t\t\t<a href='https:\/\/www.sunnyshop211.com\/en\/?attachment_id=54501'><img decoding=\"async\" width=\"150\" height=\"150\" src=\"https:\/\/www.sunnyshop211.com\/wp-content\/uploads\/2026\/01\/15-1-150x150.jpg\" class=\"attachment-thumbnail size-thumbnail\" alt=\"Commode \u00e0 langer miniature 1\/4 bjd minifee, pukifee, bjd baby\" srcset=\"https:\/\/www.sunnyshop211.com\/wp-content\/uploads\/2026\/01\/15-1-150x150.jpg 150w, https:\/\/www.sunnyshop211.com\/wp-content\/uploads\/2026\/01\/15-1-500x500.jpg 500w, https:\/\/www.sunnyshop211.com\/wp-content\/uploads\/2026\/01\/15-1-100x100.jpg 100w\" sizes=\"(max-width: 150px) 100vw, 150px\" \/><\/a>\n\t\t\t<\/div><\/figure><figure class='gallery-item'>\n\t\t\t<div class='gallery-icon portrait'>\n\t\t\t\t<a href='https:\/\/www.sunnyshop211.com\/en\/?attachment_id=54505'><img loading=\"lazy\" decoding=\"async\" width=\"150\" height=\"150\" src=\"https:\/\/www.sunnyshop211.com\/wp-content\/uploads\/2026\/01\/19-1-150x150.jpg\" class=\"attachment-thumbnail size-thumbnail\" alt=\"\" srcset=\"https:\/\/www.sunnyshop211.com\/wp-content\/uploads\/2026\/01\/19-1-150x150.jpg 150w, https:\/\/www.sunnyshop211.com\/wp-content\/uploads\/2026\/01\/19-1-500x500.jpg 500w, https:\/\/www.sunnyshop211.com\/wp-content\/uploads\/2026\/01\/19-1-100x100.jpg 100w\" sizes=\"(max-width: 150px) 100vw, 150px\" \/><\/a>\n\t\t\t<\/div><\/figure><figure class='gallery-item'>\n\t\t\t<div class='gallery-icon landscape'>\n\t\t\t\t<a href='https:\/\/www.sunnyshop211.com\/en\/?attachment_id=54499'><img loading=\"lazy\" decoding=\"async\" width=\"150\" height=\"150\" src=\"https:\/\/www.sunnyshop211.com\/wp-content\/uploads\/2026\/01\/13-150x150.jpg\" class=\"attachment-thumbnail size-thumbnail\" alt=\"Lampe n\u0153ud miniature \u2013 d\u00e9coration chambre b\u00e9b\u00e9 BJD\" srcset=\"https:\/\/www.sunnyshop211.com\/wp-content\/uploads\/2026\/01\/13-150x150.jpg 150w, https:\/\/www.sunnyshop211.com\/wp-content\/uploads\/2026\/01\/13-500x500.jpg 500w, https:\/\/www.sunnyshop211.com\/wp-content\/uploads\/2026\/01\/13-100x100.jpg 100w\" sizes=\"(max-width: 150px) 100vw, 150px\" \/><\/a>\n\t\t\t<\/div><\/figure><figure class='gallery-item'>\n\t\t\t<div class='gallery-icon portrait'>\n\t\t\t\t<a href='https:\/\/www.sunnyshop211.com\/en\/?attachment_id=54507'><img loading=\"lazy\" decoding=\"async\" width=\"150\" height=\"150\" src=\"https:\/\/www.sunnyshop211.com\/wp-content\/uploads\/2026\/01\/21-1-150x150.jpg\" class=\"attachment-thumbnail size-thumbnail\" alt=\"Commode \u00e0 langer miniature 1\/4 bjd minifee, pukifee, bjd baby\" srcset=\"https:\/\/www.sunnyshop211.com\/wp-content\/uploads\/2026\/01\/21-1-150x150.jpg 150w, https:\/\/www.sunnyshop211.com\/wp-content\/uploads\/2026\/01\/21-1-500x500.jpg 500w, https:\/\/www.sunnyshop211.com\/wp-content\/uploads\/2026\/01\/21-1-100x100.jpg 100w\" sizes=\"(max-width: 150px) 100vw, 150px\" \/><\/a>\n\t\t\t<\/div><\/figure>\n\t\t<\/div>\n\n<p>&nbsp;<\/p>\n<h2 data-start=\"227\" data-end=\"273\">\ud83c\udf7c Chest of drawers - Miniature changing table 1\/4<\/h2>\n<h3 data-start=\"274\" data-end=\"347\">Diorama BJD Baby - Minifee - MSD - Pukifee - Lati Yellow - Nappy Choo<\/h3>\n<p data-start=\"349\" data-end=\"524\">Create a <strong data-start=\"359\" data-end=\"412\">warm, realistic miniature baby room<\/strong> with this <strong data-start=\"424\" data-end=\"454\">chest of drawers changing table 1\/4<\/strong>, designed for nursery, BJD baby and everyday scenes \ud83d\udc76\u2728<\/p>\n<hr data-start=\"526\" data-end=\"529\" \/>\n<h2 data-start=\"531\" data-end=\"547\">\u2728 Description<\/h2>\n<p data-start=\"549\" data-end=\"749\">This multi-function chest combines <strong data-start=\"585\" data-end=\"618\">storage and changing area<\/strong>, ideal for bringing your 1\/4\" baby dioramas to life.<br data-start=\"670\" data-end=\"673\" \/>Each element is made <strong data-start=\"700\" data-end=\"718\">handcrafted<\/strong>, with care and attention to detail.<\/p>\n<hr data-start=\"751\" data-end=\"754\" \/>\n<h2 data-start=\"756\" data-end=\"794\">\ud83d\udce6 Available finishes (to choose from)<\/h2>\n<h3 data-start=\"796\" data-end=\"820\">\ud83d\udd39 1\ufe0f\u20e3 Chest of drawers only<\/h3>\n<p data-start=\"821\" data-end=\"1045\">- Dimensions : <strong data-start=\"836\" data-end=\"870\">18 cm high x 15 cm wide<\/strong><br data-start=\"870\" data-end=\"873\" \/><br data-start=\"897\" data-end=\"900\" \/>Includes :<br data-start=\"912\" data-end=\"915\" \/>- bow-shaped handles (different colors available: pink, white, light blue, green).<br data-start=\"947\" data-end=\"950\" \/>- <strong data-start=\"954\" data-end=\"977\">3 fixed drawers.<\/strong><\/p>\n<p>- Can be used on its own or as a base for the changing table.<\/p>\n<hr data-start=\"1047\" data-end=\"1050\" \/>\n<h3 data-start=\"1052\" data-end=\"1103\">\ud83d\udd39 2\ufe0f\u20e3 Changing mat support - knot<\/h3>\n<p data-start=\"1104\" data-end=\"1252\">- Chest of drawers stand <strong data-start=\"1137\" data-end=\"1154\">or sold alone<\/strong><br data-start=\"1154\" data-end=\"1157\" \/>- Design <strong data-start=\"1165\" data-end=\"1177\">engraved bow<\/strong><br data-start=\"1177\" data-end=\"1180\" \/>- Sold with <strong data-start=\"1193\" data-end=\"1213\">changing mat<\/strong> fabric-covered <strong data-start=\"1233\" data-end=\"1252\">white plush<\/strong><\/p>\n<hr data-start=\"1254\" data-end=\"1257\" \/>\n<p data-start=\"1460\" data-end=\"1548\">\ud83c\udfa8 <strong data-start=\"1463\" data-end=\"1483\">Choice of color<\/strong><br data-start=\"1483\" data-end=\"1486\" \/>\u27a1\ufe0f It's up to you to adapt to your needs and your nursery universe.<\/p>\n<hr data-start=\"1550\" data-end=\"1553\" \/>\n<h2 data-start=\"1555\" data-end=\"1574\">\ud83d\udccf Compatibility<\/h2>\n<p data-start=\"1576\" data-end=\"1732\">\u2714 Perfect for dolls and babies at the <strong data-start=\"1622\" data-end=\"1629\">1\/4<\/strong> :<br data-start=\"1631\" data-end=\"1634\" \/>- BJD Baby<br data-start=\"1644\" data-end=\"1647\" \/>- Minifee<br data-start=\"1656\" data-end=\"1659\" \/>- MSD<br data-start=\"1664\" data-end=\"1667\" \/>- Pukifee<br data-start=\"1676\" data-end=\"1679\" \/>- Lati Yellow<br data-start=\"1692\" data-end=\"1695\" \/>- Nappy Choo<br data-start=\"1707\" data-end=\"1710\" \/>- Similar models<\/p>\n<hr data-start=\"1734\" data-end=\"1737\" \/>\n<h2 data-start=\"1739\" data-end=\"1768\">\ud83d\udd90\ufe0f Craft manufacturing<\/h2>\n<p data-start=\"1770\" data-end=\"1968\">- Creation <strong data-start=\"1781\" data-end=\"1795\">handmade.<\/strong><br data-start=\"1795\" data-end=\"1798\" \/>- Each piece is unique.<br data-start=\"1823\" data-end=\"1826\" \/>- Slight variations in shape, color and finish may occur.<\/p>\n<p data-start=\"1770\" data-end=\"1968\"><br data-start=\"1895\" data-end=\"1898\" \/>- A few minor imperfections are possible, due to the craftsmanship involved.<\/p>\n<hr data-start=\"1970\" data-end=\"1973\" \/>\n<h2 data-start=\"1975\" data-end=\"1992\">\ud83c\udfe1 Use<\/h2>\n<p data-start=\"1994\" data-end=\"2182\">- Ideal for :<br data-start=\"2008\" data-end=\"2011\" \/>- miniature baby rooms<br data-start=\"2042\" data-end=\"2045\" \/>- nurseries<br data-start=\"2058\" data-end=\"2061\" \/>- exchange scenes<br data-start=\"2081\" data-end=\"2084\" \/>- family dioramas<br data-start=\"2106\" data-end=\"2109\" \/>- Compatible with my <strong data-start=\"2131\" data-end=\"2162\">baby furniture and accessories<\/strong> sold separately.<\/p>\n<hr data-start=\"2184\" data-end=\"2187\" \/>\n<h2 data-start=\"2189\" data-end=\"2219\">\ud83d\udcf8 Important information<\/h2>\n<p data-start=\"2221\" data-end=\"2385\">- The photos are <strong data-start=\"2243\" data-end=\"2272\">examples of staging.<\/strong><br data-start=\"2272\" data-end=\"2275\" \/>\u2022 <strong data-start=\"2277\" data-end=\"2332\">Only the selected chest of drawers \/ stand is sold.<\/strong><br data-start=\"2332\" data-end=\"2335\" \/>- Dolls, accessories and decorations not included.<\/p>\n<p data-start=\"2387\" data-end=\"2469\">\ud83d\udcf8 More photos and inspiration :<br data-start=\"2424\" data-end=\"2427\" \/>\ud83d\udc49 <a class=\"decorated-link\" href=\"https:\/\/www.instagram.com\/sunnyshop211\/\" target=\"_new\" rel=\"noopener\" data-start=\"2430\" data-end=\"2469\">https:\/\/www.instagram.com\/sunnyshop211\/<\/a><\/p>\n<hr data-start=\"2471\" data-end=\"2474\" \/>\n<h2 data-start=\"2476\" data-end=\"2498\">\u26a0\ufe0f Imprint<\/h2>\n<p data-start=\"2500\" data-end=\"2763\">\u2022 <strong data-start=\"2502\" data-end=\"2529\">This is not a toy.<\/strong><br data-start=\"2529\" data-end=\"2532\" \/>- Article for a <strong data-start=\"2555\" data-end=\"2590\">adult and collector audiences.<\/strong><br data-start=\"2590\" data-end=\"2593\" \/>- Made to order - please allow for normal manufacturing and delivery times.<br data-start=\"2691\" data-end=\"2694\" \/>- I am not responsible for any damage in transit.<\/p>\n<hr data-start=\"2765\" data-end=\"2768\" \/>\n<p data-start=\"2770\" data-end=\"2861\">\ud83e\uddf8 <em data-start=\"2773\" data-end=\"2861\">An essential piece of furniture for a soft, realistic and tender miniature nursery.<\/em><\/p>","protected":false},"excerpt":{"rendered":"<p>&nbsp; \ud83c\udf7c Commode \u2013 Table \u00e0 langer miniature 1\/4 Diorama BJD Baby \u00b7 Minifee \u00b7 MSD \u00b7 Pukifee \u00b7 Lati Yellow \u00b7 Nappy Choo Cr\u00e9ez une chambre de b\u00e9b\u00e9 miniature r\u00e9aliste et chaleureuse avec cette commode table \u00e0 langer 1\/4, pens\u00e9e pour les univers nursery, b\u00e9b\u00e9 BJD et sc\u00e8nes du quotidien \ud83d\udc76\u2728 \u2728 Description Cette [&hellip;]<\/p>\n","protected":false},"featured_media":54502,"comment_status":"open","ping_status":"closed","template":"","meta":{"_crdt_document":"","jetpack_post_was_ever_published":false,"jetpack_publicize_message":"","jetpack_publicize_feature_enabled":true,"jetpack_social_post_already_shared":true,"jetpack_social_options":{"image_generator_settings":{"template":"highway","default_image_id":0,"font":"","enabled":false},"version":2}},"product_brand":[],"product_cat":[667686980],"product_tag":[667681137,667681138,667682464,667682460,667682444,667681226,667681272,667681236,667681173,667681237,667682442,667681177,667681800,667682462,667681260],"class_list":{"0":"post-54786","1":"product","2":"type-product","3":"status-publish","4":"has-post-thumbnail","6":"product_cat-meubles","7":"product_tag-baby","8":"product_tag-bebe","9":"product_tag-bjd-bebe","10":"product_tag-changing-mats","11":"product_tag-couches","12":"product_tag-doll","13":"product_tag-elowynn-wilde","14":"product_tag-maison-de-poupee","15":"product_tag-minifee","16":"product_tag-msd","17":"product_tag-nappies","18":"product_tag-poupee","19":"product_tag-storage-box","20":"product_tag-tapis-a-langer","21":"product_tag-tonner","22":"product_shipping_class-colissimo-5","23":"pa_couleur-blanc-noeud-blanc","24":"pa_couleur-blanc-noeud-bleu","25":"pa_couleur-blanc-noeud-rose","26":"pa_couleur-blanc-noeud-vert","28":"first","29":"instock","30":"taxable","31":"shipping-taxable","32":"purchasable","33":"product-type-variable"},"yoast_head":"<!-- This site is optimized with the Yoast SEO plugin v27.4 - https:\/\/yoast.com\/product\/yoast-seo-wordpress\/ -->\n<title>Commode \u00e0 langer miniature 1\/4 bjd minifee, pukifee, bjd baby -<\/title>\n<meta name=\"description\" content=\"Commode table \u00e0 langer miniature 1\/4 diorama bjd minifee MSD , pukifee, lati yellow , bjd baby ,nappy choo ou similaires.\" \/>\n<meta name=\"robots\" content=\"index, follow, max-snippet:-1, max-image-preview:large, max-video-preview:-1\" \/>\n<link rel=\"canonical\" href=\"https:\/\/www.sunnyshop211.com\/en\/product\/\ud83c\udf7c-commode-table-a-langer-miniature-1-4\/\" \/>\n<meta property=\"og:locale\" content=\"en_US\" \/>\n<meta property=\"og:type\" content=\"article\" \/>\n<meta property=\"og:title\" content=\"Commode \u00e0 langer miniature 1\/4 bjd minifee, pukifee, bjd baby -\" \/>\n<meta property=\"og:description\" content=\"Commode table \u00e0 langer miniature 1\/4 diorama bjd minifee MSD , pukifee, lati yellow , bjd baby ,nappy choo ou similaires.\" \/>\n<meta property=\"og:url\" content=\"https:\/\/www.sunnyshop211.com\/en\/product\/\ud83c\udf7c-commode-table-a-langer-miniature-1-4\/\" \/>\n<meta property=\"og:site_name\" content=\"Sunnyshop211 -Vente de dioramas, meubles, miniatures , bjd poup\u00e9es 1\/12 1\/8 1\/6 1\/4 1\/3\" \/>\n<meta property=\"article:publisher\" content=\"https:\/\/www.facebook.com\/sunnyshop211\/?ref=bookmarks\" \/>\n<meta property=\"article:modified_time\" content=\"2026-01-20T09:49:31+00:00\" \/>\n<meta property=\"og:image\" content=\"https:\/\/www.sunnyshop211.com\/wp-content\/uploads\/2026\/01\/16-scaled.jpg\" \/>\n\t<meta property=\"og:image:width\" content=\"1443\" \/>\n\t<meta property=\"og:image:height\" content=\"2560\" \/>\n\t<meta property=\"og:image:type\" content=\"image\/jpeg\" \/>\n<meta name=\"twitter:card\" content=\"summary_large_image\" \/>\n<meta name=\"twitter:site\" content=\"@sunnyshop211\" \/>\n<meta name=\"twitter:label1\" content=\"Est. reading time\" \/>\n\t<meta name=\"twitter:data1\" content=\"3 minutes\" \/>\n<script type=\"application\/ld+json\" class=\"yoast-schema-graph\">{\"@context\":\"https:\\\/\\\/schema.org\",\"@graph\":[{\"@type\":\"WebPage\",\"@id\":\"https:\\\/\\\/www.sunnyshop211.com\\\/produit\\\/%f0%9f%8d%bc-commode-table-a-langer-miniature-1-4\\\/\",\"url\":\"https:\\\/\\\/www.sunnyshop211.com\\\/produit\\\/%f0%9f%8d%bc-commode-table-a-langer-miniature-1-4\\\/\",\"name\":\"Commode \u00e0 langer miniature 1\\\/4 bjd minifee, pukifee, bjd baby -\",\"isPartOf\":{\"@id\":\"https:\\\/\\\/www.sunnyshop211.com\\\/#website\"},\"primaryImageOfPage\":{\"@id\":\"https:\\\/\\\/www.sunnyshop211.com\\\/produit\\\/%f0%9f%8d%bc-commode-table-a-langer-miniature-1-4\\\/#primaryimage\"},\"image\":{\"@id\":\"https:\\\/\\\/www.sunnyshop211.com\\\/produit\\\/%f0%9f%8d%bc-commode-table-a-langer-miniature-1-4\\\/#primaryimage\"},\"thumbnailUrl\":\"https:\\\/\\\/www.sunnyshop211.com\\\/wp-content\\\/uploads\\\/2026\\\/01\\\/16-scaled.jpg\",\"datePublished\":\"2026-01-20T09:40:04+00:00\",\"dateModified\":\"2026-01-20T09:49:31+00:00\",\"description\":\"Commode table \u00e0 langer miniature 1\\\/4 diorama bjd minifee MSD , pukifee, lati yellow , bjd baby ,nappy choo ou similaires.\",\"breadcrumb\":{\"@id\":\"https:\\\/\\\/www.sunnyshop211.com\\\/produit\\\/%f0%9f%8d%bc-commode-table-a-langer-miniature-1-4\\\/#breadcrumb\"},\"inLanguage\":\"en-US\",\"potentialAction\":[{\"@type\":\"ReadAction\",\"target\":[\"https:\\\/\\\/www.sunnyshop211.com\\\/produit\\\/%f0%9f%8d%bc-commode-table-a-langer-miniature-1-4\\\/\"]}]},{\"@type\":\"ImageObject\",\"inLanguage\":\"en-US\",\"@id\":\"https:\\\/\\\/www.sunnyshop211.com\\\/produit\\\/%f0%9f%8d%bc-commode-table-a-langer-miniature-1-4\\\/#primaryimage\",\"url\":\"https:\\\/\\\/www.sunnyshop211.com\\\/wp-content\\\/uploads\\\/2026\\\/01\\\/16-scaled.jpg\",\"contentUrl\":\"https:\\\/\\\/www.sunnyshop211.com\\\/wp-content\\\/uploads\\\/2026\\\/01\\\/16-scaled.jpg\",\"width\":1443,\"height\":2560,\"caption\":\"Commode \u00e0 langer miniature 1\\\/4 bjd minifee, pukifee, bjd baby\"},{\"@type\":\"BreadcrumbList\",\"@id\":\"https:\\\/\\\/www.sunnyshop211.com\\\/produit\\\/%f0%9f%8d%bc-commode-table-a-langer-miniature-1-4\\\/#breadcrumb\",\"itemListElement\":[{\"@type\":\"ListItem\",\"position\":1,\"name\":\"Accueil\",\"item\":\"https:\\\/\\\/www.sunnyshop211.com\\\/\"},{\"@type\":\"ListItem\",\"position\":2,\"name\":\"Boutique\",\"item\":\"https:\\\/\\\/www.sunnyshop211.com\\\/boutique-miniature-bjd-dolls\\\/\"},{\"@type\":\"ListItem\",\"position\":3,\"name\":\"Commode \u00e0 langer miniature 1\\\/4 bjd minifee, pukifee, bjd baby\"}]},{\"@type\":\"WebSite\",\"@id\":\"https:\\\/\\\/www.sunnyshop211.com\\\/#website\",\"url\":\"https:\\\/\\\/www.sunnyshop211.com\\\/\",\"name\":\"Vente de dioramas, meubles, miniatures , bjd poup\u00e9es 1\\\/12 1\\\/8 1\\\/6 1\\\/4 1\\\/3\",\"description\":\"Sunnyshop211 - Votre univers miniature pour poup\u00e9es et BJD, dioramas et meubles sur mesure !\",\"publisher\":{\"@id\":\"https:\\\/\\\/www.sunnyshop211.com\\\/#organization\"},\"alternateName\":\"sunnyshop211\",\"potentialAction\":[{\"@type\":\"SearchAction\",\"target\":{\"@type\":\"EntryPoint\",\"urlTemplate\":\"https:\\\/\\\/www.sunnyshop211.com\\\/?s={search_term_string}\"},\"query-input\":{\"@type\":\"PropertyValueSpecification\",\"valueRequired\":true,\"valueName\":\"search_term_string\"}}],\"inLanguage\":\"en-US\"},{\"@type\":\"Organization\",\"@id\":\"https:\\\/\\\/www.sunnyshop211.com\\\/#organization\",\"name\":\"sunnyshop211\",\"alternateName\":\"sunnyshop211 diorama bjd meuble miniature\",\"url\":\"https:\\\/\\\/www.sunnyshop211.com\\\/\",\"logo\":{\"@type\":\"ImageObject\",\"inLanguage\":\"en-US\",\"@id\":\"https:\\\/\\\/www.sunnyshop211.com\\\/#\\\/schema\\\/logo\\\/image\\\/\",\"url\":\"https:\\\/\\\/www.sunnyshop211.com\\\/wp-content\\\/uploads\\\/2022\\\/08\\\/cropped-cropped-cropped-Sunnyshop211-1.png\",\"contentUrl\":\"https:\\\/\\\/www.sunnyshop211.com\\\/wp-content\\\/uploads\\\/2022\\\/08\\\/cropped-cropped-cropped-Sunnyshop211-1.png\",\"width\":339,\"height\":339,\"caption\":\"sunnyshop211\"},\"image\":{\"@id\":\"https:\\\/\\\/www.sunnyshop211.com\\\/#\\\/schema\\\/logo\\\/image\\\/\"},\"sameAs\":[\"https:\\\/\\\/www.facebook.com\\\/sunnyshop211\\\/?ref=bookmarks\",\"https:\\\/\\\/x.com\\\/sunnyshop211\",\"https:\\\/\\\/www.instagram.com\\\/sunnyshop211\\\/\",\"https:\\\/\\\/www.tumblr.com\\\/blog\\\/sunnyshop211\",\"https:\\\/\\\/www.youtube.com\\\/channel\\\/UCtYY18OGGDKrTSzgcf7fCBg\",\"https:\\\/\\\/www.tiktok.com\\\/@sunnydollshop211?is_from_webapp=1&sender_device=pc\"]}]}<\/script>\n<!-- \/ Yoast SEO plugin. -->","yoast_head_json":{"title":"Miniature changing chest 1\/4 bjd minifee, pukifee, bjd baby -","description":"Dresser miniature changing table 1\/4 diorama bjd minifee MSD , pukifee, lati yellow , bjd baby ,nappy choo or similar.","robots":{"index":"index","follow":"follow","max-snippet":"max-snippet:-1","max-image-preview":"max-image-preview:large","max-video-preview":"max-video-preview:-1"},"canonical":"https:\/\/www.sunnyshop211.com\/en\/product\/\ud83c\udf7c-commode-table-a-langer-miniature-1-4\/","og_locale":"en_US","og_type":"article","og_title":"Commode \u00e0 langer miniature 1\/4 bjd minifee, pukifee, bjd baby -","og_description":"Commode table \u00e0 langer miniature 1\/4 diorama bjd minifee MSD , pukifee, lati yellow , bjd baby ,nappy choo ou similaires.","og_url":"https:\/\/www.sunnyshop211.com\/en\/product\/\ud83c\udf7c-commode-table-a-langer-miniature-1-4\/","og_site_name":"Sunnyshop211 -Vente de dioramas, meubles, miniatures , bjd poup\u00e9es 1\/12 1\/8 1\/6 1\/4 1\/3","article_publisher":"https:\/\/www.facebook.com\/sunnyshop211\/?ref=bookmarks","article_modified_time":"2026-01-20T09:49:31+00:00","og_image":[{"width":1443,"height":2560,"url":"https:\/\/www.sunnyshop211.com\/wp-content\/uploads\/2026\/01\/16-scaled.jpg","type":"image\/jpeg"}],"twitter_card":"summary_large_image","twitter_site":"@sunnyshop211","twitter_misc":{"Est. reading time":"3 minutes"},"schema":{"@context":"https:\/\/schema.org","@graph":[{"@type":"WebPage","@id":"https:\/\/www.sunnyshop211.com\/produit\/%f0%9f%8d%bc-commode-table-a-langer-miniature-1-4\/","url":"https:\/\/www.sunnyshop211.com\/produit\/%f0%9f%8d%bc-commode-table-a-langer-miniature-1-4\/","name":"Miniature changing chest 1\/4 bjd minifee, pukifee, bjd baby -","isPartOf":{"@id":"https:\/\/www.sunnyshop211.com\/#website"},"primaryImageOfPage":{"@id":"https:\/\/www.sunnyshop211.com\/produit\/%f0%9f%8d%bc-commode-table-a-langer-miniature-1-4\/#primaryimage"},"image":{"@id":"https:\/\/www.sunnyshop211.com\/produit\/%f0%9f%8d%bc-commode-table-a-langer-miniature-1-4\/#primaryimage"},"thumbnailUrl":"https:\/\/www.sunnyshop211.com\/wp-content\/uploads\/2026\/01\/16-scaled.jpg","datePublished":"2026-01-20T09:40:04+00:00","dateModified":"2026-01-20T09:49:31+00:00","description":"Dresser miniature changing table 1\/4 diorama bjd minifee MSD , pukifee, lati yellow , bjd baby ,nappy choo or similar.","breadcrumb":{"@id":"https:\/\/www.sunnyshop211.com\/produit\/%f0%9f%8d%bc-commode-table-a-langer-miniature-1-4\/#breadcrumb"},"inLanguage":"en-US","potentialAction":[{"@type":"ReadAction","target":["https:\/\/www.sunnyshop211.com\/produit\/%f0%9f%8d%bc-commode-table-a-langer-miniature-1-4\/"]}]},{"@type":"ImageObject","inLanguage":"en-US","@id":"https:\/\/www.sunnyshop211.com\/produit\/%f0%9f%8d%bc-commode-table-a-langer-miniature-1-4\/#primaryimage","url":"https:\/\/www.sunnyshop211.com\/wp-content\/uploads\/2026\/01\/16-scaled.jpg","contentUrl":"https:\/\/www.sunnyshop211.com\/wp-content\/uploads\/2026\/01\/16-scaled.jpg","width":1443,"height":2560,"caption":"Commode \u00e0 langer miniature 1\/4 bjd minifee, pukifee, bjd baby"},{"@type":"BreadcrumbList","@id":"https:\/\/www.sunnyshop211.com\/produit\/%f0%9f%8d%bc-commode-table-a-langer-miniature-1-4\/#breadcrumb","itemListElement":[{"@type":"ListItem","position":1,"name":"Accueil","item":"https:\/\/www.sunnyshop211.com\/"},{"@type":"ListItem","position":2,"name":"Boutique","item":"https:\/\/www.sunnyshop211.com\/boutique-miniature-bjd-dolls\/"},{"@type":"ListItem","position":3,"name":"Commode \u00e0 langer miniature 1\/4 bjd minifee, pukifee, bjd baby"}]},{"@type":"WebSite","@id":"https:\/\/www.sunnyshop211.com\/#website","url":"https:\/\/www.sunnyshop211.com\/","name":"Sale of dioramas, furniture, miniatures, bjd dolls 1\/12 1\/8 1\/6 1\/4 1\/3","description":"Sunnyshop211 - Your miniature world for dolls and BJDs, dioramas and custom-made furniture!","publisher":{"@id":"https:\/\/www.sunnyshop211.com\/#organization"},"alternateName":"sunnyshop211","potentialAction":[{"@type":"SearchAction","target":{"@type":"EntryPoint","urlTemplate":"https:\/\/www.sunnyshop211.com\/?s={search_term_string}"},"query-input":{"@type":"PropertyValueSpecification","valueRequired":true,"valueName":"search_term_string"}}],"inLanguage":"en-US"},{"@type":"Organization","@id":"https:\/\/www.sunnyshop211.com\/#organization","name":"sunnyshop211","alternateName":"sunnyshop211 diorama bjd meuble miniature","url":"https:\/\/www.sunnyshop211.com\/","logo":{"@type":"ImageObject","inLanguage":"en-US","@id":"https:\/\/www.sunnyshop211.com\/#\/schema\/logo\/image\/","url":"https:\/\/www.sunnyshop211.com\/wp-content\/uploads\/2022\/08\/cropped-cropped-cropped-Sunnyshop211-1.png","contentUrl":"https:\/\/www.sunnyshop211.com\/wp-content\/uploads\/2022\/08\/cropped-cropped-cropped-Sunnyshop211-1.png","width":339,"height":339,"caption":"sunnyshop211"},"image":{"@id":"https:\/\/www.sunnyshop211.com\/#\/schema\/logo\/image\/"},"sameAs":["https:\/\/www.facebook.com\/sunnyshop211\/?ref=bookmarks","https:\/\/x.com\/sunnyshop211","https:\/\/www.instagram.com\/sunnyshop211\/","https:\/\/www.tumblr.com\/blog\/sunnyshop211","https:\/\/www.youtube.com\/channel\/UCtYY18OGGDKrTSzgcf7fCBg","https:\/\/www.tiktok.com\/@sunnydollshop211?is_from_webapp=1&sender_device=pc"]}]}},"jetpack_publicize_connections":[],"jetpack_sharing_enabled":true,"_links":{"self":[{"href":"https:\/\/www.sunnyshop211.com\/en\/wp-json\/wp\/v2\/product\/54786","targetHints":{"allow":["GET"]}}],"collection":[{"href":"https:\/\/www.sunnyshop211.com\/en\/wp-json\/wp\/v2\/product"}],"about":[{"href":"https:\/\/www.sunnyshop211.com\/en\/wp-json\/wp\/v2\/types\/product"}],"replies":[{"embeddable":true,"href":"https:\/\/www.sunnyshop211.com\/en\/wp-json\/wp\/v2\/comments?post=54786"}],"version-history":[{"count":2,"href":"https:\/\/www.sunnyshop211.com\/en\/wp-json\/wp\/v2\/product\/54786\/revisions"}],"predecessor-version":[{"id":54828,"href":"https:\/\/www.sunnyshop211.com\/en\/wp-json\/wp\/v2\/product\/54786\/revisions\/54828"}],"wp:featuredmedia":[{"embeddable":true,"href":"https:\/\/www.sunnyshop211.com\/en\/wp-json\/wp\/v2\/media\/54502"}],"wp:attachment":[{"href":"https:\/\/www.sunnyshop211.com\/en\/wp-json\/wp\/v2\/media?parent=54786"}],"wp:term":[{"taxonomy":"product_brand","embeddable":true,"href":"https:\/\/www.sunnyshop211.com\/en\/wp-json\/wp\/v2\/product_brand?post=54786"},{"taxonomy":"product_cat","embeddable":true,"href":"https:\/\/www.sunnyshop211.com\/en\/wp-json\/wp\/v2\/product_cat?post=54786"},{"taxonomy":"product_tag","embeddable":true,"href":"https:\/\/www.sunnyshop211.com\/en\/wp-json\/wp\/v2\/product_tag?post=54786"}],"curies":[{"name":"wp","href":"https:\/\/api.w.org\/{rel}","templated":true}]}}