{"id":54780,"date":"2026-01-20T10:24:16","date_gmt":"2026-01-20T09:24:16","guid":{"rendered":"https:\/\/www.sunnyshop211.com\/?post_type=product&#038;p=54780"},"modified":"2026-01-20T10:35:36","modified_gmt":"2026-01-20T09:35:36","slug":"ensemble-de-lit-noeud-bjd-bebe","status":"publish","type":"product","link":"https:\/\/www.sunnyshop211.com\/en\/product\/ensemble-de-lit-noeud-bjd-bebe\/","title":{"rendered":"\u00a0BJD baby knot bed set"},"content":{"rendered":"<div id='gallery-1' class='gallery galleryid-54780 gallery-columns-3 gallery-size-thumbnail'><figure class='gallery-item'>\n\t\t\t<div class='gallery-icon landscape'>\n\t\t\t\t<a href='https:\/\/www.sunnyshop211.com\/en\/?attachment_id=54496'><img decoding=\"async\" width=\"150\" height=\"150\" src=\"https:\/\/www.sunnyshop211.com\/wp-content\/uploads\/2026\/01\/10-2-150x150.jpg\" class=\"attachment-thumbnail size-thumbnail\" alt=\"\u00a0Ensemble de lit n\u0153ud BJD b\u00e9b\u00e9\" srcset=\"https:\/\/www.sunnyshop211.com\/wp-content\/uploads\/2026\/01\/10-2-150x150.jpg 150w, https:\/\/www.sunnyshop211.com\/wp-content\/uploads\/2026\/01\/10-2-500x500.jpg 500w, https:\/\/www.sunnyshop211.com\/wp-content\/uploads\/2026\/01\/10-2-100x100.jpg 100w\" sizes=\"(max-width: 150px) 100vw, 150px\" \/><\/a>\n\t\t\t<\/div><\/figure><figure class='gallery-item'>\n\t\t\t<div class='gallery-icon landscape'>\n\t\t\t\t<a href='https:\/\/www.sunnyshop211.com\/en\/?attachment_id=54497'><img decoding=\"async\" width=\"150\" height=\"150\" src=\"https:\/\/www.sunnyshop211.com\/wp-content\/uploads\/2026\/01\/11-1-150x150.jpg\" class=\"attachment-thumbnail size-thumbnail\" alt=\"\" srcset=\"https:\/\/www.sunnyshop211.com\/wp-content\/uploads\/2026\/01\/11-1-150x150.jpg 150w, https:\/\/www.sunnyshop211.com\/wp-content\/uploads\/2026\/01\/11-1-500x500.jpg 500w, https:\/\/www.sunnyshop211.com\/wp-content\/uploads\/2026\/01\/11-1-100x100.jpg 100w\" sizes=\"(max-width: 150px) 100vw, 150px\" \/><\/a>\n\t\t\t<\/div><\/figure><figure class='gallery-item'>\n\t\t\t<div class='gallery-icon portrait'>\n\t\t\t\t<a href='https:\/\/www.sunnyshop211.com\/en\/?attachment_id=54494'><img decoding=\"async\" width=\"150\" height=\"150\" src=\"https:\/\/www.sunnyshop211.com\/wp-content\/uploads\/2026\/01\/8-4-150x150.jpg\" class=\"attachment-thumbnail size-thumbnail\" alt=\"\u00a0Ensemble de lit n\u0153ud BJD b\u00e9b\u00e9\" srcset=\"https:\/\/www.sunnyshop211.com\/wp-content\/uploads\/2026\/01\/8-4-150x150.jpg 150w, https:\/\/www.sunnyshop211.com\/wp-content\/uploads\/2026\/01\/8-4-500x500.jpg 500w, https:\/\/www.sunnyshop211.com\/wp-content\/uploads\/2026\/01\/8-4-100x100.jpg 100w\" sizes=\"(max-width: 150px) 100vw, 150px\" \/><\/a>\n\t\t\t<\/div><\/figure>\n\t\t<\/div>\n\n<h2 data-start=\"297\" data-end=\"315\">\u00a0BJD baby knot bed set<\/h2>\n<p data-start=\"226\" data-end=\"290\">Pukifee - Lati Yellow - Nappy Choo - Reborn - similar sizes<\/p>\n<hr data-start=\"292\" data-end=\"295\" \/>\n<h3 data-start=\"297\" data-end=\"315\">Description<\/h3>\n<p data-start=\"317\" data-end=\"556\">This miniature bed set <strong data-start=\"347\" data-end=\"361\">node<\/strong> is perfect for creating a baby room full of softness.<br data-start=\"437\" data-end=\"440\" \/>Ideal for little princesses, it will bring a touch of softness and warmth to your dioramas and stagings.<\/p>\n<hr data-start=\"558\" data-end=\"561\" \/>\n<h3 data-start=\"563\" data-end=\"583\">\ud83d\udc76 Compatibility<\/h3>\n<p data-start=\"585\" data-end=\"636\">The set adapts to <strong data-start=\"607\" data-end=\"635\">my miniature cribs<\/strong>.<\/p>\n<p data-start=\"638\" data-end=\"822\">Suitable for :<br data-start=\"653\" data-end=\"656\" \/>- BJD babies approx. <strong>10\/ 15 cm<\/strong> : mes b\u00e9b\u00e9 bjd, Pukifee, Lati Yellow, Nappy Choo, BJD baby, mini reborn<br data-start=\"745\" data-end=\"748\" \/>- Mamans dolls au <strong data-start=\"766\" data-end=\"773\">1\/4<\/strong> Minifee, MSD (\u2248 42 cm) for staging<\/p>\n<hr data-start=\"824\" data-end=\"827\" \/>\n<h3 data-start=\"829\" data-end=\"862\">\ud83d\udecf\ufe0f Set composition<\/h3>\n<p data-start=\"864\" data-end=\"965\">The node bed set includes :<br data-start=\"903\" data-end=\"906\" \/>\u2022 <strong data-start=\"908\" data-end=\"925\">1 bed bumper<\/strong><br data-start=\"925\" data-end=\"928\" \/>\u2022 <strong data-start=\"930\" data-end=\"946\">1 blanket: one pink bow side one white padded fleece side<\/strong><br data-start=\"946\" data-end=\"949\" \/>\u2022 <strong data-start=\"951\" data-end=\"965\">1 pillow<\/strong><\/p>\n<hr data-start=\"967\" data-end=\"970\" \/>\n<h3 data-start=\"972\" data-end=\"1001\">\ud83e\udeb5 Handcrafted<\/h3>\n<p data-start=\"1003\" data-end=\"1217\">Made to order<br data-start=\"1023\" data-end=\"1026\" \/>Handcrafted :<br data-start=\"1050\" data-end=\"1053\" \/>slight variations in shape, color or finish may occur<br data-start=\"1129\" data-end=\"1132\" \/>Minor imperfections are part of the charm of handmade products.<\/p>\n<hr data-start=\"1219\" data-end=\"1222\" \/>\n<h3 data-start=\"1224\" data-end=\"1247\">\ud83c\udfe1 To be completed with<\/h3>\n<p data-start=\"1249\" data-end=\"1379\">In the store you will also find :<br data-start=\"1292\" data-end=\"1295\" \/>- Miniature cots<br data-start=\"1317\" data-end=\"1320\" \/>- Nursery furniture<br data-start=\"1337\" data-end=\"1340\" \/>- Matching decorations and accessories<\/p>\n<p data-start=\"1381\" data-end=\"1409\">(Items sold separately)<\/p>\n<hr data-start=\"1411\" data-end=\"1414\" \/>\n<h3 data-start=\"1416\" data-end=\"1447\">\u2139\ufe0f Important information<\/h3>\n<p data-start=\"1449\" data-end=\"1942\">- The photos are examples of staging<br data-start=\"1496\" data-end=\"1499\" \/>- Only bed set sold (bed, dolls and accessories not included)<br data-start=\"1574\" data-end=\"1577\" \/>- Compatible with my furniture sold separately in the store<br data-start=\"1641\" data-end=\"1644\" \/>- Other decorations are available in the store<br data-start=\"1702\" data-end=\"1705\" \/>- Please take into account manufacturing and delivery times (see General Sales Conditions).<br data-start=\"1807\" data-end=\"1810\" \/>- This is not a toy - intended for an adult audience<br data-start=\"1872\" data-end=\"1875\" \/>- I am not responsible for any damage incurred in transit.<\/p>\n<hr data-start=\"1944\" data-end=\"1947\" \/>\n<h3 data-start=\"1949\" data-end=\"1985\">\ud83d\udcf8 More photos &amp; inspiration<\/h3>\n<p data-start=\"1987\" data-end=\"2029\">\ud83d\udc49 <a class=\"decorated-link\" href=\"https:\/\/www.instagram.com\/sunnyshop211\/\" target=\"_new\" rel=\"noopener\" data-start=\"1990\" data-end=\"2029\">https:\/\/www.instagram.com\/sunnyshop211\/<\/a><\/p>\n<hr data-start=\"2031\" data-end=\"2034\" \/>\n<p data-start=\"2036\" data-end=\"2142\">\u2728 A tender, playful dinosaur bed set for miniature baby rooms full of adventure.<\/p>","protected":false},"excerpt":{"rendered":"<p>\u00a0Ensemble de lit n\u0153ud BJD b\u00e9b\u00e9 Pukifee \u2013 Lati Yellow \u2013 Nappy Choo \u2013 Reborn \u2013 tailles similaires Description Cet ensemble de lit miniature n\u0153ud est parfait pour cr\u00e9er une chambre de b\u00e9b\u00e9 pleine de douceur.Id\u00e9al pour les petites princesse, il apportera une touche de douceur et chaleureuse \u00e0 vos dioramas et mises en sc\u00e8ne. [&hellip;]<\/p>\n","protected":false},"featured_media":54496,"comment_status":"open","ping_status":"closed","template":"","meta":{"_crdt_document":"","jetpack_post_was_ever_published":false,"jetpack_publicize_message":"","jetpack_publicize_feature_enabled":true,"jetpack_social_post_already_shared":true,"jetpack_social_options":{"image_generator_settings":{"template":"highway","default_image_id":0,"font":"","enabled":false},"version":2}},"product_brand":[],"product_cat":[667686987],"product_tag":[667681137,667681138,667681224,667681136,667681234,667681226,667681725,667681225,667681139,667681144,667681261,667681281,667681173,667681717,667681820,667681141,667681177,667681140,667681235,667681223],"class_list":{"0":"post-54780","1":"product","2":"type-product","3":"status-publish","4":"has-post-thumbnail","6":"product_cat-textile","7":"product_tag-baby","8":"product_tag-bebe","9":"product_tag-bed-crib","10":"product_tag-bjd","11":"product_tag-diorama","12":"product_tag-doll","13":"product_tag-dolly","14":"product_tag-furniture","15":"product_tag-lati-yellow","16":"product_tag-lit","17":"product_tag-meuble","18":"product_tag-meubles","19":"product_tag-minifee","20":"product_tag-mobile","21":"product_tag-mobile-baby","22":"product_tag-nappy-choo","23":"product_tag-poupee","24":"product_tag-pukifee","25":"product_tag-roombox","26":"product_tag-tour-de-lit","27":"product_shipping_class-lettre-suivie","29":"first","30":"instock","31":"taxable","32":"shipping-taxable","33":"purchasable","34":"product-type-simple"},"yoast_head":"<!-- This site is optimized with the Yoast SEO plugin v27.4 - https:\/\/yoast.com\/product\/yoast-seo-wordpress\/ -->\n<title>\u00a0Ensemble de lit n\u0153ud BJD b\u00e9b\u00e9 -<\/title>\n<meta name=\"description\" content=\"\u00a0Ensemble de lit n\u0153ud BJD b\u00e9b\u00e9 baby pukifee, lati Yellow, Nappy choo, reborn. ce petit ensemble de lit est parfait pour vos petits aventuriers.\" \/>\n<meta name=\"robots\" content=\"index, follow, max-snippet:-1, max-image-preview:large, max-video-preview:-1\" \/>\n<link rel=\"canonical\" href=\"https:\/\/www.sunnyshop211.com\/en\/product\/ensemble-de-lit-noeud-bjd-bebe\/\" \/>\n<meta property=\"og:locale\" content=\"en_US\" \/>\n<meta property=\"og:type\" content=\"article\" \/>\n<meta property=\"og:title\" content=\"\u00a0Ensemble de lit n\u0153ud BJD b\u00e9b\u00e9 -\" \/>\n<meta property=\"og:description\" content=\"\u00a0Ensemble de lit n\u0153ud BJD b\u00e9b\u00e9 baby pukifee, lati Yellow, Nappy choo, reborn. ce petit ensemble de lit est parfait pour vos petits aventuriers.\" \/>\n<meta property=\"og:url\" content=\"https:\/\/www.sunnyshop211.com\/en\/product\/ensemble-de-lit-noeud-bjd-bebe\/\" \/>\n<meta property=\"og:site_name\" content=\"Sunnyshop211 -Vente de dioramas, meubles, miniatures , bjd poup\u00e9es 1\/12 1\/8 1\/6 1\/4 1\/3\" \/>\n<meta property=\"article:publisher\" content=\"https:\/\/www.facebook.com\/sunnyshop211\/?ref=bookmarks\" \/>\n<meta property=\"article:modified_time\" content=\"2026-01-20T09:35:36+00:00\" \/>\n<meta property=\"og:image\" content=\"https:\/\/www.sunnyshop211.com\/wp-content\/uploads\/2026\/01\/10-2-scaled.jpg\" \/>\n\t<meta property=\"og:image:width\" content=\"2560\" \/>\n\t<meta property=\"og:image:height\" content=\"1890\" \/>\n\t<meta property=\"og:image:type\" content=\"image\/jpeg\" \/>\n<meta name=\"twitter:card\" content=\"summary_large_image\" \/>\n<meta name=\"twitter:site\" content=\"@sunnyshop211\" \/>\n<meta name=\"twitter:label1\" content=\"Est. reading time\" \/>\n\t<meta name=\"twitter:data1\" content=\"2 minutes\" \/>\n<script type=\"application\/ld+json\" class=\"yoast-schema-graph\">{\"@context\":\"https:\\\/\\\/schema.org\",\"@graph\":[{\"@type\":\"WebPage\",\"@id\":\"https:\\\/\\\/www.sunnyshop211.com\\\/produit\\\/ensemble-de-lit-noeud-bjd-bebe\\\/\",\"url\":\"https:\\\/\\\/www.sunnyshop211.com\\\/produit\\\/ensemble-de-lit-noeud-bjd-bebe\\\/\",\"name\":\"\u00a0Ensemble de lit n\u0153ud BJD b\u00e9b\u00e9 -\",\"isPartOf\":{\"@id\":\"https:\\\/\\\/www.sunnyshop211.com\\\/#website\"},\"primaryImageOfPage\":{\"@id\":\"https:\\\/\\\/www.sunnyshop211.com\\\/produit\\\/ensemble-de-lit-noeud-bjd-bebe\\\/#primaryimage\"},\"image\":{\"@id\":\"https:\\\/\\\/www.sunnyshop211.com\\\/produit\\\/ensemble-de-lit-noeud-bjd-bebe\\\/#primaryimage\"},\"thumbnailUrl\":\"https:\\\/\\\/www.sunnyshop211.com\\\/wp-content\\\/uploads\\\/2026\\\/01\\\/10-2-scaled.jpg\",\"datePublished\":\"2026-01-20T09:24:16+00:00\",\"dateModified\":\"2026-01-20T09:35:36+00:00\",\"description\":\"\u00a0Ensemble de lit n\u0153ud BJD b\u00e9b\u00e9 baby pukifee, lati Yellow, Nappy choo, reborn. ce petit ensemble de lit est parfait pour vos petits aventuriers.\",\"breadcrumb\":{\"@id\":\"https:\\\/\\\/www.sunnyshop211.com\\\/produit\\\/ensemble-de-lit-noeud-bjd-bebe\\\/#breadcrumb\"},\"inLanguage\":\"en-US\",\"potentialAction\":[{\"@type\":\"ReadAction\",\"target\":[\"https:\\\/\\\/www.sunnyshop211.com\\\/produit\\\/ensemble-de-lit-noeud-bjd-bebe\\\/\"]}]},{\"@type\":\"ImageObject\",\"inLanguage\":\"en-US\",\"@id\":\"https:\\\/\\\/www.sunnyshop211.com\\\/produit\\\/ensemble-de-lit-noeud-bjd-bebe\\\/#primaryimage\",\"url\":\"https:\\\/\\\/www.sunnyshop211.com\\\/wp-content\\\/uploads\\\/2026\\\/01\\\/10-2-scaled.jpg\",\"contentUrl\":\"https:\\\/\\\/www.sunnyshop211.com\\\/wp-content\\\/uploads\\\/2026\\\/01\\\/10-2-scaled.jpg\",\"width\":2560,\"height\":1890,\"caption\":\"\u00a0Ensemble de lit n\u0153ud BJD b\u00e9b\u00e9\"},{\"@type\":\"BreadcrumbList\",\"@id\":\"https:\\\/\\\/www.sunnyshop211.com\\\/produit\\\/ensemble-de-lit-noeud-bjd-bebe\\\/#breadcrumb\",\"itemListElement\":[{\"@type\":\"ListItem\",\"position\":1,\"name\":\"Accueil\",\"item\":\"https:\\\/\\\/www.sunnyshop211.com\\\/\"},{\"@type\":\"ListItem\",\"position\":2,\"name\":\"Boutique\",\"item\":\"https:\\\/\\\/www.sunnyshop211.com\\\/boutique-miniature-bjd-dolls\\\/\"},{\"@type\":\"ListItem\",\"position\":3,\"name\":\"\u00a0Ensemble de lit n\u0153ud BJD b\u00e9b\u00e9\"}]},{\"@type\":\"WebSite\",\"@id\":\"https:\\\/\\\/www.sunnyshop211.com\\\/#website\",\"url\":\"https:\\\/\\\/www.sunnyshop211.com\\\/\",\"name\":\"Vente de dioramas, meubles, miniatures , bjd poup\u00e9es 1\\\/12 1\\\/8 1\\\/6 1\\\/4 1\\\/3\",\"description\":\"Sunnyshop211 - Votre univers miniature pour poup\u00e9es et BJD, dioramas et meubles sur mesure !\",\"publisher\":{\"@id\":\"https:\\\/\\\/www.sunnyshop211.com\\\/#organization\"},\"alternateName\":\"sunnyshop211\",\"potentialAction\":[{\"@type\":\"SearchAction\",\"target\":{\"@type\":\"EntryPoint\",\"urlTemplate\":\"https:\\\/\\\/www.sunnyshop211.com\\\/?s={search_term_string}\"},\"query-input\":{\"@type\":\"PropertyValueSpecification\",\"valueRequired\":true,\"valueName\":\"search_term_string\"}}],\"inLanguage\":\"en-US\"},{\"@type\":\"Organization\",\"@id\":\"https:\\\/\\\/www.sunnyshop211.com\\\/#organization\",\"name\":\"sunnyshop211\",\"alternateName\":\"sunnyshop211 diorama bjd meuble miniature\",\"url\":\"https:\\\/\\\/www.sunnyshop211.com\\\/\",\"logo\":{\"@type\":\"ImageObject\",\"inLanguage\":\"en-US\",\"@id\":\"https:\\\/\\\/www.sunnyshop211.com\\\/#\\\/schema\\\/logo\\\/image\\\/\",\"url\":\"https:\\\/\\\/www.sunnyshop211.com\\\/wp-content\\\/uploads\\\/2022\\\/08\\\/cropped-cropped-cropped-Sunnyshop211-1.png\",\"contentUrl\":\"https:\\\/\\\/www.sunnyshop211.com\\\/wp-content\\\/uploads\\\/2022\\\/08\\\/cropped-cropped-cropped-Sunnyshop211-1.png\",\"width\":339,\"height\":339,\"caption\":\"sunnyshop211\"},\"image\":{\"@id\":\"https:\\\/\\\/www.sunnyshop211.com\\\/#\\\/schema\\\/logo\\\/image\\\/\"},\"sameAs\":[\"https:\\\/\\\/www.facebook.com\\\/sunnyshop211\\\/?ref=bookmarks\",\"https:\\\/\\\/x.com\\\/sunnyshop211\",\"https:\\\/\\\/www.instagram.com\\\/sunnyshop211\\\/\",\"https:\\\/\\\/www.tumblr.com\\\/blog\\\/sunnyshop211\",\"https:\\\/\\\/www.youtube.com\\\/channel\\\/UCtYY18OGGDKrTSzgcf7fCBg\",\"https:\\\/\\\/www.tiktok.com\\\/@sunnydollshop211?is_from_webapp=1&sender_device=pc\"]}]}<\/script>\n<!-- \/ Yoast SEO plugin. -->","yoast_head_json":{"title":"\u00a0BJD baby knot bed set -","description":"\u00a0BJD baby pukifee knot bed set, lati Yellow, Nappy choo, reborn. this little bed set is perfect for your little adventurers.","robots":{"index":"index","follow":"follow","max-snippet":"max-snippet:-1","max-image-preview":"max-image-preview:large","max-video-preview":"max-video-preview:-1"},"canonical":"https:\/\/www.sunnyshop211.com\/en\/product\/ensemble-de-lit-noeud-bjd-bebe\/","og_locale":"en_US","og_type":"article","og_title":"\u00a0Ensemble de lit n\u0153ud BJD b\u00e9b\u00e9 -","og_description":"\u00a0Ensemble de lit n\u0153ud BJD b\u00e9b\u00e9 baby pukifee, lati Yellow, Nappy choo, reborn. ce petit ensemble de lit est parfait pour vos petits aventuriers.","og_url":"https:\/\/www.sunnyshop211.com\/en\/product\/ensemble-de-lit-noeud-bjd-bebe\/","og_site_name":"Sunnyshop211 -Vente de dioramas, meubles, miniatures , bjd poup\u00e9es 1\/12 1\/8 1\/6 1\/4 1\/3","article_publisher":"https:\/\/www.facebook.com\/sunnyshop211\/?ref=bookmarks","article_modified_time":"2026-01-20T09:35:36+00:00","og_image":[{"width":2560,"height":1890,"url":"https:\/\/www.sunnyshop211.com\/wp-content\/uploads\/2026\/01\/10-2-scaled.jpg","type":"image\/jpeg"}],"twitter_card":"summary_large_image","twitter_site":"@sunnyshop211","twitter_misc":{"Est. reading time":"2 minutes"},"schema":{"@context":"https:\/\/schema.org","@graph":[{"@type":"WebPage","@id":"https:\/\/www.sunnyshop211.com\/produit\/ensemble-de-lit-noeud-bjd-bebe\/","url":"https:\/\/www.sunnyshop211.com\/produit\/ensemble-de-lit-noeud-bjd-bebe\/","name":"\u00a0BJD baby knot bed set -","isPartOf":{"@id":"https:\/\/www.sunnyshop211.com\/#website"},"primaryImageOfPage":{"@id":"https:\/\/www.sunnyshop211.com\/produit\/ensemble-de-lit-noeud-bjd-bebe\/#primaryimage"},"image":{"@id":"https:\/\/www.sunnyshop211.com\/produit\/ensemble-de-lit-noeud-bjd-bebe\/#primaryimage"},"thumbnailUrl":"https:\/\/www.sunnyshop211.com\/wp-content\/uploads\/2026\/01\/10-2-scaled.jpg","datePublished":"2026-01-20T09:24:16+00:00","dateModified":"2026-01-20T09:35:36+00:00","description":"\u00a0BJD baby pukifee knot bed set, lati Yellow, Nappy choo, reborn. this little bed set is perfect for your little adventurers.","breadcrumb":{"@id":"https:\/\/www.sunnyshop211.com\/produit\/ensemble-de-lit-noeud-bjd-bebe\/#breadcrumb"},"inLanguage":"en-US","potentialAction":[{"@type":"ReadAction","target":["https:\/\/www.sunnyshop211.com\/produit\/ensemble-de-lit-noeud-bjd-bebe\/"]}]},{"@type":"ImageObject","inLanguage":"en-US","@id":"https:\/\/www.sunnyshop211.com\/produit\/ensemble-de-lit-noeud-bjd-bebe\/#primaryimage","url":"https:\/\/www.sunnyshop211.com\/wp-content\/uploads\/2026\/01\/10-2-scaled.jpg","contentUrl":"https:\/\/www.sunnyshop211.com\/wp-content\/uploads\/2026\/01\/10-2-scaled.jpg","width":2560,"height":1890,"caption":"\u00a0Ensemble de lit n\u0153ud BJD b\u00e9b\u00e9"},{"@type":"BreadcrumbList","@id":"https:\/\/www.sunnyshop211.com\/produit\/ensemble-de-lit-noeud-bjd-bebe\/#breadcrumb","itemListElement":[{"@type":"ListItem","position":1,"name":"Accueil","item":"https:\/\/www.sunnyshop211.com\/"},{"@type":"ListItem","position":2,"name":"Boutique","item":"https:\/\/www.sunnyshop211.com\/boutique-miniature-bjd-dolls\/"},{"@type":"ListItem","position":3,"name":"\u00a0Ensemble de lit n\u0153ud BJD b\u00e9b\u00e9"}]},{"@type":"WebSite","@id":"https:\/\/www.sunnyshop211.com\/#website","url":"https:\/\/www.sunnyshop211.com\/","name":"Sale of dioramas, furniture, miniatures, bjd dolls 1\/12 1\/8 1\/6 1\/4 1\/3","description":"Sunnyshop211 - Your miniature world for dolls and BJDs, dioramas and custom-made furniture!","publisher":{"@id":"https:\/\/www.sunnyshop211.com\/#organization"},"alternateName":"sunnyshop211","potentialAction":[{"@type":"SearchAction","target":{"@type":"EntryPoint","urlTemplate":"https:\/\/www.sunnyshop211.com\/?s={search_term_string}"},"query-input":{"@type":"PropertyValueSpecification","valueRequired":true,"valueName":"search_term_string"}}],"inLanguage":"en-US"},{"@type":"Organization","@id":"https:\/\/www.sunnyshop211.com\/#organization","name":"sunnyshop211","alternateName":"sunnyshop211 diorama bjd meuble miniature","url":"https:\/\/www.sunnyshop211.com\/","logo":{"@type":"ImageObject","inLanguage":"en-US","@id":"https:\/\/www.sunnyshop211.com\/#\/schema\/logo\/image\/","url":"https:\/\/www.sunnyshop211.com\/wp-content\/uploads\/2022\/08\/cropped-cropped-cropped-Sunnyshop211-1.png","contentUrl":"https:\/\/www.sunnyshop211.com\/wp-content\/uploads\/2022\/08\/cropped-cropped-cropped-Sunnyshop211-1.png","width":339,"height":339,"caption":"sunnyshop211"},"image":{"@id":"https:\/\/www.sunnyshop211.com\/#\/schema\/logo\/image\/"},"sameAs":["https:\/\/www.facebook.com\/sunnyshop211\/?ref=bookmarks","https:\/\/x.com\/sunnyshop211","https:\/\/www.instagram.com\/sunnyshop211\/","https:\/\/www.tumblr.com\/blog\/sunnyshop211","https:\/\/www.youtube.com\/channel\/UCtYY18OGGDKrTSzgcf7fCBg","https:\/\/www.tiktok.com\/@sunnydollshop211?is_from_webapp=1&sender_device=pc"]}]}},"jetpack_publicize_connections":[],"jetpack_sharing_enabled":true,"_links":{"self":[{"href":"https:\/\/www.sunnyshop211.com\/en\/wp-json\/wp\/v2\/product\/54780","targetHints":{"allow":["GET"]}}],"collection":[{"href":"https:\/\/www.sunnyshop211.com\/en\/wp-json\/wp\/v2\/product"}],"about":[{"href":"https:\/\/www.sunnyshop211.com\/en\/wp-json\/wp\/v2\/types\/product"}],"replies":[{"embeddable":true,"href":"https:\/\/www.sunnyshop211.com\/en\/wp-json\/wp\/v2\/comments?post=54780"}],"version-history":[{"count":1,"href":"https:\/\/www.sunnyshop211.com\/en\/wp-json\/wp\/v2\/product\/54780\/revisions"}],"predecessor-version":[{"id":54784,"href":"https:\/\/www.sunnyshop211.com\/en\/wp-json\/wp\/v2\/product\/54780\/revisions\/54784"}],"wp:featuredmedia":[{"embeddable":true,"href":"https:\/\/www.sunnyshop211.com\/en\/wp-json\/wp\/v2\/media\/54496"}],"wp:attachment":[{"href":"https:\/\/www.sunnyshop211.com\/en\/wp-json\/wp\/v2\/media?parent=54780"}],"wp:term":[{"taxonomy":"product_brand","embeddable":true,"href":"https:\/\/www.sunnyshop211.com\/en\/wp-json\/wp\/v2\/product_brand?post=54780"},{"taxonomy":"product_cat","embeddable":true,"href":"https:\/\/www.sunnyshop211.com\/en\/wp-json\/wp\/v2\/product_cat?post=54780"},{"taxonomy":"product_tag","embeddable":true,"href":"https:\/\/www.sunnyshop211.com\/en\/wp-json\/wp\/v2\/product_tag?post=54780"}],"curies":[{"name":"wp","href":"https:\/\/api.w.org\/{rel}","templated":true}]}}