{"id":54635,"date":"2026-01-18T15:13:41","date_gmt":"2026-01-18T14:13:41","guid":{"rendered":"https:\/\/www.sunnyshop211.com\/?post_type=product&#038;p=54635"},"modified":"2026-04-12T12:06:22","modified_gmt":"2026-04-12T11:06:22","slug":"lot-de-3-macarons-miniature-1-4-accessoire-diorama-bjd-minifee-msd","status":"publish","type":"product","link":"https:\/\/www.sunnyshop211.com\/en\/product\/lot-de-3-macarons-miniature-1-4-accessoire-diorama-bjd-minifee-msd\/","title":{"rendered":"Set of 3 miniature macaroons 1\/4 1\/3 BJD Minifee, MSD, SD"},"content":{"rendered":"<p>&nbsp;<\/p>\n<div id='gallery-1' class='gallery galleryid-54635 gallery-columns-3 gallery-size-thumbnail'><figure class='gallery-item'>\n\t\t\t<div class='gallery-icon landscape'>\n\t\t\t\t<a href='https:\/\/www.sunnyshop211.com\/en\/?attachment_id=54651'><img decoding=\"async\" width=\"150\" height=\"150\" src=\"https:\/\/www.sunnyshop211.com\/wp-content\/uploads\/2026\/01\/9-3-150x150.jpg\" class=\"attachment-thumbnail size-thumbnail\" alt=\"Lot de 3 macarons miniature 1\/4 1\/3 BJD Minifee, MSD, SD\" srcset=\"https:\/\/www.sunnyshop211.com\/wp-content\/uploads\/2026\/01\/9-3-150x150.jpg 150w, https:\/\/www.sunnyshop211.com\/wp-content\/uploads\/2026\/01\/9-3-500x500.jpg 500w, https:\/\/www.sunnyshop211.com\/wp-content\/uploads\/2026\/01\/9-3-100x100.jpg 100w\" sizes=\"(max-width: 150px) 100vw, 150px\" \/><\/a>\n\t\t\t<\/div><\/figure><figure class='gallery-item'>\n\t\t\t<div class='gallery-icon landscape'>\n\t\t\t\t<a href='https:\/\/www.sunnyshop211.com\/en\/?attachment_id=54648'><img decoding=\"async\" width=\"150\" height=\"150\" src=\"https:\/\/www.sunnyshop211.com\/wp-content\/uploads\/2026\/01\/6-150x150.jpg\" class=\"attachment-thumbnail size-thumbnail\" alt=\"\" srcset=\"https:\/\/www.sunnyshop211.com\/wp-content\/uploads\/2026\/01\/6-150x150.jpg 150w, https:\/\/www.sunnyshop211.com\/wp-content\/uploads\/2026\/01\/6-500x500.jpg 500w, https:\/\/www.sunnyshop211.com\/wp-content\/uploads\/2026\/01\/6-100x100.jpg 100w\" sizes=\"(max-width: 150px) 100vw, 150px\" \/><\/a>\n\t\t\t<\/div><\/figure><figure class='gallery-item'>\n\t\t\t<div class='gallery-icon landscape'>\n\t\t\t\t<a href='https:\/\/www.sunnyshop211.com\/en\/?attachment_id=54649'><img decoding=\"async\" width=\"150\" height=\"150\" src=\"https:\/\/www.sunnyshop211.com\/wp-content\/uploads\/2026\/01\/7-4-150x150.jpg\" class=\"attachment-thumbnail size-thumbnail\" alt=\"\" srcset=\"https:\/\/www.sunnyshop211.com\/wp-content\/uploads\/2026\/01\/7-4-150x150.jpg 150w, https:\/\/www.sunnyshop211.com\/wp-content\/uploads\/2026\/01\/7-4-500x500.jpg 500w, https:\/\/www.sunnyshop211.com\/wp-content\/uploads\/2026\/01\/7-4-100x100.jpg 100w\" sizes=\"(max-width: 150px) 100vw, 150px\" \/><\/a>\n\t\t\t<\/div><\/figure><figure class='gallery-item'>\n\t\t\t<div class='gallery-icon landscape'>\n\t\t\t\t<a href='https:\/\/www.sunnyshop211.com\/en\/?attachment_id=56099'><img loading=\"lazy\" decoding=\"async\" width=\"150\" height=\"150\" src=\"https:\/\/www.sunnyshop211.com\/wp-content\/uploads\/2026\/04\/20-1-150x150.jpg\" class=\"attachment-thumbnail size-thumbnail\" alt=\"Armoire \/ \u00c9tag\u00e8re miniature \u2013 1\/4 BJD \u2022 MSD \u2022 Minifee\" srcset=\"https:\/\/www.sunnyshop211.com\/wp-content\/uploads\/2026\/04\/20-1-150x150.jpg 150w, https:\/\/www.sunnyshop211.com\/wp-content\/uploads\/2026\/04\/20-1-500x500.jpg 500w, https:\/\/www.sunnyshop211.com\/wp-content\/uploads\/2026\/04\/20-1-100x100.jpg 100w\" sizes=\"(max-width: 150px) 100vw, 150px\" \/><\/a>\n\t\t\t<\/div><\/figure><figure class='gallery-item'>\n\t\t\t<div class='gallery-icon landscape'>\n\t\t\t\t<a href='https:\/\/www.sunnyshop211.com\/en\/?attachment_id=56097'><img loading=\"lazy\" decoding=\"async\" width=\"150\" height=\"150\" src=\"https:\/\/www.sunnyshop211.com\/wp-content\/uploads\/2026\/04\/18-1-150x150.jpg\" class=\"attachment-thumbnail size-thumbnail\" alt=\"\" srcset=\"https:\/\/www.sunnyshop211.com\/wp-content\/uploads\/2026\/04\/18-1-150x150.jpg 150w, https:\/\/www.sunnyshop211.com\/wp-content\/uploads\/2026\/04\/18-1-500x500.jpg 500w, https:\/\/www.sunnyshop211.com\/wp-content\/uploads\/2026\/04\/18-1-100x100.jpg 100w\" sizes=\"(max-width: 150px) 100vw, 150px\" \/><\/a>\n\t\t\t<\/div><\/figure><figure class='gallery-item'>\n\t\t\t<div class='gallery-icon portrait'>\n\t\t\t\t<a href='https:\/\/www.sunnyshop211.com\/en\/?attachment_id=56102'><img loading=\"lazy\" decoding=\"async\" width=\"150\" height=\"150\" src=\"https:\/\/www.sunnyshop211.com\/wp-content\/uploads\/2026\/04\/23-1-150x150.jpg\" class=\"attachment-thumbnail size-thumbnail\" alt=\"\" srcset=\"https:\/\/www.sunnyshop211.com\/wp-content\/uploads\/2026\/04\/23-1-150x150.jpg 150w, https:\/\/www.sunnyshop211.com\/wp-content\/uploads\/2026\/04\/23-1-500x500.jpg 500w, https:\/\/www.sunnyshop211.com\/wp-content\/uploads\/2026\/04\/23-1-100x100.jpg 100w\" sizes=\"(max-width: 150px) 100vw, 150px\" \/><\/a>\n\t\t\t<\/div><\/figure><figure class='gallery-item'>\n\t\t\t<div class='gallery-icon landscape'>\n\t\t\t\t<a href='https:\/\/www.sunnyshop211.com\/en\/?attachment_id=56104'><img loading=\"lazy\" decoding=\"async\" width=\"150\" height=\"150\" src=\"https:\/\/www.sunnyshop211.com\/wp-content\/uploads\/2026\/04\/25-150x150.jpg\" class=\"attachment-thumbnail size-thumbnail\" alt=\"G\u00e2teau chat miniature \u2013 1\/6 \u00b7 1\/4 \u00b7 1\/3\" srcset=\"https:\/\/www.sunnyshop211.com\/wp-content\/uploads\/2026\/04\/25-150x150.jpg 150w, https:\/\/www.sunnyshop211.com\/wp-content\/uploads\/2026\/04\/25-500x500.jpg 500w, https:\/\/www.sunnyshop211.com\/wp-content\/uploads\/2026\/04\/25-100x100.jpg 100w\" sizes=\"(max-width: 150px) 100vw, 150px\" \/><\/a>\n\t\t\t<\/div><\/figure>\n\t\t<\/div>\n\n<p>&nbsp;<\/p>\n<h3 data-start=\"138\" data-end=\"211\">Set of 3 miniature macaroons 1\/4 1\/3 BJD Minifee, MSD, SD<\/h3>\n<p data-start=\"213\" data-end=\"423\">Add a gourmet, delicate touch to your settings with this <strong data-start=\"284\" data-end=\"332\">set of 3 miniature macaroons, 1\/4 or 1\/3 scale<\/strong>\u00a0perfect to complete your dioramas, show scenes, tea party or pastry for dolls \ud83c\udf70<\/p>\n<hr data-start=\"509\" data-end=\"512\" \/>\n<h3 data-start=\"514\" data-end=\"535\">\ud83e\uddc1 Batch contents<\/h3>\n<p data-start=\"537\" data-end=\"714\">- Batch of <strong data-start=\"456\" data-end=\"481\">3 miniature macaroons<\/strong><br data-start=\"481\" data-end=\"484\" \/><br data-start=\"582\" data-end=\"585\" \/>pink finish white interior<\/p>\n<p data-start=\"537\" data-end=\"714\">or all chocolate<\/p>\n<hr data-start=\"716\" data-end=\"719\" \/>\n<h3 data-start=\"721\" data-end=\"758\">\ud83d\udccf Available sizes (to choose from)<\/h3>\n<p data-start=\"760\" data-end=\"787\">You choose the size:<\/p>\n<p data-start=\"789\" data-end=\"882\">\u2022 <strong data-start=\"791\" data-end=\"805\">Size 1\/4<\/strong> \u2192 about <strong data-start=\"816\" data-end=\"833\">1.5 cm wide<\/strong><br data-start=\"833\" data-end=\"836\" \/>\u2022 <strong data-start=\"838\" data-end=\"852\">Size 1\/3<\/strong> \u2192 about <strong data-start=\"863\" data-end=\"882\">2.5 cm wide<\/strong><\/p>\n<hr data-start=\"884\" data-end=\"887\" \/>\n<h3 data-start=\"889\" data-end=\"909\">\ud83e\uddf8 Compatibility<\/h3>\n<p data-start=\"911\" data-end=\"931\">Suitable for dolls:<\/p>\n<p data-start=\"933\" data-end=\"1019\"><strong data-start=\"933\" data-end=\"947\">Format 1\/4<\/strong><br data-start=\"947\" data-end=\"950\" \/>- MSD<br data-start=\"955\" data-end=\"958\" \/>- Minifee<br data-start=\"967\" data-end=\"970\" \/>- Unoa<br data-start=\"976\" data-end=\"979\" \/>- Bimong<br data-start=\"987\" data-end=\"990\" \/>- Other equivalent dolls<\/p>\n<p data-start=\"1021\" data-end=\"1102\"><strong data-start=\"1021\" data-end=\"1035\">Format 1\/3<\/strong><br data-start=\"1035\" data-end=\"1038\" \/>- SD<br data-start=\"1042\" data-end=\"1045\" \/>- Smart Doll<br data-start=\"1057\" data-end=\"1060\" \/>- Feeple<br data-start=\"1068\" data-end=\"1071\" \/>- Other dolls of the same size<\/p>\n<hr data-start=\"1104\" data-end=\"1107\" \/>\n<h3 data-start=\"1109\" data-end=\"1139\">\ud83c\udfa8 Manufacturing &amp; finishing<\/h3>\n<p data-start=\"1141\" data-end=\"1283\">- Made in <strong data-start=\"1155\" data-end=\"1165\">resin<\/strong><br data-start=\"1165\" data-end=\"1168\" \/>\u2022 <strong data-start=\"1170\" data-end=\"1201\">Hand-painted and decorated<\/strong><br data-start=\"1201\" data-end=\"1204\" \/>- Gourmet theme<br data-start=\"1226\" data-end=\"1229\" \/>- Realistic pastry appearance (fictional, non-food)<\/p>\n<p data-start=\"1285\" data-end=\"1393\">\ud83d\udc49 The dishes shown in the photos are available separately in the section <strong data-start=\"1366\" data-end=\"1377\">Kitchen<\/strong> store.<\/p>\n<hr data-start=\"1395\" data-end=\"1398\" \/>\n<h3 data-start=\"1400\" data-end=\"1413\">\ud83d\udcf8 Photos<\/h3>\n<p data-start=\"1415\" data-end=\"1519\">The photos are <strong data-start=\"1435\" data-end=\"1461\">decoration examples<\/strong>.<br data-start=\"1462\" data-end=\"1465\" \/>\u27a1\ufe0f <strong data-start=\"1468\" data-end=\"1519\">Only the set of 3 miniature macaroons is sold.<\/strong><\/p>\n<p data-start=\"1521\" data-end=\"1607\">\ud83d\udcf8 More photos and inspiration :<br data-start=\"1558\" data-end=\"1561\" \/>\ud83d\udc49 <strong data-start=\"1564\" data-end=\"1607\"><a class=\"decorated-link\" href=\"https:\/\/www.instagram.com\/sunnyshop211\/\" target=\"_new\" rel=\"noopener\" data-start=\"1566\" data-end=\"1605\">https:\/\/www.instagram.com\/sunnyshop211\/<\/a><\/strong><\/p>\n<hr data-start=\"1609\" data-end=\"1612\" \/>\n<h3 data-start=\"1614\" data-end=\"1645\">\u26a0\ufe0f Important information<\/h3>\n<p data-start=\"1647\" data-end=\"2014\">\u2022 <strong data-start=\"1649\" data-end=\"1676\">This is not a toy<\/strong> - article intended for an adult audience<br data-start=\"1713\" data-end=\"1716\" \/>- Decorative accessory only<br data-start=\"1749\" data-end=\"1752\" \/>- Manufacturing <strong data-start=\"1766\" data-end=\"1780\">artisan<\/strong> Slight variations in shape, color and texture may occur.<br data-start=\"1849\" data-end=\"1852\" \/>\u2022 <strong data-start=\"1854\" data-end=\"1878\">Made to order<\/strong> - please take into account the usual delivery times (GTC &amp; delivery)<br data-start=\"1942\" data-end=\"1945\" \/>- I am not responsible for any damage incurred in transit.<\/p>\n<p data-start=\"2016\" data-end=\"2121\">\ud83c\udf38 <strong data-start=\"2019\" data-end=\"2121\">A delicate, refined set, ideal for completing a gourmet 1\/4 and 1\/3 collection.<\/strong><\/p>","protected":false},"excerpt":{"rendered":"<p>&nbsp; &nbsp; Lot de 3 macarons miniature 1\/4 1\/3 BJD Minifee, MSD, SD Apportez une touche gourmande et d\u00e9licate \u00e0 vos mises en sc\u00e8ne avec ce lot de 3 macarons miniatures \u00e0 l\u2019\u00e9chelle 1\/4 ou 1\/3\u00a0parfaits pour compl\u00e9ter vos dioramas, sc\u00e8nes de salon, go\u00fbter ou p\u00e2tisserie pour dolls \ud83c\udf70 \ud83e\uddc1 Contenu du lot \u2022\u00a0Lot de [&hellip;]<\/p>\n","protected":false},"featured_media":54651,"comment_status":"open","ping_status":"closed","template":"","meta":{"_crdt_document":"","jetpack_post_was_ever_published":false,"jetpack_publicize_message":"","jetpack_publicize_feature_enabled":true,"jetpack_social_post_already_shared":true,"jetpack_social_options":{"image_generator_settings":{"template":"highway","default_image_id":0,"font":"","enabled":false},"version":2}},"product_brand":[],"product_cat":[667687025,667687057],"product_tag":[667681299,667682864,667682866,667681234,667681173,667681237,667682870,667682868],"class_list":{"0":"post-54635","1":"product","2":"type-product","3":"status-publish","4":"has-post-thumbnail","6":"product_cat-epicerie-sucree","7":"product_cat-nourriture-vaisselle","8":"product_tag-coffee","9":"product_tag-cup","10":"product_tag-cup-of-tea","11":"product_tag-diorama","12":"product_tag-minifee","13":"product_tag-msd","14":"product_tag-mug","15":"product_tag-tasse","16":"product_shipping_class-lettre-suivie","18":"first","19":"instock","20":"taxable","21":"shipping-taxable","22":"purchasable","23":"product-type-variable"},"yoast_head":"<!-- This site is optimized with the Yoast SEO plugin v27.5 - https:\/\/yoast.com\/product\/yoast-seo-wordpress\/ -->\n<title>Lot de 3 macarons miniature 1\/4 1\/3 BJD Minifee, MSD, SD -<\/title>\n<meta name=\"description\" content=\"Lot de 3 macarons miniature 1\/4 \u2013 Accessoire diorama BJD Minifee, MSD . Id\u00e9al pour customiser vos int\u00e9rieur et cr\u00e9er une du r\u00e9alisme dans votre univers\" \/>\n<meta name=\"robots\" content=\"index, follow, max-snippet:-1, max-image-preview:large, max-video-preview:-1\" \/>\n<link rel=\"canonical\" href=\"https:\/\/www.sunnyshop211.com\/en\/product\/lot-de-3-macarons-miniature-1-4-accessoire-diorama-bjd-minifee-msd\/\" \/>\n<meta property=\"og:locale\" content=\"en_US\" \/>\n<meta property=\"og:type\" content=\"article\" \/>\n<meta property=\"og:title\" content=\"Lot de 3 macarons miniature 1\/4 1\/3 BJD Minifee, MSD, SD -\" \/>\n<meta property=\"og:description\" content=\"Cupcake simulation licorne miniature 1\/4 1\/3 bjd MSD minifee SD . Id\u00e9al pour customiser vos int\u00e9rieur et cr\u00e9er une touche de fantaisie dans votre univers\" \/>\n<meta property=\"og:url\" content=\"https:\/\/www.sunnyshop211.com\/en\/product\/lot-de-3-macarons-miniature-1-4-accessoire-diorama-bjd-minifee-msd\/\" \/>\n<meta property=\"og:site_name\" content=\"Sunnyshop211 -Vente de dioramas, meubles, miniatures , bjd poup\u00e9es 1\/12 1\/8 1\/6 1\/4 1\/3\" \/>\n<meta property=\"article:publisher\" content=\"https:\/\/www.facebook.com\/sunnyshop211\/?ref=bookmarks\" \/>\n<meta property=\"article:modified_time\" content=\"2026-04-12T11:06:22+00:00\" \/>\n<meta property=\"og:image\" content=\"https:\/\/www.sunnyshop211.com\/wp-content\/uploads\/2026\/01\/9-3-scaled.jpg\" \/>\n\t<meta property=\"og:image:width\" content=\"2560\" \/>\n\t<meta property=\"og:image:height\" content=\"1684\" \/>\n\t<meta property=\"og:image:type\" content=\"image\/jpeg\" \/>\n<meta name=\"twitter:card\" content=\"summary_large_image\" \/>\n<meta name=\"twitter:site\" content=\"@sunnyshop211\" \/>\n<meta name=\"twitter:label1\" content=\"Est. reading time\" \/>\n\t<meta name=\"twitter:data1\" content=\"2 minutes\" \/>\n<script type=\"application\/ld+json\" class=\"yoast-schema-graph\">{\"@context\":\"https:\\\/\\\/schema.org\",\"@graph\":[{\"@type\":\"WebPage\",\"@id\":\"https:\\\/\\\/www.sunnyshop211.com\\\/produit\\\/lot-de-3-macarons-miniature-1-4-accessoire-diorama-bjd-minifee-msd\\\/\",\"url\":\"https:\\\/\\\/www.sunnyshop211.com\\\/produit\\\/lot-de-3-macarons-miniature-1-4-accessoire-diorama-bjd-minifee-msd\\\/\",\"name\":\"Lot de 3 macarons miniature 1\\\/4 1\\\/3 BJD Minifee, MSD, SD -\",\"isPartOf\":{\"@id\":\"https:\\\/\\\/www.sunnyshop211.com\\\/#website\"},\"primaryImageOfPage\":{\"@id\":\"https:\\\/\\\/www.sunnyshop211.com\\\/produit\\\/lot-de-3-macarons-miniature-1-4-accessoire-diorama-bjd-minifee-msd\\\/#primaryimage\"},\"image\":{\"@id\":\"https:\\\/\\\/www.sunnyshop211.com\\\/produit\\\/lot-de-3-macarons-miniature-1-4-accessoire-diorama-bjd-minifee-msd\\\/#primaryimage\"},\"thumbnailUrl\":\"https:\\\/\\\/www.sunnyshop211.com\\\/wp-content\\\/uploads\\\/2026\\\/01\\\/9-3-scaled.jpg\",\"datePublished\":\"2026-01-18T14:13:41+00:00\",\"dateModified\":\"2026-04-12T11:06:22+00:00\",\"description\":\"Lot de 3 macarons miniature 1\\\/4 \u2013 Accessoire diorama BJD Minifee, MSD . Id\u00e9al pour customiser vos int\u00e9rieur et cr\u00e9er une du r\u00e9alisme dans votre univers\",\"breadcrumb\":{\"@id\":\"https:\\\/\\\/www.sunnyshop211.com\\\/produit\\\/lot-de-3-macarons-miniature-1-4-accessoire-diorama-bjd-minifee-msd\\\/#breadcrumb\"},\"inLanguage\":\"en-US\",\"potentialAction\":[{\"@type\":\"ReadAction\",\"target\":[\"https:\\\/\\\/www.sunnyshop211.com\\\/produit\\\/lot-de-3-macarons-miniature-1-4-accessoire-diorama-bjd-minifee-msd\\\/\"]}]},{\"@type\":\"ImageObject\",\"inLanguage\":\"en-US\",\"@id\":\"https:\\\/\\\/www.sunnyshop211.com\\\/produit\\\/lot-de-3-macarons-miniature-1-4-accessoire-diorama-bjd-minifee-msd\\\/#primaryimage\",\"url\":\"https:\\\/\\\/www.sunnyshop211.com\\\/wp-content\\\/uploads\\\/2026\\\/01\\\/9-3-scaled.jpg\",\"contentUrl\":\"https:\\\/\\\/www.sunnyshop211.com\\\/wp-content\\\/uploads\\\/2026\\\/01\\\/9-3-scaled.jpg\",\"width\":2560,\"height\":1684,\"caption\":\"Lot de 3 macarons miniature 1\\\/4 1\\\/3 BJD Minifee, MSD, SD\"},{\"@type\":\"BreadcrumbList\",\"@id\":\"https:\\\/\\\/www.sunnyshop211.com\\\/produit\\\/lot-de-3-macarons-miniature-1-4-accessoire-diorama-bjd-minifee-msd\\\/#breadcrumb\",\"itemListElement\":[{\"@type\":\"ListItem\",\"position\":1,\"name\":\"Accueil\",\"item\":\"https:\\\/\\\/www.sunnyshop211.com\\\/\"},{\"@type\":\"ListItem\",\"position\":2,\"name\":\"Boutique\",\"item\":\"https:\\\/\\\/www.sunnyshop211.com\\\/boutique-miniature-bjd-dolls\\\/\"},{\"@type\":\"ListItem\",\"position\":3,\"name\":\"Lot de 3 macarons miniature 1\\\/4 1\\\/3 BJD Minifee, MSD, SD\"}]},{\"@type\":\"WebSite\",\"@id\":\"https:\\\/\\\/www.sunnyshop211.com\\\/#website\",\"url\":\"https:\\\/\\\/www.sunnyshop211.com\\\/\",\"name\":\"Vente de dioramas, meubles, miniatures , bjd poup\u00e9es 1\\\/12 1\\\/8 1\\\/6 1\\\/4 1\\\/3\",\"description\":\"Sunnyshop211 - Votre univers miniature pour poup\u00e9es et BJD, dioramas et meubles sur mesure !\",\"publisher\":{\"@id\":\"https:\\\/\\\/www.sunnyshop211.com\\\/#organization\"},\"alternateName\":\"sunnyshop211\",\"potentialAction\":[{\"@type\":\"SearchAction\",\"target\":{\"@type\":\"EntryPoint\",\"urlTemplate\":\"https:\\\/\\\/www.sunnyshop211.com\\\/?s={search_term_string}\"},\"query-input\":{\"@type\":\"PropertyValueSpecification\",\"valueRequired\":true,\"valueName\":\"search_term_string\"}}],\"inLanguage\":\"en-US\"},{\"@type\":\"Organization\",\"@id\":\"https:\\\/\\\/www.sunnyshop211.com\\\/#organization\",\"name\":\"sunnyshop211\",\"alternateName\":\"sunnyshop211 diorama bjd meuble miniature\",\"url\":\"https:\\\/\\\/www.sunnyshop211.com\\\/\",\"logo\":{\"@type\":\"ImageObject\",\"inLanguage\":\"en-US\",\"@id\":\"https:\\\/\\\/www.sunnyshop211.com\\\/#\\\/schema\\\/logo\\\/image\\\/\",\"url\":\"https:\\\/\\\/www.sunnyshop211.com\\\/wp-content\\\/uploads\\\/2022\\\/08\\\/cropped-cropped-cropped-Sunnyshop211-1.png\",\"contentUrl\":\"https:\\\/\\\/www.sunnyshop211.com\\\/wp-content\\\/uploads\\\/2022\\\/08\\\/cropped-cropped-cropped-Sunnyshop211-1.png\",\"width\":339,\"height\":339,\"caption\":\"sunnyshop211\"},\"image\":{\"@id\":\"https:\\\/\\\/www.sunnyshop211.com\\\/#\\\/schema\\\/logo\\\/image\\\/\"},\"sameAs\":[\"https:\\\/\\\/www.facebook.com\\\/sunnyshop211\\\/?ref=bookmarks\",\"https:\\\/\\\/x.com\\\/sunnyshop211\",\"https:\\\/\\\/www.instagram.com\\\/sunnyshop211\\\/\",\"https:\\\/\\\/www.tumblr.com\\\/blog\\\/sunnyshop211\",\"https:\\\/\\\/www.youtube.com\\\/channel\\\/UCtYY18OGGDKrTSzgcf7fCBg\",\"https:\\\/\\\/www.tiktok.com\\\/@sunnydollshop211?is_from_webapp=1&sender_device=pc\"]}]}<\/script>\n<!-- \/ Yoast SEO plugin. -->","yoast_head_json":{"title":"Set of 3 miniature macaroons 1\/4 1\/3 BJD Minifee, MSD, SD -","description":"Set of 3 miniature 1\/4 macaroons - BJD Minifee diorama accessory, MSD . Ideal for customizing your interiors and creating realism in your world.","robots":{"index":"index","follow":"follow","max-snippet":"max-snippet:-1","max-image-preview":"max-image-preview:large","max-video-preview":"max-video-preview:-1"},"canonical":"https:\/\/www.sunnyshop211.com\/en\/product\/lot-de-3-macarons-miniature-1-4-accessoire-diorama-bjd-minifee-msd\/","og_locale":"en_US","og_type":"article","og_title":"Lot de 3 macarons miniature 1\/4 1\/3 BJD Minifee, MSD, SD -","og_description":"Cupcake simulation licorne miniature 1\/4 1\/3 bjd MSD minifee SD . Id\u00e9al pour customiser vos int\u00e9rieur et cr\u00e9er une touche de fantaisie dans votre univers","og_url":"https:\/\/www.sunnyshop211.com\/en\/product\/lot-de-3-macarons-miniature-1-4-accessoire-diorama-bjd-minifee-msd\/","og_site_name":"Sunnyshop211 -Vente de dioramas, meubles, miniatures , bjd poup\u00e9es 1\/12 1\/8 1\/6 1\/4 1\/3","article_publisher":"https:\/\/www.facebook.com\/sunnyshop211\/?ref=bookmarks","article_modified_time":"2026-04-12T11:06:22+00:00","og_image":[{"width":2560,"height":1684,"url":"https:\/\/www.sunnyshop211.com\/wp-content\/uploads\/2026\/01\/9-3-scaled.jpg","type":"image\/jpeg"}],"twitter_card":"summary_large_image","twitter_site":"@sunnyshop211","twitter_misc":{"Est. reading time":"2 minutes"},"schema":{"@context":"https:\/\/schema.org","@graph":[{"@type":"WebPage","@id":"https:\/\/www.sunnyshop211.com\/produit\/lot-de-3-macarons-miniature-1-4-accessoire-diorama-bjd-minifee-msd\/","url":"https:\/\/www.sunnyshop211.com\/produit\/lot-de-3-macarons-miniature-1-4-accessoire-diorama-bjd-minifee-msd\/","name":"Set of 3 miniature macaroons 1\/4 1\/3 BJD Minifee, MSD, SD -","isPartOf":{"@id":"https:\/\/www.sunnyshop211.com\/#website"},"primaryImageOfPage":{"@id":"https:\/\/www.sunnyshop211.com\/produit\/lot-de-3-macarons-miniature-1-4-accessoire-diorama-bjd-minifee-msd\/#primaryimage"},"image":{"@id":"https:\/\/www.sunnyshop211.com\/produit\/lot-de-3-macarons-miniature-1-4-accessoire-diorama-bjd-minifee-msd\/#primaryimage"},"thumbnailUrl":"https:\/\/www.sunnyshop211.com\/wp-content\/uploads\/2026\/01\/9-3-scaled.jpg","datePublished":"2026-01-18T14:13:41+00:00","dateModified":"2026-04-12T11:06:22+00:00","description":"Set of 3 miniature 1\/4 macaroons - BJD Minifee diorama accessory, MSD . Ideal for customizing your interiors and creating realism in your world.","breadcrumb":{"@id":"https:\/\/www.sunnyshop211.com\/produit\/lot-de-3-macarons-miniature-1-4-accessoire-diorama-bjd-minifee-msd\/#breadcrumb"},"inLanguage":"en-US","potentialAction":[{"@type":"ReadAction","target":["https:\/\/www.sunnyshop211.com\/produit\/lot-de-3-macarons-miniature-1-4-accessoire-diorama-bjd-minifee-msd\/"]}]},{"@type":"ImageObject","inLanguage":"en-US","@id":"https:\/\/www.sunnyshop211.com\/produit\/lot-de-3-macarons-miniature-1-4-accessoire-diorama-bjd-minifee-msd\/#primaryimage","url":"https:\/\/www.sunnyshop211.com\/wp-content\/uploads\/2026\/01\/9-3-scaled.jpg","contentUrl":"https:\/\/www.sunnyshop211.com\/wp-content\/uploads\/2026\/01\/9-3-scaled.jpg","width":2560,"height":1684,"caption":"Lot de 3 macarons miniature 1\/4 1\/3 BJD Minifee, MSD, SD"},{"@type":"BreadcrumbList","@id":"https:\/\/www.sunnyshop211.com\/produit\/lot-de-3-macarons-miniature-1-4-accessoire-diorama-bjd-minifee-msd\/#breadcrumb","itemListElement":[{"@type":"ListItem","position":1,"name":"Accueil","item":"https:\/\/www.sunnyshop211.com\/"},{"@type":"ListItem","position":2,"name":"Boutique","item":"https:\/\/www.sunnyshop211.com\/boutique-miniature-bjd-dolls\/"},{"@type":"ListItem","position":3,"name":"Lot de 3 macarons miniature 1\/4 1\/3 BJD Minifee, MSD, SD"}]},{"@type":"WebSite","@id":"https:\/\/www.sunnyshop211.com\/#website","url":"https:\/\/www.sunnyshop211.com\/","name":"Sale of dioramas, furniture, miniatures, bjd dolls 1\/12 1\/8 1\/6 1\/4 1\/3","description":"Sunnyshop211 - Your miniature world for dolls and BJDs, dioramas and custom-made furniture!","publisher":{"@id":"https:\/\/www.sunnyshop211.com\/#organization"},"alternateName":"sunnyshop211","potentialAction":[{"@type":"SearchAction","target":{"@type":"EntryPoint","urlTemplate":"https:\/\/www.sunnyshop211.com\/?s={search_term_string}"},"query-input":{"@type":"PropertyValueSpecification","valueRequired":true,"valueName":"search_term_string"}}],"inLanguage":"en-US"},{"@type":"Organization","@id":"https:\/\/www.sunnyshop211.com\/#organization","name":"sunnyshop211","alternateName":"sunnyshop211 diorama bjd meuble miniature","url":"https:\/\/www.sunnyshop211.com\/","logo":{"@type":"ImageObject","inLanguage":"en-US","@id":"https:\/\/www.sunnyshop211.com\/#\/schema\/logo\/image\/","url":"https:\/\/www.sunnyshop211.com\/wp-content\/uploads\/2022\/08\/cropped-cropped-cropped-Sunnyshop211-1.png","contentUrl":"https:\/\/www.sunnyshop211.com\/wp-content\/uploads\/2022\/08\/cropped-cropped-cropped-Sunnyshop211-1.png","width":339,"height":339,"caption":"sunnyshop211"},"image":{"@id":"https:\/\/www.sunnyshop211.com\/#\/schema\/logo\/image\/"},"sameAs":["https:\/\/www.facebook.com\/sunnyshop211\/?ref=bookmarks","https:\/\/x.com\/sunnyshop211","https:\/\/www.instagram.com\/sunnyshop211\/","https:\/\/www.tumblr.com\/blog\/sunnyshop211","https:\/\/www.youtube.com\/channel\/UCtYY18OGGDKrTSzgcf7fCBg","https:\/\/www.tiktok.com\/@sunnydollshop211?is_from_webapp=1&sender_device=pc"]}]}},"jetpack_publicize_connections":[],"jetpack_sharing_enabled":true,"_links":{"self":[{"href":"https:\/\/www.sunnyshop211.com\/en\/wp-json\/wp\/v2\/product\/54635","targetHints":{"allow":["GET"]}}],"collection":[{"href":"https:\/\/www.sunnyshop211.com\/en\/wp-json\/wp\/v2\/product"}],"about":[{"href":"https:\/\/www.sunnyshop211.com\/en\/wp-json\/wp\/v2\/types\/product"}],"replies":[{"embeddable":true,"href":"https:\/\/www.sunnyshop211.com\/en\/wp-json\/wp\/v2\/comments?post=54635"}],"version-history":[{"count":2,"href":"https:\/\/www.sunnyshop211.com\/en\/wp-json\/wp\/v2\/product\/54635\/revisions"}],"predecessor-version":[{"id":56182,"href":"https:\/\/www.sunnyshop211.com\/en\/wp-json\/wp\/v2\/product\/54635\/revisions\/56182"}],"wp:featuredmedia":[{"embeddable":true,"href":"https:\/\/www.sunnyshop211.com\/en\/wp-json\/wp\/v2\/media\/54651"}],"wp:attachment":[{"href":"https:\/\/www.sunnyshop211.com\/en\/wp-json\/wp\/v2\/media?parent=54635"}],"wp:term":[{"taxonomy":"product_brand","embeddable":true,"href":"https:\/\/www.sunnyshop211.com\/en\/wp-json\/wp\/v2\/product_brand?post=54635"},{"taxonomy":"product_cat","embeddable":true,"href":"https:\/\/www.sunnyshop211.com\/en\/wp-json\/wp\/v2\/product_cat?post=54635"},{"taxonomy":"product_tag","embeddable":true,"href":"https:\/\/www.sunnyshop211.com\/en\/wp-json\/wp\/v2\/product_tag?post=54635"}],"curies":[{"name":"wp","href":"https:\/\/api.w.org\/{rel}","templated":true}]}}