{"id":545,"date":"2019-01-03T12:39:56","date_gmt":"2019-01-03T11:39:56","guid":{"rendered":"https:\/\/sunnyshop211.com\/?post_type=product&#038;p=545"},"modified":"2025-12-27T12:39:57","modified_gmt":"2025-12-27T11:39:57","slug":"parc-miniature-1-8-bjd-baby-pukifee-nappy-choo","status":"publish","type":"product","link":"https:\/\/www.sunnyshop211.com\/en\/product\/parc-miniature-1-8-bjd-baby-pukifee-nappy-choo\/","title":{"rendered":"miniature park 1\/8 bjd baby pukifee, nappy choo"},"content":{"rendered":"<div id='gallery-1' class='gallery galleryid-545 gallery-columns-3 gallery-size-thumbnail'><figure class='gallery-item'>\n\t\t\t<div class='gallery-icon landscape'>\n\t\t\t\t<a href='https:\/\/www.sunnyshop211.com\/en\/?attachment_id=14739'><img decoding=\"async\" width=\"150\" height=\"150\" src=\"https:\/\/www.sunnyshop211.com\/wp-content\/uploads\/2020\/04\/hamster-72-150x150.jpg\" class=\"attachment-thumbnail size-thumbnail\" alt=\"parc miniature 1\/8 bjd\" srcset=\"https:\/\/www.sunnyshop211.com\/wp-content\/uploads\/2020\/04\/hamster-72-150x150.jpg 150w, https:\/\/www.sunnyshop211.com\/wp-content\/uploads\/2020\/04\/hamster-72-scaled-500x500.jpg 500w, https:\/\/www.sunnyshop211.com\/wp-content\/uploads\/2020\/04\/hamster-72-100x100.jpg 100w\" sizes=\"(max-width: 150px) 100vw, 150px\" \/><\/a>\n\t\t\t<\/div><\/figure><figure class='gallery-item'>\n\t\t\t<div class='gallery-icon landscape'>\n\t\t\t\t<a href='https:\/\/www.sunnyshop211.com\/en\/?attachment_id=14747'><img decoding=\"async\" width=\"150\" height=\"150\" src=\"https:\/\/www.sunnyshop211.com\/wp-content\/uploads\/2020\/04\/hamster-75-150x150.jpg\" class=\"attachment-thumbnail size-thumbnail\" alt=\"Girafe miniature bjd baby\" srcset=\"https:\/\/www.sunnyshop211.com\/wp-content\/uploads\/2020\/04\/hamster-75-150x150.jpg 150w, https:\/\/www.sunnyshop211.com\/wp-content\/uploads\/2020\/04\/hamster-75-scaled-500x500.jpg 500w, https:\/\/www.sunnyshop211.com\/wp-content\/uploads\/2020\/04\/hamster-75-100x100.jpg 100w\" sizes=\"(max-width: 150px) 100vw, 150px\" \/><\/a>\n\t\t\t<\/div><\/figure><figure class='gallery-item'>\n\t\t\t<div class='gallery-icon landscape'>\n\t\t\t\t<a href='https:\/\/www.sunnyshop211.com\/en\/?attachment_id=14744'><img decoding=\"async\" width=\"150\" height=\"150\" src=\"https:\/\/www.sunnyshop211.com\/wp-content\/uploads\/2020\/04\/hamster-74-150x150.jpg\" class=\"attachment-thumbnail size-thumbnail\" alt=\"parc miniature 1\/8 bjd\" srcset=\"https:\/\/www.sunnyshop211.com\/wp-content\/uploads\/2020\/04\/hamster-74-150x150.jpg 150w, https:\/\/www.sunnyshop211.com\/wp-content\/uploads\/2020\/04\/hamster-74-scaled-500x500.jpg 500w, https:\/\/www.sunnyshop211.com\/wp-content\/uploads\/2020\/04\/hamster-74-100x100.jpg 100w\" sizes=\"(max-width: 150px) 100vw, 150px\" \/><\/a>\n\t\t\t<\/div><\/figure><figure class='gallery-item'>\n\t\t\t<div class='gallery-icon landscape'>\n\t\t\t\t<a href='https:\/\/www.sunnyshop211.com\/en\/?attachment_id=14741'><img loading=\"lazy\" decoding=\"async\" width=\"150\" height=\"150\" src=\"https:\/\/www.sunnyshop211.com\/wp-content\/uploads\/2020\/04\/hamster-73-150x150.jpg\" class=\"attachment-thumbnail size-thumbnail\" alt=\"\" srcset=\"https:\/\/www.sunnyshop211.com\/wp-content\/uploads\/2020\/04\/hamster-73-150x150.jpg 150w, https:\/\/www.sunnyshop211.com\/wp-content\/uploads\/2020\/04\/hamster-73-scaled-500x500.jpg 500w, https:\/\/www.sunnyshop211.com\/wp-content\/uploads\/2020\/04\/hamster-73-100x100.jpg 100w\" sizes=\"(max-width: 150px) 100vw, 150px\" \/><\/a>\n\t\t\t<\/div><\/figure><figure class='gallery-item'>\n\t\t\t<div class='gallery-icon landscape'>\n\t\t\t\t<a href='https:\/\/www.sunnyshop211.com\/en\/?attachment_id=14740'><img loading=\"lazy\" decoding=\"async\" width=\"150\" height=\"150\" src=\"https:\/\/www.sunnyshop211.com\/wp-content\/uploads\/2020\/04\/hamster-71-150x150.jpg\" class=\"attachment-thumbnail size-thumbnail\" alt=\"parc miniature 1\/8 bjd\" srcset=\"https:\/\/www.sunnyshop211.com\/wp-content\/uploads\/2020\/04\/hamster-71-150x150.jpg 150w, https:\/\/www.sunnyshop211.com\/wp-content\/uploads\/2020\/04\/hamster-71-scaled-500x500.jpg 500w, https:\/\/www.sunnyshop211.com\/wp-content\/uploads\/2020\/04\/hamster-71-100x100.jpg 100w\" sizes=\"(max-width: 150px) 100vw, 150px\" \/><\/a>\n\t\t\t<\/div><\/figure><figure class='gallery-item'>\n\t\t\t<div class='gallery-icon landscape'>\n\t\t\t\t<a href='https:\/\/www.sunnyshop211.com\/en\/?attachment_id=5573'>7<\/a>\n\t\t\t<\/div><\/figure><figure class='gallery-item'>\n\t\t\t<div class='gallery-icon portrait'>\n\t\t\t\t<a href='https:\/\/www.sunnyshop211.com\/en\/?attachment_id=239'><img loading=\"lazy\" decoding=\"async\" width=\"150\" height=\"150\" src=\"https:\/\/www.sunnyshop211.com\/wp-content\/uploads\/2019\/01\/20181106_141230-scaled-150x150.jpg\" class=\"attachment-thumbnail size-thumbnail\" alt=\"parc miniature 1\/8 bjd\" srcset=\"https:\/\/www.sunnyshop211.com\/wp-content\/uploads\/2019\/01\/20181106_141230-scaled-150x150.jpg 150w, https:\/\/www.sunnyshop211.com\/wp-content\/uploads\/2019\/01\/20181106_141230-scaled-500x500.jpg 500w, https:\/\/www.sunnyshop211.com\/wp-content\/uploads\/2019\/01\/20181106_141230-100x100.jpg 100w\" sizes=\"(max-width: 150px) 100vw, 150px\" \/><\/a>\n\t\t\t<\/div><\/figure><figure class='gallery-item'>\n\t\t\t<div class='gallery-icon portrait'>\n\t\t\t\t<a href='https:\/\/www.sunnyshop211.com\/en\/?attachment_id=248'><img loading=\"lazy\" decoding=\"async\" width=\"150\" height=\"150\" src=\"https:\/\/www.sunnyshop211.com\/wp-content\/uploads\/2019\/01\/ss-37-scaled-150x150.jpg\" class=\"attachment-thumbnail size-thumbnail\" alt=\"\" srcset=\"https:\/\/www.sunnyshop211.com\/wp-content\/uploads\/2019\/01\/ss-37-scaled-150x150.jpg 150w, https:\/\/www.sunnyshop211.com\/wp-content\/uploads\/2019\/01\/ss-37-scaled-500x500.jpg 500w, https:\/\/www.sunnyshop211.com\/wp-content\/uploads\/2019\/01\/ss-37-100x100.jpg 100w\" sizes=\"(max-width: 150px) 100vw, 150px\" \/><\/a>\n\t\t\t<\/div><\/figure>\n\t\t<\/div>\n\n<p>&nbsp;<\/p>\n<h2 data-start=\"206\" data-end=\"240\">Miniature park 1\/8 - BJD baby<\/h2>\n<p data-start=\"242\" data-end=\"312\">Pukifee - Lati Yellow - Nappy Choo - baby Minifee - similar sizes<\/p>\n<hr data-start=\"314\" data-end=\"317\" \/>\n<h3 data-start=\"319\" data-end=\"337\">\ud83e\uddf8 Description<\/h3>\n<p data-start=\"339\" data-end=\"544\">This miniature park in <strong data-start=\"360\" data-end=\"367\">1\/8<\/strong> is ideal for creating play and rest scenes for your BJD babies.<br data-start=\"438\" data-end=\"441\" \/>Both practical and decorative, it fits perfectly into your dioramas and nursery displays.<\/p>\n<hr data-start=\"546\" data-end=\"549\" \/>\n<h3 data-start=\"551\" data-end=\"571\">\ud83d\udc76 Compatibility<\/h3>\n<p data-start=\"573\" data-end=\"718\">Suitable for baby dolls at <strong data-start=\"601\" data-end=\"608\">1\/8<\/strong> (about 15 cm) :<br data-start=\"626\" data-end=\"629\" \/>- Pukifee<br data-start=\"638\" data-end=\"641\" \/>- Lati Yellow<br data-start=\"654\" data-end=\"657\" \/>- Nappy Choo<br data-start=\"669\" data-end=\"672\" \/>- BJD baby<br data-start=\"682\" data-end=\"685\" \/>- Mini reborn<br data-start=\"698\" data-end=\"701\" \/>- Minifee babies<\/p>\n<hr data-start=\"720\" data-end=\"723\" \/>\n<h3 data-start=\"725\" data-end=\"742\">\ud83d\udccf Dimensions<\/h3>\n<p data-start=\"744\" data-end=\"791\">\u2022 <strong data-start=\"746\" data-end=\"760\">13 x 13 cm<\/strong><br data-start=\"760\" data-end=\"763\" \/>\u2022 <strong data-start=\"765\" data-end=\"791\">Total height: 13 cm<\/strong><\/p>\n<hr data-start=\"793\" data-end=\"796\" \/>\n<h3 data-start=\"798\" data-end=\"821\">\ud83c\udfa8 Customization<\/h3>\n<p data-start=\"823\" data-end=\"845\">\u2022 <strong data-start=\"825\" data-end=\"845\">Choice of color<\/strong><\/p>\n<p data-start=\"847\" data-end=\"884\">\ud83d\udc49 Modulate as you wish<\/p>\n<hr data-start=\"886\" data-end=\"889\" \/>\n<h3 data-start=\"891\" data-end=\"920\">\ud83e\udeb5 Manufacturing &amp; finishing<\/h3>\n<p data-start=\"922\" data-end=\"975\">\u2022 <strong data-start=\"924\" data-end=\"948\">Delivered assembled and painted<\/strong><br data-start=\"948\" data-end=\"951\" \/>- Made to order<\/p>\n<p data-start=\"977\" data-end=\"1168\">Handcrafted :<br data-start=\"1001\" data-end=\"1004\" \/>slight variations in shape, color or finish may occur<br data-start=\"1080\" data-end=\"1083\" \/>Minor imperfections are part of the charm of handmade products.<\/p>\n<hr data-start=\"1170\" data-end=\"1173\" \/>\n<h3 data-start=\"1175\" data-end=\"1198\">\ud83c\udfe1 To be completed with<\/h3>\n<p data-start=\"1200\" data-end=\"1298\">In the store you will find :<br data-start=\"1233\" data-end=\"1236\" \/>- Baby toys<br data-start=\"1249\" data-end=\"1252\" \/>- Gantries<br data-start=\"1263\" data-end=\"1266\" \/>- Nursery rugs and accessories<\/p>\n<p data-start=\"1300\" data-end=\"1328\">(Items sold separately)<\/p>\n<hr data-start=\"1330\" data-end=\"1333\" \/>\n<h3 data-start=\"1335\" data-end=\"1366\">\u2139\ufe0f Important information<\/h3>\n<p data-start=\"1368\" data-end=\"1872\">- The photos are examples of staging<br data-start=\"1415\" data-end=\"1418\" \/>\u2022 <strong data-start=\"1420\" data-end=\"1446\">Only the park is sold<\/strong> (dolls and accessories not included)<br data-start=\"1482\" data-end=\"1485\" \/>- Compatible with my furniture sold separately in the store<br data-start=\"1549\" data-end=\"1552\" \/>- Other decorations are available in the store<br data-start=\"1610\" data-end=\"1613\" \/>- Please take into account manufacturing and delivery times (see General Sales Conditions).<br data-start=\"1715\" data-end=\"1718\" \/>\u2022 <strong data-start=\"1720\" data-end=\"1784\">This is not a toy - intended for an adult audience<\/strong><br data-start=\"1784\" data-end=\"1787\" \/>- I am not responsible for any damage in transit or during shipping.<\/p>\n<hr data-start=\"1874\" data-end=\"1877\" \/>\n<h3 data-start=\"1879\" data-end=\"1915\">\ud83d\udcf8 More photos &amp; inspiration<\/h3>\n<p data-start=\"1917\" data-end=\"1959\">\ud83d\udc49 <a class=\"decorated-link\" href=\"https:\/\/www.instagram.com\/sunnyshop211\/\" target=\"_new\" rel=\"noopener\" data-start=\"1920\" data-end=\"1959\">https:\/\/www.instagram.com\/sunnyshop211\/<\/a><\/p>\n<hr data-start=\"1961\" data-end=\"1964\" \/>\n<p data-start=\"1966\" data-end=\"2056\">\u2728 An elegant, visually secure miniature playpen to enrich your 1\/8-scale baby scenes.<\/p>\n<p>&nbsp;<\/p>","protected":false},"excerpt":{"rendered":"<p>&nbsp; Parc miniature 1\/8 \u2013 BJD baby Pukifee \u2013 Lati Yellow \u2013 Nappy Choo \u2013 b\u00e9b\u00e9 Minifee \u2013 tailles similaires \ud83e\uddf8 Description Ce parc miniature au 1\/8 est id\u00e9al pour cr\u00e9er des sc\u00e8nes de jeu et de repos pour vos b\u00e9b\u00e9s BJD.\u00c0 la fois pratique et d\u00e9coratif, il s\u2019int\u00e8gre parfaitement dans vos dioramas et mises [&hellip;]<\/p>\n","protected":false},"featured_media":14739,"comment_status":"open","ping_status":"closed","template":"","meta":{"_crdt_document":"","jetpack_post_was_ever_published":false,"jetpack_publicize_message":"","jetpack_publicize_feature_enabled":true,"jetpack_social_post_already_shared":true,"jetpack_social_options":{"image_generator_settings":{"template":"highway","default_image_id":0,"font":"","enabled":false},"version":2}},"product_brand":[],"product_cat":[667686980],"product_tag":[667681137,667681136,667681139,667681141,667681217,667681216,667681140],"class_list":{"0":"post-545","1":"product","2":"type-product","3":"status-publish","4":"has-post-thumbnail","6":"product_cat-meubles","7":"product_tag-baby","8":"product_tag-bjd","9":"product_tag-lati-yellow","10":"product_tag-nappy-choo","11":"product_tag-parc","12":"product_tag-park","13":"product_tag-pukifee","14":"product_shipping_class-colissimo-5","15":"pa_couleur-beige","16":"pa_couleur-blanc","17":"pa_couleur-bleu","18":"pa_couleur-gris","19":"pa_couleur-metal","20":"pa_couleur-noir","21":"pa_couleur-non-peint","22":"pa_couleur-rose","23":"pa_couleur-rouge","24":"pa_couleur-shabby-blanc","25":"pa_couleur-vert","26":"pa_couleur-violet","28":"first","29":"instock","30":"taxable","31":"shipping-taxable","32":"purchasable","33":"product-type-variable"},"yoast_head":"<!-- This site is optimized with the Yoast SEO plugin v27.4 - https:\/\/yoast.com\/product\/yoast-seo-wordpress\/ -->\n<title>parc miniature 1\/8 bjd baby pukifee, nappy choo -<\/title>\n<meta name=\"description\" content=\"parc miniature 1\/8 bjd baby pukifee, lati yellow, nappy choo ou b\u00e9b\u00e9 de minifee. Id\u00e9al pour vos bjd baby ou reborn et vos mises en sc\u00e8nes.\" \/>\n<meta name=\"robots\" content=\"index, follow, max-snippet:-1, max-image-preview:large, max-video-preview:-1\" \/>\n<link rel=\"canonical\" href=\"https:\/\/www.sunnyshop211.com\/en\/product\/parc-miniature-1-8-bjd-baby-pukifee-nappy-choo\/\" \/>\n<meta property=\"og:locale\" content=\"en_US\" \/>\n<meta property=\"og:type\" content=\"article\" \/>\n<meta property=\"og:title\" content=\"parc miniature 1\/8 bjd baby pukifee, nappy choo -\" \/>\n<meta property=\"og:description\" content=\"parc miniature 1\/8 bjd baby pukifee, lati yellow, nappy choo ou b\u00e9b\u00e9 de minifee. Id\u00e9al pour vos bjd baby ou reborn et vos mises en sc\u00e8nes.\" \/>\n<meta property=\"og:url\" content=\"https:\/\/www.sunnyshop211.com\/en\/product\/parc-miniature-1-8-bjd-baby-pukifee-nappy-choo\/\" \/>\n<meta property=\"og:site_name\" content=\"Sunnyshop211 -Vente de dioramas, meubles, miniatures , bjd poup\u00e9es 1\/12 1\/8 1\/6 1\/4 1\/3\" \/>\n<meta property=\"article:publisher\" content=\"https:\/\/www.facebook.com\/sunnyshop211\/?ref=bookmarks\" \/>\n<meta property=\"article:modified_time\" content=\"2025-12-27T11:39:57+00:00\" \/>\n<meta property=\"og:image\" content=\"https:\/\/www.sunnyshop211.com\/wp-content\/uploads\/2020\/04\/hamster-72-scaled.jpg\" \/>\n\t<meta property=\"og:image:width\" content=\"2560\" \/>\n\t<meta property=\"og:image:height\" content=\"1707\" \/>\n\t<meta property=\"og:image:type\" content=\"image\/jpeg\" \/>\n<meta name=\"twitter:card\" content=\"summary_large_image\" \/>\n<meta name=\"twitter:site\" content=\"@sunnyshop211\" \/>\n<meta name=\"twitter:label1\" content=\"Est. reading time\" \/>\n\t<meta name=\"twitter:data1\" content=\"2 minutes\" \/>\n<script type=\"application\/ld+json\" class=\"yoast-schema-graph\">{\"@context\":\"https:\\\/\\\/schema.org\",\"@graph\":[{\"@type\":\"WebPage\",\"@id\":\"https:\\\/\\\/www.sunnyshop211.com\\\/produit\\\/parc-miniature-1-8-bjd-baby-pukifee-nappy-choo\\\/\",\"url\":\"https:\\\/\\\/www.sunnyshop211.com\\\/produit\\\/parc-miniature-1-8-bjd-baby-pukifee-nappy-choo\\\/\",\"name\":\"parc miniature 1\\\/8 bjd baby pukifee, nappy choo -\",\"isPartOf\":{\"@id\":\"https:\\\/\\\/www.sunnyshop211.com\\\/#website\"},\"primaryImageOfPage\":{\"@id\":\"https:\\\/\\\/www.sunnyshop211.com\\\/produit\\\/parc-miniature-1-8-bjd-baby-pukifee-nappy-choo\\\/#primaryimage\"},\"image\":{\"@id\":\"https:\\\/\\\/www.sunnyshop211.com\\\/produit\\\/parc-miniature-1-8-bjd-baby-pukifee-nappy-choo\\\/#primaryimage\"},\"thumbnailUrl\":\"https:\\\/\\\/www.sunnyshop211.com\\\/wp-content\\\/uploads\\\/2020\\\/04\\\/hamster-72-scaled.jpg\",\"datePublished\":\"2019-01-03T11:39:56+00:00\",\"dateModified\":\"2025-12-27T11:39:57+00:00\",\"description\":\"parc miniature 1\\\/8 bjd baby pukifee, lati yellow, nappy choo ou b\u00e9b\u00e9 de minifee. Id\u00e9al pour vos bjd baby ou reborn et vos mises en sc\u00e8nes.\",\"breadcrumb\":{\"@id\":\"https:\\\/\\\/www.sunnyshop211.com\\\/produit\\\/parc-miniature-1-8-bjd-baby-pukifee-nappy-choo\\\/#breadcrumb\"},\"inLanguage\":\"en-US\",\"potentialAction\":[{\"@type\":\"ReadAction\",\"target\":[\"https:\\\/\\\/www.sunnyshop211.com\\\/produit\\\/parc-miniature-1-8-bjd-baby-pukifee-nappy-choo\\\/\"]}]},{\"@type\":\"ImageObject\",\"inLanguage\":\"en-US\",\"@id\":\"https:\\\/\\\/www.sunnyshop211.com\\\/produit\\\/parc-miniature-1-8-bjd-baby-pukifee-nappy-choo\\\/#primaryimage\",\"url\":\"https:\\\/\\\/www.sunnyshop211.com\\\/wp-content\\\/uploads\\\/2020\\\/04\\\/hamster-72-scaled.jpg\",\"contentUrl\":\"https:\\\/\\\/www.sunnyshop211.com\\\/wp-content\\\/uploads\\\/2020\\\/04\\\/hamster-72-scaled.jpg\",\"width\":2560,\"height\":1707,\"caption\":\"parc miniature 1\\\/8 bjd\"},{\"@type\":\"BreadcrumbList\",\"@id\":\"https:\\\/\\\/www.sunnyshop211.com\\\/produit\\\/parc-miniature-1-8-bjd-baby-pukifee-nappy-choo\\\/#breadcrumb\",\"itemListElement\":[{\"@type\":\"ListItem\",\"position\":1,\"name\":\"Accueil\",\"item\":\"https:\\\/\\\/www.sunnyshop211.com\\\/\"},{\"@type\":\"ListItem\",\"position\":2,\"name\":\"Boutique\",\"item\":\"https:\\\/\\\/www.sunnyshop211.com\\\/boutique-miniature-bjd-dolls\\\/\"},{\"@type\":\"ListItem\",\"position\":3,\"name\":\"parc miniature 1\\\/8 bjd baby pukifee, nappy choo\"}]},{\"@type\":\"WebSite\",\"@id\":\"https:\\\/\\\/www.sunnyshop211.com\\\/#website\",\"url\":\"https:\\\/\\\/www.sunnyshop211.com\\\/\",\"name\":\"Vente de dioramas, meubles, miniatures , bjd poup\u00e9es 1\\\/12 1\\\/8 1\\\/6 1\\\/4 1\\\/3\",\"description\":\"Sunnyshop211 - Votre univers miniature pour poup\u00e9es et BJD, dioramas et meubles sur mesure !\",\"publisher\":{\"@id\":\"https:\\\/\\\/www.sunnyshop211.com\\\/#organization\"},\"alternateName\":\"sunnyshop211\",\"potentialAction\":[{\"@type\":\"SearchAction\",\"target\":{\"@type\":\"EntryPoint\",\"urlTemplate\":\"https:\\\/\\\/www.sunnyshop211.com\\\/?s={search_term_string}\"},\"query-input\":{\"@type\":\"PropertyValueSpecification\",\"valueRequired\":true,\"valueName\":\"search_term_string\"}}],\"inLanguage\":\"en-US\"},{\"@type\":\"Organization\",\"@id\":\"https:\\\/\\\/www.sunnyshop211.com\\\/#organization\",\"name\":\"sunnyshop211\",\"alternateName\":\"sunnyshop211 diorama bjd meuble miniature\",\"url\":\"https:\\\/\\\/www.sunnyshop211.com\\\/\",\"logo\":{\"@type\":\"ImageObject\",\"inLanguage\":\"en-US\",\"@id\":\"https:\\\/\\\/www.sunnyshop211.com\\\/#\\\/schema\\\/logo\\\/image\\\/\",\"url\":\"https:\\\/\\\/www.sunnyshop211.com\\\/wp-content\\\/uploads\\\/2022\\\/08\\\/cropped-cropped-cropped-Sunnyshop211-1.png\",\"contentUrl\":\"https:\\\/\\\/www.sunnyshop211.com\\\/wp-content\\\/uploads\\\/2022\\\/08\\\/cropped-cropped-cropped-Sunnyshop211-1.png\",\"width\":339,\"height\":339,\"caption\":\"sunnyshop211\"},\"image\":{\"@id\":\"https:\\\/\\\/www.sunnyshop211.com\\\/#\\\/schema\\\/logo\\\/image\\\/\"},\"sameAs\":[\"https:\\\/\\\/www.facebook.com\\\/sunnyshop211\\\/?ref=bookmarks\",\"https:\\\/\\\/x.com\\\/sunnyshop211\",\"https:\\\/\\\/www.instagram.com\\\/sunnyshop211\\\/\",\"https:\\\/\\\/www.tumblr.com\\\/blog\\\/sunnyshop211\",\"https:\\\/\\\/www.youtube.com\\\/channel\\\/UCtYY18OGGDKrTSzgcf7fCBg\",\"https:\\\/\\\/www.tiktok.com\\\/@sunnydollshop211?is_from_webapp=1&sender_device=pc\"]}]}<\/script>\n<!-- \/ Yoast SEO plugin. -->","yoast_head_json":{"title":"miniature park 1\/8 bjd baby pukifee, nappy choo -","description":"miniature playpen 1\/8 bjd baby pukifee, lati yellow, nappy choo or b\u00e9b\u00e9 de minifee. Ideal for your bjd baby or reborn and for staging.","robots":{"index":"index","follow":"follow","max-snippet":"max-snippet:-1","max-image-preview":"max-image-preview:large","max-video-preview":"max-video-preview:-1"},"canonical":"https:\/\/www.sunnyshop211.com\/en\/product\/parc-miniature-1-8-bjd-baby-pukifee-nappy-choo\/","og_locale":"en_US","og_type":"article","og_title":"parc miniature 1\/8 bjd baby pukifee, nappy choo -","og_description":"parc miniature 1\/8 bjd baby pukifee, lati yellow, nappy choo ou b\u00e9b\u00e9 de minifee. Id\u00e9al pour vos bjd baby ou reborn et vos mises en sc\u00e8nes.","og_url":"https:\/\/www.sunnyshop211.com\/en\/product\/parc-miniature-1-8-bjd-baby-pukifee-nappy-choo\/","og_site_name":"Sunnyshop211 -Vente de dioramas, meubles, miniatures , bjd poup\u00e9es 1\/12 1\/8 1\/6 1\/4 1\/3","article_publisher":"https:\/\/www.facebook.com\/sunnyshop211\/?ref=bookmarks","article_modified_time":"2025-12-27T11:39:57+00:00","og_image":[{"width":2560,"height":1707,"url":"https:\/\/www.sunnyshop211.com\/wp-content\/uploads\/2020\/04\/hamster-72-scaled.jpg","type":"image\/jpeg"}],"twitter_card":"summary_large_image","twitter_site":"@sunnyshop211","twitter_misc":{"Est. reading time":"2 minutes"},"schema":{"@context":"https:\/\/schema.org","@graph":[{"@type":"WebPage","@id":"https:\/\/www.sunnyshop211.com\/produit\/parc-miniature-1-8-bjd-baby-pukifee-nappy-choo\/","url":"https:\/\/www.sunnyshop211.com\/produit\/parc-miniature-1-8-bjd-baby-pukifee-nappy-choo\/","name":"miniature park 1\/8 bjd baby pukifee, nappy choo -","isPartOf":{"@id":"https:\/\/www.sunnyshop211.com\/#website"},"primaryImageOfPage":{"@id":"https:\/\/www.sunnyshop211.com\/produit\/parc-miniature-1-8-bjd-baby-pukifee-nappy-choo\/#primaryimage"},"image":{"@id":"https:\/\/www.sunnyshop211.com\/produit\/parc-miniature-1-8-bjd-baby-pukifee-nappy-choo\/#primaryimage"},"thumbnailUrl":"https:\/\/www.sunnyshop211.com\/wp-content\/uploads\/2020\/04\/hamster-72-scaled.jpg","datePublished":"2019-01-03T11:39:56+00:00","dateModified":"2025-12-27T11:39:57+00:00","description":"miniature playpen 1\/8 bjd baby pukifee, lati yellow, nappy choo or b\u00e9b\u00e9 de minifee. Ideal for your bjd baby or reborn and for staging.","breadcrumb":{"@id":"https:\/\/www.sunnyshop211.com\/produit\/parc-miniature-1-8-bjd-baby-pukifee-nappy-choo\/#breadcrumb"},"inLanguage":"en-US","potentialAction":[{"@type":"ReadAction","target":["https:\/\/www.sunnyshop211.com\/produit\/parc-miniature-1-8-bjd-baby-pukifee-nappy-choo\/"]}]},{"@type":"ImageObject","inLanguage":"en-US","@id":"https:\/\/www.sunnyshop211.com\/produit\/parc-miniature-1-8-bjd-baby-pukifee-nappy-choo\/#primaryimage","url":"https:\/\/www.sunnyshop211.com\/wp-content\/uploads\/2020\/04\/hamster-72-scaled.jpg","contentUrl":"https:\/\/www.sunnyshop211.com\/wp-content\/uploads\/2020\/04\/hamster-72-scaled.jpg","width":2560,"height":1707,"caption":"parc miniature 1\/8 bjd"},{"@type":"BreadcrumbList","@id":"https:\/\/www.sunnyshop211.com\/produit\/parc-miniature-1-8-bjd-baby-pukifee-nappy-choo\/#breadcrumb","itemListElement":[{"@type":"ListItem","position":1,"name":"Accueil","item":"https:\/\/www.sunnyshop211.com\/"},{"@type":"ListItem","position":2,"name":"Boutique","item":"https:\/\/www.sunnyshop211.com\/boutique-miniature-bjd-dolls\/"},{"@type":"ListItem","position":3,"name":"parc miniature 1\/8 bjd baby pukifee, nappy choo"}]},{"@type":"WebSite","@id":"https:\/\/www.sunnyshop211.com\/#website","url":"https:\/\/www.sunnyshop211.com\/","name":"Sale of dioramas, furniture, miniatures, bjd dolls 1\/12 1\/8 1\/6 1\/4 1\/3","description":"Sunnyshop211 - Your miniature world for dolls and BJDs, dioramas and custom-made furniture!","publisher":{"@id":"https:\/\/www.sunnyshop211.com\/#organization"},"alternateName":"sunnyshop211","potentialAction":[{"@type":"SearchAction","target":{"@type":"EntryPoint","urlTemplate":"https:\/\/www.sunnyshop211.com\/?s={search_term_string}"},"query-input":{"@type":"PropertyValueSpecification","valueRequired":true,"valueName":"search_term_string"}}],"inLanguage":"en-US"},{"@type":"Organization","@id":"https:\/\/www.sunnyshop211.com\/#organization","name":"sunnyshop211","alternateName":"sunnyshop211 diorama bjd meuble miniature","url":"https:\/\/www.sunnyshop211.com\/","logo":{"@type":"ImageObject","inLanguage":"en-US","@id":"https:\/\/www.sunnyshop211.com\/#\/schema\/logo\/image\/","url":"https:\/\/www.sunnyshop211.com\/wp-content\/uploads\/2022\/08\/cropped-cropped-cropped-Sunnyshop211-1.png","contentUrl":"https:\/\/www.sunnyshop211.com\/wp-content\/uploads\/2022\/08\/cropped-cropped-cropped-Sunnyshop211-1.png","width":339,"height":339,"caption":"sunnyshop211"},"image":{"@id":"https:\/\/www.sunnyshop211.com\/#\/schema\/logo\/image\/"},"sameAs":["https:\/\/www.facebook.com\/sunnyshop211\/?ref=bookmarks","https:\/\/x.com\/sunnyshop211","https:\/\/www.instagram.com\/sunnyshop211\/","https:\/\/www.tumblr.com\/blog\/sunnyshop211","https:\/\/www.youtube.com\/channel\/UCtYY18OGGDKrTSzgcf7fCBg","https:\/\/www.tiktok.com\/@sunnydollshop211?is_from_webapp=1&sender_device=pc"]}]}},"jetpack_publicize_connections":[],"jetpack_sharing_enabled":true,"_links":{"self":[{"href":"https:\/\/www.sunnyshop211.com\/en\/wp-json\/wp\/v2\/product\/545","targetHints":{"allow":["GET"]}}],"collection":[{"href":"https:\/\/www.sunnyshop211.com\/en\/wp-json\/wp\/v2\/product"}],"about":[{"href":"https:\/\/www.sunnyshop211.com\/en\/wp-json\/wp\/v2\/types\/product"}],"replies":[{"embeddable":true,"href":"https:\/\/www.sunnyshop211.com\/en\/wp-json\/wp\/v2\/comments?post=545"}],"version-history":[{"count":9,"href":"https:\/\/www.sunnyshop211.com\/en\/wp-json\/wp\/v2\/product\/545\/revisions"}],"predecessor-version":[{"id":53087,"href":"https:\/\/www.sunnyshop211.com\/en\/wp-json\/wp\/v2\/product\/545\/revisions\/53087"}],"wp:featuredmedia":[{"embeddable":true,"href":"https:\/\/www.sunnyshop211.com\/en\/wp-json\/wp\/v2\/media\/14739"}],"wp:attachment":[{"href":"https:\/\/www.sunnyshop211.com\/en\/wp-json\/wp\/v2\/media?parent=545"}],"wp:term":[{"taxonomy":"product_brand","embeddable":true,"href":"https:\/\/www.sunnyshop211.com\/en\/wp-json\/wp\/v2\/product_brand?post=545"},{"taxonomy":"product_cat","embeddable":true,"href":"https:\/\/www.sunnyshop211.com\/en\/wp-json\/wp\/v2\/product_cat?post=545"},{"taxonomy":"product_tag","embeddable":true,"href":"https:\/\/www.sunnyshop211.com\/en\/wp-json\/wp\/v2\/product_tag?post=545"}],"curies":[{"name":"wp","href":"https:\/\/api.w.org\/{rel}","templated":true}]}}