{"id":4970,"date":"2019-04-08T16:19:34","date_gmt":"2019-04-08T15:19:34","guid":{"rendered":"https:\/\/sunnyshop211.com\/?post_type=product&#038;p=4970"},"modified":"2025-12-27T12:16:18","modified_gmt":"2025-12-27T11:16:18","slug":"lapin-a-emboiter-miniature-1-8-pukifee-lati-yellow-nappy-choo","status":"publish","type":"product","link":"https:\/\/www.sunnyshop211.com\/en\/product\/lapin-a-emboiter-miniature-1-8-pukifee-lati-yellow-nappy-choo\/","title":{"rendered":"1\/8 pukifee miniature nesting rabbit, lati Yellow, Nappy choo"},"content":{"rendered":"<div id='gallery-1' class='gallery galleryid-4970 gallery-columns-3 gallery-size-thumbnail'><figure class='gallery-item'>\n\t\t\t<div class='gallery-icon landscape'>\n\t\t\t\t<a href='https:\/\/www.sunnyshop211.com\/en\/?attachment_id=4894'><img decoding=\"async\" width=\"150\" height=\"150\" src=\"https:\/\/www.sunnyshop211.com\/wp-content\/uploads\/2019\/04\/20190408_160310-scaled-150x150.jpg\" class=\"attachment-thumbnail size-thumbnail\" alt=\"\" srcset=\"https:\/\/www.sunnyshop211.com\/wp-content\/uploads\/2019\/04\/20190408_160310-scaled-150x150.jpg 150w, https:\/\/www.sunnyshop211.com\/wp-content\/uploads\/2019\/04\/20190408_160310-scaled-500x500.jpg 500w, https:\/\/www.sunnyshop211.com\/wp-content\/uploads\/2019\/04\/20190408_160310-100x100.jpg 100w\" sizes=\"(max-width: 150px) 100vw, 150px\" \/><\/a>\n\t\t\t<\/div><\/figure><figure class='gallery-item'>\n\t\t\t<div class='gallery-icon landscape'>\n\t\t\t\t<a href='https:\/\/www.sunnyshop211.com\/en\/?attachment_id=4981'><img decoding=\"async\" width=\"150\" height=\"150\" src=\"https:\/\/www.sunnyshop211.com\/wp-content\/uploads\/2019\/04\/ENSBB-206-scaled-150x150.jpg\" class=\"attachment-thumbnail size-thumbnail\" alt=\"lapin \u00e0 emboiter miniature 1\/8\" srcset=\"https:\/\/www.sunnyshop211.com\/wp-content\/uploads\/2019\/04\/ENSBB-206-scaled-150x150.jpg 150w, https:\/\/www.sunnyshop211.com\/wp-content\/uploads\/2019\/04\/ENSBB-206-scaled-500x500.jpg 500w, https:\/\/www.sunnyshop211.com\/wp-content\/uploads\/2019\/04\/ENSBB-206-100x100.jpg 100w, https:\/\/www.sunnyshop211.com\/wp-content\/uploads\/2019\/04\/ENSBB-206-300x300.jpg 300w\" sizes=\"(max-width: 150px) 100vw, 150px\" \/><\/a>\n\t\t\t<\/div><\/figure>\n\t\t<\/div>\n\n<h2 data-start=\"191\" data-end=\"226\">Miniature nesting rabbit 1\/8<\/h2>\n<p data-start=\"228\" data-end=\"283\">Pukifee - Lati Yellow - Nappy Choo - similar sizes<\/p>\n<hr data-start=\"285\" data-end=\"288\" \/>\n<h3 data-start=\"290\" data-end=\"308\">\ud83d\udc30 Description<\/h3>\n<p data-start=\"310\" data-end=\"539\">This miniature nesting rabbit with <strong data-start=\"343\" data-end=\"350\">1\/8<\/strong> is an adorable decorative toy to complement BJD babies' play and learning scenes.<br data-start=\"441\" data-end=\"444\" \/>Playful and colorful, it adds a cheerful, childlike touch to your dioramas and stagings.<\/p>\n<hr data-start=\"541\" data-end=\"544\" \/>\n<h3 data-start=\"546\" data-end=\"566\">\ud83d\udc76 Compatibility<\/h3>\n<p data-start=\"568\" data-end=\"690\">Suitable for dolls of approx. <strong data-start=\"597\" data-end=\"606\">15 cm<\/strong> :<br data-start=\"608\" data-end=\"611\" \/>- Pukifee<br data-start=\"620\" data-end=\"623\" \/>- Lati Yellow<br data-start=\"636\" data-end=\"639\" \/>- Nappy Choo<br data-start=\"651\" data-end=\"654\" \/>- Other dolls of equivalent size<\/p>\n<hr data-start=\"692\" data-end=\"695\" \/>\n<h3 data-start=\"697\" data-end=\"720\">\ud83e\uddf8 Toy details<\/h3>\n<p data-start=\"722\" data-end=\"855\">\u2022 <strong data-start=\"724\" data-end=\"741\">1 large rabbit<\/strong> painted in <strong data-start=\"751\" data-end=\"759\">pink<\/strong><br data-start=\"759\" data-end=\"762\" \/>\u2022 <strong data-start=\"764\" data-end=\"783\">2 small rabbits<\/strong> that fit inside<br data-start=\"813\" data-end=\"816\" \/>- Colors : <strong data-start=\"831\" data-end=\"839\">green<\/strong> and <strong data-start=\"843\" data-end=\"853\">purple<\/strong><\/p>\n<p data-start=\"857\" data-end=\"922\">\ud83d\udc49 The toy is <strong data-start=\"873\" data-end=\"901\">sold painted and customized<\/strong> as shown in the photos<\/p>\n<hr data-start=\"924\" data-end=\"927\" \/>\n<h3 data-start=\"929\" data-end=\"958\">\ud83e\udeb5 Handcrafted<\/h3>\n<p data-start=\"960\" data-end=\"1174\">Made to order<br data-start=\"980\" data-end=\"983\" \/>Handcrafted :<br data-start=\"1007\" data-end=\"1010\" \/>slight variations in shape, color or finish may occur<br data-start=\"1086\" data-end=\"1089\" \/>Minor imperfections are part of the charm of handmade products.<\/p>\n<hr data-start=\"1176\" data-end=\"1179\" \/>\n<h3 data-start=\"1181\" data-end=\"1212\">\u2139\ufe0f Important information<\/h3>\n<p data-start=\"1214\" data-end=\"1730\">- The photos are examples of staging<br data-start=\"1261\" data-end=\"1264\" \/>\u2022 <strong data-start=\"1266\" data-end=\"1304\">Only the nesting toy is sold<\/strong> (dolls and accessories not included)<br data-start=\"1340\" data-end=\"1343\" \/>- Compatible with my furniture sold separately in the store<br data-start=\"1407\" data-end=\"1410\" \/>- Other decorations are available in the store<br data-start=\"1468\" data-end=\"1471\" \/>- Please take into account manufacturing and delivery times (see General Sales Conditions).<br data-start=\"1573\" data-end=\"1576\" \/>\u2022 <strong data-start=\"1578\" data-end=\"1642\">This is not a toy - intended for an adult audience<\/strong><br data-start=\"1642\" data-end=\"1645\" \/>- I am not responsible for any damage in transit or during shipping.<\/p>\n<hr data-start=\"1732\" data-end=\"1735\" \/>\n<h3 data-start=\"1737\" data-end=\"1773\">\ud83d\udcf8 More photos &amp; inspiration<\/h3>\n<p data-start=\"1775\" data-end=\"1817\">\ud83d\udc49 <a class=\"decorated-link\" href=\"https:\/\/www.instagram.com\/sunnyshop211\/\" target=\"_new\" rel=\"noopener\" data-start=\"1778\" data-end=\"1817\">https:\/\/www.instagram.com\/sunnyshop211\/<\/a><\/p>\n<hr data-start=\"1819\" data-end=\"1822\" \/>\n<p data-start=\"1824\" data-end=\"1918\">\u2728 A miniature nesting rabbit full of softness to enrich baby's 1\/8 awakening scenes.<\/p>","protected":false},"excerpt":{"rendered":"<p>Lapin \u00e0 embo\u00eeter miniature 1\/8 Pukifee \u2013 Lati Yellow \u2013 Nappy Choo \u2013 tailles similaires \ud83d\udc30 Description Ce lapin \u00e0 embo\u00eeter miniature au 1\/8 est un adorable jouet d\u00e9coratif pour compl\u00e9ter les sc\u00e8nes de jeu et d\u2019\u00e9veil des b\u00e9b\u00e9s BJD.Ludique et color\u00e9, il apporte une touche joyeuse et enfantine \u00e0 vos dioramas et mises en [&hellip;]<\/p>\n","protected":false},"featured_media":4981,"comment_status":"open","ping_status":"closed","template":"","meta":{"_crdt_document":"","jetpack_post_was_ever_published":false,"jetpack_publicize_message":"","jetpack_publicize_feature_enabled":true,"jetpack_social_post_already_shared":true,"jetpack_social_options":{"image_generator_settings":{"template":"highway","default_image_id":0,"font":"","enabled":false},"version":2}},"product_brand":[],"product_cat":[667686968],"product_tag":[667681137,667681138,667681136,667681226,667681272,667681808,667682434,667682426,667682432,667681236,667681173,667681237,667681177,667682424,667682430,667681807,667681260],"class_list":{"0":"post-4970","1":"product","2":"type-product","3":"status-publish","4":"has-post-thumbnail","6":"product_cat-doudous-jouets","7":"product_tag-baby","8":"product_tag-bebe","9":"product_tag-bjd","10":"product_tag-doll","11":"product_tag-elowynn-wilde","12":"product_tag-hochet","13":"product_tag-jouet-a-emboiter","14":"product_tag-jouet-a-tirer","15":"product_tag-lapin-a-emboiter","16":"product_tag-maison-de-poupee","17":"product_tag-minifee","18":"product_tag-msd","19":"product_tag-poupee","20":"product_tag-pull-toys","21":"product_tag-rabbit-to-nest","22":"product_tag-rattle","23":"product_tag-tonner","24":"product_shipping_class-lettre-suivie","25":"pa_couleur-bleu","26":"pa_couleur-jaune","27":"pa_couleur-rose","28":"pa_couleur-vert-fr","29":"pa_couleur-violet","31":"first","32":"instock","33":"taxable","34":"shipping-taxable","35":"purchasable","36":"product-type-simple"},"yoast_head":"<!-- This site is optimized with the Yoast SEO plugin v27.4 - https:\/\/yoast.com\/product\/yoast-seo-wordpress\/ -->\n<title>lapin \u00e0 emboiter miniature 1\/8 pukifee, lati Yellow, Nappy choo -<\/title>\n<meta name=\"description\" content=\"lapin \u00e0 emboiter miniature 1\/8 pukifee, lati Yellow, Nappy choo ou similaire. Id\u00e9al pour vos petites dolls au 1\/8 et vos mises en sc\u00e8nes.\" \/>\n<meta name=\"robots\" content=\"index, follow, max-snippet:-1, max-image-preview:large, max-video-preview:-1\" \/>\n<link rel=\"canonical\" href=\"https:\/\/www.sunnyshop211.com\/en\/product\/lapin-a-emboiter-miniature-1-8-pukifee-lati-yellow-nappy-choo\/\" \/>\n<meta property=\"og:locale\" content=\"en_US\" \/>\n<meta property=\"og:type\" content=\"article\" \/>\n<meta property=\"og:title\" content=\"lapin \u00e0 emboiter miniature 1\/8 pukifee, lati Yellow, Nappy choo -\" \/>\n<meta property=\"og:description\" content=\"lapin \u00e0 emboiter miniature 1\/8 pukifee, lati Yellow, Nappy choo ou similaire. Id\u00e9al pour vos petites dolls au 1\/8 et vos mises en sc\u00e8nes.\" \/>\n<meta property=\"og:url\" content=\"https:\/\/www.sunnyshop211.com\/en\/product\/lapin-a-emboiter-miniature-1-8-pukifee-lati-yellow-nappy-choo\/\" \/>\n<meta property=\"og:site_name\" content=\"Sunnyshop211 -Vente de dioramas, meubles, miniatures , bjd poup\u00e9es 1\/12 1\/8 1\/6 1\/4 1\/3\" \/>\n<meta property=\"article:publisher\" content=\"https:\/\/www.facebook.com\/sunnyshop211\/?ref=bookmarks\" \/>\n<meta property=\"article:modified_time\" content=\"2025-12-27T11:16:18+00:00\" \/>\n<meta property=\"og:image\" content=\"https:\/\/www.sunnyshop211.com\/wp-content\/uploads\/2019\/04\/ENSBB-206-scaled.jpg\" \/>\n\t<meta property=\"og:image:width\" content=\"2560\" \/>\n\t<meta property=\"og:image:height\" content=\"1702\" \/>\n\t<meta property=\"og:image:type\" content=\"image\/jpeg\" \/>\n<meta name=\"twitter:card\" content=\"summary_large_image\" \/>\n<meta name=\"twitter:site\" content=\"@sunnyshop211\" \/>\n<meta name=\"twitter:label1\" content=\"Est. reading time\" \/>\n\t<meta name=\"twitter:data1\" content=\"2 minutes\" \/>\n<script type=\"application\/ld+json\" class=\"yoast-schema-graph\">{\"@context\":\"https:\\\/\\\/schema.org\",\"@graph\":[{\"@type\":\"WebPage\",\"@id\":\"https:\\\/\\\/www.sunnyshop211.com\\\/produit\\\/lapin-a-emboiter-miniature-1-8-pukifee-lati-yellow-nappy-choo\\\/\",\"url\":\"https:\\\/\\\/www.sunnyshop211.com\\\/produit\\\/lapin-a-emboiter-miniature-1-8-pukifee-lati-yellow-nappy-choo\\\/\",\"name\":\"lapin \u00e0 emboiter miniature 1\\\/8 pukifee, lati Yellow, Nappy choo -\",\"isPartOf\":{\"@id\":\"https:\\\/\\\/www.sunnyshop211.com\\\/#website\"},\"primaryImageOfPage\":{\"@id\":\"https:\\\/\\\/www.sunnyshop211.com\\\/produit\\\/lapin-a-emboiter-miniature-1-8-pukifee-lati-yellow-nappy-choo\\\/#primaryimage\"},\"image\":{\"@id\":\"https:\\\/\\\/www.sunnyshop211.com\\\/produit\\\/lapin-a-emboiter-miniature-1-8-pukifee-lati-yellow-nappy-choo\\\/#primaryimage\"},\"thumbnailUrl\":\"https:\\\/\\\/www.sunnyshop211.com\\\/wp-content\\\/uploads\\\/2019\\\/04\\\/ENSBB-206-scaled.jpg\",\"datePublished\":\"2019-04-08T15:19:34+00:00\",\"dateModified\":\"2025-12-27T11:16:18+00:00\",\"description\":\"lapin \u00e0 emboiter miniature 1\\\/8 pukifee, lati Yellow, Nappy choo ou similaire. Id\u00e9al pour vos petites dolls au 1\\\/8 et vos mises en sc\u00e8nes.\",\"breadcrumb\":{\"@id\":\"https:\\\/\\\/www.sunnyshop211.com\\\/produit\\\/lapin-a-emboiter-miniature-1-8-pukifee-lati-yellow-nappy-choo\\\/#breadcrumb\"},\"inLanguage\":\"en-US\",\"potentialAction\":[{\"@type\":\"ReadAction\",\"target\":[\"https:\\\/\\\/www.sunnyshop211.com\\\/produit\\\/lapin-a-emboiter-miniature-1-8-pukifee-lati-yellow-nappy-choo\\\/\"]}]},{\"@type\":\"ImageObject\",\"inLanguage\":\"en-US\",\"@id\":\"https:\\\/\\\/www.sunnyshop211.com\\\/produit\\\/lapin-a-emboiter-miniature-1-8-pukifee-lati-yellow-nappy-choo\\\/#primaryimage\",\"url\":\"https:\\\/\\\/www.sunnyshop211.com\\\/wp-content\\\/uploads\\\/2019\\\/04\\\/ENSBB-206-scaled.jpg\",\"contentUrl\":\"https:\\\/\\\/www.sunnyshop211.com\\\/wp-content\\\/uploads\\\/2019\\\/04\\\/ENSBB-206-scaled.jpg\",\"width\":2560,\"height\":1702,\"caption\":\"lapin \u00e0 emboiter miniature 1\\\/8\"},{\"@type\":\"BreadcrumbList\",\"@id\":\"https:\\\/\\\/www.sunnyshop211.com\\\/produit\\\/lapin-a-emboiter-miniature-1-8-pukifee-lati-yellow-nappy-choo\\\/#breadcrumb\",\"itemListElement\":[{\"@type\":\"ListItem\",\"position\":1,\"name\":\"Accueil\",\"item\":\"https:\\\/\\\/www.sunnyshop211.com\\\/\"},{\"@type\":\"ListItem\",\"position\":2,\"name\":\"Boutique\",\"item\":\"https:\\\/\\\/www.sunnyshop211.com\\\/boutique-miniature-bjd-dolls\\\/\"},{\"@type\":\"ListItem\",\"position\":3,\"name\":\"lapin \u00e0 emboiter miniature 1\\\/8 pukifee, lati Yellow, Nappy choo\"}]},{\"@type\":\"WebSite\",\"@id\":\"https:\\\/\\\/www.sunnyshop211.com\\\/#website\",\"url\":\"https:\\\/\\\/www.sunnyshop211.com\\\/\",\"name\":\"Vente de dioramas, meubles, miniatures , bjd poup\u00e9es 1\\\/12 1\\\/8 1\\\/6 1\\\/4 1\\\/3\",\"description\":\"Sunnyshop211 - Votre univers miniature pour poup\u00e9es et BJD, dioramas et meubles sur mesure !\",\"publisher\":{\"@id\":\"https:\\\/\\\/www.sunnyshop211.com\\\/#organization\"},\"alternateName\":\"sunnyshop211\",\"potentialAction\":[{\"@type\":\"SearchAction\",\"target\":{\"@type\":\"EntryPoint\",\"urlTemplate\":\"https:\\\/\\\/www.sunnyshop211.com\\\/?s={search_term_string}\"},\"query-input\":{\"@type\":\"PropertyValueSpecification\",\"valueRequired\":true,\"valueName\":\"search_term_string\"}}],\"inLanguage\":\"en-US\"},{\"@type\":\"Organization\",\"@id\":\"https:\\\/\\\/www.sunnyshop211.com\\\/#organization\",\"name\":\"sunnyshop211\",\"alternateName\":\"sunnyshop211 diorama bjd meuble miniature\",\"url\":\"https:\\\/\\\/www.sunnyshop211.com\\\/\",\"logo\":{\"@type\":\"ImageObject\",\"inLanguage\":\"en-US\",\"@id\":\"https:\\\/\\\/www.sunnyshop211.com\\\/#\\\/schema\\\/logo\\\/image\\\/\",\"url\":\"https:\\\/\\\/www.sunnyshop211.com\\\/wp-content\\\/uploads\\\/2022\\\/08\\\/cropped-cropped-cropped-Sunnyshop211-1.png\",\"contentUrl\":\"https:\\\/\\\/www.sunnyshop211.com\\\/wp-content\\\/uploads\\\/2022\\\/08\\\/cropped-cropped-cropped-Sunnyshop211-1.png\",\"width\":339,\"height\":339,\"caption\":\"sunnyshop211\"},\"image\":{\"@id\":\"https:\\\/\\\/www.sunnyshop211.com\\\/#\\\/schema\\\/logo\\\/image\\\/\"},\"sameAs\":[\"https:\\\/\\\/www.facebook.com\\\/sunnyshop211\\\/?ref=bookmarks\",\"https:\\\/\\\/x.com\\\/sunnyshop211\",\"https:\\\/\\\/www.instagram.com\\\/sunnyshop211\\\/\",\"https:\\\/\\\/www.tumblr.com\\\/blog\\\/sunnyshop211\",\"https:\\\/\\\/www.youtube.com\\\/channel\\\/UCtYY18OGGDKrTSzgcf7fCBg\",\"https:\\\/\\\/www.tiktok.com\\\/@sunnydollshop211?is_from_webapp=1&sender_device=pc\"]}]}<\/script>\n<!-- \/ Yoast SEO plugin. -->","yoast_head_json":{"title":"miniature nesting rabbit 1\/8 pukifee, lati Yellow, Nappy choo -","description":"1\/8 pukifee, lati Yellow, Nappy choo or similar miniature nesting rabbit. Ideal for 1\/8-size dolls and staging.","robots":{"index":"index","follow":"follow","max-snippet":"max-snippet:-1","max-image-preview":"max-image-preview:large","max-video-preview":"max-video-preview:-1"},"canonical":"https:\/\/www.sunnyshop211.com\/en\/product\/lapin-a-emboiter-miniature-1-8-pukifee-lati-yellow-nappy-choo\/","og_locale":"en_US","og_type":"article","og_title":"lapin \u00e0 emboiter miniature 1\/8 pukifee, lati Yellow, Nappy choo -","og_description":"lapin \u00e0 emboiter miniature 1\/8 pukifee, lati Yellow, Nappy choo ou similaire. Id\u00e9al pour vos petites dolls au 1\/8 et vos mises en sc\u00e8nes.","og_url":"https:\/\/www.sunnyshop211.com\/en\/product\/lapin-a-emboiter-miniature-1-8-pukifee-lati-yellow-nappy-choo\/","og_site_name":"Sunnyshop211 -Vente de dioramas, meubles, miniatures , bjd poup\u00e9es 1\/12 1\/8 1\/6 1\/4 1\/3","article_publisher":"https:\/\/www.facebook.com\/sunnyshop211\/?ref=bookmarks","article_modified_time":"2025-12-27T11:16:18+00:00","og_image":[{"width":2560,"height":1702,"url":"https:\/\/www.sunnyshop211.com\/wp-content\/uploads\/2019\/04\/ENSBB-206-scaled.jpg","type":"image\/jpeg"}],"twitter_card":"summary_large_image","twitter_site":"@sunnyshop211","twitter_misc":{"Est. reading time":"2 minutes"},"schema":{"@context":"https:\/\/schema.org","@graph":[{"@type":"WebPage","@id":"https:\/\/www.sunnyshop211.com\/produit\/lapin-a-emboiter-miniature-1-8-pukifee-lati-yellow-nappy-choo\/","url":"https:\/\/www.sunnyshop211.com\/produit\/lapin-a-emboiter-miniature-1-8-pukifee-lati-yellow-nappy-choo\/","name":"miniature nesting rabbit 1\/8 pukifee, lati Yellow, Nappy choo -","isPartOf":{"@id":"https:\/\/www.sunnyshop211.com\/#website"},"primaryImageOfPage":{"@id":"https:\/\/www.sunnyshop211.com\/produit\/lapin-a-emboiter-miniature-1-8-pukifee-lati-yellow-nappy-choo\/#primaryimage"},"image":{"@id":"https:\/\/www.sunnyshop211.com\/produit\/lapin-a-emboiter-miniature-1-8-pukifee-lati-yellow-nappy-choo\/#primaryimage"},"thumbnailUrl":"https:\/\/www.sunnyshop211.com\/wp-content\/uploads\/2019\/04\/ENSBB-206-scaled.jpg","datePublished":"2019-04-08T15:19:34+00:00","dateModified":"2025-12-27T11:16:18+00:00","description":"1\/8 pukifee, lati Yellow, Nappy choo or similar miniature nesting rabbit. Ideal for 1\/8-size dolls and staging.","breadcrumb":{"@id":"https:\/\/www.sunnyshop211.com\/produit\/lapin-a-emboiter-miniature-1-8-pukifee-lati-yellow-nappy-choo\/#breadcrumb"},"inLanguage":"en-US","potentialAction":[{"@type":"ReadAction","target":["https:\/\/www.sunnyshop211.com\/produit\/lapin-a-emboiter-miniature-1-8-pukifee-lati-yellow-nappy-choo\/"]}]},{"@type":"ImageObject","inLanguage":"en-US","@id":"https:\/\/www.sunnyshop211.com\/produit\/lapin-a-emboiter-miniature-1-8-pukifee-lati-yellow-nappy-choo\/#primaryimage","url":"https:\/\/www.sunnyshop211.com\/wp-content\/uploads\/2019\/04\/ENSBB-206-scaled.jpg","contentUrl":"https:\/\/www.sunnyshop211.com\/wp-content\/uploads\/2019\/04\/ENSBB-206-scaled.jpg","width":2560,"height":1702,"caption":"lapin \u00e0 emboiter miniature 1\/8"},{"@type":"BreadcrumbList","@id":"https:\/\/www.sunnyshop211.com\/produit\/lapin-a-emboiter-miniature-1-8-pukifee-lati-yellow-nappy-choo\/#breadcrumb","itemListElement":[{"@type":"ListItem","position":1,"name":"Accueil","item":"https:\/\/www.sunnyshop211.com\/"},{"@type":"ListItem","position":2,"name":"Boutique","item":"https:\/\/www.sunnyshop211.com\/boutique-miniature-bjd-dolls\/"},{"@type":"ListItem","position":3,"name":"lapin \u00e0 emboiter miniature 1\/8 pukifee, lati Yellow, Nappy choo"}]},{"@type":"WebSite","@id":"https:\/\/www.sunnyshop211.com\/#website","url":"https:\/\/www.sunnyshop211.com\/","name":"Sale of dioramas, furniture, miniatures, bjd dolls 1\/12 1\/8 1\/6 1\/4 1\/3","description":"Sunnyshop211 - Your miniature world for dolls and BJDs, dioramas and custom-made furniture!","publisher":{"@id":"https:\/\/www.sunnyshop211.com\/#organization"},"alternateName":"sunnyshop211","potentialAction":[{"@type":"SearchAction","target":{"@type":"EntryPoint","urlTemplate":"https:\/\/www.sunnyshop211.com\/?s={search_term_string}"},"query-input":{"@type":"PropertyValueSpecification","valueRequired":true,"valueName":"search_term_string"}}],"inLanguage":"en-US"},{"@type":"Organization","@id":"https:\/\/www.sunnyshop211.com\/#organization","name":"sunnyshop211","alternateName":"sunnyshop211 diorama bjd meuble miniature","url":"https:\/\/www.sunnyshop211.com\/","logo":{"@type":"ImageObject","inLanguage":"en-US","@id":"https:\/\/www.sunnyshop211.com\/#\/schema\/logo\/image\/","url":"https:\/\/www.sunnyshop211.com\/wp-content\/uploads\/2022\/08\/cropped-cropped-cropped-Sunnyshop211-1.png","contentUrl":"https:\/\/www.sunnyshop211.com\/wp-content\/uploads\/2022\/08\/cropped-cropped-cropped-Sunnyshop211-1.png","width":339,"height":339,"caption":"sunnyshop211"},"image":{"@id":"https:\/\/www.sunnyshop211.com\/#\/schema\/logo\/image\/"},"sameAs":["https:\/\/www.facebook.com\/sunnyshop211\/?ref=bookmarks","https:\/\/x.com\/sunnyshop211","https:\/\/www.instagram.com\/sunnyshop211\/","https:\/\/www.tumblr.com\/blog\/sunnyshop211","https:\/\/www.youtube.com\/channel\/UCtYY18OGGDKrTSzgcf7fCBg","https:\/\/www.tiktok.com\/@sunnydollshop211?is_from_webapp=1&sender_device=pc"]}]}},"jetpack_publicize_connections":[],"jetpack_sharing_enabled":true,"_links":{"self":[{"href":"https:\/\/www.sunnyshop211.com\/en\/wp-json\/wp\/v2\/product\/4970","targetHints":{"allow":["GET"]}}],"collection":[{"href":"https:\/\/www.sunnyshop211.com\/en\/wp-json\/wp\/v2\/product"}],"about":[{"href":"https:\/\/www.sunnyshop211.com\/en\/wp-json\/wp\/v2\/types\/product"}],"replies":[{"embeddable":true,"href":"https:\/\/www.sunnyshop211.com\/en\/wp-json\/wp\/v2\/comments?post=4970"}],"version-history":[{"count":7,"href":"https:\/\/www.sunnyshop211.com\/en\/wp-json\/wp\/v2\/product\/4970\/revisions"}],"predecessor-version":[{"id":53068,"href":"https:\/\/www.sunnyshop211.com\/en\/wp-json\/wp\/v2\/product\/4970\/revisions\/53068"}],"wp:featuredmedia":[{"embeddable":true,"href":"https:\/\/www.sunnyshop211.com\/en\/wp-json\/wp\/v2\/media\/4981"}],"wp:attachment":[{"href":"https:\/\/www.sunnyshop211.com\/en\/wp-json\/wp\/v2\/media?parent=4970"}],"wp:term":[{"taxonomy":"product_brand","embeddable":true,"href":"https:\/\/www.sunnyshop211.com\/en\/wp-json\/wp\/v2\/product_brand?post=4970"},{"taxonomy":"product_cat","embeddable":true,"href":"https:\/\/www.sunnyshop211.com\/en\/wp-json\/wp\/v2\/product_cat?post=4970"},{"taxonomy":"product_tag","embeddable":true,"href":"https:\/\/www.sunnyshop211.com\/en\/wp-json\/wp\/v2\/product_tag?post=4970"}],"curies":[{"name":"wp","href":"https:\/\/api.w.org\/{rel}","templated":true}]}}