{"id":49337,"date":"2025-07-20T10:31:06","date_gmt":"2025-07-20T09:31:06","guid":{"rendered":"https:\/\/www.sunnyshop211.com\/?post_type=product&#038;p=49337"},"modified":"2026-04-12T11:42:11","modified_gmt":"2026-04-12T10:42:11","slug":"cupcake-simulation-rose-miniature-1-4-1-3-bjd-msd-minifee-sd","status":"publish","type":"product","link":"https:\/\/www.sunnyshop211.com\/en\/product\/cupcake-simulation-rose-miniature-1-4-1-3-bjd-msd-minifee-sd\/","title":{"rendered":"Cupcake simulation pink miniature 1\/4 1\/3 bjd MSD minifee SD"},"content":{"rendered":"<p>&nbsp;<\/p>\n<div id='gallery-1' class='gallery galleryid-49337 gallery-columns-3 gallery-size-thumbnail'><figure class='gallery-item'>\n\t\t\t<div class='gallery-icon landscape'>\n\t\t\t\t<a href='https:\/\/www.sunnyshop211.com\/en\/?attachment_id=49327'><img decoding=\"async\" width=\"150\" height=\"150\" src=\"https:\/\/www.sunnyshop211.com\/wp-content\/uploads\/2025\/07\/70-150x150.jpg\" class=\"attachment-thumbnail size-thumbnail\" alt=\"Plat \u00e0 g\u00e2teaux miniature 1\/6 1\/4 1\/3\" srcset=\"https:\/\/www.sunnyshop211.com\/wp-content\/uploads\/2025\/07\/70-150x150.jpg 150w, https:\/\/www.sunnyshop211.com\/wp-content\/uploads\/2025\/07\/70-500x500.jpg 500w, https:\/\/www.sunnyshop211.com\/wp-content\/uploads\/2025\/07\/70-100x100.jpg 100w\" sizes=\"(max-width: 150px) 100vw, 150px\" \/><\/a>\n\t\t\t<\/div><\/figure><figure class='gallery-item'>\n\t\t\t<div class='gallery-icon landscape'>\n\t\t\t\t<a href='https:\/\/www.sunnyshop211.com\/en\/?attachment_id=56105'><img decoding=\"async\" width=\"150\" height=\"150\" src=\"https:\/\/www.sunnyshop211.com\/wp-content\/uploads\/2026\/04\/26-1-150x150.jpg\" class=\"attachment-thumbnail size-thumbnail\" alt=\"Cupcake simulation rose miniature 1\/4 1\/3 bjd MSD minifee SD\" srcset=\"https:\/\/www.sunnyshop211.com\/wp-content\/uploads\/2026\/04\/26-1-150x150.jpg 150w, https:\/\/www.sunnyshop211.com\/wp-content\/uploads\/2026\/04\/26-1-500x500.jpg 500w, https:\/\/www.sunnyshop211.com\/wp-content\/uploads\/2026\/04\/26-1-100x100.jpg 100w\" sizes=\"(max-width: 150px) 100vw, 150px\" \/><\/a>\n\t\t\t<\/div><\/figure><figure class='gallery-item'>\n\t\t\t<div class='gallery-icon landscape'>\n\t\t\t\t<a href='https:\/\/www.sunnyshop211.com\/en\/?attachment_id=49328'><img decoding=\"async\" width=\"150\" height=\"150\" src=\"https:\/\/www.sunnyshop211.com\/wp-content\/uploads\/2025\/07\/71-150x150.jpg\" class=\"attachment-thumbnail size-thumbnail\" alt=\"Meringues simulation miniature 1\/4 bjd MSD minifee\" srcset=\"https:\/\/www.sunnyshop211.com\/wp-content\/uploads\/2025\/07\/71-150x150.jpg 150w, https:\/\/www.sunnyshop211.com\/wp-content\/uploads\/2025\/07\/71-500x500.jpg 500w, https:\/\/www.sunnyshop211.com\/wp-content\/uploads\/2025\/07\/71-100x100.jpg 100w\" sizes=\"(max-width: 150px) 100vw, 150px\" \/><\/a>\n\t\t\t<\/div><\/figure><figure class='gallery-item'>\n\t\t\t<div class='gallery-icon landscape'>\n\t\t\t\t<a href='https:\/\/www.sunnyshop211.com\/en\/?attachment_id=49329'><img loading=\"lazy\" decoding=\"async\" width=\"150\" height=\"150\" src=\"https:\/\/www.sunnyshop211.com\/wp-content\/uploads\/2025\/07\/73-150x150.jpg\" class=\"attachment-thumbnail size-thumbnail\" alt=\"\" srcset=\"https:\/\/www.sunnyshop211.com\/wp-content\/uploads\/2025\/07\/73-150x150.jpg 150w, https:\/\/www.sunnyshop211.com\/wp-content\/uploads\/2025\/07\/73-500x500.jpg 500w, https:\/\/www.sunnyshop211.com\/wp-content\/uploads\/2025\/07\/73-100x100.jpg 100w\" sizes=\"(max-width: 150px) 100vw, 150px\" \/><\/a>\n\t\t\t<\/div><\/figure><figure class='gallery-item'>\n\t\t\t<div class='gallery-icon landscape'>\n\t\t\t\t<a href='https:\/\/www.sunnyshop211.com\/en\/?attachment_id=49330'><img loading=\"lazy\" decoding=\"async\" width=\"150\" height=\"150\" src=\"https:\/\/www.sunnyshop211.com\/wp-content\/uploads\/2025\/07\/74-150x150.jpg\" class=\"attachment-thumbnail size-thumbnail\" alt=\"\" srcset=\"https:\/\/www.sunnyshop211.com\/wp-content\/uploads\/2025\/07\/74-150x150.jpg 150w, https:\/\/www.sunnyshop211.com\/wp-content\/uploads\/2025\/07\/74-500x500.jpg 500w, https:\/\/www.sunnyshop211.com\/wp-content\/uploads\/2025\/07\/74-100x100.jpg 100w\" sizes=\"(max-width: 150px) 100vw, 150px\" \/><\/a>\n\t\t\t<\/div><\/figure><figure class='gallery-item'>\n\t\t\t<div class='gallery-icon landscape'>\n\t\t\t\t<a href='https:\/\/www.sunnyshop211.com\/en\/?attachment_id=56122'><img loading=\"lazy\" decoding=\"async\" width=\"150\" height=\"150\" src=\"https:\/\/www.sunnyshop211.com\/wp-content\/uploads\/2026\/04\/43-150x150.jpg\" class=\"attachment-thumbnail size-thumbnail\" alt=\"Service \u00e0 th\u00e9 baroque miniature \u2013 1\/4\" srcset=\"https:\/\/www.sunnyshop211.com\/wp-content\/uploads\/2026\/04\/43-150x150.jpg 150w, https:\/\/www.sunnyshop211.com\/wp-content\/uploads\/2026\/04\/43-500x500.jpg 500w, https:\/\/www.sunnyshop211.com\/wp-content\/uploads\/2026\/04\/43-100x100.jpg 100w\" sizes=\"(max-width: 150px) 100vw, 150px\" \/><\/a>\n\t\t\t<\/div><\/figure><figure class='gallery-item'>\n\t\t\t<div class='gallery-icon landscape'>\n\t\t\t\t<a href='https:\/\/www.sunnyshop211.com\/en\/?attachment_id=56123'><img loading=\"lazy\" decoding=\"async\" width=\"150\" height=\"150\" src=\"https:\/\/www.sunnyshop211.com\/wp-content\/uploads\/2026\/04\/44-150x150.jpg\" class=\"attachment-thumbnail size-thumbnail\" alt=\"Service \u00e0 th\u00e9 baroque miniature \u2013 1\/4\" srcset=\"https:\/\/www.sunnyshop211.com\/wp-content\/uploads\/2026\/04\/44-150x150.jpg 150w, https:\/\/www.sunnyshop211.com\/wp-content\/uploads\/2026\/04\/44-500x500.jpg 500w, https:\/\/www.sunnyshop211.com\/wp-content\/uploads\/2026\/04\/44-100x100.jpg 100w\" sizes=\"(max-width: 150px) 100vw, 150px\" \/><\/a>\n\t\t\t<\/div><\/figure><figure class='gallery-item'>\n\t\t\t<div class='gallery-icon landscape'>\n\t\t\t\t<a href='https:\/\/www.sunnyshop211.com\/en\/?attachment_id=56099'><img loading=\"lazy\" decoding=\"async\" width=\"150\" height=\"150\" src=\"https:\/\/www.sunnyshop211.com\/wp-content\/uploads\/2026\/04\/20-1-150x150.jpg\" class=\"attachment-thumbnail size-thumbnail\" alt=\"Armoire \/ \u00c9tag\u00e8re miniature \u2013 1\/4 BJD \u2022 MSD \u2022 Minifee\" srcset=\"https:\/\/www.sunnyshop211.com\/wp-content\/uploads\/2026\/04\/20-1-150x150.jpg 150w, https:\/\/www.sunnyshop211.com\/wp-content\/uploads\/2026\/04\/20-1-500x500.jpg 500w, https:\/\/www.sunnyshop211.com\/wp-content\/uploads\/2026\/04\/20-1-100x100.jpg 100w\" sizes=\"(max-width: 150px) 100vw, 150px\" \/><\/a>\n\t\t\t<\/div><\/figure>\n\t\t<\/div>\n\n<p>&nbsp;<\/p>\n<h2 data-start=\"161\" data-end=\"216\">Miniature pink simulation cupcakes - 1\/4 &amp; 1\/3<\/h2>\n<h3 data-start=\"217\" data-end=\"278\">Accessories diorama BJD - MSD - Minifee - SD - Smart Doll<\/h3>\n<p data-start=\"280\" data-end=\"507\">Add a <strong data-start=\"292\" data-end=\"329\">soft, elegant floral touch<\/strong> to your miniature scenes with these <strong data-start=\"363\" data-end=\"420\">simulation cupcakes decorated with a small white rose<\/strong>, perfect for your <strong data-start=\"440\" data-end=\"502\">romantic interiors, tea rooms or patisserie scenes<\/strong> \ud83c\udf37\ud83e\uddc1<\/p>\n<hr data-start=\"509\" data-end=\"512\" \/>\n<h3 data-start=\"514\" data-end=\"535\">\ud83e\uddc1 Batch contents<\/h3>\n<p data-start=\"537\" data-end=\"714\">\u2022 <strong data-start=\"539\" data-end=\"571\">Set of 4 simulation cupcakes<\/strong><br data-start=\"571\" data-end=\"574\" \/>- Floral decoration with <strong data-start=\"600\" data-end=\"623\">small white rose<\/strong><br data-start=\"623\" data-end=\"626\" \/>- Finishing <strong data-start=\"637\" data-end=\"654\">pink and white<\/strong>, as shown in the photos<br data-start=\"676\" data-end=\"679\" \/>- Sold <strong data-start=\"688\" data-end=\"714\">fully customized<\/strong><\/p>\n<hr data-start=\"716\" data-end=\"719\" \/>\n<h3 data-start=\"721\" data-end=\"758\">\ud83d\udccf Available sizes (to choose from)<\/h3>\n<p data-start=\"760\" data-end=\"787\">You choose the size:<\/p>\n<p data-start=\"789\" data-end=\"882\">\u2022 <strong data-start=\"791\" data-end=\"805\">Size 1\/4<\/strong> \u2192 about <strong data-start=\"816\" data-end=\"833\">2 cm wide<\/strong><br data-start=\"833\" data-end=\"836\" \/>\u2022 <strong data-start=\"838\" data-end=\"852\">Size 1\/3<\/strong> \u2192 about <strong data-start=\"863\" data-end=\"882\">2.5 cm wide<\/strong><\/p>\n<hr data-start=\"884\" data-end=\"887\" \/>\n<h3 data-start=\"889\" data-end=\"909\">\ud83e\uddf8 Compatibility<\/h3>\n<p data-start=\"911\" data-end=\"931\">Suitable for dolls:<\/p>\n<p data-start=\"933\" data-end=\"1019\"><strong data-start=\"933\" data-end=\"947\">Format 1\/4<\/strong><br data-start=\"947\" data-end=\"950\" \/>- MSD<br data-start=\"955\" data-end=\"958\" \/>- Minifee<br data-start=\"967\" data-end=\"970\" \/>- Unoa<br data-start=\"976\" data-end=\"979\" \/>- Bimong<br data-start=\"987\" data-end=\"990\" \/>- Other equivalent dolls<\/p>\n<p data-start=\"1021\" data-end=\"1102\"><strong data-start=\"1021\" data-end=\"1035\">Format 1\/3<\/strong><br data-start=\"1035\" data-end=\"1038\" \/>- SD<br data-start=\"1042\" data-end=\"1045\" \/>- Smart Doll<br data-start=\"1057\" data-end=\"1060\" \/>- Feeple<br data-start=\"1068\" data-end=\"1071\" \/>- Other dolls of the same size<\/p>\n<hr data-start=\"1104\" data-end=\"1107\" \/>\n<h3 data-start=\"1109\" data-end=\"1139\">\ud83c\udfa8 Manufacturing &amp; finishing<\/h3>\n<p data-start=\"1141\" data-end=\"1283\">- Made in <strong data-start=\"1155\" data-end=\"1165\">resin<\/strong><br data-start=\"1165\" data-end=\"1168\" \/>\u2022 <strong data-start=\"1170\" data-end=\"1201\">Hand-painted and decorated<\/strong><br data-start=\"1201\" data-end=\"1204\" \/>- Elegant floral theme<br data-start=\"1226\" data-end=\"1229\" \/>- Realistic pastry appearance (fictional, non-food)<\/p>\n<p data-start=\"1285\" data-end=\"1393\">\ud83d\udc49 The dishes shown in the photos are available separately in the section <strong data-start=\"1366\" data-end=\"1377\">Kitchen<\/strong> store.<\/p>\n<hr data-start=\"1395\" data-end=\"1398\" \/>\n<h3 data-start=\"1400\" data-end=\"1413\">\ud83d\udcf8 Photos<\/h3>\n<p data-start=\"1415\" data-end=\"1519\">The photos are <strong data-start=\"1435\" data-end=\"1461\">decoration examples<\/strong>.<br data-start=\"1462\" data-end=\"1465\" \/>\u27a1\ufe0f <strong data-start=\"1468\" data-end=\"1519\">Only the set of 4 miniature cupcakes is sold.<\/strong><\/p>\n<p data-start=\"1521\" data-end=\"1607\">\ud83d\udcf8 More photos and inspiration :<br data-start=\"1558\" data-end=\"1561\" \/>\ud83d\udc49 <strong data-start=\"1564\" data-end=\"1607\"><a class=\"decorated-link\" href=\"https:\/\/www.instagram.com\/sunnyshop211\/\" target=\"_new\" rel=\"noopener\" data-start=\"1566\" data-end=\"1605\">https:\/\/www.instagram.com\/sunnyshop211\/<\/a><\/strong><\/p>\n<hr data-start=\"1609\" data-end=\"1612\" \/>\n<h3 data-start=\"1614\" data-end=\"1645\">\u26a0\ufe0f Important information<\/h3>\n<p data-start=\"1647\" data-end=\"2014\">\u2022 <strong data-start=\"1649\" data-end=\"1676\">This is not a toy<\/strong> - article intended for an adult audience<br data-start=\"1713\" data-end=\"1716\" \/>- Decorative accessory only<br data-start=\"1749\" data-end=\"1752\" \/>- Manufacturing <strong data-start=\"1766\" data-end=\"1780\">artisan<\/strong> Slight variations in shape, color and texture may occur.<br data-start=\"1849\" data-end=\"1852\" \/>\u2022 <strong data-start=\"1854\" data-end=\"1878\">Made to order<\/strong> - please take into account the usual delivery times (GTC &amp; delivery)<br data-start=\"1942\" data-end=\"1945\" \/>- I am not responsible for any damage incurred in transit.<\/p>\n<p data-start=\"2016\" data-end=\"2121\">\ud83c\udf38 <strong data-start=\"2019\" data-end=\"2121\">A delicate, refined set, ideal for completing a gourmet or floral 1\/4 and 1\/3 collection.<\/strong><\/p>","protected":false},"excerpt":{"rendered":"<p>&nbsp; &nbsp; Cupcakes simulation rose miniatures \u2013 1\/4 &amp; 1\/3 Accessoires diorama BJD \u2013 MSD \u00b7 Minifee \u00b7 SD \u00b7 Smart Doll Ajoutez une touche florale, douce et \u00e9l\u00e9gante \u00e0 vos sc\u00e8nes miniatures avec ces cupcakes simulation d\u00e9cor\u00e9s d\u2019une petite rose blanche, parfaits pour vos int\u00e9rieurs romantiques, salons de th\u00e9 ou sc\u00e8nes p\u00e2tisserie \ud83c\udf37\ud83e\uddc1 \ud83e\uddc1 [&hellip;]<\/p>\n","protected":false},"featured_media":49327,"comment_status":"open","ping_status":"closed","template":"","meta":{"_crdt_document":"","jetpack_post_was_ever_published":false,"jetpack_publicize_message":"","jetpack_publicize_feature_enabled":true,"jetpack_social_post_already_shared":true,"jetpack_social_options":{"image_generator_settings":{"template":"highway","default_image_id":0,"font":"","enabled":false},"version":2}},"product_brand":[],"product_cat":[667687025,667687057],"product_tag":[667681299,667682864,667682866,667681234,667681173,667681237,667682870,667682868],"class_list":{"0":"post-49337","1":"product","2":"type-product","3":"status-publish","4":"has-post-thumbnail","6":"product_cat-epicerie-sucree","7":"product_cat-nourriture-vaisselle","8":"product_tag-coffee","9":"product_tag-cup","10":"product_tag-cup-of-tea","11":"product_tag-diorama","12":"product_tag-minifee","13":"product_tag-msd","14":"product_tag-mug","15":"product_tag-tasse","16":"product_shipping_class-lettre-suivie","18":"first","19":"instock","20":"taxable","21":"shipping-taxable","22":"purchasable","23":"product-type-variable"},"yoast_head":"<!-- This site is optimized with the Yoast SEO plugin v27.4 - https:\/\/yoast.com\/product\/yoast-seo-wordpress\/ -->\n<title>Cupcake simulation rose miniature 1\/4 1\/3 bjd MSD minifee SD -<\/title>\n<meta name=\"description\" content=\"Cupcake simulation rose miniature 1\/4 1\/3 bjd MSD minifee SD . Id\u00e9al pour customiser vos int\u00e9rieur et cr\u00e9er une touche de fantaisie dans votre univers\" \/>\n<meta name=\"robots\" content=\"index, follow, max-snippet:-1, max-image-preview:large, max-video-preview:-1\" \/>\n<link rel=\"canonical\" href=\"https:\/\/www.sunnyshop211.com\/en\/product\/cupcake-simulation-rose-miniature-1-4-1-3-bjd-msd-minifee-sd\/\" \/>\n<meta property=\"og:locale\" content=\"en_US\" \/>\n<meta property=\"og:type\" content=\"article\" \/>\n<meta property=\"og:title\" content=\"Cupcake simulation rose miniature 1\/4 1\/3 bjd MSD minifee SD -\" \/>\n<meta property=\"og:description\" content=\"Cupcake simulation licorne miniature 1\/4 1\/3 bjd MSD minifee SD . Id\u00e9al pour customiser vos int\u00e9rieur et cr\u00e9er une touche de fantaisie dans votre univers\" \/>\n<meta property=\"og:url\" content=\"https:\/\/www.sunnyshop211.com\/en\/product\/cupcake-simulation-rose-miniature-1-4-1-3-bjd-msd-minifee-sd\/\" \/>\n<meta property=\"og:site_name\" content=\"Sunnyshop211 -Vente de dioramas, meubles, miniatures , bjd poup\u00e9es 1\/12 1\/8 1\/6 1\/4 1\/3\" \/>\n<meta property=\"article:publisher\" content=\"https:\/\/www.facebook.com\/sunnyshop211\/?ref=bookmarks\" \/>\n<meta property=\"article:modified_time\" content=\"2026-04-12T10:42:11+00:00\" \/>\n<meta property=\"og:image\" content=\"https:\/\/www.sunnyshop211.com\/wp-content\/uploads\/2025\/07\/70-scaled.jpg\" \/>\n\t<meta property=\"og:image:width\" content=\"2560\" \/>\n\t<meta property=\"og:image:height\" content=\"1707\" \/>\n\t<meta property=\"og:image:type\" content=\"image\/jpeg\" \/>\n<meta name=\"twitter:card\" content=\"summary_large_image\" \/>\n<meta name=\"twitter:site\" content=\"@sunnyshop211\" \/>\n<meta name=\"twitter:label1\" content=\"Est. reading time\" \/>\n\t<meta name=\"twitter:data1\" content=\"2 minutes\" \/>\n<script type=\"application\/ld+json\" class=\"yoast-schema-graph\">{\"@context\":\"https:\\\/\\\/schema.org\",\"@graph\":[{\"@type\":\"WebPage\",\"@id\":\"https:\\\/\\\/www.sunnyshop211.com\\\/produit\\\/cupcake-simulation-rose-miniature-1-4-1-3-bjd-msd-minifee-sd\\\/\",\"url\":\"https:\\\/\\\/www.sunnyshop211.com\\\/produit\\\/cupcake-simulation-rose-miniature-1-4-1-3-bjd-msd-minifee-sd\\\/\",\"name\":\"Cupcake simulation rose miniature 1\\\/4 1\\\/3 bjd MSD minifee SD -\",\"isPartOf\":{\"@id\":\"https:\\\/\\\/www.sunnyshop211.com\\\/#website\"},\"primaryImageOfPage\":{\"@id\":\"https:\\\/\\\/www.sunnyshop211.com\\\/produit\\\/cupcake-simulation-rose-miniature-1-4-1-3-bjd-msd-minifee-sd\\\/#primaryimage\"},\"image\":{\"@id\":\"https:\\\/\\\/www.sunnyshop211.com\\\/produit\\\/cupcake-simulation-rose-miniature-1-4-1-3-bjd-msd-minifee-sd\\\/#primaryimage\"},\"thumbnailUrl\":\"https:\\\/\\\/www.sunnyshop211.com\\\/wp-content\\\/uploads\\\/2025\\\/07\\\/70-scaled.jpg\",\"datePublished\":\"2025-07-20T09:31:06+00:00\",\"dateModified\":\"2026-04-12T10:42:11+00:00\",\"description\":\"Cupcake simulation rose miniature 1\\\/4 1\\\/3 bjd MSD minifee SD . Id\u00e9al pour customiser vos int\u00e9rieur et cr\u00e9er une touche de fantaisie dans votre univers\",\"breadcrumb\":{\"@id\":\"https:\\\/\\\/www.sunnyshop211.com\\\/produit\\\/cupcake-simulation-rose-miniature-1-4-1-3-bjd-msd-minifee-sd\\\/#breadcrumb\"},\"inLanguage\":\"en-US\",\"potentialAction\":[{\"@type\":\"ReadAction\",\"target\":[\"https:\\\/\\\/www.sunnyshop211.com\\\/produit\\\/cupcake-simulation-rose-miniature-1-4-1-3-bjd-msd-minifee-sd\\\/\"]}]},{\"@type\":\"ImageObject\",\"inLanguage\":\"en-US\",\"@id\":\"https:\\\/\\\/www.sunnyshop211.com\\\/produit\\\/cupcake-simulation-rose-miniature-1-4-1-3-bjd-msd-minifee-sd\\\/#primaryimage\",\"url\":\"https:\\\/\\\/www.sunnyshop211.com\\\/wp-content\\\/uploads\\\/2025\\\/07\\\/70-scaled.jpg\",\"contentUrl\":\"https:\\\/\\\/www.sunnyshop211.com\\\/wp-content\\\/uploads\\\/2025\\\/07\\\/70-scaled.jpg\",\"width\":2560,\"height\":1707,\"caption\":\"Plat \u00e0 g\u00e2teaux miniature 1\\\/6 1\\\/4 1\\\/3\"},{\"@type\":\"BreadcrumbList\",\"@id\":\"https:\\\/\\\/www.sunnyshop211.com\\\/produit\\\/cupcake-simulation-rose-miniature-1-4-1-3-bjd-msd-minifee-sd\\\/#breadcrumb\",\"itemListElement\":[{\"@type\":\"ListItem\",\"position\":1,\"name\":\"Accueil\",\"item\":\"https:\\\/\\\/www.sunnyshop211.com\\\/\"},{\"@type\":\"ListItem\",\"position\":2,\"name\":\"Boutique\",\"item\":\"https:\\\/\\\/www.sunnyshop211.com\\\/boutique-miniature-bjd-dolls\\\/\"},{\"@type\":\"ListItem\",\"position\":3,\"name\":\"Cupcake simulation rose miniature 1\\\/4 1\\\/3 bjd MSD minifee SD\"}]},{\"@type\":\"WebSite\",\"@id\":\"https:\\\/\\\/www.sunnyshop211.com\\\/#website\",\"url\":\"https:\\\/\\\/www.sunnyshop211.com\\\/\",\"name\":\"Vente de dioramas, meubles, miniatures , bjd poup\u00e9es 1\\\/12 1\\\/8 1\\\/6 1\\\/4 1\\\/3\",\"description\":\"Sunnyshop211 - Votre univers miniature pour poup\u00e9es et BJD, dioramas et meubles sur mesure !\",\"publisher\":{\"@id\":\"https:\\\/\\\/www.sunnyshop211.com\\\/#organization\"},\"alternateName\":\"sunnyshop211\",\"potentialAction\":[{\"@type\":\"SearchAction\",\"target\":{\"@type\":\"EntryPoint\",\"urlTemplate\":\"https:\\\/\\\/www.sunnyshop211.com\\\/?s={search_term_string}\"},\"query-input\":{\"@type\":\"PropertyValueSpecification\",\"valueRequired\":true,\"valueName\":\"search_term_string\"}}],\"inLanguage\":\"en-US\"},{\"@type\":\"Organization\",\"@id\":\"https:\\\/\\\/www.sunnyshop211.com\\\/#organization\",\"name\":\"sunnyshop211\",\"alternateName\":\"sunnyshop211 diorama bjd meuble miniature\",\"url\":\"https:\\\/\\\/www.sunnyshop211.com\\\/\",\"logo\":{\"@type\":\"ImageObject\",\"inLanguage\":\"en-US\",\"@id\":\"https:\\\/\\\/www.sunnyshop211.com\\\/#\\\/schema\\\/logo\\\/image\\\/\",\"url\":\"https:\\\/\\\/www.sunnyshop211.com\\\/wp-content\\\/uploads\\\/2022\\\/08\\\/cropped-cropped-cropped-Sunnyshop211-1.png\",\"contentUrl\":\"https:\\\/\\\/www.sunnyshop211.com\\\/wp-content\\\/uploads\\\/2022\\\/08\\\/cropped-cropped-cropped-Sunnyshop211-1.png\",\"width\":339,\"height\":339,\"caption\":\"sunnyshop211\"},\"image\":{\"@id\":\"https:\\\/\\\/www.sunnyshop211.com\\\/#\\\/schema\\\/logo\\\/image\\\/\"},\"sameAs\":[\"https:\\\/\\\/www.facebook.com\\\/sunnyshop211\\\/?ref=bookmarks\",\"https:\\\/\\\/x.com\\\/sunnyshop211\",\"https:\\\/\\\/www.instagram.com\\\/sunnyshop211\\\/\",\"https:\\\/\\\/www.tumblr.com\\\/blog\\\/sunnyshop211\",\"https:\\\/\\\/www.youtube.com\\\/channel\\\/UCtYY18OGGDKrTSzgcf7fCBg\",\"https:\\\/\\\/www.tiktok.com\\\/@sunnydollshop211?is_from_webapp=1&sender_device=pc\"]}]}<\/script>\n<!-- \/ Yoast SEO plugin. -->","yoast_head_json":{"title":"Cupcake simulation pink miniature 1\/4 1\/3 bjd MSD minifee SD -","description":"Miniature pink simulation cupcake 1\/4 1\/3 bjd MSD minifee SD . Ideal for customizing your interior and creating a touch of fantasy in your world.","robots":{"index":"index","follow":"follow","max-snippet":"max-snippet:-1","max-image-preview":"max-image-preview:large","max-video-preview":"max-video-preview:-1"},"canonical":"https:\/\/www.sunnyshop211.com\/en\/product\/cupcake-simulation-rose-miniature-1-4-1-3-bjd-msd-minifee-sd\/","og_locale":"en_US","og_type":"article","og_title":"Cupcake simulation rose miniature 1\/4 1\/3 bjd MSD minifee SD -","og_description":"Cupcake simulation licorne miniature 1\/4 1\/3 bjd MSD minifee SD . Id\u00e9al pour customiser vos int\u00e9rieur et cr\u00e9er une touche de fantaisie dans votre univers","og_url":"https:\/\/www.sunnyshop211.com\/en\/product\/cupcake-simulation-rose-miniature-1-4-1-3-bjd-msd-minifee-sd\/","og_site_name":"Sunnyshop211 -Vente de dioramas, meubles, miniatures , bjd poup\u00e9es 1\/12 1\/8 1\/6 1\/4 1\/3","article_publisher":"https:\/\/www.facebook.com\/sunnyshop211\/?ref=bookmarks","article_modified_time":"2026-04-12T10:42:11+00:00","og_image":[{"width":2560,"height":1707,"url":"https:\/\/www.sunnyshop211.com\/wp-content\/uploads\/2025\/07\/70-scaled.jpg","type":"image\/jpeg"}],"twitter_card":"summary_large_image","twitter_site":"@sunnyshop211","twitter_misc":{"Est. reading time":"2 minutes"},"schema":{"@context":"https:\/\/schema.org","@graph":[{"@type":"WebPage","@id":"https:\/\/www.sunnyshop211.com\/produit\/cupcake-simulation-rose-miniature-1-4-1-3-bjd-msd-minifee-sd\/","url":"https:\/\/www.sunnyshop211.com\/produit\/cupcake-simulation-rose-miniature-1-4-1-3-bjd-msd-minifee-sd\/","name":"Cupcake simulation pink miniature 1\/4 1\/3 bjd MSD minifee SD -","isPartOf":{"@id":"https:\/\/www.sunnyshop211.com\/#website"},"primaryImageOfPage":{"@id":"https:\/\/www.sunnyshop211.com\/produit\/cupcake-simulation-rose-miniature-1-4-1-3-bjd-msd-minifee-sd\/#primaryimage"},"image":{"@id":"https:\/\/www.sunnyshop211.com\/produit\/cupcake-simulation-rose-miniature-1-4-1-3-bjd-msd-minifee-sd\/#primaryimage"},"thumbnailUrl":"https:\/\/www.sunnyshop211.com\/wp-content\/uploads\/2025\/07\/70-scaled.jpg","datePublished":"2025-07-20T09:31:06+00:00","dateModified":"2026-04-12T10:42:11+00:00","description":"Miniature pink simulation cupcake 1\/4 1\/3 bjd MSD minifee SD . Ideal for customizing your interior and creating a touch of fantasy in your world.","breadcrumb":{"@id":"https:\/\/www.sunnyshop211.com\/produit\/cupcake-simulation-rose-miniature-1-4-1-3-bjd-msd-minifee-sd\/#breadcrumb"},"inLanguage":"en-US","potentialAction":[{"@type":"ReadAction","target":["https:\/\/www.sunnyshop211.com\/produit\/cupcake-simulation-rose-miniature-1-4-1-3-bjd-msd-minifee-sd\/"]}]},{"@type":"ImageObject","inLanguage":"en-US","@id":"https:\/\/www.sunnyshop211.com\/produit\/cupcake-simulation-rose-miniature-1-4-1-3-bjd-msd-minifee-sd\/#primaryimage","url":"https:\/\/www.sunnyshop211.com\/wp-content\/uploads\/2025\/07\/70-scaled.jpg","contentUrl":"https:\/\/www.sunnyshop211.com\/wp-content\/uploads\/2025\/07\/70-scaled.jpg","width":2560,"height":1707,"caption":"Plat \u00e0 g\u00e2teaux miniature 1\/6 1\/4 1\/3"},{"@type":"BreadcrumbList","@id":"https:\/\/www.sunnyshop211.com\/produit\/cupcake-simulation-rose-miniature-1-4-1-3-bjd-msd-minifee-sd\/#breadcrumb","itemListElement":[{"@type":"ListItem","position":1,"name":"Accueil","item":"https:\/\/www.sunnyshop211.com\/"},{"@type":"ListItem","position":2,"name":"Boutique","item":"https:\/\/www.sunnyshop211.com\/boutique-miniature-bjd-dolls\/"},{"@type":"ListItem","position":3,"name":"Cupcake simulation rose miniature 1\/4 1\/3 bjd MSD minifee SD"}]},{"@type":"WebSite","@id":"https:\/\/www.sunnyshop211.com\/#website","url":"https:\/\/www.sunnyshop211.com\/","name":"Sale of dioramas, furniture, miniatures, bjd dolls 1\/12 1\/8 1\/6 1\/4 1\/3","description":"Sunnyshop211 - Your miniature world for dolls and BJDs, dioramas and custom-made furniture!","publisher":{"@id":"https:\/\/www.sunnyshop211.com\/#organization"},"alternateName":"sunnyshop211","potentialAction":[{"@type":"SearchAction","target":{"@type":"EntryPoint","urlTemplate":"https:\/\/www.sunnyshop211.com\/?s={search_term_string}"},"query-input":{"@type":"PropertyValueSpecification","valueRequired":true,"valueName":"search_term_string"}}],"inLanguage":"en-US"},{"@type":"Organization","@id":"https:\/\/www.sunnyshop211.com\/#organization","name":"sunnyshop211","alternateName":"sunnyshop211 diorama bjd meuble miniature","url":"https:\/\/www.sunnyshop211.com\/","logo":{"@type":"ImageObject","inLanguage":"en-US","@id":"https:\/\/www.sunnyshop211.com\/#\/schema\/logo\/image\/","url":"https:\/\/www.sunnyshop211.com\/wp-content\/uploads\/2022\/08\/cropped-cropped-cropped-Sunnyshop211-1.png","contentUrl":"https:\/\/www.sunnyshop211.com\/wp-content\/uploads\/2022\/08\/cropped-cropped-cropped-Sunnyshop211-1.png","width":339,"height":339,"caption":"sunnyshop211"},"image":{"@id":"https:\/\/www.sunnyshop211.com\/#\/schema\/logo\/image\/"},"sameAs":["https:\/\/www.facebook.com\/sunnyshop211\/?ref=bookmarks","https:\/\/x.com\/sunnyshop211","https:\/\/www.instagram.com\/sunnyshop211\/","https:\/\/www.tumblr.com\/blog\/sunnyshop211","https:\/\/www.youtube.com\/channel\/UCtYY18OGGDKrTSzgcf7fCBg","https:\/\/www.tiktok.com\/@sunnydollshop211?is_from_webapp=1&sender_device=pc"]}]}},"jetpack_publicize_connections":[],"jetpack_sharing_enabled":true,"_links":{"self":[{"href":"https:\/\/www.sunnyshop211.com\/en\/wp-json\/wp\/v2\/product\/49337","targetHints":{"allow":["GET"]}}],"collection":[{"href":"https:\/\/www.sunnyshop211.com\/en\/wp-json\/wp\/v2\/product"}],"about":[{"href":"https:\/\/www.sunnyshop211.com\/en\/wp-json\/wp\/v2\/types\/product"}],"replies":[{"embeddable":true,"href":"https:\/\/www.sunnyshop211.com\/en\/wp-json\/wp\/v2\/comments?post=49337"}],"version-history":[{"count":5,"href":"https:\/\/www.sunnyshop211.com\/en\/wp-json\/wp\/v2\/product\/49337\/revisions"}],"predecessor-version":[{"id":56159,"href":"https:\/\/www.sunnyshop211.com\/en\/wp-json\/wp\/v2\/product\/49337\/revisions\/56159"}],"wp:featuredmedia":[{"embeddable":true,"href":"https:\/\/www.sunnyshop211.com\/en\/wp-json\/wp\/v2\/media\/49327"}],"wp:attachment":[{"href":"https:\/\/www.sunnyshop211.com\/en\/wp-json\/wp\/v2\/media?parent=49337"}],"wp:term":[{"taxonomy":"product_brand","embeddable":true,"href":"https:\/\/www.sunnyshop211.com\/en\/wp-json\/wp\/v2\/product_brand?post=49337"},{"taxonomy":"product_cat","embeddable":true,"href":"https:\/\/www.sunnyshop211.com\/en\/wp-json\/wp\/v2\/product_cat?post=49337"},{"taxonomy":"product_tag","embeddable":true,"href":"https:\/\/www.sunnyshop211.com\/en\/wp-json\/wp\/v2\/product_tag?post=49337"}],"curies":[{"name":"wp","href":"https:\/\/api.w.org\/{rel}","templated":true}]}}