{"id":49320,"date":"2025-07-19T16:38:20","date_gmt":"2025-07-19T15:38:20","guid":{"rendered":"https:\/\/www.sunnyshop211.com\/?post_type=product&#038;p=49320"},"modified":"2026-01-03T13:16:03","modified_gmt":"2026-01-03T12:16:03","slug":"ensemble-de-couvert-miniature-simulation-pour-dolls","status":"publish","type":"product","link":"https:\/\/www.sunnyshop211.com\/en\/product\/ensemble-de-couvert-miniature-simulation-pour-dolls\/","title":{"rendered":"Miniature simulation cutlery set for dolls"},"content":{"rendered":"<p>&nbsp;<\/p>\n<p>&nbsp;<\/p>\n<div id='gallery-1' class='gallery galleryid-49320 gallery-columns-3 gallery-size-thumbnail'><figure class='gallery-item'>\n\t\t\t<div class='gallery-icon landscape'>\n\t\t\t\t<a href='https:\/\/www.sunnyshop211.com\/en\/?attachment_id=49242'><img decoding=\"async\" width=\"150\" height=\"150\" src=\"https:\/\/www.sunnyshop211.com\/wp-content\/uploads\/2025\/06\/33-1-150x150.jpg\" class=\"attachment-thumbnail size-thumbnail\" alt=\"Ensemble de couvert miniature simulation pour dolls\" srcset=\"https:\/\/www.sunnyshop211.com\/wp-content\/uploads\/2025\/06\/33-1-150x150.jpg 150w, https:\/\/www.sunnyshop211.com\/wp-content\/uploads\/2025\/06\/33-1-500x500.jpg 500w, https:\/\/www.sunnyshop211.com\/wp-content\/uploads\/2025\/06\/33-1-100x100.jpg 100w\" sizes=\"(max-width: 150px) 100vw, 150px\" \/><\/a>\n\t\t\t<\/div><\/figure><figure class='gallery-item'>\n\t\t\t<div class='gallery-icon landscape'>\n\t\t\t\t<a href='https:\/\/www.sunnyshop211.com\/en\/?attachment_id=49269'><img decoding=\"async\" width=\"150\" height=\"150\" src=\"https:\/\/www.sunnyshop211.com\/wp-content\/uploads\/2025\/07\/52-150x150.jpg\" class=\"attachment-thumbnail size-thumbnail\" alt=\"Hamburger simulation miniature minifee ,MSD\" srcset=\"https:\/\/www.sunnyshop211.com\/wp-content\/uploads\/2025\/07\/52-150x150.jpg 150w, https:\/\/www.sunnyshop211.com\/wp-content\/uploads\/2025\/07\/52-500x500.jpg 500w, https:\/\/www.sunnyshop211.com\/wp-content\/uploads\/2025\/07\/52-100x100.jpg 100w\" sizes=\"(max-width: 150px) 100vw, 150px\" \/><\/a>\n\t\t\t<\/div><\/figure><figure class='gallery-item'>\n\t\t\t<div class='gallery-icon landscape'>\n\t\t\t\t<a href='https:\/\/www.sunnyshop211.com\/en\/?attachment_id=49256'><img decoding=\"async\" width=\"150\" height=\"150\" src=\"https:\/\/www.sunnyshop211.com\/wp-content\/uploads\/2025\/07\/45-150x150.jpg\" class=\"attachment-thumbnail size-thumbnail\" alt=\"\" srcset=\"https:\/\/www.sunnyshop211.com\/wp-content\/uploads\/2025\/07\/45-150x150.jpg 150w, https:\/\/www.sunnyshop211.com\/wp-content\/uploads\/2025\/07\/45-500x500.jpg 500w, https:\/\/www.sunnyshop211.com\/wp-content\/uploads\/2025\/07\/45-100x100.jpg 100w\" sizes=\"(max-width: 150px) 100vw, 150px\" \/><\/a>\n\t\t\t<\/div><\/figure><figure class='gallery-item'>\n\t\t\t<div class='gallery-icon landscape'>\n\t\t\t\t<a href='https:\/\/www.sunnyshop211.com\/en\/?attachment_id=45777'><img loading=\"lazy\" decoding=\"async\" width=\"150\" height=\"150\" src=\"https:\/\/www.sunnyshop211.com\/wp-content\/uploads\/2025\/02\/39-150x150.jpg\" class=\"attachment-thumbnail size-thumbnail\" alt=\"Pot de miel simulation miniature minifee ,MSD\" srcset=\"https:\/\/www.sunnyshop211.com\/wp-content\/uploads\/2025\/02\/39-150x150.jpg 150w, https:\/\/www.sunnyshop211.com\/wp-content\/uploads\/2025\/02\/39-500x500.jpg 500w, https:\/\/www.sunnyshop211.com\/wp-content\/uploads\/2025\/02\/39-100x100.jpg 100w\" sizes=\"(max-width: 150px) 100vw, 150px\" \/><\/a>\n\t\t\t<\/div><\/figure><figure class='gallery-item'>\n\t\t\t<div class='gallery-icon landscape'>\n\t\t\t\t<a href='https:\/\/www.sunnyshop211.com\/en\/?attachment_id=45772'><img loading=\"lazy\" decoding=\"async\" width=\"150\" height=\"150\" src=\"https:\/\/www.sunnyshop211.com\/wp-content\/uploads\/2025\/02\/34-1-150x150.jpg\" class=\"attachment-thumbnail size-thumbnail\" alt=\"\" srcset=\"https:\/\/www.sunnyshop211.com\/wp-content\/uploads\/2025\/02\/34-1-150x150.jpg 150w, https:\/\/www.sunnyshop211.com\/wp-content\/uploads\/2025\/02\/34-1-500x500.jpg 500w, https:\/\/www.sunnyshop211.com\/wp-content\/uploads\/2025\/02\/34-1-100x100.jpg 100w\" sizes=\"(max-width: 150px) 100vw, 150px\" \/><\/a>\n\t\t\t<\/div><\/figure>\n\t\t<\/div>\n\n<h3><\/h3>\n<h2 data-start=\"173\" data-end=\"225\">Miniature cutlery set - 1\/6 &amp; 1\/4<\/h2>\n<h3 data-start=\"226\" data-end=\"309\">Diorama accessories - Barbie - Pullip - Poppy Parker - BJD Minifee - MSD - Unoa<\/h3>\n<p data-start=\"311\" data-end=\"525\">Bring a <strong data-start=\"324\" data-end=\"355\">a realistic, elegant touch<\/strong> to your meal scenes with this <strong data-start=\"387\" data-end=\"433\">simulation miniature cutlery set<\/strong>, ideal for your <strong data-start=\"450\" data-end=\"521\">family dinners, kitchen scenes or scenes from everyday life<\/strong> \ud83c\udf74\u2728<\/p>\n<hr data-start=\"527\" data-end=\"530\" \/>\n<h3 data-start=\"532\" data-end=\"552\">\u2728 Set contents<\/h3>\n<p data-start=\"554\" data-end=\"608\">\u2022 <strong data-start=\"556\" data-end=\"590\">Set of 2 cutlery sets<\/strong><br data-start=\"590\" data-end=\"593\" \/>For a total of :<\/p>\n<p data-start=\"610\" data-end=\"690\">- 2 large spoons<br data-start=\"631\" data-end=\"634\" \/>- 2 teaspoons<br data-start=\"655\" data-end=\"658\" \/>- 2 knives<br data-start=\"670\" data-end=\"673\" \/>- 2 forks<\/p>\n<p data-start=\"692\" data-end=\"793\">\ud83d\udc49 The cutlery is from <strong data-start=\"716\" data-end=\"738\">metallic color<\/strong>, with <strong data-start=\"745\" data-end=\"773\">customizable sleeves<\/strong> (choice of color).<\/p>\n<hr data-start=\"795\" data-end=\"798\" \/>\n<h3 data-start=\"800\" data-end=\"833\">\ud83d\udccf Dimensions &amp; compatibility<\/h3>\n<p data-start=\"835\" data-end=\"902\">- Length of cutlery : <strong data-start=\"861\" data-end=\"877\">about 4 cm<\/strong><br data-start=\"877\" data-end=\"880\" \/>- Suitable for dolls:<\/p>\n<p data-start=\"904\" data-end=\"992\"><strong data-start=\"904\" data-end=\"919\">Scale 1\/6<\/strong><br data-start=\"919\" data-end=\"922\" \/>- Barbie<br data-start=\"930\" data-end=\"933\" \/>- Pullip<br data-start=\"941\" data-end=\"944\" \/>- Poppy Parker<br data-start=\"958\" data-end=\"961\" \/>- Dolls of equivalent size<\/p>\n<p data-start=\"994\" data-end=\"1078\"><strong data-start=\"994\" data-end=\"1009\">1\/4 scale<\/strong><br data-start=\"1009\" data-end=\"1012\" \/>- BJD<br data-start=\"1017\" data-end=\"1020\" \/>- Minifee<br data-start=\"1029\" data-end=\"1032\" \/>- MSD<br data-start=\"1037\" data-end=\"1040\" \/>- Unoa<br data-start=\"1046\" data-end=\"1049\" \/>- Dolls of similar size<\/p>\n<hr data-start=\"1080\" data-end=\"1083\" \/>\n<h3 data-start=\"1085\" data-end=\"1117\">\ud83c\udf57 Assortment suggestions<\/h3>\n<p data-start=\"1119\" data-end=\"1331\">- The <strong data-start=\"1124\" data-end=\"1144\">miniature chicken<\/strong> sold separately<br data-start=\"1165\" data-end=\"1168\" \/>- The <strong data-start=\"1173\" data-end=\"1195\">1\/4\" dining table<\/strong> is available in my store<br data-start=\"1227\" data-end=\"1230\" \/>- The other accessories shown in the photos serve as <strong data-start=\"1290\" data-end=\"1305\">decorations<\/strong> and are sold separately<\/p>\n<hr data-start=\"1333\" data-end=\"1336\" \/>\n<h3 data-start=\"1338\" data-end=\"1368\">\ud83d\udd90\ufe0f Craft manufacturing<\/h3>\n<p data-start=\"1370\" data-end=\"1530\">- Accessories <strong data-start=\"1384\" data-end=\"1406\">made to order<\/strong><br data-start=\"1406\" data-end=\"1409\" \/>- Handcrafted: slight variations in shape or color may occur.<br data-start=\"1499\" data-end=\"1502\" \/>- Each set is unique<\/p>\n<hr data-start=\"1532\" data-end=\"1535\" \/>\n<h3 data-start=\"1537\" data-end=\"1565\">\ud83d\udcf8 Photos &amp; information<\/h3>\n<p data-start=\"1567\" data-end=\"1664\">- The photos are <strong data-start=\"1589\" data-end=\"1618\">examples of staging<\/strong><br data-start=\"1618\" data-end=\"1621\" \/>\u2022 <strong data-start=\"1623\" data-end=\"1664\">Only the cutlery set is sold<\/strong><\/p>\n<p data-start=\"1666\" data-end=\"1748\">\ud83d\udcf8 More photos and inspiration :<br data-start=\"1703\" data-end=\"1706\" \/>\ud83d\udc49 <a class=\"decorated-link\" href=\"https:\/\/www.instagram.com\/sunnyshop211\/\" target=\"_new\" rel=\"noopener\" data-start=\"1709\" data-end=\"1748\">https:\/\/www.instagram.com\/sunnyshop211\/<\/a><\/p>\n<hr data-start=\"1750\" data-end=\"1753\" \/>\n<h3 data-start=\"1755\" data-end=\"1786\">\u26a0\ufe0f Important information<\/h3>\n<p data-start=\"1788\" data-end=\"2027\">\u2022 <strong data-start=\"1790\" data-end=\"1817\">This is not a toy<\/strong><br data-start=\"1817\" data-end=\"1820\" \/>- Article for a <strong data-start=\"1843\" data-end=\"1860\">adult audience<\/strong><br data-start=\"1860\" data-end=\"1863\" \/>- Please note <strong data-start=\"1891\" data-end=\"1932\">manufacturing and delivery times<\/strong> when you place your order<br data-start=\"1955\" data-end=\"1958\" \/>- I am not responsible for any damage incurred in transit.<\/p>\n<p data-start=\"2029\" data-end=\"2129\">\ud83c\udf7d\ufe0f <strong data-start=\"2033\" data-end=\"2129\">A miniature essential for bringing your meals and everyday scenes to life in 1\/6 and 1\/4 scale.<\/strong><\/p>\n<p>&nbsp;<\/p>\n<p>&nbsp;<\/p>","protected":false},"excerpt":{"rendered":"<p>&nbsp; &nbsp; Ensemble de couverts miniatures \u2013 1\/6 &amp; 1\/4 Accessoires diorama \u2013 Barbie \u00b7 Pullip \u00b7 Poppy Parker \u00b7 BJD Minifee \u00b7 MSD \u00b7 Unoa Apportez une touche r\u00e9aliste et \u00e9l\u00e9gante \u00e0 vos sc\u00e8nes de repas avec cet ensemble de couverts miniatures simulation, id\u00e9al pour vos d\u00eeners de famille, sc\u00e8nes de cuisine ou mises [&hellip;]<\/p>\n","protected":false},"featured_media":49242,"comment_status":"open","ping_status":"closed","template":"","meta":{"_crdt_document":"","jetpack_post_was_ever_published":false,"jetpack_publicize_message":"","jetpack_publicize_feature_enabled":true,"jetpack_social_post_already_shared":true,"jetpack_social_options":{"image_generator_settings":{"template":"highway","default_image_id":0,"font":"","enabled":false},"version":2}},"product_brand":[],"product_cat":[667687057,667687021],"product_tag":[667684146,667681299,667682864,667682866,667681234,667681173,667681237,667682870,667684148,667684150,667682868,667684152],"class_list":{"0":"post-49320","1":"product","2":"type-product","3":"status-publish","4":"has-post-thumbnail","6":"product_cat-nourriture-vaisselle","7":"product_cat-vaisselle","8":"product_tag-breackfast","9":"product_tag-coffee","10":"product_tag-cup","11":"product_tag-cup-of-tea","12":"product_tag-diorama","13":"product_tag-minifee","14":"product_tag-msd","15":"product_tag-mug","16":"product_tag-petit-dejeuner","17":"product_tag-plateau","18":"product_tag-tasse","19":"product_tag-tray","20":"product_shipping_class-lettre-suivie","21":"pa_couleur-blanc","22":"pa_couleur-noir","23":"pa_couleur-rose-pink","25":"first","26":"instock","27":"taxable","28":"shipping-taxable","29":"purchasable","30":"product-type-variable"},"yoast_head":"<!-- This site is optimized with the Yoast SEO plugin v27.4 - https:\/\/yoast.com\/product\/yoast-seo-wordpress\/ -->\n<title>Ensemble de couvert miniature simulation pour dolls -<\/title>\n<meta name=\"description\" content=\"Ensemble de couvert miniature simulation pour dolls : au 1\/6 comme Barbie, pullip, Poppy Parker ou au dolls au 1\/4 bjd comme les\u00a0 minifee MSD, unoa\" \/>\n<meta name=\"robots\" content=\"index, follow, max-snippet:-1, max-image-preview:large, max-video-preview:-1\" \/>\n<link rel=\"canonical\" href=\"https:\/\/www.sunnyshop211.com\/en\/product\/ensemble-de-couvert-miniature-simulation-pour-dolls\/\" \/>\n<meta property=\"og:locale\" content=\"en_US\" \/>\n<meta property=\"og:type\" content=\"article\" \/>\n<meta property=\"og:title\" content=\"Ensemble de couvert miniature simulation pour dolls -\" \/>\n<meta property=\"og:description\" content=\"Ensemble de couvert miniature simulation pour dolls : au 1\/6 comme Barbie, pullip, Poppy Parker ou au dolls au 1\/4 bjd comme les\u00a0 minifee MSD, unoa\" \/>\n<meta property=\"og:url\" content=\"https:\/\/www.sunnyshop211.com\/en\/product\/ensemble-de-couvert-miniature-simulation-pour-dolls\/\" \/>\n<meta property=\"og:site_name\" content=\"Sunnyshop211 -Vente de dioramas, meubles, miniatures , bjd poup\u00e9es 1\/12 1\/8 1\/6 1\/4 1\/3\" \/>\n<meta property=\"article:publisher\" content=\"https:\/\/www.facebook.com\/sunnyshop211\/?ref=bookmarks\" \/>\n<meta property=\"article:modified_time\" content=\"2026-01-03T12:16:03+00:00\" \/>\n<meta property=\"og:image\" content=\"https:\/\/www.sunnyshop211.com\/wp-content\/uploads\/2025\/06\/33-1-scaled.jpg\" \/>\n\t<meta property=\"og:image:width\" content=\"2560\" \/>\n\t<meta property=\"og:image:height\" content=\"1707\" \/>\n\t<meta property=\"og:image:type\" content=\"image\/jpeg\" \/>\n<meta name=\"twitter:card\" content=\"summary_large_image\" \/>\n<meta name=\"twitter:site\" content=\"@sunnyshop211\" \/>\n<meta name=\"twitter:label1\" content=\"Est. reading time\" \/>\n\t<meta name=\"twitter:data1\" content=\"2 minutes\" \/>\n<script type=\"application\/ld+json\" class=\"yoast-schema-graph\">{\"@context\":\"https:\\\/\\\/schema.org\",\"@graph\":[{\"@type\":\"WebPage\",\"@id\":\"https:\\\/\\\/www.sunnyshop211.com\\\/produit\\\/ensemble-de-couvert-miniature-simulation-pour-dolls\\\/\",\"url\":\"https:\\\/\\\/www.sunnyshop211.com\\\/produit\\\/ensemble-de-couvert-miniature-simulation-pour-dolls\\\/\",\"name\":\"Ensemble de couvert miniature simulation pour dolls -\",\"isPartOf\":{\"@id\":\"https:\\\/\\\/www.sunnyshop211.com\\\/#website\"},\"primaryImageOfPage\":{\"@id\":\"https:\\\/\\\/www.sunnyshop211.com\\\/produit\\\/ensemble-de-couvert-miniature-simulation-pour-dolls\\\/#primaryimage\"},\"image\":{\"@id\":\"https:\\\/\\\/www.sunnyshop211.com\\\/produit\\\/ensemble-de-couvert-miniature-simulation-pour-dolls\\\/#primaryimage\"},\"thumbnailUrl\":\"https:\\\/\\\/www.sunnyshop211.com\\\/wp-content\\\/uploads\\\/2025\\\/06\\\/33-1-scaled.jpg\",\"datePublished\":\"2025-07-19T15:38:20+00:00\",\"dateModified\":\"2026-01-03T12:16:03+00:00\",\"description\":\"Ensemble de couvert miniature simulation pour dolls : au 1\\\/6 comme Barbie, pullip, Poppy Parker ou au dolls au 1\\\/4 bjd comme les\u00a0 minifee MSD, unoa\",\"breadcrumb\":{\"@id\":\"https:\\\/\\\/www.sunnyshop211.com\\\/produit\\\/ensemble-de-couvert-miniature-simulation-pour-dolls\\\/#breadcrumb\"},\"inLanguage\":\"en-US\",\"potentialAction\":[{\"@type\":\"ReadAction\",\"target\":[\"https:\\\/\\\/www.sunnyshop211.com\\\/produit\\\/ensemble-de-couvert-miniature-simulation-pour-dolls\\\/\"]}]},{\"@type\":\"ImageObject\",\"inLanguage\":\"en-US\",\"@id\":\"https:\\\/\\\/www.sunnyshop211.com\\\/produit\\\/ensemble-de-couvert-miniature-simulation-pour-dolls\\\/#primaryimage\",\"url\":\"https:\\\/\\\/www.sunnyshop211.com\\\/wp-content\\\/uploads\\\/2025\\\/06\\\/33-1-scaled.jpg\",\"contentUrl\":\"https:\\\/\\\/www.sunnyshop211.com\\\/wp-content\\\/uploads\\\/2025\\\/06\\\/33-1-scaled.jpg\",\"width\":2560,\"height\":1707,\"caption\":\"Ensemble de couvert miniature simulation pour dolls\"},{\"@type\":\"BreadcrumbList\",\"@id\":\"https:\\\/\\\/www.sunnyshop211.com\\\/produit\\\/ensemble-de-couvert-miniature-simulation-pour-dolls\\\/#breadcrumb\",\"itemListElement\":[{\"@type\":\"ListItem\",\"position\":1,\"name\":\"Accueil\",\"item\":\"https:\\\/\\\/www.sunnyshop211.com\\\/\"},{\"@type\":\"ListItem\",\"position\":2,\"name\":\"Boutique\",\"item\":\"https:\\\/\\\/www.sunnyshop211.com\\\/boutique-miniature-bjd-dolls\\\/\"},{\"@type\":\"ListItem\",\"position\":3,\"name\":\"Ensemble de couvert miniature simulation pour dolls\"}]},{\"@type\":\"WebSite\",\"@id\":\"https:\\\/\\\/www.sunnyshop211.com\\\/#website\",\"url\":\"https:\\\/\\\/www.sunnyshop211.com\\\/\",\"name\":\"Vente de dioramas, meubles, miniatures , bjd poup\u00e9es 1\\\/12 1\\\/8 1\\\/6 1\\\/4 1\\\/3\",\"description\":\"Sunnyshop211 - Votre univers miniature pour poup\u00e9es et BJD, dioramas et meubles sur mesure !\",\"publisher\":{\"@id\":\"https:\\\/\\\/www.sunnyshop211.com\\\/#organization\"},\"alternateName\":\"sunnyshop211\",\"potentialAction\":[{\"@type\":\"SearchAction\",\"target\":{\"@type\":\"EntryPoint\",\"urlTemplate\":\"https:\\\/\\\/www.sunnyshop211.com\\\/?s={search_term_string}\"},\"query-input\":{\"@type\":\"PropertyValueSpecification\",\"valueRequired\":true,\"valueName\":\"search_term_string\"}}],\"inLanguage\":\"en-US\"},{\"@type\":\"Organization\",\"@id\":\"https:\\\/\\\/www.sunnyshop211.com\\\/#organization\",\"name\":\"sunnyshop211\",\"alternateName\":\"sunnyshop211 diorama bjd meuble miniature\",\"url\":\"https:\\\/\\\/www.sunnyshop211.com\\\/\",\"logo\":{\"@type\":\"ImageObject\",\"inLanguage\":\"en-US\",\"@id\":\"https:\\\/\\\/www.sunnyshop211.com\\\/#\\\/schema\\\/logo\\\/image\\\/\",\"url\":\"https:\\\/\\\/www.sunnyshop211.com\\\/wp-content\\\/uploads\\\/2022\\\/08\\\/cropped-cropped-cropped-Sunnyshop211-1.png\",\"contentUrl\":\"https:\\\/\\\/www.sunnyshop211.com\\\/wp-content\\\/uploads\\\/2022\\\/08\\\/cropped-cropped-cropped-Sunnyshop211-1.png\",\"width\":339,\"height\":339,\"caption\":\"sunnyshop211\"},\"image\":{\"@id\":\"https:\\\/\\\/www.sunnyshop211.com\\\/#\\\/schema\\\/logo\\\/image\\\/\"},\"sameAs\":[\"https:\\\/\\\/www.facebook.com\\\/sunnyshop211\\\/?ref=bookmarks\",\"https:\\\/\\\/x.com\\\/sunnyshop211\",\"https:\\\/\\\/www.instagram.com\\\/sunnyshop211\\\/\",\"https:\\\/\\\/www.tumblr.com\\\/blog\\\/sunnyshop211\",\"https:\\\/\\\/www.youtube.com\\\/channel\\\/UCtYY18OGGDKrTSzgcf7fCBg\",\"https:\\\/\\\/www.tiktok.com\\\/@sunnydollshop211?is_from_webapp=1&sender_device=pc\"]}]}<\/script>\n<!-- \/ Yoast SEO plugin. -->","yoast_head_json":{"title":"Miniature simulation cutlery set for dolls -","description":"Miniature simulation cutlery set for dolls: 1\/6 size like Barbie, pullip, Poppy Parker or 1\/4 size dolls like MSD minifee, unoa","robots":{"index":"index","follow":"follow","max-snippet":"max-snippet:-1","max-image-preview":"max-image-preview:large","max-video-preview":"max-video-preview:-1"},"canonical":"https:\/\/www.sunnyshop211.com\/en\/product\/ensemble-de-couvert-miniature-simulation-pour-dolls\/","og_locale":"en_US","og_type":"article","og_title":"Ensemble de couvert miniature simulation pour dolls -","og_description":"Ensemble de couvert miniature simulation pour dolls : au 1\/6 comme Barbie, pullip, Poppy Parker ou au dolls au 1\/4 bjd comme les\u00a0 minifee MSD, unoa","og_url":"https:\/\/www.sunnyshop211.com\/en\/product\/ensemble-de-couvert-miniature-simulation-pour-dolls\/","og_site_name":"Sunnyshop211 -Vente de dioramas, meubles, miniatures , bjd poup\u00e9es 1\/12 1\/8 1\/6 1\/4 1\/3","article_publisher":"https:\/\/www.facebook.com\/sunnyshop211\/?ref=bookmarks","article_modified_time":"2026-01-03T12:16:03+00:00","og_image":[{"width":2560,"height":1707,"url":"https:\/\/www.sunnyshop211.com\/wp-content\/uploads\/2025\/06\/33-1-scaled.jpg","type":"image\/jpeg"}],"twitter_card":"summary_large_image","twitter_site":"@sunnyshop211","twitter_misc":{"Est. reading time":"2 minutes"},"schema":{"@context":"https:\/\/schema.org","@graph":[{"@type":"WebPage","@id":"https:\/\/www.sunnyshop211.com\/produit\/ensemble-de-couvert-miniature-simulation-pour-dolls\/","url":"https:\/\/www.sunnyshop211.com\/produit\/ensemble-de-couvert-miniature-simulation-pour-dolls\/","name":"Miniature simulation cutlery set for dolls -","isPartOf":{"@id":"https:\/\/www.sunnyshop211.com\/#website"},"primaryImageOfPage":{"@id":"https:\/\/www.sunnyshop211.com\/produit\/ensemble-de-couvert-miniature-simulation-pour-dolls\/#primaryimage"},"image":{"@id":"https:\/\/www.sunnyshop211.com\/produit\/ensemble-de-couvert-miniature-simulation-pour-dolls\/#primaryimage"},"thumbnailUrl":"https:\/\/www.sunnyshop211.com\/wp-content\/uploads\/2025\/06\/33-1-scaled.jpg","datePublished":"2025-07-19T15:38:20+00:00","dateModified":"2026-01-03T12:16:03+00:00","description":"Miniature simulation cutlery set for dolls: 1\/6 size like Barbie, pullip, Poppy Parker or 1\/4 size dolls like MSD minifee, unoa","breadcrumb":{"@id":"https:\/\/www.sunnyshop211.com\/produit\/ensemble-de-couvert-miniature-simulation-pour-dolls\/#breadcrumb"},"inLanguage":"en-US","potentialAction":[{"@type":"ReadAction","target":["https:\/\/www.sunnyshop211.com\/produit\/ensemble-de-couvert-miniature-simulation-pour-dolls\/"]}]},{"@type":"ImageObject","inLanguage":"en-US","@id":"https:\/\/www.sunnyshop211.com\/produit\/ensemble-de-couvert-miniature-simulation-pour-dolls\/#primaryimage","url":"https:\/\/www.sunnyshop211.com\/wp-content\/uploads\/2025\/06\/33-1-scaled.jpg","contentUrl":"https:\/\/www.sunnyshop211.com\/wp-content\/uploads\/2025\/06\/33-1-scaled.jpg","width":2560,"height":1707,"caption":"Ensemble de couvert miniature simulation pour dolls"},{"@type":"BreadcrumbList","@id":"https:\/\/www.sunnyshop211.com\/produit\/ensemble-de-couvert-miniature-simulation-pour-dolls\/#breadcrumb","itemListElement":[{"@type":"ListItem","position":1,"name":"Accueil","item":"https:\/\/www.sunnyshop211.com\/"},{"@type":"ListItem","position":2,"name":"Boutique","item":"https:\/\/www.sunnyshop211.com\/boutique-miniature-bjd-dolls\/"},{"@type":"ListItem","position":3,"name":"Ensemble de couvert miniature simulation pour dolls"}]},{"@type":"WebSite","@id":"https:\/\/www.sunnyshop211.com\/#website","url":"https:\/\/www.sunnyshop211.com\/","name":"Sale of dioramas, furniture, miniatures, bjd dolls 1\/12 1\/8 1\/6 1\/4 1\/3","description":"Sunnyshop211 - Your miniature world for dolls and BJDs, dioramas and custom-made furniture!","publisher":{"@id":"https:\/\/www.sunnyshop211.com\/#organization"},"alternateName":"sunnyshop211","potentialAction":[{"@type":"SearchAction","target":{"@type":"EntryPoint","urlTemplate":"https:\/\/www.sunnyshop211.com\/?s={search_term_string}"},"query-input":{"@type":"PropertyValueSpecification","valueRequired":true,"valueName":"search_term_string"}}],"inLanguage":"en-US"},{"@type":"Organization","@id":"https:\/\/www.sunnyshop211.com\/#organization","name":"sunnyshop211","alternateName":"sunnyshop211 diorama bjd meuble miniature","url":"https:\/\/www.sunnyshop211.com\/","logo":{"@type":"ImageObject","inLanguage":"en-US","@id":"https:\/\/www.sunnyshop211.com\/#\/schema\/logo\/image\/","url":"https:\/\/www.sunnyshop211.com\/wp-content\/uploads\/2022\/08\/cropped-cropped-cropped-Sunnyshop211-1.png","contentUrl":"https:\/\/www.sunnyshop211.com\/wp-content\/uploads\/2022\/08\/cropped-cropped-cropped-Sunnyshop211-1.png","width":339,"height":339,"caption":"sunnyshop211"},"image":{"@id":"https:\/\/www.sunnyshop211.com\/#\/schema\/logo\/image\/"},"sameAs":["https:\/\/www.facebook.com\/sunnyshop211\/?ref=bookmarks","https:\/\/x.com\/sunnyshop211","https:\/\/www.instagram.com\/sunnyshop211\/","https:\/\/www.tumblr.com\/blog\/sunnyshop211","https:\/\/www.youtube.com\/channel\/UCtYY18OGGDKrTSzgcf7fCBg","https:\/\/www.tiktok.com\/@sunnydollshop211?is_from_webapp=1&sender_device=pc"]}]}},"jetpack_publicize_connections":[],"jetpack_sharing_enabled":true,"_links":{"self":[{"href":"https:\/\/www.sunnyshop211.com\/en\/wp-json\/wp\/v2\/product\/49320","targetHints":{"allow":["GET"]}}],"collection":[{"href":"https:\/\/www.sunnyshop211.com\/en\/wp-json\/wp\/v2\/product"}],"about":[{"href":"https:\/\/www.sunnyshop211.com\/en\/wp-json\/wp\/v2\/types\/product"}],"replies":[{"embeddable":true,"href":"https:\/\/www.sunnyshop211.com\/en\/wp-json\/wp\/v2\/comments?post=49320"}],"version-history":[{"count":2,"href":"https:\/\/www.sunnyshop211.com\/en\/wp-json\/wp\/v2\/product\/49320\/revisions"}],"predecessor-version":[{"id":53475,"href":"https:\/\/www.sunnyshop211.com\/en\/wp-json\/wp\/v2\/product\/49320\/revisions\/53475"}],"wp:featuredmedia":[{"embeddable":true,"href":"https:\/\/www.sunnyshop211.com\/en\/wp-json\/wp\/v2\/media\/49242"}],"wp:attachment":[{"href":"https:\/\/www.sunnyshop211.com\/en\/wp-json\/wp\/v2\/media?parent=49320"}],"wp:term":[{"taxonomy":"product_brand","embeddable":true,"href":"https:\/\/www.sunnyshop211.com\/en\/wp-json\/wp\/v2\/product_brand?post=49320"},{"taxonomy":"product_cat","embeddable":true,"href":"https:\/\/www.sunnyshop211.com\/en\/wp-json\/wp\/v2\/product_cat?post=49320"},{"taxonomy":"product_tag","embeddable":true,"href":"https:\/\/www.sunnyshop211.com\/en\/wp-json\/wp\/v2\/product_tag?post=49320"}],"curies":[{"name":"wp","href":"https:\/\/api.w.org\/{rel}","templated":true}]}}