{"id":49235,"date":"2025-07-19T15:22:15","date_gmt":"2025-07-19T14:22:15","guid":{"rendered":"https:\/\/www.sunnyshop211.com\/?post_type=product&#038;p=49235"},"modified":"2026-01-03T13:23:05","modified_gmt":"2026-01-03T12:23:05","slug":"table-basse-miniature-1-6-1-4-barbie-pullip-msd-minifee-3","status":"publish","type":"product","link":"https:\/\/www.sunnyshop211.com\/en\/product\/table-basse-miniature-1-6-1-4-barbie-pullip-msd-minifee-3\/","title":{"rendered":"Miniature coffee table 1\/6, 1\/4, Barbie, pullip, msd, minifee,"},"content":{"rendered":"<div id='gallery-1' class='gallery galleryid-49235 gallery-columns-3 gallery-size-thumbnail'><figure class='gallery-item'>\n\t\t\t<div class='gallery-icon portrait'>\n\t\t\t\t<a href='https:\/\/www.sunnyshop211.com\/en\/?attachment_id=49156'><img decoding=\"async\" width=\"150\" height=\"150\" src=\"https:\/\/www.sunnyshop211.com\/wp-content\/uploads\/2025\/07\/31-150x150.jpg\" class=\"attachment-thumbnail size-thumbnail\" alt=\"Table basse miniature 1\/6, 1\/4, Barbie, pullip, msd, minifee,\" srcset=\"https:\/\/www.sunnyshop211.com\/wp-content\/uploads\/2025\/07\/31-150x150.jpg 150w, https:\/\/www.sunnyshop211.com\/wp-content\/uploads\/2025\/07\/31-500x500.jpg 500w, https:\/\/www.sunnyshop211.com\/wp-content\/uploads\/2025\/07\/31-100x100.jpg 100w\" sizes=\"(max-width: 150px) 100vw, 150px\" \/><\/a>\n\t\t\t<\/div><\/figure><figure class='gallery-item'>\n\t\t\t<div class='gallery-icon landscape'>\n\t\t\t\t<a href='https:\/\/www.sunnyshop211.com\/en\/?attachment_id=49157'><img decoding=\"async\" width=\"150\" height=\"150\" src=\"https:\/\/www.sunnyshop211.com\/wp-content\/uploads\/2025\/07\/32-150x150.jpg\" class=\"attachment-thumbnail size-thumbnail\" alt=\"Table basse miniature 1\/6, 1\/4, Barbie, pullip, msd, minifee,\" srcset=\"https:\/\/www.sunnyshop211.com\/wp-content\/uploads\/2025\/07\/32-150x150.jpg 150w, https:\/\/www.sunnyshop211.com\/wp-content\/uploads\/2025\/07\/32-500x500.jpg 500w, https:\/\/www.sunnyshop211.com\/wp-content\/uploads\/2025\/07\/32-100x100.jpg 100w\" sizes=\"(max-width: 150px) 100vw, 150px\" \/><\/a>\n\t\t\t<\/div><\/figure><figure class='gallery-item'>\n\t\t\t<div class='gallery-icon landscape'>\n\t\t\t\t<a href='https:\/\/www.sunnyshop211.com\/en\/?attachment_id=49198'><img decoding=\"async\" width=\"150\" height=\"150\" src=\"https:\/\/www.sunnyshop211.com\/wp-content\/uploads\/2025\/07\/39-150x150.jpg\" class=\"attachment-thumbnail size-thumbnail\" alt=\"\" srcset=\"https:\/\/www.sunnyshop211.com\/wp-content\/uploads\/2025\/07\/39-150x150.jpg 150w, https:\/\/www.sunnyshop211.com\/wp-content\/uploads\/2025\/07\/39-13x12.jpg 13w, https:\/\/www.sunnyshop211.com\/wp-content\/uploads\/2025\/07\/39-500x500.jpg 500w, https:\/\/www.sunnyshop211.com\/wp-content\/uploads\/2025\/07\/39-100x100.jpg 100w\" sizes=\"(max-width: 150px) 100vw, 150px\" \/><\/a>\n\t\t\t<\/div><\/figure>\n\t\t<\/div>\n\n<h2 data-start=\"145\" data-end=\"194\">Miniature coffee table - Scale 1\/6 &amp; 1\/4<\/h2>\n<p data-start=\"195\" data-end=\"235\"><strong data-start=\"195\" data-end=\"235\">Diorama Barbie, Pullip, MSD, Minifee<\/strong><\/p>\n<p data-start=\"237\" data-end=\"384\">This <strong data-start=\"243\" data-end=\"268\">miniature coffee table<\/strong> is ideal for completing your miniature interiors and adding a simple, realistic touch to your settings.<\/p>\n<p data-start=\"386\" data-end=\"527\">Its sleek design with <strong data-start=\"408\" data-end=\"425\">single feet<\/strong> can be easily integrated into all types of decor: modern living rooms, cosy interiors or everyday scenes.<\/p>\n<hr data-start=\"529\" data-end=\"532\" \/>\n<h3 data-start=\"534\" data-end=\"554\">\ud83d\udccf Compatibility<\/h3>\n<p data-start=\"555\" data-end=\"585\">Suitable for the following dolls:<\/p>\n<p data-start=\"587\" data-end=\"602\"><strong data-start=\"587\" data-end=\"602\">Scale 1\/6<\/strong><\/p>\n<ul data-start=\"603\" data-end=\"673\">\n<li data-start=\"603\" data-end=\"613\">\n<p data-start=\"605\" data-end=\"613\">Barbie<\/p>\n<\/li>\n<li data-start=\"614\" data-end=\"624\">\n<p data-start=\"616\" data-end=\"624\">Pullip<\/p>\n<\/li>\n<li data-start=\"625\" data-end=\"641\">\n<p data-start=\"627\" data-end=\"641\">Poppy Parker<\/p>\n<\/li>\n<li data-start=\"642\" data-end=\"673\">\n<p data-start=\"644\" data-end=\"673\">Dolls of equivalent size<\/p>\n<\/li>\n<\/ul>\n<p data-start=\"675\" data-end=\"690\"><strong data-start=\"675\" data-end=\"690\">1\/4 scale<\/strong><\/p>\n<ul data-start=\"691\" data-end=\"760\">\n<li data-start=\"691\" data-end=\"698\">\n<p data-start=\"693\" data-end=\"698\">MSD<\/p>\n<\/li>\n<li data-start=\"699\" data-end=\"710\">\n<p data-start=\"701\" data-end=\"710\">Minifee<\/p>\n<\/li>\n<li data-start=\"711\" data-end=\"719\">\n<p data-start=\"713\" data-end=\"719\">Unoa<\/p>\n<\/li>\n<li data-start=\"720\" data-end=\"730\">\n<p data-start=\"722\" data-end=\"730\">Bimong<\/p>\n<\/li>\n<li data-start=\"731\" data-end=\"760\">\n<p data-start=\"733\" data-end=\"760\">Dolls of similar size<\/p>\n<\/li>\n<\/ul>\n<hr data-start=\"762\" data-end=\"765\" \/>\n<h3 data-start=\"767\" data-end=\"795\">\ud83d\udcd0 Dimensions (selectable)<\/h3>\n<ul data-start=\"796\" data-end=\"873\">\n<li data-start=\"796\" data-end=\"835\">\n<p data-start=\"798\" data-end=\"835\"><strong data-start=\"798\" data-end=\"805\">1\/6<\/strong> : about <strong data-start=\"816\" data-end=\"833\">10 cm high<\/strong><\/p>\n<\/li>\n<li data-start=\"836\" data-end=\"873\">\n<p data-start=\"838\" data-end=\"873\"><strong data-start=\"838\" data-end=\"845\">1\/4<\/strong> : about <strong data-start=\"856\" data-end=\"873\">11 cm high<\/strong><\/p>\n<\/li>\n<\/ul>\n<hr data-start=\"875\" data-end=\"878\" \/>\n<h3 data-start=\"880\" data-end=\"894\">\ud83e\uddfe Contents<\/h3>\n<ul data-start=\"895\" data-end=\"961\">\n<li data-start=\"895\" data-end=\"924\">\n<p data-start=\"897\" data-end=\"924\"><strong data-start=\"897\" data-end=\"924\">1 miniature coffee table<\/strong><\/p>\n<\/li>\n<li data-start=\"925\" data-end=\"961\">\n<p data-start=\"927\" data-end=\"961\">Sold <strong data-start=\"934\" data-end=\"943\">only<\/strong>, without accessories<\/p>\n<\/li>\n<\/ul>\n<hr data-start=\"963\" data-end=\"966\" \/>\n<h3 data-start=\"968\" data-end=\"983\">\ud83c\udfa8 Finish<\/h3>\n<ul data-start=\"984\" data-end=\"1104\">\n<li data-start=\"984\" data-end=\"1015\">\n<p data-start=\"986\" data-end=\"1015\">Table <strong data-start=\"992\" data-end=\"1015\">painted and assembled<\/strong><\/p>\n<\/li>\n<li data-start=\"1016\" data-end=\"1064\">\n<p data-start=\"1018\" data-end=\"1064\">Model voluntarily <strong data-start=\"1040\" data-end=\"1064\">sober and minimalist<\/strong><\/p>\n<\/li>\n<li data-start=\"1065\" data-end=\"1104\">\n<p data-start=\"1067\" data-end=\"1104\">Color as shown in photos<\/p>\n<\/li>\n<\/ul>\n<hr data-start=\"1106\" data-end=\"1109\" \/>\n<h3 data-start=\"1111\" data-end=\"1141\">\ud83d\udd90\ufe0f Craft manufacturing<\/h3>\n<p data-start=\"1142\" data-end=\"1195\">Each table is <strong data-start=\"1159\" data-end=\"1194\">handmade to order<\/strong>.<\/p>\n<p data-start=\"1197\" data-end=\"1231\">Because of its artisanal character :<\/p>\n<ul data-start=\"1232\" data-end=\"1357\">\n<li data-start=\"1232\" data-end=\"1303\">\n<p data-start=\"1234\" data-end=\"1303\">slight variations in <strong data-start=\"1259\" data-end=\"1282\">shape or color<\/strong> may appear<\/p>\n<\/li>\n<li data-start=\"1304\" data-end=\"1357\">\n<p data-start=\"1306\" data-end=\"1357\">some <strong data-start=\"1315\" data-end=\"1340\">small imperfections<\/strong> are possible<\/p>\n<\/li>\n<\/ul>\n<p data-start=\"1359\" data-end=\"1468\">Please note <strong data-start=\"1385\" data-end=\"1426\">manufacturing and delivery times<\/strong><br data-start=\"1426\" data-end=\"1429\" \/>(see <em data-start=\"1435\" data-end=\"1466\">Terms and conditions of sale<\/em>).<\/p>\n<hr data-start=\"1470\" data-end=\"1473\" \/>\n<h3 data-start=\"1475\" data-end=\"1507\">\ud83d\uddbc\ufe0f Important information<\/h3>\n<ul data-start=\"1508\" data-end=\"1681\">\n<li data-start=\"1508\" data-end=\"1559\">\n<p data-start=\"1510\" data-end=\"1559\">The photos are <strong data-start=\"1530\" data-end=\"1559\">examples of staging<\/strong><\/p>\n<\/li>\n<li data-start=\"1560\" data-end=\"1591\">\n<p data-start=\"1562\" data-end=\"1591\"><strong data-start=\"1562\" data-end=\"1591\">Only the table is sold<\/strong><\/p>\n<\/li>\n<li data-start=\"1592\" data-end=\"1681\">\n<p data-start=\"1594\" data-end=\"1681\">Other visible furniture and decorations are available separately in the store.<\/p>\n<\/li>\n<\/ul>\n<p data-start=\"1683\" data-end=\"1793\">Compatible with my <strong data-start=\"1703\" data-end=\"1743\">miniature furniture sold separately<\/strong>, ideal for 1\/6 and 1\/4 scale staging.<\/p>\n<hr data-start=\"1795\" data-end=\"1798\" \/>\n<h3 data-start=\"1800\" data-end=\"1819\">\ud83d\udcf8 Inspirations<\/h3>\n<p data-start=\"1820\" data-end=\"1909\">Find more photos and staging ideas at<br data-start=\"1876\" data-end=\"1879\" \/>\ud83d\udc49 Instagram <strong data-start=\"1892\" data-end=\"1909\">@sunnyshop211<\/strong><\/p>\n<hr data-start=\"1911\" data-end=\"1914\" \/>\n<h3 data-start=\"1916\" data-end=\"1939\">\u26a0\ufe0f Imprint<\/h3>\n<p data-start=\"1940\" data-end=\"2109\">!!!! This is not a toy<br data-start=\"1968\" data-end=\"1971\" \/>Article for a <strong data-start=\"1992\" data-end=\"2038\">adult and collector audiences only<\/strong><br data-start=\"2038\" data-end=\"2041\" \/>\ud83d\udce6 I'm not responsible for any shipping damage<\/p>","protected":false},"excerpt":{"rendered":"<p>Table basse miniature \u2013 \u00c9chelle 1\/6 &amp; 1\/4 Diorama Barbie, Pullip, MSD, Minifee Cette table basse miniature est id\u00e9ale pour compl\u00e9ter vos int\u00e9rieurs miniatures et apporter une touche simple et r\u00e9aliste \u00e0 vos mises en sc\u00e8ne. Son design \u00e9pur\u00e9 avec pieds simples s\u2019int\u00e8gre facilement dans tous types de d\u00e9cors : salon moderne, int\u00e9rieur cosy ou [&hellip;]<\/p>\n","protected":false},"featured_media":49156,"comment_status":"open","ping_status":"closed","template":"","meta":{"_crdt_document":"","jetpack_post_was_ever_published":false,"jetpack_publicize_message":"","jetpack_publicize_feature_enabled":true,"jetpack_social_post_already_shared":true,"jetpack_social_options":{"image_generator_settings":{"template":"highway","default_image_id":0,"font":"","enabled":false},"version":2}},"product_brand":[],"product_cat":[667687056,667687014],"product_tag":[667681278,667681145,667681143,667681341,667681284,667684372,667681142,667684395,667684370,667684381,667681234,667681226,667681233,667681343,667681225,667681279,667681241,667681340,667681144,667681236,667681261,667681281,667681173,667681280,667681177,667681277,667684397,667684379,667681338,667681260],"class_list":{"0":"post-49235","1":"product","2":"type-product","3":"status-publish","4":"has-post-thumbnail","6":"product_cat-mobilier-de-restaurant","7":"product_cat-salon","8":"product_tag-barbie","9":"product_tag-bed","10":"product_tag-bedroom","11":"product_tag-bid","12":"product_tag-blythe","13":"product_tag-cerceuil","14":"product_tag-chambre","15":"product_tag-citrouille","16":"product_tag-coffin","17":"product_tag-corbeau","18":"product_tag-diorama","19":"product_tag-doll","20":"product_tag-dollhouse","21":"product_tag-etagere","22":"product_tag-furniture","23":"product_tag-hot-toys","24":"product_tag-iplehouse","25":"product_tag-kid","26":"product_tag-lit","27":"product_tag-maison-de-poupee","28":"product_tag-meuble","29":"product_tag-meubles","30":"product_tag-minifee","31":"product_tag-phicen","32":"product_tag-poupee","33":"product_tag-pullip","34":"product_tag-pumpkin","35":"product_tag-raven","36":"product_tag-table-de-nuit","37":"product_tag-tonner","38":"product_shipping_class-colissimo-5","39":"pa_couleur-blanc","40":"pa_couleur-noir","41":"pa_couleur-rose-pink","43":"first","44":"instock","45":"taxable","46":"shipping-taxable","47":"purchasable","48":"product-type-variable"},"yoast_head":"<!-- This site is optimized with the Yoast SEO plugin v27.4 - https:\/\/yoast.com\/product\/yoast-seo-wordpress\/ -->\n<title>Table basse miniature 1\/6, 1\/4, Barbie, pullip, msd, minifee, -<\/title>\n<meta name=\"description\" content=\"Table basse miniature 1\/6, 1\/4, Barbie, pullip, msd, minifee ,Id\u00e9al pour les dolls comme Barbie, pullip, Poppy Parker, ou les msd, minifee, unoa, bimong.\" \/>\n<meta name=\"robots\" content=\"index, follow, max-snippet:-1, max-image-preview:large, max-video-preview:-1\" \/>\n<link rel=\"canonical\" href=\"https:\/\/www.sunnyshop211.com\/en\/product\/table-basse-miniature-1-6-1-4-barbie-pullip-msd-minifee-3\/\" \/>\n<meta property=\"og:locale\" content=\"en_US\" \/>\n<meta property=\"og:type\" content=\"article\" \/>\n<meta property=\"og:title\" content=\"Table basse miniature 1\/6, 1\/4, Barbie, pullip, msd, minifee, -\" \/>\n<meta property=\"og:description\" content=\"Table basse miniature 1\/6, 1\/4, Barbie, pullip, msd, minifee ,Id\u00e9al pour les dolls comme Barbie, pullip, Poppy Parker, ou les msd, minifee, unoa, bimong.\" \/>\n<meta property=\"og:url\" content=\"https:\/\/www.sunnyshop211.com\/en\/product\/table-basse-miniature-1-6-1-4-barbie-pullip-msd-minifee-3\/\" \/>\n<meta property=\"og:site_name\" content=\"Sunnyshop211 -Vente de dioramas, meubles, miniatures , bjd poup\u00e9es 1\/12 1\/8 1\/6 1\/4 1\/3\" \/>\n<meta property=\"article:publisher\" content=\"https:\/\/www.facebook.com\/sunnyshop211\/?ref=bookmarks\" \/>\n<meta property=\"article:modified_time\" content=\"2026-01-03T12:23:05+00:00\" \/>\n<meta property=\"og:image\" content=\"https:\/\/www.sunnyshop211.com\/wp-content\/uploads\/2025\/07\/31-scaled.jpg\" \/>\n\t<meta property=\"og:image:width\" content=\"1707\" \/>\n\t<meta property=\"og:image:height\" content=\"2560\" \/>\n\t<meta property=\"og:image:type\" content=\"image\/jpeg\" \/>\n<meta name=\"twitter:card\" content=\"summary_large_image\" \/>\n<meta name=\"twitter:site\" content=\"@sunnyshop211\" \/>\n<meta name=\"twitter:label1\" content=\"Est. reading time\" \/>\n\t<meta name=\"twitter:data1\" content=\"2 minutes\" \/>\n<script type=\"application\/ld+json\" class=\"yoast-schema-graph\">{\"@context\":\"https:\\\/\\\/schema.org\",\"@graph\":[{\"@type\":\"WebPage\",\"@id\":\"https:\\\/\\\/www.sunnyshop211.com\\\/produit\\\/table-basse-miniature-1-6-1-4-barbie-pullip-msd-minifee-3\\\/\",\"url\":\"https:\\\/\\\/www.sunnyshop211.com\\\/produit\\\/table-basse-miniature-1-6-1-4-barbie-pullip-msd-minifee-3\\\/\",\"name\":\"Table basse miniature 1\\\/6, 1\\\/4, Barbie, pullip, msd, minifee, -\",\"isPartOf\":{\"@id\":\"https:\\\/\\\/www.sunnyshop211.com\\\/#website\"},\"primaryImageOfPage\":{\"@id\":\"https:\\\/\\\/www.sunnyshop211.com\\\/produit\\\/table-basse-miniature-1-6-1-4-barbie-pullip-msd-minifee-3\\\/#primaryimage\"},\"image\":{\"@id\":\"https:\\\/\\\/www.sunnyshop211.com\\\/produit\\\/table-basse-miniature-1-6-1-4-barbie-pullip-msd-minifee-3\\\/#primaryimage\"},\"thumbnailUrl\":\"https:\\\/\\\/www.sunnyshop211.com\\\/wp-content\\\/uploads\\\/2025\\\/07\\\/31-scaled.jpg\",\"datePublished\":\"2025-07-19T14:22:15+00:00\",\"dateModified\":\"2026-01-03T12:23:05+00:00\",\"description\":\"Table basse miniature 1\\\/6, 1\\\/4, Barbie, pullip, msd, minifee ,Id\u00e9al pour les dolls comme Barbie, pullip, Poppy Parker, ou les msd, minifee, unoa, bimong.\",\"breadcrumb\":{\"@id\":\"https:\\\/\\\/www.sunnyshop211.com\\\/produit\\\/table-basse-miniature-1-6-1-4-barbie-pullip-msd-minifee-3\\\/#breadcrumb\"},\"inLanguage\":\"en-US\",\"potentialAction\":[{\"@type\":\"ReadAction\",\"target\":[\"https:\\\/\\\/www.sunnyshop211.com\\\/produit\\\/table-basse-miniature-1-6-1-4-barbie-pullip-msd-minifee-3\\\/\"]}]},{\"@type\":\"ImageObject\",\"inLanguage\":\"en-US\",\"@id\":\"https:\\\/\\\/www.sunnyshop211.com\\\/produit\\\/table-basse-miniature-1-6-1-4-barbie-pullip-msd-minifee-3\\\/#primaryimage\",\"url\":\"https:\\\/\\\/www.sunnyshop211.com\\\/wp-content\\\/uploads\\\/2025\\\/07\\\/31-scaled.jpg\",\"contentUrl\":\"https:\\\/\\\/www.sunnyshop211.com\\\/wp-content\\\/uploads\\\/2025\\\/07\\\/31-scaled.jpg\",\"width\":1707,\"height\":2560,\"caption\":\"Table basse miniature 1\\\/6, 1\\\/4, Barbie, pullip, msd, minifee,\"},{\"@type\":\"BreadcrumbList\",\"@id\":\"https:\\\/\\\/www.sunnyshop211.com\\\/produit\\\/table-basse-miniature-1-6-1-4-barbie-pullip-msd-minifee-3\\\/#breadcrumb\",\"itemListElement\":[{\"@type\":\"ListItem\",\"position\":1,\"name\":\"Accueil\",\"item\":\"https:\\\/\\\/www.sunnyshop211.com\\\/\"},{\"@type\":\"ListItem\",\"position\":2,\"name\":\"Boutique\",\"item\":\"https:\\\/\\\/www.sunnyshop211.com\\\/boutique-miniature-bjd-dolls\\\/\"},{\"@type\":\"ListItem\",\"position\":3,\"name\":\"Table basse miniature 1\\\/6, 1\\\/4, Barbie, pullip, msd, minifee,\"}]},{\"@type\":\"WebSite\",\"@id\":\"https:\\\/\\\/www.sunnyshop211.com\\\/#website\",\"url\":\"https:\\\/\\\/www.sunnyshop211.com\\\/\",\"name\":\"Vente de dioramas, meubles, miniatures , bjd poup\u00e9es 1\\\/12 1\\\/8 1\\\/6 1\\\/4 1\\\/3\",\"description\":\"Sunnyshop211 - Votre univers miniature pour poup\u00e9es et BJD, dioramas et meubles sur mesure !\",\"publisher\":{\"@id\":\"https:\\\/\\\/www.sunnyshop211.com\\\/#organization\"},\"alternateName\":\"sunnyshop211\",\"potentialAction\":[{\"@type\":\"SearchAction\",\"target\":{\"@type\":\"EntryPoint\",\"urlTemplate\":\"https:\\\/\\\/www.sunnyshop211.com\\\/?s={search_term_string}\"},\"query-input\":{\"@type\":\"PropertyValueSpecification\",\"valueRequired\":true,\"valueName\":\"search_term_string\"}}],\"inLanguage\":\"en-US\"},{\"@type\":\"Organization\",\"@id\":\"https:\\\/\\\/www.sunnyshop211.com\\\/#organization\",\"name\":\"sunnyshop211\",\"alternateName\":\"sunnyshop211 diorama bjd meuble miniature\",\"url\":\"https:\\\/\\\/www.sunnyshop211.com\\\/\",\"logo\":{\"@type\":\"ImageObject\",\"inLanguage\":\"en-US\",\"@id\":\"https:\\\/\\\/www.sunnyshop211.com\\\/#\\\/schema\\\/logo\\\/image\\\/\",\"url\":\"https:\\\/\\\/www.sunnyshop211.com\\\/wp-content\\\/uploads\\\/2022\\\/08\\\/cropped-cropped-cropped-Sunnyshop211-1.png\",\"contentUrl\":\"https:\\\/\\\/www.sunnyshop211.com\\\/wp-content\\\/uploads\\\/2022\\\/08\\\/cropped-cropped-cropped-Sunnyshop211-1.png\",\"width\":339,\"height\":339,\"caption\":\"sunnyshop211\"},\"image\":{\"@id\":\"https:\\\/\\\/www.sunnyshop211.com\\\/#\\\/schema\\\/logo\\\/image\\\/\"},\"sameAs\":[\"https:\\\/\\\/www.facebook.com\\\/sunnyshop211\\\/?ref=bookmarks\",\"https:\\\/\\\/x.com\\\/sunnyshop211\",\"https:\\\/\\\/www.instagram.com\\\/sunnyshop211\\\/\",\"https:\\\/\\\/www.tumblr.com\\\/blog\\\/sunnyshop211\",\"https:\\\/\\\/www.youtube.com\\\/channel\\\/UCtYY18OGGDKrTSzgcf7fCBg\",\"https:\\\/\\\/www.tiktok.com\\\/@sunnydollshop211?is_from_webapp=1&sender_device=pc\"]}]}<\/script>\n<!-- \/ Yoast SEO plugin. -->","yoast_head_json":{"title":"Miniature coffee table 1\/6, 1\/4, Barbie, pullip, msd, minifee, -","description":"Miniature coffee table 1\/6, 1\/4, Barbie, pullip, msd, minifee ,Ideal for dolls like Barbie, pullip, Poppy Parker, or msd, minifee, unoa, bimong.","robots":{"index":"index","follow":"follow","max-snippet":"max-snippet:-1","max-image-preview":"max-image-preview:large","max-video-preview":"max-video-preview:-1"},"canonical":"https:\/\/www.sunnyshop211.com\/en\/product\/table-basse-miniature-1-6-1-4-barbie-pullip-msd-minifee-3\/","og_locale":"en_US","og_type":"article","og_title":"Table basse miniature 1\/6, 1\/4, Barbie, pullip, msd, minifee, -","og_description":"Table basse miniature 1\/6, 1\/4, Barbie, pullip, msd, minifee ,Id\u00e9al pour les dolls comme Barbie, pullip, Poppy Parker, ou les msd, minifee, unoa, bimong.","og_url":"https:\/\/www.sunnyshop211.com\/en\/product\/table-basse-miniature-1-6-1-4-barbie-pullip-msd-minifee-3\/","og_site_name":"Sunnyshop211 -Vente de dioramas, meubles, miniatures , bjd poup\u00e9es 1\/12 1\/8 1\/6 1\/4 1\/3","article_publisher":"https:\/\/www.facebook.com\/sunnyshop211\/?ref=bookmarks","article_modified_time":"2026-01-03T12:23:05+00:00","og_image":[{"width":1707,"height":2560,"url":"https:\/\/www.sunnyshop211.com\/wp-content\/uploads\/2025\/07\/31-scaled.jpg","type":"image\/jpeg"}],"twitter_card":"summary_large_image","twitter_site":"@sunnyshop211","twitter_misc":{"Est. reading time":"2 minutes"},"schema":{"@context":"https:\/\/schema.org","@graph":[{"@type":"WebPage","@id":"https:\/\/www.sunnyshop211.com\/produit\/table-basse-miniature-1-6-1-4-barbie-pullip-msd-minifee-3\/","url":"https:\/\/www.sunnyshop211.com\/produit\/table-basse-miniature-1-6-1-4-barbie-pullip-msd-minifee-3\/","name":"Miniature coffee table 1\/6, 1\/4, Barbie, pullip, msd, minifee, -","isPartOf":{"@id":"https:\/\/www.sunnyshop211.com\/#website"},"primaryImageOfPage":{"@id":"https:\/\/www.sunnyshop211.com\/produit\/table-basse-miniature-1-6-1-4-barbie-pullip-msd-minifee-3\/#primaryimage"},"image":{"@id":"https:\/\/www.sunnyshop211.com\/produit\/table-basse-miniature-1-6-1-4-barbie-pullip-msd-minifee-3\/#primaryimage"},"thumbnailUrl":"https:\/\/www.sunnyshop211.com\/wp-content\/uploads\/2025\/07\/31-scaled.jpg","datePublished":"2025-07-19T14:22:15+00:00","dateModified":"2026-01-03T12:23:05+00:00","description":"Miniature coffee table 1\/6, 1\/4, Barbie, pullip, msd, minifee ,Ideal for dolls like Barbie, pullip, Poppy Parker, or msd, minifee, unoa, bimong.","breadcrumb":{"@id":"https:\/\/www.sunnyshop211.com\/produit\/table-basse-miniature-1-6-1-4-barbie-pullip-msd-minifee-3\/#breadcrumb"},"inLanguage":"en-US","potentialAction":[{"@type":"ReadAction","target":["https:\/\/www.sunnyshop211.com\/produit\/table-basse-miniature-1-6-1-4-barbie-pullip-msd-minifee-3\/"]}]},{"@type":"ImageObject","inLanguage":"en-US","@id":"https:\/\/www.sunnyshop211.com\/produit\/table-basse-miniature-1-6-1-4-barbie-pullip-msd-minifee-3\/#primaryimage","url":"https:\/\/www.sunnyshop211.com\/wp-content\/uploads\/2025\/07\/31-scaled.jpg","contentUrl":"https:\/\/www.sunnyshop211.com\/wp-content\/uploads\/2025\/07\/31-scaled.jpg","width":1707,"height":2560,"caption":"Table basse miniature 1\/6, 1\/4, Barbie, pullip, msd, minifee,"},{"@type":"BreadcrumbList","@id":"https:\/\/www.sunnyshop211.com\/produit\/table-basse-miniature-1-6-1-4-barbie-pullip-msd-minifee-3\/#breadcrumb","itemListElement":[{"@type":"ListItem","position":1,"name":"Accueil","item":"https:\/\/www.sunnyshop211.com\/"},{"@type":"ListItem","position":2,"name":"Boutique","item":"https:\/\/www.sunnyshop211.com\/boutique-miniature-bjd-dolls\/"},{"@type":"ListItem","position":3,"name":"Table basse miniature 1\/6, 1\/4, Barbie, pullip, msd, minifee,"}]},{"@type":"WebSite","@id":"https:\/\/www.sunnyshop211.com\/#website","url":"https:\/\/www.sunnyshop211.com\/","name":"Sale of dioramas, furniture, miniatures, bjd dolls 1\/12 1\/8 1\/6 1\/4 1\/3","description":"Sunnyshop211 - Your miniature world for dolls and BJDs, dioramas and custom-made furniture!","publisher":{"@id":"https:\/\/www.sunnyshop211.com\/#organization"},"alternateName":"sunnyshop211","potentialAction":[{"@type":"SearchAction","target":{"@type":"EntryPoint","urlTemplate":"https:\/\/www.sunnyshop211.com\/?s={search_term_string}"},"query-input":{"@type":"PropertyValueSpecification","valueRequired":true,"valueName":"search_term_string"}}],"inLanguage":"en-US"},{"@type":"Organization","@id":"https:\/\/www.sunnyshop211.com\/#organization","name":"sunnyshop211","alternateName":"sunnyshop211 diorama bjd meuble miniature","url":"https:\/\/www.sunnyshop211.com\/","logo":{"@type":"ImageObject","inLanguage":"en-US","@id":"https:\/\/www.sunnyshop211.com\/#\/schema\/logo\/image\/","url":"https:\/\/www.sunnyshop211.com\/wp-content\/uploads\/2022\/08\/cropped-cropped-cropped-Sunnyshop211-1.png","contentUrl":"https:\/\/www.sunnyshop211.com\/wp-content\/uploads\/2022\/08\/cropped-cropped-cropped-Sunnyshop211-1.png","width":339,"height":339,"caption":"sunnyshop211"},"image":{"@id":"https:\/\/www.sunnyshop211.com\/#\/schema\/logo\/image\/"},"sameAs":["https:\/\/www.facebook.com\/sunnyshop211\/?ref=bookmarks","https:\/\/x.com\/sunnyshop211","https:\/\/www.instagram.com\/sunnyshop211\/","https:\/\/www.tumblr.com\/blog\/sunnyshop211","https:\/\/www.youtube.com\/channel\/UCtYY18OGGDKrTSzgcf7fCBg","https:\/\/www.tiktok.com\/@sunnydollshop211?is_from_webapp=1&sender_device=pc"]}]}},"jetpack_publicize_connections":[],"jetpack_sharing_enabled":true,"_links":{"self":[{"href":"https:\/\/www.sunnyshop211.com\/en\/wp-json\/wp\/v2\/product\/49235","targetHints":{"allow":["GET"]}}],"collection":[{"href":"https:\/\/www.sunnyshop211.com\/en\/wp-json\/wp\/v2\/product"}],"about":[{"href":"https:\/\/www.sunnyshop211.com\/en\/wp-json\/wp\/v2\/types\/product"}],"replies":[{"embeddable":true,"href":"https:\/\/www.sunnyshop211.com\/en\/wp-json\/wp\/v2\/comments?post=49235"}],"version-history":[{"count":2,"href":"https:\/\/www.sunnyshop211.com\/en\/wp-json\/wp\/v2\/product\/49235\/revisions"}],"predecessor-version":[{"id":53912,"href":"https:\/\/www.sunnyshop211.com\/en\/wp-json\/wp\/v2\/product\/49235\/revisions\/53912"}],"wp:featuredmedia":[{"embeddable":true,"href":"https:\/\/www.sunnyshop211.com\/en\/wp-json\/wp\/v2\/media\/49156"}],"wp:attachment":[{"href":"https:\/\/www.sunnyshop211.com\/en\/wp-json\/wp\/v2\/media?parent=49235"}],"wp:term":[{"taxonomy":"product_brand","embeddable":true,"href":"https:\/\/www.sunnyshop211.com\/en\/wp-json\/wp\/v2\/product_brand?post=49235"},{"taxonomy":"product_cat","embeddable":true,"href":"https:\/\/www.sunnyshop211.com\/en\/wp-json\/wp\/v2\/product_cat?post=49235"},{"taxonomy":"product_tag","embeddable":true,"href":"https:\/\/www.sunnyshop211.com\/en\/wp-json\/wp\/v2\/product_tag?post=49235"}],"curies":[{"name":"wp","href":"https:\/\/api.w.org\/{rel}","templated":true}]}}