{"id":49224,"date":"2025-07-19T15:14:55","date_gmt":"2025-07-19T14:14:55","guid":{"rendered":"https:\/\/www.sunnyshop211.com\/?post_type=product&#038;p=49224"},"modified":"2026-01-03T13:24:08","modified_gmt":"2026-01-03T12:24:08","slug":"table-basse-miniature-1-6-1-4-barbie-pullip-msd-minifee-2","status":"publish","type":"product","link":"https:\/\/www.sunnyshop211.com\/en\/product\/table-basse-miniature-1-6-1-4-barbie-pullip-msd-minifee-2\/","title":{"rendered":"Miniature coffee table 1\/6, 1\/4, Barbie, pullip, msd, minifee,"},"content":{"rendered":"<div id='gallery-1' class='gallery galleryid-49224 gallery-columns-3 gallery-size-thumbnail'><figure class='gallery-item'>\n\t\t\t<div class='gallery-icon portrait'>\n\t\t\t\t<a href='https:\/\/www.sunnyshop211.com\/en\/?attachment_id=49152'><img decoding=\"async\" width=\"150\" height=\"150\" src=\"https:\/\/www.sunnyshop211.com\/wp-content\/uploads\/2025\/07\/27-150x150.jpg\" class=\"attachment-thumbnail size-thumbnail\" alt=\"Table basse miniature 1\/6, 1\/4, Barbie, pullip, msd, minifee,\" srcset=\"https:\/\/www.sunnyshop211.com\/wp-content\/uploads\/2025\/07\/27-150x150.jpg 150w, https:\/\/www.sunnyshop211.com\/wp-content\/uploads\/2025\/07\/27-500x500.jpg 500w, https:\/\/www.sunnyshop211.com\/wp-content\/uploads\/2025\/07\/27-100x100.jpg 100w\" sizes=\"(max-width: 150px) 100vw, 150px\" \/><\/a>\n\t\t\t<\/div><\/figure><figure class='gallery-item'>\n\t\t\t<div class='gallery-icon portrait'>\n\t\t\t\t<a href='https:\/\/www.sunnyshop211.com\/en\/?attachment_id=49154'><img decoding=\"async\" width=\"150\" height=\"150\" src=\"https:\/\/www.sunnyshop211.com\/wp-content\/uploads\/2025\/07\/29-150x150.jpg\" class=\"attachment-thumbnail size-thumbnail\" alt=\"\" srcset=\"https:\/\/www.sunnyshop211.com\/wp-content\/uploads\/2025\/07\/29-150x150.jpg 150w, https:\/\/www.sunnyshop211.com\/wp-content\/uploads\/2025\/07\/29-500x500.jpg 500w, https:\/\/www.sunnyshop211.com\/wp-content\/uploads\/2025\/07\/29-100x100.jpg 100w\" sizes=\"(max-width: 150px) 100vw, 150px\" \/><\/a>\n\t\t\t<\/div><\/figure><figure class='gallery-item'>\n\t\t\t<div class='gallery-icon portrait'>\n\t\t\t\t<a href='https:\/\/www.sunnyshop211.com\/en\/?attachment_id=49153'><img decoding=\"async\" width=\"150\" height=\"150\" src=\"https:\/\/www.sunnyshop211.com\/wp-content\/uploads\/2025\/07\/28-150x150.jpg\" class=\"attachment-thumbnail size-thumbnail\" alt=\"Table basse miniature 1\/6, 1\/4, Barbie, pullip, msd, minifee,\" srcset=\"https:\/\/www.sunnyshop211.com\/wp-content\/uploads\/2025\/07\/28-150x150.jpg 150w, https:\/\/www.sunnyshop211.com\/wp-content\/uploads\/2025\/07\/28-500x500.jpg 500w, https:\/\/www.sunnyshop211.com\/wp-content\/uploads\/2025\/07\/28-100x100.jpg 100w\" sizes=\"(max-width: 150px) 100vw, 150px\" \/><\/a>\n\t\t\t<\/div><\/figure><figure class='gallery-item'>\n\t\t\t<div class='gallery-icon portrait'>\n\t\t\t\t<a href='https:\/\/www.sunnyshop211.com\/en\/?attachment_id=49151'><img loading=\"lazy\" decoding=\"async\" width=\"150\" height=\"150\" src=\"https:\/\/www.sunnyshop211.com\/wp-content\/uploads\/2025\/07\/26-150x150.jpg\" class=\"attachment-thumbnail size-thumbnail\" alt=\"Table basse miniature 1\/6, 1\/4, Barbie, pullip, msd, minifee,\" srcset=\"https:\/\/www.sunnyshop211.com\/wp-content\/uploads\/2025\/07\/26-150x150.jpg 150w, https:\/\/www.sunnyshop211.com\/wp-content\/uploads\/2025\/07\/26-500x500.jpg 500w, https:\/\/www.sunnyshop211.com\/wp-content\/uploads\/2025\/07\/26-100x100.jpg 100w\" sizes=\"(max-width: 150px) 100vw, 150px\" \/><\/a>\n\t\t\t<\/div><\/figure>\n\t\t<\/div>\n\n<h2 data-start=\"150\" data-end=\"199\">Miniature coffee table - Scale 1\/6 &amp; 1\/4<\/h2>\n<p data-start=\"200\" data-end=\"232\"><strong data-start=\"200\" data-end=\"232\">Barbie, Pullip, MSD, Minifee<\/strong><\/p>\n<p data-start=\"234\" data-end=\"373\">This <strong data-start=\"240\" data-end=\"265\">miniature coffee table<\/strong> is ideal for completing your miniature interiors and adding a decorative touch to your settings.<\/p>\n<p data-start=\"375\" data-end=\"545\">Its design with <strong data-start=\"391\" data-end=\"408\">decorated feet<\/strong> gives it a more worked-out style, while remaining easy to integrate into different worlds: living room, den or everyday scene.<\/p>\n<hr data-start=\"547\" data-end=\"550\" \/>\n<h3 data-start=\"552\" data-end=\"572\">\ud83d\udccf Compatibility<\/h3>\n<p data-start=\"573\" data-end=\"603\">Suitable for the following dolls:<\/p>\n<p data-start=\"605\" data-end=\"620\"><strong data-start=\"605\" data-end=\"620\">Scale 1\/6<\/strong><\/p>\n<ul data-start=\"621\" data-end=\"691\">\n<li data-start=\"621\" data-end=\"631\">\n<p data-start=\"623\" data-end=\"631\">Barbie<\/p>\n<\/li>\n<li data-start=\"632\" data-end=\"642\">\n<p data-start=\"634\" data-end=\"642\">Pullip<\/p>\n<\/li>\n<li data-start=\"643\" data-end=\"659\">\n<p data-start=\"645\" data-end=\"659\">Poppy Parker<\/p>\n<\/li>\n<li data-start=\"660\" data-end=\"691\">\n<p data-start=\"662\" data-end=\"691\">Dolls of equivalent size<\/p>\n<\/li>\n<\/ul>\n<p data-start=\"693\" data-end=\"708\"><strong data-start=\"693\" data-end=\"708\">1\/4 scale<\/strong><\/p>\n<ul data-start=\"709\" data-end=\"778\">\n<li data-start=\"709\" data-end=\"716\">\n<p data-start=\"711\" data-end=\"716\">MSD<\/p>\n<\/li>\n<li data-start=\"717\" data-end=\"728\">\n<p data-start=\"719\" data-end=\"728\">Minifee<\/p>\n<\/li>\n<li data-start=\"729\" data-end=\"737\">\n<p data-start=\"731\" data-end=\"737\">Unoa<\/p>\n<\/li>\n<li data-start=\"738\" data-end=\"748\">\n<p data-start=\"740\" data-end=\"748\">Bimong<\/p>\n<\/li>\n<li data-start=\"749\" data-end=\"778\">\n<p data-start=\"751\" data-end=\"778\">Dolls of similar size<\/p>\n<\/li>\n<\/ul>\n<hr data-start=\"780\" data-end=\"783\" \/>\n<h3 data-start=\"785\" data-end=\"813\">\ud83d\udcd0 Dimensions (selectable)<\/h3>\n<ul data-start=\"814\" data-end=\"891\">\n<li data-start=\"814\" data-end=\"853\">\n<p data-start=\"816\" data-end=\"853\"><strong data-start=\"816\" data-end=\"823\">1\/6<\/strong> : about <strong data-start=\"834\" data-end=\"851\">10 cm high<\/strong><\/p>\n<\/li>\n<li data-start=\"854\" data-end=\"891\">\n<p data-start=\"856\" data-end=\"891\"><strong data-start=\"856\" data-end=\"863\">1\/4<\/strong> : about <strong data-start=\"874\" data-end=\"891\">11 cm high<\/strong><\/p>\n<\/li>\n<\/ul>\n<hr data-start=\"893\" data-end=\"896\" \/>\n<h3 data-start=\"898\" data-end=\"912\">\ud83e\uddfe Contents<\/h3>\n<ul data-start=\"913\" data-end=\"978\">\n<li data-start=\"913\" data-end=\"942\">\n<p data-start=\"915\" data-end=\"942\"><strong data-start=\"915\" data-end=\"942\">1 miniature coffee table<\/strong><\/p>\n<\/li>\n<li data-start=\"943\" data-end=\"978\">\n<p data-start=\"945\" data-end=\"978\">Sold <strong data-start=\"952\" data-end=\"960\">vacuum<\/strong>, without accessories<\/p>\n<\/li>\n<\/ul>\n<hr data-start=\"980\" data-end=\"983\" \/>\n<h3 data-start=\"985\" data-end=\"1000\">\ud83c\udfa8 Finish<\/h3>\n<ul data-start=\"1001\" data-end=\"1083\">\n<li data-start=\"1001\" data-end=\"1032\">\n<p data-start=\"1003\" data-end=\"1032\">Table <strong data-start=\"1009\" data-end=\"1032\">painted and assembled<\/strong><\/p>\n<\/li>\n<li data-start=\"1033\" data-end=\"1052\">\n<p data-start=\"1035\" data-end=\"1052\"><strong data-start=\"1035\" data-end=\"1052\">Decorated feet<\/strong><\/p>\n<\/li>\n<li data-start=\"1053\" data-end=\"1083\">\n<p data-start=\"1055\" data-end=\"1083\">Finish as per photos<\/p>\n<\/li>\n<\/ul>\n<hr data-start=\"1085\" data-end=\"1088\" \/>\n<h3 data-start=\"1090\" data-end=\"1120\">\ud83d\udd90\ufe0f Craft manufacturing<\/h3>\n<p data-start=\"1121\" data-end=\"1164\">Each table is <strong data-start=\"1138\" data-end=\"1163\">made to order<\/strong>.<\/p>\n<p data-start=\"1166\" data-end=\"1200\">Because of its artisanal character :<\/p>\n<ul data-start=\"1201\" data-end=\"1326\">\n<li data-start=\"1201\" data-end=\"1272\">\n<p data-start=\"1203\" data-end=\"1272\">slight variations in <strong data-start=\"1228\" data-end=\"1251\">shape or color<\/strong> may appear<\/p>\n<\/li>\n<li data-start=\"1273\" data-end=\"1326\">\n<p data-start=\"1275\" data-end=\"1326\">some <strong data-start=\"1284\" data-end=\"1309\">small imperfections<\/strong> are possible<\/p>\n<\/li>\n<\/ul>\n<p data-start=\"1328\" data-end=\"1437\">Please note <strong data-start=\"1354\" data-end=\"1395\">manufacturing and delivery times<\/strong><br data-start=\"1395\" data-end=\"1398\" \/>(see <em data-start=\"1404\" data-end=\"1435\">Terms and conditions of sale<\/em>).<\/p>\n<hr data-start=\"1439\" data-end=\"1442\" \/>\n<h3 data-start=\"1444\" data-end=\"1476\">\ud83d\uddbc\ufe0f Important information<\/h3>\n<ul data-start=\"1477\" data-end=\"1650\">\n<li data-start=\"1477\" data-end=\"1528\">\n<p data-start=\"1479\" data-end=\"1528\">The photos are <strong data-start=\"1499\" data-end=\"1528\">examples of staging<\/strong><\/p>\n<\/li>\n<li data-start=\"1529\" data-end=\"1560\">\n<p data-start=\"1531\" data-end=\"1560\"><strong data-start=\"1531\" data-end=\"1560\">Only the table is sold<\/strong><\/p>\n<\/li>\n<li data-start=\"1561\" data-end=\"1650\">\n<p data-start=\"1563\" data-end=\"1650\">Other visible furniture and decorations are available separately in the store.<\/p>\n<\/li>\n<\/ul>\n<p data-start=\"1652\" data-end=\"1762\">Compatible with my <strong data-start=\"1672\" data-end=\"1712\">miniature furniture sold separately<\/strong>, ideal for 1\/6 and 1\/4 scale staging.<\/p>\n<hr data-start=\"1764\" data-end=\"1767\" \/>\n<h3 data-start=\"1769\" data-end=\"1790\">\ud83d\udcf8 More photos<\/h3>\n<p data-start=\"1791\" data-end=\"1823\">\ud83d\udc49 Instagram: <strong data-start=\"1806\" data-end=\"1823\">@sunnyshop211<\/strong><\/p>\n<hr data-start=\"1825\" data-end=\"1828\" \/>\n<h3 data-start=\"1830\" data-end=\"1853\">\u26a0\ufe0f Imprint<\/h3>\n<p data-start=\"1854\" data-end=\"2023\">!!!! This is not a toy<br data-start=\"1882\" data-end=\"1885\" \/>Article for a <strong data-start=\"1906\" data-end=\"1952\">adult and collector audiences only<\/strong><br data-start=\"1952\" data-end=\"1955\" \/>\ud83d\udce6 I'm not responsible for any shipping damage<\/p>","protected":false},"excerpt":{"rendered":"<p>Table basse miniature \u2013 \u00c9chelle 1\/6 &amp; 1\/4 Barbie, Pullip, MSD, Minifee Cette table basse miniature est id\u00e9ale pour compl\u00e9ter vos int\u00e9rieurs miniatures et apporter une touche d\u00e9corative \u00e0 vos mises en sc\u00e8ne. Son design avec pieds d\u00e9cor\u00e9s lui donne un style plus travaill\u00e9 tout en restant facile \u00e0 int\u00e9grer dans diff\u00e9rents univers : salon, [&hellip;]<\/p>\n","protected":false},"featured_media":49152,"comment_status":"open","ping_status":"closed","template":"","meta":{"_crdt_document":"","jetpack_post_was_ever_published":false,"jetpack_publicize_message":"","jetpack_publicize_feature_enabled":true,"jetpack_social_post_already_shared":true,"jetpack_social_options":{"image_generator_settings":{"template":"highway","default_image_id":0,"font":"","enabled":false},"version":2}},"product_brand":[],"product_cat":[667687056,667687014],"product_tag":[667681278,667681145,667681143,667681341,667681284,667684372,667681142,667684395,667684370,667684381,667681234,667681226,667681233,667681343,667681225,667681279,667681241,667681340,667681144,667681236,667681261,667681281,667681173,667681280,667681177,667681277,667684397,667684379,667681338,667681260],"class_list":{"0":"post-49224","1":"product","2":"type-product","3":"status-publish","4":"has-post-thumbnail","6":"product_cat-mobilier-de-restaurant","7":"product_cat-salon","8":"product_tag-barbie","9":"product_tag-bed","10":"product_tag-bedroom","11":"product_tag-bid","12":"product_tag-blythe","13":"product_tag-cerceuil","14":"product_tag-chambre","15":"product_tag-citrouille","16":"product_tag-coffin","17":"product_tag-corbeau","18":"product_tag-diorama","19":"product_tag-doll","20":"product_tag-dollhouse","21":"product_tag-etagere","22":"product_tag-furniture","23":"product_tag-hot-toys","24":"product_tag-iplehouse","25":"product_tag-kid","26":"product_tag-lit","27":"product_tag-maison-de-poupee","28":"product_tag-meuble","29":"product_tag-meubles","30":"product_tag-minifee","31":"product_tag-phicen","32":"product_tag-poupee","33":"product_tag-pullip","34":"product_tag-pumpkin","35":"product_tag-raven","36":"product_tag-table-de-nuit","37":"product_tag-tonner","38":"product_shipping_class-colissimo-5","39":"pa_couleur-blanc","40":"pa_couleur-noir","41":"pa_couleur-rose-pink","43":"first","44":"instock","45":"taxable","46":"shipping-taxable","47":"purchasable","48":"product-type-variable"},"yoast_head":"<!-- This site is optimized with the Yoast SEO plugin v27.5 - https:\/\/yoast.com\/product\/yoast-seo-wordpress\/ -->\n<title>Table basse miniature 1\/6, 1\/4, Barbie, pullip, msd, minifee, -<\/title>\n<meta name=\"description\" content=\"Table basse miniature 1\/6, 1\/4, Barbie, pullip, msd, minifee ,Id\u00e9al pour les dolls comme Barbie, pullip, Poppy Parker, ou les msd, minifee, unoa, bimong.\" \/>\n<meta name=\"robots\" content=\"index, follow, max-snippet:-1, max-image-preview:large, max-video-preview:-1\" \/>\n<link rel=\"canonical\" href=\"https:\/\/www.sunnyshop211.com\/en\/product\/table-basse-miniature-1-6-1-4-barbie-pullip-msd-minifee-2\/\" \/>\n<meta property=\"og:locale\" content=\"en_US\" \/>\n<meta property=\"og:type\" content=\"article\" \/>\n<meta property=\"og:title\" content=\"Table basse miniature 1\/6, 1\/4, Barbie, pullip, msd, minifee, -\" \/>\n<meta property=\"og:description\" content=\"Table basse miniature 1\/6, 1\/4, Barbie, pullip, msd, minifee ,Id\u00e9al pour les dolls comme Barbie, pullip, Poppy Parker, ou les msd, minifee, unoa, bimong.\" \/>\n<meta property=\"og:url\" content=\"https:\/\/www.sunnyshop211.com\/en\/product\/table-basse-miniature-1-6-1-4-barbie-pullip-msd-minifee-2\/\" \/>\n<meta property=\"og:site_name\" content=\"Sunnyshop211 -Vente de dioramas, meubles, miniatures , bjd poup\u00e9es 1\/12 1\/8 1\/6 1\/4 1\/3\" \/>\n<meta property=\"article:publisher\" content=\"https:\/\/www.facebook.com\/sunnyshop211\/?ref=bookmarks\" \/>\n<meta property=\"article:modified_time\" content=\"2026-01-03T12:24:08+00:00\" \/>\n<meta property=\"og:image\" content=\"https:\/\/www.sunnyshop211.com\/wp-content\/uploads\/2025\/07\/27-scaled.jpg\" \/>\n\t<meta property=\"og:image:width\" content=\"1707\" \/>\n\t<meta property=\"og:image:height\" content=\"2560\" \/>\n\t<meta property=\"og:image:type\" content=\"image\/jpeg\" \/>\n<meta name=\"twitter:card\" content=\"summary_large_image\" \/>\n<meta name=\"twitter:site\" content=\"@sunnyshop211\" \/>\n<meta name=\"twitter:label1\" content=\"Est. reading time\" \/>\n\t<meta name=\"twitter:data1\" content=\"2 minutes\" \/>\n<script type=\"application\/ld+json\" class=\"yoast-schema-graph\">{\"@context\":\"https:\\\/\\\/schema.org\",\"@graph\":[{\"@type\":\"WebPage\",\"@id\":\"https:\\\/\\\/www.sunnyshop211.com\\\/produit\\\/table-basse-miniature-1-6-1-4-barbie-pullip-msd-minifee-2\\\/\",\"url\":\"https:\\\/\\\/www.sunnyshop211.com\\\/produit\\\/table-basse-miniature-1-6-1-4-barbie-pullip-msd-minifee-2\\\/\",\"name\":\"Table basse miniature 1\\\/6, 1\\\/4, Barbie, pullip, msd, minifee, -\",\"isPartOf\":{\"@id\":\"https:\\\/\\\/www.sunnyshop211.com\\\/#website\"},\"primaryImageOfPage\":{\"@id\":\"https:\\\/\\\/www.sunnyshop211.com\\\/produit\\\/table-basse-miniature-1-6-1-4-barbie-pullip-msd-minifee-2\\\/#primaryimage\"},\"image\":{\"@id\":\"https:\\\/\\\/www.sunnyshop211.com\\\/produit\\\/table-basse-miniature-1-6-1-4-barbie-pullip-msd-minifee-2\\\/#primaryimage\"},\"thumbnailUrl\":\"https:\\\/\\\/www.sunnyshop211.com\\\/wp-content\\\/uploads\\\/2025\\\/07\\\/27-scaled.jpg\",\"datePublished\":\"2025-07-19T14:14:55+00:00\",\"dateModified\":\"2026-01-03T12:24:08+00:00\",\"description\":\"Table basse miniature 1\\\/6, 1\\\/4, Barbie, pullip, msd, minifee ,Id\u00e9al pour les dolls comme Barbie, pullip, Poppy Parker, ou les msd, minifee, unoa, bimong.\",\"breadcrumb\":{\"@id\":\"https:\\\/\\\/www.sunnyshop211.com\\\/produit\\\/table-basse-miniature-1-6-1-4-barbie-pullip-msd-minifee-2\\\/#breadcrumb\"},\"inLanguage\":\"en-US\",\"potentialAction\":[{\"@type\":\"ReadAction\",\"target\":[\"https:\\\/\\\/www.sunnyshop211.com\\\/produit\\\/table-basse-miniature-1-6-1-4-barbie-pullip-msd-minifee-2\\\/\"]}]},{\"@type\":\"ImageObject\",\"inLanguage\":\"en-US\",\"@id\":\"https:\\\/\\\/www.sunnyshop211.com\\\/produit\\\/table-basse-miniature-1-6-1-4-barbie-pullip-msd-minifee-2\\\/#primaryimage\",\"url\":\"https:\\\/\\\/www.sunnyshop211.com\\\/wp-content\\\/uploads\\\/2025\\\/07\\\/27-scaled.jpg\",\"contentUrl\":\"https:\\\/\\\/www.sunnyshop211.com\\\/wp-content\\\/uploads\\\/2025\\\/07\\\/27-scaled.jpg\",\"width\":1707,\"height\":2560,\"caption\":\"Table basse miniature 1\\\/6, 1\\\/4, Barbie, pullip, msd, minifee,\"},{\"@type\":\"BreadcrumbList\",\"@id\":\"https:\\\/\\\/www.sunnyshop211.com\\\/produit\\\/table-basse-miniature-1-6-1-4-barbie-pullip-msd-minifee-2\\\/#breadcrumb\",\"itemListElement\":[{\"@type\":\"ListItem\",\"position\":1,\"name\":\"Accueil\",\"item\":\"https:\\\/\\\/www.sunnyshop211.com\\\/\"},{\"@type\":\"ListItem\",\"position\":2,\"name\":\"Boutique\",\"item\":\"https:\\\/\\\/www.sunnyshop211.com\\\/boutique-miniature-bjd-dolls\\\/\"},{\"@type\":\"ListItem\",\"position\":3,\"name\":\"Table basse miniature 1\\\/6, 1\\\/4, Barbie, pullip, msd, minifee,\"}]},{\"@type\":\"WebSite\",\"@id\":\"https:\\\/\\\/www.sunnyshop211.com\\\/#website\",\"url\":\"https:\\\/\\\/www.sunnyshop211.com\\\/\",\"name\":\"Vente de dioramas, meubles, miniatures , bjd poup\u00e9es 1\\\/12 1\\\/8 1\\\/6 1\\\/4 1\\\/3\",\"description\":\"Sunnyshop211 - Votre univers miniature pour poup\u00e9es et BJD, dioramas et meubles sur mesure !\",\"publisher\":{\"@id\":\"https:\\\/\\\/www.sunnyshop211.com\\\/#organization\"},\"alternateName\":\"sunnyshop211\",\"potentialAction\":[{\"@type\":\"SearchAction\",\"target\":{\"@type\":\"EntryPoint\",\"urlTemplate\":\"https:\\\/\\\/www.sunnyshop211.com\\\/?s={search_term_string}\"},\"query-input\":{\"@type\":\"PropertyValueSpecification\",\"valueRequired\":true,\"valueName\":\"search_term_string\"}}],\"inLanguage\":\"en-US\"},{\"@type\":\"Organization\",\"@id\":\"https:\\\/\\\/www.sunnyshop211.com\\\/#organization\",\"name\":\"sunnyshop211\",\"alternateName\":\"sunnyshop211 diorama bjd meuble miniature\",\"url\":\"https:\\\/\\\/www.sunnyshop211.com\\\/\",\"logo\":{\"@type\":\"ImageObject\",\"inLanguage\":\"en-US\",\"@id\":\"https:\\\/\\\/www.sunnyshop211.com\\\/#\\\/schema\\\/logo\\\/image\\\/\",\"url\":\"https:\\\/\\\/www.sunnyshop211.com\\\/wp-content\\\/uploads\\\/2022\\\/08\\\/cropped-cropped-cropped-Sunnyshop211-1.png\",\"contentUrl\":\"https:\\\/\\\/www.sunnyshop211.com\\\/wp-content\\\/uploads\\\/2022\\\/08\\\/cropped-cropped-cropped-Sunnyshop211-1.png\",\"width\":339,\"height\":339,\"caption\":\"sunnyshop211\"},\"image\":{\"@id\":\"https:\\\/\\\/www.sunnyshop211.com\\\/#\\\/schema\\\/logo\\\/image\\\/\"},\"sameAs\":[\"https:\\\/\\\/www.facebook.com\\\/sunnyshop211\\\/?ref=bookmarks\",\"https:\\\/\\\/x.com\\\/sunnyshop211\",\"https:\\\/\\\/www.instagram.com\\\/sunnyshop211\\\/\",\"https:\\\/\\\/www.tumblr.com\\\/blog\\\/sunnyshop211\",\"https:\\\/\\\/www.youtube.com\\\/channel\\\/UCtYY18OGGDKrTSzgcf7fCBg\",\"https:\\\/\\\/www.tiktok.com\\\/@sunnydollshop211?is_from_webapp=1&sender_device=pc\"]}]}<\/script>\n<!-- \/ Yoast SEO plugin. -->","yoast_head_json":{"title":"Miniature coffee table 1\/6, 1\/4, Barbie, pullip, msd, minifee, -","description":"Miniature coffee table 1\/6, 1\/4, Barbie, pullip, msd, minifee ,Ideal for dolls like Barbie, pullip, Poppy Parker, or msd, minifee, unoa, bimong.","robots":{"index":"index","follow":"follow","max-snippet":"max-snippet:-1","max-image-preview":"max-image-preview:large","max-video-preview":"max-video-preview:-1"},"canonical":"https:\/\/www.sunnyshop211.com\/en\/product\/table-basse-miniature-1-6-1-4-barbie-pullip-msd-minifee-2\/","og_locale":"en_US","og_type":"article","og_title":"Table basse miniature 1\/6, 1\/4, Barbie, pullip, msd, minifee, -","og_description":"Table basse miniature 1\/6, 1\/4, Barbie, pullip, msd, minifee ,Id\u00e9al pour les dolls comme Barbie, pullip, Poppy Parker, ou les msd, minifee, unoa, bimong.","og_url":"https:\/\/www.sunnyshop211.com\/en\/product\/table-basse-miniature-1-6-1-4-barbie-pullip-msd-minifee-2\/","og_site_name":"Sunnyshop211 -Vente de dioramas, meubles, miniatures , bjd poup\u00e9es 1\/12 1\/8 1\/6 1\/4 1\/3","article_publisher":"https:\/\/www.facebook.com\/sunnyshop211\/?ref=bookmarks","article_modified_time":"2026-01-03T12:24:08+00:00","og_image":[{"width":1707,"height":2560,"url":"https:\/\/www.sunnyshop211.com\/wp-content\/uploads\/2025\/07\/27-scaled.jpg","type":"image\/jpeg"}],"twitter_card":"summary_large_image","twitter_site":"@sunnyshop211","twitter_misc":{"Est. reading time":"2 minutes"},"schema":{"@context":"https:\/\/schema.org","@graph":[{"@type":"WebPage","@id":"https:\/\/www.sunnyshop211.com\/produit\/table-basse-miniature-1-6-1-4-barbie-pullip-msd-minifee-2\/","url":"https:\/\/www.sunnyshop211.com\/produit\/table-basse-miniature-1-6-1-4-barbie-pullip-msd-minifee-2\/","name":"Miniature coffee table 1\/6, 1\/4, Barbie, pullip, msd, minifee, -","isPartOf":{"@id":"https:\/\/www.sunnyshop211.com\/#website"},"primaryImageOfPage":{"@id":"https:\/\/www.sunnyshop211.com\/produit\/table-basse-miniature-1-6-1-4-barbie-pullip-msd-minifee-2\/#primaryimage"},"image":{"@id":"https:\/\/www.sunnyshop211.com\/produit\/table-basse-miniature-1-6-1-4-barbie-pullip-msd-minifee-2\/#primaryimage"},"thumbnailUrl":"https:\/\/www.sunnyshop211.com\/wp-content\/uploads\/2025\/07\/27-scaled.jpg","datePublished":"2025-07-19T14:14:55+00:00","dateModified":"2026-01-03T12:24:08+00:00","description":"Miniature coffee table 1\/6, 1\/4, Barbie, pullip, msd, minifee ,Ideal for dolls like Barbie, pullip, Poppy Parker, or msd, minifee, unoa, bimong.","breadcrumb":{"@id":"https:\/\/www.sunnyshop211.com\/produit\/table-basse-miniature-1-6-1-4-barbie-pullip-msd-minifee-2\/#breadcrumb"},"inLanguage":"en-US","potentialAction":[{"@type":"ReadAction","target":["https:\/\/www.sunnyshop211.com\/produit\/table-basse-miniature-1-6-1-4-barbie-pullip-msd-minifee-2\/"]}]},{"@type":"ImageObject","inLanguage":"en-US","@id":"https:\/\/www.sunnyshop211.com\/produit\/table-basse-miniature-1-6-1-4-barbie-pullip-msd-minifee-2\/#primaryimage","url":"https:\/\/www.sunnyshop211.com\/wp-content\/uploads\/2025\/07\/27-scaled.jpg","contentUrl":"https:\/\/www.sunnyshop211.com\/wp-content\/uploads\/2025\/07\/27-scaled.jpg","width":1707,"height":2560,"caption":"Table basse miniature 1\/6, 1\/4, Barbie, pullip, msd, minifee,"},{"@type":"BreadcrumbList","@id":"https:\/\/www.sunnyshop211.com\/produit\/table-basse-miniature-1-6-1-4-barbie-pullip-msd-minifee-2\/#breadcrumb","itemListElement":[{"@type":"ListItem","position":1,"name":"Accueil","item":"https:\/\/www.sunnyshop211.com\/"},{"@type":"ListItem","position":2,"name":"Boutique","item":"https:\/\/www.sunnyshop211.com\/boutique-miniature-bjd-dolls\/"},{"@type":"ListItem","position":3,"name":"Table basse miniature 1\/6, 1\/4, Barbie, pullip, msd, minifee,"}]},{"@type":"WebSite","@id":"https:\/\/www.sunnyshop211.com\/#website","url":"https:\/\/www.sunnyshop211.com\/","name":"Sale of dioramas, furniture, miniatures, bjd dolls 1\/12 1\/8 1\/6 1\/4 1\/3","description":"Sunnyshop211 - Your miniature world for dolls and BJDs, dioramas and custom-made furniture!","publisher":{"@id":"https:\/\/www.sunnyshop211.com\/#organization"},"alternateName":"sunnyshop211","potentialAction":[{"@type":"SearchAction","target":{"@type":"EntryPoint","urlTemplate":"https:\/\/www.sunnyshop211.com\/?s={search_term_string}"},"query-input":{"@type":"PropertyValueSpecification","valueRequired":true,"valueName":"search_term_string"}}],"inLanguage":"en-US"},{"@type":"Organization","@id":"https:\/\/www.sunnyshop211.com\/#organization","name":"sunnyshop211","alternateName":"sunnyshop211 diorama bjd meuble miniature","url":"https:\/\/www.sunnyshop211.com\/","logo":{"@type":"ImageObject","inLanguage":"en-US","@id":"https:\/\/www.sunnyshop211.com\/#\/schema\/logo\/image\/","url":"https:\/\/www.sunnyshop211.com\/wp-content\/uploads\/2022\/08\/cropped-cropped-cropped-Sunnyshop211-1.png","contentUrl":"https:\/\/www.sunnyshop211.com\/wp-content\/uploads\/2022\/08\/cropped-cropped-cropped-Sunnyshop211-1.png","width":339,"height":339,"caption":"sunnyshop211"},"image":{"@id":"https:\/\/www.sunnyshop211.com\/#\/schema\/logo\/image\/"},"sameAs":["https:\/\/www.facebook.com\/sunnyshop211\/?ref=bookmarks","https:\/\/x.com\/sunnyshop211","https:\/\/www.instagram.com\/sunnyshop211\/","https:\/\/www.tumblr.com\/blog\/sunnyshop211","https:\/\/www.youtube.com\/channel\/UCtYY18OGGDKrTSzgcf7fCBg","https:\/\/www.tiktok.com\/@sunnydollshop211?is_from_webapp=1&sender_device=pc"]}]}},"jetpack_publicize_connections":[],"jetpack_sharing_enabled":true,"_links":{"self":[{"href":"https:\/\/www.sunnyshop211.com\/en\/wp-json\/wp\/v2\/product\/49224","targetHints":{"allow":["GET"]}}],"collection":[{"href":"https:\/\/www.sunnyshop211.com\/en\/wp-json\/wp\/v2\/product"}],"about":[{"href":"https:\/\/www.sunnyshop211.com\/en\/wp-json\/wp\/v2\/types\/product"}],"replies":[{"embeddable":true,"href":"https:\/\/www.sunnyshop211.com\/en\/wp-json\/wp\/v2\/comments?post=49224"}],"version-history":[{"count":3,"href":"https:\/\/www.sunnyshop211.com\/en\/wp-json\/wp\/v2\/product\/49224\/revisions"}],"predecessor-version":[{"id":53914,"href":"https:\/\/www.sunnyshop211.com\/en\/wp-json\/wp\/v2\/product\/49224\/revisions\/53914"}],"wp:featuredmedia":[{"embeddable":true,"href":"https:\/\/www.sunnyshop211.com\/en\/wp-json\/wp\/v2\/media\/49152"}],"wp:attachment":[{"href":"https:\/\/www.sunnyshop211.com\/en\/wp-json\/wp\/v2\/media?parent=49224"}],"wp:term":[{"taxonomy":"product_brand","embeddable":true,"href":"https:\/\/www.sunnyshop211.com\/en\/wp-json\/wp\/v2\/product_brand?post=49224"},{"taxonomy":"product_cat","embeddable":true,"href":"https:\/\/www.sunnyshop211.com\/en\/wp-json\/wp\/v2\/product_cat?post=49224"},{"taxonomy":"product_tag","embeddable":true,"href":"https:\/\/www.sunnyshop211.com\/en\/wp-json\/wp\/v2\/product_tag?post=49224"}],"curies":[{"name":"wp","href":"https:\/\/api.w.org\/{rel}","templated":true}]}}