{"id":48137,"date":"2025-05-23T17:48:35","date_gmt":"2025-05-23T16:48:35","guid":{"rendered":"https:\/\/www.sunnyshop211.com\/?post_type=product&#038;p=48137"},"modified":"2026-01-01T12:05:31","modified_gmt":"2026-01-01T11:05:31","slug":"filet-pour-cheval-ooak-1-4-msd-minifee","status":"publish","type":"product","link":"https:\/\/www.sunnyshop211.com\/en\/product\/filet-pour-cheval-ooak-1-4-msd-minifee\/","title":{"rendered":"OOAK 1\/4 MSD horse net, minifee"},"content":{"rendered":"<div id='gallery-1' class='gallery galleryid-48137 gallery-columns-3 gallery-size-thumbnail'><figure class='gallery-item'>\n\t\t\t<div class='gallery-icon landscape'>\n\t\t\t\t<a href='https:\/\/www.sunnyshop211.com\/en\/?attachment_id=47716'><img decoding=\"async\" width=\"150\" height=\"150\" src=\"https:\/\/www.sunnyshop211.com\/wp-content\/uploads\/2025\/05\/28-1-150x150.jpg\" class=\"attachment-thumbnail size-thumbnail\" alt=\"Filet pour cheval OOAK 1\/4 MSD, minifee\" srcset=\"https:\/\/www.sunnyshop211.com\/wp-content\/uploads\/2025\/05\/28-1-150x150.jpg 150w, https:\/\/www.sunnyshop211.com\/wp-content\/uploads\/2025\/05\/28-1-500x500.jpg 500w, https:\/\/www.sunnyshop211.com\/wp-content\/uploads\/2025\/05\/28-1-100x100.jpg 100w\" sizes=\"(max-width: 150px) 100vw, 150px\" \/><\/a>\n\t\t\t<\/div><\/figure><figure class='gallery-item'>\n\t\t\t<div class='gallery-icon landscape'>\n\t\t\t\t<a href='https:\/\/www.sunnyshop211.com\/en\/?attachment_id=47729'><img decoding=\"async\" width=\"150\" height=\"150\" src=\"https:\/\/www.sunnyshop211.com\/wp-content\/uploads\/2025\/05\/41-1-150x150.jpg\" class=\"attachment-thumbnail size-thumbnail\" alt=\"\" srcset=\"https:\/\/www.sunnyshop211.com\/wp-content\/uploads\/2025\/05\/41-1-150x150.jpg 150w, https:\/\/www.sunnyshop211.com\/wp-content\/uploads\/2025\/05\/41-1-500x500.jpg 500w, https:\/\/www.sunnyshop211.com\/wp-content\/uploads\/2025\/05\/41-1-100x100.jpg 100w\" sizes=\"(max-width: 150px) 100vw, 150px\" \/><\/a>\n\t\t\t<\/div><\/figure><figure class='gallery-item'>\n\t\t\t<div class='gallery-icon portrait'>\n\t\t\t\t<a href='https:\/\/www.sunnyshop211.com\/en\/?attachment_id=47730'><img decoding=\"async\" width=\"150\" height=\"150\" src=\"https:\/\/www.sunnyshop211.com\/wp-content\/uploads\/2025\/05\/42-1-150x150.jpg\" class=\"attachment-thumbnail size-thumbnail\" alt=\"L\u2019univers \u00e9questre miniature s\u2019invite chez SunnyShop211\" srcset=\"https:\/\/www.sunnyshop211.com\/wp-content\/uploads\/2025\/05\/42-1-150x150.jpg 150w, https:\/\/www.sunnyshop211.com\/wp-content\/uploads\/2025\/05\/42-1-500x500.jpg 500w, https:\/\/www.sunnyshop211.com\/wp-content\/uploads\/2025\/05\/42-1-100x100.jpg 100w\" sizes=\"(max-width: 150px) 100vw, 150px\" \/><\/a>\n\t\t\t<\/div><\/figure><figure class='gallery-item'>\n\t\t\t<div class='gallery-icon landscape'>\n\t\t\t\t<a href='https:\/\/www.sunnyshop211.com\/en\/?attachment_id=47720'><img loading=\"lazy\" decoding=\"async\" width=\"150\" height=\"150\" src=\"https:\/\/www.sunnyshop211.com\/wp-content\/uploads\/2025\/05\/32-150x150.jpg\" class=\"attachment-thumbnail size-thumbnail\" alt=\"\" srcset=\"https:\/\/www.sunnyshop211.com\/wp-content\/uploads\/2025\/05\/32-150x150.jpg 150w, https:\/\/www.sunnyshop211.com\/wp-content\/uploads\/2025\/05\/32-500x500.jpg 500w, https:\/\/www.sunnyshop211.com\/wp-content\/uploads\/2025\/05\/32-100x100.jpg 100w\" sizes=\"(max-width: 150px) 100vw, 150px\" \/><\/a>\n\t\t\t<\/div><\/figure><figure class='gallery-item'>\n\t\t\t<div class='gallery-icon landscape'>\n\t\t\t\t<a href='https:\/\/www.sunnyshop211.com\/en\/?attachment_id=47721'><img loading=\"lazy\" decoding=\"async\" width=\"150\" height=\"150\" src=\"https:\/\/www.sunnyshop211.com\/wp-content\/uploads\/2025\/05\/33-1-150x150.jpg\" class=\"attachment-thumbnail size-thumbnail\" alt=\"Filet pour cheval OOAK 1\/4 MSD, minifee\" srcset=\"https:\/\/www.sunnyshop211.com\/wp-content\/uploads\/2025\/05\/33-1-150x150.jpg 150w, https:\/\/www.sunnyshop211.com\/wp-content\/uploads\/2025\/05\/33-1-500x500.jpg 500w, https:\/\/www.sunnyshop211.com\/wp-content\/uploads\/2025\/05\/33-1-100x100.jpg 100w\" sizes=\"(max-width: 150px) 100vw, 150px\" \/><\/a>\n\t\t\t<\/div><\/figure><figure class='gallery-item'>\n\t\t\t<div class='gallery-icon landscape'>\n\t\t\t\t<a href='https:\/\/www.sunnyshop211.com\/en\/?attachment_id=47725'><img loading=\"lazy\" decoding=\"async\" width=\"150\" height=\"150\" src=\"https:\/\/www.sunnyshop211.com\/wp-content\/uploads\/2025\/05\/37-1-150x150.jpg\" class=\"attachment-thumbnail size-thumbnail\" alt=\"\" srcset=\"https:\/\/www.sunnyshop211.com\/wp-content\/uploads\/2025\/05\/37-1-150x150.jpg 150w, https:\/\/www.sunnyshop211.com\/wp-content\/uploads\/2025\/05\/37-1-500x500.jpg 500w, https:\/\/www.sunnyshop211.com\/wp-content\/uploads\/2025\/05\/37-1-100x100.jpg 100w\" sizes=\"(max-width: 150px) 100vw, 150px\" \/><\/a>\n\t\t\t<\/div><\/figure>\n\t\t<\/div>\n\n<p>&nbsp;<\/p>\n<h2 data-start=\"105\" data-end=\"146\">OOAK miniature horse net - 1\/4<\/h2>\n<p data-start=\"148\" data-end=\"168\">\u2500\u2500\u2500\u2500\u2500\u2500\u2500\u2500\u2500\u2500\u2500\u2500\u2500\u2500\u2500\u2500\u2500\u2500\u2500\u2500<\/p>\n<h3 data-start=\"170\" data-end=\"187\">\u2728 Description<\/h3>\n<p data-start=\"189\" data-end=\"323\">This miniature OOAK horse net is ideal for accompanying your horses and completing your equestrian scenes with realism.<\/p>\n<p data-start=\"325\" data-end=\"460\">Designed to fit 1\/4 size horses perfectly, it will become an essential accessory for your equestrian world.<\/p>\n<p data-start=\"462\" data-end=\"502\">\u2714 Fictional article.<br data-start=\"479\" data-end=\"482\" \/>\u2714 Sold individually.<\/p>\n<p data-start=\"504\" data-end=\"524\">\u2500\u2500\u2500\u2500\u2500\u2500\u2500\u2500\u2500\u2500\u2500\u2500\u2500\u2500\u2500\u2500\u2500\u2500\u2500\u2500<\/p>\n<h3 data-start=\"526\" data-end=\"549\">\ud83e\uddfe Thread details<\/h3>\n<p data-start=\"551\" data-end=\"708\">- Miniature net from <strong data-start=\"572\" data-end=\"590\">brown color<\/strong>.<br data-start=\"591\" data-end=\"594\" \/>- Closes with <strong data-start=\"617\" data-end=\"629\">scratch<\/strong>.<br data-start=\"630\" data-end=\"633\" \/>\u2022 <strong data-start=\"635\" data-end=\"671\">Two types of net available<\/strong> :<br data-start=\"673\" data-end=\"676\" \/>- In imitation leather.<br data-start=\"693\" data-end=\"696\" \/>- In leather.<\/p>\n<p data-start=\"710\" data-end=\"730\">\u2500\u2500\u2500\u2500\u2500\u2500\u2500\u2500\u2500\u2500\u2500\u2500\u2500\u2500\u2500\u2500\u2500\u2500\u2500\u2500<\/p>\n<h3 data-start=\"732\" data-end=\"752\">\ud83e\uddf8 Compatibility<\/h3>\n<p data-start=\"754\" data-end=\"818\">Compatible with 1\/4-size horses and dolls, such as :<\/p>\n<p data-start=\"820\" data-end=\"910\">- Minifee.<br data-start=\"830\" data-end=\"833\" \/>- MSD.<br data-start=\"839\" data-end=\"842\" \/>- Unoa.<br data-start=\"849\" data-end=\"852\" \/>- Bimong.<br data-start=\"861\" data-end=\"864\" \/>- Or any other doll of equivalent size.<\/p>\n<p data-start=\"912\" data-end=\"1077\">Suitable for horses sold in the store.<br data-start=\"957\" data-end=\"960\" \/>Compatible with my miniature furniture sold separately in the store.<br data-start=\"1034\" data-end=\"1037\" \/>Ideal for your stagings in 1\/4.<\/p>\n<p data-start=\"1079\" data-end=\"1099\">\u2500\u2500\u2500\u2500\u2500\u2500\u2500\u2500\u2500\u2500\u2500\u2500\u2500\u2500\u2500\u2500\u2500\u2500\u2500\u2500<\/p>\n<h3 data-start=\"1101\" data-end=\"1116\">\ud83c\udfa8 Finish<\/h3>\n<p data-start=\"1118\" data-end=\"1215\">- Net sold customized, as shown in photos.<br data-start=\"1164\" data-end=\"1167\" \/>- You choose the model that suits you best.<\/p>\n<p data-start=\"1217\" data-end=\"1237\">\u2500\u2500\u2500\u2500\u2500\u2500\u2500\u2500\u2500\u2500\u2500\u2500\u2500\u2500\u2500\u2500\u2500\u2500\u2500\u2500<\/p>\n<h3 data-start=\"1239\" data-end=\"1269\">\ud83d\udd90\ufe0f Craft manufacturing<\/h3>\n<p data-start=\"1271\" data-end=\"1346\">Each net is handcrafted and unique (OOAK).<\/p>\n<p data-start=\"1348\" data-end=\"1505\">Because of its handmade character:<br data-start=\"1382\" data-end=\"1385\" \/>- slight differences from photos may appear.<br data-start=\"1452\" data-end=\"1455\" \/>- a few minor imperfections are possible.<\/p>\n<p data-start=\"1507\" data-end=\"1527\">\u2500\u2500\u2500\u2500\u2500\u2500\u2500\u2500\u2500\u2500\u2500\u2500\u2500\u2500\u2500\u2500\u2500\u2500\u2500\u2500<\/p>\n<h3 data-start=\"1529\" data-end=\"1560\">\ud83d\udce6 Important information<\/h3>\n<p data-start=\"1562\" data-end=\"1816\">- Made to order.<br data-start=\"1593\" data-end=\"1596\" \/>- The photos are examples of staging.<br data-start=\"1644\" data-end=\"1647\" \/>- Other visible decorations are sold separately in the store.<br data-start=\"1722\" data-end=\"1725\" \/>- More photos available on Instagram :<br data-start=\"1769\" data-end=\"1772\" \/>\ud83d\udc49 <a class=\"decorated-link\" href=\"https:\/\/www.instagram.com\/sunnyshop211\/\" target=\"_new\" rel=\"noopener\" data-start=\"1775\" data-end=\"1814\">https:\/\/www.instagram.com\/sunnyshop211\/<\/a><\/p>\n<p data-start=\"1818\" data-end=\"1838\">\u2500\u2500\u2500\u2500\u2500\u2500\u2500\u2500\u2500\u2500\u2500\u2500\u2500\u2500\u2500\u2500\u2500\u2500\u2500\u2500<\/p>\n<h3 data-start=\"1840\" data-end=\"1863\">\u26a0\ufe0f Imprint<\/h3>\n<p data-start=\"1865\" data-end=\"2007\">!!!! This is not a toy, this article is intended for adults.<br data-start=\"1936\" data-end=\"1939\" \/>I am not responsible for any damage in transit.<\/p>","protected":false},"excerpt":{"rendered":"<p>&nbsp; Filet pour cheval OOAK miniature \u2013 1\/4 \u2500\u2500\u2500\u2500\u2500\u2500\u2500\u2500\u2500\u2500\u2500\u2500\u2500\u2500\u2500\u2500\u2500\u2500\u2500\u2500 \u2728 Description Ce filet pour cheval OOAK miniature est id\u00e9al pour accompagner vos chevaux et compl\u00e9ter vos mises en sc\u00e8nes \u00e9questres avec r\u00e9alisme. Il est con\u00e7u pour s\u2019adapter parfaitement aux chevaux au format 1\/4 et devenir un accessoire indispensable pour vos univers \u00e9questres. \u2714 Article fictif.\u2714 [&hellip;]<\/p>\n","protected":false},"featured_media":47721,"comment_status":"open","ping_status":"closed","template":"","meta":{"_crdt_document":"","jetpack_post_was_ever_published":false,"jetpack_publicize_message":"","jetpack_publicize_feature_enabled":true,"jetpack_social_post_already_shared":true,"jetpack_social_options":{"image_generator_settings":{"template":"highway","default_image_id":0,"font":"","enabled":false},"version":2}},"product_brand":[],"product_cat":[667687038],"product_tag":[667681299,667682864,667682866,667681234,667681173,667681237,667682870,667682868],"class_list":{"0":"post-48137","1":"product","2":"type-product","3":"status-publish","4":"has-post-thumbnail","6":"product_cat-equipement","7":"product_tag-coffee","8":"product_tag-cup","9":"product_tag-cup-of-tea","10":"product_tag-diorama","11":"product_tag-minifee","12":"product_tag-msd","13":"product_tag-mug","14":"product_tag-tasse","15":"product_shipping_class-lettresuivie","17":"first","18":"instock","19":"taxable","20":"shipping-taxable","21":"purchasable","22":"product-type-variable"},"yoast_head":"<!-- This site is optimized with the Yoast SEO plugin v27.4 - https:\/\/yoast.com\/product\/yoast-seo-wordpress\/ -->\n<title>Filet pour cheval OOAK 1\/4 MSD, minifee -<\/title>\n<meta name=\"description\" content=\"Filet pour cheval OOAK 1\/4 MSD, minifee . Cheval pour dolls au 1\/4 minifee ,MSD, unoa , bimong ou autre de m\u00eame taille. Compagnon Id\u00e9al pour vos dolls.\" \/>\n<meta name=\"robots\" content=\"index, follow, max-snippet:-1, max-image-preview:large, max-video-preview:-1\" \/>\n<link rel=\"canonical\" href=\"https:\/\/www.sunnyshop211.com\/en\/product\/filet-pour-cheval-ooak-1-4-msd-minifee\/\" \/>\n<meta property=\"og:locale\" content=\"en_US\" \/>\n<meta property=\"og:type\" content=\"article\" \/>\n<meta property=\"og:title\" content=\"Coussin chat customis\u00e9 miniature 1\/6 1\/4 Barbie, minifee ,MSD\" \/>\n<meta property=\"og:description\" content=\"Coussin halloween customis\u00e9 miniature 1\/6 1\/4 Barbie, minifee ,MSD. Coussin customis\u00e9 miniature pour customiser pour d\u00e9corer votre int\u00e9rieur.\" \/>\n<meta property=\"og:url\" content=\"https:\/\/www.sunnyshop211.com\/en\/product\/filet-pour-cheval-ooak-1-4-msd-minifee\/\" \/>\n<meta property=\"og:site_name\" content=\"Sunnyshop211 -Vente de dioramas, meubles, miniatures , bjd poup\u00e9es 1\/12 1\/8 1\/6 1\/4 1\/3\" \/>\n<meta property=\"article:publisher\" content=\"https:\/\/www.facebook.com\/sunnyshop211\/?ref=bookmarks\" \/>\n<meta property=\"article:modified_time\" content=\"2026-01-01T11:05:31+00:00\" \/>\n<meta property=\"og:image\" content=\"https:\/\/www.sunnyshop211.com\/wp-content\/uploads\/2023\/12\/117-scaled.jpg\" \/>\n\t<meta property=\"og:image:width\" content=\"2560\" \/>\n\t<meta property=\"og:image:height\" content=\"1707\" \/>\n\t<meta property=\"og:image:type\" content=\"image\/jpeg\" \/>\n<meta name=\"twitter:card\" content=\"summary_large_image\" \/>\n<meta name=\"twitter:title\" content=\"christmas cup miniature for dolls\" \/>\n<meta name=\"twitter:description\" content=\"These little cups will be ideal for your Christmas decorations and will delight your dolls.\" \/>\n<meta name=\"twitter:image\" content=\"https:\/\/www.sunnyshop211.com\/wp-content\/uploads\/2022\/11\/wp-1669301878674-scaled.jpg\" \/>\n<meta name=\"twitter:site\" content=\"@sunnyshop211\" \/>\n<meta name=\"twitter:label1\" content=\"Est. reading time\" \/>\n\t<meta name=\"twitter:data1\" content=\"2 minutes\" \/>\n<script type=\"application\/ld+json\" class=\"yoast-schema-graph\">{\"@context\":\"https:\\\/\\\/schema.org\",\"@graph\":[{\"@type\":\"WebPage\",\"@id\":\"https:\\\/\\\/www.sunnyshop211.com\\\/produit\\\/filet-pour-cheval-ooak-1-4-msd-minifee\\\/\",\"url\":\"https:\\\/\\\/www.sunnyshop211.com\\\/produit\\\/filet-pour-cheval-ooak-1-4-msd-minifee\\\/\",\"name\":\"Filet pour cheval OOAK 1\\\/4 MSD, minifee -\",\"isPartOf\":{\"@id\":\"https:\\\/\\\/www.sunnyshop211.com\\\/#website\"},\"primaryImageOfPage\":{\"@id\":\"https:\\\/\\\/www.sunnyshop211.com\\\/produit\\\/filet-pour-cheval-ooak-1-4-msd-minifee\\\/#primaryimage\"},\"image\":{\"@id\":\"https:\\\/\\\/www.sunnyshop211.com\\\/produit\\\/filet-pour-cheval-ooak-1-4-msd-minifee\\\/#primaryimage\"},\"thumbnailUrl\":\"https:\\\/\\\/www.sunnyshop211.com\\\/wp-content\\\/uploads\\\/2025\\\/05\\\/33-1-scaled.jpg\",\"datePublished\":\"2025-05-23T16:48:35+00:00\",\"dateModified\":\"2026-01-01T11:05:31+00:00\",\"description\":\"Filet pour cheval OOAK 1\\\/4 MSD, minifee . Cheval pour dolls au 1\\\/4 minifee ,MSD, unoa , bimong ou autre de m\u00eame taille. Compagnon Id\u00e9al pour vos dolls.\",\"breadcrumb\":{\"@id\":\"https:\\\/\\\/www.sunnyshop211.com\\\/produit\\\/filet-pour-cheval-ooak-1-4-msd-minifee\\\/#breadcrumb\"},\"inLanguage\":\"en-US\",\"potentialAction\":[{\"@type\":\"ReadAction\",\"target\":[\"https:\\\/\\\/www.sunnyshop211.com\\\/produit\\\/filet-pour-cheval-ooak-1-4-msd-minifee\\\/\"]}]},{\"@type\":\"ImageObject\",\"inLanguage\":\"en-US\",\"@id\":\"https:\\\/\\\/www.sunnyshop211.com\\\/produit\\\/filet-pour-cheval-ooak-1-4-msd-minifee\\\/#primaryimage\",\"url\":\"https:\\\/\\\/www.sunnyshop211.com\\\/wp-content\\\/uploads\\\/2025\\\/05\\\/33-1-scaled.jpg\",\"contentUrl\":\"https:\\\/\\\/www.sunnyshop211.com\\\/wp-content\\\/uploads\\\/2025\\\/05\\\/33-1-scaled.jpg\",\"width\":2560,\"height\":1707,\"caption\":\"Filet pour cheval OOAK 1\\\/4 MSD, minifee\"},{\"@type\":\"BreadcrumbList\",\"@id\":\"https:\\\/\\\/www.sunnyshop211.com\\\/produit\\\/filet-pour-cheval-ooak-1-4-msd-minifee\\\/#breadcrumb\",\"itemListElement\":[{\"@type\":\"ListItem\",\"position\":1,\"name\":\"Accueil\",\"item\":\"https:\\\/\\\/www.sunnyshop211.com\\\/\"},{\"@type\":\"ListItem\",\"position\":2,\"name\":\"Boutique\",\"item\":\"https:\\\/\\\/www.sunnyshop211.com\\\/boutique-miniature-bjd-dolls\\\/\"},{\"@type\":\"ListItem\",\"position\":3,\"name\":\"Filet pour cheval OOAK 1\\\/4 MSD, minifee\"}]},{\"@type\":\"WebSite\",\"@id\":\"https:\\\/\\\/www.sunnyshop211.com\\\/#website\",\"url\":\"https:\\\/\\\/www.sunnyshop211.com\\\/\",\"name\":\"Vente de dioramas, meubles, miniatures , bjd poup\u00e9es 1\\\/12 1\\\/8 1\\\/6 1\\\/4 1\\\/3\",\"description\":\"Sunnyshop211 - Votre univers miniature pour poup\u00e9es et BJD, dioramas et meubles sur mesure !\",\"publisher\":{\"@id\":\"https:\\\/\\\/www.sunnyshop211.com\\\/#organization\"},\"alternateName\":\"sunnyshop211\",\"potentialAction\":[{\"@type\":\"SearchAction\",\"target\":{\"@type\":\"EntryPoint\",\"urlTemplate\":\"https:\\\/\\\/www.sunnyshop211.com\\\/?s={search_term_string}\"},\"query-input\":{\"@type\":\"PropertyValueSpecification\",\"valueRequired\":true,\"valueName\":\"search_term_string\"}}],\"inLanguage\":\"en-US\"},{\"@type\":\"Organization\",\"@id\":\"https:\\\/\\\/www.sunnyshop211.com\\\/#organization\",\"name\":\"sunnyshop211\",\"alternateName\":\"sunnyshop211 diorama bjd meuble miniature\",\"url\":\"https:\\\/\\\/www.sunnyshop211.com\\\/\",\"logo\":{\"@type\":\"ImageObject\",\"inLanguage\":\"en-US\",\"@id\":\"https:\\\/\\\/www.sunnyshop211.com\\\/#\\\/schema\\\/logo\\\/image\\\/\",\"url\":\"https:\\\/\\\/www.sunnyshop211.com\\\/wp-content\\\/uploads\\\/2022\\\/08\\\/cropped-cropped-cropped-Sunnyshop211-1.png\",\"contentUrl\":\"https:\\\/\\\/www.sunnyshop211.com\\\/wp-content\\\/uploads\\\/2022\\\/08\\\/cropped-cropped-cropped-Sunnyshop211-1.png\",\"width\":339,\"height\":339,\"caption\":\"sunnyshop211\"},\"image\":{\"@id\":\"https:\\\/\\\/www.sunnyshop211.com\\\/#\\\/schema\\\/logo\\\/image\\\/\"},\"sameAs\":[\"https:\\\/\\\/www.facebook.com\\\/sunnyshop211\\\/?ref=bookmarks\",\"https:\\\/\\\/x.com\\\/sunnyshop211\",\"https:\\\/\\\/www.instagram.com\\\/sunnyshop211\\\/\",\"https:\\\/\\\/www.tumblr.com\\\/blog\\\/sunnyshop211\",\"https:\\\/\\\/www.youtube.com\\\/channel\\\/UCtYY18OGGDKrTSzgcf7fCBg\",\"https:\\\/\\\/www.tiktok.com\\\/@sunnydollshop211?is_from_webapp=1&sender_device=pc\"]}]}<\/script>\n<!-- \/ Yoast SEO plugin. -->","yoast_head_json":{"title":"OOAK 1\/4 MSD horse net, minifee -","description":"Horse net OOAK 1\/4 MSD, minifee . Horse net for 1\/4 minifee, MSD, unoa, bimong or other dolls of the same size. Ideal companion for your dolls.","robots":{"index":"index","follow":"follow","max-snippet":"max-snippet:-1","max-image-preview":"max-image-preview:large","max-video-preview":"max-video-preview:-1"},"canonical":"https:\/\/www.sunnyshop211.com\/en\/product\/filet-pour-cheval-ooak-1-4-msd-minifee\/","og_locale":"en_US","og_type":"article","og_title":"Coussin chat customis\u00e9 miniature 1\/6 1\/4 Barbie, minifee ,MSD","og_description":"Coussin halloween customis\u00e9 miniature 1\/6 1\/4 Barbie, minifee ,MSD. Coussin customis\u00e9 miniature pour customiser pour d\u00e9corer votre int\u00e9rieur.","og_url":"https:\/\/www.sunnyshop211.com\/en\/product\/filet-pour-cheval-ooak-1-4-msd-minifee\/","og_site_name":"Sunnyshop211 -Vente de dioramas, meubles, miniatures , bjd poup\u00e9es 1\/12 1\/8 1\/6 1\/4 1\/3","article_publisher":"https:\/\/www.facebook.com\/sunnyshop211\/?ref=bookmarks","article_modified_time":"2026-01-01T11:05:31+00:00","og_image":[{"width":2560,"height":1707,"url":"https:\/\/www.sunnyshop211.com\/wp-content\/uploads\/2023\/12\/117-scaled.jpg","type":"image\/jpeg"}],"twitter_card":"summary_large_image","twitter_title":"christmas cup miniature for dolls","twitter_description":"These little cups will be ideal for your Christmas decorations and will delight your dolls.","twitter_image":"https:\/\/www.sunnyshop211.com\/wp-content\/uploads\/2022\/11\/wp-1669301878674-scaled.jpg","twitter_site":"@sunnyshop211","twitter_misc":{"Est. reading time":"2 minutes"},"schema":{"@context":"https:\/\/schema.org","@graph":[{"@type":"WebPage","@id":"https:\/\/www.sunnyshop211.com\/produit\/filet-pour-cheval-ooak-1-4-msd-minifee\/","url":"https:\/\/www.sunnyshop211.com\/produit\/filet-pour-cheval-ooak-1-4-msd-minifee\/","name":"OOAK 1\/4 MSD horse net, minifee -","isPartOf":{"@id":"https:\/\/www.sunnyshop211.com\/#website"},"primaryImageOfPage":{"@id":"https:\/\/www.sunnyshop211.com\/produit\/filet-pour-cheval-ooak-1-4-msd-minifee\/#primaryimage"},"image":{"@id":"https:\/\/www.sunnyshop211.com\/produit\/filet-pour-cheval-ooak-1-4-msd-minifee\/#primaryimage"},"thumbnailUrl":"https:\/\/www.sunnyshop211.com\/wp-content\/uploads\/2025\/05\/33-1-scaled.jpg","datePublished":"2025-05-23T16:48:35+00:00","dateModified":"2026-01-01T11:05:31+00:00","description":"Horse net OOAK 1\/4 MSD, minifee . Horse net for 1\/4 minifee, MSD, unoa, bimong or other dolls of the same size. Ideal companion for your dolls.","breadcrumb":{"@id":"https:\/\/www.sunnyshop211.com\/produit\/filet-pour-cheval-ooak-1-4-msd-minifee\/#breadcrumb"},"inLanguage":"en-US","potentialAction":[{"@type":"ReadAction","target":["https:\/\/www.sunnyshop211.com\/produit\/filet-pour-cheval-ooak-1-4-msd-minifee\/"]}]},{"@type":"ImageObject","inLanguage":"en-US","@id":"https:\/\/www.sunnyshop211.com\/produit\/filet-pour-cheval-ooak-1-4-msd-minifee\/#primaryimage","url":"https:\/\/www.sunnyshop211.com\/wp-content\/uploads\/2025\/05\/33-1-scaled.jpg","contentUrl":"https:\/\/www.sunnyshop211.com\/wp-content\/uploads\/2025\/05\/33-1-scaled.jpg","width":2560,"height":1707,"caption":"Filet pour cheval OOAK 1\/4 MSD, minifee"},{"@type":"BreadcrumbList","@id":"https:\/\/www.sunnyshop211.com\/produit\/filet-pour-cheval-ooak-1-4-msd-minifee\/#breadcrumb","itemListElement":[{"@type":"ListItem","position":1,"name":"Accueil","item":"https:\/\/www.sunnyshop211.com\/"},{"@type":"ListItem","position":2,"name":"Boutique","item":"https:\/\/www.sunnyshop211.com\/boutique-miniature-bjd-dolls\/"},{"@type":"ListItem","position":3,"name":"Filet pour cheval OOAK 1\/4 MSD, minifee"}]},{"@type":"WebSite","@id":"https:\/\/www.sunnyshop211.com\/#website","url":"https:\/\/www.sunnyshop211.com\/","name":"Sale of dioramas, furniture, miniatures, bjd dolls 1\/12 1\/8 1\/6 1\/4 1\/3","description":"Sunnyshop211 - Your miniature world for dolls and BJDs, dioramas and custom-made furniture!","publisher":{"@id":"https:\/\/www.sunnyshop211.com\/#organization"},"alternateName":"sunnyshop211","potentialAction":[{"@type":"SearchAction","target":{"@type":"EntryPoint","urlTemplate":"https:\/\/www.sunnyshop211.com\/?s={search_term_string}"},"query-input":{"@type":"PropertyValueSpecification","valueRequired":true,"valueName":"search_term_string"}}],"inLanguage":"en-US"},{"@type":"Organization","@id":"https:\/\/www.sunnyshop211.com\/#organization","name":"sunnyshop211","alternateName":"sunnyshop211 diorama bjd meuble miniature","url":"https:\/\/www.sunnyshop211.com\/","logo":{"@type":"ImageObject","inLanguage":"en-US","@id":"https:\/\/www.sunnyshop211.com\/#\/schema\/logo\/image\/","url":"https:\/\/www.sunnyshop211.com\/wp-content\/uploads\/2022\/08\/cropped-cropped-cropped-Sunnyshop211-1.png","contentUrl":"https:\/\/www.sunnyshop211.com\/wp-content\/uploads\/2022\/08\/cropped-cropped-cropped-Sunnyshop211-1.png","width":339,"height":339,"caption":"sunnyshop211"},"image":{"@id":"https:\/\/www.sunnyshop211.com\/#\/schema\/logo\/image\/"},"sameAs":["https:\/\/www.facebook.com\/sunnyshop211\/?ref=bookmarks","https:\/\/x.com\/sunnyshop211","https:\/\/www.instagram.com\/sunnyshop211\/","https:\/\/www.tumblr.com\/blog\/sunnyshop211","https:\/\/www.youtube.com\/channel\/UCtYY18OGGDKrTSzgcf7fCBg","https:\/\/www.tiktok.com\/@sunnydollshop211?is_from_webapp=1&sender_device=pc"]}]}},"jetpack_publicize_connections":[],"jetpack_sharing_enabled":true,"_links":{"self":[{"href":"https:\/\/www.sunnyshop211.com\/en\/wp-json\/wp\/v2\/product\/48137","targetHints":{"allow":["GET"]}}],"collection":[{"href":"https:\/\/www.sunnyshop211.com\/en\/wp-json\/wp\/v2\/product"}],"about":[{"href":"https:\/\/www.sunnyshop211.com\/en\/wp-json\/wp\/v2\/types\/product"}],"replies":[{"embeddable":true,"href":"https:\/\/www.sunnyshop211.com\/en\/wp-json\/wp\/v2\/comments?post=48137"}],"version-history":[{"count":2,"href":"https:\/\/www.sunnyshop211.com\/en\/wp-json\/wp\/v2\/product\/48137\/revisions"}],"predecessor-version":[{"id":53795,"href":"https:\/\/www.sunnyshop211.com\/en\/wp-json\/wp\/v2\/product\/48137\/revisions\/53795"}],"wp:featuredmedia":[{"embeddable":true,"href":"https:\/\/www.sunnyshop211.com\/en\/wp-json\/wp\/v2\/media\/47721"}],"wp:attachment":[{"href":"https:\/\/www.sunnyshop211.com\/en\/wp-json\/wp\/v2\/media?parent=48137"}],"wp:term":[{"taxonomy":"product_brand","embeddable":true,"href":"https:\/\/www.sunnyshop211.com\/en\/wp-json\/wp\/v2\/product_brand?post=48137"},{"taxonomy":"product_cat","embeddable":true,"href":"https:\/\/www.sunnyshop211.com\/en\/wp-json\/wp\/v2\/product_cat?post=48137"},{"taxonomy":"product_tag","embeddable":true,"href":"https:\/\/www.sunnyshop211.com\/en\/wp-json\/wp\/v2\/product_tag?post=48137"}],"curies":[{"name":"wp","href":"https:\/\/api.w.org\/{rel}","templated":true}]}}