{"id":48015,"date":"2025-05-23T14:49:05","date_gmt":"2025-05-23T13:49:05","guid":{"rendered":"https:\/\/www.sunnyshop211.com\/?post_type=product&#038;p=48015"},"modified":"2026-01-22T14:59:38","modified_gmt":"2026-01-22T13:59:38","slug":"malette-de-brosses-pour-cheval-miniature-1-6-1-4-barbie-minifee","status":"publish","type":"product","link":"https:\/\/www.sunnyshop211.com\/en\/product\/malette-de-brosses-pour-cheval-miniature-1-6-1-4-barbie-minifee\/","title":{"rendered":"Miniature horse brush set 1\/6 1\/4 Barbie, minifee"},"content":{"rendered":"<div id='gallery-1' class='gallery galleryid-48015 gallery-columns-3 gallery-size-thumbnail'><figure class='gallery-item'>\n\t\t\t<div class='gallery-icon landscape'>\n\t\t\t\t<a href='https:\/\/www.sunnyshop211.com\/en\/?attachment_id=47699'><img decoding=\"async\" width=\"150\" height=\"150\" src=\"https:\/\/www.sunnyshop211.com\/wp-content\/uploads\/2025\/05\/11-1-150x150.jpg\" class=\"attachment-thumbnail size-thumbnail\" alt=\"Malette de brosses pour cheval miniature 1\/6 1\/4 Barbie, minifee\" srcset=\"https:\/\/www.sunnyshop211.com\/wp-content\/uploads\/2025\/05\/11-1-150x150.jpg 150w, https:\/\/www.sunnyshop211.com\/wp-content\/uploads\/2025\/05\/11-1-500x500.jpg 500w, https:\/\/www.sunnyshop211.com\/wp-content\/uploads\/2025\/05\/11-1-100x100.jpg 100w\" sizes=\"(max-width: 150px) 100vw, 150px\" \/><\/a>\n\t\t\t<\/div><\/figure><figure class='gallery-item'>\n\t\t\t<div class='gallery-icon landscape'>\n\t\t\t\t<a href='https:\/\/www.sunnyshop211.com\/en\/?attachment_id=47705'><img decoding=\"async\" width=\"150\" height=\"150\" src=\"https:\/\/www.sunnyshop211.com\/wp-content\/uploads\/2025\/05\/17-1-150x150.jpg\" class=\"attachment-thumbnail size-thumbnail\" alt=\"Malette de brosses pour cheval miniature 1\/6 1\/4 Barbie, minifee\" srcset=\"https:\/\/www.sunnyshop211.com\/wp-content\/uploads\/2025\/05\/17-1-150x150.jpg 150w, https:\/\/www.sunnyshop211.com\/wp-content\/uploads\/2025\/05\/17-1-500x500.jpg 500w, https:\/\/www.sunnyshop211.com\/wp-content\/uploads\/2025\/05\/17-1-100x100.jpg 100w\" sizes=\"(max-width: 150px) 100vw, 150px\" \/><\/a>\n\t\t\t<\/div><\/figure><figure class='gallery-item'>\n\t\t\t<div class='gallery-icon landscape'>\n\t\t\t\t<a href='https:\/\/www.sunnyshop211.com\/en\/?attachment_id=54891'><img decoding=\"async\" width=\"150\" height=\"150\" src=\"https:\/\/www.sunnyshop211.com\/wp-content\/uploads\/2026\/01\/5-4-150x150.jpg\" class=\"attachment-thumbnail size-thumbnail\" alt=\"\" srcset=\"https:\/\/www.sunnyshop211.com\/wp-content\/uploads\/2026\/01\/5-4-150x150.jpg 150w, https:\/\/www.sunnyshop211.com\/wp-content\/uploads\/2026\/01\/5-4-500x500.jpg 500w, https:\/\/www.sunnyshop211.com\/wp-content\/uploads\/2026\/01\/5-4-100x100.jpg 100w\" sizes=\"(max-width: 150px) 100vw, 150px\" \/><\/a>\n\t\t\t<\/div><\/figure><figure class='gallery-item'>\n\t\t\t<div class='gallery-icon landscape'>\n\t\t\t\t<a href='https:\/\/www.sunnyshop211.com\/en\/?attachment_id=47702'><img loading=\"lazy\" decoding=\"async\" width=\"150\" height=\"150\" src=\"https:\/\/www.sunnyshop211.com\/wp-content\/uploads\/2025\/05\/14-1-150x150.jpg\" class=\"attachment-thumbnail size-thumbnail\" alt=\"Malette de brosses pour cheval miniature 1\/6 1\/4 Barbie, minifee\" srcset=\"https:\/\/www.sunnyshop211.com\/wp-content\/uploads\/2025\/05\/14-1-150x150.jpg 150w, https:\/\/www.sunnyshop211.com\/wp-content\/uploads\/2025\/05\/14-1-500x500.jpg 500w, https:\/\/www.sunnyshop211.com\/wp-content\/uploads\/2025\/05\/14-1-100x100.jpg 100w\" sizes=\"(max-width: 150px) 100vw, 150px\" \/><\/a>\n\t\t\t<\/div><\/figure><figure class='gallery-item'>\n\t\t\t<div class='gallery-icon landscape'>\n\t\t\t\t<a href='https:\/\/www.sunnyshop211.com\/en\/?attachment_id=47715'><img loading=\"lazy\" decoding=\"async\" width=\"150\" height=\"150\" src=\"https:\/\/www.sunnyshop211.com\/wp-content\/uploads\/2025\/05\/27-1-150x150.jpg\" class=\"attachment-thumbnail size-thumbnail\" alt=\"\" srcset=\"https:\/\/www.sunnyshop211.com\/wp-content\/uploads\/2025\/05\/27-1-150x150.jpg 150w, https:\/\/www.sunnyshop211.com\/wp-content\/uploads\/2025\/05\/27-1-500x500.jpg 500w, https:\/\/www.sunnyshop211.com\/wp-content\/uploads\/2025\/05\/27-1-100x100.jpg 100w\" sizes=\"(max-width: 150px) 100vw, 150px\" \/><\/a>\n\t\t\t<\/div><\/figure><figure class='gallery-item'>\n\t\t\t<div class='gallery-icon landscape'>\n\t\t\t\t<a href='https:\/\/www.sunnyshop211.com\/en\/?attachment_id=47714'><img loading=\"lazy\" decoding=\"async\" width=\"150\" height=\"150\" src=\"https:\/\/www.sunnyshop211.com\/wp-content\/uploads\/2025\/05\/26-1-150x150.jpg\" class=\"attachment-thumbnail size-thumbnail\" alt=\"Cheval OOAK 1\/4 MSD, minifee\" srcset=\"https:\/\/www.sunnyshop211.com\/wp-content\/uploads\/2025\/05\/26-1-150x150.jpg 150w, https:\/\/www.sunnyshop211.com\/wp-content\/uploads\/2025\/05\/26-1-500x500.jpg 500w, https:\/\/www.sunnyshop211.com\/wp-content\/uploads\/2025\/05\/26-1-100x100.jpg 100w\" sizes=\"(max-width: 150px) 100vw, 150px\" \/><\/a>\n\t\t\t<\/div><\/figure><figure class='gallery-item'>\n\t\t\t<div class='gallery-icon landscape'>\n\t\t\t\t<a href='https:\/\/www.sunnyshop211.com\/en\/?attachment_id=54900'><img loading=\"lazy\" decoding=\"async\" width=\"150\" height=\"150\" src=\"https:\/\/www.sunnyshop211.com\/wp-content\/uploads\/2026\/01\/16-2-150x150.jpg\" class=\"attachment-thumbnail size-thumbnail\" alt=\"Ecurie simulation miniature 1\/4 MSD, minifee\" srcset=\"https:\/\/www.sunnyshop211.com\/wp-content\/uploads\/2026\/01\/16-2-150x150.jpg 150w, https:\/\/www.sunnyshop211.com\/wp-content\/uploads\/2026\/01\/16-2-500x500.jpg 500w, https:\/\/www.sunnyshop211.com\/wp-content\/uploads\/2026\/01\/16-2-100x100.jpg 100w\" sizes=\"(max-width: 150px) 100vw, 150px\" \/><\/a>\n\t\t\t<\/div><\/figure>\n\t\t<\/div>\n\n<p>&nbsp;<\/p>\n<p>&nbsp;<\/p>\n<h2 data-start=\"105\" data-end=\"161\">Miniature horse brush case - 1\/6 - 1\/4<\/h2>\n<p data-start=\"163\" data-end=\"183\">\u2500\u2500\u2500\u2500\u2500\u2500\u2500\u2500\u2500\u2500\u2500\u2500\u2500\u2500\u2500\u2500\u2500\u2500\u2500\u2500<\/p>\n<h3 data-start=\"185\" data-end=\"202\">\u2728 Description<\/h3>\n<p data-start=\"204\" data-end=\"357\">This case of miniature horse brushes is ideal for completing your equestrian scenes and adding a realistic touch to your dioramas.<\/p>\n<p data-start=\"359\" data-end=\"453\">It's perfect for accessorizing your world of horses and animal care.<\/p>\n<p data-start=\"455\" data-end=\"495\">\u2714 Fictional article.<br data-start=\"472\" data-end=\"475\" \/>\u2714 Sold individually.<\/p>\n<p data-start=\"497\" data-end=\"517\">\u2500\u2500\u2500\u2500\u2500\u2500\u2500\u2500\u2500\u2500\u2500\u2500\u2500\u2500\u2500\u2500\u2500\u2500\u2500\u2500<\/p>\n<h3 data-start=\"519\" data-end=\"548\">\ud83e\uddfe Contents of the case<\/h3>\n<p data-start=\"550\" data-end=\"574\">The case includes :<\/p>\n<p data-start=\"576\" data-end=\"679\">\u2022 <strong data-start=\"578\" data-end=\"600\">A black case<\/strong> customized with a sticker :<br data-start=\"629\" data-end=\"632\" \/>- 1\/6: 6 cm long.<br data-start=\"653\" data-end=\"656\" \/>- 1\/4: 7 cm long.<\/p>\n<p data-start=\"681\" data-end=\"778\">And- <strong data-start=\"683\" data-end=\"710\">A brush with handle<\/strong> beige and brown :<br data-start=\"728\" data-end=\"731\" \/>- 1\/6: 3 cm long.<br data-start=\"752\" data-end=\"755\" \/>- 1\/4 : 4 cm long.<\/p>\n<p data-start=\"780\" data-end=\"886\">\u2022 <strong data-start=\"782\" data-end=\"818\">A pimple brush with handle<\/strong> beige and brown :<br data-start=\"836\" data-end=\"839\" \/>- 1\/6: 3 cm long.<br data-start=\"860\" data-end=\"863\" \/>- 1\/4 : 4 cm long.<\/p>\n<p data-start=\"888\" data-end=\"963\">\u00a0AND - <strong data-start=\"890\" data-end=\"906\">Foot pick<\/strong> black :<br data-start=\"913\" data-end=\"916\" \/>- 1\/6: 3 cm long.<br data-start=\"937\" data-end=\"940\" \/>- 1\/4 : 4 cm long.<\/p>\n<p data-start=\"965\" data-end=\"985\">\u2500\u2500\u2500\u2500\u2500\u2500\u2500\u2500\u2500\u2500\u2500\u2500\u2500\u2500\u2500\u2500\u2500\u2500\u2500\u2500<\/p>\n<h3 data-start=\"987\" data-end=\"1007\">\ud83e\uddf8 Compatibility<\/h3>\n<p data-start=\"1009\" data-end=\"1059\">Compatible with dolls in the following formats :<\/p>\n<p data-start=\"1061\" data-end=\"1140\">\u2022 <strong data-start=\"1063\" data-end=\"1070\">1\/6<\/strong> Barbie, Pullip, Phicen.<br data-start=\"1096\" data-end=\"1099\" \/>\u2022 <strong data-start=\"1101\" data-end=\"1108\">1\/4<\/strong> Minifee, MSD, Unoa, Bimong.<\/p>\n<p data-start=\"1142\" data-end=\"1269\">Compatible with my miniature furniture sold separately in the store.<br data-start=\"1216\" data-end=\"1219\" \/>Ideal for 1\/6 and 1\/4 scale staging.<\/p>\n<p data-start=\"1271\" data-end=\"1291\">\u2500\u2500\u2500\u2500\u2500\u2500\u2500\u2500\u2500\u2500\u2500\u2500\u2500\u2500\u2500\u2500\u2500\u2500\u2500\u2500<\/p>\n<h3 data-start=\"1293\" data-end=\"1308\">\ud83c\udfa8 Finish<\/h3>\n<p data-start=\"1310\" data-end=\"1427\">- Case and accessories sold customized, as shown in photos.<br data-start=\"1376\" data-end=\"1379\" \/>- You choose the model that suits you best.<\/p>\n<p data-start=\"1429\" data-end=\"1449\">\u2500\u2500\u2500\u2500\u2500\u2500\u2500\u2500\u2500\u2500\u2500\u2500\u2500\u2500\u2500\u2500\u2500\u2500\u2500\u2500<\/p>\n<h3 data-start=\"1451\" data-end=\"1481\">\ud83d\udd90\ufe0f Craft manufacturing<\/h3>\n<p data-start=\"1483\" data-end=\"1533\">Each piece is handcrafted.<\/p>\n<p data-start=\"1535\" data-end=\"1692\">Because of its handmade character:<br data-start=\"1569\" data-end=\"1572\" \/>- slight differences from photos may appear.<br data-start=\"1639\" data-end=\"1642\" \/>- a few minor imperfections are possible.<\/p>\n<p data-start=\"1694\" data-end=\"1714\">\u2500\u2500\u2500\u2500\u2500\u2500\u2500\u2500\u2500\u2500\u2500\u2500\u2500\u2500\u2500\u2500\u2500\u2500\u2500\u2500<\/p>\n<h3 data-start=\"1716\" data-end=\"1747\">\ud83d\udce6 Important information<\/h3>\n<p data-start=\"1749\" data-end=\"2003\">- Made to order.<br data-start=\"1780\" data-end=\"1783\" \/>- Other visible decorations are sold separately in the store.<br data-start=\"1858\" data-end=\"1861\" \/>- The photos are examples of staging.<br data-start=\"1909\" data-end=\"1912\" \/>- More photos available on Instagram :<br data-start=\"1956\" data-end=\"1959\" \/>\ud83d\udc49 <a class=\"decorated-link\" href=\"https:\/\/www.instagram.com\/sunnyshop211\/\" target=\"_new\" rel=\"noopener\" data-start=\"1962\" data-end=\"2001\">https:\/\/www.instagram.com\/sunnyshop211\/<\/a><\/p>\n<p data-start=\"2005\" data-end=\"2025\">\u2500\u2500\u2500\u2500\u2500\u2500\u2500\u2500\u2500\u2500\u2500\u2500\u2500\u2500\u2500\u2500\u2500\u2500\u2500\u2500<\/p>\n<h3 data-start=\"2027\" data-end=\"2050\">\u26a0\ufe0f Imprint<\/h3>\n<p data-start=\"2052\" data-end=\"2194\">!!!! This is not a toy, this article is intended for adults.<br data-start=\"2123\" data-end=\"2126\" \/>I am not responsible for any damage in transit.<\/p>","protected":false},"excerpt":{"rendered":"<p>&nbsp; &nbsp; Mallette de brosses pour cheval miniature \u2013 1\/6 \u00b7 1\/4 \u2500\u2500\u2500\u2500\u2500\u2500\u2500\u2500\u2500\u2500\u2500\u2500\u2500\u2500\u2500\u2500\u2500\u2500\u2500\u2500 \u2728 Description Cette mallette de brosses pour cheval miniature est id\u00e9ale pour compl\u00e9ter vos mises en sc\u00e8nes \u00e9questres et apporter une touche r\u00e9aliste \u00e0 vos dioramas. Elle est parfaite pour accessoiriser vos univers autour des chevaux et des soins animaliers. \u2714 Article [&hellip;]<\/p>\n","protected":false},"featured_media":47699,"comment_status":"open","ping_status":"closed","template":"","meta":{"_crdt_document":"","jetpack_post_was_ever_published":false,"jetpack_publicize_message":"","jetpack_publicize_feature_enabled":true,"jetpack_social_post_already_shared":true,"jetpack_social_options":{"image_generator_settings":{"template":"highway","default_image_id":0,"font":"","enabled":false},"version":2}},"product_brand":[],"product_cat":[667687039],"product_tag":[667681299,667682864,667682866,667681234,667681173,667681237,667682870,667682868],"class_list":{"0":"post-48015","1":"product","2":"type-product","3":"status-publish","4":"has-post-thumbnail","6":"product_cat-bien-etre-du-cheval","7":"product_tag-coffee","8":"product_tag-cup","9":"product_tag-cup-of-tea","10":"product_tag-diorama","11":"product_tag-minifee","12":"product_tag-msd","13":"product_tag-mug","14":"product_tag-tasse","15":"product_shipping_class-colissimo-5","17":"first","18":"instock","19":"taxable","20":"shipping-taxable","21":"purchasable","22":"product-type-variable"},"yoast_head":"<!-- This site is optimized with the Yoast SEO plugin v27.4 - https:\/\/yoast.com\/product\/yoast-seo-wordpress\/ -->\n<title>Malette de brosses pour cheval miniature 1\/6 1\/4 Barbie, minifee -<\/title>\n<meta name=\"description\" content=\"Malette de brosses pour cheval miniature 1\/6 1\/4 Barbie, minifee MSD. Pour dolls au 1\/6 pour Barbie, pullip, phicen ou au 1\/4 minifee ,MSD, unoa, bimong .\" \/>\n<meta name=\"robots\" content=\"index, follow, max-snippet:-1, max-image-preview:large, max-video-preview:-1\" \/>\n<link rel=\"canonical\" href=\"https:\/\/www.sunnyshop211.com\/en\/product\/malette-de-brosses-pour-cheval-miniature-1-6-1-4-barbie-minifee\/\" \/>\n<meta property=\"og:locale\" content=\"en_US\" \/>\n<meta property=\"og:type\" content=\"article\" \/>\n<meta property=\"og:title\" content=\"Coussin chat customis\u00e9 miniature 1\/6 1\/4 Barbie, minifee ,MSD\" \/>\n<meta property=\"og:description\" content=\"Coussin halloween customis\u00e9 miniature 1\/6 1\/4 Barbie, minifee ,MSD. Coussin customis\u00e9 miniature pour customiser pour d\u00e9corer votre int\u00e9rieur.\" \/>\n<meta property=\"og:url\" content=\"https:\/\/www.sunnyshop211.com\/en\/product\/malette-de-brosses-pour-cheval-miniature-1-6-1-4-barbie-minifee\/\" \/>\n<meta property=\"og:site_name\" content=\"Sunnyshop211 -Vente de dioramas, meubles, miniatures , bjd poup\u00e9es 1\/12 1\/8 1\/6 1\/4 1\/3\" \/>\n<meta property=\"article:publisher\" content=\"https:\/\/www.facebook.com\/sunnyshop211\/?ref=bookmarks\" \/>\n<meta property=\"article:modified_time\" content=\"2026-01-22T13:59:38+00:00\" \/>\n<meta property=\"og:image\" content=\"https:\/\/www.sunnyshop211.com\/wp-content\/uploads\/2023\/12\/117-scaled.jpg\" \/>\n\t<meta property=\"og:image:width\" content=\"2560\" \/>\n\t<meta property=\"og:image:height\" content=\"1707\" \/>\n\t<meta property=\"og:image:type\" content=\"image\/jpeg\" \/>\n<meta name=\"twitter:card\" content=\"summary_large_image\" \/>\n<meta name=\"twitter:title\" content=\"christmas cup miniature for dolls\" \/>\n<meta name=\"twitter:description\" content=\"These little cups will be ideal for your Christmas decorations and will delight your dolls.\" \/>\n<meta name=\"twitter:image\" content=\"https:\/\/www.sunnyshop211.com\/wp-content\/uploads\/2022\/11\/wp-1669301878674-scaled.jpg\" \/>\n<meta name=\"twitter:site\" content=\"@sunnyshop211\" \/>\n<meta name=\"twitter:label1\" content=\"Est. reading time\" \/>\n\t<meta name=\"twitter:data1\" content=\"2 minutes\" \/>\n<script type=\"application\/ld+json\" class=\"yoast-schema-graph\">{\"@context\":\"https:\\\/\\\/schema.org\",\"@graph\":[{\"@type\":\"WebPage\",\"@id\":\"https:\\\/\\\/www.sunnyshop211.com\\\/produit\\\/malette-de-brosses-pour-cheval-miniature-1-6-1-4-barbie-minifee\\\/\",\"url\":\"https:\\\/\\\/www.sunnyshop211.com\\\/produit\\\/malette-de-brosses-pour-cheval-miniature-1-6-1-4-barbie-minifee\\\/\",\"name\":\"Malette de brosses pour cheval miniature 1\\\/6 1\\\/4 Barbie, minifee -\",\"isPartOf\":{\"@id\":\"https:\\\/\\\/www.sunnyshop211.com\\\/#website\"},\"primaryImageOfPage\":{\"@id\":\"https:\\\/\\\/www.sunnyshop211.com\\\/produit\\\/malette-de-brosses-pour-cheval-miniature-1-6-1-4-barbie-minifee\\\/#primaryimage\"},\"image\":{\"@id\":\"https:\\\/\\\/www.sunnyshop211.com\\\/produit\\\/malette-de-brosses-pour-cheval-miniature-1-6-1-4-barbie-minifee\\\/#primaryimage\"},\"thumbnailUrl\":\"https:\\\/\\\/www.sunnyshop211.com\\\/wp-content\\\/uploads\\\/2025\\\/05\\\/11-1-scaled.jpg\",\"datePublished\":\"2025-05-23T13:49:05+00:00\",\"dateModified\":\"2026-01-22T13:59:38+00:00\",\"description\":\"Malette de brosses pour cheval miniature 1\\\/6 1\\\/4 Barbie, minifee MSD. Pour dolls au 1\\\/6 pour Barbie, pullip, phicen ou au 1\\\/4 minifee ,MSD, unoa, bimong .\",\"breadcrumb\":{\"@id\":\"https:\\\/\\\/www.sunnyshop211.com\\\/produit\\\/malette-de-brosses-pour-cheval-miniature-1-6-1-4-barbie-minifee\\\/#breadcrumb\"},\"inLanguage\":\"en-US\",\"potentialAction\":[{\"@type\":\"ReadAction\",\"target\":[\"https:\\\/\\\/www.sunnyshop211.com\\\/produit\\\/malette-de-brosses-pour-cheval-miniature-1-6-1-4-barbie-minifee\\\/\"]}]},{\"@type\":\"ImageObject\",\"inLanguage\":\"en-US\",\"@id\":\"https:\\\/\\\/www.sunnyshop211.com\\\/produit\\\/malette-de-brosses-pour-cheval-miniature-1-6-1-4-barbie-minifee\\\/#primaryimage\",\"url\":\"https:\\\/\\\/www.sunnyshop211.com\\\/wp-content\\\/uploads\\\/2025\\\/05\\\/11-1-scaled.jpg\",\"contentUrl\":\"https:\\\/\\\/www.sunnyshop211.com\\\/wp-content\\\/uploads\\\/2025\\\/05\\\/11-1-scaled.jpg\",\"width\":2560,\"height\":1707,\"caption\":\"Malette de brosses pour cheval miniature 1\\\/6 1\\\/4 Barbie, minifee\"},{\"@type\":\"BreadcrumbList\",\"@id\":\"https:\\\/\\\/www.sunnyshop211.com\\\/produit\\\/malette-de-brosses-pour-cheval-miniature-1-6-1-4-barbie-minifee\\\/#breadcrumb\",\"itemListElement\":[{\"@type\":\"ListItem\",\"position\":1,\"name\":\"Accueil\",\"item\":\"https:\\\/\\\/www.sunnyshop211.com\\\/\"},{\"@type\":\"ListItem\",\"position\":2,\"name\":\"Boutique\",\"item\":\"https:\\\/\\\/www.sunnyshop211.com\\\/boutique-miniature-bjd-dolls\\\/\"},{\"@type\":\"ListItem\",\"position\":3,\"name\":\"Malette de brosses pour cheval miniature 1\\\/6 1\\\/4 Barbie, minifee\"}]},{\"@type\":\"WebSite\",\"@id\":\"https:\\\/\\\/www.sunnyshop211.com\\\/#website\",\"url\":\"https:\\\/\\\/www.sunnyshop211.com\\\/\",\"name\":\"Vente de dioramas, meubles, miniatures , bjd poup\u00e9es 1\\\/12 1\\\/8 1\\\/6 1\\\/4 1\\\/3\",\"description\":\"Sunnyshop211 - Votre univers miniature pour poup\u00e9es et BJD, dioramas et meubles sur mesure !\",\"publisher\":{\"@id\":\"https:\\\/\\\/www.sunnyshop211.com\\\/#organization\"},\"alternateName\":\"sunnyshop211\",\"potentialAction\":[{\"@type\":\"SearchAction\",\"target\":{\"@type\":\"EntryPoint\",\"urlTemplate\":\"https:\\\/\\\/www.sunnyshop211.com\\\/?s={search_term_string}\"},\"query-input\":{\"@type\":\"PropertyValueSpecification\",\"valueRequired\":true,\"valueName\":\"search_term_string\"}}],\"inLanguage\":\"en-US\"},{\"@type\":\"Organization\",\"@id\":\"https:\\\/\\\/www.sunnyshop211.com\\\/#organization\",\"name\":\"sunnyshop211\",\"alternateName\":\"sunnyshop211 diorama bjd meuble miniature\",\"url\":\"https:\\\/\\\/www.sunnyshop211.com\\\/\",\"logo\":{\"@type\":\"ImageObject\",\"inLanguage\":\"en-US\",\"@id\":\"https:\\\/\\\/www.sunnyshop211.com\\\/#\\\/schema\\\/logo\\\/image\\\/\",\"url\":\"https:\\\/\\\/www.sunnyshop211.com\\\/wp-content\\\/uploads\\\/2022\\\/08\\\/cropped-cropped-cropped-Sunnyshop211-1.png\",\"contentUrl\":\"https:\\\/\\\/www.sunnyshop211.com\\\/wp-content\\\/uploads\\\/2022\\\/08\\\/cropped-cropped-cropped-Sunnyshop211-1.png\",\"width\":339,\"height\":339,\"caption\":\"sunnyshop211\"},\"image\":{\"@id\":\"https:\\\/\\\/www.sunnyshop211.com\\\/#\\\/schema\\\/logo\\\/image\\\/\"},\"sameAs\":[\"https:\\\/\\\/www.facebook.com\\\/sunnyshop211\\\/?ref=bookmarks\",\"https:\\\/\\\/x.com\\\/sunnyshop211\",\"https:\\\/\\\/www.instagram.com\\\/sunnyshop211\\\/\",\"https:\\\/\\\/www.tumblr.com\\\/blog\\\/sunnyshop211\",\"https:\\\/\\\/www.youtube.com\\\/channel\\\/UCtYY18OGGDKrTSzgcf7fCBg\",\"https:\\\/\\\/www.tiktok.com\\\/@sunnydollshop211?is_from_webapp=1&sender_device=pc\"]}]}<\/script>\n<!-- \/ Yoast SEO plugin. -->","yoast_head_json":{"title":"Brush set for miniature horse 1\/6 1\/4 Barbie, minifee -","description":"Miniature horse brush set 1\/6 1\/4 Barbie, minifee MSD. For 1\/6 dolls for Barbie, pullip, phicen or 1\/4 minifee ,MSD, unoa, bimong .","robots":{"index":"index","follow":"follow","max-snippet":"max-snippet:-1","max-image-preview":"max-image-preview:large","max-video-preview":"max-video-preview:-1"},"canonical":"https:\/\/www.sunnyshop211.com\/en\/product\/malette-de-brosses-pour-cheval-miniature-1-6-1-4-barbie-minifee\/","og_locale":"en_US","og_type":"article","og_title":"Coussin chat customis\u00e9 miniature 1\/6 1\/4 Barbie, minifee ,MSD","og_description":"Coussin halloween customis\u00e9 miniature 1\/6 1\/4 Barbie, minifee ,MSD. Coussin customis\u00e9 miniature pour customiser pour d\u00e9corer votre int\u00e9rieur.","og_url":"https:\/\/www.sunnyshop211.com\/en\/product\/malette-de-brosses-pour-cheval-miniature-1-6-1-4-barbie-minifee\/","og_site_name":"Sunnyshop211 -Vente de dioramas, meubles, miniatures , bjd poup\u00e9es 1\/12 1\/8 1\/6 1\/4 1\/3","article_publisher":"https:\/\/www.facebook.com\/sunnyshop211\/?ref=bookmarks","article_modified_time":"2026-01-22T13:59:38+00:00","og_image":[{"width":2560,"height":1707,"url":"https:\/\/www.sunnyshop211.com\/wp-content\/uploads\/2023\/12\/117-scaled.jpg","type":"image\/jpeg"}],"twitter_card":"summary_large_image","twitter_title":"christmas cup miniature for dolls","twitter_description":"These little cups will be ideal for your Christmas decorations and will delight your dolls.","twitter_image":"https:\/\/www.sunnyshop211.com\/wp-content\/uploads\/2022\/11\/wp-1669301878674-scaled.jpg","twitter_site":"@sunnyshop211","twitter_misc":{"Est. reading time":"2 minutes"},"schema":{"@context":"https:\/\/schema.org","@graph":[{"@type":"WebPage","@id":"https:\/\/www.sunnyshop211.com\/produit\/malette-de-brosses-pour-cheval-miniature-1-6-1-4-barbie-minifee\/","url":"https:\/\/www.sunnyshop211.com\/produit\/malette-de-brosses-pour-cheval-miniature-1-6-1-4-barbie-minifee\/","name":"Brush set for miniature horse 1\/6 1\/4 Barbie, minifee -","isPartOf":{"@id":"https:\/\/www.sunnyshop211.com\/#website"},"primaryImageOfPage":{"@id":"https:\/\/www.sunnyshop211.com\/produit\/malette-de-brosses-pour-cheval-miniature-1-6-1-4-barbie-minifee\/#primaryimage"},"image":{"@id":"https:\/\/www.sunnyshop211.com\/produit\/malette-de-brosses-pour-cheval-miniature-1-6-1-4-barbie-minifee\/#primaryimage"},"thumbnailUrl":"https:\/\/www.sunnyshop211.com\/wp-content\/uploads\/2025\/05\/11-1-scaled.jpg","datePublished":"2025-05-23T13:49:05+00:00","dateModified":"2026-01-22T13:59:38+00:00","description":"Miniature horse brush set 1\/6 1\/4 Barbie, minifee MSD. For 1\/6 dolls for Barbie, pullip, phicen or 1\/4 minifee ,MSD, unoa, bimong .","breadcrumb":{"@id":"https:\/\/www.sunnyshop211.com\/produit\/malette-de-brosses-pour-cheval-miniature-1-6-1-4-barbie-minifee\/#breadcrumb"},"inLanguage":"en-US","potentialAction":[{"@type":"ReadAction","target":["https:\/\/www.sunnyshop211.com\/produit\/malette-de-brosses-pour-cheval-miniature-1-6-1-4-barbie-minifee\/"]}]},{"@type":"ImageObject","inLanguage":"en-US","@id":"https:\/\/www.sunnyshop211.com\/produit\/malette-de-brosses-pour-cheval-miniature-1-6-1-4-barbie-minifee\/#primaryimage","url":"https:\/\/www.sunnyshop211.com\/wp-content\/uploads\/2025\/05\/11-1-scaled.jpg","contentUrl":"https:\/\/www.sunnyshop211.com\/wp-content\/uploads\/2025\/05\/11-1-scaled.jpg","width":2560,"height":1707,"caption":"Malette de brosses pour cheval miniature 1\/6 1\/4 Barbie, minifee"},{"@type":"BreadcrumbList","@id":"https:\/\/www.sunnyshop211.com\/produit\/malette-de-brosses-pour-cheval-miniature-1-6-1-4-barbie-minifee\/#breadcrumb","itemListElement":[{"@type":"ListItem","position":1,"name":"Accueil","item":"https:\/\/www.sunnyshop211.com\/"},{"@type":"ListItem","position":2,"name":"Boutique","item":"https:\/\/www.sunnyshop211.com\/boutique-miniature-bjd-dolls\/"},{"@type":"ListItem","position":3,"name":"Malette de brosses pour cheval miniature 1\/6 1\/4 Barbie, minifee"}]},{"@type":"WebSite","@id":"https:\/\/www.sunnyshop211.com\/#website","url":"https:\/\/www.sunnyshop211.com\/","name":"Sale of dioramas, furniture, miniatures, bjd dolls 1\/12 1\/8 1\/6 1\/4 1\/3","description":"Sunnyshop211 - Your miniature world for dolls and BJDs, dioramas and custom-made furniture!","publisher":{"@id":"https:\/\/www.sunnyshop211.com\/#organization"},"alternateName":"sunnyshop211","potentialAction":[{"@type":"SearchAction","target":{"@type":"EntryPoint","urlTemplate":"https:\/\/www.sunnyshop211.com\/?s={search_term_string}"},"query-input":{"@type":"PropertyValueSpecification","valueRequired":true,"valueName":"search_term_string"}}],"inLanguage":"en-US"},{"@type":"Organization","@id":"https:\/\/www.sunnyshop211.com\/#organization","name":"sunnyshop211","alternateName":"sunnyshop211 diorama bjd meuble miniature","url":"https:\/\/www.sunnyshop211.com\/","logo":{"@type":"ImageObject","inLanguage":"en-US","@id":"https:\/\/www.sunnyshop211.com\/#\/schema\/logo\/image\/","url":"https:\/\/www.sunnyshop211.com\/wp-content\/uploads\/2022\/08\/cropped-cropped-cropped-Sunnyshop211-1.png","contentUrl":"https:\/\/www.sunnyshop211.com\/wp-content\/uploads\/2022\/08\/cropped-cropped-cropped-Sunnyshop211-1.png","width":339,"height":339,"caption":"sunnyshop211"},"image":{"@id":"https:\/\/www.sunnyshop211.com\/#\/schema\/logo\/image\/"},"sameAs":["https:\/\/www.facebook.com\/sunnyshop211\/?ref=bookmarks","https:\/\/x.com\/sunnyshop211","https:\/\/www.instagram.com\/sunnyshop211\/","https:\/\/www.tumblr.com\/blog\/sunnyshop211","https:\/\/www.youtube.com\/channel\/UCtYY18OGGDKrTSzgcf7fCBg","https:\/\/www.tiktok.com\/@sunnydollshop211?is_from_webapp=1&sender_device=pc"]}]}},"jetpack_publicize_connections":[],"jetpack_sharing_enabled":true,"_links":{"self":[{"href":"https:\/\/www.sunnyshop211.com\/en\/wp-json\/wp\/v2\/product\/48015","targetHints":{"allow":["GET"]}}],"collection":[{"href":"https:\/\/www.sunnyshop211.com\/en\/wp-json\/wp\/v2\/product"}],"about":[{"href":"https:\/\/www.sunnyshop211.com\/en\/wp-json\/wp\/v2\/types\/product"}],"replies":[{"embeddable":true,"href":"https:\/\/www.sunnyshop211.com\/en\/wp-json\/wp\/v2\/comments?post=48015"}],"version-history":[{"count":9,"href":"https:\/\/www.sunnyshop211.com\/en\/wp-json\/wp\/v2\/product\/48015\/revisions"}],"predecessor-version":[{"id":54911,"href":"https:\/\/www.sunnyshop211.com\/en\/wp-json\/wp\/v2\/product\/48015\/revisions\/54911"}],"wp:featuredmedia":[{"embeddable":true,"href":"https:\/\/www.sunnyshop211.com\/en\/wp-json\/wp\/v2\/media\/47699"}],"wp:attachment":[{"href":"https:\/\/www.sunnyshop211.com\/en\/wp-json\/wp\/v2\/media?parent=48015"}],"wp:term":[{"taxonomy":"product_brand","embeddable":true,"href":"https:\/\/www.sunnyshop211.com\/en\/wp-json\/wp\/v2\/product_brand?post=48015"},{"taxonomy":"product_cat","embeddable":true,"href":"https:\/\/www.sunnyshop211.com\/en\/wp-json\/wp\/v2\/product_cat?post=48015"},{"taxonomy":"product_tag","embeddable":true,"href":"https:\/\/www.sunnyshop211.com\/en\/wp-json\/wp\/v2\/product_tag?post=48015"}],"curies":[{"name":"wp","href":"https:\/\/api.w.org\/{rel}","templated":true}]}}