{"id":4755,"date":"2019-03-29T11:58:49","date_gmt":"2019-03-29T10:58:49","guid":{"rendered":"https:\/\/sunnyshop211.com\/?post_type=product&#038;p=4755"},"modified":"2025-12-27T12:18:40","modified_gmt":"2025-12-27T11:18:40","slug":"couverture-demmaillotage-1-8-bjd-baby-pukifee-lati-yellow-nappy-choo","status":"publish","type":"product","link":"https:\/\/www.sunnyshop211.com\/en\/product\/couverture-demmaillotage-1-8-bjd-baby-pukifee-lati-yellow-nappy-choo\/","title":{"rendered":"Swaddling blanket 1\/8 bjd baby pukifee, Nappy choo"},"content":{"rendered":"<div id='gallery-1' class='gallery galleryid-4755 gallery-columns-3 gallery-size-thumbnail'><figure class='gallery-item'>\n\t\t\t<div class='gallery-icon portrait'>\n\t\t\t\t<a href='https:\/\/www.sunnyshop211.com\/en\/?attachment_id=12298'><img decoding=\"async\" width=\"150\" height=\"150\" src=\"https:\/\/www.sunnyshop211.com\/wp-content\/uploads\/2020\/01\/1576150208406347-150x150.jpg\" class=\"attachment-thumbnail size-thumbnail\" alt=\"\" srcset=\"https:\/\/www.sunnyshop211.com\/wp-content\/uploads\/2020\/01\/1576150208406347-150x150.jpg 150w, https:\/\/www.sunnyshop211.com\/wp-content\/uploads\/2020\/01\/1576150208406347-498x500.jpg 498w, https:\/\/www.sunnyshop211.com\/wp-content\/uploads\/2020\/01\/1576150208406347-100x100.jpg 100w\" sizes=\"(max-width: 150px) 100vw, 150px\" \/><\/a>\n\t\t\t<\/div><\/figure><figure class='gallery-item'>\n\t\t\t<div class='gallery-icon landscape'>\n\t\t\t\t<a href='https:\/\/www.sunnyshop211.com\/en\/?attachment_id=12299'><img decoding=\"async\" width=\"150\" height=\"150\" src=\"https:\/\/www.sunnyshop211.com\/wp-content\/uploads\/2020\/01\/1576150235650-913-150x150.jpg\" class=\"attachment-thumbnail size-thumbnail\" alt=\"Couverture d&#039;emmaillotage 1\/8 bjd\" srcset=\"https:\/\/www.sunnyshop211.com\/wp-content\/uploads\/2020\/01\/1576150235650-913-150x150.jpg 150w, https:\/\/www.sunnyshop211.com\/wp-content\/uploads\/2020\/01\/1576150235650-913-500x500.jpg 500w, https:\/\/www.sunnyshop211.com\/wp-content\/uploads\/2020\/01\/1576150235650-913-100x100.jpg 100w\" sizes=\"(max-width: 150px) 100vw, 150px\" \/><\/a>\n\t\t\t<\/div><\/figure><figure class='gallery-item'>\n\t\t\t<div class='gallery-icon portrait'>\n\t\t\t\t<a href='https:\/\/www.sunnyshop211.com\/en\/?attachment_id=12296'><img decoding=\"async\" width=\"150\" height=\"150\" src=\"https:\/\/www.sunnyshop211.com\/wp-content\/uploads\/2020\/01\/1576150757208181-150x150.jpg\" class=\"attachment-thumbnail size-thumbnail\" alt=\"\" srcset=\"https:\/\/www.sunnyshop211.com\/wp-content\/uploads\/2020\/01\/1576150757208181-150x150.jpg 150w, https:\/\/www.sunnyshop211.com\/wp-content\/uploads\/2020\/01\/1576150757208181-498x500.jpg 498w, https:\/\/www.sunnyshop211.com\/wp-content\/uploads\/2020\/01\/1576150757208181-100x100.jpg 100w\" sizes=\"(max-width: 150px) 100vw, 150px\" \/><\/a>\n\t\t\t<\/div><\/figure><figure class='gallery-item'>\n\t\t\t<div class='gallery-icon portrait'>\n\t\t\t\t<a href='https:\/\/www.sunnyshop211.com\/en\/?attachment_id=30576'><img loading=\"lazy\" decoding=\"async\" width=\"150\" height=\"150\" src=\"https:\/\/www.sunnyshop211.com\/wp-content\/uploads\/2023\/02\/20230216_112727-150x150.jpg\" class=\"attachment-thumbnail size-thumbnail\" alt=\"Couverture d&#039;emmaillotage 1\/8 bjd\" srcset=\"https:\/\/www.sunnyshop211.com\/wp-content\/uploads\/2023\/02\/20230216_112727-150x150.jpg 150w, https:\/\/www.sunnyshop211.com\/wp-content\/uploads\/2023\/02\/20230216_112727-scaled-500x500.jpg 500w, https:\/\/www.sunnyshop211.com\/wp-content\/uploads\/2023\/02\/20230216_112727-scaled-100x100.jpg 100w, https:\/\/www.sunnyshop211.com\/wp-content\/uploads\/2023\/02\/20230216_112727-1200x1200.jpg 1200w, https:\/\/www.sunnyshop211.com\/wp-content\/uploads\/2023\/02\/20230216_112727-800x800.jpg 800w, https:\/\/www.sunnyshop211.com\/wp-content\/uploads\/2023\/02\/20230216_112727-400x400.jpg 400w, https:\/\/www.sunnyshop211.com\/wp-content\/uploads\/2023\/02\/20230216_112727-200x200.jpg 200w\" sizes=\"(max-width: 150px) 100vw, 150px\" \/><\/a>\n\t\t\t<\/div><\/figure><figure class='gallery-item'>\n\t\t\t<div class='gallery-icon portrait'>\n\t\t\t\t<a href='https:\/\/www.sunnyshop211.com\/en\/?attachment_id=30577'><img loading=\"lazy\" decoding=\"async\" width=\"150\" height=\"150\" src=\"https:\/\/www.sunnyshop211.com\/wp-content\/uploads\/2023\/02\/20230216_113305-150x150.jpg\" class=\"attachment-thumbnail size-thumbnail\" alt=\"\" srcset=\"https:\/\/www.sunnyshop211.com\/wp-content\/uploads\/2023\/02\/20230216_113305-150x150.jpg 150w, https:\/\/www.sunnyshop211.com\/wp-content\/uploads\/2023\/02\/20230216_113305-scaled-500x500.jpg 500w, https:\/\/www.sunnyshop211.com\/wp-content\/uploads\/2023\/02\/20230216_113305-scaled-100x100.jpg 100w, https:\/\/www.sunnyshop211.com\/wp-content\/uploads\/2023\/02\/20230216_113305-1200x1200.jpg 1200w, https:\/\/www.sunnyshop211.com\/wp-content\/uploads\/2023\/02\/20230216_113305-800x800.jpg 800w, https:\/\/www.sunnyshop211.com\/wp-content\/uploads\/2023\/02\/20230216_113305-400x400.jpg 400w, https:\/\/www.sunnyshop211.com\/wp-content\/uploads\/2023\/02\/20230216_113305-200x200.jpg 200w\" sizes=\"(max-width: 150px) 100vw, 150px\" \/><\/a>\n\t\t\t<\/div><\/figure><figure class='gallery-item'>\n\t\t\t<div class='gallery-icon portrait'>\n\t\t\t\t<a href='https:\/\/www.sunnyshop211.com\/en\/?attachment_id=30578'><img loading=\"lazy\" decoding=\"async\" width=\"150\" height=\"150\" src=\"https:\/\/www.sunnyshop211.com\/wp-content\/uploads\/2023\/02\/20230216_113344-150x150.jpg\" class=\"attachment-thumbnail size-thumbnail\" alt=\"Couverture d&#039;emmaillotage 1\/8 bjd\" srcset=\"https:\/\/www.sunnyshop211.com\/wp-content\/uploads\/2023\/02\/20230216_113344-150x150.jpg 150w, https:\/\/www.sunnyshop211.com\/wp-content\/uploads\/2023\/02\/20230216_113344-scaled-500x500.jpg 500w, https:\/\/www.sunnyshop211.com\/wp-content\/uploads\/2023\/02\/20230216_113344-scaled-100x100.jpg 100w, https:\/\/www.sunnyshop211.com\/wp-content\/uploads\/2023\/02\/20230216_113344-1200x1200.jpg 1200w, https:\/\/www.sunnyshop211.com\/wp-content\/uploads\/2023\/02\/20230216_113344-800x800.jpg 800w, https:\/\/www.sunnyshop211.com\/wp-content\/uploads\/2023\/02\/20230216_113344-400x400.jpg 400w, https:\/\/www.sunnyshop211.com\/wp-content\/uploads\/2023\/02\/20230216_113344-200x200.jpg 200w\" sizes=\"(max-width: 150px) 100vw, 150px\" \/><\/a>\n\t\t\t<\/div><\/figure>\n\t\t<\/div>\n\n<h2 data-start=\"184\" data-end=\"237\">Miniature swaddling blanket 1\/8 BJD baby<\/h2>\n<p data-start=\"239\" data-end=\"303\">Pukifee - Lati Yellow - Nappy Choo - Reborn - similar sizes<\/p>\n<hr data-start=\"305\" data-end=\"308\" \/>\n<h3 data-start=\"310\" data-end=\"328\">\ud83e\udd0d Description<\/h3>\n<p data-start=\"330\" data-end=\"585\">This miniature swaddling blanket with <strong data-start=\"375\" data-end=\"382\">1\/8<\/strong> is ideal for wrapping your little baby dolls of about <strong data-start=\"443\" data-end=\"452\">15 cm<\/strong>.<br data-start=\"453\" data-end=\"456\" \/>Soft and realistic, it allows you to create tender scenes of rest and care in your dioramas and stagings.<\/p>\n<hr data-start=\"587\" data-end=\"590\" \/>\n<h3 data-start=\"592\" data-end=\"612\">\ud83d\udc76 Compatibility<\/h3>\n<p data-start=\"614\" data-end=\"771\">Suitable for baby dolls from approx. <strong data-start=\"649\" data-end=\"658\">15 cm<\/strong> :<br data-start=\"660\" data-end=\"663\" \/>- Pukifee<br data-start=\"672\" data-end=\"675\" \/>- Lati Yellow<br data-start=\"688\" data-end=\"691\" \/>- Nappy Choo<br data-start=\"703\" data-end=\"706\" \/>- BJD baby<br data-start=\"716\" data-end=\"719\" \/>- Mini reborn<br data-start=\"732\" data-end=\"735\" \/>- Other babies of equivalent size<\/p>\n<hr data-start=\"773\" data-end=\"776\" \/>\n<h3 data-start=\"778\" data-end=\"810\">\ud83d\udecf\ufe0f Cover details<\/h3>\n<p data-start=\"812\" data-end=\"976\">- Shape <strong data-start=\"820\" data-end=\"836\">swaddling<\/strong> with a <strong data-start=\"845\" data-end=\"858\">small bag<\/strong> for the legs<br data-start=\"874\" data-end=\"877\" \/>- Closing by <strong data-start=\"893\" data-end=\"909\">matching bow<\/strong><br data-start=\"909\" data-end=\"912\" \/>\u2022 <strong data-start=\"914\" data-end=\"942\">Lined with plush fabric<\/strong> for a soft, cocooning finish.<\/p>\n<p data-start=\"978\" data-end=\"1060\">\ud83d\udc49 You choose the <strong data-start=\"1000\" data-end=\"1020\">fabric color.<\/strong><br data-start=\"1020\" data-end=\"1023\" \/>\ud83d\udc49 The choice is yours.<\/p>\n<p data-start=\"1062\" data-end=\"1166\">\ud83d\udca1 Mes <strong data-start=\"1069\" data-end=\"1085\">bumper pads<\/strong> and <strong data-start=\"1089\" data-end=\"1103\">sleeping bags<\/strong> perfectly match the cushions (sold separately).<\/p>\n<hr data-start=\"1168\" data-end=\"1171\" \/>\n<h3 data-start=\"1173\" data-end=\"1202\">\ud83e\udeb5 Handcrafted<\/h3>\n<p data-start=\"1204\" data-end=\"1419\">Made to order<br data-start=\"1225\" data-end=\"1228\" \/>Handcrafted :<br data-start=\"1252\" data-end=\"1255\" \/>slight variations in shape, color or finish may occur.<br data-start=\"1331\" data-end=\"1334\" \/>Small imperfections may be present and are part of the charm of handmade.<\/p>\n<hr data-start=\"1421\" data-end=\"1424\" \/>\n<h3 data-start=\"1426\" data-end=\"1457\">\u2139\ufe0f Important information<\/h3>\n<p data-start=\"1459\" data-end=\"2001\">- The photos are examples of staging.<br data-start=\"1506\" data-end=\"1509\" \/>\u2022 <strong data-start=\"1511\" data-end=\"1560\">Only the swaddling blanket is sold<\/strong> (dolls and accessories not included).<\/p>\n<p data-start=\"1459\" data-end=\"2001\"><br class=\"yoast-text-mark\" data-start=\"&gt;\u2022 Compatible avec mes meubles vendus s\u00e9par\u00e9ment dans la boutique.&lt;br data-start=\" data-end=\"1666\" \/>Other decorations and accessories are available in the store.<\/p>\n<p data-start=\"1459\" data-end=\"2001\"><br class=\"yoast-text-mark\" data-start=\"1739\" data-end=\"1742\" \/>Please take into account manufacturing and delivery times (see General Sales Conditions).<br data-start=\"1844\" data-end=\"1847\" \/>\u2022 <strong data-start=\"1849\" data-end=\"1913\">This is not a toy - intended for adults.<\/strong><br data-start=\"1913\" data-end=\"1916\" \/>- I am not responsible for any damage in transit or shipping.<\/p>\n<hr data-start=\"2003\" data-end=\"2006\" \/>\n<h3 data-start=\"2008\" data-end=\"2044\">\ud83d\udcf8 More photos &amp; inspiration<\/h3>\n<p data-start=\"2046\" data-end=\"2088\">\ud83d\udc49 <a class=\"decorated-link\" href=\"https:\/\/www.instagram.com\/sunnyshop211\/\" target=\"_new\" rel=\"noopener\" data-start=\"2049\" data-end=\"2088\">https:\/\/www.instagram.com\/sunnyshop211\/<\/a><\/p>\n<hr data-start=\"2090\" data-end=\"2093\" \/>\n<p data-start=\"2095\" data-end=\"2206\">\u2728 A soft, enveloping miniature swaddling blanket for sweet baby scenes in 1\/8.<\/p>","protected":false},"excerpt":{"rendered":"<p>Couverture d\u2019emmaillotage miniature 1\/8 BJD b\u00e9b\u00e9 Pukifee \u2013 Lati Yellow \u2013 Nappy Choo \u2013 Reborn \u2013 tailles similaires \ud83e\udd0d Description Cette couverture d\u2019emmaillotage miniature au 1\/8 est id\u00e9ale pour envelopper vos petits b\u00e9b\u00e9s dolls d\u2019environ 15 cm.Douce et r\u00e9aliste, elle permet de cr\u00e9er des sc\u00e8nes de repos et de soins pleines de tendresse dans vos [&hellip;]<\/p>\n","protected":false},"featured_media":12298,"comment_status":"open","ping_status":"closed","template":"","meta":{"_crdt_document":"","jetpack_post_was_ever_published":false,"jetpack_publicize_message":"","jetpack_publicize_feature_enabled":true,"jetpack_social_post_already_shared":true,"jetpack_social_options":{"image_generator_settings":{"template":"highway","default_image_id":0,"font":"","enabled":false},"version":2}},"product_brand":[],"product_cat":[667686987],"product_tag":[667682339,667681137,667681138,667681224,667681136,667682349,667682351,667681718,667682347,667681226,667682343,667681225,667681139,667681144,667681173,667681141,667682341,667681177,667681140,667681223,667682355],"class_list":{"0":"post-4755","1":"product","2":"type-product","3":"status-publish","4":"has-post-thumbnail","6":"product_cat-textile","7":"product_tag-angel-nest","8":"product_tag-baby","9":"product_tag-bebe","10":"product_tag-bed-crib","11":"product_tag-bjd","12":"product_tag-coussin","13":"product_tag-coussin-dallaitement","14":"product_tag-couverture","15":"product_tag-cushion","16":"product_tag-doll","17":"product_tag-douillette","18":"product_tag-furniture","19":"product_tag-lati-yellow","20":"product_tag-lit","21":"product_tag-minifee","22":"product_tag-nappy-choo","23":"product_tag-nid-dange","24":"product_tag-poupee","25":"product_tag-pukifee","26":"product_tag-tour-de-lit","27":"product_tag-wrap-blanket-for-baby","28":"product_shipping_class-lettre-suivie","29":"pa_couleur-beige","30":"pa_couleur-blanc","31":"pa_couleur-bleu","32":"pa_couleur-rose","34":"first","35":"instock","36":"taxable","37":"shipping-taxable","38":"purchasable","39":"product-type-variable"},"yoast_head":"<!-- This site is optimized with the Yoast SEO plugin v27.4 - https:\/\/yoast.com\/product\/yoast-seo-wordpress\/ -->\n<title>Couverture d&#039;emmaillotage 1\/8 bjd baby pukifee, Nappy choo -<\/title>\n<meta name=\"description\" content=\"Couverture d&#039;emmaillotage 1\/8 bjd baby pukifee, lati Yellow, Nappy choo ou similaire. Id\u00e9al pour vos petits b\u00e9b\u00e9s de 15 cm comme reborn ou pukifee.\" \/>\n<meta name=\"robots\" content=\"index, follow, max-snippet:-1, max-image-preview:large, max-video-preview:-1\" \/>\n<link rel=\"canonical\" href=\"https:\/\/www.sunnyshop211.com\/en\/product\/couverture-demmaillotage-1-8-bjd-baby-pukifee-lati-yellow-nappy-choo\/\" \/>\n<meta property=\"og:locale\" content=\"en_US\" \/>\n<meta property=\"og:type\" content=\"article\" \/>\n<meta property=\"og:title\" content=\"Couverture d&#039;emmaillotage 1\/8 bjd baby pukifee, Nappy choo -\" \/>\n<meta property=\"og:description\" content=\"Couverture d&#039;emmaillotage 1\/8 bjd baby pukifee, lati Yellow, Nappy choo ou similaire. Id\u00e9al pour vos petits b\u00e9b\u00e9s de 15 cm comme reborn ou pukifee.\" \/>\n<meta property=\"og:url\" content=\"https:\/\/www.sunnyshop211.com\/en\/product\/couverture-demmaillotage-1-8-bjd-baby-pukifee-lati-yellow-nappy-choo\/\" \/>\n<meta property=\"og:site_name\" content=\"Sunnyshop211 -Vente de dioramas, meubles, miniatures , bjd poup\u00e9es 1\/12 1\/8 1\/6 1\/4 1\/3\" \/>\n<meta property=\"article:publisher\" content=\"https:\/\/www.facebook.com\/sunnyshop211\/?ref=bookmarks\" \/>\n<meta property=\"article:modified_time\" content=\"2025-12-27T11:18:40+00:00\" \/>\n<meta property=\"og:image\" content=\"https:\/\/www.sunnyshop211.com\/wp-content\/uploads\/2020\/01\/1576150208406347.jpg\" \/>\n\t<meta property=\"og:image:width\" content=\"498\" \/>\n\t<meta property=\"og:image:height\" content=\"1024\" \/>\n\t<meta property=\"og:image:type\" content=\"image\/jpeg\" \/>\n<meta name=\"twitter:card\" content=\"summary_large_image\" \/>\n<meta name=\"twitter:site\" content=\"@sunnyshop211\" \/>\n<meta name=\"twitter:label1\" content=\"Est. reading time\" \/>\n\t<meta name=\"twitter:data1\" content=\"2 minutes\" \/>\n<script type=\"application\/ld+json\" class=\"yoast-schema-graph\">{\"@context\":\"https:\\\/\\\/schema.org\",\"@graph\":[{\"@type\":\"WebPage\",\"@id\":\"https:\\\/\\\/www.sunnyshop211.com\\\/produit\\\/couverture-demmaillotage-1-8-bjd-baby-pukifee-lati-yellow-nappy-choo\\\/\",\"url\":\"https:\\\/\\\/www.sunnyshop211.com\\\/produit\\\/couverture-demmaillotage-1-8-bjd-baby-pukifee-lati-yellow-nappy-choo\\\/\",\"name\":\"Couverture d'emmaillotage 1\\\/8 bjd baby pukifee, Nappy choo -\",\"isPartOf\":{\"@id\":\"https:\\\/\\\/www.sunnyshop211.com\\\/#website\"},\"primaryImageOfPage\":{\"@id\":\"https:\\\/\\\/www.sunnyshop211.com\\\/produit\\\/couverture-demmaillotage-1-8-bjd-baby-pukifee-lati-yellow-nappy-choo\\\/#primaryimage\"},\"image\":{\"@id\":\"https:\\\/\\\/www.sunnyshop211.com\\\/produit\\\/couverture-demmaillotage-1-8-bjd-baby-pukifee-lati-yellow-nappy-choo\\\/#primaryimage\"},\"thumbnailUrl\":\"https:\\\/\\\/www.sunnyshop211.com\\\/wp-content\\\/uploads\\\/2020\\\/01\\\/1576150208406347.jpg\",\"datePublished\":\"2019-03-29T10:58:49+00:00\",\"dateModified\":\"2025-12-27T11:18:40+00:00\",\"description\":\"Couverture d'emmaillotage 1\\\/8 bjd baby pukifee, lati Yellow, Nappy choo ou similaire. Id\u00e9al pour vos petits b\u00e9b\u00e9s de 15 cm comme reborn ou pukifee.\",\"breadcrumb\":{\"@id\":\"https:\\\/\\\/www.sunnyshop211.com\\\/produit\\\/couverture-demmaillotage-1-8-bjd-baby-pukifee-lati-yellow-nappy-choo\\\/#breadcrumb\"},\"inLanguage\":\"en-US\",\"potentialAction\":[{\"@type\":\"ReadAction\",\"target\":[\"https:\\\/\\\/www.sunnyshop211.com\\\/produit\\\/couverture-demmaillotage-1-8-bjd-baby-pukifee-lati-yellow-nappy-choo\\\/\"]}]},{\"@type\":\"ImageObject\",\"inLanguage\":\"en-US\",\"@id\":\"https:\\\/\\\/www.sunnyshop211.com\\\/produit\\\/couverture-demmaillotage-1-8-bjd-baby-pukifee-lati-yellow-nappy-choo\\\/#primaryimage\",\"url\":\"https:\\\/\\\/www.sunnyshop211.com\\\/wp-content\\\/uploads\\\/2020\\\/01\\\/1576150208406347.jpg\",\"contentUrl\":\"https:\\\/\\\/www.sunnyshop211.com\\\/wp-content\\\/uploads\\\/2020\\\/01\\\/1576150208406347.jpg\",\"width\":498,\"height\":1024},{\"@type\":\"BreadcrumbList\",\"@id\":\"https:\\\/\\\/www.sunnyshop211.com\\\/produit\\\/couverture-demmaillotage-1-8-bjd-baby-pukifee-lati-yellow-nappy-choo\\\/#breadcrumb\",\"itemListElement\":[{\"@type\":\"ListItem\",\"position\":1,\"name\":\"Accueil\",\"item\":\"https:\\\/\\\/www.sunnyshop211.com\\\/\"},{\"@type\":\"ListItem\",\"position\":2,\"name\":\"Boutique\",\"item\":\"https:\\\/\\\/www.sunnyshop211.com\\\/boutique-miniature-bjd-dolls\\\/\"},{\"@type\":\"ListItem\",\"position\":3,\"name\":\"Couverture d&#8217;emmaillotage 1\\\/8 bjd baby pukifee, Nappy choo\"}]},{\"@type\":\"WebSite\",\"@id\":\"https:\\\/\\\/www.sunnyshop211.com\\\/#website\",\"url\":\"https:\\\/\\\/www.sunnyshop211.com\\\/\",\"name\":\"Vente de dioramas, meubles, miniatures , bjd poup\u00e9es 1\\\/12 1\\\/8 1\\\/6 1\\\/4 1\\\/3\",\"description\":\"Sunnyshop211 - Votre univers miniature pour poup\u00e9es et BJD, dioramas et meubles sur mesure !\",\"publisher\":{\"@id\":\"https:\\\/\\\/www.sunnyshop211.com\\\/#organization\"},\"alternateName\":\"sunnyshop211\",\"potentialAction\":[{\"@type\":\"SearchAction\",\"target\":{\"@type\":\"EntryPoint\",\"urlTemplate\":\"https:\\\/\\\/www.sunnyshop211.com\\\/?s={search_term_string}\"},\"query-input\":{\"@type\":\"PropertyValueSpecification\",\"valueRequired\":true,\"valueName\":\"search_term_string\"}}],\"inLanguage\":\"en-US\"},{\"@type\":\"Organization\",\"@id\":\"https:\\\/\\\/www.sunnyshop211.com\\\/#organization\",\"name\":\"sunnyshop211\",\"alternateName\":\"sunnyshop211 diorama bjd meuble miniature\",\"url\":\"https:\\\/\\\/www.sunnyshop211.com\\\/\",\"logo\":{\"@type\":\"ImageObject\",\"inLanguage\":\"en-US\",\"@id\":\"https:\\\/\\\/www.sunnyshop211.com\\\/#\\\/schema\\\/logo\\\/image\\\/\",\"url\":\"https:\\\/\\\/www.sunnyshop211.com\\\/wp-content\\\/uploads\\\/2022\\\/08\\\/cropped-cropped-cropped-Sunnyshop211-1.png\",\"contentUrl\":\"https:\\\/\\\/www.sunnyshop211.com\\\/wp-content\\\/uploads\\\/2022\\\/08\\\/cropped-cropped-cropped-Sunnyshop211-1.png\",\"width\":339,\"height\":339,\"caption\":\"sunnyshop211\"},\"image\":{\"@id\":\"https:\\\/\\\/www.sunnyshop211.com\\\/#\\\/schema\\\/logo\\\/image\\\/\"},\"sameAs\":[\"https:\\\/\\\/www.facebook.com\\\/sunnyshop211\\\/?ref=bookmarks\",\"https:\\\/\\\/x.com\\\/sunnyshop211\",\"https:\\\/\\\/www.instagram.com\\\/sunnyshop211\\\/\",\"https:\\\/\\\/www.tumblr.com\\\/blog\\\/sunnyshop211\",\"https:\\\/\\\/www.youtube.com\\\/channel\\\/UCtYY18OGGDKrTSzgcf7fCBg\",\"https:\\\/\\\/www.tiktok.com\\\/@sunnydollshop211?is_from_webapp=1&sender_device=pc\"]}]}<\/script>\n<!-- \/ Yoast SEO plugin. -->","yoast_head_json":{"title":"Swaddling blanket 1\/8 bjd baby pukifee, Nappy choo -","description":"Swaddling blanket 1\/8 bjd baby pukifee, lati Yellow, Nappy choo or similar. Ideal for your little 15 cm babies as reborn or pukifee.","robots":{"index":"index","follow":"follow","max-snippet":"max-snippet:-1","max-image-preview":"max-image-preview:large","max-video-preview":"max-video-preview:-1"},"canonical":"https:\/\/www.sunnyshop211.com\/en\/product\/couverture-demmaillotage-1-8-bjd-baby-pukifee-lati-yellow-nappy-choo\/","og_locale":"en_US","og_type":"article","og_title":"Couverture d'emmaillotage 1\/8 bjd baby pukifee, Nappy choo -","og_description":"Couverture d'emmaillotage 1\/8 bjd baby pukifee, lati Yellow, Nappy choo ou similaire. Id\u00e9al pour vos petits b\u00e9b\u00e9s de 15 cm comme reborn ou pukifee.","og_url":"https:\/\/www.sunnyshop211.com\/en\/product\/couverture-demmaillotage-1-8-bjd-baby-pukifee-lati-yellow-nappy-choo\/","og_site_name":"Sunnyshop211 -Vente de dioramas, meubles, miniatures , bjd poup\u00e9es 1\/12 1\/8 1\/6 1\/4 1\/3","article_publisher":"https:\/\/www.facebook.com\/sunnyshop211\/?ref=bookmarks","article_modified_time":"2025-12-27T11:18:40+00:00","og_image":[{"width":498,"height":1024,"url":"https:\/\/www.sunnyshop211.com\/wp-content\/uploads\/2020\/01\/1576150208406347.jpg","type":"image\/jpeg"}],"twitter_card":"summary_large_image","twitter_site":"@sunnyshop211","twitter_misc":{"Est. reading time":"2 minutes"},"schema":{"@context":"https:\/\/schema.org","@graph":[{"@type":"WebPage","@id":"https:\/\/www.sunnyshop211.com\/produit\/couverture-demmaillotage-1-8-bjd-baby-pukifee-lati-yellow-nappy-choo\/","url":"https:\/\/www.sunnyshop211.com\/produit\/couverture-demmaillotage-1-8-bjd-baby-pukifee-lati-yellow-nappy-choo\/","name":"Swaddling blanket 1\/8 bjd baby pukifee, Nappy choo -","isPartOf":{"@id":"https:\/\/www.sunnyshop211.com\/#website"},"primaryImageOfPage":{"@id":"https:\/\/www.sunnyshop211.com\/produit\/couverture-demmaillotage-1-8-bjd-baby-pukifee-lati-yellow-nappy-choo\/#primaryimage"},"image":{"@id":"https:\/\/www.sunnyshop211.com\/produit\/couverture-demmaillotage-1-8-bjd-baby-pukifee-lati-yellow-nappy-choo\/#primaryimage"},"thumbnailUrl":"https:\/\/www.sunnyshop211.com\/wp-content\/uploads\/2020\/01\/1576150208406347.jpg","datePublished":"2019-03-29T10:58:49+00:00","dateModified":"2025-12-27T11:18:40+00:00","description":"Swaddling blanket 1\/8 bjd baby pukifee, lati Yellow, Nappy choo or similar. Ideal for your little 15 cm babies as reborn or pukifee.","breadcrumb":{"@id":"https:\/\/www.sunnyshop211.com\/produit\/couverture-demmaillotage-1-8-bjd-baby-pukifee-lati-yellow-nappy-choo\/#breadcrumb"},"inLanguage":"en-US","potentialAction":[{"@type":"ReadAction","target":["https:\/\/www.sunnyshop211.com\/produit\/couverture-demmaillotage-1-8-bjd-baby-pukifee-lati-yellow-nappy-choo\/"]}]},{"@type":"ImageObject","inLanguage":"en-US","@id":"https:\/\/www.sunnyshop211.com\/produit\/couverture-demmaillotage-1-8-bjd-baby-pukifee-lati-yellow-nappy-choo\/#primaryimage","url":"https:\/\/www.sunnyshop211.com\/wp-content\/uploads\/2020\/01\/1576150208406347.jpg","contentUrl":"https:\/\/www.sunnyshop211.com\/wp-content\/uploads\/2020\/01\/1576150208406347.jpg","width":498,"height":1024},{"@type":"BreadcrumbList","@id":"https:\/\/www.sunnyshop211.com\/produit\/couverture-demmaillotage-1-8-bjd-baby-pukifee-lati-yellow-nappy-choo\/#breadcrumb","itemListElement":[{"@type":"ListItem","position":1,"name":"Accueil","item":"https:\/\/www.sunnyshop211.com\/"},{"@type":"ListItem","position":2,"name":"Boutique","item":"https:\/\/www.sunnyshop211.com\/boutique-miniature-bjd-dolls\/"},{"@type":"ListItem","position":3,"name":"Couverture d&#8217;emmaillotage 1\/8 bjd baby pukifee, Nappy choo"}]},{"@type":"WebSite","@id":"https:\/\/www.sunnyshop211.com\/#website","url":"https:\/\/www.sunnyshop211.com\/","name":"Sale of dioramas, furniture, miniatures, bjd dolls 1\/12 1\/8 1\/6 1\/4 1\/3","description":"Sunnyshop211 - Your miniature world for dolls and BJDs, dioramas and custom-made furniture!","publisher":{"@id":"https:\/\/www.sunnyshop211.com\/#organization"},"alternateName":"sunnyshop211","potentialAction":[{"@type":"SearchAction","target":{"@type":"EntryPoint","urlTemplate":"https:\/\/www.sunnyshop211.com\/?s={search_term_string}"},"query-input":{"@type":"PropertyValueSpecification","valueRequired":true,"valueName":"search_term_string"}}],"inLanguage":"en-US"},{"@type":"Organization","@id":"https:\/\/www.sunnyshop211.com\/#organization","name":"sunnyshop211","alternateName":"sunnyshop211 diorama bjd meuble miniature","url":"https:\/\/www.sunnyshop211.com\/","logo":{"@type":"ImageObject","inLanguage":"en-US","@id":"https:\/\/www.sunnyshop211.com\/#\/schema\/logo\/image\/","url":"https:\/\/www.sunnyshop211.com\/wp-content\/uploads\/2022\/08\/cropped-cropped-cropped-Sunnyshop211-1.png","contentUrl":"https:\/\/www.sunnyshop211.com\/wp-content\/uploads\/2022\/08\/cropped-cropped-cropped-Sunnyshop211-1.png","width":339,"height":339,"caption":"sunnyshop211"},"image":{"@id":"https:\/\/www.sunnyshop211.com\/#\/schema\/logo\/image\/"},"sameAs":["https:\/\/www.facebook.com\/sunnyshop211\/?ref=bookmarks","https:\/\/x.com\/sunnyshop211","https:\/\/www.instagram.com\/sunnyshop211\/","https:\/\/www.tumblr.com\/blog\/sunnyshop211","https:\/\/www.youtube.com\/channel\/UCtYY18OGGDKrTSzgcf7fCBg","https:\/\/www.tiktok.com\/@sunnydollshop211?is_from_webapp=1&sender_device=pc"]}]}},"jetpack_publicize_connections":[],"jetpack_sharing_enabled":true,"_links":{"self":[{"href":"https:\/\/www.sunnyshop211.com\/en\/wp-json\/wp\/v2\/product\/4755","targetHints":{"allow":["GET"]}}],"collection":[{"href":"https:\/\/www.sunnyshop211.com\/en\/wp-json\/wp\/v2\/product"}],"about":[{"href":"https:\/\/www.sunnyshop211.com\/en\/wp-json\/wp\/v2\/types\/product"}],"replies":[{"embeddable":true,"href":"https:\/\/www.sunnyshop211.com\/en\/wp-json\/wp\/v2\/comments?post=4755"}],"version-history":[{"count":11,"href":"https:\/\/www.sunnyshop211.com\/en\/wp-json\/wp\/v2\/product\/4755\/revisions"}],"predecessor-version":[{"id":53071,"href":"https:\/\/www.sunnyshop211.com\/en\/wp-json\/wp\/v2\/product\/4755\/revisions\/53071"}],"wp:featuredmedia":[{"embeddable":true,"href":"https:\/\/www.sunnyshop211.com\/en\/wp-json\/wp\/v2\/media\/12298"}],"wp:attachment":[{"href":"https:\/\/www.sunnyshop211.com\/en\/wp-json\/wp\/v2\/media?parent=4755"}],"wp:term":[{"taxonomy":"product_brand","embeddable":true,"href":"https:\/\/www.sunnyshop211.com\/en\/wp-json\/wp\/v2\/product_brand?post=4755"},{"taxonomy":"product_cat","embeddable":true,"href":"https:\/\/www.sunnyshop211.com\/en\/wp-json\/wp\/v2\/product_cat?post=4755"},{"taxonomy":"product_tag","embeddable":true,"href":"https:\/\/www.sunnyshop211.com\/en\/wp-json\/wp\/v2\/product_tag?post=4755"}],"curies":[{"name":"wp","href":"https:\/\/api.w.org\/{rel}","templated":true}]}}