{"id":47460,"date":"2025-05-17T15:45:33","date_gmt":"2025-05-17T14:45:33","guid":{"rendered":"https:\/\/www.sunnyshop211.com\/?post_type=product&#038;p=47460"},"modified":"2025-12-30T13:15:53","modified_gmt":"2025-12-30T12:15:53","slug":"beurre-simulation-miniature-minifee-msd","status":"publish","type":"product","link":"https:\/\/www.sunnyshop211.com\/en\/product\/beurre-simulation-miniature-minifee-msd\/","title":{"rendered":"Butter simulation miniature minifee ,MSD"},"content":{"rendered":"<div id='gallery-1' class='gallery galleryid-47460 gallery-columns-3 gallery-size-thumbnail'><figure class='gallery-item'>\n\t\t\t<div class='gallery-icon landscape'>\n\t\t\t\t<a href='https:\/\/www.sunnyshop211.com\/en\/?attachment_id=47467'><img decoding=\"async\" width=\"150\" height=\"150\" src=\"https:\/\/www.sunnyshop211.com\/wp-content\/uploads\/2025\/05\/7-150x150.jpg\" class=\"attachment-thumbnail size-thumbnail\" alt=\"Beurre simulation miniature minifee ,MSD\" srcset=\"https:\/\/www.sunnyshop211.com\/wp-content\/uploads\/2025\/05\/7-150x150.jpg 150w, https:\/\/www.sunnyshop211.com\/wp-content\/uploads\/2025\/05\/7-500x500.jpg 500w, https:\/\/www.sunnyshop211.com\/wp-content\/uploads\/2025\/05\/7-100x100.jpg 100w\" sizes=\"(max-width: 150px) 100vw, 150px\" \/><\/a>\n\t\t\t<\/div><\/figure><figure class='gallery-item'>\n\t\t\t<div class='gallery-icon landscape'>\n\t\t\t\t<a href='https:\/\/www.sunnyshop211.com\/en\/?attachment_id=47462'><img decoding=\"async\" width=\"150\" height=\"150\" src=\"https:\/\/www.sunnyshop211.com\/wp-content\/uploads\/2025\/05\/2-1-150x150.jpg\" class=\"attachment-thumbnail size-thumbnail\" alt=\"\" srcset=\"https:\/\/www.sunnyshop211.com\/wp-content\/uploads\/2025\/05\/2-1-150x150.jpg 150w, https:\/\/www.sunnyshop211.com\/wp-content\/uploads\/2025\/05\/2-1-500x500.jpg 500w, https:\/\/www.sunnyshop211.com\/wp-content\/uploads\/2025\/05\/2-1-100x100.jpg 100w\" sizes=\"(max-width: 150px) 100vw, 150px\" \/><\/a>\n\t\t\t<\/div><\/figure><figure class='gallery-item'>\n\t\t\t<div class='gallery-icon landscape'>\n\t\t\t\t<a href='https:\/\/www.sunnyshop211.com\/en\/?attachment_id=47464'><img decoding=\"async\" width=\"150\" height=\"150\" src=\"https:\/\/www.sunnyshop211.com\/wp-content\/uploads\/2025\/05\/3-1-150x150.jpg\" class=\"attachment-thumbnail size-thumbnail\" alt=\"Beurre simulation miniature minifee ,MSD\" srcset=\"https:\/\/www.sunnyshop211.com\/wp-content\/uploads\/2025\/05\/3-1-150x150.jpg 150w, https:\/\/www.sunnyshop211.com\/wp-content\/uploads\/2025\/05\/3-1-500x500.jpg 500w, https:\/\/www.sunnyshop211.com\/wp-content\/uploads\/2025\/05\/3-1-100x100.jpg 100w\" sizes=\"(max-width: 150px) 100vw, 150px\" \/><\/a>\n\t\t\t<\/div><\/figure><figure class='gallery-item'>\n\t\t\t<div class='gallery-icon landscape'>\n\t\t\t\t<a href='https:\/\/www.sunnyshop211.com\/en\/?attachment_id=47465'><img loading=\"lazy\" decoding=\"async\" width=\"150\" height=\"150\" src=\"https:\/\/www.sunnyshop211.com\/wp-content\/uploads\/2025\/05\/4-1-150x150.jpg\" class=\"attachment-thumbnail size-thumbnail\" alt=\"\" srcset=\"https:\/\/www.sunnyshop211.com\/wp-content\/uploads\/2025\/05\/4-1-150x150.jpg 150w, https:\/\/www.sunnyshop211.com\/wp-content\/uploads\/2025\/05\/4-1-500x500.jpg 500w, https:\/\/www.sunnyshop211.com\/wp-content\/uploads\/2025\/05\/4-1-100x100.jpg 100w\" sizes=\"(max-width: 150px) 100vw, 150px\" \/><\/a>\n\t\t\t<\/div><\/figure><figure class='gallery-item'>\n\t\t\t<div class='gallery-icon landscape'>\n\t\t\t\t<a href='https:\/\/www.sunnyshop211.com\/en\/?attachment_id=47466'><img loading=\"lazy\" decoding=\"async\" width=\"150\" height=\"150\" src=\"https:\/\/www.sunnyshop211.com\/wp-content\/uploads\/2025\/05\/5-1-150x150.jpg\" class=\"attachment-thumbnail size-thumbnail\" alt=\"Beurre simulation miniature minifee ,MSD\" srcset=\"https:\/\/www.sunnyshop211.com\/wp-content\/uploads\/2025\/05\/5-1-150x150.jpg 150w, https:\/\/www.sunnyshop211.com\/wp-content\/uploads\/2025\/05\/5-1-500x500.jpg 500w, https:\/\/www.sunnyshop211.com\/wp-content\/uploads\/2025\/05\/5-1-100x100.jpg 100w\" sizes=\"(max-width: 150px) 100vw, 150px\" \/><\/a>\n\t\t\t<\/div><\/figure>\n\t\t<\/div>\n\n<h2 data-start=\"183\" data-end=\"224\">\ud83e\uddc8 Miniature simulation butter - 1\/4<\/h2>\n<h3 data-start=\"225\" data-end=\"279\">Minifee - MSD - Unoa - Bimong - Dolls equivalents<\/h3>\n<p data-start=\"281\" data-end=\"444\">Add a <strong data-start=\"293\" data-end=\"325\">a touch of gourmet realism<\/strong> to your miniature kitchen scenes with this <strong data-start=\"368\" data-end=\"389\">butter simulation<\/strong>, perfect for completing your everyday dioramas \ud83c\udf7d\ufe0f\u2728<\/p>\n<hr data-start=\"446\" data-end=\"449\" \/>\n<h3 data-start=\"451\" data-end=\"479\">\u2728 Product description<\/h3>\n<p data-start=\"481\" data-end=\"660\">\u2022 <strong data-start=\"483\" data-end=\"517\">Miniature simulation butter<\/strong><br data-start=\"517\" data-end=\"520\" \/>- Article <strong data-start=\"530\" data-end=\"540\">fictitious<\/strong>, non-food<br data-start=\"557\" data-end=\"560\" \/>- Sold <strong data-start=\"568\" data-end=\"581\">per unit<\/strong><br data-start=\"581\" data-end=\"584\" \/>\u2022 <strong data-start=\"586\" data-end=\"610\">3 different models<\/strong> your choice<br data-start=\"619\" data-end=\"622\" \/>- Made of resin and hand-painted<\/p>\n<hr data-start=\"662\" data-end=\"665\" \/>\n<h3 data-start=\"667\" data-end=\"684\">\ud83d\udccf Dimensions<\/h3>\n<p data-start=\"686\" data-end=\"715\">- Length : <strong data-start=\"699\" data-end=\"715\">about 3 cm<\/strong><\/p>\n<p data-start=\"717\" data-end=\"753\">Ideal format for stages <strong data-start=\"746\" data-end=\"753\">1\/4<\/strong><\/p>\n<hr data-start=\"755\" data-end=\"758\" \/>\n<h3 data-start=\"760\" data-end=\"789\">\ud83d\udc69\u200d\ud83e\uddb0 Compatibility dolls<\/h3>\n<p data-start=\"791\" data-end=\"819\">Suitable for dolls <strong data-start=\"810\" data-end=\"817\">1\/4<\/strong> :<\/p>\n<p data-start=\"821\" data-end=\"892\">- Minifee<br data-start=\"830\" data-end=\"833\" \/>- MSD<br data-start=\"838\" data-end=\"841\" \/>- Unoa<br data-start=\"847\" data-end=\"850\" \/>- Bimong<br data-start=\"858\" data-end=\"861\" \/>- Dolls of equivalent size<\/p>\n<hr data-start=\"894\" data-end=\"897\" \/>\n<h3 data-start=\"899\" data-end=\"917\">\ud83c\udfe1 Use<\/h3>\n<p data-start=\"919\" data-end=\"1161\">- Perfect for <strong data-start=\"934\" data-end=\"1002\">miniature kitchens, tables, breakfasts, family scenes<\/strong><br data-start=\"1002\" data-end=\"1005\" \/>- Integrates harmoniously with my <strong data-start=\"1042\" data-end=\"1079\">kitchen furniture and accessories<\/strong> (sold separately)<br data-start=\"1099\" data-end=\"1102\" \/>- Ideal for accessorizing your <strong data-start=\"1133\" data-end=\"1161\">realistic staging<\/strong><\/p>\n<hr data-start=\"1163\" data-end=\"1166\" \/>\n<h3 data-start=\"1168\" data-end=\"1198\">\ud83d\udd90\ufe0f Craft manufacturing<\/h3>\n<p data-start=\"1200\" data-end=\"1369\">- Manufacturing <strong data-start=\"1214\" data-end=\"1228\">artisan<\/strong><br data-start=\"1228\" data-end=\"1231\" \/>- Slight variations in shape or color may occur.<br data-start=\"1293\" data-end=\"1296\" \/>- Minor imperfections are possible<br data-start=\"1337\" data-end=\"1340\" \/>- Each piece is <strong data-start=\"1359\" data-end=\"1369\">unique<\/strong><\/p>\n<hr data-start=\"1371\" data-end=\"1374\" \/>\n<h3 data-start=\"1376\" data-end=\"1411\">\ud83d\udcf8 Further information<\/h3>\n<p data-start=\"1413\" data-end=\"1561\">- The photos are <strong data-start=\"1435\" data-end=\"1461\">decoration examples<\/strong><br data-start=\"1461\" data-end=\"1464\" \/>\u2022 <strong data-start=\"1466\" data-end=\"1504\">Only miniature butter is sold<\/strong><br data-start=\"1504\" data-end=\"1507\" \/>- Other visible accessories are not included<\/p>\n<p data-start=\"1563\" data-end=\"1650\">\ud83d\udcf8 For more photos and inspiration :<br data-start=\"1605\" data-end=\"1608\" \/>\ud83d\udc49 <a class=\"decorated-link\" href=\"https:\/\/www.instagram.com\/sunnyshop211\/\" target=\"_new\" rel=\"noopener\" data-start=\"1611\" data-end=\"1650\">https:\/\/www.instagram.com\/sunnyshop211\/<\/a><\/p>\n<hr data-start=\"1652\" data-end=\"1655\" \/>\n<h3 data-start=\"1657\" data-end=\"1688\">\u26a0\ufe0f Important information<\/h3>\n<p data-start=\"1690\" data-end=\"1929\">\u2022 <strong data-start=\"1692\" data-end=\"1719\">This is not a toy<\/strong><br data-start=\"1719\" data-end=\"1722\" \/>- Article for a <strong data-start=\"1745\" data-end=\"1762\">adult audience<\/strong><br data-start=\"1762\" data-end=\"1765\" \/>- Made to order - please allow for delivery times. <strong data-start=\"1816\" data-end=\"1857\">manufacturing and delivery times<\/strong><br data-start=\"1857\" data-end=\"1860\" \/>- I am not responsible for any damage incurred in transit.<\/p>\n<p data-start=\"1931\" data-end=\"2025\">\ud83e\uddc8 <strong data-start=\"1934\" data-end=\"2025\">An essential detail to bring your miniature kitchens to life.<\/strong><\/p>","protected":false},"excerpt":{"rendered":"<p>\ud83e\uddc8 Beurre simulation miniature \u2013 1\/4 Minifee \u00b7 MSD \u00b7 Unoa \u00b7 Bimong \u00b7 Dolls \u00e9quivalentes Ajoutez une touche gourmande et r\u00e9aliste \u00e0 vos sc\u00e8nes de cuisine miniature avec ce beurre simulation, parfait pour compl\u00e9ter vos dioramas du quotidien \ud83c\udf7d\ufe0f\u2728 \u2728 Description du produit \u2022 Beurre miniature de simulation\u2022 Article fictif, non alimentaire\u2022 Vendu \u00e0 [&hellip;]<\/p>\n","protected":false},"featured_media":47467,"comment_status":"open","ping_status":"closed","template":"","meta":{"_crdt_document":"","jetpack_post_was_ever_published":false,"jetpack_publicize_message":"","jetpack_publicize_feature_enabled":true,"jetpack_social_post_already_shared":true,"jetpack_social_options":{"image_generator_settings":{"template":"highway","default_image_id":0,"font":"","enabled":false},"version":2}},"product_brand":[],"product_cat":[667687024],"product_tag":[667681278,667681136,667681284,667685470,667685472,667685476,667681142,667681447,667681234,667681226,667681233,667685478,667685474,667681348,667681225,667681426,667681359,667681236,667681232,667681173,667681237,667681280,667684712,667681177,667681277,667681235,667685468,667681469,667681470],"class_list":{"0":"post-47460","1":"product","2":"type-product","3":"status-publish","4":"has-post-thumbnail","6":"product_cat-epicerie-salee","7":"product_tag-barbie","8":"product_tag-bjd","9":"product_tag-blythe","10":"product_tag-boisson","11":"product_tag-bouteille","12":"product_tag-cappuccino","13":"product_tag-chambre","14":"product_tag-coca","15":"product_tag-diorama","16":"product_tag-doll","17":"product_tag-dollhouse","18":"product_tag-eau","19":"product_tag-fanta","20":"product_tag-fashion-royalty","21":"product_tag-furniture","22":"product_tag-littlefee","23":"product_tag-living-room","24":"product_tag-maison-de-poupee","25":"product_tag-miniature","26":"product_tag-minifee","27":"product_tag-msd","28":"product_tag-phicen","29":"product_tag-poppy-parker","30":"product_tag-poupee","31":"product_tag-pullip","32":"product_tag-roombox","33":"product_tag-soda","34":"product_tag-tea-set","35":"product_tag-theiere","36":"product_shipping_class-lettresuivie","38":"first","39":"instock","40":"taxable","41":"shipping-taxable","42":"purchasable","43":"product-type-variable"},"yoast_head":"<!-- This site is optimized with the Yoast SEO plugin v27.4 - https:\/\/yoast.com\/product\/yoast-seo-wordpress\/ -->\n<title>Beurre simulation miniature minifee ,MSD -<\/title>\n<meta name=\"description\" content=\"Beurre simulation miniature minifee ,MSD ou autre . Vous trouverez tout le mat\u00e9riel n\u00e9cessaire pour accessoiriser vos cuisine .\" \/>\n<meta name=\"robots\" content=\"index, follow, max-snippet:-1, max-image-preview:large, max-video-preview:-1\" \/>\n<link rel=\"canonical\" href=\"https:\/\/www.sunnyshop211.com\/en\/product\/beurre-simulation-miniature-minifee-msd\/\" \/>\n<meta property=\"og:locale\" content=\"en_US\" \/>\n<meta property=\"og:type\" content=\"article\" \/>\n<meta property=\"og:title\" content=\"Beurre simulation miniature minifee ,MSD -\" \/>\n<meta property=\"og:description\" content=\"Beurre simulation miniature minifee ,MSD ou autre . Vous trouverez tout le mat\u00e9riel n\u00e9cessaire pour accessoiriser vos cuisine .\" \/>\n<meta property=\"og:url\" content=\"https:\/\/www.sunnyshop211.com\/en\/product\/beurre-simulation-miniature-minifee-msd\/\" \/>\n<meta property=\"og:site_name\" content=\"Sunnyshop211 -Vente de dioramas, meubles, miniatures , bjd poup\u00e9es 1\/12 1\/8 1\/6 1\/4 1\/3\" \/>\n<meta property=\"article:publisher\" content=\"https:\/\/www.facebook.com\/sunnyshop211\/?ref=bookmarks\" \/>\n<meta property=\"article:modified_time\" content=\"2025-12-30T12:15:53+00:00\" \/>\n<meta property=\"og:image\" content=\"https:\/\/www.sunnyshop211.com\/wp-content\/uploads\/2025\/05\/7-scaled.jpg\" \/>\n\t<meta property=\"og:image:width\" content=\"2560\" \/>\n\t<meta property=\"og:image:height\" content=\"1803\" \/>\n\t<meta property=\"og:image:type\" content=\"image\/jpeg\" \/>\n<meta name=\"twitter:card\" content=\"summary_large_image\" \/>\n<meta name=\"twitter:site\" content=\"@sunnyshop211\" \/>\n<meta name=\"twitter:label1\" content=\"Est. reading time\" \/>\n\t<meta name=\"twitter:data1\" content=\"2 minutes\" \/>\n<script type=\"application\/ld+json\" class=\"yoast-schema-graph\">{\"@context\":\"https:\\\/\\\/schema.org\",\"@graph\":[{\"@type\":\"WebPage\",\"@id\":\"https:\\\/\\\/www.sunnyshop211.com\\\/produit\\\/beurre-simulation-miniature-minifee-msd\\\/\",\"url\":\"https:\\\/\\\/www.sunnyshop211.com\\\/produit\\\/beurre-simulation-miniature-minifee-msd\\\/\",\"name\":\"Beurre simulation miniature minifee ,MSD -\",\"isPartOf\":{\"@id\":\"https:\\\/\\\/www.sunnyshop211.com\\\/#website\"},\"primaryImageOfPage\":{\"@id\":\"https:\\\/\\\/www.sunnyshop211.com\\\/produit\\\/beurre-simulation-miniature-minifee-msd\\\/#primaryimage\"},\"image\":{\"@id\":\"https:\\\/\\\/www.sunnyshop211.com\\\/produit\\\/beurre-simulation-miniature-minifee-msd\\\/#primaryimage\"},\"thumbnailUrl\":\"https:\\\/\\\/www.sunnyshop211.com\\\/wp-content\\\/uploads\\\/2025\\\/05\\\/7-scaled.jpg\",\"datePublished\":\"2025-05-17T14:45:33+00:00\",\"dateModified\":\"2025-12-30T12:15:53+00:00\",\"description\":\"Beurre simulation miniature minifee ,MSD ou autre . Vous trouverez tout le mat\u00e9riel n\u00e9cessaire pour accessoiriser vos cuisine .\",\"breadcrumb\":{\"@id\":\"https:\\\/\\\/www.sunnyshop211.com\\\/produit\\\/beurre-simulation-miniature-minifee-msd\\\/#breadcrumb\"},\"inLanguage\":\"en-US\",\"potentialAction\":[{\"@type\":\"ReadAction\",\"target\":[\"https:\\\/\\\/www.sunnyshop211.com\\\/produit\\\/beurre-simulation-miniature-minifee-msd\\\/\"]}]},{\"@type\":\"ImageObject\",\"inLanguage\":\"en-US\",\"@id\":\"https:\\\/\\\/www.sunnyshop211.com\\\/produit\\\/beurre-simulation-miniature-minifee-msd\\\/#primaryimage\",\"url\":\"https:\\\/\\\/www.sunnyshop211.com\\\/wp-content\\\/uploads\\\/2025\\\/05\\\/7-scaled.jpg\",\"contentUrl\":\"https:\\\/\\\/www.sunnyshop211.com\\\/wp-content\\\/uploads\\\/2025\\\/05\\\/7-scaled.jpg\",\"width\":2560,\"height\":1803,\"caption\":\"Beurre simulation miniature minifee ,MSD\"},{\"@type\":\"BreadcrumbList\",\"@id\":\"https:\\\/\\\/www.sunnyshop211.com\\\/produit\\\/beurre-simulation-miniature-minifee-msd\\\/#breadcrumb\",\"itemListElement\":[{\"@type\":\"ListItem\",\"position\":1,\"name\":\"Accueil\",\"item\":\"https:\\\/\\\/www.sunnyshop211.com\\\/\"},{\"@type\":\"ListItem\",\"position\":2,\"name\":\"Boutique\",\"item\":\"https:\\\/\\\/www.sunnyshop211.com\\\/boutique-miniature-bjd-dolls\\\/\"},{\"@type\":\"ListItem\",\"position\":3,\"name\":\"Beurre simulation miniature minifee ,MSD\"}]},{\"@type\":\"WebSite\",\"@id\":\"https:\\\/\\\/www.sunnyshop211.com\\\/#website\",\"url\":\"https:\\\/\\\/www.sunnyshop211.com\\\/\",\"name\":\"Vente de dioramas, meubles, miniatures , bjd poup\u00e9es 1\\\/12 1\\\/8 1\\\/6 1\\\/4 1\\\/3\",\"description\":\"Sunnyshop211 - Votre univers miniature pour poup\u00e9es et BJD, dioramas et meubles sur mesure !\",\"publisher\":{\"@id\":\"https:\\\/\\\/www.sunnyshop211.com\\\/#organization\"},\"alternateName\":\"sunnyshop211\",\"potentialAction\":[{\"@type\":\"SearchAction\",\"target\":{\"@type\":\"EntryPoint\",\"urlTemplate\":\"https:\\\/\\\/www.sunnyshop211.com\\\/?s={search_term_string}\"},\"query-input\":{\"@type\":\"PropertyValueSpecification\",\"valueRequired\":true,\"valueName\":\"search_term_string\"}}],\"inLanguage\":\"en-US\"},{\"@type\":\"Organization\",\"@id\":\"https:\\\/\\\/www.sunnyshop211.com\\\/#organization\",\"name\":\"sunnyshop211\",\"alternateName\":\"sunnyshop211 diorama bjd meuble miniature\",\"url\":\"https:\\\/\\\/www.sunnyshop211.com\\\/\",\"logo\":{\"@type\":\"ImageObject\",\"inLanguage\":\"en-US\",\"@id\":\"https:\\\/\\\/www.sunnyshop211.com\\\/#\\\/schema\\\/logo\\\/image\\\/\",\"url\":\"https:\\\/\\\/www.sunnyshop211.com\\\/wp-content\\\/uploads\\\/2022\\\/08\\\/cropped-cropped-cropped-Sunnyshop211-1.png\",\"contentUrl\":\"https:\\\/\\\/www.sunnyshop211.com\\\/wp-content\\\/uploads\\\/2022\\\/08\\\/cropped-cropped-cropped-Sunnyshop211-1.png\",\"width\":339,\"height\":339,\"caption\":\"sunnyshop211\"},\"image\":{\"@id\":\"https:\\\/\\\/www.sunnyshop211.com\\\/#\\\/schema\\\/logo\\\/image\\\/\"},\"sameAs\":[\"https:\\\/\\\/www.facebook.com\\\/sunnyshop211\\\/?ref=bookmarks\",\"https:\\\/\\\/x.com\\\/sunnyshop211\",\"https:\\\/\\\/www.instagram.com\\\/sunnyshop211\\\/\",\"https:\\\/\\\/www.tumblr.com\\\/blog\\\/sunnyshop211\",\"https:\\\/\\\/www.youtube.com\\\/channel\\\/UCtYY18OGGDKrTSzgcf7fCBg\",\"https:\\\/\\\/www.tiktok.com\\\/@sunnydollshop211?is_from_webapp=1&sender_device=pc\"]}]}<\/script>\n<!-- \/ Yoast SEO plugin. -->","yoast_head_json":{"title":"Butter simulation miniature minifee ,MSD -","description":"Butter simulation miniature minifee , MSD or other . You will find everything you need to accessorize your kitchen.","robots":{"index":"index","follow":"follow","max-snippet":"max-snippet:-1","max-image-preview":"max-image-preview:large","max-video-preview":"max-video-preview:-1"},"canonical":"https:\/\/www.sunnyshop211.com\/en\/product\/beurre-simulation-miniature-minifee-msd\/","og_locale":"en_US","og_type":"article","og_title":"Beurre simulation miniature minifee ,MSD -","og_description":"Beurre simulation miniature minifee ,MSD ou autre . Vous trouverez tout le mat\u00e9riel n\u00e9cessaire pour accessoiriser vos cuisine .","og_url":"https:\/\/www.sunnyshop211.com\/en\/product\/beurre-simulation-miniature-minifee-msd\/","og_site_name":"Sunnyshop211 -Vente de dioramas, meubles, miniatures , bjd poup\u00e9es 1\/12 1\/8 1\/6 1\/4 1\/3","article_publisher":"https:\/\/www.facebook.com\/sunnyshop211\/?ref=bookmarks","article_modified_time":"2025-12-30T12:15:53+00:00","og_image":[{"width":2560,"height":1803,"url":"https:\/\/www.sunnyshop211.com\/wp-content\/uploads\/2025\/05\/7-scaled.jpg","type":"image\/jpeg"}],"twitter_card":"summary_large_image","twitter_site":"@sunnyshop211","twitter_misc":{"Est. reading time":"2 minutes"},"schema":{"@context":"https:\/\/schema.org","@graph":[{"@type":"WebPage","@id":"https:\/\/www.sunnyshop211.com\/produit\/beurre-simulation-miniature-minifee-msd\/","url":"https:\/\/www.sunnyshop211.com\/produit\/beurre-simulation-miniature-minifee-msd\/","name":"Butter simulation miniature minifee ,MSD -","isPartOf":{"@id":"https:\/\/www.sunnyshop211.com\/#website"},"primaryImageOfPage":{"@id":"https:\/\/www.sunnyshop211.com\/produit\/beurre-simulation-miniature-minifee-msd\/#primaryimage"},"image":{"@id":"https:\/\/www.sunnyshop211.com\/produit\/beurre-simulation-miniature-minifee-msd\/#primaryimage"},"thumbnailUrl":"https:\/\/www.sunnyshop211.com\/wp-content\/uploads\/2025\/05\/7-scaled.jpg","datePublished":"2025-05-17T14:45:33+00:00","dateModified":"2025-12-30T12:15:53+00:00","description":"Butter simulation miniature minifee , MSD or other . You will find everything you need to accessorize your kitchen.","breadcrumb":{"@id":"https:\/\/www.sunnyshop211.com\/produit\/beurre-simulation-miniature-minifee-msd\/#breadcrumb"},"inLanguage":"en-US","potentialAction":[{"@type":"ReadAction","target":["https:\/\/www.sunnyshop211.com\/produit\/beurre-simulation-miniature-minifee-msd\/"]}]},{"@type":"ImageObject","inLanguage":"en-US","@id":"https:\/\/www.sunnyshop211.com\/produit\/beurre-simulation-miniature-minifee-msd\/#primaryimage","url":"https:\/\/www.sunnyshop211.com\/wp-content\/uploads\/2025\/05\/7-scaled.jpg","contentUrl":"https:\/\/www.sunnyshop211.com\/wp-content\/uploads\/2025\/05\/7-scaled.jpg","width":2560,"height":1803,"caption":"Beurre simulation miniature minifee ,MSD"},{"@type":"BreadcrumbList","@id":"https:\/\/www.sunnyshop211.com\/produit\/beurre-simulation-miniature-minifee-msd\/#breadcrumb","itemListElement":[{"@type":"ListItem","position":1,"name":"Accueil","item":"https:\/\/www.sunnyshop211.com\/"},{"@type":"ListItem","position":2,"name":"Boutique","item":"https:\/\/www.sunnyshop211.com\/boutique-miniature-bjd-dolls\/"},{"@type":"ListItem","position":3,"name":"Beurre simulation miniature minifee ,MSD"}]},{"@type":"WebSite","@id":"https:\/\/www.sunnyshop211.com\/#website","url":"https:\/\/www.sunnyshop211.com\/","name":"Sale of dioramas, furniture, miniatures, bjd dolls 1\/12 1\/8 1\/6 1\/4 1\/3","description":"Sunnyshop211 - Your miniature world for dolls and BJDs, dioramas and custom-made furniture!","publisher":{"@id":"https:\/\/www.sunnyshop211.com\/#organization"},"alternateName":"sunnyshop211","potentialAction":[{"@type":"SearchAction","target":{"@type":"EntryPoint","urlTemplate":"https:\/\/www.sunnyshop211.com\/?s={search_term_string}"},"query-input":{"@type":"PropertyValueSpecification","valueRequired":true,"valueName":"search_term_string"}}],"inLanguage":"en-US"},{"@type":"Organization","@id":"https:\/\/www.sunnyshop211.com\/#organization","name":"sunnyshop211","alternateName":"sunnyshop211 diorama bjd meuble miniature","url":"https:\/\/www.sunnyshop211.com\/","logo":{"@type":"ImageObject","inLanguage":"en-US","@id":"https:\/\/www.sunnyshop211.com\/#\/schema\/logo\/image\/","url":"https:\/\/www.sunnyshop211.com\/wp-content\/uploads\/2022\/08\/cropped-cropped-cropped-Sunnyshop211-1.png","contentUrl":"https:\/\/www.sunnyshop211.com\/wp-content\/uploads\/2022\/08\/cropped-cropped-cropped-Sunnyshop211-1.png","width":339,"height":339,"caption":"sunnyshop211"},"image":{"@id":"https:\/\/www.sunnyshop211.com\/#\/schema\/logo\/image\/"},"sameAs":["https:\/\/www.facebook.com\/sunnyshop211\/?ref=bookmarks","https:\/\/x.com\/sunnyshop211","https:\/\/www.instagram.com\/sunnyshop211\/","https:\/\/www.tumblr.com\/blog\/sunnyshop211","https:\/\/www.youtube.com\/channel\/UCtYY18OGGDKrTSzgcf7fCBg","https:\/\/www.tiktok.com\/@sunnydollshop211?is_from_webapp=1&sender_device=pc"]}]}},"jetpack_publicize_connections":[],"jetpack_sharing_enabled":true,"_links":{"self":[{"href":"https:\/\/www.sunnyshop211.com\/en\/wp-json\/wp\/v2\/product\/47460","targetHints":{"allow":["GET"]}}],"collection":[{"href":"https:\/\/www.sunnyshop211.com\/en\/wp-json\/wp\/v2\/product"}],"about":[{"href":"https:\/\/www.sunnyshop211.com\/en\/wp-json\/wp\/v2\/types\/product"}],"replies":[{"embeddable":true,"href":"https:\/\/www.sunnyshop211.com\/en\/wp-json\/wp\/v2\/comments?post=47460"}],"version-history":[{"count":3,"href":"https:\/\/www.sunnyshop211.com\/en\/wp-json\/wp\/v2\/product\/47460\/revisions"}],"predecessor-version":[{"id":53503,"href":"https:\/\/www.sunnyshop211.com\/en\/wp-json\/wp\/v2\/product\/47460\/revisions\/53503"}],"wp:featuredmedia":[{"embeddable":true,"href":"https:\/\/www.sunnyshop211.com\/en\/wp-json\/wp\/v2\/media\/47467"}],"wp:attachment":[{"href":"https:\/\/www.sunnyshop211.com\/en\/wp-json\/wp\/v2\/media?parent=47460"}],"wp:term":[{"taxonomy":"product_brand","embeddable":true,"href":"https:\/\/www.sunnyshop211.com\/en\/wp-json\/wp\/v2\/product_brand?post=47460"},{"taxonomy":"product_cat","embeddable":true,"href":"https:\/\/www.sunnyshop211.com\/en\/wp-json\/wp\/v2\/product_cat?post=47460"},{"taxonomy":"product_tag","embeddable":true,"href":"https:\/\/www.sunnyshop211.com\/en\/wp-json\/wp\/v2\/product_tag?post=47460"}],"curies":[{"name":"wp","href":"https:\/\/api.w.org\/{rel}","templated":true}]}}