{"id":46688,"date":"2025-03-27T11:19:31","date_gmt":"2025-03-27T10:19:31","guid":{"rendered":"https:\/\/www.sunnyshop211.com\/?post_type=product&#038;p=46688"},"modified":"2025-12-23T19:53:22","modified_gmt":"2025-12-23T18:53:22","slug":"lot-livres-enfants-miniature-theme-dinosaure-bebe-bjd-pukifee-nappy-choo-reborn","status":"publish","type":"product","link":"https:\/\/www.sunnyshop211.com\/en\/product\/lot-livres-enfants-miniature-theme-dinosaure-bebe-bjd-pukifee-nappy-choo-reborn\/","title":{"rendered":"\ud83c\udf1f Set of miniature children's books - Dinosaur theme\u00a0"},"content":{"rendered":"<div id='gallery-1' class='gallery galleryid-46688 gallery-columns-3 gallery-size-thumbnail'><figure class='gallery-item'>\n\t\t\t<div class='gallery-icon landscape'>\n\t\t\t\t<a href='https:\/\/www.sunnyshop211.com\/en\/?attachment_id=46700'><img decoding=\"async\" width=\"150\" height=\"150\" src=\"https:\/\/www.sunnyshop211.com\/wp-content\/uploads\/2025\/03\/52-scaled-150x150.jpg\" class=\"attachment-thumbnail size-thumbnail\" alt=\"lot livres enfants miniature th\u00e8me dinosaure b\u00e9b\u00e9 bjd, pukifee, Nappy choo, reborn\" srcset=\"https:\/\/www.sunnyshop211.com\/wp-content\/uploads\/2025\/03\/52-scaled-150x150.jpg 150w, https:\/\/www.sunnyshop211.com\/wp-content\/uploads\/2025\/03\/52-scaled-500x500.jpg 500w, https:\/\/www.sunnyshop211.com\/wp-content\/uploads\/2025\/03\/52-scaled-100x100.jpg 100w\" sizes=\"(max-width: 150px) 100vw, 150px\" \/><\/a>\n\t\t\t<\/div><\/figure><figure class='gallery-item'>\n\t\t\t<div class='gallery-icon landscape'>\n\t\t\t\t<a href='https:\/\/www.sunnyshop211.com\/en\/?attachment_id=46695'><img decoding=\"async\" width=\"150\" height=\"150\" src=\"https:\/\/www.sunnyshop211.com\/wp-content\/uploads\/2025\/03\/46-150x150.jpg\" class=\"attachment-thumbnail size-thumbnail\" alt=\"\" srcset=\"https:\/\/www.sunnyshop211.com\/wp-content\/uploads\/2025\/03\/46-150x150.jpg 150w, https:\/\/www.sunnyshop211.com\/wp-content\/uploads\/2025\/03\/46-500x500.jpg 500w, https:\/\/www.sunnyshop211.com\/wp-content\/uploads\/2025\/03\/46-100x100.jpg 100w\" sizes=\"(max-width: 150px) 100vw, 150px\" \/><\/a>\n\t\t\t<\/div><\/figure><figure class='gallery-item'>\n\t\t\t<div class='gallery-icon landscape'>\n\t\t\t\t<a href='https:\/\/www.sunnyshop211.com\/en\/?attachment_id=46699'><img decoding=\"async\" width=\"150\" height=\"150\" src=\"https:\/\/www.sunnyshop211.com\/wp-content\/uploads\/2025\/03\/51-150x150.jpg\" class=\"attachment-thumbnail size-thumbnail\" alt=\"lot livres enfants miniature th\u00e8me dinosaure b\u00e9b\u00e9 bjd, pukifee, Nappy choo, reborn\" srcset=\"https:\/\/www.sunnyshop211.com\/wp-content\/uploads\/2025\/03\/51-150x150.jpg 150w, https:\/\/www.sunnyshop211.com\/wp-content\/uploads\/2025\/03\/51-500x500.jpg 500w, https:\/\/www.sunnyshop211.com\/wp-content\/uploads\/2025\/03\/51-100x100.jpg 100w\" sizes=\"(max-width: 150px) 100vw, 150px\" \/><\/a>\n\t\t\t<\/div><\/figure>\n\t\t<\/div>\n\n<h2>\ud83c\udf1f <strong data-start=\"181\" data-end=\"232\">Set of miniature children's books - Dinosaur theme\u00a0<\/strong><\/h2>\n<h2 data-start=\"178\" data-end=\"302\"><em data-start=\"235\" data-end=\"302\">(BJD baby, Pukifee, Nappy Choo, Reborn, Lati Yellow &amp; similar)<\/em><\/h2>\n<hr data-start=\"304\" data-end=\"307\" \/>\n<p data-start=\"309\" data-end=\"326\">\u2728 <strong data-start=\"311\" data-end=\"326\">Description<\/strong><\/p>\n<p data-start=\"328\" data-end=\"508\">Adorable <strong data-start=\"337\" data-end=\"373\">set of miniature children's books<\/strong>, perfect to complete your baby scenes, miniature rooms and soft, poetic universes around sleep and stars \ud83c\udf19\u2728<\/p>\n<hr data-start=\"510\" data-end=\"513\" \/>\n<p data-start=\"515\" data-end=\"535\">\ud83e\uddf8 <strong data-start=\"518\" data-end=\"535\">Compatibility<\/strong><\/p>\n<p data-start=\"537\" data-end=\"702\">Suitable for <strong data-start=\"561\" data-end=\"575\">12 to 15 cm<\/strong>, such that :<br data-start=\"589\" data-end=\"592\" \/>- BJD baby<br data-start=\"602\" data-end=\"605\" \/>- Pukifee<br data-start=\"614\" data-end=\"617\" \/>- Lati Yellow<br data-start=\"630\" data-end=\"633\" \/>- Nappy Choo<br data-start=\"645\" data-end=\"648\" \/>- Mini reborn<br data-start=\"661\" data-end=\"664\" \/>- Other dolls of equivalent size<\/p>\n<p data-start=\"704\" data-end=\"734\">Compatible ladders : <strong data-start=\"727\" data-end=\"734\">1\/8<\/strong><\/p>\n<hr data-start=\"736\" data-end=\"739\" \/>\n<p data-start=\"741\" data-end=\"762\">\ud83d\udcda <strong data-start=\"744\" data-end=\"762\">Batch contents<\/strong><\/p>\n<p data-start=\"764\" data-end=\"836\">\ud83d\udce6 <strong data-start=\"767\" data-end=\"804\">Set of 2 closed miniature books<\/strong><br data-start=\"804\" data-end=\"807\" \/>\ud83d\udcd0 <strong data-start=\"810\" data-end=\"836\">Height: approx. 3 cm<\/strong><\/p>\n<p data-start=\"838\" data-end=\"980\">Titles included (dinosaur theme) :<\/p>\n<p>&nbsp;<\/p>\n<hr data-start=\"982\" data-end=\"985\" \/>\n<p data-start=\"987\" data-end=\"1000\">\ud83c\udf0d <strong data-start=\"990\" data-end=\"1000\">Language<\/strong><\/p>\n<p data-start=\"1002\" data-end=\"1171\">\ud83d\udcd6 The titles are <strong data-start=\"1021\" data-end=\"1046\">in English by default<\/strong><br data-start=\"1046\" data-end=\"1049\" \/>\ud83d\udc49 <strong data-start=\"1052\" data-end=\"1082\">French option available<\/strong> Please specify when ordering if you would like the French versions.<\/p>\n<hr data-start=\"1173\" data-end=\"1176\" \/>\n<p data-start=\"1178\" data-end=\"1196\">\ud83c\udfa8 <strong data-start=\"1181\" data-end=\"1196\">Use<\/strong><\/p>\n<p data-start=\"1198\" data-end=\"1319\">Ideal for :<br data-start=\"1210\" data-end=\"1213\" \/>- Baby staging<br data-start=\"1234\" data-end=\"1237\" \/>- Miniature rooms<br data-start=\"1258\" data-end=\"1261\" \/>- Bedtime scenes<br data-start=\"1280\" data-end=\"1283\" \/>- A soft, starry, fairy-tale world<\/p>\n<p data-start=\"1321\" data-end=\"1357\">The choice is yours \u2728<\/p>\n<hr data-start=\"1359\" data-end=\"1362\" \/>\n<h3 data-start=\"1364\" data-end=\"1393\">\ud83e\uddf5 <strong data-start=\"1367\" data-end=\"1393\">Handcrafted products<\/strong><\/h3>\n<p data-start=\"1395\" data-end=\"1524\">- Handcrafted<br data-start=\"1420\" data-end=\"1423\" \/>- Slight variations in shape, color or finish may occur.<br data-start=\"1498\" data-end=\"1501\" \/>- Each lot is unique<\/p>\n<hr data-start=\"1526\" data-end=\"1529\" \/>\n<p data-start=\"1531\" data-end=\"1562\">\u26a0\ufe0f <strong data-start=\"1534\" data-end=\"1562\">Important information<\/strong><\/p>\n<p data-start=\"1564\" data-end=\"1909\">- <strong data-start=\"1566\" data-end=\"1593\">This is not a toy<\/strong><br data-start=\"1593\" data-end=\"1596\" \/>- Article for a <strong data-start=\"1619\" data-end=\"1654\">adult and collector audiences<\/strong><br data-start=\"1654\" data-end=\"1657\" \/>- The photos are examples of decoration<br data-start=\"1701\" data-end=\"1704\" \/>- <strong data-start=\"1706\" data-end=\"1738\">Only books are sold<\/strong> (doll not included)<br data-start=\"1759\" data-end=\"1762\" \/>- Compatible with my miniature furniture and accessories (sold separately)<br data-start=\"1837\" data-end=\"1840\" \/>- I am not responsible for any damage in transit.<\/p>\n<p data-start=\"1911\" data-end=\"1937\">\u23f3 <strong data-start=\"1913\" data-end=\"1937\">Manufacturing &amp; lead times<\/strong><\/p>\n<p data-start=\"1939\" data-end=\"2074\">\ud83d\udee0\ufe0f Made to order<br data-start=\"1963\" data-end=\"1966\" \/>Please note the deadlines indicated in the\u00a0<a style=\"font-size: 16px;\" href=\"https:\/\/www.sunnyshop211.com\/en\/conditions-generales-de-ventes-et-delais-de-livraisons\/\">General conditions of sale and delivery times<\/a><\/p>\n<p data-start=\"2076\" data-end=\"2145\">\ud83d\udcf8 More photos &amp; inspiration :<br data-start=\"2110\" data-end=\"2113\" \/>\ud83d\udc49 <strong data-start=\"2116\" data-end=\"2145\">Instagram: <a href=\"https:\/\/www.instagram.com\/sunnyshop211\/\">@sunnyshop211<\/a><\/strong><\/p>\n<div id=\"like-post-wrapper-155965466-4715-63469aad473a2\" class=\"sharedaddy sd-block sd-like jetpack-likes-widget-wrapper jetpack-likes-widget-loaded\" data-src=\"https:\/\/widgets.wp.com\/likes\/#blog_id=155965466&amp;post_id=4715&amp;origin=sunnyshop211.com&amp;obj_id=155965466-4715-63469aad473a2\" data-name=\"like-post-frame-155965466-4715-63469aad473a2\" data-title=\"Aimer ou rebloguer\">\n<h3 class=\"sd-title\"><\/h3>\n<\/div>","protected":false},"excerpt":{"rendered":"<h4><\/h4>\n<p>&nbsp;<\/p>","protected":false},"featured_media":46700,"comment_status":"open","ping_status":"closed","template":"","meta":{"_crdt_document":"","jetpack_post_was_ever_published":false,"jetpack_publicize_message":"","jetpack_publicize_feature_enabled":true,"jetpack_social_post_already_shared":true,"jetpack_social_options":{"image_generator_settings":{"template":"highway","default_image_id":0,"font":"","enabled":false},"version":2}},"product_brand":[],"product_cat":[667686976,667686977],"product_tag":[667681137,667681138,667681136,667681226,667681272,667681808,667682434,667682426,667682432,667681236,667681173,667681237,667681177,667682424,667682430,667681807,667681260],"class_list":{"0":"post-46688","1":"product","2":"type-product","3":"status-publish","4":"has-post-thumbnail","6":"product_cat-livres","7":"product_cat--livres","8":"product_tag-baby","9":"product_tag-bebe","10":"product_tag-bjd","11":"product_tag-doll","12":"product_tag-elowynn-wilde","13":"product_tag-hochet","14":"product_tag-jouet-a-emboiter","15":"product_tag-jouet-a-tirer","16":"product_tag-lapin-a-emboiter","17":"product_tag-maison-de-poupee","18":"product_tag-minifee","19":"product_tag-msd","20":"product_tag-poupee","21":"product_tag-pull-toys","22":"product_tag-rabbit-to-nest","23":"product_tag-rattle","24":"product_tag-tonner","25":"product_shipping_class-lettre-suivie-3","27":"first","28":"instock","29":"taxable","30":"shipping-taxable","31":"purchasable","32":"product-type-simple"},"yoast_head":"<!-- This site is optimized with the Yoast SEO plugin v27.5 - https:\/\/yoast.com\/product\/yoast-seo-wordpress\/ -->\n<title>\ud83c\udf1f Lot de livres enfants miniature \u2013 Th\u00e8me Dinosaure\u00a0 -<\/title>\n<meta name=\"description\" content=\"lot livres enfants miniature th\u00e8me dinosaure b\u00e9b\u00e9 bjd, pukifee, Nappy choo, reborn ou similaire. Id\u00e9al pour vos petites dolls au 1\/8 et vos mises en sc\u00e8nes.\" \/>\n<meta name=\"robots\" content=\"index, follow, max-snippet:-1, max-image-preview:large, max-video-preview:-1\" \/>\n<link rel=\"canonical\" href=\"https:\/\/www.sunnyshop211.com\/en\/product\/lot-livres-enfants-miniature-theme-dinosaure-bebe-bjd-pukifee-nappy-choo-reborn\/\" \/>\n<meta property=\"og:locale\" content=\"en_US\" \/>\n<meta property=\"og:type\" content=\"article\" \/>\n<meta property=\"og:title\" content=\"\ud83c\udf1f Lot de livres enfants miniature \u2013 Th\u00e8me Dinosaure\u00a0 -\" \/>\n<meta property=\"og:description\" content=\"lot livres enfants miniature th\u00e8me dinosaure b\u00e9b\u00e9 bjd, pukifee, Nappy choo, reborn ou similaire. Id\u00e9al pour vos petites dolls au 1\/8 et vos mises en sc\u00e8nes.\" \/>\n<meta property=\"og:url\" content=\"https:\/\/www.sunnyshop211.com\/en\/product\/lot-livres-enfants-miniature-theme-dinosaure-bebe-bjd-pukifee-nappy-choo-reborn\/\" \/>\n<meta property=\"og:site_name\" content=\"Sunnyshop211 -Vente de dioramas, meubles, miniatures , bjd poup\u00e9es 1\/12 1\/8 1\/6 1\/4 1\/3\" \/>\n<meta property=\"article:publisher\" content=\"https:\/\/www.facebook.com\/sunnyshop211\/?ref=bookmarks\" \/>\n<meta property=\"article:modified_time\" content=\"2025-12-23T18:53:22+00:00\" \/>\n<meta property=\"og:image\" content=\"https:\/\/www.sunnyshop211.com\/wp-content\/uploads\/2025\/03\/52-scaled.jpg\" \/>\n\t<meta property=\"og:image:width\" content=\"2560\" \/>\n\t<meta property=\"og:image:height\" content=\"1707\" \/>\n\t<meta property=\"og:image:type\" content=\"image\/jpeg\" \/>\n<meta name=\"twitter:card\" content=\"summary_large_image\" \/>\n<meta name=\"twitter:site\" content=\"@sunnyshop211\" \/>\n<meta name=\"twitter:label1\" content=\"Est. reading time\" \/>\n\t<meta name=\"twitter:data1\" content=\"2 minutes\" \/>\n<script type=\"application\/ld+json\" class=\"yoast-schema-graph\">{\"@context\":\"https:\\\/\\\/schema.org\",\"@graph\":[{\"@type\":\"WebPage\",\"@id\":\"https:\\\/\\\/www.sunnyshop211.com\\\/produit\\\/lot-livres-enfants-miniature-theme-dinosaure-bebe-bjd-pukifee-nappy-choo-reborn\\\/\",\"url\":\"https:\\\/\\\/www.sunnyshop211.com\\\/produit\\\/lot-livres-enfants-miniature-theme-dinosaure-bebe-bjd-pukifee-nappy-choo-reborn\\\/\",\"name\":\"\ud83c\udf1f Lot de livres enfants miniature \u2013 Th\u00e8me Dinosaure\u00a0 -\",\"isPartOf\":{\"@id\":\"https:\\\/\\\/www.sunnyshop211.com\\\/#website\"},\"primaryImageOfPage\":{\"@id\":\"https:\\\/\\\/www.sunnyshop211.com\\\/produit\\\/lot-livres-enfants-miniature-theme-dinosaure-bebe-bjd-pukifee-nappy-choo-reborn\\\/#primaryimage\"},\"image\":{\"@id\":\"https:\\\/\\\/www.sunnyshop211.com\\\/produit\\\/lot-livres-enfants-miniature-theme-dinosaure-bebe-bjd-pukifee-nappy-choo-reborn\\\/#primaryimage\"},\"thumbnailUrl\":\"https:\\\/\\\/www.sunnyshop211.com\\\/wp-content\\\/uploads\\\/2025\\\/03\\\/52-scaled.jpg\",\"datePublished\":\"2025-03-27T10:19:31+00:00\",\"dateModified\":\"2025-12-23T18:53:22+00:00\",\"description\":\"lot livres enfants miniature th\u00e8me dinosaure b\u00e9b\u00e9 bjd, pukifee, Nappy choo, reborn ou similaire. Id\u00e9al pour vos petites dolls au 1\\\/8 et vos mises en sc\u00e8nes.\",\"breadcrumb\":{\"@id\":\"https:\\\/\\\/www.sunnyshop211.com\\\/produit\\\/lot-livres-enfants-miniature-theme-dinosaure-bebe-bjd-pukifee-nappy-choo-reborn\\\/#breadcrumb\"},\"inLanguage\":\"en-US\",\"potentialAction\":[{\"@type\":\"ReadAction\",\"target\":[\"https:\\\/\\\/www.sunnyshop211.com\\\/produit\\\/lot-livres-enfants-miniature-theme-dinosaure-bebe-bjd-pukifee-nappy-choo-reborn\\\/\"]}]},{\"@type\":\"ImageObject\",\"inLanguage\":\"en-US\",\"@id\":\"https:\\\/\\\/www.sunnyshop211.com\\\/produit\\\/lot-livres-enfants-miniature-theme-dinosaure-bebe-bjd-pukifee-nappy-choo-reborn\\\/#primaryimage\",\"url\":\"https:\\\/\\\/www.sunnyshop211.com\\\/wp-content\\\/uploads\\\/2025\\\/03\\\/52-scaled.jpg\",\"contentUrl\":\"https:\\\/\\\/www.sunnyshop211.com\\\/wp-content\\\/uploads\\\/2025\\\/03\\\/52-scaled.jpg\",\"width\":2560,\"height\":1707,\"caption\":\"lot livres enfants miniature th\u00e8me dinosaure b\u00e9b\u00e9 bjd, pukifee, Nappy choo, reborn\"},{\"@type\":\"BreadcrumbList\",\"@id\":\"https:\\\/\\\/www.sunnyshop211.com\\\/produit\\\/lot-livres-enfants-miniature-theme-dinosaure-bebe-bjd-pukifee-nappy-choo-reborn\\\/#breadcrumb\",\"itemListElement\":[{\"@type\":\"ListItem\",\"position\":1,\"name\":\"Accueil\",\"item\":\"https:\\\/\\\/www.sunnyshop211.com\\\/\"},{\"@type\":\"ListItem\",\"position\":2,\"name\":\"Boutique\",\"item\":\"https:\\\/\\\/www.sunnyshop211.com\\\/boutique-miniature-bjd-dolls\\\/\"},{\"@type\":\"ListItem\",\"position\":3,\"name\":\"\ud83c\udf1f Lot de livres enfants miniature \u2013 Th\u00e8me Dinosaure\u00a0\"}]},{\"@type\":\"WebSite\",\"@id\":\"https:\\\/\\\/www.sunnyshop211.com\\\/#website\",\"url\":\"https:\\\/\\\/www.sunnyshop211.com\\\/\",\"name\":\"Vente de dioramas, meubles, miniatures , bjd poup\u00e9es 1\\\/12 1\\\/8 1\\\/6 1\\\/4 1\\\/3\",\"description\":\"Sunnyshop211 - Votre univers miniature pour poup\u00e9es et BJD, dioramas et meubles sur mesure !\",\"publisher\":{\"@id\":\"https:\\\/\\\/www.sunnyshop211.com\\\/#organization\"},\"alternateName\":\"sunnyshop211\",\"potentialAction\":[{\"@type\":\"SearchAction\",\"target\":{\"@type\":\"EntryPoint\",\"urlTemplate\":\"https:\\\/\\\/www.sunnyshop211.com\\\/?s={search_term_string}\"},\"query-input\":{\"@type\":\"PropertyValueSpecification\",\"valueRequired\":true,\"valueName\":\"search_term_string\"}}],\"inLanguage\":\"en-US\"},{\"@type\":\"Organization\",\"@id\":\"https:\\\/\\\/www.sunnyshop211.com\\\/#organization\",\"name\":\"sunnyshop211\",\"alternateName\":\"sunnyshop211 diorama bjd meuble miniature\",\"url\":\"https:\\\/\\\/www.sunnyshop211.com\\\/\",\"logo\":{\"@type\":\"ImageObject\",\"inLanguage\":\"en-US\",\"@id\":\"https:\\\/\\\/www.sunnyshop211.com\\\/#\\\/schema\\\/logo\\\/image\\\/\",\"url\":\"https:\\\/\\\/www.sunnyshop211.com\\\/wp-content\\\/uploads\\\/2022\\\/08\\\/cropped-cropped-cropped-Sunnyshop211-1.png\",\"contentUrl\":\"https:\\\/\\\/www.sunnyshop211.com\\\/wp-content\\\/uploads\\\/2022\\\/08\\\/cropped-cropped-cropped-Sunnyshop211-1.png\",\"width\":339,\"height\":339,\"caption\":\"sunnyshop211\"},\"image\":{\"@id\":\"https:\\\/\\\/www.sunnyshop211.com\\\/#\\\/schema\\\/logo\\\/image\\\/\"},\"sameAs\":[\"https:\\\/\\\/www.facebook.com\\\/sunnyshop211\\\/?ref=bookmarks\",\"https:\\\/\\\/x.com\\\/sunnyshop211\",\"https:\\\/\\\/www.instagram.com\\\/sunnyshop211\\\/\",\"https:\\\/\\\/www.tumblr.com\\\/blog\\\/sunnyshop211\",\"https:\\\/\\\/www.youtube.com\\\/channel\\\/UCtYY18OGGDKrTSzgcf7fCBg\",\"https:\\\/\\\/www.tiktok.com\\\/@sunnydollshop211?is_from_webapp=1&sender_device=pc\"]}]}<\/script>\n<!-- \/ Yoast SEO plugin. -->","yoast_head_json":{"title":"\ud83c\udf1f Set of miniature children's books - Dinosaur theme -","description":"set of miniature children's books theme dinosaur baby bjd, pukifee, Nappy choo, reborn or similar. Ideal for 1\/8-size dolls and staging.","robots":{"index":"index","follow":"follow","max-snippet":"max-snippet:-1","max-image-preview":"max-image-preview:large","max-video-preview":"max-video-preview:-1"},"canonical":"https:\/\/www.sunnyshop211.com\/en\/product\/lot-livres-enfants-miniature-theme-dinosaure-bebe-bjd-pukifee-nappy-choo-reborn\/","og_locale":"en_US","og_type":"article","og_title":"\ud83c\udf1f Lot de livres enfants miniature \u2013 Th\u00e8me Dinosaure\u00a0 -","og_description":"lot livres enfants miniature th\u00e8me dinosaure b\u00e9b\u00e9 bjd, pukifee, Nappy choo, reborn ou similaire. Id\u00e9al pour vos petites dolls au 1\/8 et vos mises en sc\u00e8nes.","og_url":"https:\/\/www.sunnyshop211.com\/en\/product\/lot-livres-enfants-miniature-theme-dinosaure-bebe-bjd-pukifee-nappy-choo-reborn\/","og_site_name":"Sunnyshop211 -Vente de dioramas, meubles, miniatures , bjd poup\u00e9es 1\/12 1\/8 1\/6 1\/4 1\/3","article_publisher":"https:\/\/www.facebook.com\/sunnyshop211\/?ref=bookmarks","article_modified_time":"2025-12-23T18:53:22+00:00","og_image":[{"width":2560,"height":1707,"url":"https:\/\/www.sunnyshop211.com\/wp-content\/uploads\/2025\/03\/52-scaled.jpg","type":"image\/jpeg"}],"twitter_card":"summary_large_image","twitter_site":"@sunnyshop211","twitter_misc":{"Est. reading time":"2 minutes"},"schema":{"@context":"https:\/\/schema.org","@graph":[{"@type":"WebPage","@id":"https:\/\/www.sunnyshop211.com\/produit\/lot-livres-enfants-miniature-theme-dinosaure-bebe-bjd-pukifee-nappy-choo-reborn\/","url":"https:\/\/www.sunnyshop211.com\/produit\/lot-livres-enfants-miniature-theme-dinosaure-bebe-bjd-pukifee-nappy-choo-reborn\/","name":"\ud83c\udf1f Set of miniature children's books - Dinosaur theme -","isPartOf":{"@id":"https:\/\/www.sunnyshop211.com\/#website"},"primaryImageOfPage":{"@id":"https:\/\/www.sunnyshop211.com\/produit\/lot-livres-enfants-miniature-theme-dinosaure-bebe-bjd-pukifee-nappy-choo-reborn\/#primaryimage"},"image":{"@id":"https:\/\/www.sunnyshop211.com\/produit\/lot-livres-enfants-miniature-theme-dinosaure-bebe-bjd-pukifee-nappy-choo-reborn\/#primaryimage"},"thumbnailUrl":"https:\/\/www.sunnyshop211.com\/wp-content\/uploads\/2025\/03\/52-scaled.jpg","datePublished":"2025-03-27T10:19:31+00:00","dateModified":"2025-12-23T18:53:22+00:00","description":"set of miniature children's books theme dinosaur baby bjd, pukifee, Nappy choo, reborn or similar. Ideal for 1\/8-size dolls and staging.","breadcrumb":{"@id":"https:\/\/www.sunnyshop211.com\/produit\/lot-livres-enfants-miniature-theme-dinosaure-bebe-bjd-pukifee-nappy-choo-reborn\/#breadcrumb"},"inLanguage":"en-US","potentialAction":[{"@type":"ReadAction","target":["https:\/\/www.sunnyshop211.com\/produit\/lot-livres-enfants-miniature-theme-dinosaure-bebe-bjd-pukifee-nappy-choo-reborn\/"]}]},{"@type":"ImageObject","inLanguage":"en-US","@id":"https:\/\/www.sunnyshop211.com\/produit\/lot-livres-enfants-miniature-theme-dinosaure-bebe-bjd-pukifee-nappy-choo-reborn\/#primaryimage","url":"https:\/\/www.sunnyshop211.com\/wp-content\/uploads\/2025\/03\/52-scaled.jpg","contentUrl":"https:\/\/www.sunnyshop211.com\/wp-content\/uploads\/2025\/03\/52-scaled.jpg","width":2560,"height":1707,"caption":"lot livres enfants miniature th\u00e8me dinosaure b\u00e9b\u00e9 bjd, pukifee, Nappy choo, reborn"},{"@type":"BreadcrumbList","@id":"https:\/\/www.sunnyshop211.com\/produit\/lot-livres-enfants-miniature-theme-dinosaure-bebe-bjd-pukifee-nappy-choo-reborn\/#breadcrumb","itemListElement":[{"@type":"ListItem","position":1,"name":"Accueil","item":"https:\/\/www.sunnyshop211.com\/"},{"@type":"ListItem","position":2,"name":"Boutique","item":"https:\/\/www.sunnyshop211.com\/boutique-miniature-bjd-dolls\/"},{"@type":"ListItem","position":3,"name":"\ud83c\udf1f Lot de livres enfants miniature \u2013 Th\u00e8me Dinosaure\u00a0"}]},{"@type":"WebSite","@id":"https:\/\/www.sunnyshop211.com\/#website","url":"https:\/\/www.sunnyshop211.com\/","name":"Sale of dioramas, furniture, miniatures, bjd dolls 1\/12 1\/8 1\/6 1\/4 1\/3","description":"Sunnyshop211 - Your miniature world for dolls and BJDs, dioramas and custom-made furniture!","publisher":{"@id":"https:\/\/www.sunnyshop211.com\/#organization"},"alternateName":"sunnyshop211","potentialAction":[{"@type":"SearchAction","target":{"@type":"EntryPoint","urlTemplate":"https:\/\/www.sunnyshop211.com\/?s={search_term_string}"},"query-input":{"@type":"PropertyValueSpecification","valueRequired":true,"valueName":"search_term_string"}}],"inLanguage":"en-US"},{"@type":"Organization","@id":"https:\/\/www.sunnyshop211.com\/#organization","name":"sunnyshop211","alternateName":"sunnyshop211 diorama bjd meuble miniature","url":"https:\/\/www.sunnyshop211.com\/","logo":{"@type":"ImageObject","inLanguage":"en-US","@id":"https:\/\/www.sunnyshop211.com\/#\/schema\/logo\/image\/","url":"https:\/\/www.sunnyshop211.com\/wp-content\/uploads\/2022\/08\/cropped-cropped-cropped-Sunnyshop211-1.png","contentUrl":"https:\/\/www.sunnyshop211.com\/wp-content\/uploads\/2022\/08\/cropped-cropped-cropped-Sunnyshop211-1.png","width":339,"height":339,"caption":"sunnyshop211"},"image":{"@id":"https:\/\/www.sunnyshop211.com\/#\/schema\/logo\/image\/"},"sameAs":["https:\/\/www.facebook.com\/sunnyshop211\/?ref=bookmarks","https:\/\/x.com\/sunnyshop211","https:\/\/www.instagram.com\/sunnyshop211\/","https:\/\/www.tumblr.com\/blog\/sunnyshop211","https:\/\/www.youtube.com\/channel\/UCtYY18OGGDKrTSzgcf7fCBg","https:\/\/www.tiktok.com\/@sunnydollshop211?is_from_webapp=1&sender_device=pc"]}]}},"jetpack_publicize_connections":[],"jetpack_sharing_enabled":true,"_links":{"self":[{"href":"https:\/\/www.sunnyshop211.com\/en\/wp-json\/wp\/v2\/product\/46688","targetHints":{"allow":["GET"]}}],"collection":[{"href":"https:\/\/www.sunnyshop211.com\/en\/wp-json\/wp\/v2\/product"}],"about":[{"href":"https:\/\/www.sunnyshop211.com\/en\/wp-json\/wp\/v2\/types\/product"}],"replies":[{"embeddable":true,"href":"https:\/\/www.sunnyshop211.com\/en\/wp-json\/wp\/v2\/comments?post=46688"}],"version-history":[{"count":4,"href":"https:\/\/www.sunnyshop211.com\/en\/wp-json\/wp\/v2\/product\/46688\/revisions"}],"predecessor-version":[{"id":52555,"href":"https:\/\/www.sunnyshop211.com\/en\/wp-json\/wp\/v2\/product\/46688\/revisions\/52555"}],"wp:featuredmedia":[{"embeddable":true,"href":"https:\/\/www.sunnyshop211.com\/en\/wp-json\/wp\/v2\/media\/46700"}],"wp:attachment":[{"href":"https:\/\/www.sunnyshop211.com\/en\/wp-json\/wp\/v2\/media?parent=46688"}],"wp:term":[{"taxonomy":"product_brand","embeddable":true,"href":"https:\/\/www.sunnyshop211.com\/en\/wp-json\/wp\/v2\/product_brand?post=46688"},{"taxonomy":"product_cat","embeddable":true,"href":"https:\/\/www.sunnyshop211.com\/en\/wp-json\/wp\/v2\/product_cat?post=46688"},{"taxonomy":"product_tag","embeddable":true,"href":"https:\/\/www.sunnyshop211.com\/en\/wp-json\/wp\/v2\/product_tag?post=46688"}],"curies":[{"name":"wp","href":"https:\/\/api.w.org\/{rel}","templated":true}]}}