{"id":46209,"date":"2025-03-09T19:04:36","date_gmt":"2025-03-09T18:04:36","guid":{"rendered":"https:\/\/www.sunnyshop211.com\/?post_type=product&#038;p=46209"},"modified":"2026-01-01T17:17:10","modified_gmt":"2026-01-01T16:17:10","slug":"poussin-de-paques-miniature-1-8-1-6-1-4","status":"publish","type":"product","link":"https:\/\/www.sunnyshop211.com\/en\/product\/poussin-de-paques-miniature-1-8-1-6-1-4\/","title":{"rendered":"Miniature Easter chick 1\/8, 1\/6, 1\/4"},"content":{"rendered":"<p>&nbsp;<\/p>\n<div id='gallery-1' class='gallery galleryid-46209 gallery-columns-3 gallery-size-thumbnail'><figure class='gallery-item'>\n\t\t\t<div class='gallery-icon landscape'>\n\t\t\t\t<a href='https:\/\/www.sunnyshop211.com\/en\/?attachment_id=45895'><img decoding=\"async\" width=\"150\" height=\"150\" src=\"https:\/\/www.sunnyshop211.com\/wp-content\/uploads\/2025\/03\/30-150x150.jpg\" class=\"attachment-thumbnail size-thumbnail\" alt=\"Poussin de p\u00e2ques miniature 1\/8, 1\/6, 1\/4\" srcset=\"https:\/\/www.sunnyshop211.com\/wp-content\/uploads\/2025\/03\/30-150x150.jpg 150w, https:\/\/www.sunnyshop211.com\/wp-content\/uploads\/2025\/03\/30-500x500.jpg 500w, https:\/\/www.sunnyshop211.com\/wp-content\/uploads\/2025\/03\/30-100x100.jpg 100w\" sizes=\"(max-width: 150px) 100vw, 150px\" \/><\/a>\n\t\t\t<\/div><\/figure><figure class='gallery-item'>\n\t\t\t<div class='gallery-icon landscape'>\n\t\t\t\t<a href='https:\/\/www.sunnyshop211.com\/en\/?attachment_id=45889'><img decoding=\"async\" width=\"150\" height=\"150\" src=\"https:\/\/www.sunnyshop211.com\/wp-content\/uploads\/2025\/03\/24-150x150.jpg\" class=\"attachment-thumbnail size-thumbnail\" alt=\"\" srcset=\"https:\/\/www.sunnyshop211.com\/wp-content\/uploads\/2025\/03\/24-150x150.jpg 150w, https:\/\/www.sunnyshop211.com\/wp-content\/uploads\/2025\/03\/24-500x500.jpg 500w, https:\/\/www.sunnyshop211.com\/wp-content\/uploads\/2025\/03\/24-100x100.jpg 100w\" sizes=\"(max-width: 150px) 100vw, 150px\" \/><\/a>\n\t\t\t<\/div><\/figure><figure class='gallery-item'>\n\t\t\t<div class='gallery-icon landscape'>\n\t\t\t\t<a href='https:\/\/www.sunnyshop211.com\/en\/?attachment_id=45894'><img decoding=\"async\" width=\"150\" height=\"150\" src=\"https:\/\/www.sunnyshop211.com\/wp-content\/uploads\/2025\/03\/29-150x150.jpg\" class=\"attachment-thumbnail size-thumbnail\" alt=\"Poussin de p\u00e2ques miniature 1\/8, 1\/6, 1\/4\" srcset=\"https:\/\/www.sunnyshop211.com\/wp-content\/uploads\/2025\/03\/29-150x150.jpg 150w, https:\/\/www.sunnyshop211.com\/wp-content\/uploads\/2025\/03\/29-13x12.jpg 13w, https:\/\/www.sunnyshop211.com\/wp-content\/uploads\/2025\/03\/29-500x500.jpg 500w, https:\/\/www.sunnyshop211.com\/wp-content\/uploads\/2025\/03\/29-100x100.jpg 100w\" sizes=\"(max-width: 150px) 100vw, 150px\" \/><\/a>\n\t\t\t<\/div><\/figure>\n\t\t<\/div>\n\n<h2>Miniature Easter chick - 1\/8 - 1\/6 - 1\/4<\/h2>\n<p>\u2500\u2500\u2500\u2500\u2500\u2500\u2500\u2500\u2500\u2500\u2500\u2500\u2500\u2500\u2500\u2500\u2500\u2500\u2500\u2500<\/p>\n<p>\u2728 Description<\/p>\n<p>This miniature Easter chick is an adorable decoration, ideal for celebrating Easter with your dolls and enriching your spring dioramas.<\/p>\n<p>With his big eyes and sweet looks, he'll add a cheerful, colorful touch to your festive settings.<\/p>\n<p>\u2714 Fictional article.<br \/>\n\u2714 Miniature table decoration.<br \/>\n\u2714 Sold individually.<\/p>\n<p>\u2500\u2500\u2500\u2500\u2500\u2500\u2500\u2500\u2500\u2500\u2500\u2500\u2500\u2500\u2500\u2500\u2500\u2500\u2500\u2500<\/p>\n<p>\ud83d\udc23 Available sizes<\/p>\n<p>Available in a choice of three sizes:<\/p>\n<p>- 1.5 cm (1\/8) high.<br \/>\n- 2 cm high (1\/6).<br \/>\n- 2.5 cm high (1\/4).<\/p>\n<p>\u2500\u2500\u2500\u2500\u2500\u2500\u2500\u2500\u2500\u2500\u2500\u2500\u2500\u2500\u2500\u2500\u2500\u2500\u2500\u2500<\/p>\n<p>\ud83c\udfa8 Choice of colors<\/p>\n<p>You choose the color that matches your world:<\/p>\n<p>- Rose.<br \/>\n- Blue.<br \/>\n- Green.<br \/>\n- Purple.<br \/>\n- Yellow.<\/p>\n<p>\u2500\u2500\u2500\u2500\u2500\u2500\u2500\u2500\u2500\u2500\u2500\u2500\u2500\u2500\u2500\u2500\u2500\u2500\u2500\u2500<\/p>\n<p>\ud83e\uddf8 Compatibility<\/p>\n<p>Ideal for dolls in the following sizes:<\/p>\n<p>- 1\/8: Pukifee, Lati Yellow, Nappy Choo.<br \/>\n- 1\/6: Barbie, Pullip, Blythe.<br \/>\n- 1\/4: Minifee, MSD, Unoa, Bimong.<\/p>\n<p>Perfect for customizing Easter dioramas and spring scenes.<\/p>\n<p>\u2500\u2500\u2500\u2500\u2500\u2500\u2500\u2500\u2500\u2500\u2500\u2500\u2500\u2500\u2500\u2500\u2500\u2500\u2500\u2500<\/p>\n<p>\ud83d\udc30 Easter collection<\/p>\n<p>This chick goes perfectly with :<\/p>\n<p>- Miniature Easter bunny (sold separately).<br \/>\n- Other Easter decorations and accessories available in the store.<\/p>\n<p>\u2500\u2500\u2500\u2500\u2500\u2500\u2500\u2500\u2500\u2500\u2500\u2500\u2500\u2500\u2500\u2500\u2500\u2500\u2500\u2500<\/p>\n<p>\ud83d\udd90\ufe0f Craft manufacturing<\/p>\n<p>Each decoration is handcrafted.<\/p>\n<p>Because of its handmade character:<br \/>\n- slight variations in shape or color may occur.<br \/>\n- a few minor imperfections are possible.<\/p>\n<p>\u2500\u2500\u2500\u2500\u2500\u2500\u2500\u2500\u2500\u2500\u2500\u2500\u2500\u2500\u2500\u2500\u2500\u2500\u2500\u2500<\/p>\n<p>\ud83d\udce6 Important information<\/p>\n<p>- Made to order.<br \/>\n- The photos are examples of staging.<br \/>\n- Only the chick is sold.<br \/>\n- Please allow for manufacturing and delivery times (see General Sales Conditions).<br \/>\n- More photos on Instagram :<br \/>\n\ud83d\udc49 https:\/\/www.instagram.com\/sunnyshop211\/<\/p>\n<p>\u2500\u2500\u2500\u2500\u2500\u2500\u2500\u2500\u2500\u2500\u2500\u2500\u2500\u2500\u2500\u2500\u2500\u2500\u2500\u2500<\/p>\n<p>\u26a0\ufe0f Imprint<\/p>\n<p>!!!! This is not a toy.<br \/>\nArticle intended for an adult audience.<br \/>\nI am not responsible for any damage in transit.<\/p>\n<p>&nbsp;<\/p>\n<p>&nbsp;<\/p>\n<p>&nbsp;<\/p>","protected":false},"excerpt":{"rendered":"<p>&nbsp; Poussin de P\u00e2ques miniature \u2013 1\/8 \u00b7 1\/6 \u00b7 1\/4 \u2500\u2500\u2500\u2500\u2500\u2500\u2500\u2500\u2500\u2500\u2500\u2500\u2500\u2500\u2500\u2500\u2500\u2500\u2500\u2500 \u2728 Description Ce poussin de P\u00e2ques miniature est une adorable d\u00e9coration, id\u00e9ale pour c\u00e9l\u00e9brer P\u00e2ques avec vos dolls et enrichir vos dioramas printaniers. Avec ses grands yeux et son allure toute douce, il apportera une touche joyeuse et color\u00e9e \u00e0 vos mises en [&hellip;]<\/p>\n","protected":false},"featured_media":45895,"comment_status":"open","ping_status":"closed","template":"","meta":{"_crdt_document":"","jetpack_post_was_ever_published":false,"jetpack_publicize_message":"","jetpack_publicize_feature_enabled":true,"jetpack_social_post_already_shared":true,"jetpack_social_options":{"image_generator_settings":{"template":"highway","default_image_id":0,"font":"","enabled":false},"version":2}},"product_brand":[],"product_cat":[667687052],"product_tag":[667681278,667681143,667681341,667681136,667681284,667681142,667681234,667681226,667681233,667682270,667682272,667681272,667681239,667681348,667681225,667681241,667681242,667681340,667682274,667681426,667681236,667681261,667681232,667681173,667681237,667682276,667681280,667681177,667681277,667681235,667681260],"class_list":{"0":"post-46209","1":"product","2":"type-product","3":"status-publish","4":"has-post-thumbnail","6":"product_cat-decoration-de-paques","7":"product_tag-barbie","8":"product_tag-bedroom","9":"product_tag-bid","10":"product_tag-bjd","11":"product_tag-blythe","12":"product_tag-chambre","13":"product_tag-diorama","14":"product_tag-doll","15":"product_tag-dollhouse","16":"product_tag-easter","17":"product_tag-easter-bunny","18":"product_tag-elowynn-wilde","19":"product_tag-fairyland","20":"product_tag-fashion-royalty","21":"product_tag-furniture","22":"product_tag-iplehouse","23":"product_tag-jid","24":"product_tag-kid","25":"product_tag-lapin-de-paques","26":"product_tag-littlefee","27":"product_tag-maison-de-poupee","28":"product_tag-meuble","29":"product_tag-miniature","30":"product_tag-minifee","31":"product_tag-msd","32":"product_tag-paques","33":"product_tag-phicen","34":"product_tag-poupee","35":"product_tag-pullip","36":"product_tag-roombox","37":"product_tag-tonner","38":"product_shipping_class-lettresuivie","39":"pa_couleur-bleu","40":"pa_couleur-jaune","41":"pa_couleur-rose-pink","42":"pa_couleur-vert","43":"pa_couleur-violet-fr","45":"first","46":"instock","47":"taxable","48":"shipping-taxable","49":"purchasable","50":"product-type-variable"},"yoast_head":"<!-- This site is optimized with the Yoast SEO plugin v27.4 - https:\/\/yoast.com\/product\/yoast-seo-wordpress\/ -->\n<title>Poussin de p\u00e2ques miniature 1\/8, 1\/6, 1\/4 -<\/title>\n<meta name=\"description\" content=\"Poussin de p\u00e2ques miniature 1\/8, 1\/6, 1\/4 . Id\u00e9al pour f\u00eater P\u00e2ques avec vos dolls comme pukifee, lati yellow, Barbie, pullip, minifee, MSD\" \/>\n<meta name=\"robots\" content=\"index, follow, max-snippet:-1, max-image-preview:large, max-video-preview:-1\" \/>\n<link rel=\"canonical\" href=\"https:\/\/www.sunnyshop211.com\/en\/product\/poussin-de-paques-miniature-1-8-1-6-1-4\/\" \/>\n<meta property=\"og:locale\" content=\"en_US\" \/>\n<meta property=\"og:type\" content=\"article\" \/>\n<meta property=\"og:title\" content=\"Poussin de p\u00e2ques miniature 1\/8, 1\/6, 1\/4 -\" \/>\n<meta property=\"og:description\" content=\"Poussin de p\u00e2ques miniature 1\/8, 1\/6, 1\/4 . Id\u00e9al pour f\u00eater P\u00e2ques avec vos dolls comme pukifee, lati yellow, Barbie, pullip, minifee, MSD\" \/>\n<meta property=\"og:url\" content=\"https:\/\/www.sunnyshop211.com\/en\/product\/poussin-de-paques-miniature-1-8-1-6-1-4\/\" \/>\n<meta property=\"og:site_name\" content=\"Sunnyshop211 -Vente de dioramas, meubles, miniatures , bjd poup\u00e9es 1\/12 1\/8 1\/6 1\/4 1\/3\" \/>\n<meta property=\"article:publisher\" content=\"https:\/\/www.facebook.com\/sunnyshop211\/?ref=bookmarks\" \/>\n<meta property=\"article:modified_time\" content=\"2026-01-01T16:17:10+00:00\" \/>\n<meta property=\"og:image\" content=\"https:\/\/www.sunnyshop211.com\/wp-content\/uploads\/2025\/03\/30-scaled.jpg\" \/>\n\t<meta property=\"og:image:width\" content=\"2560\" \/>\n\t<meta property=\"og:image:height\" content=\"1707\" \/>\n\t<meta property=\"og:image:type\" content=\"image\/jpeg\" \/>\n<meta name=\"twitter:card\" content=\"summary_large_image\" \/>\n<meta name=\"twitter:site\" content=\"@sunnyshop211\" \/>\n<meta name=\"twitter:label1\" content=\"Est. reading time\" \/>\n\t<meta name=\"twitter:data1\" content=\"2 minutes\" \/>\n<script type=\"application\/ld+json\" class=\"yoast-schema-graph\">{\"@context\":\"https:\\\/\\\/schema.org\",\"@graph\":[{\"@type\":\"WebPage\",\"@id\":\"https:\\\/\\\/www.sunnyshop211.com\\\/produit\\\/poussin-de-paques-miniature-1-8-1-6-1-4\\\/\",\"url\":\"https:\\\/\\\/www.sunnyshop211.com\\\/produit\\\/poussin-de-paques-miniature-1-8-1-6-1-4\\\/\",\"name\":\"Poussin de p\u00e2ques miniature 1\\\/8, 1\\\/6, 1\\\/4 -\",\"isPartOf\":{\"@id\":\"https:\\\/\\\/www.sunnyshop211.com\\\/#website\"},\"primaryImageOfPage\":{\"@id\":\"https:\\\/\\\/www.sunnyshop211.com\\\/produit\\\/poussin-de-paques-miniature-1-8-1-6-1-4\\\/#primaryimage\"},\"image\":{\"@id\":\"https:\\\/\\\/www.sunnyshop211.com\\\/produit\\\/poussin-de-paques-miniature-1-8-1-6-1-4\\\/#primaryimage\"},\"thumbnailUrl\":\"https:\\\/\\\/www.sunnyshop211.com\\\/wp-content\\\/uploads\\\/2025\\\/03\\\/30-scaled.jpg\",\"datePublished\":\"2025-03-09T18:04:36+00:00\",\"dateModified\":\"2026-01-01T16:17:10+00:00\",\"description\":\"Poussin de p\u00e2ques miniature 1\\\/8, 1\\\/6, 1\\\/4 . Id\u00e9al pour f\u00eater P\u00e2ques avec vos dolls comme pukifee, lati yellow, Barbie, pullip, minifee, MSD\",\"breadcrumb\":{\"@id\":\"https:\\\/\\\/www.sunnyshop211.com\\\/produit\\\/poussin-de-paques-miniature-1-8-1-6-1-4\\\/#breadcrumb\"},\"inLanguage\":\"en-US\",\"potentialAction\":[{\"@type\":\"ReadAction\",\"target\":[\"https:\\\/\\\/www.sunnyshop211.com\\\/produit\\\/poussin-de-paques-miniature-1-8-1-6-1-4\\\/\"]}]},{\"@type\":\"ImageObject\",\"inLanguage\":\"en-US\",\"@id\":\"https:\\\/\\\/www.sunnyshop211.com\\\/produit\\\/poussin-de-paques-miniature-1-8-1-6-1-4\\\/#primaryimage\",\"url\":\"https:\\\/\\\/www.sunnyshop211.com\\\/wp-content\\\/uploads\\\/2025\\\/03\\\/30-scaled.jpg\",\"contentUrl\":\"https:\\\/\\\/www.sunnyshop211.com\\\/wp-content\\\/uploads\\\/2025\\\/03\\\/30-scaled.jpg\",\"width\":2560,\"height\":1707,\"caption\":\"Poussin de p\u00e2ques miniature 1\\\/8, 1\\\/6, 1\\\/4\"},{\"@type\":\"BreadcrumbList\",\"@id\":\"https:\\\/\\\/www.sunnyshop211.com\\\/produit\\\/poussin-de-paques-miniature-1-8-1-6-1-4\\\/#breadcrumb\",\"itemListElement\":[{\"@type\":\"ListItem\",\"position\":1,\"name\":\"Accueil\",\"item\":\"https:\\\/\\\/www.sunnyshop211.com\\\/\"},{\"@type\":\"ListItem\",\"position\":2,\"name\":\"Boutique\",\"item\":\"https:\\\/\\\/www.sunnyshop211.com\\\/boutique-miniature-bjd-dolls\\\/\"},{\"@type\":\"ListItem\",\"position\":3,\"name\":\"Poussin de p\u00e2ques miniature 1\\\/8, 1\\\/6, 1\\\/4\"}]},{\"@type\":\"WebSite\",\"@id\":\"https:\\\/\\\/www.sunnyshop211.com\\\/#website\",\"url\":\"https:\\\/\\\/www.sunnyshop211.com\\\/\",\"name\":\"Vente de dioramas, meubles, miniatures , bjd poup\u00e9es 1\\\/12 1\\\/8 1\\\/6 1\\\/4 1\\\/3\",\"description\":\"Sunnyshop211 - Votre univers miniature pour poup\u00e9es et BJD, dioramas et meubles sur mesure !\",\"publisher\":{\"@id\":\"https:\\\/\\\/www.sunnyshop211.com\\\/#organization\"},\"alternateName\":\"sunnyshop211\",\"potentialAction\":[{\"@type\":\"SearchAction\",\"target\":{\"@type\":\"EntryPoint\",\"urlTemplate\":\"https:\\\/\\\/www.sunnyshop211.com\\\/?s={search_term_string}\"},\"query-input\":{\"@type\":\"PropertyValueSpecification\",\"valueRequired\":true,\"valueName\":\"search_term_string\"}}],\"inLanguage\":\"en-US\"},{\"@type\":\"Organization\",\"@id\":\"https:\\\/\\\/www.sunnyshop211.com\\\/#organization\",\"name\":\"sunnyshop211\",\"alternateName\":\"sunnyshop211 diorama bjd meuble miniature\",\"url\":\"https:\\\/\\\/www.sunnyshop211.com\\\/\",\"logo\":{\"@type\":\"ImageObject\",\"inLanguage\":\"en-US\",\"@id\":\"https:\\\/\\\/www.sunnyshop211.com\\\/#\\\/schema\\\/logo\\\/image\\\/\",\"url\":\"https:\\\/\\\/www.sunnyshop211.com\\\/wp-content\\\/uploads\\\/2022\\\/08\\\/cropped-cropped-cropped-Sunnyshop211-1.png\",\"contentUrl\":\"https:\\\/\\\/www.sunnyshop211.com\\\/wp-content\\\/uploads\\\/2022\\\/08\\\/cropped-cropped-cropped-Sunnyshop211-1.png\",\"width\":339,\"height\":339,\"caption\":\"sunnyshop211\"},\"image\":{\"@id\":\"https:\\\/\\\/www.sunnyshop211.com\\\/#\\\/schema\\\/logo\\\/image\\\/\"},\"sameAs\":[\"https:\\\/\\\/www.facebook.com\\\/sunnyshop211\\\/?ref=bookmarks\",\"https:\\\/\\\/x.com\\\/sunnyshop211\",\"https:\\\/\\\/www.instagram.com\\\/sunnyshop211\\\/\",\"https:\\\/\\\/www.tumblr.com\\\/blog\\\/sunnyshop211\",\"https:\\\/\\\/www.youtube.com\\\/channel\\\/UCtYY18OGGDKrTSzgcf7fCBg\",\"https:\\\/\\\/www.tiktok.com\\\/@sunnydollshop211?is_from_webapp=1&sender_device=pc\"]}]}<\/script>\n<!-- \/ Yoast SEO plugin. -->","yoast_head_json":{"title":"Miniature Easter chick 1\/8, 1\/6, 1\/4 -","description":"Miniature Easter chick 1\/8, 1\/6, 1\/4 . Ideal for celebrating Easter with your dolls like pukifee, lati yellow, Barbie, pullip, minifee, MSD.","robots":{"index":"index","follow":"follow","max-snippet":"max-snippet:-1","max-image-preview":"max-image-preview:large","max-video-preview":"max-video-preview:-1"},"canonical":"https:\/\/www.sunnyshop211.com\/en\/product\/poussin-de-paques-miniature-1-8-1-6-1-4\/","og_locale":"en_US","og_type":"article","og_title":"Poussin de p\u00e2ques miniature 1\/8, 1\/6, 1\/4 -","og_description":"Poussin de p\u00e2ques miniature 1\/8, 1\/6, 1\/4 . Id\u00e9al pour f\u00eater P\u00e2ques avec vos dolls comme pukifee, lati yellow, Barbie, pullip, minifee, MSD","og_url":"https:\/\/www.sunnyshop211.com\/en\/product\/poussin-de-paques-miniature-1-8-1-6-1-4\/","og_site_name":"Sunnyshop211 -Vente de dioramas, meubles, miniatures , bjd poup\u00e9es 1\/12 1\/8 1\/6 1\/4 1\/3","article_publisher":"https:\/\/www.facebook.com\/sunnyshop211\/?ref=bookmarks","article_modified_time":"2026-01-01T16:17:10+00:00","og_image":[{"width":2560,"height":1707,"url":"https:\/\/www.sunnyshop211.com\/wp-content\/uploads\/2025\/03\/30-scaled.jpg","type":"image\/jpeg"}],"twitter_card":"summary_large_image","twitter_site":"@sunnyshop211","twitter_misc":{"Est. reading time":"2 minutes"},"schema":{"@context":"https:\/\/schema.org","@graph":[{"@type":"WebPage","@id":"https:\/\/www.sunnyshop211.com\/produit\/poussin-de-paques-miniature-1-8-1-6-1-4\/","url":"https:\/\/www.sunnyshop211.com\/produit\/poussin-de-paques-miniature-1-8-1-6-1-4\/","name":"Miniature Easter chick 1\/8, 1\/6, 1\/4 -","isPartOf":{"@id":"https:\/\/www.sunnyshop211.com\/#website"},"primaryImageOfPage":{"@id":"https:\/\/www.sunnyshop211.com\/produit\/poussin-de-paques-miniature-1-8-1-6-1-4\/#primaryimage"},"image":{"@id":"https:\/\/www.sunnyshop211.com\/produit\/poussin-de-paques-miniature-1-8-1-6-1-4\/#primaryimage"},"thumbnailUrl":"https:\/\/www.sunnyshop211.com\/wp-content\/uploads\/2025\/03\/30-scaled.jpg","datePublished":"2025-03-09T18:04:36+00:00","dateModified":"2026-01-01T16:17:10+00:00","description":"Miniature Easter chick 1\/8, 1\/6, 1\/4 . Ideal for celebrating Easter with your dolls like pukifee, lati yellow, Barbie, pullip, minifee, MSD.","breadcrumb":{"@id":"https:\/\/www.sunnyshop211.com\/produit\/poussin-de-paques-miniature-1-8-1-6-1-4\/#breadcrumb"},"inLanguage":"en-US","potentialAction":[{"@type":"ReadAction","target":["https:\/\/www.sunnyshop211.com\/produit\/poussin-de-paques-miniature-1-8-1-6-1-4\/"]}]},{"@type":"ImageObject","inLanguage":"en-US","@id":"https:\/\/www.sunnyshop211.com\/produit\/poussin-de-paques-miniature-1-8-1-6-1-4\/#primaryimage","url":"https:\/\/www.sunnyshop211.com\/wp-content\/uploads\/2025\/03\/30-scaled.jpg","contentUrl":"https:\/\/www.sunnyshop211.com\/wp-content\/uploads\/2025\/03\/30-scaled.jpg","width":2560,"height":1707,"caption":"Poussin de p\u00e2ques miniature 1\/8, 1\/6, 1\/4"},{"@type":"BreadcrumbList","@id":"https:\/\/www.sunnyshop211.com\/produit\/poussin-de-paques-miniature-1-8-1-6-1-4\/#breadcrumb","itemListElement":[{"@type":"ListItem","position":1,"name":"Accueil","item":"https:\/\/www.sunnyshop211.com\/"},{"@type":"ListItem","position":2,"name":"Boutique","item":"https:\/\/www.sunnyshop211.com\/boutique-miniature-bjd-dolls\/"},{"@type":"ListItem","position":3,"name":"Poussin de p\u00e2ques miniature 1\/8, 1\/6, 1\/4"}]},{"@type":"WebSite","@id":"https:\/\/www.sunnyshop211.com\/#website","url":"https:\/\/www.sunnyshop211.com\/","name":"Sale of dioramas, furniture, miniatures, bjd dolls 1\/12 1\/8 1\/6 1\/4 1\/3","description":"Sunnyshop211 - Your miniature world for dolls and BJDs, dioramas and custom-made furniture!","publisher":{"@id":"https:\/\/www.sunnyshop211.com\/#organization"},"alternateName":"sunnyshop211","potentialAction":[{"@type":"SearchAction","target":{"@type":"EntryPoint","urlTemplate":"https:\/\/www.sunnyshop211.com\/?s={search_term_string}"},"query-input":{"@type":"PropertyValueSpecification","valueRequired":true,"valueName":"search_term_string"}}],"inLanguage":"en-US"},{"@type":"Organization","@id":"https:\/\/www.sunnyshop211.com\/#organization","name":"sunnyshop211","alternateName":"sunnyshop211 diorama bjd meuble miniature","url":"https:\/\/www.sunnyshop211.com\/","logo":{"@type":"ImageObject","inLanguage":"en-US","@id":"https:\/\/www.sunnyshop211.com\/#\/schema\/logo\/image\/","url":"https:\/\/www.sunnyshop211.com\/wp-content\/uploads\/2022\/08\/cropped-cropped-cropped-Sunnyshop211-1.png","contentUrl":"https:\/\/www.sunnyshop211.com\/wp-content\/uploads\/2022\/08\/cropped-cropped-cropped-Sunnyshop211-1.png","width":339,"height":339,"caption":"sunnyshop211"},"image":{"@id":"https:\/\/www.sunnyshop211.com\/#\/schema\/logo\/image\/"},"sameAs":["https:\/\/www.facebook.com\/sunnyshop211\/?ref=bookmarks","https:\/\/x.com\/sunnyshop211","https:\/\/www.instagram.com\/sunnyshop211\/","https:\/\/www.tumblr.com\/blog\/sunnyshop211","https:\/\/www.youtube.com\/channel\/UCtYY18OGGDKrTSzgcf7fCBg","https:\/\/www.tiktok.com\/@sunnydollshop211?is_from_webapp=1&sender_device=pc"]}]}},"jetpack_publicize_connections":[],"jetpack_sharing_enabled":true,"_links":{"self":[{"href":"https:\/\/www.sunnyshop211.com\/en\/wp-json\/wp\/v2\/product\/46209","targetHints":{"allow":["GET"]}}],"collection":[{"href":"https:\/\/www.sunnyshop211.com\/en\/wp-json\/wp\/v2\/product"}],"about":[{"href":"https:\/\/www.sunnyshop211.com\/en\/wp-json\/wp\/v2\/types\/product"}],"replies":[{"embeddable":true,"href":"https:\/\/www.sunnyshop211.com\/en\/wp-json\/wp\/v2\/comments?post=46209"}],"version-history":[{"count":3,"href":"https:\/\/www.sunnyshop211.com\/en\/wp-json\/wp\/v2\/product\/46209\/revisions"}],"predecessor-version":[{"id":53833,"href":"https:\/\/www.sunnyshop211.com\/en\/wp-json\/wp\/v2\/product\/46209\/revisions\/53833"}],"wp:featuredmedia":[{"embeddable":true,"href":"https:\/\/www.sunnyshop211.com\/en\/wp-json\/wp\/v2\/media\/45895"}],"wp:attachment":[{"href":"https:\/\/www.sunnyshop211.com\/en\/wp-json\/wp\/v2\/media?parent=46209"}],"wp:term":[{"taxonomy":"product_brand","embeddable":true,"href":"https:\/\/www.sunnyshop211.com\/en\/wp-json\/wp\/v2\/product_brand?post=46209"},{"taxonomy":"product_cat","embeddable":true,"href":"https:\/\/www.sunnyshop211.com\/en\/wp-json\/wp\/v2\/product_cat?post=46209"},{"taxonomy":"product_tag","embeddable":true,"href":"https:\/\/www.sunnyshop211.com\/en\/wp-json\/wp\/v2\/product_tag?post=46209"}],"curies":[{"name":"wp","href":"https:\/\/api.w.org\/{rel}","templated":true}]}}