{"id":46150,"date":"2025-03-09T18:50:28","date_gmt":"2025-03-09T17:50:28","guid":{"rendered":"https:\/\/www.sunnyshop211.com\/?post_type=product&#038;p=46150"},"modified":"2026-01-01T17:21:50","modified_gmt":"2026-01-01T16:21:50","slug":"decoration-de-paques-lapin-coeur-miniature-1-8-1-6-1-4","status":"publish","type":"product","link":"https:\/\/www.sunnyshop211.com\/en\/product\/decoration-de-paques-lapin-coeur-miniature-1-8-1-6-1-4\/","title":{"rendered":"Easter decoration miniature heart bunny 1\/8, 1\/6, 1\/4"},"content":{"rendered":"<p>&nbsp;<\/p>\n<div id='gallery-1' class='gallery galleryid-46150 gallery-columns-3 gallery-size-thumbnail'><figure class='gallery-item'>\n\t\t\t<div class='gallery-icon landscape'>\n\t\t\t\t<a href='https:\/\/www.sunnyshop211.com\/en\/?attachment_id=45891'><img decoding=\"async\" width=\"150\" height=\"150\" src=\"https:\/\/www.sunnyshop211.com\/wp-content\/uploads\/2025\/03\/26-scaled-150x150.jpg\" class=\"attachment-thumbnail size-thumbnail\" alt=\"D\u00e9coration de p\u00e2ques lapin c\u0153ur miniature 1\/8, 1\/6, 1\/4\" srcset=\"https:\/\/www.sunnyshop211.com\/wp-content\/uploads\/2025\/03\/26-scaled-150x150.jpg 150w, https:\/\/www.sunnyshop211.com\/wp-content\/uploads\/2025\/03\/26-scaled-500x500.jpg 500w, https:\/\/www.sunnyshop211.com\/wp-content\/uploads\/2025\/03\/26-scaled-100x100.jpg 100w\" sizes=\"(max-width: 150px) 100vw, 150px\" \/><\/a>\n\t\t\t<\/div><\/figure>\n\t\t<\/div>\n\n<h2 data-start=\"135\" data-end=\"197\">Easter decoration heart bunny - Miniature 1\/8 - 1\/6 - 1\/4<\/h2>\n<p data-start=\"199\" data-end=\"219\">\u2500\u2500\u2500\u2500\u2500\u2500\u2500\u2500\u2500\u2500\u2500\u2500\u2500\u2500\u2500\u2500\u2500\u2500\u2500\u2500<\/p>\n<h3 data-start=\"221\" data-end=\"238\">\u2728 Description<\/h3>\n<p data-start=\"240\" data-end=\"401\">This <strong data-start=\"246\" data-end=\"291\">Easter decoration miniature heart bunny<\/strong> is ideal for celebrating Easter with your dolls and adding a tender, springtime touch to your dioramas.<\/p>\n<p data-start=\"403\" data-end=\"558\">Depicting a bunny decorated with a heart, it's easy to place in your festive scenes and fits in perfectly with the soft, colorful world of Easter.<\/p>\n<p data-start=\"560\" data-end=\"634\">\u2714 Fictional article.<br data-start=\"577\" data-end=\"580\" \/>\u2714 Miniature table decoration.<br data-start=\"611\" data-end=\"614\" \/>\u2714 Sold individually.<\/p>\n<p data-start=\"636\" data-end=\"656\">\u2500\u2500\u2500\u2500\u2500\u2500\u2500\u2500\u2500\u2500\u2500\u2500\u2500\u2500\u2500\u2500\u2500\u2500\u2500\u2500<\/p>\n<h3 data-start=\"658\" data-end=\"675\">\ud83d\udc30 Dimensions<\/h3>\n<p data-start=\"677\" data-end=\"715\">Two sizes to choose from:<\/p>\n<p data-start=\"717\" data-end=\"760\">\u2022 <strong data-start=\"719\" data-end=\"735\">5 cm high<\/strong>.<br data-start=\"736\" data-end=\"739\" \/>\u2022 <strong data-start=\"741\" data-end=\"757\">7 cm high<\/strong>.<\/p>\n<p data-start=\"762\" data-end=\"782\">\u2500\u2500\u2500\u2500\u2500\u2500\u2500\u2500\u2500\u2500\u2500\u2500\u2500\u2500\u2500\u2500\u2500\u2500\u2500\u2500<\/p>\n<h3 data-start=\"784\" data-end=\"808\">\ud83c\udfa8 Choice of colors<\/h3>\n<p data-start=\"810\" data-end=\"829\">You choose :<\/p>\n<p data-start=\"831\" data-end=\"919\">- The color of the rabbit:<br data-start=\"854\" data-end=\"857\" \/>- Rose.<br data-start=\"866\" data-end=\"869\" \/>- Blue.<br data-start=\"878\" data-end=\"881\" \/>- Green.<br data-start=\"890\" data-end=\"893\" \/>- Purple.<br data-start=\"904\" data-end=\"907\" \/>- Yellow.<\/p>\n<p data-start=\"921\" data-end=\"990\">\u2022 <strong data-start=\"923\" data-end=\"946\">Base color<\/strong>, according to your desires and your staging.<\/p>\n<p data-start=\"992\" data-end=\"1012\">\u2500\u2500\u2500\u2500\u2500\u2500\u2500\u2500\u2500\u2500\u2500\u2500\u2500\u2500\u2500\u2500\u2500\u2500\u2500\u2500<\/p>\n<h3 data-start=\"1014\" data-end=\"1034\">\ud83e\uddf8 Compatibility<\/h3>\n<p data-start=\"1036\" data-end=\"1082\">Ideal for dolls in the following sizes:<\/p>\n<p data-start=\"1084\" data-end=\"1211\">\u2022 <strong data-start=\"1086\" data-end=\"1093\">1\/8<\/strong> Pukifee, Lati Yellow, Nappy Choo.<br data-start=\"1129\" data-end=\"1132\" \/>\u2022 <strong data-start=\"1134\" data-end=\"1141\">1\/6<\/strong> Barbie, Pullip, Blythe.<br data-start=\"1167\" data-end=\"1170\" \/>\u2022 <strong data-start=\"1172\" data-end=\"1179\">1\/4<\/strong> Minifee, MSD, Unoa, Bimong.<\/p>\n<p data-start=\"1213\" data-end=\"1311\">Perfect for customizing your <strong data-start=\"1242\" data-end=\"1264\">Easter dioramas<\/strong>, miniature showcases or spring scenes.<\/p>\n<p data-start=\"1313\" data-end=\"1333\">\u2500\u2500\u2500\u2500\u2500\u2500\u2500\u2500\u2500\u2500\u2500\u2500\u2500\u2500\u2500\u2500\u2500\u2500\u2500\u2500<\/p>\n<h3 data-start=\"1335\" data-end=\"1362\">\ud83d\udc23 Easter collection<\/h3>\n<p data-start=\"1364\" data-end=\"1412\">This decoration goes perfectly with :<\/p>\n<p data-start=\"1414\" data-end=\"1595\">\u2022 <strong data-start=\"1416\" data-end=\"1447\">Miniature Easter bunnies<\/strong>.<br data-start=\"1448\" data-end=\"1451\" \/>\u2022 <strong data-start=\"1453\" data-end=\"1486\">Miniature Easter chicks<\/strong>.<br data-start=\"1487\" data-end=\"1490\" \/>\u2022 <strong data-start=\"1492\" data-end=\"1529\">Easter hanging decorations<\/strong>.<br data-start=\"1530\" data-end=\"1533\" \/>- Other Easter accessories available in the store.<\/p>\n<p data-start=\"1597\" data-end=\"1617\">\u2500\u2500\u2500\u2500\u2500\u2500\u2500\u2500\u2500\u2500\u2500\u2500\u2500\u2500\u2500\u2500\u2500\u2500\u2500\u2500<\/p>\n<h3 data-start=\"1619\" data-end=\"1649\">\ud83d\udd90\ufe0f Craft manufacturing<\/h3>\n<p data-start=\"1651\" data-end=\"1706\">Each decoration is handcrafted.<\/p>\n<p data-start=\"1708\" data-end=\"1864\">Because of its handmade character:<br data-start=\"1742\" data-end=\"1745\" \/>- slight variations in shape or color may occur.<br data-start=\"1811\" data-end=\"1814\" \/>- a few minor imperfections are possible.<\/p>\n<p data-start=\"1866\" data-end=\"1886\">\u2500\u2500\u2500\u2500\u2500\u2500\u2500\u2500\u2500\u2500\u2500\u2500\u2500\u2500\u2500\u2500\u2500\u2500\u2500\u2500<\/p>\n<h3 data-start=\"1888\" data-end=\"1919\">\ud83d\udce6 Important information<\/h3>\n<p data-start=\"1921\" data-end=\"2242\">- Made to order.<br data-start=\"1952\" data-end=\"1955\" \/>- The photos are examples of staging.<br data-start=\"2003\" data-end=\"2006\" \/>\u2022 <strong data-start=\"2008\" data-end=\"2053\">Only the heart bunny decoration is sold<\/strong>.<br data-start=\"2054\" data-end=\"2057\" \/>- Please allow for manufacturing and delivery times (see General Sales Conditions).<br data-start=\"2160\" data-end=\"2163\" \/>- More photos on Instagram :<br data-start=\"2195\" data-end=\"2198\" \/>\ud83d\udc49 <a class=\"decorated-link\" href=\"https:\/\/www.instagram.com\/sunnyshop211\/\" target=\"_new\" rel=\"noopener\" data-start=\"2201\" data-end=\"2240\">https:\/\/www.instagram.com\/sunnyshop211\/<\/a><\/p>\n<p data-start=\"2244\" data-end=\"2264\">\u2500\u2500\u2500\u2500\u2500\u2500\u2500\u2500\u2500\u2500\u2500\u2500\u2500\u2500\u2500\u2500\u2500\u2500\u2500\u2500<\/p>\n<h3 data-start=\"2266\" data-end=\"2289\">\u26a0\ufe0f Imprint<\/h3>\n<p data-start=\"2291\" data-end=\"2429\">!!!! This is not a toy.<br data-start=\"2320\" data-end=\"2323\" \/>Article intended for an adult audience.<br data-start=\"2358\" data-end=\"2361\" \/>I am not responsible for any damage in transit.<\/p>\n<p>&nbsp;<\/p>","protected":false},"excerpt":{"rendered":"<p>&nbsp; D\u00e9coration de P\u00e2ques lapin c\u0153ur \u2013 Miniature 1\/8 \u00b7 1\/6 \u00b7 1\/4 \u2500\u2500\u2500\u2500\u2500\u2500\u2500\u2500\u2500\u2500\u2500\u2500\u2500\u2500\u2500\u2500\u2500\u2500\u2500\u2500 \u2728 Description Cette d\u00e9coration de P\u00e2ques miniature lapin c\u0153ur est id\u00e9ale pour c\u00e9l\u00e9brer P\u00e2ques avec vos dolls et apporter une touche tendre et printani\u00e8re \u00e0 vos dioramas. Repr\u00e9sentant un lapin d\u00e9cor\u00e9 d\u2019un c\u0153ur, elle se pose facilement dans vos sc\u00e8nes festives [&hellip;]<\/p>\n","protected":false},"featured_media":45891,"comment_status":"open","ping_status":"closed","template":"","meta":{"_crdt_document":"","jetpack_post_was_ever_published":false,"jetpack_publicize_message":"","jetpack_publicize_feature_enabled":true,"jetpack_social_post_already_shared":true,"jetpack_social_options":{"image_generator_settings":{"template":"highway","default_image_id":0,"font":"","enabled":false},"version":2}},"product_brand":[],"product_cat":[667687052],"product_tag":[667681278,667681143,667681341,667681136,667681284,667681142,667681234,667681226,667681233,667682270,667682272,667681272,667681239,667681348,667681225,667681241,667681242,667681340,667682274,667681426,667681236,667681261,667681232,667681173,667681237,667682276,667681280,667681177,667681277,667681235,667681260],"class_list":{"0":"post-46150","1":"product","2":"type-product","3":"status-publish","4":"has-post-thumbnail","6":"product_cat-decoration-de-paques","7":"product_tag-barbie","8":"product_tag-bedroom","9":"product_tag-bid","10":"product_tag-bjd","11":"product_tag-blythe","12":"product_tag-chambre","13":"product_tag-diorama","14":"product_tag-doll","15":"product_tag-dollhouse","16":"product_tag-easter","17":"product_tag-easter-bunny","18":"product_tag-elowynn-wilde","19":"product_tag-fairyland","20":"product_tag-fashion-royalty","21":"product_tag-furniture","22":"product_tag-iplehouse","23":"product_tag-jid","24":"product_tag-kid","25":"product_tag-lapin-de-paques","26":"product_tag-littlefee","27":"product_tag-maison-de-poupee","28":"product_tag-meuble","29":"product_tag-miniature","30":"product_tag-minifee","31":"product_tag-msd","32":"product_tag-paques","33":"product_tag-phicen","34":"product_tag-poupee","35":"product_tag-pullip","36":"product_tag-roombox","37":"product_tag-tonner","38":"product_shipping_class-colissimo-5","39":"pa_couleur-grand-bleu","40":"pa_couleur-grand-jaune","41":"pa_couleur-grand-rose","42":"pa_couleur-grand-vert","43":"pa_couleur-grand-violet","44":"pa_couleur-petit-bleu","45":"pa_couleur-petit-jaune","46":"pa_couleur-petit-rose","47":"pa_couleur-petit-vert","48":"pa_couleur-petit-violet","50":"first","51":"instock","52":"taxable","53":"shipping-taxable","54":"purchasable","55":"product-type-variable"},"yoast_head":"<!-- This site is optimized with the Yoast SEO plugin v27.4 - https:\/\/yoast.com\/product\/yoast-seo-wordpress\/ -->\n<title>D\u00e9coration de p\u00e2ques lapin c\u0153ur miniature 1\/8, 1\/6, 1\/4 -<\/title>\n<meta name=\"description\" content=\"D\u00e9coration de p\u00e2ques lapin c\u0153ur miniature 1\/8, 1\/6, 1\/4 . Id\u00e9al pour f\u00eater P\u00e2ques avec vos dolls comme pukifee, lati yellow, Barbie, pullip, minifee, MSD\" \/>\n<meta name=\"robots\" content=\"index, follow, max-snippet:-1, max-image-preview:large, max-video-preview:-1\" \/>\n<link rel=\"canonical\" href=\"https:\/\/www.sunnyshop211.com\/en\/product\/decoration-de-paques-lapin-coeur-miniature-1-8-1-6-1-4\/\" \/>\n<meta property=\"og:locale\" content=\"en_US\" \/>\n<meta property=\"og:type\" content=\"article\" \/>\n<meta property=\"og:title\" content=\"D\u00e9coration de p\u00e2ques lapin c\u0153ur miniature 1\/8, 1\/6, 1\/4 -\" \/>\n<meta property=\"og:description\" content=\"D\u00e9coration de p\u00e2ques lapin c\u0153ur miniature 1\/8, 1\/6, 1\/4 . Id\u00e9al pour f\u00eater P\u00e2ques avec vos dolls comme pukifee, lati yellow, Barbie, pullip, minifee, MSD\" \/>\n<meta property=\"og:url\" content=\"https:\/\/www.sunnyshop211.com\/en\/product\/decoration-de-paques-lapin-coeur-miniature-1-8-1-6-1-4\/\" \/>\n<meta property=\"og:site_name\" content=\"Sunnyshop211 -Vente de dioramas, meubles, miniatures , bjd poup\u00e9es 1\/12 1\/8 1\/6 1\/4 1\/3\" \/>\n<meta property=\"article:publisher\" content=\"https:\/\/www.facebook.com\/sunnyshop211\/?ref=bookmarks\" \/>\n<meta property=\"article:modified_time\" content=\"2026-01-01T16:21:50+00:00\" \/>\n<meta property=\"og:image\" content=\"https:\/\/www.sunnyshop211.com\/wp-content\/uploads\/2025\/03\/26-scaled.jpg\" \/>\n\t<meta property=\"og:image:width\" content=\"2560\" \/>\n\t<meta property=\"og:image:height\" content=\"2064\" \/>\n\t<meta property=\"og:image:type\" content=\"image\/jpeg\" \/>\n<meta name=\"twitter:card\" content=\"summary_large_image\" \/>\n<meta name=\"twitter:site\" content=\"@sunnyshop211\" \/>\n<meta name=\"twitter:label1\" content=\"Est. reading time\" \/>\n\t<meta name=\"twitter:data1\" content=\"2 minutes\" \/>\n<script type=\"application\/ld+json\" class=\"yoast-schema-graph\">{\"@context\":\"https:\\\/\\\/schema.org\",\"@graph\":[{\"@type\":\"WebPage\",\"@id\":\"https:\\\/\\\/www.sunnyshop211.com\\\/produit\\\/decoration-de-paques-lapin-coeur-miniature-1-8-1-6-1-4\\\/\",\"url\":\"https:\\\/\\\/www.sunnyshop211.com\\\/produit\\\/decoration-de-paques-lapin-coeur-miniature-1-8-1-6-1-4\\\/\",\"name\":\"D\u00e9coration de p\u00e2ques lapin c\u0153ur miniature 1\\\/8, 1\\\/6, 1\\\/4 -\",\"isPartOf\":{\"@id\":\"https:\\\/\\\/www.sunnyshop211.com\\\/#website\"},\"primaryImageOfPage\":{\"@id\":\"https:\\\/\\\/www.sunnyshop211.com\\\/produit\\\/decoration-de-paques-lapin-coeur-miniature-1-8-1-6-1-4\\\/#primaryimage\"},\"image\":{\"@id\":\"https:\\\/\\\/www.sunnyshop211.com\\\/produit\\\/decoration-de-paques-lapin-coeur-miniature-1-8-1-6-1-4\\\/#primaryimage\"},\"thumbnailUrl\":\"https:\\\/\\\/www.sunnyshop211.com\\\/wp-content\\\/uploads\\\/2025\\\/03\\\/26-scaled.jpg\",\"datePublished\":\"2025-03-09T17:50:28+00:00\",\"dateModified\":\"2026-01-01T16:21:50+00:00\",\"description\":\"D\u00e9coration de p\u00e2ques lapin c\u0153ur miniature 1\\\/8, 1\\\/6, 1\\\/4 . Id\u00e9al pour f\u00eater P\u00e2ques avec vos dolls comme pukifee, lati yellow, Barbie, pullip, minifee, MSD\",\"breadcrumb\":{\"@id\":\"https:\\\/\\\/www.sunnyshop211.com\\\/produit\\\/decoration-de-paques-lapin-coeur-miniature-1-8-1-6-1-4\\\/#breadcrumb\"},\"inLanguage\":\"en-US\",\"potentialAction\":[{\"@type\":\"ReadAction\",\"target\":[\"https:\\\/\\\/www.sunnyshop211.com\\\/produit\\\/decoration-de-paques-lapin-coeur-miniature-1-8-1-6-1-4\\\/\"]}]},{\"@type\":\"ImageObject\",\"inLanguage\":\"en-US\",\"@id\":\"https:\\\/\\\/www.sunnyshop211.com\\\/produit\\\/decoration-de-paques-lapin-coeur-miniature-1-8-1-6-1-4\\\/#primaryimage\",\"url\":\"https:\\\/\\\/www.sunnyshop211.com\\\/wp-content\\\/uploads\\\/2025\\\/03\\\/26-scaled.jpg\",\"contentUrl\":\"https:\\\/\\\/www.sunnyshop211.com\\\/wp-content\\\/uploads\\\/2025\\\/03\\\/26-scaled.jpg\",\"width\":2560,\"height\":2064,\"caption\":\"D\u00e9coration de p\u00e2ques lapin c\u0153ur miniature 1\\\/8, 1\\\/6, 1\\\/4\"},{\"@type\":\"BreadcrumbList\",\"@id\":\"https:\\\/\\\/www.sunnyshop211.com\\\/produit\\\/decoration-de-paques-lapin-coeur-miniature-1-8-1-6-1-4\\\/#breadcrumb\",\"itemListElement\":[{\"@type\":\"ListItem\",\"position\":1,\"name\":\"Accueil\",\"item\":\"https:\\\/\\\/www.sunnyshop211.com\\\/\"},{\"@type\":\"ListItem\",\"position\":2,\"name\":\"Boutique\",\"item\":\"https:\\\/\\\/www.sunnyshop211.com\\\/boutique-miniature-bjd-dolls\\\/\"},{\"@type\":\"ListItem\",\"position\":3,\"name\":\"D\u00e9coration de p\u00e2ques lapin c\u0153ur miniature 1\\\/8, 1\\\/6, 1\\\/4\"}]},{\"@type\":\"WebSite\",\"@id\":\"https:\\\/\\\/www.sunnyshop211.com\\\/#website\",\"url\":\"https:\\\/\\\/www.sunnyshop211.com\\\/\",\"name\":\"Vente de dioramas, meubles, miniatures , bjd poup\u00e9es 1\\\/12 1\\\/8 1\\\/6 1\\\/4 1\\\/3\",\"description\":\"Sunnyshop211 - Votre univers miniature pour poup\u00e9es et BJD, dioramas et meubles sur mesure !\",\"publisher\":{\"@id\":\"https:\\\/\\\/www.sunnyshop211.com\\\/#organization\"},\"alternateName\":\"sunnyshop211\",\"potentialAction\":[{\"@type\":\"SearchAction\",\"target\":{\"@type\":\"EntryPoint\",\"urlTemplate\":\"https:\\\/\\\/www.sunnyshop211.com\\\/?s={search_term_string}\"},\"query-input\":{\"@type\":\"PropertyValueSpecification\",\"valueRequired\":true,\"valueName\":\"search_term_string\"}}],\"inLanguage\":\"en-US\"},{\"@type\":\"Organization\",\"@id\":\"https:\\\/\\\/www.sunnyshop211.com\\\/#organization\",\"name\":\"sunnyshop211\",\"alternateName\":\"sunnyshop211 diorama bjd meuble miniature\",\"url\":\"https:\\\/\\\/www.sunnyshop211.com\\\/\",\"logo\":{\"@type\":\"ImageObject\",\"inLanguage\":\"en-US\",\"@id\":\"https:\\\/\\\/www.sunnyshop211.com\\\/#\\\/schema\\\/logo\\\/image\\\/\",\"url\":\"https:\\\/\\\/www.sunnyshop211.com\\\/wp-content\\\/uploads\\\/2022\\\/08\\\/cropped-cropped-cropped-Sunnyshop211-1.png\",\"contentUrl\":\"https:\\\/\\\/www.sunnyshop211.com\\\/wp-content\\\/uploads\\\/2022\\\/08\\\/cropped-cropped-cropped-Sunnyshop211-1.png\",\"width\":339,\"height\":339,\"caption\":\"sunnyshop211\"},\"image\":{\"@id\":\"https:\\\/\\\/www.sunnyshop211.com\\\/#\\\/schema\\\/logo\\\/image\\\/\"},\"sameAs\":[\"https:\\\/\\\/www.facebook.com\\\/sunnyshop211\\\/?ref=bookmarks\",\"https:\\\/\\\/x.com\\\/sunnyshop211\",\"https:\\\/\\\/www.instagram.com\\\/sunnyshop211\\\/\",\"https:\\\/\\\/www.tumblr.com\\\/blog\\\/sunnyshop211\",\"https:\\\/\\\/www.youtube.com\\\/channel\\\/UCtYY18OGGDKrTSzgcf7fCBg\",\"https:\\\/\\\/www.tiktok.com\\\/@sunnydollshop211?is_from_webapp=1&sender_device=pc\"]}]}<\/script>\n<!-- \/ Yoast SEO plugin. -->","yoast_head_json":{"title":"Easter decoration heart bunny miniature 1\/8, 1\/6, 1\/4 -","description":"Easter decoration miniature heart bunny 1\/8, 1\/6, 1\/4 . Ideal for celebrating Easter with your dolls such as pukifee, lati yellow, Barbie, pullip, minifee, MSD.","robots":{"index":"index","follow":"follow","max-snippet":"max-snippet:-1","max-image-preview":"max-image-preview:large","max-video-preview":"max-video-preview:-1"},"canonical":"https:\/\/www.sunnyshop211.com\/en\/product\/decoration-de-paques-lapin-coeur-miniature-1-8-1-6-1-4\/","og_locale":"en_US","og_type":"article","og_title":"D\u00e9coration de p\u00e2ques lapin c\u0153ur miniature 1\/8, 1\/6, 1\/4 -","og_description":"D\u00e9coration de p\u00e2ques lapin c\u0153ur miniature 1\/8, 1\/6, 1\/4 . Id\u00e9al pour f\u00eater P\u00e2ques avec vos dolls comme pukifee, lati yellow, Barbie, pullip, minifee, MSD","og_url":"https:\/\/www.sunnyshop211.com\/en\/product\/decoration-de-paques-lapin-coeur-miniature-1-8-1-6-1-4\/","og_site_name":"Sunnyshop211 -Vente de dioramas, meubles, miniatures , bjd poup\u00e9es 1\/12 1\/8 1\/6 1\/4 1\/3","article_publisher":"https:\/\/www.facebook.com\/sunnyshop211\/?ref=bookmarks","article_modified_time":"2026-01-01T16:21:50+00:00","og_image":[{"width":2560,"height":2064,"url":"https:\/\/www.sunnyshop211.com\/wp-content\/uploads\/2025\/03\/26-scaled.jpg","type":"image\/jpeg"}],"twitter_card":"summary_large_image","twitter_site":"@sunnyshop211","twitter_misc":{"Est. reading time":"2 minutes"},"schema":{"@context":"https:\/\/schema.org","@graph":[{"@type":"WebPage","@id":"https:\/\/www.sunnyshop211.com\/produit\/decoration-de-paques-lapin-coeur-miniature-1-8-1-6-1-4\/","url":"https:\/\/www.sunnyshop211.com\/produit\/decoration-de-paques-lapin-coeur-miniature-1-8-1-6-1-4\/","name":"Easter decoration heart bunny miniature 1\/8, 1\/6, 1\/4 -","isPartOf":{"@id":"https:\/\/www.sunnyshop211.com\/#website"},"primaryImageOfPage":{"@id":"https:\/\/www.sunnyshop211.com\/produit\/decoration-de-paques-lapin-coeur-miniature-1-8-1-6-1-4\/#primaryimage"},"image":{"@id":"https:\/\/www.sunnyshop211.com\/produit\/decoration-de-paques-lapin-coeur-miniature-1-8-1-6-1-4\/#primaryimage"},"thumbnailUrl":"https:\/\/www.sunnyshop211.com\/wp-content\/uploads\/2025\/03\/26-scaled.jpg","datePublished":"2025-03-09T17:50:28+00:00","dateModified":"2026-01-01T16:21:50+00:00","description":"Easter decoration miniature heart bunny 1\/8, 1\/6, 1\/4 . Ideal for celebrating Easter with your dolls such as pukifee, lati yellow, Barbie, pullip, minifee, MSD.","breadcrumb":{"@id":"https:\/\/www.sunnyshop211.com\/produit\/decoration-de-paques-lapin-coeur-miniature-1-8-1-6-1-4\/#breadcrumb"},"inLanguage":"en-US","potentialAction":[{"@type":"ReadAction","target":["https:\/\/www.sunnyshop211.com\/produit\/decoration-de-paques-lapin-coeur-miniature-1-8-1-6-1-4\/"]}]},{"@type":"ImageObject","inLanguage":"en-US","@id":"https:\/\/www.sunnyshop211.com\/produit\/decoration-de-paques-lapin-coeur-miniature-1-8-1-6-1-4\/#primaryimage","url":"https:\/\/www.sunnyshop211.com\/wp-content\/uploads\/2025\/03\/26-scaled.jpg","contentUrl":"https:\/\/www.sunnyshop211.com\/wp-content\/uploads\/2025\/03\/26-scaled.jpg","width":2560,"height":2064,"caption":"D\u00e9coration de p\u00e2ques lapin c\u0153ur miniature 1\/8, 1\/6, 1\/4"},{"@type":"BreadcrumbList","@id":"https:\/\/www.sunnyshop211.com\/produit\/decoration-de-paques-lapin-coeur-miniature-1-8-1-6-1-4\/#breadcrumb","itemListElement":[{"@type":"ListItem","position":1,"name":"Accueil","item":"https:\/\/www.sunnyshop211.com\/"},{"@type":"ListItem","position":2,"name":"Boutique","item":"https:\/\/www.sunnyshop211.com\/boutique-miniature-bjd-dolls\/"},{"@type":"ListItem","position":3,"name":"D\u00e9coration de p\u00e2ques lapin c\u0153ur miniature 1\/8, 1\/6, 1\/4"}]},{"@type":"WebSite","@id":"https:\/\/www.sunnyshop211.com\/#website","url":"https:\/\/www.sunnyshop211.com\/","name":"Sale of dioramas, furniture, miniatures, bjd dolls 1\/12 1\/8 1\/6 1\/4 1\/3","description":"Sunnyshop211 - Your miniature world for dolls and BJDs, dioramas and custom-made furniture!","publisher":{"@id":"https:\/\/www.sunnyshop211.com\/#organization"},"alternateName":"sunnyshop211","potentialAction":[{"@type":"SearchAction","target":{"@type":"EntryPoint","urlTemplate":"https:\/\/www.sunnyshop211.com\/?s={search_term_string}"},"query-input":{"@type":"PropertyValueSpecification","valueRequired":true,"valueName":"search_term_string"}}],"inLanguage":"en-US"},{"@type":"Organization","@id":"https:\/\/www.sunnyshop211.com\/#organization","name":"sunnyshop211","alternateName":"sunnyshop211 diorama bjd meuble miniature","url":"https:\/\/www.sunnyshop211.com\/","logo":{"@type":"ImageObject","inLanguage":"en-US","@id":"https:\/\/www.sunnyshop211.com\/#\/schema\/logo\/image\/","url":"https:\/\/www.sunnyshop211.com\/wp-content\/uploads\/2022\/08\/cropped-cropped-cropped-Sunnyshop211-1.png","contentUrl":"https:\/\/www.sunnyshop211.com\/wp-content\/uploads\/2022\/08\/cropped-cropped-cropped-Sunnyshop211-1.png","width":339,"height":339,"caption":"sunnyshop211"},"image":{"@id":"https:\/\/www.sunnyshop211.com\/#\/schema\/logo\/image\/"},"sameAs":["https:\/\/www.facebook.com\/sunnyshop211\/?ref=bookmarks","https:\/\/x.com\/sunnyshop211","https:\/\/www.instagram.com\/sunnyshop211\/","https:\/\/www.tumblr.com\/blog\/sunnyshop211","https:\/\/www.youtube.com\/channel\/UCtYY18OGGDKrTSzgcf7fCBg","https:\/\/www.tiktok.com\/@sunnydollshop211?is_from_webapp=1&sender_device=pc"]}]}},"jetpack_publicize_connections":[],"jetpack_sharing_enabled":true,"_links":{"self":[{"href":"https:\/\/www.sunnyshop211.com\/en\/wp-json\/wp\/v2\/product\/46150","targetHints":{"allow":["GET"]}}],"collection":[{"href":"https:\/\/www.sunnyshop211.com\/en\/wp-json\/wp\/v2\/product"}],"about":[{"href":"https:\/\/www.sunnyshop211.com\/en\/wp-json\/wp\/v2\/types\/product"}],"replies":[{"embeddable":true,"href":"https:\/\/www.sunnyshop211.com\/en\/wp-json\/wp\/v2\/comments?post=46150"}],"version-history":[{"count":2,"href":"https:\/\/www.sunnyshop211.com\/en\/wp-json\/wp\/v2\/product\/46150\/revisions"}],"predecessor-version":[{"id":53834,"href":"https:\/\/www.sunnyshop211.com\/en\/wp-json\/wp\/v2\/product\/46150\/revisions\/53834"}],"wp:featuredmedia":[{"embeddable":true,"href":"https:\/\/www.sunnyshop211.com\/en\/wp-json\/wp\/v2\/media\/45891"}],"wp:attachment":[{"href":"https:\/\/www.sunnyshop211.com\/en\/wp-json\/wp\/v2\/media?parent=46150"}],"wp:term":[{"taxonomy":"product_brand","embeddable":true,"href":"https:\/\/www.sunnyshop211.com\/en\/wp-json\/wp\/v2\/product_brand?post=46150"},{"taxonomy":"product_cat","embeddable":true,"href":"https:\/\/www.sunnyshop211.com\/en\/wp-json\/wp\/v2\/product_cat?post=46150"},{"taxonomy":"product_tag","embeddable":true,"href":"https:\/\/www.sunnyshop211.com\/en\/wp-json\/wp\/v2\/product_tag?post=46150"}],"curies":[{"name":"wp","href":"https:\/\/api.w.org\/{rel}","templated":true}]}}