{"id":46076,"date":"2025-03-09T18:21:00","date_gmt":"2025-03-09T17:21:00","guid":{"rendered":"https:\/\/www.sunnyshop211.com\/?post_type=product&#038;p=46076"},"modified":"2026-01-01T17:22:47","modified_gmt":"2026-01-01T16:22:47","slug":"decoration-de-paques-a-poser-miniature-1-8-1-6-1-4","status":"publish","type":"product","link":"https:\/\/www.sunnyshop211.com\/en\/product\/decoration-de-paques-a-poser-miniature-1-8-1-6-1-4\/","title":{"rendered":"Miniature Easter decorations 1\/8, 1\/6, 1\/4"},"content":{"rendered":"<p>&nbsp;<\/p>\n<div id='gallery-1' class='gallery galleryid-46076 gallery-columns-3 gallery-size-thumbnail'><figure class='gallery-item'>\n\t\t\t<div class='gallery-icon landscape'>\n\t\t\t\t<a href='https:\/\/www.sunnyshop211.com\/en\/?attachment_id=45892'><img decoding=\"async\" width=\"150\" height=\"150\" src=\"https:\/\/www.sunnyshop211.com\/wp-content\/uploads\/2025\/03\/27-150x150.jpg\" class=\"attachment-thumbnail size-thumbnail\" alt=\"Panier d\u00e9coratif miniature simulation\" srcset=\"https:\/\/www.sunnyshop211.com\/wp-content\/uploads\/2025\/03\/27-150x150.jpg 150w, https:\/\/www.sunnyshop211.com\/wp-content\/uploads\/2025\/03\/27-500x500.jpg 500w, https:\/\/www.sunnyshop211.com\/wp-content\/uploads\/2025\/03\/27-100x100.jpg 100w\" sizes=\"(max-width: 150px) 100vw, 150px\" \/><\/a>\n\t\t\t<\/div><\/figure><figure class='gallery-item'>\n\t\t\t<div class='gallery-icon landscape'>\n\t\t\t\t<a href='https:\/\/www.sunnyshop211.com\/en\/?attachment_id=45889'><img decoding=\"async\" width=\"150\" height=\"150\" src=\"https:\/\/www.sunnyshop211.com\/wp-content\/uploads\/2025\/03\/24-150x150.jpg\" class=\"attachment-thumbnail size-thumbnail\" alt=\"\" srcset=\"https:\/\/www.sunnyshop211.com\/wp-content\/uploads\/2025\/03\/24-150x150.jpg 150w, https:\/\/www.sunnyshop211.com\/wp-content\/uploads\/2025\/03\/24-500x500.jpg 500w, https:\/\/www.sunnyshop211.com\/wp-content\/uploads\/2025\/03\/24-100x100.jpg 100w\" sizes=\"(max-width: 150px) 100vw, 150px\" \/><\/a>\n\t\t\t<\/div><\/figure>\n\t\t<\/div>\n\n<h2 data-start=\"148\" data-end=\"220\">Easter decoration - Lapin fleuri miniature 1\/8 - 1\/6 - 1\/4<\/h2>\n<p data-start=\"222\" data-end=\"242\">\u2500\u2500\u2500\u2500\u2500\u2500\u2500\u2500\u2500\u2500\u2500\u2500\u2500\u2500\u2500\u2500\u2500\u2500\u2500\u2500<\/p>\n<h3 data-start=\"244\" data-end=\"261\">\u2728 Description<\/h3>\n<p data-start=\"263\" data-end=\"463\">This <strong data-start=\"269\" data-end=\"311\">miniature Easter decoration<\/strong> representing a <strong data-start=\"328\" data-end=\"354\">bunny decorated with flowers<\/strong> is ideal for celebrating Easter with your dolls and adding a soft, springtime touch to your dioramas.<\/p>\n<p data-start=\"465\" data-end=\"586\">Its flowery design makes it the perfect decorative element for creating Easter scenes full of poetry and color.<\/p>\n<p data-start=\"588\" data-end=\"662\">\u2714 Fictional article.<br data-start=\"605\" data-end=\"608\" \/>\u2714 Miniature table decoration.<br data-start=\"639\" data-end=\"642\" \/>\u2714 Sold individually.<\/p>\n<p data-start=\"664\" data-end=\"684\">\u2500\u2500\u2500\u2500\u2500\u2500\u2500\u2500\u2500\u2500\u2500\u2500\u2500\u2500\u2500\u2500\u2500\u2500\u2500\u2500<\/p>\n<h3 data-start=\"686\" data-end=\"703\">\ud83d\udc30 Dimensions<\/h3>\n<p data-start=\"705\" data-end=\"743\">Two sizes to choose from:<\/p>\n<p data-start=\"745\" data-end=\"788\">\u2022 <strong data-start=\"747\" data-end=\"763\">5 cm high<\/strong>.<br data-start=\"764\" data-end=\"767\" \/>\u2022 <strong data-start=\"769\" data-end=\"785\">7 cm high<\/strong>.<\/p>\n<p data-start=\"790\" data-end=\"810\">\u2500\u2500\u2500\u2500\u2500\u2500\u2500\u2500\u2500\u2500\u2500\u2500\u2500\u2500\u2500\u2500\u2500\u2500\u2500\u2500<\/p>\n<h3 data-start=\"812\" data-end=\"836\">\ud83c\udfa8 Choice of colors<\/h3>\n<p data-start=\"838\" data-end=\"857\">You choose :<\/p>\n<p data-start=\"859\" data-end=\"947\">- The color of the rabbit:<br data-start=\"882\" data-end=\"885\" \/>- Rose.<br data-start=\"894\" data-end=\"897\" \/>- Blue.<br data-start=\"906\" data-end=\"909\" \/>- Green.<br data-start=\"918\" data-end=\"921\" \/>- Purple.<br data-start=\"932\" data-end=\"935\" \/>- Yellow.<\/p>\n<p data-start=\"949\" data-end=\"1012\">\u2022 <strong data-start=\"951\" data-end=\"974\">Base color<\/strong>, according to your world and your desires.<\/p>\n<p data-start=\"1014\" data-end=\"1034\">\u2500\u2500\u2500\u2500\u2500\u2500\u2500\u2500\u2500\u2500\u2500\u2500\u2500\u2500\u2500\u2500\u2500\u2500\u2500\u2500<\/p>\n<h3 data-start=\"1036\" data-end=\"1056\">\ud83e\uddf8 Compatibility<\/h3>\n<p data-start=\"1058\" data-end=\"1104\">Ideal for dolls in the following sizes:<\/p>\n<p data-start=\"1106\" data-end=\"1233\">\u2022 <strong data-start=\"1108\" data-end=\"1115\">1\/8<\/strong> Pukifee, Lati Yellow, Nappy Choo.<br data-start=\"1151\" data-end=\"1154\" \/>\u2022 <strong data-start=\"1156\" data-end=\"1163\">1\/6<\/strong> Barbie, Pullip, Blythe.<br data-start=\"1189\" data-end=\"1192\" \/>\u2022 <strong data-start=\"1194\" data-end=\"1201\">1\/4<\/strong> Minifee, MSD, Unoa, Bimong.<\/p>\n<p data-start=\"1235\" data-end=\"1333\">Perfect for customizing your <strong data-start=\"1264\" data-end=\"1286\">Easter dioramas<\/strong>, miniature showcases or spring scenes.<\/p>\n<p data-start=\"1335\" data-end=\"1355\">\u2500\u2500\u2500\u2500\u2500\u2500\u2500\u2500\u2500\u2500\u2500\u2500\u2500\u2500\u2500\u2500\u2500\u2500\u2500\u2500<\/p>\n<h3 data-start=\"1357\" data-end=\"1384\">\ud83d\udc23 Easter collection<\/h3>\n<p data-start=\"1386\" data-end=\"1434\">This decoration goes perfectly with :<\/p>\n<p data-start=\"1436\" data-end=\"1632\">\u2022 <strong data-start=\"1438\" data-end=\"1469\">Miniature Easter bunnies<\/strong>.<br data-start=\"1470\" data-end=\"1473\" \/>\u2022 <strong data-start=\"1475\" data-end=\"1508\">Miniature Easter chicks<\/strong>.<br data-start=\"1509\" data-end=\"1512\" \/>\u2022 <strong data-start=\"1514\" data-end=\"1551\">Easter hanging decorations<\/strong>.<br data-start=\"1552\" data-end=\"1555\" \/>- Other Easter accessories and decorations available in the store.<\/p>\n<p data-start=\"1634\" data-end=\"1654\">\u2500\u2500\u2500\u2500\u2500\u2500\u2500\u2500\u2500\u2500\u2500\u2500\u2500\u2500\u2500\u2500\u2500\u2500\u2500\u2500<\/p>\n<h3 data-start=\"1656\" data-end=\"1686\">\ud83d\udd90\ufe0f Craft manufacturing<\/h3>\n<p data-start=\"1688\" data-end=\"1743\">Each decoration is handcrafted.<\/p>\n<p data-start=\"1745\" data-end=\"1901\">Because of its handmade character:<br data-start=\"1779\" data-end=\"1782\" \/>- slight variations in shape or color may occur.<br data-start=\"1848\" data-end=\"1851\" \/>- a few minor imperfections are possible.<\/p>\n<p data-start=\"1903\" data-end=\"1923\">\u2500\u2500\u2500\u2500\u2500\u2500\u2500\u2500\u2500\u2500\u2500\u2500\u2500\u2500\u2500\u2500\u2500\u2500\u2500\u2500<\/p>\n<h3 data-start=\"1925\" data-end=\"1956\">\ud83d\udce6 Important information<\/h3>\n<p data-start=\"1958\" data-end=\"2281\">- Made to order.<br data-start=\"1989\" data-end=\"1992\" \/>- The photos are examples of staging.<br data-start=\"2040\" data-end=\"2043\" \/>\u2022 <strong data-start=\"2045\" data-end=\"2092\">Only the flower bunny decoration is sold<\/strong>.<br data-start=\"2093\" data-end=\"2096\" \/>- Please allow for manufacturing and delivery times (see General Sales Conditions).<br data-start=\"2199\" data-end=\"2202\" \/>- More photos on Instagram :<br data-start=\"2234\" data-end=\"2237\" \/>\ud83d\udc49 <a class=\"decorated-link\" href=\"https:\/\/www.instagram.com\/sunnyshop211\/\" target=\"_new\" rel=\"noopener\" data-start=\"2240\" data-end=\"2279\">https:\/\/www.instagram.com\/sunnyshop211\/<\/a><\/p>\n<p data-start=\"2283\" data-end=\"2303\">\u2500\u2500\u2500\u2500\u2500\u2500\u2500\u2500\u2500\u2500\u2500\u2500\u2500\u2500\u2500\u2500\u2500\u2500\u2500\u2500<\/p>\n<h3 data-start=\"2305\" data-end=\"2328\">\u26a0\ufe0f Imprint<\/h3>\n<p data-start=\"2330\" data-end=\"2468\">!!!! This is not a toy.<br data-start=\"2359\" data-end=\"2362\" \/>Article intended for an adult audience.<br data-start=\"2397\" data-end=\"2400\" \/>I am not responsible for any damage in transit.<\/p>\n<p>&nbsp;<\/p>","protected":false},"excerpt":{"rendered":"<p>&nbsp; D\u00e9coration de P\u00e2ques \u00e0 poser \u2013 Lapin fleuri miniature 1\/8 \u00b7 1\/6 \u00b7 1\/4 \u2500\u2500\u2500\u2500\u2500\u2500\u2500\u2500\u2500\u2500\u2500\u2500\u2500\u2500\u2500\u2500\u2500\u2500\u2500\u2500 \u2728 Description Cette d\u00e9coration de P\u00e2ques miniature \u00e0 poser repr\u00e9sentant un lapin d\u00e9cor\u00e9 de fleurs est id\u00e9ale pour c\u00e9l\u00e9brer P\u00e2ques avec vos dolls et apporter une touche douce et printani\u00e8re \u00e0 vos dioramas. Son design fleuri en fait un [&hellip;]<\/p>\n","protected":false},"featured_media":45892,"comment_status":"open","ping_status":"closed","template":"","meta":{"_crdt_document":"","jetpack_post_was_ever_published":false,"jetpack_publicize_message":"","jetpack_publicize_feature_enabled":true,"jetpack_social_post_already_shared":true,"jetpack_social_options":{"image_generator_settings":{"template":"highway","default_image_id":0,"font":"","enabled":false},"version":2}},"product_brand":[],"product_cat":[667687052],"product_tag":[667681278,667681143,667681341,667681136,667681284,667681142,667681234,667681226,667681233,667682270,667682272,667681272,667681239,667681348,667681225,667681241,667681242,667681340,667682274,667681426,667681236,667681261,667681232,667681173,667681237,667682276,667681280,667681177,667681277,667681235,667681260],"class_list":{"0":"post-46076","1":"product","2":"type-product","3":"status-publish","4":"has-post-thumbnail","6":"product_cat-decoration-de-paques","7":"product_tag-barbie","8":"product_tag-bedroom","9":"product_tag-bid","10":"product_tag-bjd","11":"product_tag-blythe","12":"product_tag-chambre","13":"product_tag-diorama","14":"product_tag-doll","15":"product_tag-dollhouse","16":"product_tag-easter","17":"product_tag-easter-bunny","18":"product_tag-elowynn-wilde","19":"product_tag-fairyland","20":"product_tag-fashion-royalty","21":"product_tag-furniture","22":"product_tag-iplehouse","23":"product_tag-jid","24":"product_tag-kid","25":"product_tag-lapin-de-paques","26":"product_tag-littlefee","27":"product_tag-maison-de-poupee","28":"product_tag-meuble","29":"product_tag-miniature","30":"product_tag-minifee","31":"product_tag-msd","32":"product_tag-paques","33":"product_tag-phicen","34":"product_tag-poupee","35":"product_tag-pullip","36":"product_tag-roombox","37":"product_tag-tonner","38":"product_shipping_class-colissimo-5","39":"pa_couleur-grand-bleu","40":"pa_couleur-grand-jaune","41":"pa_couleur-grand-rose","42":"pa_couleur-grand-vert","43":"pa_couleur-grand-violet","44":"pa_couleur-petit-bleu","45":"pa_couleur-petit-jaune","46":"pa_couleur-petit-rose","47":"pa_couleur-petit-vert","48":"pa_couleur-petit-violet","50":"first","51":"instock","52":"taxable","53":"shipping-taxable","54":"purchasable","55":"product-type-variable"},"yoast_head":"<!-- This site is optimized with the Yoast SEO plugin v27.4 - https:\/\/yoast.com\/product\/yoast-seo-wordpress\/ -->\n<title>D\u00e9coration de p\u00e2ques \u00e0 poser miniature 1\/8, 1\/6, 1\/4 -<\/title>\n<meta name=\"description\" content=\"D\u00e9coration de p\u00e2ques \u00e0 poser miniature 1\/8, 1\/6, 1\/4 . Id\u00e9al pour f\u00eater P\u00e2ques avec vos dolls comme pukifee, lati yellow, Barbie, pullip, minifee, MSD\" \/>\n<meta name=\"robots\" content=\"index, follow, max-snippet:-1, max-image-preview:large, max-video-preview:-1\" \/>\n<link rel=\"canonical\" href=\"https:\/\/www.sunnyshop211.com\/en\/product\/decoration-de-paques-a-poser-miniature-1-8-1-6-1-4\/\" \/>\n<meta property=\"og:locale\" content=\"en_US\" \/>\n<meta property=\"og:type\" content=\"article\" \/>\n<meta property=\"og:title\" content=\"D\u00e9coration de p\u00e2ques \u00e0 poser miniature 1\/8, 1\/6, 1\/4 -\" \/>\n<meta property=\"og:description\" content=\"D\u00e9coration de p\u00e2ques \u00e0 poser miniature 1\/8, 1\/6, 1\/4 . Id\u00e9al pour f\u00eater P\u00e2ques avec vos dolls comme pukifee, lati yellow, Barbie, pullip, minifee, MSD\" \/>\n<meta property=\"og:url\" content=\"https:\/\/www.sunnyshop211.com\/en\/product\/decoration-de-paques-a-poser-miniature-1-8-1-6-1-4\/\" \/>\n<meta property=\"og:site_name\" content=\"Sunnyshop211 -Vente de dioramas, meubles, miniatures , bjd poup\u00e9es 1\/12 1\/8 1\/6 1\/4 1\/3\" \/>\n<meta property=\"article:publisher\" content=\"https:\/\/www.facebook.com\/sunnyshop211\/?ref=bookmarks\" \/>\n<meta property=\"article:modified_time\" content=\"2026-01-01T16:22:47+00:00\" \/>\n<meta property=\"og:image\" content=\"https:\/\/www.sunnyshop211.com\/wp-content\/uploads\/2025\/03\/27-scaled.jpg\" \/>\n\t<meta property=\"og:image:width\" content=\"2560\" \/>\n\t<meta property=\"og:image:height\" content=\"2042\" \/>\n\t<meta property=\"og:image:type\" content=\"image\/jpeg\" \/>\n<meta name=\"twitter:card\" content=\"summary_large_image\" \/>\n<meta name=\"twitter:site\" content=\"@sunnyshop211\" \/>\n<meta name=\"twitter:label1\" content=\"Est. reading time\" \/>\n\t<meta name=\"twitter:data1\" content=\"2 minutes\" \/>\n<script type=\"application\/ld+json\" class=\"yoast-schema-graph\">{\"@context\":\"https:\\\/\\\/schema.org\",\"@graph\":[{\"@type\":\"WebPage\",\"@id\":\"https:\\\/\\\/www.sunnyshop211.com\\\/produit\\\/decoration-de-paques-a-poser-miniature-1-8-1-6-1-4\\\/\",\"url\":\"https:\\\/\\\/www.sunnyshop211.com\\\/produit\\\/decoration-de-paques-a-poser-miniature-1-8-1-6-1-4\\\/\",\"name\":\"D\u00e9coration de p\u00e2ques \u00e0 poser miniature 1\\\/8, 1\\\/6, 1\\\/4 -\",\"isPartOf\":{\"@id\":\"https:\\\/\\\/www.sunnyshop211.com\\\/#website\"},\"primaryImageOfPage\":{\"@id\":\"https:\\\/\\\/www.sunnyshop211.com\\\/produit\\\/decoration-de-paques-a-poser-miniature-1-8-1-6-1-4\\\/#primaryimage\"},\"image\":{\"@id\":\"https:\\\/\\\/www.sunnyshop211.com\\\/produit\\\/decoration-de-paques-a-poser-miniature-1-8-1-6-1-4\\\/#primaryimage\"},\"thumbnailUrl\":\"https:\\\/\\\/www.sunnyshop211.com\\\/wp-content\\\/uploads\\\/2025\\\/03\\\/27-scaled.jpg\",\"datePublished\":\"2025-03-09T17:21:00+00:00\",\"dateModified\":\"2026-01-01T16:22:47+00:00\",\"description\":\"D\u00e9coration de p\u00e2ques \u00e0 poser miniature 1\\\/8, 1\\\/6, 1\\\/4 . Id\u00e9al pour f\u00eater P\u00e2ques avec vos dolls comme pukifee, lati yellow, Barbie, pullip, minifee, MSD\",\"breadcrumb\":{\"@id\":\"https:\\\/\\\/www.sunnyshop211.com\\\/produit\\\/decoration-de-paques-a-poser-miniature-1-8-1-6-1-4\\\/#breadcrumb\"},\"inLanguage\":\"en-US\",\"potentialAction\":[{\"@type\":\"ReadAction\",\"target\":[\"https:\\\/\\\/www.sunnyshop211.com\\\/produit\\\/decoration-de-paques-a-poser-miniature-1-8-1-6-1-4\\\/\"]}]},{\"@type\":\"ImageObject\",\"inLanguage\":\"en-US\",\"@id\":\"https:\\\/\\\/www.sunnyshop211.com\\\/produit\\\/decoration-de-paques-a-poser-miniature-1-8-1-6-1-4\\\/#primaryimage\",\"url\":\"https:\\\/\\\/www.sunnyshop211.com\\\/wp-content\\\/uploads\\\/2025\\\/03\\\/27-scaled.jpg\",\"contentUrl\":\"https:\\\/\\\/www.sunnyshop211.com\\\/wp-content\\\/uploads\\\/2025\\\/03\\\/27-scaled.jpg\",\"width\":2560,\"height\":2042,\"caption\":\"Panier d\u00e9coratif miniature simulation\"},{\"@type\":\"BreadcrumbList\",\"@id\":\"https:\\\/\\\/www.sunnyshop211.com\\\/produit\\\/decoration-de-paques-a-poser-miniature-1-8-1-6-1-4\\\/#breadcrumb\",\"itemListElement\":[{\"@type\":\"ListItem\",\"position\":1,\"name\":\"Accueil\",\"item\":\"https:\\\/\\\/www.sunnyshop211.com\\\/\"},{\"@type\":\"ListItem\",\"position\":2,\"name\":\"Boutique\",\"item\":\"https:\\\/\\\/www.sunnyshop211.com\\\/boutique-miniature-bjd-dolls\\\/\"},{\"@type\":\"ListItem\",\"position\":3,\"name\":\"D\u00e9coration de p\u00e2ques \u00e0 poser miniature 1\\\/8, 1\\\/6, 1\\\/4\"}]},{\"@type\":\"WebSite\",\"@id\":\"https:\\\/\\\/www.sunnyshop211.com\\\/#website\",\"url\":\"https:\\\/\\\/www.sunnyshop211.com\\\/\",\"name\":\"Vente de dioramas, meubles, miniatures , bjd poup\u00e9es 1\\\/12 1\\\/8 1\\\/6 1\\\/4 1\\\/3\",\"description\":\"Sunnyshop211 - Votre univers miniature pour poup\u00e9es et BJD, dioramas et meubles sur mesure !\",\"publisher\":{\"@id\":\"https:\\\/\\\/www.sunnyshop211.com\\\/#organization\"},\"alternateName\":\"sunnyshop211\",\"potentialAction\":[{\"@type\":\"SearchAction\",\"target\":{\"@type\":\"EntryPoint\",\"urlTemplate\":\"https:\\\/\\\/www.sunnyshop211.com\\\/?s={search_term_string}\"},\"query-input\":{\"@type\":\"PropertyValueSpecification\",\"valueRequired\":true,\"valueName\":\"search_term_string\"}}],\"inLanguage\":\"en-US\"},{\"@type\":\"Organization\",\"@id\":\"https:\\\/\\\/www.sunnyshop211.com\\\/#organization\",\"name\":\"sunnyshop211\",\"alternateName\":\"sunnyshop211 diorama bjd meuble miniature\",\"url\":\"https:\\\/\\\/www.sunnyshop211.com\\\/\",\"logo\":{\"@type\":\"ImageObject\",\"inLanguage\":\"en-US\",\"@id\":\"https:\\\/\\\/www.sunnyshop211.com\\\/#\\\/schema\\\/logo\\\/image\\\/\",\"url\":\"https:\\\/\\\/www.sunnyshop211.com\\\/wp-content\\\/uploads\\\/2022\\\/08\\\/cropped-cropped-cropped-Sunnyshop211-1.png\",\"contentUrl\":\"https:\\\/\\\/www.sunnyshop211.com\\\/wp-content\\\/uploads\\\/2022\\\/08\\\/cropped-cropped-cropped-Sunnyshop211-1.png\",\"width\":339,\"height\":339,\"caption\":\"sunnyshop211\"},\"image\":{\"@id\":\"https:\\\/\\\/www.sunnyshop211.com\\\/#\\\/schema\\\/logo\\\/image\\\/\"},\"sameAs\":[\"https:\\\/\\\/www.facebook.com\\\/sunnyshop211\\\/?ref=bookmarks\",\"https:\\\/\\\/x.com\\\/sunnyshop211\",\"https:\\\/\\\/www.instagram.com\\\/sunnyshop211\\\/\",\"https:\\\/\\\/www.tumblr.com\\\/blog\\\/sunnyshop211\",\"https:\\\/\\\/www.youtube.com\\\/channel\\\/UCtYY18OGGDKrTSzgcf7fCBg\",\"https:\\\/\\\/www.tiktok.com\\\/@sunnydollshop211?is_from_webapp=1&sender_device=pc\"]}]}<\/script>\n<!-- \/ Yoast SEO plugin. -->","yoast_head_json":{"title":"1\/8, 1\/6, 1\/4 miniature Easter decorations -","description":"Miniature Easter decoration 1\/8, 1\/6, 1\/4 . Ideal for celebrating Easter with your dolls such as pukifee, lati yellow, Barbie, pullip, minifee, MSD.","robots":{"index":"index","follow":"follow","max-snippet":"max-snippet:-1","max-image-preview":"max-image-preview:large","max-video-preview":"max-video-preview:-1"},"canonical":"https:\/\/www.sunnyshop211.com\/en\/product\/decoration-de-paques-a-poser-miniature-1-8-1-6-1-4\/","og_locale":"en_US","og_type":"article","og_title":"D\u00e9coration de p\u00e2ques \u00e0 poser miniature 1\/8, 1\/6, 1\/4 -","og_description":"D\u00e9coration de p\u00e2ques \u00e0 poser miniature 1\/8, 1\/6, 1\/4 . Id\u00e9al pour f\u00eater P\u00e2ques avec vos dolls comme pukifee, lati yellow, Barbie, pullip, minifee, MSD","og_url":"https:\/\/www.sunnyshop211.com\/en\/product\/decoration-de-paques-a-poser-miniature-1-8-1-6-1-4\/","og_site_name":"Sunnyshop211 -Vente de dioramas, meubles, miniatures , bjd poup\u00e9es 1\/12 1\/8 1\/6 1\/4 1\/3","article_publisher":"https:\/\/www.facebook.com\/sunnyshop211\/?ref=bookmarks","article_modified_time":"2026-01-01T16:22:47+00:00","og_image":[{"width":2560,"height":2042,"url":"https:\/\/www.sunnyshop211.com\/wp-content\/uploads\/2025\/03\/27-scaled.jpg","type":"image\/jpeg"}],"twitter_card":"summary_large_image","twitter_site":"@sunnyshop211","twitter_misc":{"Est. reading time":"2 minutes"},"schema":{"@context":"https:\/\/schema.org","@graph":[{"@type":"WebPage","@id":"https:\/\/www.sunnyshop211.com\/produit\/decoration-de-paques-a-poser-miniature-1-8-1-6-1-4\/","url":"https:\/\/www.sunnyshop211.com\/produit\/decoration-de-paques-a-poser-miniature-1-8-1-6-1-4\/","name":"1\/8, 1\/6, 1\/4 miniature Easter decorations -","isPartOf":{"@id":"https:\/\/www.sunnyshop211.com\/#website"},"primaryImageOfPage":{"@id":"https:\/\/www.sunnyshop211.com\/produit\/decoration-de-paques-a-poser-miniature-1-8-1-6-1-4\/#primaryimage"},"image":{"@id":"https:\/\/www.sunnyshop211.com\/produit\/decoration-de-paques-a-poser-miniature-1-8-1-6-1-4\/#primaryimage"},"thumbnailUrl":"https:\/\/www.sunnyshop211.com\/wp-content\/uploads\/2025\/03\/27-scaled.jpg","datePublished":"2025-03-09T17:21:00+00:00","dateModified":"2026-01-01T16:22:47+00:00","description":"Miniature Easter decoration 1\/8, 1\/6, 1\/4 . Ideal for celebrating Easter with your dolls such as pukifee, lati yellow, Barbie, pullip, minifee, MSD.","breadcrumb":{"@id":"https:\/\/www.sunnyshop211.com\/produit\/decoration-de-paques-a-poser-miniature-1-8-1-6-1-4\/#breadcrumb"},"inLanguage":"en-US","potentialAction":[{"@type":"ReadAction","target":["https:\/\/www.sunnyshop211.com\/produit\/decoration-de-paques-a-poser-miniature-1-8-1-6-1-4\/"]}]},{"@type":"ImageObject","inLanguage":"en-US","@id":"https:\/\/www.sunnyshop211.com\/produit\/decoration-de-paques-a-poser-miniature-1-8-1-6-1-4\/#primaryimage","url":"https:\/\/www.sunnyshop211.com\/wp-content\/uploads\/2025\/03\/27-scaled.jpg","contentUrl":"https:\/\/www.sunnyshop211.com\/wp-content\/uploads\/2025\/03\/27-scaled.jpg","width":2560,"height":2042,"caption":"Panier d\u00e9coratif miniature simulation"},{"@type":"BreadcrumbList","@id":"https:\/\/www.sunnyshop211.com\/produit\/decoration-de-paques-a-poser-miniature-1-8-1-6-1-4\/#breadcrumb","itemListElement":[{"@type":"ListItem","position":1,"name":"Accueil","item":"https:\/\/www.sunnyshop211.com\/"},{"@type":"ListItem","position":2,"name":"Boutique","item":"https:\/\/www.sunnyshop211.com\/boutique-miniature-bjd-dolls\/"},{"@type":"ListItem","position":3,"name":"D\u00e9coration de p\u00e2ques \u00e0 poser miniature 1\/8, 1\/6, 1\/4"}]},{"@type":"WebSite","@id":"https:\/\/www.sunnyshop211.com\/#website","url":"https:\/\/www.sunnyshop211.com\/","name":"Sale of dioramas, furniture, miniatures, bjd dolls 1\/12 1\/8 1\/6 1\/4 1\/3","description":"Sunnyshop211 - Your miniature world for dolls and BJDs, dioramas and custom-made furniture!","publisher":{"@id":"https:\/\/www.sunnyshop211.com\/#organization"},"alternateName":"sunnyshop211","potentialAction":[{"@type":"SearchAction","target":{"@type":"EntryPoint","urlTemplate":"https:\/\/www.sunnyshop211.com\/?s={search_term_string}"},"query-input":{"@type":"PropertyValueSpecification","valueRequired":true,"valueName":"search_term_string"}}],"inLanguage":"en-US"},{"@type":"Organization","@id":"https:\/\/www.sunnyshop211.com\/#organization","name":"sunnyshop211","alternateName":"sunnyshop211 diorama bjd meuble miniature","url":"https:\/\/www.sunnyshop211.com\/","logo":{"@type":"ImageObject","inLanguage":"en-US","@id":"https:\/\/www.sunnyshop211.com\/#\/schema\/logo\/image\/","url":"https:\/\/www.sunnyshop211.com\/wp-content\/uploads\/2022\/08\/cropped-cropped-cropped-Sunnyshop211-1.png","contentUrl":"https:\/\/www.sunnyshop211.com\/wp-content\/uploads\/2022\/08\/cropped-cropped-cropped-Sunnyshop211-1.png","width":339,"height":339,"caption":"sunnyshop211"},"image":{"@id":"https:\/\/www.sunnyshop211.com\/#\/schema\/logo\/image\/"},"sameAs":["https:\/\/www.facebook.com\/sunnyshop211\/?ref=bookmarks","https:\/\/x.com\/sunnyshop211","https:\/\/www.instagram.com\/sunnyshop211\/","https:\/\/www.tumblr.com\/blog\/sunnyshop211","https:\/\/www.youtube.com\/channel\/UCtYY18OGGDKrTSzgcf7fCBg","https:\/\/www.tiktok.com\/@sunnydollshop211?is_from_webapp=1&sender_device=pc"]}]}},"jetpack_publicize_connections":[],"jetpack_sharing_enabled":true,"_links":{"self":[{"href":"https:\/\/www.sunnyshop211.com\/en\/wp-json\/wp\/v2\/product\/46076","targetHints":{"allow":["GET"]}}],"collection":[{"href":"https:\/\/www.sunnyshop211.com\/en\/wp-json\/wp\/v2\/product"}],"about":[{"href":"https:\/\/www.sunnyshop211.com\/en\/wp-json\/wp\/v2\/types\/product"}],"replies":[{"embeddable":true,"href":"https:\/\/www.sunnyshop211.com\/en\/wp-json\/wp\/v2\/comments?post=46076"}],"version-history":[{"count":3,"href":"https:\/\/www.sunnyshop211.com\/en\/wp-json\/wp\/v2\/product\/46076\/revisions"}],"predecessor-version":[{"id":53837,"href":"https:\/\/www.sunnyshop211.com\/en\/wp-json\/wp\/v2\/product\/46076\/revisions\/53837"}],"wp:featuredmedia":[{"embeddable":true,"href":"https:\/\/www.sunnyshop211.com\/en\/wp-json\/wp\/v2\/media\/45892"}],"wp:attachment":[{"href":"https:\/\/www.sunnyshop211.com\/en\/wp-json\/wp\/v2\/media?parent=46076"}],"wp:term":[{"taxonomy":"product_brand","embeddable":true,"href":"https:\/\/www.sunnyshop211.com\/en\/wp-json\/wp\/v2\/product_brand?post=46076"},{"taxonomy":"product_cat","embeddable":true,"href":"https:\/\/www.sunnyshop211.com\/en\/wp-json\/wp\/v2\/product_cat?post=46076"},{"taxonomy":"product_tag","embeddable":true,"href":"https:\/\/www.sunnyshop211.com\/en\/wp-json\/wp\/v2\/product_tag?post=46076"}],"curies":[{"name":"wp","href":"https:\/\/api.w.org\/{rel}","templated":true}]}}