{"id":46053,"date":"2025-03-09T18:16:40","date_gmt":"2025-03-09T17:16:40","guid":{"rendered":"https:\/\/www.sunnyshop211.com\/?post_type=product&#038;p=46053"},"modified":"2026-01-01T17:23:23","modified_gmt":"2026-01-01T16:23:23","slug":"decoration-de-paques-lapin-miniature-1-8-1-6-1-4-2","status":"publish","type":"product","link":"https:\/\/www.sunnyshop211.com\/en\/product\/decoration-de-paques-lapin-miniature-1-8-1-6-1-4-2\/","title":{"rendered":"Easter decoration miniature rabbit 1\/8, 1\/6, 1\/4"},"content":{"rendered":"<p>&nbsp;<\/p>\n<div id='gallery-1' class='gallery galleryid-46053 gallery-columns-3 gallery-size-thumbnail'><figure class='gallery-item'>\n\t\t\t<div class='gallery-icon landscape'>\n\t\t\t\t<a href='https:\/\/www.sunnyshop211.com\/en\/?attachment_id=45893'><img decoding=\"async\" width=\"150\" height=\"150\" src=\"https:\/\/www.sunnyshop211.com\/wp-content\/uploads\/2025\/03\/28-scaled-150x150.jpg\" class=\"attachment-thumbnail size-thumbnail\" alt=\"D\u00e9coration de p\u00e2ques lapin miniature 1\/8, 1\/6, 1\/4\" srcset=\"https:\/\/www.sunnyshop211.com\/wp-content\/uploads\/2025\/03\/28-scaled-150x150.jpg 150w, https:\/\/www.sunnyshop211.com\/wp-content\/uploads\/2025\/03\/28-scaled-500x500.jpg 500w, https:\/\/www.sunnyshop211.com\/wp-content\/uploads\/2025\/03\/28-scaled-100x100.jpg 100w\" sizes=\"(max-width: 150px) 100vw, 150px\" \/><\/a>\n\t\t\t<\/div><\/figure>\n\t\t<\/div>\n\n<h2 data-start=\"135\" data-end=\"199\">Easter decoration - Miniature flower bunny 1\/8 - 1\/6 - 1\/4<\/h2>\n<p data-start=\"201\" data-end=\"221\">\u2500\u2500\u2500\u2500\u2500\u2500\u2500\u2500\u2500\u2500\u2500\u2500\u2500\u2500\u2500\u2500\u2500\u2500\u2500\u2500<\/p>\n<h3 data-start=\"223\" data-end=\"240\">\u2728 Description<\/h3>\n<p data-start=\"242\" data-end=\"397\">This <strong data-start=\"248\" data-end=\"288\">Easter decoration miniature rabbit<\/strong> is ideal for celebrating Easter with your dolls and adding a soft, springtime touch to your dioramas.<\/p>\n<p data-start=\"399\" data-end=\"538\">Representing a <strong data-start=\"415\" data-end=\"441\">bunny decorated with flowers<\/strong>, It's easy to install and fits in perfectly with colorful, poetic Easter scenes.<\/p>\n<p data-start=\"540\" data-end=\"614\">\u2714 Fictional article.<br data-start=\"557\" data-end=\"560\" \/>\u2714 Miniature table decoration.<br data-start=\"591\" data-end=\"594\" \/>\u2714 Sold individually.<\/p>\n<p data-start=\"616\" data-end=\"636\">\u2500\u2500\u2500\u2500\u2500\u2500\u2500\u2500\u2500\u2500\u2500\u2500\u2500\u2500\u2500\u2500\u2500\u2500\u2500\u2500<\/p>\n<h3 data-start=\"638\" data-end=\"655\">\ud83d\udc30 Dimensions<\/h3>\n<p data-start=\"657\" data-end=\"690\">\u2022 <strong data-start=\"659\" data-end=\"687\">Height: approx. 6.5 cm<\/strong>.<\/p>\n<p data-start=\"692\" data-end=\"712\">\u2500\u2500\u2500\u2500\u2500\u2500\u2500\u2500\u2500\u2500\u2500\u2500\u2500\u2500\u2500\u2500\u2500\u2500\u2500\u2500<\/p>\n<h3 data-start=\"714\" data-end=\"738\">\ud83c\udfa8 Choice of colors<\/h3>\n<p data-start=\"740\" data-end=\"759\">You choose :<\/p>\n<p data-start=\"761\" data-end=\"849\">- The color of the rabbit:<br data-start=\"784\" data-end=\"787\" \/>- Rose.<br data-start=\"796\" data-end=\"799\" \/>- Blue.<br data-start=\"808\" data-end=\"811\" \/>- Green.<br data-start=\"820\" data-end=\"823\" \/>- Purple.<br data-start=\"834\" data-end=\"837\" \/>- Yellow.<\/p>\n<p data-start=\"851\" data-end=\"920\">\u2022 <strong data-start=\"853\" data-end=\"876\">Base color<\/strong>, according to your desires and your staging.<\/p>\n<p data-start=\"922\" data-end=\"942\">\u2500\u2500\u2500\u2500\u2500\u2500\u2500\u2500\u2500\u2500\u2500\u2500\u2500\u2500\u2500\u2500\u2500\u2500\u2500\u2500<\/p>\n<h3 data-start=\"944\" data-end=\"964\">\ud83e\uddf8 Compatibility<\/h3>\n<p data-start=\"966\" data-end=\"1012\">Ideal for dolls in the following sizes:<\/p>\n<p data-start=\"1014\" data-end=\"1141\">\u2022 <strong data-start=\"1016\" data-end=\"1023\">1\/8<\/strong> Pukifee, Lati Yellow, Nappy Choo.<br data-start=\"1059\" data-end=\"1062\" \/>\u2022 <strong data-start=\"1064\" data-end=\"1071\">1\/6<\/strong> Barbie, Pullip, Blythe.<br data-start=\"1097\" data-end=\"1100\" \/>\u2022 <strong data-start=\"1102\" data-end=\"1109\">1\/4<\/strong> Minifee, MSD, Unoa, Bimong.<\/p>\n<p data-start=\"1143\" data-end=\"1241\">Perfect for customizing your <strong data-start=\"1172\" data-end=\"1194\">Easter dioramas<\/strong>, miniature showcases or spring scenes.<\/p>\n<p data-start=\"1243\" data-end=\"1263\">\u2500\u2500\u2500\u2500\u2500\u2500\u2500\u2500\u2500\u2500\u2500\u2500\u2500\u2500\u2500\u2500\u2500\u2500\u2500\u2500<\/p>\n<h3 data-start=\"1265\" data-end=\"1292\">\ud83d\udc23 Easter collection<\/h3>\n<p data-start=\"1294\" data-end=\"1342\">This decoration goes perfectly with :<\/p>\n<p data-start=\"1344\" data-end=\"1540\">\u2022 <strong data-start=\"1346\" data-end=\"1377\">Miniature Easter bunnies<\/strong>.<br data-start=\"1378\" data-end=\"1381\" \/>\u2022 <strong data-start=\"1383\" data-end=\"1416\">Miniature Easter chicks<\/strong>.<br data-start=\"1417\" data-end=\"1420\" \/>\u2022 <strong data-start=\"1422\" data-end=\"1459\">Easter hanging decorations<\/strong>.<br data-start=\"1460\" data-end=\"1463\" \/>- Other Easter accessories and decorations available in the store.<\/p>\n<p data-start=\"1542\" data-end=\"1562\">\u2500\u2500\u2500\u2500\u2500\u2500\u2500\u2500\u2500\u2500\u2500\u2500\u2500\u2500\u2500\u2500\u2500\u2500\u2500\u2500<\/p>\n<h3 data-start=\"1564\" data-end=\"1594\">\ud83d\udd90\ufe0f Craft manufacturing<\/h3>\n<p data-start=\"1596\" data-end=\"1651\">Each decoration is handcrafted.<\/p>\n<p data-start=\"1653\" data-end=\"1809\">Because of its handmade character:<br data-start=\"1687\" data-end=\"1690\" \/>- slight variations in shape or color may occur.<br data-start=\"1756\" data-end=\"1759\" \/>- a few minor imperfections are possible.<\/p>\n<p data-start=\"1811\" data-end=\"1831\">\u2500\u2500\u2500\u2500\u2500\u2500\u2500\u2500\u2500\u2500\u2500\u2500\u2500\u2500\u2500\u2500\u2500\u2500\u2500\u2500<\/p>\n<h3 data-start=\"1833\" data-end=\"1864\">\ud83d\udce6 Important information<\/h3>\n<p data-start=\"1866\" data-end=\"2189\">- Made to order.<br data-start=\"1897\" data-end=\"1900\" \/>- The photos are examples of staging.<br data-start=\"1948\" data-end=\"1951\" \/>\u2022 <strong data-start=\"1953\" data-end=\"2000\">Only the flower bunny decoration is sold<\/strong>.<br data-start=\"2001\" data-end=\"2004\" \/>- Please allow for manufacturing and delivery times (see General Sales Conditions).<br data-start=\"2107\" data-end=\"2110\" \/>- More photos on Instagram :<br data-start=\"2142\" data-end=\"2145\" \/>\ud83d\udc49 <a class=\"decorated-link\" href=\"https:\/\/www.instagram.com\/sunnyshop211\/\" target=\"_new\" rel=\"noopener\" data-start=\"2148\" data-end=\"2187\">https:\/\/www.instagram.com\/sunnyshop211\/<\/a><\/p>\n<p data-start=\"2191\" data-end=\"2211\">\u2500\u2500\u2500\u2500\u2500\u2500\u2500\u2500\u2500\u2500\u2500\u2500\u2500\u2500\u2500\u2500\u2500\u2500\u2500\u2500<\/p>\n<h3 data-start=\"2213\" data-end=\"2236\">\u26a0\ufe0f Imprint<\/h3>\n<p data-start=\"2238\" data-end=\"2376\">!!!! This is not a toy.<br data-start=\"2267\" data-end=\"2270\" \/>Article intended for an adult audience.<br data-start=\"2305\" data-end=\"2308\" \/>I am not responsible for any damage in transit.<\/p>\n<p>&nbsp;<\/p>","protected":false},"excerpt":{"rendered":"<p>&nbsp; D\u00e9coration de P\u00e2ques \u2013 Lapin fleuri miniature 1\/8 \u00b7 1\/6 \u00b7 1\/4 \u2500\u2500\u2500\u2500\u2500\u2500\u2500\u2500\u2500\u2500\u2500\u2500\u2500\u2500\u2500\u2500\u2500\u2500\u2500\u2500 \u2728 Description Cette d\u00e9coration de P\u00e2ques lapin miniature est id\u00e9ale pour c\u00e9l\u00e9brer P\u00e2ques avec vos dolls et apporter une touche douce et printani\u00e8re \u00e0 vos dioramas. Repr\u00e9sentant un lapin d\u00e9cor\u00e9 de fleurs, elle se pose facilement et s\u2019int\u00e8gre parfaitement aux sc\u00e8nes [&hellip;]<\/p>\n","protected":false},"featured_media":45893,"comment_status":"open","ping_status":"closed","template":"","meta":{"_crdt_document":"","jetpack_post_was_ever_published":false,"jetpack_publicize_message":"","jetpack_publicize_feature_enabled":true,"jetpack_social_post_already_shared":true,"jetpack_social_options":{"image_generator_settings":{"template":"highway","default_image_id":0,"font":"","enabled":false},"version":2}},"product_brand":[],"product_cat":[667687052],"product_tag":[667681278,667681143,667681341,667681136,667681284,667681142,667681234,667681226,667681233,667682270,667682272,667681272,667681239,667681348,667681225,667681241,667681242,667681340,667682274,667681426,667681236,667681261,667681232,667681173,667681237,667682276,667681280,667681177,667681277,667681235,667681260],"class_list":{"0":"post-46053","1":"product","2":"type-product","3":"status-publish","4":"has-post-thumbnail","6":"product_cat-decoration-de-paques","7":"product_tag-barbie","8":"product_tag-bedroom","9":"product_tag-bid","10":"product_tag-bjd","11":"product_tag-blythe","12":"product_tag-chambre","13":"product_tag-diorama","14":"product_tag-doll","15":"product_tag-dollhouse","16":"product_tag-easter","17":"product_tag-easter-bunny","18":"product_tag-elowynn-wilde","19":"product_tag-fairyland","20":"product_tag-fashion-royalty","21":"product_tag-furniture","22":"product_tag-iplehouse","23":"product_tag-jid","24":"product_tag-kid","25":"product_tag-lapin-de-paques","26":"product_tag-littlefee","27":"product_tag-maison-de-poupee","28":"product_tag-meuble","29":"product_tag-miniature","30":"product_tag-minifee","31":"product_tag-msd","32":"product_tag-paques","33":"product_tag-phicen","34":"product_tag-poupee","35":"product_tag-pullip","36":"product_tag-roombox","37":"product_tag-tonner","38":"product_shipping_class-lettresuivie","39":"pa_couleur-bleu","40":"pa_couleur-jaune","41":"pa_couleur-rose-pink","42":"pa_couleur-vert","43":"pa_couleur-violet-fr","45":"first","46":"instock","47":"taxable","48":"shipping-taxable","49":"purchasable","50":"product-type-variable"},"yoast_head":"<!-- This site is optimized with the Yoast SEO plugin v27.5 - https:\/\/yoast.com\/product\/yoast-seo-wordpress\/ -->\n<title>D\u00e9coration de p\u00e2ques lapin miniature 1\/8, 1\/6, 1\/4 -<\/title>\n<meta name=\"description\" content=\"D\u00e9coration de p\u00e2ques lapin miniature 1\/8, 1\/6, 1\/4 . Id\u00e9al pour f\u00eater P\u00e2ques avec vos dolls comme pukifee, lati yellow, Barbie, pullip, minifee, MSD\" \/>\n<meta name=\"robots\" content=\"index, follow, max-snippet:-1, max-image-preview:large, max-video-preview:-1\" \/>\n<link rel=\"canonical\" href=\"https:\/\/www.sunnyshop211.com\/en\/product\/decoration-de-paques-lapin-miniature-1-8-1-6-1-4-2\/\" \/>\n<meta property=\"og:locale\" content=\"en_US\" \/>\n<meta property=\"og:type\" content=\"article\" \/>\n<meta property=\"og:title\" content=\"D\u00e9coration de p\u00e2ques lapin miniature 1\/8, 1\/6, 1\/4 -\" \/>\n<meta property=\"og:description\" content=\"D\u00e9coration de p\u00e2ques lapin miniature 1\/8, 1\/6, 1\/4 . Id\u00e9al pour f\u00eater P\u00e2ques avec vos dolls comme pukifee, lati yellow, Barbie, pullip, minifee, MSD\" \/>\n<meta property=\"og:url\" content=\"https:\/\/www.sunnyshop211.com\/en\/product\/decoration-de-paques-lapin-miniature-1-8-1-6-1-4-2\/\" \/>\n<meta property=\"og:site_name\" content=\"Sunnyshop211 -Vente de dioramas, meubles, miniatures , bjd poup\u00e9es 1\/12 1\/8 1\/6 1\/4 1\/3\" \/>\n<meta property=\"article:publisher\" content=\"https:\/\/www.facebook.com\/sunnyshop211\/?ref=bookmarks\" \/>\n<meta property=\"article:modified_time\" content=\"2026-01-01T16:23:23+00:00\" \/>\n<meta property=\"og:image\" content=\"https:\/\/www.sunnyshop211.com\/wp-content\/uploads\/2025\/03\/28-scaled.jpg\" \/>\n\t<meta property=\"og:image:width\" content=\"2560\" \/>\n\t<meta property=\"og:image:height\" content=\"2165\" \/>\n\t<meta property=\"og:image:type\" content=\"image\/jpeg\" \/>\n<meta name=\"twitter:card\" content=\"summary_large_image\" \/>\n<meta name=\"twitter:site\" content=\"@sunnyshop211\" \/>\n<meta name=\"twitter:label1\" content=\"Est. reading time\" \/>\n\t<meta name=\"twitter:data1\" content=\"2 minutes\" \/>\n<script type=\"application\/ld+json\" class=\"yoast-schema-graph\">{\"@context\":\"https:\\\/\\\/schema.org\",\"@graph\":[{\"@type\":\"WebPage\",\"@id\":\"https:\\\/\\\/www.sunnyshop211.com\\\/produit\\\/decoration-de-paques-lapin-miniature-1-8-1-6-1-4-2\\\/\",\"url\":\"https:\\\/\\\/www.sunnyshop211.com\\\/produit\\\/decoration-de-paques-lapin-miniature-1-8-1-6-1-4-2\\\/\",\"name\":\"D\u00e9coration de p\u00e2ques lapin miniature 1\\\/8, 1\\\/6, 1\\\/4 -\",\"isPartOf\":{\"@id\":\"https:\\\/\\\/www.sunnyshop211.com\\\/#website\"},\"primaryImageOfPage\":{\"@id\":\"https:\\\/\\\/www.sunnyshop211.com\\\/produit\\\/decoration-de-paques-lapin-miniature-1-8-1-6-1-4-2\\\/#primaryimage\"},\"image\":{\"@id\":\"https:\\\/\\\/www.sunnyshop211.com\\\/produit\\\/decoration-de-paques-lapin-miniature-1-8-1-6-1-4-2\\\/#primaryimage\"},\"thumbnailUrl\":\"https:\\\/\\\/www.sunnyshop211.com\\\/wp-content\\\/uploads\\\/2025\\\/03\\\/28-scaled.jpg\",\"datePublished\":\"2025-03-09T17:16:40+00:00\",\"dateModified\":\"2026-01-01T16:23:23+00:00\",\"description\":\"D\u00e9coration de p\u00e2ques lapin miniature 1\\\/8, 1\\\/6, 1\\\/4 . Id\u00e9al pour f\u00eater P\u00e2ques avec vos dolls comme pukifee, lati yellow, Barbie, pullip, minifee, MSD\",\"breadcrumb\":{\"@id\":\"https:\\\/\\\/www.sunnyshop211.com\\\/produit\\\/decoration-de-paques-lapin-miniature-1-8-1-6-1-4-2\\\/#breadcrumb\"},\"inLanguage\":\"en-US\",\"potentialAction\":[{\"@type\":\"ReadAction\",\"target\":[\"https:\\\/\\\/www.sunnyshop211.com\\\/produit\\\/decoration-de-paques-lapin-miniature-1-8-1-6-1-4-2\\\/\"]}]},{\"@type\":\"ImageObject\",\"inLanguage\":\"en-US\",\"@id\":\"https:\\\/\\\/www.sunnyshop211.com\\\/produit\\\/decoration-de-paques-lapin-miniature-1-8-1-6-1-4-2\\\/#primaryimage\",\"url\":\"https:\\\/\\\/www.sunnyshop211.com\\\/wp-content\\\/uploads\\\/2025\\\/03\\\/28-scaled.jpg\",\"contentUrl\":\"https:\\\/\\\/www.sunnyshop211.com\\\/wp-content\\\/uploads\\\/2025\\\/03\\\/28-scaled.jpg\",\"width\":2560,\"height\":2165,\"caption\":\"D\u00e9coration de p\u00e2ques lapin miniature 1\\\/8, 1\\\/6, 1\\\/4\"},{\"@type\":\"BreadcrumbList\",\"@id\":\"https:\\\/\\\/www.sunnyshop211.com\\\/produit\\\/decoration-de-paques-lapin-miniature-1-8-1-6-1-4-2\\\/#breadcrumb\",\"itemListElement\":[{\"@type\":\"ListItem\",\"position\":1,\"name\":\"Accueil\",\"item\":\"https:\\\/\\\/www.sunnyshop211.com\\\/\"},{\"@type\":\"ListItem\",\"position\":2,\"name\":\"Boutique\",\"item\":\"https:\\\/\\\/www.sunnyshop211.com\\\/boutique-miniature-bjd-dolls\\\/\"},{\"@type\":\"ListItem\",\"position\":3,\"name\":\"D\u00e9coration de p\u00e2ques lapin miniature 1\\\/8, 1\\\/6, 1\\\/4\"}]},{\"@type\":\"WebSite\",\"@id\":\"https:\\\/\\\/www.sunnyshop211.com\\\/#website\",\"url\":\"https:\\\/\\\/www.sunnyshop211.com\\\/\",\"name\":\"Vente de dioramas, meubles, miniatures , bjd poup\u00e9es 1\\\/12 1\\\/8 1\\\/6 1\\\/4 1\\\/3\",\"description\":\"Sunnyshop211 - Votre univers miniature pour poup\u00e9es et BJD, dioramas et meubles sur mesure !\",\"publisher\":{\"@id\":\"https:\\\/\\\/www.sunnyshop211.com\\\/#organization\"},\"alternateName\":\"sunnyshop211\",\"potentialAction\":[{\"@type\":\"SearchAction\",\"target\":{\"@type\":\"EntryPoint\",\"urlTemplate\":\"https:\\\/\\\/www.sunnyshop211.com\\\/?s={search_term_string}\"},\"query-input\":{\"@type\":\"PropertyValueSpecification\",\"valueRequired\":true,\"valueName\":\"search_term_string\"}}],\"inLanguage\":\"en-US\"},{\"@type\":\"Organization\",\"@id\":\"https:\\\/\\\/www.sunnyshop211.com\\\/#organization\",\"name\":\"sunnyshop211\",\"alternateName\":\"sunnyshop211 diorama bjd meuble miniature\",\"url\":\"https:\\\/\\\/www.sunnyshop211.com\\\/\",\"logo\":{\"@type\":\"ImageObject\",\"inLanguage\":\"en-US\",\"@id\":\"https:\\\/\\\/www.sunnyshop211.com\\\/#\\\/schema\\\/logo\\\/image\\\/\",\"url\":\"https:\\\/\\\/www.sunnyshop211.com\\\/wp-content\\\/uploads\\\/2022\\\/08\\\/cropped-cropped-cropped-Sunnyshop211-1.png\",\"contentUrl\":\"https:\\\/\\\/www.sunnyshop211.com\\\/wp-content\\\/uploads\\\/2022\\\/08\\\/cropped-cropped-cropped-Sunnyshop211-1.png\",\"width\":339,\"height\":339,\"caption\":\"sunnyshop211\"},\"image\":{\"@id\":\"https:\\\/\\\/www.sunnyshop211.com\\\/#\\\/schema\\\/logo\\\/image\\\/\"},\"sameAs\":[\"https:\\\/\\\/www.facebook.com\\\/sunnyshop211\\\/?ref=bookmarks\",\"https:\\\/\\\/x.com\\\/sunnyshop211\",\"https:\\\/\\\/www.instagram.com\\\/sunnyshop211\\\/\",\"https:\\\/\\\/www.tumblr.com\\\/blog\\\/sunnyshop211\",\"https:\\\/\\\/www.youtube.com\\\/channel\\\/UCtYY18OGGDKrTSzgcf7fCBg\",\"https:\\\/\\\/www.tiktok.com\\\/@sunnydollshop211?is_from_webapp=1&sender_device=pc\"]}]}<\/script>\n<!-- \/ Yoast SEO plugin. -->","yoast_head_json":{"title":"Easter decoration miniature rabbit 1\/8, 1\/6, 1\/4 -","description":"Easter decoration miniature rabbit 1\/8, 1\/6, 1\/4 . Ideal for celebrating Easter with your dolls such as pukifee, lati yellow, Barbie, pullip, minifee, MSD.","robots":{"index":"index","follow":"follow","max-snippet":"max-snippet:-1","max-image-preview":"max-image-preview:large","max-video-preview":"max-video-preview:-1"},"canonical":"https:\/\/www.sunnyshop211.com\/en\/product\/decoration-de-paques-lapin-miniature-1-8-1-6-1-4-2\/","og_locale":"en_US","og_type":"article","og_title":"D\u00e9coration de p\u00e2ques lapin miniature 1\/8, 1\/6, 1\/4 -","og_description":"D\u00e9coration de p\u00e2ques lapin miniature 1\/8, 1\/6, 1\/4 . Id\u00e9al pour f\u00eater P\u00e2ques avec vos dolls comme pukifee, lati yellow, Barbie, pullip, minifee, MSD","og_url":"https:\/\/www.sunnyshop211.com\/en\/product\/decoration-de-paques-lapin-miniature-1-8-1-6-1-4-2\/","og_site_name":"Sunnyshop211 -Vente de dioramas, meubles, miniatures , bjd poup\u00e9es 1\/12 1\/8 1\/6 1\/4 1\/3","article_publisher":"https:\/\/www.facebook.com\/sunnyshop211\/?ref=bookmarks","article_modified_time":"2026-01-01T16:23:23+00:00","og_image":[{"width":2560,"height":2165,"url":"https:\/\/www.sunnyshop211.com\/wp-content\/uploads\/2025\/03\/28-scaled.jpg","type":"image\/jpeg"}],"twitter_card":"summary_large_image","twitter_site":"@sunnyshop211","twitter_misc":{"Est. reading time":"2 minutes"},"schema":{"@context":"https:\/\/schema.org","@graph":[{"@type":"WebPage","@id":"https:\/\/www.sunnyshop211.com\/produit\/decoration-de-paques-lapin-miniature-1-8-1-6-1-4-2\/","url":"https:\/\/www.sunnyshop211.com\/produit\/decoration-de-paques-lapin-miniature-1-8-1-6-1-4-2\/","name":"Easter decoration miniature rabbit 1\/8, 1\/6, 1\/4 -","isPartOf":{"@id":"https:\/\/www.sunnyshop211.com\/#website"},"primaryImageOfPage":{"@id":"https:\/\/www.sunnyshop211.com\/produit\/decoration-de-paques-lapin-miniature-1-8-1-6-1-4-2\/#primaryimage"},"image":{"@id":"https:\/\/www.sunnyshop211.com\/produit\/decoration-de-paques-lapin-miniature-1-8-1-6-1-4-2\/#primaryimage"},"thumbnailUrl":"https:\/\/www.sunnyshop211.com\/wp-content\/uploads\/2025\/03\/28-scaled.jpg","datePublished":"2025-03-09T17:16:40+00:00","dateModified":"2026-01-01T16:23:23+00:00","description":"Easter decoration miniature rabbit 1\/8, 1\/6, 1\/4 . Ideal for celebrating Easter with your dolls such as pukifee, lati yellow, Barbie, pullip, minifee, MSD.","breadcrumb":{"@id":"https:\/\/www.sunnyshop211.com\/produit\/decoration-de-paques-lapin-miniature-1-8-1-6-1-4-2\/#breadcrumb"},"inLanguage":"en-US","potentialAction":[{"@type":"ReadAction","target":["https:\/\/www.sunnyshop211.com\/produit\/decoration-de-paques-lapin-miniature-1-8-1-6-1-4-2\/"]}]},{"@type":"ImageObject","inLanguage":"en-US","@id":"https:\/\/www.sunnyshop211.com\/produit\/decoration-de-paques-lapin-miniature-1-8-1-6-1-4-2\/#primaryimage","url":"https:\/\/www.sunnyshop211.com\/wp-content\/uploads\/2025\/03\/28-scaled.jpg","contentUrl":"https:\/\/www.sunnyshop211.com\/wp-content\/uploads\/2025\/03\/28-scaled.jpg","width":2560,"height":2165,"caption":"D\u00e9coration de p\u00e2ques lapin miniature 1\/8, 1\/6, 1\/4"},{"@type":"BreadcrumbList","@id":"https:\/\/www.sunnyshop211.com\/produit\/decoration-de-paques-lapin-miniature-1-8-1-6-1-4-2\/#breadcrumb","itemListElement":[{"@type":"ListItem","position":1,"name":"Accueil","item":"https:\/\/www.sunnyshop211.com\/"},{"@type":"ListItem","position":2,"name":"Boutique","item":"https:\/\/www.sunnyshop211.com\/boutique-miniature-bjd-dolls\/"},{"@type":"ListItem","position":3,"name":"D\u00e9coration de p\u00e2ques lapin miniature 1\/8, 1\/6, 1\/4"}]},{"@type":"WebSite","@id":"https:\/\/www.sunnyshop211.com\/#website","url":"https:\/\/www.sunnyshop211.com\/","name":"Sale of dioramas, furniture, miniatures, bjd dolls 1\/12 1\/8 1\/6 1\/4 1\/3","description":"Sunnyshop211 - Your miniature world for dolls and BJDs, dioramas and custom-made furniture!","publisher":{"@id":"https:\/\/www.sunnyshop211.com\/#organization"},"alternateName":"sunnyshop211","potentialAction":[{"@type":"SearchAction","target":{"@type":"EntryPoint","urlTemplate":"https:\/\/www.sunnyshop211.com\/?s={search_term_string}"},"query-input":{"@type":"PropertyValueSpecification","valueRequired":true,"valueName":"search_term_string"}}],"inLanguage":"en-US"},{"@type":"Organization","@id":"https:\/\/www.sunnyshop211.com\/#organization","name":"sunnyshop211","alternateName":"sunnyshop211 diorama bjd meuble miniature","url":"https:\/\/www.sunnyshop211.com\/","logo":{"@type":"ImageObject","inLanguage":"en-US","@id":"https:\/\/www.sunnyshop211.com\/#\/schema\/logo\/image\/","url":"https:\/\/www.sunnyshop211.com\/wp-content\/uploads\/2022\/08\/cropped-cropped-cropped-Sunnyshop211-1.png","contentUrl":"https:\/\/www.sunnyshop211.com\/wp-content\/uploads\/2022\/08\/cropped-cropped-cropped-Sunnyshop211-1.png","width":339,"height":339,"caption":"sunnyshop211"},"image":{"@id":"https:\/\/www.sunnyshop211.com\/#\/schema\/logo\/image\/"},"sameAs":["https:\/\/www.facebook.com\/sunnyshop211\/?ref=bookmarks","https:\/\/x.com\/sunnyshop211","https:\/\/www.instagram.com\/sunnyshop211\/","https:\/\/www.tumblr.com\/blog\/sunnyshop211","https:\/\/www.youtube.com\/channel\/UCtYY18OGGDKrTSzgcf7fCBg","https:\/\/www.tiktok.com\/@sunnydollshop211?is_from_webapp=1&sender_device=pc"]}]}},"jetpack_publicize_connections":[],"jetpack_sharing_enabled":true,"_links":{"self":[{"href":"https:\/\/www.sunnyshop211.com\/en\/wp-json\/wp\/v2\/product\/46053","targetHints":{"allow":["GET"]}}],"collection":[{"href":"https:\/\/www.sunnyshop211.com\/en\/wp-json\/wp\/v2\/product"}],"about":[{"href":"https:\/\/www.sunnyshop211.com\/en\/wp-json\/wp\/v2\/types\/product"}],"replies":[{"embeddable":true,"href":"https:\/\/www.sunnyshop211.com\/en\/wp-json\/wp\/v2\/comments?post=46053"}],"version-history":[{"count":2,"href":"https:\/\/www.sunnyshop211.com\/en\/wp-json\/wp\/v2\/product\/46053\/revisions"}],"predecessor-version":[{"id":53838,"href":"https:\/\/www.sunnyshop211.com\/en\/wp-json\/wp\/v2\/product\/46053\/revisions\/53838"}],"wp:featuredmedia":[{"embeddable":true,"href":"https:\/\/www.sunnyshop211.com\/en\/wp-json\/wp\/v2\/media\/45893"}],"wp:attachment":[{"href":"https:\/\/www.sunnyshop211.com\/en\/wp-json\/wp\/v2\/media?parent=46053"}],"wp:term":[{"taxonomy":"product_brand","embeddable":true,"href":"https:\/\/www.sunnyshop211.com\/en\/wp-json\/wp\/v2\/product_brand?post=46053"},{"taxonomy":"product_cat","embeddable":true,"href":"https:\/\/www.sunnyshop211.com\/en\/wp-json\/wp\/v2\/product_cat?post=46053"},{"taxonomy":"product_tag","embeddable":true,"href":"https:\/\/www.sunnyshop211.com\/en\/wp-json\/wp\/v2\/product_tag?post=46053"}],"curies":[{"name":"wp","href":"https:\/\/api.w.org\/{rel}","templated":true}]}}