{"id":46026,"date":"2025-03-09T18:05:53","date_gmt":"2025-03-09T17:05:53","guid":{"rendered":"https:\/\/www.sunnyshop211.com\/?post_type=product&#038;p=46026"},"modified":"2025-12-30T19:54:19","modified_gmt":"2025-12-30T18:54:19","slug":"panier-decoratif-miniature-simulation","status":"publish","type":"product","link":"https:\/\/www.sunnyshop211.com\/en\/product\/panier-decoratif-miniature-simulation\/","title":{"rendered":"\ud83e\uddfa Miniature decorative basket - 1\/6 &amp; 1\/4"},"content":{"rendered":"<p>&nbsp;<\/p>\n<div id='gallery-1' class='gallery galleryid-46026 gallery-columns-3 gallery-size-thumbnail'><figure class='gallery-item'>\n\t\t\t<div class='gallery-icon landscape'>\n\t\t\t\t<a href='https:\/\/www.sunnyshop211.com\/en\/?attachment_id=46097'><img decoding=\"async\" width=\"150\" height=\"150\" src=\"https:\/\/www.sunnyshop211.com\/wp-content\/uploads\/2025\/03\/1-1-scaled-150x150.jpg\" class=\"attachment-thumbnail size-thumbnail\" alt=\"Panier d\u00e9coratif miniature simulation\" srcset=\"https:\/\/www.sunnyshop211.com\/wp-content\/uploads\/2025\/03\/1-1-scaled-150x150.jpg 150w, https:\/\/www.sunnyshop211.com\/wp-content\/uploads\/2025\/03\/1-1-scaled-500x500.jpg 500w, https:\/\/www.sunnyshop211.com\/wp-content\/uploads\/2025\/03\/1-1-scaled-100x100.jpg 100w\" sizes=\"(max-width: 150px) 100vw, 150px\" \/><\/a>\n\t\t\t<\/div><\/figure><figure class='gallery-item'>\n\t\t\t<div class='gallery-icon landscape'>\n\t\t\t\t<a href='https:\/\/www.sunnyshop211.com\/en\/?attachment_id=46098'><img decoding=\"async\" width=\"150\" height=\"150\" src=\"https:\/\/www.sunnyshop211.com\/wp-content\/uploads\/2025\/03\/2-2-150x150.jpg\" class=\"attachment-thumbnail size-thumbnail\" alt=\"\" srcset=\"https:\/\/www.sunnyshop211.com\/wp-content\/uploads\/2025\/03\/2-2-150x150.jpg 150w, https:\/\/www.sunnyshop211.com\/wp-content\/uploads\/2025\/03\/2-2-500x500.jpg 500w, https:\/\/www.sunnyshop211.com\/wp-content\/uploads\/2025\/03\/2-2-100x100.jpg 100w\" sizes=\"(max-width: 150px) 100vw, 150px\" \/><\/a>\n\t\t\t<\/div><\/figure>\n\t\t<\/div>\n\n<h2 data-start=\"119\" data-end=\"165\">\ud83e\uddfa Miniature decorative basket - 1\/6 &amp; 1\/4<\/h2>\n<p data-start=\"166\" data-end=\"221\">Barbie, Pullip, Blythe \/ BJD Minifee, MSD, Unoa, Bimong<\/p>\n<h3 data-start=\"223\" data-end=\"241\">\ud83d\udcf8 Description<\/h3>\n<p data-start=\"243\" data-end=\"380\">This miniature decorative basket <strong data-start=\"276\" data-end=\"296\">wicker simulation<\/strong> is an ideal accessory for personalizing and enriching your dolls' interiors.<\/p>\n<p data-start=\"382\" data-end=\"588\">Perfect for decorating <strong data-start=\"407\" data-end=\"418\">kitchen<\/strong>a <strong data-start=\"424\" data-end=\"435\">room<\/strong>a <strong data-start=\"441\" data-end=\"458\">bathroom<\/strong> or any other miniature living space, it adds a natural, warm and realistic touch to your dioramas and stagings.<\/p>\n<p data-start=\"590\" data-end=\"644\">\ud83d\udc49 Fictitious item, for decorative purposes only.<\/p>\n<hr data-start=\"646\" data-end=\"649\" \/>\n<h3 data-start=\"651\" data-end=\"681\">\ud83d\udc57 Compatibility &amp; scale<\/h3>\n<p data-start=\"683\" data-end=\"742\">Suitable for dolls on ladders <strong data-start=\"715\" data-end=\"729\">1\/6 and 1\/4<\/strong>, including :<\/p>\n<p data-start=\"744\" data-end=\"862\">\u2022 <strong data-start=\"746\" data-end=\"753\">1\/6<\/strong> : Barbie, Pullip, Blythe<br data-start=\"778\" data-end=\"781\" \/>\u2022 <strong data-start=\"783\" data-end=\"790\">1\/4<\/strong> : Minifee, MSD, Unoa, Bimong<br data-start=\"819\" data-end=\"822\" \/>- Other dolls of equivalent size<\/p>\n<hr data-start=\"864\" data-end=\"867\" \/>\n<h3 data-start=\"869\" data-end=\"908\">\ud83c\udfa8 Available colors &amp; finishes<\/h3>\n<p data-start=\"910\" data-end=\"972\">You choose <strong data-start=\"926\" data-end=\"940\">the color<\/strong> and <strong data-start=\"944\" data-end=\"959\">the finish<\/strong> desired :<\/p>\n<p data-start=\"974\" data-end=\"1010\"><strong data-start=\"974\" data-end=\"988\">Colors :<\/strong><br data-start=\"988\" data-end=\"991\" \/>- White<br data-start=\"998\" data-end=\"1001\" \/>- Beige<\/p>\n<p data-start=\"1012\" data-end=\"1060\"><strong data-start=\"1012\" data-end=\"1027\">Finishes :<\/strong><br data-start=\"1027\" data-end=\"1030\" \/>\u2022 <strong data-start=\"1032\" data-end=\"1043\">Twisted<\/strong><br data-start=\"1043\" data-end=\"1046\" \/>\u2022 <strong data-start=\"1048\" data-end=\"1060\">Standard<\/strong><\/p>\n<p data-start=\"1062\" data-end=\"1144\">- Basket with <strong data-start=\"1076\" data-end=\"1111\">two fixed interlaced handles<\/strong><br data-start=\"1111\" data-end=\"1114\" \/>- The basket <strong data-start=\"1126\" data-end=\"1144\">does not open<\/strong><\/p>\n<hr data-start=\"1146\" data-end=\"1149\" \/>\n<h3 data-start=\"1151\" data-end=\"1168\">\ud83d\udccf Dimensions<\/h3>\n<p data-start=\"1170\" data-end=\"1188\">\u2022 <strong data-start=\"1172\" data-end=\"1188\">5 cm high<\/strong><\/p>\n<hr data-start=\"1190\" data-end=\"1193\" \/>\n<h3 data-start=\"1195\" data-end=\"1209\">\ud83d\udce6 Contents<\/h3>\n<p data-start=\"1211\" data-end=\"1263\">- 1 miniature decorative basket (sold <strong data-start=\"1249\" data-end=\"1262\">per unit<\/strong>)<\/p>\n<p data-start=\"1265\" data-end=\"1547\">\ud83d\udc49 The prize is for <strong data-start=\"1285\" data-end=\"1303\">a single basket<\/strong><br data-start=\"1303\" data-end=\"1306\" \/>\ud83d\udc49 The basket is sold <strong data-start=\"1329\" data-end=\"1337\">vacuum<\/strong><br data-start=\"1337\" data-end=\"1340\" \/>\ud83d\udc49 Other accessories shown in the photos are not included but are available separately in the store.<br data-start=\"1453\" data-end=\"1456\" \/>\ud83d\udc49 The miniature kitchen shown in some photos is sold separately in the store.<\/p>\n<hr data-start=\"1549\" data-end=\"1552\" \/>\n<h3 data-start=\"1554\" data-end=\"1583\">\ud83e\udeb5 Handcrafted<\/h3>\n<p data-start=\"1585\" data-end=\"1678\">- Article made in <strong data-start=\"1607\" data-end=\"1617\">resin<\/strong><br data-start=\"1617\" data-end=\"1620\" \/>- Hand-made and hand-finished<br data-start=\"1647\" data-end=\"1650\" \/>- Made to order<\/p>\n<p data-start=\"1680\" data-end=\"1831\">Due to the artisanal character, there may be :<br data-start=\"1731\" data-end=\"1734\" \/>- slight variations in shape or color<br data-start=\"1780\" data-end=\"1783\" \/>- minor imperfections, typical of handmade products<\/p>\n<hr data-start=\"1833\" data-end=\"1836\" \/>\n<h3 data-start=\"1838\" data-end=\"1856\">\ud83c\udfe1 Use<\/h3>\n<p data-start=\"1858\" data-end=\"2036\">- Dioramas &amp; staging<br data-start=\"1885\" data-end=\"1888\" \/>- Miniature interior design (kitchen, bedroom, storage)<br data-start=\"1952\" data-end=\"1955\" \/>- Compatible with my furniture and accessories sold separately in the store<\/p>\n<hr data-start=\"2038\" data-end=\"2041\" \/>\n<h3 data-start=\"2043\" data-end=\"2074\">\u26a0\ufe0f Important information<\/h3>\n<p data-start=\"2076\" data-end=\"2310\">- Fictional article<br data-start=\"2092\" data-end=\"2095\" \/>- This is not a toy<br data-start=\"2120\" data-end=\"2123\" \/>- For adults only<br data-start=\"2162\" data-end=\"2165\" \/>- The photos are examples of decoration<br data-start=\"2209\" data-end=\"2212\" \/>- Only the basket is sold<br data-start=\"2238\" data-end=\"2241\" \/>- I am not responsible for any damage incurred in transit.<\/p>\n<hr data-start=\"2312\" data-end=\"2315\" \/>\n<h3 data-start=\"2317\" data-end=\"2343\">\u23f3 Manufacturing &amp; lead times<\/h3>\n<p data-start=\"2345\" data-end=\"2508\">- Article made to order<br data-start=\"2375\" data-end=\"2378\" \/>- Please allow for manufacturing and delivery times.<br data-start=\"2443\" data-end=\"2446\" \/>\u27a1\ufe0f See Terms and Conditions and delivery times<\/p>\n<hr data-start=\"2510\" data-end=\"2513\" \/>\n<h3 data-start=\"2515\" data-end=\"2551\">\ud83d\udcf8 More photos &amp; inspiration<\/h3>\n<p data-start=\"2553\" data-end=\"2595\">\ud83d\udc49 <a class=\"decorated-link\" href=\"https:\/\/www.instagram.com\/sunnyshop211\/\" target=\"_new\" rel=\"noopener\" data-start=\"2556\" data-end=\"2595\">https:\/\/www.instagram.com\/sunnyshop211\/<\/a><\/p>\n<hr data-start=\"2597\" data-end=\"2600\" \/>\n<p data-start=\"2602\" data-end=\"2720\">\ud83e\uddfa\u2728 <strong data-start=\"2606\" data-end=\"2720\">An elegant, versatile miniature accessory for creating warm, realistic interiors in 1\/6 and 1\/4 scale.<\/strong><\/p>\n<p>&nbsp;<\/p>\n<p>&nbsp;<\/p>","protected":false},"excerpt":{"rendered":"<p>&nbsp; \ud83e\uddfa Panier d\u00e9coratif miniature \u2013 1\/6 &amp; 1\/4 Barbie, Pullip, Blythe \/ BJD Minifee, MSD, Unoa, Bimong \ud83d\udcf8 Description Ce panier d\u00e9coratif miniature en simulation osier est un accessoire id\u00e9al pour personnaliser et enrichir les int\u00e9rieurs de vos dolls. Parfait pour d\u00e9corer une cuisine, une chambre, une salle de bain ou tout autre espace [&hellip;]<\/p>\n","protected":false},"featured_media":46097,"comment_status":"open","ping_status":"closed","template":"","meta":{"_crdt_document":"","jetpack_post_was_ever_published":false,"jetpack_publicize_message":"","jetpack_publicize_feature_enabled":true,"jetpack_social_post_already_shared":true,"jetpack_social_options":{"image_generator_settings":{"template":"highway","default_image_id":0,"font":"","enabled":false},"version":2}},"product_brand":[],"product_cat":[667687022],"product_tag":[667681278,667681143,667681341,667681136,667681284,667681142,667681234,667681226,667681233,667682270,667682272,667681272,667681239,667681348,667681225,667681241,667681242,667681340,667682274,667681426,667681236,667681261,667681232,667681173,667681237,667682276,667681280,667681177,667681277,667681235,667681260],"class_list":{"0":"post-46026","1":"product","2":"type-product","3":"status-publish","4":"has-post-thumbnail","6":"product_cat-decoration-de-cuisine","7":"product_tag-barbie","8":"product_tag-bedroom","9":"product_tag-bid","10":"product_tag-bjd","11":"product_tag-blythe","12":"product_tag-chambre","13":"product_tag-diorama","14":"product_tag-doll","15":"product_tag-dollhouse","16":"product_tag-easter","17":"product_tag-easter-bunny","18":"product_tag-elowynn-wilde","19":"product_tag-fairyland","20":"product_tag-fashion-royalty","21":"product_tag-furniture","22":"product_tag-iplehouse","23":"product_tag-jid","24":"product_tag-kid","25":"product_tag-lapin-de-paques","26":"product_tag-littlefee","27":"product_tag-maison-de-poupee","28":"product_tag-meuble","29":"product_tag-miniature","30":"product_tag-minifee","31":"product_tag-msd","32":"product_tag-paques","33":"product_tag-phicen","34":"product_tag-poupee","35":"product_tag-pullip","36":"product_tag-roombox","37":"product_tag-tonner","38":"product_shipping_class-colissimo-5","39":"pa_couleur-beige","40":"pa_couleur-blanc","42":"first","43":"instock","44":"taxable","45":"shipping-taxable","46":"purchasable","47":"product-type-variable"},"yoast_head":"<!-- This site is optimized with the Yoast SEO plugin v27.4 - https:\/\/yoast.com\/product\/yoast-seo-wordpress\/ -->\n<title>\ud83e\uddfa Panier d\u00e9coratif miniature \u2013 1\/6 &amp; 1\/4 -<\/title>\n<meta name=\"description\" content=\"Panier d\u00e9coratif miniature simulation. Id\u00e9al pour d\u00e9corer l&#039;int\u00e9rieur de vos dolls comme pukifee, lati yellow, Barbie, pullip, minifee, MSD\" \/>\n<meta name=\"robots\" content=\"index, follow, max-snippet:-1, max-image-preview:large, max-video-preview:-1\" \/>\n<link rel=\"canonical\" href=\"https:\/\/www.sunnyshop211.com\/en\/product\/panier-decoratif-miniature-simulation\/\" \/>\n<meta property=\"og:locale\" content=\"en_US\" \/>\n<meta property=\"og:type\" content=\"article\" \/>\n<meta property=\"og:title\" content=\"\ud83e\uddfa Panier d\u00e9coratif miniature \u2013 1\/6 &amp; 1\/4 -\" \/>\n<meta property=\"og:description\" content=\"Panier d\u00e9coratif miniature simulation. Id\u00e9al pour d\u00e9corer l&#039;int\u00e9rieur de vos dolls comme pukifee, lati yellow, Barbie, pullip, minifee, MSD\" \/>\n<meta property=\"og:url\" content=\"https:\/\/www.sunnyshop211.com\/en\/product\/panier-decoratif-miniature-simulation\/\" \/>\n<meta property=\"og:site_name\" content=\"Sunnyshop211 -Vente de dioramas, meubles, miniatures , bjd poup\u00e9es 1\/12 1\/8 1\/6 1\/4 1\/3\" \/>\n<meta property=\"article:publisher\" content=\"https:\/\/www.facebook.com\/sunnyshop211\/?ref=bookmarks\" \/>\n<meta property=\"article:modified_time\" content=\"2025-12-30T18:54:19+00:00\" \/>\n<meta property=\"og:image\" content=\"https:\/\/www.sunnyshop211.com\/wp-content\/uploads\/2025\/03\/1-1-scaled.jpg\" \/>\n\t<meta property=\"og:image:width\" content=\"2560\" \/>\n\t<meta property=\"og:image:height\" content=\"1542\" \/>\n\t<meta property=\"og:image:type\" content=\"image\/jpeg\" \/>\n<meta name=\"twitter:card\" content=\"summary_large_image\" \/>\n<meta name=\"twitter:site\" content=\"@sunnyshop211\" \/>\n<meta name=\"twitter:label1\" content=\"Est. reading time\" \/>\n\t<meta name=\"twitter:data1\" content=\"3 minutes\" \/>\n<script type=\"application\/ld+json\" class=\"yoast-schema-graph\">{\"@context\":\"https:\\\/\\\/schema.org\",\"@graph\":[{\"@type\":\"WebPage\",\"@id\":\"https:\\\/\\\/www.sunnyshop211.com\\\/produit\\\/panier-decoratif-miniature-simulation\\\/\",\"url\":\"https:\\\/\\\/www.sunnyshop211.com\\\/produit\\\/panier-decoratif-miniature-simulation\\\/\",\"name\":\"\ud83e\uddfa Panier d\u00e9coratif miniature \u2013 1\\\/6 & 1\\\/4 -\",\"isPartOf\":{\"@id\":\"https:\\\/\\\/www.sunnyshop211.com\\\/#website\"},\"primaryImageOfPage\":{\"@id\":\"https:\\\/\\\/www.sunnyshop211.com\\\/produit\\\/panier-decoratif-miniature-simulation\\\/#primaryimage\"},\"image\":{\"@id\":\"https:\\\/\\\/www.sunnyshop211.com\\\/produit\\\/panier-decoratif-miniature-simulation\\\/#primaryimage\"},\"thumbnailUrl\":\"https:\\\/\\\/www.sunnyshop211.com\\\/wp-content\\\/uploads\\\/2025\\\/03\\\/1-1-scaled.jpg\",\"datePublished\":\"2025-03-09T17:05:53+00:00\",\"dateModified\":\"2025-12-30T18:54:19+00:00\",\"description\":\"Panier d\u00e9coratif miniature simulation. Id\u00e9al pour d\u00e9corer l'int\u00e9rieur de vos dolls comme pukifee, lati yellow, Barbie, pullip, minifee, MSD\",\"breadcrumb\":{\"@id\":\"https:\\\/\\\/www.sunnyshop211.com\\\/produit\\\/panier-decoratif-miniature-simulation\\\/#breadcrumb\"},\"inLanguage\":\"en-US\",\"potentialAction\":[{\"@type\":\"ReadAction\",\"target\":[\"https:\\\/\\\/www.sunnyshop211.com\\\/produit\\\/panier-decoratif-miniature-simulation\\\/\"]}]},{\"@type\":\"ImageObject\",\"inLanguage\":\"en-US\",\"@id\":\"https:\\\/\\\/www.sunnyshop211.com\\\/produit\\\/panier-decoratif-miniature-simulation\\\/#primaryimage\",\"url\":\"https:\\\/\\\/www.sunnyshop211.com\\\/wp-content\\\/uploads\\\/2025\\\/03\\\/1-1-scaled.jpg\",\"contentUrl\":\"https:\\\/\\\/www.sunnyshop211.com\\\/wp-content\\\/uploads\\\/2025\\\/03\\\/1-1-scaled.jpg\",\"width\":2560,\"height\":1542,\"caption\":\"Panier d\u00e9coratif miniature simulation\"},{\"@type\":\"BreadcrumbList\",\"@id\":\"https:\\\/\\\/www.sunnyshop211.com\\\/produit\\\/panier-decoratif-miniature-simulation\\\/#breadcrumb\",\"itemListElement\":[{\"@type\":\"ListItem\",\"position\":1,\"name\":\"Accueil\",\"item\":\"https:\\\/\\\/www.sunnyshop211.com\\\/\"},{\"@type\":\"ListItem\",\"position\":2,\"name\":\"Boutique\",\"item\":\"https:\\\/\\\/www.sunnyshop211.com\\\/boutique-miniature-bjd-dolls\\\/\"},{\"@type\":\"ListItem\",\"position\":3,\"name\":\"\ud83e\uddfa Panier d\u00e9coratif miniature \u2013 1\\\/6 &#038; 1\\\/4\"}]},{\"@type\":\"WebSite\",\"@id\":\"https:\\\/\\\/www.sunnyshop211.com\\\/#website\",\"url\":\"https:\\\/\\\/www.sunnyshop211.com\\\/\",\"name\":\"Vente de dioramas, meubles, miniatures , bjd poup\u00e9es 1\\\/12 1\\\/8 1\\\/6 1\\\/4 1\\\/3\",\"description\":\"Sunnyshop211 - Votre univers miniature pour poup\u00e9es et BJD, dioramas et meubles sur mesure !\",\"publisher\":{\"@id\":\"https:\\\/\\\/www.sunnyshop211.com\\\/#organization\"},\"alternateName\":\"sunnyshop211\",\"potentialAction\":[{\"@type\":\"SearchAction\",\"target\":{\"@type\":\"EntryPoint\",\"urlTemplate\":\"https:\\\/\\\/www.sunnyshop211.com\\\/?s={search_term_string}\"},\"query-input\":{\"@type\":\"PropertyValueSpecification\",\"valueRequired\":true,\"valueName\":\"search_term_string\"}}],\"inLanguage\":\"en-US\"},{\"@type\":\"Organization\",\"@id\":\"https:\\\/\\\/www.sunnyshop211.com\\\/#organization\",\"name\":\"sunnyshop211\",\"alternateName\":\"sunnyshop211 diorama bjd meuble miniature\",\"url\":\"https:\\\/\\\/www.sunnyshop211.com\\\/\",\"logo\":{\"@type\":\"ImageObject\",\"inLanguage\":\"en-US\",\"@id\":\"https:\\\/\\\/www.sunnyshop211.com\\\/#\\\/schema\\\/logo\\\/image\\\/\",\"url\":\"https:\\\/\\\/www.sunnyshop211.com\\\/wp-content\\\/uploads\\\/2022\\\/08\\\/cropped-cropped-cropped-Sunnyshop211-1.png\",\"contentUrl\":\"https:\\\/\\\/www.sunnyshop211.com\\\/wp-content\\\/uploads\\\/2022\\\/08\\\/cropped-cropped-cropped-Sunnyshop211-1.png\",\"width\":339,\"height\":339,\"caption\":\"sunnyshop211\"},\"image\":{\"@id\":\"https:\\\/\\\/www.sunnyshop211.com\\\/#\\\/schema\\\/logo\\\/image\\\/\"},\"sameAs\":[\"https:\\\/\\\/www.facebook.com\\\/sunnyshop211\\\/?ref=bookmarks\",\"https:\\\/\\\/x.com\\\/sunnyshop211\",\"https:\\\/\\\/www.instagram.com\\\/sunnyshop211\\\/\",\"https:\\\/\\\/www.tumblr.com\\\/blog\\\/sunnyshop211\",\"https:\\\/\\\/www.youtube.com\\\/channel\\\/UCtYY18OGGDKrTSzgcf7fCBg\",\"https:\\\/\\\/www.tiktok.com\\\/@sunnydollshop211?is_from_webapp=1&sender_device=pc\"]}]}<\/script>\n<!-- \/ Yoast SEO plugin. -->","yoast_head_json":{"title":"\ud83e\uddfa Miniature decorative basket - 1\/6 &amp; 1\/4 -","description":"Miniature simulation decorative basket. Ideal for decorating the inside of your dolls such as pukifee, lati yellow, Barbie, pullip, minifee, MSD.","robots":{"index":"index","follow":"follow","max-snippet":"max-snippet:-1","max-image-preview":"max-image-preview:large","max-video-preview":"max-video-preview:-1"},"canonical":"https:\/\/www.sunnyshop211.com\/en\/product\/panier-decoratif-miniature-simulation\/","og_locale":"en_US","og_type":"article","og_title":"\ud83e\uddfa Panier d\u00e9coratif miniature \u2013 1\/6 & 1\/4 -","og_description":"Panier d\u00e9coratif miniature simulation. Id\u00e9al pour d\u00e9corer l'int\u00e9rieur de vos dolls comme pukifee, lati yellow, Barbie, pullip, minifee, MSD","og_url":"https:\/\/www.sunnyshop211.com\/en\/product\/panier-decoratif-miniature-simulation\/","og_site_name":"Sunnyshop211 -Vente de dioramas, meubles, miniatures , bjd poup\u00e9es 1\/12 1\/8 1\/6 1\/4 1\/3","article_publisher":"https:\/\/www.facebook.com\/sunnyshop211\/?ref=bookmarks","article_modified_time":"2025-12-30T18:54:19+00:00","og_image":[{"width":2560,"height":1542,"url":"https:\/\/www.sunnyshop211.com\/wp-content\/uploads\/2025\/03\/1-1-scaled.jpg","type":"image\/jpeg"}],"twitter_card":"summary_large_image","twitter_site":"@sunnyshop211","twitter_misc":{"Est. reading time":"3 minutes"},"schema":{"@context":"https:\/\/schema.org","@graph":[{"@type":"WebPage","@id":"https:\/\/www.sunnyshop211.com\/produit\/panier-decoratif-miniature-simulation\/","url":"https:\/\/www.sunnyshop211.com\/produit\/panier-decoratif-miniature-simulation\/","name":"\ud83e\uddfa Miniature decorative basket - 1\/6 &amp; 1\/4 -","isPartOf":{"@id":"https:\/\/www.sunnyshop211.com\/#website"},"primaryImageOfPage":{"@id":"https:\/\/www.sunnyshop211.com\/produit\/panier-decoratif-miniature-simulation\/#primaryimage"},"image":{"@id":"https:\/\/www.sunnyshop211.com\/produit\/panier-decoratif-miniature-simulation\/#primaryimage"},"thumbnailUrl":"https:\/\/www.sunnyshop211.com\/wp-content\/uploads\/2025\/03\/1-1-scaled.jpg","datePublished":"2025-03-09T17:05:53+00:00","dateModified":"2025-12-30T18:54:19+00:00","description":"Miniature simulation decorative basket. Ideal for decorating the inside of your dolls such as pukifee, lati yellow, Barbie, pullip, minifee, MSD.","breadcrumb":{"@id":"https:\/\/www.sunnyshop211.com\/produit\/panier-decoratif-miniature-simulation\/#breadcrumb"},"inLanguage":"en-US","potentialAction":[{"@type":"ReadAction","target":["https:\/\/www.sunnyshop211.com\/produit\/panier-decoratif-miniature-simulation\/"]}]},{"@type":"ImageObject","inLanguage":"en-US","@id":"https:\/\/www.sunnyshop211.com\/produit\/panier-decoratif-miniature-simulation\/#primaryimage","url":"https:\/\/www.sunnyshop211.com\/wp-content\/uploads\/2025\/03\/1-1-scaled.jpg","contentUrl":"https:\/\/www.sunnyshop211.com\/wp-content\/uploads\/2025\/03\/1-1-scaled.jpg","width":2560,"height":1542,"caption":"Panier d\u00e9coratif miniature simulation"},{"@type":"BreadcrumbList","@id":"https:\/\/www.sunnyshop211.com\/produit\/panier-decoratif-miniature-simulation\/#breadcrumb","itemListElement":[{"@type":"ListItem","position":1,"name":"Accueil","item":"https:\/\/www.sunnyshop211.com\/"},{"@type":"ListItem","position":2,"name":"Boutique","item":"https:\/\/www.sunnyshop211.com\/boutique-miniature-bjd-dolls\/"},{"@type":"ListItem","position":3,"name":"\ud83e\uddfa Panier d\u00e9coratif miniature \u2013 1\/6 &#038; 1\/4"}]},{"@type":"WebSite","@id":"https:\/\/www.sunnyshop211.com\/#website","url":"https:\/\/www.sunnyshop211.com\/","name":"Sale of dioramas, furniture, miniatures, bjd dolls 1\/12 1\/8 1\/6 1\/4 1\/3","description":"Sunnyshop211 - Your miniature world for dolls and BJDs, dioramas and custom-made furniture!","publisher":{"@id":"https:\/\/www.sunnyshop211.com\/#organization"},"alternateName":"sunnyshop211","potentialAction":[{"@type":"SearchAction","target":{"@type":"EntryPoint","urlTemplate":"https:\/\/www.sunnyshop211.com\/?s={search_term_string}"},"query-input":{"@type":"PropertyValueSpecification","valueRequired":true,"valueName":"search_term_string"}}],"inLanguage":"en-US"},{"@type":"Organization","@id":"https:\/\/www.sunnyshop211.com\/#organization","name":"sunnyshop211","alternateName":"sunnyshop211 diorama bjd meuble miniature","url":"https:\/\/www.sunnyshop211.com\/","logo":{"@type":"ImageObject","inLanguage":"en-US","@id":"https:\/\/www.sunnyshop211.com\/#\/schema\/logo\/image\/","url":"https:\/\/www.sunnyshop211.com\/wp-content\/uploads\/2022\/08\/cropped-cropped-cropped-Sunnyshop211-1.png","contentUrl":"https:\/\/www.sunnyshop211.com\/wp-content\/uploads\/2022\/08\/cropped-cropped-cropped-Sunnyshop211-1.png","width":339,"height":339,"caption":"sunnyshop211"},"image":{"@id":"https:\/\/www.sunnyshop211.com\/#\/schema\/logo\/image\/"},"sameAs":["https:\/\/www.facebook.com\/sunnyshop211\/?ref=bookmarks","https:\/\/x.com\/sunnyshop211","https:\/\/www.instagram.com\/sunnyshop211\/","https:\/\/www.tumblr.com\/blog\/sunnyshop211","https:\/\/www.youtube.com\/channel\/UCtYY18OGGDKrTSzgcf7fCBg","https:\/\/www.tiktok.com\/@sunnydollshop211?is_from_webapp=1&sender_device=pc"]}]}},"jetpack_publicize_connections":[],"jetpack_sharing_enabled":true,"_links":{"self":[{"href":"https:\/\/www.sunnyshop211.com\/en\/wp-json\/wp\/v2\/product\/46026","targetHints":{"allow":["GET"]}}],"collection":[{"href":"https:\/\/www.sunnyshop211.com\/en\/wp-json\/wp\/v2\/product"}],"about":[{"href":"https:\/\/www.sunnyshop211.com\/en\/wp-json\/wp\/v2\/types\/product"}],"replies":[{"embeddable":true,"href":"https:\/\/www.sunnyshop211.com\/en\/wp-json\/wp\/v2\/comments?post=46026"}],"version-history":[{"count":4,"href":"https:\/\/www.sunnyshop211.com\/en\/wp-json\/wp\/v2\/product\/46026\/revisions"}],"predecessor-version":[{"id":53220,"href":"https:\/\/www.sunnyshop211.com\/en\/wp-json\/wp\/v2\/product\/46026\/revisions\/53220"}],"wp:featuredmedia":[{"embeddable":true,"href":"https:\/\/www.sunnyshop211.com\/en\/wp-json\/wp\/v2\/media\/46097"}],"wp:attachment":[{"href":"https:\/\/www.sunnyshop211.com\/en\/wp-json\/wp\/v2\/media?parent=46026"}],"wp:term":[{"taxonomy":"product_brand","embeddable":true,"href":"https:\/\/www.sunnyshop211.com\/en\/wp-json\/wp\/v2\/product_brand?post=46026"},{"taxonomy":"product_cat","embeddable":true,"href":"https:\/\/www.sunnyshop211.com\/en\/wp-json\/wp\/v2\/product_cat?post=46026"},{"taxonomy":"product_tag","embeddable":true,"href":"https:\/\/www.sunnyshop211.com\/en\/wp-json\/wp\/v2\/product_tag?post=46026"}],"curies":[{"name":"wp","href":"https:\/\/api.w.org\/{rel}","templated":true}]}}