{"id":45688,"date":"2025-02-24T13:57:53","date_gmt":"2025-02-24T12:57:53","guid":{"rendered":"https:\/\/www.sunnyshop211.com\/?post_type=product&#038;p=45688"},"modified":"2025-12-26T19:01:42","modified_gmt":"2025-12-26T18:01:42","slug":"tuiles-en-kit-miniature-echelles-1-6-1-4","status":"publish","type":"product","link":"https:\/\/www.sunnyshop211.com\/en\/product\/tuiles-en-kit-miniature-echelles-1-6-1-4\/","title":{"rendered":"Miniature tile kits - 1\/6 &amp; 1\/4 scale"},"content":{"rendered":"<div id='gallery-1' class='gallery galleryid-45688 gallery-columns-3 gallery-size-thumbnail'><figure class='gallery-item'>\n\t\t\t<div class='gallery-icon landscape'>\n\t\t\t\t<a href='https:\/\/www.sunnyshop211.com\/en\/?attachment_id=45479'><img decoding=\"async\" width=\"150\" height=\"150\" src=\"https:\/\/www.sunnyshop211.com\/wp-content\/uploads\/2025\/02\/13-3-150x150.jpg\" class=\"attachment-thumbnail size-thumbnail\" alt=\"Tuiles en kit miniature 1\/6,1\/4 bjd minifee, Poppy Parker\" srcset=\"https:\/\/www.sunnyshop211.com\/wp-content\/uploads\/2025\/02\/13-3-150x150.jpg 150w, https:\/\/www.sunnyshop211.com\/wp-content\/uploads\/2025\/02\/13-3-500x500.jpg 500w, https:\/\/www.sunnyshop211.com\/wp-content\/uploads\/2025\/02\/13-3-100x100.jpg 100w\" sizes=\"(max-width: 150px) 100vw, 150px\" \/><\/a>\n\t\t\t<\/div><\/figure><figure class='gallery-item'>\n\t\t\t<div class='gallery-icon portrait'>\n\t\t\t\t<a href='https:\/\/www.sunnyshop211.com\/en\/?attachment_id=45480'><img decoding=\"async\" width=\"150\" height=\"150\" src=\"https:\/\/www.sunnyshop211.com\/wp-content\/uploads\/2025\/02\/14-3-150x150.jpg\" class=\"attachment-thumbnail size-thumbnail\" alt=\"\" srcset=\"https:\/\/www.sunnyshop211.com\/wp-content\/uploads\/2025\/02\/14-3-150x150.jpg 150w, https:\/\/www.sunnyshop211.com\/wp-content\/uploads\/2025\/02\/14-3-500x500.jpg 500w, https:\/\/www.sunnyshop211.com\/wp-content\/uploads\/2025\/02\/14-3-100x100.jpg 100w\" sizes=\"(max-width: 150px) 100vw, 150px\" \/><\/a>\n\t\t\t<\/div><\/figure><figure class='gallery-item'>\n\t\t\t<div class='gallery-icon landscape'>\n\t\t\t\t<a href='https:\/\/www.sunnyshop211.com\/en\/?attachment_id=44963'><img decoding=\"async\" width=\"150\" height=\"150\" src=\"https:\/\/www.sunnyshop211.com\/wp-content\/uploads\/2025\/01\/wp-17380656951698894076199555086750-150x150.jpg\" class=\"attachment-thumbnail size-thumbnail\" alt=\"\" srcset=\"https:\/\/www.sunnyshop211.com\/wp-content\/uploads\/2025\/01\/wp-17380656951698894076199555086750-150x150.jpg 150w, https:\/\/www.sunnyshop211.com\/wp-content\/uploads\/2025\/01\/wp-17380656951698894076199555086750-500x500.jpg 500w, https:\/\/www.sunnyshop211.com\/wp-content\/uploads\/2025\/01\/wp-17380656951698894076199555086750-100x100.jpg 100w\" sizes=\"(max-width: 150px) 100vw, 150px\" \/><\/a>\n\t\t\t<\/div><\/figure>\n\t\t<\/div>\n\n<h2 data-start=\"86\" data-end=\"135\">Miniature tile kits - 1\/6 &amp; 1\/4 scale<\/h2>\n<p data-start=\"136\" data-end=\"207\">For BJD, Minifee, MSD, Barbie, Poppy Parker, Pullip, Blythe, LittleFee<\/p>\n<p data-start=\"209\" data-end=\"432\">This <strong data-start=\"212\" data-end=\"248\">set of miniature wooden tiles<\/strong> is ideal for <strong data-start=\"264\" data-end=\"323\">customize your dioramas, rooms or dollhouses<\/strong>.<br data-start=\"324\" data-end=\"327\" \/>Perfect for creating realistic roofs, textured walls or architectural elements in your scenes.<\/p>\n<hr data-start=\"434\" data-end=\"437\" \/>\n<h3 data-start=\"439\" data-end=\"464\">\ud83e\udeb5 Kit description<\/h3>\n<p data-start=\"466\" data-end=\"488\">The lot consists of :<\/p>\n<ul data-start=\"489\" data-end=\"643\">\n<li data-start=\"489\" data-end=\"529\">\n<p data-start=\"491\" data-end=\"529\"><strong data-start=\"491\" data-end=\"518\">20 or 30 wooden tiles<\/strong> (your choice)<\/p>\n<\/li>\n<li data-start=\"530\" data-end=\"578\">\n<p data-start=\"532\" data-end=\"578\">Tiles <strong data-start=\"539\" data-end=\"559\">easy to glue<\/strong> and customize<\/p>\n<\/li>\n<li data-start=\"579\" data-end=\"643\">\n<p data-start=\"581\" data-end=\"643\">Sold <strong data-start=\"589\" data-end=\"599\">kit<\/strong>, <strong data-start=\"601\" data-end=\"616\">unpainted<\/strong>, ready for customization<\/p>\n<\/li>\n<\/ul>\n<p data-start=\"645\" data-end=\"702\">\ud83d\udc49 Ideal for creators and miniature DIY enthusiasts.<\/p>\n<hr data-start=\"704\" data-end=\"707\" \/>\n<h3 data-start=\"709\" data-end=\"735\">\ud83d\udccf Available sizes<\/h3>\n<ul data-start=\"737\" data-end=\"857\">\n<li data-start=\"737\" data-end=\"796\">\n<p data-start=\"739\" data-end=\"796\"><strong data-start=\"739\" data-end=\"757\">Small tiles<\/strong> :<br data-start=\"759\" data-end=\"762\" \/>5 cm high \u00d7 3.3 cm wide<\/p>\n<\/li>\n<li data-start=\"798\" data-end=\"857\">\n<p data-start=\"800\" data-end=\"857\"><strong data-start=\"800\" data-end=\"818\">Large tiles<\/strong> :<br data-start=\"820\" data-end=\"823\" \/>7.5 cm high \u00d7 5 cm wide<\/p>\n<\/li>\n<\/ul>\n<hr data-start=\"859\" data-end=\"862\" \/>\n<h3 data-start=\"864\" data-end=\"884\">\ud83e\uddf8 Compatibility<\/h3>\n<p data-start=\"886\" data-end=\"918\">Suitable for dolls and dioramas:<\/p>\n<ul data-start=\"919\" data-end=\"1053\">\n<li data-start=\"919\" data-end=\"980\">\n<p data-start=\"921\" data-end=\"980\"><strong data-start=\"921\" data-end=\"928\">1\/6<\/strong> Barbie, Pullip, Blythe, Poppy Parker, LittleFee<\/p>\n<\/li>\n<li data-start=\"981\" data-end=\"1053\">\n<p data-start=\"983\" data-end=\"1053\"><strong data-start=\"983\" data-end=\"990\">1\/4<\/strong> BJD, Minifee, MSD<br data-start=\"1010\" data-end=\"1013\" \/>and other dolls of equivalent size.<\/p>\n<\/li>\n<\/ul>\n<p data-start=\"1055\" data-end=\"1128\">Compatible with my furniture and decorations sold separately in the store.<\/p>\n<hr data-start=\"1130\" data-end=\"1133\" \/>\n<h3 data-start=\"1135\" data-end=\"1158\">\ud83c\udfa8 Customization<\/h3>\n<ul data-start=\"1160\" data-end=\"1291\">\n<li data-start=\"1160\" data-end=\"1211\">\n<p data-start=\"1162\" data-end=\"1211\">Paint, stain or age as you wish<\/p>\n<\/li>\n<li data-start=\"1212\" data-end=\"1291\">\n<p data-start=\"1214\" data-end=\"1291\">Others <strong data-start=\"1223\" data-end=\"1255\">customization accessories<\/strong> are available in my store<\/p>\n<\/li>\n<\/ul>\n<p data-start=\"1293\" data-end=\"1332\">\ud83d\udc49 Modulate as you wish!<\/p>\n<hr data-start=\"1334\" data-end=\"1337\" \/>\n<h3 data-start=\"1339\" data-end=\"1370\">\ud83d\udce6 Important information<\/h3>\n<ul data-start=\"1372\" data-end=\"1538\">\n<li data-start=\"1372\" data-end=\"1456\">\n<p data-start=\"1374\" data-end=\"1456\">The price corresponds to <strong data-start=\"1395\" data-end=\"1415\">a batch of tiles<\/strong> (20 or 30 pieces depending on the option chosen)<\/p>\n<\/li>\n<li data-start=\"1457\" data-end=\"1505\">\n<p data-start=\"1459\" data-end=\"1505\">The photos are <strong data-start=\"1479\" data-end=\"1505\">decoration examples<\/strong><\/p>\n<\/li>\n<li data-start=\"1506\" data-end=\"1538\">\n<p data-start=\"1508\" data-end=\"1538\">Only tiles are sold<\/p>\n<\/li>\n<\/ul>\n<hr data-start=\"1540\" data-end=\"1543\" \/>\n<h3 data-start=\"1545\" data-end=\"1575\">\ud83d\udee0\ufe0f Craft manufacturing<\/h3>\n<p data-start=\"1577\" data-end=\"1611\">Because of its artisanal character :<\/p>\n<ul data-start=\"1612\" data-end=\"1728\">\n<li data-start=\"1612\" data-end=\"1704\">\n<p data-start=\"1614\" data-end=\"1704\">slight variations in shape, color or small imperfections may occur<\/p>\n<\/li>\n<li data-start=\"1705\" data-end=\"1728\">\n<p data-start=\"1707\" data-end=\"1728\">each lot is unique<\/p>\n<\/li>\n<\/ul>\n<hr data-start=\"1730\" data-end=\"1733\" \/>\n<h3 data-start=\"1735\" data-end=\"1762\">\ud83d\ude9a Order &amp; delivery<\/h3>\n<ul data-start=\"1764\" data-end=\"1925\">\n<li data-start=\"1764\" data-end=\"1788\">\n<p data-start=\"1766\" data-end=\"1788\">Made to order<\/p>\n<\/li>\n<li data-start=\"1789\" data-end=\"1925\">\n<p data-start=\"1791\" data-end=\"1925\">Please note <strong data-start=\"1817\" data-end=\"1858\">manufacturing and delivery times<\/strong><br data-start=\"1858\" data-end=\"1861\" \/><em data-start=\"1863\" data-end=\"1925\">(see General terms of sale and delivery times)<\/em><\/p>\n<\/li>\n<\/ul>\n<p data-start=\"1927\" data-end=\"1993\">I am not responsible for any damage in transit.<\/p>\n<hr data-start=\"1995\" data-end=\"1998\" \/>\n<h3 data-start=\"2000\" data-end=\"2020\">\u26a0\ufe0f Warning<\/h3>\n<ul data-start=\"2022\" data-end=\"2094\">\n<li data-start=\"2022\" data-end=\"2053\">\n<p data-start=\"2024\" data-end=\"2053\"><strong data-start=\"2024\" data-end=\"2051\">This is not a toy<\/strong><\/p>\n<\/li>\n<li data-start=\"2054\" data-end=\"2094\">\n<p data-start=\"2056\" data-end=\"2094\">Article for a <strong data-start=\"2077\" data-end=\"2094\">adult audience<\/strong><\/p>\n<\/li>\n<\/ul>","protected":false},"excerpt":{"rendered":"<p>Tuiles en kit miniature \u2013 \u00c9chelles 1\/6 &amp; 1\/4 Pour BJD, Minifee, MSD, Barbie, Poppy Parker, Pullip, Blythe, LittleFee Ce lot de tuiles miniatures en bois est id\u00e9al pour customiser vos dioramas, chambres ou maisons de poup\u00e9es.Parfait pour cr\u00e9er des toits, murs textur\u00e9s ou \u00e9l\u00e9ments architecturaux r\u00e9alistes dans vos mises en sc\u00e8ne. \ud83e\udeb5 Description du [&hellip;]<\/p>\n","protected":false},"featured_media":45479,"comment_status":"open","ping_status":"closed","template":"","meta":{"_crdt_document":"","jetpack_post_was_ever_published":false,"jetpack_publicize_message":"","jetpack_publicize_feature_enabled":true,"jetpack_social_post_already_shared":true,"jetpack_social_options":{"image_generator_settings":{"template":"highway","default_image_id":0,"font":"","enabled":false},"version":2}},"product_brand":[],"product_cat":[667685485],"product_tag":[667685507,667681234,667681226,667681233,667681272,667681225,667681241,667681242,667685505,667681261,667681173,667681237,667685503,667681177,667681235,667681260],"class_list":{"0":"post-45688","1":"product","2":"type-product","3":"status-publish","4":"has-post-thumbnail","6":"product_cat-materiel-construction-dollhouse","7":"product_tag-construction","8":"product_tag-diorama","9":"product_tag-doll","10":"product_tag-dollhouse","11":"product_tag-elowynn-wilde","12":"product_tag-furniture","13":"product_tag-iplehouse","14":"product_tag-jid","15":"product_tag-kit","16":"product_tag-meuble","17":"product_tag-minifee","18":"product_tag-msd","19":"product_tag-parquet","20":"product_tag-poupee","21":"product_tag-roombox","22":"product_tag-tonner","23":"product_shipping_class-lettresuivie","25":"first","26":"instock","27":"taxable","28":"shipping-taxable","29":"purchasable","30":"product-type-variable"},"yoast_head":"<!-- This site is optimized with the Yoast SEO plugin v27.5 - https:\/\/yoast.com\/product\/yoast-seo-wordpress\/ -->\n<title>Tuiles en kit miniature \u2013 \u00c9chelles 1\/6 &amp; 1\/4 -<\/title>\n<meta name=\"description\" content=\"Tuiles en kit miniature \u2013 \u00c9chelles 1\/6 &amp; 1\/4 bjd minifee , MSD, Barbie, Poppy Parker, pullip, blythe, littlefee. Lot de tuiles en bois ,\" \/>\n<meta name=\"robots\" content=\"index, follow, max-snippet:-1, max-image-preview:large, max-video-preview:-1\" \/>\n<link rel=\"canonical\" href=\"https:\/\/www.sunnyshop211.com\/en\/product\/tuiles-en-kit-miniature-echelles-1-6-1-4\/\" \/>\n<meta property=\"og:locale\" content=\"en_US\" \/>\n<meta property=\"og:type\" content=\"article\" \/>\n<meta property=\"og:title\" content=\"Tuiles en kit miniature \u2013 \u00c9chelles 1\/6 &amp; 1\/4 -\" \/>\n<meta property=\"og:description\" content=\"Tuiles en kit miniature \u2013 \u00c9chelles 1\/6 &amp; 1\/4 bjd minifee , MSD, Barbie, Poppy Parker, pullip, blythe, littlefee. Lot de tuiles en bois ,\" \/>\n<meta property=\"og:url\" content=\"https:\/\/www.sunnyshop211.com\/en\/product\/tuiles-en-kit-miniature-echelles-1-6-1-4\/\" \/>\n<meta property=\"og:site_name\" content=\"Sunnyshop211 -Vente de dioramas, meubles, miniatures , bjd poup\u00e9es 1\/12 1\/8 1\/6 1\/4 1\/3\" \/>\n<meta property=\"article:publisher\" content=\"https:\/\/www.facebook.com\/sunnyshop211\/?ref=bookmarks\" \/>\n<meta property=\"article:modified_time\" content=\"2025-12-26T18:01:42+00:00\" \/>\n<meta property=\"og:image\" content=\"https:\/\/www.sunnyshop211.com\/wp-content\/uploads\/2025\/02\/13-3-scaled.jpg\" \/>\n\t<meta property=\"og:image:width\" content=\"2560\" \/>\n\t<meta property=\"og:image:height\" content=\"1707\" \/>\n\t<meta property=\"og:image:type\" content=\"image\/jpeg\" \/>\n<meta name=\"twitter:card\" content=\"summary_large_image\" \/>\n<meta name=\"twitter:site\" content=\"@sunnyshop211\" \/>\n<meta name=\"twitter:label1\" content=\"Est. reading time\" \/>\n\t<meta name=\"twitter:data1\" content=\"2 minutes\" \/>\n<script type=\"application\/ld+json\" class=\"yoast-schema-graph\">{\"@context\":\"https:\\\/\\\/schema.org\",\"@graph\":[{\"@type\":\"WebPage\",\"@id\":\"https:\\\/\\\/www.sunnyshop211.com\\\/produit\\\/tuiles-en-kit-miniature-echelles-1-6-1-4\\\/\",\"url\":\"https:\\\/\\\/www.sunnyshop211.com\\\/produit\\\/tuiles-en-kit-miniature-echelles-1-6-1-4\\\/\",\"name\":\"Tuiles en kit miniature \u2013 \u00c9chelles 1\\\/6 & 1\\\/4 -\",\"isPartOf\":{\"@id\":\"https:\\\/\\\/www.sunnyshop211.com\\\/#website\"},\"primaryImageOfPage\":{\"@id\":\"https:\\\/\\\/www.sunnyshop211.com\\\/produit\\\/tuiles-en-kit-miniature-echelles-1-6-1-4\\\/#primaryimage\"},\"image\":{\"@id\":\"https:\\\/\\\/www.sunnyshop211.com\\\/produit\\\/tuiles-en-kit-miniature-echelles-1-6-1-4\\\/#primaryimage\"},\"thumbnailUrl\":\"https:\\\/\\\/www.sunnyshop211.com\\\/wp-content\\\/uploads\\\/2025\\\/02\\\/13-3-scaled.jpg\",\"datePublished\":\"2025-02-24T12:57:53+00:00\",\"dateModified\":\"2025-12-26T18:01:42+00:00\",\"description\":\"Tuiles en kit miniature \u2013 \u00c9chelles 1\\\/6 & 1\\\/4 bjd minifee , MSD, Barbie, Poppy Parker, pullip, blythe, littlefee. Lot de tuiles en bois ,\",\"breadcrumb\":{\"@id\":\"https:\\\/\\\/www.sunnyshop211.com\\\/produit\\\/tuiles-en-kit-miniature-echelles-1-6-1-4\\\/#breadcrumb\"},\"inLanguage\":\"en-US\",\"potentialAction\":[{\"@type\":\"ReadAction\",\"target\":[\"https:\\\/\\\/www.sunnyshop211.com\\\/produit\\\/tuiles-en-kit-miniature-echelles-1-6-1-4\\\/\"]}]},{\"@type\":\"ImageObject\",\"inLanguage\":\"en-US\",\"@id\":\"https:\\\/\\\/www.sunnyshop211.com\\\/produit\\\/tuiles-en-kit-miniature-echelles-1-6-1-4\\\/#primaryimage\",\"url\":\"https:\\\/\\\/www.sunnyshop211.com\\\/wp-content\\\/uploads\\\/2025\\\/02\\\/13-3-scaled.jpg\",\"contentUrl\":\"https:\\\/\\\/www.sunnyshop211.com\\\/wp-content\\\/uploads\\\/2025\\\/02\\\/13-3-scaled.jpg\",\"width\":2560,\"height\":1707,\"caption\":\"Tuiles en kit miniature 1\\\/6,1\\\/4 bjd minifee, Poppy Parker\"},{\"@type\":\"BreadcrumbList\",\"@id\":\"https:\\\/\\\/www.sunnyshop211.com\\\/produit\\\/tuiles-en-kit-miniature-echelles-1-6-1-4\\\/#breadcrumb\",\"itemListElement\":[{\"@type\":\"ListItem\",\"position\":1,\"name\":\"Accueil\",\"item\":\"https:\\\/\\\/www.sunnyshop211.com\\\/\"},{\"@type\":\"ListItem\",\"position\":2,\"name\":\"Boutique\",\"item\":\"https:\\\/\\\/www.sunnyshop211.com\\\/boutique-miniature-bjd-dolls\\\/\"},{\"@type\":\"ListItem\",\"position\":3,\"name\":\"Tuiles en kit miniature \u2013 \u00c9chelles 1\\\/6 &#038; 1\\\/4\"}]},{\"@type\":\"WebSite\",\"@id\":\"https:\\\/\\\/www.sunnyshop211.com\\\/#website\",\"url\":\"https:\\\/\\\/www.sunnyshop211.com\\\/\",\"name\":\"Vente de dioramas, meubles, miniatures , bjd poup\u00e9es 1\\\/12 1\\\/8 1\\\/6 1\\\/4 1\\\/3\",\"description\":\"Sunnyshop211 - Votre univers miniature pour poup\u00e9es et BJD, dioramas et meubles sur mesure !\",\"publisher\":{\"@id\":\"https:\\\/\\\/www.sunnyshop211.com\\\/#organization\"},\"alternateName\":\"sunnyshop211\",\"potentialAction\":[{\"@type\":\"SearchAction\",\"target\":{\"@type\":\"EntryPoint\",\"urlTemplate\":\"https:\\\/\\\/www.sunnyshop211.com\\\/?s={search_term_string}\"},\"query-input\":{\"@type\":\"PropertyValueSpecification\",\"valueRequired\":true,\"valueName\":\"search_term_string\"}}],\"inLanguage\":\"en-US\"},{\"@type\":\"Organization\",\"@id\":\"https:\\\/\\\/www.sunnyshop211.com\\\/#organization\",\"name\":\"sunnyshop211\",\"alternateName\":\"sunnyshop211 diorama bjd meuble miniature\",\"url\":\"https:\\\/\\\/www.sunnyshop211.com\\\/\",\"logo\":{\"@type\":\"ImageObject\",\"inLanguage\":\"en-US\",\"@id\":\"https:\\\/\\\/www.sunnyshop211.com\\\/#\\\/schema\\\/logo\\\/image\\\/\",\"url\":\"https:\\\/\\\/www.sunnyshop211.com\\\/wp-content\\\/uploads\\\/2022\\\/08\\\/cropped-cropped-cropped-Sunnyshop211-1.png\",\"contentUrl\":\"https:\\\/\\\/www.sunnyshop211.com\\\/wp-content\\\/uploads\\\/2022\\\/08\\\/cropped-cropped-cropped-Sunnyshop211-1.png\",\"width\":339,\"height\":339,\"caption\":\"sunnyshop211\"},\"image\":{\"@id\":\"https:\\\/\\\/www.sunnyshop211.com\\\/#\\\/schema\\\/logo\\\/image\\\/\"},\"sameAs\":[\"https:\\\/\\\/www.facebook.com\\\/sunnyshop211\\\/?ref=bookmarks\",\"https:\\\/\\\/x.com\\\/sunnyshop211\",\"https:\\\/\\\/www.instagram.com\\\/sunnyshop211\\\/\",\"https:\\\/\\\/www.tumblr.com\\\/blog\\\/sunnyshop211\",\"https:\\\/\\\/www.youtube.com\\\/channel\\\/UCtYY18OGGDKrTSzgcf7fCBg\",\"https:\\\/\\\/www.tiktok.com\\\/@sunnydollshop211?is_from_webapp=1&sender_device=pc\"]}]}<\/script>\n<!-- \/ Yoast SEO plugin. -->","yoast_head_json":{"title":"Miniature kit tiles - 1\/6 &amp; 1\/4 scale -","description":"Miniature kit tiles - 1\/6 &amp; 1\/4 scale bjd minifee , MSD, Barbie, Poppy Parker, pullip, blythe, littlefee. Set of wooden tiles, ,","robots":{"index":"index","follow":"follow","max-snippet":"max-snippet:-1","max-image-preview":"max-image-preview:large","max-video-preview":"max-video-preview:-1"},"canonical":"https:\/\/www.sunnyshop211.com\/en\/product\/tuiles-en-kit-miniature-echelles-1-6-1-4\/","og_locale":"en_US","og_type":"article","og_title":"Tuiles en kit miniature \u2013 \u00c9chelles 1\/6 & 1\/4 -","og_description":"Tuiles en kit miniature \u2013 \u00c9chelles 1\/6 & 1\/4 bjd minifee , MSD, Barbie, Poppy Parker, pullip, blythe, littlefee. Lot de tuiles en bois ,","og_url":"https:\/\/www.sunnyshop211.com\/en\/product\/tuiles-en-kit-miniature-echelles-1-6-1-4\/","og_site_name":"Sunnyshop211 -Vente de dioramas, meubles, miniatures , bjd poup\u00e9es 1\/12 1\/8 1\/6 1\/4 1\/3","article_publisher":"https:\/\/www.facebook.com\/sunnyshop211\/?ref=bookmarks","article_modified_time":"2025-12-26T18:01:42+00:00","og_image":[{"width":2560,"height":1707,"url":"https:\/\/www.sunnyshop211.com\/wp-content\/uploads\/2025\/02\/13-3-scaled.jpg","type":"image\/jpeg"}],"twitter_card":"summary_large_image","twitter_site":"@sunnyshop211","twitter_misc":{"Est. reading time":"2 minutes"},"schema":{"@context":"https:\/\/schema.org","@graph":[{"@type":"WebPage","@id":"https:\/\/www.sunnyshop211.com\/produit\/tuiles-en-kit-miniature-echelles-1-6-1-4\/","url":"https:\/\/www.sunnyshop211.com\/produit\/tuiles-en-kit-miniature-echelles-1-6-1-4\/","name":"Miniature kit tiles - 1\/6 &amp; 1\/4 scale -","isPartOf":{"@id":"https:\/\/www.sunnyshop211.com\/#website"},"primaryImageOfPage":{"@id":"https:\/\/www.sunnyshop211.com\/produit\/tuiles-en-kit-miniature-echelles-1-6-1-4\/#primaryimage"},"image":{"@id":"https:\/\/www.sunnyshop211.com\/produit\/tuiles-en-kit-miniature-echelles-1-6-1-4\/#primaryimage"},"thumbnailUrl":"https:\/\/www.sunnyshop211.com\/wp-content\/uploads\/2025\/02\/13-3-scaled.jpg","datePublished":"2025-02-24T12:57:53+00:00","dateModified":"2025-12-26T18:01:42+00:00","description":"Miniature kit tiles - 1\/6 &amp; 1\/4 scale bjd minifee , MSD, Barbie, Poppy Parker, pullip, blythe, littlefee. Set of wooden tiles, ,","breadcrumb":{"@id":"https:\/\/www.sunnyshop211.com\/produit\/tuiles-en-kit-miniature-echelles-1-6-1-4\/#breadcrumb"},"inLanguage":"en-US","potentialAction":[{"@type":"ReadAction","target":["https:\/\/www.sunnyshop211.com\/produit\/tuiles-en-kit-miniature-echelles-1-6-1-4\/"]}]},{"@type":"ImageObject","inLanguage":"en-US","@id":"https:\/\/www.sunnyshop211.com\/produit\/tuiles-en-kit-miniature-echelles-1-6-1-4\/#primaryimage","url":"https:\/\/www.sunnyshop211.com\/wp-content\/uploads\/2025\/02\/13-3-scaled.jpg","contentUrl":"https:\/\/www.sunnyshop211.com\/wp-content\/uploads\/2025\/02\/13-3-scaled.jpg","width":2560,"height":1707,"caption":"Tuiles en kit miniature 1\/6,1\/4 bjd minifee, Poppy Parker"},{"@type":"BreadcrumbList","@id":"https:\/\/www.sunnyshop211.com\/produit\/tuiles-en-kit-miniature-echelles-1-6-1-4\/#breadcrumb","itemListElement":[{"@type":"ListItem","position":1,"name":"Accueil","item":"https:\/\/www.sunnyshop211.com\/"},{"@type":"ListItem","position":2,"name":"Boutique","item":"https:\/\/www.sunnyshop211.com\/boutique-miniature-bjd-dolls\/"},{"@type":"ListItem","position":3,"name":"Tuiles en kit miniature \u2013 \u00c9chelles 1\/6 &#038; 1\/4"}]},{"@type":"WebSite","@id":"https:\/\/www.sunnyshop211.com\/#website","url":"https:\/\/www.sunnyshop211.com\/","name":"Sale of dioramas, furniture, miniatures, bjd dolls 1\/12 1\/8 1\/6 1\/4 1\/3","description":"Sunnyshop211 - Your miniature world for dolls and BJDs, dioramas and custom-made furniture!","publisher":{"@id":"https:\/\/www.sunnyshop211.com\/#organization"},"alternateName":"sunnyshop211","potentialAction":[{"@type":"SearchAction","target":{"@type":"EntryPoint","urlTemplate":"https:\/\/www.sunnyshop211.com\/?s={search_term_string}"},"query-input":{"@type":"PropertyValueSpecification","valueRequired":true,"valueName":"search_term_string"}}],"inLanguage":"en-US"},{"@type":"Organization","@id":"https:\/\/www.sunnyshop211.com\/#organization","name":"sunnyshop211","alternateName":"sunnyshop211 diorama bjd meuble miniature","url":"https:\/\/www.sunnyshop211.com\/","logo":{"@type":"ImageObject","inLanguage":"en-US","@id":"https:\/\/www.sunnyshop211.com\/#\/schema\/logo\/image\/","url":"https:\/\/www.sunnyshop211.com\/wp-content\/uploads\/2022\/08\/cropped-cropped-cropped-Sunnyshop211-1.png","contentUrl":"https:\/\/www.sunnyshop211.com\/wp-content\/uploads\/2022\/08\/cropped-cropped-cropped-Sunnyshop211-1.png","width":339,"height":339,"caption":"sunnyshop211"},"image":{"@id":"https:\/\/www.sunnyshop211.com\/#\/schema\/logo\/image\/"},"sameAs":["https:\/\/www.facebook.com\/sunnyshop211\/?ref=bookmarks","https:\/\/x.com\/sunnyshop211","https:\/\/www.instagram.com\/sunnyshop211\/","https:\/\/www.tumblr.com\/blog\/sunnyshop211","https:\/\/www.youtube.com\/channel\/UCtYY18OGGDKrTSzgcf7fCBg","https:\/\/www.tiktok.com\/@sunnydollshop211?is_from_webapp=1&sender_device=pc"]}]}},"jetpack_publicize_connections":[],"jetpack_sharing_enabled":true,"_links":{"self":[{"href":"https:\/\/www.sunnyshop211.com\/en\/wp-json\/wp\/v2\/product\/45688","targetHints":{"allow":["GET"]}}],"collection":[{"href":"https:\/\/www.sunnyshop211.com\/en\/wp-json\/wp\/v2\/product"}],"about":[{"href":"https:\/\/www.sunnyshop211.com\/en\/wp-json\/wp\/v2\/types\/product"}],"replies":[{"embeddable":true,"href":"https:\/\/www.sunnyshop211.com\/en\/wp-json\/wp\/v2\/comments?post=45688"}],"version-history":[{"count":3,"href":"https:\/\/www.sunnyshop211.com\/en\/wp-json\/wp\/v2\/product\/45688\/revisions"}],"predecessor-version":[{"id":52943,"href":"https:\/\/www.sunnyshop211.com\/en\/wp-json\/wp\/v2\/product\/45688\/revisions\/52943"}],"wp:featuredmedia":[{"embeddable":true,"href":"https:\/\/www.sunnyshop211.com\/en\/wp-json\/wp\/v2\/media\/45479"}],"wp:attachment":[{"href":"https:\/\/www.sunnyshop211.com\/en\/wp-json\/wp\/v2\/media?parent=45688"}],"wp:term":[{"taxonomy":"product_brand","embeddable":true,"href":"https:\/\/www.sunnyshop211.com\/en\/wp-json\/wp\/v2\/product_brand?post=45688"},{"taxonomy":"product_cat","embeddable":true,"href":"https:\/\/www.sunnyshop211.com\/en\/wp-json\/wp\/v2\/product_cat?post=45688"},{"taxonomy":"product_tag","embeddable":true,"href":"https:\/\/www.sunnyshop211.com\/en\/wp-json\/wp\/v2\/product_tag?post=45688"}],"curies":[{"name":"wp","href":"https:\/\/api.w.org\/{rel}","templated":true}]}}