{"id":4533,"date":"2019-03-12T19:16:54","date_gmt":"2019-03-12T18:16:54","guid":{"rendered":"https:\/\/sunnyshop211.com\/?post_type=product&#038;p=4533"},"modified":"2026-01-01T17:31:49","modified_gmt":"2026-01-01T16:31:49","slug":"lapin-de-paques-miniature-1-6-1-4","status":"publish","type":"product","link":"https:\/\/www.sunnyshop211.com\/en\/product\/lapin-de-paques-miniature-1-6-1-4\/","title":{"rendered":"Miniature Easter Bunny 1\/8, 1\/6, 1\/4"},"content":{"rendered":"<p>&nbsp;<\/p>\n<div id='gallery-1' class='gallery galleryid-4533 gallery-columns-3 gallery-size-thumbnail'><figure class='gallery-item'>\n\t\t\t<div class='gallery-icon landscape'>\n\t\t\t\t<a href='https:\/\/www.sunnyshop211.com\/en\/?attachment_id=31532'><img decoding=\"async\" width=\"150\" height=\"150\" src=\"https:\/\/www.sunnyshop211.com\/wp-content\/uploads\/2023\/03\/paques-et-salon-studio-45-150x150.jpg\" class=\"attachment-thumbnail size-thumbnail\" alt=\"\" srcset=\"https:\/\/www.sunnyshop211.com\/wp-content\/uploads\/2023\/03\/paques-et-salon-studio-45-150x150.jpg 150w, https:\/\/www.sunnyshop211.com\/wp-content\/uploads\/2023\/03\/paques-et-salon-studio-45-scaled-500x500.jpg 500w, https:\/\/www.sunnyshop211.com\/wp-content\/uploads\/2023\/03\/paques-et-salon-studio-45-scaled-100x100.jpg 100w\" sizes=\"(max-width: 150px) 100vw, 150px\" \/><\/a>\n\t\t\t<\/div><\/figure><figure class='gallery-item'>\n\t\t\t<div class='gallery-icon landscape'>\n\t\t\t\t<a href='https:\/\/www.sunnyshop211.com\/en\/?attachment_id=31524'><img decoding=\"async\" width=\"150\" height=\"150\" src=\"https:\/\/www.sunnyshop211.com\/wp-content\/uploads\/2023\/03\/paques-et-salon-studio-37-scaled-150x150.jpg\" class=\"attachment-thumbnail size-thumbnail\" alt=\"\" srcset=\"https:\/\/www.sunnyshop211.com\/wp-content\/uploads\/2023\/03\/paques-et-salon-studio-37-scaled-150x150.jpg 150w, https:\/\/www.sunnyshop211.com\/wp-content\/uploads\/2023\/03\/paques-et-salon-studio-37-scaled-500x500.jpg 500w, https:\/\/www.sunnyshop211.com\/wp-content\/uploads\/2023\/03\/paques-et-salon-studio-37-scaled-100x100.jpg 100w\" sizes=\"(max-width: 150px) 100vw, 150px\" \/><\/a>\n\t\t\t<\/div><\/figure><figure class='gallery-item'>\n\t\t\t<div class='gallery-icon portrait'>\n\t\t\t\t<a href='https:\/\/www.sunnyshop211.com\/en\/?attachment_id=31508'><img decoding=\"async\" width=\"150\" height=\"150\" src=\"https:\/\/www.sunnyshop211.com\/wp-content\/uploads\/2023\/03\/paques-et-salon-studio-21-150x150.jpg\" class=\"attachment-thumbnail size-thumbnail\" alt=\"\" srcset=\"https:\/\/www.sunnyshop211.com\/wp-content\/uploads\/2023\/03\/paques-et-salon-studio-21-150x150.jpg 150w, https:\/\/www.sunnyshop211.com\/wp-content\/uploads\/2023\/03\/paques-et-salon-studio-21-scaled-500x500.jpg 500w, https:\/\/www.sunnyshop211.com\/wp-content\/uploads\/2023\/03\/paques-et-salon-studio-21-scaled-100x100.jpg 100w\" sizes=\"(max-width: 150px) 100vw, 150px\" \/><\/a>\n\t\t\t<\/div><\/figure><figure class='gallery-item'>\n\t\t\t<div class='gallery-icon landscape'>\n\t\t\t\t<a href='https:\/\/www.sunnyshop211.com\/en\/?attachment_id=4501'><img loading=\"lazy\" decoding=\"async\" width=\"150\" height=\"150\" src=\"https:\/\/www.sunnyshop211.com\/wp-content\/uploads\/2019\/03\/20190311_153632-scaled-150x150.jpg\" class=\"attachment-thumbnail size-thumbnail\" alt=\"\" srcset=\"https:\/\/www.sunnyshop211.com\/wp-content\/uploads\/2019\/03\/20190311_153632-scaled-150x150.jpg 150w, https:\/\/www.sunnyshop211.com\/wp-content\/uploads\/2019\/03\/20190311_153632-scaled-500x500.jpg 500w, https:\/\/www.sunnyshop211.com\/wp-content\/uploads\/2019\/03\/20190311_153632-100x100.jpg 100w\" sizes=\"(max-width: 150px) 100vw, 150px\" \/><\/a>\n\t\t\t<\/div><\/figure><figure class='gallery-item'>\n\t\t\t<div class='gallery-icon portrait'>\n\t\t\t\t<a href='https:\/\/www.sunnyshop211.com\/en\/?attachment_id=4779'><img loading=\"lazy\" decoding=\"async\" width=\"150\" height=\"150\" src=\"https:\/\/www.sunnyshop211.com\/wp-content\/uploads\/2019\/03\/20190329_130329-150x150.jpg\" class=\"attachment-thumbnail size-thumbnail\" alt=\"Panier \u0153ufs p\u00e2ques miniature\" srcset=\"https:\/\/www.sunnyshop211.com\/wp-content\/uploads\/2019\/03\/20190329_130329-150x150.jpg 150w, https:\/\/www.sunnyshop211.com\/wp-content\/uploads\/2019\/03\/20190329_130329-500x500.jpg 500w, https:\/\/www.sunnyshop211.com\/wp-content\/uploads\/2019\/03\/20190329_130329-100x100.jpg 100w, https:\/\/www.sunnyshop211.com\/wp-content\/uploads\/2019\/03\/20190329_130329-300x300.jpg 300w\" sizes=\"(max-width: 150px) 100vw, 150px\" \/><\/a>\n\t\t\t<\/div><\/figure>\n\t\t<\/div>\n\n<h2 data-start=\"175\" data-end=\"221\">Miniature Easter Bunny - 1\/8 - 1\/6 - 1\/4<\/h2>\n<p data-start=\"223\" data-end=\"243\">\u2500\u2500\u2500\u2500\u2500\u2500\u2500\u2500\u2500\u2500\u2500\u2500\u2500\u2500\u2500\u2500\u2500\u2500\u2500\u2500<\/p>\n<h3 data-start=\"245\" data-end=\"262\">\u2728 Description<\/h3>\n<p data-start=\"264\" data-end=\"402\">This <strong data-start=\"267\" data-end=\"296\">Miniature Easter Bunny<\/strong> is ideal for celebrating Easter with your dolls and adding a soft, springtime touch to your dioramas.<\/p>\n<p data-start=\"404\" data-end=\"507\">Perfect for <strong data-start=\"421\" data-end=\"449\">Easter staging<\/strong>, miniature festive tables or egg-hunt decorations.<\/p>\n<p data-start=\"509\" data-end=\"582\">\u2714 Fictitious article<br data-start=\"525\" data-end=\"528\" \/>\u2714 Easter miniature decoration<br data-start=\"560\" data-end=\"563\" \/>\u2714 Sold by unit<\/p>\n<p data-start=\"584\" data-end=\"604\">\u2500\u2500\u2500\u2500\u2500\u2500\u2500\u2500\u2500\u2500\u2500\u2500\u2500\u2500\u2500\u2500\u2500\u2500\u2500\u2500<\/p>\n<h3 data-start=\"606\" data-end=\"626\">\ud83e\uddf8 Compatibility<\/h3>\n<p data-start=\"628\" data-end=\"658\">Suitable for the following dolls:<\/p>\n<p data-start=\"660\" data-end=\"784\">\u2022 <strong data-start=\"662\" data-end=\"669\">1\/8<\/strong> Pukifee, Lati Yellow, Nappy Choo<br data-start=\"704\" data-end=\"707\" \/>\u2022 <strong data-start=\"709\" data-end=\"716\">1\/6<\/strong> : Barbie, Pullip, Blythe<br data-start=\"741\" data-end=\"744\" \/>\u2022 <strong data-start=\"746\" data-end=\"753\">1\/4<\/strong> : Minifee, MSD, Unoa, Bimong<\/p>\n<p data-start=\"786\" data-end=\"806\">\u2500\u2500\u2500\u2500\u2500\u2500\u2500\u2500\u2500\u2500\u2500\u2500\u2500\u2500\u2500\u2500\u2500\u2500\u2500\u2500<\/p>\n<h3 data-start=\"808\" data-end=\"834\">\ud83d\udccf Available sizes<\/h3>\n<p data-start=\"836\" data-end=\"932\">\u2022 <strong data-start=\"838\" data-end=\"845\">1\/8<\/strong> : about <strong data-start=\"856\" data-end=\"866\">2.5 cm<\/strong><br data-start=\"866\" data-end=\"869\" \/>\u2022 <strong data-start=\"871\" data-end=\"878\">1\/6<\/strong> : about <strong data-start=\"889\" data-end=\"899\">3.5 cm<\/strong><br data-start=\"899\" data-end=\"902\" \/>\u2022 <strong data-start=\"904\" data-end=\"911\">1\/4<\/strong> : about <strong data-start=\"922\" data-end=\"932\">4.5 cm<\/strong><\/p>\n<p data-start=\"934\" data-end=\"987\">Choose the size that fits your doll.<\/p>\n<p data-start=\"989\" data-end=\"1009\">\u2500\u2500\u2500\u2500\u2500\u2500\u2500\u2500\u2500\u2500\u2500\u2500\u2500\u2500\u2500\u2500\u2500\u2500\u2500\u2500<\/p>\n<h3 data-start=\"1011\" data-end=\"1038\">\ud83c\udfa8 Colors &amp; finishes<\/h3>\n<p data-start=\"1040\" data-end=\"1220\">- Hand-painted and decorated rabbit<br data-start=\"1073\" data-end=\"1076\" \/>- Available in <strong data-start=\"1092\" data-end=\"1130\">pink, blue, green, purple or brown<\/strong><br data-start=\"1130\" data-end=\"1133\" \/>- Decorated with a <strong data-start=\"1147\" data-end=\"1184\">small knot around the ears<\/strong><br data-start=\"1184\" data-end=\"1187\" \/>- Knot color : <strong data-start=\"1207\" data-end=\"1220\">random<\/strong><\/p>\n<p data-start=\"1222\" data-end=\"1366\">\ud83d\udca1 <strong data-start=\"1225\" data-end=\"1249\">Customized option<\/strong> :<br data-start=\"1251\" data-end=\"1254\" \/>If you would like a <strong data-start=\"1276\" data-end=\"1306\">specific knot color<\/strong>, Please indicate this in the comments of your order.<\/p>\n<p data-start=\"1368\" data-end=\"1388\">\u2500\u2500\u2500\u2500\u2500\u2500\u2500\u2500\u2500\u2500\u2500\u2500\u2500\u2500\u2500\u2500\u2500\u2500\u2500\u2500<\/p>\n<h3 data-start=\"1390\" data-end=\"1417\">\ud83d\udc23 Easter collection<\/h3>\n<p data-start=\"1419\" data-end=\"1461\">These rabbits go perfectly with :<\/p>\n<p data-start=\"1463\" data-end=\"1660\">- Miniature Easter eggs<br data-start=\"1490\" data-end=\"1493\" \/>- Egg baskets<br data-start=\"1509\" data-end=\"1512\" \/>- Easter wall and table decorations<br data-start=\"1554\" data-end=\"1557\" \/>- Easter cupcakes, cakes and cups<br data-start=\"1596\" data-end=\"1599\" \/>- Other Easter accessories available in the store<\/p>\n<p data-start=\"1662\" data-end=\"1682\">\u2500\u2500\u2500\u2500\u2500\u2500\u2500\u2500\u2500\u2500\u2500\u2500\u2500\u2500\u2500\u2500\u2500\u2500\u2500\u2500<\/p>\n<h3 data-start=\"1684\" data-end=\"1714\">\ud83d\udd90\ufe0f Craft manufacturing<\/h3>\n<p data-start=\"1716\" data-end=\"1781\">Each rabbit is <strong data-start=\"1733\" data-end=\"1757\">made to order<\/strong>, by hand.<\/p>\n<p data-start=\"1783\" data-end=\"1921\">Because of the handmade :<br data-start=\"1807\" data-end=\"1810\" \/>- slight variations in shape or color may occur<br data-start=\"1875\" data-end=\"1878\" \/>- minor imperfections are possible<\/p>\n<p data-start=\"1923\" data-end=\"1943\">\u2500\u2500\u2500\u2500\u2500\u2500\u2500\u2500\u2500\u2500\u2500\u2500\u2500\u2500\u2500\u2500\u2500\u2500\u2500\u2500<\/p>\n<h3 data-start=\"1945\" data-end=\"1976\">\ud83d\udce6 Important information<\/h3>\n<p data-start=\"1978\" data-end=\"2450\">\u2022 <strong data-start=\"1980\" data-end=\"2029\">The prize is for a miniature Easter Bunny<\/strong><br data-start=\"2029\" data-end=\"2032\" \/>- Article made to order<br data-start=\"2062\" data-end=\"2065\" \/>- For orders consisting solely of Easter miniatures, the <strong data-start=\"2135\" data-end=\"2182\">processing time is about 1 week<\/strong> to guarantee on-time delivery<br data-start=\"2221\" data-end=\"2224\" \/>- The photos are examples of staging<br data-start=\"2271\" data-end=\"2274\" \/>- More photos available on Instagram :<br data-start=\"2318\" data-end=\"2321\" \/>\ud83d\udc49 <a class=\"decorated-link\" href=\"https:\/\/www.instagram.com\/sunnyshop211\/\" target=\"_new\" rel=\"noopener\" data-start=\"2324\" data-end=\"2363\">https:\/\/www.instagram.com\/sunnyshop211\/<\/a><br data-start=\"2363\" data-end=\"2366\" \/>- Please note <strong data-start=\"2394\" data-end=\"2450\">Terms and conditions of sale and delivery times<\/strong><\/p>\n<p data-start=\"2452\" data-end=\"2472\">\u2500\u2500\u2500\u2500\u2500\u2500\u2500\u2500\u2500\u2500\u2500\u2500\u2500\u2500\u2500\u2500\u2500\u2500\u2500\u2500<\/p>\n<h3 data-start=\"2474\" data-end=\"2497\">\u26a0\ufe0f Imprint<\/h3>\n<p data-start=\"2499\" data-end=\"2566\">!!!! This is not a toy<br data-start=\"2527\" data-end=\"2530\" \/>Article intended for an adult audience<\/p>\n<p>&nbsp;<\/p>\n<p>&nbsp;<\/p>","protected":false},"excerpt":{"rendered":"<p>&nbsp; Lapin de P\u00e2ques miniature \u2013 1\/8 \u00b7 1\/6 \u00b7 1\/4 \u2500\u2500\u2500\u2500\u2500\u2500\u2500\u2500\u2500\u2500\u2500\u2500\u2500\u2500\u2500\u2500\u2500\u2500\u2500\u2500 \u2728 Description Ce lapin de P\u00e2ques miniature est id\u00e9al pour c\u00e9l\u00e9brer P\u00e2ques avec vos dolls et apporter une touche douce et printani\u00e8re \u00e0 vos dioramas. Parfait pour les mises en sc\u00e8ne de P\u00e2ques, tables festives miniatures ou d\u00e9cors de chasse aux \u0153ufs. \u2714 [&hellip;]<\/p>\n","protected":false},"featured_media":31524,"comment_status":"open","ping_status":"closed","template":"","meta":{"_crdt_document":"","jetpack_post_was_ever_published":false,"jetpack_publicize_message":"","jetpack_publicize_feature_enabled":true,"jetpack_social_post_already_shared":true,"jetpack_social_options":{"image_generator_settings":{"template":"highway","default_image_id":0,"font":"","enabled":false},"version":2}},"product_brand":[],"product_cat":[667687052],"product_tag":[667681278,667681143,667681341,667681136,667681284,667681142,667681234,667681226,667681233,667682270,667682272,667681272,667681239,667681348,667681225,667681241,667681242,667681340,667682274,667681426,667681236,667681261,667681232,667681173,667681237,667682276,667681280,667681177,667681277,667681235,667681260],"class_list":{"0":"post-4533","1":"product","2":"type-product","3":"status-publish","4":"has-post-thumbnail","6":"product_cat-decoration-de-paques","7":"product_tag-barbie","8":"product_tag-bedroom","9":"product_tag-bid","10":"product_tag-bjd","11":"product_tag-blythe","12":"product_tag-chambre","13":"product_tag-diorama","14":"product_tag-doll","15":"product_tag-dollhouse","16":"product_tag-easter","17":"product_tag-easter-bunny","18":"product_tag-elowynn-wilde","19":"product_tag-fairyland","20":"product_tag-fashion-royalty","21":"product_tag-furniture","22":"product_tag-iplehouse","23":"product_tag-jid","24":"product_tag-kid","25":"product_tag-lapin-de-paques","26":"product_tag-littlefee","27":"product_tag-maison-de-poupee","28":"product_tag-meuble","29":"product_tag-miniature","30":"product_tag-minifee","31":"product_tag-msd","32":"product_tag-paques","33":"product_tag-phicen","34":"product_tag-poupee","35":"product_tag-pullip","36":"product_tag-roombox","37":"product_tag-tonner","38":"product_shipping_class-lettre-suivie","39":"pa_couleur-bleu","40":"pa_couleur-marron","41":"pa_couleur-rose-pink","42":"pa_couleur-vert","43":"pa_couleur-violet-fr","45":"first","46":"instock","47":"taxable","48":"shipping-taxable","49":"purchasable","50":"product-type-variable"},"yoast_head":"<!-- This site is optimized with the Yoast SEO plugin v27.5 - https:\/\/yoast.com\/product\/yoast-seo-wordpress\/ -->\n<title>Lapin de p\u00e2ques miniature 1\/8, 1\/6, 1\/4 -<\/title>\n<meta name=\"description\" content=\"Lapin de p\u00e2ques miniature \/ Easter bunny 1\/8, 1\/6, 1\/4. Id\u00e9al pour f\u00eater paques avec vos dolls comme pukifee, lati yellow, Barbie, pullip, minifee, MSD\" \/>\n<meta name=\"robots\" content=\"index, follow, max-snippet:-1, max-image-preview:large, max-video-preview:-1\" \/>\n<link rel=\"canonical\" href=\"https:\/\/www.sunnyshop211.com\/en\/product\/lapin-de-paques-miniature-1-6-1-4\/\" \/>\n<meta property=\"og:locale\" content=\"en_US\" \/>\n<meta property=\"og:type\" content=\"article\" \/>\n<meta property=\"og:title\" content=\"Lapin de p\u00e2ques miniature 1\/8, 1\/6, 1\/4 -\" \/>\n<meta property=\"og:description\" content=\"Lapin de p\u00e2ques miniature \/ Easter bunny 1\/8, 1\/6, 1\/4. Id\u00e9al pour f\u00eater paques avec vos dolls comme pukifee, lati yellow, Barbie, pullip, minifee, MSD\" \/>\n<meta property=\"og:url\" content=\"https:\/\/www.sunnyshop211.com\/en\/product\/lapin-de-paques-miniature-1-6-1-4\/\" \/>\n<meta property=\"og:site_name\" content=\"Sunnyshop211 -Vente de dioramas, meubles, miniatures , bjd poup\u00e9es 1\/12 1\/8 1\/6 1\/4 1\/3\" \/>\n<meta property=\"article:publisher\" content=\"https:\/\/www.facebook.com\/sunnyshop211\/?ref=bookmarks\" \/>\n<meta property=\"article:modified_time\" content=\"2026-01-01T16:31:49+00:00\" \/>\n<meta property=\"og:image\" content=\"https:\/\/www.sunnyshop211.com\/wp-content\/uploads\/2023\/03\/paques-et-salon-studio-37-scaled.jpg\" \/>\n\t<meta property=\"og:image:width\" content=\"2560\" \/>\n\t<meta property=\"og:image:height\" content=\"1707\" \/>\n\t<meta property=\"og:image:type\" content=\"image\/jpeg\" \/>\n<meta name=\"twitter:card\" content=\"summary_large_image\" \/>\n<meta name=\"twitter:site\" content=\"@sunnyshop211\" \/>\n<meta name=\"twitter:label1\" content=\"Est. reading time\" \/>\n\t<meta name=\"twitter:data1\" content=\"2 minutes\" \/>\n<script type=\"application\/ld+json\" class=\"yoast-schema-graph\">{\"@context\":\"https:\\\/\\\/schema.org\",\"@graph\":[{\"@type\":\"WebPage\",\"@id\":\"https:\\\/\\\/www.sunnyshop211.com\\\/produit\\\/lapin-de-paques-miniature-1-6-1-4\\\/\",\"url\":\"https:\\\/\\\/www.sunnyshop211.com\\\/produit\\\/lapin-de-paques-miniature-1-6-1-4\\\/\",\"name\":\"Lapin de p\u00e2ques miniature 1\\\/8, 1\\\/6, 1\\\/4 -\",\"isPartOf\":{\"@id\":\"https:\\\/\\\/www.sunnyshop211.com\\\/#website\"},\"primaryImageOfPage\":{\"@id\":\"https:\\\/\\\/www.sunnyshop211.com\\\/produit\\\/lapin-de-paques-miniature-1-6-1-4\\\/#primaryimage\"},\"image\":{\"@id\":\"https:\\\/\\\/www.sunnyshop211.com\\\/produit\\\/lapin-de-paques-miniature-1-6-1-4\\\/#primaryimage\"},\"thumbnailUrl\":\"https:\\\/\\\/www.sunnyshop211.com\\\/wp-content\\\/uploads\\\/2023\\\/03\\\/paques-et-salon-studio-37-scaled.jpg\",\"datePublished\":\"2019-03-12T18:16:54+00:00\",\"dateModified\":\"2026-01-01T16:31:49+00:00\",\"description\":\"Lapin de p\u00e2ques miniature \\\/ Easter bunny 1\\\/8, 1\\\/6, 1\\\/4. Id\u00e9al pour f\u00eater paques avec vos dolls comme pukifee, lati yellow, Barbie, pullip, minifee, MSD\",\"breadcrumb\":{\"@id\":\"https:\\\/\\\/www.sunnyshop211.com\\\/produit\\\/lapin-de-paques-miniature-1-6-1-4\\\/#breadcrumb\"},\"inLanguage\":\"en-US\",\"potentialAction\":[{\"@type\":\"ReadAction\",\"target\":[\"https:\\\/\\\/www.sunnyshop211.com\\\/produit\\\/lapin-de-paques-miniature-1-6-1-4\\\/\"]}]},{\"@type\":\"ImageObject\",\"inLanguage\":\"en-US\",\"@id\":\"https:\\\/\\\/www.sunnyshop211.com\\\/produit\\\/lapin-de-paques-miniature-1-6-1-4\\\/#primaryimage\",\"url\":\"https:\\\/\\\/www.sunnyshop211.com\\\/wp-content\\\/uploads\\\/2023\\\/03\\\/paques-et-salon-studio-37-scaled.jpg\",\"contentUrl\":\"https:\\\/\\\/www.sunnyshop211.com\\\/wp-content\\\/uploads\\\/2023\\\/03\\\/paques-et-salon-studio-37-scaled.jpg\",\"width\":2560,\"height\":1707},{\"@type\":\"BreadcrumbList\",\"@id\":\"https:\\\/\\\/www.sunnyshop211.com\\\/produit\\\/lapin-de-paques-miniature-1-6-1-4\\\/#breadcrumb\",\"itemListElement\":[{\"@type\":\"ListItem\",\"position\":1,\"name\":\"Accueil\",\"item\":\"https:\\\/\\\/www.sunnyshop211.com\\\/\"},{\"@type\":\"ListItem\",\"position\":2,\"name\":\"Boutique\",\"item\":\"https:\\\/\\\/www.sunnyshop211.com\\\/boutique-miniature-bjd-dolls\\\/\"},{\"@type\":\"ListItem\",\"position\":3,\"name\":\"Lapin de p\u00e2ques miniature 1\\\/8, 1\\\/6, 1\\\/4\"}]},{\"@type\":\"WebSite\",\"@id\":\"https:\\\/\\\/www.sunnyshop211.com\\\/#website\",\"url\":\"https:\\\/\\\/www.sunnyshop211.com\\\/\",\"name\":\"Vente de dioramas, meubles, miniatures , bjd poup\u00e9es 1\\\/12 1\\\/8 1\\\/6 1\\\/4 1\\\/3\",\"description\":\"Sunnyshop211 - Votre univers miniature pour poup\u00e9es et BJD, dioramas et meubles sur mesure !\",\"publisher\":{\"@id\":\"https:\\\/\\\/www.sunnyshop211.com\\\/#organization\"},\"alternateName\":\"sunnyshop211\",\"potentialAction\":[{\"@type\":\"SearchAction\",\"target\":{\"@type\":\"EntryPoint\",\"urlTemplate\":\"https:\\\/\\\/www.sunnyshop211.com\\\/?s={search_term_string}\"},\"query-input\":{\"@type\":\"PropertyValueSpecification\",\"valueRequired\":true,\"valueName\":\"search_term_string\"}}],\"inLanguage\":\"en-US\"},{\"@type\":\"Organization\",\"@id\":\"https:\\\/\\\/www.sunnyshop211.com\\\/#organization\",\"name\":\"sunnyshop211\",\"alternateName\":\"sunnyshop211 diorama bjd meuble miniature\",\"url\":\"https:\\\/\\\/www.sunnyshop211.com\\\/\",\"logo\":{\"@type\":\"ImageObject\",\"inLanguage\":\"en-US\",\"@id\":\"https:\\\/\\\/www.sunnyshop211.com\\\/#\\\/schema\\\/logo\\\/image\\\/\",\"url\":\"https:\\\/\\\/www.sunnyshop211.com\\\/wp-content\\\/uploads\\\/2022\\\/08\\\/cropped-cropped-cropped-Sunnyshop211-1.png\",\"contentUrl\":\"https:\\\/\\\/www.sunnyshop211.com\\\/wp-content\\\/uploads\\\/2022\\\/08\\\/cropped-cropped-cropped-Sunnyshop211-1.png\",\"width\":339,\"height\":339,\"caption\":\"sunnyshop211\"},\"image\":{\"@id\":\"https:\\\/\\\/www.sunnyshop211.com\\\/#\\\/schema\\\/logo\\\/image\\\/\"},\"sameAs\":[\"https:\\\/\\\/www.facebook.com\\\/sunnyshop211\\\/?ref=bookmarks\",\"https:\\\/\\\/x.com\\\/sunnyshop211\",\"https:\\\/\\\/www.instagram.com\\\/sunnyshop211\\\/\",\"https:\\\/\\\/www.tumblr.com\\\/blog\\\/sunnyshop211\",\"https:\\\/\\\/www.youtube.com\\\/channel\\\/UCtYY18OGGDKrTSzgcf7fCBg\",\"https:\\\/\\\/www.tiktok.com\\\/@sunnydollshop211?is_from_webapp=1&sender_device=pc\"]}]}<\/script>\n<!-- \/ Yoast SEO plugin. -->","yoast_head_json":{"title":"Miniature Easter bunny 1\/8, 1\/6, 1\/4 -","description":"Lapin de p\u00e2ques miniature \/ Easter bunny 1\/8, 1\/6, 1\/4. Ideal for celebrating Easter with your dolls like pukifee, lati yellow, Barbie, pullip, minifee, MSD.","robots":{"index":"index","follow":"follow","max-snippet":"max-snippet:-1","max-image-preview":"max-image-preview:large","max-video-preview":"max-video-preview:-1"},"canonical":"https:\/\/www.sunnyshop211.com\/en\/product\/lapin-de-paques-miniature-1-6-1-4\/","og_locale":"en_US","og_type":"article","og_title":"Lapin de p\u00e2ques miniature 1\/8, 1\/6, 1\/4 -","og_description":"Lapin de p\u00e2ques miniature \/ Easter bunny 1\/8, 1\/6, 1\/4. Id\u00e9al pour f\u00eater paques avec vos dolls comme pukifee, lati yellow, Barbie, pullip, minifee, MSD","og_url":"https:\/\/www.sunnyshop211.com\/en\/product\/lapin-de-paques-miniature-1-6-1-4\/","og_site_name":"Sunnyshop211 -Vente de dioramas, meubles, miniatures , bjd poup\u00e9es 1\/12 1\/8 1\/6 1\/4 1\/3","article_publisher":"https:\/\/www.facebook.com\/sunnyshop211\/?ref=bookmarks","article_modified_time":"2026-01-01T16:31:49+00:00","og_image":[{"width":2560,"height":1707,"url":"https:\/\/www.sunnyshop211.com\/wp-content\/uploads\/2023\/03\/paques-et-salon-studio-37-scaled.jpg","type":"image\/jpeg"}],"twitter_card":"summary_large_image","twitter_site":"@sunnyshop211","twitter_misc":{"Est. reading time":"2 minutes"},"schema":{"@context":"https:\/\/schema.org","@graph":[{"@type":"WebPage","@id":"https:\/\/www.sunnyshop211.com\/produit\/lapin-de-paques-miniature-1-6-1-4\/","url":"https:\/\/www.sunnyshop211.com\/produit\/lapin-de-paques-miniature-1-6-1-4\/","name":"Miniature Easter bunny 1\/8, 1\/6, 1\/4 -","isPartOf":{"@id":"https:\/\/www.sunnyshop211.com\/#website"},"primaryImageOfPage":{"@id":"https:\/\/www.sunnyshop211.com\/produit\/lapin-de-paques-miniature-1-6-1-4\/#primaryimage"},"image":{"@id":"https:\/\/www.sunnyshop211.com\/produit\/lapin-de-paques-miniature-1-6-1-4\/#primaryimage"},"thumbnailUrl":"https:\/\/www.sunnyshop211.com\/wp-content\/uploads\/2023\/03\/paques-et-salon-studio-37-scaled.jpg","datePublished":"2019-03-12T18:16:54+00:00","dateModified":"2026-01-01T16:31:49+00:00","description":"Lapin de p\u00e2ques miniature \/ Easter bunny 1\/8, 1\/6, 1\/4. Ideal for celebrating Easter with your dolls like pukifee, lati yellow, Barbie, pullip, minifee, MSD.","breadcrumb":{"@id":"https:\/\/www.sunnyshop211.com\/produit\/lapin-de-paques-miniature-1-6-1-4\/#breadcrumb"},"inLanguage":"en-US","potentialAction":[{"@type":"ReadAction","target":["https:\/\/www.sunnyshop211.com\/produit\/lapin-de-paques-miniature-1-6-1-4\/"]}]},{"@type":"ImageObject","inLanguage":"en-US","@id":"https:\/\/www.sunnyshop211.com\/produit\/lapin-de-paques-miniature-1-6-1-4\/#primaryimage","url":"https:\/\/www.sunnyshop211.com\/wp-content\/uploads\/2023\/03\/paques-et-salon-studio-37-scaled.jpg","contentUrl":"https:\/\/www.sunnyshop211.com\/wp-content\/uploads\/2023\/03\/paques-et-salon-studio-37-scaled.jpg","width":2560,"height":1707},{"@type":"BreadcrumbList","@id":"https:\/\/www.sunnyshop211.com\/produit\/lapin-de-paques-miniature-1-6-1-4\/#breadcrumb","itemListElement":[{"@type":"ListItem","position":1,"name":"Accueil","item":"https:\/\/www.sunnyshop211.com\/"},{"@type":"ListItem","position":2,"name":"Boutique","item":"https:\/\/www.sunnyshop211.com\/boutique-miniature-bjd-dolls\/"},{"@type":"ListItem","position":3,"name":"Lapin de p\u00e2ques miniature 1\/8, 1\/6, 1\/4"}]},{"@type":"WebSite","@id":"https:\/\/www.sunnyshop211.com\/#website","url":"https:\/\/www.sunnyshop211.com\/","name":"Sale of dioramas, furniture, miniatures, bjd dolls 1\/12 1\/8 1\/6 1\/4 1\/3","description":"Sunnyshop211 - Your miniature world for dolls and BJDs, dioramas and custom-made furniture!","publisher":{"@id":"https:\/\/www.sunnyshop211.com\/#organization"},"alternateName":"sunnyshop211","potentialAction":[{"@type":"SearchAction","target":{"@type":"EntryPoint","urlTemplate":"https:\/\/www.sunnyshop211.com\/?s={search_term_string}"},"query-input":{"@type":"PropertyValueSpecification","valueRequired":true,"valueName":"search_term_string"}}],"inLanguage":"en-US"},{"@type":"Organization","@id":"https:\/\/www.sunnyshop211.com\/#organization","name":"sunnyshop211","alternateName":"sunnyshop211 diorama bjd meuble miniature","url":"https:\/\/www.sunnyshop211.com\/","logo":{"@type":"ImageObject","inLanguage":"en-US","@id":"https:\/\/www.sunnyshop211.com\/#\/schema\/logo\/image\/","url":"https:\/\/www.sunnyshop211.com\/wp-content\/uploads\/2022\/08\/cropped-cropped-cropped-Sunnyshop211-1.png","contentUrl":"https:\/\/www.sunnyshop211.com\/wp-content\/uploads\/2022\/08\/cropped-cropped-cropped-Sunnyshop211-1.png","width":339,"height":339,"caption":"sunnyshop211"},"image":{"@id":"https:\/\/www.sunnyshop211.com\/#\/schema\/logo\/image\/"},"sameAs":["https:\/\/www.facebook.com\/sunnyshop211\/?ref=bookmarks","https:\/\/x.com\/sunnyshop211","https:\/\/www.instagram.com\/sunnyshop211\/","https:\/\/www.tumblr.com\/blog\/sunnyshop211","https:\/\/www.youtube.com\/channel\/UCtYY18OGGDKrTSzgcf7fCBg","https:\/\/www.tiktok.com\/@sunnydollshop211?is_from_webapp=1&sender_device=pc"]}]}},"jetpack_publicize_connections":[],"jetpack_sharing_enabled":true,"_links":{"self":[{"href":"https:\/\/www.sunnyshop211.com\/en\/wp-json\/wp\/v2\/product\/4533","targetHints":{"allow":["GET"]}}],"collection":[{"href":"https:\/\/www.sunnyshop211.com\/en\/wp-json\/wp\/v2\/product"}],"about":[{"href":"https:\/\/www.sunnyshop211.com\/en\/wp-json\/wp\/v2\/types\/product"}],"replies":[{"embeddable":true,"href":"https:\/\/www.sunnyshop211.com\/en\/wp-json\/wp\/v2\/comments?post=4533"}],"version-history":[{"count":11,"href":"https:\/\/www.sunnyshop211.com\/en\/wp-json\/wp\/v2\/product\/4533\/revisions"}],"predecessor-version":[{"id":53849,"href":"https:\/\/www.sunnyshop211.com\/en\/wp-json\/wp\/v2\/product\/4533\/revisions\/53849"}],"wp:featuredmedia":[{"embeddable":true,"href":"https:\/\/www.sunnyshop211.com\/en\/wp-json\/wp\/v2\/media\/31524"}],"wp:attachment":[{"href":"https:\/\/www.sunnyshop211.com\/en\/wp-json\/wp\/v2\/media?parent=4533"}],"wp:term":[{"taxonomy":"product_brand","embeddable":true,"href":"https:\/\/www.sunnyshop211.com\/en\/wp-json\/wp\/v2\/product_brand?post=4533"},{"taxonomy":"product_cat","embeddable":true,"href":"https:\/\/www.sunnyshop211.com\/en\/wp-json\/wp\/v2\/product_cat?post=4533"},{"taxonomy":"product_tag","embeddable":true,"href":"https:\/\/www.sunnyshop211.com\/en\/wp-json\/wp\/v2\/product_tag?post=4533"}],"curies":[{"name":"wp","href":"https:\/\/api.w.org\/{rel}","templated":true}]}}