{"id":45221,"date":"2025-02-14T16:27:27","date_gmt":"2025-02-14T15:27:27","guid":{"rendered":"https:\/\/www.sunnyshop211.com\/?post_type=product&#038;p=45221"},"modified":"2026-02-14T22:21:21","modified_gmt":"2026-02-14T21:21:21","slug":"simulation-billets-davion-miniature-barbie-phicen-minifee-sd-smart-doll","status":"publish","type":"product","link":"https:\/\/www.sunnyshop211.com\/en\/product\/simulation-billets-davion-miniature-barbie-phicen-minifee-sd-smart-doll\/","title":{"rendered":"Simulation of Barbie, phicen, minifee, SD model plane tickets,"},"content":{"rendered":"<div id='gallery-1' class='gallery galleryid-45221 gallery-columns-3 gallery-size-thumbnail'><figure class='gallery-item'>\n\t\t\t<div class='gallery-icon landscape'>\n\t\t\t\t<a href='https:\/\/www.sunnyshop211.com\/en\/?attachment_id=45211'><img decoding=\"async\" width=\"150\" height=\"150\" src=\"https:\/\/www.sunnyshop211.com\/wp-content\/uploads\/2025\/02\/26-1-150x150.jpg\" class=\"attachment-thumbnail size-thumbnail\" alt=\"Simulation billets d&#039;avion miniature Barbie, phicen, minifee, SD, smart Doll\" srcset=\"https:\/\/www.sunnyshop211.com\/wp-content\/uploads\/2025\/02\/26-1-150x150.jpg 150w, https:\/\/www.sunnyshop211.com\/wp-content\/uploads\/2025\/02\/26-1-500x500.jpg 500w, https:\/\/www.sunnyshop211.com\/wp-content\/uploads\/2025\/02\/26-1-100x100.jpg 100w\" sizes=\"(max-width: 150px) 100vw, 150px\" \/><\/a>\n\t\t\t<\/div><\/figure><figure class='gallery-item'>\n\t\t\t<div class='gallery-icon landscape'>\n\t\t\t\t<a href='https:\/\/www.sunnyshop211.com\/en\/?attachment_id=45183'><img decoding=\"async\" width=\"150\" height=\"150\" src=\"https:\/\/www.sunnyshop211.com\/wp-content\/uploads\/2025\/02\/1-1-150x150.jpg\" class=\"attachment-thumbnail size-thumbnail\" alt=\"Simulation Valise miniature minifee, MSD, unoa\" srcset=\"https:\/\/www.sunnyshop211.com\/wp-content\/uploads\/2025\/02\/1-1-150x150.jpg 150w, https:\/\/www.sunnyshop211.com\/wp-content\/uploads\/2025\/02\/1-1-13x12.jpg 13w, https:\/\/www.sunnyshop211.com\/wp-content\/uploads\/2025\/02\/1-1-500x500.jpg 500w, https:\/\/www.sunnyshop211.com\/wp-content\/uploads\/2025\/02\/1-1-100x100.jpg 100w\" sizes=\"(max-width: 150px) 100vw, 150px\" \/><\/a>\n\t\t\t<\/div><\/figure><figure class='gallery-item'>\n\t\t\t<div class='gallery-icon landscape'>\n\t\t\t\t<a href='https:\/\/www.sunnyshop211.com\/en\/?attachment_id=45188'><img decoding=\"async\" width=\"150\" height=\"150\" src=\"https:\/\/www.sunnyshop211.com\/wp-content\/uploads\/2025\/02\/5-1-150x150.jpg\" class=\"attachment-thumbnail size-thumbnail\" alt=\"\" srcset=\"https:\/\/www.sunnyshop211.com\/wp-content\/uploads\/2025\/02\/5-1-150x150.jpg 150w, https:\/\/www.sunnyshop211.com\/wp-content\/uploads\/2025\/02\/5-1-500x500.jpg 500w, https:\/\/www.sunnyshop211.com\/wp-content\/uploads\/2025\/02\/5-1-100x100.jpg 100w\" sizes=\"(max-width: 150px) 100vw, 150px\" \/><\/a>\n\t\t\t<\/div><\/figure>\n\t\t<\/div>\n\n<h2 data-start=\"153\" data-end=\"214\"><strong data-start=\"153\" data-end=\"214\">Model airplane tickets (simulation) - 1\/6 - 1\/4 - 1\/3<\/strong><\/h2>\n<p data-start=\"216\" data-end=\"236\">\u2500\u2500\u2500\u2500\u2500\u2500\u2500\u2500\u2500\u2500\u2500\u2500\u2500\u2500\u2500\u2500\u2500\u2500\u2500\u2500<\/p>\n<p data-start=\"238\" data-end=\"255\">\u2728 <strong data-start=\"240\" data-end=\"255\">Description<\/strong><\/p>\n<p data-start=\"257\" data-end=\"397\">These miniature simulated plane tickets are perfect for creating realistic, narrative-filled travel scenes for your dolls.<\/p>\n<p data-start=\"399\" data-end=\"568\">Ideal for staging, dioramas and photo shoots, they add an immersive touch to your world, whether it's a vacation, a world tour or an impromptu getaway.<\/p>\n<p data-start=\"570\" data-end=\"671\">\u2714 Fictitious items.<br data-start=\"589\" data-end=\"592\" \/>\u2714 Non-functional decorative accessories.<br data-start=\"634\" data-end=\"637\" \/>\u2714 <strong data-start=\"639\" data-end=\"670\">Sold in packs of 2 tickets<\/strong>.<\/p>\n<p data-start=\"673\" data-end=\"693\">\u2500\u2500\u2500\u2500\u2500\u2500\u2500\u2500\u2500\u2500\u2500\u2500\u2500\u2500\u2500\u2500\u2500\u2500\u2500\u2500<\/p>\n<p data-start=\"695\" data-end=\"715\">\ud83e\uddf8 <strong data-start=\"698\" data-end=\"715\">Compatibility<\/strong><\/p>\n<p data-start=\"717\" data-end=\"754\">Compatible with the following dolls:<\/p>\n<p data-start=\"756\" data-end=\"930\">\u2022 <strong data-start=\"758\" data-end=\"765\">1\/6<\/strong> Barbie, Pullip, Phicen or dolls of equivalent size.<br data-start=\"822\" data-end=\"825\" \/>\u2022 <strong data-start=\"827\" data-end=\"834\">1\/4<\/strong> MSD, Minifee, Unoa, Bimong or similar.<br data-start=\"878\" data-end=\"881\" \/>\u2022 <strong data-start=\"883\" data-end=\"890\">1\/3<\/strong> SD, Smart Doll, Feeple or equivalent.<\/p>\n<p data-start=\"932\" data-end=\"1079\">Compatible with furniture and accessories sold separately in sunnyshop211.<br data-start=\"1023\" data-end=\"1026\" \/>Ideal for staging your travel dioramas.<\/p>\n<p data-start=\"1081\" data-end=\"1101\">\u2500\u2500\u2500\u2500\u2500\u2500\u2500\u2500\u2500\u2500\u2500\u2500\u2500\u2500\u2500\u2500\u2500\u2500\u2500\u2500<\/p>\n<p data-start=\"1103\" data-end=\"1129\">\ud83d\udccf <strong data-start=\"1106\" data-end=\"1129\">Available sizes<\/strong><\/p>\n<p data-start=\"1131\" data-end=\"1211\">Mini airline tickets are available in <strong data-start=\"1182\" data-end=\"1199\">three sizes<\/strong>, your choice :<\/p>\n<p data-start=\"1213\" data-end=\"1293\">\u2022 <strong data-start=\"1215\" data-end=\"1222\">1\/6<\/strong> 3 cm long<br data-start=\"1237\" data-end=\"1240\" \/>\u2022 <strong data-start=\"1242\" data-end=\"1249\">1\/4<\/strong> : 4 cm long<br data-start=\"1264\" data-end=\"1267\" \/>\u2022 <strong data-start=\"1269\" data-end=\"1276\">1\/3<\/strong> 5 cm long<\/p>\n<p data-start=\"1295\" data-end=\"1315\">\u2500\u2500\u2500\u2500\u2500\u2500\u2500\u2500\u2500\u2500\u2500\u2500\u2500\u2500\u2500\u2500\u2500\u2500\u2500\u2500<\/p>\n<p data-start=\"1317\" data-end=\"1344\">\ud83c\udfa8 <strong data-start=\"1320\" data-end=\"1344\">Available colors<\/strong><\/p>\n<p data-start=\"1346\" data-end=\"1389\">You choose the color of your tickets:<\/p>\n<p data-start=\"1391\" data-end=\"1409\">- Blue<br data-start=\"1397\" data-end=\"1400\" \/>- Yellow<\/p>\n<p data-start=\"1411\" data-end=\"1431\">\u2500\u2500\u2500\u2500\u2500\u2500\u2500\u2500\u2500\u2500\u2500\u2500\u2500\u2500\u2500\u2500\u2500\u2500\u2500\u2500<\/p>\n<p data-start=\"1433\" data-end=\"1456\">\u270d\ufe0f <strong data-start=\"1436\" data-end=\"1456\">Personalization<\/strong><\/p>\n<p data-start=\"1458\" data-end=\"1561\">Tickets are <strong data-start=\"1475\" data-end=\"1504\">customized on request<\/strong>.<br data-start=\"1505\" data-end=\"1508\" \/>Please indicate in comments when ordering:<\/p>\n<p data-start=\"1563\" data-end=\"1615\">- The <strong data-start=\"1568\" data-end=\"1589\">name of your doll<\/strong><br data-start=\"1589\" data-end=\"1592\" \/>- The <strong data-start=\"1597\" data-end=\"1615\">travel date<\/strong><\/p>\n<p data-start=\"1617\" data-end=\"1637\">\u2500\u2500\u2500\u2500\u2500\u2500\u2500\u2500\u2500\u2500\u2500\u2500\u2500\u2500\u2500\u2500\u2500\u2500\u2500\u2500<\/p>\n<p data-start=\"1639\" data-end=\"1668\">\ud83e\udde9 <strong data-start=\"1642\" data-end=\"1668\">Use &amp; ambience<\/strong><\/p>\n<p data-start=\"1670\" data-end=\"1890\">- Decorative accessories only.<br data-start=\"1706\" data-end=\"1709\" \/>- Perfect for scenes with suitcases, travel bags and miniature passports.<br data-start=\"1802\" data-end=\"1805\" \/>- To be combined with <strong data-start=\"1827\" data-end=\"1849\">miniature suitcases<\/strong> available separately in the store.<\/p>\n<p data-start=\"1892\" data-end=\"1912\">\u2500\u2500\u2500\u2500\u2500\u2500\u2500\u2500\u2500\u2500\u2500\u2500\u2500\u2500\u2500\u2500\u2500\u2500\u2500\u2500<\/p>\n<h3 data-start=\"1914\" data-end=\"1944\">\ud83d\udd90\ufe0f <strong data-start=\"1918\" data-end=\"1944\">Handcrafted products<\/strong><\/h3>\n<p data-start=\"1946\" data-end=\"1991\">Each batch is handcrafted.<\/p>\n<p data-start=\"1993\" data-end=\"2147\">Because of its handmade character:<br data-start=\"2027\" data-end=\"2030\" \/>- slight variations in shape or color may occur,<br data-start=\"2096\" data-end=\"2099\" \/>- a few minor imperfections are possible.<\/p>\n<p data-start=\"2149\" data-end=\"2169\">\u2500\u2500\u2500\u2500\u2500\u2500\u2500\u2500\u2500\u2500\u2500\u2500\u2500\u2500\u2500\u2500\u2500\u2500\u2500\u2500<\/p>\n<p data-start=\"2171\" data-end=\"2202\">\ud83d\udce6 <strong data-start=\"2174\" data-end=\"2202\">Important information<\/strong><\/p>\n<p data-start=\"2204\" data-end=\"2509\">- Items made to order.<br data-start=\"2237\" data-end=\"2240\" \/>- Please take into account manufacturing and delivery times (see General Sales Conditions and delivery times).<br data-start=\"2366\" data-end=\"2369\" \/>- The photos are examples of staging.<br data-start=\"2417\" data-end=\"2420\" \/>- Other visible decorations and accessories are sold separately in the store.<\/p>\n<p data-start=\"2511\" data-end=\"2598\">More photos available on Instagram :<br data-start=\"2553\" data-end=\"2556\" \/>\ud83d\udc49 <a class=\"decorated-link\" href=\"https:\/\/www.instagram.com\/sunnyshop211\/\" target=\"_new\" rel=\"noopener\" data-start=\"2559\" data-end=\"2598\">https:\/\/www.instagram.com\/sunnyshop211\/<\/a><\/p>\n<p data-start=\"2600\" data-end=\"2620\">\u2500\u2500\u2500\u2500\u2500\u2500\u2500\u2500\u2500\u2500\u2500\u2500\u2500\u2500\u2500\u2500\u2500\u2500\u2500\u2500<\/p>\n<p data-start=\"2622\" data-end=\"2645\">\u26a0\ufe0f <strong data-start=\"2625\" data-end=\"2645\">Terms of use<\/strong><\/p>\n<p data-start=\"2647\" data-end=\"2787\">!!!! This is not a toy, this article is intended for adults.<br data-start=\"2718\" data-end=\"2721\" \/>I am not responsible for any damage in transit.<\/p>","protected":false},"excerpt":{"rendered":"<p>Billets d\u2019avion miniatures (simulation) \u2013 1\/6 \u00b7 1\/4 \u00b7 1\/3 \u2500\u2500\u2500\u2500\u2500\u2500\u2500\u2500\u2500\u2500\u2500\u2500\u2500\u2500\u2500\u2500\u2500\u2500\u2500\u2500 \u2728 Description Ces billets d\u2019avion miniatures en simulation sont parfaits pour cr\u00e9er des sc\u00e8nes de voyage r\u00e9alistes et pleines de narration pour vos dolls. Id\u00e9als pour vos mises en sc\u00e8nes, dioramas et shootings photo, ils ajoutent une touche immersive \u00e0 vos univers : d\u00e9part [&hellip;]<\/p>\n","protected":false},"featured_media":45211,"comment_status":"open","ping_status":"closed","template":"","meta":{"_crdt_document":"","jetpack_post_was_ever_published":false,"jetpack_publicize_message":"","jetpack_publicize_feature_enabled":true,"jetpack_social_post_already_shared":true,"jetpack_social_options":{"image_generator_settings":{"template":"highway","default_image_id":0,"font":"","enabled":false},"version":2}},"product_brand":[],"product_cat":[667687065],"product_tag":[667681137,667681278,667685045,667685043,667681138,667681136,667681588,667685049,667685298,667681364,667681363,667682262,667685028,667685026,667685061,667681466,667685059,667685249,667685032,667685051,667683243,667682326,667681139,667682310,667685255,667685057,667681426,667685296,667685199,667685247,667685030,667685041,667681232,667681173,667685233,667681141,667685292,667684712,667681218,667685251,667681140,667682322,667681324,667685253,667685034,667681468,667685053,667684439,667685294,667683989,667685055,667682308,667685231],"class_list":{"0":"post-45221","1":"product","2":"type-product","3":"status-publish","4":"has-post-thumbnail","6":"product_cat--voyage","7":"product_tag-baby","8":"product_tag-barbie","9":"product_tag-beaute","10":"product_tag-beauty","11":"product_tag-bebe","12":"product_tag-bjd","13":"product_tag-brosse","14":"product_tag-brush","15":"product_tag-brushes","16":"product_tag-cat","17":"product_tag-chat","18":"product_tag-cigne-bascule","19":"product_tag-cream","20":"product_tag-creme","21":"product_tag-curling-iron","22":"product_tag-feeple","23":"product_tag-fer-a-boucler","24":"product_tag-fond-de-teint","25":"product_tag-gommage","26":"product_tag-hair-dryer","27":"product_tag-headband","28":"product_tag-lapin","29":"product_tag-lati-yellow","30":"product_tag-licorne","31":"product_tag-lipstick","32":"product_tag-lisseur","33":"product_tag-littlefee","34":"product_tag-lot","35":"product_tag-manucure","36":"product_tag-maquillage","37":"product_tag-mask","38":"product_tag-masque","39":"product_tag-miniature","40":"product_tag-minifee","41":"product_tag-nail-polish","42":"product_tag-nappy-choo","43":"product_tag-pinceaux","44":"product_tag-poppy-parker","45":"product_tag-portique","46":"product_tag-poudre","47":"product_tag-pukifee","48":"product_tag-rabbit","49":"product_tag-rocking-chair","50":"product_tag-rouge-a-levre","51":"product_tag-scrub","52":"product_tag-sd","53":"product_tag-seche-cheveux","54":"product_tag-sere-tete","55":"product_tag-set","56":"product_tag-smart-doll","57":"product_tag-straightener","58":"product_tag-unicorn","59":"product_tag-vernis-a-ongle","60":"product_shipping_class-lettre-suivie-3","62":"first","63":"instock","64":"taxable","65":"shipping-taxable","66":"purchasable","67":"product-type-variable"},"yoast_head":"<!-- This site is optimized with the Yoast SEO plugin v27.5 - https:\/\/yoast.com\/product\/yoast-seo-wordpress\/ -->\n<title>Simulation billets d&#039;avion miniature Barbie, phicen, minifee, SD, -<\/title>\n<meta name=\"description\" content=\"Simulation billets d&#039;avion miniature Barbie, phicen, minifee, SD, smart Doll. Parfait pour les dolls au 1\/6, 1\/4 ou 1\/3. id\u00e9al pour vos dolls.\" \/>\n<meta name=\"robots\" content=\"index, follow, max-snippet:-1, max-image-preview:large, max-video-preview:-1\" \/>\n<link rel=\"canonical\" href=\"https:\/\/www.sunnyshop211.com\/en\/product\/simulation-billets-davion-miniature-barbie-phicen-minifee-sd-smart-doll\/\" \/>\n<meta property=\"og:locale\" content=\"en_US\" \/>\n<meta property=\"og:type\" content=\"article\" \/>\n<meta property=\"og:title\" content=\"Simulation billets d&#039;avion miniature Barbie, phicen, minifee, SD, -\" \/>\n<meta property=\"og:description\" content=\"Simulation cr\u00e8me solaire miniature, 1\/6, 1\/4 or 1\/3 , Barbie, fashion royalty, BJD minifee MSD, unoa SD, feeple, smart Doll. Plusieurs mod\u00e8les disponibles.\" \/>\n<meta property=\"og:url\" content=\"https:\/\/www.sunnyshop211.com\/en\/product\/simulation-billets-davion-miniature-barbie-phicen-minifee-sd-smart-doll\/\" \/>\n<meta property=\"og:site_name\" content=\"Sunnyshop211 -Vente de dioramas, meubles, miniatures , bjd poup\u00e9es 1\/12 1\/8 1\/6 1\/4 1\/3\" \/>\n<meta property=\"article:publisher\" content=\"https:\/\/www.facebook.com\/sunnyshop211\/?ref=bookmarks\" \/>\n<meta property=\"article:modified_time\" content=\"2026-02-14T21:21:21+00:00\" \/>\n<meta property=\"og:image\" content=\"https:\/\/www.sunnyshop211.com\/wp-content\/uploads\/2025\/02\/26-1-scaled.jpg\" \/>\n\t<meta property=\"og:image:width\" content=\"2560\" \/>\n\t<meta property=\"og:image:height\" content=\"1707\" \/>\n\t<meta property=\"og:image:type\" content=\"image\/jpeg\" \/>\n<meta name=\"twitter:card\" content=\"summary_large_image\" \/>\n<meta name=\"twitter:site\" content=\"@sunnyshop211\" \/>\n<meta name=\"twitter:label1\" content=\"Est. reading time\" \/>\n\t<meta name=\"twitter:data1\" content=\"3 minutes\" \/>\n<script type=\"application\/ld+json\" class=\"yoast-schema-graph\">{\"@context\":\"https:\\\/\\\/schema.org\",\"@graph\":[{\"@type\":\"WebPage\",\"@id\":\"https:\\\/\\\/www.sunnyshop211.com\\\/produit\\\/simulation-billets-davion-miniature-barbie-phicen-minifee-sd-smart-doll\\\/\",\"url\":\"https:\\\/\\\/www.sunnyshop211.com\\\/produit\\\/simulation-billets-davion-miniature-barbie-phicen-minifee-sd-smart-doll\\\/\",\"name\":\"Simulation billets d'avion miniature Barbie, phicen, minifee, SD, -\",\"isPartOf\":{\"@id\":\"https:\\\/\\\/www.sunnyshop211.com\\\/#website\"},\"primaryImageOfPage\":{\"@id\":\"https:\\\/\\\/www.sunnyshop211.com\\\/produit\\\/simulation-billets-davion-miniature-barbie-phicen-minifee-sd-smart-doll\\\/#primaryimage\"},\"image\":{\"@id\":\"https:\\\/\\\/www.sunnyshop211.com\\\/produit\\\/simulation-billets-davion-miniature-barbie-phicen-minifee-sd-smart-doll\\\/#primaryimage\"},\"thumbnailUrl\":\"https:\\\/\\\/www.sunnyshop211.com\\\/wp-content\\\/uploads\\\/2025\\\/02\\\/26-1-scaled.jpg\",\"datePublished\":\"2025-02-14T15:27:27+00:00\",\"dateModified\":\"2026-02-14T21:21:21+00:00\",\"description\":\"Simulation billets d'avion miniature Barbie, phicen, minifee, SD, smart Doll. Parfait pour les dolls au 1\\\/6, 1\\\/4 ou 1\\\/3. id\u00e9al pour vos dolls.\",\"breadcrumb\":{\"@id\":\"https:\\\/\\\/www.sunnyshop211.com\\\/produit\\\/simulation-billets-davion-miniature-barbie-phicen-minifee-sd-smart-doll\\\/#breadcrumb\"},\"inLanguage\":\"en-US\",\"potentialAction\":[{\"@type\":\"ReadAction\",\"target\":[\"https:\\\/\\\/www.sunnyshop211.com\\\/produit\\\/simulation-billets-davion-miniature-barbie-phicen-minifee-sd-smart-doll\\\/\"]}]},{\"@type\":\"ImageObject\",\"inLanguage\":\"en-US\",\"@id\":\"https:\\\/\\\/www.sunnyshop211.com\\\/produit\\\/simulation-billets-davion-miniature-barbie-phicen-minifee-sd-smart-doll\\\/#primaryimage\",\"url\":\"https:\\\/\\\/www.sunnyshop211.com\\\/wp-content\\\/uploads\\\/2025\\\/02\\\/26-1-scaled.jpg\",\"contentUrl\":\"https:\\\/\\\/www.sunnyshop211.com\\\/wp-content\\\/uploads\\\/2025\\\/02\\\/26-1-scaled.jpg\",\"width\":2560,\"height\":1707,\"caption\":\"Simulation billets d'avion miniature Barbie, phicen, minifee, SD, smart Doll\"},{\"@type\":\"BreadcrumbList\",\"@id\":\"https:\\\/\\\/www.sunnyshop211.com\\\/produit\\\/simulation-billets-davion-miniature-barbie-phicen-minifee-sd-smart-doll\\\/#breadcrumb\",\"itemListElement\":[{\"@type\":\"ListItem\",\"position\":1,\"name\":\"Accueil\",\"item\":\"https:\\\/\\\/www.sunnyshop211.com\\\/\"},{\"@type\":\"ListItem\",\"position\":2,\"name\":\"Boutique\",\"item\":\"https:\\\/\\\/www.sunnyshop211.com\\\/boutique-miniature-bjd-dolls\\\/\"},{\"@type\":\"ListItem\",\"position\":3,\"name\":\"Simulation billets d&#8217;avion miniature Barbie, phicen, minifee, SD,\"}]},{\"@type\":\"WebSite\",\"@id\":\"https:\\\/\\\/www.sunnyshop211.com\\\/#website\",\"url\":\"https:\\\/\\\/www.sunnyshop211.com\\\/\",\"name\":\"Vente de dioramas, meubles, miniatures , bjd poup\u00e9es 1\\\/12 1\\\/8 1\\\/6 1\\\/4 1\\\/3\",\"description\":\"Sunnyshop211 - Votre univers miniature pour poup\u00e9es et BJD, dioramas et meubles sur mesure !\",\"publisher\":{\"@id\":\"https:\\\/\\\/www.sunnyshop211.com\\\/#organization\"},\"alternateName\":\"sunnyshop211\",\"potentialAction\":[{\"@type\":\"SearchAction\",\"target\":{\"@type\":\"EntryPoint\",\"urlTemplate\":\"https:\\\/\\\/www.sunnyshop211.com\\\/?s={search_term_string}\"},\"query-input\":{\"@type\":\"PropertyValueSpecification\",\"valueRequired\":true,\"valueName\":\"search_term_string\"}}],\"inLanguage\":\"en-US\"},{\"@type\":\"Organization\",\"@id\":\"https:\\\/\\\/www.sunnyshop211.com\\\/#organization\",\"name\":\"sunnyshop211\",\"alternateName\":\"sunnyshop211 diorama bjd meuble miniature\",\"url\":\"https:\\\/\\\/www.sunnyshop211.com\\\/\",\"logo\":{\"@type\":\"ImageObject\",\"inLanguage\":\"en-US\",\"@id\":\"https:\\\/\\\/www.sunnyshop211.com\\\/#\\\/schema\\\/logo\\\/image\\\/\",\"url\":\"https:\\\/\\\/www.sunnyshop211.com\\\/wp-content\\\/uploads\\\/2022\\\/08\\\/cropped-cropped-cropped-Sunnyshop211-1.png\",\"contentUrl\":\"https:\\\/\\\/www.sunnyshop211.com\\\/wp-content\\\/uploads\\\/2022\\\/08\\\/cropped-cropped-cropped-Sunnyshop211-1.png\",\"width\":339,\"height\":339,\"caption\":\"sunnyshop211\"},\"image\":{\"@id\":\"https:\\\/\\\/www.sunnyshop211.com\\\/#\\\/schema\\\/logo\\\/image\\\/\"},\"sameAs\":[\"https:\\\/\\\/www.facebook.com\\\/sunnyshop211\\\/?ref=bookmarks\",\"https:\\\/\\\/x.com\\\/sunnyshop211\",\"https:\\\/\\\/www.instagram.com\\\/sunnyshop211\\\/\",\"https:\\\/\\\/www.tumblr.com\\\/blog\\\/sunnyshop211\",\"https:\\\/\\\/www.youtube.com\\\/channel\\\/UCtYY18OGGDKrTSzgcf7fCBg\",\"https:\\\/\\\/www.tiktok.com\\\/@sunnydollshop211?is_from_webapp=1&sender_device=pc\"]}]}<\/script>\n<!-- \/ Yoast SEO plugin. -->","yoast_head_json":{"title":"Simulation of Barbie, phicen, minifee, SD miniature plane tickets -","description":"Simulated plane tickets for Barbie, phicen, minifee, SD, smart Doll. Perfect for 1\/6, 1\/4 or 1\/3 scale dolls. Ideal for your dolls.","robots":{"index":"index","follow":"follow","max-snippet":"max-snippet:-1","max-image-preview":"max-image-preview:large","max-video-preview":"max-video-preview:-1"},"canonical":"https:\/\/www.sunnyshop211.com\/en\/product\/simulation-billets-davion-miniature-barbie-phicen-minifee-sd-smart-doll\/","og_locale":"en_US","og_type":"article","og_title":"Simulation billets d'avion miniature Barbie, phicen, minifee, SD, -","og_description":"Simulation cr\u00e8me solaire miniature, 1\/6, 1\/4 or 1\/3 , Barbie, fashion royalty, BJD minifee MSD, unoa SD, feeple, smart Doll. Plusieurs mod\u00e8les disponibles.","og_url":"https:\/\/www.sunnyshop211.com\/en\/product\/simulation-billets-davion-miniature-barbie-phicen-minifee-sd-smart-doll\/","og_site_name":"Sunnyshop211 -Vente de dioramas, meubles, miniatures , bjd poup\u00e9es 1\/12 1\/8 1\/6 1\/4 1\/3","article_publisher":"https:\/\/www.facebook.com\/sunnyshop211\/?ref=bookmarks","article_modified_time":"2026-02-14T21:21:21+00:00","og_image":[{"width":2560,"height":1707,"url":"https:\/\/www.sunnyshop211.com\/wp-content\/uploads\/2025\/02\/26-1-scaled.jpg","type":"image\/jpeg"}],"twitter_card":"summary_large_image","twitter_site":"@sunnyshop211","twitter_misc":{"Est. reading time":"3 minutes"},"schema":{"@context":"https:\/\/schema.org","@graph":[{"@type":"WebPage","@id":"https:\/\/www.sunnyshop211.com\/produit\/simulation-billets-davion-miniature-barbie-phicen-minifee-sd-smart-doll\/","url":"https:\/\/www.sunnyshop211.com\/produit\/simulation-billets-davion-miniature-barbie-phicen-minifee-sd-smart-doll\/","name":"Simulation of Barbie, phicen, minifee, SD miniature plane tickets -","isPartOf":{"@id":"https:\/\/www.sunnyshop211.com\/#website"},"primaryImageOfPage":{"@id":"https:\/\/www.sunnyshop211.com\/produit\/simulation-billets-davion-miniature-barbie-phicen-minifee-sd-smart-doll\/#primaryimage"},"image":{"@id":"https:\/\/www.sunnyshop211.com\/produit\/simulation-billets-davion-miniature-barbie-phicen-minifee-sd-smart-doll\/#primaryimage"},"thumbnailUrl":"https:\/\/www.sunnyshop211.com\/wp-content\/uploads\/2025\/02\/26-1-scaled.jpg","datePublished":"2025-02-14T15:27:27+00:00","dateModified":"2026-02-14T21:21:21+00:00","description":"Simulated plane tickets for Barbie, phicen, minifee, SD, smart Doll. Perfect for 1\/6, 1\/4 or 1\/3 scale dolls. Ideal for your dolls.","breadcrumb":{"@id":"https:\/\/www.sunnyshop211.com\/produit\/simulation-billets-davion-miniature-barbie-phicen-minifee-sd-smart-doll\/#breadcrumb"},"inLanguage":"en-US","potentialAction":[{"@type":"ReadAction","target":["https:\/\/www.sunnyshop211.com\/produit\/simulation-billets-davion-miniature-barbie-phicen-minifee-sd-smart-doll\/"]}]},{"@type":"ImageObject","inLanguage":"en-US","@id":"https:\/\/www.sunnyshop211.com\/produit\/simulation-billets-davion-miniature-barbie-phicen-minifee-sd-smart-doll\/#primaryimage","url":"https:\/\/www.sunnyshop211.com\/wp-content\/uploads\/2025\/02\/26-1-scaled.jpg","contentUrl":"https:\/\/www.sunnyshop211.com\/wp-content\/uploads\/2025\/02\/26-1-scaled.jpg","width":2560,"height":1707,"caption":"Simulation billets d'avion miniature Barbie, phicen, minifee, SD, smart Doll"},{"@type":"BreadcrumbList","@id":"https:\/\/www.sunnyshop211.com\/produit\/simulation-billets-davion-miniature-barbie-phicen-minifee-sd-smart-doll\/#breadcrumb","itemListElement":[{"@type":"ListItem","position":1,"name":"Accueil","item":"https:\/\/www.sunnyshop211.com\/"},{"@type":"ListItem","position":2,"name":"Boutique","item":"https:\/\/www.sunnyshop211.com\/boutique-miniature-bjd-dolls\/"},{"@type":"ListItem","position":3,"name":"Simulation billets d&#8217;avion miniature Barbie, phicen, minifee, SD,"}]},{"@type":"WebSite","@id":"https:\/\/www.sunnyshop211.com\/#website","url":"https:\/\/www.sunnyshop211.com\/","name":"Sale of dioramas, furniture, miniatures, bjd dolls 1\/12 1\/8 1\/6 1\/4 1\/3","description":"Sunnyshop211 - Your miniature world for dolls and BJDs, dioramas and custom-made furniture!","publisher":{"@id":"https:\/\/www.sunnyshop211.com\/#organization"},"alternateName":"sunnyshop211","potentialAction":[{"@type":"SearchAction","target":{"@type":"EntryPoint","urlTemplate":"https:\/\/www.sunnyshop211.com\/?s={search_term_string}"},"query-input":{"@type":"PropertyValueSpecification","valueRequired":true,"valueName":"search_term_string"}}],"inLanguage":"en-US"},{"@type":"Organization","@id":"https:\/\/www.sunnyshop211.com\/#organization","name":"sunnyshop211","alternateName":"sunnyshop211 diorama bjd meuble miniature","url":"https:\/\/www.sunnyshop211.com\/","logo":{"@type":"ImageObject","inLanguage":"en-US","@id":"https:\/\/www.sunnyshop211.com\/#\/schema\/logo\/image\/","url":"https:\/\/www.sunnyshop211.com\/wp-content\/uploads\/2022\/08\/cropped-cropped-cropped-Sunnyshop211-1.png","contentUrl":"https:\/\/www.sunnyshop211.com\/wp-content\/uploads\/2022\/08\/cropped-cropped-cropped-Sunnyshop211-1.png","width":339,"height":339,"caption":"sunnyshop211"},"image":{"@id":"https:\/\/www.sunnyshop211.com\/#\/schema\/logo\/image\/"},"sameAs":["https:\/\/www.facebook.com\/sunnyshop211\/?ref=bookmarks","https:\/\/x.com\/sunnyshop211","https:\/\/www.instagram.com\/sunnyshop211\/","https:\/\/www.tumblr.com\/blog\/sunnyshop211","https:\/\/www.youtube.com\/channel\/UCtYY18OGGDKrTSzgcf7fCBg","https:\/\/www.tiktok.com\/@sunnydollshop211?is_from_webapp=1&sender_device=pc"]}]}},"jetpack_publicize_connections":[],"jetpack_sharing_enabled":true,"_links":{"self":[{"href":"https:\/\/www.sunnyshop211.com\/en\/wp-json\/wp\/v2\/product\/45221","targetHints":{"allow":["GET"]}}],"collection":[{"href":"https:\/\/www.sunnyshop211.com\/en\/wp-json\/wp\/v2\/product"}],"about":[{"href":"https:\/\/www.sunnyshop211.com\/en\/wp-json\/wp\/v2\/types\/product"}],"replies":[{"embeddable":true,"href":"https:\/\/www.sunnyshop211.com\/en\/wp-json\/wp\/v2\/comments?post=45221"}],"version-history":[{"count":5,"href":"https:\/\/www.sunnyshop211.com\/en\/wp-json\/wp\/v2\/product\/45221\/revisions"}],"predecessor-version":[{"id":54003,"href":"https:\/\/www.sunnyshop211.com\/en\/wp-json\/wp\/v2\/product\/45221\/revisions\/54003"}],"wp:featuredmedia":[{"embeddable":true,"href":"https:\/\/www.sunnyshop211.com\/en\/wp-json\/wp\/v2\/media\/45211"}],"wp:attachment":[{"href":"https:\/\/www.sunnyshop211.com\/en\/wp-json\/wp\/v2\/media?parent=45221"}],"wp:term":[{"taxonomy":"product_brand","embeddable":true,"href":"https:\/\/www.sunnyshop211.com\/en\/wp-json\/wp\/v2\/product_brand?post=45221"},{"taxonomy":"product_cat","embeddable":true,"href":"https:\/\/www.sunnyshop211.com\/en\/wp-json\/wp\/v2\/product_cat?post=45221"},{"taxonomy":"product_tag","embeddable":true,"href":"https:\/\/www.sunnyshop211.com\/en\/wp-json\/wp\/v2\/product_tag?post=45221"}],"curies":[{"name":"wp","href":"https:\/\/api.w.org\/{rel}","templated":true}]}}