{"id":45132,"date":"2025-02-13T18:56:48","date_gmt":"2025-02-13T17:56:48","guid":{"rendered":"https:\/\/www.sunnyshop211.com\/?post_type=product&#038;p=45132"},"modified":"2025-12-30T20:13:28","modified_gmt":"2025-12-30T19:13:28","slug":"boite-de-pizza-miniature-minifee-msd","status":"publish","type":"product","link":"https:\/\/www.sunnyshop211.com\/en\/product\/boite-de-pizza-miniature-minifee-msd\/","title":{"rendered":"Miniature pizza box minifee ,MSD"},"content":{"rendered":"<div id='gallery-1' class='gallery galleryid-45132 gallery-columns-3 gallery-size-thumbnail'><figure class='gallery-item'>\n\t\t\t<div class='gallery-icon landscape'>\n\t\t\t\t<a href='https:\/\/www.sunnyshop211.com\/en\/?attachment_id=45133'><img decoding=\"async\" width=\"150\" height=\"150\" src=\"https:\/\/www.sunnyshop211.com\/wp-content\/uploads\/2025\/02\/10-scaled-150x150.jpg\" class=\"attachment-thumbnail size-thumbnail\" alt=\"Boite de pizza miniature minifee ,MSD\" srcset=\"https:\/\/www.sunnyshop211.com\/wp-content\/uploads\/2025\/02\/10-scaled-150x150.jpg 150w, https:\/\/www.sunnyshop211.com\/wp-content\/uploads\/2025\/02\/10-scaled-500x500.jpg 500w, https:\/\/www.sunnyshop211.com\/wp-content\/uploads\/2025\/02\/10-scaled-100x100.jpg 100w\" sizes=\"(max-width: 150px) 100vw, 150px\" \/><\/a>\n\t\t\t<\/div><\/figure>\n\t\t<\/div>\n\n<h2 data-start=\"161\" data-end=\"256\">\ud83c\udf55 <strong data-start=\"164\" data-end=\"206\">Miniature pizza box - 1\/4 scale<\/strong><br data-start=\"206\" data-end=\"209\" \/>Minifee - MSD - Unoa - Bimong - Diorama Cuisine<\/h2>\n<p data-start=\"258\" data-end=\"433\">Add a fun, realistic touch to your miniature scenes with this 1\/4-size dummy pizza box, ideal for completing your kitchens, tables and dining scenes \ud83e\uddf8\ud83c\udf7d\ufe0f<\/p>\n<hr data-start=\"435\" data-end=\"438\" \/>\n<p data-start=\"440\" data-end=\"457\">\u2728 <strong data-start=\"442\" data-end=\"457\">Description<\/strong><\/p>\n<p data-start=\"459\" data-end=\"559\">This miniature simulation pizza box is perfect for accessorizing your kitchens and dioramas:<\/p>\n<p data-start=\"561\" data-end=\"749\">- Miniature pizza box <strong data-start=\"588\" data-end=\"599\">dummy<\/strong><br data-start=\"599\" data-end=\"602\" \/>- Sold <strong data-start=\"611\" data-end=\"619\">vacuum<\/strong><br data-start=\"619\" data-end=\"622\" \/>- Packaging in <strong data-start=\"637\" data-end=\"647\">cardboard<\/strong><br data-start=\"647\" data-end=\"650\" \/>- Realistic look for everyday scenes<br data-start=\"692\" data-end=\"695\" \/>- Perfect for tables, counters and dining scenes<\/p>\n<hr data-start=\"751\" data-end=\"754\" \/>\n<p data-start=\"756\" data-end=\"786\">\ud83d\udccf <strong data-start=\"759\" data-end=\"786\">Scale &amp; compatibility<\/strong><\/p>\n<p data-start=\"788\" data-end=\"953\">\u2714 Scale: 1\/4<br data-start=\"803\" data-end=\"806\" \/>\u2714 Dimensions: approx. <strong data-start=\"829\" data-end=\"845\">5 cm long<\/strong><br data-start=\"845\" data-end=\"848\" \/>\u2714 Suitable for 1\/4 dolls:<br \/>\n- Minifee<br data-start=\"884\" data-end=\"887\" \/>- MSD<br data-start=\"892\" data-end=\"895\" \/>- Unoa<br data-start=\"901\" data-end=\"904\" \/>- Bimong<br data-start=\"912\" data-end=\"915\" \/>- Other models of similar size<\/p>\n<p data-start=\"955\" data-end=\"1005\">Ideal for miniature kitchens and dining scenes.<\/p>\n<hr data-start=\"1007\" data-end=\"1010\" \/>\n<p data-start=\"1012\" data-end=\"1026\">\ud83d\udce6 <strong data-start=\"1015\" data-end=\"1026\">Contents<\/strong><\/p>\n<p data-start=\"1028\" data-end=\"1099\">\u2022 <strong data-start=\"1030\" data-end=\"1060\">1 miniature pizza box<\/strong><br data-start=\"1060\" data-end=\"1063\" \/>\ud83d\udc49 Sold as presented (empty)<\/p>\n<hr data-start=\"1101\" data-end=\"1104\" \/>\n<p data-start=\"1106\" data-end=\"1136\">\ud83d\udd90\ufe0f <strong data-start=\"1110\" data-end=\"1136\">Handcrafted products<\/strong><\/p>\n<p data-start=\"1138\" data-end=\"1336\">- Handmade items<br data-start=\"1157\" data-end=\"1160\" \/>- Each piece is unique<br data-start=\"1185\" data-end=\"1188\" \/>- Slight variations in shape, color or finish may occur.<br data-start=\"1263\" data-end=\"1266\" \/>- A few minor imperfections may occur, due to the craftsmanship involved.<\/p>\n<hr data-start=\"1338\" data-end=\"1341\" \/>\n<p data-start=\"1343\" data-end=\"1361\">\ud83c\udfe1 <strong data-start=\"1346\" data-end=\"1361\">Use<\/strong><\/p>\n<p data-start=\"1363\" data-end=\"1546\">- Decorative accessory for :<br \/>\n- miniature kitchens<br data-start=\"1414\" data-end=\"1417\" \/>- tables and counters<br data-start=\"1438\" data-end=\"1441\" \/>- meal or evening scenes<br data-start=\"1471\" data-end=\"1474\" \/>- Compatible with my furniture and kitchen accessories sold separately<\/p>\n<p data-start=\"1548\" data-end=\"1615\">\ud83d\udc49 The 1\/4\" miniature kitchen is sold separately in the store.<\/p>\n<hr data-start=\"1617\" data-end=\"1620\" \/>\n<p data-start=\"1622\" data-end=\"1653\">\ud83d\udcf8 <strong data-start=\"1625\" data-end=\"1653\">Important information<\/strong><\/p>\n<p data-start=\"1655\" data-end=\"1796\">- The photos are examples of staging<br data-start=\"1702\" data-end=\"1705\" \/>- Only the pizza box is sold<br data-start=\"1741\" data-end=\"1744\" \/>- Dolls, pizzas, furniture and accessories not included<\/p>\n<p data-start=\"1798\" data-end=\"1880\">\ud83d\udcf8 More photos and inspiration :<br data-start=\"1835\" data-end=\"1838\" \/>\ud83d\udc49 <a class=\"decorated-link\" href=\"https:\/\/www.instagram.com\/sunnyshop211\/\" target=\"_new\" rel=\"noopener\" data-start=\"1841\" data-end=\"1880\">https:\/\/www.instagram.com\/sunnyshop211\/<\/a><\/p>\n<hr data-start=\"1882\" data-end=\"1885\" \/>\n<p data-start=\"1887\" data-end=\"1910\">\u26a0\ufe0f <strong data-start=\"1890\" data-end=\"1910\">Terms of use<\/strong><\/p>\n<p data-start=\"1912\" data-end=\"2182\">- This is not a toy<br data-start=\"1937\" data-end=\"1940\" \/>- Article intended for an adult and collecting public<br data-start=\"1994\" data-end=\"1997\" \/>- Made to order - please allow for normal manufacturing and delivery times.<br data-start=\"2095\" data-end=\"2098\" \/>- sunnyshop211 cannot be held responsible for any damage incurred in transit.<\/p>\n<hr data-start=\"2184\" data-end=\"2187\" \/>\n<p data-start=\"2189\" data-end=\"2289\">\ud83c\udf55 <strong data-start=\"2192\" data-end=\"2287\">A must-have accessory for friendly, realistic miniature scenes.<\/strong><\/p>","protected":false},"excerpt":{"rendered":"<p>\ud83c\udf55 Bo\u00eete de pizza miniature \u2013 \u00c9chelle 1\/4Minifee \u00b7 MSD \u00b7 Unoa \u00b7 Bimong \u00b7 Diorama Cuisine Ajoutez une touche fun et r\u00e9aliste \u00e0 vos sc\u00e8nes miniatures avec cette bo\u00eete de pizza factice au format 1\/4, id\u00e9ale pour compl\u00e9ter vos cuisines, tables et sc\u00e8nes de repas \ud83e\uddf8\ud83c\udf7d\ufe0f \u2728 Description Cette bo\u00eete de pizza miniature simulation [&hellip;]<\/p>\n","protected":false},"featured_media":45133,"comment_status":"open","ping_status":"closed","template":"","meta":{"_crdt_document":"","jetpack_post_was_ever_published":false,"jetpack_publicize_message":"","jetpack_publicize_feature_enabled":true,"jetpack_social_post_already_shared":true,"jetpack_social_options":{"image_generator_settings":{"template":"highway","default_image_id":0,"font":"","enabled":false},"version":2}},"product_brand":[],"product_cat":[667687024],"product_tag":[667681278,667681136,667681284,667685470,667685472,667685476,667681142,667681447,667681234,667681226,667681233,667685478,667685474,667681348,667681225,667681426,667681359,667681236,667681232,667681173,667681237,667681280,667684712,667681177,667681277,667681235,667685468,667681469,667681470],"class_list":{"0":"post-45132","1":"product","2":"type-product","3":"status-publish","4":"has-post-thumbnail","6":"product_cat-epicerie-salee","7":"product_tag-barbie","8":"product_tag-bjd","9":"product_tag-blythe","10":"product_tag-boisson","11":"product_tag-bouteille","12":"product_tag-cappuccino","13":"product_tag-chambre","14":"product_tag-coca","15":"product_tag-diorama","16":"product_tag-doll","17":"product_tag-dollhouse","18":"product_tag-eau","19":"product_tag-fanta","20":"product_tag-fashion-royalty","21":"product_tag-furniture","22":"product_tag-littlefee","23":"product_tag-living-room","24":"product_tag-maison-de-poupee","25":"product_tag-miniature","26":"product_tag-minifee","27":"product_tag-msd","28":"product_tag-phicen","29":"product_tag-poppy-parker","30":"product_tag-poupee","31":"product_tag-pullip","32":"product_tag-roombox","33":"product_tag-soda","34":"product_tag-tea-set","35":"product_tag-theiere","36":"product_shipping_class-lettresuivie","37":"pa_couleur-blanc","38":"pa_couleur-metal","39":"pa_couleur-noir","40":"pa_couleur-rose-pink","41":"pa_couleur-rouge","43":"first","44":"instock","45":"taxable","46":"shipping-taxable","47":"purchasable","48":"product-type-simple"},"yoast_head":"<!-- This site is optimized with the Yoast SEO plugin v27.5 - https:\/\/yoast.com\/product\/yoast-seo-wordpress\/ -->\n<title>Boite de pizza miniature minifee ,MSD -<\/title>\n<meta name=\"description\" content=\"Boite de pizza miniature minifee ,MSD ou autre de m\u00eame taille. Vous trouverez tout le mat\u00e9riel n\u00e9cessaire pour accessoiriser vos cuisine .\" \/>\n<meta name=\"robots\" content=\"index, follow, max-snippet:-1, max-image-preview:large, max-video-preview:-1\" \/>\n<link rel=\"canonical\" href=\"https:\/\/www.sunnyshop211.com\/en\/product\/boite-de-pizza-miniature-minifee-msd\/\" \/>\n<meta property=\"og:locale\" content=\"en_US\" \/>\n<meta property=\"og:type\" content=\"article\" \/>\n<meta property=\"og:title\" content=\"Boite de pizza miniature minifee ,MSD -\" \/>\n<meta property=\"og:description\" content=\"Boite de pizza miniature minifee ,MSD ou autre de m\u00eame taille. Vous trouverez tout le mat\u00e9riel n\u00e9cessaire pour accessoiriser vos cuisine .\" \/>\n<meta property=\"og:url\" content=\"https:\/\/www.sunnyshop211.com\/en\/product\/boite-de-pizza-miniature-minifee-msd\/\" \/>\n<meta property=\"og:site_name\" content=\"Sunnyshop211 -Vente de dioramas, meubles, miniatures , bjd poup\u00e9es 1\/12 1\/8 1\/6 1\/4 1\/3\" \/>\n<meta property=\"article:publisher\" content=\"https:\/\/www.facebook.com\/sunnyshop211\/?ref=bookmarks\" \/>\n<meta property=\"article:modified_time\" content=\"2025-12-30T19:13:28+00:00\" \/>\n<meta property=\"og:image\" content=\"https:\/\/www.sunnyshop211.com\/wp-content\/uploads\/2025\/02\/10-scaled.jpg\" \/>\n\t<meta property=\"og:image:width\" content=\"2560\" \/>\n\t<meta property=\"og:image:height\" content=\"1707\" \/>\n\t<meta property=\"og:image:type\" content=\"image\/jpeg\" \/>\n<meta name=\"twitter:card\" content=\"summary_large_image\" \/>\n<meta name=\"twitter:site\" content=\"@sunnyshop211\" \/>\n<meta name=\"twitter:label1\" content=\"Est. reading time\" \/>\n\t<meta name=\"twitter:data1\" content=\"2 minutes\" \/>\n<script type=\"application\/ld+json\" class=\"yoast-schema-graph\">{\"@context\":\"https:\\\/\\\/schema.org\",\"@graph\":[{\"@type\":\"WebPage\",\"@id\":\"https:\\\/\\\/www.sunnyshop211.com\\\/produit\\\/boite-de-pizza-miniature-minifee-msd\\\/\",\"url\":\"https:\\\/\\\/www.sunnyshop211.com\\\/produit\\\/boite-de-pizza-miniature-minifee-msd\\\/\",\"name\":\"Boite de pizza miniature minifee ,MSD -\",\"isPartOf\":{\"@id\":\"https:\\\/\\\/www.sunnyshop211.com\\\/#website\"},\"primaryImageOfPage\":{\"@id\":\"https:\\\/\\\/www.sunnyshop211.com\\\/produit\\\/boite-de-pizza-miniature-minifee-msd\\\/#primaryimage\"},\"image\":{\"@id\":\"https:\\\/\\\/www.sunnyshop211.com\\\/produit\\\/boite-de-pizza-miniature-minifee-msd\\\/#primaryimage\"},\"thumbnailUrl\":\"https:\\\/\\\/www.sunnyshop211.com\\\/wp-content\\\/uploads\\\/2025\\\/02\\\/10-scaled.jpg\",\"datePublished\":\"2025-02-13T17:56:48+00:00\",\"dateModified\":\"2025-12-30T19:13:28+00:00\",\"description\":\"Boite de pizza miniature minifee ,MSD ou autre de m\u00eame taille. Vous trouverez tout le mat\u00e9riel n\u00e9cessaire pour accessoiriser vos cuisine .\",\"breadcrumb\":{\"@id\":\"https:\\\/\\\/www.sunnyshop211.com\\\/produit\\\/boite-de-pizza-miniature-minifee-msd\\\/#breadcrumb\"},\"inLanguage\":\"en-US\",\"potentialAction\":[{\"@type\":\"ReadAction\",\"target\":[\"https:\\\/\\\/www.sunnyshop211.com\\\/produit\\\/boite-de-pizza-miniature-minifee-msd\\\/\"]}]},{\"@type\":\"ImageObject\",\"inLanguage\":\"en-US\",\"@id\":\"https:\\\/\\\/www.sunnyshop211.com\\\/produit\\\/boite-de-pizza-miniature-minifee-msd\\\/#primaryimage\",\"url\":\"https:\\\/\\\/www.sunnyshop211.com\\\/wp-content\\\/uploads\\\/2025\\\/02\\\/10-scaled.jpg\",\"contentUrl\":\"https:\\\/\\\/www.sunnyshop211.com\\\/wp-content\\\/uploads\\\/2025\\\/02\\\/10-scaled.jpg\",\"width\":2560,\"height\":1707,\"caption\":\"Boite de pizza miniature minifee ,MSD\"},{\"@type\":\"BreadcrumbList\",\"@id\":\"https:\\\/\\\/www.sunnyshop211.com\\\/produit\\\/boite-de-pizza-miniature-minifee-msd\\\/#breadcrumb\",\"itemListElement\":[{\"@type\":\"ListItem\",\"position\":1,\"name\":\"Accueil\",\"item\":\"https:\\\/\\\/www.sunnyshop211.com\\\/\"},{\"@type\":\"ListItem\",\"position\":2,\"name\":\"Boutique\",\"item\":\"https:\\\/\\\/www.sunnyshop211.com\\\/boutique-miniature-bjd-dolls\\\/\"},{\"@type\":\"ListItem\",\"position\":3,\"name\":\"Boite de pizza miniature minifee ,MSD\"}]},{\"@type\":\"WebSite\",\"@id\":\"https:\\\/\\\/www.sunnyshop211.com\\\/#website\",\"url\":\"https:\\\/\\\/www.sunnyshop211.com\\\/\",\"name\":\"Vente de dioramas, meubles, miniatures , bjd poup\u00e9es 1\\\/12 1\\\/8 1\\\/6 1\\\/4 1\\\/3\",\"description\":\"Sunnyshop211 - Votre univers miniature pour poup\u00e9es et BJD, dioramas et meubles sur mesure !\",\"publisher\":{\"@id\":\"https:\\\/\\\/www.sunnyshop211.com\\\/#organization\"},\"alternateName\":\"sunnyshop211\",\"potentialAction\":[{\"@type\":\"SearchAction\",\"target\":{\"@type\":\"EntryPoint\",\"urlTemplate\":\"https:\\\/\\\/www.sunnyshop211.com\\\/?s={search_term_string}\"},\"query-input\":{\"@type\":\"PropertyValueSpecification\",\"valueRequired\":true,\"valueName\":\"search_term_string\"}}],\"inLanguage\":\"en-US\"},{\"@type\":\"Organization\",\"@id\":\"https:\\\/\\\/www.sunnyshop211.com\\\/#organization\",\"name\":\"sunnyshop211\",\"alternateName\":\"sunnyshop211 diorama bjd meuble miniature\",\"url\":\"https:\\\/\\\/www.sunnyshop211.com\\\/\",\"logo\":{\"@type\":\"ImageObject\",\"inLanguage\":\"en-US\",\"@id\":\"https:\\\/\\\/www.sunnyshop211.com\\\/#\\\/schema\\\/logo\\\/image\\\/\",\"url\":\"https:\\\/\\\/www.sunnyshop211.com\\\/wp-content\\\/uploads\\\/2022\\\/08\\\/cropped-cropped-cropped-Sunnyshop211-1.png\",\"contentUrl\":\"https:\\\/\\\/www.sunnyshop211.com\\\/wp-content\\\/uploads\\\/2022\\\/08\\\/cropped-cropped-cropped-Sunnyshop211-1.png\",\"width\":339,\"height\":339,\"caption\":\"sunnyshop211\"},\"image\":{\"@id\":\"https:\\\/\\\/www.sunnyshop211.com\\\/#\\\/schema\\\/logo\\\/image\\\/\"},\"sameAs\":[\"https:\\\/\\\/www.facebook.com\\\/sunnyshop211\\\/?ref=bookmarks\",\"https:\\\/\\\/x.com\\\/sunnyshop211\",\"https:\\\/\\\/www.instagram.com\\\/sunnyshop211\\\/\",\"https:\\\/\\\/www.tumblr.com\\\/blog\\\/sunnyshop211\",\"https:\\\/\\\/www.youtube.com\\\/channel\\\/UCtYY18OGGDKrTSzgcf7fCBg\",\"https:\\\/\\\/www.tiktok.com\\\/@sunnydollshop211?is_from_webapp=1&sender_device=pc\"]}]}<\/script>\n<!-- \/ Yoast SEO plugin. -->","yoast_head_json":{"title":"Miniature pizza box minifee ,MSD -","description":"Miniature pizza box minifee , MSD or other of the same size. You'll find everything you need to accessorize your kitchen. .","robots":{"index":"index","follow":"follow","max-snippet":"max-snippet:-1","max-image-preview":"max-image-preview:large","max-video-preview":"max-video-preview:-1"},"canonical":"https:\/\/www.sunnyshop211.com\/en\/product\/boite-de-pizza-miniature-minifee-msd\/","og_locale":"en_US","og_type":"article","og_title":"Boite de pizza miniature minifee ,MSD -","og_description":"Boite de pizza miniature minifee ,MSD ou autre de m\u00eame taille. Vous trouverez tout le mat\u00e9riel n\u00e9cessaire pour accessoiriser vos cuisine .","og_url":"https:\/\/www.sunnyshop211.com\/en\/product\/boite-de-pizza-miniature-minifee-msd\/","og_site_name":"Sunnyshop211 -Vente de dioramas, meubles, miniatures , bjd poup\u00e9es 1\/12 1\/8 1\/6 1\/4 1\/3","article_publisher":"https:\/\/www.facebook.com\/sunnyshop211\/?ref=bookmarks","article_modified_time":"2025-12-30T19:13:28+00:00","og_image":[{"width":2560,"height":1707,"url":"https:\/\/www.sunnyshop211.com\/wp-content\/uploads\/2025\/02\/10-scaled.jpg","type":"image\/jpeg"}],"twitter_card":"summary_large_image","twitter_site":"@sunnyshop211","twitter_misc":{"Est. reading time":"2 minutes"},"schema":{"@context":"https:\/\/schema.org","@graph":[{"@type":"WebPage","@id":"https:\/\/www.sunnyshop211.com\/produit\/boite-de-pizza-miniature-minifee-msd\/","url":"https:\/\/www.sunnyshop211.com\/produit\/boite-de-pizza-miniature-minifee-msd\/","name":"Miniature pizza box minifee ,MSD -","isPartOf":{"@id":"https:\/\/www.sunnyshop211.com\/#website"},"primaryImageOfPage":{"@id":"https:\/\/www.sunnyshop211.com\/produit\/boite-de-pizza-miniature-minifee-msd\/#primaryimage"},"image":{"@id":"https:\/\/www.sunnyshop211.com\/produit\/boite-de-pizza-miniature-minifee-msd\/#primaryimage"},"thumbnailUrl":"https:\/\/www.sunnyshop211.com\/wp-content\/uploads\/2025\/02\/10-scaled.jpg","datePublished":"2025-02-13T17:56:48+00:00","dateModified":"2025-12-30T19:13:28+00:00","description":"Miniature pizza box minifee , MSD or other of the same size. You'll find everything you need to accessorize your kitchen. .","breadcrumb":{"@id":"https:\/\/www.sunnyshop211.com\/produit\/boite-de-pizza-miniature-minifee-msd\/#breadcrumb"},"inLanguage":"en-US","potentialAction":[{"@type":"ReadAction","target":["https:\/\/www.sunnyshop211.com\/produit\/boite-de-pizza-miniature-minifee-msd\/"]}]},{"@type":"ImageObject","inLanguage":"en-US","@id":"https:\/\/www.sunnyshop211.com\/produit\/boite-de-pizza-miniature-minifee-msd\/#primaryimage","url":"https:\/\/www.sunnyshop211.com\/wp-content\/uploads\/2025\/02\/10-scaled.jpg","contentUrl":"https:\/\/www.sunnyshop211.com\/wp-content\/uploads\/2025\/02\/10-scaled.jpg","width":2560,"height":1707,"caption":"Boite de pizza miniature minifee ,MSD"},{"@type":"BreadcrumbList","@id":"https:\/\/www.sunnyshop211.com\/produit\/boite-de-pizza-miniature-minifee-msd\/#breadcrumb","itemListElement":[{"@type":"ListItem","position":1,"name":"Accueil","item":"https:\/\/www.sunnyshop211.com\/"},{"@type":"ListItem","position":2,"name":"Boutique","item":"https:\/\/www.sunnyshop211.com\/boutique-miniature-bjd-dolls\/"},{"@type":"ListItem","position":3,"name":"Boite de pizza miniature minifee ,MSD"}]},{"@type":"WebSite","@id":"https:\/\/www.sunnyshop211.com\/#website","url":"https:\/\/www.sunnyshop211.com\/","name":"Sale of dioramas, furniture, miniatures, bjd dolls 1\/12 1\/8 1\/6 1\/4 1\/3","description":"Sunnyshop211 - Your miniature world for dolls and BJDs, dioramas and custom-made furniture!","publisher":{"@id":"https:\/\/www.sunnyshop211.com\/#organization"},"alternateName":"sunnyshop211","potentialAction":[{"@type":"SearchAction","target":{"@type":"EntryPoint","urlTemplate":"https:\/\/www.sunnyshop211.com\/?s={search_term_string}"},"query-input":{"@type":"PropertyValueSpecification","valueRequired":true,"valueName":"search_term_string"}}],"inLanguage":"en-US"},{"@type":"Organization","@id":"https:\/\/www.sunnyshop211.com\/#organization","name":"sunnyshop211","alternateName":"sunnyshop211 diorama bjd meuble miniature","url":"https:\/\/www.sunnyshop211.com\/","logo":{"@type":"ImageObject","inLanguage":"en-US","@id":"https:\/\/www.sunnyshop211.com\/#\/schema\/logo\/image\/","url":"https:\/\/www.sunnyshop211.com\/wp-content\/uploads\/2022\/08\/cropped-cropped-cropped-Sunnyshop211-1.png","contentUrl":"https:\/\/www.sunnyshop211.com\/wp-content\/uploads\/2022\/08\/cropped-cropped-cropped-Sunnyshop211-1.png","width":339,"height":339,"caption":"sunnyshop211"},"image":{"@id":"https:\/\/www.sunnyshop211.com\/#\/schema\/logo\/image\/"},"sameAs":["https:\/\/www.facebook.com\/sunnyshop211\/?ref=bookmarks","https:\/\/x.com\/sunnyshop211","https:\/\/www.instagram.com\/sunnyshop211\/","https:\/\/www.tumblr.com\/blog\/sunnyshop211","https:\/\/www.youtube.com\/channel\/UCtYY18OGGDKrTSzgcf7fCBg","https:\/\/www.tiktok.com\/@sunnydollshop211?is_from_webapp=1&sender_device=pc"]}]}},"jetpack_publicize_connections":[],"jetpack_sharing_enabled":true,"_links":{"self":[{"href":"https:\/\/www.sunnyshop211.com\/en\/wp-json\/wp\/v2\/product\/45132","targetHints":{"allow":["GET"]}}],"collection":[{"href":"https:\/\/www.sunnyshop211.com\/en\/wp-json\/wp\/v2\/product"}],"about":[{"href":"https:\/\/www.sunnyshop211.com\/en\/wp-json\/wp\/v2\/types\/product"}],"replies":[{"embeddable":true,"href":"https:\/\/www.sunnyshop211.com\/en\/wp-json\/wp\/v2\/comments?post=45132"}],"version-history":[{"count":3,"href":"https:\/\/www.sunnyshop211.com\/en\/wp-json\/wp\/v2\/product\/45132\/revisions"}],"predecessor-version":[{"id":53603,"href":"https:\/\/www.sunnyshop211.com\/en\/wp-json\/wp\/v2\/product\/45132\/revisions\/53603"}],"wp:featuredmedia":[{"embeddable":true,"href":"https:\/\/www.sunnyshop211.com\/en\/wp-json\/wp\/v2\/media\/45133"}],"wp:attachment":[{"href":"https:\/\/www.sunnyshop211.com\/en\/wp-json\/wp\/v2\/media?parent=45132"}],"wp:term":[{"taxonomy":"product_brand","embeddable":true,"href":"https:\/\/www.sunnyshop211.com\/en\/wp-json\/wp\/v2\/product_brand?post=45132"},{"taxonomy":"product_cat","embeddable":true,"href":"https:\/\/www.sunnyshop211.com\/en\/wp-json\/wp\/v2\/product_cat?post=45132"},{"taxonomy":"product_tag","embeddable":true,"href":"https:\/\/www.sunnyshop211.com\/en\/wp-json\/wp\/v2\/product_tag?post=45132"}],"curies":[{"name":"wp","href":"https:\/\/api.w.org\/{rel}","templated":true}]}}